{"id":2086,"date":"2026-04-07T10:38:04","date_gmt":"2026-04-07T10:38:04","guid":{"rendered":"https:\/\/nhatnam.libion.me\/index.php\/product\/tu-ruou-am-tuong\/"},"modified":"2026-04-07T10:38:04","modified_gmt":"2026-04-07T10:38:04","slug":"tu-ruou-am-tuong","status":"publish","type":"product","link":"https:\/\/nhatnam.libion.me\/index.php\/product\/tu-ruou-am-tuong\/","title":{"rendered":"T\u1ee7 R\u01b0\u1ee3u \u00c2m T\u01b0\u1eddng"},"content":{"rendered":"<p>&nbsp;<\/p>\n<p><span style=\"font-weight: 400;\">T\u1ee7 r\u01b0\u1ee3u \u00e2m t\u01b0\u1eddng l\u00e0 m\u1ed9t trong nh\u1eefng gi\u1ea3i ph\u00e1p thi\u1ebft k\u1ebf n\u1ed9i th\u1ea5t \u0111\u1ed9c \u0111\u00e1o v\u00e0 th\u00f4ng minh, gi\u00fap t\u1ed1i \u01b0u h\u00f3a kh\u00f4ng gian m\u00e0 v\u1eabn \u0111\u1ea3m b\u1ea3o t\u00ednh th\u1ea9m m\u1ef9 cao. V\u1edbi thi\u1ebft k\u1ebf tinh t\u1ebf v\u00e0 ti\u1ebft ki\u1ec7m di\u1ec7n t\u00edch, t\u1ee7 r\u01b0\u1ee3u \u00e2m t\u01b0\u1eddng tr\u1edf th\u00e0nh l\u1ef1a ch\u1ecdn l\u00fd t\u01b0\u1edfng cho nh\u1eefng kh\u00f4ng gian s\u1ed1ng hi\u1ec7n \u0111\u1ea1i v\u00e0 sang tr\u1ecdng. Trong b\u00e0i vi\u1ebft n\u00e0y, ch\u00fang ta s\u1ebd c\u00f9ng t\u00ecm hi\u1ec3u v\u1ec1 <\/span><b>t\u1ee7 r\u01b0\u1ee3u \u00e2m t\u01b0\u1eddng<\/b><span style=\"font-weight: 400;\">, c\u00e1c \u01b0u \u0111i\u1ec3m n\u1ed5i b\u1eadt, c\u00e1ch l\u1ef1a ch\u1ecdn v\u00e0 b\u1ea3o qu\u1ea3n t\u1ee7 r\u01b0\u1ee3u \u00e2m t\u01b0\u1eddng sao cho b\u1ec1n \u0111\u1eb9p theo th\u1eddi gian.<\/span><\/p>\n<h2><b>1. T\u1ee7 r\u01b0\u1ee3u \u00e2m t\u01b0\u1eddng l\u00e0 g\u00ec?<\/b><\/h2>\n<p><span style=\"font-weight: 400;\">T\u1ee7 r\u01b0\u1ee3u \u00e2m t\u01b0\u1eddng l\u00e0 lo\u1ea1i t\u1ee7 \u0111\u01b0\u1ee3c thi\u1ebft k\u1ebf \u0111\u1ec3 g\u1eafn v\u00e0o trong t\u01b0\u1eddng, t\u1ea1o ra m\u1ed9t kh\u00f4ng gian l\u01b0u tr\u1eef r\u01b0\u1ee3u k\u00edn \u0111\u00e1o v\u00e0 g\u1ecdn g\u00e0ng. V\u1edbi thi\u1ebft k\u1ebf n\u00e0y, t\u1ee7 r\u01b0\u1ee3u s\u1ebd \u0111\u01b0\u1ee3c &#8220;\u1ea9n&#8221; trong t\u01b0\u1eddng, ch\u1ec9 \u0111\u1ec3 l\u1ed9 ph\u1ea7n c\u1eeda ho\u1eb7c ng\u0103n \u0111\u1ef1ng r\u01b0\u1ee3u ra ngo\u00e0i. T\u1ee7 r\u01b0\u1ee3u \u00e2m t\u01b0\u1eddng kh\u00f4ng chi\u1ebfm di\u1ec7n t\u00edch s\u1eed d\u1ee5ng trong ph\u00f2ng, gi\u00fap t\u1ed1i \u01b0u h\u00f3a kh\u00f4ng gian m\u00e0 v\u1eabn mang l\u1ea1i s\u1ef1 sang tr\u1ecdng v\u00e0 ti\u1ec7n \u00edch.<\/span><\/p>\n<p><span style=\"font-weight: 400;\">Th\u00f4ng th\u01b0\u1eddng, t\u1ee7 r\u01b0\u1ee3u \u00e2m t\u01b0\u1eddng s\u1ebd \u0111\u01b0\u1ee3c thi\u1ebft k\u1ebf v\u1edbi c\u00e1c ng\u0103n k\u1ec7 ho\u1eb7c gi\u00e1 \u0111\u1ee1 \u0111\u1ec3 tr\u01b0ng b\u00e0y c\u00e1c chai r\u01b0\u1ee3u, \u0111\u1ed3ng th\u1eddi t\u1ea1o ra m\u1ed9t \u0111i\u1ec3m nh\u1ea5n \u1ea5n t\u01b0\u1ee3ng trong kh\u00f4ng gian s\u1ed1ng. Thi\u1ebft k\u1ebf c\u1ee7a t\u1ee7 c\u00f3 th\u1ec3 \u0111\u01b0\u1ee3c thay \u0111\u1ed5i linh ho\u1ea1t \u0111\u1ec3 ph\u00f9 h\u1ee3p v\u1edbi phong c\u00e1ch n\u1ed9i th\u1ea5t c\u1ee7a c\u0103n nh\u00e0.<\/span><\/p>\n<h2><b>2. \u01afu \u0111i\u1ec3m c\u1ee7a t\u1ee7 r\u01b0\u1ee3u \u00e2m t\u01b0\u1eddng<\/b><\/h2>\n<h4><b>Ti\u1ebft ki\u1ec7m kh\u00f4ng gian<\/b><\/h4>\n<p><span style=\"font-weight: 400;\">M\u1eabu t\u1ee7 r\u01b0\u1ee3u \u00e2m t\u01b0\u1eddng nh\u1ecf l\u00e0 l\u1ef1a ch\u1ecdn ho\u00e0n h\u1ea3o cho nh\u1eefng kh\u00f4ng gian s\u1ed1ng nh\u1ecf g\u1ecdn ho\u1eb7c nh\u1eefng c\u0103n h\u1ed9 c\u00f3 di\u1ec7n t\u00edch h\u1ea1n ch\u1ebf. Thay v\u00ec s\u1eed d\u1ee5ng c\u00e1c t\u1ee7 r\u01b0\u1ee3u th\u00f4ng th\u01b0\u1eddng chi\u1ebfm di\u1ec7n t\u00edch s\u00e0n, t\u1ee7 \u00e2m t\u01b0\u1eddng gi\u00fap ti\u1ebft ki\u1ec7m kh\u00f4ng gian hi\u1ec7u qu\u1ea3. \u0110\u1eb7c bi\u1ec7t, \u0111\u1ed1i v\u1edbi nh\u1eefng ng\u00f4i nh\u00e0 hi\u1ec7n \u0111\u1ea1i, phong c\u00e1ch t\u1ed1i gi\u1ea3n, vi\u1ec7c s\u1eed d\u1ee5ng t\u1ee7 r\u01b0\u1ee3u \u00e2m t\u01b0\u1eddng gi\u00fap kh\u00f4ng gian tr\u1edf n\u00ean r\u1ed9ng r\u00e3i v\u00e0 tho\u00e1ng \u0111\u00e3ng h\u01a1n.<\/span><\/p>\n<h4><b>T\u00ednh th\u1ea9m m\u1ef9 cao<\/b><\/h4>\n<p><span style=\"font-weight: 400;\">T\u1ee7 r\u01b0\u1ee3u \u00e2m t\u01b0\u1eddng hi\u1ec7n \u0111\u1ea1i kh\u00f4ng ch\u1ec9 gi\u00fap b\u1ea1n l\u01b0u tr\u1eef c\u00e1c chai r\u01b0\u1ee3u m\u1ed9t c\u00e1ch ng\u0103n n\u1eafp m\u00e0 c\u00f2n l\u00e0m n\u1ed5i b\u1eadt kh\u00f4ng gian s\u1ed1ng c\u1ee7a b\u1ea1n. V\u1edbi thi\u1ebft k\u1ebf k\u00edn \u0111\u00e1o, t\u1ee7 r\u01b0\u1ee3u \u00e2m t\u01b0\u1eddng t\u1ea1o n\u00ean s\u1ef1 sang tr\u1ecdng, tinh t\u1ebf m\u00e0 kh\u00f4ng l\u00e0m cho kh\u00f4ng gian tr\u1edf n\u00ean r\u1ed1i m\u1eaft hay chi\u1ebfm nhi\u1ec1u di\u1ec7n t\u00edch. T\u1ee7 r\u01b0\u1ee3u \u00e2m t\u01b0\u1eddng c\u00f3 th\u1ec3 \u0111\u01b0\u1ee3c k\u1ebft h\u1ee3p v\u1edbi c\u00e1c chi ti\u1ebft trang tr\u00ed nh\u01b0 c\u1eeda k\u00ednh, \u0111\u00e8n LED chi\u1ebfu s\u00e1ng \u0111\u1ec3 l\u00e0m n\u1ed5i b\u1eadt v\u1ebb \u0111\u1eb9p c\u1ee7a c\u00e1c chai r\u01b0\u1ee3u.<\/span><\/p>\n<h4><b>T\u00ednh \u0111\u1ea3m b\u1ea3o v\u00e0 b\u1ea3o qu\u1ea3n r\u01b0\u1ee3u t\u1ed1t h\u01a1n<\/b><\/h4>\n<p><span style=\"font-weight: 400;\">T\u1ee7 r\u01b0\u1ee3u \u00e2m t\u01b0\u1eddng gi\u00fap b\u1ea3o v\u1ec7 c\u00e1c chai r\u01b0\u1ee3u kh\u1ecfi b\u1ee5i b\u1ea9n v\u00e0 \u00e1nh s\u00e1ng tr\u1ef1c ti\u1ebfp, \u0111i\u1ec1u n\u00e0y r\u1ea5t quan tr\u1ecdng trong vi\u1ec7c b\u1ea3o qu\u1ea3n ch\u1ea5t l\u01b0\u1ee3ng c\u1ee7a r\u01b0\u1ee3u. C\u00e1c t\u1ee7 r\u01b0\u1ee3u \u00e2m t\u01b0\u1eddng th\u01b0\u1eddng \u0111\u01b0\u1ee3c thi\u1ebft k\u1ebf k\u00edn ho\u1eb7c c\u00f3 c\u1eeda k\u00ednh \u0111\u1ec3 gi\u1eef nhi\u1ec7t \u0111\u1ed9 \u1ed5n \u0111\u1ecbnh, gi\u00fap r\u01b0\u1ee3u \u0111\u01b0\u1ee3c b\u1ea3o qu\u1ea3n t\u1ed1t h\u01a1n, tr\u00e1nh b\u1ecb \u1ea3nh h\u01b0\u1edfng b\u1edfi c\u00e1c y\u1ebfu t\u1ed1 b\u00ean ngo\u00e0i.<\/span><\/p>\n<h4><b>T\u1ed1i \u01b0u h\u00f3a phong c\u00e1ch n\u1ed9i th\u1ea5t<\/b><\/h4>\n<p><span style=\"font-weight: 400;\">V\u1edbi thi\u1ebft k\u1ebf \u00e2m t\u01b0\u1eddng, t\u1ee7 r\u01b0\u1ee3u c\u00f3 th\u1ec3 d\u1ec5 d\u00e0ng t\u00edch h\u1ee3p v\u00e0o b\u1ea5t k\u1ef3 phong c\u00e1ch n\u1ed9i th\u1ea5t n\u00e0o. Cho d\u00f9 ng\u00f4i nh\u00e0 c\u1ee7a b\u1ea1n theo phong c\u00e1ch c\u1ed5 \u0111i\u1ec3n, hi\u1ec7n \u0111\u1ea1i, t\u00e2n c\u1ed5 \u0111i\u1ec3n hay c\u00f4ng nghi\u1ec7p, t\u1ee7 r\u01b0\u1ee3u \u00e2m t\u01b0\u1eddng s\u1ebd gi\u00fap t\u0103ng th\u00eam gi\u00e1 tr\u1ecb th\u1ea9m m\u1ef9 v\u00e0 l\u00e0m cho kh\u00f4ng gian tr\u1edf n\u00ean sang tr\u1ecdng h\u01a1n.<\/span><\/p>\n<h2><b>3. C\u00e1c lo\u1ea1i t\u1ee7 r\u01b0\u1ee3u \u00e2m t\u01b0\u1eddng ph\u1ed5 bi\u1ebfn<\/b><\/h2>\n<h4><b>T\u1ee7 r\u01b0\u1ee3u \u00e2m t\u01b0\u1eddng b\u1eb1ng g\u1ed7<\/b><\/h4>\n<p><span style=\"font-weight: 400;\">T\u1ee7 r\u01b0\u1ee3u \u00e2m t\u01b0\u1eddng b\u1eb1ng g\u1ed7 c\u00f4ng nghi\u1ec7p l\u00e0 l\u1ef1a ch\u1ecdn ph\u1ed5 bi\u1ebfn nh\u1edd v\u00e0o v\u1ebb \u0111\u1eb9p gi\u1ed1ng g\u1ed7 t\u1ef1 nhi\u00ean, \u1ea5m \u00e1p v\u00e0 sang tr\u1ecdng. C\u00e1c lo\u1ea1i g\u1ed7 t\u1ef1 nhi\u00ean nh\u01b0 g\u1ed7 s\u1ed3i, g\u1ed7 \u00f3c ch\u00f3, g\u1ed7 g\u1ee5\u2026 th\u01b0\u1eddng \u0111\u01b0\u1ee3c s\u1eed d\u1ee5ng \u0111\u1ec3 ch\u1ebf t\u1ea1o t\u1ee7, mang l\u1ea1i s\u1ef1 b\u1ec1n b\u1ec9 v\u00e0 \u0111\u1ed9 b\u1ec1n cao. T\u1ee7 r\u01b0\u1ee3u \u00e2m t\u01b0\u1eddng g\u1ed7 c\u00f3 th\u1ec3 \u0111\u01b0\u1ee3c thi\u1ebft k\u1ebf v\u1edbi c\u00e1c ng\u0103n k\u1ec7 ho\u1eb7c c\u1eeda k\u00ednh \u0111\u1ec3 tr\u01b0ng b\u00e0y c\u00e1c chai r\u01b0\u1ee3u m\u1ed9t c\u00e1ch \u0111\u1eb9p m\u1eaft.<\/span><\/p>\n<h4><b>T\u1ee7 r\u01b0\u1ee3u \u00e2m t\u01b0\u1eddng k\u00ednh<\/b><\/h4>\n<p><span style=\"font-weight: 400;\">T\u1ee7 r\u01b0\u1ee3u \u00e2m t\u01b0\u1eddng k\u00ednh th\u01b0\u1eddng c\u00f3 thi\u1ebft k\u1ebf hi\u1ec7n \u0111\u1ea1i v\u00e0 tinh t\u1ebf, th\u00edch h\u1ee3p cho nh\u1eefng kh\u00f4ng gian s\u1ed1ng theo phong c\u00e1ch t\u1ed1i gi\u1ea3n v\u00e0 hi\u1ec7n \u0111\u1ea1i. C\u1eeda k\u00ednh gi\u00fap b\u1ea1n d\u1ec5 d\u00e0ng quan s\u00e1t c\u00e1c chai r\u01b0\u1ee3u b\u00ean trong, \u0111\u1ed3ng th\u1eddi t\u1ea1o ra kh\u00f4ng gian m\u1edf, kh\u00f4ng b\u1ecb che khu\u1ea5t t\u1ea7m nh\u00ecn. T\u1ee7 r\u01b0\u1ee3u \u00e2m t\u01b0\u1eddng k\u00ednh c\u0169ng c\u00f3 th\u1ec3 \u0111\u01b0\u1ee3c trang b\u1ecb th\u00eam \u0111\u00e8n LED \u0111\u1ec3 t\u1ea1o hi\u1ec7u \u1ee9ng \u00e1nh s\u00e1ng \u0111\u1eb9p m\u1eaft.<\/span><\/p>\n<h4><b>T\u1ee7 r\u01b0\u1ee3u \u00e2m t\u01b0\u1eddng Inox<\/b><\/h4>\n<p><span style=\"font-weight: 400;\">T\u1ee7 r\u01b0\u1ee3u \u00e2m t\u01b0\u1eddng inox mang \u0111\u1ebfn v\u1ebb \u0111\u1eb9p m\u1ea1nh m\u1ebd v\u00e0 hi\u1ec7n \u0111\u1ea1i. Inox c\u00f3 \u0111\u1ed9 b\u1ec1n cao, kh\u00f4ng b\u1ecb oxi h\u00f3a hay \u0103n m\u00f2n theo th\u1eddi gian, r\u1ea5t d\u1ec5 v\u1ec7 sinh v\u00e0 b\u1ea3o qu\u1ea3n. T\u1ee7 r\u01b0\u1ee3u inox \u00e2m t\u01b0\u1eddng th\u01b0\u1eddng c\u00f3 thi\u1ebft k\u1ebf \u0111\u01a1n gi\u1ea3n, mang l\u1ea1i c\u1ea3m gi\u00e1c s\u1ea1ch s\u1ebd v\u00e0 thanh tho\u00e1t cho kh\u00f4ng gian.<\/span><\/p>\n<h4><b>T\u1ee7 r\u01b0\u1ee3u \u00e2m t\u01b0\u1eddng t\u00edch h\u1ee3p \u0111\u00e8n LED<\/b><\/h4>\n<p><span style=\"font-weight: 400;\">M\u1ed9t s\u1ed1 m\u1eabu t\u1ee7 r\u01b0\u1ee3u \u00e2m t\u01b0\u1eddng \u0111\u01b0\u1ee3c thi\u1ebft k\u1ebf v\u1edbi h\u1ec7 th\u1ed1ng \u0111\u00e8n LED chi\u1ebfu s\u00e1ng, gi\u00fap l\u00e0m n\u1ed5i b\u1eadt c\u00e1c chai r\u01b0\u1ee3u v\u00e0 t\u1ea1o ra hi\u1ec7u \u1ee9ng \u00e1nh s\u00e1ng \u1ea5m c\u00fang, sang tr\u1ecdng cho kh\u00f4ng gian s\u1ed1ng. \u0110\u00e2y l\u00e0 l\u1ef1a ch\u1ecdn l\u00fd t\u01b0\u1edfng cho nh\u1eefng kh\u00f4ng gian c\u1ea7n \u00e1nh s\u00e1ng nh\u1eb9 nh\u00e0ng v\u00e0 t\u1ea1o \u0111i\u1ec3m nh\u1ea5n trong ph\u00f2ng.<\/span><\/p>\n<h2><b>4. C\u00e1ch l\u1ef1a ch\u1ecdn t\u1ee7 r\u01b0\u1ee3u \u00e2m t\u01b0\u1eddng ph\u00f9 h\u1ee3p<\/b><\/h2>\n<h4><b>Ch\u1ecdn k\u00edch th\u01b0\u1edbc t\u1ee7 ph\u00f9 h\u1ee3p<\/b><\/h4>\n<p><span style=\"font-weight: 400;\">Khi l\u1ef1a ch\u1ecdn t\u1ee7 r\u01b0\u1ee3u \u00e2m t\u01b0\u1eddng, b\u1ea1n c\u1ea7n c\u00e2n nh\u1eafc k\u1ef9 v\u1ec1 k\u00edch th\u01b0\u1edbc c\u1ee7a t\u1ee7 sao cho ph\u00f9 h\u1ee3p v\u1edbi kh\u00f4ng gian trong nh\u00e0. T\u1ee7 r\u01b0\u1ee3u \u00e2m t\u01b0\u1eddng c\u1ea7n ph\u1ea3i v\u1eeba v\u1eb7n v\u1edbi kh\u00f4ng gian tr\u1ed1ng c\u1ee7a t\u01b0\u1eddng m\u00e0 kh\u00f4ng l\u00e0m \u1ea3nh h\u01b0\u1edfng \u0111\u1ebfn l\u01b0u th\u00f4ng trong ph\u00f2ng.<\/span><\/p>\n<h4><b>Ch\u1ecdn ch\u1ea5t li\u1ec7u t\u1ee7<\/b><\/h4>\n<p><span style=\"font-weight: 400;\">T\u1ee7 r\u01b0\u1ee3u \u00e2m t\u01b0\u1eddng c\u00f3 th\u1ec3 \u0111\u01b0\u1ee3c l\u00e0m t\u1eeb nhi\u1ec1u ch\u1ea5t li\u1ec7u kh\u00e1c nhau nh\u01b0 g\u1ed7, k\u00ednh, inox, nh\u00f4m\u2026 T\u00f9y v\u00e0o phong c\u00e1ch n\u1ed9i th\u1ea5t v\u00e0 s\u1edf th\u00edch c\u00e1 nh\u00e2n, b\u1ea1n c\u00f3 th\u1ec3 ch\u1ecdn ch\u1ea5t li\u1ec7u ph\u00f9 h\u1ee3p. N\u1ebfu b\u1ea1n y\u00eau th\u00edch s\u1ef1 \u1ea5m c\u00fang v\u00e0 t\u1ef1 nhi\u00ean, t\u1ee7 g\u1ed7 l\u00e0 s\u1ef1 l\u1ef1a ch\u1ecdn l\u00fd t\u01b0\u1edfng. N\u1ebfu b\u1ea1n mu\u1ed1n m\u1ed9t thi\u1ebft k\u1ebf hi\u1ec7n \u0111\u1ea1i, t\u1ee7 k\u00ednh ho\u1eb7c inox s\u1ebd l\u00e0 s\u1ef1 l\u1ef1a ch\u1ecdn ph\u00f9 h\u1ee3p.<\/span><\/p>\n<h4><b>Thi\u1ebft k\u1ebf ph\u00f9 h\u1ee3p v\u1edbi t\u1ed5ng th\u1ec3 n\u1ed9i th\u1ea5t<\/b><\/h4>\n<p><span style=\"font-weight: 400;\">Phong c\u00e1ch thi\u1ebft k\u1ebf c\u1ee7a t\u1ee7 r\u01b0\u1ee3u \u00e2m t\u01b0\u1eddng c\u1ea7n ph\u1ea3i \u0111\u1ed3ng b\u1ed9 v\u1edbi phong c\u00e1ch n\u1ed9i th\u1ea5t chung c\u1ee7a c\u0103n nh\u00e0. N\u1ebfu kh\u00f4ng gian s\u1ed1ng c\u1ee7a b\u1ea1n theo phong c\u00e1ch c\u1ed5 \u0111i\u1ec3n, t\u1ee7 r\u01b0\u1ee3u g\u1ed7 v\u1edbi c\u00e1c chi ti\u1ebft ch\u1ea1m kh\u1eafc tinh x\u1ea3o s\u1ebd l\u00e0 l\u1ef1a ch\u1ecdn tuy\u1ec7t v\u1eddi. N\u1ebfu kh\u00f4ng gian mang phong c\u00e1ch hi\u1ec7n \u0111\u1ea1i, b\u1ea1n c\u00f3 th\u1ec3 l\u1ef1a ch\u1ecdn t\u1ee7 k\u00ednh ho\u1eb7c inox v\u1edbi ki\u1ec3u d\u00e1ng t\u1ed1i gi\u1ea3n.<\/span><\/p>\n<h2><b>5. B\u00e1o gi\u00e1 t\u1ee7 r\u01b0\u1ee3u \u00e2m t\u01b0\u1eddng m\u1edbi nh\u1ea5t<\/b><\/h2>\n<p><span style=\"font-weight: 400;\">Gi\u00e1 t\u1ee7 r\u01b0\u1ee3u \u00e2m t\u01b0\u1eddng kh\u00f4ng c\u1ed1 \u0111\u1ecbnh m\u00e0 thay \u0111\u1ed5i t\u00f9y theo ch\u1ea5t li\u1ec7u, ki\u1ec3u d\u00e1ng v\u00e0 di\u1ec7n t\u00edch thi c\u00f4ng. M\u1ed7i thi\u1ebft k\u1ebf l\u00e0 m\u1ed9t gi\u1ea3i ph\u00e1p ri\u00eang, \u0111\u01b0\u1ee3c c\u00e2n \u0111o gi\u1eefa th\u1ea9m m\u1ef9, c\u00f4ng n\u0103ng v\u00e0 ng\u00e2n s\u00e1ch kh\u00e1ch h\u00e0ng.<\/span><\/p>\n<p><span style=\"font-weight: 400;\">T\u1ea1i Nh\u1ea5t Nam, ch\u00fang t\u00f4i kh\u00f4ng ch\u1ec9 mang \u0111\u1ebfn b\u00e1o gi\u00e1 c\u1ea1nh tranh m\u00e0 c\u00f2n t\u01b0 v\u1ea5n thi\u1ebft k\u1ebf t\u1ed1i \u01b0u theo kh\u00f4ng gian th\u1ef1c t\u1ebf. \u0110\u1ec3 nh\u1eadn b\u00e1o gi\u00e1 chi ti\u1ebft, minh b\u1ea1ch, vui l\u00f2ng li\u00ean h\u1ec7 tr\u1ef1c ti\u1ebfp \u0111\u1ec3 \u0111\u01b0\u1ee3c h\u1ed7 tr\u1ee3 nhanh ch\u00f3ng v\u00e0 ch\u00ednh x\u00e1c nh\u1ea5t.<\/span><span style=\"font-weight: 400;\"><br \/>\n<\/span><span style=\"font-weight: 400;\"> Nh\u1ea5t Nam nh\u1eadn thi\u1ebft k\u1ebf theo y\u00eau c\u1ea7u, l\u1eafp \u0111\u1eb7t t\u1eadn n\u01a1i, b\u1ea3o h\u00e0nh l\u00e2u d\u00e0i<\/span><\/p>\n<h2><b>6. M\u1ed9t s\u1ed1 m\u1eabu t\u1ee7 r\u01b0\u1ee3u \u00e2m t\u01b0\u1eddng \u0111\u1eb9p<\/b><\/h2>\n<p><span style=\"font-weight: 400;\">h\u00ecnh<\/span><\/p>\n<p><span style=\"font-weight: 400;\"><\/p>\n<p><\/span><\/p>\n<h3><b>K\u1ebft Lu\u1eadn<\/b><\/h3>\n<p><span style=\"font-weight: 400;\">T\u1ee7 r\u01b0\u1ee3u \u00e2m t\u01b0\u1eddng l\u00e0 l\u1ef1a ch\u1ecdn tuy\u1ec7t v\u1eddi cho nh\u1eefng ng\u00f4i nh\u00e0 hi\u1ec7n \u0111\u1ea1i, y\u00eau th\u00edch s\u1ef1 t\u1ed1i gi\u1ea3n v\u00e0 tinh t\u1ebf. V\u1edbi thi\u1ebft k\u1ebf ti\u1ebft ki\u1ec7m kh\u00f4ng gian v\u00e0 t\u00ednh th\u1ea9m m\u1ef9 cao, t\u1ee7 r\u01b0\u1ee3u \u00e2m t\u01b0\u1eddng s\u1ebd gi\u00fap b\u1ea1n b\u1ea3o qu\u1ea3n r\u01b0\u1ee3u m\u1ed9t c\u00e1ch ng\u0103n n\u1eafp, g\u1ecdn g\u00e0ng, \u0111\u1ed3ng th\u1eddi l\u00e0m t\u0103ng v\u1ebb \u0111\u1eb9p cho kh\u00f4ng gian s\u1ed1ng. H\u00e3y l\u1ef1a ch\u1ecdn ngay m\u1ed9t chi\u1ebfc t\u1ee7 r\u01b0\u1ee3u \u00e2m t\u01b0\u1eddng \u0111\u1ec3 n\u00e2ng t\u1ea7m kh\u00f4ng gian s\u1ed1ng c\u1ee7a b\u1ea1n!<\/span><\/p>\n<p>&nbsp;<\/p>\n","protected":false},"excerpt":{"rendered":"<p>&nbsp; T\u1ee7 r\u01b0\u1ee3u \u00e2m t\u01b0\u1eddng l\u00e0 m\u1ed9t trong nh\u1eefng gi\u1ea3i ph\u00e1p thi\u1ebft k\u1ebf n\u1ed9i th\u1ea5t \u0111\u1ed9c \u0111\u00e1o v\u00e0 th\u00f4ng minh, gi\u00fap t\u1ed1i \u01b0u h\u00f3a kh\u00f4ng gian m\u00e0 v\u1eabn \u0111\u1ea3m b\u1ea3o t\u00ednh th\u1ea9m m\u1ef9 cao. V\u1edbi thi\u1ebft k\u1ebf tinh t\u1ebf v\u00e0 ti\u1ebft ki\u1ec7m di\u1ec7n t\u00edch, t\u1ee7 r\u01b0\u1ee3u \u00e2m t\u01b0\u1eddng tr\u1edf th\u00e0nh l\u1ef1a ch\u1ecdn l\u00fd t\u01b0\u1edfng cho [&hellip;]<\/p>\n","protected":false},"featured_media":0,"comment_status":"open","ping_status":"closed","template":"","meta":{"_acf_changed":false,"_gspb_post_css":""},"book-author":[],"product_brand":[],"product_cat":[109],"product_tag":[],"class_list":{"0":"post-2086","1":"product","2":"type-product","3":"status-publish","5":"product_cat-tu-bep-inox","7":"first","8":"instock","9":"shipping-taxable","10":"product-type-simple"},"acf":[],"_links":{"self":[{"href":"https:\/\/nhatnam.libion.me\/index.php\/wp-json\/wp\/v2\/product\/2086","targetHints":{"allow":["GET"]}}],"collection":[{"href":"https:\/\/nhatnam.libion.me\/index.php\/wp-json\/wp\/v2\/product"}],"about":[{"href":"https:\/\/nhatnam.libion.me\/index.php\/wp-json\/wp\/v2\/types\/product"}],"replies":[{"embeddable":true,"href":"https:\/\/nhatnam.libion.me\/index.php\/wp-json\/wp\/v2\/comments?post=2086"}],"wp:attachment":[{"href":"https:\/\/nhatnam.libion.me\/index.php\/wp-json\/wp\/v2\/media?parent=2086"}],"wp:term":[{"taxonomy":"book-author","embeddable":true,"href":"https:\/\/nhatnam.libion.me\/index.php\/wp-json\/wp\/v2\/book-author?post=2086"},{"taxonomy":"product_brand","embeddable":true,"href":"https:\/\/nhatnam.libion.me\/index.php\/wp-json\/wp\/v2\/product_brand?post=2086"},{"taxonomy":"product_cat","embeddable":true,"href":"https:\/\/nhatnam.libion.me\/index.php\/wp-json\/wp\/v2\/product_cat?post=2086"},{"taxonomy":"product_tag","embeddable":true,"href":"https:\/\/nhatnam.libion.me\/index.php\/wp-json\/wp\/v2\/product_tag?post=2086"}],"curies":[{"name":"wp","href":"https:\/\/api.w.org\/{rel}","templated":true}]}}