{"id":2085,"date":"2026-04-07T10:38:04","date_gmt":"2026-04-07T10:38:04","guid":{"rendered":"https:\/\/nhatnam.libion.me\/index.php\/product\/tu-ruou-treo-tuong\/"},"modified":"2026-04-07T10:38:04","modified_gmt":"2026-04-07T10:38:04","slug":"tu-ruou-treo-tuong","status":"publish","type":"product","link":"https:\/\/nhatnam.libion.me\/index.php\/product\/tu-ruou-treo-tuong\/","title":{"rendered":"T\u1ee7 R\u01b0\u1ee3u Treo T\u01b0\u1eddng"},"content":{"rendered":"<p style=\"text-align: justify;\"><span style=\"font-weight: 400;\">T\u1ee7 r\u01b0\u1ee3u treo t\u01b0\u1eddng nh\u1ecf g\u1ecdn nh\u01b0ng \u0111\u1ee7 s\u1ee9c l\u00e0m n\u1ed5i b\u1eadt c\u1ea3 m\u1ed9t g\u00f3c nh\u00e0. Thi\u1ebft k\u1ebf treo t\u01b0\u1eddng ti\u1ebft ki\u1ec7m di\u1ec7n t\u00edch, d\u1ec5 l\u1eafp \u0111\u1eb7t, ph\u00f9 h\u1ee3p v\u1edbi nhi\u1ec1u ki\u1ec3u kh\u00f4ng gian \u2013 t\u1eeb ph\u00f2ng kh\u00e1ch, ph\u00f2ng b\u1ebfp \u0111\u1ebfn qu\u1ea7y bar mini t\u1ea1i gia. Kh\u00f4ng ch\u1ec9 \u0111\u1ec3 tr\u01b0ng b\u00e0y nh\u1eefng chai r\u01b0\u1ee3u y\u00eau th\u00edch, t\u1ee7 c\u00f2n c\u00f3 th\u1ec3 k\u1ebft h\u1ee3p decor nh\u1eb9 nh\u00e0ng, t\u1ea1o n\u00ean m\u1ed9t g\u00f3c th\u01b0 gi\u00e3n \u0111\u1ea7y phong c\u00e1ch. M\u1ed9c m\u1ea1c m\u00e0 v\u1eabn thanh l\u1ecbch, chi\u1ebfc t\u1ee7 n\u00e0y l\u00e0 l\u1ef1a ch\u1ecdn l\u00fd t\u01b0\u1edfng cho nh\u1eefng ai y\u00eau c\u00e1i \u0111\u1eb9p m\u1ed9t c\u00e1ch nh\u1eb9 nh\u00e0ng v\u00e0 tinh t\u1ebf.<\/span><\/p>\n<h2 style=\"text-align: justify;\"><b>1. T\u1ee7 r\u01b0\u1ee3u treo t\u01b0\u1eddng l\u00e0 g\u00ec?<\/b><\/h2>\n<p style=\"text-align: justify;\"><span style=\"font-weight: 400;\">T\u1ee7 r\u01b0\u1ee3u treo t\u01b0\u1eddng l\u00e0 lo\u1ea1i t\u1ee7 \u0111\u01b0\u1ee3c thi\u1ebft k\u1ebf \u0111\u1ec3 g\u1eafn v\u00e0o t\u01b0\u1eddng, gi\u00fap ti\u1ebft ki\u1ec7m di\u1ec7n t\u00edch s\u00e0n. Ch\u00fang th\u01b0\u1eddng \u0111\u01b0\u1ee3c l\u00e0m t\u1eeb c\u00e1c ch\u1ea5t li\u1ec7u nh\u01b0 g\u1ed7 t\u1ef1 nhi\u00ean, nh\u00f4m, k\u00ednh, inox, ho\u1eb7c k\u1ebft h\u1ee3p gi\u1eefa c\u00e1c v\u1eadt li\u1ec7u n\u00e0y. T\u1ee7 c\u00f3 th\u1ec3 \u0111\u01b0\u1ee3c thi\u1ebft k\u1ebf \u0111\u01a1n gi\u1ea3n v\u1edbi c\u00e1c ng\u0103n k\u1ec7 ho\u1eb7c c\u1ea7u k\u1ef3 v\u1edbi c\u1eeda k\u00ednh, \u0111\u00e8n LED chi\u1ebfu s\u00e1ng, t\u1ea1o s\u1ef1 sang tr\u1ecdng v\u00e0 tinh t\u1ebf cho kh\u00f4ng gian.<\/span><\/p>\n<p style=\"text-align: justify;\"><span style=\"font-weight: 400;\">\u0110\u1eb7c \u0111i\u1ec3m n\u1ed5i b\u1eadt c\u1ee7a t\u1ee7 r\u01b0\u1ee3u treo t\u01b0\u1eddng l\u00e0 kh\u1ea3 n\u0103ng gi\u00fap b\u1ea1n l\u01b0u tr\u1eef v\u00e0 tr\u01b0ng b\u00e0y r\u01b0\u1ee3u m\u1ed9t c\u00e1ch g\u1ecdn g\u00e0ng, ng\u0103n n\u1eafp m\u00e0 kh\u00f4ng chi\u1ebfm qu\u00e1 nhi\u1ec1u kh\u00f4ng gian, r\u1ea5t ph\u00f9 h\u1ee3p v\u1edbi nh\u1eefng c\u0103n h\u1ed9, nh\u00e0 \u1edf c\u00f3 di\u1ec7n t\u00edch h\u1ea1n ch\u1ebf.<\/span><\/p>\n<p style=\"text-align: justify;\"><b>T\u1ee7 r\u01b0\u1ee3u treo t\u01b0\u1eddng b\u1eb1ng k\u00ednh<\/b><span style=\"font-weight: 400;\"> ho\u1eb7c b\u1eb1ng g\u1ed7 th\u01b0\u1eddng \u0111\u01b0\u1ee3c \u01b0a chu\u1ed9ng b\u1edfi t\u00ednh th\u1ea9m m\u1ef9 v\u00e0 s\u1ef1 ti\u1ec7n d\u1ee5ng.<\/span><\/p>\n<p style=\"text-align: justify;\"><span style=\"font-weight: 400;\">T\u1ee7 c\u00f3 th\u1ec3 \u0111\u01b0\u1ee3c thi\u1ebft k\u1ebf \u0111\u01a1n gi\u1ea3n ho\u1eb7c nhi\u1ec1u ng\u0103n k\u1ec7 ho\u1eb7c c\u1ea7u k\u1ef3 v\u1edbi c\u1eeda k\u00ednh, \u0111\u00e8n LED chi\u1ebfu s\u00e1ng, t\u1ea1o s\u1ef1 sang tr\u1ecdng v\u00e0 tinh t\u1ebf cho kh\u00f4ng gian. \u0110\u00e2y l\u00e0 ki\u1ec3u <\/span><b>k\u1ec7 t\u1ee7 r\u01b0\u1ee3u treo t\u01b0\u1eddng<\/b><span style=\"font-weight: 400;\"> r\u1ea5t \u0111\u01b0\u1ee3c \u01b0a chu\u1ed9ng trong c\u00e1c kh\u00f4ng gian s\u1ed1ng hi\u1ec7n \u0111\u1ea1i.<\/span><span style=\"font-weight: 400;\"><br \/>\n<\/span><\/p>\n<h2 style=\"text-align: justify;\"><b>2. \u01afu \u0111i\u1ec3m c\u1ee7a t\u1ee7 r\u01b0\u1ee3u treo t\u01b0\u1eddng<\/b><\/h2>\n<p style=\"text-align: justify;\"><b>Ti\u1ebft ki\u1ec7m kh\u00f4ng gian<\/b><\/p>\n<p style=\"text-align: justify;\"><span style=\"font-weight: 400;\">T\u1ee7 r\u01b0\u1ee3u mini treo t\u01b0\u1eddng gi\u00fap ti\u1ebft ki\u1ec7m di\u1ec7n t\u00edch, \u0111\u1eb7c bi\u1ec7t l\u00e0 trong nh\u1eefng kh\u00f4ng gian c\u00f3 di\u1ec7n t\u00edch h\u1ea1n ch\u1ebf nh\u01b0 c\u0103n h\u1ed9 chung c\u01b0, ph\u00f2ng kh\u00e1ch nh\u1ecf hay c\u00e1c kh\u00f4ng gian nh\u00e0 \u1edf kh\u00f4ng c\u00f3 nhi\u1ec1u di\u1ec7n t\u00edch cho t\u1ee7 \u0111\u1ee9ng. Thi\u1ebft k\u1ebf treo t\u01b0\u1eddng gi\u00fap b\u1ea1n t\u1eadn d\u1ee5ng t\u1ed1i \u0111a kh\u00f4ng gian tr\u1ed1ng m\u00e0 kh\u00f4ng l\u00e0m cho c\u0103n ph\u00f2ng tr\u1edf n\u00ean ch\u1eadt ch\u1ed9i.<\/span><\/p>\n<h4 style=\"text-align: justify;\"><b>T\u00ednh th\u1ea9m m\u1ef9 cao<\/b><\/h4>\n<p style=\"text-align: justify;\"><span style=\"font-weight: 400;\">V\u1edbi thi\u1ebft k\u1ebf \u0111\u1ed9c \u0111\u00e1o, m\u1eabu t\u1ee7 r\u01b0\u1ee3u treo t\u01b0\u1eddng \u0111\u1eb9p kh\u00f4ng ch\u1ec9 gi\u00fap b\u1ea3o qu\u1ea3n c\u00e1c chai r\u01b0\u1ee3u qu\u00fd m\u00e0 c\u00f2n l\u00e0m n\u1ed5i b\u1eadt kh\u00f4ng gian s\u1ed1ng c\u1ee7a b\u1ea1n. Ch\u1ea5t li\u1ec7u v\u00e0 ki\u1ec3u d\u00e1ng c\u00f3 th\u1ec3 \u0111\u01b0\u1ee3c \u0111i\u1ec1u ch\u1ec9nh \u0111\u1ec3 ph\u00f9 h\u1ee3p v\u1edbi phong c\u00e1ch n\u1ed9i th\u1ea5t t\u1eeb hi\u1ec7n \u0111\u1ea1i, sang tr\u1ecdng cho \u0111\u1ebfn c\u1ed5 \u0111i\u1ec3n, t\u00e2n c\u1ed5 \u0111i\u1ec3n. T\u1ee7 r\u01b0\u1ee3u treo t\u01b0\u1eddng ph\u00f2ng kh\u00e1ch v\u1edbi c\u1eeda k\u00ednh trong su\u1ed1t s\u1ebd t\u1ea1o \u0111i\u1ec3m nh\u1ea5n c\u1ef1c k\u1ef3 \u1ea5n t\u01b0\u1ee3ng.<\/span><\/p>\n<h4 style=\"text-align: justify;\"><b>D\u1ec5 d\u00e0ng v\u1ec7 sinh<\/b><\/h4>\n<p style=\"text-align: justify;\"><span style=\"font-weight: 400;\">V\u1edbi thi\u1ebft k\u1ebf treo t\u01b0\u1eddng, t\u1ee7 r\u01b0\u1ee3u n\u00e0y d\u1ec5 d\u00e0ng v\u1ec7 sinh v\u00ec kh\u00f4ng c\u00f3 c\u00e1c ch\u00e2n t\u1ee7 ti\u1ebfp x\u00fac v\u1edbi s\u00e0n, gi\u00fap vi\u1ec7c lau ch\u00f9i tr\u1edf n\u00ean d\u1ec5 d\u00e0ng v\u00e0 nhanh ch\u00f3ng. B\u1ea1n ch\u1ec9 c\u1ea7n lau b\u1ec1 m\u1eb7t t\u1ee7 v\u00e0 k\u00ednh (n\u1ebfu c\u00f3) b\u1eb1ng kh\u0103n m\u1ec1m \u0111\u1ec3 gi\u1eef cho t\u1ee7 lu\u00f4n s\u00e1ng b\u00f3ng v\u00e0 kh\u00f4ng b\u00e1m b\u1ee5i.<\/span><\/p>\n<h4 style=\"text-align: justify;\"><b>L\u1eafp \u0111\u1eb7t linh ho\u1ea1t<\/b><\/h4>\n<p style=\"text-align: justify;\"><span style=\"font-weight: 400;\">T\u1ee7 r\u01b0\u1ee3u treo t\u01b0\u1eddng c\u00f3 th\u1ec3 \u0111\u01b0\u1ee3c l\u1eafp \u0111\u1eb7t \u1edf nhi\u1ec1u v\u1ecb tr\u00ed kh\u00e1c nhau trong nh\u00e0, t\u1eeb ph\u00f2ng kh\u00e1ch, ph\u00f2ng \u0103n ho\u1eb7c <\/span><b>k\u1ec7 tr\u01b0ng b\u00e0y r\u01b0\u1ee3u treo t\u01b0\u1eddng<\/b><span style=\"font-weight: 400;\"> t\u1ea1i qu\u1ea7y bar mini cho \u0111\u1ebfn c\u00e1c kh\u00f4ng gian b\u1ebfp. Vi\u1ec7c l\u1eafp \u0111\u1eb7t n\u00e0y c\u0169ng r\u1ea5t linh ho\u1ea1t, gi\u00fap b\u1ea1n c\u00f3 th\u1ec3 thay \u0111\u1ed5i v\u1ecb tr\u00ed t\u1ee7 d\u1ec5 d\u00e0ng khi c\u1ea7n thi\u1ebft m\u00e0 kh\u00f4ng ph\u1ea3i lo l\u1eafng v\u1ec1 v\u1ea5n \u0111\u1ec1 chi\u1ebfm di\u1ec7n t\u00edch.<\/span><\/p>\n<h2 style=\"text-align: justify;\"><b>3. C\u00e1c ch\u1ea5t li\u1ec7u ph\u1ed5 bi\u1ebfn l\u00e0m t\u1ee7 r\u01b0\u1ee3u treo t\u01b0\u1eddng<\/b><\/h2>\n<p style=\"text-align: justify;\"><span style=\"font-weight: 400;\">Ch\u1ea5t li\u1ec7u l\u00e0 y\u1ebfu t\u1ed1 then ch\u1ed1t quy\u1ebft \u0111\u1ecbnh \u0111\u1ebfn \u0111\u1ed9 b\u1ec1n, v\u1ebb \u0111\u1eb9p c\u0169ng nh\u01b0 phong c\u00e1ch t\u1ed5ng th\u1ec3 c\u1ee7a t\u1ee7 r\u01b0\u1ee3u treo t\u01b0\u1eddng. M\u1ed7i lo\u1ea1i v\u1eadt li\u1ec7u \u0111\u1ec1u c\u00f3 nh\u1eefng \u0111\u1eb7c \u0111i\u1ec3m ri\u00eang, ph\u00f9 h\u1ee3p v\u1edbi t\u1eebng gu th\u1ea9m m\u1ef9 v\u00e0 kh\u00f4ng gian n\u1ed9i th\u1ea5t kh\u00e1c nhau. T\u1ea1i <\/span><b>Nh\u1ea5t Nam<\/b><span style=\"font-weight: 400;\">, ch\u00fang t\u00f4i cung c\u1ea5p \u0111a d\u1ea1ng m\u1eabu t\u1ee7 r\u01b0\u1ee3u v\u1edbi nhi\u1ec1u ch\u1ea5t li\u1ec7u kh\u00e1c nhau, t\u1eeb g\u1ed7 c\u00f4ng nghi\u1ec7p hi\u1ec7n \u0111\u1ea1i \u0111\u1ebfn k\u00ednh c\u01b0\u1eddng l\u1ef1c hay kim lo\u1ea1i c\u00e1 t\u00ednh. Vi\u1ec7c l\u1ef1a ch\u1ecdn ch\u1ea5t li\u1ec7u ph\u00f9 h\u1ee3p s\u1ebd gi\u00fap b\u1ea1n s\u1edf h\u1eefu m\u1ed9t chi\u1ebfc t\u1ee7 kh\u00f4ng ch\u1ec9 \u0111\u1eb9p m\u1eaft m\u00e0 c\u00f2n b\u1ec1n l\u00e2u, ti\u1ec7n d\u1ee5ng v\u00e0 h\u00e0i h\u00f2a v\u1edbi t\u1ed5ng th\u1ec3 n\u1ed9i th\u1ea5t ng\u00f4i nh\u00e0.<\/span><\/p>\n<h2 style=\"text-align: justify;\"><b>4. B\u00e1o gi\u00e1 t\u1ee7 r\u01b0\u1ee3u treo t\u01b0\u1eddng t\u1ea1i Nh\u1ea5t Nam<\/b><\/h2>\n<p style=\"text-align: justify;\"><span style=\"font-weight: 400;\">T\u1ee7 r\u01b0\u1ee3u treo t\u01b0\u1eddng t\u1ea1i <\/span><b>Nh\u1ea5t Nam<\/b><span style=\"font-weight: 400;\"> \u0111\u01b0\u1ee3c thi\u1ebft k\u1ebf theo y\u00eau c\u1ea7u v\u00e0 c\u00f3 m\u1ee9c gi\u00e1 linh ho\u1ea1t t\u00f9y v\u00e0o ch\u1ea5t li\u1ec7u, k\u00edch th\u01b0\u1edbc, phong c\u00e1ch thi\u1ebft k\u1ebf c\u0169ng nh\u01b0 c\u00e1c ti\u1ec7n \u00edch \u0111i k\u00e8m nh\u01b0 \u0111\u00e8n LED, k\u1ec7 ly, khoang trang tr\u00ed\u2026<\/span><\/p>\n<p style=\"text-align: justify;\"><span style=\"font-weight: 400;\">Ch\u00fang t\u00f4i cung c\u1ea5p \u0111a d\u1ea1ng d\u00f2ng s\u1ea3n ph\u1ea9m t\u1eeb t\u1ee7 g\u1ed7 c\u00f4ng nghi\u1ec7p hi\u1ec7n \u0111\u1ea1i \u0111\u1ebfn c\u00e1c m\u1eabu t\u1ee7 r\u01b0\u1ee3u cao c\u1ea5p, k\u1ebft h\u1ee3p k\u00ednh c\u01b0\u1eddng l\u1ef1c ho\u1eb7c khung kim lo\u1ea1i, ph\u00f9 h\u1ee3p v\u1edbi m\u1ecdi kh\u00f4ng gian t\u1eeb chung c\u01b0, nh\u00e0 ph\u1ed1 \u0111\u1ebfn bi\u1ec7t th\u1ef1 sang tr\u1ecdng.<\/span><\/p>\n<p style=\"text-align: justify;\"><span style=\"font-weight: 400;\">\u0110\u1ec3 \u0111\u01b0\u1ee3c t\u01b0 v\u1ea5n thi\u1ebft k\u1ebf mi\u1ec5n ph\u00ed v\u00e0 nh\u1eadn b\u00e1o gi\u00e1 chi ti\u1ebft, s\u00e1t th\u1ef1c t\u1ebf nh\u1ea5t, qu\u00fd kh\u00e1ch vui l\u00f2ng li\u00ean h\u1ec7 tr\u1ef1c ti\u1ebfp v\u1edbi Nh\u1ea5t Nam. \u0110\u1ed9i ng\u0169 c\u1ee7a ch\u00fang t\u00f4i s\u1ebd kh\u1ea3o s\u00e1t hi\u1ec7n tr\u1ea1ng, l\u1eafng nghe nhu c\u1ea7u v\u00e0 \u0111\u01b0a ra gi\u1ea3i ph\u00e1p t\u1ed1i \u01b0u v\u1ec1 c\u1ea3 c\u00f4ng n\u0103ng l\u1eabn chi ph\u00ed, gi\u00fap b\u1ea1n s\u1edf h\u1eefu m\u1eabu t\u1ee7 r\u01b0\u1ee3u treo t\u01b0\u1eddng \u01b0ng \u00fd v\u00e0 ph\u00f9 h\u1ee3p ng\u00e2n s\u00e1ch.<\/span><\/p>\n<h2 style=\"text-align: justify;\"><b>5. G\u1ee3i \u00fd c\u00e1ch ch\u1ecdn t\u1ee7 r\u01b0\u1ee3u treo t\u01b0\u1eddng ph\u00f9 h\u1ee3p v\u1edbi kh\u00f4ng gian<\/b><\/h2>\n<p style=\"text-align: justify;\"><span style=\"font-weight: 400;\">Ch\u1ecdn t\u1ee7 r\u01b0\u1ee3u treo t\u01b0\u1eddng kh\u00f4ng ch\u1ec9 \u0111\u01a1n gi\u1ea3n l\u00e0 mua m\u1ed9t m\u00f3n n\u1ed9i th\u1ea5t \u2013 m\u00e0 \u0111\u00f3 c\u00f2n l\u00e0 qu\u00e1 tr\u00ecnh c\u00e2n nh\u1eafc gi\u1eefa th\u1ea9m m\u1ef9, c\u00f4ng n\u0103ng v\u00e0 phong c\u00e1ch t\u1ed5ng th\u1ec3 c\u1ee7a ng\u00f4i nh\u00e0. D\u01b0\u1edbi \u0111\u00e2y l\u00e0 m\u1ed9t s\u1ed1 g\u1ee3i \u00fd gi\u00fap b\u1ea1n d\u1ec5 d\u00e0ng h\u01a1n trong vi\u1ec7c l\u1ef1a ch\u1ecdn:<\/span><\/p>\n<ul style=\"text-align: justify;\">\n<li style=\"font-weight: 400;\" aria-level=\"1\"><b>X\u00e1c \u0111\u1ecbnh v\u1ecb tr\u00ed l\u1eafp \u0111\u1eb7t<\/b><span style=\"font-weight: 400;\">: H\u00e3y ch\u1ecdn v\u1ecb tr\u00ed treo t\u01b0\u1eddng th\u00f4ng tho\u00e1ng, tr\u00e1nh \u00e1nh n\u1eafng tr\u1ef1c ti\u1ebfp v\u00e0 n\u01a1i c\u00f3 nhi\u1ec7t \u0111\u1ed9 \u1ed5n \u0111\u1ecbnh. Ph\u00f2ng kh\u00e1ch, ph\u00f2ng \u0103n ho\u1eb7c khu v\u1ef1c qu\u1ea7y bar t\u1ea1i gia l\u00e0 nh\u1eefng l\u1ef1a ch\u1ecdn l\u00fd t\u01b0\u1edfng.<\/span><\/li>\n<li style=\"font-weight: 400;\" aria-level=\"1\"><b>L\u1ef1a ch\u1ecdn k\u00edch th\u01b0\u1edbc ph\u00f9 h\u1ee3p<\/b><span style=\"font-weight: 400;\">: V\u1edbi nh\u1eefng kh\u00f4ng gian nh\u1ecf, n\u00ean \u01b0u ti\u00ean c\u00e1c m\u1eabu t\u1ee7 r\u01b0\u1ee3u d\u1ea1ng ngang ho\u1eb7c t\u1ee7 mini \u0111\u1ec3 tr\u00e1nh g\u00e2y ch\u1eadt ch\u1ed9i. V\u1edbi kh\u00f4ng gian r\u1ed9ng r\u00e3i, b\u1ea1n c\u00f3 th\u1ec3 ch\u1ecdn t\u1ee7 l\u1edbn, t\u00edch h\u1ee3p nhi\u1ec1u ng\u0103n tr\u01b0ng b\u00e0y.<\/span><\/li>\n<li style=\"font-weight: 400;\" aria-level=\"1\"><b>Ch\u1ecdn ch\u1ea5t li\u1ec7u v\u00e0 m\u00e0u s\u1eafc h\u00e0i h\u00f2a<\/b><span style=\"font-weight: 400;\">: N\u1ebfu n\u1ed9i th\u1ea5t nh\u00e0 b\u1ea1n theo t\u00f4ng g\u1ed7 \u1ea5m \u00e1p, t\u1ee7 r\u01b0\u1ee3u g\u1ed7 \u00f3c ch\u00f3, s\u1ed3i ho\u1eb7c MDF ph\u1ee7 veneer l\u00e0 l\u1ef1a ch\u1ecdn ho\u00e0n h\u1ea3o. C\u00f2n v\u1edbi kh\u00f4ng gian hi\u1ec7n \u0111\u1ea1i, m\u1eabu t\u1ee7 k\u00ednh, khung kim lo\u1ea1i s\u01a1n t\u0129nh \u0111i\u1ec7n s\u1ebd t\u1ea1o c\u1ea3m gi\u00e1c sang tr\u1ecdng v\u00e0 tr\u1ebb trung.<\/span><span style=\"font-weight: 400;\"><br \/>\n<\/span><\/li>\n<li style=\"font-weight: 400;\" aria-level=\"1\"><b>T\u00ednh n\u0103ng \u0111i k\u00e8m<\/b><span style=\"font-weight: 400;\">: Nh\u1eefng chi\u1ebfc t\u1ee7 t\u00edch h\u1ee3p \u0111\u00e8n LED, gi\u00e1 treo ly ho\u1eb7c khoang tr\u01b0ng b\u00e0y \u0111\u1ed3 trang tr\u00ed s\u1ebd gi\u00fap kh\u00f4ng gian th\u00eam sinh \u0111\u1ed9ng v\u00e0 ti\u1ec7n nghi.<\/span><\/li>\n<\/ul>\n<h2 style=\"text-align: justify;\"><b>6. Nh\u1ea5t Nam &#8211; \u0110\u1ecba ch\u1ec9 uy t\u00edn cung c\u1ea5p t\u1ee7 r\u01b0\u1ee3u treo t\u01b0\u1eddng ch\u1ea5t l\u01b0\u1ee3ng<\/b><\/h2>\n<p style=\"text-align: justify;\"><span style=\"font-weight: 400;\">T\u1ea1i <\/span><b>Nh\u1ea5t Nam<\/b><span style=\"font-weight: 400;\">, ch\u00fang t\u00f4i cung c\u1ea5p m\u1ed9t lo\u1ea1t c\u00e1c m\u1eabu t\u1ee7 r\u01b0\u1ee3u treo t\u01b0\u1eddng ph\u00f9 h\u1ee3p v\u1edbi nhi\u1ec1u nhu c\u1ea7u v\u00e0 phong c\u00e1ch kh\u00e1c nhau. C\u00e1c m\u1eabu t\u1ee7 r\u01b0\u1ee3u treo t\u01b0\u1eddng t\u1ea1i Nh\u1ea5t Nam c\u00f3 thi\u1ebft k\u1ebf hi\u1ec7n \u0111\u1ea1i, sang tr\u1ecdng, \u0111\u00e1p \u1ee9ng \u0111\u01b0\u1ee3c y\u00eau c\u1ea7u v\u1ec1 \u0111\u1ed9 b\u1ec1n, t\u00ednh th\u1ea9m m\u1ef9 v\u00e0 c\u00f4ng n\u0103ng s\u1eed d\u1ee5ng. B\u1ea1n c\u00f3 th\u1ec3 l\u1ef1a ch\u1ecdn c\u00e1c m\u1eabu t\u1ee7 r\u01b0\u1ee3u treo t\u01b0\u1eddng b\u1eb1ng g\u1ed7, nh\u00f4m k\u00ednh, inox v\u1edbi ki\u1ec3u d\u00e1ng \u0111a d\u1ea1ng \u0111\u1ec3 l\u00e0m n\u1ed5i b\u1eadt kh\u00f4ng gian s\u1ed1ng c\u1ee7a m\u00ecnh.<\/span><\/p>\n<p style=\"text-align: justify;\"><span style=\"font-weight: 400;\">\u0110\u1ec3 bi\u1ebft th\u00eam th\u00f4ng tin chi ti\u1ebft v\u1ec1 c\u00e1c m\u1eabu t\u1ee7 r\u01b0\u1ee3u treo t\u01b0\u1eddng v\u00e0 nh\u1eadn b\u00e1o gi\u00e1 c\u1ee5 th\u1ec3, b\u1ea1n c\u00f3 th\u1ec3 <\/span><b>li\u00ean h\u1ec7 hotline Nh\u1ea5t Nam<\/b><span style=\"font-weight: 400;\"> ho\u1eb7c qua fanpage<\/span><\/p>\n<h3 style=\"text-align: justify;\"><b>K\u1ebft Lu\u1eadn<\/b><\/h3>\n<p style=\"text-align: justify;\"><span style=\"font-weight: 400;\">T\u1ee7 r\u01b0\u1ee3u treo t\u01b0\u1eddng kh\u00f4ng ch\u1ec9 gi\u00fap ti\u1ebft ki\u1ec7m kh\u00f4ng gian m\u00e0 c\u00f2n l\u00e0 m\u1ed9t \u0111i\u1ec3m nh\u1ea5n th\u1ea9m m\u1ef9 tuy\u1ec7t v\u1eddi trong kh\u00f4ng gian s\u1ed1ng c\u1ee7a b\u1ea1n. V\u1edbi thi\u1ebft k\u1ebf linh ho\u1ea1t, d\u1ec5 d\u00e0ng l\u1eafp \u0111\u1eb7t v\u00e0 d\u1ec5 b\u1ea3o qu\u1ea3n, t\u1ee7 r\u01b0\u1ee3u treo t\u01b0\u1eddng l\u00e0 s\u1ef1 l\u1ef1a ch\u1ecdn l\u00fd t\u01b0\u1edfng cho nh\u1eefng ai y\u00eau th\u00edch s\u1ef1 ti\u1ec7n nghi, g\u1ecdn g\u00e0ng v\u00e0 sang tr\u1ecdng. H\u00e3y ch\u1ecdn ngay m\u1ed9t chi\u1ebfc t\u1ee7 r\u01b0\u1ee3u treo t\u01b0\u1eddng ph\u00f9 h\u1ee3p \u0111\u1ec3 n\u00e2ng t\u1ea7m kh\u00f4ng gian s\u1ed1ng c\u1ee7a b\u1ea1n!<\/span><\/p>\n<p style=\"text-align: justify;\">\n","protected":false},"excerpt":{"rendered":"<p>T\u1ee7 r\u01b0\u1ee3u treo t\u01b0\u1eddng nh\u1ecf g\u1ecdn nh\u01b0ng \u0111\u1ee7 s\u1ee9c l\u00e0m n\u1ed5i b\u1eadt c\u1ea3 m\u1ed9t g\u00f3c nh\u00e0. Thi\u1ebft k\u1ebf treo t\u01b0\u1eddng ti\u1ebft ki\u1ec7m di\u1ec7n t\u00edch, d\u1ec5 l\u1eafp \u0111\u1eb7t, ph\u00f9 h\u1ee3p v\u1edbi nhi\u1ec1u ki\u1ec3u kh\u00f4ng gian \u2013 t\u1eeb ph\u00f2ng kh\u00e1ch, ph\u00f2ng b\u1ebfp \u0111\u1ebfn qu\u1ea7y bar mini t\u1ea1i gia. Kh\u00f4ng ch\u1ec9 \u0111\u1ec3 tr\u01b0ng b\u00e0y nh\u1eefng chai r\u01b0\u1ee3u y\u00eau [&hellip;]<\/p>\n","protected":false},"featured_media":0,"comment_status":"open","ping_status":"closed","template":"","meta":{"_acf_changed":false,"_gspb_post_css":""},"book-author":[],"product_brand":[],"product_cat":[109],"product_tag":[],"class_list":{"0":"post-2085","1":"product","2":"type-product","3":"status-publish","5":"product_cat-tu-bep-inox","7":"first","8":"instock","9":"shipping-taxable","10":"product-type-simple"},"acf":[],"_links":{"self":[{"href":"https:\/\/nhatnam.libion.me\/index.php\/wp-json\/wp\/v2\/product\/2085","targetHints":{"allow":["GET"]}}],"collection":[{"href":"https:\/\/nhatnam.libion.me\/index.php\/wp-json\/wp\/v2\/product"}],"about":[{"href":"https:\/\/nhatnam.libion.me\/index.php\/wp-json\/wp\/v2\/types\/product"}],"replies":[{"embeddable":true,"href":"https:\/\/nhatnam.libion.me\/index.php\/wp-json\/wp\/v2\/comments?post=2085"}],"wp:attachment":[{"href":"https:\/\/nhatnam.libion.me\/index.php\/wp-json\/wp\/v2\/media?parent=2085"}],"wp:term":[{"taxonomy":"book-author","embeddable":true,"href":"https:\/\/nhatnam.libion.me\/index.php\/wp-json\/wp\/v2\/book-author?post=2085"},{"taxonomy":"product_brand","embeddable":true,"href":"https:\/\/nhatnam.libion.me\/index.php\/wp-json\/wp\/v2\/product_brand?post=2085"},{"taxonomy":"product_cat","embeddable":true,"href":"https:\/\/nhatnam.libion.me\/index.php\/wp-json\/wp\/v2\/product_cat?post=2085"},{"taxonomy":"product_tag","embeddable":true,"href":"https:\/\/nhatnam.libion.me\/index.php\/wp-json\/wp\/v2\/product_tag?post=2085"}],"curies":[{"name":"wp","href":"https:\/\/api.w.org\/{rel}","templated":true}]}}