{"id":2084,"date":"2026-04-07T10:38:04","date_gmt":"2026-04-07T10:38:04","guid":{"rendered":"https:\/\/nhatnam.libion.me\/index.php\/product\/tu-ruou-inox\/"},"modified":"2026-04-07T10:38:04","modified_gmt":"2026-04-07T10:38:04","slug":"tu-ruou-inox","status":"publish","type":"product","link":"https:\/\/nhatnam.libion.me\/index.php\/product\/tu-ruou-inox\/","title":{"rendered":"T\u1ee7 R\u01b0\u1ee3u Inox"},"content":{"rendered":"<p>&nbsp;<\/p>\n<p><span style=\"font-weight: 400;\">T\u1ee7 r\u01b0\u1ee3u Inox l\u00e0 m\u1ed9t trong nh\u1eefng l\u1ef1a ch\u1ecdn ph\u1ed5 bi\u1ebfn trong c\u00e1c c\u0103n h\u1ed9, bi\u1ec7t th\u1ef1 hi\u1ec7n \u0111\u1ea1i, nh\u00e0 h\u00e0ng hay qu\u00e1n bar cao c\u1ea5p. V\u1edbi ch\u1ea5t li\u1ec7u Inox b\u1ec1n b\u1ec9 v\u00e0 t\u00ednh th\u1ea9m m\u1ef9 cao, t\u1ee7 r\u01b0\u1ee3u Inox kh\u00f4ng ch\u1ec9 \u0111\u1ea3m b\u1ea3o \u0111\u1ed9 b\u1ec1n m\u00e0 c\u00f2n gi\u00fap n\u00e2ng t\u1ea7m kh\u00f4ng gian s\u1ed1ng, t\u1ea1o \u0111i\u1ec3m nh\u1ea5n \u0111\u1ed9c \u0111\u00e1o v\u00e0 sang tr\u1ecdng. <\/span><span style=\"font-weight: 400;\"><br \/>\n<\/span><span style=\"font-weight: 400;\">Trong b\u00e0i vi\u1ebft n\u00e0y, ch\u00fang ta s\u1ebd c\u00f9ng kh\u00e1m ph\u00e1 nh\u1eefng \u01b0u \u0111i\u1ec3m v\u01b0\u1ee3t tr\u1ed9i c\u1ee7a t\u1ee7 r\u01b0\u1ee3u Inox, c\u00e1ch l\u1ef1a ch\u1ecdn v\u00e0 b\u1ea3o qu\u1ea3n t\u1ee7 r\u01b0\u1ee3u Inox, c\u0169ng nh\u01b0 nh\u1eefng m\u1eabu t\u1ee7 r\u01b0\u1ee3u Inox \u0111\u1eb9p v\u00e0 ph\u1ed5 bi\u1ebfn hi\u1ec7n nay t\u1eeb <\/span><b>Nh\u1ea5t Nam<\/b><span style=\"font-weight: 400;\">.<\/span><\/p>\n<h2><b>1. T\u1ee7 r\u01b0\u1ee3u Inox l\u00e0 g\u00ec?<\/b><\/h2>\n<p><span style=\"font-weight: 400;\">T\u1ee7 r\u01b0\u1ee3u Inox l\u00e0 lo\u1ea1i t\u1ee7 \u0111\u01b0\u1ee3c l\u00e0m t\u1eeb ch\u1ea5t li\u1ec7u Inox (th\u00e9p kh\u00f4ng g\u1ec9), v\u1edbi thi\u1ebft k\u1ebf c\u1eeda t\u1ee7 th\u01b0\u1eddng l\u00e0 k\u00ednh c\u01b0\u1eddng l\u1ef1c ho\u1eb7c k\u00ednh trong su\u1ed1t, gi\u00fap ng\u01b0\u1eddi s\u1eed d\u1ee5ng d\u1ec5 d\u00e0ng quan s\u00e1t c\u00e1c chai r\u01b0\u1ee3u b\u00ean trong. \u0110\u1eb7c \u0111i\u1ec3m n\u1ed5i b\u1eadt c\u1ee7a t\u1ee7 r\u01b0\u1ee3u Inox l\u00e0 \u0111\u1ed9 b\u1ec1n cao, kh\u1ea3 n\u0103ng ch\u1ed1ng g\u1ec9 s\u00e9t t\u1ed1t, d\u1ec5 d\u00e0ng v\u1ec7 sinh v\u00e0 b\u1ea3o d\u01b0\u1ee1ng, c\u00f9ng v\u1edbi v\u1ebb ngo\u00e0i s\u00e1ng b\u00f3ng, hi\u1ec7n \u0111\u1ea1i.<\/span><\/p>\n<p><span style=\"font-weight: 400;\">T\u1ee7 r\u01b0\u1ee3u Inox c\u00f3 th\u1ec3 \u0111\u01b0\u1ee3c thi\u1ebft k\u1ebf theo nhi\u1ec1u ki\u1ec3u d\u00e1ng kh\u00e1c nhau, t\u1eeb \u0111\u01a1n gi\u1ea3n, t\u1ed1i gi\u1ea3n \u0111\u1ebfn c\u00e1c ki\u1ec3u thi\u1ebft k\u1ebf ph\u1ee9c t\u1ea1p, sang tr\u1ecdng. Nh\u1edd s\u1ef1 k\u1ebft h\u1ee3p gi\u1eefa Inox v\u00e0 k\u00ednh, t\u1ee7 r\u01b0\u1ee3u Inox mang \u0111\u1ebfn v\u1ebb \u0111\u1eb9p hi\u1ec7n \u0111\u1ea1i, sang tr\u1ecdng, ph\u00f9 h\u1ee3p v\u1edbi nhi\u1ec1u kh\u00f4ng gian s\u1ed1ng kh\u00e1c nhau.<\/span><\/p>\n<h2><b>2. \u01afu \u0111i\u1ec3m c\u1ee7a t\u1ee7 r\u01b0\u1ee3u Inox<\/b><\/h2>\n<h4><b>Ch\u1ea5t li\u1ec7u b\u1ec1n b\u1ec9, d\u1ec5 b\u1ea3o qu\u1ea3n<\/b><\/h4>\n<p><span style=\"font-weight: 400;\">Inox l\u00e0 ch\u1ea5t li\u1ec7u c\u1ef1c k\u1ef3 b\u1ec1n v\u1eefng, kh\u00f4ng g\u1ec9 s\u00e9t v\u00e0 ch\u1ecbu \u0111\u01b0\u1ee3c \u1ea3nh h\u01b0\u1edfng c\u1ee7a th\u1eddi ti\u1ebft, nhi\u1ec7t \u0111\u1ed9. T\u1ee7 r\u01b0\u1ee3u Inox c\u00f3 tu\u1ed5i th\u1ecd cao, kh\u00f4ng b\u1ecb oxi h\u00f3a hay m\u00e0i m\u00f2n theo th\u1eddi gian. \u0110i\u1ec1u n\u00e0y gi\u00fap b\u1ea3o v\u1ec7 c\u00e1c chai r\u01b0\u1ee3u qu\u00fd gi\u00e1 b\u00ean trong t\u1ee7 kh\u1ecfi c\u00e1c y\u1ebfu t\u1ed1 g\u00e2y h\u1ea1i nh\u01b0 \u0111\u1ed9 \u1ea9m, \u00e1nh s\u00e1ng v\u00e0 b\u1ee5i b\u1ea9n.<\/span><\/p>\n<h4><b>\u0110a d\u1ea1ng thi\u1ebft k\u1ebf, m\u1eabu m\u00e3<\/b><b><br \/>\n<\/b><span style=\"font-weight: 400;\">T\u1ee7 r\u01b0\u1ee3u Inox c\u00f3 th\u1ec3 \u0111\u01b0\u1ee3c thi\u1ebft k\u1ebf v\u1edbi nhi\u1ec1u k\u00edch th\u01b0\u1edbc v\u00e0 ki\u1ec3u d\u00e1ng kh\u00e1c nhau, ph\u00f9 h\u1ee3p v\u1edbi t\u1eebng kh\u00f4ng gian v\u00e0 nhu c\u1ea7u s\u1eed d\u1ee5ng. B\u1ea1n c\u00f3 th\u1ec3 l\u1ef1a ch\u1ecdn t\u1ee7 r\u01b0\u1ee3u Inox c\u00f3 nhi\u1ec1u ng\u0103n, k\u1ec7 ho\u1eb7c t\u00edch h\u1ee3p h\u1ec7 th\u1ed1ng \u0111\u00e8n LED chi\u1ebfu s\u00e1ng \u0111\u1ec3 l\u00e0m n\u1ed5i b\u1eadt c\u00e1c chai r\u01b0\u1ee3u. \u0110i\u1ec1u n\u00e0y gi\u00fap b\u1ea1n t\u1ea1o ra m\u1ed9t kh\u00f4ng gian l\u01b0u tr\u1eef v\u00e0 tr\u01b0ng b\u00e0y r\u01b0\u1ee3u theo \u0111\u00fang s\u1edf th\u00edch v\u00e0 phong c\u00e1ch ri\u00eang.<\/span><\/h4>\n<p><span style=\"font-weight: 400;\">T\u0103ng gi\u00e1 tr\u1ecb th\u1ea9m m\u1ef9 trong thi\u1ebft k\u1ebf n\u1ed9i th\u1ea5t<\/span><\/p>\n<p><span style=\"font-weight: 400;\">T\u1ee7 r\u01b0\u1ee3u Inox v\u1edbi b\u1ec1 m\u1eb7t s\u00e1ng b\u00f3ng, m\u01b0\u1ee3t m\u00e0 t\u1ea1o n\u00ean m\u1ed9t v\u1ebb \u0111\u1eb9p hi\u1ec7n \u0111\u1ea1i v\u00e0 sang tr\u1ecdng cho kh\u00f4ng gian n\u1ed9i th\u1ea5t. Ch\u1ea5t li\u1ec7u Inox c\u00f3 th\u1ec3 d\u1ec5 d\u00e0ng k\u1ebft h\u1ee3p v\u1edbi c\u00e1c ki\u1ec3u thi\u1ebft k\u1ebf n\u1ed9i th\u1ea5t kh\u00e1c nhau, t\u1eeb c\u1ed5 \u0111i\u1ec3n \u0111\u1ebfn hi\u1ec7n \u0111\u1ea1i, t\u1eeb kh\u00f4ng gian nh\u00e0 \u1edf \u0111\u1ebfn c\u00e1c qu\u00e1n bar, nh\u00e0 h\u00e0ng cao c\u1ea5p. T\u1ee7 r\u01b0\u1ee3u Inox mang \u0111\u1ebfn m\u1ed9t di\u1ec7n m\u1ea1o sang tr\u1ecdng, thanh tho\u00e1t, l\u00e0m n\u1ed5i b\u1eadt c\u00e1c chai r\u01b0\u1ee3u qu\u00fd gi\u00e1 b\u00ean trong.<\/span><\/p>\n<h4><b>D\u1ec5 d\u00e0ng v\u1ec7 sinh<\/b><\/h4>\n<p><span style=\"font-weight: 400;\">M\u1ed9t trong nh\u1eefng \u01b0u \u0111i\u1ec3m l\u1edbn c\u1ee7a t\u1ee7 r\u01b0\u1ee3u Inox l\u00e0 kh\u1ea3 n\u0103ng d\u1ec5 d\u00e0ng v\u1ec7 sinh. B\u1ec1 m\u1eb7t Inox s\u00e1ng b\u00f3ng, kh\u00f4ng b\u00e1m b\u1ea9n, gi\u00fap vi\u1ec7c lau ch\u00f9i tr\u1edf n\u00ean \u0111\u01a1n gi\u1ea3n v\u00e0 nhanh ch\u00f3ng. B\u1ea1n ch\u1ec9 c\u1ea7n d\u00f9ng m\u1ed9t mi\u1ebfng v\u1ea3i m\u1ec1m c\u00f9ng dung d\u1ecbch v\u1ec7 sinh nh\u1eb9 \u0111\u1ec3 l\u00e0m s\u1ea1ch m\u00e0 kh\u00f4ng lo b\u1ecb tr\u1ea7y x\u01b0\u1edbc.<\/span><\/p>\n<h3><b>3. M\u1ed9t s\u1ed1 lo\u1ea1i t\u1ee7 r\u01b0\u1ee3u Inox \u0111\u1eb9p, hi\u1ec7n \u0111\u1ea1i<\/b><\/h3>\n<p><span style=\"font-weight: 400;\">h\u00ecnh<\/span><\/p>\n<h2><b>4. Ti\u00eau ch\u00ed ch\u1ecdn t\u1ee7 r\u01b0\u1ee3u Inox ph\u00f9 h\u1ee3p<\/b><\/h2>\n<p><span style=\"font-weight: 400;\">\u0110\u1ec3 s\u1edf h\u1eefu m\u1ed9t chi\u1ebfc t\u1ee7 r\u01b0\u1ee3u Inox v\u1eeba \u0111\u1eb9p, v\u1eeba b\u1ec1n, v\u1eeba ti\u1ec7n d\u1ee5ng, b\u1ea1n c\u1ea7n c\u00e2n nh\u1eafc nhi\u1ec1u y\u1ebfu t\u1ed1 quan tr\u1ecdng. D\u01b0\u1edbi \u0111\u00e2y l\u00e0 nh\u1eefng ti\u00eau ch\u00ed c\u1ed1t l\u00f5i gi\u00fap b\u1ea1n ch\u1ecdn \u0111\u00fang s\u1ea3n ph\u1ea9m ph\u00f9 h\u1ee3p v\u1edbi kh\u00f4ng gian v\u00e0 nhu c\u1ea7u s\u1eed d\u1ee5ng.<\/span><\/p>\n<p><b>Ch\u1ea5t li\u1ec7u v\u00e0 \u0111\u1ed9 ho\u00e0n thi\u1ec7n<\/b><b><br \/>\n<\/b><span style=\"font-weight: 400;\">Ch\u1ecdn t\u1ee7 l\u00e0m t\u1eeb Inox SUS 304 \u0111\u1ec3 \u0111\u1ea3m b\u1ea3o kh\u1ea3 n\u0103ng ch\u1ed1ng g\u1ec9 s\u00e9t, \u0111\u1ed9 b\u1ec1n cao v\u00e0 v\u1ebb ngo\u00e0i lu\u00f4n s\u00e1ng b\u00f3ng theo th\u1eddi gian. \u01afu ti\u00ean c\u00e1c m\u1eabu c\u00f3 b\u1ec1 m\u1eb7t m\u1ecbn, d\u1ec5 lau ch\u00f9i, c\u00f9ng ph\u1ee5 ki\u1ec7n \u0111i k\u00e8m nh\u01b0 b\u1ea3n l\u1ec1, kh\u00f3a c\u1eeda ph\u1ea3i ch\u1eafc ch\u1eafn, v\u1eadn h\u00e0nh tr\u01a1n tru. T\u1ee7 s\u1eed d\u1ee5ng c\u00f4ng ngh\u1ec7 m\u1ea1 PVD ho\u1eb7c s\u01a1n t\u0129nh \u0111i\u1ec7n c\u0169ng l\u00e0 l\u1ef1a ch\u1ecdn l\u00fd t\u01b0\u1edfng \u0111\u1ec3 gi\u1eef m\u00e0u s\u1eafc b\u1ec1n \u0111\u1eb9p l\u00e2u d\u00e0i.<\/span><\/p>\n<p><b>K\u00edch th\u01b0\u1edbc v\u00e0 s\u1ee9c ch\u1ee9a<\/b><b><br \/>\n<\/b><span style=\"font-weight: 400;\">K\u00edch th\u01b0\u1edbc t\u1ee7 c\u1ea7n ph\u00f9 h\u1ee3p v\u1edbi di\u1ec7n t\u00edch \u0111\u1eb7t \u0111\u1ec3 \u2013 t\u1eeb ph\u00f2ng kh\u00e1ch, b\u1ebfp cho \u0111\u1ebfn qu\u00e1n bar hay h\u1ea7m r\u01b0\u1ee3u. Ngo\u00e0i ra, h\u00e3y x\u00e1c \u0111\u1ecbnh r\u00f5 nhu c\u1ea7u l\u01b0u tr\u1eef: b\u1ea1n c\u1ea7n ch\u1ee9a bao nhi\u00eau chai r\u01b0\u1ee3u hi\u1ec7n t\u1ea1i v\u00e0 c\u00f3 th\u1ec3 m\u1edf r\u1ed9ng trong t\u01b0\u01a1ng lai kh\u00f4ng? M\u1ed9t t\u1ee7 r\u01b0\u1ee3u c\u00f3 dung t\u00edch linh ho\u1ea1t s\u1ebd gi\u00fap b\u1ea1n kh\u00f4ng ph\u1ea3i thay \u0111\u1ed5i khi nhu c\u1ea7u t\u0103ng l\u00ean.<\/span><\/p>\n<p><b>Thi\u1ebft k\u1ebf v\u00e0 t\u00ednh n\u0103ng ti\u1ec7n \u00edch<\/b><b><br \/>\n<\/b><span style=\"font-weight: 400;\">T\u1ee7 r\u01b0\u1ee3u kh\u00f4ng ch\u1ec9 l\u00e0 n\u01a1i c\u1ea5t gi\u1eef m\u00e0 c\u00f2n l\u00e0 \u0111i\u1ec3m nh\u1ea5n th\u1ea9m m\u1ef9 trong kh\u00f4ng gian. H\u00e3y ch\u1ecdn ki\u1ec3u d\u00e1ng h\u00e0i h\u00f2a v\u1edbi n\u1ed9i th\u1ea5t: t\u1ee7 \u0111\u1ee9ng sang tr\u1ecdng, t\u1ee7 \u00e2m t\u01b0\u1eddng ti\u1ebft ki\u1ec7m di\u1ec7n t\u00edch, ho\u1eb7c k\u1ec7 treo t\u01b0\u1eddng hi\u1ec7n \u0111\u1ea1i. \u01afu ti\u00ean c\u00e1c m\u1eabu c\u00f3 chia ng\u0103n h\u1ee3p l\u00fd, t\u00edch h\u1ee3p k\u1ec7 ly, c\u1eeda k\u00ednh trong su\u1ed1t, kh\u00f3a an to\u00e0n \u2013 v\u1eeba ti\u1ec7n d\u1ee5ng v\u1eeba t\u0103ng t\u00ednh tr\u01b0ng b\u00e0y.<\/span><\/p>\n<p><b>Th\u01b0\u01a1ng hi\u1ec7u v\u00e0 ch\u00ednh s\u00e1ch h\u1eadu m\u00e3i<\/b><b><br \/>\n<\/b><span style=\"font-weight: 400;\">S\u1ea3n ph\u1ea9m t\u1eeb th\u01b0\u01a1ng hi\u1ec7u uy t\u00edn lu\u00f4n mang l\u1ea1i s\u1ef1 y\u00ean t\u00e2m v\u1ec1 ch\u1ea5t l\u01b0\u1ee3ng. B\u1ea1n n\u00ean ki\u1ec3m tra k\u1ef9 ngu\u1ed3n g\u1ed1c xu\u1ea5t x\u1ee9, ph\u1ea3n h\u1ed3i t\u1eeb ng\u01b0\u1eddi d\u00f9ng v\u00e0 c\u00e1c ch\u00ednh s\u00e1ch \u0111i k\u00e8m nh\u01b0 b\u1ea3o h\u00e0nh, b\u1ea3o tr\u00ec, l\u1eafp \u0111\u1eb7t t\u1eadn n\u01a1i hay t\u01b0 v\u1ea5n thi\u1ebft k\u1ebf mi\u1ec5n ph\u00ed. Ch\u1ecdn \u0111\u00fang nh\u00e0 cung c\u1ea5p \u0111\u1ed3ng ngh\u0129a v\u1edbi vi\u1ec7c b\u1ea1n kh\u00f4ng ch\u1ec9 mua t\u1ee7, m\u00e0 c\u00f2n mua c\u1ea3 s\u1ef1 an t\u00e2m.<\/span><\/p>\n<p><b>Ph\u00f9 h\u1ee3p v\u1edbi phong c\u00e1ch n\u1ed9i th\u1ea5t t\u1ed5ng th\u1ec3<\/b><b><br \/>\n<\/b><span style=\"font-weight: 400;\">T\u1ee7 r\u01b0\u1ee3u Inox d\u1ec5 k\u1ebft h\u1ee3p v\u1edbi nhi\u1ec1u phong c\u00e1ch thi\u1ebft k\u1ebf \u2013 t\u1eeb hi\u1ec7n \u0111\u1ea1i \u0111\u1ebfn c\u1ed5 \u0111i\u1ec3n. V\u1edbi kh\u00f4ng gian hi\u1ec7n \u0111\u1ea1i, n\u00ean ch\u1ecdn c\u00e1c m\u1eabu c\u00f3 \u0111\u01b0\u1eddng n\u00e9t t\u1ed1i gi\u1ea3n, b\u1ec1 m\u1eb7t Inox s\u00e1ng b\u00f3ng, t\u1ea1o c\u1ea3m gi\u00e1c sang tr\u1ecdng v\u00e0 tinh t\u1ebf. N\u1ebfu kh\u00f4ng gian mang h\u01a1i h\u01b0\u1edbng c\u1ed5 \u0111i\u1ec3n, h\u00e3y c\u00e2n nh\u1eafc nh\u1eefng thi\u1ebft k\u1ebf k\u1ebft h\u1ee3p gi\u1eefa Inox v\u00e0 g\u1ed7, c\u00f3 chi ti\u1ebft ch\u1ea1m kh\u1eafc tinh x\u1ea3o, mang l\u1ea1i v\u1ebb \u0111\u1eb9p h\u00e0i h\u00f2a, \u0111\u1eb3ng c\u1ea5p.<\/span><\/p>\n<h2><b>5. Nh\u1ea5t Nam &#8211; \u0110\u1ecba ch\u1ec9 uy t\u00edn chuy\u00ean thi\u1ebft k\u1ebf, thi c\u00f4ng t\u1ee7 r\u01b0\u1ee3u Inox uy t\u00edn<\/b><\/h2>\n<p><span style=\"font-weight: 400;\">Trong l\u0129nh v\u1ef1c thi\u1ebft k\u1ebf v\u00e0 thi c\u00f4ng t\u1ee7 r\u01b0\u1ee3u Inox, Nh\u1ea5t Nam l\u00e0 c\u00e1i t\u00ean \u0111\u01b0\u1ee3c nhi\u1ec1u kh\u00e1ch h\u00e0ng tin t\u01b0\u1edfng nh\u1edd uy t\u00edn, kinh nghi\u1ec7m v\u00e0 ch\u1ea5t l\u01b0\u1ee3ng v\u01b0\u1ee3t tr\u1ed9i. V\u1edbi h\u01a1n 10 n\u0103m ho\u1ea1t \u0111\u1ed9ng, Nh\u1ea5t Nam \u0111\u00e3 \u0111\u1ed3ng h\u00e0nh c\u00f9ng h\u00e0ng tr\u0103m d\u1ef1 \u00e1n l\u1edbn nh\u1ecf, t\u1eeb nh\u00e0 \u1edf d\u00e2n d\u1ee5ng \u0111\u1ebfn nh\u00e0 h\u00e0ng, kh\u00e1ch s\u1ea1n cao c\u1ea5p mang \u0111\u1ebfn nh\u1eefng s\u1ea3n ph\u1ea9m tinh x\u1ea3o, b\u1ec1n \u0111\u1eb9p v\u00e0 mang \u0111\u1eadm d\u1ea5u \u1ea5n c\u00e1 nh\u00e2n.<\/span><\/p>\n<p><span style=\"font-weight: 400;\">\u0110i\u1ec3m m\u1ea1nh n\u1ed5i b\u1eadt c\u1ee7a Nh\u1ea5t Nam:<\/span><\/p>\n<ul>\n<li style=\"font-weight: 400;\" aria-level=\"1\"><span style=\"font-weight: 400;\">Thi\u1ebft k\u1ebf theo y\u00eau c\u1ea7u ri\u00eang bi\u1ec7t, \u0111\u1ea3m b\u1ea3o ph\u00f9 h\u1ee3p v\u1edbi kh\u00f4ng gian, nhu c\u1ea7u v\u00e0 phong c\u00e1ch n\u1ed9i th\u1ea5t.<\/span><\/li>\n<li style=\"font-weight: 400;\" aria-level=\"1\"><span style=\"font-weight: 400;\">S\u1eed d\u1ee5ng Inox 304 cao c\u1ea5p, ch\u1ed1ng g\u1ec9 s\u00e9t, b\u1ec1n b\u1ec9, b\u1ec1 m\u1eb7t s\u00e1ng \u0111\u1eb9p, d\u1ec5 v\u1ec7 sinh.<\/span><\/li>\n<li style=\"font-weight: 400;\" aria-level=\"1\"><span style=\"font-weight: 400;\">T\u01b0 v\u1ea5n chuy\u00ean s\u00e2u 1:1 b\u1edfi \u0111\u1ed9i ng\u0169 k\u1ef9 s\u01b0 v\u00e0 ki\u1ebfn tr\u00fac s\u01b0 gi\u00e0u kinh nghi\u1ec7m.<\/span><\/li>\n<li style=\"font-weight: 400;\" aria-level=\"1\"><span style=\"font-weight: 400;\">Thi c\u00f4ng chu\u1ea9n x\u00e1c, \u0111\u00fang ti\u1ebfn \u0111\u1ed9, kh\u00f4ng ph\u00e1t sinh chi ph\u00ed.<\/span><\/li>\n<li style=\"font-weight: 400;\" aria-level=\"1\"><span style=\"font-weight: 400;\">Ch\u00ednh s\u00e1ch b\u1ea3o h\u00e0nh r\u00f5 r\u00e0ng, h\u1ed7 tr\u1ee3 k\u1ef9 thu\u1eadt nhanh ch\u00f3ng v\u00e0 t\u1eadn t\u00e2m.<\/span><\/li>\n<li style=\"font-weight: 400;\" aria-level=\"1\"><span style=\"font-weight: 400;\">D\u1ecbch v\u1ee5 tr\u1ecdn g\u00f3i: t\u01b0 v\u1ea5n thi\u1ebft k\u1ebf mi\u1ec5n ph\u00ed, giao h\u00e0ng \u2013 l\u1eafp \u0111\u1eb7t t\u1eadn n\u01a1i tr\u00ean to\u00e0n qu\u1ed1c.<\/span><\/li>\n<\/ul>\n<p><span style=\"font-weight: 400;\">Nh\u1ea5t Nam kh\u00f4ng ch\u1ec9 cung c\u1ea5p t\u1ee7 r\u01b0\u1ee3u, m\u00e0 c\u00f2n mang \u0111\u1ebfn m\u1ed9t s\u1ea3n ph\u1ea9m n\u1ed9i th\u1ea5t sang tr\u1ecdng, n\u00e2ng t\u1ea7m kh\u00f4ng gian v\u00e0 th\u1ec3 hi\u1ec7n gu th\u1ea9m m\u1ef9 ri\u00eang bi\u1ec7t.<\/span><\/p>\n<p><span style=\"font-weight: 400;\">Li\u00ean h\u1ec7 ngay \u0111\u1ec3 \u0111\u01b0\u1ee3c t\u01b0 v\u1ea5n chi ti\u1ebft v\u00e0 nh\u1eadn b\u00e1o gi\u00e1 \u01b0u \u0111\u00e3i cho t\u1ee7 r\u01b0\u1ee3u Inox theo y\u00eau c\u1ea7u!<\/span><\/p>\n<p>&nbsp;<\/p>\n","protected":false},"excerpt":{"rendered":"<p>&nbsp; T\u1ee7 r\u01b0\u1ee3u Inox l\u00e0 m\u1ed9t trong nh\u1eefng l\u1ef1a ch\u1ecdn ph\u1ed5 bi\u1ebfn trong c\u00e1c c\u0103n h\u1ed9, bi\u1ec7t th\u1ef1 hi\u1ec7n \u0111\u1ea1i, nh\u00e0 h\u00e0ng hay qu\u00e1n bar cao c\u1ea5p. V\u1edbi ch\u1ea5t li\u1ec7u Inox b\u1ec1n b\u1ec9 v\u00e0 t\u00ednh th\u1ea9m m\u1ef9 cao, t\u1ee7 r\u01b0\u1ee3u Inox kh\u00f4ng ch\u1ec9 \u0111\u1ea3m b\u1ea3o \u0111\u1ed9 b\u1ec1n m\u00e0 c\u00f2n gi\u00fap n\u00e2ng t\u1ea7m kh\u00f4ng gian s\u1ed1ng, [&hellip;]<\/p>\n","protected":false},"featured_media":0,"comment_status":"open","ping_status":"closed","template":"","meta":{"_acf_changed":false,"_gspb_post_css":""},"book-author":[],"product_brand":[],"product_cat":[109],"product_tag":[],"class_list":{"0":"post-2084","1":"product","2":"type-product","3":"status-publish","5":"product_cat-tu-bep-inox","7":"first","8":"instock","9":"shipping-taxable","10":"product-type-simple"},"acf":[],"_links":{"self":[{"href":"https:\/\/nhatnam.libion.me\/index.php\/wp-json\/wp\/v2\/product\/2084","targetHints":{"allow":["GET"]}}],"collection":[{"href":"https:\/\/nhatnam.libion.me\/index.php\/wp-json\/wp\/v2\/product"}],"about":[{"href":"https:\/\/nhatnam.libion.me\/index.php\/wp-json\/wp\/v2\/types\/product"}],"replies":[{"embeddable":true,"href":"https:\/\/nhatnam.libion.me\/index.php\/wp-json\/wp\/v2\/comments?post=2084"}],"wp:attachment":[{"href":"https:\/\/nhatnam.libion.me\/index.php\/wp-json\/wp\/v2\/media?parent=2084"}],"wp:term":[{"taxonomy":"book-author","embeddable":true,"href":"https:\/\/nhatnam.libion.me\/index.php\/wp-json\/wp\/v2\/book-author?post=2084"},{"taxonomy":"product_brand","embeddable":true,"href":"https:\/\/nhatnam.libion.me\/index.php\/wp-json\/wp\/v2\/product_brand?post=2084"},{"taxonomy":"product_cat","embeddable":true,"href":"https:\/\/nhatnam.libion.me\/index.php\/wp-json\/wp\/v2\/product_cat?post=2084"},{"taxonomy":"product_tag","embeddable":true,"href":"https:\/\/nhatnam.libion.me\/index.php\/wp-json\/wp\/v2\/product_tag?post=2084"}],"curies":[{"name":"wp","href":"https:\/\/api.w.org\/{rel}","templated":true}]}}