{"id":2083,"date":"2026-04-07T10:38:04","date_gmt":"2026-04-07T10:38:04","guid":{"rendered":"https:\/\/nhatnam.libion.me\/index.php\/product\/tu-ruou-nhom-kinh\/"},"modified":"2026-04-07T10:38:04","modified_gmt":"2026-04-07T10:38:04","slug":"tu-ruou-nhom-kinh","status":"publish","type":"product","link":"https:\/\/nhatnam.libion.me\/product\/tu-ruou-nhom-kinh\/","title":{"rendered":"T\u1ee7 R\u01b0\u1ee3u Nh\u00f4m K\u00ednh"},"content":{"rendered":"<p style=\"text-align: justify;\"><span style=\"font-weight: 400;\">T\u1ee7 r\u01b0\u1ee3u nh\u00f4m k\u00ednh l\u00e0 l\u1ef1a ch\u1ecdn ho\u00e0n h\u1ea3o cho nh\u1eefng ai y\u00eau th\u00edch s\u1ef1 hi\u1ec7n \u0111\u1ea1i, tinh t\u1ebf v\u00e0 sang tr\u1ecdng trong kh\u00f4ng gian s\u1ed1ng c\u1ee7a m\u00ecnh. V\u1edbi s\u1ef1 k\u1ebft h\u1ee3p gi\u1eefa ch\u1ea5t li\u1ec7u nh\u00f4m v\u00e0 k\u00ednh c\u01b0\u1eddng l\u1ef1c, t\u1ee7 r\u01b0\u1ee3u nh\u00f4m k\u00ednh kh\u00f4ng ch\u1ec9 mang \u0111\u1ebfn kh\u1ea3 n\u0103ng b\u1ea3o qu\u1ea3n r\u01b0\u1ee3u t\u1ed1t m\u00e0 c\u00f2n l\u00e0m n\u1ed5i b\u1eadt c\u00e1c chai r\u01b0\u1ee3u qu\u00fd gi\u00e1 trong kh\u00f4ng gian s\u1ed1ng. Trong b\u00e0i vi\u1ebft n\u00e0y, ch\u00fang ta s\u1ebd c\u00f9ng kh\u00e1m ph\u00e1 nh\u1eefng \u01b0u \u0111i\u1ec3m n\u1ed5i b\u1eadt c\u1ee7a t\u1ee7 r\u01b0\u1ee3u nh\u00f4m k\u00ednh, c\u00e1ch l\u1ef1a ch\u1ecdn v\u00e0 b\u1ea3o qu\u1ea3n t\u1ee7 r\u01b0\u1ee3u nh\u00f4m k\u00ednh, c\u0169ng nh\u01b0 c\u00e1c m\u1eabu t\u1ee7 r\u01b0\u1ee3u \u0111\u1eb9p, ph\u1ed5 bi\u1ebfn hi\u1ec7n nay.<\/span><\/p>\n<h2 style=\"text-align: justify;\"><b>1. T\u1ee7 r\u01b0\u1ee3u nh\u00f4m k\u00ednh l\u00e0 g\u00ec?<\/b><\/h2>\n<p style=\"text-align: justify;\"><span style=\"font-weight: 400;\">T\u1ee7 r\u01b0\u1ee3u khung nh\u00f4m k\u1ebft h\u1ee3p c\u00e1nh k\u00ednh \u0111ang d\u1ea7n tr\u1edf th\u00e0nh l\u1ef1a ch\u1ecdn l\u00fd t\u01b0\u1edfng cho nhi\u1ec1u gia \u0111\u00ecnh hi\u1ec7n \u0111\u1ea1i. V\u1edbi thi\u1ebft k\u1ebf tinh t\u1ebf, s\u1ea3n ph\u1ea9m n\u00e0y s\u1eed d\u1ee5ng khung nh\u00f4m cao c\u1ea5p s\u01a1n t\u0129nh \u0111i\u1ec7n ch\u1ed1ng oxy h\u00f3a, b\u1ec1n \u0111\u1eb9p theo th\u1eddi gian, k\u1ebft h\u1ee3p v\u1edbi k\u00ednh c\u01b0\u1eddng l\u1ef1c trong su\u1ed1t, gi\u00fap khoe tr\u1ecdn v\u1eb9n s\u1eafc m\u00e0u v\u00e0 ki\u1ec3u d\u00e1ng \u0111\u1eb7c tr\u01b0ng c\u1ee7a t\u1eebng chai r\u01b0\u1ee3u.<\/span><\/p>\n<p style=\"text-align: justify;\"><span style=\"font-weight: 400;\">\u0110\u1ed1i v\u1edbi nhi\u1ec1u gia ch\u1ee7, r\u01b0\u1ee3u kh\u00f4ng ch\u1ec9 l\u00e0 m\u1ed9t lo\u1ea1i th\u1ee9c u\u1ed1ng m\u00e0 c\u00f2n l\u00e0 ni\u1ec1m \u0111am m\u00ea, th\u00fa s\u01b0u t\u1ea7m v\u00e0 bi\u1ec3u t\u01b0\u1ee3ng \u0111\u1eb3ng c\u1ea5p. Do \u0111\u00f3, vi\u1ec7c l\u1ef1a ch\u1ecdn m\u1ed9t chi\u1ebfc t\u1ee7 r\u01b0\u1ee3u gia \u0111\u00ecnh v\u1eeba an to\u00e0n, v\u1eeba th\u1ea9m m\u1ef9 l\u00e0 \u0111i\u1ec1u v\u00f4 c\u00f9ng quan tr\u1ecdng. V\u00e0 t\u1ee7 r\u01b0\u1ee3u nh\u00f4m k\u00ednh ch\u00ednh l\u00e0 gi\u1ea3i ph\u00e1p to\u00e0n di\u1ec7n, \u0111\u00e1p \u1ee9ng \u0111\u1ea7y \u0111\u1ee7 c\u00e1c ti\u00eau ch\u00ed v\u1ec1 b\u1ea3o qu\u1ea3n, tr\u01b0ng b\u00e0y v\u00e0 th\u1ea9m m\u1ef9 kh\u00f4ng gian.<\/span><\/p>\n<h3 style=\"text-align: justify;\"><b>\u0110a d\u1ea1ng ki\u1ec3u d\u00e1ng \u2013 Ph\u00f9 h\u1ee3p nhi\u1ec1u kh\u00f4ng gian<\/b><\/h3>\n<p style=\"text-align: justify;\"><span style=\"font-weight: 400;\">T\u1ee7 r\u01b0\u1ee3u nh\u00f4m k\u00ednh c\u00f3 m\u1eabu m\u00e3 \u0111a d\u1ea1ng nh\u01b0:<\/span><\/p>\n<ul style=\"text-align: justify;\">\n<li style=\"font-weight: 400;\" aria-level=\"1\"><span style=\"font-weight: 400;\">T\u1ee7 \u0111\u1ee9ng \u0111\u1ed9c l\u1eadp<\/span><\/li>\n<li style=\"font-weight: 400;\" aria-level=\"1\"><span style=\"font-weight: 400;\">T\u1ee7 \u00e2m t\u01b0\u1eddng<\/span><\/li>\n<li style=\"font-weight: 400;\" aria-level=\"1\"><span style=\"font-weight: 400;\">T\u1ee7 g\u1ea7m c\u1ea7u thang<\/span><\/li>\n<li style=\"font-weight: 400;\" aria-level=\"1\"><span style=\"font-weight: 400;\">K\u1ec7 trang tr\u00ed ph\u00f2ng kh\u00e1ch<\/span><\/li>\n<\/ul>\n<p style=\"text-align: justify;\"><span style=\"font-weight: 400;\">Gia ch\u1ee7 c\u00f3 th\u1ec3 l\u1ef1a ch\u1ecdn gi\u1eefa c\u1eeda k\u00ednh tr\u01b0\u1ee3t hi\u1ec7n \u0111\u1ea1i ho\u1eb7c c\u00e1nh m\u1edf truy\u1ec1n th\u1ed1ng, t\u00f9y theo phong c\u00e1ch n\u1ed9i th\u1ea5t. Khung nh\u00f4m c\u00f3 th\u1ec3 t\u00f9y bi\u1ebfn m\u00e0u s\u1eafc (v\u00e0ng, tr\u1eafng, \u0111en), c\u00f2n k\u00ednh c\u01b0\u1eddng l\u1ef1c c\u00f3 th\u1ec3 ch\u1ecdn lo\u1ea1i trong su\u1ed1t ho\u1eb7c m\u00e0u kh\u00f3i. M\u1ed9t s\u1ed1 m\u1eabu c\u00f2n \u0111\u01b0\u1ee3c t\u00edch h\u1ee3p \u0111\u00e8n LED chi\u1ebfu s\u00e1ng, gi\u00fap t\u0103ng \u0111i\u1ec3m nh\u1ea5n v\u00e0 l\u00e0m n\u1ed5i b\u1eadt b\u1ed9 s\u01b0u t\u1eadp r\u01b0\u1ee3u.<\/span><\/p>\n<p style=\"text-align: justify;\"><span style=\"font-weight: 400;\">V\u1edbi thi\u1ebft k\u1ebf tinh g\u1ecdn, linh ho\u1ea1t, s\u1ea3n ph\u1ea9m d\u1ec5 d\u00e0ng h\u00f2a h\u1ee3p v\u1edbi nhi\u1ec1u phong c\u00e1ch n\u1ed9i th\u1ea5t nh\u01b0 hi\u1ec7n \u0111\u1ea1i, t\u1ed1i gi\u1ea3n hay \u0111\u01b0\u01a1ng \u0111\u1ea1i. Gia ch\u1ee7 c\u00f3 th\u1ec3 \u0111\u1eb7t t\u1ea1i ph\u00f2ng kh\u00e1ch, ph\u00f2ng b\u1ebfp ho\u1eb7c ph\u00f2ng gi\u1ea3i tr\u00ed m\u1ed9t c\u00e1ch h\u00e0i h\u00f2a, th\u1ea9m m\u1ef9.<\/span><\/p>\n<h2 style=\"text-align: justify;\"><b>2. \u01afu \u0111i\u1ec3m c\u1ee7a t\u1ee7 r\u01b0\u1ee3u nh\u00f4m k\u00ednh<\/b><\/h2>\n<p style=\"text-align: justify;\"><b>Thi\u1ebft k\u1ebf hi\u1ec7n \u0111\u1ea1i v\u00e0 sang tr\u1ecdng<\/b><span style=\"font-weight: 400;\">: T\u1ee7 r\u01b0\u1ee3u nh\u00f4m k\u00ednh mang \u0111\u1ebfn v\u1ebb \u0111\u1eb9p tinh t\u1ebf, hi\u1ec7n \u0111\u1ea1i v\u1edbi khung nh\u00f4m ch\u1eafc ch\u1eafn k\u1ebft h\u1ee3p c\u00f9ng c\u00e1nh k\u00ednh trong su\u1ed1t, t\u1ea1o \u0111i\u1ec3m nh\u1ea5n th\u1ea9m m\u1ef9 n\u1ed5i b\u1eadt cho kh\u00f4ng gian n\u1ed9i th\u1ea5t<\/span><span style=\"font-weight: 400;\">.<\/span><\/p>\n<p style=\"text-align: justify;\"><b>\u0110\u1ed9 b\u1ec1n cao v\u00e0 d\u1ec5 b\u1ea3o tr\u00ec<\/b><span style=\"font-weight: 400;\">: Ch\u1ea5t li\u1ec7u nh\u00f4m c\u00f3 kh\u1ea3 n\u0103ng ch\u1ed1ng \u0103n m\u00f2n, kh\u00f4ng g\u1ec9 s\u00e9t, k\u1ebft h\u1ee3p v\u1edbi k\u00ednh c\u01b0\u1eddng l\u1ef1c b\u1ec1n ch\u1eafc gi\u00fap t\u1ee7 c\u00f3 tu\u1ed5i th\u1ecd l\u00e2u d\u00e0i, \u0111\u1ed3ng th\u1eddi b\u1ec1 m\u1eb7t k\u00ednh nh\u1eb5n m\u1ecbn r\u1ea5t d\u1ec5 lau ch\u00f9i, gi\u1eef cho t\u1ee7 lu\u00f4n s\u00e1ng b\u00f3ng v\u00e0 m\u1edbi m\u1ebb.<\/span><\/p>\n<p style=\"text-align: justify;\"><b>Tr\u1ecdng l\u01b0\u1ee3ng nh\u1eb9 v\u00e0 linh ho\u1ea1t trong b\u00e0i tr\u00ed<\/b><span style=\"font-weight: 400;\">: So v\u1edbi c\u00e1c lo\u1ea1i t\u1ee7 g\u1ed7 truy\u1ec1n th\u1ed1ng, t\u1ee7 nh\u00f4m k\u00ednh c\u00f3 tr\u1ecdng l\u01b0\u1ee3ng nh\u1eb9 h\u01a1n, d\u1ec5 d\u00e0ng di chuy\u1ec3n v\u00e0 l\u1eafp \u0111\u1eb7t, ph\u00f9 h\u1ee3p v\u1edbi nhi\u1ec1u kh\u00f4ng gian kh\u00e1c nhau t\u1eeb nh\u1ecf \u0111\u1ebfn l\u1edbn.<\/span><\/p>\n<p style=\"text-align: justify;\"><b>Kh\u1ea3 n\u0103ng b\u1ea3o qu\u1ea3n r\u01b0\u1ee3u hi\u1ec7u qu\u1ea3<\/b><span style=\"font-weight: 400;\">: V\u1edbi thi\u1ebft k\u1ebf k\u00edn \u0111\u00e1o v\u00e0 c\u00e1nh k\u00ednh trong su\u1ed1t, t\u1ee7 gi\u00fap duy tr\u00ec nhi\u1ec7t \u0111\u1ed9 v\u00e0 \u0111\u1ed9 \u1ea9m \u1ed5n \u0111\u1ecbnh, b\u1ea3o v\u1ec7 r\u01b0\u1ee3u kh\u1ecfi t\u00e1c \u0111\u1ed9ng c\u1ee7a \u00e1nh s\u00e1ng v\u00e0 kh\u00f4ng kh\u00ed, gi\u1eef nguy\u00ean h\u01b0\u01a1ng v\u1ecb v\u00e0 ch\u1ea5t l\u01b0\u1ee3ng r\u01b0\u1ee3u l\u00e2u d\u00e0i.<\/span><\/p>\n<p style=\"text-align: justify;\"><b>T\u00ednh th\u1ea9m m\u1ef9 cao v\u00e0 t\u1ea1o \u0111i\u1ec3m nh\u1ea5n cho kh\u00f4ng gian<\/b><span style=\"font-weight: 400;\">:\u00a0 <\/span><span style=\"font-weight: 400;\">V\u1edbi thi\u1ebft k\u1ebf hi\u1ec7n \u0111\u1ea1i, thanh tho\u00e1t v\u00e0 s\u1eed d\u1ee5ng k\u00ednh c\u01b0\u1eddng l\u1ef1c trong su\u1ed1t, t\u1ee7 r\u01b0\u1ee3u nh\u00f4m k\u00ednh mang l\u1ea1i m\u1ed9t v\u1ebb \u0111\u1eb9p sang tr\u1ecdng v\u00e0 tinh t\u1ebf cho kh\u00f4ng gian. K\u00ednh gi\u00fap ng\u01b0\u1eddi s\u1eed d\u1ee5ng d\u1ec5 d\u00e0ng quan s\u00e1t c\u00e1c chai r\u01b0\u1ee3u b\u00ean trong, t\u1ea1o n\u00ean m\u1ed9t \u0111i\u1ec3m nh\u1ea5n \u0111\u1eb7c bi\u1ec7t trong ph\u00f2ng kh\u00e1ch, ph\u00f2ng \u0103n ho\u1eb7c qu\u1ea7y bar. T\u1ee7 r\u01b0\u1ee3u nh\u00f4m k\u00ednh gi\u00fap t\u00f4n l\u00ean gi\u00e1 tr\u1ecb c\u1ee7a nh\u1eefng chai r\u01b0\u1ee3u qu\u00fd, l\u00e0m t\u0103ng th\u00eam s\u1ef1 sang tr\u1ecdng cho kh\u00f4ng gian s\u1ed1ng.<\/span><\/p>\n<p style=\"text-align: justify;\"><b>Thi\u1ebft k\u1ebf linh ho\u1ea1t v\u00e0 \u0111a d\u1ea1ng: <\/b><span style=\"font-weight: 400;\">T\u1ee7 r\u01b0\u1ee3u nh\u00f4m k\u00ednh c\u00f3 nhi\u1ec1u m\u1eabu m\u00e3 v\u00e0 k\u00edch th\u01b0\u1edbc kh\u00e1c nhau, t\u1eeb t\u1ee7 \u0111\u1ee9ng, t\u1ee7 ngang cho \u0111\u1ebfn t\u1ee7 treo t\u01b0\u1eddng. T\u00f9y thu\u1ed9c v\u00e0o kh\u00f4ng gian v\u00e0 nhu c\u1ea7u s\u1eed d\u1ee5ng, b\u1ea1n c\u00f3 th\u1ec3 l\u1ef1a ch\u1ecdn c\u00e1c m\u1eabu t\u1ee7 nh\u00f4m k\u00ednh v\u1edbi nhi\u1ec1u ng\u0103n, k\u1ec7 \u0111\u1ec3 l\u01b0u tr\u1eef r\u01b0\u1ee3u v\u00e0 c\u00e1c d\u1ee5ng c\u1ee5 m\u1edf r\u01b0\u1ee3u. H\u01a1n n\u1eefa, t\u1ee7 c\u00f2n c\u00f3 th\u1ec3 \u0111\u01b0\u1ee3c trang b\u1ecb th\u00eam h\u1ec7 th\u1ed1ng \u0111\u00e8n LED chi\u1ebfu s\u00e1ng \u0111\u1ec3 t\u1ea1o hi\u1ec7u \u1ee9ng b\u1eaft m\u1eaft, l\u00e0m n\u1ed5i b\u1eadt c\u00e1c chai r\u01b0\u1ee3u.<\/span><\/p>\n<p style=\"text-align: justify;\"><b>Gi\u00e1 th\u00e0nh h\u1ee3p l\u00fd<\/b><span style=\"font-weight: 400;\">: So v\u1edbi c\u00e1c lo\u1ea1i t\u1ee7 l\u00e0m t\u1eeb g\u1ed7 t\u1ef1 nhi\u00ean ho\u1eb7c kim lo\u1ea1i kh\u00e1c, t\u1ee7 nh\u00f4m k\u00ednh c\u00f3 m\u1ee9c gi\u00e1 ph\u1ea3i ch\u0103ng, ph\u00f9 h\u1ee3p v\u1edbi nhi\u1ec1u \u0111\u1ed1i t\u01b0\u1ee3ng kh\u00e1ch h\u00e0ng.<\/span><\/p>\n<p style=\"text-align: justify;\"><span style=\"font-weight: 400;\">T\u00f3m l\u1ea1i, t\u1ee7 r\u01b0\u1ee3u nh\u00f4m k\u00ednh l\u00e0 s\u1ef1 l\u1ef1a ch\u1ecdn t\u1ed1i \u01b0u cho nh\u1eefng ai mu\u1ed1n s\u1edf h\u1eefu m\u1ed9t s\u1ea3n ph\u1ea9m v\u1eeba b\u1ec1n b\u1ec9, ti\u1ec7n d\u1ee5ng, v\u1eeba mang t\u00ednh th\u1ea9m m\u1ef9 cao, gi\u00fap b\u1ea3o qu\u1ea3n v\u00e0 tr\u01b0ng b\u00e0y r\u01b0\u1ee3u m\u1ed9t c\u00e1ch sang tr\u1ecdng v\u00e0 hi\u1ec7u qu\u1ea3.<\/span><\/p>\n<h2 style=\"text-align: justify;\"><b>3. C\u00e1c lo\u1ea1i t\u1ee7 r\u01b0\u1ee3u nh\u00f4m k\u00ednh ph\u1ed5 bi\u1ebfn<\/b><\/h2>\n<p style=\"text-align: justify;\"><b>T\u1ee7 r\u01b0\u1ee3u nh\u00f4m k\u00ednh d\u1ea1ng \u0111\u1ee9ng \u0111\u1ed9c l\u1eadp<\/b><\/p>\n<p style=\"text-align: justify;\"><span style=\"font-weight: 400;\">\u0110\u00e2y l\u00e0 m\u1eabu t\u1ee7 r\u01b0\u1ee3u b\u1eb1ng nh\u00f4m k\u00ednh \u0111\u01b0\u1ee3c \u01b0a chu\u1ed9ng nh\u1ea5t nh\u1edd thi\u1ebft k\u1ebf d\u00e1ng cao, thanh tho\u00e1t v\u00e0 d\u1ec5 b\u1ed1 tr\u00ed trong nhi\u1ec1u kh\u00f4ng gian. V\u1edbi nhi\u1ec1u t\u1ea7ng k\u1ec7 ch\u1eafc ch\u1eafn, s\u1ea3n ph\u1ea9m kh\u00f4ng ch\u1ec9 t\u1ed1i \u01b0u kh\u1ea3 n\u0103ng tr\u01b0ng b\u00e0y m\u00e0 c\u00f2n mang \u0111\u1ebfn v\u1ebb ngo\u00e0i sang tr\u1ecdng, l\u1ecbch l\u00e3m. \u01afu \u0111i\u1ec3m n\u1ed5i b\u1eadt c\u1ee7a d\u00f2ng t\u1ee7 n\u00e0y l\u00e0 kh\u00f4ng c\u1ea7n g\u1eafn c\u1ed1 \u0111\u1ecbnh v\u00e0o t\u01b0\u1eddng, d\u1ec5 d\u00e0ng di chuy\u1ec3n, th\u00edch h\u1ee3p \u0111\u1eb7t t\u1ea1i ph\u00f2ng kh\u00e1ch, ph\u00f2ng \u0103n hay b\u1ea5t k\u1ef3 g\u00f3c th\u01b0 gi\u00e3n n\u00e0o trong nh\u00e0.<\/span><\/p>\n<p style=\"text-align: justify;\"><b>T\u1ee7 r\u01b0\u1ee3u nh\u00f4m k\u00ednh \u00e2m t\u01b0\u1eddng<\/b><\/p>\n<p style=\"text-align: justify;\"><span style=\"font-weight: 400;\">\u0110\u1ed1i v\u1edbi nh\u1eefng ai y\u00eau th\u00edch kh\u00f4ng gian g\u1ecdn g\u00e0ng, li\u1ec1n m\u1ea1ch, t\u1ee7 r\u01b0\u1ee3u nh\u00f4m k\u00ednh \u00e2m t\u01b0\u1eddng ch\u00ednh l\u00e0 \u0111i\u1ec3m nh\u1ea5n tinh t\u1ebf. \u0110\u01b0\u1ee3c thi\u1ebft k\u1ebf \u1ea9n v\u00e0o h\u1ed1c t\u01b0\u1eddng, lo\u1ea1i t\u1ee7 n\u00e0y ti\u1ebft ki\u1ec7m t\u1ed1i \u0111a di\u1ec7n t\u00edch m\u00e0 v\u1eabn \u0111\u1ea3m b\u1ea3o kh\u1ea3 n\u0103ng tr\u01b0ng b\u00e0y \u1ea5n t\u01b0\u1ee3ng.\u00a0<\/span><\/p>\n<p style=\"text-align: justify;\"><b>T\u1ee7 r\u01b0\u1ee3u k\u1ebft h\u1ee3p v\u00e1ch ng\u0103n<\/b><\/p>\n<p style=\"text-align: justify;\"><span style=\"font-weight: 400;\">T\u1eadn d\u1ee5ng kh\u00f4ng gian m\u1ed9t c\u00e1ch th\u00f4ng minh, t\u1ee7 r\u01b0\u1ee3u nh\u00f4m k\u00ednh k\u1ebft h\u1ee3p v\u00e1ch ng\u0103n l\u00e0 l\u1ef1a ch\u1ecdn tuy\u1ec7t v\u1eddi cho nh\u1eefng ng\u00f4i nh\u00e0 c\u00f3 thi\u1ebft k\u1ebf m\u1edf. V\u1eeba \u0111\u00f3ng vai tr\u00f2 l\u01b0u tr\u1eef r\u01b0\u1ee3u, v\u1eeba \u0111\u1ea3m nhi\u1ec7m ch\u1ee9c n\u0103ng ph\u00e2n t\u00e1ch kh\u00f4ng gian gi\u1eefa ph\u00f2ng kh\u00e1ch v\u00e0 b\u1ebfp, m\u1eabu t\u1ee7 n\u00e0y mang \u0111\u1ebfn s\u1ef1 linh ho\u1ea1t v\u00e0 s\u00e1ng t\u1ea1o trong thi\u1ebft k\u1ebf n\u1ed9i th\u1ea5t. \u0110\u00e2y l\u00e0 d\u00f2ng t\u1ee7 r\u01b0\u1ee3u b\u1eb1ng nh\u00f4m k\u00ednh d\u00e0nh cho gia ch\u1ee7 y\u00eau th\u00edch s\u1ef1 \u0111a n\u0103ng v\u00e0 phong c\u00e1ch s\u1ed1ng hi\u1ec7n \u0111\u1ea1i.<\/span><\/p>\n<p style=\"text-align: justify;\"><b>T\u1ee7 r\u01b0\u1ee3u nh\u00f4m k\u00ednh treo t\u01b0\u1eddng<\/b><\/p>\n<p style=\"text-align: justify;\"><span style=\"font-weight: 400;\">V\u1edbi nh\u1eefng kh\u00f4ng gian s\u1ed1ng khi\u00eam t\u1ed1n nh\u01b0 c\u0103n h\u1ed9 mini, studio, hay nh\u00e0 ph\u1ed1 nh\u1ecf, t\u1ee7 r\u01b0\u1ee3u nh\u00f4m k\u00ednh treo t\u01b0\u1eddng l\u00e0 gi\u1ea3i ph\u00e1p t\u1ed1i \u01b0u. Thi\u1ebft k\u1ebf g\u1ecdn nh\u1eb9, d\u1ec5 l\u1eafp \u0111\u1eb7t, m\u1eabu t\u1ee7 n\u00e0y gi\u00fap tr\u01b0ng b\u00e0y b\u1ed9 s\u01b0u t\u1eadp r\u01b0\u1ee3u nh\u1ecf m\u1ed9t c\u00e1ch tinh t\u1ebf m\u00e0 kh\u00f4ng chi\u1ebfm nhi\u1ec1u di\u1ec7n t\u00edch. \u0110\u00e2y l\u00e0 m\u1eabu t\u1ee7 r\u01b0\u1ee3u nh\u00f4m hi\u1ec7n \u0111\u1ea1i, ph\u00f9 h\u1ee3p v\u1edbi l\u1ed1i s\u1ed1ng n\u0103ng \u0111\u1ed9ng, ti\u1ec7n nghi c\u1ee7a \u0111\u00f4 th\u1ecb.<\/span><\/p>\n<h2 style=\"text-align: justify;\"><b>4. C\u00e1ch l\u1ef1a ch\u1ecdn t\u1ee7 r\u01b0\u1ee3u nh\u00f4m k\u00ednh ph\u00f9 h\u1ee3p<\/b><\/h2>\n<ul style=\"text-align: justify;\">\n<li style=\"text-align: justify;\"><b>X\u00e1c \u0111\u1ecbnh nhu c\u1ea7u s\u1eed d\u1ee5ng:<\/b><span style=\"font-weight: 400;\"> T\u00ednh to\u00e1n s\u1ed1 l\u01b0\u1ee3ng chai r\u01b0\u1ee3u c\u1ea7n tr\u01b0ng b\u00e0y\/b\u1ea3o qu\u1ea3n \u0111\u1ec3 ch\u1ecdn dung t\u00edch v\u00e0 s\u1ed1 ng\u0103n ph\u00f9 h\u1ee3p; c\u00e2n nh\u1eafc v\u1ecb tr\u00ed \u0111\u1eb7t t\u1ee7 (ph\u00f2ng kh\u00e1ch, ph\u00f2ng b\u1ebfp, h\u1ea7m r\u01b0\u1ee3u).<\/span><\/li>\n<li style=\"text-align: justify;\"><b>K\u00edch th\u01b0\u1edbc v\u00e0 ki\u1ec3u d\u00e1ng:<\/b><span style=\"font-weight: 400;\"> \u0110o \u0111\u1ea1c kh\u00f4ng gian hi\u1ec7n c\u00f3 n\u00ean d\u00f9ng t\u1ee7 \u00e2m t\u01b0\u1eddng hay t\u1ee7 \u0111\u1ee9ng; l\u01b0u \u00fd kh\u00f4ng gian m\u1edf c\u1eeda h\u1ee3p l\u00fd (kho\u1ea3ng tr\u1ed1ng cho c\u00e1nh c\u1eeda k\u00ednh), \u0111\u1ea3m b\u1ea3o h\u00e0i h\u00f2a v\u1edbi n\u1ed9i th\u1ea5t xung quanh.<\/span><\/li>\n<li style=\"text-align: justify;\"><b>Ki\u1ec3m tra ch\u1ea5t l\u01b0\u1ee3ng:<\/b><span style=\"font-weight: 400;\"> Ch\u1ecdn c\u00e1c m\u1eabu t\u1ee7 c\u00f3 khung nh\u00f4m \u0111\u1ecbnh h\u00ecnh ch\u1eafc ch\u1eafn, k\u00ednh c\u01b0\u1eddng l\u1ef1c d\u00e0y \u22655mm, b\u1ea3n l\u1ec1\/b\u1ed9 ph\u1ee5 ki\u1ec7n inox b\u1ec1n. \u01afu ti\u00ean s\u1ea3n ph\u1ea9m c\u00f3 b\u1ea3o h\u00e0nh r\u00f5 r\u00e0ng.<\/span><\/li>\n<li style=\"text-align: justify;\"><b>Ng\u00e2n s\u00e1ch:<\/b><span style=\"font-weight: 400;\"> So s\u00e1nh gi\u00e1 gi\u1eefa c\u00e1c nh\u00e0 cung c\u1ea5p; t\u1ee7 nh\u00f4m k\u00ednh c\u00f3 nhi\u1ec1u m\u1ee9c gi\u00e1 kh\u00e1c nhau t\u00f9y ch\u1ea5t li\u1ec7u nh\u00f4m (Xingfa, 7000\u2026) v\u00e0 \u0111\u1ed9 d\u00e0y k\u00ednh. L\u1ef1a ch\u1ecdn s\u1ea3n ph\u1ea9m ph\u00f9 h\u1ee3p c\u1ea3 v\u1ec1 ch\u1ea5t l\u01b0\u1ee3ng v\u00e0 t\u00fai ti\u1ec1n.<\/span><\/li>\n<li style=\"text-align: justify;\"><b>Th\u01b0\u01a1ng hi\u1ec7u v\u00e0 ch\u1ebf \u0111\u1ed9 b\u1ea3o h\u00e0nh:<\/b><span style=\"font-weight: 400;\"> \u01afu ti\u00ean mua t\u1ea1i c\u00e1c showroom n\u1ed9i th\u1ea5t uy t\u00edn, c\u00f3 ch\u00ednh s\u00e1ch l\u1eafp \u0111\u1eb7t v\u00e0 b\u1ea3o h\u00e0nh sau mua; tr\u00e1nh mua h\u00e0ng k\u00e9m ch\u1ea5t l\u01b0\u1ee3ng t\u1eeb nh\u00e0 s\u1ea3n xu\u1ea5t kh\u00f4ng r\u00f5 ngu\u1ed3n g\u1ed1c.<\/span><\/li>\n<\/ul>\n<h2 style=\"text-align: justify;\"><b>5. B\u00e1o gi\u00e1 t\u1ee7 r\u01b0\u1ee3u nh\u00f4m k\u00ednh\u00a0<\/b><\/h2>\n<p style=\"text-align: justify;\"><span style=\"font-weight: 400;\">Gi\u00e1 t\u1ee7 r\u01b0\u1ee3u nh\u00f4m k\u00ednh ph\u1ee5 thu\u1ed9c v\u00e0o nhi\u1ec1u y\u1ebfu t\u1ed1 nh\u01b0 k\u00edch th\u01b0\u1edbc, ki\u1ec3u d\u00e1ng, m\u00e0u s\u1eafc khung nh\u00f4m, lo\u1ea1i k\u00ednh s\u1eed d\u1ee5ng v\u00e0 c\u00e1c t\u00ednh n\u0103ng \u0111i k\u00e8m nh\u01b0 \u0111\u00e8n LED hay h\u1ec7 c\u1eeda tr\u01b0\u1ee3t. Ngo\u00e0i ra, chi ph\u00ed c\u0169ng c\u00f3 th\u1ec3 thay \u0111\u1ed5i theo thi\u1ebft k\u1ebf \u0111\u1eb7t ri\u00eang v\u00e0 y\u00eau c\u1ea7u thi c\u00f4ng th\u1ef1c t\u1ebf t\u1ea1i kh\u00f4ng gian l\u1eafp \u0111\u1eb7t. \u0110\u1ec3 nh\u1eadn b\u00e1o gi\u00e1 chi ti\u1ebft v\u00e0 ph\u00f9 h\u1ee3p v\u1edbi nhu c\u1ea7u, kh\u00e1ch h\u00e0ng n\u00ean li\u00ean h\u1ec7 tr\u1ef1c ti\u1ebfp v\u1edbi \u0111\u01a1n v\u1ecb cung c\u1ea5p uy t\u00edn \u0111\u1ec3 \u0111\u01b0\u1ee3c t\u01b0 v\u1ea5n c\u1ee5 th\u1ec3.<\/span><\/p>\n<h2 style=\"text-align: justify;\"><b>6. B\u1ea3o qu\u1ea3n v\u00e0 s\u1eed d\u1ee5ng t\u1ee7 r\u01b0\u1ee3u nh\u00f4m k\u00ednh<\/b><\/h2>\n<ul style=\"text-align: justify;\">\n<li style=\"font-weight: 400;\" aria-level=\"1\"><b>V\u1ec7 sinh \u0111\u1ecbnh k\u1ef3:<\/b><span style=\"font-weight: 400;\"> Lau khung nh\u00f4m v\u00e0 k\u00ednh b\u1eb1ng kh\u0103n m\u1ec1m, tr\u00e1nh d\u00f9ng h\u00f3a ch\u1ea5t m\u1ea1nh; gi\u1eef t\u1ee7 lu\u00f4n kh\u00f4 r\u00e1o \u0111\u1ec3 k\u00ednh trong su\u1ed1t v\u00e0 b\u1ec1n \u0111\u1eb9p l\u00e2u d\u00e0i.<\/span><\/li>\n<li style=\"font-weight: 400;\" aria-level=\"1\"><b>Tr\u00e1nh t\u00e1c \u0111\u1ed9ng m\u1ea1nh:<\/b><span style=\"font-weight: 400;\"> D\u00f9 k\u00ednh c\u01b0\u1eddng l\u1ef1c b\u1ec1n, nh\u01b0ng gia ch\u1ee7 n\u00ean tr\u00e1nh \u0111\u1eadp m\u1ea1nh hay va ch\u1ea1m tr\u1ef1c ti\u1ebfp v\u1edbi c\u1eeda k\u00ednh \u0111\u1ec3 h\u1ea1n ch\u1ebf r\u1ea1n n\u1ee9t.<\/span><\/li>\n<li style=\"font-weight: 400;\" aria-level=\"1\"><b>\u0110i\u1ec1u ki\u1ec7n b\u1ea3o qu\u1ea3n r\u01b0\u1ee3u:<\/b><span style=\"font-weight: 400;\"> D\u00f9 t\u1ee7 nh\u00f4m k\u00ednh kh\u00f4ng c\u00f3 ch\u1ee9c n\u0103ng l\u00e0m m\u00e1t, c\u1ea7n \u0111\u1eb7t n\u01a1i tr\u00e1nh \u00e1nh n\u1eafng tr\u1ef1c ti\u1ebfp v\u00e0 nhi\u1ec7t \u0111\u1ed9 thay \u0111\u1ed5i \u0111\u1ed9t ng\u1ed9t; n\u1ebfu c\u1ea7n, c\u00f3 th\u1ec3 l\u1eafp th\u00eam \u0111i\u1ec1u h\u00f2a \u1ea9m hay b\u1ea3o qu\u1ea3n r\u01b0\u1ee3u \u1edf nhi\u1ec7t \u0111\u1ed9 \u1ed5n \u0111\u1ecbnh.<\/span><\/li>\n<li style=\"font-weight: 400;\" aria-level=\"1\"><b>L\u01b0u \u00fd b\u1ed1 tr\u00ed:<\/b><span style=\"font-weight: 400;\"> \u0110\u1eb7t t\u1ee7 \u1edf v\u1ecb tr\u00ed ch\u1eafc ch\u1eafn, ngang t\u1ea7m m\u1eaft ho\u1eb7c ti\u1ec7n l\u1ea5y chai; trang tr\u00ed xung quanh (\u0111\u00e8n chi\u1ebfu, \u0111\u1ed3 decor nh\u1ecf) \u0111\u1ec3 t\u0103ng v\u1ebb \u0111\u1eb9p t\u1ed5ng th\u1ec3.<\/span><\/li>\n<\/ul>\n<h2 style=\"text-align: justify;\"><b>7. Nh\u1ea5t Nam \u2013\u00a0 \u0110\u01a1n v\u1ecb cung c\u1ea5p t\u1ee7 r\u01b0\u1ee3u nh\u00f4m k\u00ednh uy t\u00edn, ch\u1ea5t l\u01b0\u1ee3ng<\/b><\/h2>\n<p style=\"text-align: justify;\"><span style=\"font-weight: 400;\">Kh\u00f4ng ch\u1ec9 \u0111\u01a1n thu\u1ea7n l\u00e0 v\u1eadt d\u1ee5ng tr\u01b0ng b\u00e0y, t\u1ee7 r\u01b0\u1ee3u nh\u00f4m k\u00ednh gi\u1edd \u0111\u00e2y \u0111\u00e3 v\u01b0\u1ee3t kh\u1ecfi gi\u1edbi h\u1ea1n c\u00f4ng n\u0103ng \u0111\u1ec3 tr\u1edf th\u00e0nh \u0111i\u1ec3m ch\u1ea1m th\u1ea9m m\u1ef9 trong m\u1ecdi kh\u00f4ng gian s\u1ed1ng. Nh\u1eb9 nh\u00e0ng nh\u01b0ng c\u1ee9ng c\u00e1p, t\u1ed1i gi\u1ea3n nh\u01b0ng v\u1eabn sang tr\u1ecdng, \u0111\u00f3 l\u00e0 l\u00fd do v\u00ec sao ng\u00e0y c\u00e0ng nhi\u1ec1u gia ch\u1ee7 \u01b0u \u00e1i l\u1ef1a ch\u1ecdn d\u00f2ng t\u1ee7 n\u00e0y cho t\u1ed5 \u1ea5m c\u1ee7a m\u00ecnh.<\/span><\/p>\n<p style=\"text-align: justify;\"><span style=\"font-weight: 400;\">T\u1ea1i <\/span><b>Nh\u1ea5t Nam<\/b><span style=\"font-weight: 400;\">, ch\u00fang t\u00f4i kh\u00f4ng b\u00e1n s\u1ea3n ph\u1ea9m, ch\u00fang t\u00f4i t\u1ea1o n\u00ean tr\u1ea3i nghi\u1ec7m. M\u1ed7i m\u1eabu t\u1ee7 r\u01b0\u1ee3u l\u00e0 m\u1ed9t thi\u1ebft k\u1ebf c\u00f3 chi\u1ec1u s\u00e2u, k\u1ebft h\u1ee3p tinh t\u1ebf gi\u1eefa ch\u1ea5t li\u1ec7u nh\u00f4m chu\u1ea9n k\u1ef9 thu\u1eadt v\u00e0 k\u00ednh c\u01b0\u1eddng l\u1ef1c s\u00e1ng trong, gi\u00fap t\u00f4n vinh tr\u1ecdn v\u1eb9n b\u1ed9 s\u01b0u t\u1eadp r\u01b0\u1ee3u qu\u00fd m\u00e0 b\u1ea1n s\u1edf h\u1eefu.<\/span><\/p>\n<p style=\"text-align: justify;\"><span style=\"font-weight: 400;\">N\u1ebfu b\u1ea1n \u0111ang t\u00ecm ki\u1ebfm m\u1ed9t s\u1ef1 kh\u00e1c bi\u1ec7t, m\u1ed9t \u0111i\u1ec3m nh\u1ea5n v\u1eeba \u0111\u1ee7 nh\u01b0ng \u0111\u1ee7 khi\u1ebfn ng\u01b0\u1eddi kh\u00e1c ph\u1ea3i d\u1eebng l\u1ea1i ng\u1eafm nh\u00ecn, h\u00e3y \u0111\u1ec3 Nh\u1ea5t Nam \u0111\u1ed3ng h\u00e0nh c\u00f9ng b\u1ea1n. \u0110\u1eb7t ni\u1ec1m tin v\u00e0o ch\u00fang t\u00f4i h\u00f4m nay, \u0111\u1ec3 kh\u00f4ng gian s\u1ed1ng c\u1ee7a b\u1ea1n k\u1ec3 m\u1ed9t c\u00e2u chuy\u1ec7n ri\u00eang, \u0111\u1ea7y b\u1ea3n s\u1eafc.<\/span><\/p>\n","protected":false},"excerpt":{"rendered":"<p>T\u1ee7 r\u01b0\u1ee3u nh\u00f4m k\u00ednh l\u00e0 l\u1ef1a ch\u1ecdn ho\u00e0n h\u1ea3o cho nh\u1eefng ai y\u00eau th\u00edch s\u1ef1 hi\u1ec7n \u0111\u1ea1i, tinh t\u1ebf v\u00e0 sang tr\u1ecdng trong kh\u00f4ng gian s\u1ed1ng c\u1ee7a m\u00ecnh. V\u1edbi s\u1ef1 k\u1ebft h\u1ee3p gi\u1eefa ch\u1ea5t li\u1ec7u nh\u00f4m v\u00e0 k\u00ednh c\u01b0\u1eddng l\u1ef1c, t\u1ee7 r\u01b0\u1ee3u nh\u00f4m k\u00ednh kh\u00f4ng ch\u1ec9 mang \u0111\u1ebfn kh\u1ea3 n\u0103ng b\u1ea3o qu\u1ea3n r\u01b0\u1ee3u t\u1ed1t m\u00e0 [&hellip;]<\/p>\n","protected":false},"featured_media":0,"comment_status":"open","ping_status":"closed","template":"","meta":{"_acf_changed":false,"_gspb_post_css":""},"book-author":[],"product_brand":[],"product_cat":[109],"product_tag":[],"class_list":{"0":"post-2083","1":"product","2":"type-product","3":"status-publish","5":"product_cat-tu-bep-inox","7":"first","8":"instock","9":"shipping-taxable","10":"product-type-simple"},"acf":[],"_links":{"self":[{"href":"https:\/\/nhatnam.libion.me\/wp-json\/wp\/v2\/product\/2083","targetHints":{"allow":["GET"]}}],"collection":[{"href":"https:\/\/nhatnam.libion.me\/wp-json\/wp\/v2\/product"}],"about":[{"href":"https:\/\/nhatnam.libion.me\/wp-json\/wp\/v2\/types\/product"}],"replies":[{"embeddable":true,"href":"https:\/\/nhatnam.libion.me\/wp-json\/wp\/v2\/comments?post=2083"}],"wp:attachment":[{"href":"https:\/\/nhatnam.libion.me\/wp-json\/wp\/v2\/media?parent=2083"}],"wp:term":[{"taxonomy":"book-author","embeddable":true,"href":"https:\/\/nhatnam.libion.me\/wp-json\/wp\/v2\/book-author?post=2083"},{"taxonomy":"product_brand","embeddable":true,"href":"https:\/\/nhatnam.libion.me\/wp-json\/wp\/v2\/product_brand?post=2083"},{"taxonomy":"product_cat","embeddable":true,"href":"https:\/\/nhatnam.libion.me\/wp-json\/wp\/v2\/product_cat?post=2083"},{"taxonomy":"product_tag","embeddable":true,"href":"https:\/\/nhatnam.libion.me\/wp-json\/wp\/v2\/product_tag?post=2083"}],"curies":[{"name":"wp","href":"https:\/\/api.w.org\/{rel}","templated":true}]}}