{"id":2072,"date":"2026-04-07T10:37:28","date_gmt":"2026-04-07T10:37:28","guid":{"rendered":"https:\/\/nhatnam.libion.me\/index.php\/product\/tu-bep-go-nhua-picomat\/"},"modified":"2026-04-07T10:37:43","modified_gmt":"2026-04-07T10:37:43","slug":"tu-bep-go-nhua-picomat","status":"publish","type":"product","link":"https:\/\/nhatnam.libion.me\/index.php\/product\/tu-bep-go-nhua-picomat\/","title":{"rendered":"T\u1ee7 B\u1ebfp G\u1ed7 Nh\u1ef1a Picomat\u00a0"},"content":{"rendered":"<p style=\"text-align: justify;\"><b>T\u1ee7 b\u1ebfp g\u1ed7 nh\u1ef1a Picomat<\/b><span style=\"font-weight: 400;\"> l\u00e0 gi\u1ea3i ph\u00e1p t\u1ee7 b\u1ebfp hi\u1ec7n \u0111\u1ea1i \u0111\u01b0\u1ee3c \u01b0a chu\u1ed9ng nh\u1edd \u0111\u1ed9 b\u1ec1n cao, ch\u1ed1ng n\u01b0\u1edbc tuy\u1ec7t \u0111\u1ed1i v\u00e0 kh\u00f4ng m\u1ed1i m\u1ecdt. V\u1edbi thi\u1ebft k\u1ebf \u0111a d\u1ea1ng, b\u1ec1 m\u1eb7t s\u00e1ng b\u00f3ng, d\u1ec5 v\u1ec7 sinh, s\u1ea3n ph\u1ea9m mang \u0111\u1ebfn v\u1ebb \u0111\u1eb9p sang tr\u1ecdng v\u00e0 ti\u1ec7n nghi cho m\u1ecdi kh\u00f4ng gian b\u1ebfp. \u0110\u01b0\u1ee3c l\u00e0m t\u1eeb v\u1eadt li\u1ec7u nh\u1ef1a PVC Foam, t\u1ee7 b\u1ebfp Picomat kh\u00f4ng ch\u1ec9 \u0111\u1ea3m b\u1ea3o t\u00ednh th\u1ea9m m\u1ef9 m\u00e0 c\u00f2n mang l\u1ea1i hi\u1ec7u qu\u1ea3 s\u1eed d\u1ee5ng l\u00e2u d\u00e0i.\u00a0<\/span><\/p>\n<h2 style=\"text-align: justify;\"><b>1. T\u1ee7 b\u1ebfp g\u1ed7 nh\u1ef1a Picomat l\u00e0 g\u00ec?<br \/>\n<\/b><\/h2>\n<figure id=\"attachment_7146\" aria-describedby=\"caption-attachment-7146\" style=\"width: 1280px\" class=\"wp-caption aligncenter\"><img loading=\"lazy\" decoding=\"async\" class=\"wp-image-7146 size-full\" src=\"https:\/\/nhatnam.org\/wp-content\/uploads\/2025\/05\/tu_bep_nhua-72.jpg\" alt=\"T\u1ee7 B\u1ebfp G\u1ed7 Nh\u1ef1a Picomat\u00a0\" width=\"1280\" height=\"960\" \/><figcaption id=\"caption-attachment-7146\" class=\"wp-caption-text\">M\u1eabu t\u1ee7 b\u1ebfp g\u1ed7 nh\u1ef1a Picomat \u0111\u1eb9p, hi\u1ec7n \u0111\u1ea1i<\/figcaption><\/figure>\n<p style=\"text-align: justify;\"><span style=\"font-weight: 400;\">T\u1ee7 b\u1ebfp nh\u1ef1a Picomat l\u00e0 s\u1ea3n ph\u1ea9m \u0111\u01b0\u1ee3c ch\u1ebf t\u1ea1o t\u1eeb v\u1eadt li\u1ec7u nh\u1ef1a Picomat, hay c\u00f2n g\u1ecdi l\u00e0 PVC Foam. \u0110\u00e2y l\u00e0 m\u1ed9t lo\u1ea1i v\u1eadt li\u1ec7u \u0111\u01b0\u1ee3c c\u1ea5u t\u1ea1o t\u1eeb 60% PVC v\u00e0 40% b\u1ed9t g\u1ed7 c\u00f9ng c\u00e1c ch\u1ea5t v\u00f4 c\u01a1 ph\u1ee5 gia. Nh\u1edd v\u00e0o c\u1ea5u tr\u00fac \u0111\u1eb7c bi\u1ec7t n\u00e0y, t\u1ee7 b\u1ebfp nh\u1ef1a Picomat c\u00f3 \u0111\u01b0\u1ee3c nh\u1eefng \u01b0u \u0111i\u1ec3m v\u01b0\u1ee3t tr\u1ed9i m\u00e0 c\u00e1c lo\u1ea1i t\u1ee7 b\u1ebfp truy\u1ec1n th\u1ed1ng kh\u00f4ng th\u1ec3 s\u00e1nh b\u1eb1ng.<\/span><\/p>\n<p style=\"text-align: justify;\"><span style=\"font-weight: 400;\">V\u1edbi \u0111\u1eb7c t\u00ednh ch\u1ed1ng \u1ea9m, kh\u00e1ng n\u01b0\u1edbc, ch\u1ed1ng m\u1ed1i m\u1ecdt v\u00e0 d\u1ec5 d\u00e0ng gia c\u00f4ng, nh\u1ef1a Picomat mang \u0111\u1ebfn s\u1ef1 b\u1ec1n b\u1ec9, \u1ed5n \u0111\u1ecbnh trong c\u00e1c m\u00f4i tr\u01b0\u1eddng \u1ea9m \u01b0\u1edbt nh\u01b0 ph\u00f2ng b\u1ebfp. Ch\u00ednh v\u00ec th\u1ebf, \u0111\u00e2y l\u00e0 l\u1ef1a ch\u1ecdn ho\u00e0n h\u1ea3o cho nh\u1eefng kh\u00f4ng gian b\u1ebfp hi\u1ec7n \u0111\u1ea1i, n\u01a1i m\u00e0 c\u00e1c y\u1ebfu t\u1ed1 v\u1ec1 t\u00ednh n\u0103ng v\u00e0 th\u1ea9m m\u1ef9 lu\u00f4n \u0111\u01b0\u1ee3c \u0111\u1eb7t l\u00ean h\u00e0ng \u0111\u1ea7u.<\/span><\/p>\n<p style=\"text-align: justify;\"><a href=\"https:\/\/picomat.com.vn\/van-nhua-picomat\" target=\"_blank\" rel=\"noopener\"><b>Picomat<\/b><\/a><span style=\"font-weight: 400;\"> l\u00e0 th\u01b0\u01a1ng hi\u1ec7u ti\u00ean phong trong s\u1ea3n xu\u1ea5t v\u1eadt li\u1ec7u g\u1ed7 nh\u1ef1a t\u1ea1i Vi\u1ec7t Nam. C\u00e1c s\u1ea3n ph\u1ea9m c\u1ee7a Picomat lu\u00f4n \u0111\u01b0\u1ee3c \u0111\u00e1nh gi\u00e1 cao v\u1ec1 \u0111\u1ed9 b\u1ec1n, \u0111\u1ed9 an to\u00e0n v\u1edbi s\u1ee9c kh\u1ecfe ng\u01b0\u1eddi d\u00f9ng v\u00e0 t\u00ednh th\u1ea9m m\u1ef9 hi\u1ec7n \u0111\u1ea1i.<\/span><\/p>\n<h2 style=\"text-align: justify;\"><b>2. C\u1ea5u t\u1ea1o chi ti\u1ebft c\u1ee7a t\u1ee7 b\u1ebfp g\u1ed7 nh\u1ef1a Picomat<br \/>\n<\/b><\/h2>\n<figure id=\"attachment_7161\" aria-describedby=\"caption-attachment-7161\" style=\"width: 1280px\" class=\"wp-caption aligncenter\"><img loading=\"lazy\" decoding=\"async\" class=\"wp-image-7161 size-full\" src=\"https:\/\/nhatnam.org\/wp-content\/uploads\/2025\/05\/pa.jpg\" alt=\"T\u1ee7 B\u1ebfp G\u1ed7 Nh\u1ef1a Picomat\u00a0\" width=\"1280\" height=\"960\" \/><figcaption id=\"caption-attachment-7161\" class=\"wp-caption-text\">T\u1ea5m nh\u1ef1a Picomat \u0111\u01b0\u1ee3c d\u00f9ng l\u00e0m t\u1ee7 b\u1ebfp<\/figcaption><\/figure>\n<p style=\"text-align: justify;\"><span style=\"font-weight: 400;\">M\u1ed9t b\u1ed9 t\u1ee7 b\u1ebfp g\u1ed7 nh\u1ef1a Picomat ho\u00e0n ch\u1ec9nh th\u01b0\u1eddng bao g\u1ed3m:<\/span><\/p>\n<ul style=\"text-align: justify;\">\n<li style=\"font-weight: 400;\" aria-level=\"1\"><b>Th\u00f9ng t\u1ee7<\/b><span style=\"font-weight: 400;\">: l\u00e0m t\u1eeb t\u1ea5m nh\u1ef1a PVC foam Picomat d\u00e0y 18mm, c\u00f3 kh\u1ea3 n\u0103ng ch\u1ecbu n\u01b0\u1edbc 100%, kh\u00f4ng m\u1ee5c n\u00e1t trong m\u00f4i tr\u01b0\u1eddng \u1ea9m th\u1ea5p.<\/span><\/li>\n<li style=\"font-weight: 400;\" aria-level=\"1\"><b>C\u00e1nh t\u1ee7<\/b><span style=\"font-weight: 400;\">: tu\u1ef3 ch\u1ecdn nhi\u1ec1u lo\u1ea1i b\u1ec1 m\u1eb7t nh\u01b0 ph\u1ee7 acrylic b\u00f3ng g\u01b0\u01a1ng, laminate ch\u1ed1ng tr\u1ea7y x\u01b0\u1edbc, melamine ho\u1eb7c s\u01a1n PU cao c\u1ea5p.<\/span><\/li>\n<li style=\"font-weight: 400;\" aria-level=\"1\"><b>H\u1eadu t\u1ee7<\/b><span style=\"font-weight: 400;\">: th\u01b0\u1eddng s\u1eed d\u1ee5ng t\u1ea5m nh\u1ef1a Picomat ho\u1eb7c nh\u00f4m nh\u1ef1a composite \u0111\u1ec3 t\u0103ng \u0111\u1ed9 b\u1ec1n cho to\u00e0n b\u1ed9 k\u1ebft c\u1ea5u.<\/span><\/li>\n<li style=\"font-weight: 400;\" aria-level=\"1\"><b>Ph\u1ee5 ki\u1ec7n<\/b><span style=\"font-weight: 400;\">: ray tr\u01b0\u1ee3t, b\u1ea3n l\u1ec1, tay n\u00e2ng, tay n\u1eafm, h\u1ec7 th\u1ed1ng gi\u00e1 k\u1ec7 th\u00f4ng minh \u2013 s\u1eed d\u1ee5ng c\u00e1c th\u01b0\u01a1ng hi\u1ec7u cao c\u1ea5p nh\u01b0 Blum, Hafele, Cariny\u2026<\/span><\/li>\n<\/ul>\n<p style=\"text-align: justify;\"><span style=\"font-weight: 400;\">Ch\u00ednh nh\u1edd s\u1ef1 k\u1ebft h\u1ee3p \u0111\u1ed3ng b\u1ed9 gi\u1eefa v\u1eadt li\u1ec7u g\u1ed7 nh\u1ef1a Picomat v\u1edbi c\u00e1c ph\u1ee5 ki\u1ec7n hi\u1ec7n \u0111\u1ea1i, t\u1ee7 b\u1ebfp cho c\u1ea3m gi\u00e1c ch\u1eafc ch\u1eafn, b\u1ec1n b\u1ec9 v\u00e0 v\u1eadn h\u00e0nh \u00eam \u00e1i trong su\u1ed1t qu\u00e1 tr\u00ecnh s\u1eed d\u1ee5ng.<\/span><\/p>\n<h2 style=\"text-align: justify;\"><b>3. \u01afu \u0111i\u1ec3m n\u1ed5i b\u1eadt c\u1ee7a t\u1ee7 b\u1ebfp g\u1ed7 nh\u1ef1a Picomat<br \/>\n<\/b><\/h2>\n<figure id=\"attachment_7124\" aria-describedby=\"caption-attachment-7124\" style=\"width: 1280px\" class=\"wp-caption aligncenter\"><img loading=\"lazy\" decoding=\"async\" class=\"wp-image-7124 size-full\" src=\"https:\/\/nhatnam.org\/wp-content\/uploads\/2025\/05\/tu_bep_nhua-50.jpg\" alt=\"t\u1ee7 b\u1ebfp g\u1ed7 nh\u1ef1a Picomat\" width=\"1280\" height=\"960\" \/><figcaption id=\"caption-attachment-7124\" class=\"wp-caption-text\">M\u1eabu t\u1ee7 b\u1ebfp g\u1ed7 nh\u1ef1a Picomat an to\u00e0n s\u1ee9c kh\u1ecfe ng\u01b0\u1eddi d\u00f9ng<\/figcaption><\/figure>\n<p style=\"text-align: justify;\"><span style=\"font-weight: 400;\">S\u1edf d\u0129 t\u1ee7 b\u1ebfp g\u1ed7 nh\u1ef1a Picomat \u0111\u01b0\u1ee3c \u01b0a chu\u1ed9ng l\u00e0 nh\u1edd h\u00e0ng lo\u1ea1t \u01b0u \u0111i\u1ec3m v\u01b0\u1ee3t tr\u1ed9i:<\/span><\/p>\n<p style=\"text-align: justify;\"><span style=\"font-weight: 400;\">T\u1ee7 b\u1ebfp nh\u1ef1a Picomat kh\u00f4ng ch\u1ec9 c\u00f3 m\u1ed9t v\u1ebb ngo\u00e0i sang tr\u1ecdng m\u00e0 c\u00f2n s\u1edf h\u1eefu nhi\u1ec1u t\u00ednh n\u0103ng \u01b0u vi\u1ec7t, th\u00edch h\u1ee3p cho nh\u1eefng gia \u0111\u00ecnh mu\u1ed1n t\u00ecm ki\u1ebfm m\u1ed9t gi\u1ea3i ph\u00e1p b\u1ec1n b\u1ec9, d\u1ec5 s\u1eed d\u1ee5ng. M\u1ed9t s\u1ed1 \u01b0u \u0111i\u1ec3m n\u1ed5i b\u1eadt c\u1ee7a t\u1ee7 b\u1ebfp nh\u1ef1a Picomat bao g\u1ed3m:<\/span><\/p>\n<p style=\"text-align: justify;\"><b>Kh\u1ea3 n\u0103ng ch\u1ed1ng n\u01b0\u1edbc tuy\u1ec7t \u0111\u1ed1i: <\/b><span style=\"font-weight: 400;\">Kh\u00f4ng nh\u01b0 g\u1ed7 t\u1ef1 nhi\u00ean hay MDF ch\u1ed1ng \u1ea9m, t\u1ea5m Picomat ho\u00e0n to\u00e0n kh\u00f4ng th\u1ea5m n\u01b0\u1edbc. B\u1ea1n c\u00f3 th\u1ec3 l\u1eafp \u0111\u1eb7t t\u1ee7 b\u1ebfp \u1edf khu v\u1ef1c g\u1ea7n b\u1ed3n r\u1eeda, m\u00e1y r\u1eeda ch\u00e9n m\u00e0 kh\u00f4ng lo \u1ea9m m\u1ed1c hay bong tr\u00f3c.<\/span><\/p>\n<p style=\"text-align: justify;\"><b>Ch\u1ed1ng m\u1ed1i m\u1ecdt, n\u1ea5m m\u1ed1c tri\u1ec7t \u0111\u1ec3: <\/b><span style=\"font-weight: 400;\">B\u1ea3n ch\u1ea5t l\u00e0 nh\u1ef1a PVC, t\u1ea5m Picomat kh\u00f4ng ch\u1ee9a cellulose \u2013 ngu\u1ed3n th\u1ee9c \u0103n y\u00eau th\u00edch c\u1ee7a m\u1ed1i m\u1ecdt. V\u00ec v\u1eady, t\u1ee7 b\u1ebfp l\u00e0m t\u1eeb v\u1eadt li\u1ec7u n\u00e0y lu\u00f4n b\u1ec1n \u0111\u1eb9p d\u00f9 s\u1eed d\u1ee5ng l\u00e2u d\u00e0i trong \u0111i\u1ec1u ki\u1ec7n kh\u00ed h\u1eadu nhi\u1ec7t \u0111\u1edbi \u1ea9m gi\u00f3 m\u00f9a.<\/span><\/p>\n<p style=\"text-align: justify;\"><b>Kh\u00f4ng cong v\u00eanh, n\u1ee9t n\u1ebb: <\/b><span style=\"font-weight: 400;\">Kh\u1ea3 n\u0103ng ch\u1ecbu l\u1ef1c t\u1ed1t, \u00edt ch\u1ecbu t\u00e1c \u0111\u1ed9ng c\u1ee7a nhi\u1ec7t \u0111\u1ed9 v\u00e0 \u0111\u1ed9 \u1ea9m gi\u00fap t\u1ee7 b\u1ebfp g\u1ed7 nh\u1ef1a Picomat gi\u1eef form d\u00e1ng \u1ed5n \u0111\u1ecbnh, kh\u00f4ng bi\u1ebfn d\u1ea1ng theo th\u1eddi gian.<\/span><\/p>\n<p style=\"text-align: justify;\"><b>Th\u1ea9m m\u1ef9 \u0111a d\u1ea1ng, hi\u1ec7n \u0111\u1ea1i: <\/b><span style=\"font-weight: 400;\">B\u1ec1 m\u1eb7t t\u1ee7 c\u00f3 th\u1ec3 ph\u1ee7 acrylic b\u00f3ng g\u01b0\u01a1ng, laminate v\u00e2n g\u1ed7, v\u00e2n \u0111\u00e1 ho\u1eb7c s\u01a1n PU theo s\u1edf th\u00edch, \u0111em \u0111\u1ebfn h\u00e0ng tr\u0103m s\u1ef1 l\u1ef1a ch\u1ecdn v\u1ec1 m\u00e0u s\u1eafc v\u00e0 ki\u1ec3u d\u00e1ng cho ng\u01b0\u1eddi d\u00f9ng.<\/span><\/p>\n<p style=\"text-align: justify;\"><b>D\u1ec5 d\u00e0ng thi c\u00f4ng, l\u1eafp \u0111\u1eb7t: <\/b><span style=\"font-weight: 400;\">Nh\u1edd c\u1ea5u tr\u00fac foam nh\u1eb9 nh\u01b0ng c\u1ee9ng, v\u1eadt li\u1ec7u Picomat d\u1ec5 d\u00e0ng gia c\u00f4ng b\u1eb1ng c\u00e1c m\u00e1y m\u00f3c c\u01a1 b\u1ea3n c\u1ee7a ng\u00e0nh g\u1ed7, gi\u00fap \u0111\u1ea9y nhanh ti\u1ebfn \u0111\u1ed9 s\u1ea3n xu\u1ea5t v\u00e0 l\u1eafp \u0111\u1eb7t.<\/span><\/p>\n<p style=\"text-align: justify;\"><b>An to\u00e0n cho s\u1ee9c kh\u1ecfe ng\u01b0\u1eddi d\u00f9ng: <\/b><span style=\"font-weight: 400;\">T\u1ea5m Picomat \u0111\u1ea1t ti\u00eau chu\u1ea9n E1 ch\u00e2u \u00c2u v\u1ec1 h\u00e0m l\u01b0\u1ee3ng formaldehyde, kh\u00f4ng ph\u00e1t th\u1ea3i kh\u00ed \u0111\u1ed9c h\u1ea1i ra m\u00f4i tr\u01b0\u1eddng, th\u00e2n thi\u1ec7n v\u1edbi s\u1ee9c kh\u1ecfe v\u00e0 \u0111\u1eb7c bi\u1ec7t ph\u00f9 h\u1ee3p cho c\u00e1c gia \u0111\u00ecnh c\u00f3 tr\u1ebb nh\u1ecf.<\/span><\/p>\n<p style=\"text-align: justify;\"><b>Nh\u01b0\u1ee3c \u0111i\u1ec3m c\u1ee7a t\u1ee7 b\u1ebfp g\u1ed7 nh\u1ef1a Picomat<\/b><\/p>\n<p style=\"text-align: justify;\"><span style=\"font-weight: 400;\">B\u00ean c\u1ea1nh nh\u1eefng \u01b0u \u0111i\u1ec3m v\u01b0\u1ee3t tr\u1ed9i, t\u1ee7 b\u1ebfp g\u1ed7 nh\u1ef1a Picomat c\u0169ng t\u1ed3n t\u1ea1i m\u1ed9t s\u1ed1 h\u1ea1n ch\u1ebf nh\u1ea5t \u0111\u1ecbnh:<\/span><\/p>\n<p style=\"text-align: justify;\"><b>Kh\u1ea3 n\u0103ng ch\u1ecbu l\u1ef1c n\u1eb7ng<\/b><span style=\"font-weight: 400;\"> th\u1ea5p h\u01a1n so v\u1edbi g\u1ed7 c\u00f4ng nghi\u1ec7p MDF l\u00f5i xanh.<\/span><\/p>\n<p style=\"text-align: justify;\"><b>Thi\u1ebft k\u1ebf chi ti\u1ebft ph\u1ee9c t\u1ea1p<\/b><span style=\"font-weight: 400;\"> kh\u00f3 th\u1ec3 hi\u1ec7n b\u1eb1ng v\u1eadt li\u1ec7u Picomat do t\u00ednh ch\u1ea5t foam nh\u1ef1a.<\/span><\/p>\n<p style=\"text-align: justify;\"><span style=\"font-weight: 400;\">Tuy nhi\u00ean, so v\u1edbi m\u00f4i tr\u01b0\u1eddng \u1ea9m th\u1ea5p \u0111\u1eb7c tr\u01b0ng c\u1ee7a ph\u00f2ng b\u1ebfp Vi\u1ec7t, nh\u1eefng nh\u01b0\u1ee3c \u0111i\u1ec3m n\u00e0y ho\u00e0n to\u00e0n c\u00f3 th\u1ec3 kh\u1eafc ph\u1ee5c th\u00f4ng qua thi\u1ebft k\u1ebf k\u1ef9 thu\u1eadt v\u00e0 s\u1eed d\u1ee5ng ph\u1ee5 ki\u1ec7n ph\u00f9 h\u1ee3p.<\/span><\/p>\n<h2 style=\"text-align: justify;\"><b>4. C\u00e1c m\u1eabu t\u1ee7 b\u1ebfp g\u1ed7 nh\u1ef1a Picomat \u0111\u1eb9p, hi\u1ec7n \u0111\u1ea1i<\/b><\/h2>\n<p style=\"text-align: justify;\"><span style=\"font-weight: 400;\">Ng\u00e0y nay, <\/span>m\u1eabu t\u1ee7 b\u1ebfp nh\u1ef1a Picomat<span style=\"font-weight: 400;\"> r\u1ea5t \u0111a d\u1ea1ng v\u1ec1 thi\u1ebft k\u1ebf:<br \/>\n<\/span><\/p>\n<figure id=\"attachment_7092\" aria-describedby=\"caption-attachment-7092\" style=\"width: 1280px\" class=\"wp-caption aligncenter\"><img loading=\"lazy\" decoding=\"async\" class=\"wp-image-7092 size-full\" src=\"https:\/\/nhatnam.org\/wp-content\/uploads\/2025\/05\/tu_bep_nhua-18.jpg\" alt=\"T\u1ee7 B\u1ebfp G\u1ed7 Nh\u1ef1a Picomat\u00a0\" width=\"1280\" height=\"960\" \/><figcaption id=\"caption-attachment-7092\" class=\"wp-caption-text\">T\u1ee7 b\u1ebfp picomat c\u00e1nh ph\u1ee7 Laminate<\/figcaption><\/figure>\n<p style=\"text-align: justify;\"><span style=\"font-weight: 400;\"><img loading=\"lazy\" decoding=\"async\" class=\"aligncenter wp-image-7091 size-full\" src=\"https:\/\/nhatnam.org\/wp-content\/uploads\/2025\/05\/tu_bep_nhua-17.jpg\" alt=\"\" width=\"1280\" height=\"960\" \/><\/span><\/p>\n<figure id=\"attachment_7083\" aria-describedby=\"caption-attachment-7083\" style=\"width: 1280px\" class=\"wp-caption aligncenter\"><img loading=\"lazy\" decoding=\"async\" class=\"wp-image-7083 size-full\" src=\"https:\/\/nhatnam.org\/wp-content\/uploads\/2025\/05\/tu_bep_nhua-9.jpg\" alt=\"T\u1ee7 b\u1ebfp g\u1ed7 nh\u1ef1a picomat c\u00e1nh ph\u1ee7\" width=\"1280\" height=\"960\" \/><figcaption id=\"caption-attachment-7083\" class=\"wp-caption-text\">,M\u1eabu t\u1ee7 b\u1ebfp picomat c\u00e1nh ph\u1ee7 Acrylic b\u00f3ng g\u01b0\u01a1ng \u0111\u1eb9p hi\u1ec7n \u0111\u1ea1i<\/figcaption><\/figure>\n<figure id=\"attachment_7108\" aria-describedby=\"caption-attachment-7108\" style=\"width: 1280px\" class=\"wp-caption aligncenter\"><img loading=\"lazy\" decoding=\"async\" class=\"wp-image-7108 size-full\" src=\"https:\/\/nhatnam.org\/wp-content\/uploads\/2025\/05\/tu_bep_nhua-34.jpg\" alt=\"T\u1ee7 b\u1ebfp g\u1ed7 nh\u1ef1a picomat\" width=\"1280\" height=\"960\" \/><figcaption id=\"caption-attachment-7108\" class=\"wp-caption-text\">M\u1eabu t\u1ee7 b\u1ebfp g\u1ed7 nh\u1ef1a Picomat b\u1ec1n \u0111\u1eb9p, thi\u1ebft k\u1ebf hi\u1ec7n \u0111\u1ea1i<\/figcaption><\/figure>\n<p style=\"text-align: justify;\"><span style=\"font-weight: 400;\">S\u1ef1 linh ho\u1ea1t trong v\u1eadt li\u1ec7u ph\u1ee7 b\u1ec1 m\u1eb7t gi\u00fap t\u1ee7 b\u1ebfp g\u1ed7 nh\u1ef1a Picomat ph\u00f9 h\u1ee3p v\u1edbi nhi\u1ec1u phong c\u00e1ch n\u1ed9i th\u1ea5t, t\u1eeb hi\u1ec7n \u0111\u1ea1i, t\u1ed1i gi\u1ea3n \u0111\u1ebfn t\u00e2n c\u1ed5 \u0111i\u1ec3n.<\/span><\/p>\n<h2 style=\"text-align: justify;\"><b>5. C\u00f3 n\u00ean l\u00e0m t\u1ee7 b\u1ebfp b\u1eb1ng nh\u1ef1a Picomat?<\/b><\/h2>\n<p style=\"text-align: justify;\"><span style=\"font-weight: 400;\">N\u1ebfu b\u1ea1n \u0111ang t\u00ecm ki\u1ebfm m\u1ed9t gi<strong>\u1ea3i ph\u00e1p <\/strong><\/span><strong>t\u1ee7 b\u1ebfp b\u1ec1n \u0111\u1eb9p, ch\u1ed1ng n\u01b0\u1edbc, ch\u1ed1ng m\u1ed1i m\u1ecdt, th\u00ec t\u1ee7 b\u1ebfp g\u1ed7 nh\u1ef1a Picomat<\/strong><span style=\"font-weight: 400;\"> ch\u1eafc ch\u1eafn l\u00e0 s\u1ef1 l\u1ef1a ch\u1ecdn l\u00fd t\u01b0\u1edfng.<\/span><span style=\"font-weight: 400;\"><br \/>\n<\/span><span style=\"font-weight: 400;\">\u0110\u1eb7c bi\u1ec7t, v\u1edbi th\u1eddi ti\u1ebft n\u00f3ng \u1ea9m quanh n\u0103m nh\u01b0 \u1edf Vi\u1ec7t Nam, vi\u1ec7c s\u1eed d\u1ee5ng t\u1ee7 b\u1ebfp t\u1eeb v\u1eadt li\u1ec7u Picomat s\u1ebd gi\u00fap b\u1ea1n y\u00ean t\u00e2m h\u01a1n r\u1ea5t nhi\u1ec1u so v\u1edbi t\u1ee7 g\u1ed7 t\u1ef1 nhi\u00ean hay MDF th\u00f4ng th\u01b0\u1eddng.<\/span><\/p>\n<p style=\"text-align: justify;\"><b>M\u1ed9t v\u00e0i l\u01b0u \u00fd khi ch\u1ecdn l\u00e0m t\u1ee7 b\u1ebfp Picomat<\/b><span style=\"font-weight: 400;\">:<\/span><\/p>\n<ul style=\"text-align: justify;\">\n<li style=\"font-weight: 400;\" aria-level=\"1\"><span style=\"font-weight: 400;\">Ch\u1ecdn \u0111\u01a1n v\u1ecb s\u1ea3n xu\u1ea5t \u2013 thi c\u00f4ng uy t\u00edn \u0111\u1ec3 \u0111\u1ea3m b\u1ea3o ch\u1ea5t l\u01b0\u1ee3ng.<\/span><\/li>\n<li style=\"font-weight: 400;\" aria-level=\"1\"><span style=\"font-weight: 400;\">K\u1ebft h\u1ee3p ph\u1ee5 ki\u1ec7n b\u1ebfp cao c\u1ea5p \u0111\u1ec3 n\u00e2ng cao tu\u1ed5i th\u1ecd cho t\u1ee7.<\/span><\/li>\n<li style=\"font-weight: 400;\" aria-level=\"1\"><span style=\"font-weight: 400;\">L\u1ef1a ch\u1ecdn b\u1ec1 m\u1eb7t ph\u1ee7 ph\u00f9 h\u1ee3p v\u1edbi phong c\u00e1ch n\u1ed9i th\u1ea5t t\u1ed5ng th\u1ec3.<\/span><\/li>\n<\/ul>\n<h2 style=\"text-align: justify;\"><b>5. B\u00e1o gi\u00e1 t\u1ee7 b\u1ebfp g\u1ed7 nh\u1ef1a Picomat<\/b><\/h2>\n<p style=\"text-align: justify;\"><span style=\"font-weight: 400;\">V\u1edbi nh\u1eefng t\u00ednh n\u0103ng \u01b0u vi\u1ec7t v\u00e0 ch\u1ea5t li\u1ec7u b\u1ec1n b\u1ec9, t\u1ee7 b\u1ebfp nh\u1ef1a Picomat l\u00e0 l\u1ef1a ch\u1ecdn t\u1ed1i \u01b0u cho nh\u1eefng ai mu\u1ed1n s\u1edf h\u1eefu m\u1ed9t kh\u00f4ng gian b\u1ebfp \u0111\u1eb9p v\u00e0 ch\u1ea5t l\u01b0\u1ee3ng. Tuy nhi\u00ean, gi\u00e1 t\u1ee7 b\u1ebfp nh\u1ef1a Picomat c\u00f3 th\u1ec3 thay \u0111\u1ed5i t\u00f9y thu\u1ed9c v\u00e0o nhi\u1ec1u y\u1ebfu t\u1ed1 nh\u01b0 m\u1eabu m\u00e3, k\u00edch th\u01b0\u1edbc, v\u00e0 lo\u1ea1i v\u1eadt li\u1ec7u ph\u1ee7 b\u1ec1 m\u1eb7t.<\/span><\/p>\n<p style=\"text-align: justify;\"><span style=\"font-weight: 400;\">\u0110\u1ec3 bi\u1ebft ch\u00ednh x\u00e1c gi\u00e1 t\u1ee7 b\u1ebfp nh\u1ef1a Picomat, qu\u00fd kh\u00e1ch h\u00e0ng c\u00f3 th\u1ec3 li\u00ean h\u1ec7 tr\u1ef1c ti\u1ebfp v\u1edbi <strong>Nh\u1ea5t Nam <\/strong>\u0111\u1ec3 nh\u1eadn t\u01b0 v\u1ea5n chi ti\u1ebft v\u00e0 b\u00e1o gi\u00e1 ph\u00f9 h\u1ee3p v\u1edbi nhu c\u1ea7u s\u1eed d\u1ee5ng.<\/span><\/p>\n<h2 style=\"text-align: justify;\"><b>6. Nh\u1ea5t Nam \u2013 \u0110\u1ecba ch\u1ec9 thi c\u00f4ng t\u1ee7 b\u1ebfp g\u1ed7 nh\u1ef1a Picomat uy t\u00edn<\/b><\/h2>\n<p style=\"text-align: justify;\"><span style=\"font-weight: 400;\">V\u1edbi nhi\u1ec1u n\u0103m kinh nghi\u1ec7m trong l\u0129nh v\u1ef1c n\u1ed9i th\u1ea5t, <\/span><b>Nh\u1ea5t Nam<\/b><span style=\"font-weight: 400;\"> t\u1ef1 h\u00e0o l\u00e0 \u0111\u01a1n v\u1ecb:<\/span><\/p>\n<ul style=\"text-align: justify;\">\n<li style=\"font-weight: 400;\" aria-level=\"1\"><span style=\"font-weight: 400;\">T\u01b0 v\u1ea5n, thi\u1ebft k\u1ebf mi\u1ec5n ph\u00ed 1:1 theo y\u00eau c\u1ea7u.<\/span><\/li>\n<li style=\"font-weight: 400;\" aria-level=\"1\"><span style=\"font-weight: 400;\">S\u1ea3n xu\u1ea5t t\u1ee7 b\u1ebfp Picomat ch\u00ednh h\u00e3ng, chu\u1ea9n k\u1ef9 thu\u1eadt.<\/span><\/li>\n<li style=\"font-weight: 400;\" aria-level=\"1\"><span style=\"font-weight: 400;\">B\u1ea3o h\u00e0nh d\u00e0i h\u1ea1n \u2013 Ch\u1ebf \u0111\u1ed9 h\u1eadu m\u00e3i chu \u0111\u00e1o.<\/span><\/li>\n<li style=\"font-weight: 400;\" aria-level=\"1\"><span style=\"font-weight: 400;\">C\u1eadp nh\u1eadt m\u1eabu m\u00e3 hi\u1ec7n \u0111\u1ea1i, h\u1ee3p xu h\u01b0\u1edbng n\u1ed9i th\u1ea5t m\u1edbi nh\u1ea5t.<\/span><\/li>\n<\/ul>\n<p style=\"text-align: justify;\"><span style=\"font-weight: 400;\">H\u00e3y \u0111\u1ec3 Nh\u1ea5t Nam \u0111\u1ed3ng h\u00e0nh c\u00f9ng b\u1ea1n ki\u1ebfn t\u1ea1o n\u00ean kh\u00f4ng gian b\u1ebfp \u0111\u1eb9p hi\u1ec7n \u0111\u1ea1i c\u00f9ng n\u0103m th\u00e1ng!<\/span><\/p>\n","protected":false},"excerpt":{"rendered":"<p style=\"text-align: justify;\"><b>T\u1ee7 b\u1ebfp g\u1ed7 nh\u1ef1a Picomat<\/b><span style=\"font-weight: 400;\"> l\u00e0 gi\u1ea3i ph\u00e1p t\u1ee7 b\u1ebfp hi\u1ec7n \u0111\u1ea1i \u0111\u01b0\u1ee3c \u01b0a chu\u1ed9ng nh\u1edd \u0111\u1ed9 b\u1ec1n cao, ch\u1ed1ng n\u01b0\u1edbc tuy\u1ec7t \u0111\u1ed1i v\u00e0 kh\u00f4ng m\u1ed1i m\u1ecdt. V\u1edbi thi\u1ebft k\u1ebf \u0111a d\u1ea1ng, b\u1ec1 m\u1eb7t s\u00e1ng b\u00f3ng, d\u1ec5 v\u1ec7 sinh, s\u1ea3n ph\u1ea9m mang \u0111\u1ebfn v\u1ebb \u0111\u1eb9p sang tr\u1ecdng v\u00e0 ti\u1ec7n nghi cho m\u1ecdi kh\u00f4ng gian b\u1ebfp.<br \/>\n\u0110\u01b0\u1ee3c l\u00e0m t\u1eeb v\u1eadt li\u1ec7u nh\u1ef1a PVC Foam, t\u1ee7 b\u1ebfp Picomat kh\u00f4ng ch\u1ec9 \u0111\u1ea3m b\u1ea3o t\u00ednh th\u1ea9m m\u1ef9 m\u00e0 c\u00f2n mang l\u1ea1i hi\u1ec7u qu\u1ea3 s\u1eed d\u1ee5ng l\u00e2u d\u00e0i.\u00a0<\/span><\/p>\n","protected":false},"featured_media":2032,"comment_status":"open","ping_status":"closed","template":"","meta":{"_acf_changed":false,"_gspb_post_css":""},"book-author":[],"product_brand":[],"product_cat":[135],"product_tag":[],"class_list":{"0":"post-2072","1":"product","2":"type-product","3":"status-publish","4":"has-post-thumbnail","6":"product_cat-tu-bep-nhua","8":"first","9":"instock","10":"shipping-taxable","11":"product-type-simple"},"acf":[],"_links":{"self":[{"href":"https:\/\/nhatnam.libion.me\/index.php\/wp-json\/wp\/v2\/product\/2072","targetHints":{"allow":["GET"]}}],"collection":[{"href":"https:\/\/nhatnam.libion.me\/index.php\/wp-json\/wp\/v2\/product"}],"about":[{"href":"https:\/\/nhatnam.libion.me\/index.php\/wp-json\/wp\/v2\/types\/product"}],"replies":[{"embeddable":true,"href":"https:\/\/nhatnam.libion.me\/index.php\/wp-json\/wp\/v2\/comments?post=2072"}],"wp:featuredmedia":[{"embeddable":true,"href":"https:\/\/nhatnam.libion.me\/index.php\/wp-json\/wp\/v2\/media\/2032"}],"wp:attachment":[{"href":"https:\/\/nhatnam.libion.me\/index.php\/wp-json\/wp\/v2\/media?parent=2072"}],"wp:term":[{"taxonomy":"book-author","embeddable":true,"href":"https:\/\/nhatnam.libion.me\/index.php\/wp-json\/wp\/v2\/book-author?post=2072"},{"taxonomy":"product_brand","embeddable":true,"href":"https:\/\/nhatnam.libion.me\/index.php\/wp-json\/wp\/v2\/product_brand?post=2072"},{"taxonomy":"product_cat","embeddable":true,"href":"https:\/\/nhatnam.libion.me\/index.php\/wp-json\/wp\/v2\/product_cat?post=2072"},{"taxonomy":"product_tag","embeddable":true,"href":"https:\/\/nhatnam.libion.me\/index.php\/wp-json\/wp\/v2\/product_tag?post=2072"}],"curies":[{"name":"wp","href":"https:\/\/api.w.org\/{rel}","templated":true}]}}