{"id":2068,"date":"2026-04-07T10:37:21","date_gmt":"2026-04-07T10:37:21","guid":{"rendered":"https:\/\/nhatnam.libion.me\/index.php\/product\/tu-bep-nhua-an-cuong\/"},"modified":"2026-04-07T10:37:27","modified_gmt":"2026-04-07T10:37:27","slug":"tu-bep-nhua-an-cuong","status":"publish","type":"product","link":"https:\/\/nhatnam.libion.me\/index.php\/product\/tu-bep-nhua-an-cuong\/","title":{"rendered":"T\u1ee7 B\u1ebfp Nh\u1ef1a An C\u01b0\u1eddng"},"content":{"rendered":"<p style=\"text-align: justify;\"><span style=\"font-weight: 400;\">Trong nh\u1eefng n\u0103m g\u1ea7n \u0111\u00e2y, xu h\u01b0\u1edbng s\u1eed d\u1ee5ng <\/span>t\u1ee7 b\u1ebfp nh\u1ef1a An C\u01b0\u1eddng<span style=\"font-weight: 400;\"> ng\u00e0y c\u00e0ng \u0111\u01b0\u1ee3c \u01b0a chu\u1ed9ng trong thi\u1ebft k\u1ebf n\u1ed9i th\u1ea5t hi\u1ec7n \u0111\u1ea1i. Kh\u00f4ng ch\u1ec9 b\u1edfi t\u00ednh th\u1ea9m m\u1ef9 cao, d\u00f2ng t\u1ee7 n\u00e0y c\u00f2n chinh ph\u1ee5c ng\u01b0\u1eddi d\u00f9ng nh\u1edd \u0111\u1ed9 b\u1ec1n v\u01b0\u1ee3t tr\u1ed9i, kh\u1ea3 n\u0103ng ch\u1ed1ng n\u01b0\u1edbc, ch\u1ed1ng m\u1ed1i m\u1ecdt v\u00e0 th\u00e2n thi\u1ec7n v\u1edbi m\u00f4i tr\u01b0\u1eddng. N\u1ebfu b\u1ea1n \u0111ang t\u00ecm ki\u1ebfm m\u1ed9t gi\u1ea3i ph\u00e1p b\u1ec1n \u0111\u1eb9p cho c\u0103n b\u1ebfp c\u1ee7a m\u00ecnh, \u0111\u1eebng b\u1ecf qua nh\u1eefng th\u00f4ng tin chi ti\u1ebft d\u01b0\u1edbi \u0111\u00e2y.<\/span><\/p>\n<h2 style=\"text-align: justify;\"><b>1. T\u00ecm hi\u1ec3u v\u1ec1 nh\u1ef1a An C\u01b0\u1eddng v\u00e0 v\u1eadt li\u1ec7u Picomat An C\u01b0\u1eddng<br \/>\n<\/b><\/h2>\n<figure id=\"attachment_7163\" aria-describedby=\"caption-attachment-7163\" style=\"width: 1280px\" class=\"wp-caption aligncenter\"><img loading=\"lazy\" decoding=\"async\" class=\"wp-image-7163 size-full\" src=\"https:\/\/nhatnam.org\/wp-content\/uploads\/2025\/05\/pa-1.jpg\" alt=\"T\u1ee7 B\u1ebfp Nh\u1ef1a An C\u01b0\u1eddng\" width=\"1280\" height=\"960\" \/><figcaption id=\"caption-attachment-7163\" class=\"wp-caption-text\">T\u1ea5m ch\u1ec9 nh\u1ef1a PVC An C\u01b0\u1eddng v\u1edbi \u0111a d\u1ea1ng m\u00e0u s\u1eafc<\/figcaption><\/figure>\n<p>&nbsp;<\/p>\n<p style=\"text-align: justify;\"><a href=\"https:\/\/ancuong.com\/vi\/van-tho-cong-nghiep\/tam-wpb.html\" target=\"_blank\" rel=\"noopener\">Nh\u1ef1a An C\u01b0\u1eddng<\/a><span style=\"font-weight: 400;\"> l\u00e0 d\u00f2ng v\u1eadt li\u1ec7u cao c\u1ea5p \u0111\u01b0\u1ee3c s\u1ea3n xu\u1ea5t t\u1eeb nh\u1eefng nguy\u00ean li\u1ec7u nh\u1eadp kh\u1ea9u, \u1ee9ng d\u1ee5ng c\u00f4ng ngh\u1ec7 hi\u1ec7n \u0111\u1ea1i. Trong \u0111\u00f3, <\/span>nh\u1ef1a Picomat \u0111\u01b0\u1ee3c An C\u01b0\u1eddng<span style=\"font-weight: 400;\"> s\u1ea3n xu\u1ea5t l\u00e0 s\u1ea3n ph\u1ea9m n\u1ed5i b\u1eadt, \u0111\u01b0\u1ee3c \u0111\u00e1nh gi\u00e1 cao nh\u1edd c\u1ea5u tr\u00fac \u1ed5n \u0111\u1ecbnh, kh\u1ea3 n\u0103ng ch\u1ecbu n\u01b0\u1edbc tuy\u1ec7t \u0111\u1ed1i v\u00e0 \u0111\u1ed9 b\u1ec1n m\u00e0u theo th\u1eddi gian.<\/span><\/p>\n<ul style=\"text-align: justify;\">\n<li style=\"font-weight: 400;\" aria-level=\"1\"><b>T\u1ea5m nh\u1ef1a Picomat An C\u01b0\u1eddng<\/b><span style=\"font-weight: 400;\">: S\u1ea3n xu\u1ea5t t\u1eeb 100% PVC nguy\u00ean sinh k\u1ebft h\u1ee3p v\u1edbi c\u00e1c ch\u1ea5t ph\u1ee5 gia \u0111\u1eb7c bi\u1ec7t nh\u1eb1m gia t\u0103ng \u0111\u1ed9 c\u1ee9ng v\u00e0 kh\u1ea3 n\u0103ng ch\u1ecbu l\u1ef1c. T\u1ea5m nh\u1ef1a n\u00e0y \u0111\u01b0\u1ee3c d\u00f9ng ph\u1ed5 bi\u1ebfn trong thi c\u00f4ng t\u1ee7 b\u1ebfp, v\u00e1ch ng\u0103n, t\u1ee7 qu\u1ea7n \u00e1o&#8230;<\/span><\/li>\n<li style=\"font-weight: 400;\" aria-level=\"1\"><b>V\u00e1n Picomat An C\u01b0\u1eddng<\/b><span style=\"font-weight: 400;\">: V\u1edbi c\u1ea5u tr\u00fac \u0111\u1eb7c bi\u1ec7t, v\u00e1n Picomat ch\u1ed1ng cong v\u00eanh, kh\u00f4ng m\u1ed1i m\u1ecdt, th\u00edch h\u1ee3p cho c\u00e1c khu v\u1ef1c c\u00f3 \u0111\u1ed9 \u1ea9m cao nh\u01b0 nh\u00e0 b\u1ebfp.<\/span><\/li>\n<li style=\"font-weight: 400;\" aria-level=\"1\"><b>Nh\u1ef1a acrylic An C\u01b0\u1eddng<\/b><span style=\"font-weight: 400;\">: \u0110\u01b0\u1ee3c ph\u1ee7 b\u1ec1 m\u1eb7t b\u1eb1ng l\u1edbp acrylic s\u00e1ng b\u00f3ng, cho m\u00e0u s\u1eafc \u0111\u1eb9p m\u1eaft, b\u1ec1 m\u1eb7t ph\u1eb3ng m\u1ecbn, d\u1ec5 lau ch\u00f9i v\u00e0 ch\u1ed1ng tr\u1ea7y x\u01b0\u1edbc t\u1ed1t.<\/span><\/li>\n<\/ul>\n<p style=\"text-align: justify;\"><span style=\"font-weight: 400;\">S\u1ef1 k\u1ebft h\u1ee3p c\u1ee7a c\u00e1c lo\u1ea1i v\u1eadt li\u1ec7u nh\u1ef1a cao c\u1ea5p n\u00e0y \u0111\u00e3 t\u1ea1o n\u00ean nh\u1eefng b\u1ed9 <\/span>t\u1ee7 b\u1ebfp nh\u1ef1a An C\u01b0\u1eddng<span style=\"font-weight: 400;\"> kh\u00f4ng ch\u1ec9 b\u1ec1n ch\u1eafc m\u00e0 c\u00f2n c\u1ef1c k\u1ef3 sang tr\u1ecdng.<\/span><\/p>\n<h2 style=\"text-align: justify;\"><b>2. \u01afu \u0111i\u1ec3m c\u1ee7a t\u1ee7 b\u1ebfp nh\u1ef1a An C\u01b0\u1eddng<br \/>\n<\/b><\/h2>\n<figure id=\"attachment_7139\" aria-describedby=\"caption-attachment-7139\" style=\"width: 1280px\" class=\"wp-caption aligncenter\"><img loading=\"lazy\" decoding=\"async\" class=\"wp-image-7139 size-full\" src=\"https:\/\/nhatnam.org\/wp-content\/uploads\/2025\/05\/tu_bep_nhua-65.jpg\" alt=\"T\u1ee7 B\u1ebfp Nh\u1ef1a An C\u01b0\u1eddng\" width=\"1280\" height=\"960\" \/><figcaption id=\"caption-attachment-7139\" class=\"wp-caption-text\">M\u1eabu thi\u1ebft k\u1ebf t\u1ee7 nh\u1ef1a An C\u01b0\u1eddng hi\u1ec7n \u0111\u1ea1i<\/figcaption><\/figure>\n<p style=\"text-align: justify;\"><b>Ch\u1ed1ng n\u01b0\u1edbc tuy\u1ec7t \u0111\u1ed1i: <\/b><span style=\"font-weight: 400;\">Kh\u00e1c v\u1edbi c\u00e1c d\u00f2ng t\u1ee7 g\u1ed7 c\u00f4ng nghi\u1ec7p th\u00f4ng th\u01b0\u1eddng, <\/span>t\u1ee7 b\u1ebfp nh\u1ef1a An C\u01b0\u1eddng c\u00f3 kh\u1ea3 n\u0103ng ch\u1ecbu n\u01b0\u1edbc 100%. D\u00f9 trong m\u00f4i tr\u01b0\u1eddng \u1ea9m \u01b0\u1edbt, khu v\u1ef1c b\u1ebfp th\u01b0\u1eddng xuy\u00ean ti\u1ebfp x\u00fac v\u1edbi n\u01b0\u1edbc, t\u1ee7 v\u1eabn kh\u00f4ng b\u1ecb cong v\u00eanh hay m\u1ee5c n\u00e1t theo th\u1eddi gian.<\/p>\n<p style=\"text-align: justify;\"><b>Ch\u1ed1ng m\u1ed1i m\u1ecdt, kh\u00f4ng cong v\u00eanh: <\/b><span style=\"font-weight: 400;\">S\u1eed d\u1ee5ng <\/span>g\u1ed7 nh\u1ef1a Picomat An C\u01b0\u1eddng<span style=\"font-weight: 400;\"> l\u00e0m khung t\u1ee7 gi\u00fap s\u1ea3n ph\u1ea9m ch\u1ed1ng l\u1ea1i s\u1ef1 x\u00e2m nh\u1eadp c\u1ee7a m\u1ed1i m\u1ecdt, \u0111\u1ed3ng th\u1eddi duy tr\u00ec s\u1ef1 \u1ed5n \u0111\u1ecbnh h\u00ecnh d\u1ea1ng, kh\u00f4ng n\u1ee9t n\u1ebb, kh\u00f4ng bi\u1ebfn d\u1ea1ng d\u00f9 sau nhi\u1ec1u n\u0103m s\u1eed d\u1ee5ng.<\/span><\/p>\n<p style=\"text-align: justify;\"><b>\u0110\u1ed9 b\u1ec1n c\u01a1 h\u1ecdc cao: <\/b><span style=\"font-weight: 400;\">Nh\u1edd th\u00e0nh ph\u1ea7n PVC \u0111\u1eb7c ch\u1ee7ng c\u00f9ng quy tr\u00ecnh s\u1ea3n xu\u1ea5t ti\u00eau chu\u1ea9n qu\u1ed1c t\u1ebf, <\/span>t\u1ea5m Picomat An C\u01b0\u1eddng<span style=\"font-weight: 400;\"> cho kh\u1ea3 n\u0103ng ch\u1ecbu l\u1ef1c r\u1ea5t t\u1ed1t, \u0111\u1ea3m b\u1ea3o k\u1ebft c\u1ea5u v\u1eefng ch\u1eafc cho t\u1ee7 b\u1ebfp.<\/span><\/p>\n<p style=\"text-align: justify;\"><b>Th\u1ea9m m\u1ef9 cao, \u0111a d\u1ea1ng thi\u1ebft k\u1ebf: <\/b><span style=\"font-weight: 400;\">V\u1edbi l\u1edbp ph\u1ee7 b\u1ec1 m\u1eb7t <\/span>nh\u1ef1a acrylic An C\u01b0\u1eddng<span style=\"font-weight: 400;\"> ho\u1eb7c laminate, melamine&#8230; t\u1ee7 b\u1ebfp nh\u1ef1a An C\u01b0\u1eddng s\u1edf h\u1eefu v\u1ebb ngo\u00e0i hi\u1ec7n \u0111\u1ea1i, tinh t\u1ebf. B\u1ec1 m\u1eb7t b\u00f3ng g\u01b0\u01a1ng ho\u1eb7c m\u1edd nh\u1eb9, b\u1ea3ng m\u00e0u \u0111a d\u1ea1ng t\u1eeb tr\u01a1n m\u00e0u, v\u00e2n g\u1ed7 \u0111\u1ebfn v\u00e2n \u0111\u00e1&#8230; gi\u00fap ng\u01b0\u1eddi d\u00f9ng d\u1ec5 d\u00e0ng l\u1ef1a ch\u1ecdn phong c\u00e1ch ph\u00f9 h\u1ee3p.<\/span><\/p>\n<p style=\"text-align: justify;\"><b>An to\u00e0n v\u00e0 th\u00e2n thi\u1ec7n v\u1edbi s\u1ee9c kh\u1ecfe: <\/b><span style=\"font-weight: 400;\">T\u1ea5m nh\u1ef1a Picomat An C\u01b0\u1eddng \u0111\u1ea1t ch\u1ee9ng nh\u1eadn v\u1ec1 an to\u00e0n s\u1ee9c kh\u1ecfe ng\u01b0\u1eddi ti\u00eau d\u00f9ng, kh\u00f4ng ch\u1ee9a c\u00e1c ch\u1ea5t \u0111\u1ed9c h\u1ea1i nh\u01b0 ch\u00ec, th\u1ee7y ng\u00e2n, formaldehyde&#8230;, \u0111\u1ea3m b\u1ea3o kh\u00f4ng gian s\u1ed1ng trong l\u00e0nh cho gia \u0111\u00ecnh.<\/span><\/p>\n<h2 style=\"text-align: justify;\"><b>3. C\u00e1c d\u00f2ng t\u1ee7 b\u1ebfp nh\u1ef1a An C\u01b0\u1eddng ph\u1ed5 bi\u1ebfn hi\u1ec7n nay<\/b><\/h2>\n<h3 style=\"text-align: justify;\"><b>T\u1ee7 b\u1ebfp nh\u1ef1a Picomat An C\u01b0\u1eddng<br \/>\n<\/b><\/h3>\n<figure id=\"attachment_7134\" aria-describedby=\"caption-attachment-7134\" style=\"width: 1280px\" class=\"wp-caption aligncenter\"><img loading=\"lazy\" decoding=\"async\" class=\"wp-image-7134 size-full\" src=\"https:\/\/nhatnam.org\/wp-content\/uploads\/2025\/05\/tu_bep_nhua-60.jpg\" alt=\"T\u1ee7 B\u1ebfp Nh\u1ef1a An C\u01b0\u1eddng\" width=\"1280\" height=\"960\" \/><figcaption id=\"caption-attachment-7134\" class=\"wp-caption-text\">T\u1ee7 nh\u1ef1a Picomat\u00a0An C\u01b0\u1eddng c\u00e1nh Ph\u1ee7 Melamine<\/figcaption><\/figure>\n<p style=\"text-align: justify;\"><span style=\"font-weight: 400;\">S\u1eed d\u1ee5ng ho\u00e0n to\u00e0n <\/span>t\u1ea5m Picomat An C\u01b0\u1eddng<span style=\"font-weight: 400;\"> l\u00e0m th\u00f9ng v\u00e0 khung t\u1ee7, k\u1ebft h\u1ee3p c\u00e1nh ph\u1ee7 acrylic ho\u1eb7c laminate cao c\u1ea5p. \u0110\u00e2y l\u00e0 l\u1ef1a ch\u1ecdn l\u00fd t\u01b0\u1edfng cho c\u0103n b\u1ebfp c\u1ea7n kh\u1ea3 n\u0103ng ch\u1ed1ng \u1ea9m t\u1ed1i \u01b0u.<\/span><\/p>\n<h3 style=\"text-align: justify;\"><b>T\u1ee7 b\u1ebfp nh\u1ef1a acrylic An C\u01b0\u1eddng<br \/>\n<\/b><\/h3>\n<figure id=\"attachment_7077\" aria-describedby=\"caption-attachment-7077\" style=\"width: 1280px\" class=\"wp-caption aligncenter\"><img loading=\"lazy\" decoding=\"async\" class=\"wp-image-7077 size-full\" src=\"https:\/\/nhatnam.org\/wp-content\/uploads\/2025\/05\/tu_bep_nhua-3.jpg\" alt=\"T\u1ee7 B\u1ebfp Nh\u1ef1a An C\u01b0\u1eddng\" width=\"1280\" height=\"960\" \/><figcaption id=\"caption-attachment-7077\" class=\"wp-caption-text\">M\u1eabu t\u1ee7 b\u1ebfp nh\u1ef1a An C\u01b0\u1eddng c\u00e1nh Acrylic \u0111\u1eb9p, sang tr\u1ecdng<\/figcaption><\/figure>\n<p style=\"text-align: justify;\"><span style=\"font-weight: 400;\">C\u00e1nh t\u1ee7 ph\u1ee7 <\/span>nh\u1ef1a acrylic An C\u01b0\u1eddng<span style=\"font-weight: 400;\"> s\u00e1ng b\u00f3ng ho\u1eb7c matte (m\u1edd), mang l\u1ea1i v\u1ebb \u0111\u1eb9p hi\u1ec7n \u0111\u1ea1i, sang tr\u1ecdng. S\u1ea3n ph\u1ea9m ph\u00f9 h\u1ee3p v\u1edbi c\u00e1c thi\u1ebft k\u1ebf b\u1ebfp tr\u1ebb trung, n\u0103ng \u0111\u1ed9ng.<\/span><\/p>\n<h3 style=\"text-align: justify;\"><b>T\u1ee7 b\u1ebfp nh\u1ef1a PVC An C\u01b0\u1eddng<br \/>\n<\/b><\/h3>\n<figure id=\"attachment_7128\" aria-describedby=\"caption-attachment-7128\" style=\"width: 1280px\" class=\"wp-caption aligncenter\"><img loading=\"lazy\" decoding=\"async\" class=\"wp-image-7128 size-full\" src=\"https:\/\/nhatnam.org\/wp-content\/uploads\/2025\/05\/tu_bep_nhua-54.jpg\" alt=\"t\u1ee7 b\u1ebfp nh\u1ef1a an c\u01b0\u1eddng\" width=\"1280\" height=\"960\" \/><figcaption id=\"caption-attachment-7128\" class=\"wp-caption-text\">M\u1eabu t\u1ee7 b\u1ebfp nh\u1ef1a PVC An C\u01b0\u1eddng ph\u1ee7 laminlate<\/figcaption><\/figure>\n<p style=\"text-align: justify;\"><span style=\"font-weight: 400;\">T\u1ea5m PVC An C\u01b0\u1eddng v\u1edbi l\u00f5i nh\u1ef1a WPB (Water Proof Board) mang \u0111\u1ebfn kh\u1ea3 n\u0103ng ch\u1ed1ng th\u1ea5m n\u01b0\u1edbc v\u01b0\u1ee3t tr\u1ed9i, l\u00fd t\u01b0\u1edfng \u0111\u1ec3 s\u1eed d\u1ee5ng trong nh\u1eefng kh\u00f4ng gian \u1ea9m \u01b0\u1edbt gi\u00fap b\u1ea3o v\u1ec7 t\u1ee7 b\u1ebfp lu\u00f4n b\u1ec1n \u0111\u1eb9p theo th\u1eddi gian.<\/span><\/p>\n<h2 style=\"text-align: justify;\"><b>4. B\u00e1o gi\u00e1 t\u1ee7 b\u1ebfp nh\u1ef1a An C\u01b0\u1eddng m\u1edbi nh\u1ea5t<\/b><\/h2>\n<p style=\"text-align: justify;\"><span style=\"font-weight: 400;\">Gi\u00e1 th\u00e0nh c\u1ee7a <\/span>t\u1ee7 b\u1ebfp nh\u1ef1a An C\u01b0\u1eddng<span style=\"font-weight: 400;\"> s\u1ebd ph\u1ee5 thu\u1ed9c v\u00e0o nhi\u1ec1u y\u1ebfu t\u1ed1 nh\u01b0:<\/span><\/p>\n<ul style=\"text-align: justify;\">\n<li style=\"font-weight: 400;\" aria-level=\"1\"><span style=\"font-weight: 400;\">Ch\u1ee7ng lo\u1ea1i v\u1eadt li\u1ec7u: Picomat An C\u01b0\u1eddng, acrylic An C\u01b0\u1eddng, laminate An C\u01b0\u1eddng&#8230;<\/span><\/li>\n<li style=\"font-weight: 400;\" aria-level=\"1\"><span style=\"font-weight: 400;\">Ki\u1ec3u d\u00e1ng thi\u1ebft k\u1ebf: ch\u1eef I, ch\u1eef L, ch\u1eef U, \u0111\u1ea3o b\u1ebfp&#8230;<\/span><\/li>\n<li style=\"font-weight: 400;\" aria-level=\"1\"><span style=\"font-weight: 400;\">Quy m\u00f4, di\u1ec7n t\u00edch thi c\u00f4ng<\/span><\/li>\n<li style=\"font-weight: 400;\" aria-level=\"1\"><span style=\"font-weight: 400;\">Ph\u1ee5 ki\u1ec7n \u0111i k\u00e8m: b\u1ea3n l\u1ec1, tay n\u1eafm, ray tr\u01b0\u1ee3t, h\u1ec7 th\u1ed1ng ng\u0103n k\u00e9o&#8230;<\/span><\/li>\n<\/ul>\n<p style=\"text-align: justify;\"><span style=\"font-weight: 400;\">\u0110\u1ec3 \u0111\u01b0\u1ee3c b\u00e1o gi\u00e1 chi ti\u1ebft v\u00e0 ph\u00f9 h\u1ee3p v\u1edbi t\u1eebng nhu c\u1ea7u c\u1ee5 th\u1ec3, qu\u00fd kh\u00e1ch vui l\u00f2ng li\u00ean h\u1ec7 tr\u1ef1c ti\u1ebfp v\u1edbi <\/span><b>Nh\u1ea5t Nam<\/b><span style=\"font-weight: 400;\"> \u2013 \u0111\u01a1n v\u1ecb chuy\u00ean thi c\u00f4ng t\u1ee7 b\u1ebfp nh\u1ef1a An C\u01b0\u1eddng uy t\u00edn h\u00e0ng \u0111\u1ea7u hi\u1ec7n nay. Ch\u00fang t\u00f4i cam k\u1ebft mang \u0111\u1ebfn m\u1ee9c gi\u00e1 c\u1ea1nh tranh nh\u1ea5t, c\u00f9ng ch\u00ednh s\u00e1ch b\u1ea3o h\u00e0nh l\u00e2u d\u00e0i.<\/span><\/p>\n<h2 style=\"text-align: justify;\"><b>5. Nh\u1eefng l\u01b0u \u00fd khi ch\u1ecdn mua t\u1ee7 b\u1ebfp nh\u1ef1a An C\u01b0\u1eddng<\/b><\/h2>\n<ul style=\"text-align: justify;\">\n<li style=\"font-weight: 400;\" aria-level=\"1\"><b>Ch\u1ecdn \u0111\u01a1n v\u1ecb uy t\u00edn<\/b><span style=\"font-weight: 400;\">: H\u00e3y ch\u1ecdn nh\u1eefng \u0111\u01a1n v\u1ecb chuy\u00ean cung c\u1ea5p <\/span>t\u1ee7 b\u1ebfp nh\u1ef1a An C\u01b0\u1eddng<span style=\"font-weight: 400;\"> ch\u00ednh h\u00e3ng, c\u00f3 showroom tr\u01b0ng b\u00e0y s\u1ea3n ph\u1ea9m r\u00f5 r\u00e0ng \u0111\u1ec3 ki\u1ec3m tra ch\u1ea5t l\u01b0\u1ee3ng th\u1ef1c t\u1ebf.<\/span><\/li>\n<li style=\"font-weight: 400;\" aria-level=\"1\"><b>Ki\u1ec3m tra xu\u1ea5t x\u1ee9 v\u1eadt li\u1ec7u<\/b><span style=\"font-weight: 400;\">: Y\u00eau c\u1ea7u \u0111\u01a1n v\u1ecb cung c\u1ea5p x\u00e1c nh\u1eadn v\u1eadt li\u1ec7u s\u1eed d\u1ee5ng l\u00e0 <\/span>t\u1ea5m Picomat An C\u01b0\u1eddng, nh\u1ef1a acrylic An C\u01b0\u1eddng<span style=\"font-weight: 400;\"> ch\u00ednh h\u00e3ng.<\/span><\/li>\n<li style=\"font-weight: 400;\" aria-level=\"1\"><b>T\u01b0 v\u1ea5n thi\u1ebft k\u1ebf k\u1ef9 l\u01b0\u1ee1ng<\/b><span style=\"font-weight: 400;\">: L\u1ef1a ch\u1ecdn ki\u1ec3u d\u00e1ng ph\u00f9 h\u1ee3p v\u1edbi kh\u00f4ng gian b\u1ebfp, t\u1ed1i \u01b0u c\u00f4ng n\u0103ng s\u1eed d\u1ee5ng v\u00e0 \u0111\u1ea3m b\u1ea3o y\u1ebfu t\u1ed1 th\u1ea9m m\u1ef9.<\/span><\/li>\n<li style=\"font-weight: 400;\" aria-level=\"1\"><b>Ch\u00ednh s\u00e1ch b\u1ea3o h\u00e0nh<\/b><span style=\"font-weight: 400;\">: \u0110\u1ea3m b\u1ea3o c\u00f3 ch\u1ebf \u0111\u1ed9 b\u1ea3o h\u00e0nh v\u1eadt li\u1ec7u, b\u1ea3o h\u00e0nh thi c\u00f4ng r\u00f5 r\u00e0ng, d\u00e0i h\u1ea1n.<\/span><\/li>\n<\/ul>\n<h2 style=\"text-align: justify;\"><b>6. Nh\u1ea5t Nam \u2013 \u0110\u1ecba ch\u1ec9 thi c\u00f4ng t\u1ee7 b\u1ebfp nh\u1ef1a An C\u01b0\u1eddng chuy\u00ean nghi\u1ec7p<\/b><\/h2>\n<p style=\"text-align: justify;\"><span style=\"font-weight: 400;\">V\u1edbi kinh nghi\u1ec7m nhi\u1ec1u n\u0103m trong l\u0129nh v\u1ef1c thi\u1ebft k\u1ebf v\u00e0 thi c\u00f4ng n\u1ed9i th\u1ea5t, <\/span><b>Nh\u1ea5t Nam<\/b><span style=\"font-weight: 400;\"> t\u1ef1 h\u00e0o l\u00e0 \u0111\u1ed1i t\u00e1c tin c\u1eady chuy\u00ean cung c\u1ea5p c\u00e1c d\u00f2ng <\/span>t\u1ee7 b\u1ebfp nh\u1ef1a An C\u01b0\u1eddng<span style=\"font-weight: 400;\"> ch\u00ednh h\u00e3ng ch\u1ea5t l\u01b0\u1ee3ng cao.<\/span><\/p>\n<p style=\"text-align: justify;\"><span style=\"font-weight: 400;\">Ch\u00fang t\u00f4i cam k\u1ebft:<\/span><\/p>\n<ul style=\"text-align: justify;\">\n<li style=\"font-weight: 400;\" aria-level=\"1\"><span style=\"font-weight: 400;\">S\u1eed d\u1ee5ng v\u1eadt li\u1ec7u <\/span>nh\u1ef1a An C\u01b0\u1eddng ch\u00ednh h\u00e3ng 100%.<\/li>\n<li style=\"font-weight: 400;\" aria-level=\"1\"><span style=\"font-weight: 400;\">Quy tr\u00ecnh s\u1ea3n xu\u1ea5t, thi c\u00f4ng chuy\u00ean nghi\u1ec7p, t\u1ec9 m\u1ec9 \u0111\u1ebfn t\u1eebng chi ti\u1ebft.<\/span><\/li>\n<li style=\"font-weight: 400;\" aria-level=\"1\"><span style=\"font-weight: 400;\">T\u01b0 v\u1ea5n thi\u1ebft k\u1ebf mi\u1ec5n ph\u00ed, ph\u00f9 h\u1ee3p v\u1edbi kh\u00f4ng gian v\u00e0 ng\u00e2n s\u00e1ch c\u1ee7a kh\u00e1ch h\u00e0ng.<\/span><\/li>\n<li style=\"font-weight: 400;\" aria-level=\"1\"><span style=\"font-weight: 400;\">B\u1ea3o h\u00e0nh l\u00e2u d\u00e0i, d\u1ecbch v\u1ee5 h\u1eadu m\u00e3i t\u1eadn t\u00e2m.<\/span><\/li>\n<\/ul>\n<p style=\"text-align: justify;\"><span style=\"font-weight: 400;\">H\u00e3y \u0111\u1ebfn showroom Nh\u1ea5t Nam \u0111\u1ec3 tr\u1ef1c ti\u1ebfp tr\u1ea3i nghi\u1ec7m c\u00e1c m\u1eabu t\u1ee7 b\u1ebfp m\u1edbi nh\u1ea5t ho\u1eb7c li\u00ean h\u1ec7 ngay fanpage \u0111\u1ec3 \u0111\u01b0\u1ee3c t\u01b0 v\u1ea5n chi ti\u1ebft v\u1ec1 <\/span>gi\u00e1 t\u1ee7 b\u1ebfp nh\u1ef1a An C\u01b0\u1eddng \u01b0u \u0111\u00e3i nh\u1ea5t.<\/p>\n","protected":false},"excerpt":{"rendered":"<p style=\"text-align: justify;\"><span style=\"font-weight: 400;\">Xu h\u01b0\u1edbng s\u1eed d\u1ee5ng <\/span>t\u1ee7 b\u1ebfp nh\u1ef1a An C\u01b0\u1eddng<span style=\"font-weight: 400;\"> ng\u00e0y c\u00e0ng \u0111\u01b0\u1ee3c \u01b0a chu\u1ed9ng trong thi\u1ebft k\u1ebf n\u1ed9i th\u1ea5t hi\u1ec7n \u0111\u1ea1i. Kh\u00f4ng ch\u1ec9 b\u1edfi t\u00ednh th\u1ea9m m\u1ef9 cao, d\u00f2ng t\u1ee7 n\u00e0y c\u00f2n chinh ph\u1ee5c ng\u01b0\u1eddi d\u00f9ng nh\u1edd \u0111\u1ed9 b\u1ec1n v\u01b0\u1ee3t tr\u1ed9i, kh\u1ea3 n\u0103ng ch\u1ed1ng n\u01b0\u1edbc, ch\u1ed1ng m\u1ed1i m\u1ecdt v\u00e0 th\u00e2n thi\u1ec7n v\u1edbi m\u00f4i tr\u01b0\u1eddng<\/span><\/p>\n","protected":false},"featured_media":2041,"comment_status":"open","ping_status":"closed","template":"","meta":{"_acf_changed":false,"_gspb_post_css":""},"book-author":[],"product_brand":[],"product_cat":[135],"product_tag":[],"class_list":{"0":"post-2068","1":"product","2":"type-product","3":"status-publish","4":"has-post-thumbnail","6":"product_cat-tu-bep-nhua","8":"first","9":"instock","10":"shipping-taxable","11":"product-type-simple"},"acf":[],"_links":{"self":[{"href":"https:\/\/nhatnam.libion.me\/index.php\/wp-json\/wp\/v2\/product\/2068","targetHints":{"allow":["GET"]}}],"collection":[{"href":"https:\/\/nhatnam.libion.me\/index.php\/wp-json\/wp\/v2\/product"}],"about":[{"href":"https:\/\/nhatnam.libion.me\/index.php\/wp-json\/wp\/v2\/types\/product"}],"replies":[{"embeddable":true,"href":"https:\/\/nhatnam.libion.me\/index.php\/wp-json\/wp\/v2\/comments?post=2068"}],"wp:featuredmedia":[{"embeddable":true,"href":"https:\/\/nhatnam.libion.me\/index.php\/wp-json\/wp\/v2\/media\/2041"}],"wp:attachment":[{"href":"https:\/\/nhatnam.libion.me\/index.php\/wp-json\/wp\/v2\/media?parent=2068"}],"wp:term":[{"taxonomy":"book-author","embeddable":true,"href":"https:\/\/nhatnam.libion.me\/index.php\/wp-json\/wp\/v2\/book-author?post=2068"},{"taxonomy":"product_brand","embeddable":true,"href":"https:\/\/nhatnam.libion.me\/index.php\/wp-json\/wp\/v2\/product_brand?post=2068"},{"taxonomy":"product_cat","embeddable":true,"href":"https:\/\/nhatnam.libion.me\/index.php\/wp-json\/wp\/v2\/product_cat?post=2068"},{"taxonomy":"product_tag","embeddable":true,"href":"https:\/\/nhatnam.libion.me\/index.php\/wp-json\/wp\/v2\/product_tag?post=2068"}],"curies":[{"name":"wp","href":"https:\/\/api.w.org\/{rel}","templated":true}]}}