{"id":2065,"date":"2026-04-07T10:37:14","date_gmt":"2026-04-07T10:37:14","guid":{"rendered":"https:\/\/nhatnam.libion.me\/index.php\/product\/tu-bep-nhua-acrylic-an-cuong\/"},"modified":"2026-04-07T10:37:21","modified_gmt":"2026-04-07T10:37:21","slug":"tu-bep-nhua-acrylic-an-cuong","status":"publish","type":"product","link":"https:\/\/nhatnam.libion.me\/index.php\/product\/tu-bep-nhua-acrylic-an-cuong\/","title":{"rendered":"T\u1ee7 B\u1ebfp Nh\u1ef1a Acrylic An C\u01b0\u1eddng"},"content":{"rendered":"<p style=\"text-align: justify;\"><span style=\"font-weight: 400;\">T\u1ee7 b\u1ebfp nh\u1ef1a Acrylic An C\u01b0\u1eddng \u0111ang ng\u00e0y c\u00e0ng tr\u1edf th\u00e0nh l\u1ef1a ch\u1ecdn l\u00fd t\u01b0\u1edfng cho nh\u1eefng gia \u0111\u00ecnh y\u00eau th\u00edch kh\u00f4ng gian b\u1ebfp sang tr\u1ecdng, hi\u1ec7n \u0111\u1ea1i v\u00e0 b\u1ec1n b\u1ec9. V\u1edbi s\u1ef1 k\u1ebft h\u1ee3p gi\u1eefa c\u00f4ng ngh\u1ec7 s\u1ea3n xu\u1ea5t ti\u00ean ti\u1ebfn v\u00e0 v\u1eadt li\u1ec7u nh\u1ef1a cao c\u1ea5p nh\u01b0 nh\u1ef1a Picomat An C\u01b0\u1eddng, s\u1ea3n ph\u1ea9m n\u00e0y \u0111\u00e3 t\u1ea1o n\u00ean d\u1ea5u \u1ea5n \u0111\u1eb7c bi\u1ec7t trong ng\u00e0nh n\u1ed9i th\u1ea5t Vi\u1ec7t Nam. H\u00e3y c\u00f9ng kh\u00e1m ph\u00e1 chi ti\u1ebft v\u1ec1 d\u00f2ng s\u1ea3n ph\u1ea9m n\u00e0y trong b\u00e0i vi\u1ebft d\u01b0\u1edbi \u0111\u00e2y!<\/span><\/p>\n<h2 style=\"text-align: justify;\"><b>1. T\u1ee7 b\u1ebfp nh\u1ef1a Acrylic An C\u01b0\u1eddng l\u00e0 g\u00ec?<br \/>\n<\/b><\/h2>\n<figure id=\"attachment_7198\" aria-describedby=\"caption-attachment-7198\" style=\"width: 1280px\" class=\"wp-caption aligncenter\"><img loading=\"lazy\" decoding=\"async\" class=\"wp-image-7198 size-full\" src=\"https:\/\/nhatnam.org\/wp-content\/uploads\/2025\/05\/tu_bep_nhua_cao_cap-25.jpg\" alt=\"T\u1ee7 B\u1ebfp Nh\u1ef1a Acrylic An C\u01b0\u1eddng\" width=\"1280\" height=\"960\" \/><figcaption id=\"caption-attachment-7198\" class=\"wp-caption-text\">M\u1eabu t\u1ee7 b\u1ebfp nh\u1ef1a Acrylic ch\u1eef I \u0111ang \u0111\u01b0\u1ee3c nhi\u1ec1u kh\u00e1ch h\u00e0ng \u01b0a chu\u1ed9ng<\/figcaption><\/figure>\n<p style=\"text-align: justify;\"><span style=\"font-weight: 400;\">T\u1ee7 b\u1ebfp nh\u1ef1a Acrylic An C\u01b0\u1eddng l\u00e0 d\u00f2ng t\u1ee7 b\u1ebfp s\u1eed d\u1ee5ng g\u1ed7 nh\u1ef1a Picomat An C\u01b0\u1eddng l\u00e0m c\u1ed1t l\u00f5i v\u00e0 b\u1ec1 m\u1eb7t ph\u1ee7 Acrylic cao c\u1ea5p. Picomat An C\u01b0\u1eddng n\u1ed5i ti\u1ebfng v\u1edbi kh\u1ea3 n\u0103ng ch\u1ecbu n\u01b0\u1edbc 100%, ch\u1ed1ng cong v\u00eanh, ch\u1ed1ng m\u1ed1i m\u1ecdt tuy\u1ec7t \u0111\u1ed1i, c\u00f2n Acrylic l\u1ea1i mang \u0111\u1ebfn v\u1ebb ngo\u00e0i s\u00e1ng b\u00f3ng nh\u01b0 g\u01b0\u01a1ng, t\u1ea1o n\u00ean hi\u1ec7u \u1ee9ng th\u1ea9m m\u1ef9 cao c\u1ea5p cho c\u0103n b\u1ebfp.<\/span><\/p>\n<p style=\"text-align: justify;\"><span style=\"font-weight: 400;\">S\u1ef1 k\u1ebft h\u1ee3p n\u00e0y kh\u00f4ng ch\u1ec9 \u0111\u1ea3m b\u1ea3o \u0111\u1ed9 b\u1ec1n v\u01b0\u1ee3t tr\u1ed9i m\u00e0 c\u00f2n gi\u00fap gian b\u1ebfp tr\u1edf n\u00ean hi\u1ec7n \u0111\u1ea1i, \u0111\u1eb3ng c\u1ea5p v\u00e0 d\u1ec5 d\u00e0ng v\u1ec7 sinh trong qu\u00e1 tr\u00ecnh s\u1eed d\u1ee5ng.<\/span><\/p>\n<h2 style=\"text-align: justify;\"><b>2. C\u1ea5u t\u1ea1o c\u1ee7a t\u1ee7 b\u1ebfp nh\u1ef1a Acrylic An C\u01b0\u1eddng<\/b><\/h2>\n<p style=\"text-align: justify;\"><span style=\"font-weight: 400;\">M\u1ed9t b\u1ed9 t\u1ee7 b\u1ebfp nh\u1ef1a An C\u01b0\u1eddng ho\u00e0n ch\u1ec9nh bao g\u1ed3m hai ph\u1ea7n:<\/span><\/p>\n<ul style=\"text-align: justify;\">\n<li style=\"font-weight: 400;\" aria-level=\"1\"><b>C\u1ed1t t\u1ee7<\/b><span style=\"font-weight: 400;\">: S\u1eed d\u1ee5ng t\u1ea5m nh\u1ef1a Picomat An C\u01b0\u1eddng ho\u1eb7c v\u00e1n Picomat An C\u01b0\u1eddng, v\u1eadt li\u1ec7u nh\u1ef1a PVC cao c\u1ea5p c\u00f3 t\u1ef7 tr\u1ecdng cao, b\u1ec1 m\u1eb7t c\u1ee9ng ch\u1eafc, ch\u1ecbu n\u01b0\u1edbc tuy\u1ec7t \u0111\u1ed1i.<\/span><\/li>\n<li style=\"font-weight: 400;\" aria-level=\"1\"><b>B\u1ec1 m\u1eb7t c\u00e1nh t\u1ee7<\/b><span style=\"font-weight: 400;\">: \u0110\u01b0\u1ee3c ph\u1ee7 nh\u1ef1a Acrylic An C\u01b0\u1eddng \u2013 lo\u1ea1i v\u1eadt li\u1ec7u c\u00f3 \u0111\u1ed9 b\u00f3ng g\u01b0\u01a1ng ho\u00e0n h\u1ea3o, m\u00e0u s\u1eafc \u0111a d\u1ea1ng v\u00e0 kh\u1ea3 n\u0103ng ch\u1ed1ng tr\u1ea7y x\u01b0\u1edbc cao.<\/span><\/li>\n<\/ul>\n<p style=\"text-align: justify;\"><span style=\"font-weight: 400;\">C\u00e1c chi ti\u1ebft b\u00ean trong nh\u01b0 h\u1eadu t\u1ee7, khung \u0111\u1ee1, ng\u0103n k\u00e9o c\u0169ng \u0111\u1ec1u s\u1eed d\u1ee5ng nh\u1ef1a Picomat ho\u1eb7c c\u00e1c ph\u1ee5 ki\u1ec7n \u0111\u1ed3ng b\u1ed9, \u0111\u1ea3m b\u1ea3o s\u1ef1 \u0111\u1ed3ng nh\u1ea5t v\u00e0 tu\u1ed5i th\u1ecd l\u00e2u d\u00e0i.<\/span><\/p>\n<h2 style=\"text-align: justify;\"><b>3. \u01afu \u0111i\u1ec3m n\u1ed5i b\u1eadt c\u1ee7a t\u1ee7 b\u1ebfp nh\u1ef1a Acrylic An C\u01b0\u1eddng<br \/>\n<\/b><\/h2>\n<figure id=\"attachment_7197\" aria-describedby=\"caption-attachment-7197\" style=\"width: 1280px\" class=\"wp-caption aligncenter\"><img loading=\"lazy\" decoding=\"async\" class=\"wp-image-7197 size-full\" src=\"https:\/\/nhatnam.org\/wp-content\/uploads\/2025\/05\/tu_bep_nhua_cao_cap-24.jpg\" alt=\"T\u1ee7 B\u1ebfp Nh\u1ef1a Acrylic An C\u01b0\u1eddng\" width=\"1280\" height=\"960\" \/><figcaption id=\"caption-attachment-7197\" class=\"wp-caption-text\">Thi\u1ebft k\u1ebf \u0111\u1ea3o b\u1ebfp k\u1ebft h\u1ee3p t\u1ee7 b\u1ebfp nh\u1ef1a Acrylic An C\u01b0\u1eddng\u00a0 t\u1eadn d\u1ee5ng t\u1ed1i \u0111a kh\u00f4ng gian b\u1ebfp<\/figcaption><\/figure>\n<p style=\"text-align: justify;\"><span style=\"font-weight: 400;\">T\u1ee7 b\u1ebfp s\u1eed d\u1ee5ng nh\u1ef1a Picomat An C\u01b0\u1eddng v\u00e0 ph\u1ee7 b\u1ec1 m\u1eb7t Acrylic mang \u0111\u1ebfn h\u00e0ng lo\u1ea1t \u01b0u \u0111i\u1ec3m:<\/span><\/p>\n<ul style=\"text-align: justify;\">\n<li style=\"font-weight: 400;\" aria-level=\"1\"><b>Ch\u1ed1ng n\u01b0\u1edbc tuy\u1ec7t \u0111\u1ed1i<\/b><span style=\"font-weight: 400;\">: Nh\u1edd s\u1eed d\u1ee5ng t\u1ea5m nh\u1ef1a Picomat An C\u01b0\u1eddng l\u00e0m c\u1ed1t, t\u1ee7 b\u1ebfp c\u00f3 th\u1ec3 l\u1eafp \u0111\u1eb7t t\u1ea1i nh\u1eefng khu v\u1ef1c \u1ea9m \u01b0\u1edbt m\u00e0 kh\u00f4ng lo b\u1ecb ph\u1ed3ng r\u1ed9p hay m\u1ee5c n\u00e1t.<\/span><\/li>\n<li style=\"font-weight: 400;\" aria-level=\"1\"><b>B\u1ec1 m\u1eb7t s\u00e1ng b\u00f3ng sang tr\u1ecdng<\/b><span style=\"font-weight: 400;\">: Acrylic An C\u01b0\u1eddng t\u1ea1o hi\u1ec7u \u1ee9ng &#8220;b\u00f3ng g\u01b0\u01a1ng&#8221;, gi\u00fap kh\u00f4ng gian b\u1ebfp tr\u00f4ng r\u1ed9ng r\u00e3i, hi\u1ec7n \u0111\u1ea1i v\u00e0 \u0111\u1eb3ng c\u1ea5p h\u01a1n.<\/span><\/li>\n<li style=\"font-weight: 400;\" aria-level=\"1\"><b>Ch\u1ed1ng m\u1ed1i m\u1ecdt, cong v\u00eanh<\/b><span style=\"font-weight: 400;\">: Kh\u1eafc ph\u1ee5c ho\u00e0n to\u00e0n nh\u01b0\u1ee3c \u0111i\u1ec3m th\u01b0\u1eddng g\u1eb7p \u1edf t\u1ee7 b\u1ebfp g\u1ed7 truy\u1ec1n th\u1ed1ng.<\/span><\/li>\n<li style=\"font-weight: 400;\" aria-level=\"1\"><b>M\u00e0u s\u1eafc \u0111a d\u1ea1ng<\/b><span style=\"font-weight: 400;\">: B\u1ed9 s\u01b0u t\u1eadp nh\u1ef1a Acrylic An C\u01b0\u1eddng c\u00f3 \u0111\u1ebfn h\u00e0ng tr\u0103m m\u00e0u s\u1eafc, t\u1eeb \u0111\u01a1n s\u1eafc, \u00e1nh kim \u0111\u1ebfn v\u00e2n g\u1ed7 tinh t\u1ebf.<\/span><\/li>\n<li style=\"font-weight: 400;\" aria-level=\"1\"><b>D\u1ec5 d\u00e0ng v\u1ec7 sinh<\/b><span style=\"font-weight: 400;\">: Ch\u1ec9 c\u1ea7n lau nh\u1eb9 b\u1eb1ng kh\u0103n \u1ea9m l\u00e0 b\u1ec1 m\u1eb7t l\u1ea1i s\u00e1ng b\u00f3ng nh\u01b0 m\u1edbi.<\/span><span style=\"font-weight: 400;\"><br \/>\n<\/span><b>An to\u00e0n v\u1edbi s\u1ee9c kh\u1ecfe<\/b><span style=\"font-weight: 400;\">: C\u00e1c s\u1ea3n ph\u1ea9m nh\u1ef1a An C\u01b0\u1eddng \u0111\u1ec1u \u0111\u1ea1t ti\u00eau chu\u1ea9n E1 \u2013 kh\u00f4ng ph\u00e1t th\u1ea3i ch\u1ea5t \u0111\u1ed9c h\u1ea1i.<\/span><\/li>\n<\/ul>\n<h2 style=\"text-align: justify;\"><b>4. C\u00e1c d\u00f2ng v\u1eadt li\u1ec7u Picomat An C\u01b0\u1eddng d\u00f9ng cho t\u1ee7 b\u1ebfp<br \/>\n<\/b><\/h2>\n<figure id=\"attachment_7192\" aria-describedby=\"caption-attachment-7192\" style=\"width: 1280px\" class=\"wp-caption aligncenter\"><img loading=\"lazy\" decoding=\"async\" class=\"wp-image-7192 size-full\" src=\"https:\/\/nhatnam.org\/wp-content\/uploads\/2025\/05\/tu_bep_nhua_cao_cap-19.jpg\" alt=\"T\u1ee7 B\u1ebfp Nh\u1ef1a Acrylic An C\u01b0\u1eddng\" width=\"1280\" height=\"960\" \/><figcaption id=\"caption-attachment-7192\" class=\"wp-caption-text\">M\u1eabu t\u1ee7 b\u1ebfp nh\u1ef1a Acrylic An C\u01b0\u1eddng \u0111\u1eb9p, hi\u1ec7n \u0111\u1ea1i<\/figcaption><\/figure>\n<p style=\"text-align: justify;\"><span style=\"font-weight: 400;\">Hi\u1ec7n nay, Picomat An C\u01b0\u1eddng cung c\u1ea5p nhi\u1ec1u lo\u1ea1i v\u1eadt li\u1ec7u ph\u00f9 h\u1ee3p v\u1edbi t\u1eebng nhu c\u1ea7u s\u1eed d\u1ee5ng:<\/span><\/p>\n<ul style=\"text-align: justify;\">\n<li style=\"font-weight: 400;\" aria-level=\"1\"><b>T\u1ea5m nh\u1ef1a Picomat An C\u01b0\u1eddng ti\u00eau chu\u1ea9n<\/b><span style=\"font-weight: 400;\">: D\u00f9ng l\u00e0m c\u1ed1t t\u1ee7 b\u1ebfp, ch\u1ed1ng n\u01b0\u1edbc tuy\u1ec7t \u0111\u1ed1i.<\/span><span style=\"font-weight: 400;\"><br \/>\n<\/span><b>T\u1ea5m Picomat ph\u1ee7 Acrylic An C\u01b0\u1eddng<\/b><span style=\"font-weight: 400;\">: S\u1ef1 k\u1ebft h\u1ee3p ho\u00e0n h\u1ea3o gi\u1eefa nh\u1ef1a Picomat v\u00e0 Acrylic b\u00f3ng g\u01b0\u01a1ng.<\/span><\/li>\n<li style=\"font-weight: 400;\" aria-level=\"1\"><b>G\u1ed7 nh\u1ef1a Picomat An C\u01b0\u1eddng ph\u1ee7 Laminate<\/b><span style=\"font-weight: 400;\">: \u0110\u00e1p \u1ee9ng nhu c\u1ea7u ch\u1ecbu tr\u1ea7y x\u01b0\u1edbc, ch\u1ecbu l\u1ef1c t\u1ed1t.<\/span><\/li>\n<li style=\"font-weight: 400;\" aria-level=\"1\"><b>V\u00e1n Picomat An C\u01b0\u1eddng ph\u1ee7 Melamine<\/b><span style=\"font-weight: 400;\">: Th\u00edch h\u1ee3p cho c\u00e1c \u1ee9ng d\u1ee5ng y\u00eau c\u1ea7u th\u1ea9m m\u1ef9 cao v\u1edbi chi ph\u00ed h\u1ee3p l\u00fd.<\/span><\/li>\n<\/ul>\n<p style=\"text-align: justify;\"><span style=\"font-weight: 400;\">Nh\u1edd s\u1ef1 \u0111a d\u1ea1ng n\u00e0y, kh\u00e1ch h\u00e0ng d\u1ec5 d\u00e0ng l\u1ef1a ch\u1ecdn gi\u1ea3i ph\u00e1p ph\u00f9 h\u1ee3p cho t\u1eebng thi\u1ebft k\u1ebf b\u1ebfp t\u1eeb \u0111\u01a1n gi\u1ea3n \u0111\u1ebfn cao c\u1ea5p.<\/span><\/p>\n<h2 style=\"text-align: justify;\"><b>5. \u1ee8ng d\u1ee5ng c\u1ee7a t\u1ee7 b\u1ebfp nh\u1ef1a An C\u01b0\u1eddng trong kh\u00f4ng gian s\u1ed1ng<\/b><\/h2>\n<p style=\"text-align: justify;\"><span style=\"font-weight: 400;\">Kh\u00f4ng ch\u1ec9 d\u1eebng l\u1ea1i \u1edf vai tr\u00f2 l\u00e0 n\u01a1i n\u1ea5u n\u01b0\u1edbng, t\u1ee7 b\u1ebfp ng\u00e0y nay c\u00f2n \u0111\u00f3ng vai tr\u00f2 nh\u01b0 m\u1ed9t \u0111i\u1ec3m nh\u1ea5n th\u1ea9m m\u1ef9 trong kh\u00f4ng gian n\u1ed9i th\u1ea5t. <\/span><b>T\u1ee7 b\u1ebfp nh\u1ef1a An C\u01b0\u1eddng<\/b><span style=\"font-weight: 400;\"> v\u1edbi v\u1ebb \u0111\u1eb9p hi\u1ec7n \u0111\u1ea1i v\u00e0 t\u00ednh n\u0103ng \u01b0u vi\u1ec7t \u0111\u01b0\u1ee3c \u1ee9ng d\u1ee5ng r\u1ed9ng r\u00e3i:<\/span><\/p>\n<ul style=\"text-align: justify;\">\n<li style=\"font-weight: 400;\" aria-level=\"1\"><span style=\"font-weight: 400;\">T\u1ee7 b\u1ebfp cho c\u0103n h\u1ed9 chung c\u01b0, nh\u00e0 ph\u1ed1<\/span><\/li>\n<li style=\"font-weight: 400;\" aria-level=\"1\"><span style=\"font-weight: 400;\">T\u1ee7 b\u1ebfp bi\u1ec7t th\u1ef1, villa cao c\u1ea5p<\/span><\/li>\n<li style=\"font-weight: 400;\" aria-level=\"1\"><span style=\"font-weight: 400;\">Qu\u1ea7y bar, \u0111\u1ea3o b\u1ebfp, qu\u1ea7y pantry<\/span><\/li>\n<li style=\"font-weight: 400;\" aria-level=\"1\"><span style=\"font-weight: 400;\">H\u1ec7 t\u1ee7 l\u01b0u tr\u1eef th\u1ef1c ph\u1ea9m, t\u1ee7 kho<\/span><\/li>\n<\/ul>\n<p style=\"text-align: justify;\"><span style=\"font-weight: 400;\">Kh\u00f4ng gian b\u1ebfp s\u1eed d\u1ee5ng t\u1ee7 b\u1ebfp nh\u1ef1a acrylic An C\u01b0\u1eddng kh\u00f4ng ch\u1ec9 \u0111\u1eb9p, b\u1ec1n m\u00e0 c\u00f2n kh\u1eb3ng \u0111\u1ecbnh \u0111\u1eb3ng c\u1ea5p s\u1ed1ng tinh t\u1ebf c\u1ee7a gia ch\u1ee7.<\/span><\/p>\n<h2 style=\"text-align: justify;\"><b>6. Gi\u00e1 t\u1ee7 b\u1ebfp nh\u1ef1a Acrylic An C\u01b0\u1eddng m\u1edbi nh\u1ea5t<br \/>\n<\/b><\/h2>\n<figure id=\"attachment_7177\" aria-describedby=\"caption-attachment-7177\" style=\"width: 1280px\" class=\"wp-caption aligncenter\"><img loading=\"lazy\" decoding=\"async\" class=\"wp-image-7177 size-full\" src=\"https:\/\/nhatnam.org\/wp-content\/uploads\/2025\/05\/tu_bep_nhua_cao_cap-4.jpg\" alt=\"T\u1ee7 B\u1ebfp Nh\u1ef1a Acrylic An C\u01b0\u1eddng\" width=\"1280\" height=\"960\" \/><figcaption id=\"caption-attachment-7177\" class=\"wp-caption-text\">Nh\u1ef1a An C\u01b0\u1eddng n\u1ed5i b\u1eadt v\u1edbi kh\u1ea3 n\u0103ng ch\u1ed1ng \u1ea9m m\u1ed1c tuy\u1ec7t \u0111\u1ed1i<\/figcaption><\/figure>\n<p style=\"text-align: justify;\"><span style=\"font-weight: 400;\">Gi\u00e1 th\u00e0nh c\u1ee7a t\u1ee7 b\u1ebfp nh\u1ef1a An C\u01b0\u1eddng ph\u1ee5 thu\u1ed9c v\u00e0o nhi\u1ec1u y\u1ebfu t\u1ed1 nh\u01b0:<\/span><\/p>\n<ul style=\"text-align: justify;\">\n<li style=\"font-weight: 400;\" aria-level=\"1\"><span style=\"font-weight: 400;\">Lo\u1ea1i c\u1ed1t g\u1ed7 nh\u1ef1a (Picomat, g\u1ed7 c\u00f4ng nghi\u1ec7p ch\u1ed1ng \u1ea9m&#8230;)<\/span><\/li>\n<li style=\"font-weight: 400;\" aria-level=\"1\"><span style=\"font-weight: 400;\">Lo\u1ea1i b\u1ec1 m\u1eb7t ph\u1ee7 (Acrylic b\u00f3ng g\u01b0\u01a1ng, Acrylic Matt, Laminate&#8230;)<\/span><\/li>\n<li style=\"font-weight: 400;\" aria-level=\"1\"><span style=\"font-weight: 400;\">Ph\u1ee5 ki\u1ec7n \u0111i k\u00e8m (b\u1ea3n l\u1ec1 gi\u1ea3m ch\u1ea5n, ray tr\u01b0\u1ee3t, tay n\u00e2ng&#8230;)<\/span><\/li>\n<li style=\"font-weight: 400;\" aria-level=\"1\"><span style=\"font-weight: 400;\">Quy m\u00f4 v\u00e0 \u0111\u1ed9 ph\u1ee9c t\u1ea1p c\u1ee7a thi\u1ebft k\u1ebf<\/span><\/li>\n<\/ul>\n<p style=\"text-align: justify;\"><span style=\"font-weight: 400;\">Th\u00f4ng th\u01b0\u1eddng, chi ph\u00ed \u0111\u1ea7u t\u01b0 cho t\u1ee7 b\u1ebfp nh\u1ef1a Picomat ph\u1ee7 Acrylic An C\u01b0\u1eddng s\u1ebd cao h\u01a1n so v\u1edbi t\u1ee7 b\u1ebfp g\u1ed7 c\u00f4ng nghi\u1ec7p th\u00f4ng th\u01b0\u1eddng, nh\u01b0ng \u0111\u1ed5i l\u1ea1i b\u1ea1n c\u00f3 \u0111\u01b0\u1ee3c m\u1ed9t kh\u00f4ng gian b\u1ebfp \u0111\u1eb9p, b\u1ec1n b\u1ec9 v\u00e0 gi\u00e1 tr\u1ecb s\u1eed d\u1ee5ng l\u00e2u d\u00e0i.<\/span><\/p>\n<p style=\"text-align: justify;\"><span style=\"font-weight: 400;\">Qu\u00fd kh\u00e1ch vui l\u00f2ng li\u00ean h\u1ec7 tr\u1ef1c ti\u1ebfp Nh\u1ea5t Nam \u0111\u1ec3 \u0111\u01b0\u1ee3c t\u01b0 v\u1ea5n chi ti\u1ebft v\u00e0 nh\u1eadn b\u00e1o gi\u00e1 t\u1ee7 b\u1ebfp nh\u1ef1a An C\u01b0\u1eddng m\u1edbi nh\u1ea5<\/span><b>t<\/b><span style=\"font-weight: 400;\">. Ho\u1eb7c, Qu\u00fd kh\u00e1ch c\u00f3 th\u1ec3 gh\u00e9 th\u0103m showroom Nh\u1ea5t Nam \u0111\u1ec3 tham kh\u1ea3o th\u1ef1c t\u1ebf m\u1eabu m\u00e3 v\u00e0 nh\u1eadn \u01b0u \u0111\u00e3i h\u1ea5p d\u1eabn!<\/span><\/p>\n<h2 style=\"text-align: justify;\"><b>7. V\u00ec sao n\u00ean ch\u1ecdn t\u1ee7 b\u1ebfp nh\u1ef1a An C\u01b0\u1eddng t\u1ea1i Nh\u1ea5t Nam?<br \/>\n<\/b><\/h2>\n<figure id=\"attachment_7136\" aria-describedby=\"caption-attachment-7136\" style=\"width: 1280px\" class=\"wp-caption aligncenter\"><img loading=\"lazy\" decoding=\"async\" class=\"wp-image-7136 size-full\" src=\"https:\/\/nhatnam.org\/wp-content\/uploads\/2025\/05\/tu_bep_nhua-62.jpg\" alt=\"T\u1ee7 B\u1ebfp Nh\u1ef1a Acrylic An C\u01b0\u1eddng\" width=\"1280\" height=\"960\" \/><figcaption id=\"caption-attachment-7136\" class=\"wp-caption-text\">M\u1eabu t\u1ee7 nh\u1ef1a An C\u01b0\u1eddng ph\u1ee7 Acrylic b\u00f3ng g\u01b0\u01a1ng \u0111em \u0111\u1ebfn kh\u00f4ng gian b\u1ebfp sang tr\u1ecdng, hi\u1ec7n \u0111\u1ea1i<\/figcaption><\/figure>\n<p style=\"text-align: justify;\"><span style=\"font-weight: 400;\">T\u1ea1i Nh\u1ea5t Nam, m\u1ed7i b\u1ed9 t\u1ee7 b\u1ebfp nh\u1ef1a An C\u01b0\u1eddng kh\u00f4ng ch\u1ec9 l\u00e0 s\u1ea3n ph\u1ea9m n\u1ed9i th\u1ea5t, m\u00e0 c\u00f2n l\u00e0 s\u1ef1 k\u1ebft h\u1ee3p tinh t\u1ebf gi\u1eefa ch\u1ea5t l\u01b0\u1ee3ng, th\u1ea9m m\u1ef9, \u0111\u1ed9 b\u1ec1n l\u00e2u d\u00e0i. D\u01b0\u1edbi \u0111\u00e2y l\u00e0 nh\u1eefng \u0111i\u1ec3m kh\u00e1c bi\u1ec7t khi\u1ebfn kh\u00e1ch h\u00e0ng tin ch\u1ecdn ch\u00fang t\u00f4i:<\/span><\/p>\n<p style=\"text-align: justify;\"><b>Ch\u1ea5t li\u1ec7u cao c\u1ea5p, cam k\u1ebft ch\u00ednh h\u00e3ng:<\/b><span style=\"font-weight: 400;\"> T\u1ee7 b\u1ebfp s\u1eed d\u1ee5ng c\u1ed1t nh\u1ef1a Picomat ch\u1ed1ng \u1ea9m v\u00e0 c\u00e1nh t\u1ee7 ph\u1ee7 Acrylic An C\u01b0\u1eddng b\u00f3ng g\u01b0\u01a1ng, v\u1eadt li\u1ec7u \u0111\u00e3 \u0111\u01b0\u1ee3c ki\u1ec3m ch\u1ee9ng v\u1ec1 \u0111\u1ed9 b\u1ec1n v\u00e0 t\u00ednh th\u1ea9m m\u1ef9, ph\u00f9 h\u1ee3p v\u1edbi m\u00f4i tr\u01b0\u1eddng \u1ea9m c\u1ee7a nh\u00e0 b\u1ebfp.<\/span><\/p>\n<p style=\"text-align: justify;\"><b>Thi c\u00f4ng t\u1ec9 m\u1ec9, ho\u00e0n thi\u1ec7n tinh t\u1ebf: <\/b><span style=\"font-weight: 400;\">S\u1ea3n ph\u1ea9m \u0111\u01b0\u1ee3c s\u1ea3n xu\u1ea5t b\u1eb1ng c\u00f4ng ngh\u1ec7 hi\u1ec7n \u0111\u1ea1i, mang \u0111\u1ebfn \u0111\u01b0\u1eddng n\u00e9t s\u1eafc s\u1ea3o, b\u1ec1 m\u1eb7t m\u01b0\u1ee3t m\u00e0, d\u1ec5 v\u1ec7 sinh v\u00e0 t\u1ea1o c\u1ea3m gi\u00e1c sang tr\u1ecdng cho kh\u00f4ng gian.<\/span><\/p>\n<p style=\"text-align: justify;\"><b>Thi\u1ebft k\u1ebf linh ho\u1ea1t theo y\u00eau c\u1ea7u: <\/b><span style=\"font-weight: 400;\">Nh\u1ea5t Nam lu\u00f4n \u0111\u1eb7t nhu c\u1ea7u kh\u00e1ch h\u00e0ng l\u00ean h\u00e0ng \u0111\u1ea7u, m\u1ed7i thi\u1ebft k\u1ebf \u0111\u01b0\u1ee3c c\u00e1 nh\u00e2n h\u00f3a d\u1ef1a tr\u00ean di\u1ec7n t\u00edch th\u1ef1c t\u1ebf, phong c\u00e1ch v\u00e0 th\u00f3i quen s\u1eed d\u1ee5ng, t\u1ed1i \u01b0u t\u1eebng chi ti\u1ebft nh\u1ecf.<\/span><\/p>\n<p style=\"text-align: justify;\"><b>\u0110\u1ed9i ng\u0169 gi\u00e0u kinh nghi\u1ec7m, thi c\u00f4ng chu\u1ea9n x\u00e1c: <\/b><span style=\"font-weight: 400;\">Ch\u00fang t\u00f4i s\u1edf h\u1eefu \u0111\u1ed9i ng\u0169 k\u1ef9 thu\u1eadt vi\u00ean tay ngh\u1ec1 cao, \u0111\u1ea3m b\u1ea3o qu\u00e1 tr\u00ecnh l\u1eafp \u0111\u1eb7t nhanh ch\u00f3ng, \u0111\u00fang ti\u1ebfn \u0111\u1ed9 v\u00e0 \u0111\u1ea1t \u0111\u1ed9 ho\u00e0n thi\u1ec7n nh\u01b0 b\u1ea3n v\u1ebd thi\u1ebft k\u1ebf.<\/span><\/p>\n<p style=\"text-align: justify;\"><b>D\u1ecbch v\u1ee5 h\u1eadu m\u00e3i chu \u0111\u00e1o<\/b><span style=\"font-weight: 400;\">: Nh\u1ea5t Nam cam k\u1ebft b\u1ea3o h\u00e0nh r\u00f5 r\u00e0ng, h\u1ed7 tr\u1ee3 k\u1ef9 thu\u1eadt t\u1eadn n\u01a1i trong th\u1eddi gian s\u1edbm nh\u1ea5t khi c\u00f3 y\u00eau c\u1ea7u.<\/span><\/p>\n<p style=\"text-align: justify;\"><span style=\"font-weight: 400;\">\u0110\u1ec3 \u0111\u01b0\u1ee3c t\u01b0 v\u1ea5n m\u1eabu t\u1ee7 ph\u00f9 h\u1ee3p v\u00e0 b\u00e1o gi\u00e1 chi ti\u1ebft, h\u00e3y li\u00ean h\u1ec7 ngay v\u1edbi Nh\u1ea5t Nam ch\u00fang t\u00f4i lu\u00f4n s\u1eb5n s\u00e0ng \u0111\u1ed3ng h\u00e0nh c\u00f9ng kh\u00f4ng gian b\u1ebfp c\u1ee7a b\u1ea1n.<\/span><\/p>\n","protected":false},"excerpt":{"rendered":"<p style=\"text-align: justify;\"><span style=\"font-weight: 400;\">T\u1ee7 b\u1ebfp nh\u1ef1a Acrylic An C\u01b0\u1eddng \u0111ang ng\u00e0y c\u00e0ng tr\u1edf th\u00e0nh l\u1ef1a ch\u1ecdn l\u00fd t\u01b0\u1edfng cho nh\u1eefng gia \u0111\u00ecnh y\u00eau th\u00edch kh\u00f4ng gian b\u1ebfp sang tr\u1ecdng, hi\u1ec7n \u0111\u1ea1i v\u00e0 b\u1ec1n b\u1ec9. V\u1edbi s\u1ef1 k\u1ebft h\u1ee3p gi\u1eefa c\u00f4ng ngh\u1ec7 s\u1ea3n xu\u1ea5t ti\u00ean ti\u1ebfn v\u00e0 v\u1eadt li\u1ec7u nh\u1ef1a cao c\u1ea5p nh\u01b0 nh\u1ef1a Picomat An C\u01b0\u1eddng, s\u1ea3n ph\u1ea9m n\u00e0y \u0111\u00e3 t\u1ea1o n\u00ean d\u1ea5u \u1ea5n \u0111\u1eb7c bi\u1ec7t trong ng\u00e0nh n\u1ed9i th\u1ea5t Vi\u1ec7t Nam. H\u00e3y c\u00f9ng kh\u00e1m ph\u00e1 chi ti\u1ebft v\u1ec1 d\u00f2ng s\u1ea3n ph\u1ea9m n\u00e0y trong b\u00e0i vi\u1ebft d\u01b0\u1edbi \u0111\u00e2y!<\/span><\/p>\n","protected":false},"featured_media":2002,"comment_status":"open","ping_status":"closed","template":"","meta":{"_acf_changed":false,"_gspb_post_css":""},"book-author":[],"product_brand":[],"product_cat":[135],"product_tag":[],"class_list":{"0":"post-2065","1":"product","2":"type-product","3":"status-publish","4":"has-post-thumbnail","6":"product_cat-tu-bep-nhua","8":"first","9":"instock","10":"shipping-taxable","11":"product-type-simple"},"acf":[],"_links":{"self":[{"href":"https:\/\/nhatnam.libion.me\/index.php\/wp-json\/wp\/v2\/product\/2065","targetHints":{"allow":["GET"]}}],"collection":[{"href":"https:\/\/nhatnam.libion.me\/index.php\/wp-json\/wp\/v2\/product"}],"about":[{"href":"https:\/\/nhatnam.libion.me\/index.php\/wp-json\/wp\/v2\/types\/product"}],"replies":[{"embeddable":true,"href":"https:\/\/nhatnam.libion.me\/index.php\/wp-json\/wp\/v2\/comments?post=2065"}],"wp:featuredmedia":[{"embeddable":true,"href":"https:\/\/nhatnam.libion.me\/index.php\/wp-json\/wp\/v2\/media\/2002"}],"wp:attachment":[{"href":"https:\/\/nhatnam.libion.me\/index.php\/wp-json\/wp\/v2\/media?parent=2065"}],"wp:term":[{"taxonomy":"book-author","embeddable":true,"href":"https:\/\/nhatnam.libion.me\/index.php\/wp-json\/wp\/v2\/book-author?post=2065"},{"taxonomy":"product_brand","embeddable":true,"href":"https:\/\/nhatnam.libion.me\/index.php\/wp-json\/wp\/v2\/product_brand?post=2065"},{"taxonomy":"product_cat","embeddable":true,"href":"https:\/\/nhatnam.libion.me\/index.php\/wp-json\/wp\/v2\/product_cat?post=2065"},{"taxonomy":"product_tag","embeddable":true,"href":"https:\/\/nhatnam.libion.me\/index.php\/wp-json\/wp\/v2\/product_tag?post=2065"}],"curies":[{"name":"wp","href":"https:\/\/api.w.org\/{rel}","templated":true}]}}