{"id":2064,"date":"2026-04-07T10:37:03","date_gmt":"2026-04-07T10:37:03","guid":{"rendered":"https:\/\/nhatnam.libion.me\/index.php\/product\/tu-bep-nhua-canh-kinh\/"},"modified":"2026-04-07T10:37:03","modified_gmt":"2026-04-07T10:37:03","slug":"tu-bep-nhua-canh-kinh","status":"publish","type":"product","link":"https:\/\/nhatnam.libion.me\/index.php\/product\/tu-bep-nhua-canh-kinh\/","title":{"rendered":"T\u1ee7 B\u1ebfp Nh\u1ef1a C\u00e1nh K\u00ednh"},"content":{"rendered":"<p style=\"text-align: justify;\">S\u1ef1 k\u1ebft h\u1ee3p gi\u1eefa khung t\u1ee7 nh\u1ef1a ch\u1ed1ng n\u01b0\u1edbc tuy\u1ec7t \u0111\u1ed1i v\u00e0 m\u1eb7t c\u00e1nh k\u00ednh b\u00f3ng g\u01b0\u01a1ng sang tr\u1ecdng, t\u1ee7 b\u1ebfp nh\u1ef1a c\u00e1nh k\u00ednh mang \u0111\u1ebfn kh\u00f4ng gian b\u1ebfp v\u1eeba ti\u1ec7n nghi v\u1eeba \u0111\u1eadm ch\u1ea5t th\u1ea9m m\u1ef9. C\u00e1nh k\u00ednh m\u1edf ra chi\u1ec1u s\u00e2u th\u1ecb gi\u00e1c, d\u1ec5 lau ch\u00f9i, ch\u1ed1ng tr\u1ea7y x\u01b0\u1edbc nh\u1eb9 v\u00e0 kh\u00f4ng b\u00e1m b\u1ee5i l\u00e0 l\u1ef1a ch\u1ecdn ho\u00e0n h\u1ea3o cho nh\u1eefng ai y\u00eau th\u00edch s\u1ef1 t\u1ed1i gi\u1ea3n m\u00e0 v\u1eabn n\u1ed5i b\u1eadt. M\u1ed9t s\u1ea3n ph\u1ea9m v\u1eeba b\u1ec1n ch\u1eafc t\u1eeb b\u00ean trong, v\u1eeba cu\u1ed1n h\u00fat t\u1eeb \u00e1nh nh\u00ecn \u0111\u1ea7u ti\u00ean.<\/p>\n<h2 style=\"text-align: justify;\"><b>1. T\u1ee7 b\u1ebfp nh\u1ef1a c\u00e1nh k\u00ednh l\u00e0 g\u00ec?<br \/>\n<\/b><\/h2>\n<figure id=\"attachment_7182\" aria-describedby=\"caption-attachment-7182\" style=\"width: 1280px\" class=\"wp-caption aligncenter\"><img loading=\"lazy\" decoding=\"async\" class=\"wp-image-7182 size-full\" src=\"https:\/\/nhatnam.org\/wp-content\/uploads\/2025\/05\/tu_bep_nhua_cao_cap-9.jpg\" alt=\"T\u1ee7 B\u1ebfp Nh\u1ef1a C\u00e1nh K\u00ednh\" width=\"1280\" height=\"960\" \/><figcaption id=\"caption-attachment-7182\" class=\"wp-caption-text\">M\u1eabu t\u1ee7 b\u1ebfp nh\u1ef1a c\u00e1nh k\u00ednh \u0111\u1eb9p, hi\u1ec7n \u0111\u1ea1i, sang tr\u1ecdng<\/figcaption><\/figure>\n<p style=\"text-align: justify;\">T\u1ee7 b\u1ebfp nh\u1ef1a c\u00e1nh k\u00ednh<span style=\"font-weight: 400;\"> l\u00e0 s\u1ef1 k\u1ebft h\u1ee3p gi\u1eefa ph\u1ea7n th\u00f9ng t\u1ee7 l\u00e0m t\u1eeb nh\u1ef1a cao c\u1ea5p (th\u01b0\u1eddng l\u00e0 nh\u1ef1a PVC ho\u1eb7c Picomat) v\u00e0 c\u00e1nh t\u1ee7 l\u00e0m t\u1eeb k\u00ednh c\u01b0\u1eddng l\u1ef1c, vi\u1ec1n khung h\u1ee3p kim nh\u00f4m ho\u1eb7c khung Inox ch\u1eafc ch\u1eafn. Nh\u1edd c\u1ea5u t\u1ea1o \u0111\u1eb7c bi\u1ec7t, lo\u1ea1i t\u1ee7 n\u00e0y kh\u00f4ng ch\u1ec9 b\u1ec1n b\u1ec9 m\u00e0 c\u00f2n mang \u0111\u1ebfn v\u1ebb \u0111\u1eb9p tinh t\u1ebf, hi\u1ec7n \u0111\u1ea1i cho kh\u00f4ng gian b\u1ebfp.<\/span><\/p>\n<p style=\"text-align: justify;\"><span style=\"font-weight: 400;\">S\u1ef1 k\u1ebft h\u1ee3p ho\u00e0n h\u1ea3o gi\u1eefa v\u1eadt li\u1ec7u nh\u1ef1a si\u00eau b\u1ec1n v\u1edbi k\u00ednh c\u01b0\u1eddng l\u1ef1c t\u1ea1o n\u00ean s\u1ea3n ph\u1ea9m c\u00f3 kh\u1ea3 n\u0103ng ch\u1ed1ng n\u01b0\u1edbc tuy\u1ec7t \u0111\u1ed1i, ch\u1ecbu l\u1ef1c t\u1ed1t v\u00e0 d\u1ec5 d\u00e0ng v\u1ec7 sinh. \u0110\u00e2y ch\u00ednh l\u00e0 l\u00fd do v\u00ec sao t\u1ee7 b\u1ebfp nh\u1ef1a c\u00e1nh k\u00ednh \u0111ang tr\u1edf th\u00e0nh l\u1ef1a ch\u1ecdn \u01b0u ti\u00ean c\u1ee7a nhi\u1ec1u gia \u0111\u00ecnh, \u0111\u1eb7c bi\u1ec7t t\u1ea1i c\u00e1c th\u00e0nh ph\u1ed1 l\u1edbn.<\/span><\/p>\n<h2 style=\"text-align: justify;\"><b>2. C\u1ea5u t\u1ea1o v\u00e0 ch\u1ea5t li\u1ec7u c\u1ee7a t\u1ee7 b\u1ebfp nh\u1ef1a c\u00e1nh k\u00ednh<br \/>\n<\/b><\/h2>\n<figure id=\"attachment_7185\" aria-describedby=\"caption-attachment-7185\" style=\"width: 1280px\" class=\"wp-caption aligncenter\"><img loading=\"lazy\" decoding=\"async\" class=\"wp-image-7185 size-full\" src=\"https:\/\/nhatnam.org\/wp-content\/uploads\/2025\/05\/tu_bep_nhua_cao_cap-12.jpg\" alt=\"T\u1ee7 B\u1ebfp Nh\u1ef1a C\u00e1nh K\u00ednh\" width=\"1280\" height=\"960\" \/><figcaption id=\"caption-attachment-7185\" class=\"wp-caption-text\">Ch\u1ea5t li\u1ec7u nh\u1ef1a cao c\u1ea5p k\u1ebft h\u1ee3p k\u00ednh c\u01b0\u1eddng l\u1ef1c \u2013 gi\u1ea3i ph\u00e1p b\u1ec1n \u0111\u1eb9p cho m\u1ecdi gian b\u1ebfp<\/figcaption><\/figure>\n<p style=\"text-align: justify;\"><span style=\"font-weight: 400;\">\u0110\u1ec3 hi\u1ec3u r\u00f5 h\u01a1n v\u1ec1 ch\u1ea5t l\u01b0\u1ee3ng c\u1ee7a <\/span>t\u1ee7 b\u1ebfp nh\u1ef1a c\u00e1nh k\u00ednh<span style=\"font-weight: 400;\"><strong>,<\/strong> ch\u00fang ta h\u00e3y c\u00f9ng ph\u00e2n t\u00edch chi ti\u1ebft t\u1eebng b\u1ed9 ph\u1eadn:<\/span><\/p>\n<ul style=\"text-align: justify;\">\n<li style=\"font-weight: 400;\" aria-level=\"1\"><b>Th\u00f9ng t\u1ee7<\/b><span style=\"font-weight: 400;\">: \u0110\u01b0\u1ee3c l\u00e0m t\u1eeb nh\u1ef1a PVC nguy\u00ean sinh ho\u1eb7c nh\u1ef1a Picomat ch\u1ed1ng n\u01b0\u1edbc. C\u00e1c t\u1ea5m nh\u1ef1a n\u00e0y c\u00f3 kh\u1ea3 n\u0103ng ch\u1ed1ng cong v\u00eanh, ch\u1ed1ng m\u1ed1i m\u1ecdt v\u00e0 ch\u1ecbu \u1ea9m c\u1ef1c k\u1ef3 t\u1ed1t, \u0111\u1ea3m b\u1ea3o \u0111\u1ed9 b\u1ec1n l\u00e2u d\u00e0i.<\/span><\/li>\n<li style=\"font-weight: 400;\" aria-level=\"1\"><b>C\u00e1nh t\u1ee7<\/b><span style=\"font-weight: 400;\">: S\u1eed d\u1ee5ng k\u00ednh c\u01b0\u1eddng l\u1ef1c d\u00e0y kho\u1ea3ng 5mm, \u0111\u01b0\u1ee3c t\u00f4i nhi\u1ec7t \u1edf nhi\u1ec7t \u0111\u1ed9 cao n\u00ean r\u1ea5t b\u1ec1n, ch\u1ed1ng va \u0111\u1eadp t\u1ed1t. C\u00e1nh k\u00ednh th\u01b0\u1eddng \u0111\u01b0\u1ee3c b\u1ecdc vi\u1ec1n b\u1eb1ng khung nh\u00f4m Anode ho\u1eb7c nh\u00f4m h\u1ee3p kim cao c\u1ea5p, ho\u1eb7c khung Inox v\u1eeba t\u0103ng \u0111\u1ed9 ch\u1eafc ch\u1eafn, v\u1eeba \u0111\u1ea3m b\u1ea3o t\u00ednh th\u1ea9m m\u1ef9.<\/span><\/li>\n<li style=\"font-weight: 400;\" aria-level=\"1\"><b>Ph\u1ee5 ki\u1ec7n \u0111i k\u00e8m<\/b><span style=\"font-weight: 400;\">: Tay n\u1eafm, b\u1ea3n l\u1ec1 gi\u1ea3m ch\u1ea5n, ray tr\u01b0\u1ee3t, gi\u00e1 n\u00e2ng h\u1ea1, k\u1ec7 inox&#8230; C\u00e1c ph\u1ee5 ki\u1ec7n ch\u1ea5t l\u01b0\u1ee3ng cao gi\u00fap vi\u1ec7c \u0111\u00f3ng m\u1edf nh\u1eb9 nh\u00e0ng, t\u0103ng tu\u1ed5i th\u1ecd cho to\u00e0n b\u1ed9 h\u1ec7 t\u1ee7.<\/span><\/li>\n<\/ul>\n<p style=\"text-align: justify;\"><span style=\"font-weight: 400;\">C\u1ea5u tr\u00fac n\u00e0y kh\u00f4ng ch\u1ec9 mang l\u1ea1i s\u1ef1 ch\u1eafc ch\u1eafn cho t\u1ee7 b\u1ebfp m\u00e0 c\u00f2n g\u00f3p ph\u1ea7n t\u1ea1o n\u00ean v\u1ebb \u0111\u1eb9p sang tr\u1ecdng, hi\u1ec7n \u0111\u1ea1i v\u00e0 v\u00f4 c\u00f9ng ti\u1ec7n d\u1ee5ng cho ng\u01b0\u1eddi s\u1eed d\u1ee5ng.<\/span><\/p>\n<h2 style=\"text-align: justify;\"><b>3. \u01afu \u0111i\u1ec3m n\u1ed5i b\u1eadt c\u1ee7a t\u1ee7 b\u1ebfp nh\u1ef1a c\u00e1nh k\u00ednh<\/b><\/h2>\n<p style=\"text-align: justify;\"><span style=\"font-weight: 400;\">Khi nh\u1eafc \u0111\u1ebfn <\/span>t\u1ee7 b\u1ebfp nh\u1ef1a c\u00e1nh k\u00ednh<span style=\"font-weight: 400;\">, ch\u00fang ta kh\u00f4ng th\u1ec3 b\u1ecf qua nh\u1eefng \u01b0u \u0111i\u1ec3m v\u01b0\u1ee3t tr\u1ed9i sau:<\/span><\/p>\n<ul>\n<li style=\"text-align: justify;\"><b>Kh\u1ea3 n\u0103ng ch\u1ed1ng n\u01b0\u1edbc, ch\u1ed1ng \u1ea9m tuy\u1ec7t \u0111\u1ed1i: <\/b><span style=\"font-weight: 400;\">Nh\u1edd s\u1eed d\u1ee5ng th\u00f9ng t\u1ee7 b\u1eb1ng nh\u1ef1a PVC ho\u1eb7c Picomat, s\u1ea3n ph\u1ea9m ho\u00e0n to\u00e0n kh\u00f4ng b\u1ecb \u1ea3nh h\u01b0\u1edfng b\u1edfi m\u00f4i tr\u01b0\u1eddng \u1ea9m \u01b0\u1edbt nh\u01b0 g\u1ed7 c\u00f4ng nghi\u1ec7p. \u0110\u00e2y l\u00e0 l\u1ef1a ch\u1ecdn l\u00fd t\u01b0\u1edfng cho kh\u00ed h\u1eadu nhi\u1ec7t \u0111\u1edbi \u1ea9m nh\u01b0 Vi\u1ec7t Nam, n\u01a1i t\u1ee7 b\u1ebfp th\u01b0\u1eddng xuy\u00ean ti\u1ebfp x\u00fac v\u1edbi h\u01a1i n\u01b0\u1edbc v\u00e0 nhi\u1ec7t \u0111\u1ed9 cao.<\/span><\/li>\n<li style=\"text-align: justify;\"><b>\u0110\u1ed9 b\u1ec1n cao, ch\u1ecbu l\u1ef1c t\u1ed1t: <\/b><span style=\"font-weight: 400;\">K\u00ednh c\u01b0\u1eddng l\u1ef1c \u0111\u01b0\u1ee3c s\u1eed d\u1ee5ng cho c\u00e1nh t\u1ee7 c\u00f3 kh\u1ea3 n\u0103ng ch\u1ecbu va \u0111\u1eadp m\u1ea1nh, h\u1ea1n ch\u1ebf t\u1ed1i \u0111a r\u1ea1n n\u1ee9t, v\u1ee1 k\u00ednh. K\u1ebft h\u1ee3p v\u1edbi khung nh\u00f4m ch\u1eafc ch\u1eafn, s\u1ea3n ph\u1ea9m c\u00f3 th\u1ec3 ch\u1ecbu t\u1ea3i tr\u1ecdng t\u1ed1t, \u0111\u1ea3m b\u1ea3o \u0111\u1ed9 b\u1ec1n b\u1ec9 theo th\u1eddi gian.<\/span><\/li>\n<li style=\"text-align: justify;\"><b>T\u00ednh th\u1ea9m m\u1ef9 v\u01b0\u1ee3t tr\u1ed9i: <\/b>B\u1ec1 m\u1eb7t k\u00ednh s\u00e1ng b\u00f3ng, s\u1eafc n\u00e9t k\u1ebft h\u1ee3p v\u1edbi c\u00e1c gam m\u00e0u hi\u1ec7n \u0111\u1ea1i nh\u01b0 tr\u1eafng, \u0111en, x\u00e1m, v\u00e2n g\u1ed7&#8230; gi\u00fap t\u1ee7 b\u1ebfp nh\u1ef1a c\u00e1nh k\u00ednh mang \u0111\u1ebfn v\u1ebb \u0111\u1eb9p \u0111\u1eb3ng c\u1ea5p v\u00e0 th\u1eddi th\u01b0\u1ee3ng cho kh\u00f4ng gian b\u1ebfp. Ngo\u00e0i ra, b\u1ec1 m\u1eb7t k\u00ednh ph\u1ea3n chi\u1ebfu \u00e1nh s\u00e1ng t\u1ed1t, gi\u00fap b\u1ebfp lu\u00f4n tr\u00e0n ng\u1eadp \u00e1nh s\u00e1ng v\u00e0 r\u1ed9ng r\u00e3i h\u01a1n.<\/li>\n<li style=\"text-align: justify;\"><b>D\u1ec5 d\u00e0ng v\u1ec7 sinh, lau ch\u00f9i: <\/b><span style=\"font-weight: 400;\">Ch\u1ec9 c\u1ea7n m\u1ed9t chi\u1ebfc kh\u0103n \u1ea9m, b\u1ea1n \u0111\u00e3 c\u00f3 th\u1ec3 nhanh ch\u00f3ng lau s\u1ea1ch m\u1ecdi v\u1ebft d\u1ea7u m\u1ee1, b\u1ee5i b\u1ea9n b\u00e1m tr\u00ean b\u1ec1 m\u1eb7t k\u00ednh v\u00e0 nh\u1ef1a. \u0110\u00e2y l\u00e0 \u01b0u \u0111i\u1ec3m c\u1ef1c k\u1ef3 ti\u1ec7n l\u1ee3i, nh\u1ea5t l\u00e0 \u0111\u1ed1i v\u1edbi nh\u1eefng gia \u0111\u00ecnh b\u1eadn r\u1ed9n.<\/span><\/li>\n<li style=\"text-align: justify;\"><b>An to\u00e0n cho s\u1ee9c kh\u1ecfe: <\/b><span style=\"font-weight: 400;\">S\u1eed d\u1ee5ng nh\u1ef1a kh\u00f4ng ch\u1ee9a c\u00e1c ch\u1ea5t \u0111\u1ed9c h\u1ea1i, k\u00ednh c\u01b0\u1eddng l\u1ef1c \u0111\u1ea1t ti\u00eau chu\u1ea9n an to\u00e0n, <\/span>t\u1ee7 b\u1ebfp nh\u1ef1a c\u00e1nh k\u00ednh<span style=\"font-weight: 400;\"> \u0111\u1ea3m b\u1ea3o s\u1ee9c kh\u1ecfe cho ng\u01b0\u1eddi d\u00f9ng, \u0111\u1eb7c bi\u1ec7t l\u00e0 nh\u1eefng gia \u0111\u00ecnh c\u00f3 tr\u1ebb nh\u1ecf.<\/span><\/li>\n<\/ul>\n<p style=\"text-align: justify;\"><b>Nh\u01b0\u1ee3c \u0111i\u1ec3m c\u1ea7n l\u01b0u \u00fd<\/b><\/p>\n<p style=\"text-align: justify;\"><span style=\"font-weight: 400;\">B\u00ean c\u1ea1nh nh\u1eefng \u01b0u \u0111i\u1ec3m v\u01b0\u1ee3t tr\u1ed9i, <\/span>t\u1ee7 b\u1ebfp nh\u1ef1a c\u00e1nh k\u00ednh<span style=\"font-weight: 400;\"> c\u0169ng c\u00f3 m\u1ed9t s\u1ed1 \u0111i\u1ec3m c\u1ea7n l\u01b0u \u00fd:<\/span><\/p>\n<ul style=\"text-align: justify;\">\n<li style=\"font-weight: 400;\" aria-level=\"1\"><b>V\u1ec1 chi ph\u00ed:<\/b><span style=\"font-weight: 400;\"> So v\u1edbi c\u00e1c lo\u1ea1i t\u1ee7 b\u1ebfp g\u1ed7 th\u00f4ng th\u01b0\u1eddng, t\u1ee7 b\u1ebfp nh\u1ef1a c\u00e1nh k\u00ednh c\u00f3 m\u1ee9c \u0111\u1ea7u t\u01b0 ban \u0111\u1ea7u cao h\u01a1n \u0111\u00f4i ch\u00fat do s\u1eed d\u1ee5ng ch\u1ea5t li\u1ec7u hi\u1ec7n \u0111\u1ea1i v\u00e0 quy tr\u00ecnh gia c\u00f4ng ti\u00ean ti\u1ebfn.<\/span><\/li>\n<li style=\"font-weight: 400;\" aria-level=\"1\"><b>Y\u00eau c\u1ea7u thi c\u00f4ng chu\u1ea9n x\u00e1c<\/b><span style=\"font-weight: 400;\">: Vi\u1ec7c l\u1eafp \u0111\u1eb7t t\u1ee7 c\u1ea7n \u0111\u1ed9i ng\u0169 th\u1ee3 c\u00f3 kinh nghi\u1ec7m \u0111\u1ec3 \u0111\u1ea3m b\u1ea3o t\u00ednh th\u1ea9m m\u1ef9 v\u00e0 an to\u00e0n, tr\u00e1nh nh\u1eefng l\u1ed7i nh\u01b0 c\u00e1nh t\u1ee7 l\u1ec7ch, k\u00ednh l\u1eafp kh\u00f4ng kh\u00edt&#8230;<\/span><\/li>\n<\/ul>\n<p style=\"text-align: justify;\"><span style=\"font-weight: 400;\">Tuy nhi\u00ean, x\u00e9t v\u1ec1 \u0111\u1ed9 b\u1ec1n v\u00e0 hi\u1ec7u qu\u1ea3 s\u1eed d\u1ee5ng l\u00e2u d\u00e0i, m\u1ee9c \u0111\u1ea7u t\u01b0 cho d\u00f2ng s\u1ea3n ph\u1ea9m n\u00e0y ho\u00e0n to\u00e0n x\u1ee9ng \u0111\u00e1ng.<\/span><\/p>\n<h2 style=\"text-align: justify;\"><b>5. M\u1ed9t s\u1ed1 m\u1eabu thi\u1ebft k\u1ebf t\u1ee7 b\u1ebfp nh\u1ef1a c\u00e1nh k\u00ednh \u0111\u1eb9p<\/b><\/h2>\n<p style=\"text-align: justify;\">T\u1ee7 b\u1ebfp nh\u1ef1a c\u00e1nh k\u00ednh<span style=\"font-weight: 400;\"> mang \u0111\u1ebfn s\u1ef1 \u0111a d\u1ea1ng trong thi\u1ebft k\u1ebf, ph\u00f9 h\u1ee3p v\u1edbi nhi\u1ec1u kh\u00f4ng gian b\u1ebfp kh\u00e1c nhau:<\/span><\/p>\n<figure id=\"attachment_7180\" aria-describedby=\"caption-attachment-7180\" style=\"width: 1280px\" class=\"wp-caption aligncenter\"><img loading=\"lazy\" decoding=\"async\" class=\"wp-image-7180 size-full\" src=\"https:\/\/nhatnam.org\/wp-content\/uploads\/2025\/05\/tu_bep_nhua_cao_cap-7.jpg\" alt=\"T\u1ee7 B\u1ebfp Nh\u1ef1a C\u00e1nh K\u00ednh\" width=\"1280\" height=\"960\" \/><figcaption id=\"caption-attachment-7180\" class=\"wp-caption-text\">Thi\u1ebft k\u1ebf t\u1ee7 b\u1ebfp nh\u1ef1a c\u00e1nh k\u00ednh ch\u1eef I b\u1ec1n \u0111\u1eb9p, ti\u1ebft ki\u1ec7m di\u1ec7n t\u00edch<\/figcaption><\/figure>\n<figure id=\"attachment_7133\" aria-describedby=\"caption-attachment-7133\" style=\"width: 1280px\" class=\"wp-caption aligncenter\"><img loading=\"lazy\" decoding=\"async\" class=\"wp-image-7133 size-full\" src=\"https:\/\/nhatnam.org\/wp-content\/uploads\/2025\/05\/tu_bep_nhua-59.jpg\" alt=\"T\u1ee7 B\u1ebfp Nh\u1ef1a C\u00e1nh K\u00ednh\" width=\"1280\" height=\"960\" \/><figcaption id=\"caption-attachment-7133\" class=\"wp-caption-text\">T\u1ee7 b\u1ebfp nh\u1ef1a c\u00e1nh k\u00ednh v\u1edbi m\u00e0u xanh d\u01b0\u01a1ng t\u1ea1o c\u1ea3m gi\u00e1c tho\u00e1ng \u0111\u00e3ng, tho\u1ea3i m\u00e1i cho kh\u00f4ng gian b\u1ebfp<\/figcaption><\/figure>\n<figure id=\"attachment_7100\" aria-describedby=\"caption-attachment-7100\" style=\"width: 1280px\" class=\"wp-caption aligncenter\"><img loading=\"lazy\" decoding=\"async\" class=\"wp-image-7100 size-full\" src=\"https:\/\/nhatnam.org\/wp-content\/uploads\/2025\/05\/tu_bep_nhua-26.jpg\" alt=\"T\u1ee7 B\u1ebfp Nh\u1ef1a C\u00e1nh K\u00ednh\" width=\"1280\" height=\"960\" \/><figcaption id=\"caption-attachment-7100\" class=\"wp-caption-text\">M\u1eabu t\u1ee7 b\u1ebfp nh\u1ef1a c\u00e1nh k\u00ednh cao c\u1ea5p thi\u1ebft k\u1ebf k\u1ecbch tr\u1ea7n t\u1eadn d\u1ee5ng t\u1ed1i \u0111a kh\u00f4ng gian b\u1ebfp<\/figcaption><\/figure>\n<figure id=\"attachment_7099\" aria-describedby=\"caption-attachment-7099\" style=\"width: 1280px\" class=\"wp-caption aligncenter\"><img loading=\"lazy\" decoding=\"async\" class=\"wp-image-7099 size-full\" src=\"https:\/\/nhatnam.org\/wp-content\/uploads\/2025\/05\/tu_bep_nhua-25.jpg\" alt=\"T\u1ee7 B\u1ebfp Nh\u1ef1a C\u00e1nh K\u00ednh\" width=\"1280\" height=\"960\" \/><figcaption id=\"caption-attachment-7099\" class=\"wp-caption-text\">T\u1ee7 b\u1ebfp nh\u1ef1a c\u00e1nh k\u00ednh v\u1edbi tay n\u1eafm \u00e2m b\u1ec1n, \u0111\u1eb9p<\/figcaption><\/figure>\n<figure id=\"attachment_7094\" aria-describedby=\"caption-attachment-7094\" style=\"width: 1280px\" class=\"wp-caption aligncenter\"><img loading=\"lazy\" decoding=\"async\" class=\"wp-image-7094 size-full\" src=\"https:\/\/nhatnam.org\/wp-content\/uploads\/2025\/05\/tu_bep_nhua-20.jpg\" alt=\"T\u1ee7 B\u1ebfp Nh\u1ef1a C\u00e1nh K\u00ednh\" width=\"1280\" height=\"960\" \/><figcaption id=\"caption-attachment-7094\" class=\"wp-caption-text\">Thi\u1ebft k\u1ebf t\u1ee7 b\u1ebfp m\u00e0u xanh l\u00e1 paster pha ghi \u0111em l\u1ea1i c\u1ea3m gi\u00e1c hi\u1ec7n \u0111\u1ea1i, nh\u1eb9 nh\u00e0ng nh\u01b0ng kh\u00f4ng k\u00e9m ph\u1ea7n sang tr\u1ecdng<\/figcaption><\/figure>\n<h2 style=\"text-align: justify;\"><b>6. B\u00e1o gi\u00e1 t\u1ee7 b\u1ebfp nh\u1ef1a c\u00e1nh k\u00ednh<\/b><\/h2>\n<p style=\"text-align: justify;\"><span style=\"font-weight: 400;\">Gi\u00e1 <\/span>t\u1ee7 b\u1ebfp nh\u1ef1a c\u00e1nh k\u00ednh<span style=\"font-weight: 400;\"> s\u1ebd ph\u1ee5 thu\u1ed9c v\u00e0o nhi\u1ec1u y\u1ebfu t\u1ed1 nh\u01b0: ch\u1ea5t li\u1ec7u th\u00f9ng t\u1ee7 (PVC hay Picomat), lo\u1ea1i k\u00ednh s\u1eed d\u1ee5ng, k\u00edch th\u01b0\u1edbc, ph\u1ee5 ki\u1ec7n \u0111i k\u00e8m v\u00e0 \u0111\u01a1n v\u1ecb thi c\u00f4ng.<\/span><\/p>\n<p style=\"text-align: justify;\"><span style=\"font-weight: 400;\">Tuy nhi\u00ean, \u0111\u1ec3 nh\u1eadn \u0111\u01b0\u1ee3c t\u01b0 v\u1ea5n ch\u00ednh x\u00e1c v\u00e0 b\u00e1o gi\u00e1 chi ti\u1ebft nh\u1ea5t, qu\u00fd kh\u00e1ch h\u00e0ng vui l\u00f2ng li\u00ean h\u1ec7 tr\u1ef1c ti\u1ebfp v\u1edbi <\/span><b>Nh\u1ea5t Nam<\/b><span style=\"font-weight: 400;\"> ho\u1eb7c gh\u00e9 th\u0103m showroom c\u1ee7a ch\u00fang t\u00f4i \u0111\u1ec3 \u0111\u01b0\u1ee3c tr\u1ea3i nghi\u1ec7m th\u1ef1c t\u1ebf c\u00e1c m\u1eabu t\u1ee7 b\u1ebfp v\u00e0 nh\u1eadn \u01b0u \u0111\u00e3i t\u1ed1t nh\u1ea5t.<\/span><\/p>\n<h2 style=\"text-align: justify;\"><b>7. L\u01b0u \u00fd khi l\u1ef1a ch\u1ecdn v\u00e0 l\u1eafp \u0111\u1eb7t t\u1ee7 b\u1ebfp nh\u1ef1a c\u00e1nh k\u00ednh<\/b><\/h2>\n<p style=\"text-align: justify;\"><span style=\"font-weight: 400;\">\u0110\u1ec3 s\u1edf h\u1eefu m\u1ed9t b\u1ed9 <\/span>t\u1ee7 b\u1ebfp nh\u1ef1a c\u00e1nh k\u00ednh<span style=\"font-weight: 400;\"> ho\u00e0n h\u1ea3o, b\u1ea1n c\u1ea7n l\u01b0u \u00fd:<\/span><\/p>\n<ul style=\"text-align: justify;\">\n<li style=\"font-weight: 400;\" aria-level=\"1\"><b>L\u1ef1a ch\u1ecdn \u0111\u01a1n v\u1ecb thi c\u00f4ng uy t\u00edn<\/b><span style=\"font-weight: 400;\">: \u0110\u1ea3m b\u1ea3o ch\u1ea5t l\u01b0\u1ee3ng v\u1eadt li\u1ec7u v\u00e0 tay ngh\u1ec1 l\u1eafp \u0111\u1eb7t chuy\u00ean nghi\u1ec7p.<\/span><\/li>\n<li style=\"font-weight: 400;\" aria-level=\"1\"><b>Ki\u1ec3m tra k\u1ef9 ch\u1ea5t l\u01b0\u1ee3ng v\u1eadt li\u1ec7u<\/b><span style=\"font-weight: 400;\">: \u01afu ti\u00ean ch\u1ecdn nh\u1ef1a PVC\/Picomat ch\u00ednh h\u00e3ng, k\u00ednh c\u01b0\u1eddng l\u1ef1c \u0111\u1ea1t chu\u1ea9n an to\u00e0n.<\/span><\/li>\n<li style=\"font-weight: 400;\" aria-level=\"1\"><b>Ch\u00fa \u00fd \u0111\u1ebfn ph\u1ee5 ki\u1ec7n<\/b><span style=\"font-weight: 400;\">: B\u1ea3n l\u1ec1, ray tr\u01b0\u1ee3t, tay n\u00e2ng ph\u1ea3i l\u00e0 h\u00e0ng ch\u00ednh h\u00e3ng, \u0111\u1ea3m b\u1ea3o v\u1eadn h\u00e0nh m\u01b0\u1ee3t m\u00e0 v\u00e0 b\u1ec1n b\u1ec9.<\/span><\/li>\n<li style=\"font-weight: 400;\" aria-level=\"1\"><b>Thi\u1ebft k\u1ebf ph\u00f9 h\u1ee3p v\u1edbi kh\u00f4ng gian b\u1ebfp<\/b><span style=\"font-weight: 400;\">: T\u1ed1i \u01b0u c\u00f4ng n\u0103ng s\u1eed d\u1ee5ng v\u00e0 \u0111\u1ea3m b\u1ea3o s\u1ef1 h\u00e0i h\u00f2a v\u1edbi t\u1ed5ng th\u1ec3 n\u1ed9i th\u1ea5t.<\/span><\/li>\n<\/ul>\n<h2 style=\"text-align: justify;\"><b>8. Nh\u1ea5t Nam &#8211; \u0110\u1ecba ch\u1ec9 thi\u1ebft k\u1ebf thi c\u00f4ng t\u1ee7 b\u1ebfp nh\u1ef1a c\u00e1nh k\u00ednh uy t\u00edn<\/b><\/h2>\n<p style=\"text-align: justify;\"><span style=\"font-weight: 400;\">Nh\u1ea5t Nam t\u1ef1 h\u00e0o l\u00e0 m\u1ed9t trong nh\u1eefng \u0111\u01a1n v\u1ecb ti\u00ean phong trong thi\u1ebft k\u1ebf v\u00e0 thi c\u00f4ng t\u1ee7 b\u1ebfp nh\u1ef1a c\u00e1nh k\u00ednh cao c\u1ea5p, mang \u0111\u1ebfn gi\u1ea3i ph\u00e1p n\u1ed9i th\u1ea5t hi\u1ec7n \u0111\u1ea1i cho kh\u00f4ng gian b\u1ebfp Vi\u1ec7t. T\u1ee7 b\u1ebfp t\u1ea1i Nh\u1ea5t Nam kh\u00f4ng ch\u1ec9 b\u1ec1n ch\u1eafc m\u00e0 c\u00f2n mang t\u00ednh th\u1ea9m m\u1ef9 cao, g\u00f3p ph\u1ea7n l\u00e0m b\u1eebng s\u00e1ng kh\u00f4ng gian s\u1ed1ng c\u1ee7a b\u1ea1n.<\/span><\/p>\n<ul>\n<li style=\"text-align: justify;\"><b>Ch\u1ea5t li\u1ec7u nh\u1ef1a cao c\u1ea5p k\u1ebft h\u1ee3p k\u00ednh c\u01b0\u1eddng l\u1ef1c<\/b><span style=\"font-weight: 400;\">: S\u1eed d\u1ee5ng nh\u1ef1a ch\u1ea5t l\u01b0\u1ee3ng c\u00f9ng k\u00ednh b\u1ec1n \u0111\u1eb9p, ch\u1ed1ng n\u01b0\u1edbc, ch\u1ed1ng m\u1ed1i m\u1ecdt, h\u1ea1n ch\u1ebf cong v\u00eanh, duy tr\u00ec v\u1ebb \u0111\u1eb9p l\u00e2u d\u00e0i trong su\u1ed1t qu\u00e1 tr\u00ecnh s\u1eed d\u1ee5ng.<\/span><\/li>\n<li style=\"text-align: justify;\"><b>M\u1eabu m\u00e3 \u0111a d\u1ea1ng, phong c\u00e1ch hi\u1ec7n \u0111\u1ea1i<\/b><span style=\"font-weight: 400;\">: T\u1eeb k\u00ednh m\u00e0u tr\u01a1n sang tr\u1ecdng \u0111\u1ebfn k\u00ednh hoa v\u0103n \u0111\u1ed9c \u0111\u00e1o, c\u00e1c thi\u1ebft k\u1ebf c\u1ee7a Nh\u1ea5t Nam d\u1ec5 d\u00e0ng h\u00f2a h\u1ee3p v\u1edbi nhi\u1ec1u phong c\u00e1ch n\u1ed9i th\u1ea5t kh\u00e1c nhau, t\u1eeb \u0111\u01a1n gi\u1ea3n \u0111\u1ebfn cao c\u1ea5p.<\/span><\/li>\n<li style=\"text-align: justify;\"><b>B\u1ec1 m\u1eb7t d\u1ec5 lau ch\u00f9i, ch\u1ed1ng b\u00e1m b\u1ea9n<\/b><span style=\"font-weight: 400;\">: V\u1edbi \u01b0u \u0111i\u1ec3m b\u00f3ng m\u1ecbn c\u1ee7a k\u00ednh, vi\u1ec7c v\u1ec7 sinh tr\u1edf n\u00ean \u0111\u01a1n gi\u1ea3n h\u01a1n bao gi\u1edd h\u1ebft, gi\u1eef cho gian b\u1ebfp lu\u00f4n s\u1ea1ch \u0111\u1eb9p, s\u00e1ng b\u00f3ng.<\/span><\/li>\n<li style=\"text-align: justify;\"><b>C\u00f4ng ngh\u1ec7 d\u00e1n c\u1ea1nh kh\u00f4ng \u0111\u01b0\u1eddng line (noline)<\/b><span style=\"font-weight: 400;\">: Gi\u00fap b\u1ec1 m\u1eb7t c\u00e1nh t\u1ee7 li\u1ec1n l\u1ea1c, tinh t\u1ebf, t\u0103ng \u0111\u1ed9 b\u1ec1n v\u00e0 th\u1ea9m m\u1ef9 cho s\u1ea3n ph\u1ea9m.<\/span><\/li>\n<li style=\"text-align: justify;\"><b>Cam k\u1ebft ch\u1ea5t l\u01b0\u1ee3ng v\u00e0 d\u1ecbch v\u1ee5 t\u1eadn t\u00e2m<\/b><span style=\"font-weight: 400;\">: Nh\u1ea5t Nam lu\u00f4n s\u1eed d\u1ee5ng v\u1eadt li\u1ec7u chu\u1ea9n, quy tr\u00ecnh thi c\u00f4ng k\u1ef9 l\u01b0\u1ee1ng c\u00f9ng \u0111\u1ed9i ng\u0169 t\u01b0 v\u1ea5n chuy\u00ean nghi\u1ec7p, s\u1eb5n s\u00e0ng h\u1ed7 tr\u1ee3 kh\u00e1ch h\u00e0ng l\u1ef1a ch\u1ecdn gi\u1ea3i ph\u00e1p ph\u00f9 h\u1ee3p nh\u1ea5t cho kh\u00f4ng gian b\u1ebfp m\u01a1 \u01b0\u1edbc.<\/span><\/li>\n<\/ul>\n<p style=\"text-align: justify;\">N\u1ebfu b\u1ea1n \u0111ang t\u00ecm ki\u1ebfm m\u1ed9t \u0111\u1ecba ch\u1ec9 thi c\u00f4ng t\u1ee7 b\u1ebfp nh\u1ef1a c\u00e1nh k\u00ednh uy t\u00edn, Nh\u1ea5t Nam ch\u1eafc ch\u1eafn s\u1ebd l\u00e0 ng\u01b0\u1eddi b\u1ea1n \u0111\u1ed3ng h\u00e0nh l\u00fd t\u01b0\u1edfng. <span style=\"font-weight: 400;\">Li\u00ean h\u1ec7 Nh\u1ea5t Nam ngay h\u00f4m nay \u0111\u1ec3 \u0111\u01b0\u1ee3c h\u1ed7 tr\u1ee3 t\u01b0 v\u1ea5n v\u00e0 nh\u1eadn nhi\u1ec1u \u01b0u \u0111\u00e3i.<br \/>\n<\/span><\/p>\n","protected":false},"excerpt":{"rendered":"<p style=\"text-align: justify;\">S\u1ef1 k\u1ebft h\u1ee3p gi\u1eefa khung t\u1ee7 nh\u1ef1a ch\u1ed1ng n\u01b0\u1edbc tuy\u1ec7t \u0111\u1ed1i v\u00e0 m\u1eb7t c\u00e1nh k\u00ednh b\u00f3ng g\u01b0\u01a1ng sang tr\u1ecdng, t\u1ee7 b\u1ebfp nh\u1ef1a c\u00e1nh k\u00ednh mang \u0111\u1ebfn kh\u00f4ng gian b\u1ebfp v\u1eeba ti\u1ec7n nghi v\u1eeba \u0111\u1eadm ch\u1ea5t th\u1ea9m m\u1ef9.<br \/>\nC\u00e1nh k\u00ednh m\u1edf ra chi\u1ec1u s\u00e2u th\u1ecb gi\u00e1c, d\u1ec5 lau ch\u00f9i, ch\u1ed1ng tr\u1ea7y x\u01b0\u1edbc nh\u1eb9 v\u00e0 kh\u00f4ng b\u00e1m b\u1ee5i l\u00e0 l\u1ef1a ch\u1ecdn ho\u00e0n h\u1ea3o cho nh\u1eefng ai y\u00eau th\u00edch s\u1ef1 t\u1ed1i gi\u1ea3n m\u00e0 v\u1eabn n\u1ed5i b\u1eadt. M\u1ed9t s\u1ea3n ph\u1ea9m v\u1eeba b\u1ec1n ch\u1eafc t\u1eeb b\u00ean trong, v\u1eeba cu\u1ed1n h\u00fat t\u1eeb \u00e1nh nh\u00ecn \u0111\u1ea7u ti\u00ean.<\/p>\n","protected":false},"featured_media":2063,"comment_status":"open","ping_status":"closed","template":"","meta":{"_acf_changed":false,"_gspb_post_css":""},"book-author":[],"product_brand":[],"product_cat":[135],"product_tag":[],"class_list":{"0":"post-2064","1":"product","2":"type-product","3":"status-publish","4":"has-post-thumbnail","6":"product_cat-tu-bep-nhua","8":"first","9":"instock","10":"shipping-taxable","11":"product-type-simple"},"acf":[],"_links":{"self":[{"href":"https:\/\/nhatnam.libion.me\/index.php\/wp-json\/wp\/v2\/product\/2064","targetHints":{"allow":["GET"]}}],"collection":[{"href":"https:\/\/nhatnam.libion.me\/index.php\/wp-json\/wp\/v2\/product"}],"about":[{"href":"https:\/\/nhatnam.libion.me\/index.php\/wp-json\/wp\/v2\/types\/product"}],"replies":[{"embeddable":true,"href":"https:\/\/nhatnam.libion.me\/index.php\/wp-json\/wp\/v2\/comments?post=2064"}],"wp:featuredmedia":[{"embeddable":true,"href":"https:\/\/nhatnam.libion.me\/index.php\/wp-json\/wp\/v2\/media\/2063"}],"wp:attachment":[{"href":"https:\/\/nhatnam.libion.me\/index.php\/wp-json\/wp\/v2\/media?parent=2064"}],"wp:term":[{"taxonomy":"book-author","embeddable":true,"href":"https:\/\/nhatnam.libion.me\/index.php\/wp-json\/wp\/v2\/book-author?post=2064"},{"taxonomy":"product_brand","embeddable":true,"href":"https:\/\/nhatnam.libion.me\/index.php\/wp-json\/wp\/v2\/product_brand?post=2064"},{"taxonomy":"product_cat","embeddable":true,"href":"https:\/\/nhatnam.libion.me\/index.php\/wp-json\/wp\/v2\/product_cat?post=2064"},{"taxonomy":"product_tag","embeddable":true,"href":"https:\/\/nhatnam.libion.me\/index.php\/wp-json\/wp\/v2\/product_tag?post=2064"}],"curies":[{"name":"wp","href":"https:\/\/api.w.org\/{rel}","templated":true}]}}