{"id":2058,"date":"2026-04-07T10:36:54","date_gmt":"2026-04-07T10:36:54","guid":{"rendered":"https:\/\/nhatnam.libion.me\/index.php\/product\/tu-bep-go-nhua-canh-acrylic\/"},"modified":"2026-04-07T10:37:00","modified_gmt":"2026-04-07T10:37:00","slug":"tu-bep-go-nhua-canh-acrylic","status":"publish","type":"product","link":"https:\/\/nhatnam.libion.me\/index.php\/product\/tu-bep-go-nhua-canh-acrylic\/","title":{"rendered":"T\u1ee7 B\u1ebfp G\u1ed7 Nh\u1ef1a C\u00e1nh Acrylic\u00a0"},"content":{"rendered":"<p style=\"text-align: justify;\"><span style=\"font-weight: 400;\">Ng\u00e0y nay, khi nhu c\u1ea7u th\u1ea9m m\u1ef9 v\u00e0 \u0111\u1ed9 b\u1ec1n trong thi\u1ebft k\u1ebf n\u1ed9i th\u1ea5t ng\u00e0y c\u00e0ng \u0111\u01b0\u1ee3c ch\u00fa tr\u1ecdng, t\u1ee7 b\u1ebfp g\u1ed7 nh\u1ef1a c\u00e1nh acrylic tr\u1edf th\u00e0nh xu h\u01b0\u1edbng \u0111\u01b0\u1ee3c \u0111\u00f4ng \u0111\u1ea3o gia \u0111\u00ecnh l\u1ef1a ch\u1ecdn. V\u1edbi v\u1ebb \u0111\u1eb9p sang tr\u1ecdng, kh\u1ea3 n\u0103ng ch\u1ed1ng n\u01b0\u1edbc, ch\u1ed1ng m\u1ed1i m\u1ecdt v\u01b0\u1ee3t tr\u1ed9i c\u00f9ng \u0111\u1ed9 b\u1ec1n cao, t\u1ee7 b\u1ebfp g\u1ed7 nh\u1ef1a c\u00e1nh acrylic mang \u0111\u1ebfn gi\u1ea3i ph\u00e1p t\u1ed1i \u01b0u cho kh\u00f4ng gian b\u1ebfp hi\u1ec7n \u0111\u1ea1i. B\u00e0i vi\u1ebft d\u01b0\u1edbi \u0111\u00e2y s\u1ebd gi\u00fap b\u1ea1n hi\u1ec3u r\u00f5 h\u01a1n v\u1ec1 d\u00f2ng t\u1ee7 n\u00e0y, t\u1eeb c\u1ea5u t\u1ea1o, \u01b0u \u0111i\u1ec3m, \u1ee9ng d\u1ee5ng cho \u0111\u1ebfn c\u00e1c m\u1eabu thi\u1ebft k\u1ebf n\u1ed5i b\u1eadt.<\/span><\/p>\n<h2 style=\"text-align: justify;\"><b>1. T\u1ee7 b\u1ebfp g\u1ed7 nh\u1ef1a c\u00e1nh acrylic l\u00e0 g\u00ec?<br \/>\n<\/b><\/h2>\n<figure id=\"attachment_5457\" aria-describedby=\"caption-attachment-5457\" style=\"width: 1280px\" class=\"wp-caption aligncenter\"><img loading=\"lazy\" decoding=\"async\" class=\"wp-image-5457 size-full\" src=\"https:\/\/nhatnam.org\/wp-content\/uploads\/2025\/03\/tu_bep_Inox_Acrylic03.jpg\" alt=\"T\u1ee7 B\u1ebfp G\u1ed7 Nh\u1ef1a C\u00e1nh Acrylic\u00a0\" width=\"1280\" height=\"960\" \/><figcaption id=\"caption-attachment-5457\" class=\"wp-caption-text\">T\u1ee7 b\u1ebfp g\u1ed7 nh\u1ef1a ph\u1ee7 Acrylic b\u00f3ng g\u01b0\u01a1ng c\u1ea5u tr\u00fac ch\u1eafc ch\u1eafn, \u0111\u1ed9 b\u1ec1n cao<\/figcaption><\/figure>\n<p style=\"text-align: justify;\"><span style=\"font-weight: 400;\">T\u1ee7 b\u1ebfp g\u1ed7 nh\u1ef1a c\u00e1nh acrylic l\u00e0 d\u00f2ng s\u1ea3n ph\u1ea9m s\u1eed d\u1ee5ng ph\u1ea7n th\u00f9ng t\u1ee7 b\u1eb1ng g\u1ed7 nh\u1ef1a, ch\u1ee7 y\u1ebfu l\u00e0 nh\u1ef1a PVC ho\u1eb7c g\u1ed7 nh\u1ef1a Picomat, k\u1ebft h\u1ee3p v\u1edbi c\u00e1nh t\u1ee7 \u0111\u01b0\u1ee3c ph\u1ee7 b\u1ec1 m\u1eb7t acrylic b\u00f3ng g\u01b0\u01a1ng cao c\u1ea5p. S\u1ef1 k\u1ebft h\u1ee3p n\u00e0y t\u1ea1o n\u00ean b\u1ed9 t\u1ee7 b\u1ebfp v\u1eeba b\u1ec1n ch\u1eafc, ch\u1ed1ng \u1ea9m, ch\u1ed1ng m\u1ed1i m\u1ecdt t\u1ed1t, v\u1eeba s\u1edf h\u1eefu v\u1ebb ngo\u00e0i hi\u1ec7n \u0111\u1ea1i, s\u00e1ng b\u00f3ng, t\u1ea1o chi\u1ec1u s\u00e2u cho kh\u00f4ng gian.<\/span><\/p>\n<p style=\"text-align: justify;\"><span style=\"font-weight: 400;\">Trong \u0111\u00f3, g\u1ed7 nh\u1ef1a Picomat n\u1ed5i b\u1eadt v\u1edbi kh\u1ea3 n\u0103ng ch\u1ed1ng n\u01b0\u1edbc tuy\u1ec7t \u0111\u1ed1i, ch\u1ecbu l\u1ef1c t\u1ed1t, kh\u00f4ng cong v\u00eanh hay m\u1ee5c n\u00e1t d\u01b0\u1edbi t\u00e1c \u0111\u1ed9ng c\u1ee7a m\u00f4i tr\u01b0\u1eddng \u1ea9m \u01b0\u1edbt. B\u1ec1 m\u1eb7t acrylic l\u00e0 m\u1ed9t lo\u1ea1i nh\u1ef1a cao c\u1ea5p c\u00f3 \u0111\u1ed9 b\u00f3ng g\u01b0\u01a1ng v\u01b0\u1ee3t tr\u1ed9i, m\u00e0u s\u1eafc \u0111a d\u1ea1ng, gi\u00fap kh\u00f4ng gian b\u1ebfp tr\u1edf n\u00ean r\u1ed9ng r\u00e3i, s\u00e1ng s\u1ee7a v\u00e0 \u0111\u1eb3ng c\u1ea5p h\u01a1n.<\/span><\/p>\n<p style=\"text-align: justify;\"><span style=\"font-weight: 400;\"><a href=\"https:\/\/nhatnam.org\/san-pham\/tu-bep-nhua-picomat\/\" target=\"_blank\" rel=\"noopener\">T\u1ee7 b\u1ebfp Picomat<\/a> c\u00e1nh ph\u1ee7 acrylic \u0111ang ng\u00e0y c\u00e0ng chi\u1ebfm l\u0129nh th\u1ecb tr\u01b0\u1eddng n\u1ed9i th\u1ea5t nh\u1edd kh\u1ea3 n\u0103ng dung h\u00f2a gi\u1eefa y\u1ebfu t\u1ed1 th\u1ea9m m\u1ef9 v\u00e0 t\u00ednh th\u1ef1c ti\u1ec5n trong s\u1eed d\u1ee5ng h\u00e0ng ng\u00e0y.<\/span><\/p>\n<h2 style=\"text-align: justify;\"><b>2. C\u1ea5u t\u1ea1o c\u1ee7a t\u1ee7 b\u1ebfp Picomat c\u00e1nh ph\u1ee7 Acrylic<br \/>\n<\/b><\/h2>\n<figure id=\"attachment_4724\" aria-describedby=\"caption-attachment-4724\" style=\"width: 1280px\" class=\"wp-caption aligncenter\"><img loading=\"lazy\" decoding=\"async\" class=\"wp-image-4724 size-full\" src=\"https:\/\/nhatnam.org\/wp-content\/uploads\/2025\/02\/16-5.jpg\" alt=\"T\u1ee7 B\u1ebfp G\u1ed7 Nh\u1ef1a C\u00e1nh Acrylic\u00a0\" width=\"1280\" height=\"960\" \/><figcaption id=\"caption-attachment-4724\" class=\"wp-caption-text\">M\u1eabu t\u1ee7 b\u1ebfp g\u1ed7 nh\u1ef1a c\u00e1nh Acrylic thi\u1ebft k\u1ebf hi\u1ec7n \u0111\u1ea1i, sang tr\u1ecdng<\/figcaption><\/figure>\n<p style=\"text-align: justify;\"><span style=\"font-weight: 400;\">M\u1ed9t b\u1ed9 t\u1ee7 b\u1ebfp Picomat c\u00e1nh ph\u1ee7 acrylic ti\u00eau chu\u1ea9n g\u1ed3m hai b\u1ed9 ph\u1eadn ch\u00ednh: th\u00f9ng t\u1ee7 v\u00e0 c\u00e1nh t\u1ee7.<\/span><\/p>\n<p style=\"text-align: justify;\"><b>Th\u00f9ng t\u1ee7<\/b><span style=\"font-weight: 400;\"> \u0111\u01b0\u1ee3c l\u00e0m t\u1eeb g\u1ed7 nh\u1ef1a Picomat, v\u1edbi th\u00e0nh ph\u1ea7n ch\u00ednh l\u00e0 nh\u1ef1a PVC c\u00f9ng c\u00e1c ch\u1ea5t ph\u1ee5 gia gi\u00fap t\u0103ng \u0111\u1ed9 c\u1ee9ng, \u0111\u1ed9 b\u1ec1n. Th\u00f9ng t\u1ee7 \u0111\u1ea3m b\u1ea3o kh\u1ea3 n\u0103ng ch\u1ed1ng n\u01b0\u1edbc, ch\u1ed1ng \u1ea9m tuy\u1ec7t \u0111\u1ed1i, kh\u00f4ng b\u1ecb cong v\u00eanh, co ng\u00f3t hay m\u1ee5c n\u00e1t theo th\u1eddi gian, r\u1ea5t ph\u00f9 h\u1ee3p v\u1edbi \u0111i\u1ec1u ki\u1ec7n kh\u00ed h\u1eadu n\u00f3ng \u1ea9m nh\u01b0 Vi\u1ec7t Nam.<\/span><\/p>\n<p style=\"text-align: justify;\"><b>C\u00e1nh t\u1ee7<\/b><span style=\"font-weight: 400;\"> s\u1eed d\u1ee5ng t\u1ea5m MDF l\u00f5i xanh ch\u1ed1ng \u1ea9m, b\u1ec1 m\u1eb7t ph\u1ee7 acrylic b\u00f3ng g\u01b0\u01a1ng. Qu\u00e1 tr\u00ecnh d\u00e1n acrylic \u0111\u01b0\u1ee3c th\u1ef1c hi\u1ec7n b\u1eb1ng c\u00f4ng ngh\u1ec7 d\u00e1n c\u1ea1nh kh\u00f4ng \u0111\u01b0\u1eddng line hi\u1ec7n \u0111\u1ea1i, gi\u00fap c\u00e1nh t\u1ee7 li\u1ec1n m\u1ea1ch, h\u1ea1n ch\u1ebf t\u1ed1i \u0111a vi\u1ec7c bong tr\u00f3c, t\u0103ng t\u00ednh th\u1ea9m m\u1ef9 v\u00e0 \u0111\u1ed9 b\u1ec1n. Nh\u1edd v\u1eady, c\u00e1c c\u00e1nh t\u1ee7 v\u1eeba ch\u1eafc ch\u1eafn v\u1eeba mang v\u1ebb \u0111\u1eb9p s\u00e1ng b\u00f3ng, sang tr\u1ecdng.<\/span><\/p>\n<p style=\"text-align: justify;\"><span style=\"font-weight: 400;\">S\u1ef1 k\u1ebft h\u1ee3p gi\u1eefa th\u00f9ng t\u1ee7 g\u1ed7 nh\u1ef1a Picomat v\u00e0 c\u00e1nh ph\u1ee7 acrylic kh\u00f4ng ch\u1ec9 mang \u0111\u1ebfn \u0111\u1ed9 b\u1ec1n v\u01b0\u1ee3t tr\u1ed9i m\u00e0 c\u00f2n t\u1ea1o n\u00ean nh\u1eefng thi\u1ebft k\u1ebf t\u1ee7 b\u1ebfp hi\u1ec7n \u0111\u1ea1i, cao c\u1ea5p, \u0111\u00e1p \u1ee9ng \u0111a d\u1ea1ng nhu c\u1ea7u th\u1ea9m m\u1ef9 v\u00e0 c\u00f4ng n\u0103ng c\u1ee7a ng\u01b0\u1eddi d\u00f9ng.<\/span><\/p>\n<h2 style=\"text-align: justify;\"><b>3. \u01afu \u0111i\u1ec3m n\u1ed5i b\u1eadt c\u1ee7a t\u1ee7 b\u1ebfp g\u1ed7 nh\u1ef1a c\u00e1nh acrylic<br \/>\n<\/b><\/h2>\n<figure id=\"attachment_7101\" aria-describedby=\"caption-attachment-7101\" style=\"width: 1280px\" class=\"wp-caption aligncenter\"><img loading=\"lazy\" decoding=\"async\" class=\"wp-image-7101 size-full\" src=\"https:\/\/nhatnam.org\/wp-content\/uploads\/2025\/05\/tu_bep_nhua-27.jpg\" alt=\"T\u1ee7 B\u1ebfp G\u1ed7 Nh\u1ef1a C\u00e1nh Acrylic\u00a0\" width=\"1280\" height=\"960\" \/><figcaption id=\"caption-attachment-7101\" class=\"wp-caption-text\">M\u1eabu t\u1ee7 b\u1ebfp g\u1ed7 nh\u1ef1a c\u00e1nh Acrylic ch\u1eef I ti\u1ebft ki\u1ec7m di\u1ec7n t\u00edch<\/figcaption><\/figure>\n<p style=\"text-align: justify;\"><span style=\"font-weight: 400;\">T\u1ee7 b\u1ebfp g\u1ed7 nh\u1ef1a c\u00e1nh acrylic h\u1ed9i t\u1ee5 nhi\u1ec1u \u01b0u \u0111i\u1ec3m v\u01b0\u1ee3t tr\u1ed9i, x\u1ee9ng \u0111\u00e1ng l\u00e0 l\u1ef1a ch\u1ecdn l\u00fd t\u01b0\u1edfng cho m\u1ecdi kh\u00f4ng gian b\u1ebfp hi\u1ec7n \u0111\u1ea1i.<\/span><\/p>\n<p style=\"text-align: justify;\"><b>Kh\u1ea3 n\u0103ng ch\u1ed1ng n\u01b0\u1edbc tuy\u1ec7t \u0111\u1ed1i<\/b><\/p>\n<p style=\"text-align: justify;\"><span style=\"font-weight: 400;\">Th\u00f9ng t\u1ee7 l\u00e0m t\u1eeb g\u1ed7 nh\u1ef1a Picomat c\u00f3 th\u00e0nh ph\u1ea7n ch\u00ednh l\u00e0 nh\u1ef1a PVC, nh\u1edd \u0111\u00f3 kh\u1ea3 n\u0103ng ch\u1ed1ng n\u01b0\u1edbc \u0111\u1ea1t m\u1ee9c t\u1ed1i \u0111a. T\u1ee7 kh\u00f4ng b\u1ecb ph\u1ed3ng r\u1ed9p, m\u1ee5c n\u00e1t hay \u1ea9m m\u1ed1c ngay c\u1ea3 trong \u0111i\u1ec1u ki\u1ec7n m\u00f4i tr\u01b0\u1eddng \u1ea9m th\u1ea5p, khu v\u1ef1c g\u1ea7n b\u1ed3n r\u1eeda hay b\u1ebfp n\u1ea5u.<\/span><\/p>\n<p style=\"text-align: justify;\"><b>Ch\u1ed1ng m\u1ed1i m\u1ecdt v\u00e0 \u1ea9m m\u1ed1c<\/b><\/p>\n<p style=\"text-align: justify;\"><span style=\"font-weight: 400;\">G\u1ed7 nh\u1ef1a Picomat kh\u00f4ng ph\u1ea3i l\u00e0 m\u00f4i tr\u01b0\u1eddng sinh tr\u01b0\u1edfng c\u1ee7a m\u1ed1i m\u1ecdt nh\u01b0 g\u1ed7 t\u1ef1 nhi\u00ean hay g\u1ed7 c\u00f4ng nghi\u1ec7p th\u00f4ng th\u01b0\u1eddng. \u0110i\u1ec1u n\u00e0y gi\u00fap t\u1ee7 b\u1ebfp lu\u00f4n b\u1ec1n \u0111\u1eb9p, kh\u00f4ng b\u1ecb xu\u1ed1ng c\u1ea5p theo th\u1eddi gian.<\/span><\/p>\n<p style=\"text-align: justify;\"><b>B\u1ec1 m\u1eb7t s\u00e1ng b\u00f3ng, th\u1ea9m m\u1ef9 cao<\/b><\/p>\n<p style=\"text-align: justify;\"><span style=\"font-weight: 400;\">B\u1ec1 m\u1eb7t acrylic b\u00f3ng g\u01b0\u01a1ng mang \u0111\u1ebfn v\u1ebb \u0111\u1eb9p hi\u1ec7n \u0111\u1ea1i, sang tr\u1ecdng cho kh\u00f4ng gian b\u1ebfp. Kh\u1ea3 n\u0103ng ph\u1ea3n chi\u1ebfu \u00e1nh s\u00e1ng t\u1ed1t gi\u00fap gian b\u1ebfp tr\u00f4ng r\u1ed9ng r\u00e3i, th\u00f4ng tho\u00e1ng h\u01a1n r\u1ea5t nhi\u1ec1u, \u0111\u1eb7c bi\u1ec7t ph\u00f9 h\u1ee3p v\u1edbi nh\u1eefng kh\u00f4ng gian c\u00f3 di\u1ec7n t\u00edch h\u1ea1n ch\u1ebf.<\/span><\/p>\n<p style=\"text-align: justify;\"><b>\u0110a d\u1ea1ng m\u00e0u s\u1eafc, d\u1ec5 d\u00e0ng ph\u1ed1i h\u1ee3p n\u1ed9i th\u1ea5t<\/b><\/p>\n<p style=\"text-align: justify;\"><span style=\"font-weight: 400;\">T\u1ea5m acrylic c\u00f3 b\u1ea3ng m\u00e0u phong ph\u00fa t\u1eeb tr\u1eafng, x\u00e1m, \u0111en \u0111\u1ebfn c\u00e1c m\u00e0u pastel nh\u1eb9 nh\u00e0ng hay v\u00e2n g\u1ed7 t\u1ef1 nhi\u00ean. Ng\u01b0\u1eddi d\u00f9ng d\u1ec5 d\u00e0ng l\u1ef1a ch\u1ecdn v\u00e0 ph\u1ed1i m\u00e0u theo s\u1edf th\u00edch, phong c\u00e1ch thi\u1ebft k\u1ebf c\u1ee7a gia \u0111\u00ecnh.<\/span><\/p>\n<p style=\"text-align: justify;\"><b>D\u1ec5 d\u00e0ng v\u1ec7 sinh, lau ch\u00f9i<\/b><\/p>\n<p style=\"text-align: justify;\"><span style=\"font-weight: 400;\">B\u1ec1 m\u1eb7t acrylic ph\u1eb3ng, b\u00f3ng, h\u1ea1n ch\u1ebf b\u00e1m b\u1ea9n v\u00e0 d\u1ec5 d\u00e0ng l\u00e0m s\u1ea1ch. Ch\u1ec9 c\u1ea7n m\u1ed9t chi\u1ebfc kh\u0103n m\u1ec1m v\u00e0 dung d\u1ecbch lau nh\u1eb9 l\u00e0 b\u1ec1 m\u1eb7t t\u1ee7 l\u1ea1i s\u00e1ng b\u00f3ng nh\u01b0 m\u1edbi, ti\u1ebft ki\u1ec7m c\u00f4ng s\u1ee9c v\u1ec7 sinh h\u00e0ng ng\u00e0y.<\/span><\/p>\n<p style=\"text-align: justify;\"><b>\u0110\u1ed9 b\u1ec1n cao, tu\u1ed5i th\u1ecd l\u00e2u d\u00e0i<\/b><\/p>\n<p style=\"text-align: justify;\"><span style=\"font-weight: 400;\">T\u1ee7 b\u1ebfp Picomat c\u00e1nh ph\u1ee7 acrylic c\u00f3 \u0111\u1ed9 b\u1ec1n cao, ch\u1ecbu l\u1ef1c t\u1ed1t, ch\u1ed1ng va \u0111\u1eadp v\u00e0 ch\u1ecbu nhi\u1ec7t kh\u00e1 t\u1ed1t. Tu\u1ed5i th\u1ecd trung b\u00ecnh c\u1ee7a t\u1ee7 c\u00f3 th\u1ec3 k\u00e9o d\u00e0i t\u1eeb 15 \u0111\u1ebfn 20 n\u0103m n\u1ebfu \u0111\u01b0\u1ee3c s\u1eed d\u1ee5ng v\u00e0 b\u1ea3o qu\u1ea3n \u0111\u00fang c\u00e1ch.<\/span><\/p>\n<p style=\"text-align: justify;\"><b>An to\u00e0n cho s\u1ee9c kh\u1ecfe<\/b><\/p>\n<p style=\"text-align: justify;\"><span style=\"font-weight: 400;\">C\u00e1c v\u1eadt li\u1ec7u s\u1eed d\u1ee5ng trong t\u1ee7 b\u1ebfp g\u1ed7 nh\u1ef1a c\u00e1nh acrylic \u0111\u1ec1u th\u00e2n thi\u1ec7n v\u1edbi m\u00f4i tr\u01b0\u1eddng, kh\u00f4ng ch\u1ee9a formaldehyde g\u00e2y h\u1ea1i, \u0111\u1ea3m b\u1ea3o an to\u00e0n cho s\u1ee9c kh\u1ecfe ng\u01b0\u1eddi s\u1eed d\u1ee5ng.<\/span><\/p>\n<h2 style=\"text-align: justify;\"><b>4. \u1ee8ng d\u1ee5ng th\u1ef1c t\u1ebf c\u1ee7a t\u1ee7 b\u1ebfp g\u1ed7 nh\u1ef1a c\u00e1nh acrylic<\/b><\/h2>\n<p style=\"text-align: justify;\"><span style=\"font-weight: 400;\">T\u1ee7 b\u1ebfp g\u1ed7 nh\u1ef1a c\u00e1nh acrylic ph\u00f9 h\u1ee3p v\u1edbi nhi\u1ec1u lo\u1ea1i c\u00f4ng tr\u00ecnh v\u00e0 phong c\u00e1ch n\u1ed9i th\u1ea5t kh\u00e1c nhau. M\u1ed9t s\u1ed1 \u1ee9ng d\u1ee5ng ph\u1ed5 bi\u1ebfn c\u1ee7a d\u00f2ng t\u1ee7 n\u00e0y c\u00f3 th\u1ec3 k\u1ec3 \u0111\u1ebfn nh\u01b0:<\/span><\/p>\n<ul style=\"text-align: justify;\">\n<li style=\"font-weight: 400;\" aria-level=\"1\"><span style=\"font-weight: 400;\">L\u1eafp \u0111\u1eb7t cho c\u0103n h\u1ed9 chung c\u01b0, nh\u00e0 ph\u1ed1, bi\u1ec7t th\u1ef1 cao c\u1ea5p.<\/span><\/li>\n<li style=\"font-weight: 400;\" aria-level=\"1\"><span style=\"font-weight: 400;\">Thi\u1ebft k\u1ebf b\u1ebfp cho c\u0103n h\u1ed9 d\u1ecbch v\u1ee5, nh\u00e0 cho thu\u00ea, AirBnB cao c\u1ea5p.<\/span><\/li>\n<li style=\"font-weight: 400;\" aria-level=\"1\"><span style=\"font-weight: 400;\">S\u1eed d\u1ee5ng trong c\u00e1c khu resort, kh\u00e1ch s\u1ea1n, nh\u00e0 h\u00e0ng, qu\u00e1n caf\u00e9 sang tr\u1ecdng.<\/span><\/li>\n<li style=\"font-weight: 400;\" aria-level=\"1\"><span style=\"font-weight: 400;\">Thi c\u00f4ng b\u1ebfp cho v\u0103n ph\u00f2ng, showroom, trung t\u00e2m th\u01b0\u01a1ng m\u1ea1i y\u00eau c\u1ea7u s\u1ef1 hi\u1ec7n \u0111\u1ea1i, chuy\u00ean nghi\u1ec7p.<\/span><\/li>\n<\/ul>\n<p style=\"text-align: justify;\"><span style=\"font-weight: 400;\">Nh\u1edd s\u1ef1 linh ho\u1ea1t trong thi\u1ebft k\u1ebf, t\u1ee7 b\u1ebfp Picomat c\u00e1nh ph\u1ee7 acrylic c\u00f3 th\u1ec3 \u0111\u00e1p \u1ee9ng t\u1ed1t c\u00e1c kh\u00f4ng gian l\u1edbn nh\u1ecf kh\u00e1c nhau, t\u1eeb nh\u1eefng c\u0103n b\u1ebfp \u0111\u01a1n gi\u1ea3n \u0111\u1ebfn c\u00e1c c\u00f4ng tr\u00ecnh cao c\u1ea5p \u0111\u00f2i h\u1ecfi ti\u00eau chu\u1ea9n kh\u1eaft khe v\u1ec1 th\u1ea9m m\u1ef9 v\u00e0 \u0111\u1ed9 b\u1ec1n.<\/span><\/p>\n<h2 style=\"text-align: justify;\"><b>5. M\u1ed9t s\u1ed1 m\u1eabu thi\u1ebft k\u1ebf t\u1ee7 b\u1ebfp g\u1ed7 nh\u1ef1a c\u00e1nh acrylic \u0111\u01b0\u1ee3c y\u00eau th\u00edch<\/b><\/h2>\n<p><span style=\"font-weight: 400;\">V\u1edbi s\u1ef1 \u0111a d\u1ea1ng v\u1ec1 ki\u1ec3u d\u00e1ng v\u00e0 m\u00e0u s\u1eafc, t\u1ee7 b\u1ebfp g\u1ed7 nh\u1ef1a c\u00e1nh acrylic mang \u0111\u1ebfn nhi\u1ec1u l\u1ef1a ch\u1ecdn cho gia ch\u1ee7.<br \/>\n<\/span><\/p>\n<figure id=\"attachment_4707\" aria-describedby=\"caption-attachment-4707\" style=\"width: 1280px\" class=\"wp-caption aligncenter\"><img loading=\"lazy\" decoding=\"async\" class=\"wp-image-4707 size-full\" src=\"https:\/\/nhatnam.org\/wp-content\/uploads\/2025\/02\/12tc.jpg\" alt=\"T\u1ee7 B\u1ebfp G\u1ed7 Nh\u1ef1a C\u00e1nh Acrylic\u00a0\" width=\"1280\" height=\"960\" \/><figcaption id=\"caption-attachment-4707\" class=\"wp-caption-text\">M\u1eabu thi\u1ebft k\u1ebf t\u1ee7 b\u1ebfp Acrylic ch\u1eef L \u0111ang \u0111\u01b0\u1ee3c nhi\u1ec1u kh\u00e1ch h\u00e0ng tin t\u01b0\u1edfng l\u1ef1a ch\u1ecdn<\/figcaption><\/figure>\n<figure id=\"attachment_7097\" aria-describedby=\"caption-attachment-7097\" style=\"width: 1280px\" class=\"wp-caption aligncenter\"><img loading=\"lazy\" decoding=\"async\" class=\"wp-image-7097 size-full\" src=\"https:\/\/nhatnam.org\/wp-content\/uploads\/2025\/05\/tu_bep_nhua-23.jpg\" alt=\"T\u1ee7 B\u1ebfp G\u1ed7 Nh\u1ef1a C\u00e1nh Acrylic\u00a0\" width=\"1280\" height=\"960\" \/><figcaption id=\"caption-attachment-7097\" class=\"wp-caption-text\">T\u1ee7 b\u1ebfp g\u1ed7 nh\u1ef1a c\u00e1nh acrylic b\u00f3ng g\u01b0\u01a1ng mang \u0111\u1ebfn v\u1ebb hi\u1ec7n \u0111\u1ea1i v\u00e0 sang tr\u1ecdng cho kh\u00f4ng gian b\u1ebfp.<\/figcaption><\/figure>\n<figure id=\"attachment_7095\" aria-describedby=\"caption-attachment-7095\" style=\"width: 1280px\" class=\"wp-caption aligncenter\"><img loading=\"lazy\" decoding=\"async\" class=\"wp-image-7095 size-full\" src=\"https:\/\/nhatnam.org\/wp-content\/uploads\/2025\/05\/tu_bep_nhua-21.jpg\" alt=\"T\u1ee7 B\u1ebfp G\u1ed7 Nh\u1ef1a C\u00e1nh Acrylic\u00a0\" width=\"1280\" height=\"960\" \/><figcaption id=\"caption-attachment-7095\" class=\"wp-caption-text\">Thi\u1ebft k\u1ebf t\u1ee7 b\u1ebfp ch\u1eef L v\u1edbi c\u00e1nh acrylic gi\u00fap c\u0103n b\u1ebfp th\u00eam ph\u1ea7n sang tr\u1ecdng nh\u01b0ng v\u1eabn \u0111\u1ea7y \u0111\u1ee7 c\u00f4ng n\u0103ng<\/figcaption><\/figure>\n<figure id=\"attachment_7078\" aria-describedby=\"caption-attachment-7078\" style=\"width: 1280px\" class=\"wp-caption aligncenter\"><img loading=\"lazy\" decoding=\"async\" class=\"wp-image-7078 size-full\" src=\"https:\/\/nhatnam.org\/wp-content\/uploads\/2025\/05\/tu_bep_nhua-4.jpg\" alt=\"T\u1ee7 B\u1ebfp G\u1ed7 Nh\u1ef1a C\u00e1nh Acrylic\u00a0\" width=\"1280\" height=\"960\" \/><figcaption id=\"caption-attachment-7078\" class=\"wp-caption-text\">S\u1ef1 k\u1ebft h\u1ee3p gi\u1eefa g\u1ed7 nh\u1ef1a b\u1ec1n b\u1ec9 v\u00e0 c\u00e1nh acrylic b\u00f3ng g\u01b0\u01a1ng t\u1ea1o \u0111i\u1ec3m nh\u1ea5n \u0111\u1eb3ng c\u1ea5p cho gian b\u1ebfp.<\/figcaption><\/figure>\n<h2 style=\"text-align: justify;\"><b>6. Gi\u00e1 th\u00e0nh t\u1ee7 b\u1ebfp g\u1ed7 nh\u1ef1a c\u00e1nh acrylic<\/b><\/h2>\n<p style=\"text-align: justify;\"><span style=\"font-weight: 400;\">Gi\u00e1 t\u1ee7 b\u1ebfp g\u1ed7 nh\u1ef1a c\u00e1nh acrylic ph\u1ee5 thu\u1ed9c v\u00e0o nhi\u1ec1u y\u1ebfu t\u1ed1 nh\u01b0 ch\u1ea5t li\u1ec7u, ki\u1ec3u d\u00e1ng thi\u1ebft k\u1ebf, ph\u1ee5 ki\u1ec7n \u0111i k\u00e8m, di\u1ec7n t\u00edch thi c\u00f4ng v\u00e0 y\u00eau c\u1ea7u v\u1ec1 b\u1ec1 m\u1eb7t acrylic. Th\u00f4ng th\u01b0\u1eddng, t\u1ee7 b\u1ebfp Picomat c\u00e1nh ph\u1ee7 acrylic n\u1eb1m trong ph\u00e2n kh\u00fac gi\u00e1 trung \u0111\u1ebfn cao c\u1ea5p, ph\u00f9 h\u1ee3p v\u1edbi ng\u00e2n s\u00e1ch \u0111\u1ea7u t\u01b0 c\u1ee7a c\u00e1c gia \u0111\u00ecnh mong mu\u1ed1n s\u1edf h\u1eefu m\u1ed9t c\u0103n b\u1ebfp \u0111\u1eb9p, b\u1ec1n v\u00e0 hi\u1ec7n \u0111\u1ea1i.<\/span><\/p>\n<p style=\"text-align: justify;\"><span style=\"font-weight: 400;\">\u0110\u1ec3 nh\u1eadn \u0111\u01b0\u1ee3c b\u00e1o gi\u00e1 chi ti\u1ebft v\u00e0 ch\u00ednh x\u00e1c nh\u1ea5t cho t\u1eebng m\u1eabu thi\u1ebft k\u1ebf, kh\u00e1ch h\u00e0ng vui l\u00f2ng li\u00ean h\u1ec7 tr\u1ef1c ti\u1ebfp v\u1edbi Nh\u1ea5t Nam \u0111\u1ec3 \u0111\u01b0\u1ee3c t\u01b0 v\u1ea5n v\u00e0 b\u00e1o gi\u00e1 c\u1ee5 th\u1ec3 theo di\u1ec7n t\u00edch, nhu c\u1ea7u th\u1ef1c t\u1ebf.<\/span><\/p>\n<h2 style=\"text-align: justify;\"><b>7. L\u01b0u \u00fd khi l\u1ef1a ch\u1ecdn t\u1ee7 b\u1ebfp g\u1ed7 nh\u1ef1a c\u00e1nh Acrylic<\/b><\/h2>\n<p style=\"text-align: justify;\"><span style=\"font-weight: 400;\">Khi l\u1ef1a ch\u1ecdn t\u1ee7 b\u1ebfp g\u1ed7 nh\u1ef1a c\u00e1nh acrylic, b\u1ea1n n\u00ean l\u01b0u \u00fd nh\u1eefng \u0111i\u1ec3m sau \u0111\u1ec3 \u0111\u1ea3m b\u1ea3o s\u1ea3n ph\u1ea9m b\u1ec1n \u0111\u1eb9p v\u00e0 ph\u00f9 h\u1ee3p v\u1edbi kh\u00f4ng gian b\u1ebfp c\u1ee7a m\u00ecnh:<\/span><\/p>\n<p style=\"text-align: justify;\"><b>Ch\u1ea5t li\u1ec7u c\u00e1nh t\u1ee7<\/b><span style=\"font-weight: 400;\">: \u01afu ti\u00ean ch\u1ecdn c\u00e1nh t\u1ee7 \u0111\u01b0\u1ee3c ph\u1ee7 l\u1edbp acrylic ch\u00ednh h\u00e3ng, c\u00f3 \u0111\u1ed9 b\u00f3ng cao v\u00e0 kh\u1ea3 n\u0103ng ch\u1ed1ng tr\u1ea7y x\u01b0\u1edbc t\u1ed1t. C\u00f4ng ngh\u1ec7 d\u00e1n c\u1ea1nh noline gi\u00fap t\u1ea1o b\u1ec1 m\u1eb7t li\u1ec1n m\u1ea1ch, t\u0103ng t\u00ednh th\u1ea9m m\u1ef9 v\u00e0 d\u1ec5 d\u00e0ng v\u1ec7 sinh.\u200b<\/span><\/p>\n<p style=\"text-align: justify;\"><b>Ch\u1ea5t li\u1ec7u l\u00f5i t\u1ee7<\/b><span style=\"font-weight: 400;\">: L\u00f5i t\u1ee7 n\u00ean \u0111\u01b0\u1ee3c l\u00e0m t\u1eeb g\u1ed7 c\u00f4ng nghi\u1ec7p MDF l\u00f5i xanh ch\u1ed1ng \u1ea9m ho\u1eb7c nh\u1ef1a PVC cao c\u1ea5p \u0111\u1ec3 \u0111\u1ea3m b\u1ea3o \u0111\u1ed9 b\u1ec1n v\u00e0 kh\u1ea3 n\u0103ng ch\u1ed1ng \u1ea9m m\u1ed1c<\/span><\/p>\n<p style=\"text-align: justify;\"><b>\u0110\u01a1n v\u1ecb thi c\u00f4ng uy t\u00edn<\/b><span style=\"font-weight: 400;\">: Ch\u1ecdn nh\u00e0 cung c\u1ea5p v\u00e0 thi c\u00f4ng c\u00f3 kinh nghi\u1ec7m, s\u1eed d\u1ee5ng v\u1eadt li\u1ec7u ch\u00ednh h\u00e3ng v\u00e0 c\u00f3 ch\u1ebf \u0111\u1ed9 b\u1ea3o h\u00e0nh r\u00f5 r\u00e0ng \u0111\u1ec3 \u0111\u1ea3m b\u1ea3o ch\u1ea5t l\u01b0\u1ee3ng s\u1ea3n ph\u1ea9m.\u200b<\/span><\/p>\n<p style=\"text-align: justify;\"><b>Ph\u00f9 h\u1ee3p v\u1edbi kh\u00f4ng gian<\/b><span style=\"font-weight: 400;\">: L\u1ef1a ch\u1ecdn m\u00e0u s\u1eafc v\u00e0 ki\u1ec3u d\u00e1ng c\u00e1nh t\u1ee7 ph\u00f9 h\u1ee3p v\u1edbi phong c\u00e1ch thi\u1ebft k\u1ebf v\u00e0 di\u1ec7n t\u00edch kh\u00f4ng gian b\u1ebfp c\u1ee7a b\u1ea1n.\u200b<\/span><\/p>\n<p style=\"text-align: justify;\"><b>Ng\u00e2n s\u00e1ch \u0111\u1ea7u t\u01b0<\/b><span style=\"font-weight: 400;\">: T\u1ee7 b\u1ebfp g\u1ed7 nh\u1ef1a c\u00e1nh acrylic c\u00f3 m\u1ee9c gi\u00e1 dao \u0111\u1ed9ng t\u00f9y thu\u1ed9c v\u00e0o ch\u1ea5t li\u1ec7u v\u00e0 th\u01b0\u01a1ng hi\u1ec7u. H\u00e3y c\u00e2n nh\u1eafc ng\u00e2n s\u00e1ch \u0111\u1ec3 l\u1ef1a ch\u1ecdn s\u1ea3n ph\u1ea9m ph\u00f9 h\u1ee3p v\u1edbi nhu c\u1ea7u v\u00e0 kh\u1ea3 n\u0103ng t\u00e0i ch\u00ednh c\u1ee7a gia \u0111\u00ecnh.\u200b<\/span><\/p>\n<p style=\"text-align: justify;\"><span style=\"font-weight: 400;\">Ch\u00fa \u00fd \u0111\u1ebfn nh\u1eefng y\u1ebfu t\u1ed1 tr\u00ean s\u1ebd gi\u00fap b\u1ea1n ch\u1ecdn \u0111\u01b0\u1ee3c t\u1ee7 b\u1ebfp g\u1ed7 nh\u1ef1a c\u00e1nh acrylic ch\u1ea5t l\u01b0\u1ee3ng, b\u1ec1n \u0111\u1eb9p v\u00e0 ph\u00f9 h\u1ee3p v\u1edbi kh\u00f4ng gian b\u1ebfp c\u1ee7a m\u00ecnh.\u200b<\/span><\/p>\n","protected":false},"excerpt":{"rendered":"<p style=\"text-align: justify;\"><span style=\"font-weight: 400;\">Ng\u00e0y nay, khi nhu c\u1ea7u th\u1ea9m m\u1ef9 v\u00e0 \u0111\u1ed9 b\u1ec1n trong thi\u1ebft k\u1ebf n\u1ed9i th\u1ea5t ng\u00e0y c\u00e0ng \u0111\u01b0\u1ee3c ch\u00fa tr\u1ecdng, t\u1ee7 b\u1ebfp g\u1ed7 nh\u1ef1a c\u00e1nh acrylic tr\u1edf th\u00e0nh xu h\u01b0\u1edbng \u0111\u01b0\u1ee3c \u0111\u00f4ng \u0111\u1ea3o gia \u0111\u00ecnh l\u1ef1a ch\u1ecdn. V\u1edbi v\u1ebb \u0111\u1eb9p sang tr\u1ecdng, kh\u1ea3 n\u0103ng ch\u1ed1ng n\u01b0\u1edbc, ch\u1ed1ng m\u1ed1i m\u1ecdt v\u01b0\u1ee3t tr\u1ed9i c\u00f9ng \u0111\u1ed9 b\u1ec1n cao, t\u1ee7 b\u1ebfp g\u1ed7 nh\u1ef1a c\u00e1nh acrylic mang \u0111\u1ebfn gi\u1ea3i ph\u00e1p t\u1ed1i \u01b0u cho kh\u00f4ng gian b\u1ebfp hi\u1ec7n \u0111\u1ea1i. B\u00e0i vi\u1ebft d\u01b0\u1edbi \u0111\u00e2y s\u1ebd gi\u00fap b\u1ea1n hi\u1ec3u r\u00f5 h\u01a1n v\u1ec1 d\u00f2ng t\u1ee7 n\u00e0y, t\u1eeb c\u1ea5u t\u1ea1o, \u01b0u \u0111i\u1ec3m, \u1ee9ng d\u1ee5ng cho \u0111\u1ebfn c\u00e1c m\u1eabu thi\u1ebft k\u1ebf n\u1ed5i b\u1eadt.<\/span><\/p>\n","protected":false},"featured_media":2057,"comment_status":"open","ping_status":"closed","template":"","meta":{"_acf_changed":false,"_gspb_post_css":""},"book-author":[],"product_brand":[],"product_cat":[135],"product_tag":[],"class_list":{"0":"post-2058","1":"product","2":"type-product","3":"status-publish","4":"has-post-thumbnail","6":"product_cat-tu-bep-nhua","8":"first","9":"instock","10":"shipping-taxable","11":"product-type-simple"},"acf":[],"_links":{"self":[{"href":"https:\/\/nhatnam.libion.me\/index.php\/wp-json\/wp\/v2\/product\/2058","targetHints":{"allow":["GET"]}}],"collection":[{"href":"https:\/\/nhatnam.libion.me\/index.php\/wp-json\/wp\/v2\/product"}],"about":[{"href":"https:\/\/nhatnam.libion.me\/index.php\/wp-json\/wp\/v2\/types\/product"}],"replies":[{"embeddable":true,"href":"https:\/\/nhatnam.libion.me\/index.php\/wp-json\/wp\/v2\/comments?post=2058"}],"wp:featuredmedia":[{"embeddable":true,"href":"https:\/\/nhatnam.libion.me\/index.php\/wp-json\/wp\/v2\/media\/2057"}],"wp:attachment":[{"href":"https:\/\/nhatnam.libion.me\/index.php\/wp-json\/wp\/v2\/media?parent=2058"}],"wp:term":[{"taxonomy":"book-author","embeddable":true,"href":"https:\/\/nhatnam.libion.me\/index.php\/wp-json\/wp\/v2\/book-author?post=2058"},{"taxonomy":"product_brand","embeddable":true,"href":"https:\/\/nhatnam.libion.me\/index.php\/wp-json\/wp\/v2\/product_brand?post=2058"},{"taxonomy":"product_cat","embeddable":true,"href":"https:\/\/nhatnam.libion.me\/index.php\/wp-json\/wp\/v2\/product_cat?post=2058"},{"taxonomy":"product_tag","embeddable":true,"href":"https:\/\/nhatnam.libion.me\/index.php\/wp-json\/wp\/v2\/product_tag?post=2058"}],"curies":[{"name":"wp","href":"https:\/\/api.w.org\/{rel}","templated":true}]}}