{"id":2053,"date":"2026-04-07T10:36:45","date_gmt":"2026-04-07T10:36:45","guid":{"rendered":"https:\/\/nhatnam.libion.me\/index.php\/product\/tu-bep-nhua-pima\/"},"modified":"2026-04-07T10:36:51","modified_gmt":"2026-04-07T10:36:51","slug":"tu-bep-nhua-pima","status":"publish","type":"product","link":"https:\/\/nhatnam.libion.me\/product\/tu-bep-nhua-pima\/","title":{"rendered":"T\u1ee7 B\u1ebfp Nh\u1ef1a Pima\u00a0"},"content":{"rendered":"<p style=\"text-align: justify;\">Mang trong m\u00ecnh s\u1ef1 tinh t\u1ebf c\u1ee7a thi\u1ebft k\u1ebf hi\u1ec7n \u0111\u1ea1i v\u00e0 \u0111\u1ed9 b\u1ec1n v\u01b0\u1ee3t tr\u1ed9i t\u1eeb ch\u1ea5t li\u1ec7u nh\u1ef1a Pima cao c\u1ea5p, t\u1ee7 b\u1ebfp nh\u1ef1a Pima kh\u00f4ng ch\u1ec9 l\u00e0 l\u1ef1a ch\u1ecdn th\u00f4ng minh cho m\u1ecdi kh\u00f4ng gian b\u1ebfp, m\u00e0 c\u00f2n l\u00e0 \u0111i\u1ec3m nh\u1ea5n n\u00e2ng t\u1ea7m phong c\u00e1ch s\u1ed1ng. Ch\u1ed1ng n\u01b0\u1edbc, ch\u1ed1ng m\u1ed1i m\u1ecdt, kh\u00f4ng cong v\u00eanh \u2013 s\u1ea3n ph\u1ea9m b\u1ec1n v\u1eefng c\u00f9ng th\u1eddi gian, k\u1ec3 c\u1ea3 trong kh\u00ed h\u1eadu n\u00f3ng \u1ea9m nh\u01b0 Vi\u1ec7t Nam. D\u00f9 l\u00e0 c\u0103n h\u1ed9 nh\u1ecf hay bi\u1ec7t th\u1ef1 sang tr\u1ecdng, t\u1ee7 b\u1ebfp Pima lu\u00f4n mang \u0111\u1ebfn v\u1ebb \u0111\u1eb9p h\u00e0i h\u00f2a, g\u1ecdn g\u00e0ng v\u00e0 ti\u1ec7n nghi t\u1ed1i \u0111a.<\/p>\n<h2 style=\"text-align: justify;\"><b>1. Gi\u1edbi thi\u1ec7u chung v\u1ec1 t\u1ee7 b\u1ebfp nh\u1ef1a Pima<br \/>\n<\/b><\/h2>\n<figure id=\"attachment_7138\" aria-describedby=\"caption-attachment-7138\" style=\"width: 1280px\" class=\"wp-caption aligncenter\"><img loading=\"lazy\" decoding=\"async\" class=\"wp-image-7138 size-full\" src=\"https:\/\/nhatnam.org\/wp-content\/uploads\/2025\/05\/tu_bep_nhua-64.jpg\" alt=\"T\u1ee7 B\u1ebfp Nh\u1ef1a Pima\u00a0\" width=\"1280\" height=\"960\" \/><figcaption id=\"caption-attachment-7138\" class=\"wp-caption-text\">Thi\u1ebft k\u1ebf t\u1ee7 b\u1ebfp nh\u1ef1a Pima k\u1ecbch tr\u1ea7n, t\u1ed1i \u01b0u kh\u00f4ng gian<\/figcaption><\/figure>\n<p style=\"text-align: justify;\"><span style=\"font-weight: 400;\">T\u1ee7 b\u1ebfp nh\u1ef1a Pima l\u00e0 d\u00f2ng s\u1ea3n ph\u1ea9m \u0111\u01b0\u1ee3c ch\u1ebf t\u1ea1o t\u1eeb t\u1ea5m nh\u1ef1a PVC nguy\u00ean sinh cao c\u1ea5p, do th\u01b0\u01a1ng hi\u1ec7u Pima \u2013 m\u1ed9t trong nh\u1eefng \u0111\u01a1n v\u1ecb s\u1ea3n xu\u1ea5t v\u1eadt li\u1ec7u nh\u1ef1a uy t\u00edn t\u1ea1i Vi\u1ec7t Nam \u2013 tr\u1ef1c ti\u1ebfp cung \u1ee9ng. V\u1edbi th\u00e0nh ph\u1ea7n ch\u00ednh l\u00e0 nh\u1ef1a \u0111\u1eb7c Polivinyl Clorua k\u1ebft h\u1ee3p c\u00f9ng c\u00e1c ch\u1ea5t ph\u1ee5 gia v\u00f4 c\u01a1, lo\u1ea1i t\u1ee7 n\u00e0y s\u1edf h\u1eefu k\u1ebft c\u1ea5u ch\u1eafc ch\u1eafn, b\u1ec1n b\u1ec9 v\u00e0 c\u00f3 kh\u1ea3 n\u0103ng ch\u1ed1ng n\u01b0\u1edbc, ch\u1ed1ng \u1ea9m m\u1ed1c v\u01b0\u1ee3t tr\u1ed9i.<\/span><\/p>\n<p style=\"text-align: justify;\"><span style=\"font-weight: 400;\">Nh\u1edd \u00e1p d\u1ee5ng c\u00f4ng ngh\u1ec7 s\u1ea3n xu\u1ea5t hi\u1ec7n \u0111\u1ea1i, b\u1ec1 m\u1eb7t t\u1ee7 c\u00f3 \u0111\u1ed9 c\u1ee9ng cao, h\u1ea1n ch\u1ebf t\u1ed1i \u0111a t\u00ecnh tr\u1ea1ng cong v\u00eanh, bong tr\u00f3c trong qu\u00e1 tr\u00ecnh s\u1eed d\u1ee5ng. B\u00ean c\u1ea1nh \u0111\u00f3, t\u00ednh th\u1ea9m m\u1ef9 c\u0169ng l\u00e0 \u0111i\u1ec3m m\u1ea1nh c\u1ee7a t\u1ee7 b\u1ebfp nh\u1ef1a Pima khi s\u1ea3n ph\u1ea9m c\u00f3 nhi\u1ec1u m\u00e0u s\u1eafc hi\u1ec7n \u0111\u1ea1i, ph\u00f9 h\u1ee3p v\u1edbi \u0111a d\u1ea1ng phong c\u00e1ch thi\u1ebft k\u1ebf n\u1ed9i th\u1ea5t. \u0110\u00e2y l\u00e0 l\u1ef1a ch\u1ecdn l\u00fd t\u01b0\u1edfng cho c\u00e1c gia \u0111\u00ecnh Vi\u1ec7t, v\u1eeba \u0111\u1ea3m b\u1ea3o c\u00f4ng n\u0103ng, v\u1eeba c\u00f3 m\u1ee9c gi\u00e1 h\u1ee3p l\u00fd.<\/span><\/p>\n<h2 style=\"text-align: justify;\"><b>2. C\u1ea5u t\u1ea1o v\u00e0 ch\u1ea5t li\u1ec7u t\u1ee7 b\u1ebfp nh\u1ef1a Pima<br \/>\n<\/b><\/h2>\n<figure id=\"attachment_7126\" aria-describedby=\"caption-attachment-7126\" style=\"width: 1280px\" class=\"wp-caption aligncenter\"><img loading=\"lazy\" decoding=\"async\" class=\"wp-image-7126 size-full\" src=\"https:\/\/nhatnam.org\/wp-content\/uploads\/2025\/05\/tu_bep_nhua-52.jpg\" alt=\"T\u1ee7 B\u1ebfp Nh\u1ef1a Pima\u00a0\" width=\"1280\" height=\"960\" \/><figcaption id=\"caption-attachment-7126\" class=\"wp-caption-text\">M\u1eabu t\u1ee7 b\u1ebfp nh\u1ef1a Pima m\u00e0u ghi x\u00e1m \u0111\u1eb9p, hi\u1ec7n \u0111\u1ea1i<\/figcaption><\/figure>\n<p style=\"text-align: justify;\"><span style=\"font-weight: 400;\">T\u1ee7 b\u1ebfp nh\u1ef1a Pima c\u00f3 c\u1ea5u tr\u00fac ch\u1eafc ch\u1eafn v\u00e0 \u0111\u01b0\u1ee3c ch\u1ebf t\u1ea1o t\u1eeb c\u00e1c t\u1ea5m nh\u1ef1a PVC c\u00f3 \u0111\u1ed9 b\u1ec1n cao. D\u01b0\u1edbi \u0111\u00e2y l\u00e0 c\u00e1c th\u00e0nh ph\u1ea7n ch\u00ednh c\u1ea5u th\u00e0nh t\u1ee7 b\u1ebfp nh\u1ef1a Pima:<\/span><\/p>\n<p style=\"text-align: justify;\"><span style=\"font-weight: 400;\">T\u1ee7 b\u1ebfp nh\u1ef1a Pima \u0111\u01b0\u1ee3c c\u1ea5u th\u00e0nh t\u1eeb c\u00e1c b\u1ed9 ph\u1eadn ch\u00ednh nh\u01b0 sau:<\/span><\/p>\n<p style=\"text-align: justify;\"><b>Th\u00f9ng t\u1ee7<\/b><b><br \/>\n<\/b><span style=\"font-weight: 400;\">Ph\u1ea7n th\u00f9ng t\u1ee7 s\u1eed d\u1ee5ng t\u1ea5m nh\u1ef1a PVC Pima \u0111\u1eb7c nguy\u00ean kh\u1ed1i v\u1edbi \u0111\u1ed9 d\u00e0y ph\u1ed5 bi\u1ebfn t\u1eeb 16mm \u0111\u1ebfn 18mm. V\u1eadt li\u1ec7u n\u00e0y c\u00f3 kh\u1ea3 n\u0103ng ch\u1ecbu n\u01b0\u1edbc tuy\u1ec7t \u0111\u1ed1i, kh\u00f4ng b\u1ecb m\u1ed1i m\u1ecdt hay cong v\u00eanh trong m\u00f4i tr\u01b0\u1eddng \u1ea9m \u01b0\u1edbt nh\u01b0 nh\u00e0 b\u1ebfp.<\/span><\/p>\n<p style=\"text-align: justify;\"><b>C\u00e1nh t\u1ee7<\/b><b><br \/>\n<\/b><span style=\"font-weight: 400;\">C\u00e1nh t\u1ee7 c\u00f3 th\u1ec3 l\u00e0m b\u1eb1ng nh\u1ef1a Pima ph\u1ee7 l\u1edbp laminate, acrylic ho\u1eb7c s\u01a1n PU t\u00f9y theo phong c\u00e1ch thi\u1ebft k\u1ebf. B\u1ec1 m\u1eb7t c\u00e1nh b\u00f3ng m\u1ecbn, d\u1ec5 lau ch\u00f9i, c\u00f3 kh\u1ea3 n\u0103ng ch\u1ed1ng tr\u1ea7y x\u01b0\u1edbc v\u00e0 gi\u1eef m\u00e0u t\u1ed1t theo th\u1eddi gian.<\/span><\/p>\n<p style=\"text-align: justify;\"><b>H\u1eadu t\u1ee7 (m\u1eb7t sau)<\/b><b><br \/>\n<\/b><span style=\"font-weight: 400;\"> T\u00f9y thu\u1ed9c v\u00e0o thi\u1ebft k\u1ebf v\u00e0 ng\u00e2n s\u00e1ch, ph\u1ea7n h\u1eadu c\u00f3 th\u1ec3 l\u00e0m t\u1eeb nh\u1ef1a Pima ho\u1eb7c nh\u00f4m, \u0111\u1ea3m b\u1ea3o kh\u00f4ng b\u1ecb \u1ea9m m\u1ed1c khi k\u00ea s\u00e1t t\u01b0\u1eddng. L\u1ef1a ch\u1ecdn n\u00e0y gi\u00fap t\u0103ng \u0111\u1ed9 b\u1ec1n t\u1ed5ng th\u1ec3 cho s\u1ea3n ph\u1ea9m.<\/span><span style=\"font-weight: 400;\"><br \/>\n<\/span><span style=\"font-weight: 400;\">.<\/span><span style=\"font-weight: 400;\"><br \/>\n<\/span><b>Ph\u1ee5 ki\u1ec7n \u0111i k\u00e8m<\/b><b><br \/>\n<\/b><span style=\"font-weight: 400;\">Bao g\u1ed3m b\u1ea3n l\u1ec1, ray tr\u01b0\u1ee3t, tay n\u1eafm, khay \u00fap ch\u00e9n, gi\u00e1 xoong n\u1ed3i\u2026 C\u00e1c ph\u1ee5 ki\u1ec7n n\u00e0y th\u01b0\u1eddng l\u00e0m t\u1eeb inox 304 kh\u00f4ng g\u1ec9, gi\u00fap t\u0103ng t\u00ednh ti\u1ec7n nghi v\u00e0 \u0111\u1ed9 b\u1ec1n khi s\u1eed d\u1ee5ng l\u00e2u d\u00e0i.<\/span><\/p>\n<h2 style=\"text-align: justify;\"><b>3. \u01afu \u0111i\u1ec3m n\u1ed5i b\u1eadt c\u1ee7a t\u1ee7 b\u1ebfp nh\u1ef1a Pima<br \/>\n<\/b><\/h2>\n<figure id=\"attachment_7112\" aria-describedby=\"caption-attachment-7112\" style=\"width: 1280px\" class=\"wp-caption aligncenter\"><img loading=\"lazy\" decoding=\"async\" class=\"wp-image-7112 size-full\" src=\"https:\/\/nhatnam.org\/wp-content\/uploads\/2025\/05\/tu_bep_nhua-38.jpg\" alt=\"T\u1ee7 B\u1ebfp Nh\u1ef1a Pima\u00a0\" width=\"1280\" height=\"960\" \/><figcaption id=\"caption-attachment-7112\" class=\"wp-caption-text\">T\u1ee7 b\u1ebfp nh\u1ef1a Pima n\u1ed5i b\u1eadt v\u1edbi kh\u1ea3 n\u0103ng kh\u00e1ng n\u01b0\u1edbc t\u1ed1t<\/figcaption><\/figure>\n<p style=\"text-align: justify;\"><span style=\"font-weight: 400;\">T\u1ee7 b\u1ebfp nh\u1ef1a Pima n\u1ed5i b\u1eadt v\u1edbi nhi\u1ec1u \u01b0u \u0111i\u1ec3m v\u01b0\u1ee3t tr\u1ed9i, mang l\u1ea1i s\u1ef1 ti\u1ec7n nghi v\u00e0 sang tr\u1ecdng cho kh\u00f4ng gian b\u1ebfp.<\/span><\/p>\n<p style=\"text-align: justify;\"><b>\u0110\u1ed9 b\u1ec1n cao:<\/b><span style=\"font-weight: 400;\"> T\u1ee7 b\u1ebfp nh\u1ef1a Pima l\u00e0m t\u1eeb nh\u1ef1a PVC \u0111\u1eb7c bi\u1ec7t r\u1ea5t ch\u1eafc ch\u1eafn, kh\u00f4ng lo cong v\u00eanh hay m\u1ed1i m\u1ecdt nh\u01b0 g\u1ed7. \u0110\u1ed9 b\u1ec1n n\u00e0y \u0111\u01b0\u1ee3c \u0111\u1ea3m b\u1ea3o b\u1edfi kh\u1ea3 n\u0103ng kh\u00e1ng n\u01b0\u1edbc t\u1ed1t v\u00e0 ch\u1ed1ng \u0103n m\u00f2n t\u1ef1 nhi\u00ean c\u1ee7a nh\u1ef1a PVC. Tu\u1ed5i th\u1ecd c\u1ee7a t\u1ee7 nh\u1ef1a c\u00f3 th\u1ec3 \u0111\u1ea1t t\u1edbi kho\u1ea3ng 20 n\u0103m n\u1ebfu s\u1eed d\u1ee5ng v\u00e0 b\u1ea3o qu\u1ea3n \u0111\u00fang c\u00e1ch. Nh\u1edd v\u1eady, gia \u0111\u00ecnh b\u1ea1n c\u00f3 th\u1ec3 y\u00ean t\u00e2m kh\u00f4ng c\u1ea7n ph\u1ea3i thay t\u1ee7 th\u01b0\u1eddng xuy\u00ean.<\/span><span style=\"font-weight: 400;\"><br \/>\n<\/span><b>Ch\u1ed1ng n\u01b0\u1edbc, ch\u1ed1ng \u1ea9m t\u1ed1t:<\/b><span style=\"font-weight: 400;\"> Nh\u1ef1a PVC c\u00f3 kh\u1ea3 n\u0103ng ch\u1ed1ng th\u1ea5m n\u01b0\u1edbc tuy\u1ec7t \u0111\u1ed1i\u200b, ch\u1ed1ng \u1ea9m m\u1ed1c v\u00e0 c\u1ea3 m\u1ed1i m\u1ecdt hi\u1ec7u qu\u1ea3, kh\u00f4ng lo n\u1ee9t n\u1ebb hay m\u1ee5c. Lo\u1ea1i t\u1ee7 nh\u1ef1a Pima th\u01b0\u1eddng c\u00f3 b\u1ec1 m\u1eb7t ph\u1eb3ng m\u1ecbn, ch\u1ed1ng th\u1ea5m d\u1ea7u m\u1ee1 v\u00e0 n\u01b0\u1edbc b\u1eafn n\u00ean c\u00e1c v\u1ebft b\u1ea9n r\u1ea5t kh\u00f3 b\u00e1m\u200b. Ngay c\u1ea3 trong \u0111i\u1ec1u ki\u1ec7n kh\u00ed h\u1eadu \u1ea9m \u01b0\u1edbt, t\u1ee7 b\u1ebfp Pima v\u1eabn \u0111\u1ee9ng v\u1eefng, kh\u00f4ng b\u1ecb m\u1ee5c hay bong tr\u00f3c.<\/span><\/p>\n<p style=\"text-align: justify;\"><b>Kh\u1ea3 n\u0103ng ch\u1ecbu l\u1ef1c t\u1ed1t:<\/b><span style=\"font-weight: 400;\"> D\u00f9 c\u00f3 tr\u1ecdng l\u01b0\u1ee3ng nh\u1eb9 h\u01a1n g\u1ed7, t\u1ee7 b\u1ebfp nh\u1ef1a Pima v\u1eabn \u0111\u1ee7 ch\u1eafc ch\u1eafn \u0111\u1ec3 ch\u1ee9a \u0111\u1ed3 d\u00f9ng nh\u00e0 b\u1ebfp. Theo c\u00e1c chuy\u00ean gia, \u201ckh\u1ea3 n\u0103ng ch\u1ecbu l\u1ef1c t\u1ed1t\u201d l\u00e0 \u01b0u \u0111i\u1ec3m c\u1ee7a t\u1ee7 nh\u1ef1a PVC. B\u1ea3n th\u00e2n v\u1eadt li\u1ec7u nh\u1ef1a c\u1ee7a Pima ch\u1ecbu l\u1ef1c cao, gi\u00fap gia ch\u1ee7 tho\u1ea3i m\u00e1i ch\u1ee9a nhi\u1ec1u xoong n\u1ed3i v\u00e0 v\u1eadt n\u1eb7ng m\u00e0 kh\u00f4ng lo h\u1ecfng h\u00f3c.<\/span><\/p>\n<p style=\"text-align: justify;\"><b>D\u1ec5 v\u1ec7 sinh:<\/b><span style=\"font-weight: 400;\"> T\u1ee7 b\u1ebfp nh\u1ef1a Pima r\u1ea5t d\u1ec5 lau ch\u00f9i. Do b\u1ec1 m\u1eb7t nh\u1eb5n, kh\u00f4ng b\u00e1m n\u01b0\u1edbc ho\u1eb7c d\u1ea7u m\u1ee1\u200b, b\u1ea1n ch\u1ec9 c\u1ea7n d\u00f9ng kh\u0103n \u1ea9m ho\u1eb7c n\u01b0\u1edbc r\u1eeda ch\u00e9n l\u00e0 c\u00f3 th\u1ec3 l\u00e0m s\u1ea1ch c\u00e1c v\u1ebft d\u1ea7u m\u1ee1 hay gia v\u1ecb b\u00e1m tr\u00ean b\u1ec1 m\u1eb7t. Vi\u1ec7c n\u00e0y gi\u00fap ti\u1ebft ki\u1ec7m th\u1eddi gian v\u00e0 c\u00f4ng s\u1ee9c lau ch\u00f9i, gi\u1eef cho c\u0103n b\u1ebfp lu\u00f4n s\u00e1ng \u0111\u1eb9p nh\u01b0 m\u1edbi.<\/span><\/p>\n<p style=\"text-align: justify;\"><b>M\u1eabu m\u00e3 \u0111a d\u1ea1ng, th\u1ea9m m\u1ef9 cao:<\/b><span style=\"font-weight: 400;\"> Nh\u1ef1a PVC d\u1ec5 gia c\u00f4ng n\u00ean t\u1ee7 b\u1ebfp nh\u1ef1a Pima c\u00f3 thi\u1ebft k\u1ebf r\u1ea5t phong ph\u00fa. B\u1ea1n c\u00f3 th\u1ec3 ch\u1ecdn c\u00e1c ki\u1ec3u d\u00e1ng t\u1eeb hi\u1ec7n \u0111\u1ea1i \u0111\u1ebfn c\u1ed5 \u0111i\u1ec3n, nhi\u1ec1u m\u00e0u s\u1eafc ho\u1eb7c v\u00e2n g\u1ed7 sinh \u0111\u1ed9ng, ph\u00f9 h\u1ee3p v\u1edbi s\u1edf th\u00edch v\u00e0 kh\u00f4ng gian b\u1ebfp c\u1ee7a gia \u0111\u00ecnh. Nhi\u1ec1u m\u1eabu t\u1ee7 c\u00f2n c\u00f3 b\u1ec1 m\u1eb7t gi\u1ed1ng s\u01a1n b\u00f3ng ho\u1eb7c v\u00e2n t\u1ef1 nhi\u00ean, t\u1ea1o c\u1ea3m gi\u00e1c sang tr\u1ecdng v\u00e0 hi\u1ec7n \u0111\u1ea1i.<\/span><\/p>\n<p style=\"text-align: justify;\"><b>Gi\u00e1 th\u00e0nh h\u1ee3p l\u00fd:<\/b><span style=\"font-weight: 400;\"> So v\u1edbi t\u1ee7 g\u1ed7 t\u1ef1 nhi\u00ean, t\u1ee7 nh\u1ef1a PVC th\u01b0\u1eddng c\u00f3 gi\u00e1 r\u1ebb h\u01a1n, \u0111\u1ed3ng th\u1eddi v\u1eabn \u0111\u1ea3m b\u1ea3o \u0111\u1ed9 b\u1ec1n v\u00e0 th\u1ea9m m\u1ef9\u200b. Nh\u1edd chi ph\u00ed th\u1ea5p h\u01a1n, t\u1ee7 b\u1ebfp Pima l\u00e0 l\u1ef1a ch\u1ecdn ti\u1ebft ki\u1ec7m cho nhi\u1ec1u gia \u0111\u00ecnh. M\u1ee9c gi\u00e1 \u0111a d\u1ea1ng c\u1ee7a c\u00e1c m\u1eabu t\u1ee7 nh\u1ef1a hi\u1ec7n nay c\u0169ng gi\u00fap b\u1ea1n d\u1ec5 d\u00e0ng t\u00ecm \u0111\u01b0\u1ee3c s\u1ea3n ph\u1ea9m ph\u00f9 h\u1ee3p v\u1edbi ng\u00e2n s\u00e1ch v\u00e0 nhu c\u1ea7u c\u1ee7a gia \u0111\u00ecnh.<\/span><\/p>\n<h2 style=\"text-align: justify;\"><strong>4. C\u00e1c lo\u1ea1i t\u1ee7 b\u1ebfp nh\u1ef1a pima ph\u1ed5 bi\u1ebfn<\/strong><\/h2>\n<p style=\"text-align: justify;\"><strong><span style=\"font-weight: 400;\">T\u1ee7 b\u1ebfp nh\u1ef1a Pima hi\u1ec7n nay c\u00f3 nhi\u1ec1u m\u1eabu m\u00e3 v\u00e0 phong c\u00e1ch kh\u00e1c nhau \u0111\u1ec3 ph\u00f9 h\u1ee3p v\u1edbi nhu c\u1ea7u c\u1ee7a kh\u00e1ch h\u00e0ng. C\u00e1c lo\u1ea1i t\u1ee7 b\u1ebfp nh\u1ef1a Pima ph\u1ed5 bi\u1ebfn bao g\u1ed3m:<\/span><br \/>\n<\/strong><\/p>\n<figure id=\"attachment_7116\" aria-describedby=\"caption-attachment-7116\" style=\"width: 1280px\" class=\"wp-caption aligncenter\"><img loading=\"lazy\" decoding=\"async\" class=\"wp-image-7116 size-full\" src=\"https:\/\/nhatnam.org\/wp-content\/uploads\/2025\/05\/tu_bep_nhua-42.jpg\" alt=\"T\u1ee7 B\u1ebfp Nh\u1ef1a Pima\u00a0\" width=\"1280\" height=\"960\" \/><figcaption id=\"caption-attachment-7116\" class=\"wp-caption-text\">M\u1eabu t\u1ee7 b\u1ebfp nh\u1ef1a Pima theo phong c\u00e1ch hi\u1ec7n \u0111\u1ea1i<\/figcaption><\/figure>\n<figure id=\"attachment_7103\" aria-describedby=\"caption-attachment-7103\" style=\"width: 1280px\" class=\"wp-caption aligncenter\"><img loading=\"lazy\" decoding=\"async\" class=\"wp-image-7103 size-full\" src=\"https:\/\/nhatnam.org\/wp-content\/uploads\/2025\/05\/tu_bep_nhua-29.jpg\" alt=\"T\u1ee7 b\u1ebfp nh\u1ef1a Pima \" width=\"1280\" height=\"960\" \/><figcaption id=\"caption-attachment-7103\" class=\"wp-caption-text\">T\u1ee7 b\u1ebfp nh\u1ef1a Pima k\u1ebft h\u1ee3p ph\u1ee5 ki\u1ec7n th\u00f4ng minh<\/figcaption><\/figure>\n<figure id=\"attachment_7088\" aria-describedby=\"caption-attachment-7088\" style=\"width: 1280px\" class=\"wp-caption aligncenter\"><img loading=\"lazy\" decoding=\"async\" class=\"wp-image-7088 size-full\" src=\"https:\/\/nhatnam.org\/wp-content\/uploads\/2025\/05\/tu_bep_nhua-14.jpg\" alt=\"T\u1ee7 b\u1ebfp nh\u1ef1a Pima \" width=\"1280\" height=\"960\" \/><figcaption id=\"caption-attachment-7088\" class=\"wp-caption-text\">T\u1ee7 b\u1ebfp nh\u1ef1a Pima thi\u1ebft k\u1ebf t\u1ed1i gi\u1ea3n nh\u01b0ng v\u1eabn kh\u00f4ng k\u00e9m ph\u1ea7n hi\u1ec7n \u0111\u1ea1i, sang tr\u1ecdng<\/figcaption><\/figure>\n<h2 style=\"text-align: justify;\"><b>5. Gi\u00e1 th\u00e0nh t\u1ee7 b\u1ebfp nh\u1ef1a Pima<\/b><\/h2>\n<p style=\"text-align: justify;\"><span style=\"font-weight: 400;\">T\u1ee7 b\u1ebfp nh\u1ef1a Pima hi\u1ec7n nay c\u00f3 m\u1ee9c gi\u00e1 dao \u0111\u1ed9ng t\u00f9y theo t\u1eebng m\u1eabu m\u00e3, ki\u1ec3u d\u00e1ng thi\u1ebft k\u1ebf, lo\u1ea1i v\u1eadt li\u1ec7u ph\u1ee7 b\u1ec1 m\u1eb7t c\u0169ng nh\u01b0 ph\u1ee5 ki\u1ec7n \u0111i k\u00e8m v\u00e0 quy m\u00f4 c\u00f4ng tr\u00ecnh th\u1ef1c t\u1ebf. Ngo\u00e0i ra, y\u1ebfu t\u1ed1 nh\u01b0 \u0111\u1ed9 ph\u1ee9c t\u1ea1p trong thi c\u00f4ng hay nhu c\u1ea7u c\u00e1 nh\u00e2n h\u00f3a v\u1ec1 m\u00e0u s\u1eafc, thi\u1ebft k\u1ebf c\u0169ng \u1ea3nh h\u01b0\u1edfng \u0111\u1ebfn chi ph\u00ed t\u1ed5ng th\u1ec3.<\/span><\/p>\n<p style=\"text-align: justify;\"><span style=\"font-weight: 400;\">T\u1ea1i <\/span><b>Nh\u1ea5t Nam<\/b><span style=\"font-weight: 400;\">, ch\u00fang t\u00f4i cam k\u1ebft b\u00e1o gi\u00e1 minh b\u1ea1ch \u2013 linh ho\u1ea1t \u2013 c\u1ea1nh tranh, t\u01b0\u01a1ng x\u1ee9ng v\u1edbi ch\u1ea5t l\u01b0\u1ee3ng v\u1eadt li\u1ec7u v\u00e0 tay ngh\u1ec1 thi c\u00f4ng. M\u1ed7i kh\u00e1ch h\u00e0ng \u0111\u1ec1u \u0111\u01b0\u1ee3c kh\u1ea3o s\u00e1t \u2013 l\u00ean b\u1ea3n v\u1ebd thi\u1ebft k\u1ebf 3D mi\u1ec5n ph\u00ed, k\u00e8m theo t\u01b0 v\u1ea5n k\u1ef9 l\u01b0\u1ee1ng v\u1ec1 ch\u1ea5t li\u1ec7u v\u00e0 gi\u1ea3i ph\u00e1p thi c\u00f4ng t\u1ed1i \u01b0u cho t\u1eebng kh\u00f4ng gian b\u1ebfp c\u1ee5 th\u1ec3.<\/span><\/p>\n<p style=\"text-align: justify;\"><span style=\"font-weight: 400;\">Qu\u00fd kh\u00e1ch h\u00e0ng c\u00f3 nhu c\u1ea7u thi\u1ebft k\u1ebf v\u00e0 thi c\u00f4ng t\u1ee7 b\u1ebfp nh\u1ef1a Pima, vui l\u00f2ng li\u00ean h\u1ec7 tr\u1ef1c ti\u1ebfp v\u1edbi Nh\u1ea5t Nam \u0111\u1ec3 \u0111\u01b0\u1ee3c t\u01b0 v\u1ea5n chi ti\u1ebft v\u00e0 nh\u1eadn b\u00e1o gi\u00e1 ph\u00f9 h\u1ee3p nh\u1ea5t.<\/span><\/p>\n","protected":false},"excerpt":{"rendered":"<p style=\"text-align: justify;\">Mang trong m\u00ecnh s\u1ef1 tinh t\u1ebf c\u1ee7a thi\u1ebft k\u1ebf hi\u1ec7n \u0111\u1ea1i v\u00e0 \u0111\u1ed9 b\u1ec1n v\u01b0\u1ee3t tr\u1ed9i t\u1eeb ch\u1ea5t li\u1ec7u nh\u1ef1a Pima cao c\u1ea5p, t\u1ee7 b\u1ebfp nh\u1ef1a Pima kh\u00f4ng ch\u1ec9 l\u00e0 l\u1ef1a ch\u1ecdn th\u00f4ng minh cho m\u1ecdi kh\u00f4ng gian b\u1ebfp, m\u00e0 c\u00f2n l\u00e0 \u0111i\u1ec3m nh\u1ea5n n\u00e2ng t\u1ea7m phong c\u00e1ch s\u1ed1ng. Ch\u1ed1ng n\u01b0\u1edbc, ch\u1ed1ng m\u1ed1i m\u1ecdt, kh\u00f4ng cong v\u00eanh \u2013 s\u1ea3n ph\u1ea9m b\u1ec1n v\u1eefng c\u00f9ng th\u1eddi gian, k\u1ec3 c\u1ea3 trong kh\u00ed h\u1eadu n\u00f3ng \u1ea9m nh\u01b0 Vi\u1ec7t Nam. D\u00f9 l\u00e0 c\u0103n h\u1ed9 nh\u1ecf hay bi\u1ec7t th\u1ef1 sang tr\u1ecdng, t\u1ee7 b\u1ebfp Pima lu\u00f4n mang \u0111\u1ebfn v\u1ebb \u0111\u1eb9p h\u00e0i h\u00f2a, g\u1ecdn g\u00e0ng v\u00e0 ti\u1ec7n nghi t\u1ed1i \u0111a.<\/p>\n","protected":false},"featured_media":2052,"comment_status":"open","ping_status":"closed","template":"","meta":{"_acf_changed":false,"_gspb_post_css":""},"book-author":[],"product_brand":[],"product_cat":[135],"product_tag":[],"class_list":{"0":"post-2053","1":"product","2":"type-product","3":"status-publish","4":"has-post-thumbnail","6":"product_cat-tu-bep-nhua","8":"first","9":"instock","10":"shipping-taxable","11":"product-type-simple"},"acf":[],"_links":{"self":[{"href":"https:\/\/nhatnam.libion.me\/wp-json\/wp\/v2\/product\/2053","targetHints":{"allow":["GET"]}}],"collection":[{"href":"https:\/\/nhatnam.libion.me\/wp-json\/wp\/v2\/product"}],"about":[{"href":"https:\/\/nhatnam.libion.me\/wp-json\/wp\/v2\/types\/product"}],"replies":[{"embeddable":true,"href":"https:\/\/nhatnam.libion.me\/wp-json\/wp\/v2\/comments?post=2053"}],"wp:featuredmedia":[{"embeddable":true,"href":"https:\/\/nhatnam.libion.me\/wp-json\/wp\/v2\/media\/2052"}],"wp:attachment":[{"href":"https:\/\/nhatnam.libion.me\/wp-json\/wp\/v2\/media?parent=2053"}],"wp:term":[{"taxonomy":"book-author","embeddable":true,"href":"https:\/\/nhatnam.libion.me\/wp-json\/wp\/v2\/book-author?post=2053"},{"taxonomy":"product_brand","embeddable":true,"href":"https:\/\/nhatnam.libion.me\/wp-json\/wp\/v2\/product_brand?post=2053"},{"taxonomy":"product_cat","embeddable":true,"href":"https:\/\/nhatnam.libion.me\/wp-json\/wp\/v2\/product_cat?post=2053"},{"taxonomy":"product_tag","embeddable":true,"href":"https:\/\/nhatnam.libion.me\/wp-json\/wp\/v2\/product_tag?post=2053"}],"curies":[{"name":"wp","href":"https:\/\/api.w.org\/{rel}","templated":true}]}}