{"id":2045,"date":"2026-04-07T10:36:11","date_gmt":"2026-04-07T10:36:11","guid":{"rendered":"https:\/\/nhatnam.libion.me\/index.php\/product\/tu-bep-go-nhua-composite\/"},"modified":"2026-04-07T10:36:31","modified_gmt":"2026-04-07T10:36:31","slug":"tu-bep-go-nhua-composite","status":"publish","type":"product","link":"https:\/\/nhatnam.libion.me\/index.php\/product\/tu-bep-go-nhua-composite\/","title":{"rendered":"T\u1ee7 B\u1ebfp G\u1ed7 Nh\u1ef1a Composite"},"content":{"rendered":"<p style=\"text-align: justify;\"><span style=\"font-weight: 400;\">T\u1ee7 b\u1ebfp g\u1ed7 nh\u1ef1a composite \u0111ang tr\u1edf th\u00e0nh m\u1ed9t trong nh\u1eefng l\u1ef1a ch\u1ecdn \u0111\u01b0\u1ee3c y\u00eau th\u00edch trong thi\u1ebft k\u1ebf n\u1ed9i th\u1ea5t b\u1ebfp hi\u1ec7n \u0111\u1ea1i. S\u1ea3n ph\u1ea9m kh\u00f4ng ch\u1ec9 \u0111\u00e1p \u1ee9ng nhu c\u1ea7u th\u1ea9m m\u1ef9 m\u00e0 c\u00f2n mang l\u1ea1i s\u1ef1 b\u1ec1n b\u1ec9, kh\u1ea3 n\u0103ng ch\u1ed1ng ch\u1ecbu t\u1ed1t, \u0111\u1eb7c bi\u1ec7t trong m\u00f4i tr\u01b0\u1eddng b\u1ebfp \u1ea9m \u01b0\u1edbt. V\u1eady t\u1ee7 b\u1ebfp g\u1ed7 nh\u1ef1a composite l\u00e0 g\u00ec? C\u00f9ng t\u00ecm hi\u1ec3u chi ti\u1ebft v\u1ec1 s\u1ea3n ph\u1ea9m n\u00e0y v\u00e0 l\u00fd do t\u1ea1i sao n\u00f3 l\u00e0 l\u1ef1a ch\u1ecdn l\u00fd t\u01b0\u1edfng cho kh\u00f4ng gian b\u1ebfp c\u1ee7a b\u1ea1n.<\/span><\/p>\n<p>[block id=&#8221;7478&#8243;]<\/p>\n<h2 style=\"text-align: justify;\"><b>1. T\u1ee7 b\u1ebfp g\u1ed7 nh\u1ef1a composite l\u00e0 g\u00ec?<br \/>\n<img loading=\"lazy\" decoding=\"async\" class=\"aligncenter wp-image-7238 size-full\" src=\"https:\/\/nhatnam.org\/wp-content\/uploads\/2025\/05\/1.jpg\" alt=\"T\u1ee7 B\u1ebfp G\u1ed7 Nh\u1ef1a Composite\" width=\"1280\" height=\"960\" \/><br \/>\n<\/b><\/h2>\n<p style=\"text-align: justify;\"><span style=\"font-weight: 400;\">T\u1ee7 b\u1ebfp g\u1ed7 nh\u1ef1a composite l\u00e0 lo\u1ea1i t\u1ee7 b\u1ebfp \u0111\u01b0\u1ee3c ch\u1ebf t\u1ea1o t\u1eeb ch\u1ea5t li\u1ec7u g\u1ed7 nh\u1ef1a composite \u2013 m\u1ed9t lo\u1ea1i v\u1eadt li\u1ec7u \u0111\u01b0\u1ee3c t\u1ea1o ra t\u1eeb s\u1ef1 k\u1ebft h\u1ee3p c\u1ee7a b\u1ed9t g\u1ed7 v\u00e0 nh\u1ef1a PVC. Nh\u1edd v\u00e0o c\u1ea5u t\u1ea1o n\u00e0y, t\u1ee7 b\u1ebfp g\u1ed7 nh\u1ef1a composite c\u00f3 \u0111\u01b0\u1ee3c nh\u1eefng \u01b0u \u0111i\u1ec3m v\u01b0\u1ee3t tr\u1ed9i m\u00e0 c\u00e1c lo\u1ea1i t\u1ee7 b\u1ebfp g\u1ed7 truy\u1ec1n th\u1ed1ng kh\u00f4ng th\u1ec3 s\u00e1nh b\u1eb1ng.<\/span><\/p>\n<p style=\"text-align: justify;\"><span style=\"font-weight: 400;\">G\u1ed7 nh\u1ef1a composite kh\u00f4ng ch\u1ec9 nh\u1eb9 m\u00e0 c\u00f2n b\u1ec1n b\u1ec9, ch\u1ed1ng \u1ea9m, ch\u1ed1ng n\u01b0\u1edbc v\u00e0 kh\u00f4ng b\u1ecb m\u1ed1i m\u1ecdt t\u1ea5n c\u00f4ng, \u0111i\u1ec1u n\u00e0y r\u1ea5t ph\u00f9 h\u1ee3p v\u1edbi m\u00f4i tr\u01b0\u1eddng b\u1ebfp \u2013 n\u01a1i th\u01b0\u1eddng xuy\u00ean ti\u1ebfp x\u00fac v\u1edbi n\u01b0\u1edbc v\u00e0 c\u00e1c ch\u1ea5t t\u1ea9y r\u1eeda.<\/span><\/p>\n<h2 style=\"text-align: justify;\"><b>2. C\u00e1c \u01b0u \u0111i\u1ec3m c\u1ee7a t\u1ee7 b\u1ebfp g\u1ed7 nh\u1ef1a composite<br \/>\n<\/b><\/h2>\n<h2 style=\"text-align: justify;\"><b><img loading=\"lazy\" decoding=\"async\" class=\"aligncenter wp-image-7239 size-full\" src=\"https:\/\/nhatnam.org\/wp-content\/uploads\/2025\/05\/2.jpg\" alt=\"T\u1ee7 B\u1ebfp G\u1ed7 Nh\u1ef1a Composite\" width=\"1280\" height=\"960\" \/><\/b><\/h2>\n<p style=\"text-align: justify;\"><span style=\"font-weight: 400;\">T\u1ee7 b\u1ebfp g\u1ed7 nh\u1ef1a composite s\u1edf h\u1eefu nhi\u1ec1u \u0111\u1eb7c \u0111i\u1ec3m v\u01b0\u1ee3t tr\u1ed9i so v\u1edbi c\u00e1c lo\u1ea1i t\u1ee7 b\u1ebfp truy\u1ec1n th\u1ed1ng<\/span><\/p>\n<ul style=\"text-align: justify;\">\n<li style=\"font-weight: 400;\" aria-level=\"1\"><b>Kh\u1ea3 n\u0103ng ch\u1ed1ng \u1ea9m v\u00e0 ch\u1ed1ng n\u01b0\u1edbc<\/b><span style=\"font-weight: 400;\">: M\u1ed9t trong nh\u1eefng l\u00fd do l\u1edbn nh\u1ea5t khi\u1ebfn t\u1ee7 b\u1ebfp g\u1ed7 nh\u1ef1a composite \u0111\u01b0\u1ee3c y\u00eau th\u00edch ch\u00ednh l\u00e0 kh\u1ea3 n\u0103ng ch\u1ed1ng n\u01b0\u1edbc v\u00e0 \u1ea9m m\u1ed1c v\u01b0\u1ee3t tr\u1ed9i. \u0110i\u1ec1u n\u00e0y r\u1ea5t quan tr\u1ecdng trong kh\u00f4ng gian b\u1ebfp, n\u01a1i m\u00e0 s\u1ef1 ti\u1ebfp x\u00fac v\u1edbi n\u01b0\u1edbc l\u00e0 \u0111i\u1ec1u kh\u00f4ng th\u1ec3 tr\u00e1nh kh\u1ecfi.<\/span><\/li>\n<li style=\"font-weight: 400;\" aria-level=\"1\"><b>Ch\u1ed1ng m\u1ed1i m\u1ecdt v\u00e0 c\u00f4n tr\u00f9ng<\/b><span style=\"font-weight: 400;\">: G\u1ed7 nh\u1ef1a composite kh\u00f4ng b\u1ecb m\u1ed1i m\u1ecdt t\u1ea5n c\u00f4ng, \u0111i\u1ec1u n\u00e0y gi\u00fap s\u1ea3n ph\u1ea9m lu\u00f4n gi\u1eef \u0111\u01b0\u1ee3c \u0111\u1ed9 b\u1ec1n v\u00e0 t\u00ednh th\u1ea9m m\u1ef9 trong su\u1ed1t qu\u00e1 tr\u00ecnh s\u1eed d\u1ee5ng.<\/span><\/li>\n<li style=\"font-weight: 400;\" aria-level=\"1\"><b>D\u1ec5 lau ch\u00f9i, ti\u1ebft ki\u1ec7m th\u1eddi gian:<\/b><span style=\"font-weight: 400;\"> V\u1edbi b\u1ec1 m\u1eb7t nh\u1eb5n m\u1ecbn, t\u1ee7 b\u1ebfp g\u1ed7 nh\u1ef1a composite gi\u00fap vi\u1ec7c v\u1ec7 sinh tr\u1edf n\u00ean nh\u1eb9 nh\u00e0ng h\u01a1n bao gi\u1edd h\u1ebft \u2013 ch\u1ec9 c\u1ea7n m\u1ed9t chi\u1ebfc kh\u0103n \u1ea9m l\u00e0 b\u1ec1 m\u1eb7t l\u1ea1i s\u00e1ng b\u00f3ng nh\u01b0 m\u1edbi. \u0110\u00e2y l\u00e0 l\u1ef1a ch\u1ecdn l\u00fd t\u01b0\u1edfng cho nh\u1eefng gia \u0111\u00ecnh b\u1eadn r\u1ed9n, \u01b0u ti\u00ean s\u1ef1 g\u1ecdn g\u00e0ng v\u00e0 ti\u1ec7n l\u1ee3i trong sinh ho\u1ea1t h\u00e0ng ng\u00e0y.<\/span><\/li>\n<li style=\"font-weight: 400;\" aria-level=\"1\"><b>T\u00ednh b\u1ec1n v\u1eefng v\u00e0 th\u00e2n thi\u1ec7n v\u1edbi m\u00f4i tr\u01b0\u1eddng<\/b><span style=\"font-weight: 400;\">: S\u1ea3n ph\u1ea9m g\u1ed7 nh\u1ef1a composite th\u00e2n thi\u1ec7n v\u1edbi m\u00f4i tr\u01b0\u1eddng, b\u1edfi n\u00f3 \u0111\u01b0\u1ee3c l\u00e0m t\u1eeb v\u1eadt li\u1ec7u t\u00e1i ch\u1ebf v\u00e0 c\u00f3 kh\u1ea3 n\u0103ng t\u00e1i ch\u1ebf cao, gi\u00fap gi\u1ea3m thi\u1ec3u t\u00e1c \u0111\u1ed9ng x\u1ea5u \u0111\u1ebfn thi\u00ean nhi\u00ean.<\/span><\/li>\n<li style=\"font-weight: 400;\" aria-level=\"1\"><b>\u0110\u1ed9 b\u1ec1n cao<\/b><span style=\"font-weight: 400;\">: Nh\u1edd v\u00e0o c\u1ea5u t\u1ea1o \u0111\u1eb7c bi\u1ec7t t\u1eeb b\u1ed9t g\u1ed7 v\u00e0 nh\u1ef1a PVC, t\u1ee7 b\u1ebfp g\u1ed7 nh\u1ef1a composite c\u00f3 \u0111\u1ed9 b\u1ec1n v\u01b0\u1ee3t tr\u1ed9i so v\u1edbi c\u00e1c lo\u1ea1i t\u1ee7 b\u1ebfp g\u1ed7 t\u1ef1 nhi\u00ean ho\u1eb7c g\u1ed7 c\u00f4ng nghi\u1ec7p th\u00f4ng th\u01b0\u1eddng.<\/span><\/li>\n<\/ul>\n<h2 style=\"text-align: justify;\"><b>3. C\u1ea5u t\u1ea1o t\u1ee7 b\u1ebfp g\u1ed7 nh\u1ef1a composite<br \/>\n<\/b><\/h2>\n<h2 style=\"text-align: justify;\"><b><img loading=\"lazy\" decoding=\"async\" class=\"aligncenter wp-image-7243 size-full\" src=\"https:\/\/nhatnam.org\/wp-content\/uploads\/2025\/05\/6.jpg\" alt=\"T\u1ee7 B\u1ebfp G\u1ed7 Nh\u1ef1a Composite\" width=\"1280\" height=\"960\" \/><\/b><b><\/b><\/h2>\n<p style=\"text-align: justify;\"><span style=\"font-weight: 400;\">T\u1ee7 b\u1ebfp g\u1ed7 nh\u1ef1a composite \u0111\u01b0\u1ee3c c\u1ea5u t\u1ea1o t\u1eeb c\u00e1c b\u1ed9 ph\u1eadn ch\u00ednh sau:<\/span><\/p>\n<ul style=\"text-align: justify;\">\n<li style=\"font-weight: 400;\" aria-level=\"1\"><b>Th\u00f9ng t\u1ee7<\/b><span style=\"font-weight: 400;\">: \u0110\u01b0\u1ee3c l\u00e0m t\u1eeb t\u1ea5m g\u1ed7 nh\u1ef1a composite, th\u00f9ng t\u1ee7 c\u00f3 kh\u1ea3 n\u0103ng ch\u1ed1ng \u1ea9m, ch\u1ed1ng m\u1ed1i m\u1ecdt v\u00e0 \u0111\u1ed9 b\u1ec1n cao.<\/span><\/li>\n<li style=\"font-weight: 400;\" aria-level=\"1\"><b>C\u00e1nh t\u1ee7<\/b><span style=\"font-weight: 400;\">: C\u00e1nh t\u1ee7 g\u1ed7 nh\u1ef1a composite c\u00f3 th\u1ec3 \u0111\u01b0\u1ee3c ph\u1ee7 l\u1edbp laminate ho\u1eb7c acrylic, mang \u0111\u1ebfn v\u1ebb \u0111\u1eb9p sang tr\u1ecdng v\u00e0 b\u1ec1n b\u1ec9.<\/span><\/li>\n<li style=\"font-weight: 400;\" aria-level=\"1\"><b>H\u1eadu t\u1ee7 v\u00e0 ch\u00e2n t\u1ee7<\/b><span style=\"font-weight: 400;\">: Nh\u1eefng b\u1ed9 ph\u1eadn n\u00e0y c\u0169ng \u0111\u01b0\u1ee3c ch\u1ebf t\u1ea1o t\u1eeb g\u1ed7 nh\u1ef1a composite, gi\u00fap t\u0103ng kh\u1ea3 n\u0103ng ch\u1ecbu l\u1ef1c v\u00e0 \u0111\u1ed9 b\u1ec1n l\u00e2u d\u00e0i c\u1ee7a t\u1ee7 b\u1ebfp.<\/span><\/li>\n<\/ul>\n<h2 style=\"text-align: justify;\"><b>4. M\u1eabu t\u1ee7 b\u1ebfp g\u1ed7 nh\u1ef1a composite \u0111\u1eb9p v\u00e0 \u0111a d\u1ea1ng<\/b><\/h2>\n<p style=\"text-align: justify;\"><span style=\"font-weight: 400;\">T\u1ee7 b\u1ebfp g\u1ed7 nh\u1ef1a composite c\u00f3 thi\u1ebft k\u1ebf \u0111a d\u1ea1ng, \u0111\u00e1p \u1ee9ng nhi\u1ec1u y\u00eau c\u1ea7u v\u1ec1 th\u1ea9m m\u1ef9 v\u00e0 c\u00f4ng n\u0103ng c\u1ee7a ng\u01b0\u1eddi s\u1eed d\u1ee5ng. D\u01b0\u1edbi \u0111\u00e2y l\u00e0 m\u1ed9t s\u1ed1 m\u1eabu t\u1ee7 b\u1ebfp ph\u1ed5 bi\u1ebfn:<\/span><\/p>\n<h2 style=\"text-align: justify;\"><b><img loading=\"lazy\" decoding=\"async\" class=\"aligncenter wp-image-7240 size-full\" src=\"https:\/\/nhatnam.org\/wp-content\/uploads\/2025\/05\/3.jpg\" alt=\"T\u1ee7 B\u1ebfp G\u1ed7 Nh\u1ef1a Composite\" width=\"1280\" height=\"960\" \/> <\/b><\/h2>\n<p style=\"text-align: justify;\"><b><img loading=\"lazy\" decoding=\"async\" class=\"aligncenter wp-image-7242 size-full\" src=\"https:\/\/nhatnam.org\/wp-content\/uploads\/2025\/05\/5.jpg\" alt=\"T\u1ee7 B\u1ebfp G\u1ed7 Nh\u1ef1a Composite\" width=\"1280\" height=\"960\" \/> \u00a0<img loading=\"lazy\" decoding=\"async\" class=\"aligncenter wp-image-7244 size-full\" src=\"https:\/\/nhatnam.org\/wp-content\/uploads\/2025\/05\/7.jpg\" alt=\"T\u1ee7 B\u1ebfp G\u1ed7 Nh\u1ef1a Composite\" width=\"1280\" height=\"960\" \/> <\/b><\/p>\n<h2 style=\"text-align: justify;\"><b><img loading=\"lazy\" decoding=\"async\" class=\"aligncenter wp-image-7245 size-full\" src=\"https:\/\/nhatnam.org\/wp-content\/uploads\/2025\/05\/8.jpg\" alt=\"T\u1ee7 B\u1ebfp G\u1ed7 Nh\u1ef1a Composite\" width=\"1280\" height=\"960\" \/> <\/b><\/h2>\n<h2 style=\"text-align: justify;\"><b><img loading=\"lazy\" decoding=\"async\" class=\"aligncenter wp-image-7246 size-full\" src=\"https:\/\/nhatnam.org\/wp-content\/uploads\/2025\/05\/9-1.jpg\" alt=\"T\u1ee7 B\u1ebfp G\u1ed7 Nh\u1ef1a Composite\" width=\"1280\" height=\"960\" \/> <\/b><\/h2>\n<h2 style=\"text-align: justify;\"><b><img loading=\"lazy\" decoding=\"async\" class=\"aligncenter wp-image-7247 size-full\" src=\"https:\/\/nhatnam.org\/wp-content\/uploads\/2025\/05\/10-1.jpg\" alt=\"T\u1ee7 B\u1ebfp G\u1ed7 Nh\u1ef1a Composite\" width=\"1280\" height=\"960\" \/><\/b><\/h2>\n<h2 style=\"text-align: justify;\"><b>5. T\u1ea1i sao n\u00ean ch\u1ecdn t\u1ee7 b\u1ebfp g\u1ed7 nh\u1ef1a composite?<\/b><\/h2>\n<p style=\"text-align: justify;\"><span style=\"font-weight: 400;\">T\u1ee7 b\u1ebfp g\u1ed7 nh\u1ef1a composite l\u00e0 s\u1ef1 l\u1ef1a ch\u1ecdn l\u00fd t\u01b0\u1edfng cho nh\u1eefng kh\u00f4ng gian b\u1ebfp hi\u1ec7n \u0111\u1ea1i nh\u1edd v\u00e0o nhi\u1ec1u \u01b0u \u0111i\u1ec3m v\u01b0\u1ee3t tr\u1ed9i:<\/span><\/p>\n<ul style=\"text-align: justify;\">\n<li style=\"font-weight: 400;\" aria-level=\"1\"><b>B\u1ec1n b\u1ec9 v\u1edbi th\u1eddi gian<\/b><span style=\"font-weight: 400;\">: T\u1ee7 b\u1ebfp composite c\u00f3 tu\u1ed5i th\u1ecd cao, kh\u1ea3 n\u0103ng ch\u1ed1ng \u1ea9m, ch\u1ed1ng n\u01b0\u1edbc v\u00e0 ch\u1ed1ng m\u1ed1i m\u1ecdt gi\u00fap s\u1ea3n ph\u1ea9m lu\u00f4n gi\u1eef \u0111\u01b0\u1ee3c \u0111\u1ed9 b\u1ec1n \u0111\u1eb9p trong su\u1ed1t th\u1eddi gian s\u1eed d\u1ee5ng.<\/span><\/li>\n<li style=\"font-weight: 400;\" aria-level=\"1\"><b>T\u00ednh th\u1ea9m m\u1ef9 cao<\/b><span style=\"font-weight: 400;\">: S\u1ea3n ph\u1ea9m c\u00f3 b\u1ec1 m\u1eb7t nh\u1eb5n m\u1ecbn, s\u00e1ng b\u00f3ng, mang l\u1ea1i v\u1ebb \u0111\u1eb9p hi\u1ec7n \u0111\u1ea1i v\u00e0 sang tr\u1ecdng cho kh\u00f4ng gian b\u1ebfp. D\u1ec5 d\u00e0ng v\u1ec7 sinh, b\u1ea3o d\u01b0\u1ee1ng v\u00e0 gi\u1eef g\u00ecn v\u1ebb \u0111\u1eb9p b\u1ec1n l\u00e2u.<\/span><\/li>\n<li style=\"font-weight: 400;\" aria-level=\"1\"><b>Ch\u1ecbu nhi\u1ec7t t\u1ed1t<\/b><span style=\"font-weight: 400;\">: T\u1ee7 b\u1ebfp composite c\u00f3 kh\u1ea3 n\u0103ng ch\u1ecbu nhi\u1ec7t t\u1ed1t, kh\u00f4ng d\u1ec5 b\u1ecb bi\u1ebfn d\u1ea1ng d\u01b0\u1edbi t\u00e1c \u0111\u1ed9ng c\u1ee7a nhi\u1ec7t \u0111\u1ed9 cao t\u1eeb b\u1ebfp ho\u1eb7c n\u1ed3i ch\u1ea3o n\u00f3ng.<\/span><\/li>\n<li style=\"font-weight: 400;\" aria-level=\"1\"><b>Gi\u00e1 tr\u1ecb l\u00e2u d\u00e0i<\/b><span style=\"font-weight: 400;\">: M\u1eb7c d\u00f9 chi ph\u00ed \u0111\u1ea7u t\u01b0 ban \u0111\u1ea7u c\u00f3 th\u1ec3 cao h\u01a1n m\u1ed9t ch\u00fat so v\u1edbi t\u1ee7 b\u1ebfp g\u1ed7 c\u00f4ng nghi\u1ec7p th\u00f4ng th\u01b0\u1eddng, nh\u01b0ng v\u1edbi \u0111\u1ed9 b\u1ec1n v\u01b0\u1ee3t tr\u1ed9i, t\u1ee7 b\u1ebfp g\u1ed7 nh\u1ef1a composite s\u1ebd ti\u1ebft ki\u1ec7m chi ph\u00ed b\u1ea3o tr\u00ec v\u00e0 thay th\u1ebf trong th\u1eddi gian d\u00e0i.<\/span><\/li>\n<\/ul>\n<h2 style=\"text-align: justify;\"><b>6. B\u00e1o gi\u00e1 t\u1ee7 b\u1ebfp g\u1ed7 nh\u1ef1a composite<\/b><\/h2>\n<p style=\"text-align: justify;\"><span style=\"font-weight: 400;\">Gi\u00e1 t\u1ee7 b\u1ebfp composite c\u00f3 th\u1ec3 thay \u0111\u1ed5i t\u00f9y v\u00e0o c\u00e1c y\u1ebfu t\u1ed1 nh\u01b0 m\u1eabu m\u00e3, k\u00edch th\u01b0\u1edbc, lo\u1ea1i v\u1eadt li\u1ec7u ph\u1ee7 b\u1ec1 m\u1eb7t v\u00e0 y\u00eau c\u1ea7u gia c\u00f4ng c\u1ee7a kh\u00e1ch h\u00e0ng. Tuy nhi\u00ean, nh\u00ecn chung, m\u1ee9c gi\u00e1 cho t\u1ee7 b\u1ebfp g\u1ed7 nh\u1ef1a composite s\u1ebd cao h\u01a1n so v\u1edbi t\u1ee7 b\u1ebfp g\u1ed7 c\u00f4ng nghi\u1ec7p th\u00f4ng th\u01b0\u1eddng, nh\u01b0ng \u0111\u1ed5i l\u1ea1i b\u1ea1n s\u1ebd nh\u1eadn \u0111\u01b0\u1ee3c s\u1ea3n ph\u1ea9m c\u00f3 ch\u1ea5t l\u01b0\u1ee3ng v\u01b0\u1ee3t tr\u1ed9i v\u00e0 t\u00ednh b\u1ec1n v\u1eefng l\u00e2u d\u00e0i.<\/span><\/p>\n<p style=\"text-align: justify;\"><span style=\"font-weight: 400;\">\u0110\u1ec3 bi\u1ebft ch\u00ednh x\u00e1c gi\u00e1 t\u1ee7 b\u1ebfp g\u1ed7 nh\u1ef1a composite v\u00e0 nh\u1eadn b\u00e1o gi\u00e1 chi ti\u1ebft, qu\u00fd kh\u00e1ch h\u00e0ng c\u00f3 th\u1ec3 li\u00ean h\u1ec7 tr\u1ef1c ti\u1ebfp v\u1edbi Nh\u1ea5t Nam \u0111\u1ec3 \u0111\u01b0\u1ee3c t\u01b0 v\u1ea5n v\u00e0 h\u1ed7 tr\u1ee3.<\/span><\/p>\n<p style=\"text-align: justify;\"><span style=\"font-weight: 400;\">V\u1edbi s\u1ef1 b\u1ec1n b\u1ec9, kh\u1ea3 n\u0103ng ch\u1ed1ng n\u01b0\u1edbc, ch\u1ed1ng \u1ea9m v\u00e0 kh\u1ea3 n\u0103ng gia c\u00f4ng d\u1ec5 d\u00e0ng, t\u1ee7 b\u1ebfp g\u1ed7 nh\u1ef1a composite l\u00e0 gi\u1ea3i ph\u00e1p l\u00fd t\u01b0\u1edfng cho kh\u00f4ng gian b\u1ebfp hi\u1ec7n \u0111\u1ea1i c\u1ee7a b\u1ea1n. Kh\u00f4ng ch\u1ec9 mang l\u1ea1i t\u00ednh th\u1ea9m m\u1ef9 cao, t\u1ee7 b\u1ebfp g\u1ed7 nh\u1ef1a composite c\u00f2n c\u00f3 kh\u1ea3 n\u0103ng ch\u1ecbu \u0111\u01b0\u1ee3c s\u1ef1 kh\u1eafc nghi\u1ec7t c\u1ee7a m\u00f4i tr\u01b0\u1eddng b\u1ebfp m\u00e0 kh\u00f4ng lo b\u1ecb m\u1ee5c n\u00e1t, cong v\u00eanh hay m\u1ed1i m\u1ecdt.<\/span><\/p>\n<p style=\"text-align: justify;\"><span style=\"font-weight: 400;\">N\u1ebfu b\u1ea1n \u0111ang t\u00ecm ki\u1ebfm m\u1ed9t gi\u1ea3i ph\u00e1p n\u1ed9i th\u1ea5t b\u1ec1n v\u1eefng, th\u1ea9m m\u1ef9 v\u00e0 d\u1ec5 b\u1ea3o tr\u00ec, t\u1ee7 b\u1ebfp g\u1ed7 nh\u1ef1a composite ch\u1eafc ch\u1eafn s\u1ebd l\u00e0 l\u1ef1a ch\u1ecdn t\u1ed1i \u01b0u. \u0110\u1eebng ng\u1ea7n ng\u1ea1i li\u00ean h\u1ec7 v\u1edbi Nh\u1ea5t Nam \u0111\u1ec3 nh\u1eadn b\u00e1o gi\u00e1 chi ti\u1ebft v\u00e0 t\u01b0 v\u1ea5n v\u1ec1 c\u00e1c m\u1eabu t\u1ee7 b\u1ebfp g\u1ed7 nh\u1ef1a composite ph\u00f9 h\u1ee3p v\u1edbi kh\u00f4ng gian b\u1ebfp c\u1ee7a b\u1ea1n.<\/span><\/p>\n","protected":false},"excerpt":{"rendered":"<p><span style=\"font-weight: 400;\">T\u1ee7 b\u1ebfp g\u1ed7 nh\u1ef1a composite \u0111ang tr\u1edf th\u00e0nh m\u1ed9t trong nh\u1eefng l\u1ef1a ch\u1ecdn \u0111\u01b0\u1ee3c y\u00eau th\u00edch trong thi\u1ebft k\u1ebf n\u1ed9i th\u1ea5t b\u1ebfp hi\u1ec7n \u0111\u1ea1i. S\u1ea3n ph\u1ea9m kh\u00f4ng ch\u1ec9 \u0111\u00e1p \u1ee9ng nhu c\u1ea7u th\u1ea9m m\u1ef9 m\u00e0 c\u00f2n mang l\u1ea1i s\u1ef1 b\u1ec1n b\u1ec9, kh\u1ea3 n\u0103ng ch\u1ed1ng ch\u1ecbu t\u1ed1t, \u0111\u1eb7c bi\u1ec7t trong m\u00f4i tr\u01b0\u1eddng b\u1ebfp \u1ea9m \u01b0\u1edbt.<br \/>\nV\u1eady t\u1ee7 b\u1ebfp g\u1ed7 nh\u1ef1a composite l\u00e0 g\u00ec? C\u00f9ng t\u00ecm hi\u1ec3u chi ti\u1ebft v\u1ec1 s\u1ea3n ph\u1ea9m n\u00e0y v\u00e0 l\u00fd do t\u1ea1i sao n\u00f3 l\u00e0 l\u1ef1a ch\u1ecdn l\u00fd t\u01b0\u1edfng cho kh\u00f4ng gian b\u1ebfp c\u1ee7a b\u1ea1n.<\/span><\/p>\n","protected":false},"featured_media":2044,"comment_status":"open","ping_status":"closed","template":"","meta":{"_acf_changed":false,"_gspb_post_css":""},"book-author":[],"product_brand":[],"product_cat":[135],"product_tag":[],"class_list":{"0":"post-2045","1":"product","2":"type-product","3":"status-publish","4":"has-post-thumbnail","6":"product_cat-tu-bep-nhua","8":"first","9":"instock","10":"shipping-taxable","11":"product-type-simple"},"acf":[],"_links":{"self":[{"href":"https:\/\/nhatnam.libion.me\/index.php\/wp-json\/wp\/v2\/product\/2045","targetHints":{"allow":["GET"]}}],"collection":[{"href":"https:\/\/nhatnam.libion.me\/index.php\/wp-json\/wp\/v2\/product"}],"about":[{"href":"https:\/\/nhatnam.libion.me\/index.php\/wp-json\/wp\/v2\/types\/product"}],"replies":[{"embeddable":true,"href":"https:\/\/nhatnam.libion.me\/index.php\/wp-json\/wp\/v2\/comments?post=2045"}],"wp:featuredmedia":[{"embeddable":true,"href":"https:\/\/nhatnam.libion.me\/index.php\/wp-json\/wp\/v2\/media\/2044"}],"wp:attachment":[{"href":"https:\/\/nhatnam.libion.me\/index.php\/wp-json\/wp\/v2\/media?parent=2045"}],"wp:term":[{"taxonomy":"book-author","embeddable":true,"href":"https:\/\/nhatnam.libion.me\/index.php\/wp-json\/wp\/v2\/book-author?post=2045"},{"taxonomy":"product_brand","embeddable":true,"href":"https:\/\/nhatnam.libion.me\/index.php\/wp-json\/wp\/v2\/product_brand?post=2045"},{"taxonomy":"product_cat","embeddable":true,"href":"https:\/\/nhatnam.libion.me\/index.php\/wp-json\/wp\/v2\/product_cat?post=2045"},{"taxonomy":"product_tag","embeddable":true,"href":"https:\/\/nhatnam.libion.me\/index.php\/wp-json\/wp\/v2\/product_tag?post=2045"}],"curies":[{"name":"wp","href":"https:\/\/api.w.org\/{rel}","templated":true}]}}