{"id":2040,"date":"2026-04-07T10:36:00","date_gmt":"2026-04-07T10:36:00","guid":{"rendered":"https:\/\/nhatnam.libion.me\/index.php\/product\/tu-bep-nhua\/"},"modified":"2026-04-07T10:36:06","modified_gmt":"2026-04-07T10:36:06","slug":"tu-bep-nhua","status":"publish","type":"product","link":"https:\/\/nhatnam.libion.me\/index.php\/product\/tu-bep-nhua\/","title":{"rendered":"T\u1ee7 B\u1ebfp Nh\u1ef1a"},"content":{"rendered":"<p style=\"text-align: justify;\">Mang trong m\u00ecnh s\u1ef1 k\u1ebft h\u1ee3p ho\u00e0n h\u1ea3o gi\u1eefa th\u1ea9m m\u1ef9 hi\u1ec7n \u0111\u1ea1i v\u00e0 \u0111\u1ed9 b\u1ec1n v\u01b0\u1ee3t tr\u1ed9i, t\u1ee7 b\u1ebfp nh\u1ef1a l\u00e0 l\u1ef1a ch\u1ecdn l\u00fd t\u01b0\u1edfng cho c\u0103n b\u1ebfp c\u1ee7a gia \u0111\u00ecnh Vi\u1ec7t. V\u1edbi kh\u1ea3 n\u0103ng ch\u1ed1ng \u1ea9m, ch\u1ed1ng m\u1ed1i m\u1ecdt v\u00e0 d\u1ec5 d\u00e0ng lau ch\u00f9i, s\u1ea3n ph\u1ea9m kh\u00f4ng ch\u1ec9 gi\u1eef \u0111\u01b0\u1ee3c v\u1ebb \u0111\u1eb9p nh\u01b0 m\u1edbi m\u00e0 c\u00f2n t\u1ed1i \u01b0u h\u00f3a c\u00f4ng n\u0103ng s\u1eed d\u1ee5ng. Thi\u1ebft k\u1ebf linh ho\u1ea1t, m\u00e0u s\u1eafc tinh t\u1ebf \u2013 t\u1ea1o n\u00ean m\u1ed9t kh\u00f4ng gian b\u1ebfp ti\u1ec7n nghi v\u00e0 \u0111\u1eadm ch\u1ea5t ri\u00eang.<\/p>\n<h2 style=\"text-align: justify;\"><b>1. Th\u1ebf n\u00e0o l\u00e0 t\u1ee7 b\u1ebfp nh\u1ef1a?<br \/>\n<\/b><\/h2>\n<figure id=\"attachment_7152\" aria-describedby=\"caption-attachment-7152\" style=\"width: 1280px\" class=\"wp-caption aligncenter\"><img loading=\"lazy\" decoding=\"async\" class=\"wp-image-7152 size-full\" src=\"https:\/\/nhatnam.org\/wp-content\/uploads\/2025\/05\/tu_bep_nhua-78.jpg\" alt=\"T\u1ee7 B\u1ebfp Nh\u1ef1a\" width=\"1280\" height=\"960\" \/><figcaption id=\"caption-attachment-7152\" class=\"wp-caption-text\">M\u1eabu t\u1ee7 b\u1ebfp nh\u1ef1a Picomat ph\u1ee7 Laminate \u0111\u1eb9p, hi\u1ec7n \u0111\u1ea1i<\/figcaption><\/figure>\n<p style=\"text-align: justify;\"><span style=\"font-weight: 400;\">V\u1edbi s\u1ef1 ph\u00e1t tri\u1ec3n kh\u00f4ng ng\u1eebng c\u1ee7a khoa h\u1ecdc k\u1ef9 thu\u1eadt, nh\u1ef1a \u0111\u00e3 tr\u1edf th\u00e0nh m\u1ed9t v\u1eadt li\u1ec7u quen thu\u1ed9c v\u00e0 \u0111a n\u0103ng, \u1ee9ng d\u1ee5ng kh\u00f4ng ch\u1ec9 trong \u0111\u1ed3 gia d\u1ee5ng m\u00e0 c\u00f2n trong n\u1ed9i th\u1ea5t, \u0111\u1eb7c bi\u1ec7t l\u00e0 t\u1ee7 b\u1ebfp. T\u1ee7 b\u1ebfp nh\u1ef1a \u0111\u01b0\u1ee3c t\u1ea1o n\u00ean t\u1eeb c\u00e1c t\u1ea5m nh\u1ef1a cao c\u1ea5p, mang \u0111\u1ebfn s\u1ef1 b\u1ec1n b\u1ec9 v\u00e0 phong c\u00e1ch hi\u1ec7n \u0111\u1ea1i cho c\u0103n b\u1ebfp c\u1ee7a b\u1ea1n.<\/span><\/p>\n<p style=\"text-align: justify;\"><span style=\"font-weight: 400;\">C\u00e1c lo\u1ea1i nh\u1ef1a \u0111\u01b0\u1ee3c s\u1eed d\u1ee5ng ph\u1ed5 bi\u1ebfn trong s\u1ea3n xu\u1ea5t t\u1ee7 b\u1ebfp bao g\u1ed3m nh\u1ef1a \u0111\u1eb7c, ABS, PVC, Ecoplast, Vinaplast, Picomat&#8230; M\u1ed7i lo\u1ea1i \u0111\u1ec1u c\u00f3 nh\u1eefng \u01b0u \u0111i\u1ec3m ri\u00eang, \u0111\u1ea3m b\u1ea3o t\u00ednh th\u1ea9m m\u1ef9 cao v\u00e0 \u0111\u1ed9 b\u1ec1n v\u01b0\u1ee3t tr\u1ed9i.<\/span><\/p>\n<p style=\"text-align: justify;\"><span style=\"font-weight: 400;\">T\u1ee7 b\u1ebfp nh\u1ef1a kh\u00f4ng ch\u1ec9 l\u00e0m n\u1ed5i b\u1eadt kh\u00f4ng gian b\u1ebfp v\u1edbi thi\u1ebft k\u1ebf hi\u1ec7n \u0111\u1ea1i, m\u00e0 c\u00f2n s\u1edf h\u1eefu nhi\u1ec1u t\u00ednh n\u0103ng v\u01b0\u1ee3t tr\u1ed9i nh\u01b0 d\u1ec5 d\u00e0ng v\u1ec7 sinh v\u00e0 b\u1ea3o tr\u00ec. Ch\u00ednh v\u00ec v\u1eady, \u0111\u00e2y l\u00e0 l\u1ef1a ch\u1ecdn ho\u00e0n h\u1ea3o cho gia \u0111\u00ecnh, v\u1eeba ti\u1ebft ki\u1ec7m chi ph\u00ed v\u1eeba \u0111\u1ea3m b\u1ea3o ch\u1ea5t l\u01b0\u1ee3ng b\u1ec1n v\u1eefng v\u00e0 t\u00ednh th\u1ea9m m\u1ef9 l\u00e2u d\u00e0i.<\/span><\/p>\n<h2 style=\"text-align: justify;\"><b>2. C\u00e1c lo\u1ea1i v\u1eadt li\u1ec7u nh\u1ef1a ph\u1ed5 bi\u1ebfn l\u00e0m t\u1ee7 b\u1ebfp<br \/>\n<\/b><\/h2>\n<figure id=\"attachment_7144\" aria-describedby=\"caption-attachment-7144\" style=\"width: 1280px\" class=\"wp-caption aligncenter\"><img loading=\"lazy\" decoding=\"async\" class=\"wp-image-7144 size-full\" src=\"https:\/\/nhatnam.org\/wp-content\/uploads\/2025\/05\/tu_bep_nhua-70.jpg\" alt=\"T\u1ee7 B\u1ebfp Nh\u1ef1a\" width=\"1280\" height=\"960\" \/><figcaption id=\"caption-attachment-7144\" class=\"wp-caption-text\">M\u1eabu t\u1ee7 b\u1ebfp nh\u1ef1a PVC cao c\u1ea5p thi\u1ebft k\u1ebf \u0111\u01a1n gi\u1ea3n, hi\u1ec7n \u0111\u1ea1i<\/figcaption><\/figure>\n<h3 style=\"text-align: justify;\"><b>T\u1ee7 b\u1ebfp nh\u1ef1a PVC<\/b><\/h3>\n<p style=\"text-align: justify;\"><span style=\"font-weight: 400;\">PVC l\u00e0 d\u00f2ng v\u1eadt li\u1ec7u nh\u1ef1a truy\u1ec1n th\u1ed1ng, c\u00f3 tr\u1ecdng l\u01b0\u1ee3ng nh\u1eb9, gi\u00e1 th\u00e0nh r\u1ebb. <\/span><b>T\u1ee7 b\u1ebfp nh\u1ef1a PVC<\/b><span style=\"font-weight: 400;\"> c\u00f3 kh\u1ea3 n\u0103ng ch\u1ed1ng \u1ea9m kh\u00e1 t\u1ed1t, d\u1ec5 d\u00e0ng t\u1ea1o h\u00ecnh theo nhi\u1ec1u thi\u1ebft k\u1ebf. Tuy nhi\u00ean, \u0111\u1ed9 b\u1ec1n v\u00e0 kh\u1ea3 n\u0103ng ch\u1ecbu l\u1ef1c c\u1ee7a PVC kh\u00f4ng qu\u00e1 cao, ph\u00f9 h\u1ee3p v\u1edbi nhu c\u1ea7u c\u01a1 b\u1ea3n, ng\u00e2n s\u00e1ch ti\u1ebft ki\u1ec7m.<\/span><\/p>\n<h3 style=\"text-align: justify;\"><b>T\u1ee7 b\u1ebfp nh\u1ef1a Picomat<\/b><\/h3>\n<p style=\"text-align: justify;\"><span style=\"font-weight: 400;\">Nh\u1eafc \u0111\u1ebfn t\u1ee7 b\u1ebfp nh\u1ef1a cao c\u1ea5p, kh\u00f4ng th\u1ec3 b\u1ecf qua <\/span>t\u1ee7 b\u1ebfp nh\u1ef1a Picomat<span style=\"font-weight: 400;\">. Picomat \u0111\u01b0\u1ee3c s\u1ea3n xu\u1ea5t t\u1eeb nh\u1ef1a PVC nguy\u00ean sinh n\u00e9n \u00e9p th\u00e0nh t\u1ea5m, s\u1edf h\u1eefu kh\u1ea3 n\u0103ng <\/span>ch\u1ed1ng n\u01b0\u1edbc tuy\u1ec7t \u0111\u1ed1i, ch\u1ecbu l\u1ef1c t\u1ed1t v\u00e0 kh\u00f4ng cong v\u00eanh<span style=\"font-weight: 400;\"><strong>.<\/strong> B\u1ec1 m\u1eb7t nh\u1ef1a Picomat c\u00f3 th\u1ec3 ph\u1ee7 nhi\u1ec1u ch\u1ea5t li\u1ec7u nh\u01b0 Acrylic, Laminate, Melamine&#8230;, t\u1ea1o n\u00ean v\u1ebb ngo\u00e0i b\u00f3ng \u0111\u1eb9p ho\u1eb7c v\u00e2n g\u1ed7 t\u1ef1 nhi\u00ean sang tr\u1ecdng.<\/span><\/p>\n<h3 style=\"text-align: justify;\"><b>T\u1ee7 b\u1ebfp nh\u1ef1a Ecoplast<\/b><\/h3>\n<p style=\"text-align: justify;\">Nh\u1ef1a Ecoplast<span style=\"font-weight: 400;\"> l\u00e0 d\u00f2ng v\u1eadt li\u1ec7u cao c\u1ea5p, th\u00e2n thi\u1ec7n m\u00f4i tr\u01b0\u1eddng, \u0111\u01b0\u1ee3c \u01b0a chu\u1ed9ng trong thi\u1ebft k\u1ebf n\u1ed9i th\u1ea5t xanh. T\u1ee7 b\u1ebfp nh\u1ef1a Ecoplast n\u1ed5i b\u1eadt v\u1edbi \u0111\u1ed9 c\u1ee9ng cao, kh\u1ea3 n\u0103ng ch\u1ed1ng va \u0111\u1eadp t\u1ed1t, tr\u1ecdng l\u01b0\u1ee3ng nh\u1eb9 h\u01a1n Picomat v\u00e0 t\u00ednh n\u0103ng t\u00e1i ch\u1ebf, b\u1ea3o v\u1ec7 m\u00f4i tr\u01b0\u1eddng.<\/span><\/p>\n<h3 style=\"text-align: justify;\"><b>T\u1ee7 b\u1ebfp nh\u1ef1a Vincoplast<\/b><\/h3>\n<p style=\"text-align: justify;\"><span style=\"font-weight: 400;\">\u0110\u01b0\u1ee3c ph\u00e1t tri\u1ec3n nh\u1eb1m c\u00e2n b\u1eb1ng gi\u1eefa chi ph\u00ed v\u00e0 ch\u1ea5t l\u01b0\u1ee3ng, <\/span>nh\u1ef1a Vincoplast<span style=\"font-weight: 400;\"> l\u00e0 l\u1ef1a ch\u1ecdn tuy\u1ec7t v\u1eddi cho nh\u1eefng ai t\u00ecm ki\u1ebfm m\u1ed9t b\u1ed9 t\u1ee7 b\u1ebfp nh\u1ef1a b\u1ec1n \u0111\u1eb9p v\u1edbi m\u1ee9c gi\u00e1 h\u1ee3p l\u00fd. Vincoplast c\u00f3 \u0111\u1ed9 \u1ed5n \u0111\u1ecbnh cao, b\u1ec1 m\u1eb7t nh\u1eb5n m\u1ecbn, d\u1ec5 thi c\u00f4ng v\u00e0 l\u1eafp \u0111\u1eb7t.<\/span><\/p>\n<h2 style=\"text-align: justify;\"><b>3. \u01afu \u0111i\u1ec3m n\u1ed5i b\u1eadt c\u1ee7a t\u1ee7 b\u1ebfp nh\u1ef1a<br \/>\n<\/b><\/h2>\n<p><img loading=\"lazy\" decoding=\"async\" class=\"wp-image-7140 size-full\" src=\"https:\/\/nhatnam.org\/wp-content\/uploads\/2025\/05\/tu_bep_nhua-66.jpg\" alt=\"T\u1ee7 B\u1ebfp Nh\u1ef1a\" width=\"1280\" height=\"960\" \/><span style=\"font-size: 14px;\">\u00a0M\u1eabu t\u1ee7 b\u1ebfp nh\u1ef1a Ecoplast kh\u00f4ng b\u1ecb \u1ea3nh h\u01b0\u1edfng b\u1edfi m\u1ed1i m\u1ecdt hay n\u1ea5m m\u1ed1c<\/span><\/p>\n<p style=\"text-align: justify;\">T\u1ee7 b\u1ebfp nh\u1ef1a<span style=\"font-weight: 400;\"> kh\u00f4ng ph\u1ea3i ng\u1eabu nhi\u00ean tr\u1edf th\u00e0nh xu h\u01b0\u1edbng. Nh\u1eefng \u01b0u \u0111i\u1ec3m n\u1ed5i b\u1eadt sau \u0111\u00e2y ch\u00ednh l\u00e0 l\u00fd do:<\/span><\/p>\n<ul style=\"text-align: justify;\">\n<li style=\"font-weight: 400;\" aria-level=\"1\"><b>An to\u00e0n v\u1edbi s\u1ee9c kh\u1ecfe<\/b><span style=\"font-weight: 400;\">: C\u00e1c d\u00f2ng nh\u1ef1a cao c\u1ea5p nh\u01b0 Picomat, Ecoplast \u0111\u1ea1t ti\u00eau chu\u1ea9n an to\u00e0n, kh\u00f4ng \u0111\u1ed9c h\u1ea1i.<\/span><\/li>\n<li style=\"font-weight: 400;\" aria-level=\"1\"><b>Gi\u00e1 th\u00e0nh h\u1ee3p l\u00fd<\/b><span style=\"font-weight: 400;\">: So v\u1edbi g\u1ed7 t\u1ef1 nhi\u00ean ho\u1eb7c c\u00e1c v\u1eadt li\u1ec7u cao c\u1ea5p kh\u00e1c, t\u1ee7 b\u1ebfp nh\u1ef1a mang l\u1ea1i m\u1ee9c \u0111\u1ea7u t\u01b0 h\u1ee3p l\u00fd h\u01a1n.<\/span><\/li>\n<li style=\"font-weight: 400;\" aria-level=\"1\"><b>Ch\u1ed1ng th\u1ea5m n\u01b0\u1edbc t\u1ed1t<\/b><span style=\"font-weight: 400;\">: T\u1ee7 b\u1ebfp nh\u1ef1a c\u00f3 kh\u1ea3 n\u0103ng ch\u1ed1ng th\u1ea5m n\u01b0\u1edbc, h\u1ea1n ch\u1ebf cong v\u00eanh, m\u1ee5c n\u00e1t khi ti\u1ebfp x\u00fac v\u1edbi n\u01b0\u1edbc, gi\u00fap b\u1ec1n b\u1ec9 trong m\u00f4i tr\u01b0\u1eddng \u1ea9m \u01b0\u1edbt c\u1ee7a b\u1ebfp.<\/span><\/li>\n<li style=\"font-weight: 400;\" aria-level=\"1\"><b>D\u1ec5 d\u00e0ng v\u1ec7 sinh<\/b><span style=\"font-weight: 400;\">: B\u1ec1 m\u1eb7t t\u1ee7 b\u1ebfp nh\u1ef1a m\u1ecbn, kh\u00f4ng th\u1ea5m d\u1ea7u m\u1ee1, d\u1ec5 d\u00e0ng lau ch\u00f9i, ti\u1ebft ki\u1ec7m th\u1eddi gian b\u1ea3o qu\u1ea3n.<\/span><\/li>\n<li style=\"font-weight: 400;\" aria-level=\"1\"><b>\u0110a d\u1ea1ng v\u1ec1 m\u1eabu m\u00e3 v\u00e0 m\u00e0u s\u1eafc<\/b><span style=\"font-weight: 400;\">: T\u1ee7 b\u1ebfp nh\u1ef1a c\u00f3 nhi\u1ec1u l\u1ef1a ch\u1ecdn v\u1ec1 ki\u1ec3u d\u00e1ng v\u00e0 m\u00e0u s\u1eafc, gi\u00fap b\u1ea1n d\u1ec5 d\u00e0ng ch\u1ecdn l\u1ef1a s\u1ea3n ph\u1ea9m ph\u00f9 h\u1ee3p v\u1edbi phong c\u00e1ch n\u1ed9i th\u1ea5t.<\/span><\/li>\n<li style=\"font-weight: 400;\" aria-level=\"1\"><b>Ch\u1ed1ng m\u1ed1i m\u1ecdt v\u00e0 n\u1ea5m m\u1ed1c<\/b><span style=\"font-weight: 400;\">: Do ch\u1ea5t li\u1ec7u nh\u1ef1a, t\u1ee7 b\u1ebfp nh\u1ef1a kh\u00f4ng b\u1ecb \u1ea3nh h\u01b0\u1edfng b\u1edfi m\u1ed1i m\u1ecdt hay n\u1ea5m m\u1ed1c nh\u01b0 c\u00e1c lo\u1ea1i t\u1ee7 b\u1ebfp g\u1ed7.<\/span><\/li>\n<li style=\"font-weight: 400;\" aria-level=\"1\"><b>Gi\u00e1 th\u00e0nh h\u1ee3p l\u00fd<\/b><span style=\"font-weight: 400;\">: So v\u1edbi c\u00e1c lo\u1ea1i t\u1ee7 b\u1ebfp kh\u00e1c, t\u1ee7 b\u1ebfp nh\u1ef1a c\u00f3 m\u1ee9c gi\u00e1 ph\u1ea3i ch\u0103ng, gi\u00fap ti\u1ebft ki\u1ec7m chi ph\u00ed cho gia \u0111\u00ecnh.<\/span><\/li>\n<li style=\"font-weight: 400;\" aria-level=\"1\"><b>D\u1ec5 thi c\u00f4ng v\u00e0 v\u1eadn chuy\u1ec3n<\/b><span style=\"font-weight: 400;\">: T\u1ee7 b\u1ebfp nh\u1ef1a nh\u1eb9, d\u1ec5 d\u00e0ng v\u1eadn chuy\u1ec3n v\u00e0 l\u1eafp \u0111\u1eb7t nhanh ch\u00f3ng.<\/span><\/li>\n<\/ul>\n<p style=\"text-align: justify;\"><span style=\"font-weight: 400;\">Ngo\u00e0i \u01b0u \u0111i\u1ec3m t\u1ee7 b\u1ebfp b\u1eb1ng nh\u1ef1a c\u00f2n t\u1ed3n t\u1ea1i m\u1ed9t s\u1ed1 nh\u01b0\u1ee3c \u0111i\u1ec3m nh\u01b0: Kh\u1ea3 n\u0103ng ch\u1ecbu l\u1ef1c k\u00e9m h\u01a1n so v\u1edbi d\u00f2ng t\u1ee7 b\u1ebfp inox hay t\u1ee7 b\u1ebfp nh\u00f4m. Ngo\u00e0i ra nh\u1ef1a m\u1edbi s\u1ebd c\u00f3 m\u00f9i n\u1ebfu s\u1eed d\u1ee5ng v\u1eadt li\u1ec7u k\u00e9m ch\u1ea5t l\u01b0\u1ee3ng.\u00a0<\/span><\/p>\n<h2 style=\"text-align: justify;\"><b>6. M\u1eabu t\u1ee7 b\u1ebfp nh\u1ef1a \u0111\u1eb9p\u00a0<\/b><\/h2>\n<figure id=\"attachment_7132\" aria-describedby=\"caption-attachment-7132\" style=\"width: 1280px\" class=\"wp-caption aligncenter\"><img loading=\"lazy\" decoding=\"async\" class=\"wp-image-7132 size-full\" src=\"https:\/\/nhatnam.org\/wp-content\/uploads\/2025\/05\/tu_bep_nhua-58.jpg\" alt=\"t\u1ee7 b\u1ebfp nh\u1ef1a\" width=\"1280\" height=\"960\" \/><figcaption id=\"caption-attachment-7132\" class=\"wp-caption-text\">M\u1eabu t\u1ee7 b\u1ebfp b\u1eb1ng nh\u1ef1a Picomat k\u1ebft h\u1ee3p tay n\u1eafm \u00e2m hi\u1ec7n \u0111\u1ea1i, sang tr\u1ecdng.<\/figcaption><\/figure>\n<figure id=\"attachment_7122\" aria-describedby=\"caption-attachment-7122\" style=\"width: 1280px\" class=\"wp-caption aligncenter\"><img loading=\"lazy\" decoding=\"async\" class=\"wp-image-7122 size-full\" src=\"https:\/\/nhatnam.org\/wp-content\/uploads\/2025\/05\/tu_bep_nhua-48.jpg\" alt=\"t\u1ee7 b\u1ebfp nh\u1ef1a\" width=\"1280\" height=\"960\" \/><figcaption id=\"caption-attachment-7122\" class=\"wp-caption-text\">Thi\u1ebft k\u1ebf t\u1ee7 b\u1ebfp b\u1eb1ng nh\u1ef1a ch\u1eef U PVC b\u1ec1n \u0111\u1eb9p, d\u1ec5 v\u1ec7 sinh<\/figcaption><\/figure>\n<figure id=\"attachment_7133\" aria-describedby=\"caption-attachment-7133\" style=\"width: 1280px\" class=\"wp-caption aligncenter\"><img loading=\"lazy\" decoding=\"async\" class=\"wp-image-7133 size-full\" src=\"https:\/\/nhatnam.org\/wp-content\/uploads\/2025\/05\/tu_bep_nhua-59.jpg\" alt=\"T\u1ee7 B\u1ebfp Nh\u1ef1a\" width=\"1280\" height=\"960\" \/><figcaption id=\"caption-attachment-7133\" class=\"wp-caption-text\">T\u1ee7 b\u1ebfp b\u1eb1ng nh\u1ef1a Acrylic b\u00f3ng g\u01b0\u01a1ng, ph\u1ea3n chi\u1ebfu \u00e1nh s\u00e1ng t\u1ed1i \u01b0u<\/figcaption><\/figure>\n<figure id=\"attachment_7110\" aria-describedby=\"caption-attachment-7110\" style=\"width: 1280px\" class=\"wp-caption aligncenter\"><img loading=\"lazy\" decoding=\"async\" class=\"wp-image-7110 size-full\" src=\"https:\/\/nhatnam.org\/wp-content\/uploads\/2025\/05\/tu_bep_nhua-36.jpg\" alt=\"t\u1ee7 b\u1ebfp nh\u1ef1a\" width=\"1280\" height=\"960\" \/><figcaption id=\"caption-attachment-7110\" class=\"wp-caption-text\">Thi\u1ebft k\u1ebf t\u1ee7 Laminate ch\u1eef L cho kh\u00f4ng gian b\u1ebfp m\u1edf tho\u00e1ng \u0111\u00e3ng<\/figcaption><\/figure>\n<figure id=\"attachment_7131\" aria-describedby=\"caption-attachment-7131\" style=\"width: 1280px\" class=\"wp-caption aligncenter\"><img loading=\"lazy\" decoding=\"async\" class=\"wp-image-7131 size-full\" src=\"https:\/\/nhatnam.org\/wp-content\/uploads\/2025\/05\/tu_bep_nhua-57.jpg\" alt=\"t\u1ee7 b\u1ebfp nh\u1ef1a\" width=\"1280\" height=\"960\" \/><figcaption id=\"caption-attachment-7131\" class=\"wp-caption-text\">T\u1ee7 b\u1ebfp ABS ch\u1ed1ng ch\u00e1y<\/figcaption><\/figure>\n<h2 style=\"text-align: justify;\"><b>7. B\u00e1o gi\u00e1 t\u1ee7 b\u1ebfp nh\u1ef1a m\u1edbi nh\u1ea5t<\/b><\/h2>\n<p style=\"text-align: justify;\"><span style=\"font-weight: 400;\">Gi\u00e1 th\u00e0nh t\u1ee7 b\u1ebfp nh\u1ef1a th\u01b0\u1eddng \u0111\u01b0\u1ee3c quy\u1ebft \u0111\u1ecbnh b\u1edfi nhi\u1ec1u y\u1ebfu t\u1ed1 quan tr\u1ecdng, bao g\u1ed3m:<\/span><\/p>\n<ul style=\"text-align: justify;\">\n<li style=\"font-weight: 400;\" aria-level=\"1\"><b>Ch\u1ea5t li\u1ec7u nh\u1ef1a s\u1eed d\u1ee5ng<\/b><span style=\"font-weight: 400;\">: C\u00e1c lo\u1ea1i nh\u1ef1a nh\u01b0 PVC, Picomat, Ecoplast, Vincoplast\u2026 s\u1ebd c\u00f3 m\u1ee9c gi\u00e1 kh\u00e1c nhau, \u1ea3nh h\u01b0\u1edfng \u0111\u1ebfn \u0111\u1ed9 b\u1ec1n v\u00e0 t\u00ednh th\u1ea9m m\u1ef9 c\u1ee7a t\u1ee7.<\/span><\/li>\n<li style=\"font-weight: 400;\" aria-level=\"1\"><b>Lo\u1ea1i b\u1ec1 m\u1eb7t ph\u1ee7<\/b><span style=\"font-weight: 400;\">: C\u00e1c l\u1edbp ph\u1ee7 nh\u01b0 Acrylic, Laminate, Melamine s\u1ebd t\u1ea1o n\u00ean v\u1ebb \u0111\u1eb9p v\u00e0 \u0111\u1ed9 b\u1ec1n cho t\u1ee7 b\u1ebfp, \u0111\u1ed3ng th\u1eddi c\u0169ng t\u00e1c \u0111\u1ed9ng \u0111\u1ebfn gi\u00e1 th\u00e0nh.<\/span><\/li>\n<li style=\"font-weight: 400;\" aria-level=\"1\"><b>K\u00edch th\u01b0\u1edbc v\u00e0 \u0111\u1ed9 ph\u1ee9c t\u1ea1p c\u1ee7a thi\u1ebft k\u1ebf<\/b><span style=\"font-weight: 400;\">: T\u1ee7 b\u1ebfp c\u00f3 k\u00edch th\u01b0\u1edbc l\u1edbn v\u00e0 thi\u1ebft k\u1ebf ph\u1ee9c t\u1ea1p s\u1ebd c\u00f3 gi\u00e1 cao h\u01a1n c\u00e1c m\u1eabu t\u1ee7 \u0111\u01a1n gi\u1ea3n.<\/span><\/li>\n<li style=\"font-weight: 400;\" aria-level=\"1\"><b>Ph\u1ee5 ki\u1ec7n \u0111i k\u00e8m<\/b><span style=\"font-weight: 400;\">: C\u00e1c ph\u1ee5 ki\u1ec7n nh\u01b0 b\u1ea3n l\u1ec1, ray tr\u01b0\u1ee3t, tay n\u00e2ng, m\u1eb7t \u0111\u00e1\u2026 c\u0169ng g\u00f3p ph\u1ea7n v\u00e0o vi\u1ec7c \u0111\u1ecbnh gi\u00e1 t\u1ee7 b\u1ebfp.<\/span><\/li>\n<\/ul>\n<p style=\"text-align: justify;\"><span style=\"font-weight: 400;\">\u0110\u1ec3 nh\u1eadn b\u00e1o gi\u00e1 chi ti\u1ebft v\u00e0 t\u01b0 v\u1ea5n c\u1ee5 th\u1ec3 v\u1ec1 c\u00e1c m\u1eabu t\u1ee7 b\u1ebfp nh\u1ef1a ph\u00f9 h\u1ee3p v\u1edbi kh\u00f4ng gian b\u1ebfp c\u1ee7a b\u1ea1n, <\/span>Q\u00fay kh\u00e1ch vui l\u00f2ng li\u00ean h\u1ec7<b> Nh\u1ea5t Nam<\/b><span style=\"font-weight: 400;\"> \u0111\u1ec3 \u0111\u01b0\u1ee3c h\u1ed7 tr\u1ee3 nhanh ch\u00f3ng v\u00e0 chuy\u00ean nghi\u1ec7p.<\/span><\/p>\n<h2 style=\"text-align: justify;\"><b>8. Kinh nghi\u1ec7m ch\u1ecdn mua v\u00e0 thi c\u00f4ng t\u1ee7 b\u1ebfp nh\u1ef1a<\/b><\/h2>\n<p style=\"text-align: justify;\"><span style=\"font-weight: 400;\">Vi\u1ec7c ch\u1ecdn mua v\u00e0 thi c\u00f4ng t\u1ee7 b\u1ebfp nh\u1ef1a \u0111\u00f2i h\u1ecfi b\u1ea1n ph\u1ea3i c\u00e2n nh\u1eafc k\u1ef9 l\u01b0\u1ee1ng nhi\u1ec1u y\u1ebfu t\u1ed1 \u0111\u1ec3 \u0111\u1ea3m b\u1ea3o s\u1ef1 ph\u00f9 h\u1ee3p v\u1edbi kh\u00f4ng gian v\u00e0 nhu c\u1ea7u s\u1eed d\u1ee5ng c\u1ee7a gia \u0111\u00ecnh. D\u01b0\u1edbi \u0111\u00e2y l\u00e0 m\u1ed9t s\u1ed1 kinh nghi\u1ec7m gi\u00fap b\u1ea1n l\u1ef1a ch\u1ecdn t\u1ee7 b\u1ebfp nh\u1ef1a ho\u00e0n h\u1ea3o:<\/span><\/p>\n<ul style=\"text-align: justify;\">\n<li style=\"font-weight: 400;\" aria-level=\"1\"><b>Ch\u1ecdn ch\u1ea5t li\u1ec7u nh\u1ef1a<\/b><span style=\"font-weight: 400;\">: L\u1ef1a ch\u1ecdn nh\u1ef1a ph\u00f9 h\u1ee3p nh\u01b0 PVC, Picomat, Ecoplast, Vincoplast t\u00f9y theo nhu c\u1ea7u s\u1eed d\u1ee5ng v\u00e0 kh\u00f4ng gian.<\/span><\/li>\n<li style=\"font-weight: 400;\" aria-level=\"1\"><b>L\u1ef1a ch\u1ecdn b\u1ec1 m\u1eb7t ph\u1ee7<\/b><span style=\"font-weight: 400;\">: C\u00e1c ch\u1ea5t li\u1ec7u ph\u1ee7 nh\u01b0 Acrylic, Laminate, Melamine mang l\u1ea1i hi\u1ec7u \u1ee9ng kh\u00e1c nhau, t\u1eeb b\u00f3ng \u0111\u1eb9p \u0111\u1ebfn kh\u1ea3 n\u0103ng ch\u1ed1ng tr\u1ea7y x\u01b0\u1edbc v\u00e0 ti\u1ebft ki\u1ec7m chi ph\u00ed.<\/span><\/li>\n<li style=\"font-weight: 400;\" aria-level=\"1\"><b>\u0110\u1ea3m b\u1ea3o thi\u1ebft k\u1ebf h\u1ee3p l\u00fd<\/b><span style=\"font-weight: 400;\">: Ch\u1ecdn thi\u1ebft k\u1ebf ph\u00f9 h\u1ee3p v\u1edbi kh\u00f4ng gian v\u00e0 t\u1ed1i \u01b0u c\u00f4ng n\u0103ng s\u1eed d\u1ee5ng.<\/span><span style=\"font-weight: 400;\"><br \/>\n<\/span><b>Ch\u1ecdn ph\u1ee5 ki\u1ec7n ch\u1ea5t l\u01b0\u1ee3ng<\/b><span style=\"font-weight: 400;\">: \u0110\u1ea3m b\u1ea3o b\u1ea3n l\u1ec1, ray tr\u01b0\u1ee3t, tay n\u1eafm v\u00e0 m\u1eb7t \u0111\u00e1 c\u00f3 ch\u1ea5t l\u01b0\u1ee3ng t\u1ed1t \u0111\u1ec3 t\u0103ng \u0111\u1ed9 b\u1ec1n v\u00e0 th\u1ea9m m\u1ef9.<\/span><\/li>\n<li style=\"font-weight: 400;\" aria-level=\"1\"><b>L\u1ef1a ch\u1ecdn \u0111\u01a1n v\u1ecb thi c\u00f4ng uy t\u00edn<\/b><span style=\"font-weight: 400;\">: Ch\u1ecdn \u0111\u01a1n v\u1ecb thi c\u00f4ng chuy\u00ean nghi\u1ec7p \u0111\u1ec3 \u0111\u1ea3m b\u1ea3o ch\u1ea5t l\u01b0\u1ee3ng v\u00e0 l\u1eafp \u0111\u1eb7t ch\u00ednh x\u00e1c.<\/span><\/li>\n<\/ul>\n<p style=\"text-align: justify;\"><span style=\"font-weight: 400;\">L\u1ef1a ch\u1ecdn \u0111\u00fang s\u1ebd gi\u00fap b\u1ea1n c\u00f3 m\u1ed9t t\u1ee7 b\u1ebfp nh\u1ef1a b\u1ec1n \u0111\u1eb9p v\u00e0 ti\u1ec7n d\u1ee5ng.<\/span><\/p>\n<h2 style=\"text-align: justify;\"><b>9. Nh\u1ea5t Nam \u2013 \u0110\u01a1n v\u1ecb thi c\u00f4ng t\u1ee7 b\u1ebfp nh\u1ef1a chuy\u00ean nghi\u1ec7p<\/b><\/h2>\n<p style=\"text-align: justify;\"><span style=\"font-weight: 400;\">Nh\u1ea5t Nam l\u00e0 \u0111\u01a1n v\u1ecb uy t\u00edn, chuy\u00ean cung c\u1ea5p v\u00e0 thi c\u00f4ng t\u1ee7 b\u1ebfp nh\u1ef1a ch\u1ea5t l\u01b0\u1ee3ng cao, mang \u0111\u1ebfn cho kh\u00e1ch h\u00e0ng kh\u00f4ng gian b\u1ebfp hi\u1ec7n \u0111\u1ea1i, ti\u1ec7n nghi v\u00e0 b\u1ec1n v\u1eefng. V\u1edbi nhi\u1ec1u n\u0103m kinh nghi\u1ec7m trong ng\u00e0nh n\u1ed9i th\u1ea5t, Nh\u1ea5t Nam t\u1ef1 h\u00e0o l\u00e0 \u0111\u1ecba ch\u1ec9 tin c\u1eady gi\u00fap kh\u00e1ch h\u00e0ng t\u1ea1o n\u00ean nh\u1eefng s\u1ea3n ph\u1ea9m t\u1ee7 b\u1ebfp nh\u1ef1a \u0111\u1eb9p, b\u1ec1n l\u00e2u v\u00e0 t\u1ed1i \u01b0u h\u00f3a c\u00f4ng n\u0103ng s\u1eed d\u1ee5ng.<\/span><\/p>\n<p style=\"text-align: justify;\"><b>T\u1ea1i sao n\u00ean ch\u1ecdn Nh\u1ea5t Nam?<\/b><\/p>\n<ul style=\"text-align: justify;\">\n<li style=\"font-weight: 400;\" aria-level=\"1\"><b>Chuy\u00ean m\u00f4n cao<\/b><span style=\"font-weight: 400;\">: \u0110\u1ed9i ng\u0169 nh\u00e2n vi\u00ean c\u1ee7a Nh\u1ea5t Nam \u0111\u01b0\u1ee3c \u0111\u00e0o t\u1ea1o chuy\u00ean s\u00e2u, c\u00f3 k\u1ef9 n\u0103ng thi c\u00f4ng t\u1ee7 b\u1ebfp nh\u1ef1a chuy\u00ean nghi\u1ec7p, cam k\u1ebft mang l\u1ea1i s\u1ea3n ph\u1ea9m ho\u00e0n h\u1ea3o v\u1ec1 c\u1ea3 ch\u1ea5t l\u01b0\u1ee3ng v\u00e0 th\u1ea9m m\u1ef9.<\/span><\/li>\n<li style=\"font-weight: 400;\" aria-level=\"1\"><b>S\u1eed d\u1ee5ng v\u1eadt li\u1ec7u ch\u1ea5t l\u01b0\u1ee3ng<\/b><span style=\"font-weight: 400;\">: Nh\u1ea5t Nam ch\u1ec9 s\u1eed d\u1ee5ng c\u00e1c lo\u1ea1i nh\u1ef1a cao c\u1ea5p nh\u01b0 PVC, Picomat, Ecoplast v\u00e0 c\u00e1c ch\u1ea5t li\u1ec7u kh\u00e1c \u0111\u1ea1t ti\u00eau chu\u1ea9n, \u0111\u1ea3m b\u1ea3o t\u1ee7 b\u1ebfp c\u00f3 \u0111\u1ed9 b\u1ec1n cao, kh\u1ea3 n\u0103ng ch\u1ed1ng \u1ea9m, ch\u1ed1ng m\u1ed1i m\u1ecdt v\u00e0 d\u1ec5 d\u00e0ng v\u1ec7 sinh.<\/span><\/li>\n<li style=\"font-weight: 400;\" aria-level=\"1\"><b>Thi\u1ebft k\u1ebf \u0111a d\u1ea1ng, ph\u00f9 h\u1ee3p m\u1ecdi kh\u00f4ng gian<\/b><span style=\"font-weight: 400;\">: Nh\u1ea5t Nam cung c\u1ea5p nhi\u1ec1u m\u1eabu m\u00e3 t\u1ee7 b\u1ebfp nh\u1ef1a v\u1edbi thi\u1ebft k\u1ebf linh ho\u1ea1t, t\u1eeb nh\u1eefng ki\u1ec3u d\u00e1ng \u0111\u01a1n gi\u1ea3n \u0111\u1ebfn hi\u1ec7n \u0111\u1ea1i, ph\u00f9 h\u1ee3p v\u1edbi nhi\u1ec1u phong c\u00e1ch b\u1ebfp kh\u00e1c nhau. Ch\u00fang t\u00f4i lu\u00f4n \u0111\u1ea3m b\u1ea3o r\u1eb1ng m\u1ed7i thi\u1ebft k\u1ebf \u0111\u1ec1u \u0111\u01b0\u1ee3c t\u1ed1i \u01b0u \u0111\u1ec3 mang l\u1ea1i kh\u00f4ng gian b\u1ebfp ti\u1ec7n l\u1ee3i v\u00e0 \u0111\u1eb9p m\u1eaft.<\/span><\/li>\n<li style=\"font-weight: 400;\" aria-level=\"1\"><b>Cam k\u1ebft ch\u1ea5t l\u01b0\u1ee3ng v\u00e0 b\u1ea3o h\u00e0nh d\u00e0i h\u1ea1n<\/b><span style=\"font-weight: 400;\">: M\u1ed7i s\u1ea3n ph\u1ea9m t\u1ee7 b\u1ebfp nh\u1ef1a do Nh\u1ea5t Nam thi c\u00f4ng \u0111\u1ec1u \u0111\u01b0\u1ee3c cam k\u1ebft ch\u1ea5t l\u01b0\u1ee3ng, b\u1ea3o h\u00e0nh d\u00e0i h\u1ea1n, mang l\u1ea1i s\u1ef1 an t\u00e2m cho kh\u00e1ch h\u00e0ng v\u1ec1 \u0111\u1ed9 b\u1ec1n v\u00e0 t\u00ednh th\u1ea9m m\u1ef9 c\u1ee7a s\u1ea3n ph\u1ea9m.<\/span><\/li>\n<\/ul>\n<p style=\"text-align: justify;\"><span style=\"font-weight: 400;\">Ch\u1ecdn Nh\u1ea5t Nam, b\u1ea1n kh\u00f4ng ch\u1ec9 nh\u1eadn \u0111\u01b0\u1ee3c m\u1ed9t chi\u1ebfc t\u1ee7 b\u1ebfp nh\u1ef1a \u0111\u1eb9p v\u00e0 ch\u1ea5t l\u01b0\u1ee3ng m\u00e0 c\u00f2n tr\u1ea3i nghi\u1ec7m d\u1ecbch v\u1ee5 thi c\u00f4ng chuy\u00ean nghi\u1ec7p, h\u1ed7 tr\u1ee3 t\u1eadn t\u00ecnh v\u00e0 b\u1ea3o h\u00e0nh l\u00e2u d\u00e0i. Li\u00ean h\u1ec7 Nh\u1ea5t Nam qua <\/span><b>hotline<\/b><span style=\"font-weight: 400;\"> ho\u1eb7c truy c\u1eadp <a href=\"https:\/\/www.facebook.com\/ctynhatnam2011\" target=\"_blank\" rel=\"noopener\"><strong>fanpage<\/strong><\/a> \u0111\u1ec3 \u0111\u01b0\u1ee3c h\u1ed7 tr\u1ee3 t\u01b0 v\u1ea5n mi\u1ec5n ph\u00ed.<\/span><\/p>\n","protected":false},"excerpt":{"rendered":"<p style=\"text-align: justify;\">Mang trong m\u00ecnh s\u1ef1 k\u1ebft h\u1ee3p ho\u00e0n h\u1ea3o gi\u1eefa th\u1ea9m m\u1ef9 hi\u1ec7n \u0111\u1ea1i v\u00e0 \u0111\u1ed9 b\u1ec1n v\u01b0\u1ee3t tr\u1ed9i, t\u1ee7 b\u1ebfp nh\u1ef1a l\u00e0 l\u1ef1a ch\u1ecdn l\u00fd t\u01b0\u1edfng cho c\u0103n b\u1ebfp c\u1ee7a gia \u0111\u00ecnh Vi\u1ec7t. V\u1edbi kh\u1ea3 n\u0103ng ch\u1ed1ng \u1ea9m, ch\u1ed1ng m\u1ed1i m\u1ecdt v\u00e0 d\u1ec5 d\u00e0ng lau ch\u00f9i, s\u1ea3n ph\u1ea9m kh\u00f4ng ch\u1ec9 gi\u1eef \u0111\u01b0\u1ee3c v\u1ebb \u0111\u1eb9p nh\u01b0 m\u1edbi m\u00e0 c\u00f2n t\u1ed1i \u01b0u h\u00f3a c\u00f4ng n\u0103ng s\u1eed d\u1ee5ng. Thi\u1ebft k\u1ebf linh ho\u1ea1t, m\u00e0u s\u1eafc tinh t\u1ebf \u2013 t\u1ea1o n\u00ean m\u1ed9t kh\u00f4ng gian b\u1ebfp ti\u1ec7n nghi v\u00e0 \u0111\u1eadm ch\u1ea5t ri\u00eang.<\/p>\n","protected":false},"featured_media":2033,"comment_status":"open","ping_status":"closed","template":"","meta":{"_acf_changed":false,"_gspb_post_css":""},"book-author":[],"product_brand":[],"product_cat":[135],"product_tag":[],"class_list":{"0":"post-2040","1":"product","2":"type-product","3":"status-publish","4":"has-post-thumbnail","6":"product_cat-tu-bep-nhua","8":"first","9":"instock","10":"shipping-taxable","11":"product-type-simple"},"acf":[],"_links":{"self":[{"href":"https:\/\/nhatnam.libion.me\/index.php\/wp-json\/wp\/v2\/product\/2040","targetHints":{"allow":["GET"]}}],"collection":[{"href":"https:\/\/nhatnam.libion.me\/index.php\/wp-json\/wp\/v2\/product"}],"about":[{"href":"https:\/\/nhatnam.libion.me\/index.php\/wp-json\/wp\/v2\/types\/product"}],"replies":[{"embeddable":true,"href":"https:\/\/nhatnam.libion.me\/index.php\/wp-json\/wp\/v2\/comments?post=2040"}],"wp:featuredmedia":[{"embeddable":true,"href":"https:\/\/nhatnam.libion.me\/index.php\/wp-json\/wp\/v2\/media\/2033"}],"wp:attachment":[{"href":"https:\/\/nhatnam.libion.me\/index.php\/wp-json\/wp\/v2\/media?parent=2040"}],"wp:term":[{"taxonomy":"book-author","embeddable":true,"href":"https:\/\/nhatnam.libion.me\/index.php\/wp-json\/wp\/v2\/book-author?post=2040"},{"taxonomy":"product_brand","embeddable":true,"href":"https:\/\/nhatnam.libion.me\/index.php\/wp-json\/wp\/v2\/product_brand?post=2040"},{"taxonomy":"product_cat","embeddable":true,"href":"https:\/\/nhatnam.libion.me\/index.php\/wp-json\/wp\/v2\/product_cat?post=2040"},{"taxonomy":"product_tag","embeddable":true,"href":"https:\/\/nhatnam.libion.me\/index.php\/wp-json\/wp\/v2\/product_tag?post=2040"}],"curies":[{"name":"wp","href":"https:\/\/api.w.org\/{rel}","templated":true}]}}