{"id":2036,"date":"2026-04-07T10:35:40","date_gmt":"2026-04-07T10:35:40","guid":{"rendered":"https:\/\/nhatnam.libion.me\/index.php\/product\/tu-bep-nhua-composite\/"},"modified":"2026-04-07T10:35:40","modified_gmt":"2026-04-07T10:35:40","slug":"tu-bep-nhua-composite","status":"publish","type":"product","link":"https:\/\/nhatnam.libion.me\/product\/tu-bep-nhua-composite\/","title":{"rendered":"T\u1ee7 B\u1ebfp Nh\u1ef1a Composite\u00a0"},"content":{"rendered":"<p style=\"text-align: justify;\">S\u1edf h\u1eefu \u0111\u1ed9 b\u1ec1n v\u01b0\u1ee3t tr\u1ed9i, ch\u1ed1ng \u1ea9m tuy\u1ec7t \u0111\u1ed1i v\u00e0 kh\u00f4ng cong v\u00eanh m\u1ed1i m\u1ecdt, t\u1ee7 b\u1ebfp nh\u1ef1a composite \u0111ang l\u00e0 l\u1ef1a ch\u1ecdn h\u00e0ng \u0111\u1ea7u cho nh\u1eefng ai y\u00eau th\u00edch s\u1ef1 tinh t\u1ebf v\u00e0 ti\u1ec7n nghi. V\u1edbi thi\u1ebft k\u1ebf \u0111a d\u1ea1ng, d\u1ec5 thi c\u00f4ng v\u00e0 th\u00e2n thi\u1ec7n v\u1edbi m\u00f4i tr\u01b0\u1eddng, s\u1ea3n ph\u1ea9m mang \u0111\u1ebfn kh\u00f4ng gian b\u1ebfp sang tr\u1ecdng, s\u1ea1ch s\u1ebd, \u0111\u1ed3ng th\u1eddi gi\u1eef v\u1ebb \u0111\u1eb9p b\u1ec1n l\u00e2u theo th\u1eddi gian.<\/p>\n<h2 style=\"text-align: justify;\"><b>1. T\u1ee7 b\u1ebfp nh\u1ef1a composite l\u00e0 g\u00ec?<br \/>\n<\/b><\/h2>\n<figure id=\"attachment_7193\" aria-describedby=\"caption-attachment-7193\" style=\"width: 1280px\" class=\"wp-caption aligncenter\"><img loading=\"lazy\" decoding=\"async\" class=\"wp-image-7193 size-full\" src=\"https:\/\/nhatnam.org\/wp-content\/uploads\/2025\/05\/tu_bep_nhua_cao_cap-20.jpg\" alt=\"T\u1ee7 B\u1ebfp Nh\u1ef1a Composite\u00a0\" width=\"1280\" height=\"960\" \/><figcaption id=\"caption-attachment-7193\" class=\"wp-caption-text\">M\u1eabu t\u1ee7 b\u1ebfp nh\u1ef1a Composite c\u00e1nh Acrylic b\u1ec1n \u0111\u1eb9p<\/figcaption><\/figure>\n<p style=\"text-align: justify;\"><span style=\"font-weight: 400;\">T\u1ee7 b\u1ebfp nh\u1ef1a composite l\u00e0 lo\u1ea1i t\u1ee7 b\u1ebfp \u0111\u01b0\u1ee3c l\u00e0m t\u1eeb nh\u1ef1a composite, m\u1ed9t v\u1eadt li\u1ec7u t\u1ed5ng h\u1ee3p \u0111\u01b0\u1ee3c s\u1ea3n xu\u1ea5t t\u1eeb s\u1ef1 k\u1ebft h\u1ee3p c\u1ee7a nh\u1ef1a v\u00e0 c\u00e1c th\u00e0nh ph\u1ea7n kh\u00e1c nh\u01b0 s\u1ee3i th\u1ee7y tinh, s\u1ee3i carbon hay b\u1ed9t g\u1ed7. Ch\u00ednh s\u1ef1 k\u1ebft h\u1ee3p n\u00e0y gi\u00fap cho t\u1ee7 b\u1ebfp nh\u1ef1a composite c\u00f3 \u0111\u1ed9 b\u1ec1n cao, kh\u1ea3 n\u0103ng ch\u1ed1ng \u1ea9m v\u00e0 ch\u1ed1ng m\u1ed1i m\u1ecdt v\u01b0\u1ee3t tr\u1ed9i, \u0111\u1eb7c bi\u1ec7t l\u00e0 ph\u00f9 h\u1ee3p v\u1edbi m\u00f4i tr\u01b0\u1eddng b\u1ebfp c\u00f3 \u0111\u1ed9 \u1ea9m cao.<\/span><\/p>\n<p style=\"text-align: justify;\"><span style=\"font-weight: 400;\">Nh\u1ef1a composite \u0111\u01b0\u1ee3c chia th\u00e0nh nhi\u1ec1u lo\u1ea1i kh\u00e1c nhau, nh\u01b0ng ph\u1ed5 bi\u1ebfn nh\u1ea5t l\u00e0 nh\u1ef1a composite ph\u1ee7 acrylic, laminate, v\u00e0 melamine. C\u00e1c lo\u1ea1i n\u00e0y \u0111\u1ec1u c\u00f3 nh\u1eefng \u0111\u1eb7c \u0111i\u1ec3m ri\u00eang, gi\u00fap \u0111\u00e1p \u1ee9ng nhu c\u1ea7u \u0111a d\u1ea1ng c\u1ee7a ng\u01b0\u1eddi ti\u00eau d\u00f9ng trong vi\u1ec7c l\u1ef1a ch\u1ecdn t\u1ee7 b\u1ebfp.<\/span><\/p>\n<h2 style=\"text-align: justify;\"><b>2. \u0110\u1eb7c \u0111i\u1ec3m n\u1ed5i b\u1eadt c\u1ee7a t\u1ee7 b\u1ebfp nh\u1ef1a composite<br \/>\n<\/b><\/h2>\n<figure id=\"attachment_7176\" aria-describedby=\"caption-attachment-7176\" style=\"width: 1280px\" class=\"wp-caption aligncenter\"><img loading=\"lazy\" decoding=\"async\" class=\"wp-image-7176 size-full\" src=\"https:\/\/nhatnam.org\/wp-content\/uploads\/2025\/05\/tu_bep_nhua_cao_cap-3.jpg\" alt=\"T\u1ee7 B\u1ebfp Nh\u1ef1a Composite\u00a0\" width=\"1280\" height=\"960\" \/><figcaption id=\"caption-attachment-7176\" class=\"wp-caption-text\">T\u1ee7 b\u1ebfp nh\u1ef1a Composite c\u00f3 \u0111\u1ed9 b\u1ec1n l\u00ean \u0111\u1ebfn 20 n\u0103m<\/figcaption><\/figure>\n<p style=\"text-align: justify;\"><span style=\"font-weight: 400;\">T\u1ee7 b\u1ebfp nh\u1ef1a composite s\u1edf h\u1eefu r\u1ea5t nhi\u1ec1u \u0111\u1eb7c \u0111i\u1ec3m v\u01b0\u1ee3t tr\u1ed9i, khi\u1ebfn n\u00f3 tr\u1edf th\u00e0nh l\u1ef1a ch\u1ecdn ph\u1ed5 bi\u1ebfn trong nhi\u1ec1u gia \u0111\u00ecnh hi\u1ec7n nay:<\/span><\/p>\n<ul style=\"text-align: justify;\">\n<li style=\"font-weight: 400;\" aria-level=\"1\"><b>Kh\u1ea3 n\u0103ng ch\u1ed1ng n\u01b0\u1edbc v\u00e0 ch\u1ed1ng \u1ea9m<\/b><span style=\"font-weight: 400;\">: \u0110\u00e2y l\u00e0 m\u1ed9t trong nh\u1eefng l\u00fd do khi\u1ebfn t\u1ee7 b\u1ebfp nh\u1ef1a composite tr\u1edf th\u00e0nh l\u1ef1a ch\u1ecdn l\u00fd t\u01b0\u1edfng cho b\u1ebfp, n\u01a1i c\u00f3 \u0111\u1ed9 \u1ea9m cao v\u00e0 ti\u1ebfp x\u00fac tr\u1ef1c ti\u1ebfp v\u1edbi n\u01b0\u1edbc. Nh\u1ef1a composite kh\u00f4ng th\u1ea5m n\u01b0\u1edbc, gi\u00fap t\u1ee7 b\u1ebfp lu\u00f4n b\u1ec1n \u0111\u1eb9p trong su\u1ed1t th\u1eddi gian s\u1eed d\u1ee5ng.<\/span><\/li>\n<li style=\"font-weight: 400;\" aria-level=\"1\"><b>Ch\u1ed1ng m\u1ed1i m\u1ecdt v\u00e0 n\u1ea5m m\u1ed1c<\/b><span style=\"font-weight: 400;\">: T\u1ee7 b\u1ebfp nh\u1ef1a composite kh\u00f4ng b\u1ecb m\u1ed1i m\u1ecdt t\u1ea5n c\u00f4ng nh\u01b0 c\u00e1c lo\u1ea1i t\u1ee7 g\u1ed7 t\u1ef1 nhi\u00ean. \u0110i\u1ec1u n\u00e0y gi\u00fap k\u00e9o d\u00e0i tu\u1ed5i th\u1ecd c\u1ee7a t\u1ee7, \u0111\u1ed3ng th\u1eddi gi\u1eef cho kh\u00f4ng gian b\u1ebfp lu\u00f4n s\u1ea1ch s\u1ebd, kh\u00f4ng c\u00f3 m\u00f9i h\u00f4i hay n\u1ea5m m\u1ed1c.<\/span><\/li>\n<li style=\"font-weight: 400;\" aria-level=\"1\"><b>\u0110\u1ed9 b\u1ec1n cao<\/b><span style=\"font-weight: 400;\">: Nh\u1ef1a composite c\u00f3 kh\u1ea3 n\u0103ng ch\u1ecbu l\u1ef1c t\u1ed1t, kh\u00f4ng b\u1ecb n\u1ee9t v\u1ee1 hay cong v\u00eanh theo th\u1eddi gian. \u0110i\u1ec1u n\u00e0y l\u00e0m cho t\u1ee7 b\u1ebfp composite r\u1ea5t b\u1ec1n v\u00e0 c\u00f3 th\u1ec3 ch\u1ecbu \u0111\u01b0\u1ee3c va \u0111\u1eadp m\u1ea1nh m\u00e0 kh\u00f4ng b\u1ecb h\u01b0 h\u1ea1i.<\/span><\/li>\n<li style=\"font-weight: 400;\" aria-level=\"1\"><b>D\u1ec5 d\u00e0ng v\u1ec7 sinh<\/b><span style=\"font-weight: 400;\">: B\u1ec1 m\u1eb7t nh\u1eb5n m\u1ecbn c\u1ee7a t\u1ee7 b\u1ebfp nh\u1ef1a composite gi\u00fap vi\u1ec7c lau ch\u00f9i tr\u1edf n\u00ean \u0111\u01a1n gi\u1ea3n h\u01a1n bao gi\u1edd h\u1ebft. B\u1ea1n ch\u1ec9 c\u1ea7n s\u1eed d\u1ee5ng kh\u0103n m\u1ec1m v\u00e0 dung d\u1ecbch t\u1ea9y r\u1eeda nh\u1eb9 \u0111\u1ec3 gi\u1eef t\u1ee7 lu\u00f4n s\u00e1ng b\u00f3ng.<\/span><\/li>\n<li style=\"font-weight: 400;\" aria-level=\"1\"><b>\u0110a d\u1ea1ng m\u00e0u s\u1eafc v\u00e0 ki\u1ec3u d\u00e1ng<\/b><span style=\"font-weight: 400;\">: T\u1ee7 b\u1ebfp nh\u1ef1a composite c\u00f3 th\u1ec3 \u0111\u01b0\u1ee3c s\u1ea3n xu\u1ea5t v\u1edbi nhi\u1ec1u m\u00e0u s\u1eafc v\u00e0 m\u1eabu m\u00e3 kh\u00e1c nhau, t\u1eeb c\u00e1c m\u00e0u s\u1eafc \u0111\u01a1n gi\u1ea3n \u0111\u1ebfn c\u00e1c h\u1ecda ti\u1ebft hoa v\u0103n tinh t\u1ebf. \u0110i\u1ec1u n\u00e0y gi\u00fap b\u1ea1n d\u1ec5 d\u00e0ng l\u1ef1a ch\u1ecdn m\u1eabu t\u1ee7 ph\u00f9 h\u1ee3p v\u1edbi phong c\u00e1ch thi\u1ebft k\u1ebf c\u1ee7a c\u0103n b\u1ebfp.<\/span><\/li>\n<li style=\"font-weight: 400;\" aria-level=\"1\"><b>Kh\u1ea3 n\u0103ng ch\u1ed1ng tr\u1ea7y x\u01b0\u1edbc<\/b><span style=\"font-weight: 400;\">: T\u1ee7 b\u1ebfp nh\u1ef1a composite ph\u1ee7 acrylic \u0111\u1eb7c bi\u1ec7t c\u00f3 b\u1ec1 m\u1eb7t b\u00f3ng g\u01b0\u01a1ng, d\u1ec5 d\u00e0ng lau ch\u00f9i v\u00e0 ch\u1ed1ng l\u1ea1i c\u00e1c v\u1ebft tr\u1ea7y x\u01b0\u1edbc, gi\u1eef cho t\u1ee7 lu\u00f4n nh\u01b0 m\u1edbi.<\/span><\/li>\n<\/ul>\n<h2 style=\"text-align: justify;\"><b>3. T\u1ee7 b\u1ebfp nh\u1ef1a composite c\u00f3 t\u1ed1t kh\u00f4ng?<br \/>\n<\/b><\/h2>\n<figure id=\"attachment_7141\" aria-describedby=\"caption-attachment-7141\" style=\"width: 1280px\" class=\"wp-caption aligncenter\"><img loading=\"lazy\" decoding=\"async\" class=\"wp-image-7141 size-full\" src=\"https:\/\/nhatnam.org\/wp-content\/uploads\/2025\/05\/tu_bep_nhua-67.jpg\" alt=\"T\u1ee7 B\u1ebfp Nh\u1ef1a Composite\u00a0\" width=\"1280\" height=\"960\" \/><figcaption id=\"caption-attachment-7141\" class=\"wp-caption-text\">M\u1eabu t\u1ee7 b\u1ebfp nh\u1ef1a Composite c\u00e1nh Acrylic b\u1ec1n \u0111\u1eb9p, sang tr\u1ecdng<\/figcaption><\/figure>\n<p style=\"text-align: justify;\"><span style=\"font-weight: 400;\">\u0110\u1ec3 tr\u1ea3 l\u1eddi c\u00e2u h\u1ecfi n\u00e0y, c\u1ea7n ph\u1ea3i \u0111\u00e1nh gi\u00e1 t\u1ee7 b\u1ebfp nh\u1ef1a composite t\u1eeb nhi\u1ec1u kh\u00eda c\u1ea1nh kh\u00e1c nhau. Nh\u00ecn chung, \u0111\u00e2y l\u00e0 m\u1ed9t l\u1ef1a ch\u1ecdn r\u1ea5t t\u1ed1t cho nh\u1eefng ai mu\u1ed1n c\u00f3 m\u1ed9t s\u1ea3n ph\u1ea9m b\u1ec1n \u0111\u1eb9p, hi\u1ec7n \u0111\u1ea1i v\u00e0 d\u1ec5 d\u00e0ng b\u1ea3o tr\u00ec.<\/span><\/p>\n<p style=\"text-align: justify;\"><span style=\"font-weight: 400;\">V\u1ec1 \u0111\u1ed9 b\u1ec1n, t\u1ee7 b\u1ebfp nh\u1ef1a composite c\u00f3 kh\u1ea3 n\u0103ng ch\u1ed1ng n\u01b0\u1edbc, ch\u1ed1ng m\u1ed1i m\u1ecdt v\u00e0 ch\u1ed1ng n\u1ea5m m\u1ed1c r\u1ea5t t\u1ed1t, \u0111i\u1ec1u n\u00e0y gi\u00fap s\u1ea3n ph\u1ea9m k\u00e9o d\u00e0i tu\u1ed5i th\u1ecd v\u00e0 b\u1ec1n \u0111\u1eb9p theo th\u1eddi gian. H\u01a1n n\u1eefa, t\u1ee7 b\u1ebfp composite c\u0169ng r\u1ea5t d\u1ec5 v\u1ec7 sinh, ti\u1ebft ki\u1ec7m th\u1eddi gian cho ng\u01b0\u1eddi s\u1eed d\u1ee5ng. Ch\u00ednh v\u00ec v\u1eady, t\u1ee7 b\u1ebfp nh\u1ef1a composite c\u00f3 th\u1ec3 \u0111\u01b0\u1ee3c xem l\u00e0 m\u1ed9t gi\u1ea3i ph\u00e1p l\u00e2u d\u00e0i cho kh\u00f4ng gian b\u1ebfp c\u1ee7a gia \u0111\u00ecnh.<\/span><\/p>\n<h2 style=\"text-align: justify;\"><b>4. B\u00e1o gi\u00e1 t\u1ee7 b\u1ebfp nh\u1ef1a composite<br \/>\n<\/b><\/h2>\n<figure id=\"attachment_7103\" aria-describedby=\"caption-attachment-7103\" style=\"width: 1280px\" class=\"wp-caption aligncenter\"><img loading=\"lazy\" decoding=\"async\" class=\"wp-image-7103 size-full\" src=\"https:\/\/nhatnam.org\/wp-content\/uploads\/2025\/05\/tu_bep_nhua-29.jpg\" alt=\"T\u1ee7 B\u1ebfp Nh\u1ef1a Composite\u00a0\" width=\"1280\" height=\"960\" \/><figcaption id=\"caption-attachment-7103\" class=\"wp-caption-text\">Thi\u1ebft k\u1ebf t\u1ee7 b\u1ebfp nh\u1ef1a Composite ph\u1ee7 laminate ch\u1eef I hi\u1ec7n \u0111\u1ea1i, ti\u1ebft ki\u1ec7m di\u1ec7n t\u00edch<\/figcaption><\/figure>\n<p style=\"text-align: justify;\"><span style=\"font-weight: 400;\">Gi\u00e1 t\u1ee7 b\u1ebfp nh\u1ef1a composite c\u00f3 th\u1ec3 dao \u0111\u1ed9ng t\u00f9y v\u00e0o ch\u1ea5t li\u1ec7u, m\u1eabu m\u00e3 v\u00e0 k\u00edch th\u01b0\u1edbc c\u1ee7a t\u1ee7. M\u1ed9t s\u1ed1 y\u1ebfu t\u1ed1 \u1ea3nh h\u01b0\u1edfng \u0111\u1ebfn gi\u00e1 th\u00e0nh c\u1ee7a t\u1ee7 b\u1ebfp nh\u1ef1a composite bao g\u1ed3m:<\/span><\/p>\n<ul style=\"text-align: justify;\">\n<li style=\"font-weight: 400;\" aria-level=\"1\"><b>Ch\u1ea5t li\u1ec7u<\/b><span style=\"font-weight: 400;\">: T\u1ee7 b\u1ebfp nh\u1ef1a composite ph\u1ee7 acrylic, laminate hay melamine s\u1ebd c\u00f3 m\u1ee9c gi\u00e1 kh\u00e1c nhau. T\u1ee7 b\u1ebfp nh\u1ef1a composite ph\u1ee7 acrylic th\u01b0\u1eddng c\u00f3 gi\u00e1 cao h\u01a1n so v\u1edbi c\u00e1c lo\u1ea1i ph\u1ee7 laminate hay melamine do t\u00ednh th\u1ea9m m\u1ef9 cao v\u00e0 \u0111\u1ed9 b\u1ec1n v\u01b0\u1ee3t tr\u1ed9i.<\/span><\/li>\n<li style=\"font-weight: 400;\" aria-level=\"1\"><b>Thi\u1ebft k\u1ebf v\u00e0 k\u00edch th\u01b0\u1edbc<\/b><span style=\"font-weight: 400;\">: C\u00e1c t\u1ee7 b\u1ebfp v\u1edbi thi\u1ebft k\u1ebf ph\u1ee9c t\u1ea1p ho\u1eb7c k\u00edch th\u01b0\u1edbc l\u1edbn s\u1ebd c\u00f3 gi\u00e1 cao h\u01a1n. C\u00e1c t\u1ee7 b\u1ebfp \u0111\u01a1n gi\u1ea3n ho\u1eb7c c\u00f3 k\u00edch th\u01b0\u1edbc nh\u1ecf h\u01a1n s\u1ebd c\u00f3 gi\u00e1 th\u1ea5p h\u01a1n.<\/span><\/li>\n<li style=\"font-weight: 400;\" aria-level=\"1\"><b>Ph\u1ee5 ki\u1ec7n \u0111i k\u00e8m<\/b><span style=\"font-weight: 400;\">: C\u00e1c ph\u1ee5 ki\u1ec7n nh\u01b0 tay n\u1eafm, b\u1ea3n l\u1ec1, ray tr\u01b0\u1ee3t v\u00e0 c\u00e1c thi\u1ebft b\u1ecb h\u1ed7 tr\u1ee3 kh\u00e1c c\u0169ng \u1ea3nh h\u01b0\u1edfng \u0111\u1ebfn gi\u00e1 t\u1ee7.<\/span><\/li>\n<\/ul>\n<p style=\"text-align: justify;\"><span style=\"font-weight: 400;\">\u0110\u1ec3 nh\u1eadn b\u00e1o gi\u00e1 ch\u00ednh x\u00e1c v\u00e0 ph\u00f9 h\u1ee3p v\u1edbi nhu c\u1ea7u th\u1ef1c t\u1ebf, qu\u00fd kh\u00e1ch vui l\u00f2ng li\u00ean h\u1ec7 tr\u1ef1c ti\u1ebfp v\u1edbi Nh\u1ea5t Nam \u0111\u1ec3 \u0111\u01b0\u1ee3c t\u01b0 v\u1ea5n mi\u1ec5n ph\u00ed v\u00e0 nh\u1eadn nhi\u1ec1u \u01b0u \u0111\u00e3i.<\/span><\/p>\n<h2 style=\"text-align: justify;\"><b>5. So s\u00e1nh gi\u1eefa nh\u1ef1a Picomat v\u00e0 nh\u1ef1a composite<\/b><\/h2>\n<p style=\"text-align: justify;\"><span style=\"font-weight: 400;\">Khi ch\u1ecdn mua t\u1ee7 b\u1ebfp nh\u1ef1a, ng\u01b0\u1eddi ti\u00eau d\u00f9ng th\u01b0\u1eddng g\u1eb7p ph\u1ea3i s\u1ef1 l\u1ef1a ch\u1ecdn gi\u1eefa <\/span>nh\u1ef1a Picomat v\u00e0 nh\u1ef1a composite<span style=\"font-weight: 400;\">. C\u1ea3 hai lo\u1ea1i v\u1eadt li\u1ec7u n\u00e0y \u0111\u1ec1u c\u00f3 nh\u1eefng \u01b0u \u0111i\u1ec3m ri\u00eang, tuy nhi\u00ean, m\u1ed7i lo\u1ea1i l\u1ea1i ph\u00f9 h\u1ee3p v\u1edbi nhu c\u1ea7u s\u1eed d\u1ee5ng kh\u00e1c nhau.<\/span><\/p>\n<ul style=\"text-align: justify;\">\n<li style=\"font-weight: 400;\" aria-level=\"1\"><b>Nh\u1ef1a Picomat<\/b><span style=\"font-weight: 400;\">: L\u00e0 lo\u1ea1i nh\u1ef1a cao c\u1ea5p \u0111\u01b0\u1ee3c l\u00e0m t\u1eeb nh\u1ef1a PVC k\u1ebft h\u1ee3p v\u1edbi c\u00e1c ch\u1ea5t ph\u1ee5 gia gi\u00fap t\u0103ng kh\u1ea3 n\u0103ng ch\u1ed1ng \u1ea9m, ch\u1ed1ng m\u1ed1i m\u1ecdt v\u00e0 ch\u1ed1ng n\u1ea5m m\u1ed1c.\u00a0<a href=\"https:\/\/nhatnam.org\/san-pham\/tu-bep-nhua-picomat\/\" target=\"_blank\" rel=\"noopener\"> T\u1ee7 b\u1ebfp nh\u1ef1a Picomat<\/a> c\u00f3 \u0111\u1ed9 b\u1ec1n cao, kh\u1ea3 n\u0103ng ch\u1ed1ng va \u0111\u1eadp t\u1ed1t, nh\u01b0ng so v\u1edbi nh\u1ef1a composite, Picomat c\u00f3 \u0111\u1ed9 c\u1ee9ng kh\u00f4ng b\u1eb1ng v\u00e0 \u00edt linh ho\u1ea1t h\u01a1n trong thi\u1ebft k\u1ebf.<\/span><\/li>\n<li style=\"font-weight: 400;\" aria-level=\"1\"><b>Nh\u1ef1a composite<\/b><span style=\"font-weight: 400;\">: Nh\u1ef1a composite c\u00f3 c\u1ea5u t\u1ea1o ph\u1ee9c t\u1ea1p h\u01a1n, v\u1edbi s\u1ef1 k\u1ebft h\u1ee3p c\u1ee7a nh\u1ef1a, s\u1ee3i th\u1ee7y tinh v\u00e0 c\u00e1c ch\u1ea5t \u0111\u1ed9n kh\u00e1c gi\u00fap t\u0103ng \u0111\u1ed9 b\u1ec1n v\u00e0 \u0111\u1ed9 c\u1ee9ng. N\u00f3 th\u01b0\u1eddng \u0111\u01b0\u1ee3c d\u00f9ng \u0111\u1ec3 s\u1ea3n xu\u1ea5t c\u00e1c s\u1ea3n ph\u1ea9m c\u00f3 y\u00eau c\u1ea7u cao v\u1ec1 th\u1ea9m m\u1ef9 v\u00e0 t\u00ednh n\u0103ng, nh\u01b0 <\/span><b>t\u1ee7 b\u1ebfp nh\u1ef1a composite<\/b><span style=\"font-weight: 400;\">.<\/span><\/li>\n<\/ul>\n<h2 style=\"text-align: justify;\"><b>6. Nh\u1ea5t Nam \u2013 \u0110\u01a1n v\u1ecb thi\u1ebft k\u1ebf v\u00e0 gia c\u00f4ng t\u1ee7 b\u1ebfp nh\u1ef1a composite ch\u1ea5t l\u01b0\u1ee3ng.<\/b><\/h2>\n<p style=\"text-align: justify;\"><span style=\"font-weight: 400;\">N\u1ebfu b\u1ea1n \u0111ang t\u00ecm ki\u1ebfm m\u1ed9t \u0111\u01a1n v\u1ecb thi\u1ebft k\u1ebf, s\u1ea3n xu\u1ea5t v\u00e0 thi c\u00f4ng t\u1ee7 b\u1ebfp nh\u1ef1a composite uy t\u00edn, chuy\u00ean nghi\u1ec7p th\u00ec <\/span><b>Nh\u1ea5t Nam<\/b><span style=\"font-weight: 400;\"> ch\u00ednh l\u00e0 l\u1ef1a ch\u1ecdn \u0111\u00e1ng tin c\u1eady. V\u1edbi nhi\u1ec1u n\u0103m kinh nghi\u1ec7m trong l\u0129nh v\u1ef1c n\u1ed9i th\u1ea5t, \u0111\u1eb7c bi\u1ec7t l\u00e0 t\u1ee7 b\u1ebfp nh\u1ef1a cao c\u1ea5p, Nh\u1ea5t Nam cam k\u1ebft mang \u0111\u1ebfn cho kh\u00e1ch h\u00e0ng nh\u1eefng s\u1ea3n ph\u1ea9m ch\u1ea5t l\u01b0\u1ee3ng v\u01b0\u1ee3t tr\u1ed9i, m\u1eabu m\u00e3 \u0111\u1eb9p, thi c\u00f4ng chu\u1ea9n x\u00e1c v\u00e0 gi\u00e1 th\u00e0nh c\u1ea1nh tranh.<\/span><\/p>\n<p style=\"text-align: justify;\"><span style=\"font-weight: 400;\">Ch\u00fang t\u00f4i s\u1eed d\u1ee5ng ch\u1ea5t li\u1ec7u nh\u1ef1a composite cao c\u1ea5p, \u0111\u01b0\u1ee3c gia c\u00f4ng b\u1eb1ng c\u00f4ng ngh\u1ec7 hi\u1ec7n \u0111\u1ea1i, \u0111\u1ea3m b\u1ea3o \u0111\u1ed9 b\u1ec1n, t\u00ednh th\u1ea9m m\u1ef9 v\u00e0 kh\u1ea3 n\u0103ng ch\u1ed1ng \u1ea9m, m\u1ed1i m\u1ecdt tuy\u1ec7t v\u1eddi. \u0110\u1ed9i ng\u0169 thi\u1ebft k\u1ebf t\u1ea1i Nh\u1ea5t Nam lu\u00f4n s\u1eb5n s\u00e0ng t\u01b0 v\u1ea5n, thi\u1ebft k\u1ebf m\u1eabu t\u1ee7 b\u1ebfp ph\u00f9 h\u1ee3p v\u1edbi di\u1ec7n t\u00edch v\u00e0 phong c\u00e1ch c\u1ee7a t\u1eebng kh\u00f4ng gian, t\u1eeb c\u1ed5 \u0111i\u1ec3n \u0111\u1ebfn hi\u1ec7n \u0111\u1ea1i.<\/span><\/p>\n<p style=\"text-align: justify;\"><span style=\"font-weight: 400;\">Ngo\u00e0i t\u1ee7 b\u1ebfp nh\u1ef1a composite, Nh\u1ea5t Nam c\u00f2n chuy\u00ean gia c\u00f4ng c\u00e1c lo\u1ea1i t\u1ee7 b\u1ebfp nh\u1ef1a Picomat, Vincoplast, Ecoplast, Acrylic b\u00f3ng g\u01b0\u01a1ng, laminate&#8230; ph\u00f9 h\u1ee3p v\u1edbi \u0111a d\u1ea1ng nhu c\u1ea7u kh\u00e1ch h\u00e0ng. \u0110\u1ed3ng th\u1eddi, ch\u00ednh s\u00e1ch b\u1ea3o h\u00e0nh minh b\u1ea1ch, quy tr\u00ecnh l\u00e0m vi\u1ec7c r\u00f5 r\u00e0ng l\u00e0 nh\u1eefng \u0111i\u1ec3m m\u1ea1nh khi\u1ebfn kh\u00e1ch h\u00e0ng lu\u00f4n y\u00ean t\u00e2m khi l\u1ef1a ch\u1ecdn Nh\u1ea5t Nam l\u00e0m \u0111\u1ed1i t\u00e1c thi c\u00f4ng n\u1ed9i th\u1ea5t.<\/span><\/p>\n<p style=\"text-align: justify;\"><span style=\"font-weight: 400;\">Li\u00ean h\u1ec7 ngay v\u1edbi <a href=\"https:\/\/www.facebook.com\/ctynhatnam2011\" target=\"_blank\" rel=\"noopener\">Nh\u1ea5t Nam<\/a> \u0111\u1ec3 \u0111\u01b0\u1ee3c t\u01b0 v\u1ea5n chi ti\u1ebft v\u1ec1 b\u00e1o gi\u00e1 t\u1ee7 b\u1ebfp nh\u1ef1a composite, l\u1ef1a ch\u1ecdn m\u1eabu m\u00e3 v\u00e0 nh\u1eadn thi\u1ebft k\u1ebf 3D ho\u00e0n to\u00e0n mi\u1ec5n ph\u00ed.<\/span><\/p>\n","protected":false},"excerpt":{"rendered":"<p style=\"text-align: justify;\">S\u1edf h\u1eefu \u0111\u1ed9 b\u1ec1n v\u01b0\u1ee3t tr\u1ed9i, ch\u1ed1ng \u1ea9m tuy\u1ec7t \u0111\u1ed1i v\u00e0 kh\u00f4ng cong v\u00eanh m\u1ed1i m\u1ecdt, <strong data-start=\"262\" data-end=\"287\">t\u1ee7 b\u1ebfp nh\u1ef1a composite<\/strong> \u0111ang l\u00e0 l\u1ef1a ch\u1ecdn h\u00e0ng \u0111\u1ea7u cho nh\u1eefng ai y\u00eau th\u00edch s\u1ef1 tinh t\u1ebf v\u00e0 ti\u1ec7n nghi.<\/p>\n<p style=\"text-align: justify;\">V\u1edbi thi\u1ebft k\u1ebf \u0111a d\u1ea1ng, d\u1ec5 thi c\u00f4ng v\u00e0 th\u00e2n thi\u1ec7n v\u1edbi m\u00f4i tr\u01b0\u1eddng, s\u1ea3n ph\u1ea9m mang \u0111\u1ebfn kh\u00f4ng gian b\u1ebfp sang tr\u1ecdng, s\u1ea1ch s\u1ebd, \u0111\u1ed3ng th\u1eddi gi\u1eef v\u1ebb \u0111\u1eb9p b\u1ec1n l\u00e2u theo th\u1eddi gian.<\/p>\n","protected":false},"featured_media":2035,"comment_status":"open","ping_status":"closed","template":"","meta":{"_acf_changed":false,"_gspb_post_css":""},"book-author":[],"product_brand":[],"product_cat":[135],"product_tag":[],"class_list":{"0":"post-2036","1":"product","2":"type-product","3":"status-publish","4":"has-post-thumbnail","6":"product_cat-tu-bep-nhua","8":"first","9":"instock","10":"shipping-taxable","11":"product-type-simple"},"acf":[],"_links":{"self":[{"href":"https:\/\/nhatnam.libion.me\/wp-json\/wp\/v2\/product\/2036","targetHints":{"allow":["GET"]}}],"collection":[{"href":"https:\/\/nhatnam.libion.me\/wp-json\/wp\/v2\/product"}],"about":[{"href":"https:\/\/nhatnam.libion.me\/wp-json\/wp\/v2\/types\/product"}],"replies":[{"embeddable":true,"href":"https:\/\/nhatnam.libion.me\/wp-json\/wp\/v2\/comments?post=2036"}],"wp:featuredmedia":[{"embeddable":true,"href":"https:\/\/nhatnam.libion.me\/wp-json\/wp\/v2\/media\/2035"}],"wp:attachment":[{"href":"https:\/\/nhatnam.libion.me\/wp-json\/wp\/v2\/media?parent=2036"}],"wp:term":[{"taxonomy":"book-author","embeddable":true,"href":"https:\/\/nhatnam.libion.me\/wp-json\/wp\/v2\/book-author?post=2036"},{"taxonomy":"product_brand","embeddable":true,"href":"https:\/\/nhatnam.libion.me\/wp-json\/wp\/v2\/product_brand?post=2036"},{"taxonomy":"product_cat","embeddable":true,"href":"https:\/\/nhatnam.libion.me\/wp-json\/wp\/v2\/product_cat?post=2036"},{"taxonomy":"product_tag","embeddable":true,"href":"https:\/\/nhatnam.libion.me\/wp-json\/wp\/v2\/product_tag?post=2036"}],"curies":[{"name":"wp","href":"https:\/\/api.w.org\/{rel}","templated":true}]}}