{"id":2029,"date":"2026-04-07T10:35:19","date_gmt":"2026-04-07T10:35:19","guid":{"rendered":"https:\/\/nhatnam.libion.me\/index.php\/product\/tu-bep-nhua-pvc\/"},"modified":"2026-04-07T10:35:28","modified_gmt":"2026-04-07T10:35:28","slug":"tu-bep-nhua-pvc","status":"publish","type":"product","link":"https:\/\/nhatnam.libion.me\/product\/tu-bep-nhua-pvc\/","title":{"rendered":"T\u1ee7 B\u1ebfp Nh\u1ef1a PVC"},"content":{"rendered":"<p style=\"text-align: justify;\"><span style=\"font-weight: 400;\">T\u1ee7 b\u1ebfp nh\u1ef1a PVC mang \u0111\u1ebfn s\u1ef1 k\u1ebft h\u1ee3p ho\u00e0n h\u1ea3o gi\u1eefa t\u00ednh b\u1ec1n b\u1ec9 v\u00e0 th\u1ea9m m\u1ef9 hi\u1ec7n \u0111\u1ea1i. \u0110\u01b0\u1ee3c l\u00e0m t\u1eeb v\u1eadt li\u1ec7u nh\u1ef1a PVC cao c\u1ea5p, t\u1ee7 b\u1ebfp kh\u00f4ng ch\u1ec9 ch\u1ecbu \u0111\u01b0\u1ee3c \u0111\u1ed9 \u1ea9m cao v\u00e0 va \u0111\u1eadp m\u1ea1nh m\u00e0 c\u00f2n d\u1ec5 d\u00e0ng v\u1ec7 sinh, b\u1ea3o qu\u1ea3n. V\u1edbi thi\u1ebft k\u1ebf tinh t\u1ebf, m\u00e0u s\u1eafc \u0111a d\u1ea1ng v\u00e0 kh\u1ea3 n\u0103ng ch\u1ed1ng cong v\u00eanh, n\u1ee9t g\u00e3y, s\u1ea3n ph\u1ea9m gi\u00fap kh\u00f4ng gian b\u1ebfp th\u00eam sang tr\u1ecdng v\u00e0 b\u1ec1n l\u00e2u. L\u1ef1a ch\u1ecdn l\u00fd t\u01b0\u1edfng cho nh\u1eefng ai t\u00ecm ki\u1ebfm s\u1ef1 ti\u1ec7n nghi, hi\u1ec7n \u0111\u1ea1i v\u00e0 l\u00e2u d\u00e0i cho c\u0103n b\u1ebfp c\u1ee7a m\u00ecnh.<\/span><\/p>\n<h2 style=\"text-align: justify;\"><b>1. T\u1ee7 b\u1ebfp nh\u1ef1a PVC l\u00e0 g\u00ec?<br \/>\n<\/b><\/h2>\n<figure id=\"attachment_7187\" aria-describedby=\"caption-attachment-7187\" style=\"width: 1280px\" class=\"wp-caption aligncenter\"><img loading=\"lazy\" decoding=\"async\" class=\"wp-image-7187 size-full\" src=\"https:\/\/nhatnam.org\/wp-content\/uploads\/2025\/05\/tu_bep_nhua_cao_cap-14.jpg\" alt=\"T\u1ee7 B\u1ebfp Nh\u1ef1a PVC\" width=\"1280\" height=\"960\" \/><figcaption id=\"caption-attachment-7187\" class=\"wp-caption-text\">M\u1eabu t\u1ee7 b\u1ebfp nh\u1ef1a PVC cho gian b\u1ebfp hi\u1ec7n \u0111\u1ea1i<\/figcaption><\/figure>\n<p style=\"text-align: justify;\"><span style=\"font-weight: 400;\">Nh\u1ef1a PVC (Polyvinyl Chloride) l\u00e0 m\u1ed9t trong nh\u1eefng v\u1eadt li\u1ec7u ph\u1ed5 bi\u1ebfn \u0111\u01b0\u1ee3c s\u1eed d\u1ee5ng trong ng\u00e0nh x\u00e2y d\u1ef1ng v\u00e0 s\u1ea3n xu\u1ea5t n\u1ed9i th\u1ea5t. PVC c\u00f3 \u0111\u1eb7c t\u00ednh nh\u1eb9, b\u1ec1n, ch\u1ecbu l\u1ef1c t\u1ed1t v\u00e0 ch\u1ed1ng th\u1ea5m n\u01b0\u1edbc hi\u1ec7u qu\u1ea3. Ch\u00ednh v\u00ec v\u1eady, khi \u1ee9ng d\u1ee5ng trong s\u1ea3n xu\u1ea5t t\u1ee7 b\u1ebfp, nh\u1ef1a PVC mang l\u1ea1i m\u1ed9t s\u1ea3n ph\u1ea9m ho\u00e0n h\u1ea3o v\u1edbi nhi\u1ec1u \u01b0u \u0111i\u1ec3m v\u01b0\u1ee3t tr\u1ed9i so v\u1edbi c\u00e1c lo\u1ea1i v\u1eadt li\u1ec7u truy\u1ec1n th\u1ed1ng nh\u01b0 g\u1ed7 t\u1ef1 nhi\u00ean, MDF hay MFC.<\/span><\/p>\n<p style=\"text-align: justify;\"><span style=\"font-weight: 400;\">T\u1ee7 b\u1ebfp nh\u1ef1a PVC \u0111\u01b0\u1ee3c l\u00e0m t\u1eeb t\u1ea5m nh\u1ef1a PVC nguy\u00ean sinh, \u0111\u01b0\u1ee3c ph\u1ee7 l\u1edbp Acrylic, Melamine ho\u1eb7c v\u00e2n g\u1ed7, mang \u0111\u1ebfn s\u1ef1 k\u1ebft h\u1ee3p ho\u00e0n h\u1ea3o gi\u1eefa t\u00ednh th\u1ea9m m\u1ef9 v\u00e0 c\u00f4ng n\u0103ng s\u1eed d\u1ee5ng. \u0110\u1eb7c bi\u1ec7t, t\u1ee7 b\u1ebfp nh\u1ef1a PVC c\u00f3 kh\u1ea3 n\u0103ng ch\u1ed1ng n\u01b0\u1edbc, ch\u1ed1ng \u1ea9m m\u1ed1c v\u00e0 m\u1ed1i m\u1ecdt, r\u1ea5t ph\u00f9 h\u1ee3p v\u1edbi m\u00f4i tr\u01b0\u1eddng b\u1ebfp c\u00f3 \u0111\u1ed9 \u1ea9m cao.<\/span><\/p>\n<h2 style=\"text-align: justify;\"><b>2. C\u1ea5u t\u1ea1o t\u1ea5m nh\u1ef1a PVC l\u00e0m t\u1ee7 b\u1ebfp PVC<\/b><\/h2>\n<p style=\"text-align: justify;\"><span style=\"font-weight: 400;\">T\u1ea5m nh\u1ef1a PVC \u0111\u01b0\u1ee3c s\u1eed d\u1ee5ng \u0111\u1ec3 l\u00e0m t\u1ee7 b\u1ebfp PVC c\u00f3 c\u1ea5u t\u1ea1o \u0111\u1eb7c bi\u1ec7t, gi\u00fap s\u1ea3n ph\u1ea9m \u0111\u1ea1t \u0111\u01b0\u1ee3c \u0111\u1ed9 b\u1ec1n v\u00e0 t\u00ednh th\u1ea9m m\u1ef9 cao. C\u1ea5u t\u1ea1o c\u1ee7a t\u1ea5m nh\u1ef1a PVC l\u00e0m t\u1ee7 b\u1ebfp bao g\u1ed3m:<\/span><\/p>\n<ul style=\"text-align: justify;\">\n<li style=\"font-weight: 400;\" aria-level=\"1\"><b>L\u00f5i nh\u1ef1a PVC nguy\u00ean sinh<\/b><span style=\"font-weight: 400;\">: \u0110\u00e2y l\u00e0 th\u00e0nh ph\u1ea7n ch\u00ednh c\u1ee7a t\u1ea5m nh\u1ef1a, mang l\u1ea1i \u0111\u1ed9 b\u1ec1n, kh\u1ea3 n\u0103ng ch\u1ed1ng \u1ea9m m\u1ed1c, m\u1ed1i m\u1ecdt tuy\u1ec7t v\u1eddi. L\u00f5i nh\u1ef1a n\u00e0y \u0111\u01b0\u1ee3c s\u1ea3n xu\u1ea5t t\u1eeb nguy\u00ean li\u1ec7u PVC nguy\u00ean sinh, kh\u00f4ng ch\u1ee9a t\u1ea1p ch\u1ea5t, \u0111\u1ea3m b\u1ea3o t\u00ednh \u1ed5n \u0111\u1ecbnh v\u00e0 b\u1ec1n b\u1ec9 trong su\u1ed1t qu\u00e1 tr\u00ecnh s\u1eed d\u1ee5ng.<\/span><\/li>\n<li style=\"font-weight: 400;\" aria-level=\"1\"><b>L\u1edbp ph\u1ee7 b\u1ec1 m\u1eb7t<\/b><span style=\"font-weight: 400;\">: T\u00f9y v\u00e0o nhu c\u1ea7u v\u00e0 thi\u1ebft k\u1ebf, t\u1ea5m nh\u1ef1a PVC c\u00f3 th\u1ec3 \u0111\u01b0\u1ee3c ph\u1ee7 l\u1edbp Acrylic b\u00f3ng g\u01b0\u01a1ng, Melamine ho\u1eb7c v\u00e2n g\u1ed7. C\u00e1c l\u1edbp ph\u1ee7 n\u00e0y kh\u00f4ng ch\u1ec9 t\u1ea1o n\u00ean t\u00ednh th\u1ea9m m\u1ef9 m\u00e0 c\u00f2n b\u1ea3o v\u1ec7 b\u1ec1 m\u1eb7t t\u1ee7, gi\u00fap d\u1ec5 d\u00e0ng v\u1ec7 sinh, lau ch\u00f9i.<\/span><\/li>\n<\/ul>\n<p style=\"text-align: justify;\"><span style=\"font-weight: 400;\">C\u00e1c t\u1ea5m nh\u1ef1a PVC n\u00e0y c\u00f3 kh\u1ea3 n\u0103ng ch\u1ed1ng ch\u1ecbu t\u1ed1t tr\u01b0\u1edbc t\u00e1c \u0111\u1ed9ng c\u1ee7a n\u01b0\u1edbc, nhi\u1ec7t \u0111\u1ed9 v\u00e0 \u0111\u1ed9 \u1ea9m, ch\u00ednh v\u00ec v\u1eady r\u1ea5t th\u00edch h\u1ee3p \u0111\u1ec3 s\u1eed d\u1ee5ng trong m\u00f4i tr\u01b0\u1eddng b\u1ebfp.<\/span><\/p>\n<h2 style=\"text-align: justify;\"><b>3. Ph\u00e2n lo\u1ea1i t\u1ee7 b\u1ebfp nh\u1ef1a PVC<br \/>\n<\/b><\/h2>\n<figure id=\"attachment_7125\" aria-describedby=\"caption-attachment-7125\" style=\"width: 1280px\" class=\"wp-caption aligncenter\"><img loading=\"lazy\" decoding=\"async\" class=\"wp-image-7125 size-full\" src=\"https:\/\/nhatnam.org\/wp-content\/uploads\/2025\/05\/tu_bep_nhua-51.jpg\" alt=\"T\u1ee7 B\u1ebfp Nh\u1ef1a PVC\" width=\"1280\" height=\"960\" \/><figcaption id=\"caption-attachment-7125\" class=\"wp-caption-text\">Thi\u1ebft k\u1ebf t\u1ee7 b\u1ebfp nh\u1ef1a ch\u1eef I k\u1ecbch tr\u1ea7n, t\u1ed1i \u01b0u c\u00f4ng n\u0103ng<\/figcaption><\/figure>\n<p style=\"text-align: justify;\"><span style=\"font-weight: 400;\">T\u1ee7 b\u1ebfp nh\u1ef1a PVC c\u00f3 th\u1ec3 \u0111\u01b0\u1ee3c ph\u00e2n lo\u1ea1i theo t\u1eebng ki\u1ec3u ph\u1ee7 b\u1ec1 m\u1eb7t kh\u00e1c nhau, m\u1ed7i lo\u1ea1i c\u00f3 nh\u1eefng \u01b0u \u0111i\u1ec3m ri\u00eang, ph\u00f9 h\u1ee3p v\u1edbi c\u00e1c phong c\u00e1ch thi\u1ebft k\u1ebf kh\u00e1c nhau.<\/span><\/p>\n<ul style=\"text-align: justify;\">\n<li style=\"font-weight: 400;\" aria-level=\"1\"><b>T\u1ee7 b\u1ebfp nh\u1ef1a PVC ph\u1ee7 Acrylic b\u00f3ng g\u01b0\u01a1ng<\/b><span style=\"font-weight: 400;\">: V\u1edbi b\u1ec1 m\u1eb7t b\u00f3ng g\u01b0\u01a1ng sang tr\u1ecdng, t\u1ee7 b\u1ebfp n\u00e0y mang \u0111\u1ebfn s\u1ef1 hi\u1ec7n \u0111\u1ea1i, b\u1eaft m\u1eaft. L\u1edbp ph\u1ee7 Acrylic kh\u00f4ng ch\u1ec9 t\u1ea1o v\u1ebb \u0111\u1eb9p sang tr\u1ecdng m\u00e0 c\u00f2n gi\u00fap t\u1ee7 b\u1ebfp b\u1ec1n m\u00e0u, d\u1ec5 d\u00e0ng lau ch\u00f9i v\u00e0 kh\u00f4ng b\u00e1m b\u1ee5i.<\/span><\/li>\n<li style=\"font-weight: 400;\" aria-level=\"1\"><b>T\u1ee7 b\u1ebfp nh\u1ef1a PVC ph\u1ee7 Melamine<\/b><span style=\"font-weight: 400;\">: \u0110\u00e2y l\u00e0 lo\u1ea1i t\u1ee7 b\u1ebfp ph\u1ed5 bi\u1ebfn nh\u1edd t\u00ednh n\u0103ng ch\u1ed1ng tr\u1ea7y x\u01b0\u1edbc t\u1ed1t v\u00e0 kh\u1ea3 n\u0103ng gi\u1eef m\u00e0u l\u00e2u d\u00e0i. T\u1ee7 b\u1ebfp nh\u1ef1a PVC ph\u1ee7 Melamine c\u0169ng r\u1ea5t d\u1ec5 v\u1ec7 sinh v\u00e0 c\u00f3 kh\u1ea3 n\u0103ng ch\u1ed1ng \u1ea9m m\u1ed1c t\u1ed1t.<\/span><\/li>\n<li style=\"font-weight: 400;\" aria-level=\"1\"><b>T\u1ee7 b\u1ebfp nh\u1ef1a PVC ph\u1ee7 v\u00e2n g\u1ed7<\/b><span style=\"font-weight: 400;\">: \u0110\u00e2y l\u00e0 s\u1ef1 l\u1ef1a ch\u1ecdn ho\u00e0n h\u1ea3o cho nh\u1eefng ai y\u00eau th\u00edch v\u1ebb \u0111\u1eb9p t\u1ef1 nhi\u00ean c\u1ee7a g\u1ed7 nh\u01b0ng l\u1ea1i mu\u1ed1n s\u1eed d\u1ee5ng v\u1eadt li\u1ec7u b\u1ec1n b\u1ec9, d\u1ec5 ch\u0103m s\u00f3c nh\u01b0 nh\u1ef1a PVC. L\u1edbp ph\u1ee7 v\u00e2n g\u1ed7 mang \u0111\u1ebfn c\u1ea3m gi\u00e1c g\u1ea7n g\u0169i, \u1ea5m c\u00fang m\u00e0 kh\u00f4ng lo b\u1ecb m\u1ed1i m\u1ecdt.<\/span><\/li>\n<li style=\"font-weight: 400;\" aria-level=\"1\"><b>T\u1ee7 b\u1ebfp PVC ba l\u1edbp, hai m\u1eb7t c\u1ee9ng b\u00f3ng<\/b><span style=\"font-weight: 400;\">: \u0110\u01b0\u1ee3c s\u1ea3n xu\u1ea5t v\u1edbi c\u00f4ng ngh\u1ec7 hi\u1ec7n \u0111\u1ea1i, t\u1ee7 b\u1ebfp PVC ba l\u1edbp mang l\u1ea1i \u0111\u1ed9 b\u1ec1n v\u00e0 kh\u1ea3 n\u0103ng ch\u1ecbu l\u1ef1c t\u1ed1t h\u01a1n so v\u1edbi c\u00e1c lo\u1ea1i t\u1ee7 b\u1ebfp th\u00f4ng th\u01b0\u1eddng. \u0110\u00e2y l\u00e0 l\u1ef1a ch\u1ecdn l\u00fd t\u01b0\u1edfng cho c\u00e1c gia \u0111\u00ecnh y\u00eau c\u1ea7u ch\u1ea5t l\u01b0\u1ee3ng v\u01b0\u1ee3t tr\u1ed9i.<\/span><\/li>\n<\/ul>\n<h2 style=\"text-align: justify;\"><b>4. \u0110\u1eb7c \u0111i\u1ec3m n\u1ed5i b\u1eadt c\u1ee7a t\u1ee7 b\u1ebfp nh\u1ef1a PVC<\/b><\/h2>\n<p style=\"text-align: justify;\"><span style=\"font-weight: 400;\">T\u1ee7 b\u1ebfp nh\u1ef1a PVC mang \u0111\u1ebfn nhi\u1ec1u l\u1ee3i \u00edch \u0111\u00e1ng k\u1ec3 cho ng\u01b0\u1eddi s\u1eed d\u1ee5ng. D\u01b0\u1edbi \u0111\u00e2y l\u00e0 m\u1ed9t s\u1ed1 \u0111\u1eb7c \u0111i\u1ec3m n\u1ed5i b\u1eadt c\u1ee7a lo\u1ea1i t\u1ee7 b\u1ebfp n\u00e0y:<\/span><\/p>\n<ul style=\"text-align: justify;\">\n<li style=\"font-weight: 400;\" aria-level=\"1\"><b>Kh\u00e1ng n\u01b0\u1edbc v\u00e0 ch\u1ed1ng \u1ea9m m\u1ed1c tuy\u1ec7t \u0111\u1ed1i<\/b><span style=\"font-weight: 400;\">: PVC l\u00e0 v\u1eadt li\u1ec7u kh\u00f4ng th\u1ea5m n\u01b0\u1edbc, gi\u00fap t\u1ee7 b\u1ebfp lu\u00f4n kh\u00f4 r\u00e1o, s\u1ea1ch s\u1ebd, kh\u00f4ng b\u1ecb \u1ea9m m\u1ed1c d\u00f9 trong \u0111i\u1ec1u ki\u1ec7n b\u1ebfp c\u00f3 \u0111\u1ed9 \u1ea9m cao.<\/span><\/li>\n<li style=\"font-weight: 400;\" aria-level=\"1\"><b>Kh\u00f4ng m\u1ed1i m\u1ecdt, kh\u00f4ng cong v\u00eanh<\/b><span style=\"font-weight: 400;\">: Nh\u1ef1a PVC kh\u00f4ng b\u1ecb m\u1ed1i m\u1ecdt hay cong v\u00eanh nh\u01b0 g\u1ed7 t\u1ef1 nhi\u00ean. \u0110i\u1ec1u n\u00e0y gi\u00fap t\u1ee7 b\u1ebfp duy tr\u00ec h\u00ecnh d\u00e1ng v\u00e0 \u0111\u1ed9 b\u1ec1n theo th\u1eddi gian.<\/span><\/li>\n<li style=\"font-weight: 400;\" aria-level=\"1\"><b>D\u1ec5 d\u00e0ng v\u1ec7 sinh<\/b><span style=\"font-weight: 400;\">: B\u1ec1 m\u1eb7t nh\u1ef1a PVC ph\u1ee7 l\u1edbp Acrylic, Melamine ho\u1eb7c v\u00e2n g\u1ed7 kh\u00f4ng ch\u1ec9 mang \u0111\u1ebfn v\u1ebb \u0111\u1eb9p th\u1ea9m m\u1ef9 m\u00e0 c\u00f2n r\u1ea5t d\u1ec5 d\u00e0ng v\u1ec7 sinh, lau ch\u00f9i khi b\u00e1m b\u1ea9n.<\/span><\/li>\n<li style=\"font-weight: 400;\" aria-level=\"1\"><b>\u0110a d\u1ea1ng m\u1eabu m\u00e3, m\u00e0u s\u1eafc<\/b><span style=\"font-weight: 400;\">: T\u1ee7 b\u1ebfp nh\u1ef1a PVC c\u00f3 th\u1ec3 \u0111\u01b0\u1ee3c thi\u1ebft k\u1ebf theo nhi\u1ec1u phong c\u00e1ch v\u00e0 m\u00e0u s\u1eafc kh\u00e1c nhau, t\u1eeb hi\u1ec7n \u0111\u1ea1i, t\u1ed1i gi\u1ea3n cho \u0111\u1ebfn c\u1ed5 \u0111i\u1ec3n, gi\u00fap b\u1ea1n d\u1ec5 d\u00e0ng l\u1ef1a ch\u1ecdn ph\u00f9 h\u1ee3p v\u1edbi kh\u00f4ng gian b\u1ebfp c\u1ee7a gia \u0111\u00ecnh.<\/span><\/li>\n<li style=\"font-weight: 400;\" aria-level=\"1\"><span style=\"font-weight: 400;\">S\u1edf h\u1eefu \u0111\u1ed9 c\u1ee9ng cao, t\u1ee7 b\u1ebfp nh\u1ef1a PVC ch\u1ecbu l\u1ef1c t\u1ed1t, h\u1ea1n ch\u1ebf va \u0111\u1eadp hi\u1ec7u qu\u1ea3 v\u00e0 duy tr\u00ec \u0111\u1ed9 \u1ed5n \u0111\u1ecbnh khi ti\u1ebfp x\u00fac v\u1edbi nhi\u1ec7t \u0111\u1ed9 cao.<br \/>\n<\/span><\/li>\n<\/ul>\n<h2 style=\"text-align: justify;\"><b>5. \u01afu \u0111i\u1ec3m v\u00e0 nh\u01b0\u1ee3c \u0111i\u1ec3m c\u1ee7a t\u1ee7 b\u1ebfp nh\u1ef1a PVC<\/b><\/h2>\n<h4 style=\"text-align: justify;\"><b>\u01afu \u0111i\u1ec3m:<\/b><\/h4>\n<ul style=\"text-align: justify;\">\n<li style=\"font-weight: 400;\" aria-level=\"1\"><b>B\u1ec1n b\u1ec9<\/b><span style=\"font-weight: 400;\">: T\u1ee7 b\u1ebfp nh\u1ef1a PVC c\u00f3 tu\u1ed5i th\u1ecd cao, ch\u1ecbu l\u1ef1c t\u1ed1t v\u00e0 b\u1ec1n b\u1ec9 v\u1edbi th\u1eddi gian.<\/span><\/li>\n<li style=\"font-weight: 400;\" aria-level=\"1\"><b>Ch\u1ed1ng n\u01b0\u1edbc, ch\u1ed1ng \u1ea9m, ch\u1ed1ng m\u1ed1i m\u1ecdt<\/b><span style=\"font-weight: 400;\">: Nh\u1ef1a PVC ho\u00e0n to\u00e0n kh\u00f4ng b\u1ecb \u1ea3nh h\u01b0\u1edfng b\u1edfi \u0111\u1ed9 \u1ea9m v\u00e0 m\u1ed1i m\u1ecdt, \u0111i\u1ec1u n\u00e0y gi\u00fap t\u1ee7 b\u1ebfp lu\u00f4n gi\u1eef \u0111\u01b0\u1ee3c \u0111\u1ed9 b\u1ec1n v\u00e0 v\u1ebb \u0111\u1eb9p.<\/span><\/li>\n<li style=\"font-weight: 400;\" aria-level=\"1\"><b>Th\u00e2n thi\u1ec7n v\u1edbi ng\u01b0\u1eddi s\u1eed d\u1ee5ng<\/b><span style=\"font-weight: 400;\">: D\u1ec5 d\u00e0ng v\u1ec7 sinh, b\u1ea3o d\u01b0\u1ee1ng m\u00e0 kh\u00f4ng t\u1ed1n nhi\u1ec1u th\u1eddi gian v\u00e0 c\u00f4ng s\u1ee9c.<\/span><\/li>\n<\/ul>\n<h4 style=\"text-align: justify;\"><b>Nh\u01b0\u1ee3c \u0111i\u1ec3m:<\/b><\/h4>\n<ul style=\"text-align: justify;\">\n<li style=\"font-weight: 400;\" aria-level=\"1\"><b>Gi\u00e1 th\u00e0nh<\/b><span style=\"font-weight: 400;\">: M\u1eb7c d\u00f9 t\u1ee7 b\u1ebfp nh\u1ef1a PVC c\u00f3 m\u1ee9c gi\u00e1 ph\u1ea3i ch\u0103ng h\u01a1n so v\u1edbi c\u00e1c v\u1eadt li\u1ec7u cao c\u1ea5p kh\u00e1c, nh\u01b0ng v\u1eabn cao h\u01a1n so v\u1edbi m\u1ed9t s\u1ed1 lo\u1ea1i t\u1ee7 g\u1ed7 c\u00f4ng nghi\u1ec7p th\u00f4ng th\u01b0\u1eddng.<\/span><\/li>\n<li style=\"font-weight: 400;\" aria-level=\"1\"><b>Kh\u1ea3 n\u0103ng ch\u1ecbu l\u1ef1c kh\u00f4ng cao<\/b><span style=\"font-weight: 400;\">: M\u1eb7c d\u00f9 t\u1ee7 b\u1ebfp nh\u1ef1a PVC r\u1ea5t b\u1ec1n, nh\u01b0ng n\u1ebfu so v\u1edbi g\u1ed7 t\u1ef1 nhi\u00ean, ch\u00fang c\u00f3 th\u1ec3 kh\u00f4ng ch\u1ecbu \u0111\u01b0\u1ee3c nh\u1eefng va \u0111\u1eadp m\u1ea1nh.<\/span><\/li>\n<\/ul>\n<h2 style=\"text-align: justify;\"><b>6. B\u00e1o gi\u00e1 t\u1ee7 b\u1ebfp nh\u1ef1a PVC t\u1ea1i Nh\u1ea5t Nam<\/b><\/h2>\n<p style=\"text-align: justify;\"><span style=\"font-weight: 400;\">T\u1ee7 b\u1ebfp nh\u1ef1a PVC c\u00f3 nhi\u1ec1u m\u1ee9c gi\u00e1 kh\u00e1c nhau t\u00f9y thu\u1ed9c v\u00e0o ch\u1ea5t li\u1ec7u v\u00e0 thi\u1ebft k\u1ebf. T\u1ea1i <\/span><b>Nh\u1ea5t Nam<\/b><span style=\"font-weight: 400;\">, ch\u00fang t\u00f4i cung c\u1ea5p c\u00e1c lo\u1ea1i t\u1ee7 b\u1ebfp nh\u1ef1a PVC ph\u1ee7 Acrylic, Melamine, v\u00e0 v\u00e2n g\u1ed7 v\u1edbi gi\u00e1 c\u1ea3 h\u1ee3p l\u00fd v\u00e0 ph\u00f9 h\u1ee3p v\u1edbi nhu c\u1ea7u c\u1ee7a t\u1eebng kh\u00e1ch h\u00e0ng. \u0110\u1ec3 c\u00f3 b\u00e1o gi\u00e1 ch\u00ednh x\u00e1c vui l\u00f2ng li\u00ean h\u1ec7 Nh\u1ea5t Nam.\u00a0<\/span><\/p>\n<h2 style=\"text-align: justify;\"><b>7. C\u00e1ch nh\u1eadn bi\u1ebft t\u1ee7 b\u1ebfp l\u00e0m t\u1eeb nh\u1ef1a PVC cao c\u1ea5p<br \/>\n<\/b><\/h2>\n<p style=\"text-align: justify;\"><span style=\"font-weight: 400;\">\u0110\u1ec3 nh\u1eadn bi\u1ebft t\u1ee7 b\u1ebfp \u0111\u01b0\u1ee3c l\u00e0m t\u1eeb nh\u1ef1a PVC cao c\u1ea5p, b\u1ea1n c\u00f3 th\u1ec3 d\u1ef1a v\u00e0o m\u1ed9t s\u1ed1 y\u1ebfu t\u1ed1 nh\u01b0:<\/span><\/p>\n<ul style=\"text-align: justify;\">\n<li style=\"font-weight: 400;\" aria-level=\"1\"><b>T\u1ea5m nh\u1ef1a PVC c\u00f3 \u0111\u1ed9 d\u00e0y ti\u00eau chu\u1ea9n t\u1eeb 5 \u2013 18mm<\/b><span style=\"font-weight: 400;\">, gi\u00fap c\u1ea5u tr\u00fac t\u1ee7 ch\u1eafc ch\u1eafn v\u00e0 t\u0103ng kh\u1ea3 n\u0103ng ch\u1ecbu l\u1ef1c hi\u1ec7u qu\u1ea3.<\/span><\/li>\n<li style=\"font-weight: 400;\" aria-level=\"1\"><b>B\u1ec1 m\u1eb7t v\u1eadt li\u1ec7u c\u1ee9ng c\u00e1p, m\u1ecbn m\u00e0ng<\/b><span style=\"font-weight: 400;\">, khi ch\u01b0a \u0111\u01b0\u1ee3c ph\u1ee7 l\u1edbp ho\u00e0n thi\u1ec7n th\u01b0\u1eddng c\u00f3 s\u1eafc tr\u1eafng ng\u00e0 \u0111\u1eb7c tr\u01b0ng.<\/span><\/li>\n<li style=\"font-weight: 400;\" aria-level=\"1\"><b>Logo th\u01b0\u01a1ng hi\u1ec7u ho\u1eb7c tem nh\u00e3n<\/b><span style=\"font-weight: 400;\"> \u0111\u01b0\u1ee3c d\u00e1n ho\u1eb7c d\u1eadp n\u1ed5i tr\u1ef1c ti\u1ebfp tr\u00ean b\u1ec1 m\u1eb7t s\u1ea3n ph\u1ea9m \u0111\u1ec3 \u0111\u1ea3m b\u1ea3o xu\u1ea5t x\u1ee9 r\u00f5 r\u00e0ng.<\/span><\/li>\n<li style=\"font-weight: 400;\" aria-level=\"1\"><b>M\u1ed9t s\u1ed1 nh\u00e0 s\u1ea3n xu\u1ea5t uy t\u00edn cung c\u1ea5p k\u00e8m gi\u1ea5y ch\u1ee9ng nh\u1eadn ch\u1ea5t l\u01b0\u1ee3ng<\/b><span style=\"font-weight: 400;\"> cho t\u1eebng l\u00f4 s\u1ea3n ph\u1ea9m. Khi thi c\u00f4ng, qu\u00fd kh\u00e1ch c\u00f3 th\u1ec3 y\u00eau c\u1ea7u \u0111\u01a1n v\u1ecb cung c\u1ea5p xu\u1ea5t tr\u00ecnh ch\u1ee9ng t\u1eeb n\u00e0y \u0111\u1ec3 \u0111\u1ea3m b\u1ea3o t\u00ednh minh b\u1ea1ch v\u1ec1 v\u1eadt li\u1ec7u.<\/span><\/li>\n<\/ul>\n<p style=\"text-align: justify;\">T\u1ea1i Nh\u1ea5t Nam, ch\u00fang t\u00f4i ch\u1ec9 s\u1eed d\u1ee5ng nh\u1ef1a PVC ch\u00ednh h\u00e3ng \u2013 d\u00f2ng v\u1eadt li\u1ec7u cao c\u1ea5p \u0111\u01b0\u1ee3c \u0111\u00e1nh gi\u00e1 cao nh\u1edd kh\u1ea3 n\u0103ng ch\u1ed1ng n\u01b0\u1edbc, ch\u1ed1ng m\u1ed1i m\u1ecdt, kh\u00f4ng cong v\u00eanh v\u00e0 \u0111\u1eb7c bi\u1ec7t l\u00e0 tu\u1ed5i th\u1ecd s\u1eed d\u1ee5ng l\u00e2u d\u00e0i trong m\u00f4i tr\u01b0\u1eddng \u1ea9m th\u1ea5p nh\u01b0 nh\u00e0 b\u1ebfp.<\/p>\n<p style=\"text-align: justify;\">Kho m\u1eabu m\u00e3 t\u1ea1i Nh\u1ea5t Nam \u0111a d\u1ea1ng v\u1edbi nhi\u1ec1u m\u00e0u s\u1eafc, h\u1ecda ti\u1ebft v\u00e2n g\u1ed7, v\u00e2n \u0111\u00e1, m\u00e0u tr\u01a1n b\u00f3ng g\u01b0\u01a1ng ho\u1eb7c m\u1edd sang tr\u1ecdng, d\u1ec5 d\u00e0ng k\u1ebft h\u1ee3p v\u1edbi nhi\u1ec1u phong c\u00e1ch n\u1ed9i th\u1ea5t t\u1eeb hi\u1ec7n \u0111\u1ea1i \u0111\u1ebfn t\u00e2n c\u1ed5 \u0111i\u1ec3n.<\/p>\n<h2 style=\"text-align: justify;\"><b>8. L\u01b0u \u00fd khi l\u1ef1a ch\u1ecdn t\u1ee7 b\u1ebfp nh\u1ef1a PVC<\/b><\/h2>\n<p style=\"text-align: justify;\"><span style=\"font-weight: 400;\">Khi l\u1ef1a ch\u1ecdn t\u1ee7 b\u1ebfp nh\u1ef1a PVC, b\u1ea1n c\u1ea7n l\u01b0u \u00fd m\u1ed9t s\u1ed1 \u0111i\u1ec3m nh\u01b0:<\/span><\/p>\n<ul style=\"text-align: justify;\">\n<li style=\"font-weight: 400;\" aria-level=\"1\"><b>Ch\u1ecdn \u0111\u01a1n v\u1ecb cung c\u1ea5p uy t\u00edn<\/b><span style=\"font-weight: 400;\">: \u0110\u1ec3 \u0111\u1ea3m b\u1ea3o ch\u1ea5t l\u01b0\u1ee3ng s\u1ea3n ph\u1ea9m, b\u1ea1n n\u00ean ch\u1ecdn c\u00e1c nh\u00e0 cung c\u1ea5p c\u00f3 th\u01b0\u01a1ng hi\u1ec7u v\u00e0 x\u01b0\u1edfng s\u1ea3n xu\u1ea5t tr\u1ef1c ti\u1ebfp.<\/span><\/li>\n<li style=\"font-weight: 400;\" aria-level=\"1\"><b>Thi\u1ebft k\u1ebf ph\u00f9 h\u1ee3p v\u1edbi kh\u00f4ng gian b\u1ebfp<\/b><span style=\"font-weight: 400;\">: L\u1ef1a ch\u1ecdn thi\u1ebft k\u1ebf sao cho t\u1ed1i \u01b0u h\u00f3a kh\u00f4ng gian v\u00e0 ph\u00f9 h\u1ee3p v\u1edbi phong c\u00e1ch n\u1ed9i th\u1ea5t c\u1ee7a gia \u0111\u00ecnh b\u1ea1n.<\/span><\/li>\n<\/ul>\n<h2 style=\"text-align: justify;\"><b>9. M\u1ed9t s\u1ed1 m\u1eabu t\u1ee7 b\u1ebfp nh\u1ef1a PVC b\u1ec1n \u0111\u1eb9p, hi\u1ec7n \u0111\u1ea1i<\/b><\/h2>\n<p style=\"text-align: justify;\"><span style=\"font-weight: 400;\">T\u1ea1i <\/span><b>Nh\u1ea5t Nam<\/b><span style=\"font-weight: 400;\">, ch\u00fang t\u00f4i cung c\u1ea5p nhi\u1ec1u\u00a0 m\u1eabu t\u1ee7 b\u1ebfp nh\u1ef1a PVC \u0111\u1eb9p, ph\u00f9 h\u1ee3p v\u1edbi nhi\u1ec1u phong c\u00e1ch n\u1ed9i th\u1ea5t. C\u00e1c m\u1eabu t\u1ee7 b\u1ebfp n\u00e0y \u0111\u01b0\u1ee3c thi\u1ebft k\u1ebf tinh t\u1ebf, hi\u1ec7n \u0111\u1ea1i v\u00e0 mang \u0111\u1ebfn s\u1ef1 ti\u1ec7n nghi t\u1ed1i \u01b0u cho kh\u00f4ng gian b\u1ebfp c\u1ee7a b\u1ea1n.<\/span><\/p>\n<figure id=\"attachment_7124\" aria-describedby=\"caption-attachment-7124\" style=\"width: 1280px\" class=\"wp-caption aligncenter\"><img loading=\"lazy\" decoding=\"async\" class=\"wp-image-7124 size-full\" src=\"https:\/\/nhatnam.org\/wp-content\/uploads\/2025\/05\/tu_bep_nhua-50.jpg\" alt=\"t\u1ee7 b\u1ebfp g\u1ed7 nh\u1ef1a PVC\" width=\"1280\" height=\"960\" \/><figcaption id=\"caption-attachment-7124\" class=\"wp-caption-text\">Thi\u1ebft k\u1ebf t\u1ee7 b\u1ebfp nh\u1ef1a theo phong c\u00e1ch t\u1ed1i gi\u1ea3n<\/figcaption><\/figure>\n<figure id=\"attachment_7123\" aria-describedby=\"caption-attachment-7123\" style=\"width: 1280px\" class=\"wp-caption aligncenter\"><img loading=\"lazy\" decoding=\"async\" class=\"wp-image-7123 size-full\" src=\"https:\/\/nhatnam.org\/wp-content\/uploads\/2025\/05\/tu_bep_nhua-49.jpg\" alt=\"t\u1ee7 b\u1ebfp nh\u1ef1a PVC\" width=\"1280\" height=\"960\" \/><figcaption id=\"caption-attachment-7123\" class=\"wp-caption-text\">M\u1eabu t\u1ee7 b\u1ebfp nh\u1ef1a m\u00e0u ghi x\u00e1m hi\u1ec7n \u0111\u1ea1i, sang tr\u1ecdng<\/figcaption><\/figure>\n<figure id=\"attachment_7122\" aria-describedby=\"caption-attachment-7122\" style=\"width: 1280px\" class=\"wp-caption aligncenter\"><img loading=\"lazy\" decoding=\"async\" class=\"wp-image-7122 size-full\" src=\"https:\/\/nhatnam.org\/wp-content\/uploads\/2025\/05\/tu_bep_nhua-48.jpg\" alt=\"T\u1ee7 B\u1ebfp Nh\u1ef1a\" width=\"1280\" height=\"960\" \/><figcaption id=\"caption-attachment-7122\" class=\"wp-caption-text\">M\u1eabu t\u1ee7 b\u1ebfp PVC ch\u1eef U sang tr\u1ecdng hi\u1ec7n \u0111\u1ea1i<\/figcaption><\/figure>\n<figure id=\"attachment_7102\" aria-describedby=\"caption-attachment-7102\" style=\"width: 1280px\" class=\"wp-caption aligncenter\"><img loading=\"lazy\" decoding=\"async\" class=\"wp-image-7102 size-full\" src=\"https:\/\/nhatnam.org\/wp-content\/uploads\/2025\/05\/tu_bep_nhua-28.jpg\" alt=\"t\u1ee7 b\u1ebfp nh\u1ef1a pvc \" width=\"1280\" height=\"960\" \/><figcaption id=\"caption-attachment-7102\" class=\"wp-caption-text\">M\u1eabu t\u1ee7 b\u1ebfp PVC hi\u1ec7n \u0111\u1ea1i, gi\u00e1 th\u00e0nh \u1ebb, ph\u00f9 h\u1ee3p v\u1edbi m\u1ecdi gia \u0111\u00ecnh<\/figcaption><\/figure>\n<figure id=\"attachment_7096\" aria-describedby=\"caption-attachment-7096\" style=\"width: 1280px\" class=\"wp-caption aligncenter\"><img loading=\"lazy\" decoding=\"async\" class=\"wp-image-7096 size-full\" src=\"https:\/\/nhatnam.org\/wp-content\/uploads\/2025\/05\/tu_bep_nhua-22.jpg\" alt=\"t\u1ee7 b\u1ebfp nh\u1ef1a pvc \" width=\"1280\" height=\"960\" \/><figcaption id=\"caption-attachment-7096\" class=\"wp-caption-text\">M\u1eabu t\u1ee7 b\u1ebfp nh\u1ef1a PVC ph\u1ee7 Acrylic<\/figcaption><\/figure>\n<h2 style=\"text-align: justify;\"><b>10. Nh\u1ea5t Nam \u2013 \u0110\u01a1n v\u1ecb thi\u1ebft k\u1ebf, thi c\u00f4ng t\u1ee7 b\u1ebfp nh\u1ef1a PVC uy t\u00edn<\/b><\/h2>\n<p style=\"text-align: justify;\"><span style=\"font-weight: 400;\">V\u1edbi nhi\u1ec1u n\u0103m kinh nghi\u1ec7m trong ng\u00e0nh n\u1ed9i th\u1ea5t, Nh\u1ea5t Nam t\u1ef1 h\u00e0o l\u00e0 \u0111\u01a1n v\u1ecb mang \u0111\u1ebfn gi\u1ea3i ph\u00e1p t\u1ee7 b\u1ebfp nh\u1ef1a PVC hi\u1ec7n \u0111\u1ea1i, b\u1ec1n \u0111\u1eb9p v\u00e0 ph\u00f9 h\u1ee3p v\u1edbi m\u1ecdi kh\u00f4ng gian s\u1ed1ng. Kh\u00f4ng ch\u1ec9 ch\u00fa tr\u1ecdng v\u1ec1 m\u1eb7t th\u1ea9m m\u1ef9, Nh\u1ea5t Nam c\u00f2n cam k\u1ebft ch\u1ea5t l\u01b0\u1ee3ng thi c\u00f4ng t\u1ec9 m\u1ec9 v\u00e0 ch\u1ebf \u0111\u1ed9 h\u1eadu m\u00e3i chuy\u00ean nghi\u1ec7p, gi\u00fap kh\u00e1ch h\u00e0ng an t\u00e2m tr\u1ecdn v\u1eb9n khi l\u1ef1a ch\u1ecdn \u0111\u1ed3ng h\u00e0nh.<\/span><\/p>\n<p style=\"text-align: justify;\"><span style=\"font-weight: 400;\">Li\u00ean h\u1ec7 Nh\u1ea5t Nam ngay \u0111\u1ec3 nh\u1eadn t\u01b0 v\u1ea5n t\u1ee7 b\u1ebfp PVC mi\u1ec5n ph\u00ed!<\/span><\/p>\n","protected":false},"excerpt":{"rendered":"<p style=\"text-align: justify;\"><span style=\"font-weight: 400;\">T\u1ee7 b\u1ebfp nh\u1ef1a PVC mang \u0111\u1ebfn s\u1ef1 k\u1ebft h\u1ee3p ho\u00e0n h\u1ea3o gi\u1eefa t\u00ednh b\u1ec1n b\u1ec9 v\u00e0 th\u1ea9m m\u1ef9 hi\u1ec7n \u0111\u1ea1i. \u0110\u01b0\u1ee3c l\u00e0m t\u1eeb v\u1eadt li\u1ec7u nh\u1ef1a PVC cao c\u1ea5p, t\u1ee7 b\u1ebfp kh\u00f4ng ch\u1ec9 ch\u1ecbu \u0111\u01b0\u1ee3c \u0111\u1ed9 \u1ea9m cao v\u00e0 va \u0111\u1eadp m\u1ea1nh m\u00e0 c\u00f2n d\u1ec5 d\u00e0ng v\u1ec7 sinh, b\u1ea3o qu\u1ea3n.<\/span><\/p>\n<p style=\"text-align: justify;\"><span style=\"font-weight: 400;\"> V\u1edbi thi\u1ebft k\u1ebf tinh t\u1ebf, m\u00e0u s\u1eafc \u0111a d\u1ea1ng v\u00e0 kh\u1ea3 n\u0103ng ch\u1ed1ng cong v\u00eanh, n\u1ee9t g\u00e3y, s\u1ea3n ph\u1ea9m gi\u00fap kh\u00f4ng gian b\u1ebfp th\u00eam sang tr\u1ecdng v\u00e0 b\u1ec1n l\u00e2u. L\u1ef1a ch\u1ecdn l\u00fd t\u01b0\u1edfng cho nh\u1eefng ai t\u00ecm ki\u1ebfm s\u1ef1 ti\u1ec7n nghi, hi\u1ec7n \u0111\u1ea1i v\u00e0 l\u00e2u d\u00e0i cho c\u0103n b\u1ebfp c\u1ee7a m\u00ecnh.<\/span><\/p>\n","protected":false},"featured_media":1996,"comment_status":"open","ping_status":"closed","template":"","meta":{"_acf_changed":false,"_gspb_post_css":""},"book-author":[],"product_brand":[],"product_cat":[135],"product_tag":[],"class_list":{"0":"post-2029","1":"product","2":"type-product","3":"status-publish","4":"has-post-thumbnail","6":"product_cat-tu-bep-nhua","8":"first","9":"instock","10":"shipping-taxable","11":"product-type-simple"},"acf":[],"_links":{"self":[{"href":"https:\/\/nhatnam.libion.me\/wp-json\/wp\/v2\/product\/2029","targetHints":{"allow":["GET"]}}],"collection":[{"href":"https:\/\/nhatnam.libion.me\/wp-json\/wp\/v2\/product"}],"about":[{"href":"https:\/\/nhatnam.libion.me\/wp-json\/wp\/v2\/types\/product"}],"replies":[{"embeddable":true,"href":"https:\/\/nhatnam.libion.me\/wp-json\/wp\/v2\/comments?post=2029"}],"wp:featuredmedia":[{"embeddable":true,"href":"https:\/\/nhatnam.libion.me\/wp-json\/wp\/v2\/media\/1996"}],"wp:attachment":[{"href":"https:\/\/nhatnam.libion.me\/wp-json\/wp\/v2\/media?parent=2029"}],"wp:term":[{"taxonomy":"book-author","embeddable":true,"href":"https:\/\/nhatnam.libion.me\/wp-json\/wp\/v2\/book-author?post=2029"},{"taxonomy":"product_brand","embeddable":true,"href":"https:\/\/nhatnam.libion.me\/wp-json\/wp\/v2\/product_brand?post=2029"},{"taxonomy":"product_cat","embeddable":true,"href":"https:\/\/nhatnam.libion.me\/wp-json\/wp\/v2\/product_cat?post=2029"},{"taxonomy":"product_tag","embeddable":true,"href":"https:\/\/nhatnam.libion.me\/wp-json\/wp\/v2\/product_tag?post=2029"}],"curies":[{"name":"wp","href":"https:\/\/api.w.org\/{rel}","templated":true}]}}