{"id":2026,"date":"2026-04-07T10:35:14","date_gmt":"2026-04-07T10:35:14","guid":{"rendered":"https:\/\/nhatnam.libion.me\/index.php\/product\/tu-bep-nhua-ecoplast\/"},"modified":"2026-04-07T10:35:19","modified_gmt":"2026-04-07T10:35:19","slug":"tu-bep-nhua-ecoplast","status":"publish","type":"product","link":"https:\/\/nhatnam.libion.me\/index.php\/product\/tu-bep-nhua-ecoplast\/","title":{"rendered":"T\u1ee7 B\u1ebfp Nh\u1ef1a Ecoplast"},"content":{"rendered":"<p style=\"text-align: justify;\"><span style=\"font-weight: 400;\"><a href=\"https:\/\/nhatnam.org\/san-pham\/tu-bep-nhua-ecoplast\/\" target=\"_blank\" rel=\"noopener\">T\u1ee7 b\u1ebfp nh\u1ef1a Ecoplast<\/a> s\u1edf h\u1eefu thi\u1ebft k\u1ebf tinh t\u1ebf, hi\u1ec7n \u0111\u1ea1i, k\u1ebft h\u1ee3p c\u00f9ng v\u1eadt li\u1ec7u cao c\u1ea5p c\u00f3 kh\u1ea3 n\u0103ng ch\u1ed1ng n\u01b0\u1edbc tuy\u1ec7t \u0111\u1ed1i, ch\u1ed1ng m\u1ed1i m\u1ecdt v\u00e0 kh\u00f4ng cong v\u00eanh theo th\u1eddi gian. V\u1edbi k\u1ebft c\u1ea5u ch\u1eafc ch\u1eafn nh\u01b0ng v\u1eabn nh\u1eb9 nh\u00e0ng, d\u1ec5 thi c\u00f4ng, s\u1ea3n ph\u1ea9m mang \u0111\u1ebfn s\u1ef1 b\u1ec1n b\u1ec9, ti\u1ec7n nghi v\u00e0 th\u1ea9m m\u1ef9 v\u01b0\u1ee3t tr\u1ed9i cho gian b\u1ebfp c\u1ee7a b\u1ea1n. L\u1ef1a ch\u1ecdn l\u00fd t\u01b0\u1edfng cho gia \u0111\u00ecnh y\u00eau th\u00edch s\u1ef1 g\u1ecdn g\u00e0ng, s\u1ea1ch s\u1ebd v\u00e0 sang tr\u1ecdng trong t\u1eebng chi ti\u1ebft.\u00a0<\/span><\/p>\n<h2 style=\"text-align: justify;\"><b>1. S\u01a1 l\u01b0\u1ee3c v\u1ec1 t\u1ee7 b\u1ebfp nh\u1ef1a Ecoplast<\/b><\/h2>\n<h3 style=\"text-align: justify;\"><b>1.1 Nh\u1ef1a Ecoplast l\u00e0 g\u00ec?<\/b><\/h3>\n<figure id=\"attachment_7189\" aria-describedby=\"caption-attachment-7189\" style=\"width: 1280px\" class=\"wp-caption aligncenter\"><img loading=\"lazy\" decoding=\"async\" class=\"wp-image-7189 size-full\" src=\"https:\/\/nhatnam.org\/wp-content\/uploads\/2025\/05\/tu_bep_nhua_cao_cap-16.jpg\" alt=\"T\u1ee7 B\u1ebfp Nh\u1ef1a Ecoplast\" width=\"1280\" height=\"960\" \/><figcaption id=\"caption-attachment-7189\" class=\"wp-caption-text\">M\u1eabu t\u1ee7 b\u1ebfp nh\u1ef1a Ecoplast v\u00e2n g\u1ed7 \u0111\u1eb9p<\/figcaption><\/figure>\n<p style=\"text-align: justify;\"><b><\/b><b>Nh\u1ef1a Ecoplast<\/b><span style=\"font-weight: 400;\"> l\u00e0 d\u00f2ng v\u1eadt li\u1ec7u n\u1ed9i th\u1ea5t cao c\u1ea5p do \u0110\u1ea1i Vi\u1ec7t Plastic nghi\u00ean c\u1ee9u v\u00e0 s\u1ea3n xu\u1ea5t. \u0110\u00e2y l\u00e0 m\u1ed9t lo\u1ea1i g\u1ed7 nh\u1ef1a sinh th\u00e1i, k\u1ebft h\u1ee3p gi\u1eefa nh\u1ef1a PVC nguy\u00ean sinh, b\u1ed9t \u0111\u00e1 si\u00eau m\u1ecbn v\u00e0 m\u1ed9t s\u1ed1 ph\u1ee5 gia k\u1ef9 thu\u1eadt nh\u1eb1m gia t\u0103ng \u0111\u1ed9 c\u1ee9ng, kh\u1ea3 n\u0103ng ch\u1ecbu l\u1ef1c, kh\u00e1ng n\u01b0\u1edbc v\u00e0 ch\u1ed1ng m\u1ed1i m\u1ecdt.<\/span><\/p>\n<p style=\"text-align: justify;\"><span style=\"font-weight: 400;\">C\u00f4ng ngh\u1ec7 \u00e9p \u0111\u00f9n hi\u1ec7n \u0111\u1ea1i gi\u00fap t\u1ea5m nh\u1ef1a Ecoplast c\u00f3 k\u1ebft c\u1ea5u d\u1ea1ng r\u1ed7ng x\u01b0\u01a1ng v\u1edbi c\u00e1c khoang ch\u1ecbu l\u1ef1c b\u00ean trong. Nh\u1edd \u0111\u00f3, v\u1eadt li\u1ec7u v\u1eeba nh\u1eb9, v\u1eeba c\u1ee9ng c\u00e1p, d\u1ec5 thi c\u00f4ng v\u00e0 th\u00e2n thi\u1ec7n v\u1edbi m\u00f4i tr\u01b0\u1eddng. S\u1ea3n ph\u1ea9m \u0111\u01b0\u1ee3c \u1ee9ng d\u1ee5ng r\u1ed9ng r\u00e3i trong thi c\u00f4ng n\u1ed9i th\u1ea5t v\u00e0 ngo\u1ea1i th\u1ea5t, \u0111\u1eb7c bi\u1ec7t l\u00e0 trong l\u0129nh v\u1ef1c t\u1ee7 b\u1ebfp cao c\u1ea5p.<\/span><\/p>\n<h3 style=\"text-align: justify;\"><span style=\"font-weight: 400;\">C\u1ea5u t\u1ea1o t\u1ea5m nh\u1ef1a Ecoplast g\u1ed3m:<\/span><\/h3>\n<ul style=\"text-align: justify;\">\n<li style=\"font-weight: 400;\" aria-level=\"1\"><b>L\u1edbp ph\u1ee7 b\u00f3ng:<\/b><span style=\"font-weight: 400;\"> T\u0103ng \u0111\u1ed9 b\u00e1m, ch\u1ed1ng x\u01b0\u1edbc, ch\u1ed1ng b\u00e1m b\u1ee5i.<\/span><\/li>\n<li style=\"font-weight: 400;\" aria-level=\"1\"><b>L\u1edbp ph\u1ee7 UV:<\/b><span style=\"font-weight: 400;\"> G\u1ed3m 3 l\u1edbp (l\u00f3t, \u0111\u1ec7m, b\u1ec1 m\u1eb7t), gi\u00fap ch\u1ed1ng tr\u1ea7y x\u01b0\u1edbc, b\u1ea3o v\u1ec7 b\u1ec1 m\u1eb7t lu\u00f4n m\u1edbi, r\u00f5 n\u00e9t v\u00e2n g\u1ed7.<\/span><\/li>\n<li style=\"font-weight: 400;\" aria-level=\"1\"><b>L\u1edbp m\u00e0u v\u00e2n g\u1ed7:<\/b><span style=\"font-weight: 400;\"> Thi\u1ebft k\u1ebf hi\u1ec7n \u0111\u1ea1i, m\u00f4 ph\u1ecfng c\u00e1c xu h\u01b0\u1edbng n\u1ed9i th\u1ea5t \u0111\u01b0\u1ee3c \u01b0a chu\u1ed9ng nh\u1ea5t hi\u1ec7n nay.<\/span><\/li>\n<li style=\"font-weight: 400;\" aria-level=\"1\"><b>L\u1edbp c\u1ed1t nh\u1ef1a cao c\u1ea5p:<\/b><span style=\"font-weight: 400;\"> C\u00f4ng ngh\u1ec7 \u00e9p \u0111\u00f9n r\u1ed7ng x\u01b0\u01a1ng gi\u00fap t\u1ea5m ph\u1eb3ng, gi\u1ea3m cong v\u00eanh, thi c\u00f4ng d\u1ec5 d\u00e0ng.<\/span><\/li>\n<li style=\"font-weight: 400;\" aria-level=\"1\"><b>Khung x\u01b0\u01a1ng t\u0103ng c\u01b0\u1eddng:<\/b><span style=\"font-weight: 400;\"> Gia c\u1ed1 ch\u1ecbu l\u1ef1c, ch\u1ed1ng x\u1ec7 c\u00e1nh t\u1ee7 trong qu\u00e1 tr\u00ecnh s\u1eed d\u1ee5ng.<\/span><\/li>\n<\/ul>\n<p style=\"text-align: justify;\"><span style=\"font-weight: 400;\">M\u1ed9t trong nh\u1eefng \u0111\u1eb7c \u0111i\u1ec3m \u0111\u00e1ng ch\u00fa \u00fd c\u1ee7a nh\u1ef1a Ecoplast l\u00e0 c\u1ea5u tr\u00fac d\u1ea1ng r\u1ed7ng v\u1edbi c\u00e1c khoang x\u01b0\u01a1ng ch\u1ecbu l\u1ef1c b\u00ean trong, gi\u00fap s\u1ea3n ph\u1ea9m v\u1eeba nh\u1eb9 v\u1eeba c\u1ee9ng c\u00e1p. Nh\u1edd v\u1eady, t\u1ee7 b\u1ebfp l\u00e0m t\u1eeb lo\u1ea1i nh\u1ef1a n\u00e0y kh\u00f4ng ch\u1ec9 b\u1ec1n b\u1ec9 theo th\u1eddi gian m\u00e0 c\u00f2n d\u1ec5 thi c\u00f4ng, linh ho\u1ea1t trong thi\u1ebft k\u1ebf v\u00e0 c\u00f3 th\u1ec3 k\u1ebft h\u1ee3p \u0111\u01b0\u1ee3c v\u1edbi nhi\u1ec1u lo\u1ea1i c\u00e1nh t\u1ee7 kh\u00e1c nhau nh\u01b0: c\u00e1nh nh\u1ef1a ph\u1ee7 acrylic b\u00f3ng g\u01b0\u01a1ng, c\u00e1nh laminate, c\u00e1nh k\u00ednh c\u01b0\u1eddng l\u1ef1c,&#8230;<\/span><\/p>\n<p style=\"text-align: justify;\"><span style=\"font-weight: 400;\">V\u1edbi v\u1ebb ngo\u00e0i hi\u1ec7n \u0111\u1ea1i, \u0111a d\u1ea1ng v\u1ec1 m\u00e0u s\u1eafc, t\u1ee7 b\u1ebfp nh\u1ef1a Ecoplast \u0111ang d\u1ea7n tr\u1edf th\u00e0nh l\u1ef1a ch\u1ecdn ph\u1ed5 bi\u1ebfn cho c\u00e1c gia \u0111\u00ecnh y\u00eau th\u00edch kh\u00f4ng gian b\u1ebfp s\u1ea1ch s\u1ebd, ti\u1ec7n nghi v\u00e0 b\u1ec1n \u0111\u1eb9p theo th\u1eddi gian.<\/span><\/p>\n<h2 style=\"text-align: justify;\"><b>1.2 T\u1ee7 b\u1ebfp nh\u1ef1a Ecoplast l\u00e0 g\u00ec?<\/b><b><\/b><\/h2>\n<figure id=\"attachment_7104\" aria-describedby=\"caption-attachment-7104\" style=\"width: 1280px\" class=\"wp-caption aligncenter\"><img loading=\"lazy\" decoding=\"async\" class=\"wp-image-7104 size-full\" src=\"https:\/\/nhatnam.org\/wp-content\/uploads\/2025\/05\/tu_bep_nhua-30.jpg\" alt=\"t\u1ee7 b\u1ebfp Nh\u1ef1a Ecoplast\" width=\"1280\" height=\"960\" \/><figcaption id=\"caption-attachment-7104\" class=\"wp-caption-text\">Thi\u1ebft k\u1ebf t\u1ee7 b\u1ebfp nh\u1ef1a Ecoplast ti\u1ebft ki\u1ec7m t\u1ed1i \u0111a di\u1ec7n t\u00edch<\/figcaption><\/figure>\n<p style=\"text-align: justify;\"><span style=\"font-weight: 400;\">T\u1ee7 b\u1ebfp nh\u1ef1a Ecoplast l\u00e0 s\u1ea3n ph\u1ea9m n\u1ed9i th\u1ea5t \u0111\u01b0\u1ee3c ch\u1ebf t\u1ea1o t\u1eeb t\u1ea5m nh\u1ef1a Ecoplast, mang trong m\u00ecnh nh\u1eefng \u01b0u \u0111i\u1ec3m v\u01b0\u1ee3t tr\u1ed9i v\u1ec1 \u0111\u1ed9 b\u1ec1n, t\u00ednh th\u1ea9m m\u1ef9 v\u00e0 kh\u1ea3 n\u0103ng ch\u1ed1ng ch\u1ecbu th\u1eddi ti\u1ebft. Kh\u00f4ng gi\u1ed1ng nh\u01b0 c\u00e1c lo\u1ea1i t\u1ee7 b\u1ebfp g\u1ed7 c\u00f4ng nghi\u1ec7p th\u00f4ng th\u01b0\u1eddng d\u1ec5 h\u01b0 h\u1ecfng do \u1ea9m \u01b0\u1edbt, m\u1ed1i m\u1ecdt, t\u1ee7 b\u1ebfp nh\u1ef1a Ecoplast \u0111\u1ea3m b\u1ea3o s\u1eed d\u1ee5ng l\u00e2u d\u00e0i m\u00e0 v\u1eabn gi\u1eef \u0111\u01b0\u1ee3c form d\u00e1ng v\u00e0 m\u00e0u s\u1eafc b\u1ec1n \u0111\u1eb9p theo th\u1eddi gian.<\/span><\/p>\n<p style=\"text-align: justify;\"><span style=\"font-weight: 400;\">V\u1edbi kh\u1ea3 n\u0103ng k\u1ebft h\u1ee3p linh ho\u1ea1t c\u00e1c b\u1ec1 m\u1eb7t ph\u1ee7 nh\u01b0 Acrylic, Laminate ho\u1eb7c Melamine, d\u00f2ng t\u1ee7 b\u1ebfp n\u00e0y kh\u00f4ng ch\u1ec9 \u0111\u00e1p \u1ee9ng t\u1ed1t v\u1ec1 m\u1eb7t k\u1ef9 thu\u1eadt m\u00e0 c\u00f2n mang \u0111\u1ebfn nhi\u1ec1u l\u1ef1a ch\u1ecdn thi\u1ebft k\u1ebf tinh t\u1ebf, hi\u1ec7n \u0111\u1ea1i v\u00e0 ph\u00f9 h\u1ee3p v\u1edbi t\u1eebng s\u1edf th\u00edch c\u00e1 nh\u00e2n<\/span><\/p>\n<h2 style=\"text-align: justify;\"><b>2. T\u1ee7 b\u1ebfp nh\u1ef1a Ecoplast c\u00f3 t\u1ed1t kh\u00f4ng?<br \/>\n<\/b><\/h2>\n<figure id=\"attachment_7096\" aria-describedby=\"caption-attachment-7096\" style=\"width: 1280px\" class=\"wp-caption aligncenter\"><img loading=\"lazy\" decoding=\"async\" class=\"wp-image-7096 size-full\" src=\"https:\/\/nhatnam.org\/wp-content\/uploads\/2025\/05\/tu_bep_nhua-22.jpg\" alt=\"T\u1ee7 B\u1ebfp Nh\u1ef1a Ecoplast\" width=\"1280\" height=\"960\" \/><figcaption id=\"caption-attachment-7096\" class=\"wp-caption-text\">S\u1ea3n ph\u1ea9m l\u00e0m t\u1ef1 nh\u1ef1a cao c\u1ea5p, kh\u00f4ng th\u1ea5m n\u01b0\u1edbc, \u0111\u1ed9 b\u1ec1n cao, an to\u00e0n s\u1ee9c kh\u1ecfe ng\u01b0\u1eddi d\u00f9ng<\/figcaption><\/figure>\n<p><span style=\"font-weight: 400;\">T\u1ee7 b\u1ebfp l\u00e0 m\u1ed9t ph\u1ea7n quan tr\u1ecdng trong kh\u00f4ng gian b\u1ebfp gia \u0111\u00ecnh. V\u1eady t\u1ea1i sao b\u1ea1n n\u00ean ch\u1ecdn <\/span>t\u1ee7 b\u1ebfp nh\u1ef1a Ecoplast<span style=\"font-weight: 400;\"> thay v\u00ec c\u00e1c v\u1eadt li\u1ec7u kh\u00e1c? D\u01b0\u1edbi \u0111\u00e2y l\u00e0 nh\u1eefng l\u00fd do m\u00e0 b\u1ea1n kh\u00f4ng th\u1ec3 b\u1ecf qua khi ch\u1ecdn s\u1ea3n ph\u1ea9m n\u00e0y:<\/span><\/p>\n<p style=\"text-align: justify;\"><b>Ch\u1ed1ng n\u01b0\u1edbc tuy\u1ec7t \u0111\u1ed1i: <\/b>Kh\u00f4ng gi\u1ed1ng nh\u01b0 c\u00e1c lo\u1ea1i t\u1ee7 b\u1ebfp g\u1ed7 c\u00f4ng nghi\u1ec7p hay g\u1ed7 t\u1ef1 nhi\u00ean d\u1ec5 b\u1ecb \u1ea9m m\u1ed1c trong m\u00f4i tr\u01b0\u1eddng \u1ea9m \u01b0\u1edbt, t\u1ee7 b\u1ebfp nh\u1ef1a Ecoplast ho\u00e0n to\u00e0n kh\u00f4ng th\u1ea5m n\u01b0\u1edbc<span style=\"font-weight: 400;\">. V\u1edbi t\u00ednh n\u0103ng n\u00e0y, t\u1ee7 b\u1ebfp c\u1ee7a b\u1ea1n s\u1ebd kh\u00f4ng b\u1ecb bong tr\u00f3c hay m\u1ee5c n\u00e1t theo th\u1eddi gian.<\/span><\/p>\n<p style=\"text-align: justify;\"><b>Kh\u1ea3 n\u0103ng ch\u1ecbu l\u1ef1c v\u00e0 \u0111\u1ed9 b\u1ec1n cao: <\/b><span style=\"font-weight: 400;\">T\u1ee7 b\u1ebfp nh\u1ef1a Ecoplast c\u00f3 k\u1ebft c\u1ea5u r\u1ed7ng 2 l\u1edbp v\u1edbi x\u01b0\u01a1ng nh\u1ef1a d\u00e0y ch\u1eafc ch\u1eafn, gi\u00fap ch\u1ecbu l\u1ef1c t\u1ed1t v\u00e0 kh\u00f4ng b\u1ecb cong v\u00eanh hay n\u1ee9t g\u00e3y trong qu\u00e1 tr\u00ecnh s\u1eed d\u1ee5ng. B\u1ec1 m\u1eb7t nh\u1ef1a c\u1ee9ng c\u00e1p, g\u00f5 v\u00e0o ph\u00e1t ra \u00e2m thanh ch\u1eafc n\u1ecbch nh\u01b0 g\u1ed7, th\u1ec3 hi\u1ec7n \u0111\u1ed9 \u0111\u1eb7c v\u00e0 \u0111\u1ed9 b\u1ec1n v\u01b0\u1ee3t tr\u1ed9i. V\u1edbi kh\u1ea3 n\u0103ng ch\u1ed1ng \u1ea9m, ch\u1ecbu nhi\u1ec7t v\u00e0 kh\u00f4ng b\u1ecb \u1ea3nh h\u01b0\u1edfng b\u1edfi m\u00f4i tr\u01b0\u1eddng, tu\u1ed5i th\u1ecd c\u1ee7a t\u1ee7 b\u1ebfp Ecoplast c\u00f3 th\u1ec3 l\u00ean \u0111\u1ebfn 20 n\u0103m \u2013 cao h\u01a1n nhi\u1ec1u so v\u1edbi c\u00e1c d\u00f2ng g\u1ed7 c\u00f4ng nghi\u1ec7p th\u00f4ng th\u01b0\u1eddng.<\/span><\/p>\n<p style=\"text-align: justify;\"><b>D\u1ec5 d\u00e0ng v\u1ec7 sinh: <\/b><span style=\"font-weight: 400;\">B\u1ec1 m\u1eb7t c\u1ee7a t\u1ee7 b\u1ebfp nh\u1ef1a Ecoplast m\u1ecbn m\u00e0ng, gi\u00fap <\/span>d\u1ec5 d\u00e0ng lau ch\u00f9i<span style=\"font-weight: 400;\"> c\u00e1c v\u1ebft b\u1ea9n t\u1eeb d\u1ea7u m\u1ee1, th\u1ef1c ph\u1ea9m, v\u00e0 b\u1ee5i b\u1ea9n. \u0110i\u1ec1u n\u00e0y gi\u00fap b\u1ea1n ti\u1ebft ki\u1ec7m th\u1eddi gian v\u1ec7 sinh v\u00e0 gi\u1eef cho kh\u00f4ng gian b\u1ebfp lu\u00f4n s\u1ea1ch s\u1ebd.<\/span><\/p>\n<p style=\"text-align: justify;\"><b>An to\u00e0n cho s\u1ee9c kh\u1ecfe: <\/b><span style=\"font-weight: 400;\">S\u1ea3n ph\u1ea9m \u0111\u01b0\u1ee3c l\u00e0m t\u1eeb <\/span>nh\u1ef1a PVC nguy\u00ean sinh<span style=\"font-weight: 400;\">, kh\u00f4ng ch\u1ee9a c\u00e1c ch\u1ea5t \u0111\u1ed9c h\u1ea1i nh\u01b0 formaldehyde, m\u1ed9t th\u00e0nh ph\u1ea7n th\u01b0\u1eddng th\u1ea5y trong c\u00e1c lo\u1ea1i g\u1ed7 c\u00f4ng nghi\u1ec7p. V\u00ec v\u1eady, t\u1ee7 b\u1ebfp nh\u1ef1a Ecoplast ho\u00e0n to\u00e0n an to\u00e0n cho s\u1ee9c kh\u1ecfe c\u1ee7a b\u1ea1n v\u00e0 gia \u0111\u00ecnh, \u0111\u1eb7c bi\u1ec7t l\u00e0 tr\u1ebb nh\u1ecf.<\/span><\/p>\n<p style=\"text-align: justify;\"><b>Th\u1ea9m m\u1ef9 cao v\u00e0 \u0111a d\u1ea1ng m\u1eabu m\u00e3: <\/b>T\u1ee7 b\u1ebfp nh\u1ef1a Ecoplast c\u00f3 nhi\u1ec1u m\u1eabu m\u00e3 v\u00e0 m\u00e0u s\u1eafc kh\u00e1c nhau, t\u1eeb m\u00e0u tr\u1eafng sang tr\u1ecdng, v\u00e2n g\u1ed7 t\u1ef1 nhi\u00ean \u0111\u1ebfn m\u00e0u s\u1eafc hi\u1ec7n \u0111\u1ea1i, \u0111\u00e1p \u1ee9ng m\u1ecdi phong c\u00e1ch thi\u1ebft k\u1ebf c\u1ee7a kh\u00f4ng gian b\u1ebfp. B\u1ea1n c\u00f3 th\u1ec3 tho\u1ea3i m\u00e1i l\u1ef1a ch\u1ecdn m\u1eabu t\u1ee7 b\u1ebfp ph\u00f9 h\u1ee3p v\u1edbi nhu c\u1ea7u v\u00e0 s\u1edf th\u00edch c\u1ee7a m\u00ecnh.<\/p>\n<h2 style=\"text-align: justify;\"><b>3. M\u1ed9t s\u1ed1 m\u1eabu t\u1ee7 b\u1ebfp nh\u1ef1a Ecoplast ph\u1ed5 bi\u1ebfn<\/b><b><\/b><\/h2>\n<figure id=\"attachment_7091\" aria-describedby=\"caption-attachment-7091\" style=\"width: 1280px\" class=\"wp-caption aligncenter\"><img loading=\"lazy\" decoding=\"async\" class=\"wp-image-7091 size-full\" src=\"https:\/\/nhatnam.org\/wp-content\/uploads\/2025\/05\/tu_bep_nhua-17.jpg\" alt=\"T\u1ee7 B\u1ebfp Nh\u1ef1a Ecoplast\" width=\"1280\" height=\"960\" \/><figcaption id=\"caption-attachment-7091\" class=\"wp-caption-text\">M\u1eabu t\u1ee7 b\u1ebfp nh\u1ef1a Ecoplast c\u00f3 b\u00e0n \u0111\u1ea3o, thi\u1ebft k\u1ebf t\u1ed1i gi\u1ea3n<\/figcaption><\/figure>\n<figure id=\"attachment_7089\" aria-describedby=\"caption-attachment-7089\" style=\"width: 1280px\" class=\"wp-caption aligncenter\"><img loading=\"lazy\" decoding=\"async\" class=\"wp-image-7089 size-full\" src=\"https:\/\/nhatnam.org\/wp-content\/uploads\/2025\/05\/tu_bep_nhua-15.jpg\" alt=\"T\u1ee7 B\u1ebfp Nh\u1ef1a Ecoplast\" width=\"1280\" height=\"960\" \/><figcaption id=\"caption-attachment-7089\" class=\"wp-caption-text\">Thi\u1ebft k\u1ebf t\u1ee7 b\u1ebfp nh\u1ef1a Ecoplast ch\u1eef L \u0111\u1eb9p, hi\u1ec7n \u0111\u1ea1i<\/figcaption><\/figure>\n<figure id=\"attachment_7087\" aria-describedby=\"caption-attachment-7087\" style=\"width: 1280px\" class=\"wp-caption aligncenter\"><img loading=\"lazy\" decoding=\"async\" class=\"wp-image-7087 size-full\" src=\"https:\/\/nhatnam.org\/wp-content\/uploads\/2025\/05\/tu_bep_nhua-13.jpg\" alt=\"T\u1ee7 B\u1ebfp Nh\u1ef1a Ecoplast\" width=\"1280\" height=\"960\" \/><figcaption id=\"caption-attachment-7087\" class=\"wp-caption-text\">M\u1eabu t\u1ee7 b\u1ebfp nh\u1ef1a Ecoplast sang tr\u1ecdng, hi\u1ec7n \u0111\u1ea1i<\/figcaption><\/figure>\n<figure id=\"attachment_7181\" aria-describedby=\"caption-attachment-7181\" style=\"width: 1280px\" class=\"wp-caption aligncenter\"><img loading=\"lazy\" decoding=\"async\" class=\"wp-image-7181 size-full\" src=\"https:\/\/nhatnam.org\/wp-content\/uploads\/2025\/05\/tu_bep_nhua_cao_cap-8.jpg\" alt=\"T\u1ee7 B\u1ebfp Nh\u1ef1a Ecoplast\" width=\"1280\" height=\"960\" \/><figcaption id=\"caption-attachment-7181\" class=\"wp-caption-text\">Thi\u1ebft k\u1ebf t\u1ee7 b\u1ebfp ch\u1eef U c\u00e1nh Acrylic sang tr\u1ecdng, hi\u1ec7n \u0111\u1ea1i<\/figcaption><\/figure>\n<h2 style=\"text-align: justify;\"><b>4. B\u00e1o gi\u00e1 t\u1ee7 b\u1ebfp nh\u1ef1a Ecoplast<\/b><b><\/b><\/h2>\n<p style=\"text-align: justify;\"><span style=\"font-weight: 400;\">Chi ph\u00ed thi c\u00f4ng t\u1ee7 b\u1ebfp nh\u1ef1a Ecoplast ph\u1ee5 thu\u1ed9c v\u00e0o nhi\u1ec1u y\u1ebfu t\u1ed1 nh\u01b0 k\u00edch th\u01b0\u1edbc th\u1ef1c t\u1ebf c\u1ee7a kh\u00f4ng gian b\u1ebfp, ki\u1ec3u d\u00e1ng thi\u1ebft k\u1ebf, lo\u1ea1i ph\u1ee5 ki\u1ec7n \u0111i k\u00e8m c\u0169ng nh\u01b0 ch\u1ea5t li\u1ec7u c\u00e1nh t\u1ee7 m\u00e0 kh\u00e1ch h\u00e0ng l\u1ef1a ch\u1ecdn. Ngo\u00e0i ra, m\u1ee9c \u0111\u1ed9 ho\u00e0n thi\u1ec7n, m\u00e0u s\u1eafc, phong c\u00e1ch thi\u1ebft k\u1ebf (t\u1ed1i gi\u1ea3n, hi\u1ec7n \u0111\u1ea1i hay t\u00e2n c\u1ed5 \u0111i\u1ec3n) c\u0169ng c\u00f3 th\u1ec3 \u1ea3nh h\u01b0\u1edfng \u0111\u1ebfn gi\u00e1 th\u00e0nh t\u1ed5ng th\u1ec3.<\/span><\/p>\n<p style=\"text-align: justify;\"><span style=\"font-weight: 400;\">\u0110\u1ec3 c\u00f3 b\u00e1o gi\u00e1 chi ti\u1ebft, ph\u00f9 h\u1ee3p v\u1edbi nhu c\u1ea7u v\u00e0 ng\u00e2n s\u00e1ch ri\u00eang, qu\u00fd kh\u00e1ch vui l\u00f2ng li\u00ean h\u1ec7 tr\u1ef1c ti\u1ebfp v\u1edbi <\/span><b>Nh\u1ea5t Nam<\/b><span style=\"font-weight: 400;\">. Ch\u00fang t\u00f4i s\u1ebd h\u1ed7 tr\u1ee3 t\u01b0 v\u1ea5n t\u1eadn t\u00ecnh, kh\u1ea3o s\u00e1t t\u1eadn n\u01a1i v\u00e0 g\u1eedi b\u00e1o gi\u00e1 c\u1ee5 th\u1ec3 theo t\u1eebng thi\u1ebft k\u1ebf. <\/span>Li\u00ean h\u1ec7 ngay v\u1edbi Nh\u1ea5t Nam \u0111\u1ec3 \u0111\u01b0\u1ee3c t\u01b0 v\u1ea5n v\u00e0 nh\u1eadn b\u00e1o gi\u00e1 t\u1ed1t nh\u1ea5t cho t\u1ee7 b\u1ebfp nh\u1ef1a Ecoplast!<\/p>\n<h2 style=\"text-align: justify;\"><b>5. Quy tr\u00ecnh thi\u1ebft k\u1ebf v\u00e0 l\u1eafp \u0111\u1eb7t t\u1ee7 b\u1ebfp nh\u1ef1a Ecoplast<\/b><\/h2>\n<p style=\"text-align: justify;\"><b>B\u01b0\u1edbc 1: Kh\u1ea3o s\u00e1t th\u1ef1c t\u1ebf v\u00e0 t\u01b0 v\u1ea5n mi\u1ec5n ph\u00ed<\/b><\/p>\n<p style=\"text-align: justify;\"><span style=\"font-weight: 400;\">B\u1ed9 ph\u1eadn k\u0129 thu\u1eadt c\u1ee7a Nh\u1ea5t Nam s\u1ebd \u0111\u1ebfn t\u1eadn nh\u00e0 b\u1ea1n \u0111\u1ec3 <\/span>kh\u1ea3o s\u00e1t kh\u00f4ng gian b\u1ebfp<span style=\"font-weight: 400;\">, l\u1eafng nghe y\u00eau c\u1ea7u v\u00e0 mong mu\u1ed1n c\u1ee7a b\u1ea1n, t\u1eeb \u0111\u00f3 \u0111\u01b0a ra nh\u1eefng t\u01b0 v\u1ea5n ph\u00f9 h\u1ee3p nh\u1ea5t.<\/span><\/p>\n<p style=\"text-align: justify;\"><b>B\u01b0\u1edbc 2: Thi\u1ebft k\u1ebf t\u1ee7 b\u1ebfp 3D<\/b><\/p>\n<p style=\"text-align: justify;\"><span style=\"font-weight: 400;\">Sau khi ti\u1ebfp nh\u1eadn th\u00f4ng tin, \u0111\u1ed9i ng\u0169 thi\u1ebft k\u1ebf c\u1ee7a ch\u00fang t\u00f4i s\u1ebd <\/span>l\u00ean b\u1ea3n v\u1ebd thi\u1ebft k\u1ebf t\u1ee7 b\u1ebfp 3D<span style=\"font-weight: 400;\"> cho b\u1ea1n, gi\u00fap b\u1ea1n h\u00ecnh dung \u0111\u01b0\u1ee3c kh\u00f4ng gian v\u00e0 l\u1ef1a ch\u1ecdn ki\u1ec3u d\u00e1ng ph\u00f9 h\u1ee3p.<\/span><\/p>\n<p style=\"text-align: justify;\"><b>B\u01b0\u1edbc 3: S\u1ea3n xu\u1ea5t t\u1ee7 b\u1ebfp theo y\u00eau c\u1ea7u<\/b><\/p>\n<p style=\"text-align: justify;\"><span style=\"font-weight: 400;\">T\u1ee7 b\u1ebfp nh\u1ef1a Ecoplast s\u1ebd \u0111\u01b0\u1ee3c <\/span>s\u1ea3n xu\u1ea5t t\u1ea1i x\u01b0\u1edfng <b>Nh\u1ea5t Nam<\/b><span style=\"font-weight: 400;\">, \u0111\u1ea3m b\u1ea3o ch\u1ea5t l\u01b0\u1ee3ng v\u00e0 \u0111\u00fang ti\u1ebfn \u0111\u1ed9. Ch\u00fang t\u00f4i s\u1eed d\u1ee5ng c\u00e1c v\u1eadt li\u1ec7u cao c\u1ea5p, c\u00f9ng v\u1edbi quy tr\u00ecnh s\u1ea3n xu\u1ea5t kh\u00e9p k\u00edn \u0111\u1ec3 \u0111\u1ea3m b\u1ea3o t\u1ee7 b\u1ebfp c\u1ee7a b\u1ea1n s\u1ebd ho\u00e0n h\u1ea3o nh\u1ea5t.<\/span><\/p>\n<p style=\"text-align: justify;\"><b>B\u01b0\u1edbc 4: L\u1eafp \u0111\u1eb7t v\u00e0 ho\u00e0n thi\u1ec7n<\/b><\/p>\n<p style=\"text-align: justify;\"><span style=\"font-weight: 400;\">\u0110\u1ed9i ng\u0169 thi c\u00f4ng chuy\u00ean nghi\u1ec7p s\u1ebd ti\u1ebfn h\u00e0nh <\/span>l\u1eafp \u0111\u1eb7t t\u1ee7 b\u1ebfp t\u1ea1i nh\u00e0 b\u1ea1n. Ch\u00fang t\u00f4i \u0111\u1ea3m b\u1ea3o th\u1eddi gian l\u1eafp \u0111\u1eb7t nhanh ch\u00f3ng, v\u00e0 \u0111\u00fang k\u1ef9 thu\u1eadt<span style=\"font-weight: 400;\">, gi\u00fap b\u1ea1n c\u00f3 m\u1ed9t kh\u00f4ng gian b\u1ebfp ho\u00e0n h\u1ea3o.<\/span><\/p>\n<h2 style=\"text-align: justify;\"><b>6. Nh\u1ea5t Nam \u2013 \u0110\u1ecba ch\u1ec9 t\u01b0 v\u1ea5n v\u00e0 s\u1ea3n xu\u1ea5t t\u1ee7 b\u1ebfp nh\u1ef1a Ecoplast uy t\u00edn h\u00e0ng \u0111\u1ea7u<\/b><\/h2>\n<p style=\"text-align: justify;\"><span style=\"font-weight: 400;\">Nh\u1ea5t Nam l\u00e0 \u0111\u01a1n v\u1ecb chuy\u00ean t\u01b0 v\u1ea5n, thi\u1ebft k\u1ebf v\u00e0 gia c\u00f4ng <\/span>t\u1ee7 b\u1ebfp nh\u1ef1a Ecoplast<span style=\"font-weight: 400;\"> uy t\u00edn t\u1ea1i th\u1ecb tr\u01b0\u1eddng Vi\u1ec7t Nam. V\u1edbi h\u01a1n 10 n\u0103m kinh nghi\u1ec7m trong ng\u00e0nh n\u1ed9i th\u1ea5t, Nh\u1ea5t Nam t\u1ef1 h\u00e0o s\u1edf h\u1eefu x\u01b0\u1edfng s\u1ea3n xu\u1ea5t tr\u1ef1c ti\u1ebfp, \u0111\u1ed9i ng\u0169 k\u1ef9 thu\u1eadt l\u00e0nh ngh\u1ec1 v\u00e0 ch\u00ednh s\u00e1ch b\u1ea3o h\u00e0nh r\u00f5 r\u00e0ng<\/span><\/p>\n<p style=\"text-align: justify;\"><b>T\u1ea1i sao ch\u1ecdn Nh\u1ea5t Nam?<\/b><\/p>\n<p style=\"text-align: justify;\"><b>Cam k\u1ebft s\u1eed d\u1ee5ng v\u1eadt li\u1ec7u ch\u00ednh h\u00e3ng t\u1eeb Nh\u1ef1a \u0110\u1ea1i Vi\u1ec7t<\/b><b><br \/>\n<\/b><span style=\"font-weight: 400;\">Ch\u00fang t\u00f4i ch\u1ec9 s\u1eed d\u1ee5ng t\u1ea5m nh\u1ef1a Ecoplast ch\u00ednh h\u00e3ng do \u0110\u1ea1i Vi\u1ec7t Plastic s\u1ea3n xu\u1ea5t \u2013 th\u01b0\u01a1ng hi\u1ec7u uy t\u00edn h\u00e0ng \u0111\u1ea7u trong l\u0129nh v\u1ef1c v\u1eadt li\u1ec7u nh\u1ef1a n\u1ed9i th\u1ea5t. Nh\u1edd v\u1eady, kh\u00e1ch h\u00e0ng ho\u00e0n to\u00e0n y\u00ean t\u00e2m v\u1ec1 ch\u1ea5t l\u01b0\u1ee3ng, \u0111\u1ed9 b\u1ec1n v\u00e0 \u0111\u1ed9 an to\u00e0n c\u1ee7a s\u1ea3n ph\u1ea9m.<\/span><\/p>\n<p style=\"text-align: justify;\"><b>H\u1ec7 th\u1ed1ng showroom v\u00e0 x\u01b0\u1edfng s\u1ea3n xu\u1ea5t \u0111\u1ed3ng b\u1ed9<\/b><b><br \/>\n<\/b><span style=\"font-weight: 400;\"> Nh\u1ea5t Nam s\u1edf h\u1eefu showroom tr\u01b0ng b\u00e0y \u0111a d\u1ea1ng m\u1eabu m\u00e3 k\u1ebft h\u1ee3p c\u00f9ng x\u01b0\u1edfng s\u1ea3n xu\u1ea5t hi\u1ec7n \u0111\u1ea1i, quy tr\u00ecnh kh\u00e9p k\u00edn. \u0110i\u1ec1u n\u00e0y gi\u00fap t\u1ed1i \u01b0u th\u1eddi gian thi c\u00f4ng, ki\u1ec3m so\u00e1t ch\u1ea5t l\u01b0\u1ee3ng \u0111\u1ea7u ra v\u00e0 mang \u0111\u1ebfn s\u1ea3n ph\u1ea9m \u0111\u00fang nh\u01b0 thi\u1ebft k\u1ebf ban \u0111\u1ea7u.<\/span><\/p>\n<p style=\"text-align: justify;\"><b>Thi c\u00f4ng nhanh ch\u00f3ng, \u0111\u00fang k\u1ef9 thu\u1eadt<\/b><b><br \/>\n<\/b><span style=\"font-weight: 400;\"> V\u1edbi \u0111\u1ed9i ng\u0169 th\u1ee3 tay ngh\u1ec1 cao v\u00e0 nhi\u1ec1u n\u0103m kinh nghi\u1ec7m, ch\u00fang t\u00f4i cam k\u1ebft thi c\u00f4ng \u0111\u00fang ti\u1ebfn \u0111\u1ed9, \u0111\u00fang quy chu\u1ea9n k\u1ef9 thu\u1eadt \u2013 \u0111\u1ea3m b\u1ea3o \u0111\u1ed9 b\u1ec1n v\u00e0 th\u1ea9m m\u1ef9 cho t\u1eebng chi ti\u1ebft t\u1ee7 b\u1ebfp.<\/span><\/p>\n<p style=\"text-align: justify;\"><b>T\u01b0 v\u1ea5n t\u1eadn t\u00e2m, thi\u1ebft k\u1ebf 3D mi\u1ec5n ph\u00ed<\/b><b><br \/>\n<\/b><span style=\"font-weight: 400;\">Nh\u1ea5t Nam lu\u00f4n l\u1eafng nghe v\u00e0 \u0111\u1ed3ng h\u00e0nh c\u00f9ng kh\u00e1ch h\u00e0ng t\u1eeb kh\u00e2u \u00fd t\u01b0\u1edfng \u0111\u1ebfn khi ho\u00e0n thi\u1ec7n. Ch\u00fang t\u00f4i h\u1ed7 tr\u1ee3 thi\u1ebft k\u1ebf 3D mi\u1ec5n ph\u00ed gi\u00fap b\u1ea1n d\u1ec5 d\u00e0ng h\u00ecnh dung kh\u00f4ng gian b\u1ebfp tr\u01b0\u1edbc khi thi c\u00f4ng th\u1ef1c t\u1ebf.<\/span><\/p>\n<p style=\"text-align: justify;\"><b>Gi\u00e1 c\u1ea3 c\u1ea1nh tranh \u2013 b\u1ea3o h\u00e0nh d\u00e0i h\u1ea1n<\/b><b><br \/>\n<\/b><span style=\"font-weight: 400;\">M\u1ed7i c\u00f4ng tr\u00ecnh t\u1ea1i Nh\u1ea5t Nam \u0111\u1ec1u \u0111\u01b0\u1ee3c b\u00e1o gi\u00e1 minh b\u1ea1ch, ph\u00f9 h\u1ee3p ng\u00e2n s\u00e1ch m\u00e0 v\u1eabn \u0111\u1ea3m b\u1ea3o ch\u1ea5t l\u01b0\u1ee3ng. \u0110\u1eb7c bi\u1ec7t, s\u1ea3n ph\u1ea9m c\u00f2n \u0111i k\u00e8m ch\u00ednh s\u00e1ch b\u1ea3o h\u00e0nh l\u00e2u d\u00e0i, gi\u00fap kh\u00e1ch h\u00e0ng y\u00ean t\u00e2m s\u1eed d\u1ee5ng trong th\u1eddi gian d\u00e0i.<\/span><\/p>\n<p style=\"text-align: justify;\"><span style=\"font-weight: 400;\">H\u00e3y \u0111\u1ec3 <\/span><a href=\"https:\/\/www.facebook.com\/ctynhatnam2011\" target=\"_blank\" rel=\"noopener\"><b>Nh\u1ea5t Nam<\/b><\/a><span style=\"font-weight: 400;\"> \u0111\u1ed3ng h\u00e0nh c\u00f9ng b\u1ea1n ki\u1ebfn t\u1ea1o kh\u00f4ng gian b\u1ebfp l\u00fd t\u01b0\u1edfng, \u0111\u1eb9p m\u1eaft v\u00e0 tr\u01b0\u1eddng t\u1ed3n theo n\u0103m th\u00e1ng!<\/span><\/p>\n","protected":false},"excerpt":{"rendered":"<p style=\"text-align: justify;\"><span style=\"font-weight: 400;\">T\u1ee7 b\u1ebfp nh\u1ef1a Ecoplast s\u1edf h\u1eefu thi\u1ebft k\u1ebf tinh t\u1ebf, hi\u1ec7n \u0111\u1ea1i, k\u1ebft h\u1ee3p c\u00f9ng v\u1eadt li\u1ec7u cao c\u1ea5p c\u00f3 kh\u1ea3 n\u0103ng ch\u1ed1ng n\u01b0\u1edbc tuy\u1ec7t \u0111\u1ed1i, ch\u1ed1ng m\u1ed1i m\u1ecdt v\u00e0 kh\u00f4ng cong v\u00eanh theo th\u1eddi gian. V\u1edbi k\u1ebft c\u1ea5u ch\u1eafc ch\u1eafn nh\u01b0ng v\u1eabn nh\u1eb9 nh\u00e0ng, d\u1ec5 thi c\u00f4ng, s\u1ea3n ph\u1ea9m mang \u0111\u1ebfn s\u1ef1 b\u1ec1n b\u1ec9, ti\u1ec7n nghi v\u00e0 th\u1ea9m m\u1ef9 v\u01b0\u1ee3t tr\u1ed9i cho gian b\u1ebfp c\u1ee7a b\u1ea1n. L\u1ef1a ch\u1ecdn l\u00fd t\u01b0\u1edfng cho gia \u0111\u00ecnh y\u00eau th\u00edch s\u1ef1 g\u1ecdn g\u00e0ng, s\u1ea1ch s\u1ebd v\u00e0 sang tr\u1ecdng trong t\u1eebng chi ti\u1ebft<\/span><\/p>\n","protected":false},"featured_media":2025,"comment_status":"open","ping_status":"closed","template":"","meta":{"_acf_changed":false,"_gspb_post_css":""},"book-author":[],"product_brand":[],"product_cat":[135],"product_tag":[],"class_list":{"0":"post-2026","1":"product","2":"type-product","3":"status-publish","4":"has-post-thumbnail","6":"product_cat-tu-bep-nhua","8":"first","9":"instock","10":"shipping-taxable","11":"product-type-simple"},"acf":[],"_links":{"self":[{"href":"https:\/\/nhatnam.libion.me\/index.php\/wp-json\/wp\/v2\/product\/2026","targetHints":{"allow":["GET"]}}],"collection":[{"href":"https:\/\/nhatnam.libion.me\/index.php\/wp-json\/wp\/v2\/product"}],"about":[{"href":"https:\/\/nhatnam.libion.me\/index.php\/wp-json\/wp\/v2\/types\/product"}],"replies":[{"embeddable":true,"href":"https:\/\/nhatnam.libion.me\/index.php\/wp-json\/wp\/v2\/comments?post=2026"}],"wp:featuredmedia":[{"embeddable":true,"href":"https:\/\/nhatnam.libion.me\/index.php\/wp-json\/wp\/v2\/media\/2025"}],"wp:attachment":[{"href":"https:\/\/nhatnam.libion.me\/index.php\/wp-json\/wp\/v2\/media?parent=2026"}],"wp:term":[{"taxonomy":"book-author","embeddable":true,"href":"https:\/\/nhatnam.libion.me\/index.php\/wp-json\/wp\/v2\/book-author?post=2026"},{"taxonomy":"product_brand","embeddable":true,"href":"https:\/\/nhatnam.libion.me\/index.php\/wp-json\/wp\/v2\/product_brand?post=2026"},{"taxonomy":"product_cat","embeddable":true,"href":"https:\/\/nhatnam.libion.me\/index.php\/wp-json\/wp\/v2\/product_cat?post=2026"},{"taxonomy":"product_tag","embeddable":true,"href":"https:\/\/nhatnam.libion.me\/index.php\/wp-json\/wp\/v2\/product_tag?post=2026"}],"curies":[{"name":"wp","href":"https:\/\/api.w.org\/{rel}","templated":true}]}}