{"id":2021,"date":"2026-04-07T10:35:07","date_gmt":"2026-04-07T10:35:07","guid":{"rendered":"https:\/\/nhatnam.libion.me\/index.php\/product\/tu-bep-nhua-vincoplast\/"},"modified":"2026-04-07T10:35:12","modified_gmt":"2026-04-07T10:35:12","slug":"tu-bep-nhua-vincoplast","status":"publish","type":"product","link":"https:\/\/nhatnam.libion.me\/product\/tu-bep-nhua-vincoplast\/","title":{"rendered":"T\u1ee7 B\u1ebfp Nh\u1ef1a Vincoplast"},"content":{"rendered":"<p style=\"text-align: justify;\"><span style=\"font-weight: 400;\"><a href=\"https:\/\/nhatnam.org\/san-pham\/tu-bep-nhua-vincoplast\/\" target=\"_blank\" rel=\"noopener\">T\u1ee7 b\u1ebfp nh\u1ef1a Vincoplas<\/a>t \u0111\u01b0\u1ee3c s\u1ea3n xu\u1ea5t t\u1eeb nh\u1ef1a PVC cao c\u1ea5p k\u1ebft h\u1ee3p b\u1ed9t \u0111\u00e1, mang \u0111\u1ebfn \u0111\u1ed9 b\u1ec1n v\u01b0\u1ee3t tr\u1ed9i, kh\u1ea3 n\u0103ng ch\u1ed1ng n\u01b0\u1edbc tuy\u1ec7t \u0111\u1ed1i v\u00e0 ch\u1ed1ng m\u1ed1i m\u1ecdt. S\u1ea3n ph\u1ea9m n\u00e0y ph\u00f9 h\u1ee3p v\u1edbi m\u1ecdi kh\u00f4ng gian b\u1ebfp nh\u1edd t\u00ednh linh ho\u1ea1t trong thi\u1ebft k\u1ebf v\u00e0 m\u00e0u s\u1eafc. V\u1edbi kh\u1ea3 n\u0103ng ch\u1ecbu nhi\u1ec7t, d\u1ec5 d\u00e0ng v\u1ec7 sinh v\u00e0 b\u1ec1 m\u1eb7t b\u1ec1n m\u00e0u theo th\u1eddi gian, t\u1ee7 b\u1ebfp Vincoplast l\u00e0 l\u1ef1a ch\u1ecdn ho\u00e0n h\u1ea3o cho nh\u1eefng gia \u0111\u00ecnh y\u00eau th\u00edch s\u1ef1 ti\u1ec7n nghi v\u00e0 hi\u1ec7n \u0111\u1ea1i. \u0110\u1eb7c bi\u1ec7t, v\u1edbi gi\u00e1 tr\u1ecb s\u1eed d\u1ee5ng l\u00e2u d\u00e0i, t\u1ee7 b\u1ebfp Vincoplast kh\u00f4ng ch\u1ec9 l\u00e0 s\u1ea3n ph\u1ea9m n\u1ed9i th\u1ea5t m\u00e0 c\u00f2n l\u00e0 s\u1ef1 \u0111\u1ea7u t\u01b0 th\u00f4ng minh cho ng\u00f4i nh\u00e0 c\u1ee7a b\u1ea1n.<\/span><\/p>\n<h2 style=\"text-align: justify;\"><b>1. Th\u1ebf n\u00e0o l\u00e0 t\u1ee7 b\u1ebfp nh\u1ef1a Vincoplast?\u00a0<\/b><\/h2>\n<figure id=\"attachment_7114\" aria-describedby=\"caption-attachment-7114\" style=\"width: 1280px\" class=\"wp-caption aligncenter\"><img loading=\"lazy\" decoding=\"async\" class=\"wp-image-7114 size-full\" src=\"https:\/\/nhatnam.org\/wp-content\/uploads\/2025\/05\/tu_bep_nhua-40.jpg\" alt=\"T\u1ee7 B\u1ebfp Nh\u1ef1a Vincoplast\" width=\"1280\" height=\"960\" \/><figcaption id=\"caption-attachment-7114\" class=\"wp-caption-text\">T\u1ee7 nh\u1ef1a Vincoplast ch\u1ed1ng th\u1ea5m n\u01b0\u1edbc tuy\u1ec7t \u0111\u1ed1i<\/figcaption><\/figure>\n<p style=\"text-align: justify;\"><span style=\"font-weight: 400;\">Nh\u1ef1a Vincoplast \u0111\u01b0\u1ee3c s\u1ea3n xu\u1ea5t t\u1eeb h\u1ed7n h\u1ee3p nh\u1ef1a PVC, b\u1ed9t \u0111\u00e1 v\u00e0 c\u00e1c ch\u1ea5t ph\u1ee5 gia \u0111\u1eb7c bi\u1ec7t. Qua quy tr\u00ecnh \u00e9p \u0111\u00f9n hi\u1ec7n \u0111\u1ea1i, nguy\u00ean li\u1ec7u \u0111\u01b0\u1ee3c \u0111\u1ecbnh h\u00ecnh th\u00e0nh c\u00e1c t\u1ea5m nh\u1ef1a c\u00f3 \u0111\u1ed9 d\u00e0y kho\u1ea3ng 1.8cm. B\u00ean trong, s\u1ea3n ph\u1ea9m c\u00f3 c\u1ea5u tr\u00fac r\u1ed7ng v\u1edbi h\u1ec7 th\u1ed1ng x\u01b0\u01a1ng nh\u1ef1a ch\u1eafc ch\u1eafn, gi\u00fap t\u0103ng c\u01b0\u1eddng \u0111\u1ed9 c\u1ee9ng v\u00e0 \u0111\u1ed9 b\u1ec1n trong qu\u00e1 tr\u00ecnh s\u1eed d\u1ee5ng.<\/span><\/p>\n<p style=\"text-align: justify;\"><span style=\"font-weight: 400;\">T\u1ee7 b\u1ebfp nh\u1ef1a Vincoplast l\u00e0 m\u1ed9t trong nh\u1eefng s\u1ea3n ph\u1ea9m n\u1ed9i th\u1ea5t ti\u00ean ti\u1ebfn s\u1eed d\u1ee5ng nh\u1ef1a Vincoplast cao c\u1ea5p, \u0111\u01b0\u1ee3c bi\u1ebft \u0111\u1ebfn v\u1edbi kh\u1ea3 n\u0103ng ch\u1ed1ng n\u01b0\u1edbc tuy\u1ec7t \u0111\u1ed1i, kh\u00f4ng b\u1ecb m\u1ed1i m\u1ecdt v\u00e0 \u0111\u1ed9 b\u1ec1n v\u01b0\u1ee3t tr\u1ed9i. \u0110\u01b0\u1ee3c s\u1ea3n xu\u1ea5t t\u1eeb nh\u1ef1a PVC nguy\u00ean sinh k\u1ebft h\u1ee3p b\u1ed9t \u0111\u00e1 theo c\u00f4ng ngh\u1ec7 hi\u1ec7n \u0111\u1ea1i, t\u1ee7 b\u1ebfp Vincoplast kh\u00f4ng ch\u1ec9 \u0111\u00e1p \u1ee9ng c\u00e1c y\u00eau c\u1ea7u k\u1ef9 thu\u1eadt m\u00e0 c\u00f2n s\u1edf h\u1eefu v\u1ebb \u0111\u1eb9p th\u1ea9m m\u1ef9 tinh t\u1ebf, hi\u1ec7n \u0111\u1ea1i.<\/span><\/p>\n<p style=\"text-align: justify;\"><span style=\"font-weight: 400;\">Kh\u00e1c bi\u1ec7t v\u1edbi c\u00e1c lo\u1ea1i v\u1eadt li\u1ec7u truy\u1ec1n th\u1ed1ng nh\u01b0 g\u1ed7 MDF, nh\u1ef1a Vincoplast mang l\u1ea1i gi\u1ea3i ph\u00e1p ho\u00e0n h\u1ea3o cho t\u1ee7 b\u1ebfp nh\u1edd kh\u1ea3 n\u0103ng ch\u1ecbu n\u01b0\u1edbc, ch\u1ed1ng cong v\u00eanh, ch\u1ed1ng m\u1ed1i m\u1ecdt, ph\u00f9 h\u1ee3p v\u1edbi \u0111i\u1ec1u ki\u1ec7n kh\u00ed h\u1eadu n\u00f3ng \u1ea9m c\u1ee7a Vi\u1ec7t Nam. Ch\u1ea5t li\u1ec7u n\u00e0y d\u1ec5 d\u00e0ng gia c\u00f4ng th\u00e0nh nhi\u1ec1u m\u1eabu t\u1ee7 b\u1ebfp v\u1edbi thi\u1ebft k\u1ebf hi\u1ec7n \u0111\u1ea1i, sang tr\u1ecdng, \u0111\u00e1p \u1ee9ng nhu c\u1ea7u c\u1ee7a m\u1ecdi kh\u00e1ch h\u00e0ng.<\/span><\/p>\n<h2 style=\"text-align: justify;\"><b>2. C\u1ea5u t\u1ea1o c\u1ee7a t\u1ee7 b\u1ebfp nh\u1ef1a Vincoplast<br \/>\n<\/b><\/h2>\n<figure id=\"attachment_7094\" aria-describedby=\"caption-attachment-7094\" style=\"width: 1280px\" class=\"wp-caption aligncenter\"><img loading=\"lazy\" decoding=\"async\" class=\"wp-image-7094 size-full\" src=\"https:\/\/nhatnam.org\/wp-content\/uploads\/2025\/05\/tu_bep_nhua-20.jpg\" alt=\"T\u1ee7 B\u1ebfp Nh\u1ef1a Vincoplast\" width=\"1280\" height=\"960\" \/><figcaption id=\"caption-attachment-7094\" class=\"wp-caption-text\">M\u1eabu t\u1ec9 b\u1ebfp nh\u1ef1a Vincoplast ph\u1ee7 Acrylic b\u00f3ng g\u01b0\u01a1ng<\/figcaption><\/figure>\n<p style=\"text-align: justify;\"><b>2.1. C\u1ed1t Nh\u1ef1a Vincoplast<\/b><\/p>\n<p style=\"text-align: justify;\"><span style=\"font-weight: 400;\">C\u1ed1t t\u1ee7 nh\u1ef1a Vincoplast \u0111\u01b0\u1ee3c s\u1ea3n xu\u1ea5t t\u1eeb nh\u1ef1a PVC nguy\u00ean sinh k\u1ebft h\u1ee3p v\u1edbi b\u1ed9t \u0111\u00e1 CaCO\u2083, t\u1ea1o n\u00ean t\u1ea5m nh\u1ef1a \u0111\u1eb7c c\u00f3 kh\u1ea3 n\u0103ng ch\u1ecbu l\u1ef1c, ch\u1ecbu nhi\u1ec7t v\u00e0 ch\u1ed1ng th\u1ea5m n\u01b0\u1edbc tuy\u1ec7t \u0111\u1ed1i. C\u1ed1t nh\u1ef1a n\u00e0y c\u00f3 \u0111\u1ed9 b\u1ec1n cao, kh\u00f4ng b\u1ecb cong v\u00eanh hay co ng\u00f3t theo th\u1eddi gian v\u00e0 bi\u1ebfn \u0111\u1ed9ng th\u1eddi ti\u1ebft. \u0110\u1eb7c bi\u1ec7t, nh\u1ef1a Vincoplast kh\u00f4ng b\u1ecb \u1ea3nh h\u01b0\u1edfng b\u1edfi c\u00e1c y\u1ebfu t\u1ed1 sinh h\u1ecdc nh\u01b0 m\u1ed1i m\u1ecdt hay n\u1ea5m m\u1ed1c, \u0111i\u1ec1u n\u00e0y gi\u00fap k\u00e9o d\u00e0i tu\u1ed5i th\u1ecd c\u1ee7a t\u1ee7 nh\u1ef1a Vincoplast.<\/span><\/p>\n<p style=\"text-align: justify;\"><b>2.2. B\u1ec1 m\u1eb7t ph\u1ee7<\/b><\/p>\n<p style=\"text-align: justify;\"><span style=\"font-weight: 400;\">T\u1ee7 b\u1ebfp nh\u1ef1a Vincoplast c\u00f3 th\u1ec3 \u0111\u01b0\u1ee3c ph\u1ee7 c\u00e1c l\u1edbp v\u1eadt li\u1ec7u b\u1ec1 m\u1eb7t kh\u00e1c nhau \u0111\u1ec3 t\u1ea1o n\u00ean phong c\u00e1ch ri\u00eang bi\u1ec7t:<\/span><\/p>\n<p style=\"text-align: justify;\"><span style=\"font-weight: 400;\">Acrylic b\u00f3ng g\u01b0\u01a1ng: T\u1ea1o hi\u1ec7u \u1ee9ng ph\u1ea3n chi\u1ebfu \u00e1nh s\u00e1ng, hi\u1ec7n \u0111\u1ea1i v\u00e0 d\u1ec5 v\u1ec7 sinh.<\/span><\/p>\n<p style=\"text-align: justify;\"><span style=\"font-weight: 400;\">Laminate v\u00e2n g\u1ed7: T\u1ea1o c\u1ea3m gi\u00e1c t\u1ef1 nhi\u00ean, sang tr\u1ecdng v\u00e0 d\u1ec5 ph\u1ed1i h\u1ee3p v\u1edbi c\u00e1c v\u1eadt d\u1ee5ng n\u1ed9i th\u1ea5t kh\u00e1c.<\/span><\/p>\n<p style=\"text-align: justify;\"><span style=\"font-weight: 400;\">PVC v\u00e2n \u0111\u00e1 ho\u1eb7c m\u00e0u tr\u01a1n: Ph\u00f9 h\u1ee3p v\u1edbi nh\u1eefng kh\u00f4ng gian b\u1ebfp theo phong c\u00e1ch t\u1ed1i gi\u1ea3n ho\u1eb7c c\u00e1 t\u00ednh.<\/span><\/p>\n<p style=\"text-align: justify;\"><b>2.3. H\u1ec7 ph\u1ee5 ki\u1ec7n<\/b><\/p>\n<p style=\"text-align: justify;\"><span style=\"font-weight: 400;\">T\u1ee7 nh\u1ef1a Vincoplast kh\u00f4ng th\u1ec3 thi\u1ebfu c\u00e1c ph\u1ee5 ki\u1ec7n \u0111\u1ed3ng b\u1ed9 t\u1eeb c\u00e1c th\u01b0\u01a1ng hi\u1ec7u n\u1ed5i ti\u1ebfng nh\u01b0 Blum, Hafele, Cariny. C\u00e1c ph\u1ee5 ki\u1ec7n n\u00e0y bao g\u1ed3m b\u1ea3n l\u1ec1 gi\u1ea3m ch\u1ea5n, ray tr\u01b0\u1ee3t \u00e2m, tay n\u00e2ng, gi\u00fap t\u0103ng t\u00ednh ti\u1ec7n d\u1ee5ng v\u00e0 \u0111\u1ed9 b\u1ec1n cho s\u1ea3n ph\u1ea9m.<\/span><\/p>\n<h2 style=\"text-align: justify;\"><b>3. \u01afu \u0111i\u1ec3m v\u00e0 h\u1ea1n ch\u1ebf c\u1ee7a t\u1ee7 b\u1ebfp nh\u1ef1a Vincoplast<\/b><\/h2>\n<p style=\"text-align: justify;\"><b>3.1. \u01afu \u0110i\u1ec3m<\/b><\/p>\n<p style=\"text-align: justify;\"><span style=\"font-weight: 400;\">T\u1ee7 b\u1ebfp nh\u1ef1a Vincoplast c\u00f3 nhi\u1ec1u \u01b0u \u0111i\u1ec3m n\u1ed5i b\u1eadt khi\u1ebfn n\u00f3 tr\u1edf th\u00e0nh l\u1ef1a ch\u1ecdn h\u00e0ng \u0111\u1ea7u cho c\u00e1c gia \u0111\u00ecnh hi\u1ec7n \u0111\u1ea1i:<\/span><\/p>\n<ul>\n<li style=\"text-align: justify;\"><b>\u0110\u1ed9 b\u1ec1n cao: <\/b><span style=\"font-weight: 400;\">Vincoplast l\u00e0 lo\u1ea1i nh\u1ef1a \u0111\u01b0\u1ee3c ch\u1ebf t\u1ea1o t\u1eeb s\u1ef1 pha tr\u1ed9n gi\u1eefa nh\u1ef1a PVC nguy\u00ean sinh, b\u1ed9t \u0111\u00e1 v\u00e0 c\u00e1c ph\u1ee5 gia chuy\u00ean d\u1ee5ng, t\u1ea1o n\u00ean m\u1ed9t v\u1eadt li\u1ec7u c\u00f3 t\u00ednh \u1ee9ng d\u1ee5ng cao trong n\u1ed9i th\u1ea5t. Qua c\u00f4ng ngh\u1ec7 \u0111\u00f9n \u00e9p hi\u1ec7n \u0111\u1ea1i, h\u1ed7n h\u1ee3p n\u00e0y \u0111\u01b0\u1ee3c \u0111\u00fac th\u00e0nh nh\u1eefng t\u1ea5m nh\u1ef1a d\u00e0y kho\u1ea3ng 1.8cm. B\u00ean trong, t\u1ea5m nh\u1ef1a s\u1edf h\u1eefu c\u1ea5u tr\u00fac r\u1ed7ng \u0111\u1eb7c tr\u01b0ng, \u0111\u01b0\u1ee3c gia c\u01b0\u1eddng b\u1edfi h\u1ec7 th\u1ed1ng x\u01b0\u01a1ng nh\u1ef1a d\u00e0y v\u00e0 ch\u1eafc, \u0111\u00f3ng vai tr\u00f2 nh\u01b0 khung x\u01b0\u01a1ng n\u00e2ng \u0111\u1ee1, gi\u00fap v\u1eadt li\u1ec7u c\u1ee9ng c\u00e1p, ch\u1ecbu l\u1ef1c t\u1ed1t m\u00e0 v\u1eabn gi\u1eef \u0111\u01b0\u1ee3c tr\u1ecdng l\u01b0\u1ee3ng nh\u1eb9. S\u1ef1 k\u1ebft h\u1ee3p n\u00e0y mang l\u1ea1i cho Vincoplast \u0111\u1ed9 b\u1ec1n v\u01b0\u1ee3t tr\u1ed9i, t\u00ednh \u1ed5n \u0111\u1ecbnh cao v\u00e0 kh\u1ea3 n\u0103ng \u1ee9ng d\u1ee5ng linh ho\u1ea1t trong nhi\u1ec1u c\u00f4ng tr\u00ecnh n\u1ed9i th\u1ea5t hi\u1ec7n \u0111\u1ea1i.<\/span><\/li>\n<li style=\"text-align: justify;\"><b>Ch\u1ecbu n\u01b0\u1edbc tuy\u1ec7t \u0111\u1ed1i: <\/b><span style=\"font-weight: 400;\">V\u1edbi c\u1ea5u t\u1ea1o \u0111\u1eb7c bi\u1ec7t, t\u1ee7 b\u1ebfp Vincoplast ho\u00e0n to\u00e0n kh\u00f4ng th\u1ea5m n\u01b0\u1edbc, kh\u00f4ng b\u1ecb ph\u1ed3ng r\u1ed9p hay m\u1ee5c n\u00e1t khi ti\u1ebfp x\u00fac v\u1edbi n\u01b0\u1edbc, l\u00e0 gi\u1ea3i ph\u00e1p l\u00fd t\u01b0\u1edfng cho nh\u1eefng khu v\u1ef1c b\u1ebfp c\u00f3 \u0111\u1ed9 \u1ea9m cao.<\/span><\/li>\n<li style=\"text-align: justify;\"><b>Kh\u00f4ng m\u1ed1i m\u1ecdt, kh\u00f4ng cong v\u00eanh: <\/b><span style=\"font-weight: 400;\">Nh\u1edd v\u00e0o nh\u1ef1a PVC c\u00f3 t\u00ednh \u1ed5n \u0111\u1ecbnh cao, t\u1ee7 b\u1ebfp Vincoplast kh\u00f4ng b\u1ecb \u1ea3nh h\u01b0\u1edfng b\u1edfi m\u1ed1i m\u1ecdt hay s\u1ef1 thay \u0111\u1ed5i c\u1ee7a m\u00f4i tr\u01b0\u1eddng xung quanh nh\u01b0 c\u00e1c t\u1ee7 b\u1ebfp g\u1ed7 truy\u1ec1n th\u1ed1ng.<\/span><\/li>\n<li style=\"text-align: justify;\"><b>D\u1ec5 v\u1ec7 sinh, b\u1ec1 m\u1eb7t b\u1ec1n m\u00e0u: <\/b><span style=\"font-weight: 400;\">B\u1ec1 m\u1eb7t t\u1ee7 b\u1ebfp Vincoplast lu\u00f4n b\u00f3ng \u0111\u1eb9p, d\u1ec5 d\u00e0ng lau ch\u00f9i v\u00e0 kh\u00f4ng b\u1ecb x\u01b0\u1edbc hay phai m\u00e0u theo th\u1eddi gian, gi\u00fap gi\u1eef \u0111\u01b0\u1ee3c v\u1ebb m\u1edbi l\u00e2u d\u00e0i.<\/span><\/li>\n<li style=\"text-align: justify;\"><b>An to\u00e0n cho s\u1ee9c kh\u1ecfe: <\/b>Nh\u1ef1a Vincoplast l<span style=\"font-weight: 400;\">\u00e0 v\u1eadt li\u1ec7u kh\u00f4ng ch\u1ee9a formaldehyde v\u00e0 c\u00e1c ch\u1ea5t \u0111\u1ed9c h\u1ea1i, t\u1ee7 b\u1ebfp nh\u1ef1a Vincoplast ho\u00e0n to\u00e0n an to\u00e0n cho ng\u01b0\u1eddi s\u1eed d\u1ee5ng, \u0111\u1eb7c bi\u1ec7t l\u00e0 v\u1edbi c\u00e1c gia \u0111\u00ecnh c\u00f3 tr\u1ebb nh\u1ecf.<\/span><\/li>\n<li style=\"text-align: justify;\"><b>D\u1ec5 gia c\u00f4ng: <\/b><span style=\"font-weight: 400;\">V\u1edbi kh\u1ea3 n\u0103ng gia c\u00f4ng linh ho\u1ea1t, t\u1ee7 b\u1ebfp Vincoplast c\u00f3 th\u1ec3 t\u1ea1o th\u00e0nh nhi\u1ec1u ki\u1ec3u d\u00e1ng kh\u00e1c nhau t\u1eeb \u0111\u01a1n gi\u1ea3n \u0111\u1ebfn ph\u1ee9c t\u1ea1p, ph\u00f9 h\u1ee3p v\u1edbi m\u1ecdi y\u00eau c\u1ea7u thi\u1ebft k\u1ebf.<\/span><\/li>\n<\/ul>\n<p style=\"text-align: justify;\"><b>3.2. H\u1ea1n ch\u1ebf<\/b><\/p>\n<ul>\n<li><span style=\"font-weight: 400;\"><strong>Gi\u00e1 th\u00e0nh cao h\u01a1n so v\u1edbi g\u1ed7 c\u00f4ng nghi\u1ec7p<\/strong>: Tuy nhi\u00ean, v\u1edbi \u0111\u1ed9 b\u1ec1n v\u00e0 t\u00ednh n\u0103ng v\u01b0\u1ee3t tr\u1ed9i, m\u1ee9c gi\u00e1 n\u00e0y l\u00e0 h\u1ee3p l\u00fd.<\/span><\/li>\n<li><span style=\"font-weight: 400;\"><strong>C\u1ea7n s\u1eed d\u1ee5ng ph\u1ee5 ki\u1ec7n \u0111\u1ed3ng b\u1ed9 ch\u1ea5t l\u01b0\u1ee3ng:<\/strong> \u0110\u1ec3 \u0111\u1ea3m b\u1ea3o s\u1ea3n ph\u1ea9m ho\u1ea1t \u0111\u1ed9ng \u1ed5n \u0111\u1ecbnh v\u00e0 b\u1ec1n l\u00e2u, vi\u1ec7c ch\u1ecdn ph\u1ee5 ki\u1ec7n ch\u1ea5t l\u01b0\u1ee3ng cao l\u00e0 \u0111i\u1ec1u c\u1ea7n thi\u1ebft.<\/span><\/li>\n<\/ul>\n<h2 style=\"text-align: justify;\"><b>4. B\u00e1o gi\u00e1 t\u1ee7 b\u1ebfp nh\u1ef1a Vincoplast<\/b><\/h2>\n<p style=\"text-align: justify;\"><span style=\"font-weight: 400;\">Chi ph\u00ed thi c\u00f4ng t\u1ee7 b\u1ebfp nh\u1ef1a Vincoplast th\u01b0\u1eddng ph\u1ee5 thu\u1ed9c v\u00e0o nhi\u1ec1u y\u1ebfu t\u1ed1 nh\u01b0: Di\u1ec7n t\u00edch b\u1ebfp, ki\u1ec3u d\u00e1ng thi\u1ebft k\u1ebf (ch\u1eef I, ch\u1eef L, ch\u1eef U&#8230;), s\u1ed1 l\u01b0\u1ee3ng ng\u0103n t\u1ee7, lo\u1ea1i ph\u1ee5 ki\u1ec7n s\u1eed d\u1ee5ng v\u00e0 y\u00eau c\u1ea7u c\u1ee5 th\u1ec3 t\u1eeb kh\u00e1ch h\u00e0ng. B\u00ean c\u1ea1nh \u0111\u00f3, m\u00e0u s\u1eafc, \u0111\u1ed9 d\u00e0y t\u1ea5m nh\u1ef1a v\u00e0 c\u00e1c chi ti\u1ebft trang tr\u00ed c\u0169ng \u1ea3nh h\u01b0\u1edfng \u0111\u1ebfn m\u1ee9c gi\u00e1 t\u1ed5ng th\u1ec3.<\/span><\/p>\n<p style=\"text-align: justify;\"><span style=\"font-weight: 400;\">V\u00ec v\u1eady, \u0111\u1ec3 c\u00f3 th\u00f4ng tin b\u00e1o gi\u00e1 ch\u00ednh x\u00e1c v\u00e0 ph\u00f9 h\u1ee3p nh\u1ea5t v\u1edbi kh\u00f4ng gian th\u1ef1c t\u1ebf, qu\u00fd kh\u00e1ch n\u00ean li\u00ean h\u1ec7 tr\u1ef1c ti\u1ebfp v\u1edbi<\/span><b> Nh\u1ea5t Nam<\/b><span style=\"font-weight: 400;\">. Ch\u00fang t\u00f4i lu\u00f4n s\u1eb5n s\u00e0ng t\u01b0 v\u1ea5n, kh\u1ea3o s\u00e1t t\u1eadn n\u01a1i v\u00e0 g\u1eedi b\u00e1o gi\u00e1 chi ti\u1ebft theo t\u1eebng thi\u1ebft k\u1ebf ri\u00eang bi\u1ec7t. <\/span>Li\u00ean h\u1ec7 Nh\u1ea5t Nam \u0111\u1ec3 \u0111\u01b0\u1ee3c t\u01b0 v\u1ea5n t\u1eadn t\u00ecnh v\u00e0 nh\u1eadn b\u00e1o gi\u00e1 \u01b0u \u0111\u00e3i theo y\u00eau c\u1ea7u!<\/p>\n<h2 style=\"text-align: justify;\"><b>5. M\u1ed9t s\u1ed1 m\u1eabu t\u1ee7 b\u1ebfp vincoplast \u0111\u1eb9p<\/b><\/h2>\n<p style=\"text-align: justify;\"><span style=\"font-weight: 400;\">D\u01b0\u1edbi \u0111\u00e2y l\u00e0 c\u00e1c m\u1eabu t\u1ee7 b\u1ebfp Vincoplast \u0111\u1eb9p, hi\u1ec7n \u0111\u1ea1i v\u00e0 \u0111\u01b0\u1ee3c \u01b0a chu\u1ed9ng trong c\u00e1c c\u0103n b\u1ebfp c\u1ee7a gia \u0111\u00ecnh Vi\u1ec7t:<br \/>\n<\/span><\/p>\n<figure id=\"attachment_7083\" aria-describedby=\"caption-attachment-7083\" style=\"width: 1280px\" class=\"wp-caption aligncenter\"><img loading=\"lazy\" decoding=\"async\" class=\"wp-image-7083 size-full\" src=\"https:\/\/nhatnam.org\/wp-content\/uploads\/2025\/05\/tu_bep_nhua-9.jpg\" alt=\"T\u1ee7 B\u1ebfp Nh\u1ef1a Vincoplast\" width=\"1280\" height=\"960\" \/><figcaption id=\"caption-attachment-7083\" class=\"wp-caption-text\">M\u1eabu t\u1ee7 b\u1ebfp nh\u1ef1a Acrylic b\u00f3ng g\u01b0\u01a1ng b\u1ec1n \u0111\u1eb9p<\/figcaption><\/figure>\n<figure id=\"attachment_7107\" aria-describedby=\"caption-attachment-7107\" style=\"width: 1280px\" class=\"wp-caption aligncenter\"><img loading=\"lazy\" decoding=\"async\" class=\"wp-image-7107 size-full\" src=\"https:\/\/nhatnam.org\/wp-content\/uploads\/2025\/05\/tu_bep_nhua-33.jpg\" alt=\"T\u1ee7 B\u1ebfp Nh\u1ef1a Vincoplast\" width=\"1280\" height=\"960\" \/><figcaption id=\"caption-attachment-7107\" class=\"wp-caption-text\">Phong c\u00e1ch t\u1ed1i gi\u1ea3n v\u1edbi m\u00e0u s\u1eafc nh\u1eb9 nh\u00e0ng, t\u1ea1o n\u00ean kh\u00f4ng gian b\u1ebfp thanh tho\u00e1t v\u00e0 hi\u1ec7n \u0111\u1ea1i.<\/figcaption><\/figure>\n<figure id=\"attachment_7116\" aria-describedby=\"caption-attachment-7116\" style=\"width: 1280px\" class=\"wp-caption aligncenter\"><img loading=\"lazy\" decoding=\"async\" class=\"wp-image-7116 size-full\" src=\"https:\/\/nhatnam.org\/wp-content\/uploads\/2025\/05\/tu_bep_nhua-42.jpg\" alt=\"\" width=\"1280\" height=\"960\" \/><figcaption id=\"caption-attachment-7116\" class=\"wp-caption-text\">Thi\u1ebft k\u1ebf t\u1ee7 nh\u1ef1a Vincoplast ch\u1eef L k\u1ebft h\u1ee3p \u0111\u1ea3o b\u1ebfp, t\u1ea1o kh\u00f4ng gian s\u1eed d\u1ee5ng r\u1ed9ng r\u00e3i v\u00e0 ti\u1ec7n nghi. M\u1eabu t\u1ee7 n\u00e0y r\u1ea5t ph\u00f9 h\u1ee3p cho c\u00e1c c\u0103n b\u1ebfp c\u00f3 di\u1ec7n t\u00edch l\u1edbn.<\/figcaption><\/figure>\n<figure id=\"attachment_7178\" aria-describedby=\"caption-attachment-7178\" style=\"width: 1280px\" class=\"wp-caption aligncenter\"><img loading=\"lazy\" decoding=\"async\" class=\"wp-image-7178 size-full\" src=\"https:\/\/nhatnam.org\/wp-content\/uploads\/2025\/05\/tu_bep_nhua_cao_cap-5.jpg\" alt=\"\" width=\"1280\" height=\"960\" \/><figcaption id=\"caption-attachment-7178\" class=\"wp-caption-text\">V\u1edbi l\u1edbp ph\u1ee7 Laminate v\u00e2n g\u1ed7, m\u1eabu t\u1ee7 b\u1ebfp Vincoplast mang l\u1ea1i c\u1ea3m gi\u00e1c t\u1ef1 nhi\u00ean, g\u1ea7n g\u0169i, t\u1ea1o \u0111i\u1ec3m nh\u1ea5n tinh t\u1ebf cho kh\u00f4ng gian b\u1ebfp<\/figcaption><\/figure>\n<h2 style=\"text-align: justify;\"><strong>6. So s\u00e1nh nh\u1ef1a Vincoplast v\u00e0 Ecoplast<\/strong><\/h2>\n<p style=\"text-align: justify;\"><strong>6.1. Ch\u1ea5t li\u1ec7u<\/strong><\/p>\n<p style=\"text-align: justify;\"><span style=\"font-weight: 400;\">Nh\u1ef1a Vincoplast s\u1eed d\u1ee5ng c\u00f4ng ngh\u1ec7 k\u1ebft h\u1ee3p PVC nguy\u00ean sinh v\u00e0 b\u1ed9t \u0111\u00e1 v\u1edbi \u0111\u1ed9 b\u1ec1n cao, kh\u1ea3 n\u0103ng ch\u1ed1ng th\u1ea5m n\u01b0\u1edbc v\u00e0 ch\u1ed1ng m\u1ed1i m\u1ecdt tuy\u1ec7t \u0111\u1ed1i.<\/span><\/p>\n<p style=\"text-align: justify;\"><span style=\"font-weight: 400;\">Nh\u1ef1a Ecoplast c\u0169ng c\u00f3 kh\u1ea3 n\u0103ng ch\u1ed1ng th\u1ea5m nh\u01b0ng \u00edt \u0111\u01b0\u1ee3c \u0111\u00e1nh gi\u00e1 cao b\u1eb1ng Vincoplast v\u1ec1 \u0111\u1ed9 b\u1ec1n c\u01a1 h\u1ecdc v\u00e0 ch\u1ecbu l\u1ef1c.<\/span><\/p>\n<p style=\"text-align: justify;\"><strong>6.2. \u0110\u1ed9 b\u1ec1n<\/strong><\/p>\n<p style=\"text-align: justify;\"><span style=\"font-weight: 400;\">Nh\u1ef1a Vincoplast v\u01b0\u1ee3t tr\u1ed9i v\u1ec1 kh\u1ea3 n\u0103ng ch\u1ecbu nhi\u1ec7t, ch\u1ecbu l\u1ef1c v\u00e0 \u0111\u1ed9 b\u1ec1n l\u00e2u d\u00e0i h\u01a1n Ecoplast, \u0111\u1eb7c bi\u1ec7t l\u00e0 khi ti\u1ebfp x\u00fac v\u1edbi c\u00e1c y\u1ebfu t\u1ed1 m\u00f4i tr\u01b0\u1eddng kh\u1eafc nghi\u1ec7t nh\u01b0 nhi\u1ec7t \u0111\u1ed9 cao, \u0111\u1ed9 \u1ea9m.<\/span><\/p>\n<p style=\"text-align: justify;\"><strong>6.3. Gi\u00e1 th\u00e0nh<\/strong><\/p>\n<p style=\"text-align: justify;\"><span style=\"font-weight: 400;\">Nh\u1ef1a Vincoplast th\u01b0\u1eddng c\u00f3 gi\u00e1 th\u00e0nh cao h\u01a1n Ecoplast do ch\u1ea5t li\u1ec7u v\u00e0 c\u00f4ng ngh\u1ec7 s\u1ea3n xu\u1ea5t v\u01b0\u1ee3t tr\u1ed9i h\u01a1n.<\/span><\/p>\n<h2 style=\"text-align: justify;\"><b>7. Nh\u1ea5t Nam \u2013 \u0110\u1ecba ch\u1ec9 cung c\u1ea5p t\u1ee7 b\u1ebfp Vincoplast uy t\u00edn<\/b><\/h2>\n<p style=\"text-align: justify;\"><span style=\"font-weight: 400;\">Nh\u1ea5t Nam t\u1ef1 h\u00e0o l\u00e0 \u0111\u01a1n v\u1ecb cung c\u1ea5p, ph\u00e2n ph\u1ed1i c\u00e1c s\u1ea3n ph\u1ea9m t\u1ee7 b\u1ebfp nh\u1ef1a Vincoplast uy t\u00edn t\u1ea1i th\u1ecb tr\u01b0\u1eddng Vi\u1ec7t Nam. V\u1edbi \u0111\u1ed9i ng\u0169 chuy\u00ean gia v\u00e0 k\u1ef9 thu\u1eadt vi\u00ean gi\u00e0u kinh nghi\u1ec7m, ch\u00fang t\u00f4i cam k\u1ebft mang \u0111\u1ebfn cho kh\u00e1ch h\u00e0ng nh\u1eefng s\u1ea3n ph\u1ea9m ch\u1ea5t l\u01b0\u1ee3ng cao, d\u1ecbch v\u1ee5 t\u01b0 v\u1ea5n t\u1eadn t\u00e2m v\u00e0 ch\u1ebf \u0111\u1ed9 b\u1ea3o h\u00e0nh d\u00e0i h\u1ea1n.<\/span><\/p>\n<p style=\"text-align: justify;\"><span style=\"font-weight: 400;\">H\u00e3y li\u00ean h\u1ec7 v\u1edbi Nh\u1ea5t Nam \u00c1 \u0111\u1ec3 \u0111\u01b0\u1ee3c t\u01b0 v\u1ea5n v\u00e0 tr\u1ea3i nghi\u1ec7m c\u00e1c s\u1ea3n ph\u1ea9m t\u1ee7 b\u1ebfp nh\u1ef1a Vincoplast ch\u1ea5t l\u01b0\u1ee3ng cao, g\u00f3p ph\u1ea7n t\u1ea1o n\u00ean kh\u00f4ng gian b\u1ebfp sang tr\u1ecdng, ti\u1ec7n nghi cho gia \u0111\u00ecnh b\u1ea1n.<\/span><\/p>\n","protected":false},"excerpt":{"rendered":"<p style=\"text-align: justify;\"><span style=\"font-weight: 400;\">T\u1ee7 b\u1ebfp nh\u1ef1a Vincoplast \u0111\u01b0\u1ee3c s\u1ea3n xu\u1ea5t t\u1eeb nh\u1ef1a PVC cao c\u1ea5p k\u1ebft h\u1ee3p b\u1ed9t \u0111\u00e1, mang \u0111\u1ebfn \u0111\u1ed9 b\u1ec1n v\u01b0\u1ee3t tr\u1ed9i, kh\u1ea3 n\u0103ng ch\u1ed1ng n\u01b0\u1edbc tuy\u1ec7t \u0111\u1ed1i v\u00e0 ch\u1ed1ng m\u1ed1i m\u1ecdt. S\u1ea3n ph\u1ea9m n\u00e0y ph\u00f9 h\u1ee3p v\u1edbi m\u1ecdi kh\u00f4ng gian b\u1ebfp nh\u1edd t\u00ednh linh ho\u1ea1t trong thi\u1ebft k\u1ebf v\u00e0 m\u00e0u s\u1eafc.<\/span><\/p>\n<p style=\"text-align: justify;\"><span style=\"font-weight: 400;\"> V\u1edbi kh\u1ea3 n\u0103ng ch\u1ecbu nhi\u1ec7t, d\u1ec5 d\u00e0ng v\u1ec7 sinh v\u00e0 b\u1ec1 m\u1eb7t b\u1ec1n m\u00e0u theo th\u1eddi gian, t\u1ee7 b\u1ebfp Vincoplast l\u00e0 l\u1ef1a ch\u1ecdn ho\u00e0n h\u1ea3o cho nh\u1eefng gia \u0111\u00ecnh y\u00eau th\u00edch s\u1ef1 ti\u1ec7n nghi v\u00e0 hi\u1ec7n \u0111\u1ea1i. \u0110\u1eb7c bi\u1ec7t, v\u1edbi gi\u00e1 tr\u1ecb s\u1eed d\u1ee5ng l\u00e2u d\u00e0i, t\u1ee7 b\u1ebfp Vincoplast kh\u00f4ng ch\u1ec9 l\u00e0 s\u1ea3n ph\u1ea9m n\u1ed9i th\u1ea5t m\u00e0 c\u00f2n l\u00e0 s\u1ef1 \u0111\u1ea7u t\u01b0 th\u00f4ng minh cho ng\u00f4i nh\u00e0 c\u1ee7a b\u1ea1n.<\/span><\/p>\n","protected":false},"featured_media":2020,"comment_status":"open","ping_status":"closed","template":"","meta":{"_acf_changed":false,"_gspb_post_css":""},"book-author":[],"product_brand":[],"product_cat":[135],"product_tag":[],"class_list":{"0":"post-2021","1":"product","2":"type-product","3":"status-publish","4":"has-post-thumbnail","6":"product_cat-tu-bep-nhua","8":"first","9":"instock","10":"shipping-taxable","11":"product-type-simple"},"acf":[],"_links":{"self":[{"href":"https:\/\/nhatnam.libion.me\/wp-json\/wp\/v2\/product\/2021","targetHints":{"allow":["GET"]}}],"collection":[{"href":"https:\/\/nhatnam.libion.me\/wp-json\/wp\/v2\/product"}],"about":[{"href":"https:\/\/nhatnam.libion.me\/wp-json\/wp\/v2\/types\/product"}],"replies":[{"embeddable":true,"href":"https:\/\/nhatnam.libion.me\/wp-json\/wp\/v2\/comments?post=2021"}],"wp:featuredmedia":[{"embeddable":true,"href":"https:\/\/nhatnam.libion.me\/wp-json\/wp\/v2\/media\/2020"}],"wp:attachment":[{"href":"https:\/\/nhatnam.libion.me\/wp-json\/wp\/v2\/media?parent=2021"}],"wp:term":[{"taxonomy":"book-author","embeddable":true,"href":"https:\/\/nhatnam.libion.me\/wp-json\/wp\/v2\/book-author?post=2021"},{"taxonomy":"product_brand","embeddable":true,"href":"https:\/\/nhatnam.libion.me\/wp-json\/wp\/v2\/product_brand?post=2021"},{"taxonomy":"product_cat","embeddable":true,"href":"https:\/\/nhatnam.libion.me\/wp-json\/wp\/v2\/product_cat?post=2021"},{"taxonomy":"product_tag","embeddable":true,"href":"https:\/\/nhatnam.libion.me\/wp-json\/wp\/v2\/product_tag?post=2021"}],"curies":[{"name":"wp","href":"https:\/\/api.w.org\/{rel}","templated":true}]}}