{"id":2013,"date":"2026-04-07T10:34:50","date_gmt":"2026-04-07T10:34:50","guid":{"rendered":"https:\/\/nhatnam.libion.me\/index.php\/product\/tu-bep-nhua-gia-go\/"},"modified":"2026-04-07T10:35:01","modified_gmt":"2026-04-07T10:35:01","slug":"tu-bep-nhua-gia-go","status":"publish","type":"product","link":"https:\/\/nhatnam.libion.me\/product\/tu-bep-nhua-gia-go\/","title":{"rendered":"T\u1ee7 B\u1ebfp Nh\u1ef1a Gi\u1ea3 G\u1ed7\u00a0"},"content":{"rendered":"<p style=\"text-align: justify;\">S\u1edf h\u1eefu v\u1ebb ngo\u00e0i gi\u1ed1ng g\u1ed7 t\u1ef1 nhi\u00ean nh\u01b0ng \u0111\u01b0\u1ee3c l\u00e0m t\u1eeb ch\u1ea5t li\u1ec7u nh\u1ef1a cao c\u1ea5p, t\u1ee7 b\u1ebfp nh\u1ef1a gi\u1ea3 g\u1ed7 gi\u00fap ch\u1ed1ng \u1ea9m, ch\u1ed1ng m\u1ed1i m\u1ecdt t\u1ed1i \u01b0u \u2013 ph\u00f9 h\u1ee3p v\u1edbi kh\u00ed h\u1eadu n\u00f3ng \u1ea9m t\u1ea1i Vi\u1ec7t Nam. Thi\u1ebft k\u1ebf linh ho\u1ea1t, m\u00e0u s\u1eafc \u0111a d\u1ea1ng, d\u1ec5 d\u00e0ng ph\u1ed1i h\u1ee3p v\u1edbi nhi\u1ec1u phong c\u00e1ch n\u1ed9i th\u1ea5t. S\u1ea3n ph\u1ea9m l\u00fd t\u01b0\u1edfng cho nh\u1eefng ai y\u00eau th\u00edch s\u1ef1 sang tr\u1ecdng, s\u1ea1ch s\u1ebd nh\u01b0ng v\u1eabn \u0111\u1ec1 cao \u0111\u1ed9 b\u1ec1n v\u00e0 ti\u1ec7n nghi trong s\u1eed d\u1ee5ng h\u00e0ng ng\u00e0y.<\/p>\n<h2 style=\"text-align: justify;\"><b>1. Gi\u1edbi thi\u1ec7u chung v\u1ec1 t\u1ee7 b\u1ebfp nh\u1ef1a gi\u1ea3 g\u1ed7<br \/>\n<\/b><\/h2>\n<figure id=\"attachment_7194\" aria-describedby=\"caption-attachment-7194\" style=\"width: 1280px\" class=\"wp-caption aligncenter\"><img loading=\"lazy\" decoding=\"async\" class=\"wp-image-7194 size-full\" src=\"https:\/\/nhatnam.org\/wp-content\/uploads\/2025\/05\/tu_bep_nhua_cao_cap-21.jpg\" alt=\"T\u1ee7 B\u1ebfp Nh\u1ef1a Gi\u1ea3 G\u1ed7\u00a0\" width=\"1280\" height=\"960\" \/><figcaption id=\"caption-attachment-7194\" class=\"wp-caption-text\">T\u1ee7 b\u1ebfp nh\u1ef1a gi\u1ea3 g\u1ed7 c\u00f3 kh\u1ea3 n\u0103ng ch\u1ed1ng \u1ea9m m\u1ed1c, m\u1ed1i m\u1ecdt tuy\u1ec7t \u0111\u1ed1i<\/figcaption><\/figure>\n<p style=\"text-align: justify;\"><span style=\"font-weight: 400;\">T\u1ee7 b\u1ebfp nh\u1ef1a gi\u1ea3 g\u1ed7 l\u00e0 s\u1ea3n ph\u1ea9m \u0111\u01b0\u1ee3c s\u1ea3n xu\u1ea5t t\u1eeb c\u00e1c lo\u1ea1i nh\u1ef1a cao c\u1ea5p nh\u01b0 PVC, Picomat, ho\u1eb7c composite v\u1edbi b\u1ec1 m\u1eb7t ph\u1ee7 v\u00e2n g\u1ed7 hi\u1ec7n \u0111\u1ea1i, tinh t\u1ebf. T\u1eeb xa nh\u00ecn v\u00e0o, b\u1ea1n kh\u00f3 c\u00f3 th\u1ec3 ph\u00e2n bi\u1ec7t \u0111\u01b0\u1ee3c \u0111\u00e2u l\u00e0 g\u1ed7 th\u1eadt v\u00e0 \u0111\u00e2u l\u00e0 nh\u1ef1a, b\u1edfi c\u00f4ng ngh\u1ec7 in v\u00e2n g\u1ed7 hi\u1ec7n nay c\u1ef1c k\u1ef3 s\u1eafc n\u00e9t v\u00e0 ch\u00e2n th\u1ef1c.<\/span><\/p>\n<p style=\"text-align: justify;\"><span style=\"font-weight: 400;\">Trong \u0111i\u1ec1u ki\u1ec7n kh\u00ed h\u1eadu nhi\u1ec7t \u0111\u1edbi \u1ea9m gi\u00f3 m\u00f9a nh\u01b0 \u1edf Vi\u1ec7t Nam, c\u00e1c v\u1eadt li\u1ec7u truy\u1ec1n th\u1ed1ng nh\u01b0 g\u1ed7 t\u1ef1 nhi\u00ean hay g\u1ed7 c\u00f4ng nghi\u1ec7p d\u1ec5 b\u1ecb m\u1ed1i m\u1ecdt, \u1ea9m m\u1ed1c, cong v\u00eanh. Ch\u00ednh v\u00ec v\u1eady, t\u1ee7 b\u1ebfp nh\u1ef1a gi\u1ea3 g\u1ed7 d\u1ea7n chi\u1ebfm l\u0129nh th\u1ecb tr\u01b0\u1eddng nh\u1edd kh\u1ea3 n\u0103ng ch\u1ed1ng n\u01b0\u1edbc, ch\u1ed1ng m\u1ed1i m\u1ecdt tuy\u1ec7t \u0111\u1ed1i m\u00e0 v\u1eabn gi\u1eef \u0111\u01b0\u1ee3c v\u1ebb ngo\u00e0i sang tr\u1ecdng, t\u1ef1 nhi\u00ean.<\/span><\/p>\n<h2 style=\"text-align: justify;\"><b>2. \u01afu \u0111i\u1ec3m n\u1ed5i b\u1eadt c\u1ee7a t\u1ee7 b\u1ebfp nh\u1ef1a gi\u1ea3 g\u1ed7<br \/>\n<\/b><\/h2>\n<figure id=\"attachment_7196\" aria-describedby=\"caption-attachment-7196\" style=\"width: 1280px\" class=\"wp-caption aligncenter\"><img loading=\"lazy\" decoding=\"async\" class=\"wp-image-7196 size-full\" src=\"https:\/\/nhatnam.org\/wp-content\/uploads\/2025\/05\/tu_bep_nhua_cao_cap-23.jpg\" alt=\"T\u1ee7 B\u1ebfp Nh\u1ef1a Gi\u1ea3 G\u1ed7\u00a0\" width=\"1280\" height=\"960\" \/><figcaption id=\"caption-attachment-7196\" class=\"wp-caption-text\">Thi\u1ebft k\u1ebf t\u1ee7 b\u1ebfp nh\u1ef1a gi\u1ea3 g\u1ed7 hi\u1ec7n \u0111\u1ea1i, sang tr\u1ecdng<\/figcaption><\/figure>\n<p style=\"text-align: justify;\"><b>Ch\u1ed1ng n\u01b0\u1edbc, ch\u1ed1ng m\u1ed1i m\u1ecdt tuy\u1ec7t \u0111\u1ed1i: <\/b><span style=\"font-weight: 400;\">Nh\u1ef1a PVC ho\u1eb7c Picomat c\u00f3 kh\u1ea3 n\u0103ng ch\u1ed1ng th\u1ea5m n\u01b0\u1edbc 100%, \u0111\u1ea3m b\u1ea3o t\u1ee7 b\u1ebfp kh\u00f4ng b\u1ecb m\u1ee5c n\u00e1t, bong tr\u00f3c trong \u0111i\u1ec1u ki\u1ec7n \u1ea9m \u01b0\u1edbt nh\u01b0 khi \u0111\u1eb7t g\u1ea7n b\u1ed3n r\u1eeda, m\u00e1y r\u1eeda b\u00e1t.<\/span><\/p>\n<p style=\"text-align: justify;\"><b>\u0110\u1ed9 b\u1ec1n cao: <\/b><span style=\"font-weight: 400;\">T\u1ee7 b\u1ebfp nh\u1ef1a c\u00f3 th\u1ec3 ch\u1ecbu l\u1ef1c t\u1ed1t, kh\u00f4ng b\u1ecb cong v\u00eanh hay bi\u1ebfn d\u1ea1ng theo th\u1eddi gian, \u0111\u1eb7c bi\u1ec7t ph\u00f9 h\u1ee3p v\u1edbi nh\u1eefng gia \u0111\u00ecnh th\u01b0\u1eddng xuy\u00ean n\u1ea5u \u0103n.<\/span><\/p>\n<p style=\"text-align: justify;\"><b>Th\u1ea9m m\u1ef9 \u0111a d\u1ea1ng: <\/b><span style=\"font-weight: 400;\">Nh\u1edd c\u00f4ng ngh\u1ec7 ph\u1ee7 b\u1ec1 m\u1eb7t ti\u00ean ti\u1ebfn nh\u01b0 <\/span>Acrylic, Laminate, Melamine<span style=\"font-weight: 400;\">, t\u1ee7 b\u1ebfp nh\u1ef1a gi\u1ea3 g\u1ed7 c\u00f3 th\u1ec3 m\u00f4 ph\u1ecfng \u0111\u01b0\u1ee3c nhi\u1ec1u lo\u1ea1i v\u00e2n g\u1ed7 t\u1eeb t\u1ef1 nhi\u00ean \u0111\u1ebfn hi\u1ec7n \u0111\u1ea1i, c\u1ed5 \u0111i\u1ec3n \u0111\u1ebfn t\u1ed1i gi\u1ea3n, ph\u00f9 h\u1ee3p v\u1edbi m\u1ecdi phong c\u00e1ch n\u1ed9i th\u1ea5t.<\/span><\/p>\n<p style=\"text-align: justify;\"><b>An to\u00e0n cho s\u1ee9c kh\u1ecfe: <\/b><span style=\"font-weight: 400;\">C\u00e1c lo\u1ea1i nh\u1ef1a cao c\u1ea5p d\u00f9ng trong s\u1ea3n xu\u1ea5t t\u1ee7 b\u1ebfp \u0111\u1ec1u \u0111\u00e3 \u0111\u01b0\u1ee3c ki\u1ec3m \u0111\u1ecbnh kh\u00f4ng ch\u1ee9a ch\u1ea5t \u0111\u1ed9c h\u1ea1i, an to\u00e0n cho ng\u01b0\u1eddi s\u1eed d\u1ee5ng, \u0111\u1eb7c bi\u1ec7t l\u00e0 tr\u1ebb nh\u1ecf.<\/span><\/p>\n<p style=\"text-align: justify;\"><b>D\u1ec5 lau ch\u00f9i, v\u1ec7 sinh: <\/b><span style=\"font-weight: 400;\">B\u1ec1 m\u1eb7t tr\u01a1n b\u00f3ng, \u00edt b\u00e1m b\u1ea9n v\u00e0 kh\u00f4ng th\u1ea5m n\u01b0\u1edbc gi\u00fap b\u1ea1n d\u1ec5 d\u00e0ng lau s\u1ea1ch d\u1ea7u m\u1ee1 hay v\u1ebft b\u1ea9n c\u1ee9ng \u0111\u1ea7u ch\u1ec9 b\u1eb1ng m\u1ed9t chi\u1ebfc kh\u0103n \u1ea9m.<\/span><\/p>\n<p style=\"text-align: justify;\"><span style=\"font-weight: 400;\">D\u00f9 c\u00f3 nhi\u1ec1u \u01b0u \u0111i\u1ec3m, t\u1ee7 b\u1ebfp nh\u1ef1a gi\u1ea3 g\u1ed7 v\u1eabn t\u1ed3n t\u1ea1i m\u1ed9t s\u1ed1 h\u1ea1n ch\u1ebf m\u00e0 b\u1ea1n n\u00ean c\u00e2n nh\u1eafc tr\u01b0\u1edbc khi l\u1ef1a ch\u1ecdn:<\/span><\/p>\n<ul style=\"text-align: justify;\">\n<li style=\"font-weight: 400;\" aria-level=\"1\"><b>Kh\u1ea3 n\u0103ng ch\u1ecbu l\u1ef1c k\u00e9m h\u01a1n g\u1ed7 t\u1ef1 nhi\u00ean:<\/b><span style=\"font-weight: 400;\"> Kh\u00f4ng th\u00edch h\u1ee3p \u0111\u1ec3 ch\u1ee9a nh\u1eefng \u0111\u1ed3 v\u1eadt n\u1eb7ng nh\u01b0 n\u1ed3i gang, m\u00e1y \u00e9p ch\u1eadm c\u1ee1 l\u1edbn trong th\u1eddi gian d\u00e0i.<\/span><\/li>\n<li style=\"font-weight: 400;\" aria-level=\"1\"><b>M\u1ed9t s\u1ed1 b\u1ec1 m\u1eb7t d\u1ec5 tr\u1ea7y x\u01b0\u1edbc:<\/b><span style=\"font-weight: 400;\"> N\u1ebfu kh\u00f4ng s\u1eed d\u1ee5ng lo\u1ea1i ph\u1ee7 ch\u1ea5t l\u01b0\u1ee3ng cao, t\u1ee7 b\u1ebfp c\u00f3 th\u1ec3 b\u1ecb m\u1ea5t th\u1ea9m m\u1ef9 khi b\u1ecb va qu\u1eb9t.<\/span><\/li>\n<li style=\"font-weight: 400;\" aria-level=\"1\"><b>H\u1ea1n ch\u1ebf v\u1ec1 kh\u1ea3 n\u0103ng t\u1ea1o h\u00ecnh:<\/b><span style=\"font-weight: 400;\"> So v\u1edbi g\u1ed7 t\u1ef1 nhi\u00ean, vi\u1ec7c ch\u1ebf t\u00e1c, u\u1ed1n cong, kh\u1eafc hoa v\u0103n tr\u00ean nh\u1ef1a s\u1ebd b\u1ecb gi\u1edbi h\u1ea1n.<\/span><\/li>\n<\/ul>\n<h2 style=\"text-align: justify;\"><b>4. Ph\u00e2n lo\u1ea1i t\u1ee7 b\u1ebfp nh\u1ef1a gi\u1ea3 g\u1ed7 ph\u1ed5 bi\u1ebfn hi\u1ec7n nay<\/b><\/h2>\n<h3 style=\"text-align: justify;\"><b>4.1 Theo ch\u1ea5t li\u1ec7u nh\u1ef1a l\u00f5i<\/b><\/h3>\n<p style=\"text-align: justify;\"><b>T\u1ee7 b\u1ebfp nh\u1ef1a PVC:<\/b><span style=\"font-weight: 400;\"> Gi\u00e1 th\u00e0nh ph\u1ea3i ch\u0103ng, \u0111\u1ed9 b\u1ec1n cao, ch\u1ed1ng n\u01b0\u1edbc t\u1ed1t. Ph\u00f9 h\u1ee3p v\u1edbi gia \u0111\u00ecnh c\u00f3 ng\u00e2n s\u00e1ch trung b\u00ecnh.<\/span><\/p>\n<p style=\"text-align: justify;\"><b><a href=\"https:\/\/nhatnam.org\/san-pham\/tu-bep-nhua-picomat\/\" target=\"_blank\" rel=\"noopener\">T\u1ee7 b\u1ebfp nh\u1ef1a Picomat<\/a>:<\/b><span style=\"font-weight: 400;\"> C\u1ee9ng, ch\u1eafc, kh\u00f4ng cong v\u00eanh. Kh\u1ea3 n\u0103ng ch\u1ed1ng ch\u00e1y, ch\u1ecbu nhi\u1ec7t v\u00e0 ch\u1ecbu l\u1ef1c t\u1ed1t h\u01a1n PVC.<\/span><span style=\"font-weight: 400;\"><br \/>\n<\/span><b>T\u1ee7 b\u1ebfp nh\u1ef1a composite:<\/b><span style=\"font-weight: 400;\"> D\u00f2ng cao c\u1ea5p nh\u1ea5t, si\u00eau b\u1ec1n, ch\u1ed1ng tr\u1ea7y, th\u00e2n thi\u1ec7n m\u00f4i tr\u01b0\u1eddng, kh\u00f4ng \u0111\u1ed9c h\u1ea1i.<\/span><\/p>\n<h3 style=\"text-align: justify;\"><b>4.2 Theo b\u1ec1 m\u1eb7t ph\u1ee7<\/b><\/h3>\n<ul style=\"text-align: justify;\">\n<li style=\"font-weight: 400;\" aria-level=\"1\"><b>Ph\u1ee7 Melamine:<\/b><span style=\"font-weight: 400;\"> Gi\u00e1 r\u1ebb, d\u1ec5 thi c\u00f4ng, nhi\u1ec1u m\u1eabu v\u00e2n g\u1ed7 \u0111\u1eb9p nh\u01b0ng d\u1ec5 tr\u1ea7y x\u01b0\u1edbc.<\/span><\/li>\n<li style=\"font-weight: 400;\" aria-level=\"1\"><b>Ph\u1ee7 Laminate:<\/b><span style=\"font-weight: 400;\"> B\u1ec1n h\u01a1n Melamine, kh\u1ea3 n\u0103ng ch\u1ed1ng tr\u1ea7y cao, m\u00e0u s\u1eafc \u0111a d\u1ea1ng.<\/span><\/li>\n<li style=\"font-weight: 400;\" aria-level=\"1\"><b>Ph\u1ee7 Acrylic:<\/b><span style=\"font-weight: 400;\"> B\u00f3ng g\u01b0\u01a1ng hi\u1ec7n \u0111\u1ea1i, sang tr\u1ecdng, ch\u1ed1ng n\u01b0\u1edbc c\u1ef1c t\u1ed1t, r\u1ea5t \u0111\u01b0\u1ee3c \u01b0a chu\u1ed9ng trong c\u00e1c thi\u1ebft k\u1ebf t\u1ee7 b\u1ebfp cao c\u1ea5p.<\/span><\/li>\n<\/ul>\n<h2 style=\"text-align: justify;\"><b>6. B\u00e1o gi\u00e1 t\u1ee7 b\u1ebfp nh\u1ef1a gi\u1ea3 g\u1ed7 m\u1edbi nh\u1ea5t<\/b><\/h2>\n<p style=\"text-align: justify;\"><span style=\"font-weight: 400;\">Chi ph\u00ed thi c\u00f4ng t\u1ee7 b\u1ebfp nh\u1ef1a gi\u1ea3 g\u1ed7 kh\u00f4ng c\u1ed1 \u0111\u1ecbnh m\u00e0 s\u1ebd thay \u0111\u1ed5i t\u00f9y theo nhi\u1ec1u y\u1ebfu t\u1ed1 nh\u01b0: ch\u1ea5t li\u1ec7u nh\u1ef1a \u0111\u01b0\u1ee3c s\u1eed d\u1ee5ng (PVC, Picomat, composite\u2026), ki\u1ec3u d\u00e1ng thi\u1ebft k\u1ebf (ch\u1eef I, L, U,\u2026), lo\u1ea1i b\u1ec1 m\u1eb7t ph\u1ee7 (Melamine, Laminate, Acrylic), ph\u1ee5 ki\u1ec7n \u0111i k\u00e8m c\u0169ng nh\u01b0 \u0111\u01a1n v\u1ecb thi c\u00f4ng.<\/span><\/p>\n<p style=\"text-align: justify;\"><span style=\"font-weight: 400;\">Th\u00f4ng th\u01b0\u1eddng, m\u1ed7i d\u00f2ng v\u1eadt li\u1ec7u s\u1ebd c\u00f3 m\u1ee9c gi\u00e1 ri\u00eang, ph\u1ea3n \u00e1nh \u0111\u1ed9 b\u1ec1n, t\u00ednh th\u1ea9m m\u1ef9 v\u00e0 c\u00f4ng n\u0103ng s\u1eed d\u1ee5ng. Ngo\u00e0i ra, c\u00e1c h\u1ea1ng m\u1ee5c nh\u01b0 m\u1eb7t \u0111\u00e1, ph\u1ee5 ki\u1ec7n (tay n\u1eafm, b\u1ea3n l\u1ec1, ray tr\u01b0\u1ee3t, b\u1ed3n r\u1eeda\u2026) c\u0169ng \u1ea3nh h\u01b0\u1edfng \u0111\u00e1ng k\u1ec3 \u0111\u1ebfn t\u1ed5ng chi ph\u00ed.<\/span><\/p>\n<p style=\"text-align: justify;\"><span style=\"font-weight: 400;\">\u0110\u1ec3 nh\u1eadn b\u00e1o gi\u00e1 chi ti\u1ebft v\u00e0 ch\u00ednh x\u00e1c nh\u1ea5t theo nhu c\u1ea7u th\u1ef1c t\u1ebf, qu\u00fd kh\u00e1ch vui l\u00f2ng li\u00ean h\u1ec7 tr\u1ef1c ti\u1ebfp v\u1edbi <\/span><b>Nh\u1ea5t Nam<\/b><span style=\"font-weight: 400;\">. Ch\u00fang t\u00f4i s\u1ebd t\u01b0 v\u1ea5n mi\u1ec5n ph\u00ed, kh\u1ea3o s\u00e1t t\u1eadn n\u01a1i v\u00e0 \u0111\u1ec1 xu\u1ea5t gi\u1ea3i ph\u00e1p ph\u00f9 h\u1ee3p nh\u1ea5t v\u1edbi kh\u00f4ng gian c\u0169ng nh\u01b0 ng\u00e2n s\u00e1ch c\u1ee7a b\u1ea1n.<\/span><\/p>\n<h2 style=\"text-align: justify;\"><b>7. Kinh nghi\u1ec7m ch\u1ecdn mua t\u1ee7 b\u1ebfp nh\u1ef1a gi\u1ea3 g\u1ed7 ch\u1ea5t l\u01b0\u1ee3ng<\/b><\/h2>\n<ul style=\"text-align: justify;\">\n<li style=\"font-weight: 400;\" aria-level=\"1\"><b>X\u00e1c \u0111\u1ecbnh nhu c\u1ea7u s\u1eed d\u1ee5ng:<\/b><span style=\"font-weight: 400;\"> N\u1ebfu kh\u00f4ng gian b\u1ebfp nh\u1ecf, b\u1ea1n n\u00ean ch\u1ecdn thi\u1ebft k\u1ebf ch\u1eef I ho\u1eb7c ch\u1eef L \u0111\u1ec3 ti\u1ebft ki\u1ec7m di\u1ec7n t\u00edch.<\/span><\/li>\n<li style=\"font-weight: 400;\" aria-level=\"1\"><b>Ch\u1ecdn ch\u1ea5t li\u1ec7u ph\u00f9 h\u1ee3p:<\/b><span style=\"font-weight: 400;\"> N\u1ebfu gia \u0111\u00ecnh th\u01b0\u1eddng xuy\u00ean n\u1ea5u \u0103n, \u01b0u ti\u00ean Picomat ho\u1eb7c composite \u0111\u1ec3 t\u0103ng \u0111\u1ed9 b\u1ec1n.<\/span><\/li>\n<li style=\"font-weight: 400;\" aria-level=\"1\"><b>Tham kh\u1ea3o m\u1eabu th\u1ef1c t\u1ebf:<\/b><span style=\"font-weight: 400;\"> Tr\u00e1nh ch\u1ec9 nh\u00ecn qua \u1ea3nh tr\u00ean m\u1ea1ng, h\u00e3y \u0111\u1ebfn t\u1eadn n\u01a1i xem m\u1eabu v\u00e2n g\u1ed7, \u0111\u1ed9 d\u00e0y, m\u00e0u s\u1eafc.<\/span><\/li>\n<li style=\"font-weight: 400;\" aria-level=\"1\"><b>Ch\u1ecdn \u0111\u01a1n v\u1ecb uy t\u00edn:<\/b><span style=\"font-weight: 400;\"> N\u00ean l\u1ef1a ch\u1ecdn nh\u00e0 s\u1ea3n xu\u1ea5t c\u00f3 showroom, ch\u00ednh s\u00e1ch b\u1ea3o h\u00e0nh v\u00e0 \u0111\u1ed9i ng\u0169 thi\u1ebft k\u1ebf \u2013 thi c\u00f4ng chuy\u00ean nghi\u1ec7p.<\/span><\/li>\n<li style=\"font-weight: 400;\" aria-level=\"1\"><b>Ki\u1ec3m tra ph\u1ee5 ki\u1ec7n \u0111i k\u00e8m:<\/b><span style=\"font-weight: 400;\"> B\u1ea3n l\u1ec1 gi\u1ea3m ch\u1ea5n, ray k\u00e9o \u00eam \u00e1i s\u1ebd gi\u00fap t\u0103ng tu\u1ed5i th\u1ecd t\u1ee7 v\u00e0 tr\u1ea3i nghi\u1ec7m s\u1eed d\u1ee5ng.<\/span><\/li>\n<\/ul>\n<h2 style=\"text-align: justify;\"><b>8. G\u1ee3i \u00fd m\u1eabu t\u1ee7 b\u1ebfp nh\u1ef1a gi\u1ea3 g\u1ed7 \u0111\u1eb9p, hi\u1ec7n \u0111\u1ea1i<\/b><\/h2>\n<figure id=\"attachment_7193\" aria-describedby=\"caption-attachment-7193\" style=\"width: 1280px\" class=\"wp-caption aligncenter\"><img loading=\"lazy\" decoding=\"async\" class=\"wp-image-7193 size-full\" src=\"https:\/\/nhatnam.org\/wp-content\/uploads\/2025\/05\/tu_bep_nhua_cao_cap-20.jpg\" alt=\"T\u1ee7 B\u1ebfp Nh\u1ef1a Gi\u1ea3 G\u1ed7\u00a0\" width=\"1280\" height=\"960\" \/><figcaption id=\"caption-attachment-7193\" class=\"wp-caption-text\">Thi\u1ebft k\u1ebf t\u1ee7 b\u1ebfp nh\u1ef1a gi\u1ea3 g\u1ed7 t\u1eadn d\u1ee5ng t\u1ed1i \u0111a di\u1ec7n t\u00edch<\/figcaption><\/figure>\n<figure id=\"attachment_7199\" aria-describedby=\"caption-attachment-7199\" style=\"width: 1280px\" class=\"wp-caption aligncenter\"><img loading=\"lazy\" decoding=\"async\" class=\"wp-image-7199 size-full\" src=\"https:\/\/nhatnam.org\/wp-content\/uploads\/2025\/05\/tu_bep_nhua_cao_cap-26.jpg\" alt=\"T\u1ee7 B\u1ebfp Nh\u1ef1a Gi\u1ea3 G\u1ed7\u00a0\" width=\"1280\" height=\"960\" \/><figcaption id=\"caption-attachment-7199\" class=\"wp-caption-text\">Thi\u1ebft k\u1ebf t\u1ee7 b\u1ebfp nh\u1ef1a v\u00e2n g\u1ed7 hi\u1ec7n \u0111\u1ea1i nh\u01b0ng kh\u00f4ng k\u00e9m ph\u1ea7n sang tr\u1ecdng<\/figcaption><\/figure>\n<figure id=\"attachment_7190\" aria-describedby=\"caption-attachment-7190\" style=\"width: 1280px\" class=\"wp-caption aligncenter\"><img loading=\"lazy\" decoding=\"async\" class=\"wp-image-7190 size-full\" src=\"https:\/\/nhatnam.org\/wp-content\/uploads\/2025\/05\/tu_bep_nhua_cao_cap-17.jpg\" alt=\"T\u1ee7 B\u1ebfp Nh\u1ef1a Gi\u1ea3 G\u1ed7\u00a0\" width=\"1280\" height=\"960\" \/><figcaption id=\"caption-attachment-7190\" class=\"wp-caption-text\">M\u1eabu t\u1ee7 b\u1ebfp nh\u1ef1a gi\u1ea3 g\u1ed7 \u0111\u1eb9p<\/figcaption><\/figure>\n<figure id=\"attachment_7188\" aria-describedby=\"caption-attachment-7188\" style=\"width: 1280px\" class=\"wp-caption aligncenter\"><img loading=\"lazy\" decoding=\"async\" class=\"wp-image-7188 size-full\" src=\"https:\/\/nhatnam.org\/wp-content\/uploads\/2025\/05\/tu_bep_nhua_cao_cap-15.jpg\" alt=\"T\u1ee7 B\u1ebfp Nh\u1ef1a Gi\u1ea3 G\u1ed7\u00a0\" width=\"1280\" height=\"960\" \/><figcaption id=\"caption-attachment-7188\" class=\"wp-caption-text\">M\u1eabu t\u1ee7 b\u1ebfp nh\u1ef1a gi\u1ea3 g\u1ed7 b\u1ec1 m\u1eb7t ph\u1ee7 Melamine<\/figcaption><\/figure>\n<figure id=\"attachment_7191\" aria-describedby=\"caption-attachment-7191\" style=\"width: 1280px\" class=\"wp-caption aligncenter\"><img loading=\"lazy\" decoding=\"async\" class=\"wp-image-7191 size-full\" src=\"https:\/\/nhatnam.org\/wp-content\/uploads\/2025\/05\/tu_bep_nhua_cao_cap-18.jpg\" alt=\"T\u1ee7 B\u1ebfp Nh\u1ef1a Gi\u1ea3 G\u1ed7\u00a0\" width=\"1280\" height=\"960\" \/><figcaption id=\"caption-attachment-7191\" class=\"wp-caption-text\">M\u1eabu t\u1ee7 b\u1ebfp nh\u1ef1a gi\u1ea3 g\u1ed7 b\u1ec1 m\u1eb7t ph\u1ee7 Acrylic b\u00f3ng g\u01b0\u01a1ng b\u1ec1n \u0111\u1eb9p, sang tr\u1ecdng<\/figcaption><\/figure>\n<h2 style=\"text-align: justify;\"><b>9. Nh\u1ea5t Nam \u2013 \u0110\u1ecba ch\u1ec9 thi\u1ebft k\u1ebf v\u00e0 thi c\u00f4ng t\u1ee7 b\u1ebfp nh\u1ef1a gi\u1ea3 g\u1ed7 ch\u1ea5t l\u01b0\u1ee3ng<\/b><\/h2>\n<p style=\"text-align: justify;\"><span style=\"font-weight: 400;\">M\u1ed9t c\u0103n b\u1ebfp \u0111\u1eb9p kh\u00f4ng ch\u1ec9 l\u00e0 n\u01a1i n\u1ea5u n\u01b0\u1edbng, m\u00e0 c\u00f2n l\u00e0 kh\u00f4ng gian k\u1ebft n\u1ed1i v\u00e0 gi\u1eef l\u1eeda cho gia \u0111\u00ecnh. Hi\u1ec3u \u0111\u01b0\u1ee3c \u0111i\u1ec1u \u0111\u00f3,<\/span><b> Nh\u1ea5t Nam<\/b><span style=\"font-weight: 400;\"> mang \u0111\u1ebfn gi\u1ea3i ph\u00e1p t\u1ee7 b\u1ebfp nh\u1ef1a gi\u1ea3 g\u1ed7 l\u1ef1a ch\u1ecdn ph\u00f9 h\u1ee3p cho nh\u1eefng ai y\u00eau th\u00edch v\u1ebb \u0111\u1eb9p t\u1ef1 nhi\u00ean, nh\u01b0ng v\u1eabn c\u1ea7n s\u1ef1 b\u1ec1n b\u1ec9 trong m\u00f4i tr\u01b0\u1eddng s\u1eed d\u1ee5ng h\u00e0ng ng\u00e0y.<\/span><\/p>\n<p style=\"text-align: justify;\"><span style=\"font-weight: 400;\">V\u1edbi h\u01a1n 10 n\u0103m kinh nghi\u1ec7m, Nh\u1ea5t Nam \u0111\u00e3 \u0111\u1ed3ng h\u00e0nh c\u00f9ng h\u00e0ng ngh\u00ecn gia \u0111\u00ecnh t\u1ea1i TP.HCM, B\u00ecnh D\u01b0\u01a1ng v\u00e0 c\u00e1c khu v\u1ef1c l\u00e2n c\u1eadn, thi\u1ebft k\u1ebf, thi c\u00f4ng t\u1ee7 b\u1ebfp theo y\u00eau c\u1ea7u, \u0111\u1ea3m b\u1ea3o h\u00e0i h\u00f2a gi\u1eefa th\u1ea9m m\u1ef9 v\u00e0 c\u00f4ng n\u0103ng.<\/span><\/p>\n<p style=\"text-align: justify;\"><span style=\"font-weight: 400;\">Ch\u00fang t\u00f4i cam k\u1ebft:<\/span><\/p>\n<ul style=\"text-align: justify;\">\n<li style=\"font-weight: 400;\" aria-level=\"1\"><span style=\"font-weight: 400;\">S\u1eed d\u1ee5ng v\u1eadt li\u1ec7u nh\u1ef1a cao c\u1ea5p, b\u1ec1n ch\u1eafc v\u00e0 ch\u1ed1ng n\u01b0\u1edbc<\/span><\/li>\n<li style=\"font-weight: 400;\" aria-level=\"1\"><span style=\"font-weight: 400;\">Thi\u1ebft k\u1ebf 2D, 3D mi\u1ec5n ph\u00ed, t\u1ed1i \u01b0u kh\u00f4ng gian theo th\u1ef1c t\u1ebf<\/span><\/li>\n<li style=\"font-weight: 400;\" aria-level=\"1\"><span style=\"font-weight: 400;\">Thi c\u00f4ng \u0111\u00fang ti\u1ebfn \u0111\u1ed9, \u0111\u1ea3m b\u1ea3o ch\u1ea5t l\u01b0\u1ee3ng<\/span><\/li>\n<li style=\"font-weight: 400;\" aria-level=\"1\"><span style=\"font-weight: 400;\">B\u1ea3o h\u00e0nh t\u1eeb 3 \u0111\u1ebfn 5 n\u0103m, h\u1ed7 tr\u1ee3 t\u1eadn n\u01a1i<\/span><\/li>\n<\/ul>\n<p style=\"text-align: justify;\"><span style=\"font-weight: 400;\">T\u1ee7 b\u1ebfp nh\u1ef1a gi\u1ea3 g\u1ed7 mang \u0111\u1ebfn c\u1ea3m gi\u00e1c \u1ea5m \u00e1p, t\u1ef1 nhi\u00ean m\u00e0 v\u1eabn d\u1ec5 v\u1ec7 sinh, \u00edt xu\u1ed1ng c\u1ea5p theo th\u1eddi gian, \u0111\u1eb7c bi\u1ec7t ph\u00f9 h\u1ee3p v\u1edbi kh\u00ed h\u1eadu n\u00f3ng \u1ea9m c\u1ee7a Vi\u1ec7t Nam.<\/span><\/p>\n<p style=\"text-align: justify;\"><span style=\"font-weight: 400;\">N\u1ebfu b\u1ea1n \u0111ang t\u00ecm m\u1ed9t gi\u1ea3i ph\u00e1p t\u1ee7 b\u1ebfp b\u1ec1n \u0111\u1eb9p, \u0111\u01a1n gi\u1ea3n v\u00e0 hi\u1ec7u qu\u1ea3, <a href=\"https:\/\/www.facebook.com\/ctynhatnam2011\" target=\"_blank\" rel=\"noopener\">Nh\u1ea5t Nam<\/a> s\u1eb5n s\u00e0ng t\u01b0 v\u1ea5n v\u00e0 \u0111\u1ed3ng h\u00e0nh c\u00f9ng b\u1ea1n \u0111\u1ec3 t\u1ea1o n\u00ean m\u1ed9t kh\u00f4ng gian b\u1ebfp \u01b0ng \u00fd.<\/span><\/p>\n","protected":false},"excerpt":{"rendered":"<p style=\"text-align: justify;\">S\u1edf h\u1eefu v\u1ebb ngo\u00e0i gi\u1ed1ng g\u1ed7 t\u1ef1 nhi\u00ean nh\u01b0ng \u0111\u01b0\u1ee3c l\u00e0m t\u1eeb ch\u1ea5t li\u1ec7u nh\u1ef1a cao c\u1ea5p, t\u1ee7 b\u1ebfp nh\u1ef1a gi\u1ea3 g\u1ed7 gi\u00fap ch\u1ed1ng \u1ea9m, ch\u1ed1ng m\u1ed1i m\u1ecdt t\u1ed1i \u01b0u \u2013 ph\u00f9 h\u1ee3p v\u1edbi kh\u00ed h\u1eadu n\u00f3ng \u1ea9m t\u1ea1i Vi\u1ec7t Nam. Thi\u1ebft k\u1ebf linh ho\u1ea1t, m\u00e0u s\u1eafc \u0111a d\u1ea1ng, d\u1ec5 d\u00e0ng ph\u1ed1i h\u1ee3p v\u1edbi nhi\u1ec1u phong c\u00e1ch n\u1ed9i th\u1ea5t. S\u1ea3n ph\u1ea9m l\u00fd t\u01b0\u1edfng cho nh\u1eefng ai y\u00eau th\u00edch s\u1ef1 sang tr\u1ecdng, s\u1ea1ch s\u1ebd nh\u01b0ng v\u1eabn \u0111\u1ec1 cao \u0111\u1ed9 b\u1ec1n v\u00e0 ti\u1ec7n nghi trong s\u1eed d\u1ee5ng h\u00e0ng ng\u00e0y.<\/p>\n","protected":false},"featured_media":2012,"comment_status":"open","ping_status":"closed","template":"","meta":{"_acf_changed":false,"_gspb_post_css":""},"book-author":[],"product_brand":[],"product_cat":[135],"product_tag":[],"class_list":{"0":"post-2013","1":"product","2":"type-product","3":"status-publish","4":"has-post-thumbnail","6":"product_cat-tu-bep-nhua","8":"first","9":"instock","10":"shipping-taxable","11":"product-type-simple"},"acf":[],"_links":{"self":[{"href":"https:\/\/nhatnam.libion.me\/wp-json\/wp\/v2\/product\/2013","targetHints":{"allow":["GET"]}}],"collection":[{"href":"https:\/\/nhatnam.libion.me\/wp-json\/wp\/v2\/product"}],"about":[{"href":"https:\/\/nhatnam.libion.me\/wp-json\/wp\/v2\/types\/product"}],"replies":[{"embeddable":true,"href":"https:\/\/nhatnam.libion.me\/wp-json\/wp\/v2\/comments?post=2013"}],"wp:featuredmedia":[{"embeddable":true,"href":"https:\/\/nhatnam.libion.me\/wp-json\/wp\/v2\/media\/2012"}],"wp:attachment":[{"href":"https:\/\/nhatnam.libion.me\/wp-json\/wp\/v2\/media?parent=2013"}],"wp:term":[{"taxonomy":"book-author","embeddable":true,"href":"https:\/\/nhatnam.libion.me\/wp-json\/wp\/v2\/book-author?post=2013"},{"taxonomy":"product_brand","embeddable":true,"href":"https:\/\/nhatnam.libion.me\/wp-json\/wp\/v2\/product_brand?post=2013"},{"taxonomy":"product_cat","embeddable":true,"href":"https:\/\/nhatnam.libion.me\/wp-json\/wp\/v2\/product_cat?post=2013"},{"taxonomy":"product_tag","embeddable":true,"href":"https:\/\/nhatnam.libion.me\/wp-json\/wp\/v2\/product_tag?post=2013"}],"curies":[{"name":"wp","href":"https:\/\/api.w.org\/{rel}","templated":true}]}}