{"id":2006,"date":"2026-04-07T10:34:30","date_gmt":"2026-04-07T10:34:30","guid":{"rendered":"https:\/\/nhatnam.libion.me\/index.php\/product\/tu-bep-nhua-picomat-canh-phu-acrylic\/"},"modified":"2026-04-07T10:34:38","modified_gmt":"2026-04-07T10:34:38","slug":"tu-bep-nhua-picomat-canh-phu-acrylic","status":"publish","type":"product","link":"https:\/\/nhatnam.libion.me\/index.php\/product\/tu-bep-nhua-picomat-canh-phu-acrylic\/","title":{"rendered":"T\u1ee7 B\u1ebfp Nh\u1ef1a Picomat C\u00e1nh Ph\u1ee7 Acrylic"},"content":{"rendered":"<p style=\"text-align: justify;\" data-pm-slice=\"0 0 []\">T\u1ee7 b\u1ebfp nh\u1ef1a Picomat c\u00e1nh ph\u1ee7 Acrylic l\u00e0 s\u1ef1 k\u1ebft h\u1ee3p ho\u00e0n h\u1ea3o gi\u1eefa nh\u1ef1a Picomat ch\u1ed1ng n\u01b0\u1edbc, ch\u1ed1ng m\u1ed1i m\u1ecdt v\u1edbi b\u1ec1 m\u1eb7t Acrylic b\u00f3ng g\u01b0\u01a1ng cao c\u1ea5p, t\u1ea1o n\u00ean di\u1ec7n m\u1ea1o hi\u1ec7n \u0111\u1ea1i, sang tr\u1ecdng cho gian b\u1ebfp. Kh\u00f4ng ch\u1ec9 n\u1ed5i b\u1eadt v\u1ec1 t\u00ednh th\u1ea9m m\u1ef9, t\u1ee7 b\u1ebfp nh\u1ef1a Picomat c\u00e1nh ph\u1ee7 Acrylic c\u00f2n d\u1ec5 d\u00e0ng v\u1ec7 sinh, b\u1ec1n m\u00e0u v\u00e0 th\u00e2n thi\u1ec7n v\u1edbi m\u00f4i tr\u01b0\u1eddng \u2013 l\u00e0 l\u1ef1a ch\u1ecdn l\u00fd t\u01b0\u1edfng cho c\u00e1c gia \u0111\u00ecnh theo \u0111u\u1ed5i phong c\u00e1ch s\u1ed1ng th\u00f4ng minh v\u00e0 ti\u1ec7n nghi.<\/p>\n<h2 style=\"text-align: justify;\"><strong>1. T\u1ee7 b\u1ebfp nh\u1ef1a Picomat c\u00e1nh ph\u1ee7 Acrylic l\u00e0 g\u00ec?<br \/>\n<\/strong><\/h2>\n<p style=\"text-align: justify;\"><strong><img loading=\"lazy\" decoding=\"async\" class=\"aligncenter wp-image-7181 size-full\" src=\"https:\/\/nhatnam.org\/wp-content\/uploads\/2025\/05\/tu_bep_nhua_cao_cap-8.jpg\" alt=\"T\u1ee7 B\u1ebfp Nh\u1ef1a Picomat C\u00e1nh Ph\u1ee7 Acrylic\" width=\"1280\" height=\"960\" \/><br \/>\n<\/strong><\/p>\n<p style=\"text-align: justify;\">T\u1ee7 b\u1ebfp nh\u1ef1a Picomat c\u00e1nh ph\u1ee7 Acrylic l\u00e0 s\u1ef1 k\u1ebft h\u1ee3p th\u00f4ng minh gi\u1eefa hai v\u1eadt li\u1ec7u cao c\u1ea5p: ph\u1ea7n th\u00f9ng t\u1ee7 s\u1eed d\u1ee5ng nh\u1ef1a Picomat \u2013 d\u00f2ng nh\u1ef1a PVC \u0111\u1eb7c n\u1ed5i b\u1eadt v\u1edbi kh\u1ea3 n\u0103ng ch\u1ed1ng n\u01b0\u1edbc, ch\u1ed1ng m\u1ed1i m\u1ecdt tuy\u1ec7t \u0111\u1ed1i; c\u00f2n ph\u1ea7n c\u00e1nh t\u1ee7 \u0111\u01b0\u1ee3c ph\u1ee7 Acrylic b\u00f3ng g\u01b0\u01a1ng mang \u0111\u1ebfn v\u1ebb ngo\u00e0i hi\u1ec7n \u0111\u1ea1i, th\u1eddi th\u01b0\u1ee3ng. S\u1ef1 k\u1ebft h\u1ee3p n\u00e0y kh\u00f4ng ch\u1ec9 \u0111\u1ea3m b\u1ea3o \u0111\u1ed9 b\u1ec1n m\u00e0 c\u00f2n t\u1ea1o n\u00ean di\u1ec7n m\u1ea1o sang tr\u1ecdng cho kh\u00f4ng gian b\u1ebfp.<\/p>\n<p style=\"text-align: justify;\">Kh\u00e1c v\u1edbi t\u1ee7 g\u1ed7 c\u00f4ng nghi\u1ec7p th\u00f4ng th\u01b0\u1eddng d\u1ec5 b\u1ecb cong v\u00eanh, m\u1ed1c khi g\u1eb7p \u1ea9m, t\u1ee7 b\u1ebfp nh\u1ef1a Picomat c\u00e1nh ph\u1ee7 Acrylic l\u00e0 gi\u1ea3i ph\u00e1p \u201cch\u1ed1ng l\u1ea1i th\u1eddi ti\u1ebft\u201d l\u00fd t\u01b0\u1edfng \u2013 \u0111\u1eb7c bi\u1ec7t ph\u00f9 h\u1ee3p v\u1edbi kh\u00ed h\u1eadu n\u00f3ng \u1ea9m nh\u01b0 Vi\u1ec7t Nam. Ch\u00ednh s\u1ef1 th\u00f4ng minh trong l\u1ef1a ch\u1ecdn v\u1eadt li\u1ec7u \u0111\u00e3 l\u00e0m n\u00ean s\u1ee9c h\u00fat cho d\u00f2ng t\u1ee7 n\u00e0y.<\/p>\n<h2 style=\"text-align: justify;\"><strong>2. C\u1ea5u t\u1ea1o chi ti\u1ebft c\u1ee7a t\u1ee7 b\u1ebfp Picomat c\u00e1nh ph\u1ee7 Acrylic<br \/>\n<\/strong><\/h2>\n<p style=\"text-align: justify;\"><strong><img loading=\"lazy\" decoding=\"async\" class=\"aligncenter wp-image-7177 size-full\" src=\"https:\/\/nhatnam.org\/wp-content\/uploads\/2025\/05\/tu_bep_nhua_cao_cap-4.jpg\" alt=\"T\u1ee7 B\u1ebfp Nh\u1ef1a Picomat C\u00e1nh Ph\u1ee7 Acrylic\" width=\"1280\" height=\"960\" \/><br \/>\n<\/strong><\/p>\n<p style=\"text-align: justify;\">T\u1ee7 b\u1ebfp nh\u1ef1a Picomat c\u00e1nh ph\u1ee7 Acrylic \u0111\u01b0\u1ee3c c\u1ea5u t\u1ea1o t\u1eeb hai ph\u1ea7n ch\u00ednh:<\/p>\n<p style=\"text-align: justify;\">Th\u00f9ng t\u1ee7 b\u1eb1ng nh\u1ef1a Picomat: Nh\u1ef1a Picomat l\u00e0 lo\u1ea1i nh\u1ef1a PVC \u0111\u1eb7c, c\u00f3 tr\u1ecdng l\u01b0\u1ee3ng nh\u1eb9 nh\u01b0ng k\u1ebft c\u1ea5u ch\u1eafc ch\u1eafn. V\u1eadt li\u1ec7u n\u00e0y n\u1ed5i b\u1eadt v\u1edbi kh\u1ea3 n\u0103ng ch\u1ecbu n\u01b0\u1edbc tuy\u1ec7t \u0111\u1ed1i, kh\u00f4ng b\u1ecb m\u1ee5c n\u00e1t hay bong tr\u00f3c nh\u01b0 g\u1ed7 truy\u1ec1n th\u1ed1ng khi ti\u1ebfp x\u00fac v\u1edbi \u0111\u1ed9 \u1ea9m. \u0110\u1eb7c bi\u1ec7t, Picomat c\u00f2n c\u00f3 t\u00ednh ch\u1ed1ng m\u1ed1i m\u1ecdt, kh\u00f4ng b\u1eaft ch\u00e1y, kh\u00f4ng cong v\u00eanh, l\u00e0 l\u1ef1a ch\u1ecdn l\u00fd t\u01b0\u1edfng cho c\u00e1c c\u00f4ng tr\u00ecnh b\u1ebfp hi\u1ec7n \u0111\u1ea1i. Ngo\u00e0i ra, nh\u1ef1a Picomat r\u1ea5t d\u1ec5 v\u1ec7 sinh, h\u1ea1n ch\u1ebf b\u00e1m b\u1ea9n v\u00e0 gi\u1eef cho gian b\u1ebfp lu\u00f4n s\u1ea1ch s\u1ebd.<\/p>\n<p style=\"text-align: justify;\">C\u00e1nh t\u1ee7 ph\u1ee7 Acrylic b\u00f3ng g\u01b0\u01a1ng: C\u00e1nh Acrylic \u0111\u01b0\u1ee3c c\u1ea5u t\u1ea1o t\u1eeb t\u1ea5m g\u1ed7 c\u00f4ng nghi\u1ec7p (ch\u1ee7 y\u1ebfu MDF l\u00f5i xanh ch\u1ed1ng \u1ea9m) ph\u1ee7 l\u00ean m\u1ed9t l\u1edbp nh\u1ef1a Acrylic d\u00e0y, s\u00e1ng b\u00f3ng nh\u01b0 g\u01b0\u01a1ng. B\u1ec1 m\u1eb7t nh\u1eb5n m\u1ecbn, ph\u1ea3n chi\u1ebfu \u00e1nh s\u00e1ng t\u1ed1t gi\u00fap kh\u00f4ng gian b\u1ebfp tr\u1edf n\u00ean r\u1ed9ng r\u00e3i v\u00e0 s\u00e1ng s\u1ee7a h\u01a1n. \u0110\u1eb7c bi\u1ec7t, l\u1edbp ph\u1ee7 Acrylic c\u00f3 \u0111\u1ed9 b\u1ec1n cao, ch\u1ed1ng tr\u1ea7y x\u01b0\u1edbc t\u1ed1t, kh\u00f4ng phai m\u00e0u v\u00e0 c\u00f3 th\u1ec3 t\u00e1i s\u1eed d\u1ee5ng ho\u1eb7c thay \u0111\u1ed5i theo nhu c\u1ea7u.<\/p>\n<p style=\"text-align: justify;\">Ch\u00ednh s\u1ef1 k\u1ebft h\u1ee3p gi\u1eefa \u201cn\u1ed9i l\u1ef1c\u201d b\u1ec1n b\u1ec9 t\u1eeb Picomat v\u00e0 \u201cngo\u1ea1i h\u00ecnh\u201d b\u00f3ng lo\u00e1ng t\u1eeb Acrylic \u0111\u00e3 t\u1ea1o n\u00ean d\u00f2ng t\u1ee7 v\u1eeba b\u1ec1n, v\u1eeba \u0111\u1eb9p, v\u1eeba chu\u1ea9n xu h\u01b0\u1edbng n\u1ed9i th\u1ea5t hi\u1ec7n \u0111\u1ea1i.<\/p>\n<h2 style=\"text-align: justify;\">3. \u01afu \u0111i\u1ec3m v\u01b0\u1ee3t tr\u1ed9i c\u1ee7a t\u1ee7 b\u1ebfp nh\u1ef1a Picomat ph\u1ee7 Acrylic<\/h2>\n<h2 style=\"text-align: justify;\"><img loading=\"lazy\" decoding=\"async\" class=\"aligncenter wp-image-7121 size-full\" src=\"https:\/\/nhatnam.org\/wp-content\/uploads\/2025\/05\/tu_bep_nhua-47.jpg\" alt=\"T\u1ee7 B\u1ebfp Nh\u1ef1a Picomat C\u00e1nh Ph\u1ee7 Acrylic\" width=\"1280\" height=\"960\" \/><\/h2>\n<ul style=\"text-align: justify;\">\n<li style=\"text-align: justify;\"><strong>Ch\u1ed1ng n\u01b0\u1edbc, ch\u1ed1ng \u1ea9m tuy\u1ec7t \u0111\u1ed1i<\/strong>: \u0110\u00e2y l\u00e0 \u01b0u \u0111i\u1ec3m kh\u00f4ng th\u1ec3 kh\u00f4ng nh\u1eafc \u0111\u1ebfn c\u1ee7a nh\u1ef1a Picomat. Th\u00f9ng t\u1ee7 c\u00f3 th\u1ec3 l\u1eafp \u0111\u1eb7t s\u00e1t s\u00e0n ho\u1eb7c g\u1ea7n ch\u1eadu r\u1eeda m\u00e0 kh\u00f4ng lo m\u1ee5c n\u00e1t \u2013 \u0111i\u1ec1u m\u00e0 g\u1ed7 t\u1ef1 nhi\u00ean hay MDF kh\u00f4ng th\u1ec3 l\u00e0m \u0111\u01b0\u1ee3c.<\/li>\n<li style=\"text-align: justify;\"><strong>B\u1ec1 m\u1eb7t sang tr\u1ecdng, hi\u1ec7n \u0111\u1ea1i:<\/strong> C\u00e1nh nh\u1ef1a ph\u1ee7 Acrylic mang l\u1ea1i hi\u1ec7u \u1ee9ng th\u1ecb gi\u00e1c c\u1ef1c k\u1ef3 b\u1eaft m\u1eaft v\u1edbi \u0111\u1ed9 b\u00f3ng g\u01b0\u01a1ng cao. Khi \u00e1nh s\u00e1ng chi\u1ebfu v\u00e0o, b\u1ec1 m\u1eb7t ph\u1ea3n chi\u1ebfu gi\u00fap kh\u00f4ng gian b\u1ebfp tr\u1edf n\u00ean r\u1ed9ng r\u00e3i, s\u00e1ng s\u1ee7a v\u00e0 \u0111\u1eadm ch\u1ea5t hi\u1ec7n \u0111\u1ea1i.<\/li>\n<li style=\"text-align: justify;\"><strong>\u0110\u1ed9 b\u1ec1n v\u01b0\u1ee3t tr\u1ed9i:<\/strong> T\u1ee7 b\u1ebfp nh\u1ef1a Picomat c\u00e1nh ph\u1ee7 Acrylic kh\u00f4ng b\u1ecb cong v\u00eanh, kh\u00f4ng co ng\u00f3t, ch\u1ecbu l\u1ef1c t\u1ed1t v\u00e0 kh\u00f3 tr\u1ea7y x\u01b0\u1edbc. Tu\u1ed5i th\u1ecd c\u00f3 th\u1ec3 k\u00e9o d\u00e0i h\u00e0ng ch\u1ee5c n\u0103m n\u1ebfu s\u1eed d\u1ee5ng v\u00e0 b\u1ea3o qu\u1ea3n \u0111\u00fang c\u00e1ch.<\/li>\n<li style=\"text-align: justify;\"><strong>An to\u00e0n v\u00e0 th\u00e2n thi\u1ec7n v\u1edbi s\u1ee9c kh\u1ecfe<\/strong>: Nh\u1ef1a Picomat kh\u00f4ng ch\u1ee9a formaldehyde \u2013 ch\u1ea5t c\u00f3 th\u1ec3 g\u00e2y ung th\u01b0 trong c\u00e1c lo\u1ea1i g\u1ed7 c\u00f4ng nghi\u1ec7p. \u0110\u00e2y l\u00e0 l\u1ef1a ch\u1ecdn t\u1ed1i \u01b0u cho gia \u0111\u00ecnh c\u00f3 tr\u1ebb nh\u1ecf ho\u1eb7c ng\u01b0\u1eddi cao tu\u1ed5i.<\/li>\n<li style=\"text-align: justify;\"><strong>D\u1ec5 v\u1ec7 sinh<\/strong>: B\u1ec1 m\u1eb7t tr\u01a1n nh\u1eb5n c\u1ee7a Acrylic d\u1ec5 lau ch\u00f9i, kh\u00f4ng th\u1ea5m n\u01b0\u1edbc, kh\u00f4ng b\u00e1m b\u1ee5i. Ch\u1ec9 c\u1ea7n kh\u0103n \u1ea9m l\u00e0 b\u1ea1n \u0111\u00e3 c\u00f3 th\u1ec3 l\u00e0m s\u1ea1ch v\u1ebft b\u1ea9n, d\u1ea7u m\u1ee1 tr\u00ean t\u1ee7 m\u1ed9t c\u00e1ch nhanh ch\u00f3ng.<\/li>\n<li style=\"text-align: justify;\"><strong>\u0110a d\u1ea1ng m\u1eabu m\u00e3 \u2013 ph\u1ed1i m\u00e0u linh ho\u1ea1t<\/strong>: T\u1ee7 b\u1ebfp nh\u1ef1a Picomat c\u00e1nh ph\u1ee7 Acrylic c\u00f3 b\u1ea3ng m\u00e0u phong ph\u00fa, t\u1eeb nh\u1eefng t\u00f4ng s\u00e1ng nh\u01b0 tr\u1eafng, kem, be \u0111\u1ebfn nh\u1eefng gam m\u1ea1nh m\u1ebd nh\u01b0 \u0111en, x\u00e1m, xanh \u0111\u1eadm&#8230; d\u1ec5 d\u00e0ng ph\u1ed1i h\u1ee3p theo phong c\u00e1ch n\u1ed9i th\u1ea5t t\u1ed5ng th\u1ec3 c\u1ee7a ng\u00f4i nh\u00e0.<\/li>\n<\/ul>\n<h2 style=\"text-align: justify;\"><strong>5. M\u1ed9t s\u1ed1 ki\u1ec3u d\u00e1ng t\u1ee7 b\u1ebfp Picomat c\u00e1nh ph\u1ee7 Acrylic \u0111\u01b0\u1ee3c \u01b0a chu\u1ed9ng<\/strong><\/h2>\n<h2 style=\"text-align: justify;\"><img loading=\"lazy\" decoding=\"async\" class=\"aligncenter wp-image-7110 size-full\" src=\"https:\/\/nhatnam.org\/wp-content\/uploads\/2025\/05\/tu_bep_nhua-36.jpg\" alt=\"T\u1ee7 B\u1ebfp Nh\u1ef1a Picomat C\u00e1nh Ph\u1ee7 Acrylic\" width=\"1280\" height=\"960\" \/><\/h2>\n<h2 style=\"text-align: justify;\"><\/h2>\n<h2 style=\"text-align: justify;\"><img loading=\"lazy\" decoding=\"async\" class=\"aligncenter wp-image-7106 size-full\" src=\"https:\/\/nhatnam.org\/wp-content\/uploads\/2025\/05\/tu_bep_nhua-32.jpg\" alt=\"\" width=\"1280\" height=\"960\" \/><\/h2>\n<h2 style=\"text-align: justify;\"><img loading=\"lazy\" decoding=\"async\" class=\"aligncenter wp-image-7085 size-full\" src=\"https:\/\/nhatnam.org\/wp-content\/uploads\/2025\/05\/tu_bep_nhua-11.jpg\" alt=\"T\u1ee7 B\u1ebfp Nh\u1ef1a Picomat C\u00e1nh Ph\u1ee7 Acrylic\" width=\"1280\" height=\"960\" \/><\/h2>\n<h2 style=\"text-align: justify;\"><img loading=\"lazy\" decoding=\"async\" class=\"aligncenter wp-image-7078 size-full\" src=\"https:\/\/nhatnam.org\/wp-content\/uploads\/2025\/05\/tu_bep_nhua-4.jpg\" alt=\"T\u1ee7 B\u1ebfp Nh\u1ef1a Picomat C\u00e1nh Ph\u1ee7 Acrylic\" width=\"1280\" height=\"960\" \/><\/h2>\n<h2 style=\"text-align: justify;\"><img loading=\"lazy\" decoding=\"async\" class=\"aligncenter wp-image-7093 size-full\" src=\"https:\/\/nhatnam.org\/wp-content\/uploads\/2025\/05\/tu_bep_nhua-19.jpg\" alt=\"\" width=\"1280\" height=\"960\" \/><\/h2>\n<h2 style=\"text-align: justify;\"><img loading=\"lazy\" decoding=\"async\" class=\"aligncenter wp-image-7098 size-full\" src=\"https:\/\/nhatnam.org\/wp-content\/uploads\/2025\/05\/tu_bep_nhua-24.jpg\" alt=\"\" width=\"1280\" height=\"960\" \/><\/h2>\n<h2 style=\"text-align: justify;\"><strong>6. Gi\u00e1 t\u1ee7 b\u1ebfp nh\u1ef1a Picomat ph\u1ee7 Acrylic bao nhi\u00eau?<\/strong><\/h2>\n<p style=\"text-align: justify;\">Chi ph\u00ed thi c\u00f4ng t\u1ee7 b\u1ebfp nh\u1ef1a Picomat c\u00e1nh ph\u1ee7 Acrylic ph\u1ee5 thu\u1ed9c v\u00e0o nhi\u1ec1u y\u1ebfu t\u1ed1 nh\u01b0 k\u00edch th\u01b0\u1edbc, lo\u1ea1i ph\u1ee5 ki\u1ec7n, ki\u1ec3u d\u00e1ng, m\u00e0u s\u1eafc, \u0111\u1ed9 d\u00e0y t\u1ea5m nh\u1ef1a\u2026 V\u00ec v\u1eady, \u0111\u1ec3 c\u00f3 b\u00e1o gi\u00e1 t\u1ee7 b\u1ebfp nh\u1ef1a Picomat c\u00e1nh ph\u1ee7 Acrylic ch\u00ednh x\u00e1c v\u00e0 chi ti\u1ebft nh\u1ea5t, b\u1ea1n n\u00ean li\u00ean h\u1ec7 tr\u1ef1c ti\u1ebfp v\u1edbi \u0111\u01a1n v\u1ecb thi c\u00f4ng \u0111\u1ec3 \u0111\u01b0\u1ee3c t\u01b0 v\u1ea5n t\u1eadn n\u01a1i.<\/p>\n<p style=\"text-align: justify;\">T\u1ea1i Nh\u1ea5t Nam, ch\u00fang t\u00f4i lu\u00f4n cam k\u1ebft mang \u0111\u1ebfn b\u1ea3ng gi\u00e1 c\u1ea1nh tranh v\u00e0 minh b\u1ea1ch nh\u1ea5t cho t\u1eebng kh\u00e1ch h\u00e0ng, v\u1edbi c\u00e1c l\u1ef1a ch\u1ecdn ph\u00f9 h\u1ee3p m\u1ecdi ng\u00e2n s\u00e1ch. Li\u00ean h\u1ec7 hotline Nh\u1ea5t Nam \u0111\u1ec3 \u0111\u01b0\u1ee3c h\u1ed7 tr\u1ee3 t\u01b0 v\u1ea5n v\u00e0 nh\u1eadn nhi\u1ec1u \u01b0u \u0111\u00e3i.<\/p>\n<h2 style=\"text-align: justify;\"><strong>7. Nh\u1ef1a Picomat ph\u1ee7 Acrylic v\u00e0 s\u1ef1 kh\u00e1c bi\u1ec7t so v\u1edbi c\u00e1c v\u1eadt li\u1ec7u kh\u00e1c<\/strong><\/h2>\n<p style=\"text-align: justify;\">So v\u1edbi c\u00e1c lo\u1ea1i t\u1ee7 b\u1ebfp ph\u1ed5 th\u00f4ng nh\u01b0 MDF ph\u1ee7 Melamine, HDF ph\u1ee7 Laminate hay g\u1ed7 t\u1ef1 nhi\u00ean, t\u1ee7 b\u1ebfp Picomat c\u00e1nh ph\u1ee7 Acrylic n\u1ed5i b\u1eadt nh\u1edd:<\/p>\n<ul style=\"text-align: justify;\">\n<li style=\"text-align: justify;\">Ch\u1ecbu n\u01b0\u1edbc 100%, trong khi MDF hay g\u1ed7 d\u1ec5 b\u1ecb ph\u1ed3ng r\u1ed9p n\u1ebfu g\u1eb7p n\u01b0\u1edbc.<\/li>\n<li style=\"text-align: justify;\">Kh\u00f4ng cong v\u00eanh \u2013 \u0111\u1eb7c \u0111i\u1ec3m quan tr\u1ecdng khi l\u1eafp t\u1ee7 b\u1ebfp s\u00e1t s\u00e0n.<\/li>\n<li style=\"text-align: justify;\">Kh\u00f4ng m\u1ed1i m\u1ecdt, th\u00e2n thi\u1ec7n v\u1edbi m\u00f4i tr\u01b0\u1eddng.<\/li>\n<li style=\"text-align: justify;\">B\u1ec1 m\u1eb7t b\u00f3ng, sang, \u0111\u1eb3ng c\u1ea5p \u2013 \u0111i\u1ec1u m\u00e0 g\u1ed7 c\u00f4ng nghi\u1ec7p kh\u00f3 \u0111\u1ea1t \u0111\u01b0\u1ee3c.<\/li>\n<li style=\"text-align: justify;\">\u0110a d\u1ea1ng thi\u1ebft k\u1ebf, m\u00e0u s\u1eafc linh ho\u1ea1t \u2013 ph\u00f9 h\u1ee3p v\u1edbi nhi\u1ec1u phong c\u00e1ch n\u1ed9i th\u1ea5t t\u1eeb hi\u1ec7n \u0111\u1ea1i \u0111\u1ebfn b\u00e1n c\u1ed5 \u0111i\u1ec3n.<\/li>\n<\/ul>\n<h2 style=\"text-align: justify;\"><strong>8. Nh\u1ea5t Nam \u2013 \u0110\u01a1n v\u1ecb chuy\u00ean thi c\u00f4ng t\u1ee7 b\u1ebfp nh\u1ef1a Picomat c\u00e1nh ph\u1ee7 Acrylic uy t\u00edn<\/strong><\/h2>\n<p style=\"text-align: justify;\">V\u1edbi b\u1ec1 d\u00e0y kinh nghi\u1ec7m trong l\u0129nh v\u1ef1c thi\u1ebft k\u1ebf v\u00e0 thi c\u00f4ng n\u1ed9i th\u1ea5t, Nh\u1ea5t Nam t\u1ef1 h\u00e0o l\u00e0 l\u1ef1a ch\u1ecdn h\u00e0ng \u0111\u1ea7u c\u1ee7a h\u00e0ng ngh\u00ecn kh\u00e1ch h\u00e0ng khi t\u00ecm ki\u1ebfm m\u1ed9t kh\u00f4ng gian b\u1ebfp hi\u1ec7n \u0111\u1ea1i, tinh t\u1ebf v\u00e0 b\u1ec1n b\u1ec9. Ch\u00fang t\u00f4i mang \u0111\u1ebfn gi\u1ea3i ph\u00e1p to\u00e0n di\u1ec7n v\u1edbi nhi\u1ec1u l\u1ee3i th\u1ebf n\u1ed5i b\u1eadt:<\/p>\n<ul style=\"text-align: justify;\">\n<li style=\"text-align: justify;\">X\u01b0\u1edfng s\u1ea3n xu\u1ea5t tr\u1ef1c ti\u1ebfp, kh\u00f4ng qua trung gian \u2013 cam k\u1ebft gi\u00e1 c\u1ea1nh tranh, ki\u1ec3m so\u00e1t ch\u1ea5t l\u01b0\u1ee3ng ch\u1eb7t ch\u1ebd t\u1eebng c\u00f4ng \u0111o\u1ea1n.<\/li>\n<li style=\"text-align: justify;\">\u0110\u1ed9i ng\u0169 thi\u1ebft k\u1ebf s\u00e1ng t\u1ea1o, lu\u00f4n b\u1eaft k\u1ecbp xu h\u01b0\u1edbng \u2013 mang \u0111\u1ebfn nh\u1eefng m\u1eabu t\u1ee7 b\u1ebfp v\u1eeba ti\u1ec7n nghi, v\u1eeba th\u1eddi th\u01b0\u1ee3ng.<\/li>\n<li style=\"text-align: justify;\">Ch\u00ednh s\u00e1ch b\u1ea3o h\u00e0nh minh b\u1ea1ch, d\u1ecbch v\u1ee5 h\u1eadu m\u00e3i chu \u0111\u00e1o \u2013 \u0111\u1ea3m b\u1ea3o s\u1ef1 an t\u00e2m l\u00e2u d\u00e0i cho kh\u00e1ch h\u00e0ng.<\/li>\n<li style=\"text-align: justify;\">Thi c\u00f4ng tr\u1ecdn g\u00f3i A-Z, t\u1eeb kh\u00e2u t\u01b0 v\u1ea5n t\u1ea1i nh\u00e0 \u0111\u1ebfn l\u1eafp \u0111\u1eb7t ho\u00e0n thi\u1ec7n \u2013 \u0111\u00fang ti\u1ebfn \u0111\u1ed9, \u0111\u00fang cam k\u1ebft.<\/li>\n<\/ul>\n<p style=\"text-align: justify;\">H\u00e3y \u0111\u1ec3 Nh\u1ea5t Nam \u0111\u1ed3ng h\u00e0nh c\u00f9ng b\u1ea1n ki\u1ebfn t\u1ea1o gian b\u1ebfp m\u01a1 \u01b0\u1edbc, n\u01a1i h\u1ed9i t\u1ee5 ho\u00e0n h\u1ea3o gi\u1eefa c\u00f4ng n\u0103ng, th\u1ea9m m\u1ef9 v\u00e0 ch\u1ea5t l\u01b0\u1ee3ng v\u01b0\u1ee3t th\u1eddi gian.<\/p>\n","protected":false},"excerpt":{"rendered":"<p style=\"text-align: justify;\" data-pm-slice=\"0 0 []\">T\u1ee7 b\u1ebfp nh\u1ef1a Picomat c\u00e1nh ph\u1ee7 Acrylic l\u00e0 s\u1ef1 k\u1ebft h\u1ee3p ho\u00e0n h\u1ea3o gi\u1eefa nh\u1ef1a Picomat ch\u1ed1ng n\u01b0\u1edbc, ch\u1ed1ng m\u1ed1i m\u1ecdt v\u1edbi b\u1ec1 m\u1eb7t Acrylic b\u00f3ng g\u01b0\u01a1ng cao c\u1ea5p, t\u1ea1o n\u00ean di\u1ec7n m\u1ea1o hi\u1ec7n \u0111\u1ea1i, sang tr\u1ecdng cho gian b\u1ebfp. Kh\u00f4ng ch\u1ec9 n\u1ed5i b\u1eadt v\u1ec1 t\u00ednh th\u1ea9m m\u1ef9, t\u1ee7 b\u1ebfp nh\u1ef1a Picomat c\u00e1nh ph\u1ee7 Acrylic c\u00f2n d\u1ec5 d\u00e0ng v\u1ec7 sinh, b\u1ec1n m\u00e0u v\u00e0 th\u00e2n thi\u1ec7n v\u1edbi m\u00f4i tr\u01b0\u1eddng \u2013 l\u00e0 l\u1ef1a ch\u1ecdn l\u00fd t\u01b0\u1edfng cho c\u00e1c gia \u0111\u00ecnh theo \u0111u\u1ed5i phong c\u00e1ch s\u1ed1ng th\u00f4ng minh v\u00e0 ti\u1ec7n nghi.<\/p>\n","protected":false},"featured_media":2005,"comment_status":"open","ping_status":"closed","template":"","meta":{"_acf_changed":false,"_gspb_post_css":""},"book-author":[],"product_brand":[],"product_cat":[135],"product_tag":[],"class_list":{"0":"post-2006","1":"product","2":"type-product","3":"status-publish","4":"has-post-thumbnail","6":"product_cat-tu-bep-nhua","8":"first","9":"instock","10":"shipping-taxable","11":"product-type-simple"},"acf":[],"_links":{"self":[{"href":"https:\/\/nhatnam.libion.me\/index.php\/wp-json\/wp\/v2\/product\/2006","targetHints":{"allow":["GET"]}}],"collection":[{"href":"https:\/\/nhatnam.libion.me\/index.php\/wp-json\/wp\/v2\/product"}],"about":[{"href":"https:\/\/nhatnam.libion.me\/index.php\/wp-json\/wp\/v2\/types\/product"}],"replies":[{"embeddable":true,"href":"https:\/\/nhatnam.libion.me\/index.php\/wp-json\/wp\/v2\/comments?post=2006"}],"wp:featuredmedia":[{"embeddable":true,"href":"https:\/\/nhatnam.libion.me\/index.php\/wp-json\/wp\/v2\/media\/2005"}],"wp:attachment":[{"href":"https:\/\/nhatnam.libion.me\/index.php\/wp-json\/wp\/v2\/media?parent=2006"}],"wp:term":[{"taxonomy":"book-author","embeddable":true,"href":"https:\/\/nhatnam.libion.me\/index.php\/wp-json\/wp\/v2\/book-author?post=2006"},{"taxonomy":"product_brand","embeddable":true,"href":"https:\/\/nhatnam.libion.me\/index.php\/wp-json\/wp\/v2\/product_brand?post=2006"},{"taxonomy":"product_cat","embeddable":true,"href":"https:\/\/nhatnam.libion.me\/index.php\/wp-json\/wp\/v2\/product_cat?post=2006"},{"taxonomy":"product_tag","embeddable":true,"href":"https:\/\/nhatnam.libion.me\/index.php\/wp-json\/wp\/v2\/product_tag?post=2006"}],"curies":[{"name":"wp","href":"https:\/\/api.w.org\/{rel}","templated":true}]}}