{"id":1999,"date":"2026-04-07T10:34:21","date_gmt":"2026-04-07T10:34:21","guid":{"rendered":"https:\/\/nhatnam.libion.me\/index.php\/product\/tu-bep-nhua-acrylic\/"},"modified":"2026-04-07T10:34:29","modified_gmt":"2026-04-07T10:34:29","slug":"tu-bep-nhua-acrylic","status":"publish","type":"product","link":"https:\/\/nhatnam.libion.me\/product\/tu-bep-nhua-acrylic\/","title":{"rendered":"T\u1ee7 B\u1ebfp Nh\u1ef1a Acrylic\u00a0"},"content":{"rendered":"<p style=\"text-align: justify;\"><span style=\"font-weight: 400;\">T\u1ee7 b\u1ebfp nh\u1ef1a Acrylic s\u1edf h\u1eefu b\u1ec1 m\u1eb7t b\u00f3ng g\u01b0\u01a1ng cao c\u1ea5p, cho hi\u1ec7u \u1ee9ng ph\u1ea3n chi\u1ebfu \u0111\u1eb9p m\u1eaft v\u00e0 d\u1ec5 d\u00e0ng v\u1ec7 sinh. \u0110\u01b0\u1ee3c s\u1ea3n xu\u1ea5t t\u1eeb c\u1ed1t nh\u1ef1a ch\u1ed1ng \u1ea9m Picomat\/PVC, k\u1ebft h\u1ee3p l\u1edbp ph\u1ee7 Acrylic hi\u1ec7n \u0111\u1ea1i, s\u1ea3n ph\u1ea9m mang \u0111\u1ebfn \u0111\u1ed9 b\u1ec1n v\u01b0\u1ee3t tr\u1ed9i, kh\u00f4ng cong v\u00eanh, kh\u00f4ng m\u1ed1i m\u1ecdt. Ph\u00f9 h\u1ee3p v\u1edbi m\u1ecdi kh\u00f4ng gian b\u1ebfp hi\u1ec7n \u0111\u1ea1i, t\u1ed1i \u01b0u c\u1ea3 th\u1ea9m m\u1ef9 l\u1eabn c\u00f4ng n\u0103ng.<\/span><\/p>\n<h2 style=\"text-align: justify;\"><b>1. Th\u1ebf n\u00e0o l\u00e0 t\u1ee7 b\u1ebfp nh\u1ef1a Acrylic?\u00a0<\/b><\/h2>\n<figure id=\"attachment_7119\" aria-describedby=\"caption-attachment-7119\" style=\"width: 1280px\" class=\"wp-caption aligncenter\"><img loading=\"lazy\" decoding=\"async\" class=\"wp-image-7119 size-full\" src=\"https:\/\/nhatnam.org\/wp-content\/uploads\/2025\/05\/tu_bep_nhua-45.jpg\" alt=\"T\u1ee7 B\u1ebfp Nh\u1ef1a Acrylic\u00a0\" width=\"1280\" height=\"960\" \/><figcaption id=\"caption-attachment-7119\" class=\"wp-caption-text\">M\u1eabu t\u1ee7 b\u1ebfp nh\u1ef1a Acrylic sang tr\u1ecdng hi\u1ec7n \u0111\u1ea1i<\/figcaption><\/figure>\n<p style=\"text-align: justify;\"><span style=\"font-weight: 400;\">T\u1ee7 b\u1ebfp nh\u1ef1a acrylic l\u00e0 d\u00f2ng t\u1ee7 c\u00f3 c\u00e1nh \u0111\u01b0\u1ee3c ph\u1ee7 l\u1edbp nh\u1ef1a acrylic \u2013 ch\u1ea5t li\u1ec7u cao c\u1ea5p v\u1edbi b\u1ec1 m\u1eb7t b\u00f3ng g\u01b0\u01a1ng, mang \u0111\u1ebfn v\u1ebb \u0111\u1eb9p hi\u1ec7n \u0111\u1ea1i v\u00e0 sang tr\u1ecdng cho kh\u00f4ng gian b\u1ebfp. Ph\u1ea7n th\u00f9ng t\u1ee7 th\u01b0\u1eddng \u0111\u01b0\u1ee3c l\u00e0m t\u1eeb nh\u1ef1a Picomat ph\u1ee7 acrylic, nh\u1ef1a PVC ph\u1ee7 acrylic ho\u1eb7c g\u1ed7 nh\u1ef1a composite \u0111\u1ec3 \u0111\u1ea3m b\u1ea3o kh\u1ea3 n\u0103ng ch\u1ed1ng \u1ea9m, m\u1ed1i m\u1ecdt v\u00e0 ch\u1ecbu l\u1ef1c t\u1ed1t.<\/span><\/p>\n<p style=\"text-align: justify;\"><span style=\"font-weight: 400;\">Nh\u1ef1a Acrylic l\u00e0m t\u1ee7 b\u1ebfp c\u00f3 kh\u1ea3 n\u0103ng t\u00e1i t\u1ea1o m\u00e0u s\u1eafc c\u1ef1c k\u1ef3 ch\u00e2n th\u1ef1c, \u0111\u1ed9 ph\u1ea3n chi\u1ebfu cao, th\u01b0\u1eddng \u0111\u01b0\u1ee3c s\u1eed d\u1ee5ng trong c\u00e1c d\u00f2ng t\u1ee7 b\u1ebfp nh\u1ef1a \u0111\u1eb7c ph\u1ee7 acrylic ho\u1eb7c t\u1ee7 b\u1ebfp nh\u1ef1a c\u00e1nh acrylic. \u0110\u00e2y c\u0169ng l\u00e0 v\u1eadt li\u1ec7u \u0111\u01b0\u1ee3c nhi\u1ec1u th\u01b0\u01a1ng hi\u1ec7u l\u1edbn nh\u01b0 An C\u01b0\u1eddng s\u1eed d\u1ee5ng \u0111\u1ec3 gia c\u00f4ng c\u00e1nh nh\u1ef1a ph\u1ee7 acrylic theo ti\u00eau chu\u1ea9n qu\u1ed1c t\u1ebf.<\/span><\/p>\n<h2 style=\"text-align: justify;\"><b>2. C\u1ea5u t\u1ea1o chi ti\u1ebft c\u1ee7a t\u1ee7 b\u1ebfp nh\u1ef1a Acrylic<br \/>\n<\/b><\/h2>\n<figure id=\"attachment_7155\" aria-describedby=\"caption-attachment-7155\" style=\"width: 1280px\" class=\"wp-caption aligncenter\"><img loading=\"lazy\" decoding=\"async\" class=\"wp-image-7155 size-full\" src=\"https:\/\/nhatnam.org\/wp-content\/uploads\/2025\/05\/tu_bep_nhua-81.jpg\" alt=\"T\u1ee7 B\u1ebfp Nh\u1ef1a Acrylic\u00a0\" width=\"1280\" height=\"960\" \/><figcaption id=\"caption-attachment-7155\" class=\"wp-caption-text\">\u0110a d\u1ea1ng m\u00e0u s\u1eafc c\u00e1nh t\u1ee7 b\u1ebfp Acrylic<\/figcaption><\/figure>\n<p style=\"text-align: justify;\"><span style=\"font-weight: 400;\">Kh\u00f4ng ch\u1ec9 ghi \u0111i\u1ec3m b\u1edfi b\u1ec1 m\u1eb7t b\u00f3ng g\u01b0\u01a1ng hi\u1ec7n \u0111\u1ea1i, s\u1eafc n\u00e9t, t\u1ee7 b\u1ebfp nh\u1ef1a Acrylic c\u00f2n chinh ph\u1ee5c ng\u01b0\u1eddi d\u00f9ng nh\u1edd k\u1ebft c\u1ea5u ch\u1eafc ch\u1eafn, \u0111\u01b0\u1ee3c t\u1ed1i \u01b0u t\u1eeb trong ra ngo\u00e0i. M\u1ed7i b\u1ed9 ph\u1eadn c\u1ee7a t\u1ee7 \u0111\u1ec1u \u0111\u01b0\u1ee3c l\u1ef1a ch\u1ecdn k\u1ef9 l\u01b0\u1ee1ng, \u1ee9ng d\u1ee5ng c\u00f4ng ngh\u1ec7 ti\u00ean ti\u1ebfn, nh\u1eb1m mang \u0111\u1ebfn m\u1ed9t s\u1ea3n ph\u1ea9m v\u1eeba \u0111\u1eb9p m\u1eaft v\u1eeba b\u1ec1n b\u1ec9 theo th\u1eddi gian.<\/span><\/p>\n<h3 style=\"text-align: justify;\"><b>C\u00e1nh t\u1ee7 b\u1ebfp nh\u1ef1a Acrylic<\/b><\/h3>\n<p style=\"text-align: justify;\"><span style=\"font-weight: 400;\">C\u00e1nh t\u1ee7 ch\u00ednh l\u00e0 \u201cg\u01b0\u01a1ng m\u1eb7t \u0111\u1ea1i di\u1ec7n\u201d cho to\u00e0n b\u1ed9 h\u1ec7 t\u1ee7. C\u1ed1t b\u00ean trong \u0111\u01b0\u1ee3c l\u00e0m t\u1eeb nh\u1ef1a PVC nguy\u00ean sinh cao c\u1ea5p v\u1edbi \u0111\u1ed9 d\u00e0y 18mm, n\u1ed5i b\u1eadt v\u1edbi kh\u1ea3 n\u0103ng ch\u1ed1ng \u1ea9m, ch\u1ed1ng m\u1ed1i m\u1ecdt. B\u1ec1 m\u1eb7t ph\u1ee7 Acrylic b\u00f3ng g\u01b0\u01a1ng, m\u1ed9t lo\u1ea1i v\u1eadt li\u1ec7u hi\u1ec7n \u0111\u1ea1i, s\u00e1ng m\u1ecbn, \u0111a s\u1eafc, \u0111\u01b0\u1ee3c d\u00e1n b\u1eb1ng c\u00f4ng ngh\u1ec7 kh\u00f4ng \u0111\u01b0\u1eddng line nh\u01b0 PUR ho\u1eb7c Laser, t\u1ea1o n\u00ean b\u1ec1 m\u1eb7t ph\u1eb3ng tuy\u1ec7t \u0111\u1ed1i, li\u1ec1n m\u1ea1ch, sang tr\u1ecdng v\u00e0 d\u1ec5 v\u1ec7 sinh. Nh\u1edd c\u00f4ng ngh\u1ec7 n\u00e0y, t\u1ee7 kh\u00f4ng ch\u1ec9 \u0111\u1eb9p m\u00e0 c\u00f2n kh\u00f3 tr\u1ea7y x\u01b0\u1edbc, gi\u1eef m\u00e0u l\u00e2u theo n\u0103m th\u00e1ng.<\/span><\/p>\n<h3 style=\"text-align: justify;\"><b>Khung t\u1ee7\u00a0<\/b><\/h3>\n<p style=\"text-align: justify;\"><span style=\"font-weight: 400;\">Ph\u1ea7n khung hay c\u00f2n g\u1ecdi l\u00e0 th\u00f9ng t\u1ee7, \u0111\u01b0\u1ee3c gia c\u00f4ng t\u1eeb nh\u1ef1a \u0111\u1eb7c PVC ch\u1ed1ng \u1ea9m cao c\u1ea5p, \u0111\u1ed9 d\u00e0y \u0111\u1ea1t chu\u1ea9n gi\u00fap t\u1ee7 ch\u1ecbu l\u1ef1c t\u1ed1t, kh\u00f4ng cong v\u00eanh trong qu\u00e1 tr\u00ecnh s\u1eed d\u1ee5ng. C\u00e1c th\u01b0\u01a1ng hi\u1ec7u ph\u1ed5 bi\u1ebfn nh\u01b0 Picomat, Pitech, Pima&#8230; l\u00e0 l\u1ef1a ch\u1ecdn h\u00e0ng \u0111\u1ea7u cho ph\u1ea7n khung t\u1ee7 n\u00e0y. Nh\u1edd \u0111\u00f3, h\u1ec7 t\u1ee7 lu\u00f4n gi\u1eef \u0111\u01b0\u1ee3c s\u1ef1 v\u1eefng ch\u00e3i, \u1ed5n \u0111\u1ecbnh, ngay c\u1ea3 khi th\u01b0\u1eddng xuy\u00ean ch\u1ecbu l\u1ef1c t\u1eeb xoong n\u1ed3i, v\u1eadt d\u1ee5ng b\u1ebfp.<\/span><\/p>\n<h3 style=\"text-align: justify;\"><b>H\u1eadu t\u1ee7\u00a0<\/b><\/h3>\n<p style=\"text-align: justify;\"><span style=\"font-weight: 400;\">\u0110\u00e2y l\u00e0 ph\u1ea7n ti\u1ebfp x\u00fac tr\u1ef1c ti\u1ebfp v\u1edbi t\u01b0\u1eddng \u2013 n\u01a1i ti\u1ec1m \u1ea9n nguy c\u01a1 \u1ea9m m\u1ed1c cao. V\u00ec v\u1eady, h\u1eadu t\u1ee7 th\u01b0\u1eddng \u0111\u01b0\u1ee3c l\u00e0m t\u1eeb t\u1ea5m h\u1ee3p kim nh\u00f4m nh\u1ef1a Aluminium d\u00e0y kho\u1ea3ng 3mm ho\u1eb7c nh\u1ef1a \u0111\u1eb7c ch\u1ed1ng \u1ea9m, ch\u1ed1ng ch\u00e1y. C\u1ea5u t\u1ea1o n\u00e0y gi\u00fap t\u1ee7 lu\u00f4n kh\u00f4 r\u00e1o, s\u1ea1ch s\u1ebd, \u0111\u1ed3ng th\u1eddi k\u00e9o d\u00e0i \u0111\u00e1ng k\u1ec3 tu\u1ed5i th\u1ecd s\u1ea3n ph\u1ea9m, \u0111\u1eb7c bi\u1ec7t l\u00e0 trong m\u00f4i tr\u01b0\u1eddng b\u1ebfp n\u00f3ng \u1ea9m.<\/span><\/p>\n<p style=\"text-align: justify;\"><span style=\"font-weight: 400;\">\u0110\u1eb7c bi\u1ec7t, t\u1ee7 b\u1ebfp nh\u1ef1a Picomat c\u00e1nh ph\u1ee7 Acrylic l\u00e0 l\u1ef1a ch\u1ecdn ph\u1ed5 bi\u1ebfn nh\u1edd v\u00e0o s\u1ef1 k\u1ebft h\u1ee3p gi\u1eefa \u0111\u1ed9 b\u1ec1n c\u1ee7a nh\u1ef1a Picomat v\u00e0 v\u1ebb \u0111\u1eb9p sang tr\u1ecdng t\u1eeb Acrylic.<\/span><\/p>\n<h2 style=\"text-align: justify;\"><b>3. \u01afu \u0111i\u1ec3m n\u1ed5i b\u1eadt c\u1ee7a t\u1ee7 b\u1ebfp nh\u1ef1a Acrylic<br \/>\n<\/b><\/h2>\n<p style=\"text-align: justify;\"><b><img loading=\"lazy\" decoding=\"async\" class=\"aligncenter wp-image-7111 size-full\" src=\"https:\/\/nhatnam.org\/wp-content\/uploads\/2025\/05\/tu_bep_nhua-37.jpg\" alt=\"nh\u1ef1a acrylic l\u00e0m t\u1ee7 b\u1ebfp\" width=\"1280\" height=\"960\" \/><\/b><\/p>\n<p style=\"text-align: justify;\"><span style=\"font-weight: 400;\">T\u1ee7 b\u1ebfp nh\u1ef1a Acrylic ng\u00e0y c\u00e0ng \u0111\u01b0\u1ee3c nhi\u1ec1u gia \u0111\u00ecnh \u01b0u \u00e1i l\u1ef1a ch\u1ecdn nh\u1edd nh\u1eefng \u01b0u \u0111i\u1ec3m v\u01b0\u1ee3t tr\u1ed9i c\u1ea3 v\u1ec1 th\u1ea9m m\u1ef9 l\u1eabn ch\u1ea5t l\u01b0\u1ee3ng s\u1eed d\u1ee5ng. D\u01b0\u1edbi \u0111\u00e2y l\u00e0 nh\u1eefng \u0111i\u1ec3m c\u1ed9ng l\u1edbn khi\u1ebfn d\u00f2ng t\u1ee7 n\u00e0y chinh ph\u1ee5c c\u1ea3 nh\u1eefng kh\u00e1ch h\u00e0ng kh\u00f3 t\u00ednh:<\/span><\/p>\n<ul style=\"text-align: justify;\">\n<li style=\"font-weight: 400;\" aria-level=\"1\"><b>Ch\u1ed1ng n\u01b0\u1edbc v\u00e0 m\u1ed1i m\u1ecdt g\u1ea7n nh\u01b0 tuy\u1ec7t \u0111\u1ed1i:<\/b><span style=\"font-weight: 400;\"> V\u1edbi l\u1edbp ph\u1ee7 Acrylic k\u1ebft h\u1ee3p l\u00f5i nh\u1ef1a cao c\u1ea5p, t\u1ee7 b\u1ebfp n\u00e0y ho\u00e0n to\u00e0n kh\u00f4ng th\u1ea5m n\u01b0\u1edbc, kh\u00f4ng b\u1ecb cong v\u00eanh hay h\u01b0 h\u1ea1i do \u1ea9m m\u1ed1c. Nh\u1edd \u0111\u00f3, s\u1ea3n ph\u1ea9m duy tr\u00ec \u0111\u01b0\u1ee3c \u0111\u1ed9 b\u1ec1n theo th\u1eddi gian m\u00e0 kh\u00f4ng c\u1ea7n lo l\u1eafng v\u1ec1 m\u1ed1i m\u1ecdt hay m\u1ee5c n\u00e1t nh\u01b0 nh\u1eefng ch\u1ea5t li\u1ec7u truy\u1ec1n th\u1ed1ng.<\/span><\/li>\n<li style=\"font-weight: 400;\" aria-level=\"1\"><b>M\u00e0u s\u1eafc \u0111a d\u1ea1ng, b\u1ec1 m\u1eb7t s\u00e1ng b\u00f3ng hi\u1ec7n \u0111\u1ea1i:<\/b><span style=\"font-weight: 400;\"> Acrylic n\u1ed5i b\u1eadt v\u1edbi b\u1ea3ng m\u00e0u phong ph\u00fa h\u01a1n 100 l\u1ef1a ch\u1ecdn, t\u1eeb t\u00f4ng trung t\u00ednh nh\u00e3 nh\u1eb7n \u0111\u1ebfn m\u00e0u s\u1eafc n\u1ed5i b\u1eadt, d\u1ec5 d\u00e0ng ph\u1ed1i h\u1ee3p v\u1edbi m\u1ecdi phong c\u00e1ch n\u1ed9i th\u1ea5t. B\u1ec1 m\u1eb7t s\u00e1ng b\u00f3ng nh\u01b0 g\u01b0\u01a1ng gi\u00fap m\u1edf r\u1ed9ng c\u1ea3m gi\u00e1c kh\u00f4ng gian, mang \u0111\u1ebfn v\u1ebb \u0111\u1eb9p sang tr\u1ecdng, hi\u1ec7n \u0111\u1ea1i cho c\u0103n b\u1ebfp.<\/span><\/li>\n<li style=\"font-weight: 400;\" aria-level=\"1\"><b>K\u1ebft c\u1ea5u b\u1ec1n ch\u1eafc, ch\u1ecbu l\u1ef1c v\u00e0 ch\u1ecbu nhi\u1ec7t t\u1ed1t:<\/b><span style=\"font-weight: 400;\"> C\u1ed1t l\u00f5i th\u01b0\u1eddng s\u1eed d\u1ee5ng nh\u1ef1a PVC \u0111\u1eb7c ho\u1eb7c nh\u1ef1a Picomat k\u1ebft h\u1ee3p ph\u1ee7 Acrylic cho kh\u1ea3 n\u0103ng ch\u1ecbu l\u1ef1c, ch\u1ed1ng va \u0111\u1eadp v\u00e0 gi\u1eef \u0111\u1ed9 \u1ed5n \u0111\u1ecbnh trong \u0111i\u1ec1u ki\u1ec7n nhi\u1ec7t \u0111\u1ed9 cao. \u0110\u00e2y l\u00e0 y\u1ebfu t\u1ed1 gi\u00fap t\u1ee7 b\u1ebfp Acrylic ghi \u0111i\u1ec3m v\u1ec1 \u0111\u1ed9 b\u1ec1n.<\/span><\/li>\n<li style=\"font-weight: 400;\" aria-level=\"1\"><b>D\u1ec5 lau ch\u00f9i v\u00e0 h\u1ea1n ch\u1ebf tr\u1ea7y x\u01b0\u1edbc<\/b><span style=\"font-weight: 400;\">: B\u1ec1 m\u1eb7t nh\u1eb5n m\u1ecbn, b\u00f3ng g\u01b0\u01a1ng gi\u00fap vi\u1ec7c v\u1ec7 sinh tr\u1edf n\u00ean nh\u1eb9 nh\u00e0ng h\u01a1n bao gi\u1edd h\u1ebft. Ch\u1ec9 c\u1ea7n m\u1ed9t t\u1ea5m kh\u0103n m\u1ec1m, b\u1ea1n \u0111\u00e3 c\u00f3 th\u1ec3 l\u00e0m s\u1ea1ch d\u1ea7u m\u1ee1 hay b\u1ee5i b\u1ea9n m\u00e0 kh\u00f4ng \u0111\u1ec3 l\u1ea1i v\u1ebft loang hay x\u01b0\u1edbc nh\u1ecf nh\u01b0 nh\u1eefng d\u00f2ng t\u1ee7 k\u00e9m ch\u1ea5t l\u01b0\u1ee3ng kh\u00e1c.<\/span><\/li>\n<li style=\"font-weight: 400;\" aria-level=\"1\"><b>An to\u00e0n v\u00e0 th\u00e2n thi\u1ec7n v\u1edbi m\u00f4i tr\u01b0\u1eddng:<\/b><span style=\"font-weight: 400;\"> T\u1ee7 b\u1ebfp Acrylic kh\u00f4ng ch\u1ee9a ch\u1ea5t \u0111\u1ed9c h\u1ea1i, kh\u00f4ng \u1ea3nh h\u01b0\u1edfng \u0111\u1ebfn s\u1ee9c kh\u1ecfe ng\u01b0\u1eddi d\u00f9ng. Ngo\u00e0i ra, s\u1ea3n ph\u1ea9m c\u0169ng th\u00e2n thi\u1ec7n v\u1edbi m\u00f4i tr\u01b0\u1eddng nh\u1edd v\u00e0o c\u1ea5u t\u1ea1o t\u1eeb c\u00e1c th\u00e0nh ph\u1ea7n nh\u1ef1a tinh khi\u1ebft v\u00e0 l\u1edbp ph\u1ee7 ch\u1ea5t l\u01b0\u1ee3ng cao.<\/span><b><br \/>\n<\/b><span style=\"font-weight: 400;\">D\u00f9 s\u1edf h\u1eefu nhi\u1ec1u \u0111i\u1ec3m c\u1ed9ng, t\u1ee7 b\u1ebfp Acrylic v\u1eabn c\u00f3 m\u1ed9t s\u1ed1 h\u1ea1n ch\u1ebf nh\u1ecf b\u1ea1n n\u00ean c\u00e2n nh\u1eafc:<\/span><\/li>\n<\/ul>\n<p style=\"text-align: justify;\"><span style=\"font-weight: 400;\">V\u00ec thi\u00ean v\u1ec1 thi\u1ebft k\u1ebf hi\u1ec7n \u0111\u1ea1i, lo\u1ea1i t\u1ee7 n\u00e0y th\u01b0\u1eddng kh\u00f4ng \u0111\u00e1p \u1ee9ng \u0111\u01b0\u1ee3c nh\u1eefng y\u00eau c\u1ea7u c\u1ea7u k\u1ef3 trong trang tr\u00ed.<\/span><\/p>\n<p style=\"text-align: justify;\"><span style=\"font-weight: 400;\">T\u1ee7 b\u1ebfp Acrylic l\u00e0 s\u1ef1 \u0111\u1ea7u t\u01b0 x\u1ee9ng \u0111\u00e1ng cho kh\u00f4ng gian b\u1ebfp \u0111\u1eb9p \u2013 b\u1ec1n \u2013 an to\u00e0n, tuy nhi\u00ean s\u1ebd kh\u00f4ng th\u1eadt s\u1ef1 ph\u00f9 h\u1ee3p n\u1ebfu b\u1ea1n \u0111ang t\u00ecm ki\u1ebfm m\u1ed9t gi\u1ea3i ph\u00e1p ti\u1ebft ki\u1ec7m cho nh\u00e0 tr\u1ecd, c\u0103n h\u1ed9 cho thu\u00ea ng\u1eafn h\u1ea1n.<\/span><\/p>\n<h2 style=\"text-align: justify;\"><b>4. Ph\u00e2n lo\u1ea1i t\u1ee7 b\u1ebfp nh\u1ef1a Acrylic<br \/>\n<\/b><\/h2>\n<figure id=\"attachment_7083\" aria-describedby=\"caption-attachment-7083\" style=\"width: 1280px\" class=\"wp-caption aligncenter\"><img loading=\"lazy\" decoding=\"async\" class=\"wp-image-7083 size-full\" src=\"https:\/\/nhatnam.org\/wp-content\/uploads\/2025\/05\/tu_bep_nhua-9.jpg\" alt=\"T\u1ee7 B\u1ebfp Nh\u1ef1a Acrylic\u00a0\" width=\"1280\" height=\"960\" \/><figcaption id=\"caption-attachment-7083\" class=\"wp-caption-text\">M\u1eabu t\u1ee7 b\u1ebfp nh\u1ef1a \u0111\u1eb7c ph\u1ee7 Acrylic b\u00f3ng g\u01b0\u01a1ng b\u1ec1n, \u0111\u1eb9p<\/figcaption><\/figure>\n<p style=\"text-align: justify;\"><span style=\"font-weight: 400;\">T\u1ee7 b\u1ebfp nh\u1ef1a Acrylic hi\u1ec7n nay \u0111\u01b0\u1ee3c ph\u00e2n chia d\u1ef1a theo ch\u1ea5t li\u1ec7u ph\u1ea7n th\u00f9ng t\u1ee7 v\u00e0 c\u00e1nh t\u1ee7. D\u01b0\u1edbi \u0111\u00e2y l\u00e0 nh\u1eefng ph\u00e2n lo\u1ea1i ph\u1ed5 bi\u1ebfn m\u00e0 ng\u01b0\u1eddi d\u00f9ng c\u00f3 th\u1ec3 tham kh\u1ea3o \u0111\u1ec3 ch\u1ecdn l\u1ef1a ph\u00f9 h\u1ee3p v\u1edbi kh\u00f4ng gian b\u1ebfp c\u0169ng nh\u01b0 ng\u00e2n s\u00e1ch \u0111\u1ea7u t\u01b0.<\/span><\/p>\n<p style=\"text-align: justify;\"><b>T\u1ee7 b\u1ebfp nh\u1ef1a Picomat c\u00e1nh ph\u1ee7 Acrylic<\/b><b><br \/>\n<\/b><span style=\"font-weight: 400;\">\u0110\u00e2y l\u00e0 d\u00f2ng s\u1ea3n ph\u1ea9m \u0111\u01b0\u1ee3c \u01b0a chu\u1ed9ng nh\u1ea5t hi\u1ec7n nay. Ph\u1ea7n th\u00f9ng t\u1ee7 \u0111\u01b0\u1ee3c l\u00e0m t\u1eeb nh\u1ef1a Picomat \u2013 m\u1ed9t lo\u1ea1i v\u1eadt li\u1ec7u si\u00eau b\u1ec1n, kh\u00f4ng th\u1ea5m n\u01b0\u1edbc, kh\u00f4ng cong v\u00eanh. C\u00e1nh t\u1ee7 \u0111\u01b0\u1ee3c ph\u1ee7 l\u1edbp Acrylic b\u00f3ng g\u01b0\u01a1ng cao c\u1ea5p, t\u1ea1o hi\u1ec7u \u1ee9ng th\u1ea9m m\u1ef9 n\u1ed5i b\u1eadt v\u00e0 d\u1ec5 d\u00e0ng v\u1ec7 sinh trong qu\u00e1 tr\u00ecnh s\u1eed d\u1ee5ng.<\/span><\/p>\n<p style=\"text-align: justify;\"><b>T\u1ee7 b\u1ebfp nh\u1ef1a PVC ph\u1ee7 Acrylic<\/b><b><br \/>\n<\/b><span style=\"font-weight: 400;\">Th\u00f9ng t\u1ee7 s\u1eed d\u1ee5ng nh\u1ef1a PVC nguy\u00ean sinh, c\u00f3 \u0111\u1ed9 b\u1ec1n cao, ch\u1ecbu l\u1ef1c t\u1ed1t. B\u1ec1 m\u1eb7t v\u1eabn l\u00e0 l\u1edbp Acrylic s\u00e1ng b\u00f3ng v\u1edbi nhi\u1ec1u m\u00e0u s\u1eafc \u0111a d\u1ea1ng, mang \u0111\u1ebfn s\u1ef1 l\u1ef1a ch\u1ecdn linh ho\u1ea1t cho t\u1eebng thi\u1ebft k\u1ebf n\u1ed9i th\u1ea5t.<\/span><\/p>\n<p style=\"text-align: justify;\"><b>T\u1ee7 b\u1ebfp g\u1ed7 nh\u1ef1a Acrylic k\u1ebft h\u1ee3p Laminate ho\u1eb7c Melamine<\/b><b><br \/>\n<\/b><span style=\"font-weight: 400;\">D\u00f2ng t\u1ee7 n\u00e0y th\u01b0\u1eddng \u0111\u01b0\u1ee3c l\u1ef1a ch\u1ecdn khi gia ch\u1ee7 mu\u1ed1n ti\u1ebft ki\u1ec7m chi ph\u00ed. Ph\u1ea7n c\u00e1nh t\u1ee7 c\u00f3 th\u1ec3 ph\u1ed1i h\u1ee3p gi\u1eefa Acrylic \u1edf m\u1eb7t ngo\u00e0i v\u00e0 Laminate ho\u1eb7c Melamine \u1edf m\u1eb7t trong \u0111\u1ec3 c\u00e2n b\u1eb1ng gi\u1eefa gi\u00e1 th\u00e0nh v\u00e0 th\u1ea9m m\u1ef9.<\/span><\/p>\n<p style=\"text-align: justify;\"><b>T\u1ee7 b\u1ebfp nh\u1ef1a \u0111\u1eb7c ph\u1ee7 Acrylic cao c\u1ea5p<\/b><b><br \/>\n<\/b><span style=\"font-weight: 400;\">S\u1ea3n ph\u1ea9m thu\u1ed9c ph\u00e2n kh\u00fac cao c\u1ea5p, th\u01b0\u1eddng s\u1eed d\u1ee5ng nh\u1ef1a \u0111\u1eb7c d\u00e0y d\u1eb7n cho c\u1ea3 th\u00f9ng v\u00e0 c\u00e1nh t\u1ee7, k\u1ebft h\u1ee3p ph\u1ee7 l\u1edbp Acrylic tinh x\u1ea3o. Thi\u1ebft k\u1ebf n\u00e0y mang l\u1ea1i c\u1ea3m gi\u00e1c ch\u1eafc ch\u1eafn, sang tr\u1ecdng v\u00e0 tr\u01b0\u1eddng t\u1ed3n theo th\u1eddi gian.<\/span><\/p>\n<h2 style=\"text-align: justify;\"><b>5. B\u00e1o gi\u00e1 t\u1ee7 b\u1ebfp nh\u1ef1a Acrylic<\/b><\/h2>\n<p style=\"text-align: justify;\"><span style=\"font-weight: 400;\">Hi\u1ec7n nay, gi\u00e1 t\u1ee7 b\u1ebfp nh\u1ef1a Acrylic c\u00f3 s\u1ef1 ch\u00eanh l\u1ec7ch t\u00f9y thu\u1ed9c v\u00e0o ki\u1ec3u d\u00e1ng thi\u1ebft k\u1ebf, lo\u1ea1i nh\u1ef1a s\u1eed d\u1ee5ng (Picomat hay PVC), ch\u1ea5t li\u1ec7u c\u00e1nh t\u1ee7, ph\u1ee5 ki\u1ec7n \u0111i k\u00e8m v\u00e0 \u0111\u1ed9 ph\u1ee9c t\u1ea1p trong thi c\u00f4ng. M\u1ed9t s\u1ed1 y\u1ebfu t\u1ed1 \u1ea3nh h\u01b0\u1edfng tr\u1ef1c ti\u1ebfp \u0111\u1ebfn chi ph\u00ed c\u00f3 th\u1ec3 k\u1ec3 \u0111\u1ebfn nh\u01b0:<\/span><\/p>\n<ul style=\"text-align: justify;\">\n<li style=\"font-weight: 400;\" aria-level=\"1\"><span style=\"font-weight: 400;\">K\u00edch th\u01b0\u1edbc t\u1ed5ng th\u1ec3 c\u1ee7a h\u1ec7 t\u1ee7 b\u1ebfp<\/span><\/li>\n<li style=\"font-weight: 400;\" aria-level=\"1\"><span style=\"font-weight: 400;\">Lo\u1ea1i c\u00e1nh t\u1ee7: Acrylic b\u00f3ng g\u01b0\u01a1ng, Acrylic b\u00f3ng m\u1edd hay Acrylic nh\u1eadp kh\u1ea9u<\/span><\/li>\n<li style=\"font-weight: 400;\" aria-level=\"1\"><span style=\"font-weight: 400;\">Lo\u1ea1i nh\u1ef1a l\u00e0m th\u00f9ng: nh\u1ef1a Picomat An C\u01b0\u1eddng, nh\u1ef1a PVC ho\u1eb7c nh\u1ef1a pha<\/span><\/li>\n<li style=\"font-weight: 400;\" aria-level=\"1\"><span style=\"font-weight: 400;\">Ph\u1ee5 ki\u1ec7n b\u1ebfp \u0111i k\u00e8m: b\u1ea3n l\u1ec1, ray tr\u01b0\u1ee3t, tay n\u00e2ng, gi\u00e1 xoong n\u1ed3i, ch\u1eadu r\u1eeda\u2026<\/span><\/li>\n<\/ul>\n<p style=\"text-align: justify;\"><span style=\"font-weight: 400;\">\u0110\u1ec3 nh\u1eadn \u0111\u01b0\u1ee3c b\u00e1o gi\u00e1 chi ti\u1ebft v\u00e0 ch\u00ednh x\u00e1c nh\u1ea5t cho t\u1eebng nhu c\u1ea7u ri\u00eang bi\u1ec7t, qu\u00fd kh\u00e1ch h\u00e0ng vui l\u00f2ng li\u00ean h\u1ec7 tr\u1ef1c ti\u1ebfp v\u1edbi <\/span><b>Nh\u1ea5t Nam<\/b><span style=\"font-weight: 400;\"> qua s\u1ed1 hotline ho\u1eb7c \u0111\u1ebfn showroom \u0111\u1ec3 \u0111\u01b0\u1ee3c t\u01b0 v\u1ea5n mi\u1ec5n ph\u00ed v\u00e0 b\u00e1o gi\u00e1 t\u1eadn t\u00ecnh theo di\u1ec7n t\u00edch th\u1ef1c t\u1ebf, l\u1ef1a ch\u1ecdn v\u1eadt li\u1ec7u c\u1ee5 th\u1ec3.<\/span><\/p>\n<h2 style=\"text-align: justify;\"><b>6. M\u1ed9t s\u1ed1 m\u1eabu t\u1ee7 b\u1ebfp nh\u1ef1a Acrylic \u0111\u1eb9p, th\u1ef1c t\u1ebf<\/b><\/h2>\n<p style=\"text-align: justify;\"><span style=\"font-weight: 400;\">T\u1ee7 b\u1ebfp nh\u1ef1a Acrylic ghi \u0111i\u1ec3m kh\u00f4ng ch\u1ec9 b\u1edfi \u0111\u1ed9 b\u1ec1n m\u00e0 c\u00f2n nh\u1edd v\u00e0o t\u00ednh th\u1ea9m m\u1ef9 linh ho\u1ea1t, d\u1ec5 d\u00e0ng \u1ee9ng d\u1ee5ng trong nhi\u1ec1u kh\u00f4ng gian kh\u00e1c nhau, t\u1eeb nh\u00e0 ph\u1ed1 \u0111\u1ebfn c\u0103n h\u1ed9 chung c\u01b0.<\/span><\/p>\n<figure id=\"attachment_7080\" aria-describedby=\"caption-attachment-7080\" style=\"width: 1280px\" class=\"wp-caption aligncenter\"><img loading=\"lazy\" decoding=\"async\" class=\"wp-image-7080 size-full\" src=\"https:\/\/nhatnam.org\/wp-content\/uploads\/2025\/05\/tu_bep_nhua-6.jpg\" alt=\"T\u1ee7 B\u1ebfp Nh\u1ef1a Acrylic\u00a0\" width=\"1280\" height=\"960\" \/><figcaption id=\"caption-attachment-7080\" class=\"wp-caption-text\">Thi\u1ebft k\u1ebf t\u1ee7 b\u1ebfp nh\u1ef1a Acrylic kh\u00f4ng tay n\u1eafm<\/figcaption><\/figure>\n<figure id=\"attachment_7081\" aria-describedby=\"caption-attachment-7081\" style=\"width: 1280px\" class=\"wp-caption aligncenter\"><img loading=\"lazy\" decoding=\"async\" class=\"wp-image-7081 size-full\" src=\"https:\/\/nhatnam.org\/wp-content\/uploads\/2025\/05\/tu_bep_nhua-7.jpg\" alt=\"T\u1ee7 B\u1ebfp Nh\u1ef1a Acrylic\u00a0\" width=\"1280\" height=\"960\" \/><figcaption id=\"caption-attachment-7081\" class=\"wp-caption-text\">T\u1ee7 b\u1ebfp nh\u1ef1a Acrylic b\u00f3ng g\u01b0\u01a1ng hi\u1ec7n \u0111\u1ea1i, sang tr\u1ecdng<\/figcaption><\/figure>\n<figure id=\"attachment_7100\" aria-describedby=\"caption-attachment-7100\" style=\"width: 1280px\" class=\"wp-caption aligncenter\"><img loading=\"lazy\" decoding=\"async\" class=\"wp-image-7100 size-full\" src=\"https:\/\/nhatnam.org\/wp-content\/uploads\/2025\/05\/tu_bep_nhua-26.jpg\" alt=\"T\u1ee7 B\u1ebfp Nh\u1ef1a Acrylic\u00a0\" width=\"1280\" height=\"960\" \/><figcaption id=\"caption-attachment-7100\" class=\"wp-caption-text\">T\u1ee7 b\u1ebfp nh\u1ef1a Acrylic cao k\u1ecbch tr\u1ea7n, thi\u1ebft k\u1ebf tinh t\u1ebf \u2013 hi\u1ec7n \u0111\u1ea1i.<\/figcaption><\/figure>\n<figure id=\"attachment_7141\" aria-describedby=\"caption-attachment-7141\" style=\"width: 1280px\" class=\"wp-caption aligncenter\"><img loading=\"lazy\" decoding=\"async\" class=\"wp-image-7141 size-full\" src=\"https:\/\/nhatnam.org\/wp-content\/uploads\/2025\/05\/tu_bep_nhua-67.jpg\" alt=\"T\u1ee7 B\u1ebfp Nh\u1ef1a Acrylic\u00a0\" width=\"1280\" height=\"960\" \/><figcaption id=\"caption-attachment-7141\" class=\"wp-caption-text\">M\u1eabu t\u1ee7 b\u1ebfp nh\u1ef1a Acrylic ch\u1eef L \u0111\u1eb9p, thi\u1ebft k\u1ebf t\u1ed1i \u01b0u kh\u00f4ng gian.<\/figcaption><\/figure>\n<h2 style=\"text-align: justify;\"><b>7. Nh\u1ea5t Nam \u2013 \u0110\u01a1n v\u1ecb thi\u1ebft k\u1ebf, thi c\u00f4ng t\u1ee7 b\u1ebfp nh\u1ef1a Acrylic tr\u1ecdn g\u00f3i, uy t\u00edn<\/b><\/h2>\n<p style=\"text-align: justify;\"><span style=\"font-weight: 400;\">V\u1edbi h\u01a1n 10 n\u0103m kinh nghi\u1ec7m trong ng\u00e0nh n\u1ed9i th\u1ea5t v\u00e0 thi c\u00f4ng h\u00e0ng tr\u0103m c\u00f4ng tr\u00ecnh khu v\u1ef1c TP.HCM v\u00e0 Mi\u1ec1n Nam. <\/span><b>Nh\u1ea5t Nam<\/b><span style=\"font-weight: 400;\"> t\u1ef1 h\u00e0o l\u00e0 \u0111\u1ecba ch\u1ec9 \u0111\u00e1ng tin c\u1eady d\u00e0nh cho kh\u00e1ch h\u00e0ng \u0111ang t\u00ecm ki\u1ebfm <\/span><b>t\u1ee7 b\u1ebfp nh\u1ef1a Acrylic ch\u1ea5t l\u01b0\u1ee3ng cao<\/b><span style=\"font-weight: 400;\">.<\/span><\/p>\n<p style=\"text-align: justify;\"><span style=\"font-weight: 400;\">Ch\u00fang t\u00f4i cung c\u1ea5p tr\u1ecdn g\u00f3i t\u1eeb kh\u00e2u t\u01b0 v\u1ea5n thi\u1ebft k\u1ebf \u0111\u1ebfn thi c\u00f4ng v\u00e0 ho\u00e0n thi\u1ec7n. M\u1ed7i c\u00f4ng tr\u00ecnh \u0111\u1ec1u \u0111\u01b0\u1ee3c ch\u0103m ch\u00fat t\u1ec9 m\u1ec9, \u0111\u1ea3m b\u1ea3o \u0111\u00fang y\u00eau c\u1ea7u k\u1ef9 thu\u1eadt, th\u1ea9m m\u1ef9 v\u00e0 ti\u1ebfn \u0111\u1ed9. \u0110\u1ed9i ng\u0169 k\u1ef9 thu\u1eadt vi\u00ean chuy\u00ean m\u00f4n cao, v\u1eadt li\u1ec7u ch\u00ednh h\u00e3ng v\u00e0 ch\u00ednh s\u00e1ch b\u1ea3o h\u00e0nh minh b\u1ea1ch l\u00e0 nh\u1eefng cam k\u1ebft m\u00e0 Nh\u1ea5t Nam d\u00e0nh cho qu\u00fd kh\u00e1ch h\u00e0ng.<\/span><\/p>\n<p style=\"text-align: justify;\"><span style=\"font-weight: 400;\">D\u00f9 b\u1ea1n y\u00eau th\u00edch phong c\u00e1ch hi\u1ec7n \u0111\u1ea1i, t\u1ed1i gi\u1ea3n hay sang tr\u1ecdng, \u0111\u1ed9c \u0111\u00e1o \u2013 Nh\u1ea5t Nam \u0111\u1ec1u c\u00f3 gi\u1ea3i ph\u00e1p ph\u00f9 h\u1ee3p. H\u00e3y \u0111\u1ec3 ch\u00fang t\u00f4i \u0111\u1ed3ng h\u00e0nh c\u00f9ng b\u1ea1n ki\u1ebfn t\u1ea1o kh\u00f4ng gian b\u1ebfp m\u01a1 \u01b0\u1edbc!<\/span><\/p>\n","protected":false},"excerpt":{"rendered":"<p style=\"text-align: justify;\"><span style=\"font-weight: 400;\">T\u1ee7 b\u1ebfp nh\u1ef1a Acrylic s\u1edf h\u1eefu b\u1ec1 m\u1eb7t b\u00f3ng g\u01b0\u01a1ng cao c\u1ea5p, cho hi\u1ec7u \u1ee9ng ph\u1ea3n chi\u1ebfu \u0111\u1eb9p m\u1eaft v\u00e0 d\u1ec5 d\u00e0ng v\u1ec7 sinh. \u0110\u01b0\u1ee3c s\u1ea3n xu\u1ea5t t\u1eeb c\u1ed1t nh\u1ef1a ch\u1ed1ng \u1ea9m Picomat\/PVC, k\u1ebft h\u1ee3p l\u1edbp ph\u1ee7 Acrylic hi\u1ec7n \u0111\u1ea1i, s\u1ea3n ph\u1ea9m mang \u0111\u1ebfn \u0111\u1ed9 b\u1ec1n v\u01b0\u1ee3t tr\u1ed9i, kh\u00f4ng cong v\u00eanh, kh\u00f4ng m\u1ed1i m\u1ecdt. Ph\u00f9 h\u1ee3p v\u1edbi m\u1ecdi kh\u00f4ng gian b\u1ebfp hi\u1ec7n \u0111\u1ea1i, t\u1ed1i \u01b0u c\u1ea3 th\u1ea9m m\u1ef9 l\u1eabn c\u00f4ng n\u0103ng.<\/span><\/p>\n","protected":false},"featured_media":1998,"comment_status":"open","ping_status":"closed","template":"","meta":{"_acf_changed":false,"_gspb_post_css":""},"book-author":[],"product_brand":[],"product_cat":[135],"product_tag":[],"class_list":{"0":"post-1999","1":"product","2":"type-product","3":"status-publish","4":"has-post-thumbnail","6":"product_cat-tu-bep-nhua","8":"first","9":"instock","10":"shipping-taxable","11":"product-type-simple"},"acf":[],"_links":{"self":[{"href":"https:\/\/nhatnam.libion.me\/wp-json\/wp\/v2\/product\/1999","targetHints":{"allow":["GET"]}}],"collection":[{"href":"https:\/\/nhatnam.libion.me\/wp-json\/wp\/v2\/product"}],"about":[{"href":"https:\/\/nhatnam.libion.me\/wp-json\/wp\/v2\/types\/product"}],"replies":[{"embeddable":true,"href":"https:\/\/nhatnam.libion.me\/wp-json\/wp\/v2\/comments?post=1999"}],"wp:featuredmedia":[{"embeddable":true,"href":"https:\/\/nhatnam.libion.me\/wp-json\/wp\/v2\/media\/1998"}],"wp:attachment":[{"href":"https:\/\/nhatnam.libion.me\/wp-json\/wp\/v2\/media?parent=1999"}],"wp:term":[{"taxonomy":"book-author","embeddable":true,"href":"https:\/\/nhatnam.libion.me\/wp-json\/wp\/v2\/book-author?post=1999"},{"taxonomy":"product_brand","embeddable":true,"href":"https:\/\/nhatnam.libion.me\/wp-json\/wp\/v2\/product_brand?post=1999"},{"taxonomy":"product_cat","embeddable":true,"href":"https:\/\/nhatnam.libion.me\/wp-json\/wp\/v2\/product_cat?post=1999"},{"taxonomy":"product_tag","embeddable":true,"href":"https:\/\/nhatnam.libion.me\/wp-json\/wp\/v2\/product_tag?post=1999"}],"curies":[{"name":"wp","href":"https:\/\/api.w.org\/{rel}","templated":true}]}}