{"id":1984,"date":"2026-04-07T10:33:56","date_gmt":"2026-04-07T10:33:56","guid":{"rendered":"https:\/\/nhatnam.libion.me\/index.php\/product\/tu-ruou-canh-kinh\/"},"modified":"2026-04-07T10:33:56","modified_gmt":"2026-04-07T10:33:56","slug":"tu-ruou-canh-kinh","status":"publish","type":"product","link":"https:\/\/nhatnam.libion.me\/product\/tu-ruou-canh-kinh\/","title":{"rendered":"T\u1ee7 R\u01b0\u1ee3u C\u00e1nh K\u00ednh"},"content":{"rendered":"<p style=\"text-align: justify;\"><span style=\"font-weight: 400;\">T\u1ee7 r\u01b0\u1ee3u c\u00e1nh k\u00ednh l\u00e0 m\u00f3n \u0111\u1ed3 n\u1ed9i th\u1ea5t kh\u00f4ng th\u1ec3 thi\u1ebfu trong nhi\u1ec1u gia \u0111\u00ecnh hi\u1ec7n \u0111\u1ea1i, kh\u00f4ng ch\u1ec9 \u0111\u1ec3 b\u1ea3o qu\u1ea3n r\u01b0\u1ee3u m\u00e0 c\u00f2n l\u00e0 \u0111i\u1ec3m nh\u1ea5n th\u1ea9m m\u1ef9 cho kh\u00f4ng gian s\u1ed1ng. V\u1edbi thi\u1ebft k\u1ebf tinh t\u1ebf v\u00e0 kh\u1ea3 n\u0103ng t\u00f4n l\u00ean v\u1ebb \u0111\u1eb9p c\u1ee7a nh\u1eefng chai r\u01b0\u1ee3u qu\u00fd, t\u1ee7 r\u01b0\u1ee3u c\u00e1nh k\u00ednh ng\u00e0y c\u00e0ng \u0111\u01b0\u1ee3c \u01b0a chu\u1ed9ng trong c\u00e1c c\u0103n h\u1ed9, bi\u1ec7t th\u1ef1 cao c\u1ea5p, hay c\u00e1c qu\u00e1n bar, nh\u00e0 h\u00e0ng. Trong b\u00e0i vi\u1ebft n\u00e0y, ch\u00fang ta s\u1ebd c\u00f9ng kh\u00e1m ph\u00e1 t\u1ee7 r\u01b0\u1ee3u c\u00e1nh k\u00ednh, nh\u1eefng \u01b0u \u0111i\u1ec3m v\u01b0\u1ee3t tr\u1ed9i c\u1ee7a n\u00f3, c\u00e1ch l\u1ef1a ch\u1ecdn ph\u00f9 h\u1ee3p v\u00e0 c\u00e1c m\u1eabu t\u1ee7 r\u01b0\u1ee3u \u0111\u1eb9p tr\u00ean th\u1ecb tr\u01b0\u1eddng.<\/span><\/p>\n<h2 style=\"text-align: justify;\"><b>1. T\u1ee7 r\u01b0\u1ee3u c\u00e1nh k\u00ednh l\u00e0 g\u00ec?<\/b><\/h2>\n<p style=\"text-align: justify;\"><span style=\"font-weight: 400;\">T\u1ee7 r\u01b0\u1ee3u c\u00e1nh k\u00ednh l\u00e0 lo\u1ea1i t\u1ee7 \u0111\u01b0\u1ee3c thi\u1ebft k\u1ebf \u0111\u1eb7c bi\u1ec7t v\u1edbi ph\u1ea7n c\u1eeda l\u00e0m b\u1eb1ng k\u00ednh c\u01b0\u1eddng l\u1ef1c, gi\u00fap ng\u01b0\u1eddi s\u1eed d\u1ee5ng d\u1ec5 d\u00e0ng nh\u00ecn th\u1ea5y c\u00e1c chai r\u01b0\u1ee3u b\u00ean trong. C\u00e1nh k\u00ednh t\u1ee7 r\u01b0\u1ee3u kh\u00f4ng ch\u1ec9 b\u1ea3o v\u1ec7 r\u01b0\u1ee3u kh\u1ecfi b\u1ee5i b\u1ea9n m\u00e0 c\u00f2n gi\u00fap t\u1ea1o n\u00ean v\u1ebb \u0111\u1eb9p sang tr\u1ecdng, thanh l\u1ecbch cho kh\u00f4ng gian. T\u1ee7 r\u01b0\u1ee3u c\u00e1nh k\u00ednh c\u00f3 th\u1ec3 \u0111\u01b0\u1ee3c l\u00e0m t\u1eeb nhi\u1ec1u ch\u1ea5t li\u1ec7u kh\u00e1c nhau nh\u01b0 g\u1ed7 t\u1ef1 nhi\u00ean, g\u1ed7 c\u00f4ng nghi\u1ec7p, kim lo\u1ea1i, ho\u1eb7c k\u1ebft h\u1ee3p v\u1edbi c\u00e1c ch\u1ea5t li\u1ec7u hi\u1ec7n \u0111\u1ea1i kh\u00e1c.<\/span><\/p>\n<p style=\"text-align: justify;\"><span style=\"font-weight: 400;\">T\u1ee7 r\u01b0\u1ee3u c\u00e1nh k\u00ednh th\u01b0\u1eddng \u0111\u01b0\u1ee3c s\u1eed d\u1ee5ng trong c\u00e1c ph\u00f2ng kh\u00e1ch, ph\u00f2ng \u0103n, ho\u1eb7c c\u00e1c khu v\u1ef1c ti\u1ebfp kh\u00e1ch, th\u1ec3 hi\u1ec7n s\u1ef1 \u0111\u1eb3ng c\u1ea5p v\u00e0 gu th\u1ea9m m\u1ef9 c\u1ee7a gia ch\u1ee7. Ngo\u00e0i ra, m\u1ed9t s\u1ed1 m\u1eabu t\u1ee7 r\u01b0\u1ee3u c\u00e1nh k\u00ednh c\u00f2n \u0111\u01b0\u1ee3c trang b\u1ecb h\u1ec7 th\u1ed1ng \u0111\u00e8n LED, l\u00e0m n\u1ed5i b\u1eadt c\u00e1c chai r\u01b0\u1ee3u qu\u00fd, gi\u00fap kh\u00f4ng gian tr\u1edf n\u00ean \u1ea5m c\u00fang v\u00e0 b\u1eaft m\u1eaft h\u01a1n.<\/span><\/p>\n<h2 style=\"text-align: justify;\"><b>2. C\u00e1c lo\u1ea1i t\u1ee7 r\u01b0\u1ee3u c\u00e1nh k\u00ednh ph\u1ed5 bi\u1ebfn<\/b><\/h2>\n<h4 style=\"text-align: justify;\"><b>T\u1ee7 r\u01b0\u1ee3u c\u00e1nh k\u00ednh ki\u1ec3u truy\u1ec1n th\u1ed1ng<\/b><\/h4>\n<p style=\"text-align: justify;\"><span style=\"font-weight: 400;\">T\u1ee7 r\u01b0\u1ee3u c\u00e1nh k\u00ednh ki\u1ec3u truy\u1ec1n th\u1ed1ng th\u01b0\u1eddng \u0111\u01b0\u1ee3c l\u00e0m t\u1eeb g\u1ed7 t\u1ef1 nhi\u00ean ho\u1eb7c g\u1ed7 c\u00f4ng nghi\u1ec7p. C\u00e1c thi\u1ebft k\u1ebf n\u00e0y ch\u00fa tr\u1ecdng v\u00e0o s\u1ef1 tinh t\u1ebf v\u00e0 c\u1ed5 \u0111i\u1ec3n, v\u1edbi c\u00e1c chi ti\u1ebft ch\u1ea1m kh\u1eafc, \u0111\u01b0\u1eddng n\u00e9t m\u1ec1m m\u1ea1i. \u0110\u00e2y l\u00e0 s\u1ef1 l\u1ef1a ch\u1ecdn l\u00fd t\u01b0\u1edfng cho nh\u1eefng kh\u00f4ng gian n\u1ed9i th\u1ea5t theo phong c\u00e1ch c\u1ed5 \u0111i\u1ec3n, t\u00e2n c\u1ed5 \u0111i\u1ec3n ho\u1eb7c vintage. V\u1edbi t\u1ee7 r\u01b0\u1ee3u truy\u1ec1n th\u1ed1ng, b\u1ea1n s\u1ebd c\u1ea3m nh\u1eadn \u0111\u01b0\u1ee3c s\u1ef1 \u1ea5m c\u00fang v\u00e0 g\u1ea7n g\u0169i m\u00e0 n\u00f3 mang l\u1ea1i.<\/span><\/p>\n<h4 style=\"text-align: justify;\"><b>T\u1ee7 r\u01b0\u1ee3u c\u00e1nh k\u00ednh ki\u1ec3u hi\u1ec7n \u0111\u1ea1i<\/b><\/h4>\n<p style=\"text-align: justify;\"><span style=\"font-weight: 400;\">V\u1edbi s\u1ef1 ph\u00e1t tri\u1ec3n c\u1ee7a xu h\u01b0\u1edbng n\u1ed9i th\u1ea5t hi\u1ec7n \u0111\u1ea1i, t\u1ee7 r\u01b0\u1ee3u c\u00e1nh k\u00ednh ki\u1ec3u m\u1edbi ng\u00e0y nay c\u00f3 thi\u1ebft k\u1ebf t\u1ed1i gi\u1ea3n, tinh t\u1ebf, s\u1eed d\u1ee5ng v\u1eadt li\u1ec7u nh\u01b0 k\u00ednh c\u01b0\u1eddng l\u1ef1c, khung kim lo\u1ea1i, th\u00e9p kh\u00f4ng g\u1ec9, ho\u1eb7c h\u1ee3p kim nh\u00f4m. Nh\u1eefng t\u1ee7 r\u01b0\u1ee3u n\u00e0y kh\u00f4ng ch\u1ec9 c\u00f3 t\u00ednh n\u0103ng b\u1ea3o qu\u1ea3n r\u01b0\u1ee3u m\u00e0 c\u00f2n gi\u00fap n\u00e2ng t\u1ea7m kh\u00f4ng gian s\u1ed1ng c\u1ee7a gia ch\u1ee7. C\u00e1c thi\u1ebft k\u1ebf ki\u1ec3u hi\u1ec7n \u0111\u1ea1i n\u00e0y th\u01b0\u1eddng k\u1ebft h\u1ee3p v\u1edbi \u00e1nh s\u00e1ng LED, l\u00e0m t\u00f4n l\u00ean v\u1ebb \u0111\u1eb9p c\u1ee7a c\u00e1c chai r\u01b0\u1ee3u trong t\u1ee7.<\/span><\/p>\n<h4 style=\"text-align: justify;\"><b>T\u1ee7 r\u01b0\u1ee3u c\u00e1nh k\u00ednh k\u1ebft h\u1ee3p v\u1edbi \u00e1nh s\u00e1ng LED<\/b><\/h4>\n<p style=\"text-align: justify;\"><span style=\"font-weight: 400;\">M\u1ed9t xu h\u01b0\u1edbng n\u1ed5i b\u1eadt trong c\u00e1c m\u1eabu t\u1ee7 r\u01b0\u1ee3u c\u00e1nh k\u00ednh hi\u1ec7n nay l\u00e0 vi\u1ec7c t\u00edch h\u1ee3p h\u1ec7 th\u1ed1ng \u0111\u00e8n LED v\u00e0o thi\u1ebft k\u1ebf. \u00c1nh s\u00e1ng nh\u1eb9 nh\u00e0ng, m\u00e0u s\u1eafc \u1ea5m \u00e1p t\u1eeb \u0111\u00e8n LED kh\u00f4ng ch\u1ec9 gi\u00fap chi\u1ebfu s\u00e1ng m\u00e0 c\u00f2n t\u1ea1o ra kh\u00f4ng gian l\u00e3ng m\u1ea1n, sang tr\u1ecdng. T\u1ee7 r\u01b0\u1ee3u c\u00e1nh k\u00ednh c\u00f3 \u0111\u00e8n LED th\u00edch h\u1ee3p cho c\u00e1c gia \u0111\u00ecnh y\u00eau th\u00edch s\u1ef1 k\u1ebft h\u1ee3p gi\u1eefa t\u00ednh n\u0103ng v\u00e0 th\u1ea9m m\u1ef9, mang l\u1ea1i v\u1ebb \u0111\u1eb9p r\u1ef1c r\u1ee1 cho m\u1ecdi kh\u00f4ng gian.<\/span><\/p>\n<h2 style=\"text-align: justify;\"><b>3. T\u1ea1i sao t\u1ee7 r\u01b0\u1ee3u c\u00e1nh k\u00ednh l\u1ea1i \u0111\u01b0\u1ee3c \u01b0a chu\u1ed9ng?<\/b><\/h2>\n<p style=\"text-align: justify;\"><span style=\"font-weight: 400;\">T\u1ee7 r\u01b0\u1ee3u kh\u00f4ng ch\u1ec9 l\u00e0 n\u01a1i c\u1ea5t gi\u1eef, m\u00e0 c\u00f2n l\u00e0 c\u00e1ch th\u1ec3 hi\u1ec7n phong c\u00e1ch s\u1ed1ng. Trong s\u1ed1 c\u00e1c d\u00f2ng s\u1ea3n ph\u1ea9m hi\u1ec7n nay, t\u1ee7 r\u01b0\u1ee3u c\u00e1nh k\u00ednh \u0111ang \u0111\u01b0\u1ee3c \u01b0a chu\u1ed9ng nh\u1edd thi\u1ebft k\u1ebf hi\u1ec7n \u0111\u1ea1i v\u00e0 nhi\u1ec1u t\u00ednh n\u0103ng n\u1ed5i b\u1eadt. D\u01b0\u1edbi \u0111\u00e2y l\u00e0 nh\u1eefng \u01b0u \u0111i\u1ec3m \u0111\u00e1ng ch\u00fa \u00fd c\u1ee7a lo\u1ea1i t\u1ee7 n\u00e0y.<\/span><\/p>\n<p style=\"text-align: justify;\"><span style=\"font-weight: 400;\">Tr\u01b0ng b\u00e0y sang tr\u1ecdng, t\u0103ng t\u00ednh th\u1ea9m m\u1ef9<\/span><\/p>\n<p style=\"text-align: justify;\"><span style=\"font-weight: 400;\">Thi\u1ebft k\u1ebf m\u1eb7t k\u00ednh trong su\u1ed1t gi\u00fap t\u1ee7 r\u01b0\u1ee3u tr\u1edf th\u00e0nh \u0111i\u1ec3m nh\u1ea5n n\u1ed5i b\u1eadt trong kh\u00f4ng gian n\u1ed9i th\u1ea5t. B\u1ed9 s\u01b0u t\u1eadp r\u01b0\u1ee3u \u0111\u01b0\u1ee3c tr\u01b0ng b\u00e0y m\u1ed9t c\u00e1ch tinh t\u1ebf, th\u1ec3 hi\u1ec7n gu th\u1ea9m m\u1ef9 v\u00e0 \u0111\u1eb3ng c\u1ea5p c\u1ee7a gia ch\u1ee7. D\u00f9 \u0111\u1eb7t \u1edf ph\u00f2ng kh\u00e1ch, ph\u00f2ng \u0103n hay h\u1ea7m r\u01b0\u1ee3u, t\u1ee7 r\u01b0\u1ee3u c\u00e1nh k\u00ednh lu\u00f4n t\u1ea1o \u1ea5n t\u01b0\u1ee3ng m\u1ea1nh.<\/span><\/p>\n<p style=\"text-align: justify;\"><span style=\"font-weight: 400;\">Quan s\u00e1t d\u1ec5 d\u00e0ng, ch\u1ecdn r\u01b0\u1ee3u nhanh ch\u00f3ng<\/span><\/p>\n<p style=\"text-align: justify;\"><span style=\"font-weight: 400;\">V\u1edbi m\u1eb7t k\u00ednh, b\u1ea1n c\u00f3 th\u1ec3 nh\u00ecn th\u1ea5y c\u00e1c chai r\u01b0\u1ee3u b\u00ean trong m\u00e0 kh\u00f4ng c\u1ea7n m\u1edf c\u1eeda t\u1ee7. \u0110i\u1ec1u n\u00e0y kh\u00f4ng ch\u1ec9 ti\u1ec7n l\u1ee3i m\u00e0 c\u00f2n gi\u00fap h\u1ea1n ch\u1ebf vi\u1ec7c m\u1edf t\u1ee7 qu\u00e1 th\u01b0\u1eddng xuy\u00ean, tr\u00e1nh l\u00e0m thay \u0111\u1ed5i nhi\u1ec7t \u0111\u1ed9 b\u00ean trong \u2013 y\u1ebfu t\u1ed1 quan tr\u1ecdng trong vi\u1ec7c b\u1ea3o qu\u1ea3n r\u01b0\u1ee3u.<\/span><\/p>\n<p style=\"text-align: justify;\"><span style=\"font-weight: 400;\">Gi\u1eef r\u01b0\u1ee3u lu\u00f4n \u1edf \u0111i\u1ec1u ki\u1ec7n t\u1ed1i \u01b0u<\/span><\/p>\n<p style=\"text-align: justify;\"><span style=\"font-weight: 400;\">T\u1ee7 r\u01b0\u1ee3u c\u00e1nh k\u00ednh cao c\u1ea5p th\u01b0\u1eddng s\u1eed d\u1ee5ng k\u00ednh c\u00e1ch nhi\u1ec7t 2 l\u1edbp v\u00e0 c\u00f3 kh\u1ea3 n\u0103ng ch\u1ed1ng tia UV. Nh\u1edd v\u1eady, \u00e1nh s\u00e1ng v\u00e0 nhi\u1ec7t \u0111\u1ed9 b\u00ean ngo\u00e0i kh\u00f4ng \u1ea3nh h\u01b0\u1edfng \u0111\u1ebfn ch\u1ea5t l\u01b0\u1ee3ng r\u01b0\u1ee3u. M\u1ed9t s\u1ed1 m\u1eabu c\u00f2n t\u00edch h\u1ee3p h\u1ec7 th\u1ed1ng \u0111i\u1ec1u khi\u1ec3n \u0111\u1ed9 \u1ea9m, \u0111\u1ea3m b\u1ea3o r\u01b0\u1ee3u \u0111\u01b0\u1ee3c b\u1ea3o qu\u1ea3n trong \u0111i\u1ec1u ki\u1ec7n l\u00fd t\u01b0\u1edfng nh\u1ea5t.<\/span><\/p>\n<p style=\"text-align: justify;\"><span style=\"font-weight: 400;\">Ti\u1ebft ki\u1ec7m \u0111i\u1ec7n v\u00e0 v\u1eadn h\u00e0nh th\u00f4ng minh<\/span><\/p>\n<p style=\"text-align: justify;\"><span style=\"font-weight: 400;\">Nhi\u1ec1u d\u00f2ng t\u1ee7 hi\u1ec7n \u0111\u1ea1i \u0111\u01b0\u1ee3c trang b\u1ecb \u0111\u00e8n LED ti\u1ebft ki\u1ec7m \u0111i\u1ec7n, t\u1ef1 \u0111\u1ed9ng b\u1eadt\/t\u1eaft theo c\u1ea3m bi\u1ebfn chuy\u1ec3n \u0111\u1ed9ng ho\u1eb7c khi m\u1edf c\u1eeda. Kh\u00f4ng ch\u1ec9 gi\u00fap ti\u1ebft ki\u1ec7m \u0111i\u1ec7n n\u0103ng, h\u1ec7 th\u1ed1ng n\u00e0y c\u00f2n gi\u00fap b\u1ea3o v\u1ec7 r\u01b0\u1ee3u kh\u1ecfi \u00e1nh s\u00e1ng tr\u1ef1c ti\u1ebfp k\u00e9o d\u00e0i.<\/span><\/p>\n<p style=\"text-align: justify;\"><span style=\"font-weight: 400;\">D\u1ec5 d\u00e0ng k\u1ebft h\u1ee3p v\u1edbi nhi\u1ec1u phong c\u00e1ch n\u1ed9i th\u1ea5t kh\u00e1c<\/span><\/p>\n<p style=\"text-align: justify;\"><span style=\"font-weight: 400;\">V\u1edbi ki\u1ec3u d\u00e1ng thanh l\u1ecbch, t\u1ee7 r\u01b0\u1ee3u c\u00e1nh k\u00ednh d\u1ec5 d\u00e0ng k\u1ebft h\u1ee3p v\u1edbi nhi\u1ec1u phong c\u00e1ch n\u1ed9i th\u1ea5t kh\u00e1c nhau \u2013 t\u1eeb c\u1ed5 \u0111i\u1ec3n, hi\u1ec7n \u0111\u1ea1i \u0111\u1ebfn t\u1ed1i gi\u1ea3n. D\u00f9 \u1edf nh\u00e0 ri\u00eang, nh\u00e0 h\u00e0ng hay showroom, s\u1ea3n ph\u1ea9m v\u1eabn \u0111\u1ea3m b\u1ea3o s\u1ef1 h\u00e0i h\u00f2a v\u00e0 n\u1ed5i b\u1eadt.<\/span><\/p>\n<h2 style=\"text-align: justify;\"><b>4. C\u00e1ch l\u1ef1a ch\u1ecdn t\u1ee7 r\u01b0\u1ee3u c\u00e1nh k\u00ednh ph\u00f9 h\u1ee3p<\/b><\/h2>\n<p style=\"text-align: justify;\"><b>Ch\u1ecdn theo di\u1ec7n t\u00edch ph\u00f2ng<\/b><\/p>\n<p style=\"text-align: justify;\"><span style=\"font-weight: 400;\">Khi l\u1ef1a ch\u1ecdn t\u1ee7 r\u01b0\u1ee3u c\u00e1nh k\u00ednh, \u0111i\u1ec1u quan tr\u1ecdng nh\u1ea5t l\u00e0 x\u00e1c \u0111\u1ecbnh di\u1ec7n t\u00edch kh\u00f4ng gian c\u1ee7a b\u1ea1n. N\u1ebfu kh\u00f4ng gian r\u1ed9ng r\u00e3i, b\u1ea1n c\u00f3 th\u1ec3 l\u1ef1a ch\u1ecdn c\u00e1c m\u1eabu t\u1ee7 l\u1edbn, nhi\u1ec1u ng\u0103n \u0111\u1ec3 ch\u1ee9a nhi\u1ec1u chai r\u01b0\u1ee3u. Ng\u01b0\u1ee3c l\u1ea1i, v\u1edbi kh\u00f4ng gian h\u1ea1n ch\u1ebf, b\u1ea1n n\u00ean ch\u1ecdn c\u00e1c m\u1eabu t\u1ee7 nh\u1ecf g\u1ecdn, ti\u1ebft ki\u1ec7m di\u1ec7n t\u00edch nh\u01b0ng v\u1eabn \u0111\u1ea3m b\u1ea3o t\u00ednh th\u1ea9m m\u1ef9.<\/span><\/p>\n<p style=\"text-align: justify;\"><b>Xem x\u00e9t phong c\u00e1ch n\u1ed9i th\u1ea5t\u00a0<\/b><\/p>\n<p style=\"text-align: justify;\"><span style=\"font-weight: 400;\">T\u1ee7 r\u01b0\u1ee3u c\u00e1nh k\u00ednh c\u1ea7n \u0111\u01b0\u1ee3c l\u1ef1a ch\u1ecdn sao cho ph\u00f9 h\u1ee3p v\u1edbi phong c\u00e1ch thi\u1ebft k\u1ebf t\u1ed5ng th\u1ec3 c\u1ee7a kh\u00f4ng gian. N\u1ebfu kh\u00f4ng gian n\u1ed9i th\u1ea5t c\u1ee7a b\u1ea1n theo phong c\u00e1ch hi\u1ec7n \u0111\u1ea1i, h\u00e3y ch\u1ecdn nh\u1eefng m\u1eabu t\u1ee7 c\u00f3 thi\u1ebft k\u1ebf \u0111\u01a1n gi\u1ea3n, sang tr\u1ecdng. N\u1ebfu kh\u00f4ng gian mang phong c\u00e1ch c\u1ed5 \u0111i\u1ec3n, b\u1ea1n c\u00f3 th\u1ec3 ch\u1ecdn t\u1ee7 r\u01b0\u1ee3u c\u00e1nh k\u00ednh l\u00e0m t\u1eeb g\u1ed7 t\u1ef1 nhi\u00ean v\u1edbi c\u00e1c chi ti\u1ebft trang tr\u00ed c\u1ea7u k\u1ef3.<\/span><\/p>\n<p style=\"text-align: justify;\"><b>Xem x\u00e9t c\u00e1c t\u00ednh n\u0103ng b\u1ed5 sung<\/b><\/p>\n<p style=\"text-align: justify;\"><span style=\"font-weight: 400;\">M\u1ed9t s\u1ed1 t\u1ee7 r\u01b0\u1ee3u c\u00e1nh k\u00ednh hi\u1ec7n \u0111\u1ea1i c\u00f3 t\u00edch h\u1ee3p c\u00e1c t\u00ednh n\u0103ng b\u1ed5 sung nh\u01b0 \u0111\u00e8n LED chi\u1ebfu s\u00e1ng, ng\u0103n ch\u1ee9a ly r\u01b0\u1ee3u, k\u1ec7 \u0111\u1ec3 d\u1ee5ng c\u1ee5 m\u1edf r\u01b0\u1ee3u. B\u1ea1n c\u00f3 th\u1ec3 ch\u1ecdn m\u1eabu t\u1ee7 r\u01b0\u1ee3u c\u00f3 \u0111\u1ea7y \u0111\u1ee7 t\u00ednh n\u0103ng n\u00e0y \u0111\u1ec3 t\u0103ng th\u00eam s\u1ef1 ti\u1ec7n l\u1ee3i.<\/span><\/p>\n<h2 style=\"text-align: justify;\"><b>5. B\u1ea3o qu\u1ea3n v\u00e0 l\u1eafp \u0111\u1eb7t t\u1ee7 r\u01b0\u1ee3u c\u00e1nh k\u00ednh<\/b><\/h2>\n<p style=\"text-align: justify;\"><span style=\"font-weight: 400;\">T\u1ee7 r\u01b0\u1ee3u c\u00e1nh k\u00ednh kh\u00f4ng ch\u1ec9 l\u00e0 n\u01a1i l\u01b0u tr\u1eef nh\u1eefng chai r\u01b0\u1ee3u qu\u00fd gi\u00e1 m\u00e0 c\u00f2n \u0111\u00f3ng vai tr\u00f2 quan tr\u1ecdng trong vi\u1ec7c t\u00f4 \u0111i\u1ec3m kh\u00f4ng gian s\u1ed1ng c\u1ee7a gia \u0111\u00ecnh. Vi\u1ec7c l\u1ef1a ch\u1ecdn v\u1ecb tr\u00ed \u0111\u1eb7t v\u00e0 c\u00e1ch tr\u01b0ng b\u00e0y t\u1ee7 ph\u00f9 h\u1ee3p gi\u00fap n\u00e2ng cao th\u1ea9m m\u1ef9, \u0111\u1ed3ng th\u1eddi mang l\u1ea1i nhi\u1ec1u \u0111i\u1ec1u t\u1ed1t l\u00e0nh theo phong th\u1ee7y.<\/span><\/p>\n<h3 style=\"text-align: justify;\"><b>V\u1ecb tr\u00ed \u0111\u1eb7t v\u00e0 nguy\u00ean t\u1eafc tr\u01b0ng b\u00e0y<\/b><\/h3>\n<p style=\"text-align: justify;\"><span style=\"font-weight: 400;\">Khi \u0111\u1eb7t t\u1ee7 r\u01b0\u1ee3u, b\u1ea1n n\u00ean ch\u1ecdn v\u1ecb tr\u00ed kh\u00f4 r\u00e1o, tho\u00e1ng m\u00e1t, tr\u00e1nh \u00e1nh s\u00e1ng m\u1eb7t tr\u1eddi tr\u1ef1c ti\u1ebfp v\u00e0 n\u01a1i \u1ea9m \u01b0\u1edbt \u0111\u1ec3 b\u1ea3o qu\u1ea3n r\u01b0\u1ee3u t\u1ed1t h\u01a1n. V\u1ec1 m\u1eb7t phong th\u1ee7y, v\u1ecb tr\u00ed \u0111\u1eb7t t\u1ee7 n\u00ean ph\u00f9 h\u1ee3p v\u1edbi cung m\u1ec7nh c\u1ee7a gia ch\u1ee7 \u0111\u1ec3 thu h\u00fat n\u0103ng l\u01b0\u1ee3ng t\u00edch c\u1ef1c:<\/span><\/p>\n<ul style=\"text-align: justify;\">\n<li style=\"font-weight: 400;\" aria-level=\"1\"><span style=\"font-weight: 400;\">Gia ch\u1ee7 thu\u1ed9c T\u00e2y t\u1ee9 m\u1ec7nh n\u00ean \u01b0u ti\u00ean \u0111\u1eb7t t\u1ee7 \u1edf h\u01b0\u1edbng T\u00e2y, T\u00e2y Nam, T\u00e2y B\u1eafc ho\u1eb7c \u0110\u00f4ng B\u1eafc.<\/span><\/li>\n<li style=\"font-weight: 400;\" aria-level=\"1\"><span style=\"font-weight: 400;\">Gia ch\u1ee7 thu\u1ed9c \u0110\u00f4ng t\u1ee9 m\u1ec7nh c\u00f3 th\u1ec3 ch\u1ecdn h\u01b0\u1edbng \u0110\u00f4ng, \u0110\u00f4ng Nam, Nam ho\u1eb7c B\u1eafc.<\/span><\/li>\n<\/ul>\n<p style=\"text-align: justify;\"><span style=\"font-weight: 400;\">Trong t\u1ee7, ngo\u00e0i vi\u1ec7c x\u1ebfp c\u00e1c chai r\u01b0\u1ee3u theo k\u00edch th\u01b0\u1edbc v\u00e0 ch\u1ee7ng lo\u1ea1i, b\u1ea1n c\u00f3 th\u1ec3 trang tr\u00ed th\u00eam c\u00e1c v\u1eadt d\u1ee5ng nh\u1ecf nh\u01b0 b\u1ed9 \u1ea5m ch\u00e9n ho\u1eb7c \u0111\u1ed3 m\u1ef9 ngh\u1ec7 ph\u00f9 h\u1ee3p, gi\u00fap t\u0103ng t\u00ednh th\u1ea9m m\u1ef9 v\u00e0 s\u1ef1 h\u00e0i h\u00f2a cho kh\u00f4ng gian. N\u00ean \u0111\u1eb7t nh\u1eefng chai r\u01b0\u1ee3u c\u00f3 gi\u00e1 tr\u1ecb ho\u1eb7c y\u00eau th\u00edch \u1edf v\u1ecb tr\u00ed trung t\u00e2m \u0111\u1ec3 d\u1ec5 d\u00e0ng thu h\u00fat s\u1ef1 ch\u00fa \u00fd.<\/span><\/p>\n<h3 style=\"text-align: justify;\"><b>B\u1ea3o qu\u1ea3n v\u00e0 l\u1eafp \u0111\u1eb7t t\u1ee7 r\u01b0\u1ee3u c\u00e1nh k\u00ednh<\/b><\/h3>\n<p style=\"text-align: justify;\"><span style=\"font-weight: 400;\">\u0110\u1ec3 gi\u1eef t\u1ee7 r\u01b0\u1ee3u lu\u00f4n b\u1ec1n \u0111\u1eb9p, c\u1ea7n ch\u00fa \u00fd b\u1ea3o qu\u1ea3n \u0111\u00fang c\u00e1ch. T\u1ee7 n\u00ean \u0111\u01b0\u1ee3c \u0111\u1eb7t \u1edf n\u01a1i kh\u00f4ng c\u00f3 nhi\u1ec7t \u0111\u1ed9 qu\u00e1 cao ho\u1eb7c \u0111\u1ed9 \u1ea9m l\u1edbn, tr\u00e1nh \u00e1nh s\u00e1ng tr\u1ef1c ti\u1ebfp l\u00e0m h\u01b0 h\u1ea1i k\u00ednh v\u00e0 khung t\u1ee7. Khi lau ch\u00f9i, s\u1eed d\u1ee5ng kh\u0103n m\u1ec1m c\u00f9ng dung d\u1ecbch chuy\u00ean d\u1ee5ng, tr\u00e1nh ch\u1ea5t t\u1ea9y r\u1eeda m\u1ea1nh c\u00f3 th\u1ec3 l\u00e0m tr\u1ea7y x\u01b0\u1edbc b\u1ec1 m\u1eb7t k\u00ednh.<\/span><\/p>\n<p style=\"text-align: justify;\"><span style=\"font-weight: 400;\">Qu\u00e1 tr\u00ecnh l\u1eafp \u0111\u1eb7t t\u1ee7 r\u01b0\u1ee3u c\u1ea7n \u0111\u01b0\u1ee3c th\u1ef1c hi\u1ec7n b\u1edfi \u0111\u1ed9i ng\u0169 k\u1ef9 thu\u1eadt chuy\u00ean nghi\u1ec7p \u0111\u1ec3 \u0111\u1ea3m b\u1ea3o c\u00e1nh k\u00ednh \u0111\u01b0\u1ee3c g\u1eafn ch\u00ednh x\u00e1c, b\u1ea3n l\u1ec1 ho\u1ea1t \u0111\u1ed9ng tr\u01a1n tru v\u00e0 c\u00e1c chi ti\u1ebft ph\u1ee5 ki\u1ec7n \u0111\u01b0\u1ee3c c\u1ed1 \u0111\u1ecbnh ch\u1eafc ch\u1eafn. \u0110i\u1ec1u n\u00e0y kh\u00f4ng ch\u1ec9 gi\u00fap t\u1ee7 v\u1eadn h\u00e0nh \u1ed5n \u0111\u1ecbnh, m\u00e0 c\u00f2n \u0111\u1ea3m b\u1ea3o an to\u00e0n khi s\u1eed d\u1ee5ng v\u00e0 duy tr\u00ec v\u1ebb \u0111\u1eb9p l\u00e2u d\u00e0i cho s\u1ea3n ph\u1ea9m.<\/span><\/p>\n<h2 style=\"text-align: justify;\"><b>6. B\u00e1o gi\u00e1 t\u1ee7 r\u01b0\u1ee3u c\u00e1nh k\u00ednh\u00a0<\/b><\/h2>\n<p style=\"text-align: justify;\"><span style=\"font-weight: 400;\">M\u1ee9c gi\u00e1 c\u1ee7a t\u1ee7 r\u01b0\u1ee3u c\u00e1nh k\u00ednh hi\u1ec7n nay kh\u00f4ng c\u00f3 m\u1ed9t con s\u1ed1 c\u1ed1 \u0111\u1ecbnh, b\u1edfi m\u1ed7i m\u1eabu t\u1ee7 l\u1ea1i \u0111\u01b0\u1ee3c thi\u1ebft k\u1ebf theo phong c\u00e1ch, ch\u1ea5t li\u1ec7u v\u00e0 k\u00edch th\u01b0\u1edbc kh\u00e1c nhau. M\u1ed9t s\u1ed1 y\u1ebfu t\u1ed1 \u1ea3nh h\u01b0\u1edfng tr\u1ef1c ti\u1ebfp \u0111\u1ebfn gi\u00e1 th\u00e0nh bao g\u1ed3m: lo\u1ea1i khung t\u1ee7 s\u1eed d\u1ee5ng (nh\u00f4m, g\u1ed7 c\u00f4ng nghi\u1ec7p, g\u1ed7 t\u1ef1 nhi\u00ean&#8230;), lo\u1ea1i k\u00ednh (k\u00ednh trong, k\u00ednh m\u1edd, k\u00ednh c\u01b0\u1eddng l\u1ef1c, k\u00ednh m\u00e0u), s\u1ed1 l\u01b0\u1ee3ng ng\u0103n, h\u1ec7 \u0111\u00e8n trang tr\u00ed v\u00e0 c\u00e1c chi ti\u1ebft ph\u1ee5 ki\u1ec7n \u0111i k\u00e8m.<\/span><\/p>\n<p style=\"text-align: justify;\"><span style=\"font-weight: 400;\">T\u1ea1i <\/span><b>Nh\u1ea5t Nam<\/b><span style=\"font-weight: 400;\">, ch\u00fang t\u00f4i kh\u00f4ng b\u00e1n t\u1ee7 r\u01b0\u1ee3u theo m\u1eabu c\u00f3 s\u1eb5n \u0111\u1ea1i tr\u00e0, m\u00e0 chuy\u00ean nh\u1eadn thi\u1ebft k\u1ebf \u2013 thi c\u00f4ng theo nhu c\u1ea7u th\u1ef1c t\u1ebf c\u1ee7a t\u1eebng kh\u00f4ng gian. T\u00f9y v\u00e0o di\u1ec7n t\u00edch, s\u1edf th\u00edch v\u00e0 ng\u00e2n s\u00e1ch c\u1ee7a kh\u00e1ch h\u00e0ng, \u0111\u1ed9i ng\u0169 c\u1ee7a ch\u00fang t\u00f4i s\u1ebd \u0111\u01b0a ra ph\u01b0\u01a1ng \u00e1n t\u1ed1i \u01b0u nh\u1ea5t t\u1eeb ki\u1ec3u d\u00e1ng \u0111\u1ebfn gi\u00e1 c\u1ea3.<\/span><\/p>\n<p style=\"text-align: justify;\"><span style=\"font-weight: 400;\">Qu\u00fd kh\u00e1ch vui l\u00f2ng li\u00ean h\u1ec7 tr\u1ef1c ti\u1ebfp Nh\u1ea5t Nam \u0111\u1ec3 \u0111\u01b0\u1ee3c t\u01b0 v\u1ea5n m\u1eabu ph\u00f9 h\u1ee3p v\u00e0 nh\u1eadn b\u00e1o gi\u00e1 chi ti\u1ebft, ch\u00ednh x\u00e1c nh\u1ea5t theo nhu c\u1ea7u.<\/span><\/p>\n<h2 style=\"text-align: justify;\"><b>7. M\u1ed9t s\u1ed1 m\u1eabu t\u1ee7 r\u01b0\u1ee3u c\u00e1nh k\u00ednh \u0111\u1eb9p, hi\u1ec7n \u0111\u1ea1i<\/b><\/h2>\n<p style=\"text-align: justify;\"><span style=\"font-weight: 400;\">Tr\u00ean th\u1ecb tr\u01b0\u1eddng hi\u1ec7n nay c\u00f3 nhi\u1ec1u m\u1eabu t\u1ee7 r\u01b0\u1ee3u c\u00e1nh k\u00ednh \u0111\u1eb9p v\u00e0 \u0111a d\u1ea1ng. D\u01b0\u1edbi \u0111\u00e2y l\u00e0 m\u1ed9t s\u1ed1 m\u1eabu t\u1ee7 r\u01b0\u1ee3u \u0111\u01b0\u1ee3c \u01b0a chu\u1ed9ng:<\/span><\/p>\n<ul style=\"text-align: justify;\">\n<li style=\"font-weight: 400;\" aria-level=\"1\"><b>T\u1ee7 r\u01b0\u1ee3u c\u00e1nh k\u00ednh k\u1ebft h\u1ee3p v\u1edbi \u0111\u00e8n LED<\/b><span style=\"font-weight: 400;\">: T\u1ea1o kh\u00f4ng gian \u1ea5m c\u00fang, sang tr\u1ecdng, th\u00edch h\u1ee3p cho c\u00e1c ph\u00f2ng kh\u00e1ch hi\u1ec7n \u0111\u1ea1i.<\/span><\/li>\n<li style=\"font-weight: 400;\" aria-level=\"1\"><b>T\u1ee7 r\u01b0\u1ee3u c\u00e1nh k\u00ednh g\u1ed7 t\u1ef1 nhi\u00ean<\/b><span style=\"font-weight: 400;\">: Mang l\u1ea1i v\u1ebb \u0111\u1eb9p c\u1ed5 \u0111i\u1ec3n, thanh l\u1ecbch, ph\u00f9 h\u1ee3p v\u1edbi c\u00e1c kh\u00f4ng gian theo phong c\u00e1ch vintage ho\u1eb7c t\u00e2n c\u1ed5 \u0111i\u1ec3n.<\/span><\/li>\n<li style=\"font-weight: 400;\" aria-level=\"1\"><b>T\u1ee7 r\u01b0\u1ee3u c\u00e1nh k\u00ednh b\u1eb1ng kim lo\u1ea1i<\/b><span style=\"font-weight: 400;\">: T\u1ea1o c\u1ea3m gi\u00e1c hi\u1ec7n \u0111\u1ea1i, b\u1ec1n b\u1ec9, th\u00edch h\u1ee3p cho c\u00e1c kh\u00f4ng gian c\u00f4ng nghi\u1ec7p ho\u1eb7c nh\u00e0 ph\u1ed1 hi\u1ec7n \u0111\u1ea1i.<\/span><span style=\"font-weight: 400;\">\n<p><\/span><\/li>\n<\/ul>\n<h3 style=\"text-align: justify;\"><b>K\u1ebft Lu\u1eadn<\/b><\/h3>\n<p style=\"text-align: justify;\"><span style=\"font-weight: 400;\">T\u1ee7 r\u01b0\u1ee3u c\u00e1nh k\u00ednh kh\u00f4ng ch\u1ec9 l\u00e0 m\u00f3n \u0111\u1ed3 n\u1ed9i th\u1ea5t ch\u1ee9c n\u0103ng m\u00e0 c\u00f2n l\u00e0 m\u1ed9t y\u1ebfu t\u1ed1 th\u1ea9m m\u1ef9 quan tr\u1ecdng, gi\u00fap n\u00e2ng t\u1ea7m kh\u00f4ng gian s\u1ed1ng c\u1ee7a gia ch\u1ee7. V\u1edbi s\u1ef1 \u0111a d\u1ea1ng v\u1ec1 ki\u1ec3u d\u00e1ng v\u00e0 ch\u1ea5t li\u1ec7u, t\u1ee7 r\u01b0\u1ee3u c\u00e1nh k\u00ednh c\u00f3 th\u1ec3 ph\u00f9 h\u1ee3p v\u1edbi m\u1ecdi kh\u00f4ng gian, t\u1eeb nh\u00e0 \u1edf \u0111\u1ebfn c\u00e1c qu\u00e1n bar, nh\u00e0 h\u00e0ng sang tr\u1ecdng. Khi l\u1ef1a ch\u1ecdn t\u1ee7 r\u01b0\u1ee3u c\u00e1nh k\u00ednh, b\u1ea1n n\u00ean xem x\u00e9t k\u1ef9 l\u01b0\u1ee1ng v\u1ec1 di\u1ec7n t\u00edch, phong c\u00e1ch n\u1ed9i th\u1ea5t v\u00e0 c\u00e1c t\u00ednh n\u0103ng c\u1ee7a t\u1ee7 \u0111\u1ec3 ch\u1ecdn \u0111\u01b0\u1ee3c s\u1ea3n ph\u1ea9m ph\u00f9 h\u1ee3p nh\u1ea5t.<\/span><\/p>\n<p style=\"text-align: justify;\"><span style=\"font-weight: 400;\">H\u00e3y \u0111\u1ea7u t\u01b0 v\u00e0o m\u1ed9t chi\u1ebfc t\u1ee7 r\u01b0\u1ee3u c\u00e1nh k\u00ednh \u0111\u1ec3 kh\u00f4ng ch\u1ec9 b\u1ea3o qu\u1ea3n r\u01b0\u1ee3u m\u1ed9t c\u00e1ch t\u1ed1t nh\u1ea5t m\u00e0 c\u00f2n n\u00e2ng cao v\u1ebb \u0111\u1eb9p cho kh\u00f4ng gian s\u1ed1ng c\u1ee7a b\u1ea1n!<\/span><\/p>\n<p style=\"text-align: justify;\">\n","protected":false},"excerpt":{"rendered":"<p>T\u1ee7 r\u01b0\u1ee3u c\u00e1nh k\u00ednh l\u00e0 m\u00f3n \u0111\u1ed3 n\u1ed9i th\u1ea5t kh\u00f4ng th\u1ec3 thi\u1ebfu trong nhi\u1ec1u gia \u0111\u00ecnh hi\u1ec7n \u0111\u1ea1i, kh\u00f4ng ch\u1ec9 \u0111\u1ec3 b\u1ea3o qu\u1ea3n r\u01b0\u1ee3u m\u00e0 c\u00f2n l\u00e0 \u0111i\u1ec3m nh\u1ea5n th\u1ea9m m\u1ef9 cho kh\u00f4ng gian s\u1ed1ng. V\u1edbi thi\u1ebft k\u1ebf tinh t\u1ebf v\u00e0 kh\u1ea3 n\u0103ng t\u00f4n l\u00ean v\u1ebb \u0111\u1eb9p c\u1ee7a nh\u1eefng chai r\u01b0\u1ee3u qu\u00fd, t\u1ee7 r\u01b0\u1ee3u c\u00e1nh [&hellip;]<\/p>\n","protected":false},"featured_media":0,"comment_status":"open","ping_status":"closed","template":"","meta":{"_acf_changed":false,"_gspb_post_css":""},"book-author":[],"product_brand":[],"product_cat":[109],"product_tag":[],"class_list":{"0":"post-1984","1":"product","2":"type-product","3":"status-publish","5":"product_cat-tu-bep-inox","7":"first","8":"instock","9":"shipping-taxable","10":"product-type-simple"},"acf":[],"_links":{"self":[{"href":"https:\/\/nhatnam.libion.me\/wp-json\/wp\/v2\/product\/1984","targetHints":{"allow":["GET"]}}],"collection":[{"href":"https:\/\/nhatnam.libion.me\/wp-json\/wp\/v2\/product"}],"about":[{"href":"https:\/\/nhatnam.libion.me\/wp-json\/wp\/v2\/types\/product"}],"replies":[{"embeddable":true,"href":"https:\/\/nhatnam.libion.me\/wp-json\/wp\/v2\/comments?post=1984"}],"wp:attachment":[{"href":"https:\/\/nhatnam.libion.me\/wp-json\/wp\/v2\/media?parent=1984"}],"wp:term":[{"taxonomy":"book-author","embeddable":true,"href":"https:\/\/nhatnam.libion.me\/wp-json\/wp\/v2\/book-author?post=1984"},{"taxonomy":"product_brand","embeddable":true,"href":"https:\/\/nhatnam.libion.me\/wp-json\/wp\/v2\/product_brand?post=1984"},{"taxonomy":"product_cat","embeddable":true,"href":"https:\/\/nhatnam.libion.me\/wp-json\/wp\/v2\/product_cat?post=1984"},{"taxonomy":"product_tag","embeddable":true,"href":"https:\/\/nhatnam.libion.me\/wp-json\/wp\/v2\/product_tag?post=1984"}],"curies":[{"name":"wp","href":"https:\/\/api.w.org\/{rel}","templated":true}]}}