{"id":1983,"date":"2026-04-07T10:33:56","date_gmt":"2026-04-07T10:33:56","guid":{"rendered":"https:\/\/nhatnam.libion.me\/index.php\/product\/tu-ruou-go-cong-nghiep\/"},"modified":"2026-04-07T10:33:56","modified_gmt":"2026-04-07T10:33:56","slug":"tu-ruou-go-cong-nghiep","status":"publish","type":"product","link":"https:\/\/nhatnam.libion.me\/index.php\/product\/tu-ruou-go-cong-nghiep\/","title":{"rendered":"T\u1ee7 R\u01b0\u1ee3u G\u1ed7 C\u00f4ng Nghi\u1ec7p"},"content":{"rendered":"<p style=\"text-align: justify;\"><span style=\"font-weight: 400;\">N\u1ebfu b\u1ea1n \u0111ang t\u00ecm m\u1ed9t \u0111i\u1ec3m nh\u1ea5n v\u1eeba \u0111\u1eb9p m\u1eaft v\u1eeba ti\u1ec7n l\u1ee3i cho kh\u00f4ng gian s\u1ed1ng, th\u00ec t\u1ee7 r\u01b0\u1ee3u g\u1ed7 c\u00f4ng nghi\u1ec7p ch\u00ednh l\u00e0 l\u1ef1a ch\u1ecdn l\u00fd t\u01b0\u1edfng. Thi\u1ebft k\u1ebf hi\u1ec7n \u0111\u1ea1i, ch\u1ea5t li\u1ec7u b\u1ec1n b\u1ec9, d\u1ec5 v\u1ec7 sinh, chi\u1ebfc t\u1ee7 n\u00e0y kh\u00f4ng ch\u1ec9 gi\u00fap b\u1ea1n tr\u01b0ng b\u00e0y r\u01b0\u1ee3u m\u1ed9t c\u00e1ch g\u1ecdn g\u00e0ng m\u00e0 c\u00f2n g\u00f3p ph\u1ea7n t\u1ea1o n\u00ean kh\u00f4ng gian s\u1ed1ng c\u00f3 gu, c\u00f3 ch\u1ea5t ri\u00eang. D\u00f9 \u0111\u1eb7t \u1edf ph\u00f2ng kh\u00e1ch, ph\u00f2ng \u0103n hay g\u00f3c th\u01b0 gi\u00e3n, t\u1ee7 \u0111\u1ec1u \u201c\u0103n \u0111i\u1ec3m\u201d nh\u1edd ki\u1ec3u d\u00e1ng tinh t\u1ebf v\u00e0 kh\u1ea3 n\u0103ng ph\u1ed1i h\u1ee3p linh ho\u1ea1t v\u1edbi nhi\u1ec1u phong c\u00e1ch n\u1ed9i th\u1ea5t.<\/span><\/p>\n<h2 style=\"text-align: justify;\"><b>1. T\u1ee7 r\u01b0\u1ee3u g\u1ed7 c\u00f4ng nghi\u1ec7p l\u00e0 g\u00ec?<\/b><\/h2>\n<p style=\"text-align: justify;\"><span style=\"font-weight: 400;\">T\u1ee7 r\u01b0\u1ee3u g\u1ed7 c\u00f4ng nghi\u1ec7p \u0111\u01b0\u1ee3c ch\u1ebf t\u1ea1o t\u1eeb c\u00e1c lo\u1ea1i g\u1ed7 c\u00f4ng nghi\u1ec7p nh\u01b0 MDF, HDF, v\u1edbi l\u1edbp ph\u1ee7 melamine ho\u1eb7c veneer. Nh\u1eefng m\u1eabu t\u1ee7 r\u01b0\u1ee3u g\u1ed7 c\u00f4ng nghi\u1ec7p kh\u00f4ng ch\u1ec9 l\u00e0 n\u01a1i l\u01b0u tr\u1eef v\u00e0 tr\u01b0ng b\u00e0y r\u01b0\u1ee3u m\u00e0 c\u00f2n gi\u00fap t\u00f4n l\u00ean v\u1ebb \u0111\u1eb9p cho kh\u00f4ng gian s\u1ed1ng, mang l\u1ea1i s\u1ef1 sang tr\u1ecdng v\u00e0 hi\u1ec7n \u0111\u1ea1i. T\u1ee7 r\u01b0\u1ee3u l\u00e0m t\u1eeb g\u1ed7 c\u00f4ng nghi\u1ec7p c\u00f3 \u0111\u1ed9 b\u1ec1n cao, kh\u1ea3 n\u0103ng ch\u1ed1ng \u1ea9m m\u1ed1c, m\u1ed1i m\u1ecdt v\u00e0 th\u01b0\u1eddng c\u00f3 m\u1ee9c gi\u00e1 h\u1ee3p l\u00fd, ph\u00f9 h\u1ee3p v\u1edbi nhu c\u1ea7u c\u1ee7a nhi\u1ec1u gia \u0111\u00ecnh.<\/span><\/p>\n<h2 style=\"text-align: justify;\"><b>2. \u01afu \u0111i\u1ec3m c\u1ee7a t\u1ee7 r\u01b0\u1ee3u g\u1ed7 c\u00f4ng nghi\u1ec7p<\/b><\/h2>\n<ul style=\"text-align: justify;\">\n<li style=\"font-weight: 400;\" aria-level=\"1\"><b>\u0110a d\u1ea1ng v\u1ec1 ki\u1ec3u d\u00e1ng v\u00e0 m\u00e0u s\u1eafc<\/b><span style=\"font-weight: 400;\">: G\u1ed7 c\u00f4ng nghi\u1ec7p mang \u0111\u1ebfn s\u1ef1 linh ho\u1ea1t trong thi\u1ebft k\u1ebf, cho ph\u00e9p c\u00e1c nh\u00e0 s\u1ea3n xu\u1ea5t t\u1ea1o ra nhi\u1ec1u m\u1eabu t\u1ee7 r\u01b0\u1ee3u g\u1ed7 c\u00f4ng nghi\u1ec7p v\u1edbi ki\u1ec3u d\u00e1ng v\u00e0 m\u00e0u s\u1eafc \u0111a d\u1ea1ng. B\u1ea1n c\u00f3 th\u1ec3 ch\u1ecdn t\u1ee7 theo phong c\u00e1ch hi\u1ec7n \u0111\u1ea1i, c\u1ed5 \u0111i\u1ec3n hay t\u00e2n c\u1ed5 \u0111i\u1ec3n ph\u00f9 h\u1ee3p v\u1edbi phong c\u00e1ch n\u1ed9i th\u1ea5t c\u1ee7a m\u00ecnh.<\/span><\/li>\n<li style=\"font-weight: 400;\" aria-level=\"1\"><b>gi\u00e1 th\u00e0nh ph\u1ea3i ch\u0103ng<\/b><span style=\"font-weight: 400;\">: M\u1ed9t trong nh\u1eefng l\u00fd do khi\u1ebfn t\u1ee7 r\u01b0\u1ee3u g\u1ed7 c\u00f4ng nghi\u1ec7p tr\u1edf th\u00e0nh l\u1ef1a ch\u1ecdn ph\u1ed5 bi\u1ebfn l\u00e0 gi\u00e1 th\u00e0nh h\u1ee3p l\u00fd. So v\u1edbi c\u00e1c m\u1eabu t\u1ee7 r\u01b0\u1ee3u g\u1ed7 t\u1ef1 nhi\u00ean, t\u1ee7 r\u01b0\u1ee3u g\u1ed7 c\u00f4ng nghi\u1ec7p c\u00f3 m\u1ee9c gi\u00e1 th\u1ea5p h\u01a1n nh\u01b0ng v\u1eabn \u0111\u1ea3m b\u1ea3o ch\u1ea5t l\u01b0\u1ee3ng v\u00e0 th\u1ea9m m\u1ef9 cao.<\/span><\/li>\n<li style=\"font-weight: 400;\" aria-level=\"1\"><b>\u0110\u1ed9 b\u1ec1n cao<\/b><span style=\"font-weight: 400;\">: G\u1ed7 c\u00f4ng nghi\u1ec7p \u0111\u01b0\u1ee3c x\u1eed l\u00fd k\u1ef9 l\u01b0\u1ee1ng, c\u00f3 kh\u1ea3 n\u0103ng ch\u1ed1ng cong v\u00eanh, m\u1ed1i m\u1ecdt v\u00e0 \u1ea9m m\u1ed1c. \u0110i\u1ec1u n\u00e0y gi\u00fap t\u1ee7 r\u01b0\u1ee3u g\u1ed7 c\u00f4ng nghi\u1ec7p b\u1ec1n b\u1ec9, s\u1eed d\u1ee5ng l\u00e2u d\u00e0i trong nhi\u1ec1u \u0111i\u1ec1u ki\u1ec7n m\u00f4i tr\u01b0\u1eddng kh\u00e1c nhau.<\/span><\/li>\n<\/ul>\n<h2 style=\"text-align: justify;\"><b>3. L\u1ef1a ch\u1ecdn t\u1ee7 r\u01b0\u1ee3u g\u1ed7 c\u00f4ng nghi\u1ec7p ph\u00f9 h\u1ee3p<\/b><\/h2>\n<h3 style=\"text-align: justify;\"><b>3.1 Ch\u1ecdn ki\u1ec3u d\u00e1ng t\u1ee7 r\u01b0\u1ee3u g\u1ed7 c\u00f4ng nghi\u1ec7p<\/b><\/h3>\n<p style=\"text-align: justify;\"><b>T\u1ee7 r\u01b0\u1ee3u hi\u1ec7n \u0111\u1ea1i<\/b><span style=\"font-weight: 400;\">: C\u00e1c m\u1eabu t\u1ee7 r\u01b0\u1ee3u g\u1ed7 c\u00f4ng nghi\u1ec7p hi\u1ec7n \u0111\u1ea1i th\u01b0\u1eddng c\u00f3 thi\u1ebft k\u1ebf t\u1ed1i gi\u1ea3n v\u1edbi c\u00e1c \u0111\u01b0\u1eddng n\u00e9t s\u1eafc s\u1ea3o, m\u00e0u s\u1eafc trung t\u00ednh v\u00e0 tinh t\u1ebf. \u0110\u00e2y l\u00e0 l\u1ef1a ch\u1ecdn l\u00fd t\u01b0\u1edfng cho nh\u1eefng kh\u00f4ng gian s\u1ed1ng tr\u1ebb trung, n\u0103ng \u0111\u1ed9ng.<\/span><\/p>\n<p style=\"text-align: justify;\"><b>T\u1ee7 r\u01b0\u1ee3u t\u00e2n c\u1ed5 \u0111i\u1ec3n<\/b><span style=\"font-weight: 400;\">: K\u1ebft h\u1ee3p gi\u1eefa c\u1ed5 \u0111i\u1ec3n v\u00e0 hi\u1ec7n \u0111\u1ea1i, t\u1ee7 r\u01b0\u1ee3u g\u1ed7 c\u00f4ng nghi\u1ec7p t\u00e2n c\u1ed5 \u0111i\u1ec3n th\u01b0\u1eddng c\u00f3 nh\u1eefng chi ti\u1ebft ch\u1ea1m kh\u1eafc tinh x\u1ea3o, t\u1ea1o s\u1ef1 sang tr\u1ecdng v\u00e0 qu\u00fd ph\u00e1i. M\u1eabu t\u1ee7 n\u00e0y r\u1ea5t ph\u00f9 h\u1ee3p v\u1edbi nh\u1eefng kh\u00f4ng gian s\u1ed1ng y\u00eau th\u00edch s\u1ef1 c\u1ed5 k\u00ednh v\u00e0 l\u00e3ng m\u1ea1n.<\/span><\/p>\n<h3 style=\"text-align: justify;\"><b>3.2 Ch\u1ecdn k\u00edch th\u01b0\u1edbc t\u1ee7 r\u01b0\u1ee3u g\u1ed7 c\u00f4ng nghi\u1ec7p<\/b><\/h3>\n<p style=\"text-align: justify;\"><span style=\"font-weight: 400;\">Khi l\u1ef1a ch\u1ecdn t\u1ee7 r\u01b0\u1ee3u g\u1ed7 c\u00f4ng nghi\u1ec7p, k\u00edch th\u01b0\u1edbc l\u00e0 y\u1ebfu t\u1ed1 quan tr\u1ecdng gi\u00fap b\u1ea1n t\u1eadn d\u1ee5ng t\u1ed1i \u0111a kh\u00f4ng gian v\u00e0 \u0111\u00e1p \u1ee9ng nhu c\u1ea7u s\u1eed d\u1ee5ng.<\/span><\/p>\n<p style=\"text-align: justify;\"><span style=\"font-weight: 400;\">T\u1ee7 r\u01b0\u1ee3u cho ph\u00f2ng kh\u00e1ch<\/span><span style=\"font-weight: 400;\">: V\u1edbi ph\u00f2ng kh\u00e1ch r\u1ed9ng r\u00e3i, b\u1ea1n c\u00f3 th\u1ec3 ch\u1ecdn nh\u1eefng m\u1eabu t\u1ee7 r\u01b0\u1ee3u g\u1ed7 c\u00f4ng nghi\u1ec7p \u0111\u1ee9ng ho\u1eb7c t\u1ee7 c\u00f3 thi\u1ebft k\u1ebf t\u00edch h\u1ee3p k\u1ec7 trang tr\u00ed, mang l\u1ea1i s\u1ef1 sang tr\u1ecdng v\u00e0 ti\u1ec7n nghi cho kh\u00f4ng gian ti\u1ebfp kh\u00e1ch.<\/span><\/p>\n<p style=\"text-align: justify;\"><span style=\"font-weight: 400;\">T\u1ee7 r\u01b0\u1ee3u cho ph\u00f2ng b\u1ebfp<\/span><span style=\"font-weight: 400;\">: \u0110\u1ec3 ti\u1ebft ki\u1ec7m kh\u00f4ng gian, b\u1ea1n c\u00f3 th\u1ec3 ch\u1ecdn t\u1ee7 r\u01b0\u1ee3u g\u1ed7 c\u00f4ng nghi\u1ec7p g\u00f3c, gi\u00fap t\u1eadn d\u1ee5ng g\u00f3c ph\u00f2ng b\u1ebfp, v\u1eeba l\u00e0m n\u01a1i tr\u01b0ng b\u00e0y r\u01b0\u1ee3u, v\u1eeba ti\u1ebft ki\u1ec7m di\u1ec7n t\u00edch.<\/span><\/p>\n<p style=\"text-align: justify;\"><span style=\"font-weight: 400;\">T\u1ee7 r\u01b0\u1ee3u cho g\u00f3c ph\u00f2ng<\/span><span style=\"font-weight: 400;\">: N\u1ebfu kh\u00f4ng gian c\u1ee7a b\u1ea1n c\u00f3 nhi\u1ec1u g\u00f3c ch\u1ebft ho\u1eb7c di\u1ec7n t\u00edch h\u1ea1n ch\u1ebf, t\u1ee7 r\u01b0\u1ee3u g\u00f3c g\u1ed7 c\u00f4ng nghi\u1ec7p s\u1ebd l\u00e0 s\u1ef1 l\u1ef1a ch\u1ecdn tuy\u1ec7t v\u1eddi. M\u1eabu t\u1ee7 n\u00e0y gi\u00fap t\u1ed1i \u01b0u h\u00f3a kh\u00f4ng gian, v\u1eeba g\u1ecdn g\u00e0ng v\u1eeba \u0111\u1eb9p m\u1eaft.<\/span><\/p>\n<p style=\"text-align: justify;\"><span style=\"font-weight: 400;\">T\u1ee7 r\u01b0\u1ee3u ch\u00e2n c\u1ea7u thang:<\/span><span style=\"font-weight: 400;\"> T\u1ee7 r\u01b0\u1ee3u g\u1ed7 c\u00f4ng nghi\u1ec7p c\u1ea7u thang l\u00e0 l\u1ef1a ch\u1ecdn l\u00fd t\u01b0\u1edfng cho nh\u1eefng ng\u00f4i nh\u00e0 c\u00f3 c\u1ea7u thang r\u1ed9ng. T\u1ee7 r\u01b0\u1ee3u \u0111\u1eb7t d\u01b0\u1edbi g\u1ea7m c\u1ea7u thang kh\u00f4ng ch\u1ec9 ti\u1ebft ki\u1ec7m di\u1ec7n t\u00edch m\u00e0 c\u00f2n gi\u00fap l\u00e0m \u0111\u1eb9p kh\u00f4ng gian.<\/span><\/p>\n<h3 style=\"text-align: justify;\"><b>3.3 Ch\u1ecdn ch\u1ea5t li\u1ec7u t\u1ee7 r\u01b0\u1ee3u g\u1ed7 c\u00f4ng nghi\u1ec7p<\/b><\/h3>\n<p style=\"text-align: justify;\"><span style=\"font-weight: 400;\">Ch\u1ea5t li\u1ec7u g\u1ed7 c\u00f4ng nghi\u1ec7p quy\u1ebft \u0111\u1ecbnh tr\u1ef1c ti\u1ebfp \u0111\u1ebfn \u0111\u1ed9 b\u1ec1n v\u00e0 th\u1ea9m m\u1ef9 c\u1ee7a t\u1ee7. C\u00e1c lo\u1ea1i g\u1ed7 c\u00f4ng nghi\u1ec7p nh\u01b0 MDF (Medium Density Fiberboard) v\u00e0 HDF (High Density Fiberboard) \u0111\u01b0\u1ee3c \u0111\u00e1nh gi\u00e1 cao v\u1ec1 \u0111\u1ed9 b\u1ec1n v\u00e0 kh\u1ea3 n\u0103ng ch\u1ed1ng \u1ea9m m\u1ed1c, m\u1ed1i m\u1ecdt. Khi ch\u1ecdn t\u1ee7 r\u01b0\u1ee3u g\u1ed7 c\u00f4ng nghi\u1ec7p, b\u1ea1n n\u00ean t\u00ecm hi\u1ec3u v\u1ec1 ch\u1ea5t li\u1ec7u g\u1ed7 MDF ho\u1eb7c g\u1ed7 HDF \u0111\u1ec3 \u0111\u1ea3m b\u1ea3o s\u1ef1 b\u1ec1n v\u1eefng c\u1ee7a s\u1ea3n ph\u1ea9m.<\/span><\/p>\n<h2 style=\"text-align: justify;\"><b>4. M\u1eabu t\u1ee7 r\u01b0\u1ee3u g\u1ed7 c\u00f4ng nghi\u1ec7p \u0111\u1eb9p<\/b><\/h2>\n<p style=\"text-align: justify;\"><span style=\"font-weight: 400;\">N\u1ebfu b\u1ea1n \u0111ang t\u00ecm ki\u1ebfm nh\u1eefng m\u1eabu t\u1ee7 r\u01b0\u1ee3u g\u1ed7 c\u00f4ng nghi\u1ec7p \u0111\u1eb9p, d\u01b0\u1edbi \u0111\u00e2y l\u00e0 m\u1ed9t s\u1ed1 g\u1ee3i \u00fd:<\/span><\/p>\n<ul style=\"text-align: justify;\">\n<li style=\"font-weight: 400;\" aria-level=\"1\"><b>M\u1eabu t\u1ee7 r\u01b0\u1ee3u hi\u1ec7n \u0111\u1ea1i<\/b><span style=\"font-weight: 400;\">: C\u00e1c m\u1eabu t\u1ee7 r\u01b0\u1ee3u g\u1ed7 c\u00f4ng nghi\u1ec7p hi\u1ec7n \u0111\u1ea1i v\u1edbi thi\u1ebft k\u1ebf t\u1ed1i gi\u1ea3n, m\u00e0u s\u1eafc trung t\u00ednh v\u00e0 k\u1ec7 m\u1edf gi\u00fap tr\u01b0ng b\u00e0y r\u01b0\u1ee3u m\u1ed9t c\u00e1ch tinh t\u1ebf.<\/span><\/li>\n<li style=\"font-weight: 400;\" aria-level=\"1\"><b>M\u1eabu t\u1ee7 r\u01b0\u1ee3u t\u00e2n c\u1ed5 \u0111i\u1ec3n<\/b><span style=\"font-weight: 400;\">: T\u1ee7 r\u01b0\u1ee3u c\u00f3 nh\u1eefng chi ti\u1ebft ch\u1ea1m kh\u1eafc tinh x\u1ea3o, mang l\u1ea1i v\u1ebb \u0111\u1eb9p c\u1ed5 \u0111i\u1ec3n nh\u01b0ng kh\u00f4ng k\u00e9m ph\u1ea7n sang tr\u1ecdng. M\u1eabu t\u1ee7 n\u00e0y ph\u00f9 h\u1ee3p v\u1edbi nh\u1eefng kh\u00f4ng gian n\u1ed9i th\u1ea5t c\u1ed5 \u0111i\u1ec3n ho\u1eb7c t\u00e2n c\u1ed5 \u0111i\u1ec3n.<\/span><\/li>\n<li style=\"font-weight: 400;\" aria-level=\"1\"><b>M\u1eabu t\u1ee7 r\u01b0\u1ee3u g\u00f3c<\/b><span style=\"font-weight: 400;\">: T\u1ee7 r\u01b0\u1ee3u g\u00f3c g\u1ed7 c\u00f4ng nghi\u1ec7p gi\u00fap t\u1eadn d\u1ee5ng t\u1ed1i \u0111a kh\u00f4ng gian, ph\u00f9 h\u1ee3p v\u1edbi nh\u1eefng c\u0103n h\u1ed9 nh\u1ecf ho\u1eb7c nh\u1eefng kh\u00f4ng gian c\u00f3 g\u00f3c ch\u1ebft. M\u1eabu t\u1ee7 n\u00e0y gi\u00fap kh\u00f4ng gian tr\u1edf n\u00ean g\u1ecdn g\u00e0ng v\u00e0 \u0111\u1eb9p m\u1eaft h\u01a1n.<\/span><\/li>\n<li style=\"font-weight: 400;\" aria-level=\"1\"><b>M\u1eabu t\u1ee7 r\u01b0\u1ee3u c\u1ea7u thang<\/b><span style=\"font-weight: 400;\">: V\u1edbi t\u1ee7 r\u01b0\u1ee3u d\u01b0\u1edbi g\u1ea7m c\u1ea7u thang, b\u1ea1n c\u00f3 th\u1ec3 t\u1eadn d\u1ee5ng kh\u00f4ng gian d\u01b0\u1edbi c\u1ea7u thang \u0111\u1ec3 tr\u01b0ng b\u00e0y c\u00e1c chai r\u01b0\u1ee3u y\u00eau th\u00edch. Thi\u1ebft k\u1ebf n\u00e0y kh\u00f4ng ch\u1ec9 ti\u1ebft ki\u1ec7m di\u1ec7n t\u00edch m\u00e0 c\u00f2n gi\u00fap kh\u00f4ng gian s\u1ed1ng tr\u1edf n\u00ean ti\u1ec7n nghi v\u00e0 \u0111\u1ed9c \u0111\u00e1o.<\/span><\/li>\n<\/ul>\n<h2 style=\"text-align: justify;\"><b>5. B\u00e1o gi\u00e1 t\u1ee7 r\u01b0\u1ee3u g\u1ed7 c\u00f4ng nghi\u1ec7p<\/b><\/h2>\n<p style=\"text-align: justify;\"><span style=\"font-weight: 400;\">Gi\u00e1 t\u1ee7 r\u01b0\u1ee3u g\u1ed7 c\u00f4ng nghi\u1ec7p ph\u1ee5 thu\u1ed9c v\u00e0o nhi\u1ec1u y\u1ebfu t\u1ed1 nh\u01b0 ch\u1ea5t li\u1ec7u, thi\u1ebft k\u1ebf, k\u00edch th\u01b0\u1edbc v\u00e0 th\u01b0\u01a1ng hi\u1ec7u. T\u1ee7 r\u01b0\u1ee3u g\u1ed7 c\u00f4ng nghi\u1ec7p c\u00f3 m\u1ee9c gi\u00e1 dao \u0111\u1ed9ng t\u1eeb b\u00ecnh d\u00e2n \u0111\u1ebfn cao c\u1ea5p, ph\u00f9 h\u1ee3p v\u1edbi nhi\u1ec1u \u0111\u1ed1i t\u01b0\u1ee3ng kh\u00e1ch h\u00e0ng. \u0110\u1ec3 nh\u1eadn b\u00e1o gi\u00e1 ch\u00ednh x\u00e1c v\u00e0 \u01b0u \u0111\u00e3i \u0111\u1eb7c bi\u1ec7t, b\u1ea1n n\u00ean li\u00ean h\u1ec7 tr\u1ef1c ti\u1ebfp v\u1edbi c\u00e1c \u0111\u01a1n v\u1ecb cung c\u1ea5p \u0111\u1ec3 \u0111\u01b0\u1ee3c t\u01b0 v\u1ea5n chi ti\u1ebft v\u00e0 nh\u1eadn b\u00e1o gi\u00e1 t\u1ed1t nh\u1ea5t.<\/span><\/p>\n<h2 style=\"text-align: justify;\"><b>6. \u0110\u1ecba ch\u1ec9 mua t\u1ee7 r\u01b0\u1ee3u g\u1ed7 c\u00f4ng nghi\u1ec7p uy t\u00edn<\/b><\/h2>\n<p style=\"text-align: justify;\"><span style=\"font-weight: 400;\">N\u1ebfu b\u1ea1n \u0111ang t\u00ecm ki\u1ebfm m\u1ed9t \u0111\u1ecba ch\u1ec9 mua t\u1ee7 r\u01b0\u1ee3u g\u1ed7 c\u00f4ng nghi\u1ec7p uy t\u00edn, Nh\u1ea5t Nam ch\u00ednh l\u00e0 l\u1ef1a ch\u1ecdn \u0111\u00e1ng c\u00e2n nh\u1eafc. V\u1edbi nhi\u1ec1u n\u0103m kinh nghi\u1ec7m trong ng\u00e0nh n\u1ed9i th\u1ea5t, Nh\u1ea5t Nam cam k\u1ebft mang \u0111\u1ebfn nh\u1eefng s\u1ea3n ph\u1ea9m t\u1ee7 r\u01b0\u1ee3u g\u1ed7 c\u00f4ng nghi\u1ec7p \u0111\u1eb9p v\u1edbi ch\u1ea5t l\u01b0\u1ee3ng v\u01b0\u1ee3t tr\u1ed9i v\u00e0 d\u1ecbch v\u1ee5 t\u1eadn t\u00e2m. T\u1ea1i Nh\u1ea5t Nam, b\u1ea1n s\u1ebd t\u00ecm th\u1ea5y nh\u1eefng m\u1eabu t\u1ee7 r\u01b0\u1ee3u \u0111\u1eb9p, \u0111a d\u1ea1ng v\u1ec1 ki\u1ec3u d\u00e1ng, m\u00e0u s\u1eafc, v\u00e0 k\u00edch th\u01b0\u1edbc, ph\u00f9 h\u1ee3p v\u1edbi m\u1ecdi nhu c\u1ea7u s\u1eed d\u1ee5ng.<\/span><\/p>\n<p style=\"text-align: justify;\"><span style=\"font-weight: 400;\">Li\u00ean h\u1ec7 v\u1edbi Nh\u1ea5t Nam \u0111\u1ec3 nh\u1eadn t\u01b0 v\u1ea5n mi\u1ec5n ph\u00ed v\u00e0 ch\u1ecdn cho m\u00ecnh m\u1eabu t\u1ee7 r\u01b0\u1ee3u g\u1ed7 c\u00f4ng nghi\u1ec7p \u0111\u1eb9p, ch\u1ea5t l\u01b0\u1ee3ng v\u1edbi gi\u00e1 t\u1ed1t nh\u1ea5t. \u0110\u1ed9i ng\u0169 chuy\u00ean gia c\u1ee7a Nh\u1ea5t Nam s\u1ebd h\u1ed7 tr\u1ee3 b\u1ea1n t\u1eadn t\u00ecnh, gi\u00fap b\u1ea1n l\u1ef1a ch\u1ecdn s\u1ea3n ph\u1ea9m ph\u00f9 h\u1ee3p nh\u1ea5t cho kh\u00f4ng gian s\u1ed1ng c\u1ee7a m\u00ecnh.<\/span><\/p>\n","protected":false},"excerpt":{"rendered":"<p style=\"text-align: justify;\"><span style=\"font-weight: 400;\">N\u1ebfu b\u1ea1n \u0111ang t\u00ecm m\u1ed9t \u0111i\u1ec3m nh\u1ea5n v\u1eeba \u0111\u1eb9p m\u1eaft v\u1eeba ti\u1ec7n l\u1ee3i cho kh\u00f4ng gian s\u1ed1ng, th\u00ec t\u1ee7 r\u01b0\u1ee3u g\u1ed7 c\u00f4ng nghi\u1ec7p ch\u00ednh l\u00e0 l\u1ef1a ch\u1ecdn l\u00fd t\u01b0\u1edfng. Thi\u1ebft k\u1ebf hi\u1ec7n \u0111\u1ea1i, ch\u1ea5t li\u1ec7u b\u1ec1n b\u1ec9, d\u1ec5 v\u1ec7 sinh, chi\u1ebfc t\u1ee7 n\u00e0y kh\u00f4ng ch\u1ec9 gi\u00fap b\u1ea1n tr\u01b0ng b\u00e0y r\u01b0\u1ee3u m\u1ed9t c\u00e1ch g\u1ecdn g\u00e0ng m\u00e0 c\u00f2n g\u00f3p ph\u1ea7n t\u1ea1o n\u00ean kh\u00f4ng gian s\u1ed1ng c\u00f3 gu, c\u00f3 ch\u1ea5t ri\u00eang. D\u00f9 \u0111\u1eb7t \u1edf ph\u00f2ng kh\u00e1ch, ph\u00f2ng \u0103n hay g\u00f3c th\u01b0 gi\u00e3n, t\u1ee7 \u0111\u1ec1u \u201c\u0103n \u0111i\u1ec3m\u201d nh\u1edd ki\u1ec3u d\u00e1ng tinh t\u1ebf v\u00e0 kh\u1ea3 n\u0103ng ph\u1ed1i h\u1ee3p linh ho\u1ea1t v\u1edbi nhi\u1ec1u phong c\u00e1ch n\u1ed9i th\u1ea5t.<\/span><\/p>\n","protected":false},"featured_media":0,"comment_status":"open","ping_status":"closed","template":"","meta":{"_acf_changed":false,"_gspb_post_css":""},"book-author":[],"product_brand":[],"product_cat":[109],"product_tag":[],"class_list":{"0":"post-1983","1":"product","2":"type-product","3":"status-publish","5":"product_cat-tu-bep-inox","7":"first","8":"instock","9":"shipping-taxable","10":"product-type-simple"},"acf":[],"_links":{"self":[{"href":"https:\/\/nhatnam.libion.me\/index.php\/wp-json\/wp\/v2\/product\/1983","targetHints":{"allow":["GET"]}}],"collection":[{"href":"https:\/\/nhatnam.libion.me\/index.php\/wp-json\/wp\/v2\/product"}],"about":[{"href":"https:\/\/nhatnam.libion.me\/index.php\/wp-json\/wp\/v2\/types\/product"}],"replies":[{"embeddable":true,"href":"https:\/\/nhatnam.libion.me\/index.php\/wp-json\/wp\/v2\/comments?post=1983"}],"wp:attachment":[{"href":"https:\/\/nhatnam.libion.me\/index.php\/wp-json\/wp\/v2\/media?parent=1983"}],"wp:term":[{"taxonomy":"book-author","embeddable":true,"href":"https:\/\/nhatnam.libion.me\/index.php\/wp-json\/wp\/v2\/book-author?post=1983"},{"taxonomy":"product_brand","embeddable":true,"href":"https:\/\/nhatnam.libion.me\/index.php\/wp-json\/wp\/v2\/product_brand?post=1983"},{"taxonomy":"product_cat","embeddable":true,"href":"https:\/\/nhatnam.libion.me\/index.php\/wp-json\/wp\/v2\/product_cat?post=1983"},{"taxonomy":"product_tag","embeddable":true,"href":"https:\/\/nhatnam.libion.me\/index.php\/wp-json\/wp\/v2\/product_tag?post=1983"}],"curies":[{"name":"wp","href":"https:\/\/api.w.org\/{rel}","templated":true}]}}