{"id":1977,"date":"2026-04-07T10:33:46","date_gmt":"2026-04-07T10:33:46","guid":{"rendered":"https:\/\/nhatnam.libion.me\/index.php\/product\/tu-gam-cau-thang-ket-hop-tu-ruou\/"},"modified":"2026-04-07T10:33:53","modified_gmt":"2026-04-07T10:33:53","slug":"tu-gam-cau-thang-ket-hop-tu-ruou","status":"publish","type":"product","link":"https:\/\/nhatnam.libion.me\/index.php\/product\/tu-gam-cau-thang-ket-hop-tu-ruou\/","title":{"rendered":"T\u1ee7 G\u1ea7m C\u1ea7u Thang K\u1ebft H\u1ee3p T\u1ee7 R\u01b0\u1ee3u"},"content":{"rendered":"<p style=\"text-align: justify;\"><span style=\"font-weight: 400;\">Trong nh\u1eefng n\u0103m g\u1ea7n \u0111\u00e2y, vi\u1ec7c t\u1eadn d\u1ee5ng kh\u00f4ng gian d\u01b0\u1edbi c\u1ea7u thang \u0111\u1ec3 t\u1ea1o ra c\u00e1c m\u00f3n \u0111\u1ed3 n\u1ed9i th\u1ea5t th\u00f4ng minh \u0111\u00e3 tr\u1edf th\u00e0nh xu h\u01b0\u1edbng ph\u1ed5 bi\u1ebfn trong thi\u1ebft k\u1ebf nh\u00e0 \u1edf. Trong s\u1ed1 \u0111\u00f3, t\u1ee7 g\u1ea7m c\u1ea7u thang k\u1ebft h\u1ee3p t\u1ee7 r\u01b0\u1ee3u l\u00e0 m\u1ed9t trong nh\u1eefng gi\u1ea3i ph\u00e1p s\u00e1ng t\u1ea1o, gi\u00fap ti\u1ebft ki\u1ec7m kh\u00f4ng gian v\u00e0 mang l\u1ea1i s\u1ef1 sang tr\u1ecdng, ti\u1ec7n nghi cho ng\u00f4i nh\u00e0. N\u1ebfu b\u1ea1n \u0111ang t\u00ecm ki\u1ebfm m\u1ed9t c\u00e1ch \u0111\u1ec3 t\u1ed1i \u01b0u h\u00f3a kh\u00f4ng gian s\u1ed1ng, b\u00e0i vi\u1ebft n\u00e0y s\u1ebd gi\u00fap b\u1ea1n hi\u1ec3u r\u00f5 h\u01a1n v\u1ec1 thi\u1ebft k\u1ebf n\u00e0y v\u00e0 l\u00fd do t\u1ea1i sao n\u00f3 l\u00e0 l\u1ef1a ch\u1ecdn ho\u00e0n h\u1ea3o cho ng\u00f4i nh\u00e0 c\u1ee7a b\u1ea1n.<\/span><\/p>\n<h2 style=\"text-align: justify;\"><b>1. T\u1ea1i sao n\u00ean k\u1ebft h\u1ee3p t\u1ee7 g\u1ea7m c\u1ea7u thang v\u1edbi t\u1ee7 r\u01b0\u1ee3u?<br \/>\n<img loading=\"lazy\" decoding=\"async\" class=\"aligncenter wp-image-7000 size-full\" src=\"https:\/\/nhatnam.org\/wp-content\/uploads\/2025\/05\/tu_ruou_cau_thang-7.jpg\" alt=\"T\u1ee7 G\u1ea7m C\u1ea7u Thang K\u1ebft H\u1ee3p T\u1ee7 R\u01b0\u1ee3u\" width=\"1280\" height=\"960\" \/><br \/>\n<\/b><\/h2>\n<p style=\"text-align: justify;\"><span style=\"font-weight: 400;\">C\u1ea7u thang trong nh\u00e0 th\u01b0\u1eddng \u0111\u01b0\u1ee3c xem l\u00e0 m\u1ed9t kh\u00f4ng gian ch\u1ebft, n\u01a1i kh\u00f4ng th\u1ec3 s\u1eed d\u1ee5ng m\u1ed9t c\u00e1ch hi\u1ec7u qu\u1ea3. Tuy nhi\u00ean, khi \u0111\u01b0\u1ee3c thi\u1ebft k\u1ebf h\u1ee3p l\u00fd, g\u1ea7m c\u1ea7u thang c\u00f3 th\u1ec3 tr\u1edf th\u00e0nh khu v\u1ef1c l\u01b0u tr\u1eef l\u00fd t\u01b0\u1edfng, th\u1eadm ch\u00ed l\u00e0 m\u1ed9t \u0111i\u1ec3m nh\u1ea5n th\u00fa v\u1ecb trong ng\u00f4i nh\u00e0.<\/span><\/p>\n<p style=\"text-align: justify;\"><span style=\"font-weight: 400;\">K\u1ebft h\u1ee3p t\u1ee7 g\u1ea7m c\u1ea7u thang v\u1edbi t\u1ee7 r\u01b0\u1ee3u kh\u00f4ng ch\u1ec9 gi\u00fap t\u1eadn d\u1ee5ng t\u1ed1i \u0111a di\u1ec7n t\u00edch m\u00e0 c\u00f2n t\u1ea1o ra m\u1ed9t kh\u00f4ng gian th\u1ea9m m\u1ef9, \u0111\u1eb7c bi\u1ec7t l\u00e0 \u0111\u1ed1i v\u1edbi nh\u1eefng gia ch\u1ee7 y\u00eau th\u00edch s\u1ef1 sang tr\u1ecdng v\u00e0 th\u00edch tr\u01b0ng b\u00e0y b\u1ed9 s\u01b0u t\u1eadp r\u01b0\u1ee3u c\u1ee7a m\u00ecnh. Th\u00eam v\u00e0o \u0111\u00f3, t\u1ee7 r\u01b0\u1ee3u \u0111\u01b0\u1ee3c thi\u1ebft k\u1ebf d\u01b0\u1edbi g\u1ea7m c\u1ea7u thang gi\u00fap b\u1ea3o qu\u1ea3n r\u01b0\u1ee3u m\u1ed9t c\u00e1ch t\u1ed1i \u01b0u nh\u1edd v\u00e0o s\u1ef1 k\u1ebft h\u1ee3p ho\u00e0n h\u1ea3o gi\u1eefa th\u1ea9m m\u1ef9 v\u00e0 ch\u1ee9c n\u0103ng.<\/span><\/p>\n<h2 style=\"text-align: justify;\"><b>2. L\u1ee3i \u00edch c\u1ee7a vi\u1ec7c thi\u1ebft k\u1ebf t\u1ee7 g\u1ea7m c\u1ea7u thang k\u1ebft h\u1ee3p t\u1ee7 r\u01b0\u1ee3u<\/b><img loading=\"lazy\" decoding=\"async\" class=\"aligncenter wp-image-6999 size-full\" src=\"https:\/\/nhatnam.org\/wp-content\/uploads\/2025\/05\/tu_ruou_cau_thang-6.jpg\" alt=\"T\u1ee7 G\u1ea7m C\u1ea7u Thang K\u1ebft H\u1ee3p T\u1ee7 R\u01b0\u1ee3u\" width=\"1280\" height=\"960\" \/><\/h2>\n<p style=\"text-align: justify;\"><b>Ti\u1ebft ki\u1ec7m kh\u00f4ng gian<\/b><\/p>\n<p style=\"text-align: justify;\"><span style=\"font-weight: 400;\">Kh\u00f4ng gian g\u1ea7m c\u1ea7u thang th\u01b0\u1eddng b\u1ecb b\u1ecf qua ho\u1eb7c ch\u1ec9 s\u1eed d\u1ee5ng \u0111\u1ec3 ch\u1ee9a nh\u1eefng v\u1eadt d\u1ee5ng kh\u00f4ng c\u1ea7n thi\u1ebft. Tuy nhi\u00ean, khi k\u1ebft h\u1ee3p v\u1edbi t\u1ee7 r\u01b0\u1ee3u, b\u1ea1n s\u1ebd bi\u1ebfn khu v\u1ef1c n\u00e0y th\u00e0nh m\u1ed9t kh\u00f4ng gian l\u01b0u tr\u1eef th\u00f4ng minh v\u00e0 sang tr\u1ecdng. \u0110\u1eb7c bi\u1ec7t \u0111\u1ed1i v\u1edbi nh\u1eefng ng\u00f4i nh\u00e0 c\u00f3 di\u1ec7n t\u00edch h\u1ea1n ch\u1ebf, vi\u1ec7c t\u1eadn d\u1ee5ng kh\u00f4ng gian d\u01b0\u1edbi c\u1ea7u thang s\u1ebd gi\u00fap b\u1ea1n ti\u1ebft ki\u1ec7m di\u1ec7n t\u00edch m\u00e0 v\u1eabn \u0111\u1ea3m b\u1ea3o s\u1ef1 ti\u1ec7n nghi.<\/span><\/p>\n<p style=\"text-align: justify;\"><b>Mang l\u1ea1i t\u00ednh th\u1ea9m m\u1ef9 cao<\/b><\/p>\n<p style=\"text-align: justify;\"><span style=\"font-weight: 400;\">T\u1ee7 r\u01b0\u1ee3u ch\u00e2n c\u1ea7u thang kh\u00f4ng ch\u1ec9 l\u00e0 m\u1ed9t m\u00f3n \u0111\u1ed3 l\u01b0u tr\u1eef m\u00e0 c\u00f2n l\u00e0 m\u1ed9t \u0111i\u1ec3m nh\u1ea5n trong kh\u00f4ng gian s\u1ed1ng. Nh\u1eefng t\u1ee7 r\u01b0\u1ee3u \u0111\u01b0\u1ee3c thi\u1ebft k\u1ebf th\u00f4ng minh, hi\u1ec7n \u0111\u1ea1i v\u1edbi c\u1eeda k\u00ednh trong su\u1ed1t, h\u1ec7 th\u1ed1ng \u0111\u00e8n LED chi\u1ebfu s\u00e1ng s\u1ebd l\u00e0m n\u1ed5i b\u1eadt b\u1ed9 s\u01b0u t\u1eadp r\u01b0\u1ee3u c\u1ee7a b\u1ea1n, t\u1ea1o ra m\u1ed9t kh\u00f4ng gian sang tr\u1ecdng v\u00e0 \u1ea5n t\u01b0\u1ee3ng cho ng\u00f4i nh\u00e0.<\/span><\/p>\n<h4 style=\"text-align: justify;\"><b>Ti\u1ec7n \u00edch\u00a0<\/b><\/h4>\n<p style=\"text-align: justify;\"><span style=\"font-weight: 400;\">V\u1edbi m\u1eabu t\u1ee7 r\u01b0\u1ee3u ch\u00e2n c\u1ea7u thang, b\u1ea1n s\u1ebd d\u1ec5 d\u00e0ng ti\u1ebfp c\u1eadn v\u00e0 b\u1ea3o qu\u1ea3n r\u01b0\u1ee3u m\u1ed9t c\u00e1ch thu\u1eadn ti\u1ec7n. Vi\u1ec7c \u0111\u1eb7t r\u01b0\u1ee3u \u1edf v\u1ecb tr\u00ed n\u00e0y gi\u00fap b\u1ea1n ti\u1ebft ki\u1ec7m kh\u00f4ng gian v\u00e0 d\u1ec5 d\u00e0ng l\u1ea5y ra khi c\u1ea7n thi\u1ebft m\u00e0 kh\u00f4ng g\u00e2y c\u1ea3n tr\u1edf \u0111\u1ebfn vi\u1ec7c di chuy\u1ec3n trong ng\u00f4i nh\u00e0.<\/span><\/p>\n<h2 style=\"text-align: justify;\"><b>3. C\u00e1c m\u1eabu thi\u1ebft k\u1ebf t\u1ee7 g\u1ea7m c\u1ea7u thang k\u1ebft h\u1ee3p t\u1ee7 r\u01b0\u1ee3u \u0111\u1eb9p v\u00e0 s\u00e1ng t\u1ea1o<br \/>\n<img loading=\"lazy\" decoding=\"async\" class=\"aligncenter wp-image-6994 size-full\" src=\"https:\/\/nhatnam.org\/wp-content\/uploads\/2025\/05\/tu_ruou_cau_thang-1.jpg\" alt=\"\" width=\"1280\" height=\"960\" \/><br \/>\n<\/b><\/h2>\n<p style=\"text-align: justify;\"><b>T\u1ee7 r\u01b0\u1ee3u \u00e2m t\u01b0\u1eddng ch\u00e2n c\u1ea7u thang<br \/>\n<\/b><\/p>\n<p style=\"text-align: justify;\"><span style=\"font-weight: 400;\">M\u1ed9t trong nh\u1eefng thi\u1ebft k\u1ebf ph\u1ed5 bi\u1ebfn nh\u1ea5t l\u00e0 t\u1ee7 r\u01b0\u1ee3u \u00e2m t\u01b0\u1eddng d\u01b0\u1edbi g\u1ea7m c\u1ea7u thang. Thi\u1ebft k\u1ebf n\u00e0y gi\u00fap ti\u1ebft ki\u1ec7m t\u1ed1i \u0111a kh\u00f4ng gian v\u00e0 t\u1ea1o s\u1ef1 g\u1ecdn g\u00e0ng, ng\u0103n n\u1eafp. T\u1ee7 r\u01b0\u1ee3u \u00e2m t\u01b0\u1eddng c\u00f3 th\u1ec3 \u0111\u01b0\u1ee3c l\u00e0m b\u1eb1ng ch\u1ea5t li\u1ec7u g\u1ed7 t\u1ef1 nhi\u00ean ho\u1eb7c g\u1ed7 c\u00f4ng nghi\u1ec7p cao c\u1ea5p, v\u1edbi c\u1eeda k\u00ednh trong su\u1ed1t ho\u1eb7c khung g\u1ed7, gi\u00fap b\u1ea3o v\u1ec7 r\u01b0\u1ee3u kh\u1ecfi t\u00e1c \u0111\u1ed9ng b\u00ean ngo\u00e0i \u0111\u1ed3ng th\u1eddi v\u1eabn gi\u1eef \u0111\u01b0\u1ee3c v\u1ebb \u0111\u1eb9p c\u1ee7a c\u00e1c chai r\u01b0\u1ee3u.<\/span><\/p>\n<p style=\"text-align: justify;\"><b>T\u1ee7 r\u01b0\u1ee3u k\u1ebft h\u1ee3p qu\u1ea7y bar mini<br \/>\n<\/b><\/p>\n<p style=\"text-align: justify;\"><span style=\"font-weight: 400;\">\u0110\u1ed1i v\u1edbi nh\u1eefng kh\u00f4ng gian r\u1ed9ng r\u00e3i h\u01a1n, b\u1ea1n c\u00f3 th\u1ec3 thi\u1ebft k\u1ebf t\u1ee7 r\u01b0\u1ee3u k\u1ebft h\u1ee3p v\u1edbi qu\u1ea7y bar mini d\u01b0\u1edbi g\u1ea7m c\u1ea7u thang. \u0110\u00e2y l\u00e0 l\u1ef1a ch\u1ecdn ho\u00e0n h\u1ea3o cho nh\u1eefng gia ch\u1ee7 y\u00eau th\u00edch s\u1ef1 giao l\u01b0u, ti\u1ebfp kh\u00e1ch. M\u1ed9t qu\u1ea7y bar mini c\u00f9ng b\u1ed9 s\u01b0u t\u1eadp r\u01b0\u1ee3u \u0111\u1eb9p s\u1ebd t\u1ea1o ra kh\u00f4ng gian \u1ea5m c\u00fang, sang tr\u1ecdng, l\u00fd t\u01b0\u1edfng cho nh\u1eefng bu\u1ed5i ti\u1ec7c nh\u1ecf hay c\u00e1c cu\u1ed9c g\u1eb7p g\u1ee1 b\u1ea1n b\u00e8.<\/span><\/p>\n<p style=\"text-align: justify;\"><b>T\u1ee7 r\u01b0\u1ee3u k\u1ebft h\u1ee3p k\u1ec7 trang tr\u00ed<\/b><\/p>\n<p style=\"text-align: justify;\"><span style=\"font-weight: 400;\">Kh\u00f4ng ch\u1ec9 l\u00e0 n\u01a1i l\u01b0u tr\u1eef r\u01b0\u1ee3u, t\u1ee7 g\u1ea7m c\u1ea7u thang c\u00f3 th\u1ec3 \u0111\u01b0\u1ee3c t\u00edch h\u1ee3p th\u00eam c\u00e1c k\u1ec7 trang tr\u00ed. Nh\u1eefng k\u1ec7 n\u00e0y c\u00f3 th\u1ec3 d\u00f9ng \u0111\u1ec3 tr\u01b0ng b\u00e0y c\u00e1c v\u1eadt ph\u1ea9m y\u00eau th\u00edch, s\u00e1ch b\u00e1o, hay nh\u1eefng m\u00f3n \u0111\u1ed3 trang tr\u00ed nh\u1ecf xinh, l\u00e0m t\u0103ng t\u00ednh sinh \u0111\u1ed9ng cho kh\u00f4ng gian.<\/span><\/p>\n<p style=\"text-align: justify;\"><b>T\u1ee7 r\u01b0\u1ee3u m\u1edf v\u1edbi thi\u1ebft k\u1ebf hi\u1ec7n \u0111\u1ea1i<\/b><\/p>\n<p style=\"text-align: justify;\"><span style=\"font-weight: 400;\">M\u1ed9t thi\u1ebft k\u1ebf m\u1edf s\u1ebd mang l\u1ea1i c\u1ea3m gi\u00e1c tho\u00e1ng \u0111\u00e3ng, hi\u1ec7n \u0111\u1ea1i cho ng\u00f4i nh\u00e0. T\u1ee7 r\u01b0\u1ee3u kh\u00f4ng c\u1eeda gi\u00fap d\u1ec5 d\u00e0ng l\u1ea5y r\u01b0\u1ee3u m\u00e0 kh\u00f4ng ph\u1ea3i lo l\u1eafng v\u1ec1 vi\u1ec7c \u0111\u00f3ng m\u1edf c\u1eeda. Ngo\u00e0i ra, v\u1edbi thi\u1ebft k\u1ebf m\u1edf, b\u1ea1n c\u00f3 th\u1ec3 trang tr\u00ed th\u00eam \u0111\u00e8n LED \u0111\u1ec3 l\u00e0m n\u1ed5i b\u1eadt kh\u00f4ng gian v\u00e0 t\u1ea1o s\u1ef1 thu h\u00fat cho t\u1ee7 r\u01b0\u1ee3u.<\/span><\/p>\n<p style=\"text-align: justify;\"><b>T\u1ee7 r\u01b0\u1ee3u k\u1ebft h\u1ee3p t\u1ee7 s\u00e1ch d\u01b0\u1edbi g\u1ea7m c\u1ea7u thang<\/b><\/p>\n<p style=\"text-align: justify;\"><span style=\"font-weight: 400;\">N\u1ebfu b\u1ea1n y\u00eau th\u00edch s\u00e1ch, vi\u1ec7c k\u1ebft h\u1ee3p t\u1ee7 s\u00e1ch v\u00e0 t\u1ee7 r\u01b0\u1ee3u d\u01b0\u1edbi g\u1ea7m c\u1ea7u thang l\u00e0 m\u1ed9t gi\u1ea3i ph\u00e1p l\u00fd t\u01b0\u1edfng. T\u1ee7 s\u00e1ch s\u1ebd gi\u00fap b\u1ea1n l\u01b0u tr\u1eef nh\u1eefng cu\u1ed1n s\u00e1ch y\u00eau th\u00edch, trong khi t\u1ee7 r\u01b0\u1ee3u gi\u00fap t\u1ea1o ra kh\u00f4ng gian l\u01b0u tr\u1eef cho b\u1ed9 s\u01b0u t\u1eadp r\u01b0\u1ee3u. \u0110\u00e2y l\u00e0 m\u1ed9t l\u1ef1a ch\u1ecdn ho\u00e0n h\u1ea3o cho nh\u1eefng kh\u00f4ng gian s\u1ed1ng hi\u1ec7n \u0111\u1ea1i v\u00e0 \u0111\u1ea7y t\u00ednh s\u00e1ng t\u1ea1o.<\/span><\/p>\n<h2 style=\"text-align: justify;\"><b>4. M\u1ed9t s\u1ed1 l\u01b0u \u00fd khi thi\u1ebft k\u1ebf t\u1ee7 g\u1ea7m c\u1ea7u thang k\u1ebft h\u1ee3p t\u1ee7 r\u01b0\u1ee3u<br \/>\n<img loading=\"lazy\" decoding=\"async\" class=\"aligncenter wp-image-6998 size-full\" src=\"https:\/\/nhatnam.org\/wp-content\/uploads\/2025\/05\/tu_ruou_cau_thang-5.jpg\" alt=\"\" width=\"1280\" height=\"960\" \/><br \/>\n<\/b><\/h2>\n<h4 style=\"text-align: justify;\"><b>K\u00edch th\u01b0\u1edbc v\u00e0 t\u1ec9 l\u1ec7<\/b><\/h4>\n<p style=\"text-align: justify;\"><span style=\"font-weight: 400;\">Khi thi\u1ebft k\u1ebf t\u1ee7 g\u1ea7m c\u1ea7u thang k\u1ebft h\u1ee3p t\u1ee7 r\u01b0\u1ee3u, b\u1ea1n c\u1ea7n l\u01b0u \u00fd \u0111\u1ebfn k\u00edch th\u01b0\u1edbc v\u00e0 t\u1ec9 l\u1ec7 sao cho ph\u00f9 h\u1ee3p v\u1edbi kh\u00f4ng gian hi\u1ec7n t\u1ea1i. T\u1ee7 r\u01b0\u1ee3u kh\u00f4ng \u0111\u01b0\u1ee3c qu\u00e1 l\u1edbn, g\u00e2y c\u1ea3n tr\u1edf giao th\u00f4ng trong nh\u00e0, nh\u01b0ng c\u0169ng ph\u1ea3i \u0111\u1ee7 \u0111\u1ec3 ch\u1ee9a s\u1ed1 l\u01b0\u1ee3ng r\u01b0\u1ee3u b\u1ea1n s\u1edf h\u1eefu.<\/span><\/p>\n<h4 style=\"text-align: justify;\"><b>Ch\u1ea5t li\u1ec7u v\u00e0 m\u00e0u s\u1eafc<\/b><\/h4>\n<p style=\"text-align: justify;\"><span style=\"font-weight: 400;\">L\u1ef1a ch\u1ecdn ch\u1ea5t li\u1ec7u t\u1ee7 l\u00e0 y\u1ebfu t\u1ed1 quan tr\u1ecdng \u1ea3nh h\u01b0\u1edfng \u0111\u1ebfn th\u1ea9m m\u1ef9 v\u00e0 \u0111\u1ed9 b\u1ec1n c\u1ee7a t\u1ee7. G\u1ed7 t\u1ef1 nhi\u00ean, g\u1ed7 c\u00f4ng nghi\u1ec7p cao c\u1ea5p, kim lo\u1ea1i hay k\u00ednh \u0111\u1ec1u l\u00e0 nh\u1eefng l\u1ef1a ch\u1ecdn ph\u1ed5 bi\u1ebfn. \u0110\u1ed3ng th\u1eddi, m\u00e0u s\u1eafc c\u1ee7a t\u1ee7 c\u0169ng c\u1ea7n h\u00e0i h\u00f2a v\u1edbi t\u1ed5ng th\u1ec3 n\u1ed9i th\u1ea5t c\u1ee7a ng\u00f4i nh\u00e0, t\u1ea1o s\u1ef1 \u0111\u1ed3ng nh\u1ea5t v\u00e0 tinh t\u1ebf.<\/span><\/p>\n<h4 style=\"text-align: justify;\"><b>H\u1ec7 th\u1ed1ng chi\u1ebfu s\u00e1ng<\/b><\/h4>\n<p style=\"text-align: justify;\"><span style=\"font-weight: 400;\">Vi\u1ec7c trang b\u1ecb h\u1ec7 th\u1ed1ng \u0111\u00e8n LED b\u00ean trong t\u1ee7 gi\u00fap l\u00e0m n\u1ed5i b\u1eadt kh\u00f4ng gian v\u00e0 t\u1ea1o hi\u1ec7u \u1ee9ng \u00e1nh s\u00e1ng \u0111\u1eb9p m\u1eaft. Ngo\u00e0i ra, \u00e1nh s\u00e1ng s\u1ebd gi\u00fap b\u1ea1n d\u1ec5 d\u00e0ng nh\u00ecn th\u1ea5y c\u00e1c chai r\u01b0\u1ee3u v\u00e0 t\u1ea1o ra m\u1ed9t kh\u00f4ng gian \u1ea5m c\u00fang, sang tr\u1ecdng.<\/span><\/p>\n<h4 style=\"text-align: justify;\"><b>T\u00ednh n\u0103ng l\u01b0u tr\u1eef<\/b><\/h4>\n<p style=\"text-align: justify;\"><span style=\"font-weight: 400;\">T\u1ee7 ch\u00e2n c\u1ea7u thang c\u1ea7n \u0111\u01b0\u1ee3c thi\u1ebft k\u1ebf v\u1edbi c\u00e1c ng\u0103n \u0111\u1ef1ng h\u1ee3p l\u00fd, ph\u00f9 h\u1ee3p v\u1edbi s\u1ed1 l\u01b0\u1ee3ng v\u00e0 k\u00edch th\u01b0\u1edbc c\u00e1c chai r\u01b0\u1ee3u. N\u1ebfu b\u1ea1n c\u00f3 b\u1ed9 s\u01b0u t\u1eadp r\u01b0\u1ee3u l\u1edbn, h\u00e3y \u0111\u1ea3m b\u1ea3o r\u1eb1ng c\u00e1c ng\u0103n l\u01b0u tr\u1eef \u0111\u01b0\u1ee3c thi\u1ebft k\u1ebf \u0111\u1ec3 gi\u1eef chai r\u01b0\u1ee3u an to\u00e0n, kh\u00f4ng b\u1ecb x\u00ea d\u1ecbch.<\/span><\/p>\n<h3 style=\"text-align: justify;\"><b>5. K\u1ebft lu\u1eadn<\/b><\/h3>\n<p style=\"text-align: justify;\"><span style=\"font-weight: 400;\">T\u1ee7 g\u1ea7m c\u1ea7u thang k\u1ebft h\u1ee3p t\u1ee7 r\u01b0\u1ee3u l\u00e0 m\u1ed9t gi\u1ea3i ph\u00e1p n\u1ed9i th\u1ea5t th\u00f4ng minh v\u00e0 s\u00e1ng t\u1ea1o, gi\u00fap t\u1ed1i \u01b0u h\u00f3a kh\u00f4ng gian s\u1ed1ng \u0111\u1ed3ng th\u1eddi mang l\u1ea1i v\u1ebb \u0111\u1eb9p sang tr\u1ecdng, hi\u1ec7n \u0111\u1ea1i. Vi\u1ec7c thi\u1ebft k\u1ebf t\u1ee7 r\u01b0\u1ee3u d\u01b0\u1edbi g\u1ea7m c\u1ea7u thang kh\u00f4ng ch\u1ec9 gi\u00fap b\u1ea1n t\u1eadn d\u1ee5ng kh\u00f4ng gian m\u1ed9t c\u00e1ch hi\u1ec7u qu\u1ea3 m\u00e0 c\u00f2n t\u1ea1o ra m\u1ed9t kh\u00f4ng gian s\u1ed1ng \u0111\u1eb3ng c\u1ea5p v\u00e0 \u1ea5n t\u01b0\u1ee3ng.<\/span><\/p>\n<p style=\"text-align: justify;\"><span style=\"font-weight: 400;\">Khi l\u1ef1a ch\u1ecdn thi\u1ebft k\u1ebf n\u00e0y, b\u1ea1n c\u1ea7n l\u01b0u \u00fd v\u1ec1 k\u00edch th\u01b0\u1edbc, ch\u1ea5t li\u1ec7u, m\u00e0u s\u1eafc v\u00e0 h\u1ec7 th\u1ed1ng chi\u1ebfu s\u00e1ng \u0111\u1ec3 \u0111\u1ea3m b\u1ea3o r\u1eb1ng t\u1ee7 r\u01b0\u1ee3u kh\u00f4ng ch\u1ec9 ti\u1ec7n d\u1ee5ng m\u00e0 c\u00f2n g\u00f3p ph\u1ea7n n\u00e2ng cao gi\u00e1 tr\u1ecb th\u1ea9m m\u1ef9 cho ng\u00f4i nh\u00e0. M\u1ed9t chi\u1ebfc t\u1ee7 r\u01b0\u1ee3u tinh t\u1ebf \u0111\u1eb7t d\u01b0\u1edbi g\u1ea7m c\u1ea7u thang kh\u00f4ng ch\u1ec9 t\u1eadn d\u1ee5ng kh\u00e9o l\u00e9o kho\u1ea3ng tr\u1ed1ng trong nh\u00e0, m\u00e0 c\u00f2n tr\u1edf th\u00e0nh \u0111i\u1ec3m nh\u1ea5n \u0111\u1ea7y cu\u1ed1n h\u00fat, n\u01a1i ph\u1ea3n chi\u1ebfu phong c\u00e1ch s\u1ed1ng v\u00e0 gu th\u1ea9m m\u1ef9 c\u1ee7a gia ch\u1ee7.<\/span><\/p>\n<p style=\"text-align: justify;\"><span style=\"font-weight: 400;\">Hy v\u1ecdng r\u1eb1ng nh\u1eefng \u00fd t\u01b0\u1edfng v\u00e0 th\u00f4ng tin tr\u00ean s\u1ebd gi\u00fap b\u1ea1n c\u00f3 \u0111\u01b0\u1ee3c nh\u1eefng g\u1ee3i \u00fd thi\u1ebft k\u1ebf t\u1ee7 g\u1ea7m c\u1ea7u thang k\u1ebft h\u1ee3p t\u1ee7 r\u01b0\u1ee3u ph\u00f9 h\u1ee3p cho ng\u00f4i nh\u00e0 c\u1ee7a m\u00ecnh!<\/span><\/p>\n","protected":false},"excerpt":{"rendered":"<p style=\"text-align: justify;\"><span style=\"font-weight: 400;\">T\u1ee7 g\u1ea7m c\u1ea7u thang k\u1ebft h\u1ee3p t\u1ee7 r\u01b0\u1ee3u l\u00e0 m\u1ed9t trong nh\u1eefng gi\u1ea3i ph\u00e1p s\u00e1ng t\u1ea1o, gi\u00fap ti\u1ebft ki\u1ec7m kh\u00f4ng gian v\u00e0 mang l\u1ea1i s\u1ef1 sang tr\u1ecdng, ti\u1ec7n nghi cho ng\u00f4i nh\u00e0. N\u1ebfu b\u1ea1n \u0111ang t\u00ecm ki\u1ebfm m\u1ed9t c\u00e1ch \u0111\u1ec3 t\u1ed1i \u01b0u h\u00f3a kh\u00f4ng gian s\u1ed1ng, b\u00e0i vi\u1ebft n\u00e0y s\u1ebd gi\u00fap b\u1ea1n hi\u1ec3u r\u00f5 h\u01a1n v\u1ec1 thi\u1ebft k\u1ebf n\u00e0y v\u00e0 l\u00fd do t\u1ea1i sao n\u00f3 l\u00e0 l\u1ef1a ch\u1ecdn ho\u00e0n h\u1ea3o cho ng\u00f4i nh\u00e0 c\u1ee7a b\u1ea1n.<\/span><\/p>\n","protected":false},"featured_media":1976,"comment_status":"open","ping_status":"closed","template":"","meta":{"_acf_changed":false,"_gspb_post_css":""},"book-author":[],"product_brand":[],"product_cat":[130,134],"product_tag":[],"class_list":{"0":"post-1977","1":"product","2":"type-product","3":"status-publish","4":"has-post-thumbnail","6":"product_cat-noi-that-phong-khach","7":"product_cat-tu-cau-thang","9":"first","10":"instock","11":"shipping-taxable","12":"product-type-simple"},"acf":[],"_links":{"self":[{"href":"https:\/\/nhatnam.libion.me\/index.php\/wp-json\/wp\/v2\/product\/1977","targetHints":{"allow":["GET"]}}],"collection":[{"href":"https:\/\/nhatnam.libion.me\/index.php\/wp-json\/wp\/v2\/product"}],"about":[{"href":"https:\/\/nhatnam.libion.me\/index.php\/wp-json\/wp\/v2\/types\/product"}],"replies":[{"embeddable":true,"href":"https:\/\/nhatnam.libion.me\/index.php\/wp-json\/wp\/v2\/comments?post=1977"}],"wp:featuredmedia":[{"embeddable":true,"href":"https:\/\/nhatnam.libion.me\/index.php\/wp-json\/wp\/v2\/media\/1976"}],"wp:attachment":[{"href":"https:\/\/nhatnam.libion.me\/index.php\/wp-json\/wp\/v2\/media?parent=1977"}],"wp:term":[{"taxonomy":"book-author","embeddable":true,"href":"https:\/\/nhatnam.libion.me\/index.php\/wp-json\/wp\/v2\/book-author?post=1977"},{"taxonomy":"product_brand","embeddable":true,"href":"https:\/\/nhatnam.libion.me\/index.php\/wp-json\/wp\/v2\/product_brand?post=1977"},{"taxonomy":"product_cat","embeddable":true,"href":"https:\/\/nhatnam.libion.me\/index.php\/wp-json\/wp\/v2\/product_cat?post=1977"},{"taxonomy":"product_tag","embeddable":true,"href":"https:\/\/nhatnam.libion.me\/index.php\/wp-json\/wp\/v2\/product_tag?post=1977"}],"curies":[{"name":"wp","href":"https:\/\/api.w.org\/{rel}","templated":true}]}}