{"id":1970,"date":"2026-04-07T10:33:26","date_gmt":"2026-04-07T10:33:26","guid":{"rendered":"https:\/\/nhatnam.libion.me\/index.php\/product\/tu-cau-thang-nhua\/"},"modified":"2026-04-07T10:33:26","modified_gmt":"2026-04-07T10:33:26","slug":"tu-cau-thang-nhua","status":"publish","type":"product","link":"https:\/\/nhatnam.libion.me\/index.php\/product\/tu-cau-thang-nhua\/","title":{"rendered":"\u00a0T\u1ee7 C\u1ea7u Thang Nh\u1ef1a\u00a0"},"content":{"rendered":"<p style=\"text-align: justify;\"><span style=\"font-weight: 400;\">Khi kh\u00f4ng gian s\u1ed1ng ng\u00e0y c\u00e0ng tr\u1edf n\u00ean h\u1ea1n ch\u1ebf, vi\u1ec7c t\u1eadn d\u1ee5ng t\u1eebng g\u00f3c nh\u1ecf trong ng\u00f4i nh\u00e0 l\u00e0 \u0111i\u1ec1u v\u00f4 c\u00f9ng quan tr\u1ecdng. T\u1ee7 c\u1ea7u thang nh\u1ef1a l\u00e0 m\u1ed9t trong nh\u1eefng gi\u1ea3i ph\u00e1p t\u1ed1i \u01b0u gi\u00fap b\u1ea1n khai th\u00e1c kh\u00f4ng gian d\u01b0\u1edbi g\u1ea7m c\u1ea7u thang, \u0111\u1ed3ng th\u1eddi t\u1ea1o ra n\u01a1i l\u01b0u tr\u1eef ti\u1ec7n l\u1ee3i v\u00e0 g\u1ecdn g\u00e0ng. T\u1ea1i Nh\u1ea5t Nam, c\u00e1c m\u1eabu t\u1ee7 nh\u1ef1a g\u1ea7m c\u1ea7u thang \u0111\u01b0\u1ee3c thi\u1ebft k\u1ebf kh\u00f4ng ch\u1ec9 \u0111\u1eb9p m\u1eaft m\u00e0 c\u00f2n b\u1ec1n b\u1ec9 v\u00e0 d\u1ec5 b\u1ea3o tr\u00ec, ph\u00f9 h\u1ee3p v\u1edbi m\u1ecdi phong c\u00e1ch n\u1ed9i th\u1ea5t.<\/span><\/p>\n<h2 style=\"text-align: justify;\"><b>1. T\u1ee7 c\u1ea7u thang nh\u1ef1a l\u00e0 g\u00ec? <\/b><img loading=\"lazy\" decoding=\"async\" class=\"aligncenter wp-image-6961 size-full\" src=\"https:\/\/nhatnam.org\/wp-content\/uploads\/2025\/05\/tu_nhua_cau_thang-1.jpg\" alt=\"\u00a0T\u1ee7 C\u1ea7u Thang Nh\u1ef1a\u00a0\" width=\"1280\" height=\"960\" \/><\/h2>\n<p style=\"text-align: justify;\"><span style=\"font-weight: 400;\">T\u1ee7 c\u1ea7u thang nh\u1ef1a l\u00e0 lo\u1ea1i t\u1ee7 \u0111\u01b0\u1ee3c thi\u1ebft k\u1ebf \u0111\u1eb7c bi\u1ec7t \u0111\u1ec3 l\u1eafp \u0111\u1eb7t d\u01b0\u1edbi g\u1ea7m c\u1ea7u thang. S\u1ea3n ph\u1ea9m n\u00e0y \u0111\u01b0\u1ee3c l\u00e0m t\u1eeb ch\u1ea5t li\u1ec7u nh\u1ef1a cao c\u1ea5p, b\u1ec1n b\u1ec9 v\u00e0 d\u1ec5 d\u00e0ng b\u1ea3o tr\u00ec. T\u1ee7 c\u1ea7u thang nh\u1ef1a kh\u00f4ng ch\u1ec9 mang \u0111\u1ebfn kh\u00f4ng gian l\u01b0u tr\u1eef ti\u1ec7n l\u1ee3i m\u00e0 c\u00f2n gi\u00fap t\u1ea1o \u0111i\u1ec3m nh\u1ea5n cho ng\u00f4i nh\u00e0, khi\u1ebfn g\u1ea7m c\u1ea7u thang kh\u00f4ng c\u00f2n b\u1ecb b\u1ecf tr\u1ed1ng, thay v\u00e0o \u0111\u00f3 l\u00e0 m\u1ed9t kh\u00f4ng gian g\u1ecdn g\u00e0ng v\u00e0 hi\u1ec7n \u0111\u1ea1i.<\/span><\/p>\n<h2 style=\"text-align: justify;\"><b>2. L\u1ee3i \u00edch khi l\u1eafp \u0111\u1eb7t t\u1ee7 c\u1ea7u thang nh\u1ef1a<br \/>\n<\/b><\/h2>\n<p style=\"text-align: justify;\"><b><img loading=\"lazy\" decoding=\"async\" class=\"aligncenter wp-image-6966 size-full\" src=\"https:\/\/nhatnam.org\/wp-content\/uploads\/2025\/05\/tu_nhua_cau_thang-6.jpg\" alt=\"\u00a0T\u1ee7 C\u1ea7u Thang Nh\u1ef1a\u00a0\" width=\"1280\" height=\"960\" \/><br \/>\n<\/b><\/p>\n<p style=\"text-align: justify;\">T\u1ee7 c\u1ea7u thang nh\u1ef1a<span style=\"font-weight: 400;\"> kh\u00f4ng ch\u1ec9 l\u00e0 m\u1ed9t m\u00f3n \u0111\u1ed3 n\u1ed9i th\u1ea5t \u0111\u01a1n thu\u1ea7n m\u00e0 c\u00f2n l\u00e0 m\u1ed9t gi\u1ea3i ph\u00e1p t\u1ed1i \u01b0u cho kh\u00f4ng gian s\u1ed1ng. D\u01b0\u1edbi \u0111\u00e2y l\u00e0 nh\u1eefng l\u1ee3i \u00edch n\u1ed5i b\u1eadt c\u1ee7a s\u1ea3n ph\u1ea9m n\u00e0y:<\/span><\/p>\n<ul style=\"text-align: justify;\">\n<li style=\"font-weight: 400;\" aria-level=\"1\"><b>Ti\u1ebft ki\u1ec7m kh\u00f4ng gian:<\/b><b><br \/>\n<\/b><span style=\"font-weight: 400;\"> T\u1ee7 c\u1ea7u thang nh\u1ef1a gi\u00fap t\u1eadn d\u1ee5ng kh\u00f4ng gian tr\u1ed1ng d\u01b0\u1edbi c\u1ea7u thang, m\u1ed9t khu v\u1ef1c th\u01b0\u1eddng b\u1ecb b\u1ecf qua trong thi\u1ebft k\u1ebf nh\u00e0 \u1edf. V\u1edbi t\u1ee7 nh\u1ef1a g\u1ea7m c\u1ea7u thang, b\u1ea1n c\u00f3 th\u1ec3 l\u01b0u tr\u1eef gi\u00e0y d\u00e9p, \u0111\u1ed3 d\u00f9ng gia \u0111\u00ecnh hay c\u00e1c v\u1eadt d\u1ee5ng kh\u00e1c m\u1ed9t c\u00e1ch ng\u0103n n\u1eafp m\u00e0 kh\u00f4ng chi\u1ebfm qu\u00e1 nhi\u1ec1u di\u1ec7n t\u00edch.<\/span><\/li>\n<li style=\"font-weight: 400;\" aria-level=\"1\"><b>\u0110\u1ed9 b\u1ec1n cao:<\/b><b><br \/>\n<\/b><span style=\"font-weight: 400;\">C\u00e1c m\u1eabu t\u1ee7 c\u1ea7u thang nh\u1ef1a t\u1ea1i Nh\u1ea5t Nam \u0111\u01b0\u1ee3c l\u00e0m t\u1eeb ch\u1ea5t li\u1ec7u nh\u1ef1a cao c\u1ea5p, c\u00f3 kh\u1ea3 n\u0103ng ch\u1ed1ng \u1ea9m m\u1ed1c, m\u1ed1i m\u1ecdt v\u00e0 kh\u00f4ng b\u1ecb cong v\u00eanh theo th\u1eddi gian. \u0110i\u1ec1u n\u00e0y gi\u00fap t\u1ee7 duy tr\u00ec \u0111\u1ed9 b\u1ec1n l\u00e2u d\u00e0i, th\u00edch h\u1ee3p cho nh\u1eefng khu v\u1ef1c c\u00f3 \u0111\u1ed9 \u1ea9m cao nh\u01b0 d\u01b0\u1edbi c\u1ea7u thang.<\/span><\/li>\n<li style=\"font-weight: 400;\" aria-level=\"1\"><b>D\u1ec5 d\u00e0ng v\u1ec7 sinh:<\/b><b><br \/>\n<\/b><span style=\"font-weight: 400;\"> M\u1ed9t trong nh\u1eefng \u01b0u \u0111i\u1ec3m n\u1ed5i b\u1eadt c\u1ee7a t\u1ee7 nh\u1ef1a c\u1ea7u thang l\u00e0 b\u1ec1 m\u1eb7t nh\u1eb5n m\u1ecbn, kh\u00f4ng b\u00e1m b\u1ee5i. Vi\u1ec7c v\u1ec7 sinh v\u00e0 b\u1ea3o d\u01b0\u1ee1ng t\u1ee7 tr\u1edf n\u00ean d\u1ec5 d\u00e0ng, gi\u00fap b\u1ea1n ti\u1ebft ki\u1ec7m th\u1eddi gian v\u00e0 c\u00f4ng s\u1ee9c.<\/span><\/li>\n<li style=\"font-weight: 400;\" aria-level=\"1\"><b>\u0110a d\u1ea1ng thi\u1ebft k\u1ebf:<\/b><b><br \/>\n<\/b><span style=\"font-weight: 400;\">T\u1ee7 c\u1ea7u thang nh\u1ef1a c\u00f3 nhi\u1ec1u m\u1eabu m\u00e3 v\u00e0 thi\u1ebft k\u1ebf kh\u00e1c nhau \u0111\u1ec3 b\u1ea1n l\u1ef1a ch\u1ecdn, bao g\u1ed3m c\u00e1c ki\u1ec3u t\u1ee7 c\u00e1nh m\u1edf, c\u00e1nh l\u00f9a, ho\u1eb7c d\u1ea1ng k\u00e9o. B\u1ea1n c\u00f3 th\u1ec3 l\u1ef1a ch\u1ecdn ki\u1ec3u t\u1ee7 ph\u00f9 h\u1ee3p v\u1edbi kh\u00f4ng gian s\u1ed1ng v\u00e0 nhu c\u1ea7u s\u1eed d\u1ee5ng c\u1ee7a gia \u0111\u00ecnh.<\/span><\/li>\n<\/ul>\n<h2 style=\"text-align: justify;\"><b>3. Ph\u00e2n lo\u1ea1i t\u1ee7 c\u1ea7u thang nh\u1ef1a theo ch\u1ea5t li\u1ec7u<br \/>\n<img loading=\"lazy\" decoding=\"async\" class=\"aligncenter wp-image-6965 size-full\" src=\"https:\/\/nhatnam.org\/wp-content\/uploads\/2025\/05\/tu_nhua_cau_thang-5.jpg\" alt=\"\u00a0T\u1ee7 C\u1ea7u Thang Nh\u1ef1a\u00a0\" width=\"1280\" height=\"960\" \/><br \/>\n<\/b><\/h2>\n<p style=\"text-align: justify;\"><span style=\"font-weight: 400;\">T\u1ee7 c\u1ea7u thang nh\u1ef1a c\u00f3 th\u1ec3 \u0111\u01b0\u1ee3c l\u00e0m t\u1eeb nhi\u1ec1u lo\u1ea1i nh\u1ef1a kh\u00e1c nhau, m\u1ed7i lo\u1ea1i mang \u0111\u1ebfn nh\u1eefng \u01b0u \u0111i\u1ec3m ri\u00eang bi\u1ec7t, \u0111\u00e1p \u1ee9ng c\u00e1c nhu c\u1ea7u s\u1eed d\u1ee5ng kh\u00e1c nhau:<\/span><\/p>\n<p style=\"text-align: justify;\"><b>T\u1ee7 nh\u1ef1a PVC (Polyvinyl Chloride):<\/b><b><br \/>\n<\/b><span style=\"font-weight: 400;\">T\u1ee7 nh\u1ef1a PVC l\u00e0 lo\u1ea1i t\u1ee7 c\u1ea7u thang nh\u1ef1a ph\u1ed5 bi\u1ebfn v\u1edbi kh\u1ea3 n\u0103ng ch\u1ed1ng \u1ea9m c\u1ef1c t\u1ed1t, kh\u00f4ng b\u1ecb cong v\u00eanh, r\u1ea5t th\u00edch h\u1ee3p cho m\u00f4i tr\u01b0\u1eddng \u1ea9m th\u1ea5p d\u01b0\u1edbi c\u1ea7u thang. Nh\u1ef1a PVC l\u00e0 v\u1eadt li\u1ec7u c\u00f3 kh\u1ea3 n\u0103ng ch\u1ecbu n\u01b0\u1edbc t\u1ed1t, gi\u00fap vi\u1ec7c b\u1ea3o tr\u00ec v\u00e0 v\u1ec7 sinh tr\u1edf n\u00ean d\u1ec5 d\u00e0ng.<\/span><\/p>\n<p style=\"text-align: justify;\"><b>T\u1ee7 nh\u1ef1a ABS: <\/b><span style=\"font-weight: 400;\">T\u1ee7 nh\u1ef1a ABS n\u1ed5i b\u1eadt v\u1edbi \u0111\u1ed9 c\u1ee9ng c\u00e1p v\u00e0 kh\u1ea3 n\u0103ng ch\u1ecbu l\u1ef1c t\u1ed1t. B\u1ec1 m\u1eb7t nh\u1eb5n b\u00f3ng c\u1ee7a t\u1ee7 gi\u00fap ch\u1ed1ng b\u00e1m b\u1ee5i v\u00e0 d\u1ec5 d\u00e0ng lau ch\u00f9i. \u0110\u00e2y l\u00e0 l\u1ef1a ch\u1ecdn l\u00fd t\u01b0\u1edfng n\u1ebfu b\u1ea1n c\u1ea7n m\u1ed9t chi\u1ebfc t\u1ee7 b\u1ec1n \u0111\u1eb9p v\u00e0 d\u1ec5 b\u1ea3o d\u01b0\u1ee1ng.<\/span><\/p>\n<p style=\"text-align: justify;\"><b>T\u1ee7 nh\u1ef1a Composite: <\/b><span style=\"font-weight: 400;\">T\u1ee7 nh\u1ef1a Composite k\u1ebft h\u1ee3p nh\u1ef1a v\u00e0 s\u1ee3i th\u1ee7y tinh, mang \u0111\u1ebfn \u0111\u1ed9 b\u1ec1n v\u01b0\u1ee3t tr\u1ed9i, ch\u1ecbu nhi\u1ec7t t\u1ed1t v\u00e0 ch\u1ed1ng th\u1ea5m n\u01b0\u1edbc. Lo\u1ea1i t\u1ee7 n\u00e0y r\u1ea5t th\u00edch h\u1ee3p cho nh\u1eefng kh\u00f4ng gian c\u00f3 \u0111\u1ed9 \u1ea9m cao v\u00e0 c\u1ea7n kh\u1ea3 n\u0103ng ch\u1ecbu nhi\u1ec7t.<\/span><\/p>\n<p style=\"text-align: justify;\"><b>T\u1ee7 nh\u1ef1a PP (Polypropylene): <\/b><span style=\"font-weight: 400;\">T\u1ee7 nh\u1ef1a PP c\u00f3 \u0111\u1eb7c \u0111i\u1ec3m nh\u1eb9, d\u1ebbo dai v\u00e0 ch\u1ed1ng m\u1ed1i m\u1ecdt. Nh\u1ef1a PP l\u00e0 l\u1ef1a ch\u1ecdn tuy\u1ec7t v\u1eddi cho nh\u1eefng kh\u00f4ng gian nh\u1ecf g\u1ecdn v\u00e0 c\u1ea7n ti\u1ebft ki\u1ec7m di\u1ec7n t\u00edch m\u00e0 v\u1eabn \u0111\u1ea3m b\u1ea3o \u0111\u1ed9 b\u1ec1n.<\/span><\/p>\n<h2 style=\"text-align: justify;\"><b>4. Ph\u00e2n lo\u1ea1i t\u1ee7 c\u1ea7u thang nh\u1ef1a theo c\u00f4ng n\u0103ng<br \/>\n<img loading=\"lazy\" decoding=\"async\" class=\"aligncenter wp-image-6963 size-full\" src=\"https:\/\/nhatnam.org\/wp-content\/uploads\/2025\/05\/tu_nhua_cau_thang-3.jpg\" alt=\"\u00a0T\u1ee7 C\u1ea7u Thang Nh\u1ef1a\u00a0\" width=\"1280\" height=\"960\" \/><br \/>\n<\/b><\/h2>\n<p style=\"text-align: justify;\"><span style=\"font-weight: 400;\">Ngo\u00e0i vi\u1ec7c ph\u00e2n lo\u1ea1i theo ch\u1ea5t li\u1ec7u, t\u1ee7 c\u1ea7u thang nh\u1ef1a c\u00f2n c\u00f3 th\u1ec3 \u0111\u01b0\u1ee3c ph\u00e2n lo\u1ea1i theo c\u00f4ng n\u0103ng s\u1eed d\u1ee5ng:<\/span><\/p>\n<p style=\"text-align: justify;\"><b>T\u1ee7 gi\u00e0y: <\/b><span style=\"font-weight: 400;\">T\u1ee7 g\u1ea7m c\u1ea7u thang b\u1eb1ng nh\u1ef1a l\u00e0 gi\u1ea3i ph\u00e1p l\u00fd t\u01b0\u1edfng \u0111\u1ec3 l\u01b0u tr\u1eef gi\u00e0y d\u00e9p. V\u1edbi nhi\u1ec1u ng\u0103n ch\u1ee9a, b\u1ea1n c\u00f3 th\u1ec3 ph\u00e2n lo\u1ea1i gi\u00e0y d\u00e9p m\u1ed9t c\u00e1ch khoa h\u1ecdc v\u00e0 ti\u1ebft ki\u1ec7m kh\u00f4ng gian.<\/span><\/p>\n<p style=\"text-align: justify;\"><b>T\u1ee7 trang tr\u00ed: <\/b><span style=\"font-weight: 400;\">Ngo\u00e0i ch\u1ee9c n\u0103ng l\u01b0u tr\u1eef, m\u1ed9t s\u1ed1 m\u1eabu t\u1ee7 c\u1ea7u thang nh\u1ef1a c\u00f2n \u0111\u01b0\u1ee3c thi\u1ebft k\u1ebf \u0111\u1ec3 ph\u1ee5c v\u1ee5 m\u1ee5c \u0111\u00edch trang tr\u00ed. B\u1ea1n c\u00f3 th\u1ec3 t\u1eadn d\u1ee5ng t\u1ee7 \u0111\u1ec3 b\u00e0y tr\u00ed c\u00e2y xanh, s\u00e1ch, ho\u1eb7c nh\u1eefng m\u00f3n \u0111\u1ed3 y\u00eau th\u00edch, gi\u00fap kh\u00f4ng gian th\u00eam sinh \u0111\u1ed9ng v\u00e0 thu h\u00fat \u00e1nh nh\u00ecn.<\/span><\/p>\n<p style=\"text-align: justify;\"><b>T\u1ee7 \u0111\u1ec3 \u0111\u1ed3 gia d\u1ee5ng:<\/b><span style=\"font-weight: 400;\"> T\u1ee7 nh\u1ef1a c\u1ea7u thang c\u0169ng r\u1ea5t ti\u1ec7n l\u1ee3i \u0111\u1ec3 l\u01b0u tr\u1eef c\u00e1c \u0111\u1ed3 gia d\u1ee5ng kh\u00e1c nh\u01b0 \u00e1o kho\u00e1c, t\u00fai x\u00e1ch, ho\u1eb7c c\u00e1c v\u1eadt d\u1ee5ng th\u01b0\u1eddng xuy\u00ean s\u1eed d\u1ee5ng. V\u1edbi nhi\u1ec1u ng\u0103n v\u00e0 k\u1ec7, t\u1ee7 nh\u1ef1a gi\u00fap b\u1ea1n s\u1eafp x\u1ebfp \u0111\u1ed3 \u0111\u1ea1c m\u1ed9t c\u00e1ch g\u1ecdn g\u00e0ng v\u00e0 khoa h\u1ecdc.<\/span><\/p>\n<h2 style=\"text-align: justify;\"><b>5. C\u00e1c m\u1eabu t\u1ee7 c\u1ea7u thang nh\u1ef1a ph\u1ed5 bi\u1ebfn<br \/>\n<img loading=\"lazy\" decoding=\"async\" class=\"aligncenter wp-image-6964 size-full\" src=\"https:\/\/nhatnam.org\/wp-content\/uploads\/2025\/05\/tu_nhua_cau_thang-4.jpg\" alt=\"\u00a0T\u1ee7 C\u1ea7u Thang Nh\u1ef1a\u00a0\" width=\"1280\" height=\"960\" \/><br \/>\n<\/b><\/h2>\n<p style=\"text-align: justify;\"><span style=\"font-weight: 400;\">T\u1ee7 c\u1ea7u thang nh\u1ef1a c\u00f3 nhi\u1ec1u m\u1eabu m\u00e3 \u0111a d\u1ea1ng, ph\u00f9 h\u1ee3p v\u1edbi t\u1eebng nhu c\u1ea7u v\u00e0 kh\u00f4ng gian s\u1ed1ng:<\/span><\/p>\n<p style=\"text-align: justify;\"><b>T\u1ee7 c\u1ea7u thang nh\u1ef1a c\u00e1nh m\u1edf<\/b><b><br \/>\n<\/b><span style=\"font-weight: 400;\">L\u00e0 ki\u1ec3u t\u1ee7 truy\u1ec1n th\u1ed1ng, c\u00f3 c\u00e1nh m\u1edf gi\u00fap b\u1ea1n d\u1ec5 d\u00e0ng ti\u1ebfp c\u1eadn c\u00e1c ng\u0103n ch\u1ee9a b\u00ean trong. M\u1eabu t\u1ee7 n\u00e0y ph\u00f9 h\u1ee3p v\u1edbi nh\u1eefng kh\u00f4ng gian r\u1ed9ng r\u00e3i v\u00e0 d\u1ec5 d\u00e0ng s\u1eed d\u1ee5ng.<\/span><\/p>\n<p style=\"text-align: justify;\"><b>T\u1ee7 c\u1ea7u thang nh\u1ef1a c\u00e1nh l\u00f9a<\/b><b><br \/>\n<\/b><span style=\"font-weight: 400;\">T\u1ee7 c\u00f3 c\u00e1nh l\u00f9a gi\u00fap ti\u1ebft ki\u1ec7m di\u1ec7n t\u00edch m\u1edf c\u1eeda. \u0110\u00e2y l\u00e0 l\u1ef1a ch\u1ecdn l\u00fd t\u01b0\u1edfng cho nh\u1eefng kh\u00f4ng gian nh\u1ecf h\u1eb9p ho\u1eb7c nh\u1eefng gia \u0111\u00ecnh c\u1ea7n ti\u1ebft ki\u1ec7m kh\u00f4ng gian.<\/span><\/p>\n<p style=\"text-align: justify;\"><b>T\u1ee7 c\u1ea7u thang nh\u1ef1a d\u1ea1ng k\u00e9o<\/b><b><br \/>\n<\/b><span style=\"font-weight: 400;\">T\u1ee7 c\u1ea7u thang thi\u1ebft k\u1ebf d\u1ea1ng k\u00e9o l\u00e0 l\u1ef1a ch\u1ecdn ti\u1ec7n l\u1ee3i cho vi\u1ec7c s\u1eafp x\u1ebfp v\u00e0 ph\u00e2n lo\u1ea1i gi\u00e0y d\u00e9p, v\u1eadt d\u1ee5ng c\u00e1 nh\u00e2n. C\u00e1c ng\u0103n k\u00e9o \u0111\u01b0\u1ee3c b\u1ed1 tr\u00ed linh ho\u1ea1t, gi\u00fap t\u1eadn d\u1ee5ng t\u1ed1i \u0111a kho\u1ea3ng tr\u1ed1ng d\u01b0\u1edbi g\u1ea7m c\u1ea7u thang m\u00e0 kh\u00f4ng g\u00e2y r\u1ed1i m\u1eaft. Ki\u1ec3u t\u1ee7 n\u00e0y \u0111\u1eb7c bi\u1ec7t ph\u00f9 h\u1ee3p v\u1edbi kh\u00f4ng gian nh\u1ecf, v\u1eeba g\u1ecdn g\u00e0ng v\u1eeba d\u1ec5 s\u1eed d\u1ee5ng. Ch\u1ec9 c\u1ea7n k\u00e9o nh\u1eb9 l\u00e0 b\u1ea1n c\u00f3 th\u1ec3 l\u1ea5y \u0111\u1ed3 nhanh ch\u00f3ng m\u00e0 kh\u00f4ng \u1ea3nh h\u01b0\u1edfng \u0111\u1ebfn c\u00e1c khu v\u1ef1c xung quanh.<\/span><\/p>\n<p style=\"text-align: justify;\"><b>T\u1ee7 nh\u1ef1a g\u1ea7m c\u1ea7u thang k\u1ebft h\u1ee3p<\/b><b><br \/>\n<\/b><span style=\"font-weight: 400;\">M\u1ed9t s\u1ed1 m\u1eabu t\u1ee7 c\u1ea7u thang nh\u1ef1a c\u00f3 thi\u1ebft k\u1ebf k\u1ebft h\u1ee3p v\u1edbi c\u00e1c lo\u1ea1i t\u1ee7 kh\u00e1c nh\u01b0 t\u1ee7 gi\u00e0y, t\u1ee7 qu\u1ea7n \u00e1o, mang \u0111\u1ebfn kh\u00f4ng gian l\u01b0u tr\u1eef \u0111a n\u0103ng v\u00e0 ti\u1ebft ki\u1ec7m di\u1ec7n t\u00edch.<\/span><\/p>\n<h2 style=\"text-align: justify;\"><b>6. B\u00e1o gi\u00e1 t\u1ee7 c\u1ea7u thang nh\u1ef1a<\/b><\/h2>\n<p style=\"text-align: justify;\"><span style=\"font-weight: 400;\">Gi\u00e1 t\u1ee7 c\u1ea7u thang nh\u1ef1a ph\u1ee5 thu\u1ed9c v\u00e0o nhi\u1ec1u y\u1ebfu t\u1ed1 nh\u01b0 k\u00edch th\u01b0\u1edbc th\u1ef1c t\u1ebf, ki\u1ec3u d\u00e1ng thi\u1ebft k\u1ebf, ch\u1ea5t li\u1ec7u nh\u1ef1a s\u1eed d\u1ee5ng v\u00e0 y\u00eau c\u1ea7u thi c\u00f4ng c\u1ee5 th\u1ec3 c\u1ee7a t\u1eebng c\u00f4ng tr\u00ecnh.<\/span><\/p>\n<p style=\"text-align: justify;\"><span style=\"font-weight: 400;\">T\u1ee7 nh\u1ef1a th\u01b0\u1eddng l\u00e0 l\u1ef1a ch\u1ecdn \u0111\u01b0\u1ee3c \u01b0a chu\u1ed9ng nh\u1edd kh\u1ea3 n\u0103ng ch\u1ed1ng \u1ea9m, d\u1ec5 v\u1ec7 sinh v\u00e0 gi\u00e1 th\u00e0nh h\u1ee3p l\u00fd so v\u1edbi c\u00e1c lo\u1ea1i v\u1eadt li\u1ec7u kh\u00e1c. \u0110\u00e2y l\u00e0 gi\u1ea3i ph\u00e1p t\u1ed1i \u01b0u cho nh\u1eefng ai mu\u1ed1n ti\u1ebft ki\u1ec7m chi ph\u00ed m\u00e0 v\u1eabn \u0111\u1ea3m b\u1ea3o \u0111\u1ed9 b\u1ec1n v\u00e0 t\u00ednh th\u1ea9m m\u1ef9.<\/span><\/p>\n<p style=\"text-align: justify;\"><span style=\"font-weight: 400;\">\u0110\u1ec3 \u0111\u01b0\u1ee3c t\u01b0 v\u1ea5n v\u00e0 b\u00e1o gi\u00e1 ch\u00ednh x\u00e1c theo nhu c\u1ea7u, vui l\u00f2ng li\u00ean h\u1ec7 <\/span><b>Nh\u1ea5t Nam<\/b><span style=\"font-weight: 400;\"> \u2013 \u0111\u01a1n v\u1ecb chuy\u00ean thi\u1ebft k\u1ebf v\u00e0 thi c\u00f4ng t\u1ee7 c\u1ea7u thang theo y\u00eau c\u1ea7u, cam k\u1ebft ch\u1ea5t l\u01b0\u1ee3ng v\u00e0 ti\u1ebfn \u0111\u1ed9.<\/span><\/p>\n<h2 style=\"text-align: justify;\"><b>7. \u0110\u1ecba ch\u1ec9 mua t\u1ee7 c\u1ea7u thang nh\u1ef1a uy t\u00edn<\/b><\/h2>\n<p style=\"text-align: justify;\"><span style=\"font-weight: 400;\">N\u1ebfu b\u1ea1n \u0111ang t\u00ecm m\u1ed9t gi\u1ea3i ph\u00e1p v\u1eeba th\u1ea9m m\u1ef9, v\u1eeba ti\u1ebft ki\u1ec7m kh\u00f4ng gian cho khu v\u1ef1c g\u1ea7m c\u1ea7u thang, t\u1ee7 c\u1ea7u thang nh\u1ef1a l\u00e0 l\u1ef1a ch\u1ecdn l\u00fd t\u01b0\u1edfng. V\u1edbi \u01b0u \u0111i\u1ec3m nh\u1eb9, b\u1ec1n, ch\u1ed1ng \u1ea9m v\u00e0 d\u1ec5 lau ch\u00f9i, t\u1ee7 nh\u1ef1a kh\u00f4ng ch\u1ec9 gi\u00fap gi\u1eef cho ng\u00f4i nh\u00e0 lu\u00f4n g\u1ecdn g\u00e0ng m\u00e0 c\u00f2n mang \u0111\u1ebfn v\u1ebb hi\u1ec7n \u0111\u1ea1i, tinh t\u1ebf cho kh\u00f4ng gian s\u1ed1ng.<\/span><\/p>\n<p style=\"text-align: justify;\"><span style=\"font-weight: 400;\">T\u1ea1i <\/span><b>Nh\u1ea5t Nam<\/b><span style=\"font-weight: 400;\">, ch\u00fang t\u00f4i chuy\u00ean thi\u1ebft k\u1ebf v\u00e0 thi c\u00f4ng t\u1ee7 c\u1ea7u thang nh\u1ef1a theo y\u00eau c\u1ea7u, \u0111\u1ea3m b\u1ea3o t\u1eebng s\u1ea3n ph\u1ea9m \u0111\u1ec1u ph\u00f9 h\u1ee3p tuy\u1ec7t \u0111\u1ed1i v\u1edbi c\u1ea5u tr\u00fac c\u1ea7u thang v\u00e0 nhu c\u1ea7u s\u1eed d\u1ee5ng c\u1ee7a t\u1eebng gia \u0111\u00ecnh. \u0110\u1ed9i ng\u0169 t\u01b0 v\u1ea5n t\u1eadn t\u00e2m, thi c\u00f4ng \u0111\u00fang ti\u1ebfn \u0111\u1ed9, b\u1ea3o h\u00e0nh r\u00f5 r\u00e0ng \u2013 \u0111\u00f3 l\u00e0 l\u00fd do kh\u00e1ch h\u00e0ng lu\u00f4n tin t\u01b0\u1edfng ch\u1ecdn Nh\u1ea5t Nam.<\/span><\/p>\n<p style=\"text-align: justify;\"><span style=\"font-weight: 400;\">H\u00e3y li\u00ean h\u1ec7 v\u1edbi ch\u00fang t\u00f4i \u0111\u1ec3 \u0111\u01b0\u1ee3c t\u01b0 v\u1ea5n mi\u1ec5n ph\u00ed v\u00e0 nh\u1eadn m\u1eabu thi\u1ebft k\u1ebf ph\u00f9 h\u1ee3p nh\u1ea5t v\u1edbi ng\u00f4i nh\u00e0 c\u1ee7a b\u1ea1n. \u0110\u1eebng \u0111\u1ec3 g\u1ea7m c\u1ea7u thang b\u1ecb l\u00e3ng ph\u00ed \u2013 h\u00e3y bi\u1ebfn n\u00f3 th\u00e0nh m\u1ed9t \u0111i\u1ec3m nh\u1ea5n ti\u1ec7n nghi v\u00e0 \u0111\u1eb9p m\u1eaft!<\/span><\/p>\n","protected":false},"excerpt":{"rendered":"<p style=\"text-align: justify;\"><span style=\"font-weight: 400;\"> T\u1ee7 c\u1ea7u thang nh\u1ef1a l\u00e0 m\u1ed9t trong nh\u1eefng gi\u1ea3i ph\u00e1p t\u1ed1i \u01b0u gi\u00fap b\u1ea1n khai th\u00e1c kh\u00f4ng gian d\u01b0\u1edbi g\u1ea7m c\u1ea7u thang, \u0111\u1ed3ng th\u1eddi t\u1ea1o ra n\u01a1i l\u01b0u tr\u1eef ti\u1ec7n l\u1ee3i v\u00e0 g\u1ecdn g\u00e0ng. T\u1ea1i Nh\u1ea5t Nam, c\u00e1c m\u1eabu t\u1ee7 nh\u1ef1a g\u1ea7m c\u1ea7u thang \u0111\u01b0\u1ee3c thi\u1ebft k\u1ebf kh\u00f4ng ch\u1ec9 \u0111\u1eb9p m\u1eaft m\u00e0 c\u00f2n b\u1ec1n b\u1ec9 v\u00e0 d\u1ec5 b\u1ea3o tr\u00ec, ph\u00f9 h\u1ee3p v\u1edbi m\u1ecdi phong c\u00e1ch n\u1ed9i th\u1ea5t.<\/span><\/p>\n","protected":false},"featured_media":1969,"comment_status":"open","ping_status":"closed","template":"","meta":{"_acf_changed":false,"_gspb_post_css":""},"book-author":[],"product_brand":[],"product_cat":[130,134],"product_tag":[],"class_list":{"0":"post-1970","1":"product","2":"type-product","3":"status-publish","4":"has-post-thumbnail","6":"product_cat-noi-that-phong-khach","7":"product_cat-tu-cau-thang","9":"first","10":"instock","11":"shipping-taxable","12":"product-type-simple"},"acf":[],"_links":{"self":[{"href":"https:\/\/nhatnam.libion.me\/index.php\/wp-json\/wp\/v2\/product\/1970","targetHints":{"allow":["GET"]}}],"collection":[{"href":"https:\/\/nhatnam.libion.me\/index.php\/wp-json\/wp\/v2\/product"}],"about":[{"href":"https:\/\/nhatnam.libion.me\/index.php\/wp-json\/wp\/v2\/types\/product"}],"replies":[{"embeddable":true,"href":"https:\/\/nhatnam.libion.me\/index.php\/wp-json\/wp\/v2\/comments?post=1970"}],"wp:featuredmedia":[{"embeddable":true,"href":"https:\/\/nhatnam.libion.me\/index.php\/wp-json\/wp\/v2\/media\/1969"}],"wp:attachment":[{"href":"https:\/\/nhatnam.libion.me\/index.php\/wp-json\/wp\/v2\/media?parent=1970"}],"wp:term":[{"taxonomy":"book-author","embeddable":true,"href":"https:\/\/nhatnam.libion.me\/index.php\/wp-json\/wp\/v2\/book-author?post=1970"},{"taxonomy":"product_brand","embeddable":true,"href":"https:\/\/nhatnam.libion.me\/index.php\/wp-json\/wp\/v2\/product_brand?post=1970"},{"taxonomy":"product_cat","embeddable":true,"href":"https:\/\/nhatnam.libion.me\/index.php\/wp-json\/wp\/v2\/product_cat?post=1970"},{"taxonomy":"product_tag","embeddable":true,"href":"https:\/\/nhatnam.libion.me\/index.php\/wp-json\/wp\/v2\/product_tag?post=1970"}],"curies":[{"name":"wp","href":"https:\/\/api.w.org\/{rel}","templated":true}]}}