{"id":1961,"date":"2026-04-07T10:33:07","date_gmt":"2026-04-07T10:33:07","guid":{"rendered":"https:\/\/nhatnam.libion.me\/index.php\/product\/tu-giay-gam-cau-thang\/"},"modified":"2026-04-07T10:33:24","modified_gmt":"2026-04-07T10:33:24","slug":"tu-giay-gam-cau-thang","status":"publish","type":"product","link":"https:\/\/nhatnam.libion.me\/index.php\/product\/tu-giay-gam-cau-thang\/","title":{"rendered":"T\u1ee7 Gi\u00e0y G\u1ea7m C\u1ea7u Thang"},"content":{"rendered":"<p style=\"text-align: justify;\"><span style=\"font-weight: 400;\">T\u1ee7 gi\u00e0y g\u1ea7m c\u1ea7u thang l\u00e0 gi\u1ea3i ph\u00e1p ho\u00e0n h\u1ea3o cho kh\u00f4ng gian nh\u1ecf. Thi\u1ebft k\u1ebf th\u00f4ng minh v\u1edbi c\u00e1c m\u1eabu t\u1ee7 gi\u00e0y c\u00e1nh m\u1edf, c\u00e1nh l\u00f9a hay d\u1ea1ng k\u00e9o gi\u00fap t\u1ed1i \u01b0u di\u1ec7n t\u00edch v\u00e0 mang l\u1ea1i t\u00ednh th\u1ea9m m\u1ef9 cho ng\u00f4i nh\u00e0. T\u00ecm hi\u1ec3u ngay c\u00e1c m\u1eabu t\u1ee7 gi\u00e0y g\u1ea7m c\u1ea7u thang \u0111\u1eb9p v\u00e0 ti\u1ec7n \u00edch!<\/span><\/p>\n<h2 style=\"text-align: justify;\"><b>1. T\u1ee7 gi\u00e0y g\u1ea7m c\u1ea7u thang l\u00e0 g\u00ec?\u00a0<\/b><\/h2>\n<p style=\"text-align: justify;\"><b><img loading=\"lazy\" decoding=\"async\" class=\"aligncenter wp-image-6978 size-full\" src=\"https:\/\/nhatnam.org\/wp-content\/uploads\/2025\/05\/tu_giay_gam_cau_thang-11.jpg\" alt=\"T\u1ee7 Gi\u00e0y G\u1ea7m C\u1ea7u Thang\" width=\"1280\" height=\"960\" \/><\/b><\/p>\n<p style=\"text-align: justify;\"><span style=\"font-weight: 400;\">T\u1ee7 gi\u00e0y g\u1ea7m c\u1ea7u thang l\u00e0 gi\u1ea3i ph\u00e1p l\u01b0u tr\u1eef th\u00f4ng minh, t\u1eadn d\u1ee5ng khu v\u1ef1c th\u01b0\u1eddng b\u1ecb b\u1ecf tr\u1ed1ng d\u01b0\u1edbi c\u1ea7u thang \u0111\u1ec3 s\u1eafp x\u1ebfp gi\u00e0y d\u00e9p v\u00e0 v\u1eadt d\u1ee5ng c\u00e1 nh\u00e2n. Thi\u1ebft k\u1ebf n\u00e0y \u0111\u1eb7c bi\u1ec7t ph\u00f9 h\u1ee3p v\u1edbi nh\u00e0 ph\u1ed1, nh\u00e0 \u1ed1ng \u2013 n\u01a1i di\u1ec7n t\u00edch s\u1eed d\u1ee5ng b\u1ecb gi\u1edbi h\u1ea1n.<\/span><\/p>\n<p style=\"text-align: justify;\"><span style=\"font-weight: 400;\">T\u1ee7 th\u01b0\u1eddng \u0111\u01b0\u1ee3c \u0111\u1eb7t theo k\u00edch th\u01b0\u1edbc v\u00e0 h\u00ecnh d\u00e1ng ri\u00eang c\u1ee7a t\u1eebng c\u1ea7u thang, \u0111\u1ea3m b\u1ea3o t\u00ednh th\u1ea9m m\u1ef9 v\u00e0 c\u00f4ng n\u0103ng. C\u00f3 nhi\u1ec1u ki\u1ec3u m\u1edf nh\u01b0 d\u1ea1ng k\u00e9o, c\u00e1nh l\u1eadt ho\u1eb7c t\u1ee7 \u00e2m \u2013 t\u00f9y thu\u1ed9c v\u00e0o nhu c\u1ea7u v\u00e0 phong c\u00e1ch n\u1ed9i th\u1ea5t.<\/span><\/p>\n<p style=\"text-align: justify;\"><span style=\"font-weight: 400;\">V\u1eadt li\u1ec7u s\u1eed d\u1ee5ng \u0111a d\u1ea1ng, t\u1eeb g\u1ed7 c\u00f4ng nghi\u1ec7p, MDF ch\u1ed1ng \u1ea9m \u0111\u1ebfn nh\u1ef1a ho\u1eb7c kim lo\u1ea1i, gi\u00fap ch\u1ee7 nh\u00e0 d\u1ec5 d\u00e0ng l\u1ef1a ch\u1ecdn theo ng\u00e2n s\u00e1ch v\u00e0 s\u1edf th\u00edch.<\/span><\/p>\n<p style=\"text-align: justify;\"><span style=\"font-weight: 400;\">Ngo\u00e0i kh\u1ea3 n\u0103ng ti\u1ebft ki\u1ec7m kh\u00f4ng gian, t\u1ee7 gi\u00e0y g\u1ea7m c\u1ea7u thang c\u00f2n \u0111\u00f3ng vai tr\u00f2 nh\u01b0 m\u1ed9t \u0111i\u1ec3m nh\u1ea5n n\u1ed9i th\u1ea5t, gi\u00fap ng\u00f4i nh\u00e0 g\u1ecdn g\u00e0ng v\u00e0 hi\u1ec7n \u0111\u1ea1i h\u01a1n.<\/span><\/p>\n<h2 style=\"text-align: justify;\"><b>2. L\u1ee3i \u00edch c\u1ee7a t\u1ee7 gi\u00e0y g\u1ea7m c\u1ea7u thang<br \/>\n<\/b><\/h2>\n<p style=\"text-align: justify;\"><b><img loading=\"lazy\" decoding=\"async\" class=\"aligncenter wp-image-6977 size-full\" src=\"https:\/\/nhatnam.org\/wp-content\/uploads\/2025\/05\/tu_giay_gam_cau_thang-10.jpg\" alt=\"T\u1ee7 Gi\u00e0y G\u1ea7m C\u1ea7u Thang\" width=\"1280\" height=\"960\" \/><\/b><b><\/b><\/p>\n<p style=\"text-align: justify;\"><b>Ti\u1ebft ki\u1ec7m kh\u00f4ng gian<\/b><span style=\"font-weight: 400;\">: T\u1ee7 gi\u00e0y d\u01b0\u1edbi g\u1ea7m c\u1ea7u thang gi\u00fap t\u1eadn d\u1ee5ng kh\u00f4ng gian th\u1eeba d\u01b0\u1edbi c\u1ea7u thang, t\u1ea1o s\u1ef1 g\u1ecdn g\u00e0ng, ng\u0103n n\u1eafp cho ng\u00f4i nh\u00e0 c\u1ee7a b\u1ea1n m\u00e0 kh\u00f4ng chi\u1ebfm qu\u00e1 nhi\u1ec1u di\u1ec7n t\u00edch.<\/span><\/p>\n<p style=\"text-align: justify;\"><b>T\u1ea1o \u0111i\u1ec3m nh\u1ea5n cho kh\u00f4ng gian<\/b><span style=\"font-weight: 400;\">: T\u1ee7 gi\u00e0y g\u1ea7m c\u1ea7u thang kh\u00f4ng ch\u1ec9 \u0111\u01a1n thu\u1ea7n l\u00e0 m\u1ed9t m\u00f3n \u0111\u1ed3 l\u01b0u tr\u1eef m\u00e0 c\u00f2n c\u00f3 th\u1ec3 tr\u1edf th\u00e0nh \u0111i\u1ec3m nh\u1ea5n trong kh\u00f4ng gian s\u1ed1ng. Ch\u1ecdn l\u1ef1a m\u1ed9t thi\u1ebft k\u1ebf ph\u00f9 h\u1ee3p c\u00f3 th\u1ec3 l\u00e0m cho kh\u00f4ng gian d\u01b0\u1edbi c\u1ea7u thang tr\u1edf n\u00ean \u0111\u1ed9c \u0111\u00e1o, v\u1eeba hi\u1ec7n \u0111\u1ea1i, v\u1eeba sang tr\u1ecdng.<\/span><\/p>\n<p style=\"text-align: justify;\"><b>T\u0103ng c\u01b0\u1eddng th\u1ea9m m\u1ef9 v\u00e0 ti\u1ec7n \u00edch<\/b><span style=\"font-weight: 400;\">: Khi \u0111\u01b0\u1ee3c thi\u1ebft k\u1ebf \u0111\u00fang c\u00e1ch, t\u1ee7 gi\u00e0y g\u1ea7m c\u1ea7u thang c\u00f3 th\u1ec3 bi\u1ebfn kh\u00f4ng gian d\u01b0\u1edbi c\u1ea7u thang th\u00e0nh m\u1ed9t ph\u1ea7n n\u1ed5i b\u1eadt trong ng\u00f4i nh\u00e0. \u0110\u1ed3ng th\u1eddi, vi\u1ec7c l\u01b0u tr\u1eef gi\u00e0y d\u00e9p s\u1ebd gi\u00fap b\u1ea1n d\u1ec5 d\u00e0ng t\u00ecm ki\u1ebfm v\u00e0 b\u1ea3o qu\u1ea3n gi\u00e0y d\u00e9p, tr\u00e1nh t\u00ecnh tr\u1ea1ng b\u1eeba b\u1ed9n.<\/span><\/p>\n<h2 style=\"text-align: justify;\"><b>3. C\u00e1c m\u1eabu t\u1ee7 gi\u00e0y g\u1ea7m c\u1ea7u thang ph\u1ed5 bi\u1ebfn<\/b><\/h2>\n<p style=\"text-align: justify;\"><span style=\"font-weight: 400;\">T\u1ee7 gi\u00e0y g\u1ea7m c\u1ea7u thang hi\u1ec7n nay c\u00f3 r\u1ea5t nhi\u1ec1u m\u1eabu m\u00e3 v\u00e0 ki\u1ec3u d\u00e1ng \u0111\u1ec3 ph\u00f9 h\u1ee3p v\u1edbi m\u1ecdi nhu c\u1ea7u v\u00e0 kh\u00f4ng gian. D\u01b0\u1edbi \u0111\u00e2y l\u00e0 nh\u1eefng m\u1eabu t\u1ee7 gi\u00e0y ph\u1ed5 bi\u1ebfn:<\/span><\/p>\n<p style=\"text-align: justify;\"><b>T\u1ee7 gi\u00e0y k\u1ebft h\u1ee3p t\u1ee7 qu\u1ea7n \u00e1o<br \/>\n<\/b><\/p>\n<p style=\"text-align: justify;\"><b><img loading=\"lazy\" decoding=\"async\" class=\"aligncenter wp-image-6970 size-full\" src=\"https:\/\/nhatnam.org\/wp-content\/uploads\/2025\/05\/tu_giay_gam_cau_thang-3.jpg\" alt=\"T\u1ee7 Gi\u00e0y G\u1ea7m C\u1ea7u Thang\" width=\"1280\" height=\"960\" \/><\/b><b><\/b><\/p>\n<p style=\"text-align: justify;\"><span style=\"font-weight: 400;\">\u0110\u00e2y l\u00e0 l\u1ef1a ch\u1ecdn ho\u00e0n h\u1ea3o cho nh\u1eefng gia \u0111\u00ecnh c\u00f3 kh\u00f4ng gian nh\u1ecf h\u1eb9p ho\u1eb7c nh\u1eefng ng\u01b0\u1eddi mu\u1ed1n t\u1ed1i \u01b0u h\u00f3a di\u1ec7n t\u00edch. M\u1eabu t\u1ee7 gi\u00e0y g\u1ea7m c\u1ea7u thang n\u00e0y th\u01b0\u1eddng \u0111\u01b0\u1ee3c thi\u1ebft k\u1ebf v\u1edbi c\u00e1c ng\u0103n ch\u1ee9a gi\u00e0y \u1edf d\u01b0\u1edbi v\u00e0 c\u00e1c k\u1ec7, ng\u0103n k\u00e9o \u0111\u1ec3 l\u01b0u tr\u1eef qu\u1ea7n \u00e1o \u1edf ph\u00eda tr\u00ean. Vi\u1ec7c k\u1ebft h\u1ee3p t\u1ee7 gi\u00e0y v\u00e0 t\u1ee7 qu\u1ea7n \u00e1o trong m\u1ed9t kh\u00f4ng gian kh\u00f4ng ch\u1ec9 gi\u00fap ti\u1ebft ki\u1ec7m di\u1ec7n t\u00edch m\u00e0 c\u00f2n t\u1ea1o s\u1ef1 ti\u1ec7n l\u1ee3i cho gia ch\u1ee7 khi s\u1eed d\u1ee5ng.<\/span><\/p>\n<p style=\"text-align: justify;\"><b>T\u1ee7 gi\u00e0y c\u00e1nh m\u1edf<br \/>\n<\/b><\/p>\n<p style=\"text-align: justify;\"><b><img loading=\"lazy\" decoding=\"async\" class=\"aligncenter wp-image-6974 size-full\" src=\"https:\/\/nhatnam.org\/wp-content\/uploads\/2025\/05\/tu_giay_gam_cau_thang-7.jpg\" alt=\"T\u1ee7 Gi\u00e0y G\u1ea7m C\u1ea7u Thang\" width=\"1280\" height=\"960\" \/><\/b><b><\/b><\/p>\n<p style=\"text-align: justify;\"><span style=\"font-weight: 400;\">T\u1ee7 gi\u00e0y g\u1ea7m c\u1ea7u thang c\u00e1nh m\u1edf l\u00e0 m\u1eabu thi\u1ebft k\u1ebf truy\u1ec1n th\u1ed1ng v\u00e0 ph\u1ed5 bi\u1ebfn. C\u00e1nh c\u1eeda m\u1edf gi\u00fap ng\u01b0\u1eddi d\u00f9ng d\u1ec5 d\u00e0ng l\u1ea5y v\u00e0 c\u1ea5t gi\u00e0y d\u00e9p. M\u1eabu t\u1ee7 n\u00e0y c\u00f3 th\u1ec3 \u0111\u01b0\u1ee3c thi\u1ebft k\u1ebf v\u1edbi nhi\u1ec1u ng\u0103n \u0111\u1ec3 ph\u00e2n lo\u1ea1i gi\u00e0y, gi\u00fap vi\u1ec7c t\u00ecm ki\u1ebfm gi\u00e0y d\u00e9p tr\u1edf n\u00ean \u0111\u01a1n gi\u1ea3n v\u00e0 thu\u1eadn ti\u1ec7n h\u01a1n. T\u1ee7 gi\u00e0y c\u00e1nh m\u1edf th\u00edch h\u1ee3p v\u1edbi kh\u00f4ng gian r\u1ed9ng r\u00e3i, t\u1ea1o s\u1ef1 th\u00f4ng tho\u00e1ng v\u00e0 d\u1ec5 d\u00e0ng s\u1eed d\u1ee5ng.<\/span><\/p>\n<p style=\"text-align: justify;\"><b>T\u1ee7 gi\u00e0y c\u00e1nh l\u00f9a<br \/>\n<\/b><\/p>\n<p style=\"text-align: justify;\"><b><img loading=\"lazy\" decoding=\"async\" class=\"aligncenter wp-image-6971 size-full\" src=\"https:\/\/nhatnam.org\/wp-content\/uploads\/2025\/05\/tu_giay_gam_cau_thang-4.jpg\" alt=\"T\u1ee7 Gi\u00e0y G\u1ea7m C\u1ea7u Thang\" width=\"1280\" height=\"960\" \/><\/b><\/p>\n<p style=\"text-align: justify;\"><span style=\"font-weight: 400;\">T\u1ee7 gi\u00e0y g\u1ea7m c\u1ea7u thang c\u00e1nh l\u00f9a l\u00e0 l\u1ef1a ch\u1ecdn l\u00fd t\u01b0\u1edfng cho kh\u00f4ng gian nh\u1ecf h\u1eb9p. V\u1edbi c\u00e1nh c\u1eeda l\u00f9a, b\u1ea1n kh\u00f4ng ph\u1ea3i lo l\u1eafng v\u1ec1 vi\u1ec7c chi\u1ebfm d\u1ee5ng kh\u00f4ng gian khi m\u1edf c\u1eeda nh\u01b0 t\u1ee7 c\u00e1nh m\u1edf. \u0110\u00e2y l\u00e0 m\u1ed9t gi\u1ea3i ph\u00e1p th\u00f4ng minh v\u00e0 hi\u1ec7n \u0111\u1ea1i, mang \u0111\u1ebfn s\u1ef1 ti\u1ec7n l\u1ee3i v\u00e0 sang tr\u1ecdng cho kh\u00f4ng gian s\u1ed1ng c\u1ee7a gia \u0111\u00ecnh b\u1ea1n.<\/span><\/p>\n<p style=\"text-align: justify;\"><b>T\u1ee7 gi\u00e0y kh\u00f4ng c\u00e1nh<\/b><b><span style=\"font-weight: 400;\"><img loading=\"lazy\" decoding=\"async\" class=\"aligncenter wp-image-6976 size-full\" src=\"https:\/\/nhatnam.org\/wp-content\/uploads\/2025\/05\/tu_giay_gam_cau_thang-9.jpg\" alt=\"T\u1ee7 Gi\u00e0y G\u1ea7m C\u1ea7u Thang\" width=\"1280\" height=\"960\" \/><\/span><br \/>\n<\/b><\/p>\n<p style=\"text-align: justify;\"><span style=\"font-weight: 400;\">V\u1edbi thi\u1ebft k\u1ebf m\u1edf ho\u00e0n to\u00e0n, t\u1ee7 gi\u00e0y kh\u00f4ng c\u00e1nh gi\u00fap b\u1ea1n d\u1ec5 d\u00e0ng \u0111\u1eb7t v\u00e0 l\u1ea5y gi\u00e0y m\u00e0 kh\u00f4ng c\u1ea7n ph\u1ea3i m\u1edf c\u00e1nh c\u1eeda. Thi\u1ebft k\u1ebf n\u00e0y ph\u00f9 h\u1ee3p v\u1edbi c\u00e1c ng\u00f4i nh\u00e0 hi\u1ec7n \u0111\u1ea1i, t\u1ea1o c\u1ea3m gi\u00e1c tho\u00e1ng \u0111\u00e3ng, d\u1ec5 d\u00e0ng s\u1eed d\u1ee5ng v\u00e0 b\u1ea3o qu\u1ea3n. T\u1ee7 gi\u00e0y kh\u00f4ng c\u00e1nh c\u00f3 th\u1ec3 c\u00f3 nhi\u1ec1u ng\u0103n \u0111\u1ec3 ph\u00e2n chia c\u00e1c lo\u1ea1i gi\u00e0y d\u00e9p, t\u1ea1o s\u1ef1 ng\u0103n n\u1eafp cho kh\u00f4ng gian d\u01b0\u1edbi c\u1ea7u thang.<\/span><\/p>\n<p style=\"text-align: justify;\"><b>T\u1ee7 gi\u00e0y d\u1ea1ng k\u00e9o<br \/>\n<\/b><\/p>\n<p style=\"text-align: justify;\"><b><img loading=\"lazy\" decoding=\"async\" class=\"aligncenter wp-image-6969 size-full\" src=\"https:\/\/nhatnam.org\/wp-content\/uploads\/2025\/05\/tu_giay_gam_cau_thang-2.jpg\" alt=\"T\u1ee7 Gi\u00e0y G\u1ea7m C\u1ea7u Thang\" width=\"1280\" height=\"960\" \/><\/b><b><\/b><span style=\"font-weight: 400;\"><br \/>\nGi\u00fap b\u1ea1n d\u1ec5 d\u00e0ng m\u1edf v\u00e0 \u0111\u00f3ng, v\u1edbi c\u00e1c ng\u0103n k\u00e9o linh ho\u1ea1t, gi\u00fap ph\u00e2n lo\u1ea1i v\u00e0 l\u01b0u tr\u1eef gi\u00e0y d\u00e9p m\u1ed9t c\u00e1ch g\u1ecdn g\u00e0ng. \u0110\u00e2y l\u00e0 l\u1ef1a ch\u1ecdn l\u00fd t\u01b0\u1edfng cho nh\u1eefng kh\u00f4ng gian nh\u1ecf h\u1eb9p, b\u1edfi t\u1ee7 k\u00e9o kh\u00f4ng y\u00eau c\u1ea7u kh\u00f4ng gian m\u1edf r\u1ed9ng nh\u01b0 c\u00e1c lo\u1ea1i t\u1ee7 c\u00f3 c\u00e1nh m\u1edf.<\/span><\/p>\n<h2 style=\"text-align: justify;\"><b>4. L\u01b0u \u00fd khi thi\u1ebft k\u1ebf t\u1ee7 gi\u00e0y g\u1ea7m c\u1ea7u thang<br \/>\n<\/b><\/h2>\n<h2 style=\"text-align: justify;\"><b><img loading=\"lazy\" decoding=\"async\" class=\"aligncenter wp-image-6972 size-full\" src=\"https:\/\/nhatnam.org\/wp-content\/uploads\/2025\/05\/tu_giay_gam_cau_thang-5.jpg\" alt=\"T\u1ee7 Gi\u00e0y G\u1ea7m C\u1ea7u Thang\" width=\"1280\" height=\"960\" \/><\/b><b><\/b><\/h2>\n<p style=\"text-align: justify;\"><span style=\"font-weight: 400;\">Khi l\u1ef1a ch\u1ecdn t\u1ee7 gi\u00e0y g\u1ea7m c\u1ea7u thang, b\u1ea1n c\u1ea7n l\u01b0u \u00fd m\u1ed9t s\u1ed1 y\u1ebfu t\u1ed1 \u0111\u1ec3 \u0111\u1ea3m b\u1ea3o t\u00ednh th\u1ea9m m\u1ef9 v\u00e0 c\u00f4ng n\u0103ng s\u1eed d\u1ee5ng:<\/span><\/p>\n<ul style=\"text-align: justify;\">\n<li style=\"font-weight: 400;\" aria-level=\"1\"><b>K\u00edch th\u01b0\u1edbc v\u00e0 thi\u1ebft k\u1ebf ph\u00f9 h\u1ee3p<\/b><span style=\"font-weight: 400;\">: T\u1ee7 gi\u00e0y g\u1ea7m c\u1ea7u thang c\u1ea7n c\u00f3 k\u00edch th\u01b0\u1edbc ph\u00f9 h\u1ee3p v\u1edbi kh\u00f4ng gian d\u01b0\u1edbi c\u1ea7u thang. Qu\u00e1 l\u1edbn s\u1ebd chi\u1ebfm di\u1ec7n t\u00edch, qu\u00e1 nh\u1ecf s\u1ebd kh\u00f4ng \u0111\u1ee7 l\u01b0u tr\u1eef. V\u00ec v\u1eady, vi\u1ec7c \u0111o \u0111\u1ea1c k\u1ef9 l\u01b0\u1ee1ng tr\u01b0\u1edbc khi \u0111\u1eb7t t\u1ee7 l\u00e0 \u0111i\u1ec1u c\u1ea7n thi\u1ebft.<\/span><\/li>\n<li style=\"font-weight: 400;\" aria-level=\"1\"><b>Phong c\u00e1ch thi\u1ebft k\u1ebf \u0111\u1ed3ng b\u1ed9<\/b><span style=\"font-weight: 400;\">: L\u1ef1a ch\u1ecdn t\u1ee7 gi\u00e0y c\u1ea7n ph\u1ea3i \u0111\u1ed3ng b\u1ed9 v\u1edbi phong c\u00e1ch n\u1ed9i th\u1ea5t chung c\u1ee7a ng\u00f4i nh\u00e0. N\u1ebfu kh\u00f4ng gian c\u1ee7a b\u1ea1n theo phong c\u00e1ch hi\u1ec7n \u0111\u1ea1i, m\u1ed9t chi\u1ebfc t\u1ee7 gi\u00e0y g\u1ea7m c\u1ea7u thang b\u1eb1ng nh\u00f4m k\u00ednh ho\u1eb7c g\u1ed7 c\u00f4ng nghi\u1ec7p s\u1ebd r\u1ea5t ph\u00f9 h\u1ee3p.<\/span><\/li>\n<li style=\"font-weight: 400;\" aria-level=\"1\"><b>Ch\u1ea5t li\u1ec7u v\u00e0 m\u00e0u s\u1eafc<\/b><span style=\"font-weight: 400;\">: T\u1ee7 gi\u00e0y c\u00f3 th\u1ec3 \u0111\u01b0\u1ee3c l\u00e0m t\u1eeb c\u00e1c ch\u1ea5t li\u1ec7u nh\u01b0 g\u1ed7 c\u00f4ng nghi\u1ec7p, g\u1ed7 t\u1ef1 nhi\u00ean, nh\u00f4m k\u00ednh,&#8230; M\u1ed7i ch\u1ea5t li\u1ec7u s\u1ebd mang \u0111\u1ebfn v\u1ebb \u0111\u1eb9p v\u00e0 \u0111\u1ed9 b\u1ec1n kh\u00e1c nhau. M\u00e0u s\u1eafc c\u1ee7a t\u1ee7 c\u0169ng c\u1ea7n h\u00e0i h\u00f2a v\u1edbi t\u1ed5ng th\u1ec3 kh\u00f4ng gian s\u1ed1ng \u0111\u1ec3 t\u1ea1o s\u1ef1 \u0111\u1ed3ng \u0111i\u1ec7u v\u00e0 trang nh\u00e3, h\u1ee3p phong th\u1ee7y.\u00a0<\/span><\/li>\n<li style=\"font-weight: 400;\" aria-level=\"1\"><b>Ti\u1ec7n \u00edch v\u00e0 d\u1ec5 d\u00e0ng v\u1ec7 sinh<\/b><span style=\"font-weight: 400;\">: T\u1ee7 gi\u00e0y g\u1ea7m c\u1ea7u thang c\u1ea7n ph\u1ea3i d\u1ec5 d\u00e0ng v\u1ec7 sinh v\u00e0 b\u1ea3o d\u01b0\u1ee1ng. C\u00e1c m\u1eabu t\u1ee7 c\u00f3 ng\u0103n k\u00e9o, k\u1ec7 th\u00e1o r\u1eddi s\u1ebd gi\u00fap vi\u1ec7c v\u1ec7 sinh tr\u1edf n\u00ean d\u1ec5 d\u00e0ng h\u01a1n.<\/span><\/li>\n<\/ul>\n<h2 style=\"text-align: justify;\"><b>5. B\u00e1o gi\u00e1 t\u1ee7 gi\u00e0y g\u1ea7m c\u1ea7u thang<\/b><\/h2>\n<p style=\"text-align: justify;\"><span style=\"font-weight: 400;\">Gi\u00e1 t\u1ee7 gi\u00e0y g\u1ea7m c\u1ea7u thang c\u00f3 th\u1ec3 dao \u0111\u1ed9ng t\u00f9y thu\u1ed9c v\u00e0o ch\u1ea5t li\u1ec7u, k\u00edch th\u01b0\u1edbc v\u00e0 ki\u1ec3u d\u00e1ng. Th\u00f4ng th\u01b0\u1eddng, t\u1ee7 gi\u00e0y g\u1ea7m c\u1ea7u thang l\u00e0m t\u1eeb g\u1ed7 c\u00f4ng nghi\u1ec7p ho\u1eb7c nh\u00f4m k\u00ednh s\u1ebd c\u00f3 m\u1ee9c gi\u00e1 ph\u1ea3i ch\u0103ng h\u01a1n so v\u1edbi t\u1ee7 gi\u00e0y l\u00e0m t\u1eeb g\u1ed7 t\u1ef1 nhi\u00ean. Tuy nhi\u00ean, gi\u00e1 th\u00e0nh c\u0169ng s\u1ebd t\u0103ng n\u1ebfu b\u1ea1n y\u00eau c\u1ea7u thi\u1ebft k\u1ebf t\u1ee7 gi\u00e0y theo y\u00eau c\u1ea7u ri\u00eang ho\u1eb7c ch\u1ecdn c\u00e1c ch\u1ea5t li\u1ec7u cao c\u1ea5p h\u01a1n.<\/span><\/p>\n<h2 style=\"text-align: justify;\"><b>6. Nh\u1ea5t Nam \u2013 \u0110\u01a1n v\u1ecb thi\u1ebft k\u1ebf v\u00e0 thi c\u00f4ng t\u1ee7 gi\u00e0y g\u1ea7m c\u1ea7u thang uy t\u00edn, chuy\u00ean nghi\u1ec7p.<\/b><\/h2>\n<p style=\"text-align: justify;\"><span style=\"font-weight: 400;\">N\u1ebfu b\u1ea1n \u0111ang t\u00ecm ki\u1ebfm \u0111\u01a1n v\u1ecb thi\u1ebft k\u1ebf v\u00e0 thi c\u00f4ng t\u1ee7 gi\u00e0y g\u1ea7m c\u1ea7u thang, <\/span><b>Nh\u1ea5t Nam<\/b><span style=\"font-weight: 400;\"> l\u00e0 l\u1ef1a ch\u1ecdn l\u00fd t\u01b0\u1edfng cho b\u1ea1n. Ch\u00fang t\u00f4i cam k\u1ebft mang \u0111\u1ebfn cho kh\u00e1ch h\u00e0ng nh\u1eefng s\u1ea3n ph\u1ea9m ch\u1ea5t l\u01b0\u1ee3ng cao, thi\u1ebft k\u1ebf tinh t\u1ebf, \u0111\u00e1p \u1ee9ng \u0111\u1ea7y \u0111\u1ee7 nhu c\u1ea7u v\u00e0 s\u1edf th\u00edch c\u1ee7a kh\u00e1ch h\u00e0ng.<\/span><\/p>\n<p style=\"text-align: justify;\"><b>L\u00fd Do Ch\u1ecdn Nh\u1ea5t Nam<\/b><span style=\"font-weight: 400;\">:<\/span><\/p>\n<ul style=\"text-align: justify;\">\n<li><b>S\u1ea3n ph\u1ea9m ch\u1ea5t l\u01b0\u1ee3ng<\/b><span style=\"font-weight: 400;\">: C\u00e1c m\u1eabu t\u1ee7 gi\u00e0y c\u1ee7a ch\u00fang t\u00f4i \u0111\u01b0\u1ee3c l\u00e0m t\u1eeb c\u00e1c ch\u1ea5t li\u1ec7u b\u1ec1n b\u1ec9, \u0111\u1eb9p m\u1eaft v\u00e0 d\u1ec5 d\u00e0ng v\u1ec7 sinh.<\/span><\/li>\n<li><b>Thi\u1ebft k\u1ebf \u0111\u1eb9p v\u00e0 \u0111\u1ed9c \u0111\u00e1o<\/b><span style=\"font-weight: 400;\">: Ch\u00fang t\u00f4i cung c\u1ea5p c\u00e1c m\u1eabu t\u1ee7 gi\u00e0y g\u1ea7m c\u1ea7u thang \u0111a d\u1ea1ng, phong ph\u00fa, ph\u00f9 h\u1ee3p v\u1edbi m\u1ecdi phong c\u00e1ch n\u1ed9i th\u1ea5t.<\/span><\/li>\n<li><b>D\u1ecbch v\u1ee5 t\u01b0 v\u1ea5n mi\u1ec5n ph\u00ed<\/b><span style=\"font-weight: 400;\">: Nh\u1ea5t Nam cung c\u1ea5p d\u1ecbch v\u1ee5 t\u01b0 v\u1ea5n t\u1eadn t\u00ecnh, gi\u00fap b\u1ea1n ch\u1ecdn l\u1ef1a m\u1eabu t\u1ee7 gi\u00e0y ph\u00f9 h\u1ee3p nh\u1ea5t v\u1edbi kh\u00f4ng gian nh\u00e0 b\u1ea1n.<\/span><\/li>\n<li><b>Gi\u00e1 c\u1ea3 h\u1ee3p l\u00fd<\/b><span style=\"font-weight: 400;\">: Ch\u00fang t\u00f4i cam k\u1ebft mang \u0111\u1ebfn m\u1ee9c gi\u00e1 h\u1ee3p l\u00fd cho t\u1eebng s\u1ea3n ph\u1ea9m, gi\u00fap b\u1ea1n ti\u1ebft ki\u1ec7m chi ph\u00ed m\u00e0 v\u1eabn s\u1edf h\u1eefu \u0111\u01b0\u1ee3c m\u1ed9t chi\u1ebfc t\u1ee7 gi\u00e0y \u0111\u1eb9p v\u00e0 ch\u1ea5t l\u01b0\u1ee3ng.<\/span><\/li>\n<\/ul>\n<p style=\"text-align: justify;\"><span style=\"font-weight: 400;\">\u0110\u1ec3 nh\u1eadn b\u00e1o gi\u00e1 chi ti\u1ebft v\u00e0 \u0111\u01b0\u1ee3c t\u01b0 v\u1ea5n v\u1ec1 t\u1ee7 gi\u00e0y g\u1ea7m c\u1ea7u thang, \u0111\u1eebng ng\u1ea7n ng\u1ea1i li\u00ean h\u1ec7 v\u1edbi <\/span><b>Nh\u1ea5t Nam<\/b><span style=\"font-weight: 400;\">. Ch\u00fang t\u00f4i s\u1ebd mang \u0111\u1ebfn cho b\u1ea1n nh\u1eefng gi\u1ea3i ph\u00e1p l\u01b0u tr\u1eef ti\u1ec7n l\u1ee3i v\u00e0 ph\u00f9 h\u1ee3p nh\u1ea5t cho kh\u00f4ng gian nh\u00e0 b\u1ea1n.<\/span><\/p>\n","protected":false},"excerpt":{"rendered":"<p style=\"text-align: justify;\"><span style=\"font-weight: 400;\">T\u1ee7 gi\u00e0y g\u1ea7m c\u1ea7u thang l\u00e0 gi\u1ea3i ph\u00e1p ho\u00e0n h\u1ea3o cho kh\u00f4ng gian nh\u1ecf. Thi\u1ebft k\u1ebf th\u00f4ng minh v\u1edbi c\u00e1c m\u1eabu t\u1ee7 gi\u00e0y c\u00e1nh m\u1edf, c\u00e1nh l\u00f9a hay d\u1ea1ng k\u00e9o gi\u00fap t\u1ed1i \u01b0u di\u1ec7n t\u00edch v\u00e0 mang l\u1ea1i t\u00ednh th\u1ea9m m\u1ef9 cho ng\u00f4i nh\u00e0. T\u00ecm hi\u1ec3u ngay c\u00e1c m\u1eabu t\u1ee7 gi\u00e0y g\u1ea7m c\u1ea7u thang \u0111\u1eb9p v\u00e0 ti\u1ec7n \u00edch!<\/span><\/p>\n","protected":false},"featured_media":1960,"comment_status":"open","ping_status":"closed","template":"","meta":{"_acf_changed":false,"_gspb_post_css":""},"book-author":[],"product_brand":[],"product_cat":[130,134],"product_tag":[],"class_list":{"0":"post-1961","1":"product","2":"type-product","3":"status-publish","4":"has-post-thumbnail","6":"product_cat-noi-that-phong-khach","7":"product_cat-tu-cau-thang","9":"first","10":"instock","11":"shipping-taxable","12":"product-type-simple"},"acf":[],"_links":{"self":[{"href":"https:\/\/nhatnam.libion.me\/index.php\/wp-json\/wp\/v2\/product\/1961","targetHints":{"allow":["GET"]}}],"collection":[{"href":"https:\/\/nhatnam.libion.me\/index.php\/wp-json\/wp\/v2\/product"}],"about":[{"href":"https:\/\/nhatnam.libion.me\/index.php\/wp-json\/wp\/v2\/types\/product"}],"replies":[{"embeddable":true,"href":"https:\/\/nhatnam.libion.me\/index.php\/wp-json\/wp\/v2\/comments?post=1961"}],"wp:featuredmedia":[{"embeddable":true,"href":"https:\/\/nhatnam.libion.me\/index.php\/wp-json\/wp\/v2\/media\/1960"}],"wp:attachment":[{"href":"https:\/\/nhatnam.libion.me\/index.php\/wp-json\/wp\/v2\/media?parent=1961"}],"wp:term":[{"taxonomy":"book-author","embeddable":true,"href":"https:\/\/nhatnam.libion.me\/index.php\/wp-json\/wp\/v2\/book-author?post=1961"},{"taxonomy":"product_brand","embeddable":true,"href":"https:\/\/nhatnam.libion.me\/index.php\/wp-json\/wp\/v2\/product_brand?post=1961"},{"taxonomy":"product_cat","embeddable":true,"href":"https:\/\/nhatnam.libion.me\/index.php\/wp-json\/wp\/v2\/product_cat?post=1961"},{"taxonomy":"product_tag","embeddable":true,"href":"https:\/\/nhatnam.libion.me\/index.php\/wp-json\/wp\/v2\/product_tag?post=1961"}],"curies":[{"name":"wp","href":"https:\/\/api.w.org\/{rel}","templated":true}]}}