{"id":1953,"date":"2026-04-07T10:32:53","date_gmt":"2026-04-07T10:32:53","guid":{"rendered":"https:\/\/nhatnam.libion.me\/index.php\/product\/tu-cau-thang-nhom-kinh\/"},"modified":"2026-04-07T10:33:06","modified_gmt":"2026-04-07T10:33:06","slug":"tu-cau-thang-nhom-kinh","status":"publish","type":"product","link":"https:\/\/nhatnam.libion.me\/product\/tu-cau-thang-nhom-kinh\/","title":{"rendered":"T\u1ee7 C\u1ea7u Thang Nh\u00f4m K\u00ednh"},"content":{"rendered":"<p style=\"text-align: justify;\"><a href=\"https:\/\/nhatnam.org\/san-pham\/tu-cau-thang-nhom-kinh\/\" target=\"_blank\" rel=\"noopener\"><b>T\u1ee7 c\u1ea7u thang nh\u00f4m k\u00ednh<\/b><\/a><span style=\"font-weight: 400;\"> l\u00e0 l\u1ef1a ch\u1ecdn l\u00fd t\u01b0\u1edfng \u0111\u1ec3 t\u1eadn d\u1ee5ng hi\u1ec7u qu\u1ea3 kho\u1ea3ng tr\u1ed1ng d\u01b0\u1edbi g\u1ea7m c\u1ea7u thang, gi\u00fap t\u0103ng th\u00eam kh\u00f4ng gian l\u01b0u tr\u1eef m\u00e0 v\u1eabn \u0111\u1ea3m b\u1ea3o t\u00ednh th\u1ea9m m\u1ef9 cho ng\u00f4i nh\u00e0. <\/span><\/p>\n<p style=\"text-align: justify;\"><span style=\"font-weight: 400;\">V\u1edbi thi\u1ebft k\u1ebf hi\u1ec7n \u0111\u1ea1i, ch\u1ea5t li\u1ec7u b\u1ec1n b\u1ec9, s\u1ea3n ph\u1ea9m v\u1eeba \u0111\u00e1p \u1ee9ng nhu c\u1ea7u s\u1eed d\u1ee5ng th\u1ef1c t\u1ebf, v\u1eeba g\u00f3p ph\u1ea7n t\u1ea1o \u0111i\u1ec3m nh\u1ea5n \u1ea5n t\u01b0\u1ee3ng cho n\u1ed9i th\u1ea5t.<\/span><\/p>\n<h2 style=\"text-align: justify;\"><b>1. T\u1ee7 c\u1ea7u thang nh\u00f4m k\u00ednh l\u00e0 g\u00ec? <\/b><img loading=\"lazy\" decoding=\"async\" class=\"aligncenter wp-image-6954 size-full\" src=\"https:\/\/nhatnam.org\/wp-content\/uploads\/2025\/05\/tu_cau_thang_nhom_kinh-6.jpg\" alt=\"T\u1ee7 C\u1ea7u Thang Nh\u00f4m K\u00ednh\" width=\"1280\" height=\"960\" \/><\/h2>\n<p style=\"text-align: justify;\"><span style=\"font-weight: 400;\">T\u1ee7 c\u1ea7u thang nh\u00f4m k\u00ednh l\u00e0 m\u1ed9t gi\u1ea3i ph\u00e1p n\u1ed9i th\u1ea5t th\u00f4ng minh \u0111\u01b0\u1ee3c thi\u1ebft k\u1ebf \u0111\u1eb7c bi\u1ec7t \u0111\u1ec3 l\u1eafp \u0111\u1eb7t d\u01b0\u1edbi g\u1ea7m c\u1ea7u thang. V\u1edbi k\u1ebft c\u1ea5u t\u1eeb nh\u00f4m v\u00e0 k\u00ednh c\u01b0\u1eddng l\u1ef1c, lo\u1ea1i t\u1ee7 n\u00e0y gi\u00fap t\u1eadn d\u1ee5ng kh\u00f4ng gian d\u01b0\u1edbi c\u1ea7u thang, t\u1ea1o th\u00eam khu v\u1ef1c l\u01b0u tr\u1eef \u0111\u1ed3 \u0111\u1ea1c, \u0111\u1ed3ng th\u1eddi mang l\u1ea1i s\u1ef1 sang tr\u1ecdng, hi\u1ec7n \u0111\u1ea1i cho kh\u00f4ng gian s\u1ed1ng c\u1ee7a b\u1ea1n. Vi\u1ec7c s\u1eed d\u1ee5ng nh\u00f4m v\u00e0 k\u00ednh l\u00e0m v\u1eadt li\u1ec7u ch\u00ednh gi\u00fap t\u0103ng t\u00ednh th\u1ea9m m\u1ef9 cho kh\u00f4ng gian, \u0111\u1ed3ng th\u1eddi \u0111\u1ea3m b\u1ea3o \u0111\u1ed9 b\u1ec1n cao, ch\u1ed1ng ch\u1ecbu \u0111\u01b0\u1ee3c c\u00e1c t\u00e1c \u0111\u1ed9ng b\u00ean ngo\u00e0i.<\/span><\/p>\n<h2 style=\"text-align: justify;\"><b>2. \u01afu \u0111i\u1ec3m c\u1ee7a t\u1ee7 c\u1ea7u thang nh\u00f4m k\u00ednh<\/b><\/h2>\n<h4><img loading=\"lazy\" decoding=\"async\" class=\"aligncenter wp-image-6958 size-full\" src=\"https:\/\/nhatnam.org\/wp-content\/uploads\/2025\/05\/tu_cau_thang_nhom_kinh-10.jpg\" alt=\"T\u1ee7 C\u1ea7u Thang Nh\u00f4m K\u00ednh\" width=\"1280\" height=\"960\" \/><\/h4>\n<p style=\"text-align: justify;\"><b>T\u1ed1i \u01b0u h\u00f3a kh\u00f4ng gian<\/b><\/p>\n<p style=\"text-align: justify;\"><span style=\"font-weight: 400;\">M\u1ed9t trong nh\u1eefng \u01b0u \u0111i\u1ec3m n\u1ed5i b\u1eadt c\u1ee7a t\u1ee7 c\u1ea7u thang nh\u00f4m k\u00ednh ch\u00ednh l\u00e0 kh\u1ea3 n\u0103ng t\u1ed1i \u01b0u h\u00f3a kh\u00f4ng gian s\u1ed1ng. V\u1edbi thi\u1ebft k\u1ebf th\u00f4ng minh, t\u1ee7 \u0111\u01b0\u1ee3c \u0111\u1eb7t d\u01b0\u1edbi g\u1ea7m c\u1ea7u thang, gi\u00fap b\u1ea1n gi\u1ea3i quy\u1ebft v\u1ea5n \u0111\u1ec1 l\u01b0u tr\u1eef m\u00e0 kh\u00f4ng l\u00e0m gi\u1ea3m kh\u00f4ng gian sinh ho\u1ea1t. \u0110i\u1ec1u n\u00e0y \u0111\u1eb7c bi\u1ec7t h\u1eefu \u00edch v\u1edbi c\u00e1c ng\u00f4i nh\u00e0 c\u00f3 di\u1ec7n t\u00edch nh\u1ecf ho\u1eb7c nh\u1eefng c\u0103n h\u1ed9 chung c\u01b0.<\/span><\/p>\n<p style=\"text-align: justify;\"><b>\u0110\u1ed9 b\u1ec1n cao<\/b><\/p>\n<p style=\"text-align: justify;\"><span style=\"font-weight: 400;\">V\u1edbi ch\u1ea5t li\u1ec7u nh\u00f4m v\u00e0 k\u00ednh c\u01b0\u1eddng l\u1ef1c, t\u1ee7 c\u1ea7u thang nh\u00f4m k\u00ednh mang l\u1ea1i \u0111\u1ed9 b\u1ec1n v\u01b0\u1ee3t tr\u1ed9i. Nh\u00f4m l\u00e0 v\u1eadt li\u1ec7u ch\u1ed1ng g\u1ec9 s\u00e9t, ch\u1ecbu \u0111\u01b0\u1ee3c t\u00e1c \u0111\u1ed9ng t\u1eeb th\u1eddi ti\u1ebft, c\u00f2n k\u00ednh c\u01b0\u1eddng l\u1ef1c c\u00f3 kh\u1ea3 n\u0103ng ch\u1ecbu l\u1ef1c t\u1ed1t, d\u1ec5 d\u00e0ng l\u00e0m s\u1ea1ch v\u00e0 b\u1ea3o d\u01b0\u1ee1ng. V\u00ec v\u1eady, lo\u1ea1i t\u1ee7 n\u00e0y s\u1ebd b\u1ec1n b\u1ec9 theo th\u1eddi gian, \u00edt b\u1ecb h\u01b0 h\u1ecfng hay xu\u1ed1ng c\u1ea5p.<\/span><\/p>\n<p style=\"text-align: justify;\"><b>Thi\u1ebft k\u1ebf hi\u1ec7n \u0111\u1ea1i v\u00e0 sang tr\u1ecdng<\/b><\/p>\n<p style=\"text-align: justify;\">T\u1ee7 c\u1ea7u thang nh\u00f4m k\u00ednh<span style=\"font-weight: 400;\"> kh\u00f4ng ch\u1ec9 \u0111\u01a1n thu\u1ea7n l\u00e0 m\u1ed9t v\u1eadt d\u1ee5ng \u0111\u1ec3 l\u01b0u tr\u1eef m\u00e0 c\u00f2n l\u00e0 \u0111i\u1ec3m nh\u1ea5n th\u1ea9m m\u1ef9 cho ng\u00f4i nh\u00e0. V\u1edbi s\u1ef1 k\u1ebft h\u1ee3p gi\u1eefa nh\u00f4m s\u00e1ng b\u00f3ng v\u00e0 k\u00ednh trong su\u1ed1t, s\u1ea3n ph\u1ea9m mang l\u1ea1i v\u1ebb \u0111\u1eb9p hi\u1ec7n \u0111\u1ea1i v\u00e0 sang tr\u1ecdng. B\u1ea1n c\u00f3 th\u1ec3 d\u1ec5 d\u00e0ng l\u1ef1a ch\u1ecdn m\u1eabu t\u1ee7 ph\u00f9 h\u1ee3p v\u1edbi phong c\u00e1ch thi\u1ebft k\u1ebf c\u1ee7a ng\u00f4i nh\u00e0.<\/span><\/p>\n<p style=\"text-align: justify;\"><b>D\u1ec5 d\u00e0ng v\u1ec7 sinh<\/b><\/p>\n<p style=\"text-align: justify;\"><span style=\"font-weight: 400;\">M\u1ed9t \u01b0u \u0111i\u1ec3m kh\u00e1c c\u1ee7a t\u1ee7 c\u1ea7u thang nh\u00f4m k\u00ednh l\u00e0 d\u1ec5 d\u00e0ng v\u1ec7 sinh. V\u1edbi b\u1ec1 m\u1eb7t nh\u00f4m m\u1ecbn m\u00e0ng v\u00e0 k\u00ednh s\u00e1ng b\u00f3ng, b\u1ea1n ch\u1ec9 c\u1ea7n lau ch\u00f9i nh\u1eb9 nh\u00e0ng \u0111\u1ec3 t\u1ee7 lu\u00f4n s\u1ea1ch s\u1ebd v\u00e0 m\u1edbi m\u1ebb. Gi\u1ea3i ph\u00e1p n\u00e0y g\u00f3p ph\u1ea7n t\u1ed1i \u01b0u h\u00f3a quy tr\u00ecnh b\u1ea3o tr\u00ec, gi\u1ea3m thi\u1ec3u th\u1eddi gian v\u00e0 ngu\u1ed3n l\u1ef1c c\u1ea7n thi\u1ebft.<\/span><\/p>\n<p style=\"text-align: justify;\"><b>T\u00ednh linh ho\u1ea1t cao<\/b><\/p>\n<p style=\"text-align: justify;\"><span style=\"font-weight: 400;\">C\u00e1c t\u1ee7 c\u1ea7u thang nh\u00f4m k\u00ednh hi\u1ec7n nay \u0111\u01b0\u1ee3c thi\u1ebft k\u1ebf linh ho\u1ea1t, c\u00f3 th\u1ec3 t\u00f9y ch\u1ec9nh theo nhu c\u1ea7u s\u1eed d\u1ee5ng v\u00e0 k\u00edch th\u01b0\u1edbc kh\u00f4ng gian. B\u1ea1n c\u00f3 th\u1ec3 l\u1ef1a ch\u1ecdn m\u1eabu m\u00e3 v\u00e0 c\u1ea5u tr\u00fac t\u1ee7 sao cho ph\u00f9 h\u1ee3p v\u1edbi phong c\u00e1ch s\u1ed1ng v\u00e0 y\u00eau c\u1ea7u c\u1ee7a gia \u0111\u00ecnh.<\/span><\/p>\n<h2 style=\"text-align: justify;\"><b>3. C\u00e1c m\u1eabu t\u1ee7 c\u1ea7u thang nh\u00f4m k\u00ednh ph\u1ed5 bi\u1ebfn<\/b><\/h2>\n<h3 style=\"text-align: justify;\"><b>T\u1ee7 r\u01b0\u1ee3u nh\u00f4m k\u00ednh d\u01b0\u1edbi c\u1ea7u thang<\/b><\/h3>\n<p><img loading=\"lazy\" decoding=\"async\" class=\"aligncenter wp-image-6949 size-full\" src=\"https:\/\/nhatnam.org\/wp-content\/uploads\/2025\/05\/tu_cau_thang_nhom_kinh-1.jpg\" alt=\"T\u1ee7 C\u1ea7u Thang Nh\u00f4m K\u00ednh\" width=\"1280\" height=\"960\" \/><\/p>\n<p style=\"text-align: justify;\"><span style=\"font-weight: 400;\">N\u1ebfu b\u1ea1n y\u00eau th\u00edch s\u01b0u t\u1ea7m r\u01b0\u1ee3u vang ho\u1eb7c c\u00e1c lo\u1ea1i \u0111\u1ed3 u\u1ed1ng cao c\u1ea5p, m\u1ed9t chi\u1ebfc t\u1ee7 r\u01b0\u1ee3u g\u1ea7m c\u1ea7u thang s\u1ebd l\u00e0 l\u1ef1a ch\u1ecdn tuy\u1ec7t v\u1eddi. M\u1eabu t\u1ee7 n\u00e0y kh\u00f4ng ch\u1ec9 gi\u00fap b\u1ea1n b\u1ea3o qu\u1ea3n r\u01b0\u1ee3u m\u1ed9t c\u00e1ch an to\u00e0n m\u00e0 c\u00f2n mang \u0111\u1ebfn m\u1ed9t kh\u00f4ng gian sang tr\u1ecdng, l\u00e0m n\u1ed5i b\u1eadt phong c\u00e1ch s\u1ed1ng \u0111\u1eb3ng c\u1ea5p.<\/span><\/p>\n<h3 style=\"text-align: justify;\"><b>T\u1ee7 qu\u1ea7n \u00e1o nh\u00f4m k\u00ednh<\/b><\/h3>\n<p><img loading=\"lazy\" decoding=\"async\" class=\"aligncenter wp-image-6955 size-full\" src=\"https:\/\/nhatnam.org\/wp-content\/uploads\/2025\/05\/tu_cau_thang_nhom_kinh-7.jpg\" alt=\"T\u1ee7 C\u1ea7u Thang Nh\u00f4m K\u00ednh\" width=\"1280\" height=\"960\" \/><\/p>\n<p style=\"text-align: justify;\"><span style=\"font-weight: 400;\">T\u1ee7 qu\u1ea7n \u00e1o d\u01b0\u1edbi c\u1ea7u thang l\u00e0 gi\u1ea3i ph\u00e1p l\u00fd t\u01b0\u1edfng \u0111\u1ec3 l\u01b0u tr\u1eef \u0111\u1ed3 d\u00f9ng c\u00e1 nh\u00e2n. V\u1edbi t\u1ee7 g\u1ea7m c\u1ea7u thang nh\u00f4m k\u00ednh, b\u1ea1n c\u00f3 th\u1ec3 t\u1eadn d\u1ee5ng t\u1ed1i \u0111a kh\u00f4ng gian d\u01b0\u1edbi c\u1ea7u thang \u0111\u1ec3 l\u01b0u tr\u1eef qu\u1ea7n \u00e1o, gi\u00e0y d\u00e9p, gi\u00fap ph\u00f2ng ng\u1ee7 lu\u00f4n g\u1ecdn g\u00e0ng v\u00e0 ng\u0103n n\u1eafp.<\/span><\/p>\n<h4 style=\"text-align: justify;\"><b>T\u1ee7 s\u00e1ch nh\u00f4m k\u00ednh<br \/>\n<img loading=\"lazy\" decoding=\"async\" class=\"aligncenter wp-image-6940 size-full\" src=\"https:\/\/nhatnam.org\/wp-content\/uploads\/2025\/05\/tu_cau_thang-1.jpg\" alt=\"t\u1ee7 c\u1ea7u thang nh\u00f4m k\u00ednh\" width=\"1280\" height=\"960\" \/><\/b><\/h4>\n<p style=\"text-align: justify;\"><span style=\"font-weight: 400;\">Nh\u1eefng ng\u01b0\u1eddi y\u00eau th\u00edch \u0111\u1ecdc s\u00e1ch ch\u1eafc ch\u1eafn s\u1ebd kh\u00f4ng th\u1ec3 b\u1ecf qua chi\u1ebfc t\u1ee7 s\u00e1ch nh\u00f4m k\u00ednh d\u01b0\u1edbi c\u1ea7u thang. Thi\u1ebft k\u1ebf n\u00e0y kh\u00f4ng ch\u1ec9 gi\u00fap b\u1ea3o qu\u1ea3n s\u00e1ch m\u1ed9t c\u00e1ch khoa h\u1ecdc m\u00e0 c\u00f2n t\u1ea1o n\u00ean m\u1ed9t kh\u00f4ng gian \u0111\u1ecdc s\u00e1ch l\u00fd t\u01b0\u1edfng, \u0111\u1ea7y \u0111\u1ee7 ti\u1ec7n nghi.<\/span><\/p>\n<h4 style=\"text-align: justify;\"><b>T\u1ee7 b\u1ebfp nh\u00f4m k\u00ednh g\u1ea7n c\u1ea7u thang<\/b><\/h4>\n<p><img loading=\"lazy\" decoding=\"async\" class=\"aligncenter wp-image-6942 size-full\" src=\"https:\/\/nhatnam.org\/wp-content\/uploads\/2025\/05\/tu_cau_thang-3.jpg\" alt=\"T\u1ee7 C\u1ea7u Thang Nh\u00f4m K\u00ednh\" width=\"1280\" height=\"960\" \/><\/p>\n<p style=\"text-align: justify;\"><span style=\"font-weight: 400;\">V\u1edbi nh\u1eefng c\u0103n b\u1ebfp nh\u1ecf, vi\u1ec7c t\u1eadn d\u1ee5ng kh\u00f4ng gian d\u01b0\u1edbi c\u1ea7u thang \u0111\u1ec3 l\u00e0m t\u1ee7 b\u1ebfp l\u00e0 m\u1ed9t \u00fd t\u01b0\u1edfng tuy\u1ec7t v\u1eddi. T\u1ee7 b\u1ebfp nh\u00f4m k\u00ednh d\u01b0\u1edbi c\u1ea7u thang gi\u00fap b\u1ea1n c\u1ea5t tr\u1eef \u0111\u1ed3 \u0111\u1ea1c, gia v\u1ecb, hay c\u00e1c thi\u1ebft b\u1ecb b\u1ebfp m\u1ed9t c\u00e1ch ti\u1ec7n l\u1ee3i, kh\u00f4ng chi\u1ebfm qu\u00e1 nhi\u1ec1u di\u1ec7n t\u00edch nh\u01b0ng v\u1eabn \u0111\u1ea3m b\u1ea3o t\u00ednh th\u1ea9m m\u1ef9.<\/span><\/p>\n<h4 style=\"text-align: justify;\"><b>T\u1ee7 k\u1ec7 tivi nh\u00f4m k\u00ednh<\/b><\/h4>\n<p><img loading=\"lazy\" decoding=\"async\" class=\"aligncenter wp-image-6956 size-full\" src=\"https:\/\/nhatnam.org\/wp-content\/uploads\/2025\/05\/tu_cau_thang_nhom_kinh-8.jpg\" alt=\"T\u1ee7 C\u1ea7u Thang Nh\u00f4m K\u00ednh\" width=\"1280\" height=\"960\" \/><\/p>\n<p style=\"text-align: justify;\"><span style=\"font-weight: 400;\">T\u1ee7 k\u1ec7 tivi d\u01b0\u1edbi c\u1ea7u thang s\u1ebd gi\u00fap b\u1ea1n t\u1ea1o ra m\u1ed9t kh\u00f4ng gian gi\u1ea3i tr\u00ed ti\u1ec7n nghi v\u00e0 g\u1ecdn g\u00e0ng. V\u1edbi ch\u1ea5t li\u1ec7u nh\u00f4m k\u00ednh, chi\u1ebfc k\u1ec7 n\u00e0y s\u1ebd l\u00e0m n\u1ed5i b\u1eadt ph\u00f2ng kh\u00e1ch, mang \u0111\u1ebfn v\u1ebb \u0111\u1eb9p hi\u1ec7n \u0111\u1ea1i, sang tr\u1ecdng v\u00e0 tinh t\u1ebf.<\/span><\/p>\n<h2 style=\"text-align: justify;\"><b>4. L\u01b0u \u00fd khi thi\u1ebft k\u1ebf t\u1ee7 c\u1ea7u thang nh\u00f4m k\u00ednh<\/b><\/h2>\n<p><img loading=\"lazy\" decoding=\"async\" class=\"aligncenter wp-image-6957 size-full\" src=\"https:\/\/nhatnam.org\/wp-content\/uploads\/2025\/05\/tu_cau_thang_nhom_kinh-9.jpg\" alt=\"T\u1ee7 C\u1ea7u Thang Nh\u00f4m K\u00ednh\" width=\"1280\" height=\"960\" \/><\/p>\n<h4 style=\"text-align: justify;\"><b>K\u00edch th\u01b0\u1edbc v\u00e0 thi\u1ebft k\u1ebf ph\u00f9 h\u1ee3p<\/b><\/h4>\n<p style=\"text-align: justify;\"><span style=\"font-weight: 400;\">Khi thi\u1ebft k\u1ebf t\u1ee7 g\u1ea7m c\u1ea7u thang nh\u00f4m k\u00ednh, b\u1ea1n c\u1ea7n l\u01b0u \u00fd ch\u1ecdn k\u00edch th\u01b0\u1edbc sao cho ph\u00f9 h\u1ee3p v\u1edbi kh\u00f4ng gian v\u00e0 k\u00edch th\u01b0\u1edbc c\u1ea7u thang. \u0110i\u1ec1u n\u00e0y gi\u00fap t\u1ee7 kh\u00f4ng b\u1ecb qu\u00e1 to ho\u1eb7c qu\u00e1 nh\u1ecf, l\u00e0m gi\u1ea3m hi\u1ec7u qu\u1ea3 s\u1eed d\u1ee5ng kh\u00f4ng gian.<\/span><\/p>\n<h4 style=\"text-align: justify;\"><b>Phong c\u00e1ch thi\u1ebft k\u1ebf \u0111\u1ed3ng b\u1ed9<\/b><\/h4>\n<p style=\"text-align: justify;\"><span style=\"font-weight: 400;\">\u0110\u1ec3 t\u1ee7 c\u1ea7u thang nh\u00f4m k\u00ednh h\u00f2a h\u1ee3p v\u1edbi n\u1ed9i th\u1ea5t chung c\u1ee7a ng\u00f4i nh\u00e0, b\u1ea1n n\u00ean ch\u1ecdn thi\u1ebft k\u1ebf t\u1ee7 sao cho ph\u00f9 h\u1ee3p v\u1edbi phong c\u00e1ch t\u1ed5ng th\u1ec3. N\u1ebfu ng\u00f4i nh\u00e0 c\u00f3 phong c\u00e1ch hi\u1ec7n \u0111\u1ea1i, h\u00e3y ch\u1ecdn c\u00e1c m\u1eabu t\u1ee7 c\u00f3 \u0111\u01b0\u1eddng n\u00e9t t\u1ed1i gi\u1ea3n, c\u00f2n n\u1ebfu nh\u00e0 b\u1ea1n c\u00f3 phong c\u00e1ch c\u1ed5 \u0111i\u1ec3n, c\u00f3 th\u1ec3 ch\u1ecdn t\u1ee7 c\u1ea7u thang v\u1edbi nh\u1eefng chi ti\u1ebft trang tr\u00ed c\u1ea7u k\u1ef3 h\u01a1n.<\/span><\/p>\n<h4 style=\"text-align: justify;\"><b>L\u1ef1a ch\u1ecdn ch\u1ea5t li\u1ec7u nh\u00f4m v\u00e0 k\u00ednh<\/b><\/h4>\n<p style=\"text-align: justify;\"><span style=\"font-weight: 400;\">\u0110\u1ec3 \u0111\u1ea3m b\u1ea3o \u0111\u1ed9 b\u1ec1n v\u00e0 t\u00ednh th\u1ea9m m\u1ef9 c\u1ee7a t\u1ee7, b\u1ea1n n\u00ean ch\u1ecdn c\u00e1c lo\u1ea1i nh\u00f4m v\u00e0 k\u00ednh ch\u1ea5t l\u01b0\u1ee3ng cao. Nh\u00f4m ph\u1ea3i c\u00f3 kh\u1ea3 n\u0103ng ch\u1ed1ng oxy h\u00f3a v\u00e0 ch\u1ecbu l\u1ef1c t\u1ed1t, k\u00ednh c\u01b0\u1eddng l\u1ef1c ph\u1ea3i \u0111\u1ea3m b\u1ea3o an to\u00e0n v\u00e0 \u0111\u1ed9 b\u1ec1n l\u00e2u d\u00e0i.<\/span><\/p>\n<h4 style=\"text-align: justify;\"><b>D\u1ec5 d\u00e0ng v\u1ec7 sinh<\/b><\/h4>\n<p style=\"text-align: justify;\"><span style=\"font-weight: 400;\">M\u1ed9t trong nh\u1eefng y\u1ebfu t\u1ed1 quan tr\u1ecdng khi l\u1ef1a ch\u1ecdn t\u1ee7 c\u1ea7u thang nh\u00f4m k\u00ednh l\u00e0 t\u00ednh d\u1ec5 d\u00e0ng v\u1ec7 sinh. B\u1ec1 m\u1eb7t nh\u00f4m v\u00e0 k\u00ednh m\u1ecbn m\u00e0ng s\u1ebd gi\u00fap b\u1ea1n d\u1ec5 d\u00e0ng lau ch\u00f9i, gi\u1eef cho t\u1ee7 lu\u00f4n s\u00e1ng b\u00f3ng v\u00e0 s\u1ea1ch s\u1ebd.<\/span><\/p>\n<h2 style=\"text-align: justify;\"><b>5. B\u00e1o gi\u00e1 t\u1ee7 g\u1ea7m c\u1ea7u thang nh\u00f4m k\u00ednh<\/b><\/h2>\n<p style=\"text-align: justify;\"><span style=\"font-weight: 400;\">B\u00e1o gi\u00e1 c\u1ee7a t\u1ee7 g\u1ea7m c\u1ea7u thang nh\u00f4m k\u00ednh ph\u1ee5 thu\u1ed9c v\u00e0o nhi\u1ec1u y\u1ebfu t\u1ed1 nh\u01b0 ch\u1ea5t li\u1ec7u nh\u00f4m, lo\u1ea1i k\u00ednh s\u1eed d\u1ee5ng, k\u00edch th\u01b0\u1edbc v\u00e0 thi\u1ebft k\u1ebf. M\u1ed7i \u0111\u01a1n v\u1ecb thi c\u00f4ng s\u1ebd c\u00f3 b\u00e1o gi\u00e1 kh\u00e1c nhau. Tuy nhi\u00ean, b\u1ea1n c\u00f3 th\u1ec3 tham kh\u1ea3o \u00fd ki\u1ebfn t\u1eeb c\u00e1c \u0111\u01a1n v\u1ecb uy t\u00edn nh\u01b0 Nh\u1ea5t Nam \u0111\u1ec3 nh\u1eadn b\u00e1o gi\u00e1 chi ti\u1ebft v\u00e0 ph\u00f9 h\u1ee3p v\u1edbi nhu c\u1ea7u s\u1eed d\u1ee5ng.<\/span><\/p>\n<h2 style=\"text-align: justify;\"><b>6. \u0110\u01a1n v\u1ecb thi\u1ebft k\u1ebf v\u00e0 thi c\u00f4ng t\u1ee7 c\u1ea7u thang nh\u00f4m k\u00ednh<\/b><\/h2>\n<p style=\"text-align: justify;\"><span style=\"font-weight: 400;\">N\u1ebfu b\u1ea1n \u0111ang t\u00ecm ki\u1ebfm m\u1ed9t gi\u1ea3i ph\u00e1p n\u1ed9i th\u1ea5t ho\u00e0n h\u1ea3o \u0111\u1ec3 t\u1ed1i \u01b0u h\u00f3a kh\u00f4ng gian s\u1ed1ng v\u00e0 mang l\u1ea1i v\u1ebb \u0111\u1eb9p sang tr\u1ecdng cho ng\u00f4i nh\u00e0, t\u1ee7 c\u1ea7u thang nh\u00f4m k\u00ednh c\u1ee7a <\/span><b>Nh\u1ea5t Nam<\/b><span style=\"font-weight: 400;\"> ch\u00ednh l\u00e0 s\u1ef1 l\u1ef1a ch\u1ecdn l\u00fd t\u01b0\u1edfng. V\u1edbi kinh nghi\u1ec7m l\u00e2u n\u0103m trong ng\u00e0nh thi\u1ebft k\u1ebf v\u00e0 thi c\u00f4ng n\u1ed9i th\u1ea5t, ch\u00fang t\u00f4i cam k\u1ebft mang \u0111\u1ebfn nh\u1eefng s\u1ea3n ph\u1ea9m ch\u1ea5t l\u01b0\u1ee3ng cao, \u0111a d\u1ea1ng v\u1ec1 m\u1eabu m\u00e3, m\u1ed7i thi\u1ebft k\u1ebf \u0111\u01b0\u1ee3c ch\u0103m ch\u00fat t\u1ec9 m\u1ec9, d\u1ec5 d\u00e0ng \u0111\u00e1p \u1ee9ng \u0111a d\u1ea1ng y\u00eau c\u1ea7u c\u1ee7a kh\u00e1ch h\u00e0ng<\/span><\/p>\n<h3 style=\"text-align: justify;\"><b>T\u1ea1i sao n\u00ean ch\u1ecdn Nh\u1ea5t Nam?<\/b><\/h3>\n<ul style=\"text-align: justify;\">\n<li style=\"font-weight: 400;\" aria-level=\"1\"><span style=\"font-weight: 400;\">S\u1eed d\u1ee5ng nguy\u00ean li\u1ec7u nh\u00f4m v\u00e0 k\u00ednh c\u01b0\u1eddng l\u1ef1c cao c\u1ea5p, \u0111\u1ea3m b\u1ea3o \u0111\u1ed9 b\u1ec1n v\u00e0 t\u00ednh th\u1ea9m m\u1ef9.<\/span><\/li>\n<li style=\"font-weight: 400;\" aria-level=\"1\"><span style=\"font-weight: 400;\">C\u00e1c m\u1eabu t\u1ee7 c\u1ea7u thang nh\u00f4m k\u00ednh \u0111\u01b0\u1ee3c thi\u1ebft k\u1ebf ph\u00f9 h\u1ee3p v\u1edbi t\u1eebng kh\u00f4ng gian v\u00e0 phong c\u00e1ch n\u1ed9i th\u1ea5t kh\u00e1c nhau.<\/span><\/li>\n<li style=\"font-weight: 400;\" aria-level=\"1\"><span style=\"font-weight: 400;\">\u0110\u1ed9i ng\u0169 nh\u00e2n vi\u00ean chuy\u00ean nghi\u1ec7p c\u1ee7a Nh\u1ea5t Nam s\u1ebd lu\u00f4n s\u1eb5n s\u00e0ng t\u01b0 v\u1ea5n v\u00e0 h\u1ed7 tr\u1ee3 b\u1ea1n ch\u1ecdn l\u1ef1a gi\u1ea3i ph\u00e1p t\u1ed1i \u01b0u cho ng\u00f4i nh\u00e0.<\/span><\/li>\n<li style=\"font-weight: 400;\" aria-level=\"1\"><span style=\"font-weight: 400;\">Ch\u00fang t\u00f4i lu\u00f4n mang \u0111\u1ebfn c\u00e1c s\u1ea3n ph\u1ea9m v\u1edbi gi\u00e1 c\u1ea3 h\u1ee3p l\u00fd v\u00e0 d\u1ecbch v\u1ee5 thi c\u00f4ng nhanh ch\u00f3ng, kh\u00f4ng ph\u00e1t sinh chi ph\u00ed.<\/span><\/li>\n<\/ul>\n<p style=\"text-align: justify;\"><span style=\"font-weight: 400;\">H\u00e3y \u0111\u1ec3 <\/span><a href=\"https:\/\/www.facebook.com\/ctynhatnam2011\" target=\"_blank\" rel=\"noopener\"><b>Nh\u1ea5t Nam<\/b><\/a><span style=\"font-weight: 400;\"> gi\u00fap b\u1ea1n bi\u1ebfn kh\u00f4ng gian d\u01b0\u1edbi c\u1ea7u thang th\u00e0nh m\u1ed9t ph\u1ea7n kh\u00f4ng th\u1ec3 thi\u1ebfu trong ng\u00f4i nh\u00e0, kh\u00f4ng ch\u1ec9 t\u1ed1i \u01b0u di\u1ec7n t\u00edch m\u00e0 c\u00f2n t\u1ea1o n\u00ean nh\u1eefng \u0111i\u1ec3m nh\u1ea5n \u1ea5n t\u01b0\u1ee3ng. Li\u00ean h\u1ec7 v\u1edbi ch\u00fang t\u00f4i ngay h\u00f4m nay \u0111\u1ec3 \u0111\u01b0\u1ee3c t\u01b0 v\u1ea5n mi\u1ec5n ph\u00ed v\u00e0 nh\u1eadn b\u00e1o gi\u00e1 chi ti\u1ebft cho m\u1eabu t\u1ee7 c\u1ea7u thang nh\u00f4m k\u00ednh ph\u00f9 h\u1ee3p nh\u1ea5t.<\/span><\/p>\n","protected":false},"excerpt":{"rendered":"<p style=\"text-align: justify;\">T\u1ee7 c\u1ea7u thang nh\u00f4m k\u00ednh<span style=\"font-weight: 400;\"> l\u00e0 l\u1ef1a ch\u1ecdn l\u00fd t\u01b0\u1edfng \u0111\u1ec3 t\u1eadn d\u1ee5ng hi\u1ec7u qu\u1ea3 kho\u1ea3ng tr\u1ed1ng d\u01b0\u1edbi g\u1ea7m c\u1ea7u thang, gi\u00fap t\u0103ng th\u00eam kh\u00f4ng gian l\u01b0u tr\u1eef m\u00e0 v\u1eabn \u0111\u1ea3m b\u1ea3o t\u00ednh th\u1ea9m m\u1ef9 cho ng\u00f4i nh\u00e0.<\/span><\/p>\n<p style=\"text-align: justify;\"><span style=\"font-weight: 400;\"> V\u1edbi thi\u1ebft k\u1ebf hi\u1ec7n \u0111\u1ea1i, ch\u1ea5t li\u1ec7u b\u1ec1n b\u1ec9, s\u1ea3n ph\u1ea9m v\u1eeba \u0111\u00e1p \u1ee9ng nhu c\u1ea7u s\u1eed d\u1ee5ng th\u1ef1c t\u1ebf, v\u1eeba g\u00f3p ph\u1ea7n t\u1ea1o \u0111i\u1ec3m nh\u1ea5n \u1ea5n t\u01b0\u1ee3ng cho n\u1ed9i th\u1ea5t.<\/span><\/p>\n","protected":false},"featured_media":1952,"comment_status":"open","ping_status":"closed","template":"","meta":{"_acf_changed":false,"_gspb_post_css":""},"book-author":[],"product_brand":[],"product_cat":[130,134],"product_tag":[],"class_list":{"0":"post-1953","1":"product","2":"type-product","3":"status-publish","4":"has-post-thumbnail","6":"product_cat-noi-that-phong-khach","7":"product_cat-tu-cau-thang","9":"first","10":"instock","11":"shipping-taxable","12":"product-type-simple"},"acf":[],"_links":{"self":[{"href":"https:\/\/nhatnam.libion.me\/wp-json\/wp\/v2\/product\/1953","targetHints":{"allow":["GET"]}}],"collection":[{"href":"https:\/\/nhatnam.libion.me\/wp-json\/wp\/v2\/product"}],"about":[{"href":"https:\/\/nhatnam.libion.me\/wp-json\/wp\/v2\/types\/product"}],"replies":[{"embeddable":true,"href":"https:\/\/nhatnam.libion.me\/wp-json\/wp\/v2\/comments?post=1953"}],"wp:featuredmedia":[{"embeddable":true,"href":"https:\/\/nhatnam.libion.me\/wp-json\/wp\/v2\/media\/1952"}],"wp:attachment":[{"href":"https:\/\/nhatnam.libion.me\/wp-json\/wp\/v2\/media?parent=1953"}],"wp:term":[{"taxonomy":"book-author","embeddable":true,"href":"https:\/\/nhatnam.libion.me\/wp-json\/wp\/v2\/book-author?post=1953"},{"taxonomy":"product_brand","embeddable":true,"href":"https:\/\/nhatnam.libion.me\/wp-json\/wp\/v2\/product_brand?post=1953"},{"taxonomy":"product_cat","embeddable":true,"href":"https:\/\/nhatnam.libion.me\/wp-json\/wp\/v2\/product_cat?post=1953"},{"taxonomy":"product_tag","embeddable":true,"href":"https:\/\/nhatnam.libion.me\/wp-json\/wp\/v2\/product_tag?post=1953"}],"curies":[{"name":"wp","href":"https:\/\/api.w.org\/{rel}","templated":true}]}}