{"id":1942,"date":"2026-04-07T10:32:27","date_gmt":"2026-04-07T10:32:27","guid":{"rendered":"https:\/\/nhatnam.libion.me\/index.php\/product\/tu-cau-thang-go-cong-nghiep\/"},"modified":"2026-04-07T10:32:50","modified_gmt":"2026-04-07T10:32:50","slug":"tu-cau-thang-go-cong-nghiep","status":"publish","type":"product","link":"https:\/\/nhatnam.libion.me\/product\/tu-cau-thang-go-cong-nghiep\/","title":{"rendered":"T\u1ee7 C\u1ea7u Thang G\u1ed7 C\u00f4ng Nghi\u1ec7p"},"content":{"rendered":"<p style=\"text-align: justify;\">T\u1ee7 c\u1ea7u thang g\u1ed7 c\u00f4ng nghi\u1ec7p l\u00e0 gi\u1ea3i ph\u00e1p n\u1ed9i th\u1ea5t th\u00f4ng minh, gi\u00fap t\u1eadn d\u1ee5ng hi\u1ec7u qu\u1ea3 kho\u1ea3ng kh\u00f4ng d\u01b0\u1edbi c\u1ea7u thang. Thi\u1ebft k\u1ebf g\u1ecdn g\u00e0ng, \u0111a c\u00f4ng n\u0103ng, t\u1eeb c\u1ea5t gi\u1eef \u0111\u1ed3 d\u00f9ng, gi\u00e0y d\u00e9p \u0111\u1ebfn tr\u01b0ng b\u00e0y v\u1eadt d\u1ee5ng trang tr\u00ed. G\u1ed7 c\u00f4ng nghi\u1ec7p hi\u1ec7n \u0111\u1ea1i kh\u00f4ng ch\u1ec9 nh\u1eb9, d\u1ec5 l\u1eafp \u0111\u1eb7t m\u00e0 c\u00f2n c\u00f3 kh\u1ea3 n\u0103ng ch\u1ed1ng cong v\u00eanh v\u00e0 \u1ea9m m\u1ed1c, ph\u00f9 h\u1ee3p v\u1edbi nhi\u1ec1u ki\u1ec3u kh\u00f4ng gian s\u1ed1ng t\u1eeb nh\u00e0 ph\u1ed1 \u0111\u1ebfn c\u0103n h\u1ed9.<\/p>\n<h2 style=\"text-align: justify;\"><b>1. T\u1ee7 c\u1ea7u thang g\u1ed7 c\u00f4ng nghi\u1ec7p l\u00e0 g\u00ec?\u00a0<\/b><\/h2>\n<p><img loading=\"lazy\" decoding=\"async\" class=\"aligncenter wp-image-6939 size-full\" src=\"https:\/\/nhatnam.org\/wp-content\/uploads\/2025\/05\/tu_cau_thang_go_cong_nghiep-9.jpg\" alt=\"T\u1ee7 C\u1ea7u Thang G\u1ed7 C\u00f4ng Nghi\u1ec7p\" width=\"1280\" height=\"960\" \/><\/p>\n<p style=\"text-align: justify;\"><span style=\"font-weight: 400;\">T\u1ee7 c\u1ea7u thang g\u1ed7 c\u00f4ng nghi\u1ec7p l\u00e0 m\u1ed9t lo\u1ea1i t\u1ee7 \u0111\u01b0\u1ee3c thi\u1ebft k\u1ebf d\u00e0nh ri\u00eang cho kh\u00f4ng gian d\u01b0\u1edbi c\u1ea7u thang, t\u1eadn d\u1ee5ng khu v\u1ef1c n\u00e0y l\u00e0m n\u01a1i ch\u1ee9a \u0111\u1ed3 ho\u1eb7c trang tr\u00ed. V\u1edbi s\u1ef1 ph\u00e1t tri\u1ec3n c\u1ee7a c\u00f4ng ngh\u1ec7 s\u1ea3n xu\u1ea5t g\u1ed7 c\u00f4ng nghi\u1ec7p, nh\u1eefng chi\u1ebfc t\u1ee7 n\u00e0y ng\u00e0y c\u00e0ng tr\u1edf n\u00ean ph\u1ed5 bi\u1ebfn nh\u1edd v\u00e0o s\u1ef1 \u0111a d\u1ea1ng v\u1ec1 m\u1eabu m\u00e3, ch\u1ea5t li\u1ec7u v\u00e0 t\u00ednh n\u0103ng. B\u1eb1ng c\u00e1ch k\u1ebft h\u1ee3p gi\u1eefa y\u1ebfu t\u1ed1 th\u1ea9m m\u1ef9 v\u00e0 c\u00f4ng n\u0103ng, t\u1ee7 c\u1ea7u thang g\u1ed7 c\u00f4ng nghi\u1ec7p kh\u00f4ng ch\u1ec9 gi\u00fap ti\u1ebft ki\u1ec7m kh\u00f4ng gian m\u00e0 c\u00f2n g\u00f3p ph\u1ea7n n\u00e2ng cao v\u1ebb \u0111\u1eb9p cho ng\u00f4i nh\u00e0.<\/span><\/p>\n<h2 style=\"text-align: justify;\"><b>2. \u01afu \u0111i\u1ec3m c\u1ee7a t\u1ee7 g\u1ea7m c\u1ea7u thang g\u1ed7 c\u00f4ng nghi\u1ec7p<br \/>\n<img loading=\"lazy\" decoding=\"async\" class=\"aligncenter wp-image-6938 size-full\" src=\"https:\/\/nhatnam.org\/wp-content\/uploads\/2025\/05\/tu_cau_thang_go_cong_nghiep-8.jpg\" alt=\"T\u1ee7 C\u1ea7u Thang G\u1ed7 C\u00f4ng Nghi\u1ec7p\" width=\"1280\" height=\"960\" \/><br \/>\n<\/b><\/h2>\n<p style=\"text-align: justify;\"><b>T\u1ed1i \u01b0u kh\u00f4ng gian s\u1ed1ng<\/b><span style=\"font-weight: 400;\">: T\u1ee7 c\u1ea7u thang g\u1ed7 c\u00f4ng nghi\u1ec7p gi\u00fap t\u1eadn d\u1ee5ng khu v\u1ef1c d\u01b0\u1edbi c\u1ea7u thang, n\u01a1i th\u01b0\u1eddng b\u1ecb b\u1ecf tr\u1ed1ng ho\u1eb7c kh\u00f4ng \u0111\u01b0\u1ee3c s\u1eed d\u1ee5ng hi\u1ec7u qu\u1ea3. \u0110\u00e2y l\u00e0 n\u01a1i l\u00fd t\u01b0\u1edfng \u0111\u1ec3 \u0111\u1eb7t c\u00e1c m\u00f3n \u0111\u1ed3 trang tr\u00ed, v\u1eadt d\u1ee5ng gia \u0111\u00ecnh ho\u1eb7c c\u00e1c s\u1ea3n ph\u1ea9m l\u01b0u tr\u1eef.<\/span><\/p>\n<p style=\"text-align: justify;\"><b>Th\u1ea9m m\u1ef9<\/b><span style=\"font-weight: 400;\">: V\u1edbi ch\u1ea5t li\u1ec7u g\u1ed7 c\u00f4ng nghi\u1ec7p, t\u1ee7 c\u1ea7u thang c\u00f3 th\u1ec3 d\u1ec5 d\u00e0ng gia c\u00f4ng, s\u01a1n ph\u1ee7 v\u00e0 t\u1ea1o ra nh\u1eefng s\u1ea3n ph\u1ea9m c\u00f3 b\u1ec1 m\u1eb7t m\u1ecbn m\u00e0ng, \u0111\u1eb9p m\u1eaft. Nh\u1eefng m\u1eabu t\u1ee7 c\u1ea7u thang hi\u1ec7n \u0111\u1ea1i c\u00f3 th\u1ec3 k\u1ebft h\u1ee3p nhi\u1ec1u ki\u1ec3u d\u00e1ng, m\u00e0u s\u1eafc kh\u00e1c nhau, ph\u00f9 h\u1ee3p v\u1edbi m\u1ecdi phong c\u00e1ch n\u1ed9i th\u1ea5t.<\/span><\/p>\n<p style=\"text-align: justify;\"><b>D\u1ec5 v\u1ec7 sinh &amp; b\u1ea3o qu\u1ea3n<\/b><span style=\"font-weight: 400;\">: S\u1ea3n ph\u1ea9m \u0111\u01b0\u1ee3c l\u00e0m t\u1eeb g\u1ed7 c\u00f4ng nghi\u1ec7p c\u00f3 \u0111\u1ed9 b\u1ec1n cao, kh\u00f4ng b\u1ecb m\u1ed1i m\u1ecdt, \u1ea9m m\u1ed1c hay cong v\u00eanh. H\u01a1n n\u1eefa, t\u1ee7 c\u1ea7u thang g\u1ed7 c\u00f4ng nghi\u1ec7p c\u00f3 b\u1ec1 m\u1eb7t d\u1ec5 d\u00e0ng lau ch\u00f9i v\u00e0 b\u1ea3o d\u01b0\u1ee1ng, gi\u00fap duy tr\u00ec v\u1ebb \u0111\u1eb9p l\u00e2u d\u00e0i.<\/span><\/p>\n<p style=\"text-align: justify;\"><b>Chi ph\u00ed h\u1ee3p l\u00fd<\/b><span style=\"font-weight: 400;\">: G\u1ed7 c\u00f4ng nghi\u1ec7p c\u00f3 gi\u00e1 th\u00e0nh r\u1ebb h\u01a1n nhi\u1ec1u so v\u1edbi g\u1ed7 t\u1ef1 nhi\u00ean, nh\u01b0ng v\u1eabn mang l\u1ea1i \u0111\u1ed9 b\u1ec1n v\u00e0 t\u00ednh th\u1ea9m m\u1ef9 cao. Do \u0111\u00f3, t\u1ee7 c\u1ea7u thang g\u1ed7 c\u00f4ng nghi\u1ec7p l\u00e0 l\u1ef1a ch\u1ecdn ti\u1ebft ki\u1ec7m chi ph\u00ed cho gia \u0111\u00ecnh.<\/span><\/p>\n<h2 style=\"text-align: justify;\"><b>3. C\u00e1c lo\u1ea1i t\u1ee7 c\u1ea7u thang g\u1ed7 c\u00f4ng nghi\u1ec7p ph\u1ed5 bi\u1ebfn<\/b><\/h2>\n<h3 style=\"text-align: justify;\"><b>T\u1ee7 trang tr\u00ed, k\u1ec7 tivi g\u1ea7m c\u1ea7u thang g\u1ed7 c\u00f4ng nghi\u1ec7p<br \/>\n<img loading=\"lazy\" decoding=\"async\" class=\"aligncenter wp-image-6941 size-full\" src=\"https:\/\/nhatnam.org\/wp-content\/uploads\/2025\/05\/tu_cau_thang-2.jpg\" alt=\"T\u1ee7 C\u1ea7u Thang G\u1ed7 C\u00f4ng Nghi\u1ec7p\" width=\"1280\" height=\"960\" \/><br \/>\n<\/b><\/h3>\n<p style=\"text-align: justify;\"><span style=\"font-weight: 400;\">M\u1ed9t trong nh\u1eefng \u1ee9ng d\u1ee5ng ph\u1ed5 bi\u1ebfn nh\u1ea5t c\u1ee7a t\u1ee7 g\u1ea7m c\u1ea7u thang g\u1ed7 c\u00f4ng nghi\u1ec7p l\u00e0 s\u1eed d\u1ee5ng l\u00e0m <\/span><b>k\u1ec7 tivi d\u01b0\u1edbi c\u1ea7u thang<\/b><span style=\"font-weight: 400;\">. T\u1ee7 n\u00e0y kh\u00f4ng ch\u1ec9 gi\u00fap ti\u1ebft ki\u1ec7m di\u1ec7n t\u00edch m\u00e0 c\u00f2n l\u00e0 n\u01a1i l\u00fd t\u01b0\u1edfng \u0111\u1ec3 b\u1ea1n \u0111\u1eb7t tivi v\u00e0 c\u00e1c thi\u1ebft b\u1ecb \u0111i\u1ec7n t\u1eed. Thi\u1ebft k\u1ebf k\u1ec7 tivi g\u1ea7m c\u1ea7u thang g\u1ed7 c\u00f4ng nghi\u1ec7p c\u00f3 th\u1ec3 \u0111\u01b0\u1ee3c gia c\u00f4ng v\u1edbi c\u00e1c ng\u0103n k\u00e9o ho\u1eb7c c\u00e1c k\u1ec7 m\u1edf \u0111\u1ec3 ti\u1ec7n l\u1ee3i trong vi\u1ec7c l\u01b0u tr\u1eef c\u00e1c thi\u1ebft b\u1ecb kh\u00e1c nh\u01b0 \u0111\u1ea7u DVD, m\u00e1y ch\u01a1i game, ho\u1eb7c s\u00e1ch v\u1edf.<\/span><\/p>\n<h3 style=\"text-align: justify;\"><b>T\u1ee7 c\u1ea7u thang g\u1ed7 c\u00f4ng nghi\u1ec7p \u0111\u1ef1ng \u0111\u1ed3 d\u00f9ng, b\u00e1t \u0111\u0169a<br \/>\n<\/b><\/h3>\n<h3 style=\"text-align: justify;\"><b><img loading=\"lazy\" decoding=\"async\" class=\"aligncenter wp-image-6943 size-full\" src=\"https:\/\/nhatnam.org\/wp-content\/uploads\/2025\/05\/tu_cau_thang-4.jpg\" alt=\"T\u1ee7 C\u1ea7u Thang G\u1ed7 C\u00f4ng Nghi\u1ec7p\" width=\"1280\" height=\"960\" \/><\/b><b><\/b><\/h3>\n<p style=\"text-align: justify;\"><span style=\"font-weight: 400;\">V\u1edbi nh\u1eefng gia \u0111\u00ecnh c\u00f3 kh\u00f4ng gian b\u1ebfp nh\u1ecf ho\u1eb7c ph\u00f2ng \u0103n k\u1ebft h\u1ee3p v\u1edbi ph\u00f2ng kh\u00e1ch, t\u1ee7 c\u1ea7u thang g\u1ed7 c\u00f4ng nghi\u1ec7p c\u00f3 th\u1ec3 \u0111\u01b0\u1ee3c thi\u1ebft k\u1ebf \u0111\u1ec3 \u0111\u1ef1ng c\u00e1c m\u00f3n \u0111\u1ed3 d\u00f9ng, b\u00e1t \u0111\u0169a ho\u1eb7c d\u1ee5ng c\u1ee5 nh\u00e0 b\u1ebfp. T\u1ee7 n\u00e0y gi\u00fap b\u1ea1n gi\u1eef cho kh\u00f4ng gian nh\u00e0 b\u1ebfp g\u1ecdn g\u00e0ng, ng\u0103n n\u1eafp, \u0111\u1ed3ng th\u1eddi kh\u00f4ng l\u00e0m m\u1ea5t \u0111i t\u00ednh th\u1ea9m m\u1ef9 c\u1ee7a c\u0103n ph\u00f2ng.<\/span><\/p>\n<h3 style=\"text-align: justify;\"><b>T\u1ee7 gi\u00e0y g\u1ea7m c\u1ea7u thang b\u1eb1ng g\u1ed7 c\u00f4ng nghi\u1ec7p<br \/>\n<\/b><\/h3>\n<h2 style=\"text-align: justify;\"><b><img loading=\"lazy\" decoding=\"async\" class=\"aligncenter wp-image-6933 size-full\" src=\"https:\/\/nhatnam.org\/wp-content\/uploads\/2025\/05\/tu_cau_thang_go_cong_nghiep-3.jpg\" alt=\"T\u1ee7 C\u1ea7u Thang G\u1ed7 C\u00f4ng Nghi\u1ec7p\" width=\"1280\" height=\"960\" \/><\/b><b><\/b><\/h2>\n<p style=\"text-align: justify;\"><span style=\"font-weight: 400;\">Vi\u1ec7c \u0111\u1eb7t t\u1ee7 gi\u00e0y g\u1ea7m c\u1ea7u thang l\u00e0 gi\u1ea3i ph\u00e1p ti\u1ec7n l\u1ee3i \u0111\u1ec3 gi\u1eef cho kh\u00f4ng gian s\u1ed1ng lu\u00f4n g\u1ecdn g\u00e0ng. V\u1edbi thi\u1ebft k\u1ebf th\u00f4ng minh, t\u1ee7 gi\u00e0y c\u00f3 th\u1ec3 c\u00f3 nhi\u1ec1u ng\u0103n \u0111\u1ec3 ph\u00e2n lo\u1ea1i gi\u00e0y d\u00e9p, gi\u00fap d\u1ec5 d\u00e0ng t\u00ecm ki\u1ebfm v\u00e0 b\u1ea3o qu\u1ea3n gi\u00e0y d\u00e9p m\u1ed7i ng\u00e0y m\u00e0 kh\u00f4ng chi\u1ebfm qu\u00e1 nhi\u1ec1u di\u1ec7n t\u00edch. B\u1ea1n c\u0169ng c\u00f3 th\u1ec3 l\u1ef1a ch\u1ecdn c\u00e1c lo\u1ea1i t\u1ee7 gi\u00e0y k\u1ebft h\u1ee3p v\u1edbi gh\u1ebf ng\u1ed3i \u0111\u1ec3 ti\u1ec7n l\u1ee3i khi s\u1eed d\u1ee5ng.<\/span><\/p>\n<h3 style=\"text-align: justify;\"><b>K\u1ec7 s\u00e1ch g\u1ed7 c\u00f4ng nghi\u1ec7p g\u1ea7m c\u1ea7u thang<\/b><\/h3>\n<h3 style=\"text-align: justify;\"><b><img loading=\"lazy\" decoding=\"async\" class=\"aligncenter wp-image-6940 size-full\" src=\"https:\/\/nhatnam.org\/wp-content\/uploads\/2025\/05\/tu_cau_thang-1.jpg\" alt=\"T\u1ee7 C\u1ea7u Thang G\u1ed7 C\u00f4ng Nghi\u1ec7p\" width=\"1280\" height=\"960\" \/><\/b><\/h3>\n<p style=\"text-align: justify;\">K\u1ec7 s\u00e1ch d\u01b0\u1edbi g\u1ea7m c\u1ea7u thang<span style=\"font-weight: 400;\"> kh\u00f4ng ch\u1ec9 c\u00f3 c\u00f4ng d\u1ee5ng l\u01b0u tr\u1eef s\u00e1ch m\u00e0 c\u00f2n l\u00e0 \u0111i\u1ec3m nh\u1ea5n trang tr\u00ed \u0111\u1ed9c \u0111\u00e1o cho kh\u00f4ng gian s\u1ed1ng. B\u1ea1n c\u00f3 th\u1ec3 thi\u1ebft k\u1ebf t\u1ee7 k\u1ec7 s\u00e1ch b\u1eb1ng g\u1ed7 c\u00f4ng nghi\u1ec7p \u0111\u1ec3 t\u1eadn d\u1ee5ng kho\u1ea3ng tr\u1ed1ng d\u01b0\u1edbi c\u1ea7u thang, t\u1ea1o n\u00ean m\u1ed9t khu v\u1ef1c th\u01b0 gi\u00e3n l\u00fd t\u01b0\u1edfng, v\u1eeba ng\u0103n n\u1eafp l\u1ea1i v\u1eeba \u0111\u1eb9p m\u1eaft. K\u1ec7 s\u00e1ch c\u0169ng c\u00f3 th\u1ec3 \u0111\u01b0\u1ee3c k\u1ebft h\u1ee3p v\u1edbi c\u00e1c ng\u0103n k\u00e9o \u0111\u1ec3 \u0111\u1ef1ng \u0111\u1ed3 d\u00f9ng kh\u00e1c nh\u01b0 t\u00e0i li\u1ec7u, h\u1ed3 s\u01a1.<\/span><\/p>\n<h3 style=\"text-align: justify;\"><b>T\u1ee7 r\u01b0\u1ee3u g\u1ed7 c\u00f4ng nghi\u1ec7p g\u1ea7m c\u1ea7u thang<br \/>\n<img loading=\"lazy\" decoding=\"async\" class=\"aligncenter wp-image-6936 size-full\" src=\"https:\/\/nhatnam.org\/wp-content\/uploads\/2025\/05\/tu_cau_thang_go_cong_nghiep-6.jpg\" alt=\"T\u1ee7 C\u1ea7u Thang G\u1ed7 C\u00f4ng Nghi\u1ec7p\" width=\"1280\" height=\"960\" \/><br \/>\n<\/b><\/h3>\n<p style=\"text-align: justify;\"><span style=\"font-weight: 400;\">V\u1edbi nh\u1eefng gia \u0111\u00ecnh y\u00eau th\u00edch s\u01b0u t\u1eadp r\u01b0\u1ee3u, t\u1ee7 r\u01b0\u1ee3u g\u1ed7 c\u00f4ng nghi\u1ec7p g\u1ea7m c\u1ea7u thang l\u00e0 m\u1ed9t s\u1ef1 l\u1ef1a ch\u1ecdn tuy\u1ec7t v\u1eddi. T\u1ee7 r\u01b0\u1ee3u kh\u00f4ng ch\u1ec9 gi\u00fap b\u1ea1n b\u1ea3o qu\u1ea3n c\u00e1c chai r\u01b0\u1ee3u m\u1ed9t c\u00e1ch an to\u00e0n m\u00e0 c\u00f2n l\u00e0 m\u00f3n \u0111\u1ed3 trang tr\u00ed sang tr\u1ecdng, thu h\u00fat s\u1ef1 ch\u00fa \u00fd c\u1ee7a kh\u00e1ch khi \u0111\u1ebfn th\u0103m. T\u1ee7 r\u01b0\u1ee3u c\u00f3 th\u1ec3 thi\u1ebft k\u1ebf v\u1edbi c\u00e1c k\u1ec7 m\u1edf ho\u1eb7c k\u1ec7 k\u00edn \u0111\u1ec3 l\u01b0u tr\u1eef r\u01b0\u1ee3u m\u1ed9t c\u00e1ch g\u1ecdn g\u00e0ng v\u00e0 d\u1ec5 d\u00e0ng s\u1eed d\u1ee5ng.<\/span><\/p>\n<h3 style=\"text-align: justify;\"><b>T\u1ee7 b\u1ebfp g\u1ed7 c\u00f4ng nghi\u1ec7p g\u1ea7n c\u1ea7u thang<br \/>\n<\/b><\/h3>\n<h3 style=\"text-align: justify;\"><b><img loading=\"lazy\" decoding=\"async\" class=\"aligncenter wp-image-6942 size-full\" src=\"https:\/\/nhatnam.org\/wp-content\/uploads\/2025\/05\/tu_cau_thang-3.jpg\" alt=\"T\u1ee7 C\u1ea7u Thang G\u1ed7 C\u00f4ng Nghi\u1ec7p\" width=\"1280\" height=\"960\" \/><\/b><b><\/b><\/h3>\n<p style=\"text-align: justify;\"><span style=\"font-weight: 400;\">N\u1ebfu kh\u00f4ng gian b\u1ebfp nh\u00e0 b\u1ea1n g\u1ea7n c\u1ea7u thang, th\u00ec vi\u1ec7c thi\u1ebft k\u1ebf t\u1ee7 b\u1ebfp g\u1ed7 c\u00f4ng nghi\u1ec7p g\u1ea7n c\u1ea7u thang l\u00e0 m\u1ed9t gi\u1ea3i ph\u00e1p h\u1eefu hi\u1ec7u. B\u1ea1n c\u00f3 th\u1ec3 thi\u1ebft k\u1ebf t\u1ee7 b\u1ebfp t\u00edch h\u1ee3p c\u00f9ng t\u1ee7 c\u1ea7u thang \u0111\u1ec3 t\u1eadn d\u1ee5ng di\u1ec7n t\u00edch, \u0111\u1ed3ng th\u1eddi t\u1ea1o ra m\u1ed9t kh\u00f4ng gian b\u1ebfp g\u1ecdn g\u00e0ng, ng\u0103n n\u1eafp v\u00e0 \u0111\u1eb9p m\u1eaft. T\u1ee7 b\u1ebfp n\u00e0y c\u0169ng c\u00f3 th\u1ec3 \u0111\u01b0\u1ee3c t\u00edch h\u1ee3p c\u00e1c ng\u0103n k\u00e9o ho\u1eb7c c\u00e1c k\u1ec7 \u0111\u1ef1ng \u0111\u1ed3 d\u00f9ng nh\u00e0 b\u1ebfp.<\/span><\/p>\n<h2 style=\"text-align: justify;\"><b>4. L\u01b0u \u00fd khi thi\u1ebft k\u1ebf v\u00e0 thi c\u00f4ng t\u1ee7 c\u1ea7u thang g\u1ed7 c\u00f4ng nghi\u1ec7p<br \/>\n<\/b><\/h2>\n<p style=\"text-align: justify;\"><b>K\u00edch th\u01b0\u1edbc v\u00e0 t\u1ef7 l\u1ec7 ph\u00f9 h\u1ee3p<\/b><span style=\"font-weight: 400;\">: Khi thi\u1ebft k\u1ebf t\u1ee7 c\u1ea7u thang g\u1ed7 c\u00f4ng nghi\u1ec7p, b\u1ea1n c\u1ea7n x\u00e1c \u0111\u1ecbnh k\u00edch th\u01b0\u1edbc v\u00e0 t\u1ef7 l\u1ec7 ph\u00f9 h\u1ee3p v\u1edbi kh\u00f4ng gian d\u01b0\u1edbi c\u1ea7u thang. M\u1ed9t thi\u1ebft k\u1ebf qu\u00e1 l\u1edbn s\u1ebd l\u00e0m kh\u00f4ng gian tr\u1edf n\u00ean ch\u1eadt ch\u1ed9i, trong khi m\u1ed9t thi\u1ebft k\u1ebf qu\u00e1 nh\u1ecf s\u1ebd kh\u00f4ng ph\u00e1t huy h\u1ebft c\u00f4ng d\u1ee5ng l\u01b0u tr\u1eef.<\/span><\/p>\n<p style=\"text-align: justify;\"><b>M\u00e0u s\u1eafc v\u00e0 phong c\u00e1ch n\u1ed9i th\u1ea5t<\/b><span style=\"font-weight: 400;\">: T\u1ee7 c\u1ea7u thang g\u1ed7 c\u00f4ng nghi\u1ec7p c\u1ea7n ph\u1ea3i ph\u00f9 h\u1ee3p v\u1edbi t\u1ed5ng th\u1ec3 phong c\u00e1ch n\u1ed9i th\u1ea5t c\u1ee7a ng\u00f4i nh\u00e0. Ch\u1ecdn m\u00e0u s\u1eafc v\u00e0 ki\u1ec3u d\u00e1ng sao cho h\u00e0i h\u00f2a v\u1edbi kh\u00f4ng gian s\u1ed1ng s\u1ebd gi\u00fap t\u1ea1o n\u00ean s\u1ef1 c\u00e2n \u0111\u1ed1i, tinh t\u1ebf cho ng\u00f4i nh\u00e0.<\/span><\/p>\n<p style=\"text-align: justify;\"><b>L\u1ef1a ch\u1ecdn ch\u1ea5t li\u1ec7u g\u1ed7 c\u00f4ng nghi\u1ec7p ch\u1ea5t l\u01b0\u1ee3ng<\/b><span style=\"font-weight: 400;\">: T\u00f9y v\u00e0o y\u00eau c\u1ea7u v\u1ec1 \u0111\u1ed9 b\u1ec1n, t\u00ednh th\u1ea9m m\u1ef9 v\u00e0 ng\u00e2n s\u00e1ch m\u00e0 b\u1ea1n c\u00f3 th\u1ec3 ch\u1ecdn lo\u1ea1i g\u1ed7 c\u00f4ng nghi\u1ec7p ph\u00f9 h\u1ee3p nh\u01b0 MDF, MFC hay HDF. C\u00e1c lo\u1ea1i g\u1ed7 c\u00f4ng nghi\u1ec7p n\u00e0y \u0111\u1ec1u c\u00f3 \u0111\u1ed9 b\u1ec1n cao, kh\u1ea3 n\u0103ng ch\u1ed1ng \u1ea9m, ch\u1ed1ng m\u1ed1i m\u1ecdt t\u1ed1t.<\/span><\/p>\n<p style=\"text-align: justify;\"><b>Ch\u00fa \u00fd \u0111\u1ebfn c\u00e1c ph\u1ee5 ki\u1ec7n \u0111i k\u00e8m<\/b><span style=\"font-weight: 400;\">: C\u00e1c ph\u1ee5 ki\u1ec7n nh\u01b0 tay n\u1eafm, b\u1ea3n l\u1ec1, \u0111\u00e8n LED hay c\u00e1c chi ti\u1ebft trang tr\u00ed s\u1ebd g\u00f3p ph\u1ea7n l\u00e0m t\u1ee7 c\u1ea7u thang g\u1ed7 c\u00f4ng nghi\u1ec7p th\u00eam \u0111\u1eb9p m\u1eaft v\u00e0 ti\u1ec7n d\u1ee5ng.<\/span><\/p>\n<h2 style=\"text-align: justify;\"><b>5. B\u00e1o gi\u00e1 t\u1ee7 c\u1ea7u thang g\u1ed7 c\u00f4ng nghi\u1ec7p<\/b><\/h2>\n<p style=\"text-align: justify;\"><span style=\"font-weight: 400;\">Gi\u00e1 t\u1ee7 c\u1ea7u thang g\u1ed7 c\u00f4ng nghi\u1ec7p s\u1ebd thay \u0111\u1ed5i t\u00f9y thu\u1ed9c v\u00e0o nhi\u1ec1u y\u1ebfu t\u1ed1 nh\u01b0 ch\u1ea5t li\u1ec7u g\u1ed7, thi\u1ebft k\u1ebf v\u00e0 k\u00edch th\u01b0\u1edbc. \u0110\u1ec3 c\u00f3 th\u00f4ng tin chi ti\u1ebft v\u00e0 b\u00e1o gi\u00e1 ch\u00ednh x\u00e1c, Q\u00fay kh\u00e1ch vui l\u00f2ng li\u00ean h\u1ec7 tr\u1ef1c ti\u1ebfp v\u1edbi Nh\u1ea5t Nam \u0111\u1ec3 \u0111\u01b0\u1ee3c t\u01b0 v\u1ea5n v\u00e0 nh\u1eadn b\u00e1o gi\u00e1 t\u1ed1t nh\u1ea5t.<\/span><\/p>\n<h2 style=\"text-align: justify;\"><b>6. M\u1ed9t s\u1ed1 m\u1eabu t\u1ee7 c\u1ea7u thang g\u1ed7 c\u00f4ng nghi\u1ec7p \u0111\u1eb9p<\/b><\/h2>\n<figure id=\"attachment_6937\" aria-describedby=\"caption-attachment-6937\" style=\"width: 1280px\" class=\"wp-caption aligncenter\"><img loading=\"lazy\" decoding=\"async\" class=\"wp-image-6937 size-full\" src=\"https:\/\/nhatnam.org\/wp-content\/uploads\/2025\/05\/tu_cau_thang_go_cong_nghiep-7.jpg\" alt=\"T\u1ee7 C\u1ea7u Thang G\u1ed7 C\u00f4ng Nghi\u1ec7p\" width=\"1280\" height=\"960\" \/><figcaption id=\"caption-attachment-6937\" class=\"wp-caption-text\">Thi\u1ebft k\u1ebf t\u1ee7 ch\u00e2n c\u1ea7u thang \u0111\u1eb9p, hi\u1ec7n \u0111\u1ea1i<\/figcaption><\/figure>\n<figure id=\"attachment_6935\" aria-describedby=\"caption-attachment-6935\" style=\"width: 1280px\" class=\"wp-caption aligncenter\"><img loading=\"lazy\" decoding=\"async\" class=\"wp-image-6935 size-full\" src=\"https:\/\/nhatnam.org\/wp-content\/uploads\/2025\/05\/tu_cau_thang_go_cong_nghiep-5.jpg\" alt=\"T\u1ee7 C\u1ea7u Thang G\u1ed7 C\u00f4ng Nghi\u1ec7p\" width=\"1280\" height=\"960\" \/><figcaption id=\"caption-attachment-6935\" class=\"wp-caption-text\">M\u1eabu t\u1ee7 trang tr\u00ed g\u1ea7m c\u1ea7u thang \u0111\u1eb9p t\u1ed1i \u01b0u di\u1ec7n t\u00edch<\/figcaption><\/figure>\n<figure id=\"attachment_6934\" aria-describedby=\"caption-attachment-6934\" style=\"width: 1280px\" class=\"wp-caption aligncenter\"><img loading=\"lazy\" decoding=\"async\" class=\"wp-image-6934 size-full\" src=\"https:\/\/nhatnam.org\/wp-content\/uploads\/2025\/05\/tu_cau_thang_go_cong_nghiep-4.jpg\" alt=\"T\u1ee7 C\u1ea7u Thang G\u1ed7 C\u00f4ng Nghi\u1ec7p\" width=\"1280\" height=\"960\" \/><figcaption id=\"caption-attachment-6934\" class=\"wp-caption-text\">M\u1eabu t\u1ee7 s\u00e1ch g\u1ea7m c\u1ea7u thang t\u1ed1i \u01b0u kh\u00f4ng gian ph\u00f2ng<\/figcaption><\/figure>\n<figure id=\"attachment_6932\" aria-describedby=\"caption-attachment-6932\" style=\"width: 1280px\" class=\"wp-caption aligncenter\"><img loading=\"lazy\" decoding=\"async\" class=\"wp-image-6932 size-full\" src=\"https:\/\/nhatnam.org\/wp-content\/uploads\/2025\/05\/tu_cau_thang_go_cong_nghiep-2.jpg\" alt=\"T\u1ee7 C\u1ea7u Thang G\u1ed7 C\u00f4ng Nghi\u1ec7p\" width=\"1280\" height=\"960\" \/><figcaption id=\"caption-attachment-6932\" class=\"wp-caption-text\">T\u1ee7 c\u1ea7u thang k\u1ebft h\u1ee3p t\u1ee7 r\u01b0\u1ee3u \u0111\u1eb9p<\/figcaption><\/figure>\n<figure id=\"attachment_6931\" aria-describedby=\"caption-attachment-6931\" style=\"width: 1280px\" class=\"wp-caption aligncenter\"><img loading=\"lazy\" decoding=\"async\" class=\"wp-image-6931 size-full\" src=\"https:\/\/nhatnam.org\/wp-content\/uploads\/2025\/05\/tu_cau_thang_go_cong_nghiep-1.jpg\" alt=\"T\u1ee7 C\u1ea7u Thang G\u1ed7 C\u00f4ng Nghi\u1ec7p\" width=\"1280\" height=\"960\" \/><figcaption id=\"caption-attachment-6931\" class=\"wp-caption-text\">M\u1eabu t\u1ee7 r\u01b0\u1ee3u g\u1ea7m c\u1ea7u thang \u0111\u1eb9p , hi\u1ec7n \u0111\u1ea1i<\/figcaption><\/figure>\n<h2 style=\"text-align: justify;\"><b>7. \u0110\u01a1n v\u1ecb thi\u1ebft k\u1ebf v\u00e0 thi c\u00f4ng t\u1ee7 c\u1ea7u thang g\u1ed7 c\u00f4ng nghi\u1ec7p uy t\u00edn<\/b><\/h2>\n<p style=\"text-align: justify;\"><span style=\"font-weight: 400;\">Kh\u00f4ng ch\u1ec9 l\u00e0 m\u1ed9t m\u00f3n n\u1ed9i th\u1ea5t th\u00f4ng th\u01b0\u1eddng, t\u1ee7 c\u1ea7u thang c\u00f2n l\u00e0 gi\u1ea3i ph\u00e1p th\u00f4ng minh gi\u00fap t\u1ed1i \u01b0u h\u00f3a kh\u00f4ng gian s\u1ed1ng, \u0111\u1eb7c bi\u1ec7t trong nh\u1eefng ng\u00f4i nh\u00e0 c\u00f3 di\u1ec7n t\u00edch h\u1ea1n ch\u1ebf. V\u00e0 \u0111\u1ec3 t\u1ea1o n\u00ean m\u1ed9t s\u1ea3n ph\u1ea9m v\u1eeba \u0111\u1eb9p m\u1eaft, v\u1eeba ti\u1ec7n \u00edch, b\u1ea1n c\u1ea7n m\u1ed9t \u0111\u01a1n v\u1ecb thi c\u00f4ng \u0111\u00e1ng tin c\u1eady.<\/span><\/p>\n<p style=\"text-align: justify;\"><b>Nh\u1ea5t Nam<\/b><span style=\"font-weight: 400;\"> l\u00e0 l\u1ef1a ch\u1ecdn l\u00fd t\u01b0\u1edfng d\u00e0nh cho b\u1ea1n. V\u1edbi h\u01a1n 10 n\u0103m kinh nghi\u1ec7m trong ng\u00e0nh n\u1ed9i th\u1ea5t g\u1ed7 c\u00f4ng nghi\u1ec7p, Nh\u1ea5t Nam kh\u00f4ng ch\u1ec9 d\u1eebng l\u1ea1i \u1edf vi\u1ec7c thi c\u00f4ng \u2013 ch\u00fang t\u00f4i \u0111\u1ed3ng h\u00e0nh c\u00f9ng kh\u00e1ch h\u00e0ng t\u1eeb kh\u00e2u t\u01b0 v\u1ea5n, thi\u1ebft k\u1ebf \u0111\u1ebfn ho\u00e0n thi\u1ec7n, \u0111\u1ea3m b\u1ea3o m\u1ecdi chi ti\u1ebft \u0111\u1ec1u h\u00e0i h\u00f2a v\u00e0 tinh t\u1ebf.<\/span><\/p>\n<p style=\"text-align: justify;\"><span style=\"font-weight: 400;\">Ch\u00fang t\u00f4i thi\u1ebft k\u1ebf t\u1ee7 c\u1ea7u thang theo y\u00eau c\u1ea7u ri\u00eang c\u1ee7a t\u1eebng gia ch\u1ee7, d\u1ef1a tr\u00ean th\u1ef1c t\u1ebf kh\u00f4ng gian v\u00e0 phong c\u00e1ch ki\u1ebfn tr\u00fac t\u1ed5ng th\u1ec3. M\u1ed7i s\u1ea3n ph\u1ea9m \u0111\u1ec1u \u0111\u01b0\u1ee3c thi c\u00f4ng b\u1eb1ng g\u1ed7 c\u00f4ng nghi\u1ec7p ch\u1ea5t l\u01b0\u1ee3ng cao, b\u1ec1n b\u1ec9, ch\u1ed1ng m\u1ed1i m\u1ecdt v\u00e0 an to\u00e0n cho s\u1ee9c kh\u1ecfe.<\/span><\/p>\n<p style=\"text-align: justify;\"><span style=\"font-weight: 400;\">B\u00ean c\u1ea1nh \u0111\u00f3, quy tr\u00ecnh l\u00e0m vi\u1ec7c t\u1ea1i Nh\u1ea5t Nam minh b\u1ea1ch, \u0111\u00fang ti\u1ebfn \u0111\u1ed9, cam k\u1ebft r\u00f5 r\u00e0ng v\u1ec1 ch\u1ea5t l\u01b0\u1ee3ng v\u00e0 b\u1ea3o h\u00e0nh d\u00e0i h\u1ea1n. Chi ph\u00ed thi c\u00f4ng \u0111\u01b0\u1ee3c t\u1ed1i \u01b0u h\u1ee3p l\u00fd, kh\u00f4ng ph\u00e1t sinh \u2013 mang l\u1ea1i s\u1ef1 y\u00ean t\u00e2m tuy\u1ec7t \u0111\u1ed1i cho kh\u00e1ch h\u00e0ng.<\/span><\/p>\n<p style=\"text-align: justify;\"><span style=\"font-weight: 400;\">Ch\u1ecdn Nh\u1ea5t Nam, b\u1ea1n kh\u00f4ng ch\u1ec9 s\u1edf h\u1eefu m\u1ed9t t\u1ee7 c\u1ea7u thang \u0111\u1eb9p v\u00e0 ti\u1ec7n nghi, m\u00e0 c\u00f2n l\u00e0 m\u1ed9t kh\u00f4ng gian s\u1ed1ng \u0111\u01b0\u1ee3c ch\u0103m ch\u00fat b\u1eb1ng s\u1ef1 t\u1eadn t\u00e2m v\u00e0 chuy\u00ean nghi\u1ec7p.<\/span><\/p>\n<p style=\"text-align: justify;\"><span style=\"font-weight: 400;\">H\u00e3y \u0111\u1ec3 m\u1ed7i g\u00f3c nh\u1ecf trong ng\u00f4i nh\u00e0 b\u1ea1n \u0111\u1ec1u tr\u1edf n\u00ean ti\u1ec7n nghi v\u00e0 tinh t\u1ebf. Li\u00ean h\u1ec7 Nh\u1ea5t Nam ngay h\u00f4m nay \u0111\u1ec3 \u0111\u01b0\u1ee3c t\u01b0 v\u1ea5n thi\u1ebft k\u1ebf t\u1ee7 c\u1ea7u thang ph\u00f9 h\u1ee3p, t\u1ed1i \u01b0u kh\u00f4ng gian s\u1ed1ng v\u00e0 th\u1ec3 hi\u1ec7n phong c\u00e1ch ri\u00eang c\u1ee7a b\u1ea1n.<\/span><\/p>\n","protected":false},"excerpt":{"rendered":"<p style=\"text-align: justify;\">T\u1ee7 c\u1ea7u thang g\u1ed7 c\u00f4ng nghi\u1ec7p l\u00e0 gi\u1ea3i ph\u00e1p n\u1ed9i th\u1ea5t th\u00f4ng minh, gi\u00fap t\u1eadn d\u1ee5ng hi\u1ec7u qu\u1ea3 kho\u1ea3ng kh\u00f4ng d\u01b0\u1edbi c\u1ea7u thang. Thi\u1ebft k\u1ebf g\u1ecdn g\u00e0ng, \u0111a c\u00f4ng n\u0103ng, t\u1eeb c\u1ea5t gi\u1eef \u0111\u1ed3 d\u00f9ng, gi\u00e0y d\u00e9p \u0111\u1ebfn tr\u01b0ng b\u00e0y v\u1eadt d\u1ee5ng trang tr\u00ed. G\u1ed7 c\u00f4ng nghi\u1ec7p hi\u1ec7n \u0111\u1ea1i kh\u00f4ng ch\u1ec9 nh\u1eb9, d\u1ec5 l\u1eafp \u0111\u1eb7t m\u00e0 c\u00f2n c\u00f3 kh\u1ea3 n\u0103ng ch\u1ed1ng cong v\u00eanh v\u00e0 \u1ea9m m\u1ed1c, ph\u00f9 h\u1ee3p v\u1edbi nhi\u1ec1u ki\u1ec3u kh\u00f4ng gian s\u1ed1ng t\u1eeb nh\u00e0 ph\u1ed1 \u0111\u1ebfn c\u0103n h\u1ed9.<\/p>\n","protected":false},"featured_media":1941,"comment_status":"open","ping_status":"closed","template":"","meta":{"_acf_changed":false,"_gspb_post_css":""},"book-author":[],"product_brand":[],"product_cat":[130,134],"product_tag":[],"class_list":{"0":"post-1942","1":"product","2":"type-product","3":"status-publish","4":"has-post-thumbnail","6":"product_cat-noi-that-phong-khach","7":"product_cat-tu-cau-thang","9":"first","10":"instock","11":"shipping-taxable","12":"product-type-simple"},"acf":[],"_links":{"self":[{"href":"https:\/\/nhatnam.libion.me\/wp-json\/wp\/v2\/product\/1942","targetHints":{"allow":["GET"]}}],"collection":[{"href":"https:\/\/nhatnam.libion.me\/wp-json\/wp\/v2\/product"}],"about":[{"href":"https:\/\/nhatnam.libion.me\/wp-json\/wp\/v2\/types\/product"}],"replies":[{"embeddable":true,"href":"https:\/\/nhatnam.libion.me\/wp-json\/wp\/v2\/comments?post=1942"}],"wp:featuredmedia":[{"embeddable":true,"href":"https:\/\/nhatnam.libion.me\/wp-json\/wp\/v2\/media\/1941"}],"wp:attachment":[{"href":"https:\/\/nhatnam.libion.me\/wp-json\/wp\/v2\/media?parent=1942"}],"wp:term":[{"taxonomy":"book-author","embeddable":true,"href":"https:\/\/nhatnam.libion.me\/wp-json\/wp\/v2\/book-author?post=1942"},{"taxonomy":"product_brand","embeddable":true,"href":"https:\/\/nhatnam.libion.me\/wp-json\/wp\/v2\/product_brand?post=1942"},{"taxonomy":"product_cat","embeddable":true,"href":"https:\/\/nhatnam.libion.me\/wp-json\/wp\/v2\/product_cat?post=1942"},{"taxonomy":"product_tag","embeddable":true,"href":"https:\/\/nhatnam.libion.me\/wp-json\/wp\/v2\/product_tag?post=1942"}],"curies":[{"name":"wp","href":"https:\/\/api.w.org\/{rel}","templated":true}]}}