{"id":1935,"date":"2026-04-07T10:32:15","date_gmt":"2026-04-07T10:32:15","guid":{"rendered":"https:\/\/nhatnam.libion.me\/index.php\/product\/vach-tivi-nhua-gia-go\/"},"modified":"2026-04-07T10:32:24","modified_gmt":"2026-04-07T10:32:24","slug":"vach-tivi-nhua-gia-go","status":"publish","type":"product","link":"https:\/\/nhatnam.libion.me\/index.php\/product\/vach-tivi-nhua-gia-go\/","title":{"rendered":"V\u00e1ch Tivi Nh\u1ef1a Gi\u1ea3 G\u1ed7"},"content":{"rendered":"<p style=\"text-align: justify;\"><span style=\"font-weight: 400;\">V\u00e1ch tivi nh\u1ef1a gi\u1ea3 g\u1ed7 l\u00e0 l\u1ef1a ch\u1ecdn tinh t\u1ebf cho kh\u00f4ng gian s\u1ed1ng hi\u1ec7n \u0111\u1ea1i. V\u1edbi thi\u1ebft k\u1ebf \u0111\u01a1n gi\u1ea3n, m\u00e0u s\u1eafc h\u00e0i h\u00f2a v\u00e0 \u0111\u01b0\u1eddng v\u00e2n g\u1ed7 t\u1ef1 nhi\u00ean, s\u1ea3n ph\u1ea9m kh\u00f4ng ch\u1ec9 t\u1ea1o \u0111i\u1ec3m nh\u1ea5n nh\u1eb9 nh\u00e0ng cho ph\u00f2ng kh\u00e1ch m\u00e0 c\u00f2n gi\u00fap kh\u00f4ng gian th\u00eam ph\u1ea7n \u1ea5m c\u00fang, thanh l\u1ecbch. Ch\u1ea5t li\u1ec7u nh\u1ef1a b\u1ec1n nh\u1eb9, d\u1ec5 l\u1eafp \u0111\u1eb7t v\u00e0 ph\u00f9 h\u1ee3p v\u1edbi nhi\u1ec1u phong c\u00e1ch n\u1ed9i th\u1ea5t, t\u1eeb t\u1ed1i gi\u1ea3n \u0111\u1ebfn t\u00e2n c\u1ed5 \u0111i\u1ec3n.<\/span><\/p>\n<h2 style=\"text-align: justify;\"><b>1. V\u00e1ch tivi nh\u1ef1a gi\u1ea3 g\u1ed7 l\u00e0 g\u00ec?<br \/>\n<img loading=\"lazy\" decoding=\"async\" class=\"aligncenter wp-image-6865 size-full\" src=\"https:\/\/nhatnam.org\/wp-content\/uploads\/2025\/05\/vach_tivi-19.jpg\" alt=\"V\u00e1ch Tivi Nh\u1ef1a Gi\u1ea3 G\u1ed7\" width=\"1280\" height=\"960\" \/><br \/>\n<\/b><\/h2>\n<p style=\"text-align: justify;\"><span style=\"font-weight: 400;\">V\u00e1ch tivi nh\u1ef1a gi\u1ea3 g\u1ed7 l\u00e0 d\u1ea1ng v\u00e1ch trang tr\u00ed s\u1eed d\u1ee5ng ch\u1ea5t li\u1ec7u nh\u1ef1a PVC ho\u1eb7c composite c\u00f3 b\u1ec1 m\u1eb7t in v\u00e2n g\u1ed7 t\u1ef1 nhi\u00ean. S\u1ea3n ph\u1ea9m \u0111\u01b0\u1ee3c thi\u1ebft k\u1ebf nh\u1eb1m t\u1ea1o \u0111i\u1ec3m nh\u1ea5n cho khu v\u1ef1c \u0111\u1eb7t tivi, \u0111\u1ed3ng th\u1eddi mang l\u1ea1i c\u1ea3m gi\u00e1c \u1ea5m \u00e1p, h\u00e0i h\u00f2a nh\u01b0 g\u1ed7 th\u1eadt nh\u01b0ng nh\u1eb9 h\u01a1n, ch\u1ed1ng \u1ea9m t\u1ed1t h\u01a1n v\u00e0 d\u1ec5 b\u1ea3o tr\u00ec. V\u1edbi \u0111a d\u1ea1ng ki\u1ec3u d\u00e1ng, m\u00e0u s\u1eafc v\u00e0 kh\u1ea3 n\u0103ng thi c\u00f4ng linh ho\u1ea1t, v\u00e1ch tivi nh\u1ef1a gi\u1ea3 g\u1ed7 ng\u00e0y c\u00e0ng \u0111\u01b0\u1ee3c \u01b0a chu\u1ed9ng trong c\u00e1c kh\u00f4ng gian nh\u01b0 ph\u00f2ng kh\u00e1ch, ph\u00f2ng ng\u1ee7 hay c\u0103n h\u1ed9 chung c\u01b0 hi\u1ec7n \u0111\u1ea1i.<\/span><\/p>\n<h2 style=\"text-align: justify;\"><b>2. Ch\u1ea5t li\u1ec7u c\u1ea5u t\u1ea1o v\u00e1ch tivi nh\u1ef1a gi\u1ea3 g\u1ed7<\/b><\/h2>\n<p><img loading=\"lazy\" decoding=\"async\" class=\"aligncenter wp-image-6909 size-full\" src=\"https:\/\/nhatnam.org\/wp-content\/uploads\/2025\/05\/vach_tivi_tan_co_dien-2.jpg\" alt=\"V\u00e1ch Tivi Nh\u1ef1a Gi\u1ea3 G\u1ed7\" width=\"1280\" height=\"960\" \/><\/p>\n<p style=\"text-align: justify;\"><span style=\"font-weight: 400;\">T\u1ea5m nh\u1ef1a gi\u1ea3 g\u1ed7 s\u1eed d\u1ee5ng cho vi\u1ec7c \u1ed1p v\u00e1ch tivi th\u01b0\u1eddng \u0111\u01b0\u1ee3c s\u1ea3n xu\u1ea5t t\u1eeb c\u00e1c nguy\u00ean li\u1ec7u nh\u1ef1a cao c\u1ea5p, \u0111i\u1ec3n h\u00ecnh nh\u01b0 nh\u1ef1a PVC, nh\u1ef1a composite, MDF ph\u1ee7 Veneer v\u00e0 ch\u1ea5t li\u1ec7u nano. M\u1ed9t s\u1ed1 lo\u1ea1i t\u1ea5m nh\u1ef1a gi\u1ea3 g\u1ed7 hi\u1ec7n \u0111\u1ea1i c\u00f3 k\u1ebft c\u1ea5u \u0111a l\u1edbp bao g\u1ed3m:<\/span><\/p>\n<ul style=\"text-align: justify;\">\n<li style=\"font-weight: 400;\" aria-level=\"1\"><b>B\u1ed9t g\u1ed7<\/b><span style=\"font-weight: 400;\">: Gi\u00fap t\u1ea1o ra c\u00e1c v\u00e2n g\u1ed7 t\u1ef1 nhi\u00ean, gi\u00fap t\u1ea5m nh\u1ef1a c\u00f3 v\u1ebb ngo\u00e0i gi\u1ed1ng nh\u01b0 g\u1ed7 th\u1eadt, t\u1ea1o s\u1ef1 ch\u00e2n th\u1eadt v\u00e0 tinh t\u1ebf cho kh\u00f4ng gian ph\u00f2ng kh\u00e1ch.<\/span><\/li>\n<li style=\"font-weight: 400;\" aria-level=\"1\"><b>Nh\u1ef1a PVC nguy\u00ean sinh<\/b><span style=\"font-weight: 400;\">: \u0110\u1ea3m b\u1ea3o \u0111\u1ed9 b\u1ec1n cao, kh\u1ea3 n\u0103ng ch\u1ed1ng va \u0111\u1eadp, ch\u1ed1ng n\u01b0\u1edbc v\u00e0 ch\u1ed1ng m\u1ed1i m\u1ecdt. Nh\u1ef1a PVC nguy\u00ean sinh c\u00f3 t\u00ednh \u0111\u00e0n h\u1ed3i t\u1ed1t v\u00e0 kh\u1ea3 n\u0103ng ch\u1ed1ng cong v\u00eanh, gi\u00fap s\u1ea3n ph\u1ea9m b\u1ec1n l\u00e2u v\u1edbi th\u1eddi gian.<\/span><\/li>\n<li style=\"font-weight: 400;\" aria-level=\"1\"><b>L\u1edbp ph\u1ee7 UV (Ultraviolet)<\/b><span style=\"font-weight: 400;\">: B\u1ec1 m\u1eb7t c\u1ee7a t\u1ea5m nh\u1ef1a gi\u1ea3 g\u1ed7 \u0111\u01b0\u1ee3c ph\u1ee7 l\u1edbp UV gi\u00fap b\u1ea3o v\u1ec7 s\u1ea3n ph\u1ea9m kh\u1ecfi \u00e1nh s\u00e1ng m\u1eb7t tr\u1eddi, ng\u0103n ng\u1eeba t\u00ecnh tr\u1ea1ng phai m\u00e0u, ch\u1ed1ng tr\u1ea7y x\u01b0\u1edbc v\u00e0 b\u00e1m b\u1ea9n.<\/span><\/li>\n<\/ul>\n<h2 style=\"text-align: justify;\"><b>3. \u01afu \u0111i\u1ec3m v\u01b0\u1ee3t tr\u1ed9i c\u1ee7a v\u00e1ch tivi nh\u1ef1a gi\u1ea3 g\u1ed7<br \/>\n<\/b><\/h2>\n<p style=\"text-align: justify;\"><b><img loading=\"lazy\" decoding=\"async\" class=\"aligncenter wp-image-6896 size-full\" src=\"https:\/\/nhatnam.org\/wp-content\/uploads\/2025\/05\/vach_tivi_van_da-3.jpg\" alt=\"\" width=\"1280\" height=\"960\" \/><\/b><\/p>\n<ul style=\"text-align: justify;\">\n<li style=\"font-weight: 400;\" aria-level=\"1\"><b>\u0110\u1ed9 b\u1ec1n cao v\u00e0 ch\u1ed1ng m\u1ed1i m\u1ecdt<\/b><span style=\"font-weight: 400;\">: T\u1ea5m nh\u1ef1a gi\u1ea3 g\u1ed7 kh\u00f4ng b\u1ecb \u1ea3nh h\u01b0\u1edfng b\u1edfi \u0111\u1ed9 \u1ea9m, m\u1ed1i m\u1ecdt, hay cong v\u00eanh gi\u1ed1ng nh\u01b0 g\u1ed7 t\u1ef1 nhi\u00ean. V\u1edbi \u0111\u1ed9 b\u1ec1n cao, s\u1ea3n ph\u1ea9m c\u00f3 th\u1ec3 s\u1eed d\u1ee5ng trong nhi\u1ec1u n\u0103m m\u00e0 kh\u00f4ng c\u1ea7n b\u1ea3o d\u01b0\u1ee1ng th\u01b0\u1eddng xuy\u00ean.<\/span><\/li>\n<li style=\"font-weight: 400;\" aria-level=\"1\"><b>\u0110a d\u1ea1ng m\u1eabu m\u00e3 v\u00e0 m\u00e0u s\u1eafc<\/b><span style=\"font-weight: 400;\">: C\u00e1c t\u1ea5m v\u00e1ch tivi nh\u1ef1a gi\u1ea3 g\u1ed7 c\u00f3 nhi\u1ec1u m\u1eabu m\u00e3 v\u00e0 m\u00e0u s\u1eafc phong ph\u00fa, t\u1eeb g\u1ed7 s\u00e1ng m\u00e0u \u0111\u1ebfn g\u1ed7 t\u1ed1i m\u00e0u, gi\u00fap b\u1ea1n d\u1ec5 d\u00e0ng l\u1ef1a ch\u1ecdn s\u1ea3n ph\u1ea9m ph\u00f9 h\u1ee3p v\u1edbi phong c\u00e1ch n\u1ed9i th\u1ea5t c\u1ee7a m\u00ecnh.<\/span><\/li>\n<li style=\"font-weight: 400;\" aria-level=\"1\"><b>D\u1ec5 d\u00e0ng v\u1ec7 sinh v\u00e0 b\u1ea3o d\u01b0\u1ee1ng<\/b><span style=\"font-weight: 400;\"> V\u1edbi b\u1ec1 m\u1eb7t m\u1ecbn m\u00e0ng, t\u1ea5m nh\u1ef1a gi\u1ea3 g\u1ed7 kh\u00f4ng b\u00e1m b\u1ee5i b\u1ea9n, d\u1ec5 d\u00e0ng v\u1ec7 sinh ch\u1ec9 v\u1edbi m\u1ed9t chi\u1ebfc kh\u0103n m\u1ec1m. \u0110i\u1ec1u n\u00e0y gi\u00fap ti\u1ebft ki\u1ec7m th\u1eddi gian v\u00e0 c\u00f4ng s\u1ee9c b\u1ea3o d\u01b0\u1ee1ng s\u1ea3n ph\u1ea9m.<\/span><\/li>\n<li style=\"font-weight: 400;\" aria-level=\"1\"><b>Ch\u1ed1ng n\u01b0\u1edbc v\u00e0 ch\u1ed1ng ch\u00e1y<\/b><span style=\"font-weight: 400;\"> T\u1ea5m nh\u1ef1a gi\u1ea3 g\u1ed7 c\u00f3 kh\u1ea3 n\u0103ng ch\u1ed1ng n\u01b0\u1edbc tuy\u1ec7t v\u1eddi, b\u1ea3o v\u1ec7 v\u00e1ch tivi kh\u1ecfi t\u00e1c \u0111\u1ed9ng c\u1ee7a \u0111\u1ed9 \u1ea9m. Ngo\u00e0i ra, nh\u1ef1a gi\u1ea3 g\u1ed7 c\u00f2n c\u00f3 t\u00ednh n\u0103ng ch\u1ed1ng ch\u00e1y, \u0111\u1ea3m b\u1ea3o an to\u00e0n cho kh\u00f4ng gian s\u1ed1ng c\u1ee7a b\u1ea1n.<\/span><\/li>\n<li style=\"font-weight: 400;\" aria-level=\"1\"><b>Ch\u1ed1ng \u1ea9m, c\u00e1ch \u0111i\u1ec7n v\u00e0 an to\u00e0n cho h\u1ec7 th\u1ed1ng vi m\u1ea1ch:<\/b><span style=\"font-weight: 400;\"> V\u00e1ch tivi nh\u1ef1a gi\u1ea3 g\u1ed7 c\u00f3 kh\u1ea3 n\u0103ng ch\u1ed1ng \u1ea9m, c\u00e1ch \u0111i\u1ec7n v\u00e0 ch\u1ed1ng ch\u00e1y lan hi\u1ec7u qu\u1ea3. \u0110i\u1ec1u n\u00e0y gi\u00fap b\u1ea3o v\u1ec7 h\u1ec7 th\u1ed1ng vi m\u1ea1ch \u0111i\u1ec7n t\u1eed c\u1ee7a tivi kh\u1ecfi c\u00e1c t\u00e1c \u0111\u1ed9ng nguy hi\u1ec3m, n\u00e2ng cao \u0111\u1ed9 an to\u00e0n trong qu\u00e1 tr\u00ecnh s\u1eed d\u1ee5ng.<\/span><\/li>\n<li style=\"font-weight: 400;\" aria-level=\"1\"><b>Ti\u1ebft ki\u1ec7m chi ph\u00ed:<\/b><span style=\"font-weight: 400;\"> So v\u1edbi g\u1ed7 t\u1ef1 nhi\u00ean, v\u00e1ch tivi nh\u1ef1a gi\u1ea3 g\u1ed7 c\u00f3 chi ph\u00ed th\u1ea5p h\u01a1n nh\u01b0ng v\u1eabn \u0111\u1ea3m b\u1ea3o t\u00ednh th\u1ea9m m\u1ef9 v\u00e0 ch\u1ea5t l\u01b0\u1ee3ng. S\u1ea3n ph\u1ea9m n\u00e0y l\u00e0 gi\u1ea3i ph\u00e1p ti\u1ebft ki\u1ec7m chi ph\u00ed hi\u1ec7u qu\u1ea3 m\u00e0 v\u1eabn mang l\u1ea1i kh\u00f4ng gian n\u1ed9i th\u1ea5t \u0111\u1eb9p m\u1eaft, hi\u1ec7n \u0111\u1ea1i.<\/span><\/li>\n<\/ul>\n<h2 style=\"text-align: justify;\"><b>4. M\u1ed9t s\u1ed1 t\u1ea5m nh\u1ef1a \u1ed1p v\u00e1ch tivi gi\u1ea3 g\u1ed7<\/b><\/h2>\n<p><img loading=\"lazy\" decoding=\"async\" class=\"aligncenter wp-image-6897 size-full\" src=\"https:\/\/nhatnam.org\/wp-content\/uploads\/2025\/05\/vach_tivi_van_da-4.jpg\" alt=\"V\u00e1ch Tivi Nh\u1ef1a Gi\u1ea3 G\u1ed7\" width=\"1280\" height=\"960\" \/><\/p>\n<p style=\"text-align: justify;\"><b>Nh\u1ef1a \u1ed1p t\u01b0\u1eddng nano gi\u1ea3 g\u1ed7<\/b><\/p>\n<p style=\"text-align: justify;\"><span style=\"font-weight: 400;\">S\u1eed d\u1ee5ng t\u1ea5m nh\u1ef1a nano gi\u1ea3 g\u1ed7 \u0111\u1ec3 \u1ed1p v\u00e1ch tivi l\u00e0 xu h\u01b0\u1edbng trang tr\u00ed hi\u1ec7n \u0111\u1ea1i \u0111\u01b0\u1ee3c nhi\u1ec1u gia \u0111\u00ecnh y\u00eau th\u00edch. T\u1ea5m nh\u1ef1a nano gi\u1ea3 g\u1ed7 c\u00f3 m\u00e0u s\u1eafc \u0111a d\u1ea1ng, mang l\u1ea1i v\u1ebb \u0111\u1eb9p sang tr\u1ecdng v\u00e0 hi\u1ec7n \u0111\u1ea1i cho kh\u00f4ng gian ph\u00f2ng kh\u00e1ch. B\u1ec1 m\u1eb7t c\u1ee7a t\u1ea5m nh\u1ef1a nano m\u1ecbn m\u00e0ng, ch\u1ed1ng b\u00e1m b\u1ee5i b\u1ea9n v\u00e0 d\u1ec5 d\u00e0ng lau ch\u00f9i, gi\u00fap vi\u1ec7c v\u1ec7 sinh v\u00e1ch tivi tr\u1edf n\u00ean \u0111\u01a1n gi\u1ea3n v\u00e0 nhanh ch\u00f3ng.<\/span><\/p>\n<p style=\"text-align: justify;\"><span style=\"font-weight: 400;\">T\u1ea5m nh\u1ef1a nano \u0111\u01b0\u1ee3c c\u1ea5u t\u1ea1o t\u1eeb nh\u1ef1a nguy\u00ean sinh v\u1edbi b\u1ed9t g\u1ed7, c\u00f3 kh\u1ea3 n\u0103ng ch\u1ed1ng n\u01b0\u1edbc, ch\u1ed1ng m\u1ed1i m\u1ecdt, ch\u1ed1ng cong v\u00eanh, co ng\u00f3t v\u00e0 ch\u1ecbu nhi\u1ec7t t\u1ed1t. S\u1ea3n ph\u1ea9m n\u00e0y \u0111\u1ea3m b\u1ea3o \u0111\u1ed9 b\u1ec1n l\u00e2u d\u00e0i v\u00e0 kh\u00f4ng b\u1ecb \u1ea3nh h\u01b0\u1edfng b\u1edfi t\u00e1c \u0111\u1ed9ng m\u00f4i tr\u01b0\u1eddng. Vi\u1ec7c thi c\u00f4ng v\u00e1ch tivi b\u1eb1ng t\u1ea5m \u1ed1p nano r\u1ea5t \u0111\u01a1n gi\u1ea3n, nhanh ch\u00f3ng v\u00e0 ti\u1ebft ki\u1ec7m chi ph\u00ed. B\u1ea1n c\u00f3 th\u1ec3 th\u00eam \u0111i\u1ec3m nh\u1ea5n l\u00e0 \u0111\u00e8n LED ho\u1eb7c k\u1ebft h\u1ee3p v\u1edbi c\u00e1c v\u1eadt li\u1ec7u kh\u00e1c \u0111\u1ec3 t\u1ea1o n\u00ean m\u1ed9t kh\u00f4ng gian s\u1ed1ng sang tr\u1ecdng v\u00e0 \u1ea5n t\u01b0\u1ee3ng.<\/span><\/p>\n<p style=\"text-align: justify;\"><b>T\u1ea5m nh\u1ef1a \u1ed1p t\u01b0\u1eddng lam s\u00f3ng<\/b><\/p>\n<p style=\"text-align: justify;\"><span style=\"font-weight: 400;\">V\u00e1ch tivi l\u00e0 \u0111i\u1ec3m nh\u1ea5n quan tr\u1ecdng trong ph\u00f2ng kh\u00e1ch, g\u00f3p ph\u1ea7n t\u1ea1o n\u00ean s\u1ef1 sang tr\u1ecdng v\u00e0 tinh t\u1ebf cho t\u1ed5ng th\u1ec3 kh\u00f4ng gian. Ki\u1ec3u d\u00e1ng lam s\u00f3ng \u0111\u1ed9c \u0111\u00e1o t\u1ea1o \u0111i\u1ec3m nh\u1ea5n \u1ea5n t\u01b0\u1ee3ng, thu h\u00fat m\u1ecdi \u00e1nh nh\u00ecn. T\u1ea5m nh\u1ef1a lam s\u00f3ng s\u1edf h\u1eefu v\u1ebb \u0111\u1eb9p t\u1ef1 nhi\u00ean, tinh t\u1ebf v\u1edbi nh\u1eefng \u0111\u01b0\u1eddng v\u00e2n h\u1ecda ti\u1ebft s\u1ed1ng \u0111\u1ed9ng, mang \u0111\u1ebfn cho kh\u00f4ng gian ph\u00f2ng kh\u00e1ch s\u1ef1 sang tr\u1ecdng v\u00e0 hi\u1ec7n \u0111\u1ea1i.<\/span><\/p>\n<p style=\"text-align: justify;\"><span style=\"font-weight: 400;\">T\u1ea5m \u1ed1p lam s\u00f3ng gi\u1ea3 g\u1ed7 \u0111\u01b0\u1ee3c s\u1ea3n xu\u1ea5t c\u00f3 th\u00e0nh ph\u1ea7n nh\u1ef1a n\u00ean kh\u1ea3 n\u0103ng ch\u1ed1ng n\u01b0\u1edbc t\u1ed1t, ch\u1ed1ng m\u1ed1i m\u1ecdt, cong v\u00eanh, \u0111\u1ea3m b\u1ea3o \u0111\u1ed9 b\u1ec1n theo th\u1eddi gian. V\u00e1ch tivi nh\u1ef1a lam s\u00f3ng c\u00f3 \u01b0u \u0111i\u1ec3m thi c\u00f4ng d\u1ec5 d\u00e0ng, l\u1eafp \u0111\u1eb7t nhanh ch\u00f3ng, gi\u00fap r\u00fat ng\u1eafn th\u1eddi gian ho\u00e0n thi\u1ec7n v\u00e0 gi\u1ea3m \u0111\u00e1ng k\u1ec3 chi ph\u00ed so v\u1edbi c\u00e1c v\u1eadt li\u1ec7u \u1ed1p t\u01b0\u1eddng truy\u1ec1n th\u1ed1ng. Qu\u00fd kh\u00e1ch c\u00f3 th\u1ec3 trang tr\u00ed v\u00e1ch tivi b\u1eb1ng t\u1ea5m \u1ed1p lam s\u00f3ng \u0111\u01a1n gi\u1ea3n v\u1edbi m\u00e0u g\u1ed7 t\u1ef1 nhi\u00ean, k\u1ebft h\u1ee3p v\u1edbi \u0111\u00e8n LED v\u00e0 c\u00e1c v\u1eadt li\u1ec7u kh\u00e1c \u0111\u1ec3 t\u1ea1o ra m\u1ed9t kh\u00f4ng gian ph\u00f2ng kh\u00e1ch \u0111\u1ed9c \u0111\u00e1o.<\/span><\/p>\n<p style=\"text-align: justify;\"><b>T\u1ea5m \u1ed1p v\u00e1ch tivi PVC v\u00e2n g\u1ed7<\/b><span style=\"font-weight: 400;\">\u00a0<\/span><\/p>\n<p style=\"text-align: justify;\"><span style=\"font-weight: 400;\"><span style=\"color: #ff0000;\"><a style=\"color: #ff0000;\" href=\"https:\/\/nhatnam.org\/san-pham\/vach-tivi-pvc\/\" target=\"_blank\" rel=\"noopener\">V\u00e1ch tivi nh\u1ef1a PVC<\/a> <\/span>v\u00e2n g\u1ed7 l\u00e0 t\u1ea5m \u1ed1p t\u01b0\u1eddng l\u00e0m t\u1eeb nh\u1ef1a PVC v\u1edbi b\u1ec1 m\u1eb7t in ho\u1eb7c d\u1eadp n\u1ed5i v\u00e2n g\u1ed7, mang l\u1ea1i v\u1ebb \u0111\u1eb9p t\u1ef1 nhi\u00ean, sang tr\u1ecdng cho kh\u00f4ng gian ph\u00f2ng kh\u00e1ch. T\u1ea5m \u1ed1p n\u00e0y c\u00f3 c\u1ea5u t\u1ea1o ba l\u1edbp: l\u1edbp b\u1ec1 m\u1eb7t ph\u1ee7 UV gi\u00fap ch\u1ed1ng tr\u1ea7y x\u01b0\u1edbc, \u1ea9m m\u1ed1c v\u00e0 b\u00e1m b\u1ee5i; l\u1edbp c\u1ed1t t\u1eeb nh\u1ef1a PVC nguy\u00ean sinh k\u1ebft h\u1ee3p b\u1ed9t g\u1ed7 t\u1ea1o \u0111\u1ed9 c\u1ee9ng c\u00e1p, \u0111\u00e0n h\u1ed3i t\u1ed1t, h\u1ea1n ch\u1ebf cong v\u00eanh, co ng\u00f3t; l\u1edbp \u0111\u1ebf c\u00f3 kh\u1ea3 n\u0103ng ch\u1ed1ng th\u1ea5m v\u00e0 b\u00e1m d\u00ednh ch\u1eafc ch\u1eafn v\u00e0o b\u1ec1 m\u1eb7t t\u01b0\u1eddng. V\u1edbi nh\u1eefng \u0111\u1eb7c t\u00ednh n\u00e0y, v\u00e1ch tivi nh\u1ef1a PVC v\u00e2n g\u1ed7 v\u1eeba \u0111\u1ea3m b\u1ea3o t\u00ednh th\u1ea9m m\u1ef9 v\u1eeba c\u00f3 \u0111\u1ed9 b\u1ec1n cao, ph\u00f9 h\u1ee3p v\u1edbi nhi\u1ec1u phong c\u00e1ch n\u1ed9i th\u1ea5t hi\u1ec7n \u0111\u1ea1i.<\/span><\/p>\n<h2 style=\"text-align: justify;\"><b>5. B\u1ea3o d\u01b0\u1ee1ng v\u00e1ch tivi nh\u1ef1a gi\u1ea3 g\u1ed7<\/b><\/h2>\n<p style=\"text-align: justify;\"><span style=\"font-weight: 400;\">M\u1ed9t trong nh\u1eefng \u01b0u \u0111i\u1ec3m l\u1edbn c\u1ee7a v\u00e1ch tivi nh\u1ef1a gi\u1ea3 g\u1ed7 l\u00e0 kh\u1ea3 n\u0103ng b\u1ea3o d\u01b0\u1ee1ng c\u1ef1c k\u1ef3 \u0111\u01a1n gi\u1ea3n. \u0110\u1ec3 gi\u1eef cho v\u00e1ch tivi lu\u00f4n \u0111\u1eb9p v\u00e0 b\u1ec1n l\u00e2u, b\u1ea1n ch\u1ec9 c\u1ea7n v\u1ec7 sinh b\u1ec1 m\u1eb7t th\u01b0\u1eddng xuy\u00ean b\u1eb1ng kh\u0103n m\u1ec1m v\u00e0 dung d\u1ecbch v\u1ec7 sinh nh\u1eb9. Tr\u00e1nh s\u1eed d\u1ee5ng c\u00e1c ch\u1ea5t t\u1ea9y r\u1eeda m\u1ea1nh c\u00f3 th\u1ec3 l\u00e0m h\u1ecfng l\u1edbp ph\u1ee7 b\u1ec1 m\u1eb7t c\u1ee7a nh\u1ef1a.<\/span><\/p>\n<h2 style=\"text-align: justify;\"><b>6. \u0110\u01a1n v\u1ecb thi\u1ebft k\u1ebf v\u00e0 thi c\u00f4ng v\u00e1ch tivi nh\u1ef1a gi\u1ea3 g\u1ed7<\/b><\/h2>\n<p style=\"text-align: justify;\"><span style=\"font-weight: 400;\">Khi l\u1ef1a ch\u1ecdn <\/span>v\u00e1ch tivi nh\u1ef1a gi\u1ea3 g\u1ed7<span style=\"font-weight: 400;\">, vi\u1ec7c t\u00ecm ki\u1ebfm m\u1ed9t \u0111\u01a1n v\u1ecb thi\u1ebft k\u1ebf v\u00e0 thi c\u00f4ng uy t\u00edn, chuy\u00ean nghi\u1ec7p l\u00e0 \u0111i\u1ec1u v\u00f4 c\u00f9ng quan tr\u1ecdng. Nh\u1eefng \u0111\u01a1n v\u1ecb chuy\u00ean nghi\u1ec7p s\u1ebd kh\u00f4ng ch\u1ec9 mang \u0111\u1ebfn cho b\u1ea1n nh\u1eefng s\u1ea3n ph\u1ea9m ch\u1ea5t l\u01b0\u1ee3ng, m\u00e0 c\u00f2n gi\u00fap t\u1ed1i \u01b0u h\u00f3a chi ph\u00ed v\u00e0 thi c\u00f4ng nhanh ch\u00f3ng, \u0111\u1ea3m b\u1ea3o ch\u1ea5t l\u01b0\u1ee3ng c\u00f4ng tr\u00ecnh.<\/span><\/p>\n<p style=\"text-align: justify;\"><span style=\"font-weight: 400;\">N\u1ebfu b\u1ea1n \u0111ang t\u00ecm ki\u1ebfm m\u1ed9t \u0111\u01a1n v\u1ecb uy t\u00edn \u0111\u1ec3 thi\u1ebft k\u1ebf v\u00e0 thi c\u00f4ng v\u00e1ch tivi nh\u1ef1a gi\u1ea3 g\u1ed7, <\/span><b>Nh\u1ea5t Nam<\/b><span style=\"font-weight: 400;\"> l\u00e0 l\u1ef1a ch\u1ecdn \u0111\u00e1ng tin c\u1eady. V\u1edbi kinh nghi\u1ec7m th\u1ef1c t\u1ebf trong h\u00e0ng tr\u0103m c\u00f4ng tr\u00ecnh l\u1edbn nh\u1ecf, \u0111\u1ed9i ng\u0169 c\u1ee7a Nh\u1ea5t Nam lu\u00f4n \u0111\u1eb7t y\u1ebfu t\u1ed1 th\u1ea9m m\u1ef9 v\u00e0 c\u00f4ng n\u0103ng l\u00ean h\u00e0ng \u0111\u1ea7u. Ch\u00fang t\u00f4i t\u01b0 v\u1ea5n gi\u1ea3i ph\u00e1p ph\u00f9 h\u1ee3p v\u1edbi t\u1eebng kh\u00f4ng gian, t\u1eeb nh\u00e0 ph\u1ed1 \u0111\u1ebfn chung c\u01b0, gi\u00fap kh\u00e1ch h\u00e0ng t\u1ed1i \u01b0u di\u1ec7n t\u00edch v\u00e0 \u0111\u1ea3m b\u1ea3o t\u00ednh h\u00e0i h\u00f2a t\u1ed5ng th\u1ec3. Ch\u1ea5t li\u1ec7u \u0111\u01b0\u1ee3c l\u1ef1a ch\u1ecdn k\u1ef9 l\u01b0\u1ee1ng, thi c\u00f4ng \u0111\u00fang ti\u1ebfn \u0111\u1ed9, \u0111\u1ea3m b\u1ea3o mang \u0111\u1ebfn s\u1ef1 h\u00e0i l\u00f2ng l\u00e2u d\u00e0i cho t\u1eebng kh\u00e1ch h\u00e0ng.<\/span><\/p>\n<p style=\"text-align: justify;\"><span style=\"font-weight: 400;\">Khi l\u1ef1a ch\u1ecdn <\/span><b>Nh\u1ea5t Nam<\/b><span style=\"font-weight: 400;\"> l\u00e0m \u0111\u1ed1i t\u00e1c thi\u1ebft k\u1ebf v\u00e0 thi c\u00f4ng, b\u1ea1n s\u1ebd nh\u1eadn \u0111\u01b0\u1ee3c:<\/span><\/p>\n<ul style=\"text-align: justify;\">\n<li style=\"font-weight: 400;\" aria-level=\"1\"><span style=\"font-weight: 400;\">\u0110\u1ed9i ng\u0169 nh\u00e2n vi\u00ean c\u1ee7a ch\u00fang t\u00f4i s\u1ebd t\u01b0 v\u1ea5n cho b\u1ea1n v\u1ec1 c\u00e1c m\u1eabu v\u00e1ch tivi nh\u1ef1a gi\u1ea3 g\u1ed7 ph\u00f9 h\u1ee3p v\u1edbi kh\u00f4ng gian s\u1ed1ng c\u1ee7a b\u1ea1n.<\/span><\/li>\n<li style=\"font-weight: 400;\" aria-level=\"1\"><span style=\"font-weight: 400;\">Ch\u00fang t\u00f4i cam k\u1ebft thi c\u00f4ng \u0111\u00fang ti\u1ebfn \u0111\u1ed9 c\u00f4ng tr\u00ecnh<\/span><\/li>\n<li style=\"font-weight: 400;\" aria-level=\"1\"><span style=\"font-weight: 400;\">T\u1ea5t c\u1ea3 c\u00e1c s\u1ea3n ph\u1ea9m c\u1ee7a <\/span><b>Nh\u1ea5t Nam<\/b><span style=\"font-weight: 400;\"> \u0111\u1ec1u \u0111\u01b0\u1ee3c l\u00e0m t\u1eeb v\u1eadt li\u1ec7u cao c\u1ea5p, \u0111\u1ea3m b\u1ea3o \u0111\u1ed9 b\u1ec1n v\u00e0 t\u00ednh th\u1ea9m m\u1ef9 v\u01b0\u1ee3t tr\u1ed9i.<\/span><\/li>\n<\/ul>\n<p style=\"text-align: justify;\"><span style=\"font-weight: 400;\">H\u00e3y li\u00ean h\u1ec7 ngay v\u1edbi ch\u00fang t\u00f4i \u0111\u1ec3 \u0111\u01b0\u1ee3c t\u01b0 v\u1ea5n v\u00e0 s\u1edf h\u1eefu nh\u1eefng m\u1eabu v\u00e1ch tivi nh\u1ef1a gi\u1ea3 g\u1ed7 ph\u00f9 h\u1ee3p cho ng\u00f4i nh\u00e0 c\u1ee7a b\u1ea1n!<\/span><\/p>\n<p style=\"text-align: justify;\">\n","protected":false},"excerpt":{"rendered":"<p style=\"text-align: justify;\"><span style=\"font-weight: 400;\">V\u00e1ch tivi nh\u1ef1a gi\u1ea3 g\u1ed7 l\u00e0 l\u1ef1a ch\u1ecdn tinh t\u1ebf cho kh\u00f4ng gian s\u1ed1ng hi\u1ec7n \u0111\u1ea1i. <\/span><\/p>\n<p style=\"text-align: justify;\"><span style=\"font-weight: 400;\">V\u1edbi thi\u1ebft k\u1ebf \u0111\u01a1n gi\u1ea3n, m\u00e0u s\u1eafc h\u00e0i h\u00f2a v\u00e0 \u0111\u01b0\u1eddng v\u00e2n g\u1ed7 t\u1ef1 nhi\u00ean, s\u1ea3n ph\u1ea9m kh\u00f4ng ch\u1ec9 t\u1ea1o \u0111i\u1ec3m nh\u1ea5n nh\u1eb9 nh\u00e0ng cho ph\u00f2ng kh\u00e1ch m\u00e0 c\u00f2n gi\u00fap kh\u00f4ng gian th\u00eam ph\u1ea7n \u1ea5m c\u00fang, thanh l\u1ecbch.<\/span><\/p>\n<p style=\"text-align: justify;\"><span style=\"font-weight: 400;\"> Ch\u1ea5t li\u1ec7u nh\u1ef1a b\u1ec1n nh\u1eb9, d\u1ec5 l\u1eafp \u0111\u1eb7t v\u00e0 ph\u00f9 h\u1ee3p v\u1edbi nhi\u1ec1u phong c\u00e1ch n\u1ed9i th\u1ea5t, t\u1eeb t\u1ed1i gi\u1ea3n \u0111\u1ebfn t\u00e2n c\u1ed5 \u0111i\u1ec3n.<\/span><\/p>\n","protected":false},"featured_media":1920,"comment_status":"open","ping_status":"closed","template":"","meta":{"_acf_changed":false,"_gspb_post_css":""},"book-author":[],"product_brand":[],"product_cat":[130,131],"product_tag":[],"class_list":{"0":"post-1935","1":"product","2":"type-product","3":"status-publish","4":"has-post-thumbnail","6":"product_cat-noi-that-phong-khach","7":"product_cat-vach-tivi","9":"first","10":"instock","11":"shipping-taxable","12":"product-type-simple"},"acf":[],"_links":{"self":[{"href":"https:\/\/nhatnam.libion.me\/index.php\/wp-json\/wp\/v2\/product\/1935","targetHints":{"allow":["GET"]}}],"collection":[{"href":"https:\/\/nhatnam.libion.me\/index.php\/wp-json\/wp\/v2\/product"}],"about":[{"href":"https:\/\/nhatnam.libion.me\/index.php\/wp-json\/wp\/v2\/types\/product"}],"replies":[{"embeddable":true,"href":"https:\/\/nhatnam.libion.me\/index.php\/wp-json\/wp\/v2\/comments?post=1935"}],"wp:featuredmedia":[{"embeddable":true,"href":"https:\/\/nhatnam.libion.me\/index.php\/wp-json\/wp\/v2\/media\/1920"}],"wp:attachment":[{"href":"https:\/\/nhatnam.libion.me\/index.php\/wp-json\/wp\/v2\/media?parent=1935"}],"wp:term":[{"taxonomy":"book-author","embeddable":true,"href":"https:\/\/nhatnam.libion.me\/index.php\/wp-json\/wp\/v2\/book-author?post=1935"},{"taxonomy":"product_brand","embeddable":true,"href":"https:\/\/nhatnam.libion.me\/index.php\/wp-json\/wp\/v2\/product_brand?post=1935"},{"taxonomy":"product_cat","embeddable":true,"href":"https:\/\/nhatnam.libion.me\/index.php\/wp-json\/wp\/v2\/product_cat?post=1935"},{"taxonomy":"product_tag","embeddable":true,"href":"https:\/\/nhatnam.libion.me\/index.php\/wp-json\/wp\/v2\/product_tag?post=1935"}],"curies":[{"name":"wp","href":"https:\/\/api.w.org\/{rel}","templated":true}]}}