{"id":1927,"date":"2026-04-07T10:31:40","date_gmt":"2026-04-07T10:31:40","guid":{"rendered":"https:\/\/nhatnam.libion.me\/index.php\/product\/vach-tivi-van-da\/"},"modified":"2026-04-07T10:31:40","modified_gmt":"2026-04-07T10:31:40","slug":"vach-tivi-van-da","status":"publish","type":"product","link":"https:\/\/nhatnam.libion.me\/index.php\/product\/vach-tivi-van-da\/","title":{"rendered":"V\u00e1ch Tivi V\u00e2n \u0110\u00e1"},"content":{"rendered":"<p style=\"text-align: justify;\"><span style=\"font-weight: 400;\">V\u00e1ch tivi v\u00e2n \u0111\u00e1 l\u00e0 l\u1ef1a ch\u1ecdn tinh t\u1ebf gi\u00fap n\u00e2ng t\u1ea7m kh\u00f4ng gian s\u1ed1ng hi\u1ec7n \u0111\u1ea1i. V\u1edbi b\u1ec1 m\u1eb7t v\u00e2n \u0111\u00e1 s\u1ed1ng \u0111\u1ed9ng, s\u1eafc s\u1ea3o nh\u01b0 th\u1eadt, s\u1ea3n ph\u1ea9m t\u1ea1o \u0111i\u1ec3m nh\u1ea5n sang tr\u1ecdng cho khu v\u1ef1c \u0111\u1eb7t tivi, \u0111\u1ed3ng th\u1eddi che khuy\u1ebft \u0111i\u1ec3m t\u01b0\u1eddng hi\u1ec7u qu\u1ea3. Ch\u1ea5t li\u1ec7u nh\u1eb9, b\u1ec1n, ch\u1ed1ng \u1ea9m m\u1ed1c v\u00e0 d\u1ec5 v\u1ec7 sinh, ph\u00f9 h\u1ee3p v\u1edbi c\u1ea3 nh\u00e0 ph\u1ed1 l\u1eabn c\u0103n h\u1ed9 chung c\u01b0.\u00a0<\/span><\/p>\n<h2 style=\"text-align: justify;\"><b>1. Gi\u1edbi thi\u1ec7u chung v\u1ec1 v\u00e1ch tivi v\u00e2n \u0111\u00e1<\/b><img loading=\"lazy\" decoding=\"async\" class=\"aligncenter wp-image-6901 size-full\" src=\"https:\/\/nhatnam.org\/wp-content\/uploads\/2025\/05\/vach_tivi_van_da-8.jpg\" alt=\"V\u00e1ch Tivi V\u00e2n \u0110\u00e1\" width=\"1280\" height=\"960\" \/><\/h2>\n<p style=\"text-align: justify;\"><span style=\"font-weight: 400;\">V\u00e1ch tivi v\u00e2n \u0111\u00e1 l\u00e0 nh\u1eefng t\u1ea5m v\u00e1ch trang tr\u00ed ph\u00f2ng kh\u00e1ch \u0111\u01b0\u1ee3c l\u00e0m t\u1eeb c\u00e1c v\u1eadt li\u1ec7u c\u00f4ng nghi\u1ec7p nh\u01b0 nh\u1ef1a PVC, Picomat, MDF hay nh\u1ef1a gi\u1ea3 \u0111\u00e1, v\u1edbi b\u1ec1 m\u1eb7t ph\u1ee7 l\u1edbp film v\u00e2n \u0111\u00e1. Kh\u00e1c v\u1edbi v\u00e1ch tivi \u0111\u00e1 t\u1ef1 nhi\u00ean, nh\u1eefng v\u1eadt li\u1ec7u n\u00e0y kh\u00f4ng ch\u1ec9 ti\u1ebft ki\u1ec7m chi ph\u00ed m\u00e0 c\u00f2n c\u00f3 nhi\u1ec1u \u01b0u \u0111i\u1ec3m v\u1ec1 \u0111\u1ed9 b\u1ec1n, d\u1ec5 thi c\u00f4ng v\u00e0 b\u1ea3o d\u01b0\u1ee1ng. T\u1eeb nh\u1eefng n\u0103m g\u1ea7n \u0111\u00e2y, xu h\u01b0\u1edbng v\u00e1ch tivi v\u00e2n \u0111\u00e1 \u0111\u00e3 tr\u1edf th\u00e0nh s\u1ef1 l\u1ef1a ch\u1ecdn ph\u1ed5 bi\u1ebfn c\u1ee7a c\u00e1c gia ch\u1ee7, \u0111\u1eb7c bi\u1ec7t l\u00e0 nh\u1eefng ng\u01b0\u1eddi y\u00eau th\u00edch kh\u00f4ng gian hi\u1ec7n \u0111\u1ea1i nh\u01b0ng kh\u00f4ng mu\u1ed1n b\u1ecf ra qu\u00e1 nhi\u1ec1u chi ph\u00ed cho \u0111\u00e1 t\u1ef1 nhi\u00ean.<\/span><\/p>\n<p style=\"text-align: justify;\"><span style=\"font-weight: 400;\">Nh\u1eefng m\u1eabu v\u00e1ch tivi v\u00e2n \u0111\u00e1 hi\u1ec7n nay mang l\u1ea1i v\u1ebb \u0111\u1eb9p sang tr\u1ecdng v\u00e0 \u0111\u1eb3ng c\u1ea5p cho kh\u00f4ng gian ph\u00f2ng kh\u00e1ch, t\u1ea1o \u0111i\u1ec3m nh\u1ea5n \u1ea5n t\u01b0\u1ee3ng ngay t\u1eeb c\u00e1i nh\u00ecn \u0111\u1ea7u ti\u00ean. S\u1ef1 ph\u00e1t tri\u1ec3n m\u1ea1nh m\u1ebd c\u1ee7a c\u00e1c c\u00f4ng ngh\u1ec7 s\u1ea3n xu\u1ea5t v\u1eadt li\u1ec7u c\u00f4ng nghi\u1ec7p gi\u00fap cho v\u00e1ch tivi v\u00e2n \u0111\u00e1 ng\u00e0y c\u00e0ng \u0111a d\u1ea1ng v\u1ec1 m\u1eabu m\u00e3 v\u00e0 ch\u1ea5t li\u1ec7u, \u0111\u00e1p \u1ee9ng nhu c\u1ea7u c\u1ee7a m\u1ecdi phong c\u00e1ch thi\u1ebft k\u1ebf n\u1ed9i th\u1ea5t.<\/span><\/p>\n<h2 style=\"text-align: justify;\"><b>2. \u01afu \u0111i\u1ec3m c\u1ee7a v\u00e1ch tivi v\u00e2n \u0111\u00e1<\/b><\/h2>\n<p><img loading=\"lazy\" decoding=\"async\" class=\"aligncenter wp-image-6895 size-full\" src=\"https:\/\/nhatnam.org\/wp-content\/uploads\/2025\/05\/vach_tivi_van_da-2.jpg\" alt=\"V\u00e1ch Tivi V\u00e2n \u0110\u00e1\" width=\"1280\" height=\"960\" \/><\/p>\n<p style=\"text-align: justify;\"><b>Ti\u1ebft ki\u1ec7m chi ph\u00ed<\/b><\/p>\n<p style=\"text-align: justify;\"><span style=\"font-weight: 400;\">So v\u1edbi \u0111\u00e1 t\u1ef1 nhi\u00ean, v\u00e1ch tivi v\u00e2n \u0111\u00e1 l\u00e0m t\u1eeb nh\u1ef1a PVC ho\u1eb7c c\u00e1c v\u1eadt li\u1ec7u c\u00f4ng nghi\u1ec7p c\u00f3 gi\u00e1 th\u00e0nh r\u1ebb h\u01a1n nhi\u1ec1u. Vi\u1ec7c s\u1eed d\u1ee5ng c\u00e1c t\u1ea5m nh\u1ef1a v\u00e2n \u0111\u00e1 gi\u00fap gia ch\u1ee7 ti\u1ebft ki\u1ec7m \u0111\u01b0\u1ee3c m\u1ed9t kho\u1ea3n chi ph\u00ed \u0111\u00e1ng k\u1ec3 m\u00e0 v\u1eabn \u0111\u1ea1t \u0111\u01b0\u1ee3c hi\u1ec7u qu\u1ea3 th\u1ea9m m\u1ef9 cao. \u0110\u1ed3ng th\u1eddi, chi ph\u00ed thi c\u00f4ng c\u0169ng th\u1ea5p h\u01a1n v\u00ec v\u1eadt li\u1ec7u nh\u1eb9 v\u00e0 d\u1ec5 thi c\u00f4ng.<\/span><\/p>\n<p style=\"text-align: justify;\"><b>\u0110\u1ed9 b\u1ec1n cao<\/b><\/p>\n<p style=\"text-align: justify;\"><span style=\"font-weight: 400;\">M\u1ed9t trong nh\u1eefng \u01b0u \u0111i\u1ec3m n\u1ed5i b\u1eadt c\u1ee7a v\u00e1ch tivi PVC v\u00e2n \u0111\u00e1 l\u00e0 \u0111\u1ed9 b\u1ec1n cao. Ch\u1ea5t li\u1ec7u nh\u1ef1a PVC kh\u00f4ng d\u1ec5 b\u1ecb n\u1ee9t v\u1ee1, cong v\u00eanh hay b\u1ecb \u1ea3nh h\u01b0\u1edfng b\u1edfi m\u00f4i tr\u01b0\u1eddng nh\u01b0 \u0111\u00e1 t\u1ef1 nhi\u00ean. V\u00e1ch tivi v\u00e2n \u0111\u00e1 c\u00f3 kh\u1ea3 n\u0103ng ch\u1ed1ng th\u1ea5m n\u01b0\u1edbc, ch\u1ed1ng m\u1ed1i m\u1ecdt v\u00e0 kh\u00f4ng b\u1ecb oxi h\u00f3a theo th\u1eddi gian. \u0110i\u1ec1u n\u00e0y gi\u00fap s\u1ea3n ph\u1ea9m duy tr\u00ec \u0111\u1ed9 m\u1edbi, b\u1ec1n \u0111\u1eb9p trong nhi\u1ec1u n\u0103m m\u00e0 kh\u00f4ng c\u1ea7n b\u1ea3o d\u01b0\u1ee1ng qu\u00e1 nhi\u1ec1u.<\/span><\/p>\n<p style=\"text-align: justify;\"><b>Thi c\u00f4ng d\u1ec5 d\u00e0ng<\/b><\/p>\n<p style=\"text-align: justify;\"><span style=\"font-weight: 400;\">C\u00e1c t\u1ea5m v\u00e1ch tivi v\u00e2n \u0111\u00e1 l\u00e0m t\u1eeb nh\u1ef1a PVC ho\u1eb7c MDF r\u1ea5t d\u1ec5 thi c\u00f4ng. Ch\u00fang c\u00f3 tr\u1ecdng l\u01b0\u1ee3ng nh\u1eb9, d\u1ec5 d\u00e0ng c\u1eaft, l\u1eafp \u0111\u1eb7t v\u00e0 b\u1ea3o d\u01b0\u1ee1ng. So v\u1edbi \u0111\u00e1 t\u1ef1 nhi\u00ean, vi\u1ec7c thi c\u00f4ng v\u00e1ch tivi v\u00e2n \u0111\u00e1 \u0111\u01a1n gi\u1ea3n h\u01a1n nhi\u1ec1u, kh\u00f4ng c\u1ea7n nh\u1eefng c\u00f4ng \u0111o\u1ea1n ph\u1ee9c t\u1ea1p nh\u01b0 c\u1eaft, m\u00e0i \u0111\u00e1. \u0110i\u1ec1u n\u00e0y gi\u00fap ti\u1ebft ki\u1ec7m th\u1eddi gian v\u00e0 chi ph\u00ed thi c\u00f4ng cho gia ch\u1ee7.<\/span><\/p>\n<p style=\"text-align: justify;\"><b>M\u1eabu m\u00e3 \u0111a d\u1ea1ng<\/b><\/p>\n<p style=\"text-align: justify;\"><span style=\"font-weight: 400;\">V\u1edbi v\u00e1ch tivi v\u00e2n \u0111\u00e1, b\u1ea1n c\u00f3 th\u1ec3 l\u1ef1a ch\u1ecdn t\u1eeb nhi\u1ec1u m\u00e0u s\u1eafc v\u00e0 m\u1eabu m\u00e3 kh\u00e1c nhau. T\u1eeb c\u00e1c m\u1eabu v\u00e2n \u0111\u00e1 c\u1ea9m th\u1ea1ch sang tr\u1ecdng, v\u00e2n \u0111\u00e1 marble tinh t\u1ebf \u0111\u1ebfn c\u00e1c m\u1eabu v\u00e2n \u0111\u00e1 granite n\u1ed5i b\u1eadt, b\u1ea1n c\u00f3 th\u1ec3 d\u1ec5 d\u00e0ng t\u00ecm th\u1ea5y m\u1ed9t m\u1eabu v\u00e1ch ph\u00f9 h\u1ee3p v\u1edbi phong c\u00e1ch thi\u1ebft k\u1ebf ph\u00f2ng kh\u00e1ch c\u1ee7a m\u00ecnh. Vi\u1ec7c l\u1ef1a ch\u1ecdn v\u00e1ch tivi v\u00e2n \u0111\u00e1 gi\u00fap b\u1ea1n t\u1ea1o n\u00ean kh\u00f4ng gian s\u1ed1ng \u1ea5n t\u01b0\u1ee3ng m\u00e0 v\u1eabn \u0111\u1ea7y t\u00ednh th\u1ea9m m\u1ef9.<\/span><\/p>\n<p style=\"text-align: justify;\"><b>Ch\u1ed1ng th\u1ea5m n\u01b0\u1edbc v\u00e0 ch\u1ed1ng m\u1ed1i m\u1ecdt<\/b><\/p>\n<p style=\"text-align: justify;\"><span style=\"font-weight: 400;\"><span style=\"color: #000080;\"><a style=\"color: #000080;\" href=\"https:\/\/nhatnam.org\/san-pham\/vach-tivi-pvc\/\" target=\"_blank\" rel=\"noopener\">V\u00e1ch tivi PVC<\/a> <\/span> v\u00e2n \u0111\u00e1 l\u00e0m t\u1eeb nh\u1ef1a PVC c\u00f3 kh\u1ea3 n\u0103ng ch\u1ed1ng th\u1ea5m n\u01b0\u1edbc v\u00e0 ch\u1ed1ng m\u1ed1i m\u1ecdt tuy\u1ec7t v\u1eddi. \u0110\u00e2y l\u00e0 m\u1ed9t \u0111\u1eb7c \u0111i\u1ec3m v\u01b0\u1ee3t tr\u1ed9i so v\u1edbi \u0111\u00e1 t\u1ef1 nhi\u00ean, gi\u00fap v\u00e1ch tivi b\u1ec1n b\u1ec9 h\u01a1n trong m\u00f4i tr\u01b0\u1eddng ph\u00f2ng kh\u00e1ch c\u00f3 \u0111\u1ed9 \u1ea9m cao, nh\u01b0 trong nh\u1eefng ng\u00e0y m\u01b0a ho\u1eb7c trong nh\u1eefng c\u0103n h\u1ed9 g\u1ea7n bi\u1ec3n.<\/span><\/p>\n<h2 style=\"text-align: justify;\"><b>3. C\u00e1c lo\u1ea1i v\u1eadt li\u1ec7u d\u00f9ng \u0111\u1ec3 l\u00e0m v\u00e1ch tivi v\u00e2n \u0111\u00e1\u00a0<\/b><\/h2>\n<p style=\"text-align: justify;\"><span style=\"font-weight: 400;\">C\u00f3 nhi\u1ec1u lo\u1ea1i v\u1eadt li\u1ec7u c\u00f4ng nghi\u1ec7p \u0111\u01b0\u1ee3c s\u1eed d\u1ee5ng \u0111\u1ec3 l\u00e0m v\u00e1ch tivi v\u00e2n \u0111\u00e1, m\u1ed7i lo\u1ea1i c\u00f3 nh\u1eefng \u01b0u \u0111i\u1ec3m ri\u00eang v\u00e0 ph\u00f9 h\u1ee3p v\u1edbi c\u00e1c phong c\u00e1ch thi\u1ebft k\u1ebf kh\u00e1c nhau.<\/span><\/p>\n<p style=\"text-align: justify;\"><b>V\u00e1ch tivi PVC v\u00e2n \u0111\u00e1<\/b><\/p>\n<p><img loading=\"lazy\" decoding=\"async\" class=\"aligncenter wp-image-6899 size-full\" src=\"https:\/\/nhatnam.org\/wp-content\/uploads\/2025\/05\/vach_tivi_van_da-6.jpg\" alt=\"V\u00e1ch Tivi V\u00e2n \u0110\u00e1\" width=\"1280\" height=\"960\" \/><\/p>\n<p style=\"text-align: justify;\"><span style=\"font-weight: 400;\">T\u1ea5m nh\u1ef1a PVC v\u00e2n \u0111\u00e1 l\u00e0 v\u1eadt li\u1ec7u ph\u1ed5 bi\u1ebfn nh\u1ea5t \u0111\u01b0\u1ee3c s\u1eed d\u1ee5ng trong vi\u1ec7c t\u1ea1o ra v\u00e1ch tivi v\u00e2n \u0111\u00e1. Nh\u1eefng t\u1ea5m v\u00e1ch n\u00e0y c\u00f3 b\u1ec1 m\u1eb7t ph\u1ee7 v\u00e2n \u0111\u00e1 s\u1eafc n\u00e9t, gi\u1ed1ng nh\u01b0 \u0111\u00e1 t\u1ef1 nhi\u00ean \u0111\u1ebfn 99% nh\u01b0ng l\u1ea1i c\u00f3 tr\u1ecdng l\u01b0\u1ee3ng nh\u1eb9 v\u00e0 d\u1ec5 thi c\u00f4ng. \u0110i\u1ec3m n\u1ed5i b\u1eadt c\u1ee7a t\u1ea5m PVC v\u00e2n \u0111\u00e1 l\u00e0 s\u1edf h\u1eefu l\u1edbp hoa v\u0103n m\u00f4 ph\u1ecfng \u0111\u00e1 t\u1ef1 nhi\u00ean s\u1ed1ng \u0111\u1ed9ng, mang l\u1ea1i c\u1ea3m gi\u00e1c ch\u00e2n th\u1ef1c g\u1ea7n nh\u01b0 tuy\u1ec7t \u0111\u1ed1i. V\u00e1ch tivi nh\u1ef1a gi\u1ea3 \u0111\u00e1 mang l\u1ea1i v\u1ebb \u0111\u1eb9p sang tr\u1ecdng v\u00e0 \u0111\u1eb3ng c\u1ea5p nh\u01b0ng kh\u00f4ng \u0111\u1eaft \u0111\u1ecf nh\u01b0 \u0111\u00e1 t\u1ef1 nhi\u00ean.<\/span><\/p>\n<p style=\"text-align: justify;\"><strong>V\u00e1ch tivi MDF v\u00e2n \u0111\u00e1<\/strong><\/p>\n<p><img loading=\"lazy\" decoding=\"async\" class=\"aligncenter wp-image-6897 size-full\" src=\"https:\/\/nhatnam.org\/wp-content\/uploads\/2025\/05\/vach_tivi_van_da-4.jpg\" alt=\"V\u00e1ch Tivi V\u00e2n \u0110\u00e1\" width=\"1280\" height=\"960\" \/><\/p>\n<p style=\"text-align: justify;\"><span style=\"font-weight: 400;\">MDF ph\u1ee7 v\u00e2n \u0111\u00e1 c\u0169ng l\u00e0 m\u1ed9t l\u1ef1a ch\u1ecdn \u0111\u01b0\u1ee3c nhi\u1ec1u gia ch\u1ee7 \u01b0a chu\u1ed9ng. Ch\u1ea5t li\u1ec7u MDF c\u00f3 b\u1ec1 m\u1eb7t ph\u1eb3ng m\u1ecbn, d\u1ec5 gia c\u00f4ng v\u00e0 c\u00f3 kh\u1ea3 n\u0103ng ch\u1ed1ng \u1ea9m t\u1ed1t. Khi ph\u1ee7 l\u1edbp v\u00e2n \u0111\u00e1 l\u00ean, t\u1ea5m v\u00e1ch tivi MDF mang l\u1ea1i v\u1ebb \u0111\u1eb9p tinh t\u1ebf v\u00e0 sang tr\u1ecdng. V\u00e1ch tivi MDF v\u00e2n \u0111\u00e1 l\u00e0 s\u1ef1 l\u1ef1a ch\u1ecdn tuy\u1ec7t v\u1eddi cho nh\u1eefng ai y\u00eau th\u00edch s\u1ef1 \u0111\u01a1n gi\u1ea3n, thanh l\u1ecbch.<\/span><\/p>\n<h4 style=\"text-align: justify;\"><b>V\u00e1ch tivi nh\u1ef1a gi\u1ea3 \u0111\u00e1<\/b><\/h4>\n<p><img loading=\"lazy\" decoding=\"async\" class=\"aligncenter wp-image-6903 size-full\" src=\"https:\/\/nhatnam.org\/wp-content\/uploads\/2025\/05\/10.jpg\" alt=\"\" width=\"1280\" height=\"960\" \/><\/p>\n<p style=\"text-align: justify;\"><span style=\"font-weight: 400;\">T\u1ea5m \u1ed1p than tre v\u00e2n \u0111\u00e1 \u0111\u01b0\u1ee3c l\u00e0m t\u1eeb nh\u1ef1a t\u1ed5ng h\u1ee3p composite v\u1edbi l\u1edbp ph\u1ee7 v\u00e2n \u0111\u00e1, v\u00e1ch tivi nh\u1ef1a gi\u1ea3 \u0111\u00e1 gi\u00fap t\u00e1i hi\u1ec7n v\u1ebb \u0111\u1eb9p c\u1ee7a \u0111\u00e1 t\u1ef1 nhi\u00ean m\u1ed9t c\u00e1ch ch\u00e2n th\u1eadt. T\u1ea5m \u1ed1p than tre \u0111\u01b0\u1ee3c c\u1ea5u t\u1ea1o t\u1eeb nhi\u1ec1u l\u1edbp li\u00ean k\u1ebft ch\u1eafc ch\u1eafn b\u1eb1ng keo nhi\u1ec7t v\u00e0 c\u00f4ng ngh\u1ec7 \u00e9p n\u00f3ng hi\u1ec7n \u0111\u1ea1i. S\u1ea3n ph\u1ea9m c\u00f3 thi\u1ebft k\u1ebf \u0111a d\u1ea1ng v\u00e2n \u0111\u00e1 c\u1ea9m th\u1ea1ch, \u0111\u00e1 \u00e1nh kim, v\u00e2n g\u01b0\u01a1ng hay kim lo\u1ea1i, mang \u0111\u1ebfn gi\u1ea3i ph\u00e1p thay th\u1ebf l\u00fd t\u01b0\u1edfng cho g\u1ed7 t\u1ef1 nhi\u00ean, \u0111\u00e1 t\u1ef1 nhi\u00ean v\u00e0 g\u01b0\u01a1ng truy\u1ec1n th\u1ed1ng.<\/span><\/p>\n<h2 style=\"text-align: justify;\"><b>4. M\u1ed9t s\u1ed1 m\u1eabu v\u00e1ch tivi v\u00e2n \u0111\u00e1 ph\u1ed5 bi\u1ebfn hi\u1ec7n nay<\/b><b><br \/>\n<\/b><\/h2>\n<p style=\"text-align: justify;\"><img loading=\"lazy\" decoding=\"async\" class=\"aligncenter wp-image-6894 size-full\" src=\"https:\/\/nhatnam.org\/wp-content\/uploads\/2025\/05\/vach_tivi_van_da-1.jpg\" alt=\"\" width=\"1280\" height=\"960\" \/><\/p>\n<p style=\"text-align: justify;\">\u00a0<img loading=\"lazy\" decoding=\"async\" class=\"aligncenter wp-image-6896 size-full\" src=\"https:\/\/nhatnam.org\/wp-content\/uploads\/2025\/05\/vach_tivi_van_da-3.jpg\" alt=\"\" width=\"1280\" height=\"960\" \/><\/p>\n<p style=\"text-align: justify;\">\u00a0<img loading=\"lazy\" decoding=\"async\" class=\"wp-image-6898 size-full aligncenter\" src=\"https:\/\/nhatnam.org\/wp-content\/uploads\/2025\/05\/vach_tivi_van_da-5.jpg\" alt=\"\" width=\"1280\" height=\"960\" \/><\/p>\n<p style=\"text-align: justify;\"><img loading=\"lazy\" decoding=\"async\" class=\"aligncenter wp-image-6900 size-full\" src=\"https:\/\/nhatnam.org\/wp-content\/uploads\/2025\/05\/vach_tivi_van_da-7.jpg\" alt=\"\" width=\"1280\" height=\"960\" \/><\/p>\n<h2 style=\"text-align: justify;\"><b>5. V\u00e1ch tivi v\u00e2n \u0111\u00e1 ph\u00f9 h\u1ee3p v\u1edbi phong c\u00e1ch n\u1ed9i th\u1ea5t n\u00e0o?<\/b><\/h2>\n<p style=\"text-align: justify;\"><b>Phong c\u00e1ch hi\u1ec7n \u0111\u1ea1i<\/b><\/p>\n<p style=\"text-align: justify;\"><span style=\"font-weight: 400;\">V\u1edbi thi\u1ebft k\u1ebf t\u1ed1i gi\u1ea3n v\u00e0 thanh l\u1ecbch, v\u00e1ch tivi nh\u1ef1a gi\u1ea3 \u0111\u00e1 l\u00e0 s\u1ef1 l\u1ef1a ch\u1ecdn l\u00fd t\u01b0\u1edfng cho c\u00e1c c\u0103n ph\u00f2ng theo phong c\u00e1ch hi\u1ec7n \u0111\u1ea1i. M\u1eabu v\u00e1ch tivi v\u00e2n \u0111\u00e1 m\u00e0u s\u00e1ng nh\u01b0 tr\u1eafng, x\u00e1m ho\u1eb7c marble gi\u00fap t\u1ea1o kh\u00f4ng gian m\u1edf, tho\u00e1ng \u0111\u00e3ng, \u0111\u1ed3ng th\u1eddi mang l\u1ea1i v\u1ebb \u0111\u1eb9p sang tr\u1ecdng, tr\u1ebb trung cho c\u0103n ph\u00f2ng.<\/span><\/p>\n<p style=\"text-align: justify;\"><b>Phong c\u00e1ch c\u1ed5 \u0111i\u1ec3n v\u00e0 luxury<\/b><\/p>\n<p style=\"text-align: justify;\"><span style=\"font-weight: 400;\">\u0110\u1ed1i v\u1edbi nh\u1eefng kh\u00f4ng gian theo phong c\u00e1ch c\u1ed5 \u0111i\u1ec3n ho\u1eb7c luxury, v\u00e1ch tivi v\u00e2n \u0111\u00e1 m\u00e0u t\u1ed1i ho\u1eb7c k\u1ebft h\u1ee3p v\u1edbi c\u00e1c v\u1eadt li\u1ec7u g\u1ed7 t\u1ef1 nhi\u00ean l\u00e0 l\u1ef1a ch\u1ecdn l\u00fd t\u01b0\u1edfng. M\u1eabu v\u00e1ch n\u00e0y mang l\u1ea1i v\u1ebb \u0111\u1eb9p qu\u00fd ph\u00e1i, tinh t\u1ebf, t\u1ea1o s\u1ef1 h\u00e0i h\u00f2a v\u00e0 \u0111\u1eb3ng c\u1ea5p cho ph\u00f2ng kh\u00e1ch.<\/span><\/p>\n<p style=\"text-align: justify;\"><b>Phong c\u00e1ch t\u1ed1i gi\u1ea3n (Minimalism)<\/b><\/p>\n<p style=\"text-align: justify;\"><span style=\"font-weight: 400;\">Phong c\u00e1ch t\u1ed1i gi\u1ea3n y\u00eau c\u1ea7u nh\u1eefng m\u00f3n \u0111\u1ed3 n\u1ed9i th\u1ea5t c\u00f3 thi\u1ebft k\u1ebf \u0111\u01a1n gi\u1ea3n v\u00e0 tinh t\u1ebf. V\u00e1ch tivi v\u00e2n \u0111\u00e1 v\u1edbi c\u00e1c \u0111\u01b0\u1eddng v\u00e2n \u0111\u01a1n gi\u1ea3n, kh\u00f4ng qu\u00e1 c\u1ea7u k\u1ef3 l\u00e0 l\u1ef1a ch\u1ecdn ho\u00e0n h\u1ea3o cho phong c\u00e1ch n\u00e0y, t\u1ea1o n\u00ean kh\u00f4ng gian s\u1ed1ng g\u1ecdn g\u00e0ng v\u00e0 thanh tho\u00e1t.<\/span><\/p>\n<h2 style=\"text-align: justify;\"><b>6. L\u1ee3i \u00edch c\u1ee7a v\u00e1ch tivi v\u00e2n \u0111\u00e1 trong thi\u1ebft k\u1ebf n\u1ed9i th\u1ea5t<\/b><\/h2>\n<p style=\"text-align: justify;\"><b>T\u1ea1o \u0111i\u1ec3m nh\u1ea5n cho ph\u00f2ng kh\u00e1ch<\/b><\/p>\n<p style=\"text-align: justify;\"><span style=\"font-weight: 400;\">V\u1edbi s\u1ef1 \u0111a d\u1ea1ng v\u1ec1 m\u1eabu m\u00e3 v\u00e0 m\u00e0u s\u1eafc, v\u00e1ch tivi v\u00e2n \u0111\u00e1 l\u00e0 \u0111i\u1ec3m nh\u1ea5n n\u1ed5i b\u1eadt trong kh\u00f4ng gian ph\u00f2ng kh\u00e1ch. Kh\u00f4ng gian c\u1ee7a b\u1ea1n s\u1ebd tr\u1edf n\u00ean sang tr\u1ecdng v\u00e0 cu\u1ed1n h\u00fat h\u01a1n khi c\u00f3 s\u1ef1 xu\u1ea5t hi\u1ec7n c\u1ee7a nh\u1eefng t\u1ea5m v\u00e1ch tivi v\u00e2n \u0111\u00e1 n\u00e0y.<\/span><\/p>\n<p style=\"text-align: justify;\"><b>T\u0103ng t\u00ednh th\u1ea9m m\u1ef9<\/b><\/p>\n<p style=\"text-align: justify;\"><span style=\"font-weight: 400;\">V\u1ebb \u0111\u1eb9p c\u1ee7a v\u00e2n \u0111\u00e1, d\u00f9 l\u00e0 v\u00e2n gi\u1ea3 hay v\u00e2n t\u1ef1 nhi\u00ean, lu\u00f4n mang \u0111\u1ebfn s\u1ef1 sang tr\u1ecdng v\u00e0 tinh t\u1ebf cho c\u0103n ph\u00f2ng. \u0110\u1eb7c bi\u1ec7t, v\u1edbi v\u00e1ch tivi nh\u1ef1a gi\u1ea3 \u0111\u00e1, b\u1ea1n c\u00f3 th\u1ec3 t\u1eadn h\u01b0\u1edfng v\u1ebb \u0111\u1eb9p c\u1ee7a \u0111\u00e1 t\u1ef1 nhi\u00ean m\u00e0 kh\u00f4ng c\u1ea7n lo l\u1eafng v\u1ec1 chi ph\u00ed hay b\u1ea3o d\u01b0\u1ee1ng.<\/span><\/p>\n<p style=\"text-align: justify;\"><b>T\u1ea1o s\u1ef1 li\u00ean k\u1ebft v\u1edbi c\u00e1c m\u00f3n \u0111\u1ed3 n\u1ed9i th\u1ea5t kh\u00e1c<\/b><\/p>\n<p style=\"text-align: justify;\"><span style=\"font-weight: 400;\">V\u1edbi s\u1ef1 \u0111a d\u1ea1ng trong m\u00e0u s\u1eafc v\u00e0 m\u1eabu m\u00e3, v\u00e1ch tivi v\u00e2n \u0111\u00e1 d\u1ec5 d\u00e0ng k\u1ebft h\u1ee3p v\u1edbi c\u00e1c m\u00f3n \u0111\u1ed3 n\u1ed9i th\u1ea5t kh\u00e1c nh\u01b0 b\u00e0n tr\u00e0, k\u1ec7 tivi, gh\u1ebf sofa, t\u1ea1o ra m\u1ed9t kh\u00f4ng gian h\u00e0i h\u00f2a, \u0111\u1ed3ng nh\u1ea5t v\u00e0 th\u1ea9m m\u1ef9.<\/span><\/p>\n<h2 style=\"text-align: justify;\"><b>7. Nh\u1eefng l\u01b0u \u00fd khi ch\u1ecdn v\u00e1ch tivi v\u00e2n \u0111\u00e1<\/b><\/h2>\n<p style=\"text-align: justify;\"><b>Ch\u1ecdn m\u00e0u s\u1eafc ph\u00f9 h\u1ee3p<\/b><\/p>\n<p style=\"text-align: justify;\"><span style=\"font-weight: 400;\">Khi l\u1ef1a ch\u1ecdn v\u00e1ch tivi v\u00e2n \u0111\u00e1, b\u1ea1n c\u1ea7n l\u01b0u \u00fd ch\u1ecdn m\u00e0u s\u1eafc sao cho ph\u00f9 h\u1ee3p v\u1edbi t\u1ed5ng th\u1ec3 m\u00e0u s\u1eafc c\u1ee7a c\u0103n ph\u00f2ng, t\u1eeb t\u01b0\u1eddng, s\u00e0n nh\u00e0 \u0111\u1ebfn c\u00e1c m\u00f3n \u0111\u1ed3 n\u1ed9i th\u1ea5t. M\u00e0u s\u1eafc v\u00e2n \u0111\u00e1 n\u00ean t\u1ea1o s\u1ef1 h\u00e0i h\u00f2a v\u00e0 gi\u00fap c\u0103n ph\u00f2ng tr\u1edf n\u00ean s\u00e1ng s\u1ee7a, th\u00f4ng tho\u00e1ng h\u01a1n.<\/span><\/p>\n<p style=\"text-align: justify;\"><b>Ki\u1ec3m tra ch\u1ea5t li\u1ec7u v\u00e0 \u0111\u1ed9 b\u1ec1n<\/b><\/p>\n<p style=\"text-align: justify;\"><span style=\"font-weight: 400;\">N\u00ean ch\u1ecdn v\u00e1ch tivi nh\u1ef1a gi\u1ea3 \u0111\u00e1 t\u1eeb nh\u1eefng nh\u00e0 cung c\u1ea5p uy t\u00edn \u0111\u1ec3 \u0111\u1ea3m b\u1ea3o ch\u1ea5t l\u01b0\u1ee3ng v\u00e0 \u0111\u1ed9 b\u1ec1n c\u1ee7a s\u1ea3n ph\u1ea9m. Ki\u1ec3m tra k\u1ef9 c\u00e1c chi ti\u1ebft nh\u01b0 l\u1edbp v\u00e2n \u0111\u00e1, \u0111\u1ed9 d\u00e0y v\u00e0 kh\u1ea3 n\u0103ng ch\u1ed1ng th\u1ea5m c\u1ee7a v\u1eadt li\u1ec7u tr\u01b0\u1edbc khi quy\u1ebft \u0111\u1ecbnh mua.<\/span><\/p>\n<p style=\"text-align: justify;\"><b>Xem x\u00e9t phong c\u00e1ch thi\u1ebft k\u1ebf<\/b><\/p>\n<p style=\"text-align: justify;\"><span style=\"font-weight: 400;\">V\u00e1ch tivi nh\u1ef1a gi\u1ea3 \u0111\u00e1 c\u1ea7n ph\u1ea3i ph\u00f9 h\u1ee3p v\u1edbi phong c\u00e1ch thi\u1ebft k\u1ebf c\u1ee7a ph\u00f2ng kh\u00e1ch. Vi\u1ec7c l\u1ef1a ch\u1ecdn v\u00e1ch tivi kh\u00f4ng ph\u00f9 h\u1ee3p v\u1edbi phong c\u00e1ch c\u00f3 th\u1ec3 l\u00e0m m\u1ea5t \u0111i s\u1ef1 c\u00e2n \u0111\u1ed1i v\u00e0 h\u00e0i h\u00f2a c\u1ee7a kh\u00f4ng gian s\u1ed1ng.<\/span><\/p>\n<h2 style=\"text-align: justify;\"><b>8. B\u00e1o gi\u00e1 v\u00e0 chi ph\u00ed thi c\u00f4ng v\u00e1ch tivi v\u00e2n \u0111\u00e1<\/b><\/h2>\n<p style=\"text-align: justify;\"><span style=\"font-weight: 400;\">V\u00e1ch tivi PVC v\u00e2n \u0111\u00e1 l\u00e0 l\u1ef1a ch\u1ecdn ph\u1ed5 bi\u1ebfn cho kh\u00f4ng gian n\u1ed9i th\u1ea5t hi\u1ec7n \u0111\u1ea1i nh\u1edd v\u00e0o v\u1ebb \u0111\u1eb9p t\u1ef1 nhi\u00ean v\u00e0 t\u00ednh n\u0103ng b\u1ec1n b\u1ec9. Chi ph\u00ed cho vi\u1ec7c thi c\u00f4ng v\u00e1ch tivi th\u01b0\u1eddng \u0111\u01b0\u1ee3c t\u00ednh d\u1ef1a tr\u00ean di\u1ec7n t\u00edch v\u00e0 \u0111\u1ed9 ph\u1ee9c t\u1ea1p c\u1ee7a thi\u1ebft k\u1ebf. Y\u1ebfu t\u1ed1 nh\u01b0 lo\u1ea1i v\u1eadt li\u1ec7u, k\u00edch th\u01b0\u1edbc t\u1ea5m v\u00e1ch, c\u0169ng nh\u01b0 c\u00e1c y\u00eau c\u1ea7u thi c\u00f4ng \u0111\u1eb7c bi\u1ec7t s\u1ebd \u1ea3nh h\u01b0\u1edfng \u0111\u1ebfn t\u1ed5ng chi ph\u00ed. \u0110\u1ec3 c\u00f3 b\u00e1o gi\u00e1 chi ti\u1ebft v\u00e0 t\u01b0 v\u1ea5n ph\u00f9 h\u1ee3p, b\u1ea1n c\u00f3 th\u1ec3 li\u00ean h\u1ec7 tr\u1ef1c ti\u1ebfp v\u1edbi Nh\u1ea5t Nam \u0111\u1ec3 \u0111\u01b0\u1ee3c h\u1ed7 tr\u1ee3 t\u1ed1t nh\u1ea5t.<\/span><\/p>\n<h2 style=\"text-align: justify;\"><b>9. \u0110\u01a1n v\u1ecb cung c\u1ea5p v\u00e1ch tivi v\u00e2n \u0111\u00e1 uy t\u00edn<\/b><\/h2>\n<p style=\"text-align: justify;\"><b>Nh\u1ea5t Nam<\/b><span style=\"font-weight: 400;\"> l\u00e0 \u0111\u01a1n v\u1ecb uy t\u00edn cung c\u1ea5p <\/span><b>v\u00e1ch tivi v\u00e2n \u0111\u00e1<\/b><span style=\"font-weight: 400;\"> ch\u1ea5t l\u01b0\u1ee3ng cao, \u0111\u00e1p \u1ee9ng nhu c\u1ea7u trang tr\u00ed n\u1ed9i th\u1ea5t hi\u1ec7n \u0111\u1ea1i. V\u1edbi c\u00e1c s\u1ea3n ph\u1ea9m t\u1eeb nh\u1ef1a PVC, MDF ph\u1ee7 v\u00e2n \u0111\u00e1, <\/span><b>Nh\u1ea5t Nam<\/b><span style=\"font-weight: 400;\"> mang \u0111\u1ebfn cho b\u1ea1n s\u1ef1 l\u1ef1a ch\u1ecdn \u0111a d\u1ea1ng v\u1ec1 m\u1eabu m\u00e3, m\u00e0u s\u1eafc v\u00e0 ki\u1ec3u d\u00e1ng. \u0110\u1ed9i ng\u0169 t\u01b0 v\u1ea5n v\u00e0 thi c\u00f4ng chuy\u00ean nghi\u1ec7p gi\u00fap b\u1ea1n t\u1ea1o n\u00ean kh\u00f4ng gian ph\u00f2ng kh\u00e1ch sang tr\u1ecdng, tinh t\u1ebf. Cam k\u1ebft thi c\u00f4ng \u0111\u00fang ti\u1ebfn \u0111\u1ed9, b\u1ea3o h\u00e0nh d\u00e0i h\u1ea1n v\u00e0 d\u1ecbch v\u1ee5 ch\u0103m s\u00f3c kh\u00e1ch h\u00e0ng chu \u0111\u00e1o. <\/span><b>Nh\u1ea5t Nam<\/b><span style=\"font-weight: 400;\"> cung c\u1ea5p b\u00e1o gi\u00e1 minh b\u1ea1ch, h\u1ee3p l\u00fd, gi\u00fap b\u1ea1n ti\u1ebft ki\u1ec7m chi ph\u00ed m\u00e0 v\u1eabn s\u1edf h\u1eefu s\u1ea3n ph\u1ea9m \u0111\u1eb3ng c\u1ea5p.<\/span><\/p>\n","protected":false},"excerpt":{"rendered":"<p style=\"text-align: justify;\"><span style=\"font-weight: 400;\">V\u00e1ch tivi v\u00e2n \u0111\u00e1 l\u00e0 l\u1ef1a ch\u1ecdn tinh t\u1ebf gi\u00fap n\u00e2ng t\u1ea7m kh\u00f4ng gian s\u1ed1ng hi\u1ec7n \u0111\u1ea1i. V\u1edbi b\u1ec1 m\u1eb7t v\u00e2n \u0111\u00e1 s\u1ed1ng \u0111\u1ed9ng, s\u1eafc s\u1ea3o nh\u01b0 th\u1eadt, s\u1ea3n ph\u1ea9m t\u1ea1o \u0111i\u1ec3m nh\u1ea5n sang tr\u1ecdng cho khu v\u1ef1c \u0111\u1eb7t tivi, \u0111\u1ed3ng th\u1eddi che khuy\u1ebft \u0111i\u1ec3m t\u01b0\u1eddng hi\u1ec7u qu\u1ea3. <\/span><\/p>\n<p style=\"text-align: justify;\"><span style=\"font-weight: 400;\">Ch\u1ea5t li\u1ec7u nh\u1eb9, b\u1ec1n, ch\u1ed1ng \u1ea9m m\u1ed1c v\u00e0 d\u1ec5 v\u1ec7 sinh, ph\u00f9 h\u1ee3p v\u1edbi c\u1ea3 nh\u00e0 ph\u1ed1 l\u1eabn c\u0103n h\u1ed9 chung c\u01b0.\u00a0<\/span><\/p>\n","protected":false},"featured_media":1926,"comment_status":"open","ping_status":"closed","template":"","meta":{"_acf_changed":false,"_gspb_post_css":""},"book-author":[],"product_brand":[],"product_cat":[130,131],"product_tag":[],"class_list":{"0":"post-1927","1":"product","2":"type-product","3":"status-publish","4":"has-post-thumbnail","6":"product_cat-noi-that-phong-khach","7":"product_cat-vach-tivi","9":"first","10":"instock","11":"shipping-taxable","12":"product-type-simple"},"acf":[],"_links":{"self":[{"href":"https:\/\/nhatnam.libion.me\/index.php\/wp-json\/wp\/v2\/product\/1927","targetHints":{"allow":["GET"]}}],"collection":[{"href":"https:\/\/nhatnam.libion.me\/index.php\/wp-json\/wp\/v2\/product"}],"about":[{"href":"https:\/\/nhatnam.libion.me\/index.php\/wp-json\/wp\/v2\/types\/product"}],"replies":[{"embeddable":true,"href":"https:\/\/nhatnam.libion.me\/index.php\/wp-json\/wp\/v2\/comments?post=1927"}],"wp:featuredmedia":[{"embeddable":true,"href":"https:\/\/nhatnam.libion.me\/index.php\/wp-json\/wp\/v2\/media\/1926"}],"wp:attachment":[{"href":"https:\/\/nhatnam.libion.me\/index.php\/wp-json\/wp\/v2\/media?parent=1927"}],"wp:term":[{"taxonomy":"book-author","embeddable":true,"href":"https:\/\/nhatnam.libion.me\/index.php\/wp-json\/wp\/v2\/book-author?post=1927"},{"taxonomy":"product_brand","embeddable":true,"href":"https:\/\/nhatnam.libion.me\/index.php\/wp-json\/wp\/v2\/product_brand?post=1927"},{"taxonomy":"product_cat","embeddable":true,"href":"https:\/\/nhatnam.libion.me\/index.php\/wp-json\/wp\/v2\/product_cat?post=1927"},{"taxonomy":"product_tag","embeddable":true,"href":"https:\/\/nhatnam.libion.me\/index.php\/wp-json\/wp\/v2\/product_tag?post=1927"}],"curies":[{"name":"wp","href":"https:\/\/api.w.org\/{rel}","templated":true}]}}