{"id":1922,"date":"2026-04-07T10:31:32","date_gmt":"2026-04-07T10:31:32","guid":{"rendered":"https:\/\/nhatnam.libion.me\/index.php\/product\/vach-tivi-lam-song\/"},"modified":"2026-04-07T10:31:37","modified_gmt":"2026-04-07T10:31:37","slug":"vach-tivi-lam-song","status":"publish","type":"product","link":"https:\/\/nhatnam.libion.me\/product\/vach-tivi-lam-song\/","title":{"rendered":"V\u00e1ch Tivi Lam S\u00f3ng"},"content":{"rendered":"<p style=\"text-align: justify;\"><span style=\"font-weight: 400;\">V\u00e1ch tivi lam s\u00f3ng hi\u1ec7n nay \u0111ang tr\u1edf th\u00e0nh m\u1ed9t trong nh\u1eefng xu h\u01b0\u1edbng thi\u1ebft k\u1ebf n\u1ed9i th\u1ea5t ph\u1ed5 bi\u1ebfn, \u0111\u1eb7c bi\u1ec7t trong kh\u00f4ng gian ph\u00f2ng kh\u00e1ch c\u1ee7a nhi\u1ec1u gia \u0111\u00ecnh. V\u1edbi s\u1ef1 k\u1ebft h\u1ee3p h\u00e0i h\u00f2a gi\u1eefa t\u00ednh th\u1ea9m m\u1ef9 v\u00e0 t\u00ednh n\u0103ng s\u1eed d\u1ee5ng, v\u00e1ch tivi lam s\u00f3ng kh\u00f4ng ch\u1ec9 gi\u00fap ph\u00f2ng kh\u00e1ch tr\u1edf n\u00ean sang tr\u1ecdng, hi\u1ec7n \u0111\u1ea1i m\u00e0 c\u00f2n t\u1ed1i \u01b0u h\u00f3a kh\u00f4ng gian s\u1ed1ng.\u00a0<\/span><\/p>\n<h2 style=\"text-align: justify;\"><b>1. Gi\u1edbi thi\u1ec7u v\u1ec1 v\u00e1ch tivi lam s\u00f3ng<br \/>\n<img loading=\"lazy\" decoding=\"async\" class=\"aligncenter wp-image-6862 size-full\" src=\"https:\/\/nhatnam.org\/wp-content\/uploads\/2025\/05\/vach_tivi-16.jpg\" alt=\"V\u00e1ch Tivi Lam S\u00f3ng\" width=\"1280\" height=\"960\" \/><br \/>\n<\/b><\/h2>\n<h3 style=\"text-align: justify;\"><b>1.1 Th\u1ebf n\u00e0o l\u00e0 v\u00e1ch tivi lam s\u00f3ng<\/b><\/h3>\n<p style=\"text-align: justify;\"><span style=\"font-weight: 400;\">V\u00e1ch tivi lam s\u00f3ng l\u00e0 m\u1ed9t lo\u1ea1i v\u00e1ch ng\u0103n tivi \u0111\u01b0\u1ee3c thi\u1ebft k\u1ebf t\u1eeb c\u00e1c thanh g\u1ed7 nh\u1ef1a ho\u1eb7c nh\u1ef1a PVC v\u1edbi b\u1ec1 m\u1eb7t l\u01b0\u1ee3n s\u00f3ng, t\u1ea1o n\u00ean hi\u1ec7u \u1ee9ng th\u1ecb gi\u00e1c \u0111\u1ed9c \u0111\u00e1o. M\u1ed7i thanh lam c\u00f3 th\u1ec3 \u0111\u01b0\u1ee3c \u0111\u1eb7t theo chi\u1ec1u ngang ho\u1eb7c d\u1ecdc, t\u1ea1o n\u00ean nh\u1eefng \u0111\u01b0\u1eddng n\u00e9t m\u1ec1m m\u1ea1i, d\u1ec5 ch\u1ecbu, \u0111\u1ed3ng th\u1eddi gi\u00fap che gi\u1ea5u c\u00e1c d\u00e2y \u0111i\u1ec7n v\u00e0 c\u00e1c thi\u1ebft b\u1ecb \u0111i\u1ec7n t\u1eed kh\u00f4ng c\u1ea7n thi\u1ebft, gi\u1eef cho kh\u00f4ng gian ph\u00f2ng kh\u00e1ch lu\u00f4n g\u1ecdn g\u00e0ng v\u00e0 s\u1ea1ch s\u1ebd.<\/span><\/p>\n<p style=\"text-align: justify;\"><span style=\"font-weight: 400;\">V\u1edbi ch\u1ea5t li\u1ec7u nh\u1ef1a PVC ho\u1eb7c g\u1ed7 nh\u1ef1a composite ho\u1eb7c g\u1ed7 c\u00f4ng nghi\u1ec7p cao c\u1ea5p k\u1ebft h\u1ee3p v\u1edbi c\u00e1c ch\u1ea5t ph\u1ee5 gia, v\u00e1ch tivi lam s\u00f3ng kh\u00f4ng ch\u1ec9 mang l\u1ea1i v\u1ebb \u0111\u1eb9p sang tr\u1ecdng, tinh t\u1ebf m\u00e0 c\u00f2n c\u00f3 kh\u1ea3 n\u0103ng ch\u1ed1ng \u1ea9m, ch\u1ed1ng m\u1ed1i m\u1ecdt v\u00e0 cong v\u00eanh, gi\u00fap s\u1ea3n ph\u1ea9m b\u1ec1n b\u1ec9 v\u1edbi th\u1eddi gian. \u0110i\u1ec1u n\u00e0y khi\u1ebfn v\u00e1ch tivi lam s\u00f3ng tr\u1edf th\u00e0nh l\u1ef1a ch\u1ecdn l\u00fd t\u01b0\u1edfng cho c\u00e1c gia \u0111\u00ecnh, nh\u1ea5t l\u00e0 trong \u0111i\u1ec1u ki\u1ec7n kh\u00ed h\u1eadu n\u00f3ng \u1ea9m c\u1ee7a Vi\u1ec7t Nam.<\/span><span style=\"font-weight: 400;\"><br \/>\n<\/span><span style=\"font-weight: 400;\">V\u00e1ch tivi lam s\u00f3ng \u0111\u01b0\u1ee3c c\u1ea5u t\u1ea1o t\u1eeb 4 l\u1edbp ri\u00eang bi\u1ec7t, m\u1ed7i l\u1edbp \u0111\u00f3ng vai tr\u00f2 quan tr\u1ecdng trong vi\u1ec7c \u0111\u1ea3m b\u1ea3o \u0111\u1ed9 b\u1ec1n v\u00e0 th\u1ea9m m\u1ef9 cho s\u1ea3n ph\u1ea9m. B\u1ec1 m\u1eb7t tr\u00ean c\u00f9ng \u0111\u01b0\u1ee3c ph\u1ee7 l\u1edbp b\u1ea3o v\u1ec7 gi\u00fap h\u1ea1n ch\u1ebf tr\u1ea7y x\u01b0\u1edbc v\u00e0 ch\u1ecbu l\u1ef1c t\u1ed1t. Ph\u00eda d\u01b0\u1edbi l\u00e0 l\u1edbp hoa v\u0103n trang tr\u00ed, t\u1ea1o \u0111i\u1ec3m nh\u1ea5n tinh t\u1ebf cho kh\u00f4ng gian. K\u1ebf ti\u1ebfp l\u00e0 l\u1edbp keo chuy\u00ean d\u1ee5ng, gi\u00fap li\u00ean k\u1ebft ch\u1eb7t ch\u1ebd c\u00e1c th\u00e0nh ph\u1ea7n v\u00e0 t\u0103ng \u0111\u1ed9 b\u00e1m d\u00ednh khi thi c\u00f4ng. Cu\u1ed1i c\u00f9ng, l\u1edbp \u0111\u1ebf c\u00f3 ch\u1ee9c n\u0103ng ch\u1ed1ng \u1ea9m, ch\u1ed1ng cong v\u00eanh, gi\u1eef cho v\u00e1ch lu\u00f4n \u1ed5n \u0111\u1ecbnh trong nhi\u1ec1u \u0111i\u1ec1u ki\u1ec7n m\u00f4i tr\u01b0\u1eddng.<\/span><\/p>\n<h3 style=\"text-align: justify;\"><b>1.2 T\u1ea5m nh\u1ef1a lam s\u00f3ng \u1ed1p v\u00e1ch tivi<\/b><\/h3>\n<p style=\"text-align: justify;\"><span style=\"font-weight: 400;\">T\u1ea5m \u1ed1p lam s\u00f3ng hi\u1ec7n \u0111ang l\u00e0 m\u1ed9t trong nh\u1eefng s\u1ea3n ph\u1ea9m cao c\u1ea5p n\u1ed5i b\u1eadt trong d\u00f2ng t\u1ea5m \u1ed1p nh\u1ef1a. V\u1edbi thi\u1ebft k\u1ebf \u0111\u1ed9c \u0111\u00e1o theo h\u00ecnh s\u00f3ng v\u00e0 m\u00e0u s\u1eafc v\u00e2n g\u1ed7 t\u1ef1 nhi\u00ean, s\u1ea3n ph\u1ea9m n\u00e0y mang \u0111\u1ebfn v\u1ebb \u0111\u1eb9p sang tr\u1ecdng v\u00e0 tinh t\u1ebf cho kh\u00f4ng gian s\u1ed1ng.<\/span><\/p>\n<p style=\"text-align: justify;\"><span style=\"font-weight: 400;\">T\u1ea5m nh\u1ef1a lam s\u00f3ng \u0111\u01b0\u1ee3c ch\u1ebf t\u1ea1o t\u1eeb ch\u1ea5t li\u1ec7u d\u00e0y d\u1eb7n, b\u1ec1n b\u1ec9, c\u00f3 kh\u1ea3 n\u0103ng ch\u1ed1ng n\u01b0\u1edbc, ch\u1ed1ng \u1ea9m m\u1ed1c, ng\u0103n ng\u1eeba m\u1ed1i m\u1ecdt, v\u00e0 kh\u00f4ng b\u1ecb cong v\u00eanh. Nh\u1edd v\u00e0o c\u00e1c \u0111\u1eb7c t\u00ednh v\u01b0\u1ee3t tr\u1ed9i n\u00e0y, t\u1ea5m nh\u1ef1a lam s\u00f3ng c\u00f3 tu\u1ed5i th\u1ecd s\u1eed d\u1ee5ng l\u00e2u d\u00e0i, l\u00ean \u0111\u1ebfn h\u01a1n 20 n\u0103m. Hi\u1ec7n nay, s\u1ea3n ph\u1ea9m n\u00e0y \u0111\u01b0\u1ee3c \u1ee9ng d\u1ee5ng r\u1ed9ng r\u00e3i trong vi\u1ec7c \u1ed1p tr\u1ea7n, t\u01b0\u1eddng trong nh\u00e0 v\u00e0 ngo\u00e0i tr\u1eddi, \u0111\u1eb7c bi\u1ec7t l\u00e0 \u1edf c\u00e1c khu v\u1ef1c c\u1ea7n l\u00e0m n\u1ed5i b\u1eadt kh\u00f4ng gian.<\/span><\/p>\n<h2 style=\"text-align: justify;\"><b>2. \u01afu \u0111i\u1ec3m c\u1ee7a v\u00e1ch tivi lam s\u00f3ng<br \/>\n<img loading=\"lazy\" decoding=\"async\" class=\"aligncenter wp-image-6861 size-full\" src=\"https:\/\/nhatnam.org\/wp-content\/uploads\/2025\/05\/vach_tivi-15.jpg\" alt=\"V\u00e1ch Tivi Lam S\u00f3ng\" width=\"1280\" height=\"960\" \/><br \/>\n<\/b><\/h2>\n<p style=\"text-align: justify;\"><b>T\u00ednh th\u1ea9m m\u1ef9 cao<\/b><\/p>\n<p style=\"text-align: justify;\"><span style=\"font-weight: 400;\">V\u00e1ch tivi lam s\u00f3ng v\u1edbi thi\u1ebft k\u1ebf \u0111\u1ed9c \u0111\u00e1o, c\u00e1c \u0111\u01b0\u1eddng cong l\u01b0\u1ee3n s\u00f3ng m\u1ec1m m\u1ea1i mang l\u1ea1i c\u1ea3m gi\u00e1c hi\u1ec7n \u0111\u1ea1i v\u00e0 sang tr\u1ecdng. V\u1edbi s\u1ef1 \u0111a d\u1ea1ng v\u1ec1 m\u00e0u s\u1eafc v\u00e0 ki\u1ec3u d\u00e1ng, v\u00e1ch tivi lam s\u00f3ng c\u00f3 th\u1ec3 d\u1ec5 d\u00e0ng ph\u00f9 h\u1ee3p v\u1edbi nhi\u1ec1u phong c\u00e1ch trang tr\u00ed ph\u00f2ng kh\u00e1ch, t\u1eeb phong c\u00e1ch hi\u1ec7n \u0111\u1ea1i, t\u1ed1i gi\u1ea3n cho \u0111\u1ebfn phong c\u00e1ch c\u1ed5 \u0111i\u1ec3n. Ch\u1eafc ch\u1eafn s\u1ebd t\u1ea1o n\u00ean \u0111i\u1ec3m nh\u1ea5n \u1ea5n t\u01b0\u1ee3ng trong kh\u00f4ng gian s\u1ed1ng c\u1ee7a b\u1ea1n.<\/span><\/p>\n<p style=\"text-align: justify;\"><b>T\u00ednh n\u0103ng ti\u1ec7n \u00edch<\/b><\/p>\n<p style=\"text-align: justify;\"><span style=\"font-weight: 400;\">V\u00e1ch tivi lam s\u00f3ng kh\u00f4ng ch\u1ec9 \u0111\u01a1n thu\u1ea7n l\u00e0 m\u1ed9t v\u00e1ch ng\u0103n trang tr\u00ed, m\u00e0 c\u00f2n c\u00f3 t\u00ednh n\u0103ng che gi\u1ea5u d\u00e2y \u0111i\u1ec7n v\u00e0 thi\u1ebft b\u1ecb \u0111i\u1ec7n t\u1eed, gi\u00fap kh\u00f4ng gian ph\u00f2ng kh\u00e1ch tr\u1edf n\u00ean g\u1ecdn g\u00e0ng, ng\u0103n n\u1eafp h\u01a1n. Ngo\u00e0i ra, nhi\u1ec1u m\u1eabu v\u00e1ch tivi c\u00f2n t\u00edch h\u1ee3p c\u00e1c ng\u0103n k\u00e9o ho\u1eb7c k\u1ec7 l\u01b0u tr\u1eef ti\u1ec7n l\u1ee3i, gi\u00fap t\u1ed1i \u01b0u h\u00f3a kh\u00f4ng gian, \u0111\u1eb7c bi\u1ec7t l\u00e0 nh\u1eefng c\u0103n h\u1ed9 c\u00f3 di\u1ec7n t\u00edch h\u1ea1n ch\u1ebf.<\/span><\/p>\n<p style=\"text-align: justify;\"><b>Ch\u1ea5t li\u1ec7u b\u1ec1n \u0111\u1eb9p, d\u1ec5 d\u00e0ng b\u1ea3o tr\u00ec<\/b><\/p>\n<p style=\"text-align: justify;\"><span style=\"font-weight: 400;\">V\u1edbi ch\u1ea5t li\u1ec7u nh\u1ef1a PVC ho\u1eb7c g\u1ed7 nh\u1ef1a, v\u00e1ch tivi lam s\u00f3ng c\u00f3 \u0111\u1ed9 b\u1ec1n cao, kh\u1ea3 n\u0103ng ch\u1ed1ng \u1ea9m m\u1ed1c v\u00e0 ch\u1ed1ng m\u1ed1i m\u1ecdt, \u0111\u1eb7c bi\u1ec7t l\u00e0 trong \u0111i\u1ec1u ki\u1ec7n kh\u00ed h\u1eadu \u1ea9m \u01b0\u1edbt c\u1ee7a Vi\u1ec7t Nam. Vi\u1ec7c lau ch\u00f9i v\u00e0 b\u1ea3o d\u01b0\u1ee1ng s\u1ea3n ph\u1ea9m c\u0169ng v\u00f4 c\u00f9ng d\u1ec5 d\u00e0ng nh\u1edd v\u00e0o b\u1ec1 m\u1eb7t nh\u1eb5n m\u1ecbn, gi\u00fap ti\u1ebft ki\u1ec7m th\u1eddi gian v\u00e0 c\u00f4ng s\u1ee9c cho ng\u01b0\u1eddi s\u1eed d\u1ee5ng.<\/span><\/p>\n<p style=\"text-align: justify;\"><b>Ti\u1ebft ki\u1ec7m chi ph\u00ed<\/b><\/p>\n<p style=\"text-align: justify;\"><span style=\"font-weight: 400;\">So v\u1edbi c\u00e1c lo\u1ea1i v\u00e1ch tivi g\u1ed7 t\u1ef1 nhi\u00ean, v\u00e1ch tivi lam s\u00f3ng c\u00f3 gi\u00e1 th\u00e0nh h\u1ee3p l\u00fd h\u01a1n, nh\u01b0ng v\u1eabn \u0111\u1ea3m b\u1ea3o \u0111\u01b0\u1ee3c t\u00ednh th\u1ea9m m\u1ef9 cao v\u00e0 \u0111\u1ed9 b\u1ec1n v\u01b0\u1ee3t tr\u1ed9i. Do \u0111\u00f3, \u0111\u00e2y l\u00e0 l\u1ef1a ch\u1ecdn ho\u00e0n h\u1ea3o cho nh\u1eefng gia \u0111\u00ecnh mu\u1ed1n ti\u1ebft ki\u1ec7m chi ph\u00ed m\u00e0 v\u1eabn s\u1edf h\u1eefu m\u1ed9t s\u1ea3n ph\u1ea9m n\u1ed9i th\u1ea5t ch\u1ea5t l\u01b0\u1ee3ng.<\/span><\/p>\n<h2 style=\"text-align: justify;\"><b>3. C\u00e1c m\u1eabu v\u00e1ch tivi lam s\u00f3ng th\u1ecbnh h\u00e0nh<\/b><\/h2>\n<p style=\"text-align: justify;\"><b>V\u00e1ch tivi lam s\u00f3ng nh\u1ef1a PVC gi\u1ea3 g\u1ed7<\/b><b><img loading=\"lazy\" decoding=\"async\" class=\"aligncenter wp-image-2477 size-full\" src=\"https:\/\/nhatnam.org\/wp-content\/uploads\/2024\/12\/vach-tivi28.jpg\" alt=\"\" width=\"1280\" height=\"960\" \/><br \/>\n<\/b><\/p>\n<p style=\"text-align: justify;\"><span style=\"font-weight: 400;\">M\u1eabu v\u00e1ch tivi n\u00e0y s\u1eed d\u1ee5ng nh\u1ef1a PVC \u0111\u01b0\u1ee3c gia c\u00f4ng theo h\u00ecnh d\u1ea1ng gi\u1ed1ng nh\u01b0 v\u00e2n g\u1ed7, mang l\u1ea1i v\u1ebb \u0111\u1eb9p t\u1ef1 nhi\u00ean nh\u01b0ng l\u1ea1i c\u00f3 \u0111\u1ed9 b\u1ec1n cao, ch\u1ed1ng \u1ea9m v\u00e0 ch\u1ed1ng m\u1ed1i m\u1ecdt. S\u1ef1 k\u1ebft h\u1ee3p gi\u1eefa t\u00ednh th\u1ea9m m\u1ef9 c\u1ee7a g\u1ed7 v\u00e0 t\u00ednh n\u0103ng v\u01b0\u1ee3t tr\u1ed9i c\u1ee7a nh\u1ef1a PVC gi\u00fap t\u1ea1o ra m\u1ed9t s\u1ea3n ph\u1ea9m n\u1ed9i th\u1ea5t \u0111\u1eb9p v\u00e0 b\u1ec1n b\u1ec9.<\/span><\/p>\n<p style=\"text-align: justify;\"><b>V\u00e1ch tivi lam s\u00f3ng nh\u1ef1a nano<br \/>\n<img loading=\"lazy\" decoding=\"async\" class=\"aligncenter wp-image-2457\" src=\"https:\/\/nhatnam.org\/wp-content\/uploads\/2024\/12\/vach-tivi09-300x225.jpg\" alt=\"V\u00e1ch tivi lam s\u00f3ng \" width=\"1280\" height=\"960\" \/><br \/>\n<\/b><\/p>\n<p style=\"text-align: justify;\"><span style=\"font-weight: 400;\">M\u1ed9t trong nh\u1eefng m\u1eabu v\u00e1ch tivi \u0111\u1eb9p \u0111\u01b0\u1ee3c \u01b0a chu\u1ed9ng hi\u1ec7n nay l\u00e0 v\u00e1ch tivi lam s\u00f3ng nh\u1ef1a nano. Lo\u1ea1i nh\u1ef1a n\u00e0y c\u00f3 b\u1ec1 m\u1eb7t b\u00f3ng m\u1ecbn, d\u1ec5 v\u1ec7 sinh v\u00e0 c\u00f3 kh\u1ea3 n\u0103ng ch\u1ed1ng tr\u1ea7y x\u01b0\u1edbc, r\u1ea5t ph\u00f9 h\u1ee3p v\u1edbi nh\u1eefng gia \u0111\u00ecnh c\u00f3 tr\u1ebb nh\u1ecf ho\u1eb7c ng\u01b0\u1eddi c\u00f3 nhu c\u1ea7u s\u1eed d\u1ee5ng s\u1ea3n ph\u1ea9m l\u00e2u d\u00e0i. V\u00e1ch tivi nh\u1ef1a nano mang l\u1ea1i v\u1ebb \u0111\u1eb9p hi\u1ec7n \u0111\u1ea1i, ph\u00f9 h\u1ee3p v\u1edbi nhi\u1ec1u phong c\u00e1ch trang tr\u00ed ph\u00f2ng kh\u00e1ch.<\/span><\/p>\n<p style=\"text-align: justify;\"><b>V\u00e1ch tivi lam s\u00f3ng g\u1ed7 c\u00f4ng nghi\u1ec7p<\/b><\/p>\n<p style=\"text-align: justify;\"><b><br \/>\n<img loading=\"lazy\" decoding=\"async\" class=\"aligncenter wp-image-6860 size-full\" src=\"https:\/\/nhatnam.org\/wp-content\/uploads\/2025\/05\/vach_tivi-14.jpg\" alt=\"\" width=\"1280\" height=\"960\" \/><br \/>\n<\/b><\/p>\n<p style=\"text-align: justify;\"><span style=\"font-weight: 400;\"><span style=\"color: #003366;\"><a style=\"color: #003366;\" href=\"https:\/\/nhatnam.org\/san-pham\/vach-tivi-go-cong-nghiep\/\" target=\"_blank\" rel=\"noopener\">V\u00e1ch tivi g\u1ed7 c\u00f4ng nghi\u1ec7p<\/a> <\/span>d\u1ea1ng lam s\u00f3ng l\u00e0 s\u1ef1 l\u1ef1a ch\u1ecdn l\u00fd t\u01b0\u1edfng cho nh\u1eefng gia \u0111\u00ecnh y\u00eau th\u00edch v\u1ebb \u0111\u1eb9p c\u1ee7a g\u1ed7 t\u1ef1 nhi\u00ean nh\u01b0ng kh\u00f4ng mu\u1ed1n t\u1ed1n k\u00e9m chi ph\u00ed. G\u1ed7 c\u00f4ng nghi\u1ec7p c\u00f3 \u0111\u1ed9 b\u1ec1n cao, d\u1ec5 d\u00e0ng gia c\u00f4ng v\u00e0 s\u01a1n ph\u1ee7 theo c\u00e1c m\u00e0u s\u1eafc kh\u00e1c nhau, mang l\u1ea1i v\u1ebb \u0111\u1eb9p sang tr\u1ecdng v\u00e0 \u0111\u1eb3ng c\u1ea5p cho kh\u00f4ng gian ph\u00f2ng kh\u00e1ch.<\/span><\/p>\n<h2 style=\"text-align: justify;\"><b>5. Quy tr\u00ecnh thi c\u00f4ng v\u00e0 l\u1eafp \u0111\u1eb7t v\u00e1ch tivi lam s\u00f3ng<\/b><\/h2>\n<p style=\"text-align: justify;\"><b>B\u01b0\u1edbc 1: Kh\u1ea3o s\u00e1t v\u00e0 \u0111o \u0111\u1ea1c kh\u00f4ng gian<\/b><\/p>\n<p style=\"text-align: justify;\"><span style=\"font-weight: 400;\">\u0110\u1ec3 \u0111\u1ea3m b\u1ea3o v\u00e1ch tivi lam s\u00f3ng ph\u00f9 h\u1ee3p v\u1edbi kh\u00f4ng gian ph\u00f2ng kh\u00e1ch, \u0111\u01a1n v\u1ecb thi c\u00f4ng s\u1ebd ti\u1ebfn h\u00e0nh kh\u1ea3o s\u00e1t v\u00e0 \u0111o \u0111\u1ea1c ch\u00ednh x\u00e1c k\u00edch th\u01b0\u1edbc t\u01b0\u1eddng v\u00e0 v\u1ecb tr\u00ed \u0111\u1eb7t tivi. Vi\u1ec7c n\u00e0y gi\u00fap thi\u1ebft k\u1ebf v\u00e1ch tivi ph\u00f9 h\u1ee3p v\u1edbi di\u1ec7n t\u00edch v\u00e0 c\u1ea5u tr\u00fac ph\u00f2ng kh\u00e1ch.<\/span><\/p>\n<p style=\"text-align: justify;\"><b>B\u01b0\u1edbc 2: L\u1ef1a ch\u1ecdn ch\u1ea5t li\u1ec7u v\u00e0 m\u00e0u s\u1eafc<\/b><\/p>\n<p style=\"text-align: justify;\"><span style=\"font-weight: 400;\">D\u1ef1a tr\u00ean y\u00eau c\u1ea7u v\u00e0 s\u1edf th\u00edch c\u1ee7a kh\u00e1ch h\u00e0ng, \u0111\u01a1n v\u1ecb thi c\u00f4ng s\u1ebd gi\u00fap b\u1ea1n l\u1ef1a ch\u1ecdn ch\u1ea5t li\u1ec7u nh\u1ef1a PVC, nh\u1ef1a composite,\u00a0 g\u1ed7 c\u00f4ng nghi\u1ec7p ph\u00f9 h\u1ee3p. \u0110\u1ed3ng th\u1eddi, vi\u1ec7c ch\u1ecdn m\u00e0u s\u1eafc c\u0169ng r\u1ea5t quan tr\u1ecdng \u0111\u1ec3 t\u1ea1o s\u1ef1 h\u00e0i h\u00f2a v\u1edbi t\u1ed5ng th\u1ec3 kh\u00f4ng gian ph\u00f2ng kh\u00e1ch.<\/span><\/p>\n<p style=\"text-align: justify;\"><b>B\u01b0\u1edbc 3: Thi\u1ebft k\u1ebf v\u00e0 gia c\u00f4ng v\u00e1ch tivi<\/b><\/p>\n<p style=\"text-align: justify;\"><span style=\"font-weight: 400;\">Sau khi ho\u00e0n t\u1ea5t vi\u1ec7c l\u1ef1a ch\u1ecdn ch\u1ea5t li\u1ec7u, \u0111\u01a1n v\u1ecb thi c\u00f4ng s\u1ebd ti\u1ebfn h\u00e0nh thi\u1ebft k\u1ebf v\u00e1ch tivi v\u00e0 gia c\u00f4ng c\u00e1c thanh lam s\u00f3ng theo k\u00edch th\u01b0\u1edbc y\u00eau c\u1ea7u. C\u00e1c t\u1ea5m lam s\u1ebd \u0111\u01b0\u1ee3c l\u1eafp r\u00e1p v\u00e0 ho\u00e0n thi\u1ec7n, t\u1ea1o ra m\u1ed9t v\u00e1ch tivi sang tr\u1ecdng, \u0111\u1ed9c \u0111\u00e1o.<\/span><\/p>\n<p style=\"text-align: justify;\"><b>B\u01b0\u1edbc 4: L\u1eafp \u0111\u1eb7t v\u00e0 ho\u00e0n thi\u1ec7n<\/b><\/p>\n<p style=\"text-align: justify;\"><span style=\"font-weight: 400;\">Cu\u1ed1i c\u00f9ng, c\u00e1c th\u1ee3 thi c\u00f4ng s\u1ebd l\u1eafp \u0111\u1eb7t v\u00e1ch tivi v\u00e0o v\u1ecb tr\u00ed \u0111\u00e3 \u0111\u1ecbnh s\u1eb5n, ki\u1ec3m tra v\u00e0 ho\u00e0n thi\u1ec7n s\u1ea3n ph\u1ea9m. Sau khi l\u1eafp \u0111\u1eb7t xong, kh\u00e1ch h\u00e0ng s\u1ebd ki\u1ec3m tra l\u1ea1i s\u1ea3n ph\u1ea9m \u0111\u1ec3 \u0111\u1ea3m b\u1ea3o t\u00ednh th\u1ea9m m\u1ef9 v\u00e0 c\u00f4ng n\u0103ng s\u1eed d\u1ee5ng.<\/span><\/p>\n<h2 style=\"text-align: justify;\"><b>6. B\u00e1o gi\u00e1 v\u00e1ch tivi lam s\u00f3ng<\/b><\/h2>\n<p style=\"text-align: justify;\"><span style=\"font-weight: 400;\">Gi\u00e1 v\u00e1ch tivi lam s\u00f3ng c\u00f3 th\u1ec3 dao \u0111\u1ed9ng t\u00f9y v\u00e0o t\u1eebng m\u1eabu m\u00e3, ch\u1ea5t li\u1ec7u, k\u00edch th\u01b0\u1edbc v\u00e0 y\u00eau c\u1ea7u c\u1ee5 th\u1ec3 c\u1ee7a kh\u00e1ch h\u00e0ng. \u0110\u1ec3 c\u00f3 gi\u00e1 ch\u00ednh x\u00e1c, b\u1ea1n n\u00ean li\u00ean h\u1ec7 v\u1edbi hotline Nh\u1ea5t Nam \u0111\u1ec3 \u0111\u01b0\u1ee3c b\u00e1o gi\u00e1 chi ti\u1ebft v\u00e0 t\u01b0 v\u1ea5n mi\u1ec5n ph\u00ed.<\/span><\/p>\n<h2 style=\"text-align: justify;\"><b>7. L\u00fd do n\u00ean ch\u1ecdn v\u00e1ch tivi lam s\u00f3ng t\u1ea1i Nh\u1ea5t Nam<br \/>\n<img loading=\"lazy\" decoding=\"async\" class=\"aligncenter wp-image-6855 size-full\" src=\"https:\/\/nhatnam.org\/wp-content\/uploads\/2025\/05\/vach_tivi-9.jpg\" alt=\"V\u00e1ch tivi lam s\u00f3ng \" width=\"1280\" height=\"960\" \/><br \/>\n<\/b><\/h2>\n<p style=\"text-align: justify;\"><b>Ch\u1ea5t l\u01b0\u1ee3ng \u0111\u1ea3m b\u1ea3o, \u0111\u1ed9 b\u1ec1n cao<\/b><\/p>\n<p style=\"text-align: justify;\"><span style=\"font-weight: 400;\">C\u00e1c s\u1ea3n ph\u1ea9m v\u00e1ch tivi lam s\u00f3ng t\u1ea1i Nh\u1ea5t Nam \u0111\u01b0\u1ee3c gia c\u00f4ng t\u1eeb ch\u1ea5t li\u1ec7u cao c\u1ea5p, \u0111\u1ea3m b\u1ea3o \u0111\u1ed9 b\u1ec1n v\u00e0 t\u00ednh th\u1ea9m m\u1ef9 l\u00e2u d\u00e0i. V\u1edbi \u0111\u1ed9i ng\u0169 thi\u1ebft k\u1ebf v\u00e0 thi c\u00f4ng chuy\u00ean nghi\u1ec7p, ch\u00fang t\u00f4i cam k\u1ebft mang \u0111\u1ebfn cho kh\u00e1ch h\u00e0ng s\u1ea3n ph\u1ea9m ch\u1ea5t l\u01b0\u1ee3ng nh\u1ea5t.<\/span><\/p>\n<p style=\"text-align: justify;\"><b>Thi\u1ebft k\u1ebf \u0111a d\u1ea1ng, phong c\u00e1ch hi\u1ec7n \u0111\u1ea1i<\/b><\/p>\n<p style=\"text-align: justify;\"><span style=\"font-weight: 400;\">Nh\u1ea5t Nam cung c\u1ea5p nhi\u1ec1u m\u1eabu v\u00e1ch tivi \u0111\u1eb9p, hi\u1ec7n \u0111\u1ea1i, ph\u00f9 h\u1ee3p v\u1edbi nhi\u1ec1u phong c\u00e1ch trang tr\u00ed n\u1ed9i th\u1ea5t kh\u00e1c nhau. V\u1edbi s\u1ef1 s\u00e1ng t\u1ea1o trong thi\u1ebft k\u1ebf v\u00e0 s\u1ef1 tinh t\u1ebf trong t\u1eebng chi ti\u1ebft, s\u1ea3n ph\u1ea9m c\u1ee7a ch\u00fang t\u00f4i s\u1ebd l\u00e0 \u0111i\u1ec3m nh\u1ea5n \u1ea5n t\u01b0\u1ee3ng cho ph\u00f2ng kh\u00e1ch c\u1ee7a b\u1ea1n.<\/span><\/p>\n<p style=\"text-align: justify;\"><b>Ch\u1ebf \u0111\u1ed9 b\u1ea3o h\u00e0nh d\u00e0i h\u1ea1n, h\u1ed7 tr\u1ee3 t\u1eadn n\u01a1i<\/b><\/p>\n<p style=\"text-align: justify;\"><span style=\"font-weight: 400;\">Ch\u00fang t\u00f4i cung c\u1ea5p ch\u1ebf \u0111\u1ed9 b\u1ea3o h\u00e0nh d\u00e0i h\u1ea1n cho t\u1ea5t c\u1ea3 c\u00e1c s\u1ea3n ph\u1ea9m v\u00e1ch tivi lam s\u00f3ng, gi\u00fap kh\u00e1ch h\u00e0ng an t\u00e2m s\u1eed d\u1ee5ng l\u00e2u d\u00e0i. \u0110\u1ed9i ng\u0169 nh\u00e2n vi\u00ean s\u1ebd h\u1ed7 tr\u1ee3 l\u1eafp \u0111\u1eb7t t\u1eadn n\u01a1i v\u00e0 gi\u1ea3i \u0111\u00e1p m\u1ecdi th\u1eafc m\u1eafc c\u1ee7a b\u1ea1n trong qu\u00e1 tr\u00ecnh s\u1eed d\u1ee5ng s\u1ea3n ph\u1ea9m.<\/span><\/p>\n<p style=\"text-align: justify;\"><b>Gi\u00e1 c\u1ea3 h\u1ee3p l\u00fd, ch\u00ednh s\u00e1ch khuy\u1ebfn m\u00e3i h\u1ea5p d\u1eabn<\/b><\/p>\n<p style=\"text-align: justify;\"><span style=\"font-weight: 400;\">V\u1edbi gi\u00e1 c\u1ea3 c\u1ea1nh tranh v\u00e0 ch\u00ednh s\u00e1ch khuy\u1ebfn m\u00e3i h\u1ea5p d\u1eabn, Nh\u1ea5t Nam l\u00e0 s\u1ef1 l\u1ef1a ch\u1ecdn ho\u00e0n h\u1ea3o cho nh\u1eefng ai \u0111ang t\u00ecm ki\u1ebfm m\u1ed9t s\u1ea3n ph\u1ea9m v\u00e1ch tivi \u0111\u1eb9p, ch\u1ea5t l\u01b0\u1ee3ng nh\u01b0ng v\u1eabn ti\u1ebft ki\u1ec7m chi ph\u00ed.<\/span><\/p>\n<p style=\"text-align: justify;\"><span style=\"font-weight: 400;\">H\u00e3y \u0111\u1ebfn v\u1edbi Nh\u1ea5t Nam \u0111\u1ec3 \u0111\u01b0\u1ee3c t\u01b0 v\u1ea5n v\u00e0 s\u1edf h\u1eefu nh\u1eefng m\u1eabu v\u00e1ch tivi \u0111\u1eb9p, ch\u1ea5t l\u01b0\u1ee3ng, ph\u00f9 h\u1ee3p nh\u1ea5t cho ng\u00f4i nh\u00e0 c\u1ee7a b\u1ea1n!<\/span><\/p>\n","protected":false},"excerpt":{"rendered":"<p style=\"text-align: justify;\"><span style=\"font-weight: 400;\">V\u00e1ch tivi lam s\u00f3ng hi\u1ec7n nay \u0111ang tr\u1edf th\u00e0nh m\u1ed9t trong nh\u1eefng xu h\u01b0\u1edbng thi\u1ebft k\u1ebf n\u1ed9i th\u1ea5t ph\u1ed5 bi\u1ebfn, \u0111\u1eb7c bi\u1ec7t trong kh\u00f4ng gian ph\u00f2ng kh\u00e1ch c\u1ee7a nhi\u1ec1u gia \u0111\u00ecnh. V\u1edbi s\u1ef1 k\u1ebft h\u1ee3p h\u00e0i h\u00f2a gi\u1eefa t\u00ednh th\u1ea9m m\u1ef9 v\u00e0 t\u00ednh n\u0103ng s\u1eed d\u1ee5ng, v\u00e1ch tivi lam s\u00f3ng kh\u00f4ng ch\u1ec9 gi\u00fap ph\u00f2ng kh\u00e1ch tr\u1edf n\u00ean sang tr\u1ecdng, hi\u1ec7n \u0111\u1ea1i m\u00e0 c\u00f2n t\u1ed1i \u01b0u h\u00f3a kh\u00f4ng gian s\u1ed1ng<\/span><\/p>\n","protected":false},"featured_media":1921,"comment_status":"open","ping_status":"closed","template":"","meta":{"_acf_changed":false,"_gspb_post_css":""},"book-author":[],"product_brand":[],"product_cat":[130,133],"product_tag":[],"class_list":{"0":"post-1922","1":"product","2":"type-product","3":"status-publish","4":"has-post-thumbnail","6":"product_cat-noi-that-phong-khach","7":"product_cat-vach-trang-tri","9":"first","10":"instock","11":"shipping-taxable","12":"product-type-simple"},"acf":[],"_links":{"self":[{"href":"https:\/\/nhatnam.libion.me\/wp-json\/wp\/v2\/product\/1922","targetHints":{"allow":["GET"]}}],"collection":[{"href":"https:\/\/nhatnam.libion.me\/wp-json\/wp\/v2\/product"}],"about":[{"href":"https:\/\/nhatnam.libion.me\/wp-json\/wp\/v2\/types\/product"}],"replies":[{"embeddable":true,"href":"https:\/\/nhatnam.libion.me\/wp-json\/wp\/v2\/comments?post=1922"}],"wp:featuredmedia":[{"embeddable":true,"href":"https:\/\/nhatnam.libion.me\/wp-json\/wp\/v2\/media\/1921"}],"wp:attachment":[{"href":"https:\/\/nhatnam.libion.me\/wp-json\/wp\/v2\/media?parent=1922"}],"wp:term":[{"taxonomy":"book-author","embeddable":true,"href":"https:\/\/nhatnam.libion.me\/wp-json\/wp\/v2\/book-author?post=1922"},{"taxonomy":"product_brand","embeddable":true,"href":"https:\/\/nhatnam.libion.me\/wp-json\/wp\/v2\/product_brand?post=1922"},{"taxonomy":"product_cat","embeddable":true,"href":"https:\/\/nhatnam.libion.me\/wp-json\/wp\/v2\/product_cat?post=1922"},{"taxonomy":"product_tag","embeddable":true,"href":"https:\/\/nhatnam.libion.me\/wp-json\/wp\/v2\/product_tag?post=1922"}],"curies":[{"name":"wp","href":"https:\/\/api.w.org\/{rel}","templated":true}]}}