{"id":1910,"date":"2026-04-07T10:30:55","date_gmt":"2026-04-07T10:30:55","guid":{"rendered":"https:\/\/nhatnam.libion.me\/index.php\/product\/mat-ban-bep-inox-304-soc\/"},"modified":"2026-04-07T10:31:01","modified_gmt":"2026-04-07T10:31:01","slug":"mat-ban-bep-inox-304-soc","status":"publish","type":"product","link":"https:\/\/nhatnam.libion.me\/index.php\/product\/mat-ban-bep-inox-304-soc\/","title":{"rendered":"M\u1eb7t B\u00e0n B\u1ebfp Inox 304 S\u1ecdc"},"content":{"rendered":"<p class=\"\" style=\"text-align: justify;\" data-start=\"110\" data-end=\"434\"><strong data-start=\"110\" data-end=\"134\">M\u1eb7t b\u00e0n b\u1ebfp inox 304 s\u1ecdc hairline<\/strong> l\u00e0 l\u1ef1a ch\u1ecdn l\u00fd t\u01b0\u1edfng cho kh\u00f4ng gian b\u1ebfp hi\u1ec7n \u0111\u1ea1i nh\u1edd kh\u1ea3 n\u0103ng ch\u1ed1ng g\u1ec9 s\u00e9t, ch\u1ecbu nhi\u1ec7t v\u00e0 \u0111\u1ed9 b\u1ec1n v\u01b0\u1ee3t tr\u1ed9i. B\u1ec1 m\u1eb7t \u0111\u01b0\u1ee3c x\u1eed l\u00fd v\u1edbi c\u00e1c \u0111\u01b0\u1eddng v\u00e2n s\u1ecdc m\u1ecbn gi\u00fap gi\u1ea3m tr\u1ea7y x\u01b0\u1edbc, d\u1ec5 v\u1ec7 sinh v\u00e0 gi\u1eef \u0111\u01b0\u1ee3c v\u1ebb s\u00e1ng b\u00f3ng l\u00e2u d\u00e0i. Thi\u1ebft k\u1ebf \u0111\u01a1n gi\u1ea3n nh\u01b0ng tinh t\u1ebf, d\u1ec5 d\u00e0ng k\u1ebft h\u1ee3p v\u1edbi nhi\u1ec1u ki\u1ec3u t\u1ee7 b\u1ebfp kh\u00e1c nhau.<\/p>\n<p style=\"text-align: justify;\"><span style=\"font-weight: 400;\">H\u00e3y c\u00f9ng t\u00ecm hi\u1ec3u chi ti\u1ebft v\u1ec1 d\u00f2ng s\u1ea3n ph\u1ea9m m\u1eb7t b\u00e0n inox 304 s\u1ecdc \u0111\u1ec3 hi\u1ec3u v\u00ec sao \u0111\u00e2y l\u00e0 m\u1ed9t trong nh\u1eefng <\/span>m\u1eabu b\u00e0n b\u1ebfp inox<span style=\"font-weight: 400;\"> \u0111\u00e1ng \u0111\u1ea7u t\u01b0 nh\u1ea5t hi\u1ec7n nay.<\/span><\/p>\n<h2 style=\"text-align: justify;\"><b>1. M\u1eb7t b\u00e0n b\u1ebfp Inox 304 s\u1ecdc l\u00e0 g\u00ec?<\/b><\/h2>\n<p style=\"text-align: justify;\"><img loading=\"lazy\" decoding=\"async\" class=\"aligncenter wp-image-6711 size-full\" src=\"https:\/\/nhatnam.org\/wp-content\/uploads\/2025\/04\/mat_ban_bep_Inox_soc-3.jpg\" alt=\"M\u1eb7t B\u00e0n B\u1ebfp Inox 304 S\u1ecdc\" width=\"1280\" height=\"960\" \/><\/p>\n<p style=\"text-align: justify;\"><span style=\"font-weight: 400;\">M\u1eb7t b\u00e0n b\u1ebfp inox s\u1ecdc l\u00e0 d\u00f2ng s\u1ea3n ph\u1ea9m cao c\u1ea5p \u0111\u01b0\u1ee3c ch\u1ebf t\u1ea1o t\u1eeb Inox 304 \u2013 lo\u1ea1i th\u00e9p kh\u00f4ng g\u1ec9 n\u1ed5i ti\u1ebfng v\u1edbi \u0111\u1ed9 b\u1ec1n v\u01b0\u1ee3t tr\u1ed9i v\u00e0 kh\u1ea3 n\u0103ng ch\u1ed1ng oxy h\u00f3a cao. \u0110i\u1ec3m n\u1ed5i b\u1eadt c\u1ee7a m\u1eb7t b\u00e0n n\u00e0y n\u1eb1m \u1edf b\u1ec1 m\u1eb7t \u0111\u01b0\u1ee3c x\u1eed l\u00fd x\u01b0\u1edbc m\u1edd (hairline), t\u1ea1o n\u00ean c\u00e1c \u0111\u01b0\u1eddng v\u00e2n s\u1ecdc tinh t\u1ebf, mang \u0111\u1ebfn v\u1ebb \u0111\u1eb9p hi\u1ec7n \u0111\u1ea1i v\u00e0 sang tr\u1ecdng cho kh\u00f4ng gian b\u1ebfp.<\/span><\/p>\n<p style=\"text-align: justify;\"><span style=\"font-weight: 400;\">S\u1ea3n ph\u1ea9m \u0111\u01b0\u1ee3c s\u1ea3n xu\u1ea5t b\u1eb1ng c\u00f4ng ngh\u1ec7 ti\u00ean ti\u1ebfn, gi\u00fap b\u1ec1 m\u1eb7t h\u1ea1n ch\u1ebf tr\u1ea7y x\u01b0\u1edbc, ch\u1ed1ng b\u00e1m v\u00e2n tay v\u00e0 d\u1ec5 d\u00e0ng lau ch\u00f9i, gi\u1eef cho m\u1eb7t b\u00e0n lu\u00f4n s\u1ea1ch s\u1ebd v\u00e0 s\u00e1ng \u0111\u1eb9p theo th\u1eddi gian.<\/span><\/p>\n<p style=\"text-align: justify;\"><span style=\"font-weight: 400;\">K\u1ebft c\u1ea5u m\u1eb7t b\u00e0n b\u1ebfp inox s\u1ecdc th\u01b0\u1eddng c\u00f3 t\u1ed5ng \u0111\u1ed9 d\u00e0y kho\u1ea3ng 18mm, bao g\u1ed3m:<\/span><\/p>\n<ul style=\"text-align: justify;\">\n<li style=\"font-weight: 400;\" aria-level=\"1\"><b>L\u1edbp tr\u00ean c\u00f9ng<\/b><span style=\"font-weight: 400;\">: Inox 304 s\u1ecdc hairline d\u00e0y 1mm, ch\u1ed1ng g\u1ec9 s\u00e9t, an to\u00e0n cho th\u1ef1c ph\u1ea9m.<\/span><\/li>\n<li style=\"font-weight: 400;\" aria-level=\"1\"><b>L\u1edbp d\u01b0\u1edbi<\/b><span style=\"font-weight: 400;\">: Nh\u1ef1a c\u00f4ng nghi\u1ec7p cao c\u1ea5p ho\u1eb7c g\u1ed7 c\u00f4ng nghi\u1ec7p ch\u1ecbu l\u1ef1c, gi\u00fap t\u0103ng c\u01b0\u1eddng \u0111\u1ed9 c\u1ee9ng, gi\u1ea3m tr\u1ecdng l\u01b0\u1ee3ng v\u00e0 ng\u0103n ng\u1eeba cong v\u00eanh.<\/span><\/li>\n<\/ul>\n<p style=\"text-align: justify;\">Kh\u00e1c bi\u1ec7t v\u1edbi c\u00e1c d\u00f2ng m\u1eb7t b\u00e0n inox s\u1ecdc th\u00f4ng th\u01b0\u1eddng, m\u1eb7t b\u00e0n inox s\u1ecdc hairline cao c\u1ea5p \u0111\u01b0\u1ee3c x\u1eed l\u00fd b\u1ec1 m\u1eb7t b\u1eb1ng quy tr\u00ecnh c\u00f4ng ngh\u1ec7 ti\u00ean ti\u1ebfn, t\u1ea1o n\u00ean \u0111\u1ed9 b\u00f3ng t\u1ef1 nhi\u00ean v\u00e0 \u0111\u01b0\u1eddng v\u00e2n x\u01b0\u1edbc tinh t\u1ebf<span style=\"font-weight: 400;\">. Nh\u1edd \u0111\u00f3, s\u1ea3n ph\u1ea9m kh\u00f4ng ch\u1ec9 mang l\u1ea1i v\u1ebb \u0111\u1eb9p hi\u1ec7n \u0111\u1ea1i, sang tr\u1ecdng m\u00e0 c\u00f2n tr\u1edf th\u00e0nh \u0111i\u1ec3m nh\u1ea5n n\u1ed5i b\u1eadt trong thi\u1ebft k\u1ebf n\u1ed9i th\u1ea5t nh\u00e0 b\u1ebfp. B\u1ec1 m\u1eb7t b\u00f3ng nh\u1eb9 gi\u00fap ph\u1ea3n chi\u1ebfu \u00e1nh s\u00e1ng t\u1ed1t, t\u1ea1o c\u1ea3m gi\u00e1c r\u1ed9ng r\u00e3i, s\u1ea1ch s\u1ebd v\u00e0 thu h\u00fat ngay t\u1eeb \u00e1nh nh\u00ecn \u0111\u1ea7u ti\u00ean..<\/span><\/p>\n<h2 style=\"text-align: justify;\"><b>2. Th\u00f4ng s\u1ed1 k\u1ef9 thu\u1eadt ph\u1ed5 bi\u1ebfn<\/b><\/h2>\n<ul style=\"text-align: justify;\">\n<li style=\"font-weight: 400;\" aria-level=\"1\"><b>Ch\u1ea5t li\u1ec7u<\/b><span style=\"font-weight: 400;\">: Inox 304 s\u1ecdc hairline cao c\u1ea5p<\/span><\/li>\n<li style=\"font-weight: 400;\" aria-level=\"1\"><b>\u0110\u1ed9 d\u00e0y inox<\/b><span style=\"font-weight: 400;\">: 0.8mm \u2013 1.2mm<\/span><\/li>\n<li style=\"font-weight: 400;\" aria-level=\"1\"><b>L\u1edbp gia c\u1ed1<\/b><span style=\"font-weight: 400;\">: G\u1ed7 c\u00f4ng nghi\u1ec7p ho\u1eb7c nh\u1ef1a PVC ch\u1ed1ng th\u1ea5m<\/span><\/li>\n<li style=\"font-weight: 400;\" aria-level=\"1\"><b>K\u00edch th\u01b0\u1edbc chu\u1ea9n<\/b><span style=\"font-weight: 400;\">: 1000 x 610mm, ho\u1eb7c gia c\u00f4ng theo y\u00eau c\u1ea7u<\/span><\/li>\n<li style=\"font-weight: 400;\" aria-level=\"1\"><b>Ki\u1ec3u c\u1ea1nh<\/b><span style=\"font-weight: 400;\">: Bo tr\u00f2n, g\u1ea5p m\u00e9p, ho\u1eb7c c\u1ea1nh vu\u00f4ng theo thi\u1ebft k\u1ebf<\/span><\/li>\n<\/ul>\n<h2 style=\"text-align: justify;\"><b>3. \u0110\u1eb7c \u0111i\u1ec3m n\u1ed5i b\u1eadt c\u1ee7a m\u1eb7t b\u00e0n b\u1ebfp Inox 304 s\u1ecdc<br \/>\n<img loading=\"lazy\" decoding=\"async\" class=\"aligncenter wp-image-6712 size-full\" src=\"https:\/\/nhatnam.org\/wp-content\/uploads\/2025\/04\/mat_ban_bep_Inox_soc-4.jpg\" alt=\"M\u1eb7t B\u00e0n B\u1ebfp Inox 304 S\u1ecdc\" width=\"1280\" height=\"960\" \/><br \/>\n<\/b><\/h2>\n<p style=\"text-align: justify;\"><b>Ch\u1ea5t li\u1ec7u inox 304 cao c\u1ea5p: <\/b><span style=\"font-weight: 400;\">Inox 304 l\u00e0 th\u00e9p kh\u00f4ng g\u1ec9 Austenitic ch\u1ee9a 18% crom v\u00e0 8% niken, gi\u00fap t\u0103ng kh\u1ea3 n\u0103ng ch\u1ed1ng oxy h\u00f3a, \u0103n m\u00f2n v\u00e0 ch\u1ecbu nhi\u1ec7t cao. \u0110\u00e2y l\u00e0 v\u1eadt li\u1ec7u chuy\u00ean d\u1ee5ng trong ng\u00e0nh th\u1ef1c ph\u1ea9m, y t\u1ebf v\u00e0 gia d\u1ee5ng, \u0111\u1ea3m b\u1ea3o an to\u00e0n cho s\u1ee9c kh\u1ecfe v\u00e0 th\u00e2n thi\u1ec7n v\u1edbi m\u00f4i tr\u01b0\u1eddng.<\/span><\/p>\n<p style=\"text-align: justify;\"><b>B\u1ec1 m\u1eb7t x\u1eed l\u00fd s\u1ecdc (hairline): <\/b>B\u1ec1 m\u1eb7t inox x\u1eed l\u00fd s\u1ecdc hairline<span style=\"font-weight: 400;\"> l\u00e0 m\u1ed9t k\u1ef9 thu\u1eadt ho\u00e0n thi\u1ec7n ti\u00ean ti\u1ebfn, t\u1ea1o ra c\u00e1c \u0111\u01b0\u1eddng v\u00e2n m\u1ea3nh ch\u1ea1y d\u1ecdc \u0111\u1ec1u tr\u00ean b\u1ec1 m\u1eb7t kim lo\u1ea1i. Qu\u00e1 tr\u00ecnh n\u00e0y kh\u00f4ng ch\u1ec9 mang \u0111\u1ebfn v\u1ebb \u0111\u1eb9p tinh t\u1ebf, hi\u1ec7n \u0111\u1ea1i m\u00e0 c\u00f2n gi\u00fap h\u1ea1n ch\u1ebf tr\u1ea7y x\u01b0\u1edbc, ch\u1ed1ng b\u00e1m v\u00e2n tay v\u00e0 d\u1ec5 v\u1ec7 sinh. V\u1edbi l\u1edbp x\u1eed l\u00fd hairline, m\u1eb7t b\u00e0n inox tr\u1edf n\u00ean s\u00e1ng b\u00f3ng t\u1ef1 nhi\u00ean, t\u0103ng t\u00ednh th\u1ea9m m\u1ef9 v\u00e0 ph\u00f9 h\u1ee3p cho nhi\u1ec1u phong c\u00e1ch thi\u1ebft k\u1ebf n\u1ed9i th\u1ea5t nh\u00e0 b\u1ebfp hi\u1ec7n \u0111\u1ea1i, t\u1eeb t\u1ed1i gi\u1ea3n \u0111\u1ebfn cao c\u1ea5p.<\/span><\/p>\n<p style=\"text-align: justify;\"><b>C\u1ea5u tr\u00fac ch\u1eafc ch\u1eafn, b\u1ec1n v\u1eefng: <\/b><span style=\"font-weight: 400;\">M\u1eb7t b\u00e0n b\u1ebfp inox 304 s\u1ecdc th\u01b0\u1eddng \u0111\u01b0\u1ee3c gia c\u1ed1 th\u00eam l\u1edbp nh\u1ef1a ch\u1ecbu l\u1ef1c ho\u1eb7c g\u1ed7 c\u00f4ng nghi\u1ec7p b\u00ean d\u01b0\u1edbi \u0111\u1ec3 t\u0103ng \u0111\u1ed9 c\u1ee9ng, h\u1ea1n ch\u1ebf cong v\u00eanh khi ch\u1ecbu t\u1ea3i tr\u1ecdng l\u1edbn.C\u00e1c s\u1ea3n ph\u1ea9m s\u1eed d\u1ee5ng ch\u1ea5t li\u1ec7u inox s\u1ecdc s\u1edf h\u1eefu \u01b0u \u0111i\u1ec3m n\u1ed5i b\u1eadt v\u1ec1 \u0111\u1ed9 b\u1ec1n v\u00e0 th\u1ea9m m\u1ef9.<\/span><\/p>\n<p style=\"text-align: justify;\"><b>Thi\u1ebft k\u1ebf tinh t\u1ebf, d\u1ec5 thi c\u00f4ng: <\/b><span style=\"font-weight: 400;\">M\u1eb7t b\u00e0n c\u00f3 th\u1ec3 \u0111\u01b0\u1ee3c bo c\u1ea1nh, kho\u00e9t l\u1ed7 ch\u1eadu r\u1eeda, l\u1eafp b\u1ebfp t\u1eeb&#8230; t\u00f9y theo y\u00eau c\u1ea7u c\u1ee7a t\u1eebng kh\u00f4ng gian b\u1ebfp. Kh\u1ea3 n\u0103ng thi c\u00f4ng linh ho\u1ea1t gi\u00fap ti\u1ebft ki\u1ec7m chi ph\u00ed v\u00e0 th\u1eddi gian l\u1eafp \u0111\u1eb7t.<\/span><\/p>\n<h2 style=\"text-align: justify;\"><b>4. \u1ee8ng d\u1ee5ng c\u1ee7a m\u1eb7t b\u00e0n inox s\u1ecdc trong kh\u00f4ng gian b\u1ebfp<\/b><\/h2>\n<p style=\"text-align: justify;\"><b>Nh\u00e0 b\u1ebfp gia \u0111\u00ecnh: <\/b><span style=\"font-weight: 400;\">D\u00f2ng m\u1eb7t b\u00e0n n\u00e0y ph\u00f9 h\u1ee3p v\u1edbi c\u00e1c c\u0103n h\u1ed9 chung c\u01b0, nh\u00e0 ph\u1ed1 ho\u1eb7c bi\u1ec7t th\u1ef1 hi\u1ec7n \u0111\u1ea1i. V\u1ebb \u0111\u1eb9p sang tr\u1ecdng, t\u1ed1i gi\u1ea3n c\u1ee7a inox 304 s\u1ecdc t\u1ea1o \u0111i\u1ec3m nh\u1ea5n ho\u00e0n h\u1ea3o cho kh\u00f4ng gian n\u1ea5u n\u01b0\u1edbng.<\/span><\/p>\n<p style=\"text-align: justify;\"><b>Nh\u00e0 h\u00e0ng \u2013 kh\u00e1ch s\u1ea1n: <\/b><span style=\"font-weight: 400;\">V\u1edbi y\u00eau c\u1ea7u cao v\u1ec1 v\u1ec7 sinh v\u00e0 hi\u1ec7u su\u1ea5t s\u1eed d\u1ee5ng, m\u1eb7t b\u00e0n inox 304 s\u1ecdc l\u00e0 l\u1ef1a ch\u1ecdn l\u00fd t\u01b0\u1edfng cho b\u1ebfp nh\u00e0 h\u00e0ng, kh\u00e1ch s\u1ea1n. B\u1ec1 m\u1eb7t d\u1ec5 v\u1ec7 sinh gi\u00fap ti\u1ebft ki\u1ec7m th\u1eddi gian l\u00e0m s\u1ea1ch.<\/span><\/p>\n<p style=\"text-align: justify;\"><b>B\u1ebfp \u0103n c\u00f4ng nghi\u1ec7p, c\u0103ng tin: <\/b><span style=\"font-weight: 400;\">Nh\u1eefng n\u01a1i ch\u1ebf bi\u1ebfn v\u1edbi c\u01b0\u1eddng \u0111\u1ed9 cao nh\u01b0 nh\u00e0 m\u00e1y, x\u00ed nghi\u1ec7p, tr\u01b0\u1eddng h\u1ecdc&#8230; \u0111\u1ec1u \u01b0u ti\u00ean <\/span><b>m\u1eb7t b\u00e0n b\u1ebfp inox<\/b><span style=\"font-weight: 400;\"> nh\u1edd v\u00e0o \u0111\u1ed9 b\u1ec1n v\u01b0\u1ee3t tr\u1ed9i v\u00e0 kh\u1ea3 n\u0103ng ch\u1ed1ng ch\u1ecbu t\u1ed1t.<\/span><\/p>\n<h2 style=\"text-align: justify;\"><b>5. \u01afu \u0111i\u1ec3m v\u01b0\u1ee3t tr\u1ed9i c\u1ee7a m\u1eb7t b\u00e0n b\u1ebfp Inox 304 s\u1ecdc<br \/>\n<img loading=\"lazy\" decoding=\"async\" class=\"aligncenter wp-image-6709 size-full\" src=\"https:\/\/nhatnam.org\/wp-content\/uploads\/2025\/04\/mat_ban_bep_Inox_soc-1.jpg\" alt=\"M\u1eb7t B\u00e0n B\u1ebfp Inox 304 S\u1ecdc\" width=\"1280\" height=\"960\" \/><br \/>\n<\/b><\/h2>\n<p style=\"text-align: justify;\"><b>Ch\u1ed1ng \u0103n m\u00f2n v\u01b0\u1ee3t tr\u1ed9i<\/b><\/p>\n<p style=\"text-align: justify;\"><span style=\"font-weight: 400;\">Inox 304 l\u00e0 m\u1ed9t lo\u1ea1i th\u00e9p kh\u00f4ng g\u1ec9 cao c\u1ea5p v\u1edbi kh\u1ea3 n\u0103ng ch\u1ed1ng \u0103n m\u00f2n r\u1ea5t t\u1ed1t. M\u1eb7t b\u00e0n b\u1ebfp inox 304 s\u1ecdc c\u00f3 th\u1ec3 ch\u1ecbu \u0111\u01b0\u1ee3c \u1ea3nh h\u01b0\u1edfng c\u1ee7a c\u00e1c y\u1ebfu t\u1ed1 nh\u01b0 \u0111\u1ed9 \u1ea9m, nhi\u1ec7t \u0111\u1ed9 cao, d\u1ea7u m\u1ee1, v\u00e0 c\u00e1c ch\u1ea5t t\u1ea9y r\u1eeda m\u1ea1nh m\u00e0 kh\u00f4ng b\u1ecb g\u1ec9 s\u00e9t hay m\u1ee5c n\u00e1t. \u0110\u00e2y l\u00e0 m\u1ed9t trong nh\u1eefng l\u00fd do quan tr\u1ecdng gi\u00fap inox 304 tr\u1edf th\u00e0nh l\u1ef1a ch\u1ecdn h\u00e0ng \u0111\u1ea7u cho m\u00f4i tr\u01b0\u1eddng b\u1ebfp, n\u01a1i c\u00f3 \u0111i\u1ec1u ki\u1ec7n ti\u1ebfp x\u00fac v\u1edbi n\u01b0\u1edbc v\u00e0 c\u00e1c lo\u1ea1i h\u00f3a ch\u1ea5t th\u01b0\u1eddng xuy\u00ean.<\/span><\/p>\n<p style=\"text-align: justify;\"><b>T\u00ednh th\u1ea9m m\u1ef9 cao v\u1edbi v\u00e2n s\u1ecdc<\/b><\/p>\n<p style=\"text-align: justify;\"><span style=\"font-weight: 400;\">M\u1eb7t b\u00e0n inox 304 s\u1ecdc c\u00f3 b\u1ec1 m\u1eb7t \u0111\u01b0\u1ee3c gia c\u00f4ng v\u1edbi c\u00e1c v\u00e2n s\u1ecdc ngang ho\u1eb7c d\u1ecdc, t\u1ea1o n\u00ean v\u1ebb ngo\u00e0i sang tr\u1ecdng v\u00e0 hi\u1ec7n \u0111\u1ea1i. C\u00e1c v\u00e2n s\u1ecdc n\u00e0y kh\u00f4ng ch\u1ec9 l\u00e0m t\u0103ng t\u00ednh th\u1ea9m m\u1ef9 m\u00e0 c\u00f2n c\u00f3 kh\u1ea3 n\u0103ng che \u0111i c\u00e1c v\u1ebft b\u1ea9n hay d\u1ea5u v\u00e2n tay, gi\u00fap m\u1eb7t b\u00e0n lu\u00f4n s\u00e1ng b\u00f3ng v\u00e0 s\u1ea1ch s\u1ebd m\u00e0 kh\u00f4ng c\u1ea7n v\u1ec7 sinh qu\u00e1 th\u01b0\u1eddng xuy\u00ean.<\/span><\/p>\n<p style=\"text-align: justify;\"><b>Kh\u1ea3 n\u0103ng ch\u1ed1ng tr\u1ea7y x\u01b0\u1edbc t\u1ed1t<\/b><\/p>\n<p style=\"text-align: justify;\"><span style=\"font-weight: 400;\">Kh\u00e1c v\u1edbi c\u00e1c b\u1ec1 m\u1eb7t inox tr\u01a1n, m\u1eb7t b\u00e0n inox 304 s\u1ecdc c\u00f3 l\u1edbp v\u00e2n gi\u00fap b\u1ea3o v\u1ec7 b\u1ec1 m\u1eb7t kh\u1ecfi c\u00e1c v\u1ebft x\u01b0\u1edbc nh\u1ecf do t\u00e1c \u0111\u1ed9ng c\u1ee7a d\u1ee5ng c\u1ee5 nh\u00e0 b\u1ebfp nh\u01b0 dao, th\u1edbt, hay c\u00e1c v\u1eadt d\u1ee5ng n\u1eb7ng. C\u00e1c v\u1ebft tr\u1ea7y x\u01b0\u1edbc nh\u1eb9 s\u1ebd kh\u00f4ng d\u1ec5 d\u00e0ng nh\u1eadn th\u1ea5y, gi\u00fap duy tr\u00ec v\u1ebb \u0111\u1eb9p l\u00e2u d\u00e0i cho m\u1eb7t b\u00e0n.<\/span><\/p>\n<p style=\"text-align: justify;\"><b>D\u1ec5 d\u00e0ng v\u1ec7 sinh<\/b><\/p>\n<p style=\"text-align: justify;\"><span style=\"font-weight: 400;\">Inox 304 s\u1ecdc kh\u00f4ng ch\u1ec9 b\u1ec1n m\u00e0 c\u00f2n r\u1ea5t d\u1ec5 d\u00e0ng \u0111\u1ec3 v\u1ec7 sinh. V\u1edbi b\u1ec1 m\u1eb7t m\u1ecbn m\u00e0ng, b\u1ea1n ch\u1ec9 c\u1ea7n m\u1ed9t ch\u00fat x\u00e0 ph\u00f2ng v\u00e0 n\u01b0\u1edbc \u1ea5m \u0111\u1ec3 lau s\u1ea1ch c\u00e1c v\u1ebft b\u1ea9n, d\u1ea7u m\u1ee1, ho\u1eb7c c\u00e1c v\u1ebft th\u1ee9c \u0103n. \u0110\u1eb7c bi\u1ec7t, c\u00e1c v\u00e2n s\u1ecdc gi\u00fap h\u1ea1n ch\u1ebf vi\u1ec7c b\u1ee5i b\u1ea9n b\u00e1m v\u00e0o b\u1ec1 m\u1eb7t, t\u1eeb \u0111\u00f3 gi\u1ea3m thi\u1ec3u th\u1eddi gian v\u00e0 c\u00f4ng s\u1ee9c khi d\u1ecdn d\u1eb9p.<\/span><\/p>\n<p style=\"text-align: justify;\"><b>Kh\u1ea3 n\u0103ng ch\u1ecbu nhi\u1ec7t cao<\/b><\/p>\n<p style=\"text-align: justify;\"><span style=\"font-weight: 400;\">M\u1eb7t b\u00e0n inox 304 s\u1ecdc c\u00f3 th\u1ec3 ch\u1ecbu \u0111\u01b0\u1ee3c nhi\u1ec7t \u0111\u1ed9 r\u1ea5t cao m\u00e0 kh\u00f4ng b\u1ecb bi\u1ebfn d\u1ea1ng, ph\u1ed3ng r\u1ed9p hay b\u1ecb \u1ea3nh h\u01b0\u1edfng \u0111\u1ebfn ch\u1ea5t l\u01b0\u1ee3ng. \u0110i\u1ec1u n\u00e0y r\u1ea5t quan tr\u1ecdng trong kh\u00f4ng gian b\u1ebfp, n\u01a1i nhi\u1ec7t \u0111\u1ed9 thay \u0111\u1ed5i li\u00ean t\u1ee5c do vi\u1ec7c n\u1ea5u n\u01b0\u1edbng. B\u1ea1n c\u00f3 th\u1ec3 tho\u1ea3i m\u00e1i \u0111\u1eb7t c\u00e1c v\u1eadt d\u1ee5ng n\u00f3ng nh\u01b0 n\u1ed3i, ch\u1ea3o m\u00e0 kh\u00f4ng lo ng\u1ea1i \u0111\u1ebfn vi\u1ec7c l\u00e0m h\u01b0 h\u1ecfng b\u1ec1 m\u1eb7t b\u00e0n.<\/span><\/p>\n<p style=\"text-align: justify;\"><b>B\u1ea3o v\u1ec7 s\u1ee9c kh\u1ecfe v\u00e0 an to\u00e0n<\/b><\/p>\n<p style=\"text-align: justify;\"><span style=\"font-weight: 400;\">Inox 304 l\u00e0 m\u1ed9t ch\u1ea5t li\u1ec7u kh\u00f4ng ch\u1ee9a c\u00e1c ch\u1ea5t \u0111\u1ed9c h\u1ea1i, do \u0111\u00f3 r\u1ea5t an to\u00e0n cho s\u1ee9c kh\u1ecfe c\u1ee7a ng\u01b0\u1eddi s\u1eed d\u1ee5ng. Kh\u00f4ng gi\u1ed1ng nh\u01b0 m\u1ed9t s\u1ed1 lo\u1ea1i v\u1eadt li\u1ec7u kh\u00e1c c\u00f3 th\u1ec3 th\u1ea3i ra c\u00e1c h\u1ee3p ch\u1ea5t \u0111\u1ed9c h\u1ea1i khi ti\u1ebfp x\u00fac v\u1edbi th\u1ef1c ph\u1ea9m n\u00f3ng, inox 304 ho\u00e0n to\u00e0n an to\u00e0n v\u00e0 kh\u00f4ng ph\u1ea3n \u1ee9ng v\u1edbi th\u1ef1c ph\u1ea9m, \u0111\u1ea3m b\u1ea3o s\u1ef1 an t\u00e2m trong qu\u00e1 tr\u00ecnh ch\u1ebf bi\u1ebfn m\u00f3n \u0103n.<\/span><\/p>\n<p style=\"text-align: justify;\"><b>\u0110\u1ed9 b\u1ec1n cao v\u00e0 ti\u1ebft ki\u1ec7m chi ph\u00ed l\u00e2u d\u00e0i<\/b><\/p>\n<p style=\"text-align: justify;\"><span style=\"font-weight: 400;\">M\u1eb7c d\u00f9 chi ph\u00ed \u0111\u1ea7u t\u01b0 ban \u0111\u1ea7u c\u1ee7a m\u1eb7t b\u00e0n inox 304 s\u1ecdc c\u00f3 th\u1ec3 cao h\u01a1n so v\u1edbi m\u1ed9t s\u1ed1 ch\u1ea5t li\u1ec7u kh\u00e1c, nh\u01b0ng v\u1edbi \u0111\u1ed9 b\u1ec1n v\u01b0\u1ee3t tr\u1ed9i v\u00e0 kh\u1ea3 n\u0103ng ch\u1ed1ng ch\u1ecbu c\u00e1c y\u1ebfu t\u1ed1 m\u00f4i tr\u01b0\u1eddng, m\u1eb7t b\u00e0n inox 304 s\u1ecdc s\u1ebd ti\u1ebft ki\u1ec7m chi ph\u00ed s\u1eeda ch\u1eefa v\u00e0 thay th\u1ebf trong t\u01b0\u01a1ng lai. \u0110\u00e2y l\u00e0 m\u1ed9t kho\u1ea3n \u0111\u1ea7u t\u01b0 l\u00e2u d\u00e0i, gi\u00fap b\u1ea1n gi\u1ea3m thi\u1ec3u c\u00e1c chi ph\u00ed b\u1ea3o d\u01b0\u1ee1ng.<\/span><\/p>\n<p style=\"text-align: justify;\"><b>T\u00ednh linh ho\u1ea1t trong thi\u1ebft k\u1ebf<\/b><\/p>\n<p style=\"text-align: justify;\"><span style=\"font-weight: 400;\">M\u1eb7t b\u00e0n inox 304 s\u1ecdc c\u00f3 th\u1ec3 d\u1ec5 d\u00e0ng k\u1ebft h\u1ee3p v\u1edbi nhi\u1ec1u ki\u1ec3u d\u00e1ng v\u00e0 phong c\u00e1ch thi\u1ebft k\u1ebf kh\u00e1c nhau, t\u1eeb c\u1ed5 \u0111i\u1ec3n \u0111\u1ebfn hi\u1ec7n \u0111\u1ea1i. V\u1edbi kh\u1ea3 n\u0103ng ph\u00f9 h\u1ee3p v\u1edbi h\u1ea7u h\u1ebft c\u00e1c lo\u1ea1i n\u1ed9i th\u1ea5t b\u1ebfp, inox 304 s\u1ecdc kh\u00f4ng ch\u1ec9 mang l\u1ea1i s\u1ef1 ti\u1ec7n d\u1ee5ng m\u00e0 c\u00f2n l\u00e0 m\u1ed9t \u0111i\u1ec3m nh\u1ea5n v\u1ec1 m\u1eb7t th\u1ea9m m\u1ef9 cho kh\u00f4ng gian b\u1ebfp c\u1ee7a b\u1ea1n.<\/span><\/p>\n<p style=\"text-align: justify;\"><b>Kh\u1ea3 n\u0103ng ch\u1ed1ng vi khu\u1ea9n<\/b><\/p>\n<p style=\"text-align: justify;\"><span style=\"font-weight: 400;\">B\u1ec1 m\u1eb7t inox 304 c\u00f3 kh\u1ea3 n\u0103ng ch\u1ed1ng l\u1ea1i s\u1ef1 ph\u00e1t tri\u1ec3n c\u1ee7a vi khu\u1ea9n v\u00e0 n\u1ea5m m\u1ed1c, \u0111i\u1ec1u n\u00e0y gi\u00fap \u0111\u1ea3m b\u1ea3o v\u1ec7 sinh v\u00e0 an to\u00e0n th\u1ef1c ph\u1ea9m trong kh\u00f4ng gian b\u1ebfp. \u0110\u1eb7c bi\u1ec7t khi b\u1ea1n n\u1ea5u \u0103n v\u1edbi c\u00e1c th\u1ef1c ph\u1ea9m s\u1ed1ng ho\u1eb7c trong m\u00f4i tr\u01b0\u1eddng \u1ea9m \u01b0\u1edbt, m\u1eb7t b\u00e0n inox s\u1ebd gi\u1eef cho kh\u00f4ng gian b\u1ebfp lu\u00f4n s\u1ea1ch s\u1ebd v\u00e0 an to\u00e0n.<\/span><\/p>\n<h2 style=\"text-align: justify;\"><b>6. Gi\u00e1 m\u1eb7t b\u00e0n inox 304 s\u1ecdc bao nhi\u00eau?<\/b><\/h2>\n<p style=\"text-align: justify;\"><img loading=\"lazy\" decoding=\"async\" class=\"aligncenter wp-image-6710 size-full\" src=\"https:\/\/nhatnam.org\/wp-content\/uploads\/2025\/04\/mat_ban_bep_Inox_soc-2.jpg\" alt=\"M\u1eb7t B\u00e0n B\u1ebfp Inox 304 S\u1ecdc\" width=\"1280\" height=\"960\" \/><\/p>\n<p style=\"text-align: justify;\">Gi\u00e1 m\u1eb7t b\u00e0n inox<span style=\"font-weight: 400;\"> 304 s\u1ecdc t\u00f9y thu\u1ed9c v\u00e0o \u0111\u1ed9 d\u00e0y inox, k\u00edch th\u01b0\u1edbc m\u1eb7t b\u00e0n, l\u1edbp v\u1eadt li\u1ec7u gia c\u1ed1 b\u00ean d\u01b0\u1edbi, chi ti\u1ebft kho\u00e9t l\u1ed7 v\u00e0 c\u00e1c y\u00eau c\u1ea7u thi c\u00f4ng kh\u00e1c. Hi\u1ec7n t\u1ea1i, gi\u00e1 tham kh\u1ea3o dao \u0111\u1ed9ng t\u1eeb:<\/span><\/p>\n<ul style=\"text-align: justify;\">\n<li style=\"font-weight: 400;\" aria-level=\"1\"><span style=\"font-weight: 400;\">Kho\u1ea3ng 2.800.000 \u0111\u1ed3ng\/m\u00e9t d\u00e0i (k\u00edch th\u01b0\u1edbc 1000 x 610mm)<\/span><\/li>\n<li style=\"font-weight: 400;\" aria-level=\"1\"><span style=\"font-weight: 400;\">Gi\u00e1 s\u1ebd thay \u0111\u1ed5i n\u1ebfu c\u00f3 kho\u00e9t l\u1ed7 b\u1ebfp, ch\u1eadu r\u1eeda ho\u1eb7c bo c\u1ea1nh \u0111\u1eb7c bi\u1ec7t<\/span><\/li>\n<\/ul>\n<p style=\"text-align: justify;\"><span style=\"font-weight: 400;\">Qu\u00fd Kh\u00e1ch h\u00e0ng li\u00ean h\u1ec7 tr\u1ef1c ti\u1ebfp v\u1edbi Nh\u1ea5t Nam \u0111\u01a1n v\u1ecb <\/span>gia c\u00f4ng m\u1eb7t b\u00e0n inox<span style=\"font-weight: 400;\"> \u0111\u1ec3 nh\u1eadn b\u00e1o gi\u00e1 ch\u00ednh x\u00e1c v\u00e0 \u0111\u01b0\u1ee3c t\u01b0 v\u1ea5n thi\u1ebft k\u1ebf ph\u00f9 h\u1ee3p nh\u1ea5t.<\/span><\/p>\n<h2 style=\"text-align: justify;\"><b>7. T\u1ea1i sao n\u00ean ch\u1ecdn m\u1eb7t b\u00e0n inox 304 s\u1ecdc t\u1ea1i Nh\u1ea5t Nam?<\/b><\/h2>\n<p style=\"text-align: justify;\"><b>Nh\u1ea5t Nam<\/b><span style=\"font-weight: 400;\"> l\u00e0 \u0111\u01a1n v\u1ecb chuy\u00ean <\/span>gia c\u00f4ng m\u1eb7t b\u00e0n inox<span style=\"font-weight: 400;\"> theo y\u00eau c\u1ea7u, \u0111\u1eb7c bi\u1ec7t n\u1ed5i b\u1eadt v\u1edbi d\u00f2ng s\u1ea3n ph\u1ea9m inox 304 s\u1ecdc \u0111\u1ea1t chu\u1ea9n c\u00f4ng nghi\u1ec7p. V\u1edbi h\u1ec7 th\u1ed1ng x\u01b0\u1edfng l\u1edbn, m\u00e1y m\u00f3c hi\u1ec7n \u0111\u1ea1i v\u00e0 \u0111\u1ed9i ng\u0169 k\u1ef9 thu\u1eadt l\u00e0nh ngh\u1ec1, Nh\u1ea5t Nam cam k\u1ebft:<\/span><\/p>\n<ul style=\"text-align: justify;\">\n<li style=\"font-weight: 400;\" aria-level=\"1\"><span style=\"font-weight: 400;\">Cung c\u1ea5p <\/span><b>m\u1eabu b\u00e0n b\u1ebfp inox<\/b><span style=\"font-weight: 400;\"> \u0111a d\u1ea1ng, hi\u1ec7n \u0111\u1ea1i<\/span><\/li>\n<li style=\"font-weight: 400;\" aria-level=\"1\"><span style=\"font-weight: 400;\">Gi\u00e1 th\u00e0nh c\u1ea1nh tranh, s\u1ea3n xu\u1ea5t tr\u1ef1c ti\u1ebfp kh\u00f4ng qua trung gian<\/span><\/li>\n<li style=\"font-weight: 400;\" aria-level=\"1\"><span style=\"font-weight: 400;\">Thi c\u00f4ng chu\u1ea9n x\u00e1c, b\u1ea3o h\u00e0nh r\u00f5 r\u00e0ng<\/span><\/li>\n<li style=\"font-weight: 400;\" aria-level=\"1\"><span style=\"font-weight: 400;\">Nh\u1eadn thi\u1ebft k\u1ebf, kho\u00e9t l\u1ed7, bo c\u1ea1nh theo m\u1ecdi y\u00eau c\u1ea7u th\u1ef1c t\u1ebf<\/span><\/li>\n<\/ul>\n<p style=\"text-align: justify;\"><span style=\"font-weight: 400;\">H\u00e3y li\u00ean h\u1ec7 ngay v\u1edbi <\/span><b>Nh\u1ea5t Nam<\/b><span style=\"font-weight: 400;\"> \u0111\u1ec3 \u0111\u01b0\u1ee3c t\u01b0 v\u1ea5n thi\u1ebft k\u1ebf, l\u1ef1a ch\u1ecdn m\u1eabu v\u00e0 b\u00e1o gi\u00e1 <\/span>m\u1eb7t b\u00e0n inox<span style=\"font-weight: 400;\"> ph\u00f9 h\u1ee3p nh\u1ea5t v\u1edbi kh\u00f4ng gian s\u1ed1ng v\u00e0 ng\u00e2n s\u00e1ch c\u1ee7a b\u1ea1n.<\/span><\/p>\n<p style=\"text-align: justify;\">\n","protected":false},"excerpt":{"rendered":"<p class=\"\" style=\"text-align: justify;\" data-start=\"110\" data-end=\"434\"><strong data-start=\"110\" data-end=\"134\">M\u1eb7t b\u00e0n b\u1ebfp inox 304 s\u1ecdc hairline<\/strong> l\u00e0 l\u1ef1a ch\u1ecdn l\u00fd t\u01b0\u1edfng cho kh\u00f4ng gian b\u1ebfp hi\u1ec7n \u0111\u1ea1i nh\u1edd kh\u1ea3 n\u0103ng ch\u1ed1ng g\u1ec9 s\u00e9t, ch\u1ecbu nhi\u1ec7t v\u00e0 \u0111\u1ed9 b\u1ec1n v\u01b0\u1ee3t tr\u1ed9i. B\u1ec1 m\u1eb7t \u0111\u01b0\u1ee3c x\u1eed l\u00fd v\u1edbi c\u00e1c \u0111\u01b0\u1eddng v\u00e2n s\u1ecdc m\u1ecbn gi\u00fap gi\u1ea3m tr\u1ea7y x\u01b0\u1edbc, d\u1ec5 v\u1ec7 sinh v\u00e0 gi\u1eef \u0111\u01b0\u1ee3c v\u1ebb s\u00e1ng b\u00f3ng l\u00e2u d\u00e0i. Thi\u1ebft k\u1ebf \u0111\u01a1n gi\u1ea3n nh\u01b0ng tinh t\u1ebf, d\u1ec5 d\u00e0ng k\u1ebft h\u1ee3p v\u1edbi nhi\u1ec1u ki\u1ec3u t\u1ee7 b\u1ebfp kh\u00e1c nhau.<\/p>\n","protected":false},"featured_media":1909,"comment_status":"open","ping_status":"closed","template":"","meta":{"_acf_changed":false,"_gspb_post_css":""},"book-author":[],"product_brand":[],"product_cat":[132,109],"product_tag":[],"class_list":{"0":"post-1910","1":"product","2":"type-product","3":"status-publish","4":"has-post-thumbnail","6":"product_cat-mat-ban-inox","7":"product_cat-tu-bep-inox","9":"first","10":"instock","11":"shipping-taxable","12":"product-type-simple"},"acf":[],"_links":{"self":[{"href":"https:\/\/nhatnam.libion.me\/index.php\/wp-json\/wp\/v2\/product\/1910","targetHints":{"allow":["GET"]}}],"collection":[{"href":"https:\/\/nhatnam.libion.me\/index.php\/wp-json\/wp\/v2\/product"}],"about":[{"href":"https:\/\/nhatnam.libion.me\/index.php\/wp-json\/wp\/v2\/types\/product"}],"replies":[{"embeddable":true,"href":"https:\/\/nhatnam.libion.me\/index.php\/wp-json\/wp\/v2\/comments?post=1910"}],"wp:featuredmedia":[{"embeddable":true,"href":"https:\/\/nhatnam.libion.me\/index.php\/wp-json\/wp\/v2\/media\/1909"}],"wp:attachment":[{"href":"https:\/\/nhatnam.libion.me\/index.php\/wp-json\/wp\/v2\/media?parent=1910"}],"wp:term":[{"taxonomy":"book-author","embeddable":true,"href":"https:\/\/nhatnam.libion.me\/index.php\/wp-json\/wp\/v2\/book-author?post=1910"},{"taxonomy":"product_brand","embeddable":true,"href":"https:\/\/nhatnam.libion.me\/index.php\/wp-json\/wp\/v2\/product_brand?post=1910"},{"taxonomy":"product_cat","embeddable":true,"href":"https:\/\/nhatnam.libion.me\/index.php\/wp-json\/wp\/v2\/product_cat?post=1910"},{"taxonomy":"product_tag","embeddable":true,"href":"https:\/\/nhatnam.libion.me\/index.php\/wp-json\/wp\/v2\/product_tag?post=1910"}],"curies":[{"name":"wp","href":"https:\/\/api.w.org\/{rel}","templated":true}]}}