{"id":1890,"date":"2026-04-07T10:29:59","date_gmt":"2026-04-07T10:29:59","guid":{"rendered":"https:\/\/nhatnam.libion.me\/index.php\/product\/vach-tivi-cnc\/"},"modified":"2026-04-07T10:30:12","modified_gmt":"2026-04-07T10:30:12","slug":"vach-tivi-cnc","status":"publish","type":"product","link":"https:\/\/nhatnam.libion.me\/index.php\/product\/vach-tivi-cnc\/","title":{"rendered":"V\u00e1ch Tivi CNC"},"content":{"rendered":"<p style=\"text-align: justify;\"><span style=\"font-weight: 400;\">V\u00e1ch tivi CNC \u0111ang tr\u1edf th\u00e0nh xu h\u01b0\u1edbng n\u1ed9i th\u1ea5t hi\u1ec7n \u0111\u1ea1i, gi\u00fap kh\u00f4ng gian ph\u00f2ng kh\u00e1ch tr\u1edf n\u00ean tinh t\u1ebf v\u00e0 \u0111\u1eb3ng c\u1ea5p h\u01a1n. Kh\u00f4ng ch\u1ec9 \u0111\u00f3ng vai tr\u00f2 l\u00e0 n\u01a1i \u0111\u1eb7t tivi, v\u00e1ch tivi ph\u00f2ng kh\u00e1ch c\u00f2n l\u00e0 gi\u1ea3i ph\u00e1p trang tr\u00ed, t\u1ea1o s\u1ef1 h\u00e0i h\u00f2a gi\u1eefa c\u00e1c khu v\u1ef1c trong nh\u00e0. T\u1ea1i Nh\u1ea5t Nam, ch\u00fang t\u00f4i cung c\u1ea5p nh\u1eefng m\u1eabu v\u00e1ch tivi CNC \u0111\u1eb9p, \u0111a d\u1ea1ng ki\u1ec3u d\u00e1ng, \u0111\u00e1p \u1ee9ng m\u1ecdi phong c\u00e1ch n\u1ed9i th\u1ea5t t\u1eeb c\u1ed5 \u0111i\u1ec3n \u0111\u1ebfn hi\u1ec7n \u0111\u1ea1i. H\u00e3y c\u00f9ng kh\u00e1m ph\u00e1 chi ti\u1ebft c\u00e1c lo\u1ea1i v\u00e1ch tivi CNC v\u00e0 b\u00ed quy\u1ebft l\u1ef1a ch\u1ecdn s\u1ea3n ph\u1ea9m ph\u00f9 h\u1ee3p nh\u1ea5t cho ng\u00f4i nh\u00e0 c\u1ee7a b\u1ea1n!<\/span><\/p>\n<p style=\"text-align: justify;\"><b>1. V\u00e1ch tivi CNC l\u00e0 g\u00ec?<br \/>\n<img loading=\"lazy\" decoding=\"async\" class=\"aligncenter wp-image-6862 size-full\" src=\"https:\/\/nhatnam.org\/wp-content\/uploads\/2025\/05\/vach_tivi-16.jpg\" alt=\"V\u00e1ch Tivi CNC\" width=\"1280\" height=\"960\" \/><br \/>\n<\/b><\/p>\n<p style=\"text-align: justify;\"><span style=\"font-weight: 400;\">V\u00e1ch tivi CNC l\u00e0 m\u1ed9t lo\u1ea1i v\u00e1ch ng\u0103n \u0111\u01b0\u1ee3c thi\u1ebft k\u1ebf v\u00e0 gia c\u00f4ng b\u1eb1ng c\u00f4ng ngh\u1ec7 c\u1eaft CNC (Computer Numerical Control), cho ph\u00e9p t\u1ea1o ra c\u00e1c hoa v\u0103n, h\u1ecda ti\u1ebft tinh x\u1ea3o v\u00e0 \u0111\u1ed9c \u0111\u00e1o. C\u00f4ng ngh\u1ec7 CNC cho ph\u00e9p c\u00e1c nh\u00e0 s\u1ea3n xu\u1ea5t t\u1ea1o ra c\u00e1c h\u00ecnh \u1ea3nh, ki\u1ec3u d\u00e1ng ph\u1ee9c t\u1ea1p, mang \u0111\u1ebfn nh\u1eefng s\u1ea3n ph\u1ea9m c\u00f3 t\u00ednh th\u1ea9m m\u1ef9 cao v\u00e0 \u0111\u1ed9 ch\u00ednh x\u00e1c tuy\u1ec7t \u0111\u1ed1i. V\u00e1ch tivi CNC th\u01b0\u1eddng \u0111\u01b0\u1ee3c s\u1eed d\u1ee5ng \u0111\u1ec3 trang tr\u00ed kh\u00f4ng gian ph\u00f2ng kh\u00e1ch, v\u1eeba gi\u00fap ph\u00e2n chia kh\u00f4ng gian v\u1eeba t\u1ea1o \u0111i\u1ec3m nh\u1ea5n \u1ea5n t\u01b0\u1ee3ng cho ng\u00f4i nh\u00e0.<\/span><\/p>\n<p style=\"text-align: justify;\"><span style=\"font-weight: 400;\">\u0110i\u1ec1u n\u1ed5i b\u1eadt c\u1ee7a v\u00e1ch k\u1ec7 tivi CNC l\u00e0 kh\u1ea3 n\u0103ng t\u00f9y ch\u1ec9nh cao, cho ph\u00e9p ch\u1ee7 nh\u00e0 tho\u1ea3i m\u00e1i l\u1ef1a ch\u1ecdn ki\u1ec3u d\u00e1ng, m\u00e0u s\u1eafc v\u00e0 ch\u1ea5t li\u1ec7u sao cho ph\u00f9 h\u1ee3p v\u1edbi gu th\u1ea9m m\u1ef9 c\u00e1 nh\u00e2n v\u00e0 phong c\u00e1ch thi\u1ebft k\u1ebf c\u1ee7a kh\u00f4ng gian s\u1ed1ng. B\u00ean c\u1ea1nh \u0111\u00f3, v\u00e1ch k\u1ec7\u00a0 tivi CNC c\u0169ng c\u00f3 th\u1ec3 \u0111\u01b0\u1ee3c k\u1ebft h\u1ee3p v\u1edbi c\u00e1c m\u00f3n \u0111\u1ed3 n\u1ed9i th\u1ea5t kh\u00e1c \u0111\u1ec3 t\u1ea1o th\u00e0nh m\u1ed9t kh\u00f4ng gian s\u1ed1ng ho\u00e0n h\u1ea3o v\u00e0 hi\u1ec7n \u0111\u1ea1i.<\/span><\/p>\n<p style=\"text-align: justify;\"><span style=\"font-weight: 400;\">V\u00e1ch CNC c\u00f3 th\u1ec3 l\u00e0m t\u1eeb nhi\u1ec1u ch\u1ea5t li\u1ec7u nh\u01b0 g\u1ed7 t\u1ef1 nhi\u00ean, g\u1ed7 c\u00f4ng nghi\u1ec7p, nh\u1ef1a PVC hay MDF ph\u1ee7 melamine, ph\u00f9 h\u1ee3p v\u1edbi c\u1ea3 kh\u00f4ng gian hi\u1ec7n \u0111\u1ea1i l\u1eabn truy\u1ec1n th\u1ed1ng.<\/span><\/p>\n<p style=\"text-align: justify;\"><b>2. L\u1ee3i \u00edch khi s\u1eed d\u1ee5ng v\u00e1ch ng\u0103n tivi CNC<br \/>\n<img loading=\"lazy\" decoding=\"async\" class=\"aligncenter wp-image-6851 size-full\" src=\"https:\/\/nhatnam.org\/wp-content\/uploads\/2025\/05\/vach_tivi-5.jpg\" alt=\"\" width=\"1280\" height=\"960\" \/><br \/>\n<\/b><\/p>\n<p style=\"text-align: justify;\"><b>T\u0103ng c\u01b0\u1eddng th\u1ea9m m\u1ef9 cho kh\u00f4ng gian<\/b><\/p>\n<p style=\"text-align: justify;\"><span style=\"font-weight: 400;\">V\u1edbi thi\u1ebft k\u1ebf tinh x\u1ea3o, v\u00e1ch ng\u0103n tivi CNC l\u00e0 m\u00f3n \u0111\u1ed3 trang tr\u00ed kh\u00f4ng th\u1ec3 thi\u1ebfu trong ph\u00f2ng kh\u00e1ch.\u00a0 C\u00f4ng ngh\u1ec7 CNC cho ph\u00e9p t\u1ea1o ra nh\u1eefng hoa v\u0103n s\u1eafc n\u00e9t, \u0111\u00e1p \u1ee9ng m\u1ecdi phong c\u00e1ch t\u1eeb v\u00e1ch tivi \u0111\u01a1n gi\u1ea3n \u0111\u1ebfn c\u00e1c m\u1eabu c\u1ea7u k\u1ef3, ngh\u1ec7 thu\u1eadt. Vi\u1ec7c l\u1ef1a ch\u1ecdn v\u00e1ch tivi CNC ph\u00f9 h\u1ee3p s\u1ebd gi\u00fap t\u1ea1o ra m\u1ed9t kh\u00f4ng gian ph\u00f2ng kh\u00e1ch \u0111\u1ed9c \u0111\u00e1o, mang \u0111\u1eadm phong c\u00e1ch ri\u00eang c\u1ee7a gia ch\u1ee7.<\/span><\/p>\n<p style=\"text-align: justify;\"><b>T\u1ed1i \u01b0u h\u00f3a kh\u00f4ng gian<\/b><\/p>\n<p style=\"text-align: justify;\"><span style=\"font-weight: 400;\">V\u00e1ch ng\u0103n tivi CNC kh\u00f4ng ch\u1ec9 \u0111\u01a1n gi\u1ea3n l\u00e0 m\u1ed9t m\u00f3n \u0111\u1ed3 trang tr\u00ed m\u00e0 c\u00f2n gi\u00fap ph\u00e2n chia kh\u00f4ng gian hi\u1ec7u qu\u1ea3. \u0110\u1eb7c bi\u1ec7t, trong nh\u1eefng ng\u00f4i nh\u00e0 c\u00f3 di\u1ec7n t\u00edch h\u1ea1n ch\u1ebf, v\u00e1ch k\u1ec7 tivi CNC gi\u00fap t\u1ea1o ra m\u1ed9t khu v\u1ef1c ri\u00eang bi\u1ec7t cho kh\u00f4ng gian gi\u1ea3i tr\u00ed m\u00e0 kh\u00f4ng l\u00e0m m\u1ea5t \u0111i s\u1ef1 th\u00f4ng tho\u00e1ng, r\u1ed9ng r\u00e3i c\u1ee7a ph\u00f2ng kh\u00e1ch. K\u1ebft h\u1ee3p v\u1edbi k\u1ec7 tivi t\u1ea1o th\u00e0nh v\u00e1ch k\u1ec7 tivi ph\u00f2ng kh\u00e1ch hi\u1ec7n \u0111\u1ea1i, t\u1ed1i \u01b0u h\u00f3a di\u1ec7n t\u00edch s\u1eed d\u1ee5ng.<\/span><\/p>\n<p style=\"text-align: justify;\"><b>\u0110\u1ed9 b\u1ec1n cao<\/b><\/p>\n<p style=\"text-align: justify;\"><span style=\"font-weight: 400;\">V\u00e1ch ng\u0103n tivi CNC th\u01b0\u1eddng \u0111\u01b0\u1ee3c l\u00e0m t\u1eeb c\u00e1c ch\u1ea5t li\u1ec7u g\u1ed7 c\u00f4ng nghi\u1ec7p ho\u1eb7c g\u1ed7 t\u1ef1 nhi\u00ean, gi\u00fap \u0111\u1ea3m b\u1ea3o \u0111\u1ed9 b\u1ec1n l\u00e2u d\u00e0i. V\u1edbi c\u00f4ng ngh\u1ec7 c\u1eaft CNC hi\u1ec7n \u0111\u1ea1i, c\u00e1c s\u1ea3n ph\u1ea9m v\u00e1ch k\u1ec7 tivi CNC c\u00f3 \u0111\u1ed9 ch\u00ednh x\u00e1c cao, kh\u00f4ng b\u1ecb cong v\u00eanh hay n\u1ee9t v\u1ee1 theo th\u1eddi gian. Ngo\u00e0i ra, c\u00e1c ch\u1ea5t li\u1ec7u n\u00e0y c\u0169ng d\u1ec5 d\u00e0ng v\u1ec7 sinh v\u00e0 b\u1ea3o d\u01b0\u1ee1ng, gi\u00fap s\u1ea3n ph\u1ea9m gi\u1eef \u0111\u01b0\u1ee3c v\u1ebb \u0111\u1eb9p nh\u01b0 m\u1edbi qua nhi\u1ec1u n\u0103m s\u1eed d\u1ee5ng.<\/span><\/p>\n<p style=\"text-align: justify;\"><b>T\u00ednh linh ho\u1ea1t v\u00e0 \u0111a d\u1ea1ng trong thi\u1ebft k\u1ebf<\/b><\/p>\n<p style=\"text-align: justify;\"><span style=\"font-weight: 400;\">M\u1ed9t trong nh\u1eefng \u01b0u \u0111i\u1ec3m n\u1ed5i b\u1eadt c\u1ee7a v\u00e1ch ng\u0103n tivi CNC l\u00e0 t\u00ednh linh ho\u1ea1t trong thi\u1ebft k\u1ebf. B\u1ea1n c\u00f3 th\u1ec3 d\u1ec5 d\u00e0ng l\u1ef1a ch\u1ecdn c\u00e1c m\u1eabu v\u00e1ch tivi CNC v\u1edbi hoa v\u0103n, h\u1ecda ti\u1ebft \u0111a d\u1ea1ng, ph\u00f9 h\u1ee3p v\u1edbi phong c\u00e1ch n\u1ed9i th\u1ea5t c\u1ee7a ng\u00f4i nh\u00e0. \u0110\u1eb7c bi\u1ec7t ph\u00f9 h\u1ee3p cho c\u00e1c ph\u00f2ng kh\u00e1ch nh\u00e0 \u1ed1ng, gi\u00fap t\u00e1ch bi\u1ec7t khu v\u1ef1c m\u00e0 v\u1eabn gi\u1eef \u0111\u01b0\u1ee3c s\u1ef1 th\u00f4ng tho\u00e1ng.<\/span><\/p>\n<p style=\"text-align: justify;\"><span style=\"font-weight: 400;\">B\u00ean c\u1ea1nh \u0111\u00f3, v\u00e1ch tivi CNC c\u00f2n c\u00f3 th\u1ec3 \u0111\u01b0\u1ee3c k\u1ebft h\u1ee3p v\u1edbi c\u00e1c m\u00f3n \u0111\u1ed3 n\u1ed9i th\u1ea5t kh\u00e1c nh\u01b0 k\u1ec7 tivi, k\u1ec7 trang tr\u00ed, t\u1ea1o n\u00ean m\u1ed9t kh\u00f4ng gian s\u1ed1ng ti\u1ec7n nghi v\u00e0 h\u00e0i h\u00f2a.<\/span><\/p>\n<h2 style=\"text-align: justify;\"><b>3. C\u00e1c m\u1eabu v\u00e1ch ng\u0103n tivi CNC ph\u1ed5 bi\u1ebfn<br \/>\n<\/b><\/h2>\n<p style=\"text-align: justify;\"><span style=\"font-weight: 400;\">Hi\u1ec7n nay tr\u00ean th\u1ecb tr\u01b0\u1eddng c\u00f3 r\u1ea5t nhi\u1ec1u m\u1eabu v\u00e1ch ng\u0103n tivi CNC v\u1edbi c\u00e1c thi\u1ebft k\u1ebf v\u00e0 ki\u1ec3u d\u00e1ng kh\u00e1c nhau, ph\u00f9 h\u1ee3p v\u1edbi nhi\u1ec1u phong c\u00e1ch n\u1ed9i th\u1ea5t. D\u01b0\u1edbi \u0111\u00e2y l\u00e0 m\u1ed9t s\u1ed1 m\u1eabu v\u00e1ch tivi CNC ph\u1ed5 bi\u1ebfn:<\/span><\/p>\n<p style=\"text-align: justify;\"><strong>V\u00e1ch tivi hoa v\u0103n CNC<\/strong><\/p>\n<p style=\"text-align: justify;\"><strong><br \/>\n<img loading=\"lazy\" decoding=\"async\" class=\"aligncenter wp-image-6849 size-full\" src=\"https:\/\/nhatnam.org\/wp-content\/uploads\/2025\/05\/vach_tivi-3.jpg\" alt=\"\" width=\"1280\" height=\"960\" \/><br \/>\n<\/strong><\/p>\n<p style=\"text-align: justify;\"><span style=\"font-weight: 400;\">M\u1eabu v\u00e1ch ng\u0103n tivi n\u00e0y th\u01b0\u1eddng \u0111\u01b0\u1ee3c c\u1eaft CNC v\u1edbi nh\u1eefng h\u1ecda ti\u1ebft hoa v\u0103n tinh x\u1ea3o, mang l\u1ea1i v\u1ebb \u0111\u1eb9p sang tr\u1ecdng v\u00e0 \u0111\u1ed9c \u0111\u00e1o cho ph\u00f2ng kh\u00e1ch. Nh\u1eefng hoa v\u0103n n\u00e0y c\u00f3 th\u1ec3 l\u00e0 c\u00e1c h\u00ecnh kh\u1ed1i h\u00ecnh h\u1ecdc, hoa l\u00e1, ho\u1eb7c c\u00e1c h\u1ecda ti\u1ebft truy\u1ec1n th\u1ed1ng, t\u1ea1o n\u00ean s\u1ef1 phong ph\u00fa v\u00e0 \u0111a d\u1ea1ng trong thi\u1ebft k\u1ebf.<\/span><\/p>\n<p style=\"text-align: justify;\"><strong>V\u00e1ch tivi \u0111\u1ee5c l\u1ed7 CNC<\/strong><\/p>\n<p><img loading=\"lazy\" decoding=\"async\" class=\"aligncenter wp-image-6853 size-full\" src=\"https:\/\/nhatnam.org\/wp-content\/uploads\/2025\/05\/vach_tivi-7.jpg\" alt=\"\" width=\"1280\" height=\"960\" \/><\/p>\n<p style=\"text-align: justify;\"><span style=\"font-weight: 400;\">V\u00e1ch tivi \u0111\u1ee5c l\u1ed7 CNC c\u00f3 thi\u1ebft k\u1ebf \u0111\u1eb7c bi\u1ec7t v\u1edbi c\u00e1c l\u1ed7 nh\u1ecf t\u1ea1o th\u00e0nh c\u00e1c h\u00ecnh \u1ea3nh, hoa v\u0103n \u0111\u1ed9c \u0111\u00e1o. M\u1eabu v\u00e1ch ng\u0103n tivi n\u00e0y kh\u00f4ng ch\u1ec9 gi\u00fap t\u1ea1o \u0111i\u1ec3m nh\u1ea5n trong kh\u00f4ng gian m\u00e0 c\u00f2n t\u1ea1o c\u1ea3m gi\u00e1c tho\u00e1ng \u0111\u00e3ng v\u00e0 d\u1ec5 ch\u1ecbu, \u0111\u1eb7c bi\u1ec7t l\u00e0 trong nh\u1eefng ph\u00f2ng kh\u00e1ch c\u00f3 di\u1ec7n t\u00edch h\u1ea1n ch\u1ebf.<\/span><\/p>\n<p style=\"text-align: justify;\"><strong>V\u00e1ch tivi k\u1ebft h\u1ee3p k\u1ec7<br \/>\n<img loading=\"lazy\" decoding=\"async\" class=\"aligncenter wp-image-6854 size-full\" src=\"https:\/\/nhatnam.org\/wp-content\/uploads\/2025\/05\/vach_tivi-8.jpg\" alt=\"\" width=\"1280\" height=\"960\" \/><br \/>\n<\/strong><\/p>\n<p style=\"text-align: justify;\"><span style=\"font-weight: 400;\">M\u1ed9t s\u1ed1 m\u1eabu v\u00e1ch ng\u0103n tivi CNC hi\u1ec7n nay c\u00f2n \u0111\u01b0\u1ee3c k\u1ebft h\u1ee3p v\u1edbi k\u1ec7 tivi, gi\u00fap ti\u1ebft ki\u1ec7m kh\u00f4ng gian v\u00e0 t\u1ea1o ra m\u1ed9t kh\u00f4ng gian s\u1ed1ng ti\u1ec7n nghi. K\u1ec7 tivi \u0111\u01b0\u1ee3c thi\u1ebft k\u1ebf li\u1ec1n m\u1ea1ch v\u1edbi v\u00e1ch tivi, gi\u00fap t\u1ea1o s\u1ef1 \u0111\u1ed3ng b\u1ed9 v\u00e0 h\u00e0i h\u00f2a cho kh\u00f4ng gian ph\u00f2ng kh\u00e1ch.<\/span><\/p>\n<h2 style=\"text-align: justify;\"><b>4. Ti\u00eau ch\u00ed l\u1ef1a ch\u1ecdn v\u00e1ch ng\u0103n tivi CNC ph\u00f9 h\u1ee3p<\/b><\/h2>\n<h4 style=\"text-align: justify;\"><b>Ch\u1ea5t li\u1ec7u v\u00e1ch tivi: <\/b><span style=\"font-weight: 400;\">Ch\u1ea5t li\u1ec7u v\u00e1ch tivi CNC l\u00e0 y\u1ebfu t\u1ed1 quan tr\u1ecdng \u1ea3nh h\u01b0\u1edfng \u0111\u1ebfn \u0111\u1ed9 b\u1ec1n v\u00e0 t\u00ednh th\u1ea9m m\u1ef9 c\u1ee7a s\u1ea3n ph\u1ea9m. B\u1ea1n n\u00ean l\u1ef1a ch\u1ecdn v\u00e1ch tivi l\u00e0m t\u1eeb g\u1ed7 c\u00f4ng nghi\u1ec7p ho\u1eb7c g\u1ed7 t\u1ef1 nhi\u00ean, gi\u00fap s\u1ea3n ph\u1ea9m c\u00f3 \u0111\u1ed9 b\u1ec1n cao v\u00e0 d\u1ec5 d\u00e0ng v\u1ec7 sinh.<\/span><\/h4>\n<h4 style=\"text-align: justify;\"><b>Thi\u1ebft k\u1ebf v\u00e0 k\u00edch th\u01b0\u1edbc: <\/b><span style=\"font-weight: 400;\">Khi l\u1ef1a ch\u1ecdn v\u00e1ch tivi CNC, b\u1ea1n c\u1ea7n ch\u00fa \u00fd \u0111\u1ebfn thi\u1ebft k\u1ebf v\u00e0 k\u00edch th\u01b0\u1edbc c\u1ee7a s\u1ea3n ph\u1ea9m. \u0110\u1ea3m b\u1ea3o r\u1eb1ng v\u00e1ch tivi ph\u00f9 h\u1ee3p v\u1edbi kh\u00f4ng gian ph\u00f2ng kh\u00e1ch v\u00e0 phong c\u00e1ch n\u1ed9i th\u1ea5t m\u00e0 b\u1ea1n y\u00eau th\u00edch. B\u1ea1n c\u0169ng n\u00ean ch\u1ecdn m\u1eabu v\u00e1ch tivi c\u00f3 thi\u1ebft k\u1ebf \u0111\u01a1n gi\u1ea3n nh\u01b0ng tinh t\u1ebf, gi\u00fap t\u1ea1o \u0111i\u1ec3m nh\u1ea5n m\u00e0 kh\u00f4ng l\u00e0m m\u1ea5t \u0111i s\u1ef1 tho\u1ea3i m\u00e1i trong kh\u00f4ng gian s\u1ed1ng.<\/span><\/h4>\n<h4 style=\"text-align: justify;\"><b>Ch\u1ee9c n\u0103ng ph\u00e2n chia kh\u00f4ng gian: <\/b><span style=\"font-weight: 400;\">Ngo\u00e0i vi\u1ec7c trang tr\u00ed, v\u00e1ch tivi CNC c\u00f2n c\u00f3 ch\u1ee9c n\u0103ng ph\u00e2n chia kh\u00f4ng gian trong ph\u00f2ng kh\u00e1ch. H\u00e3y ch\u1ecdn c\u00e1c m\u1eabu v\u00e1ch ng\u0103n tivi c\u00f3 kh\u1ea3 n\u0103ng chia kh\u00f4ng gian hi\u1ec7u qu\u1ea3 m\u00e0 kh\u00f4ng l\u00e0m cho ph\u00f2ng kh\u00e1ch tr\u1edf n\u00ean ch\u1eadt ch\u1ed9i. M\u1ed9t v\u00e1ch tivi CNC k\u1ebft h\u1ee3p v\u1edbi c\u00e1c k\u1ec7 tivi ho\u1eb7c t\u1ee7 \u0111\u1ef1ng \u0111\u1ed3 s\u1ebd gi\u00fap b\u1ea1n t\u1ed1i \u01b0u h\u00f3a kh\u00f4ng gian s\u1ed1ng.<\/span><\/h4>\n<h2 style=\"text-align: justify;\"><b>5. B\u00e1o gi\u00e1 v\u00e1ch CNC<\/b><\/h2>\n<p style=\"text-align: justify;\"><span style=\"font-weight: 400;\">Gi\u00e1 v\u00e1ch ng\u0103n tivi CNC tr\u00ean th\u1ecb tr\u01b0\u1eddng dao \u0111\u1ed9ng t\u00f9y theo ch\u1ea5t li\u1ec7u, thi\u1ebft k\u1ebf v\u00e0 k\u00edch th\u01b0\u1edbc. C\u00e1c m\u1eabu cao c\u1ea5p th\u01b0\u1eddng c\u00f3 gi\u00e1 cao h\u01a1n nh\u01b0ng mang l\u1ea1i \u0111\u1ed9 b\u1ec1n v\u00e0 th\u1ea9m m\u1ef9 v\u01b0\u1ee3t tr\u1ed9i.<\/span><\/p>\n<p style=\"text-align: justify;\"><span style=\"font-weight: 400;\">Li\u00ean h\u1ec7 Nh\u1ea5t Nam \u0111\u1ec3 \u0111\u01b0\u1ee3c t\u01b0 v\u1ea5n v\u00e0 b\u00e1o gi\u00e1 chi ti\u1ebft, gi\u00fap b\u1ea1n ch\u1ecdn \u0111\u01b0\u1ee3c v\u00e1ch tivi \u01b0ng \u00fd nh\u1ea5t!<\/span><\/p>\n<h2 style=\"text-align: justify;\"><b>6. Nh\u1ea5t Nam \u0111\u1ecba ch\u1ec9 uy t\u00edn chuy\u00ean thi\u1ebft k\u1ebf thi c\u00f4ng v\u00e1ch ng\u0103n tivi uy t\u00edn<\/b><\/h2>\n<p style=\"text-align: justify;\"><span style=\"font-weight: 400;\">N\u1ebfu b\u1ea1n \u0111ang t\u00ecm ki\u1ebfm v\u00e1ch ng\u0103n tivi CNC \u0111\u1eb9p, ch\u1ea5t l\u01b0\u1ee3ng v\u00e0 ph\u00f9 h\u1ee3p v\u1edbi kh\u00f4ng gian s\u1ed1ng, <\/span><b>Nh\u1ea5t Nam<\/b><span style=\"font-weight: 400;\"> l\u00e0 l\u1ef1a ch\u1ecdn \u0111\u00e1ng tin c\u1eady \u0111\u01b0\u1ee3c nhi\u1ec1u kh\u00e1ch h\u00e0ng tin t\u01b0\u1edfng.<\/span><\/p>\n<p style=\"text-align: justify;\"><span style=\"font-weight: 400;\">Ch\u00fang t\u00f4i cung c\u1ea5p c\u00e1c m\u1eabu v\u00e1ch tivi CNC v\u1edbi thi\u1ebft k\u1ebf hi\u1ec7n \u0111\u1ea1i, ch\u1ea5t li\u1ec7u cao c\u1ea5p, \u0111\u1ea3m b\u1ea3o t\u00ednh th\u1ea9m m\u1ef9 v\u00e0 \u0111\u1ed9 b\u1ec1n v\u01b0\u1ee3t tr\u1ed9i. M\u1ed7i s\u1ea3n ph\u1ea9m \u0111\u1ec1u \u0111\u01b0\u1ee3c gia c\u00f4ng t\u1ec9 m\u1ec9, gi\u00fap kh\u00f4ng gian ph\u00f2ng kh\u00e1ch c\u1ee7a b\u1ea1n tr\u1edf n\u00ean sang tr\u1ecdng v\u00e0 \u0111\u1eb3ng c\u1ea5p.<\/span><\/p>\n<p style=\"text-align: justify;\"><span style=\"font-weight: 400;\">V\u1edbi kinh nghi\u1ec7m d\u00e0y d\u1eb7n trong thi\u1ebft k\u1ebf, thi c\u00f4ng v\u00e0 s\u1ef1 h\u00e0i l\u00f2ng c\u1ee7a h\u00e0ng ngh\u00ecn kh\u00e1ch h\u00e0ng, Nh\u1ea5t Nam cam k\u1ebft mang \u0111\u1ebfn cho b\u1ea1n nh\u1eefng gi\u1ea3i ph\u00e1p t\u1ed1i \u01b0u nh\u1ea5t.<\/span><\/p>\n<p style=\"text-align: justify;\"><span style=\"font-weight: 400;\">Li\u00ean h\u1ec7 ngay v\u1edbi Nh\u1ea5t Nam \u0111\u1ec3 \u0111\u01b0\u1ee3c t\u01b0 v\u1ea5n v\u00e0 l\u1ef1a ch\u1ecdn m\u1eabu v\u00e1ch k\u1ec7 tivi ph\u00f9 h\u1ee3p nh\u1ea5t!<\/span><\/p>\n","protected":false},"excerpt":{"rendered":"<p style=\"text-align: justify;\"><span style=\"font-weight: 400;\">V\u00e1ch tivi CNC \u0111ang tr\u1edf th\u00e0nh xu h\u01b0\u1edbng n\u1ed9i th\u1ea5t hi\u1ec7n \u0111\u1ea1i, gi\u00fap kh\u00f4ng gian ph\u00f2ng kh\u00e1ch tr\u1edf n\u00ean tinh t\u1ebf v\u00e0 \u0111\u1eb3ng c\u1ea5p h\u01a1n. Kh\u00f4ng ch\u1ec9 \u0111\u00f3ng vai tr\u00f2 l\u00e0 n\u01a1i \u0111\u1eb7t tivi, v\u00e1ch tivi ph\u00f2ng kh\u00e1ch c\u00f2n l\u00e0 gi\u1ea3i ph\u00e1p trang tr\u00ed, t\u1ea1o s\u1ef1 h\u00e0i h\u00f2a gi\u1eefa c\u00e1c khu v\u1ef1c trong nh\u00e0. T\u1ea1i Nh\u1ea5t Nam, ch\u00fang t\u00f4i cung c\u1ea5p nh\u1eefng m\u1eabu v\u00e1ch tivi CNC \u0111\u1eb9p, \u0111a d\u1ea1ng ki\u1ec3u d\u00e1ng, \u0111\u00e1p \u1ee9ng m\u1ecdi phong c\u00e1ch n\u1ed9i th\u1ea5t t\u1eeb c\u1ed5 \u0111i\u1ec3n \u0111\u1ebfn hi\u1ec7n \u0111\u1ea1i. H\u00e3y c\u00f9ng kh\u00e1m ph\u00e1 chi ti\u1ebft c\u00e1c lo\u1ea1i v\u00e1ch tivi CNC v\u00e0 b\u00ed quy\u1ebft l\u1ef1a ch\u1ecdn s\u1ea3n ph\u1ea9m ph\u00f9 h\u1ee3p nh\u1ea5t cho ng\u00f4i nh\u00e0 c\u1ee7a b\u1ea1n!<\/span><\/p>\n","protected":false},"featured_media":1889,"comment_status":"open","ping_status":"closed","template":"","meta":{"_acf_changed":false,"_gspb_post_css":""},"book-author":[],"product_brand":[],"product_cat":[130,131],"product_tag":[],"class_list":{"0":"post-1890","1":"product","2":"type-product","3":"status-publish","4":"has-post-thumbnail","6":"product_cat-noi-that-phong-khach","7":"product_cat-vach-tivi","9":"first","10":"instock","11":"shipping-taxable","12":"product-type-simple"},"acf":[],"_links":{"self":[{"href":"https:\/\/nhatnam.libion.me\/index.php\/wp-json\/wp\/v2\/product\/1890","targetHints":{"allow":["GET"]}}],"collection":[{"href":"https:\/\/nhatnam.libion.me\/index.php\/wp-json\/wp\/v2\/product"}],"about":[{"href":"https:\/\/nhatnam.libion.me\/index.php\/wp-json\/wp\/v2\/types\/product"}],"replies":[{"embeddable":true,"href":"https:\/\/nhatnam.libion.me\/index.php\/wp-json\/wp\/v2\/comments?post=1890"}],"wp:featuredmedia":[{"embeddable":true,"href":"https:\/\/nhatnam.libion.me\/index.php\/wp-json\/wp\/v2\/media\/1889"}],"wp:attachment":[{"href":"https:\/\/nhatnam.libion.me\/index.php\/wp-json\/wp\/v2\/media?parent=1890"}],"wp:term":[{"taxonomy":"book-author","embeddable":true,"href":"https:\/\/nhatnam.libion.me\/index.php\/wp-json\/wp\/v2\/book-author?post=1890"},{"taxonomy":"product_brand","embeddable":true,"href":"https:\/\/nhatnam.libion.me\/index.php\/wp-json\/wp\/v2\/product_brand?post=1890"},{"taxonomy":"product_cat","embeddable":true,"href":"https:\/\/nhatnam.libion.me\/index.php\/wp-json\/wp\/v2\/product_cat?post=1890"},{"taxonomy":"product_tag","embeddable":true,"href":"https:\/\/nhatnam.libion.me\/index.php\/wp-json\/wp\/v2\/product_tag?post=1890"}],"curies":[{"name":"wp","href":"https:\/\/api.w.org\/{rel}","templated":true}]}}