{"id":1886,"date":"2026-04-07T10:29:56","date_gmt":"2026-04-07T10:29:56","guid":{"rendered":"https:\/\/nhatnam.libion.me\/index.php\/product\/ban-trang-diem-co-den-led\/"},"modified":"2026-04-07T10:29:58","modified_gmt":"2026-04-07T10:29:58","slug":"ban-trang-diem-co-den-led","status":"publish","type":"product","link":"https:\/\/nhatnam.libion.me\/index.php\/product\/ban-trang-diem-co-den-led\/","title":{"rendered":"B\u00e0n Trang \u0110i\u1ec3m C\u00f3 \u0110\u00e8n\u00a0LED"},"content":{"rendered":"<p style=\"text-align: justify;\"><span style=\"font-weight: 400;\">B\u00e0n trang \u0111i\u1ec3m c\u00f3 \u0111\u00e8n LED kh\u00f4ng ch\u1ec9 l\u00e0 g\u00f3c l\u00e0m \u0111\u1eb9p ri\u00eang c\u1ee7a ph\u00e1i n\u1eef m\u00e0 c\u00f2n g\u00f3p ph\u1ea7n t\u00f4 \u0111i\u1ec3m cho kh\u00f4ng gian ph\u00f2ng ng\u1ee7 th\u00eam tinh t\u1ebf v\u00e0 sang tr\u1ecdng. M\u1eabu b\u00e0n trang \u0111i\u1ec3m c\u00f3 \u0111\u00e8n l\u00e0 l\u1ef1a ch\u1ecdn ho\u00e0n h\u1ea3o, gi\u00fap s\u1eafp x\u1ebfp m\u1ef9 ph\u1ea9m, n\u01b0\u1edbc hoa, c\u1ecd trang \u0111i\u1ec3m m\u1ed9t c\u00e1ch g\u1ecdn g\u00e0ng, ng\u0103n n\u1eafp. Thi\u1ebft k\u1ebf nh\u1ecf g\u1ecdn, tinh t\u1ebf c\u00f9ng h\u1ec7 th\u1ed1ng \u0111\u00e8n LED c\u1ea3m \u1ee9ng hi\u1ec7n \u0111\u1ea1i mang l\u1ea1i s\u1ef1 ti\u1ec7n l\u1ee3i t\u1ed1i \u0111a, ph\u00f9 h\u1ee3p v\u1edbi nh\u1eefng kh\u00f4ng gian c\u00f3 di\u1ec7n t\u00edch h\u1ea1n ch\u1ebf. \u0110\u00e2y ch\u1eafc ch\u1eafn s\u1ebd l\u00e0 m\u00f3n qu\u00e0 tuy\u1ec7t v\u1eddi d\u00e0nh cho nh\u1eefng ai y\u00eau th\u00edch l\u00e0m \u0111\u1eb9p v\u00e0 mu\u1ed1n s\u1edf h\u1eefu m\u1ed9t g\u00f3c trang \u0111i\u1ec3m hi\u1ec7n \u0111\u1ea1i, ti\u1ec7n nghi. <\/span><\/p>\n<p style=\"text-align: justify;\"><span style=\"font-weight: 400;\">C\u00f9ng Nh\u1ea5t Nam t\u00ecm hi\u1ec3u chi ti\u1ebft qua b\u00e0i vi\u1ebft d\u01b0\u1edbi \u0111\u00e2y nh\u00e9.\u00a0<\/span><\/p>\n<h2 style=\"text-align: justify;\"><b>1. B\u00e0n trang \u0111i\u1ec3m c\u00f3 \u0111\u00e8n LED l\u00e0 g\u00ec?<\/b><\/h2>\n<p><img loading=\"lazy\" decoding=\"async\" class=\"aligncenter wp-image-6648 size-full\" src=\"https:\/\/nhatnam.org\/wp-content\/uploads\/2025\/04\/ban_trang_diem_co_den_LED08.jpg\" alt=\"B\u00e0n Trang \u0110i\u1ec3m C\u00f3 \u0110\u00e8n\u00a0LED\" width=\"736\" height=\"978\" \/><\/p>\n<p style=\"text-align: justify;\"><span style=\"font-weight: 400;\">Kh\u00f4ng ph\u1ea3i ng\u1eabu nhi\u00ean m\u00e0 b\u00e0n trang \u0111i\u1ec3m c\u00f3 \u0111\u00e8n led l\u1ea1i \u0111\u01b0\u1ee3c \u01b0a chu\u1ed9ng \u0111\u1ebfn v\u1eady. Khi \u00e1nh s\u00e1ng t\u1ef1 nhi\u00ean kh\u00f4ng \u0111\u1ee7, nh\u1ea5t l\u00e0 v\u00e0o s\u00e1ng s\u1edbm ho\u1eb7c t\u1ed1i mu\u1ed9n, \u0111\u00e8n LED t\u00edch h\u1ee3p tr\u00ean g\u01b0\u01a1ng gi\u00fap b\u1ea1n trang \u0111i\u1ec3m ch\u00ednh x\u00e1c, h\u1ea1n ch\u1ebf l\u1ed7i make-up l\u1ec7ch t\u00f4ng da, k\u1ebb l\u00f4ng m\u00e0y l\u1ec7ch ho\u1eb7c \u0111\u00e1nh ph\u1ea5n kh\u00f4ng \u0111\u1ec1u.<\/span><\/p>\n<p style=\"text-align: justify;\"><span style=\"font-weight: 400;\">Kh\u00f4ng d\u1eebng l\u1ea1i \u1edf ch\u1ee9c n\u0103ng chi\u1ebfu s\u00e1ng, \u0111\u00e8n LED c\u00f2n gi\u00fap n\u00e2ng t\u1ea7m v\u1ebb \u0111\u1eb9p hi\u1ec7n \u0111\u1ea1i cho kh\u00f4ng gian s\u1ed1ng. \u00c1nh s\u00e1ng t\u1eeb \u0111\u00e8n kh\u00f4ng qu\u00e1 g\u1eaft, \u0111\u01b0\u1ee3c thi\u1ebft k\u1ebf \u0111\u1ec3 m\u00f4 ph\u1ecfng \u00e1nh s\u00e1ng ban ng\u00e0y, t\u1ea1o c\u1ea3m gi\u00e1c d\u1ec5 ch\u1ecbu v\u00e0 gi\u00fap b\u1ea1n nh\u00ecn r\u00f5 t\u1eebng chi ti\u1ebft tr\u00ean g\u01b0\u01a1ng m\u1eb7t khi trang \u0111i\u1ec3m.<\/span><\/p>\n<p style=\"text-align: justify;\"><span style=\"font-weight: 400;\">Ngo\u00e0i ra, nh\u1eefng m\u1eabu b\u00e0n trang \u0111i\u1ec3m g\u01b0\u01a1ng \u0111\u00e8n LED c\u00f2n mang \u0111\u1eadm t\u00ednh c\u00f4ng ngh\u1ec7, t\u1eeb c\u1ea3m \u1ee9ng th\u00f4ng minh \u0111\u1ebfn ch\u1ebf \u0111\u1ed9 \u00e1nh s\u00e1ng \u0111a c\u1ea5p \u0111\u1ed9. T\u1ea5t c\u1ea3 \u0111\u1ec1u h\u01b0\u1edbng \u0111\u1ebfn s\u1ef1 ti\u1ec7n nghi v\u00e0 \u0111\u1eb3ng c\u1ea5p cho ng\u01b0\u1eddi s\u1eed d\u1ee5ng.<\/span><\/p>\n<h2 style=\"text-align: justify;\"><b>2. \u01afu \u0111i\u1ec3m n\u1ed5i b\u1eadt c\u1ee7a b\u00e0n trang \u0111i\u1ec3m c\u00f3 \u0111\u00e8n LED<br \/>\n<img loading=\"lazy\" decoding=\"async\" class=\"aligncenter wp-image-6647\" src=\"https:\/\/nhatnam.org\/wp-content\/uploads\/2025\/04\/ban_trang_diem_co_den_LED07-200x300.jpg\" alt=\"B\u00e0n Trang \u0110i\u1ec3m C\u00f3 \u0110\u00e8n\u00a0LED\" width=\"736\" height=\"1104\" \/><br \/>\n<\/b><\/h2>\n<p style=\"text-align: justify;\"><span style=\"font-weight: 400;\">B\u00e0n trang \u0111i\u1ec3m c\u00f3 \u0111\u00e8n LED mang \u0111\u1ebfn nhi\u1ec1u l\u1ee3i \u00edch v\u01b0\u1ee3t tr\u1ed9i m\u00e0 b\u1ea1n kh\u00f4ng th\u1ec3 b\u1ecf qua. D\u01b0\u1edbi \u0111\u00e2y l\u00e0 nh\u1eefng \u01b0u \u0111i\u1ec3m n\u1ed5i b\u1eadt c\u1ee7a s\u1ea3n ph\u1ea9m n\u00e0y:<\/span><\/p>\n<p style=\"text-align: justify;\"><b>Cung c\u1ea5p \u00e1nh s\u00e1ng l\u00fd t\u01b0\u1edfng khi trang \u0111i\u1ec3m<\/b><span style=\"font-weight: 400;\">: \u0110\u00e8n LED mang \u0111\u1ebfn \u00e1nh s\u00e1ng \u1ed5n \u0111\u1ecbnh, kh\u00f4ng b\u1ecb ch\u00f3i v\u00e0 ph\u00e2n b\u1ed1 \u0111\u1ec1u tr\u00ean khu\u00f4n m\u1eb7t, gi\u00fap b\u1ea1n make-up k\u1ef9 l\u01b0\u1ee1ng, tr\u00e1nh l\u1ed7i k\u1ebb m\u1eaft l\u1ec7ch hay ph\u1ea5n n\u1ec1n kh\u00f4ng \u0111\u1ec1u m\u00e0u. M\u1ed9t s\u1ed1 m\u1eabu c\u00f2n c\u00f3 kh\u1ea3 n\u0103ng thay \u0111\u1ed5i \u00e1nh s\u00e1ng theo t\u00f4ng m\u00e0u (tr\u1eafng, v\u00e0ng, trung t\u00ednh) ph\u00f9 h\u1ee3p t\u1eebng th\u1eddi \u0111i\u1ec3m trong ng\u00e0y.<\/span><\/p>\n<p style=\"text-align: justify;\"><b>Ti\u1ebft ki\u1ec7m n\u0103ng l\u01b0\u1ee3ng v\u00e0 b\u1ec1n b\u1ec9: <\/b><span style=\"font-weight: 400;\">So v\u1edbi c\u00e1c lo\u1ea1i \u0111\u00e8n truy\u1ec1n th\u1ed1ng, LED ti\u00eau hao \u00edt \u0111i\u1ec7n n\u0103ng h\u01a1n nh\u01b0ng l\u1ea1i c\u00f3 tu\u1ed5i th\u1ecd cao, l\u00ean \u0111\u1ebfn h\u00e0ng ch\u1ee5c ngh\u00ecn gi\u1edd s\u1eed d\u1ee5ng. \u0110i\u1ec1u n\u00e0y gi\u00fap b\u1ea1n ti\u1ebft ki\u1ec7m chi ph\u00ed \u0111i\u1ec7n v\u00e0 kh\u00f4ng c\u1ea7n thay b\u00f3ng th\u01b0\u1eddng xuy\u00ean.<\/span><\/p>\n<p style=\"text-align: justify;\"><b>N\u00e2ng cao t\u00ednh th\u1ea9m m\u1ef9 cho kh\u00f4ng gian s\u1ed1ng: <\/b><span style=\"font-weight: 400;\">B\u00e0n trang \u0111i\u1ec3m LED th\u01b0\u1eddng s\u1edf h\u1eefu thi\u1ebft k\u1ebf tinh t\u1ebf, hi\u1ec7n \u0111\u1ea1i, d\u1ec5 d\u00e0ng ph\u1ed1i h\u1ee3p v\u1edbi n\u1ed9i th\u1ea5t ph\u00f2ng ng\u1ee7. \u00c1nh s\u00e1ng d\u1ecbu nh\u1eb9 c\u00f2n gi\u00fap kh\u00f4ng gian tr\u1edf n\u00ean lung linh, th\u01b0 gi\u00e3n h\u01a1n m\u1ed7i khi s\u1eed d\u1ee5ng.<\/span><\/p>\n<p style=\"text-align: justify;\"><b>D\u1ec5 d\u00e0ng \u0111i\u1ec1u ch\u1ec9nh \u00e1nh s\u00e1ng: <\/b><span style=\"font-weight: 400;\">Nhi\u1ec1u m\u1eabu b\u00e0n trang \u0111i\u1ec3m hi\u1ec7n nay c\u00f3 t\u00edch h\u1ee3p c\u1ea3m \u1ee9ng \u0111i\u1ec1u ch\u1ec9nh \u00e1nh s\u00e1ng, ch\u1ec9 c\u1ea7n ch\u1ea1m nh\u1eb9 l\u00e0 b\u1ea1n c\u00f3 th\u1ec3 t\u00f9y ch\u1ecdn \u0111\u1ed9 s\u00e1ng theo nhu c\u1ea7u. \u0110\u00e2y l\u00e0 t\u00ednh n\u0103ng l\u00fd t\u01b0\u1edfng cho nh\u1eefng ai y\u00eau th\u00edch s\u1ef1 ti\u1ec7n nghi v\u00e0 linh ho\u1ea1t.<\/span><\/p>\n<p style=\"text-align: justify;\"><b>Thi\u1ebft k\u1ebf g\u1ecdn nh\u1eb9, ti\u1ebft ki\u1ec7m di\u1ec7n t\u00edch:<\/b><span style=\"font-weight: 400;\">D\u00f9 nh\u1ecf g\u1ecdn nh\u01b0ng b\u00e0n trang \u0111i\u1ec3m c\u00f3 \u0111\u00e8n LED v\u1eabn t\u00edch h\u1ee3p \u0111\u1ea7y \u0111\u1ee7 ng\u0103n ch\u1ee9a m\u1ef9 ph\u1ea9m, n\u01b0\u1edbc hoa, ph\u1ee5 ki\u1ec7n\u2026 r\u1ea5t ti\u1ec7n d\u1ee5ng cho ph\u00f2ng ng\u1ee7 c\u00f3 di\u1ec7n t\u00edch h\u1ea1n ch\u1ebf.<\/span><\/p>\n<h2 style=\"text-align: justify;\"><b>3. C\u00e1c lo\u1ea1i b\u00e0n trang \u0111i\u1ec3m c\u00f3 \u0111\u00e8n LED ph\u1ed5 bi\u1ebfn<\/b><\/h2>\n<p><img loading=\"lazy\" decoding=\"async\" class=\"aligncenter wp-image-6650 size-full\" src=\"https:\/\/nhatnam.org\/wp-content\/uploads\/2025\/04\/ban_trang_diem_co_den_LED10.jpg\" alt=\"B\u00e0n Trang \u0110i\u1ec3m C\u00f3 \u0110\u00e8n\u00a0LED\" width=\"736\" height=\"914\" \/><\/p>\n<p style=\"text-align: justify;\"><span style=\"font-weight: 400;\">Tr\u00ean th\u1ecb tr\u01b0\u1eddng hi\u1ec7n nay c\u00f3 r\u1ea5t nhi\u1ec1u m\u1eabu b\u00e0n trang \u0111i\u1ec3m c\u00f3 \u0111\u00e8n LED v\u1edbi c\u00e1c thi\u1ebft k\u1ebf v\u00e0 ch\u1ea5t li\u1ec7u kh\u00e1c nhau. D\u01b0\u1edbi \u0111\u00e2y l\u00e0 m\u1ed9t s\u1ed1 m\u1eabu b\u00e0n trang \u0111i\u1ec3m ph\u1ed5 bi\u1ebfn m\u00e0 b\u1ea1n c\u00f3 th\u1ec3 tham kh\u1ea3o:<\/span><\/p>\n<h4 style=\"text-align: justify;\"><b>B\u00e0n trang \u0111i\u1ec3m ng\u1ed3i b\u1ec7t c\u00f3 \u0111\u00e8n LED<\/b><\/h4>\n<p style=\"text-align: justify;\"><span style=\"font-weight: 400;\">Thi\u1ebft k\u1ebf nh\u1ecf g\u1ecdn, g\u1ea7n g\u0169i v\u1edbi phong c\u00e1ch s\u1ed1ng t\u1ed1i gi\u1ea3n, <\/span>b\u00e0n trang \u0111i\u1ec3m ng\u1ed3i b\u1ec7t c\u00f3 \u0111\u00e8n LED<span style=\"font-weight: 400;\"> l\u00e0 l\u1ef1a ch\u1ecdn t\u1ed1i \u01b0u cho nh\u1eefng c\u0103n ph\u00f2ng c\u00f3 di\u1ec7n t\u00edch h\u1ea1n ch\u1ebf. V\u1edbi chi\u1ec1u cao v\u1eeba ph\u1ea3i v\u00e0 thi\u1ebft k\u1ebf th\u00e2n thi\u1ec7n, s\u1ea3n ph\u1ea9m mang l\u1ea1i c\u1ea3m gi\u00e1c tho\u1ea3i m\u00e1i khi s\u1eed d\u1ee5ng m\u00e0 v\u1eabn \u0111\u1ea3m b\u1ea3o \u0111\u1ea7y \u0111\u1ee7 t\u00ednh n\u0103ng.<\/span><\/p>\n<h4 style=\"text-align: justify;\"><b>B\u00e0n trang \u0111i\u1ec3m \u0111\u00e8n LED c\u1ea3m \u1ee9ng<\/b><\/h4>\n<p style=\"text-align: justify;\"><span style=\"font-weight: 400;\">N\u1ebfu b\u1ea1n y\u00eau th\u00edch s\u1ef1 hi\u1ec7n \u0111\u1ea1i, ch\u1eafc ch\u1eafn kh\u00f4ng th\u1ec3 b\u1ecf qua m\u1eabu <\/span>b\u00e0n trang \u0111i\u1ec3m \u0111\u00e8n LED c\u1ea3m \u1ee9ng<span style=\"font-weight: 400;\">. V\u1edbi thao t\u00e1c ch\u1ea1m nh\u1eb9 \u0111\u1ec3 b\u1eadt\/t\u1eaft ho\u1eb7c \u0111i\u1ec1u ch\u1ec9nh \u00e1nh s\u00e1ng, d\u00f2ng s\u1ea3n ph\u1ea9m n\u00e0y mang l\u1ea1i tr\u1ea3i nghi\u1ec7m trang \u0111i\u1ec3m c\u1ef1c k\u1ef3 ti\u1ec7n l\u1ee3i v\u00e0 hi\u1ec7n \u0111\u1ea1i. M\u1ed9t s\u1ed1 m\u1eabu c\u00f2n c\u00f3 kh\u1ea3 n\u0103ng nh\u1edb ch\u1ebf \u0111\u1ed9 \u00e1nh s\u00e1ng \u0111\u00e3 s\u1eed d\u1ee5ng g\u1ea7n nh\u1ea5t, v\u00f4 c\u00f9ng ti\u1ec7n l\u1ee3i.<\/span><\/p>\n<h4 style=\"text-align: justify;\"><b>B\u00e0n trang \u0111i\u1ec3m g\u01b0\u01a1ng LED \u0111a n\u0103ng<\/b><\/h4>\n<p style=\"text-align: justify;\"><span style=\"font-weight: 400;\">Kh\u00f4ng ch\u1ec9 d\u1eebng l\u1ea1i \u1edf vi\u1ec7c gi\u00fap b\u1ea1n l\u00e0m \u0111\u1eb9p, d\u00f2ng b\u00e0n trang \u0111i\u1ec3m n\u00e0y c\u00f2n t\u00edch h\u1ee3p nhi\u1ec1u c\u00f4ng ngh\u1ec7 hi\u1ec7n \u0111\u1ea1i nh\u01b0 s\u1ea1c \u0111i\u1ec7n tho\u1ea1i kh\u00f4ng d\u00e2y, c\u1ed5ng USB, h\u1ec7 th\u1ed1ng \u00e2m thanh Bluetooth. \u0110\u00e2y ch\u00ednh l\u00e0 m\u1eabu <\/span>b\u00e0n trang \u0111i\u1ec3m chuy\u00ean nghi\u1ec7p \u0111\u00e8n LED<span style=\"font-weight: 400;\"> d\u00e0nh cho nh\u1eefng ai y\u00eau th\u00edch s\u1ef1 \u0111\u1ed9t ph\u00e1 v\u00e0 ti\u1ec7n nghi trong c\u00f9ng m\u1ed9t s\u1ea3n ph\u1ea9m.<\/span><\/p>\n<h4 style=\"text-align: justify;\"><b>B\u00e0n trang \u0111i\u1ec3m mini c\u00f3 \u0111\u00e8n<\/b><\/h4>\n<p style=\"text-align: justify;\"><span style=\"font-weight: 400;\">Thi\u1ebft k\u1ebf g\u1ecdn nh\u1eb9 nh\u01b0ng kh\u00f4ng k\u00e9m ph\u1ea7n tinh t\u1ebf, b\u00e0n trang \u0111i\u1ec3m mini ph\u00f9 h\u1ee3p v\u1edbi sinh vi\u00ean, ng\u01b0\u1eddi s\u1ed1ng m\u1ed9t m\u00ecnh ho\u1eb7c ph\u00f2ng tr\u1ecd nh\u1ecf. V\u1edbi kh\u1ea3 n\u0103ng th\u00e1o r\u1eddi, di chuy\u1ec3n d\u1ec5 d\u00e0ng, s\u1ea3n ph\u1ea9m n\u00e0y \u0111\u01b0\u1ee3c \u01b0a chu\u1ed9ng nh\u1edd t\u00ednh c\u01a1 \u0111\u1ed9ng cao m\u00e0 v\u1eabn \u0111\u1ea3m b\u1ea3o ch\u1ee9c n\u0103ng c\u1ea7n thi\u1ebft.<\/span><\/p>\n<h4 style=\"text-align: justify;\"><b>B\u00e0n trang \u0111i\u1ec3m g\u01b0\u01a1ng LED treo t\u01b0\u1eddng<\/b><\/h4>\n<p style=\"text-align: justify;\"><span style=\"font-weight: 400;\">V\u1edbi nh\u1eefng kh\u00f4ng gian ph\u00f2ng ng\u1ee7 h\u1ea1n ch\u1ebf v\u1ec1 di\u1ec7n t\u00edch, b\u00e0n trang \u0111i\u1ec3m g\u01b0\u01a1ng LED treo t\u01b0\u1eddng l\u00e0 s\u1ef1 l\u1ef1a ch\u1ecdn l\u00fd t\u01b0\u1edfng. M\u1eabu b\u00e0n n\u00e0y kh\u00f4ng ch\u1ec9 gi\u00fap ti\u1ebft ki\u1ec7m kh\u00f4ng gian s\u00e0n m\u00e0 c\u00f2n mang l\u1ea1i v\u1ebb \u0111\u1eb9p sang tr\u1ecdng, hi\u1ec7n \u0111\u1ea1i cho kh\u00f4ng gian s\u1ed1ng c\u1ee7a b\u1ea1n.<\/span><\/p>\n<h2 style=\"text-align: justify;\"><b>4. Ti\u00eau ch\u00ed ch\u1ecdn mua b\u00e0n trang \u0111i\u1ec3m c\u00f3 \u0111\u00e8n LED ph\u00f9 h\u1ee3p<\/b><\/h2>\n<ul style=\"text-align: justify;\">\n<li style=\"font-weight: 400;\" aria-level=\"1\"><b>K\u00edch th\u01b0\u1edbc ph\u00f9 h\u1ee3p kh\u00f4ng gian<\/b><span style=\"font-weight: 400;\">: V\u1edbi ph\u00f2ng nh\u1ecf, ch\u1ecdn b\u00e0n mini ho\u1eb7c ng\u1ed3i b\u1ec7t; ph\u00f2ng r\u1ed9ng th\u00ec tho\u1ea3i m\u00e1i ch\u1ecdn m\u1eabu l\u1edbn, nhi\u1ec1u ng\u0103n ch\u1ee9a.<\/span><\/li>\n<li style=\"font-weight: 400;\" aria-level=\"1\"><b>Ch\u1ea5t li\u1ec7u b\u1ec1n, d\u1ec5 v\u1ec7 sinh<\/b><span style=\"font-weight: 400;\">: G\u1ed7 c\u00f4ng nghi\u1ec7p, nh\u1ef1a cao c\u1ea5p hay kim lo\u1ea1i l\u00e0 nh\u1eefng ch\u1ea5t li\u1ec7u b\u1ec1n, d\u1ec5 b\u1ea3o tr\u00ec v\u00e0 mang l\u1ea1i v\u1ebb \u0111\u1eb9p hi\u1ec7n \u0111\u1ea1i.<\/span><\/li>\n<li style=\"font-weight: 400;\" aria-level=\"1\"><b>Thi\u1ebft k\u1ebf g\u01b0\u01a1ng ch\u1ea5t l\u01b0\u1ee3ng<\/b><span style=\"font-weight: 400;\">: N\u00ean ch\u1ecdn g\u01b0\u01a1ng LED c\u00f3 \u00e1nh s\u00e1ng trung th\u1ef1c, kh\u00f4ng g\u00e2y ch\u00f3i, \u0111\u1ec3 b\u1ea3o v\u1ec7 m\u1eaft v\u00e0 gi\u00fap trang \u0111i\u1ec3m ch\u00ednh x\u00e1c.<\/span><\/li>\n<li style=\"font-weight: 400;\" aria-level=\"1\"><b>T\u00ednh n\u0103ng th\u00f4ng minh<\/b><span style=\"font-weight: 400;\">: C\u1ea3m \u1ee9ng, \u0111i\u1ec1u ch\u1ec9nh \u00e1nh s\u00e1ng, g\u01b0\u01a1ng ph\u00f3ng \u0111\u1ea1i, t\u00edch h\u1ee3p s\u1ea1c \u0111i\u1ec7n tho\u1ea1i\u2026 s\u1ebd gi\u00fap n\u00e2ng t\u1ea7m tr\u1ea3i nghi\u1ec7m l\u00e0m \u0111\u1eb9p.<\/span><\/li>\n<\/ul>\n<h2 style=\"text-align: justify;\"><b>5. B\u00e1o gi\u00e1 b\u00e0n trang \u0111i\u1ec3m c\u00f3 \u0111\u00e8n LED<\/b><\/h2>\n<p><img loading=\"lazy\" decoding=\"async\" class=\"aligncenter wp-image-6625 size-full\" src=\"https:\/\/nhatnam.org\/wp-content\/uploads\/2025\/04\/ban_trang_diem_go_cong_nghiep12.jpg\" alt=\"B\u00e0n Trang \u0110i\u1ec3m G\u1ed7 C\u00f4ng Nghi\u1ec7p\" width=\"736\" height=\"740\" \/><\/p>\n<p style=\"text-align: justify;\"><span style=\"font-weight: 400;\">B\u00e0n trang \u0111i\u1ec3m c\u00f3 \u0111\u00e8n LED t\u1ea1i <\/span><b>Nh\u1ea5t Nam<\/b><span style=\"font-weight: 400;\"> \u0111\u01b0\u1ee3c thi\u1ebft k\u1ebf \u0111a d\u1ea1ng, \u0111\u00e1p \u1ee9ng nhu c\u1ea7u c\u1ee7a nhi\u1ec1u kh\u00f4ng gian v\u00e0 phong c\u00e1ch n\u1ed9i th\u1ea5t. T\u00f9y v\u00e0o ch\u1ea5t li\u1ec7u, ki\u1ec3u d\u00e1ng v\u00e0 c\u00e1c t\u00ednh n\u0103ng nh\u01b0 \u0111i\u1ec1u ch\u1ec9nh \u0111\u1ed9 s\u00e1ng hay t\u00edch h\u1ee3p ng\u0103n k\u00e9o l\u01b0u tr\u1eef, gi\u00e1 s\u1ea3n ph\u1ea9m s\u1ebd c\u00f3 s\u1ef1 kh\u00e1c nhau.<\/span><\/p>\n<p style=\"text-align: justify;\"><span style=\"font-weight: 400;\">\u0110\u1ec3 nh\u1eadn <\/span><b>b\u00e1o gi\u00e1 chi ti\u1ebft<\/b><span style=\"font-weight: 400;\"> v\u00e0 t\u01b0 v\u1ea5n m\u1eabu b\u00e0n trang \u0111i\u1ec3m ph\u00f9 h\u1ee3p, h\u00e3y li\u00ean h\u1ec7 ngay v\u1edbi <\/span><b>Nh\u1ea5t Nam<\/b><span style=\"font-weight: 400;\">. Ch\u00fang t\u00f4i cam k\u1ebft cung c\u1ea5p s\u1ea3n ph\u1ea9m ch\u1ea5t l\u01b0\u1ee3ng, gi\u00e1 th\u00e0nh h\u1ee3p l\u00fd c\u00f9ng d\u1ecbch v\u1ee5 t\u1eadn t\u00e2m!<\/span><\/p>\n<h2 style=\"text-align: justify;\"><b>6. Nh\u1ea5t Nam &#8211; \u0110\u1ecba ch\u1ec9 chuy\u00ean cung c\u1ea5p m\u1eabu b\u00e0n trang \u0111i\u1ec3m c\u00f3 \u0111\u00e8n LED uy t\u00edn, ch\u1ea5t l\u01b0\u1ee3ng<\/b><\/h2>\n<p style=\"text-align: justify;\"><span style=\"font-weight: 400;\">N\u1ebfu b\u1ea1n \u0111ang t\u00ecm ki\u1ebfm m\u1ed9t chi\u1ebfc b\u00e0n trang \u0111i\u1ec3m v\u1eeba hi\u1ec7n \u0111\u1ea1i v\u1eeba ti\u1ec7n d\u1ee5ng, b\u00e0n trang \u0111i\u1ec3m \u0111\u00e8n LED t\u1ea1i Nh\u1ea5t Nam s\u1ebd l\u00e0 l\u1ef1a ch\u1ecdn l\u00fd t\u01b0\u1edfng. V\u1edbi thi\u1ebft k\u1ebf tinh t\u1ebf v\u00e0 \u00e1nh s\u00e1ng LED d\u1ecbu nh\u1eb9, s\u1ea3n ph\u1ea9m kh\u00f4ng ch\u1ec9 gi\u00fap b\u1ea1n trang \u0111i\u1ec3m d\u1ec5 d\u00e0ng h\u01a1n m\u00e0 c\u00f2n l\u00e0m n\u1ed5i b\u1eadt kh\u00f4ng gian ph\u00f2ng ng\u1ee7.<\/span><\/p>\n<p style=\"text-align: justify;\"><span style=\"font-weight: 400;\">T\u1ea1i Nh\u1ea5t Nam, ch\u00fang t\u00f4i cung c\u1ea5p nhi\u1ec1u m\u1eabu b\u00e0n trang \u0111i\u1ec3m t\u00edch h\u1ee3p \u0111\u00e8n LED, c\u00f3 thi\u1ebft k\u1ebf g\u1ecdn g\u00e0ng, nhi\u1ec1u ng\u0103n ch\u1ee9a th\u00f4ng minh, ph\u00f9 h\u1ee3p v\u1edbi nhi\u1ec1u phong c\u00e1ch n\u1ed9i th\u1ea5t. M\u1ed7i s\u1ea3n ph\u1ea9m \u0111\u1ec1u \u0111\u01b0\u1ee3c ch\u1ecdn l\u1ecdc k\u1ef9 l\u01b0\u1ee1ng, \u0111\u1ea3m b\u1ea3o ch\u1ea5t l\u01b0\u1ee3ng v\u00e0 th\u1ea9m m\u1ef9.<\/span><\/p>\n<p style=\"text-align: justify;\"><span style=\"font-weight: 400;\">Ch\u00fang t\u00f4i cam k\u1ebft:<\/span><\/p>\n<ul style=\"text-align: justify;\">\n<li style=\"font-weight: 400;\" aria-level=\"1\"><span style=\"font-weight: 400;\">S\u1ea3n ph\u1ea9m ch\u1ea5t l\u01b0\u1ee3ng, gi\u00e1 c\u1ea3 h\u1ee3p l\u00fd<\/span><\/li>\n<li style=\"font-weight: 400;\" aria-level=\"1\"><span style=\"font-weight: 400;\">T\u01b0 v\u1ea5n t\u1eadn t\u00e2m, giao h\u00e0ng nhanh ch\u00f3ng<\/span><\/li>\n<li style=\"font-weight: 400;\" aria-level=\"1\"><span style=\"font-weight: 400;\">\u01afu \u0111\u00e3i h\u1ea5p d\u1eabn khi mua h\u00e0ng tr\u1ef1c ti\u1ebfp ho\u1eb7c online<\/span><\/li>\n<\/ul>\n<p style=\"text-align: justify;\"><span style=\"font-weight: 400;\">H\u00e3y \u0111\u1ec3 m\u1ed7i ng\u00e0y b\u1eaft \u0111\u1ea7u b\u1eb1ng m\u1ed9t kh\u00f4ng gian trang \u0111i\u1ec3m truy\u1ec1n c\u1ea3m h\u1ee9ng. Li\u00ean h\u1ec7 Nh\u1ea5t Nam \u0111\u1ec3 \u0111\u01b0\u1ee3c t\u01b0 v\u1ea5n v\u00e0 ch\u1ecdn mua m\u1eabu b\u00e0n ph\u00f9 h\u1ee3p nh\u1ea5t v\u1edbi b\u1ea1n.<\/span><\/p>\n","protected":false},"excerpt":{"rendered":"<p style=\"text-align: justify;\"><span style=\"font-weight: 400;\">B\u00e0n trang \u0111i\u1ec3m c\u00f3 \u0111\u00e8n LED kh\u00f4ng ch\u1ec9 l\u00e0 g\u00f3c l\u00e0m \u0111\u1eb9p ri\u00eang c\u1ee7a ph\u00e1i n\u1eef m\u00e0 c\u00f2n g\u00f3p ph\u1ea7n t\u00f4 \u0111i\u1ec3m cho kh\u00f4ng gian ph\u00f2ng ng\u1ee7 th\u00eam tinh t\u1ebf v\u00e0 sang tr\u1ecdng. M\u1eabu b\u00e0n trang \u0111i\u1ec3m c\u00f3 \u0111\u00e8n l\u00e0 l\u1ef1a ch\u1ecdn ho\u00e0n h\u1ea3o, gi\u00fap s\u1eafp x\u1ebfp m\u1ef9 ph\u1ea9m, n\u01b0\u1edbc hoa, c\u1ecd trang \u0111i\u1ec3m m\u1ed9t c\u00e1ch g\u1ecdn g\u00e0ng, ng\u0103n n\u1eafp. Thi\u1ebft k\u1ebf nh\u1ecf g\u1ecdn, tinh t\u1ebf c\u00f9ng h\u1ec7 th\u1ed1ng \u0111\u00e8n LED c\u1ea3m \u1ee9ng hi\u1ec7n \u0111\u1ea1i mang l\u1ea1i s\u1ef1 ti\u1ec7n l\u1ee3i t\u1ed1i \u0111a, ph\u00f9 h\u1ee3p v\u1edbi nh\u1eefng kh\u00f4ng gian c\u00f3 di\u1ec7n t\u00edch h\u1ea1n ch\u1ebf. \u0110\u00e2y ch\u1eafc ch\u1eafn s\u1ebd l\u00e0 m\u00f3n qu\u00e0 tuy\u1ec7t v\u1eddi d\u00e0nh cho nh\u1eefng ai y\u00eau th\u00edch l\u00e0m \u0111\u1eb9p v\u00e0 mu\u1ed1n s\u1edf h\u1eefu m\u1ed9t g\u00f3c trang \u0111i\u1ec3m hi\u1ec7n \u0111\u1ea1i, ti\u1ec7n nghi.\u00a0<\/span><\/p>\n","protected":false},"featured_media":1885,"comment_status":"open","ping_status":"closed","template":"","meta":{"_acf_changed":false,"_gspb_post_css":""},"book-author":[],"product_brand":[],"product_cat":[129,104],"product_tag":[],"class_list":{"0":"post-1886","1":"product","2":"type-product","3":"status-publish","4":"has-post-thumbnail","6":"product_cat-ban-trang-diem","7":"product_cat-noi-that-phong-ngu","9":"first","10":"instock","11":"shipping-taxable","12":"product-type-simple"},"acf":[],"_links":{"self":[{"href":"https:\/\/nhatnam.libion.me\/index.php\/wp-json\/wp\/v2\/product\/1886","targetHints":{"allow":["GET"]}}],"collection":[{"href":"https:\/\/nhatnam.libion.me\/index.php\/wp-json\/wp\/v2\/product"}],"about":[{"href":"https:\/\/nhatnam.libion.me\/index.php\/wp-json\/wp\/v2\/types\/product"}],"replies":[{"embeddable":true,"href":"https:\/\/nhatnam.libion.me\/index.php\/wp-json\/wp\/v2\/comments?post=1886"}],"wp:featuredmedia":[{"embeddable":true,"href":"https:\/\/nhatnam.libion.me\/index.php\/wp-json\/wp\/v2\/media\/1885"}],"wp:attachment":[{"href":"https:\/\/nhatnam.libion.me\/index.php\/wp-json\/wp\/v2\/media?parent=1886"}],"wp:term":[{"taxonomy":"book-author","embeddable":true,"href":"https:\/\/nhatnam.libion.me\/index.php\/wp-json\/wp\/v2\/book-author?post=1886"},{"taxonomy":"product_brand","embeddable":true,"href":"https:\/\/nhatnam.libion.me\/index.php\/wp-json\/wp\/v2\/product_brand?post=1886"},{"taxonomy":"product_cat","embeddable":true,"href":"https:\/\/nhatnam.libion.me\/index.php\/wp-json\/wp\/v2\/product_cat?post=1886"},{"taxonomy":"product_tag","embeddable":true,"href":"https:\/\/nhatnam.libion.me\/index.php\/wp-json\/wp\/v2\/product_tag?post=1886"}],"curies":[{"name":"wp","href":"https:\/\/api.w.org\/{rel}","templated":true}]}}