{"id":1879,"date":"2026-04-07T10:29:45","date_gmt":"2026-04-07T10:29:45","guid":{"rendered":"https:\/\/nhatnam.libion.me\/index.php\/product\/ban-trang-diem-mini\/"},"modified":"2026-04-07T10:29:53","modified_gmt":"2026-04-07T10:29:53","slug":"ban-trang-diem-mini","status":"publish","type":"product","link":"https:\/\/nhatnam.libion.me\/index.php\/product\/ban-trang-diem-mini\/","title":{"rendered":"B\u00e0n Trang \u0110i\u1ec3m Mini"},"content":{"rendered":"<p style=\"text-align: justify;\"><b>B\u00e0n trang \u0111i\u1ec3m mini<\/b><span style=\"font-weight: 400;\"> l\u00e0 l\u1ef1a ch\u1ecdn ho\u00e0n h\u1ea3o cho ph\u00e1i \u0111\u1eb9p y\u00eau th\u00edch s\u1ef1 g\u1ecdn g\u00e0ng, tinh t\u1ebf. Kh\u00f4ng ch\u1ec9 ti\u1ebft ki\u1ec7m di\u1ec7n t\u00edch, nh\u1eefng m\u1eabu b\u00e0n nh\u1ecf xinh n\u00e0y c\u00f2n mang \u0111\u1ebfn m\u1ed9t g\u00f3c l\u00e0m \u0111\u1eb9p ti\u1ec7n nghi, sang tr\u1ecdng.\u00a0<\/span><\/p>\n<p style=\"text-align: justify;\"><span style=\"font-weight: 400;\">H\u00e3y c\u00f9ng <\/span><b>Nh\u1ea5t Nam<\/b><span style=\"font-weight: 400;\"> t\u00ecm hi\u1ec3u chi ti\u1ebft h\u01a1n v\u1ec1 s\u1ea3n ph\u1ea9m n\u00e0y qua b\u00e0i vi\u1ebft d\u01b0\u1edbi \u0111\u00e2y.\u00a0<\/span><\/p>\n<h2 style=\"text-align: justify;\"><b>1. Gi\u1edbi thi\u1ec7u v\u1ec1 b\u00e0n trang \u0111i\u1ec3m mini<\/b><\/h2>\n<p><img loading=\"lazy\" decoding=\"async\" class=\"aligncenter wp-image-6638 size-full\" src=\"https:\/\/nhatnam.org\/wp-content\/uploads\/2025\/04\/ban_trang_diem_mini11.jpg\" alt=\"B\u00e0n Trang \u0110i\u1ec3m Mini\" width=\"1280\" height=\"960\" \/><\/p>\n<p style=\"text-align: justify;\"><span style=\"font-weight: 400;\">B\u00e0n trang \u0111i\u1ec3m mini l\u00e0 gi\u1ea3i ph\u00e1p ho\u00e0n h\u1ea3o cho nh\u1eefng kh\u00f4ng gian nh\u1ecf ho\u1eb7c d\u00e0nh cho nh\u1eefng ai y\u00eau th\u00edch s\u1ef1 g\u1ecdn g\u00e0ng, tinh t\u1ebf. V\u1edbi thi\u1ebft k\u1ebf nh\u1ecf g\u1ecdn nh\u01b0ng v\u1eabn \u0111\u1ea7y \u0111\u1ee7 c\u00f4ng n\u0103ng, s\u1ea3n ph\u1ea9m n\u00e0y gi\u00fap b\u1ea1n c\u00f3 m\u1ed9t g\u00f3c l\u00e0m \u0111\u1eb9p ti\u1ec7n l\u1ee3i m\u00e0 kh\u00f4ng chi\u1ebfm nhi\u1ec1u di\u1ec7n t\u00edch.<\/span><\/p>\n<p style=\"text-align: justify;\"><span style=\"font-weight: 400;\">D\u00f9 c\u00f3 k\u00edch th\u01b0\u1edbc nh\u1ecf, b\u00e0n trang \u0111i\u1ec3m nh\u1ecf v\u1eabn \u0111\u01b0\u1ee3c trang b\u1ecb ng\u0103n k\u00e9o l\u01b0u tr\u1eef th\u00f4ng minh, g\u01b0\u01a1ng soi v\u00e0 b\u1ec1 m\u1eb7t \u0111\u1ee7 r\u1ed9ng \u0111\u1ec3 s\u1eafp x\u1ebfp m\u1ef9 ph\u1ea9m g\u1ecdn g\u00e0ng. Ch\u1ea5t li\u1ec7u \u0111a d\u1ea1ng t\u1eeb g\u1ed7 c\u00f4ng nghi\u1ec7p, nh\u1ef1a cao c\u1ea5p \u0111\u1ebfn kim lo\u1ea1i s\u01a1n t\u0129nh \u0111i\u1ec7n, mang l\u1ea1i \u0111\u1ed9 b\u1ec1n cao v\u00e0 ph\u00f9 h\u1ee3p v\u1edbi nhi\u1ec1u phong c\u00e1ch n\u1ed9i th\u1ea5t.<\/span><\/p>\n<p style=\"text-align: justify;\"><span style=\"font-weight: 400;\">V\u1edbi v\u1ebb \u0111\u1eb9p t\u1ed1i gi\u1ea3n, hi\u1ec7n \u0111\u1ea1i c\u00f9ng thi\u1ebft k\u1ebf linh ho\u1ea1t, m\u1eabu b\u00e0n trang \u0111i\u1ec3m nh\u1ecf kh\u00f4ng ch\u1ec9 gi\u00fap b\u1ea1n ti\u1ebft ki\u1ec7m kh\u00f4ng gian m\u00e0 c\u00f2n l\u00e0 \u0111i\u1ec3m nh\u1ea5n tinh t\u1ebf trong ph\u00f2ng ng\u1ee7.<\/span><\/p>\n<h2 style=\"text-align: justify;\"><b>2. \u01afu \u0111i\u1ec3m c\u1ee7a b\u00e0n trang \u0111i\u1ec3m mini<\/b><\/h2>\n<p><img loading=\"lazy\" decoding=\"async\" class=\"aligncenter wp-image-6637 size-full\" src=\"https:\/\/nhatnam.org\/wp-content\/uploads\/2025\/04\/ban_trang_diem_mini10.jpg\" alt=\"B\u00e0n Trang \u0110i\u1ec3m Mini\" width=\"1280\" height=\"960\" \/><\/p>\n<p style=\"text-align: justify;\"><span style=\"font-weight: 400;\">B\u00e0n trang \u0111i\u1ec3m mini mang \u0111\u1ebfn r\u1ea5t nhi\u1ec1u l\u1ee3i \u00edch cho ng\u01b0\u1eddi s\u1eed d\u1ee5ng, kh\u00f4ng ch\u1ec9 \u1edf t\u00ednh n\u0103ng s\u1eed d\u1ee5ng m\u00e0 c\u00f2n \u1edf t\u00ednh th\u1ea9m m\u1ef9 v\u00e0 s\u1ef1 ti\u1ec7n l\u1ee3i. D\u01b0\u1edbi \u0111\u00e2y l\u00e0 m\u1ed9t s\u1ed1 \u01b0u \u0111i\u1ec3m n\u1ed5i b\u1eadt:<\/span><\/p>\n<p style=\"text-align: justify;\"><strong>Ti\u1ebft ki\u1ec7m kh\u00f4ng gian<\/strong><\/p>\n<p style=\"text-align: justify;\"><span style=\"font-weight: 400;\">\u0110i\u1ec1u \u0111\u1ea7u ti\u00ean c\u1ea7n ph\u1ea3i nh\u1eafc \u0111\u1ebfn khi n\u00f3i v\u1ec1 b\u00e0n trang \u0111i\u1ec3m nh\u1ecf ch\u00ednh l\u00e0 kh\u1ea3 n\u0103ng ti\u1ebft ki\u1ec7m kh\u00f4ng gian. V\u1edbi k\u00edch th\u01b0\u1edbc nh\u1ecf g\u1ecdn, b\u00e0n trang \u0111i\u1ec3m mini c\u00f3 th\u1ec3 \u0111\u01b0\u1ee3c \u0111\u1eb7t \u1edf b\u1ea5t k\u1ef3 g\u00f3c n\u00e0o trong ph\u00f2ng ng\u1ee7 m\u00e0 kh\u00f4ng chi\u1ebfm qu\u00e1 nhi\u1ec1u di\u1ec7n t\u00edch. \u0110\u00e2y l\u00e0 gi\u1ea3i ph\u00e1p ho\u00e0n h\u1ea3o cho nh\u1eefng kh\u00f4ng gian ph\u00f2ng ng\u1ee7 ch\u1eadt h\u1eb9p ho\u1eb7c nh\u1eefng c\u0103n ph\u00f2ng c\u00f3 di\u1ec7n t\u00edch nh\u1ecf.<\/span><\/p>\n<p style=\"text-align: justify;\"><strong>Thi\u1ebft k\u1ebf \u0111a d\u1ea1ng v\u00e0 ph\u00f9 h\u1ee3p v\u1edbi m\u1ecdi phong c\u00e1ch n\u1ed9i th\u1ea5t<\/strong><\/p>\n<p style=\"text-align: justify;\"><span style=\"font-weight: 400;\">B\u00e0n trang \u0111i\u1ec3m nh\u1ecf hi\u1ec7n nay \u0111\u01b0\u1ee3c thi\u1ebft k\u1ebf v\u1edbi nhi\u1ec1u ki\u1ec3u d\u00e1ng v\u00e0 m\u00e0u s\u1eafc kh\u00e1c nhau, ph\u00f9 h\u1ee3p v\u1edbi m\u1ecdi phong c\u00e1ch n\u1ed9i th\u1ea5t t\u1eeb hi\u1ec7n \u0111\u1ea1i, t\u1ed1i gi\u1ea3n cho \u0111\u1ebfn c\u1ed5 \u0111i\u1ec3n hay vintage. B\u1ea1n c\u00f3 th\u1ec3 d\u1ec5 d\u00e0ng l\u1ef1a ch\u1ecdn m\u1ed9t chi\u1ebfc b\u00e0n trang \u0111i\u1ec3m mini ph\u00f9 h\u1ee3p v\u1edbi kh\u00f4ng gian v\u00e0 s\u1edf th\u00edch c\u1ee7a m\u00ecnh. Kh\u00f4ng ch\u1ec9 \u0111\u1eb9p v\u1ec1 m\u1eb7t th\u1ea9m m\u1ef9, nh\u1eefng m\u1eabu b\u00e0n trang \u0111i\u1ec3m nh\u1ecf g\u1ecdn c\u00f2n \u0111\u01b0\u1ee3c trang b\u1ecb \u0111\u1ea7y \u0111\u1ee7 t\u00ednh n\u0103ng ti\u1ec7n d\u1ee5ng nh\u01b0 ng\u0103n k\u00e9o \u0111\u1ef1ng \u0111\u1ed3 trang \u0111i\u1ec3m, g\u01b0\u01a1ng soi, gi\u00fap b\u1ea1n c\u00f3 th\u1ec3 d\u1ec5 d\u00e0ng s\u1eed d\u1ee5ng v\u00e0 l\u01b0u tr\u1eef m\u1ef9 ph\u1ea9m.<\/span><\/p>\n<p style=\"text-align: justify;\"><strong>D\u1ec5 d\u00e0ng di chuy\u1ec3n v\u00e0 l\u1eafp \u0111\u1eb7t<\/strong><\/p>\n<p style=\"text-align: justify;\"><span style=\"font-weight: 400;\">V\u1edbi k\u00edch th\u01b0\u1edbc nh\u1ecf g\u1ecdn, b\u00e0n trang \u0111i\u1ec3m mini r\u1ea5t d\u1ec5 d\u00e0ng di chuy\u1ec3n. N\u1ebfu b\u1ea1n mu\u1ed1n thay \u0111\u1ed5i kh\u00f4ng gian ho\u1eb7c thay \u0111\u1ed5i c\u00e1ch b\u1ed1 tr\u00ed ph\u00f2ng, b\u1ea1n kh\u00f4ng c\u1ea7n ph\u1ea3i lo l\u1eafng v\u1ec1 vi\u1ec7c ph\u1ea3i m\u1ea5t nhi\u1ec1u c\u00f4ng s\u1ee9c trong vi\u1ec7c di chuy\u1ec3n s\u1ea3n ph\u1ea9m. M\u1eabu b\u00e0n trang \u0111i\u1ec3m nh\u1ecf g\u1ecdn th\u01b0\u1eddng \u0111\u01b0\u1ee3c thi\u1ebft k\u1ebf \u0111\u01a1n gi\u1ea3n, kh\u00f4ng c\u1ea7n nhi\u1ec1u ph\u1ee5 ki\u1ec7n ph\u1ee9c t\u1ea1p, do \u0111\u00f3 b\u1ea1n c\u00f3 th\u1ec3 d\u1ec5 d\u00e0ng l\u1eafp \u0111\u1eb7t m\u00e0 kh\u00f4ng c\u1ea7n \u0111\u1ebfn s\u1ef1 h\u1ed7 tr\u1ee3 c\u1ee7a th\u1ee3.<\/span><\/p>\n<p style=\"text-align: justify;\"><strong>Gi\u00e1 th\u00e0nh h\u1ee3p l\u00fd<\/strong><\/p>\n<p style=\"text-align: justify;\"><span style=\"font-weight: 400;\">So v\u1edbi c\u00e1c lo\u1ea1i b\u00e0n trang \u0111i\u1ec3m l\u1edbn, b\u00e0n trang \u0111i\u1ec3m mini c\u00f3 gi\u00e1 th\u00e0nh r\u1ebb h\u01a1n r\u1ea5t nhi\u1ec1u. B\u1ea1n c\u00f3 th\u1ec3 t\u00ecm th\u1ea5y nh\u1eefng m\u1eabu b\u00e0n trang \u0111i\u1ec3m nh\u1ecf g\u1ecdn gi\u00e1 r\u1ebb v\u1edbi m\u1ee9c gi\u00e1 ch\u1ec9 t\u1eeb v\u00e0i tr\u0103m ngh\u00ecn \u0111\u1ed3ng \u0111\u1ebfn v\u00e0i tri\u1ec7u \u0111\u1ed3ng, t\u00f9y thu\u1ed9c v\u00e0o ch\u1ea5t li\u1ec7u v\u00e0 th\u01b0\u01a1ng hi\u1ec7u. Ch\u00ednh v\u00ec v\u1eady, s\u1ea3n ph\u1ea9m n\u00e0y r\u1ea5t ph\u00f9 h\u1ee3p v\u1edbi nh\u1eefng ai c\u00f3 ng\u00e2n s\u00e1ch h\u1ea1n ch\u1ebf nh\u01b0ng v\u1eabn mu\u1ed1n s\u1edf h\u1eefu m\u1ed9t m\u00f3n \u0111\u1ed3 n\u1ed9i th\u1ea5t ti\u1ec7n \u00edch v\u00e0 th\u1ea9m m\u1ef9.<\/span><\/p>\n<h2 style=\"text-align: justify;\"><strong>3. C\u00e1c lo\u1ea1i b\u00e0n ph\u1ea5n mini ph\u1ed5 bi\u1ebfn<\/strong><\/h2>\n<p><img loading=\"lazy\" decoding=\"async\" class=\"aligncenter wp-image-6636 size-full\" src=\"https:\/\/nhatnam.org\/wp-content\/uploads\/2025\/04\/ban_trang_diem_mini09.jpg\" alt=\"B\u00e0n Trang \u0110i\u1ec3m Mini\" width=\"1280\" height=\"960\" \/><\/p>\n<p style=\"text-align: justify;\"><span style=\"font-weight: 400;\">Tr\u00ean th\u1ecb tr\u01b0\u1eddng hi\u1ec7n nay c\u00f3 r\u1ea5t nhi\u1ec1u lo\u1ea1i b\u00e0n ph\u1ea5n mini kh\u00e1c nhau, v\u1edbi c\u00e1c thi\u1ebft k\u1ebf v\u00e0 ch\u1ea5t li\u1ec7u \u0111a d\u1ea1ng. D\u01b0\u1edbi \u0111\u00e2y l\u00e0 m\u1ed9t s\u1ed1 m\u1eabu b\u00e0n trang \u0111i\u1ec3m mini ph\u1ed5 bi\u1ebfn:<\/span><\/p>\n<p style=\"text-align: justify;\"><strong>B\u00e0n trang \u0111i\u1ec3m mini b\u1ec7t<\/strong><\/p>\n<p style=\"text-align: justify;\"><span style=\"font-weight: 400;\">B\u00e0n trang \u0111i\u1ec3m mini ng\u1ed3i b\u1ec7t c\u00f3 thi\u1ebft k\u1ebf th\u1ea5p, b\u1ea1n s\u1ebd ph\u1ea3i ng\u1ed3i th\u1eb3ng xu\u1ed1ng \u0111\u1ea5t khi s\u1eed d\u1ee5ng. \u0110\u00e2y l\u00e0 ki\u1ec3u b\u00e0n ph\u00f9 h\u1ee3p v\u1edbi nh\u1eefng kh\u00f4ng gian nh\u1ecf v\u00e0 t\u1ea1o c\u1ea3m gi\u00e1c g\u1ea7n g\u0169i, d\u1ec5 ch\u1ecbu. C\u00e1c m\u1eabu b\u00e0n trang \u0111i\u1ec3m mini ng\u1ed3i b\u1ec7t th\u01b0\u1eddng c\u00f3 ki\u1ec3u d\u00e1ng t\u1ed1i gi\u1ea3n v\u00e0 m\u00e0u s\u1eafc nh\u1eb9 nh\u00e0ng, ph\u00f9 h\u1ee3p v\u1edbi kh\u00f4ng gian ph\u00f2ng ng\u1ee7 hi\u1ec7n \u0111\u1ea1i.<\/span><\/p>\n<p style=\"text-align: justify;\"><strong>B\u00e0n trang \u0111i\u1ec3m mini treo t\u01b0\u1eddng<\/strong><\/p>\n<p style=\"text-align: justify;\"><span style=\"font-weight: 400;\"><a href=\"https:\/\/nhatnam.org\/san-pham\/ban-trang-diem-treo-tuong\/\" target=\"_blank\" rel=\"noopener\">B\u00e0n trang \u0111i\u1ec3m treo t\u01b0\u1eddng<\/a> l\u00e0 m\u1ed9t l\u1ef1a ch\u1ecdn ho\u00e0n h\u1ea3o cho nh\u1eefng kh\u00f4ng gian ph\u00f2ng ng\u1ee7 c\u00f3 di\u1ec7n t\u00edch h\u1ea1n ch\u1ebf. S\u1ea3n ph\u1ea9m n\u00e0y th\u01b0\u1eddng c\u00f3 m\u1ed9t g\u01b0\u01a1ng soi v\u00e0 c\u00e1c k\u1ec7 nh\u1ecf \u0111\u1ec3 l\u01b0u tr\u1eef m\u1ef9 ph\u1ea9m v\u00e0 c\u00e1c v\u1eadt d\u1ee5ng c\u00e1 nh\u00e2n. M\u1eabu b\u00e0n n\u00e0y r\u1ea5t th\u00edch h\u1ee3p v\u1edbi nh\u1eefng ai mu\u1ed1n t\u1ed1i \u01b0u h\u00f3a kh\u00f4ng gian s\u00e0n trong ph\u00f2ng ng\u1ee7.<\/span><\/p>\n<p style=\"text-align: justify;\"><strong>B\u00e0n trang \u0111i\u1ec3m mini nh\u1ef1a<\/strong><\/p>\n<p style=\"text-align: justify;\"><span style=\"font-weight: 400;\">B\u00e0n trang \u0111i\u1ec3m mini nh\u1ef1a \u0111\u01b0\u1ee3c l\u00e0m t\u1eeb nh\u1ef1a cao c\u1ea5p, nh\u1eb9, d\u1ec5 v\u1ec7 sinh v\u00e0 c\u00f3 \u0111\u1ed9 b\u1ec1n kh\u00e1 t\u1ed1t. C\u00e1c m\u1eabu b\u00e0n trang \u0111i\u1ec3m mini nh\u1ef1a th\u01b0\u1eddng c\u00f3 thi\u1ebft k\u1ebf hi\u1ec7n \u0111\u1ea1i v\u00e0 m\u00e0u s\u1eafc \u0111a d\u1ea1ng, t\u1eeb c\u00e1c m\u00e0u trung t\u00ednh nh\u01b0 tr\u1eafng, x\u00e1m \u0111\u1ebfn c\u00e1c m\u00e0u s\u1eafc t\u01b0\u01a1i s\u00e1ng nh\u01b0 h\u1ed3ng, xanh, gi\u00fap kh\u00f4ng gian ph\u00f2ng ng\u1ee7 c\u1ee7a b\u1ea1n th\u00eam ph\u1ea7n sinh \u0111\u1ed9ng.<\/span><\/p>\n<p style=\"text-align: justify;\"><strong>B\u00e0n trang \u0111i\u1ec3m mini g\u1ed7<\/strong><\/p>\n<p style=\"text-align: justify;\"><span style=\"font-weight: 400;\">B\u00e0n trang \u0111i\u1ec3m mini g\u1ed7 l\u00e0 s\u1ef1 l\u1ef1a ch\u1ecdn ph\u1ed5 bi\u1ebfn trong c\u00e1c kh\u00f4ng gian ph\u00f2ng ng\u1ee7 theo phong c\u00e1ch c\u1ed5 \u0111i\u1ec3n ho\u1eb7c vintage. G\u1ed7 t\u1ef1 nhi\u00ean ho\u1eb7c g\u1ed7 c\u00f4ng nghi\u1ec7p MDF \u0111\u01b0\u1ee3c s\u1eed d\u1ee5ng r\u1ed9ng r\u00e3i, mang \u0111\u1ebfn m\u1ed9t kh\u00f4ng gian trang \u0111i\u1ec3m tinh t\u1ebf, sang tr\u1ecdng. Nh\u1eefng m\u1eabu b\u00e0n g\u1ed7 c\u00f3 th\u1ec3 \u0111\u01b0\u1ee3c trang tr\u00ed th\u00eam v\u1edbi c\u00e1c chi ti\u1ebft nh\u01b0 tay c\u1ea7m, ng\u0103n k\u00e9o ti\u1ec7n l\u1ee3i, gi\u00fap t\u0103ng c\u01b0\u1eddng s\u1ef1 ti\u1ec7n d\u1ee5ng. Nh\u1eefng chi\u1ebfc b\u00e0n n\u00e0y th\u01b0\u1eddng c\u00f3 m\u00e0u s\u1eafc \u1ea5m \u00e1p, mang l\u1ea1i c\u1ea3m gi\u00e1c g\u1ea7n g\u0169i v\u00e0 sang tr\u1ecdng. B\u00e0n trang \u0111i\u1ec3m mini g\u1ed7 c\u00f3 \u0111\u1ed9 b\u1ec1n cao, d\u1ec5 d\u00e0ng k\u1ebft h\u1ee3p v\u1edbi c\u00e1c m\u00f3n \u0111\u1ed3 n\u1ed9i th\u1ea5t kh\u00e1c trong ph\u00f2ng.<\/span><\/p>\n<p style=\"text-align: justify;\"><strong>B\u00e0n trang \u0111i\u1ec3m mini c\u00f3 \u0111\u00e8n<\/strong><\/p>\n<p style=\"text-align: justify;\"><span style=\"font-weight: 400;\">B\u00e0n trang \u0111i\u1ec3m mini c\u00f3 \u0111\u00e8n l\u00e0 l\u1ef1a ch\u1ecdn l\u00fd t\u01b0\u1edfng cho nh\u1eefng ai y\u00eau th\u00edch s\u1ef1 hi\u1ec7n \u0111\u1ea1i v\u00e0 ti\u1ec7n l\u1ee3i. \u0110\u00e8n LED xung quanh g\u01b0\u01a1ng kh\u00f4ng ch\u1ec9 cung c\u1ea5p \u00e1nh s\u00e1ng \u0111\u1ea7y \u0111\u1ee7 \u0111\u1ec3 trang \u0111i\u1ec3m m\u00e0 c\u00f2n l\u00e0m t\u0103ng th\u00eam v\u1ebb \u0111\u1eb9p cho c\u0103n ph\u00f2ng c\u1ee7a b\u1ea1n. \u0110\u00e2y l\u00e0 m\u1ed9t trong nh\u1eefng m\u1eabu b\u00e0n trang \u0111i\u1ec3m mini c\u00f3 \u0111\u00e8n gi\u00e1 r\u1ebb \u0111ang r\u1ea5t th\u1ecbnh h\u00e0nh hi\u1ec7n nay.<\/span><\/p>\n<p style=\"text-align: justify;\"><strong>B\u00e0n trang \u0111i\u1ec3m mini gi\u00e1 r\u1ebb<\/strong><\/p>\n<p style=\"text-align: justify;\"><span style=\"font-weight: 400;\">V\u1edbi m\u1ee9c gi\u00e1 d\u01b0\u1edbi 500k, b\u1ea1n v\u1eabn c\u00f3 th\u1ec3 s\u1edf h\u1eefu nh\u1eefng chi\u1ebfc b\u00e0n trang \u0111i\u1ec3m mini ch\u1ea5t l\u01b0\u1ee3ng t\u1ed1t. C\u00e1c m\u1eabu b\u00e0n trang \u0111i\u1ec3m mini gi\u00e1 r\u1ebb n\u00e0y th\u01b0\u1eddng \u0111\u01b0\u1ee3c l\u00e0m t\u1eeb nh\u1ef1a ho\u1eb7c g\u1ed7 c\u00f4ng nghi\u1ec7p, \u0111\u01a1n gi\u1ea3n nh\u01b0ng v\u1eabn \u0111\u00e1p \u1ee9ng \u0111\u1ee7 nhu c\u1ea7u s\u1eed d\u1ee5ng v\u00e0 ti\u1ebft ki\u1ec7m chi ph\u00ed cho ng\u01b0\u1eddi d\u00f9ng.<\/span><\/p>\n<h2 style=\"text-align: justify;\"><b>4. Ti\u00eau ch\u00ed l\u1ef1a ch\u1ecdn b\u00e0n trang \u0111i\u1ec3m nh\u1ecf ph\u00f9 h\u1ee3p<\/b><\/h2>\n<p><img loading=\"lazy\" decoding=\"async\" class=\"aligncenter wp-image-6634 size-full\" src=\"https:\/\/nhatnam.org\/wp-content\/uploads\/2025\/04\/ban_trang_diem_mini07.jpg\" alt=\"B\u00e0n Trang \u0110i\u1ec3m Mini\" width=\"1280\" height=\"960\" \/><\/p>\n<p style=\"text-align: justify;\"><span style=\"font-weight: 400;\">Khi l\u1ef1a ch\u1ecdn b\u00e0n ph\u1ea5n trang \u0111i\u1ec3m mini, b\u1ea1n c\u1ea7n l\u01b0u \u00fd m\u1ed9t s\u1ed1 y\u1ebfu t\u1ed1 quan tr\u1ecdng \u0111\u1ec3 \u0111\u1ea3m b\u1ea3o s\u1ea3n ph\u1ea9m ph\u00f9 h\u1ee3p v\u1edbi kh\u00f4ng gian v\u00e0 nhu c\u1ea7u s\u1eed d\u1ee5ng c\u1ee7a m\u00ecnh:<\/span><\/p>\n<p style=\"text-align: justify;\"><span style=\"font-weight: 400;\"><strong>K\u00edch th\u01b0\u1edbc v\u00e0 kh\u00f4ng gian<\/strong>: \u0110i\u1ec1u \u0111\u1ea7u ti\u00ean b\u1ea1n c\u1ea7n xem x\u00e9t l\u00e0 di\u1ec7n t\u00edch ph\u00f2ng ng\u1ee7. N\u1ebfu ph\u00f2ng nh\u1ecf, b\u1ea1n n\u00ean ch\u1ecdn c\u00e1c m\u1eabu b\u00e0n trang \u0111i\u1ec3m mini c\u00f3 k\u00edch th\u01b0\u1edbc v\u1eeba ph\u1ea3i, kh\u00f4ng qu\u00e1 c\u1ed3ng k\u1ec1nh. M\u1ed9t chi\u1ebfc b\u00e0n c\u00f3 chi\u1ec1u cao v\u00e0 chi\u1ec1u r\u1ed9ng v\u1eeba \u0111\u1ee7 s\u1ebd gi\u00fap b\u1ea1n s\u1eed d\u1ee5ng ti\u1ec7n l\u1ee3i m\u00e0 kh\u00f4ng chi\u1ebfm qu\u00e1 nhi\u1ec1u di\u1ec7n t\u00edch.<\/span><\/p>\n<p style=\"text-align: justify;\"><span style=\"font-weight: 400;\"><strong>Ch\u1ea5t li\u1ec7u:<\/strong> Ch\u1ea5t li\u1ec7u b\u00e0n trang \u0111i\u1ec3m mini \u1ea3nh h\u01b0\u1edfng tr\u1ef1c ti\u1ebfp \u0111\u1ebfn \u0111\u1ed9 b\u1ec1n v\u00e0 t\u00ednh th\u1ea9m m\u1ef9 c\u1ee7a s\u1ea3n ph\u1ea9m. B\u1ea1n n\u00ean ch\u1ecdn c\u00e1c m\u1eabu b\u00e0n \u0111\u01b0\u1ee3c l\u00e0m t\u1eeb ch\u1ea5t li\u1ec7u b\u1ec1n, d\u1ec5 v\u1ec7 sinh nh\u01b0 g\u1ed7 c\u00f4ng nghi\u1ec7p, nh\u1ef1a cao c\u1ea5p ho\u1eb7c kim lo\u1ea1i. M\u1ed7i lo\u1ea1i ch\u1ea5t li\u1ec7u s\u1ebd mang \u0111\u1ebfn m\u1ed9t v\u1ebb \u0111\u1eb9p ri\u00eang, v\u00ec v\u1eady b\u1ea1n c\u1ea7n ch\u1ecdn ch\u1ea5t li\u1ec7u ph\u00f9 h\u1ee3p v\u1edbi phong c\u00e1ch v\u00e0 y\u00eau c\u1ea7u s\u1eed d\u1ee5ng c\u1ee7a m\u00ecnh.<\/span><\/p>\n<p style=\"text-align: justify;\"><span style=\"font-weight: 400;\"><strong>Thi\u1ebft k\u1ebf v\u00e0 t\u00ednh n\u0103ng:<\/strong> Thi\u1ebft k\u1ebf c\u1ee7a b\u00e0n trang \u0111i\u1ec3m mini c\u1ea7n ph\u1ea3i \u0111\u00e1p \u1ee9ng \u0111\u01b0\u1ee3c c\u00e1c nhu c\u1ea7u s\u1eed d\u1ee5ng c\u1ee7a b\u1ea1n. B\u1ea1n n\u00ean \u01b0u ti\u00ean c\u00e1c m\u1eabu b\u00e0n c\u00f3 ng\u0103n k\u00e9o ho\u1eb7c k\u1ec7 \u0111\u1ec3 l\u01b0u tr\u1eef \u0111\u1ed3 trang \u0111i\u1ec3m, m\u1ef9 ph\u1ea9m. Ngo\u00e0i ra, b\u1ea1n c\u0169ng n\u00ean ch\u1ecdn b\u00e0n c\u00f3 g\u01b0\u01a1ng soi ch\u1ea5t l\u01b0\u1ee3ng, gi\u00fap vi\u1ec7c trang \u0111i\u1ec3m tr\u1edf n\u00ean d\u1ec5 d\u00e0ng v\u00e0 ti\u1ec7n l\u1ee3i h\u01a1n.<\/span><\/p>\n<p style=\"text-align: justify;\"><span style=\"font-weight: 400;\"><strong>M\u00e0u s\u1eafc v\u00e0 phong c\u00e1ch:<\/strong> M\u00e0u s\u1eafc c\u1ee7a b\u00e0n trang \u0111i\u1ec3m mini c\u1ea7n ph\u1ea3i ph\u00f9 h\u1ee3p v\u1edbi kh\u00f4ng gian v\u00e0 c\u00e1c m\u00f3n \u0111\u1ed3 n\u1ed9i th\u1ea5t kh\u00e1c trong ph\u00f2ng. N\u1ebfu ph\u00f2ng ng\u1ee7 c\u1ee7a b\u1ea1n theo phong c\u00e1ch hi\u1ec7n \u0111\u1ea1i, nh\u1eefng chi\u1ebfc b\u00e0n trang \u0111i\u1ec3m mini v\u1edbi m\u00e0u s\u1eafc trung t\u00ednh nh\u01b0 tr\u1eafng, x\u00e1m s\u1ebd l\u00e0 l\u1ef1a ch\u1ecdn l\u00fd t\u01b0\u1edfng. N\u1ebfu kh\u00f4ng gian mang phong c\u00e1ch c\u1ed5 \u0111i\u1ec3n, m\u1ed9t chi\u1ebfc b\u00e0n trang \u0111i\u1ec3m mini g\u1ed7 m\u00e0u n\u00e2u s\u1ebd l\u00e0 s\u1ef1 k\u1ebft h\u1ee3p ho\u00e0n h\u1ea3o.<\/span><\/p>\n<h2 style=\"text-align: justify;\"><b>5. B\u00e1o gi\u00e1 m\u1eabu b\u00e0n trang \u0111i\u1ec3m mini<\/b><\/h2>\n<p><img loading=\"lazy\" decoding=\"async\" class=\"aligncenter wp-image-6635 size-full\" src=\"https:\/\/nhatnam.org\/wp-content\/uploads\/2025\/04\/ban_trang_diem_mini08.jpg\" alt=\"B\u00e0n Trang \u0110i\u1ec3m Mini\" width=\"1280\" height=\"960\" \/><\/p>\n<p style=\"text-align: justify;\"><span style=\"font-weight: 400;\">B\u00e0n trang \u0111i\u1ec3m nh\u1ecf g\u1ecdn l\u00e0 l\u1ef1a ch\u1ecdn ho\u00e0n h\u1ea3o cho nh\u1eefng ai y\u00eau th\u00edch s\u1ef1 tinh t\u1ebf, g\u1ecdn g\u00e0ng m\u00e0 v\u1eabn \u0111\u1ea3m b\u1ea3o \u0111\u1ea7y \u0111\u1ee7 ti\u1ec7n \u00edch. V\u1edbi thi\u1ebft k\u1ebf nh\u1ecf g\u1ecdn, s\u1ea3n ph\u1ea9m gi\u00fap t\u1ed1i \u01b0u kh\u00f4ng gian nh\u01b0ng v\u1eabn mang l\u1ea1i s\u1ef1 ti\u1ec7n nghi v\u00e0 phong c\u00e1ch ri\u00eang bi\u1ec7t.<\/span><\/p>\n<p style=\"text-align: justify;\"><span style=\"font-weight: 400;\">Nh\u1ea5t Nam cung c\u1ea5p nhi\u1ec1u m\u1eabu b\u00e0n trang \u0111i\u1ec3m nh\u1ecf g\u1ecdn \u0111a d\u1ea1ng, t\u1eeb hi\u1ec7n \u0111\u1ea1i \u0111\u1ebfn c\u1ed5 \u0111i\u1ec3n, ph\u00f9 h\u1ee3p v\u1edbi m\u1ecdi kh\u00f4ng gian. Ch\u1ea5t li\u1ec7u cao c\u1ea5p, thi\u1ebft k\u1ebf th\u00f4ng minh v\u00e0 \u0111\u1ed9 b\u1ec1n v\u01b0\u1ee3t tr\u1ed9i gi\u00fap b\u1ea1n c\u00f3 m\u1ed9t g\u00f3c l\u00e0m \u0111\u1eb9p l\u00fd t\u01b0\u1edfng.<\/span><\/p>\n<p style=\"text-align: justify;\">Li\u00ean h\u1ec7 ngay v\u1edbi <strong>Nh\u1ea5t Nam <\/strong>\u0111\u1ec3 \u0111\u01b0\u1ee3c t\u01b0 v\u1ea5n chi ti\u1ebft, c\u1eadp nh\u1eadt m\u1eabu m\u1edbi nh\u1ea5t v\u00e0 nh\u1eadn b\u00e1o gi\u00e1 \u01b0u \u0111\u00e3i.<\/p>\n<h2 style=\"text-align: justify;\"><b>6. Nh\u1ea5t Nam- \u0110\u1ecba ch\u1ec9 mua b\u00e0n trang \u0111i\u1ec3m mini uy t\u00edn\u00a0<\/b><\/h2>\n<p><img loading=\"lazy\" decoding=\"async\" class=\"aligncenter wp-image-6633 size-full\" src=\"https:\/\/nhatnam.org\/wp-content\/uploads\/2025\/04\/ban_trang_diem_mini06.jpg\" alt=\"B\u00e0n Trang \u0110i\u1ec3m Mini\" width=\"1280\" height=\"960\" \/><\/p>\n<p style=\"text-align: justify;\"><span style=\"font-weight: 400;\">\u00a0N\u1ebfu b\u1ea1n \u0111ang t\u00ecm ki\u1ebfm m\u1ed9t n\u01a1i cung c\u1ea5p b\u00e0n trang \u0111i\u1ec3m mini ch\u1ea5t l\u01b0\u1ee3ng, thi\u1ebft k\u1ebf \u0111\u1eb9p v\u00e0 gi\u00e1 th\u00e0nh h\u1ee3p l\u00fd, <\/span><b>Nh\u1ea5t Nam<\/b><span style=\"font-weight: 400;\"> l\u00e0 \u0111\u1ecba ch\u1ec9 kh\u00f4ng n\u00ean b\u1ecf qua. V\u1edbi nhi\u1ec1u n\u0103m kinh nghi\u1ec7m trong l\u0129nh v\u1ef1c thi\u1ebft k\u1ebf v\u00e0 ph\u00e2n ph\u1ed1i n\u1ed9i th\u1ea5t, Nh\u1ea5t Nam lu\u00f4n c\u1eadp nh\u1eadt nh\u1eefng m\u1eabu b\u00e0n trang \u0111i\u1ec3m nh\u1ecf g\u1ecdn, hi\u1ec7n \u0111\u1ea1i, ph\u00f9 h\u1ee3p v\u1edbi nhi\u1ec1u phong c\u00e1ch kh\u00f4ng gian kh\u00e1c nhau \u2013 t\u1eeb ph\u00f2ng ng\u1ee7 chung c\u01b0 \u0111\u1ebfn ph\u00f2ng c\u00e1 nh\u00e2n c\u00f3 di\u1ec7n t\u00edch h\u1ea1n ch\u1ebf.<\/span><\/p>\n<p style=\"text-align: justify;\"><span style=\"font-weight: 400;\">T\u1ea1i Nh\u1ea5t Nam, b\u1ea1n s\u1ebd d\u1ec5 d\u00e0ng l\u1ef1a ch\u1ecdn \u0111\u01b0\u1ee3c s\u1ea3n ph\u1ea9m \u01b0ng \u00fd nh\u1edd:<\/span><\/p>\n<ul style=\"text-align: justify;\">\n<li style=\"font-weight: 400;\" aria-level=\"1\"><b>\u0110a d\u1ea1ng m\u1eabu m\u00e3, ch\u1ea5t li\u1ec7u<\/b><span style=\"font-weight: 400;\">: g\u1ed7 c\u00f4ng nghi\u1ec7p, nh\u1ef1a cao c\u1ea5p, thi\u1ebft k\u1ebf t\u1ed1i gi\u1ea3n ho\u1eb7c phong c\u00e1ch H\u00e0n Qu\u1ed1c \u0111\u1ec1u c\u00f3 s\u1eb5n.<\/span><\/li>\n<li style=\"font-weight: 400;\" aria-level=\"1\"><b>Ch\u00ednh s\u00e1ch h\u1ed7 tr\u1ee3 t\u1eadn t\u00e2m<\/b><span style=\"font-weight: 400;\">: t\u01b0 v\u1ea5n mi\u1ec5n ph\u00ed, giao h\u00e0ng nhanh ch\u00f3ng, b\u1ea3o h\u00e0nh r\u00f5 r\u00e0ng.<\/span><\/li>\n<li style=\"font-weight: 400;\" aria-level=\"1\"><b>Gi\u00e1 c\u1ea3 c\u1ea1nh tranh<\/b><span style=\"font-weight: 400;\">, \u0111i k\u00e8m nhi\u1ec1u ch\u01b0\u01a1ng tr\u00ecnh \u01b0u \u0111\u00e3i theo m\u00f9a.<\/span><\/li>\n<\/ul>\n<p style=\"text-align: justify;\"><span style=\"font-weight: 400;\">Kh\u00f4ng ch\u1ec9 l\u00e0 n\u01a1i b\u00e1n h\u00e0ng, Nh\u1ea5t Nam c\u00f2n mang \u0111\u1ebfn gi\u1ea3i ph\u00e1p thi\u1ebft k\u1ebf ph\u00f9 h\u1ee3p v\u1edbi kh\u00f4ng gian v\u00e0 nhu c\u1ea7u c\u00e1 nh\u00e2n c\u1ee7a b\u1ea1n \u2013 gi\u00fap b\u1ea1n s\u1edf h\u1eefu g\u00f3c l\u00e0m \u0111\u1eb9p tinh t\u1ebf, ti\u1ec7n nghi v\u00e0 ti\u1ebft ki\u1ec7m di\u1ec7n t\u00edch.<\/span><\/p>\n<p style=\"text-align: justify;\"><span style=\"font-weight: 400;\">\ud83d\udc49 Li\u00ean h\u1ec7 ngay v\u1edbi Nh\u1ea5t Nam \u0111\u1ec3 \u0111\u01b0\u1ee3c t\u01b0 v\u1ea5n m\u1eabu b\u00e0n trang \u0111i\u1ec3m mini ph\u00f9 h\u1ee3p nh\u1ea5t v\u00e0 nh\u1eadn b\u00e1o gi\u00e1 \u01b0u \u0111\u00e3i h\u00f4m nay!<\/span><\/p>\n","protected":false},"excerpt":{"rendered":"<p style=\"text-align: justify;\"><b>B\u00e0n trang \u0111i\u1ec3m mini<\/b><span style=\"font-weight: 400;\"> l\u00e0 l\u1ef1a ch\u1ecdn ho\u00e0n h\u1ea3o cho ph\u00e1i \u0111\u1eb9p y\u00eau th\u00edch s\u1ef1 g\u1ecdn g\u00e0ng, tinh t\u1ebf. Kh\u00f4ng ch\u1ec9 ti\u1ebft ki\u1ec7m di\u1ec7n t\u00edch, nh\u1eefng m\u1eabu b\u00e0n nh\u1ecf xinh n\u00e0y c\u00f2n mang \u0111\u1ebfn m\u1ed9t g\u00f3c l\u00e0m \u0111\u1eb9p ti\u1ec7n nghi, sang tr\u1ecdng.\u00a0<\/span><\/p>\n","protected":false},"featured_media":1878,"comment_status":"open","ping_status":"closed","template":"","meta":{"_acf_changed":false,"_gspb_post_css":""},"book-author":[],"product_brand":[],"product_cat":[129,104],"product_tag":[],"class_list":{"0":"post-1879","1":"product","2":"type-product","3":"status-publish","4":"has-post-thumbnail","6":"product_cat-ban-trang-diem","7":"product_cat-noi-that-phong-ngu","9":"first","10":"instock","11":"shipping-taxable","12":"product-type-simple"},"acf":[],"_links":{"self":[{"href":"https:\/\/nhatnam.libion.me\/index.php\/wp-json\/wp\/v2\/product\/1879","targetHints":{"allow":["GET"]}}],"collection":[{"href":"https:\/\/nhatnam.libion.me\/index.php\/wp-json\/wp\/v2\/product"}],"about":[{"href":"https:\/\/nhatnam.libion.me\/index.php\/wp-json\/wp\/v2\/types\/product"}],"replies":[{"embeddable":true,"href":"https:\/\/nhatnam.libion.me\/index.php\/wp-json\/wp\/v2\/comments?post=1879"}],"wp:featuredmedia":[{"embeddable":true,"href":"https:\/\/nhatnam.libion.me\/index.php\/wp-json\/wp\/v2\/media\/1878"}],"wp:attachment":[{"href":"https:\/\/nhatnam.libion.me\/index.php\/wp-json\/wp\/v2\/media?parent=1879"}],"wp:term":[{"taxonomy":"book-author","embeddable":true,"href":"https:\/\/nhatnam.libion.me\/index.php\/wp-json\/wp\/v2\/book-author?post=1879"},{"taxonomy":"product_brand","embeddable":true,"href":"https:\/\/nhatnam.libion.me\/index.php\/wp-json\/wp\/v2\/product_brand?post=1879"},{"taxonomy":"product_cat","embeddable":true,"href":"https:\/\/nhatnam.libion.me\/index.php\/wp-json\/wp\/v2\/product_cat?post=1879"},{"taxonomy":"product_tag","embeddable":true,"href":"https:\/\/nhatnam.libion.me\/index.php\/wp-json\/wp\/v2\/product_tag?post=1879"}],"curies":[{"name":"wp","href":"https:\/\/api.w.org\/{rel}","templated":true}]}}