{"id":1874,"date":"2026-04-07T10:29:28","date_gmt":"2026-04-07T10:29:28","guid":{"rendered":"https:\/\/nhatnam.libion.me\/index.php\/product\/ban-trang-diem-nhua\/"},"modified":"2026-04-07T10:29:28","modified_gmt":"2026-04-07T10:29:28","slug":"ban-trang-diem-nhua","status":"publish","type":"product","link":"https:\/\/nhatnam.libion.me\/index.php\/product\/ban-trang-diem-nhua\/","title":{"rendered":"B\u00e0n Trang \u0110i\u1ec3m Nh\u1ef1a"},"content":{"rendered":"<p style=\"text-align: justify;\"><span style=\"font-weight: 400;\">V\u1edbi thi\u1ebft k\u1ebf tinh t\u1ebf, m\u00e0u s\u1eafc trang nh\u00e3 v\u00e0 ch\u1ea5t li\u1ec7u nh\u1ef1a cao c\u1ea5p, b\u00e0n trang \u0111i\u1ec3m nh\u1ef1a kh\u00f4ng ch\u1ec9 gi\u00fap b\u1ea1n t\u1ed1i \u01b0u di\u1ec7n t\u00edch m\u00e0 c\u00f2n mang l\u1ea1i v\u1ebb \u0111\u1eb9p hi\u1ec7n \u0111\u1ea1i cho kh\u00f4ng gian ph\u00f2ng. Ng\u0103n k\u00e9o r\u1ed9ng r\u00e3i, g\u01b0\u01a1ng g\u1eadp ti\u1ec7n l\u1ee3i v\u00e0 b\u1ec1 m\u1eb7t d\u1ec5 lau ch\u00f9i, t\u1ea5t c\u1ea3 t\u1ea1o n\u00ean m\u1ed9t g\u00f3c l\u00e0m \u0111\u1eb9p l\u00fd t\u01b0\u1edfng, nh\u1eb9 nh\u00e0ng m\u00e0 v\u1eabn \u0111\u1ea7y phong c\u00e1ch.<\/span><span style=\"font-weight: 400;\"><br \/>\n<\/span><span style=\"font-weight: 400;\">Ph\u00f9 h\u1ee3p cho c\u1ea3 ph\u00f2ng ng\u1ee7 nh\u1ecf, c\u0103n h\u1ed9 mini hay ph\u00f2ng c\u1ee7a n\u00e0ng tu\u1ed5i teen y\u00eau th\u00edch s\u1ef1 g\u1ecdn g\u00e0ng v\u00e0 xinh x\u1eafn.<\/span><\/p>\n<h2 style=\"text-align: justify;\"><b>1. Gi\u1edbi thi\u1ec7u v\u1ec1 b\u00e0n trang \u0111i\u1ec3m nh\u1ef1a\u00a0\u00a0<\/b><\/h2>\n<figure id=\"attachment_6632\" aria-describedby=\"caption-attachment-6632\" style=\"width: 1280px\" class=\"wp-caption aligncenter\"><img loading=\"lazy\" decoding=\"async\" class=\"wp-image-6632 size-full\" src=\"https:\/\/nhatnam.org\/wp-content\/uploads\/2025\/04\/ban_trang_diem_nhua11.jpg\" alt=\"B\u00e0n Trang \u0110i\u1ec3m Nh\u1ef1a\" width=\"1280\" height=\"960\" \/><figcaption id=\"caption-attachment-6632\" class=\"wp-caption-text\">M\u1eabu b\u00e0n trang \u0111i\u1ec3m b\u1eb1ng nh\u1ef1a \u0111\u1eb9p, hi\u1ec7n \u0111\u1ea1i<\/figcaption><\/figure>\n<p style=\"text-align: justify;\"><span style=\"font-weight: 400;\">B\u00e0n trang \u0111i\u1ec3m nh\u1ef1a l\u00e0 s\u1ea3n ph\u1ea9m n\u1ed9i th\u1ea5t \u0111\u01b0\u1ee3c l\u00e0m t\u1eeb ch\u1ea5t li\u1ec7u nh\u1ef1a cao c\u1ea5p, thi\u1ebft k\u1ebf \u0111\u1ec3 ph\u1ee5c v\u1ee5 nhu c\u1ea7u trang \u0111i\u1ec3m v\u00e0 l\u01b0u tr\u1eef m\u1ef9 ph\u1ea9m c\u1ee7a ng\u01b0\u1eddi d\u00f9ng. Kh\u00e1c v\u1edbi c\u00e1c lo\u1ea1i b\u00e0n trang \u0111i\u1ec3m truy\u1ec1n th\u1ed1ng b\u1eb1ng g\u1ed7, b\u00e0n trang \u0111i\u1ec3m nh\u1ef1a th\u01b0\u1eddng c\u00f3 tr\u1ecdng l\u01b0\u1ee3ng nh\u1eb9 h\u01a1n, d\u1ec5 d\u00e0ng di chuy\u1ec3n v\u00e0 c\u00f3 kh\u1ea3 n\u0103ng ch\u1ed1ng th\u1ea5m n\u01b0\u1edbc hi\u1ec7u qu\u1ea3. Ch\u00fang kh\u00f4ng ch\u1ec9 \u0111\u01b0\u1ee3c \u01b0a chu\u1ed9ng b\u1edfi t\u00ednh n\u0103ng v\u01b0\u1ee3t tr\u1ed9i m\u00e0 c\u00f2n b\u1edfi gi\u00e1 c\u1ea3 ph\u1ea3i ch\u0103ng v\u00e0 s\u1ef1 \u0111a d\u1ea1ng trong thi\u1ebft k\u1ebf, m\u00e0u s\u1eafc.<\/span><\/p>\n<h2 style=\"text-align: justify;\"><b>2. \u01afu \u0111i\u1ec3m c\u1ee7a b\u00e0n trang \u0111i\u1ec3m b\u1eb1ng nh\u1ef1a<\/b><\/h2>\n<p style=\"text-align: justify;\"><b>\u0110\u1ed9 b\u1ec1n cao\u00a0<\/b><\/p>\n<p style=\"text-align: justify;\"><span style=\"font-weight: 400;\">B\u00e0n trang \u0111i\u1ec3m b\u1eb1ng nh\u1ef1a \u0111\u01b0\u1ee3c s\u1ea3n xu\u1ea5t t\u1eeb nh\u1ef1a cao c\u1ea5p, b\u1ec1n b\u1ec9, d\u1ec5 d\u00e0ng ch\u1ecbu \u0111\u01b0\u1ee3c va \u0111\u1eadp v\u00e0 t\u00e1c \u0111\u1ed9ng t\u1eeb b\u00ean ngo\u00e0i. Ch\u1ea5t li\u1ec7u nh\u1ef1a kh\u00f4ng b\u1ecb m\u1ed1i m\u1ecdt, \u1ea9m m\u1ed1c hay cong v\u00eanh nh\u01b0 c\u00e1c lo\u1ea1i b\u00e0n g\u1ed7, v\u00ec v\u1eady tu\u1ed5i th\u1ecd c\u1ee7a s\u1ea3n ph\u1ea9m r\u1ea5t cao v\u00e0 kh\u00f4ng c\u1ea7n ph\u1ea3i b\u1ea3o d\u01b0\u1ee1ng th\u01b0\u1eddng xuy\u00ean.<\/span><\/p>\n<p style=\"text-align: justify;\"><b>Thi\u1ebft k\u1ebf \u0111a d\u1ea1ng v\u00e0 hi\u1ec7n \u0111\u1ea1i<\/b><\/p>\n<p style=\"text-align: justify;\"><span style=\"font-weight: 400;\">M\u1ed9t trong nh\u1eefng l\u00fd do b\u00e0n trang \u0111i\u1ec3m nh\u1ef1a tr\u1edf n\u00ean ph\u1ed5 bi\u1ebfn l\u00e0 s\u1ef1 \u0111a d\u1ea1ng trong thi\u1ebft k\u1ebf. B\u1ea1n c\u00f3 th\u1ec3 d\u1ec5 d\u00e0ng t\u00ecm th\u1ea5y c\u00e1c m\u1eabu b\u00e0n trang \u0111i\u1ec3m nh\u1ef1a v\u1edbi ki\u1ec3u d\u00e1ng t\u1ed1i gi\u1ea3n, hi\u1ec7n \u0111\u1ea1i, ph\u00f9 h\u1ee3p v\u1edbi m\u1ecdi phong c\u00e1ch n\u1ed9i th\u1ea5t t\u1eeb c\u1ed5 \u0111i\u1ec3n \u0111\u1ebfn hi\u1ec7n \u0111\u1ea1i. V\u1edbi nhi\u1ec1u m\u00e0u s\u1eafc kh\u00e1c nhau nh\u01b0 tr\u1eafng, x\u00e1m, \u0111en, hay c\u00e1c t\u00f4ng m\u00e0u pastel nh\u1eb9 nh\u00e0ng, b\u00e0n trang \u0111i\u1ec3m nh\u1ef1a c\u00f3 th\u1ec3 d\u1ec5 d\u00e0ng k\u1ebft h\u1ee3p v\u1edbi c\u00e1c m\u00f3n \u0111\u1ed3 n\u1ed9i th\u1ea5t kh\u00e1c trong ph\u00f2ng ng\u1ee7.<\/span><\/p>\n<p style=\"text-align: justify;\"><b>D\u1ec5 d\u00e0ng v\u1ec7 sinh v\u00e0 b\u1ea3o d\u01b0\u1ee1ng<\/b><\/p>\n<p style=\"text-align: justify;\"><span style=\"font-weight: 400;\">B\u1ec1 m\u1eb7t b\u00e0n trang \u0111i\u1ec3m b\u1eb1ng nh\u1ef1a th\u01b0\u1eddng tr\u01a1n l\u00e1ng v\u00e0 d\u1ec5 lau ch\u00f9i, gi\u00fap b\u1ea1n ti\u1ebft ki\u1ec7m th\u1eddi gian trong vi\u1ec7c b\u1ea3o d\u01b0\u1ee1ng s\u1ea3n ph\u1ea9m. So v\u1edbi b\u00e0n g\u1ed7, b\u00e0n nh\u1ef1a \u00edt b\u1ecb b\u00e1m b\u1ee5i v\u00e0 d\u1ec5 d\u00e0ng l\u00e0m s\u1ea1ch h\u01a1n, r\u1ea5t th\u00edch h\u1ee3p cho nh\u1eefng ng\u01b0\u1eddi c\u00f3 l\u1ecbch tr\u00ecnh b\u1eadn r\u1ed9n.<\/span><\/p>\n<p style=\"text-align: justify;\"><b>Gi\u00e1 th\u00e0nh r\u1ebb<\/b><\/p>\n<p style=\"text-align: justify;\"><span style=\"font-weight: 400;\">B\u00e0n trang \u0111i\u1ec3m nh\u1ef1a c\u00f3 gi\u00e1 c\u1ea3 h\u1ee3p l\u00fd, ph\u00f9 h\u1ee3p v\u1edbi nhi\u1ec1u \u0111\u1ed1i t\u01b0\u1ee3ng kh\u00e1ch h\u00e0ng, \u0111\u1eb7c bi\u1ec7t l\u00e0 c\u00e1c b\u1ea1n sinh vi\u00ean hay nh\u1eefng gia \u0111\u00ecnh c\u00f3 ng\u00e2n s\u00e1ch h\u1ea1n ch\u1ebf. So v\u1edbi c\u00e1c lo\u1ea1i b\u00e0n trang \u0111i\u1ec3m g\u1ed7 hay kim lo\u1ea1i, b\u00e0n nh\u1ef1a c\u00f3 gi\u00e1 th\u00e0nh r\u1ebb h\u01a1n nhi\u1ec1u, nh\u01b0ng v\u1eabn \u0111\u1ea3m b\u1ea3o ch\u1ea5t l\u01b0\u1ee3ng v\u00e0 t\u00ednh th\u1ea9m m\u1ef9.<\/span><\/p>\n<h2 style=\"text-align: justify;\"><b>3. C\u00e1c m\u1eabu b\u00e0n trang \u0111i\u1ec3m b\u1eb1ng nh\u1ef1a ph\u1ed5 bi\u1ebfn<\/b><\/h2>\n<figure id=\"attachment_6630\" aria-describedby=\"caption-attachment-6630\" style=\"width: 1280px\" class=\"wp-caption aligncenter\"><img loading=\"lazy\" decoding=\"async\" class=\"wp-image-6630 size-full\" src=\"https:\/\/nhatnam.org\/wp-content\/uploads\/2025\/04\/ban_trang_diem_nhua9.jpg\" alt=\"B\u00e0n Trang \u0110i\u1ec3m Nh\u1ef1a\" width=\"1280\" height=\"960\" \/><figcaption id=\"caption-attachment-6630\" class=\"wp-caption-text\">M\u1eabu b\u00e0n trang \u0111i\u1ec3m nh\u1ef1a gi\u1ea3 g\u1ed7 \u0111\u1eb9p<\/figcaption><\/figure>\n<p style=\"text-align: justify;\"><span style=\"font-weight: 400;\">B\u00e0n ph\u1ea5n nh\u1ef1a hi\u1ec7n nay c\u00f3 r\u1ea5t nhi\u1ec1u m\u1eabu m\u00e3 v\u00e0 ki\u1ec3u d\u00e1ng kh\u00e1c nhau, ph\u00f9 h\u1ee3p v\u1edbi nhi\u1ec1u nhu c\u1ea7u v\u00e0 s\u1edf th\u00edch c\u1ee7a ng\u01b0\u1eddi d\u00f9ng. D\u01b0\u1edbi \u0111\u00e2y l\u00e0 m\u1ed9t s\u1ed1 m\u1eabu b\u00e0n trang \u0111i\u1ec3m nh\u1ef1a ph\u1ed5 bi\u1ebfn \u0111\u01b0\u1ee3c nhi\u1ec1u kh\u00e1ch h\u00e0ng y\u00eau th\u00edch:<\/span><\/p>\n<p style=\"text-align: justify;\"><b>B\u00e0n trang \u0111i\u1ec3m nh\u1ef1a c\u00f3 \u0111\u00e8n: <\/b><span style=\"font-weight: 400;\">B\u00e0n trang \u0111i\u1ec3m nh\u1ef1a c\u00f3 \u0111\u00e8n mang l\u1ea1i \u00e1nh s\u00e1ng ho\u00e0n h\u1ea3o cho qu\u00e1 tr\u00ecnh trang \u0111i\u1ec3m. V\u1edbi thi\u1ebft k\u1ebf \u0111\u00e8n LED xung quanh g\u01b0\u01a1ng, b\u1ea1n s\u1ebd lu\u00f4n c\u00f3 \u0111\u1ee7 \u00e1nh s\u00e1ng \u0111\u1ec3 trang \u0111i\u1ec3m m\u1ed9t c\u00e1ch d\u1ec5 d\u00e0ng v\u00e0 ch\u00ednh x\u00e1c.<\/span><\/p>\n<p style=\"text-align: justify;\"><b>B\u00e0n trang \u0111i\u1ec3m nh\u1ef1a gi\u1ea3 g\u1ed7: <\/b><span style=\"font-weight: 400;\">Mang l\u1ea1i v\u1ebb \u0111\u1eb9p sang tr\u1ecdng, g\u1ea7n g\u0169i v\u1edbi ch\u1ea5t li\u1ec7u g\u1ed7 t\u1ef1 nhi\u00ean nh\u01b0ng l\u1ea1i c\u00f3 \u0111\u1ed9 b\u1ec1n cao v\u00e0 d\u1ec5 d\u00e0ng v\u1ec7 sinh h\u01a1n. \u0110\u00e2y l\u00e0 l\u1ef1a ch\u1ecdn l\u00fd t\u01b0\u1edfng cho nh\u1eefng ai y\u00eau th\u00edch v\u1ebb \u0111\u1eb9p c\u1ee7a g\u1ed7 nh\u01b0ng mu\u1ed1n s\u1ea3n ph\u1ea9m d\u1ec5 b\u1ea3o tr\u00ec h\u01a1n.<\/span><\/p>\n<p style=\"text-align: justify;\"><b>B\u00e0n trang \u0111i\u1ec3m mini b\u1eb1ng nh\u1ef1a: <\/b><strong>B\u00e0n trang \u0111i\u1ec3m mini<\/strong> l<span style=\"font-weight: 400;\">\u00e0 l\u1ef1a ch\u1ecdn l\u00fd t\u01b0\u1edfng cho nh\u1eefng kh\u00f4ng gian nh\u1ecf g\u1ecdn. V\u1edbi k\u00edch th\u01b0\u1edbc nh\u1ecf v\u00e0 thi\u1ebft k\u1ebf \u0111\u01a1n gi\u1ea3n, m\u1eabu b\u00e0n trang \u0111i\u1ec3m nh\u1ef1a mini r\u1ea5t ph\u00f9 h\u1ee3p cho ph\u00f2ng ng\u1ee7 c\u00f3 di\u1ec7n t\u00edch h\u1ea1n ch\u1ebf. Ngo\u00e0i ra, b\u00e0n trang \u0111i\u1ec3m nh\u1ef1a mini c\u00f2n c\u00f3 t\u00ednh n\u0103ng g\u1ecdn g\u00e0ng, gi\u00fap b\u1ea1n ti\u1ebft ki\u1ec7m kh\u00f4ng gian.<\/span><\/p>\n<p style=\"text-align: justify;\"><b>B\u00e0n trang \u0111i\u1ec3m nh\u1ef1a ng\u1ed3i b\u1ec7t: <\/b><span style=\"font-weight: 400;\">\u00a0l\u00e0 l\u1ef1a ch\u1ecdn t\u1ed1i \u01b0u cho nh\u1eefng ng\u01b0\u1eddi y\u00eau th\u00edch phong c\u00e1ch ng\u1ed3i b\u1ec7t trong ph\u00f2ng ng\u1ee7. V\u1edbi thi\u1ebft k\u1ebf t\u1ed1i gi\u1ea3n v\u00e0 ti\u1ebft ki\u1ec7m kh\u00f4ng gian, b\u00e0n trang \u0111i\u1ec3m nh\u1ef1a ng\u1ed3i b\u1ec7t gi\u00fap t\u1ea1o c\u1ea3m gi\u00e1c tho\u1ea3i m\u00e1i v\u00e0 d\u1ec5 d\u00e0ng di chuy\u1ec3n.<\/span><\/p>\n<p style=\"text-align: justify;\"><b>B\u00e0n trang \u0111i\u1ec3m nh\u1ef1a Ecoplast:<\/b><span style=\"font-weight: 400;\"> B\u00e0n trang \u0111i\u1ec3m nh\u1ef1a Ecoplast \u0111\u01b0\u1ee3c l\u00e0m t\u1eeb ch\u1ea5t li\u1ec7u nh\u1ef1a cao c\u1ea5p, th\u00e2n thi\u1ec7n v\u1edbi ng\u01b0\u1eddi s\u1eed d\u1ee5ng v\u00e0 d\u1ec5 d\u00e0ng b\u1ea3o tr\u00ec. S\u1ea3n ph\u1ea9m n\u00e0y kh\u00f4ng ch\u1ec9 b\u1ec1n \u0111\u1eb9p m\u00e0 c\u00f2n \u0111\u1ea3m b\u1ea3o an to\u00e0n cho s\u1ee9c kh\u1ecfe ng\u01b0\u1eddi d\u00f9ng, l\u00e0 s\u1ef1 l\u1ef1a ch\u1ecdn \u0111\u00e1ng tin c\u1eady cho c\u00e1c gia \u0111\u00ecnh.<\/span><\/p>\n<p style=\"text-align: justify;\"><b>T\u1ee7 nh\u1ef1a k\u00e8m b\u00e0n trang \u0111i\u1ec3m: <\/b><span style=\"font-weight: 400;\">C\u00e1c m\u1eabu t\u1ee7 nh\u1ef1a k\u00e8m b\u00e0n trang \u0111i\u1ec3m r\u1ea5t th\u00edch h\u1ee3p cho nh\u1eefng ai c\u1ea7n kh\u00f4ng gian l\u01b0u tr\u1eef m\u1ef9 ph\u1ea9m v\u00e0 v\u1eadt d\u1ee5ng c\u00e1 nh\u00e2n. T\u1ee7 nh\u1ef1a c\u00f3 b\u00e0n trang \u0111i\u1ec3m s\u1ebd gi\u00fap b\u1ea1n ti\u1ebft ki\u1ec7m kh\u00f4ng gian v\u00e0 t\u1ea1o s\u1ef1 g\u1ecdn g\u00e0ng cho ph\u00f2ng ng\u1ee7.<\/span><\/p>\n<h2 style=\"text-align: justify;\"><b>4. Ti\u00eau ch\u00ed l\u1ef1a ch\u1ecdn b\u00e0n trang \u0111i\u1ec3m nh\u1ef1a \u0111\u1eb9p, ph\u00f9 h\u1ee3p<\/b><\/h2>\n<figure id=\"attachment_6631\" aria-describedby=\"caption-attachment-6631\" style=\"width: 1280px\" class=\"wp-caption aligncenter\"><img loading=\"lazy\" decoding=\"async\" class=\"wp-image-6631 size-full\" src=\"https:\/\/nhatnam.org\/wp-content\/uploads\/2025\/04\/ban_trang_diem_nhua10.jpg\" alt=\"B\u00e0n Trang \u0110i\u1ec3m Nh\u1ef1a\" width=\"1280\" height=\"960\" \/><figcaption id=\"caption-attachment-6631\" class=\"wp-caption-text\">M\u1eabu b\u00e0n nh\u1ef1a trang \u0111i\u1ec3m \u0111\u1eb9p<\/figcaption><\/figure>\n<p style=\"text-align: justify;\"><span style=\"font-weight: 400;\">Khi l\u1ef1a ch\u1ecdn b\u00e0n trang \u0111i\u1ec3m nh\u1ef1a, b\u1ea1n c\u1ea7n l\u01b0u \u00fd m\u1ed9t s\u1ed1 y\u1ebfu t\u1ed1 quan tr\u1ecdng \u0111\u1ec3 \u0111\u1ea3m b\u1ea3o s\u1ea3n ph\u1ea9m ph\u00f9 h\u1ee3p v\u1edbi kh\u00f4ng gian v\u00e0 nhu c\u1ea7u s\u1eed d\u1ee5ng c\u1ee7a m\u00ecnh:<\/span><\/p>\n<p style=\"text-align: justify;\"><span style=\"font-weight: 400;\"><strong>K\u00edch th\u01b0\u1edbc v\u00e0 kh\u00f4ng gian<\/strong>: <\/span><span style=\"font-weight: 400;\">\u0110\u1ec3 l\u1ef1a ch\u1ecdn \u0111\u01b0\u1ee3c b\u00e0n trang \u0111i\u1ec3m nh\u1ef1a ph\u00f9 h\u1ee3p, b\u1ea1n c\u1ea7n xem x\u00e9t di\u1ec7n t\u00edch ph\u00f2ng ng\u1ee7 c\u1ee7a m\u00ecnh. N\u1ebfu kh\u00f4ng gian ph\u00f2ng nh\u1ecf, b\u1ea1n n\u00ean ch\u1ecdn c\u00e1c m\u1eabu b\u00e0n trang \u0111i\u1ec3m mini nh\u1ef1a ho\u1eb7c b\u00e0n trang \u0111i\u1ec3m nh\u1ef1a nh\u1ecf g\u1ecdn. N\u1ebfu ph\u00f2ng ng\u1ee7 r\u1ed9ng r\u00e3i, b\u1ea1n c\u00f3 th\u1ec3 l\u1ef1a ch\u1ecdn c\u00e1c m\u1eabu b\u00e0n l\u1edbn v\u1edbi nhi\u1ec1u ng\u0103n k\u00e9o v\u00e0 k\u1ec7 \u0111\u1ec3 \u0111\u1ed3.<\/span><\/p>\n<p style=\"text-align: justify;\"><span style=\"font-weight: 400;\"><strong>Ch\u1ea5t li\u1ec7u nh\u1ef1a cao c\u1ea5p:<\/strong> <\/span><span style=\"font-weight: 400;\">Ch\u1ea5t li\u1ec7u nh\u1ef1a quy\u1ebft \u0111\u1ecbnh \u0111\u1ebfn \u0111\u1ed9 b\u1ec1n v\u00e0 t\u00ednh th\u1ea9m m\u1ef9 c\u1ee7a s\u1ea3n ph\u1ea9m. B\u1ea1n n\u00ean l\u1ef1a ch\u1ecdn b\u00e0n trang \u0111i\u1ec3m nh\u1ef1a cao c\u1ea5p, an to\u00e0n cho s\u1ee9c kh\u1ecfe, kh\u00f4ng ch\u1ee9a ch\u1ea5t \u0111\u1ed9c h\u1ea1i v\u00e0 d\u1ec5 d\u00e0ng v\u1ec7 sinh. C\u00e1c lo\u1ea1i nh\u1ef1a nh\u01b0 nh\u1ef1a ABS, nh\u1ef1a PVC, nh\u1ef1a ECOPLAST th\u01b0\u1eddng \u0111\u01b0\u1ee3c \u01b0a chu\u1ed9ng nh\u1edd t\u00ednh b\u1ec1n v\u1eefng v\u00e0 th\u00e2n thi\u1ec7n v\u1edbi ng\u01b0\u1eddi s\u1eed d\u1ee5ng.<\/span><\/p>\n<p style=\"text-align: justify;\"><strong>Thi\u1ebft k\u1ebf v\u00e0 t\u00ednh n\u0103ng: <\/strong><span style=\"font-weight: 400;\">Thi\u1ebft k\u1ebf b\u00e0n trang \u0111i\u1ec3m nh\u1ef1a c\u1ea7n ph\u1ea3i \u0111\u00e1p \u1ee9ng \u0111\u01b0\u1ee3c c\u00e1c nhu c\u1ea7u s\u1eed d\u1ee5ng c\u1ee7a b\u1ea1n. B\u1ea1n n\u00ean ch\u1ecdn b\u00e0n c\u00f3 nhi\u1ec1u ng\u0103n k\u00e9o v\u00e0 k\u1ec7 \u0111\u1ec3 \u0111\u1ef1ng m\u1ef9 ph\u1ea9m, \u0111\u1ed3 trang s\u1ee9c v\u00e0 c\u00e1c v\u1eadt d\u1ee5ng c\u00e1 nh\u00e2n kh\u00e1c. Ngo\u00e0i ra, b\u1ea1n c\u0169ng c\u00f3 th\u1ec3 l\u1ef1a ch\u1ecdn b\u00e0n trang \u0111i\u1ec3m nh\u1ef1a c\u00f3 g\u01b0\u01a1ng g\u1ea5p g\u1ecdn \u0111\u1ec3 ti\u1ebft ki\u1ec7m kh\u00f4ng gian khi kh\u00f4ng s\u1eed d\u1ee5ng.<\/span><\/p>\n<p style=\"text-align: justify;\"><span style=\"font-weight: 400;\">M\u00e0u s\u1eafc v\u00e0 phong c\u00e1ch: <\/span><span style=\"font-weight: 400;\">M\u00e0u s\u1eafc c\u1ee7a b\u00e0n trang \u0111i\u1ec3m nh\u1ef1a c\u1ea7n ph\u1ea3i ph\u00f9 h\u1ee3p v\u1edbi t\u1ed5ng th\u1ec3 n\u1ed9i th\u1ea5t ph\u00f2ng ng\u1ee7 c\u1ee7a b\u1ea1n. N\u1ebfu kh\u00f4ng gian ph\u00f2ng ng\u1ee7 theo phong c\u00e1ch hi\u1ec7n \u0111\u1ea1i, b\u1ea1n c\u00f3 th\u1ec3 ch\u1ecdn b\u00e0n trang \u0111i\u1ec3m nh\u1ef1a c\u00f3 m\u00e0u tr\u1eafng, x\u00e1m ho\u1eb7c c\u00e1c m\u00e0u s\u1eafc pastel nh\u1eb9 nh\u00e0ng. N\u1ebfu ph\u00f2ng ng\u1ee7 theo phong c\u00e1ch c\u1ed5 \u0111i\u1ec3n, b\u00e0n trang \u0111i\u1ec3m nh\u1ef1a gi\u1ea3 g\u1ed7 s\u1ebd l\u00e0 s\u1ef1 l\u1ef1a ch\u1ecdn ho\u00e0n h\u1ea3o.<\/span><\/p>\n<h2 style=\"text-align: justify;\"><b>5. M\u1ed9t s\u1ed1 m\u1eabu b\u00e0n trang \u0111i\u1ec3m nh\u1ef1a \u0111\u1eb9p<\/b><\/h2>\n<figure id=\"attachment_6629\" aria-describedby=\"caption-attachment-6629\" style=\"width: 1280px\" class=\"wp-caption aligncenter\"><img loading=\"lazy\" decoding=\"async\" class=\"wp-image-6629 size-full\" src=\"https:\/\/nhatnam.org\/wp-content\/uploads\/2025\/04\/ban_trang_diem_nhua8.jpg\" alt=\"B\u00e0n Trang \u0110i\u1ec3m Nh\u1ef1a\" width=\"1280\" height=\"960\" \/><figcaption id=\"caption-attachment-6629\" class=\"wp-caption-text\">M\u1eabu b\u00e0n trang \u0111i\u1ec3m nh\u1ef1a gi\u1ea3 g\u1ed7 treo t\u01b0\u1eddng \u0111\u1eb9p<\/figcaption><\/figure>\n<figure id=\"attachment_6628\" aria-describedby=\"caption-attachment-6628\" style=\"width: 1280px\" class=\"wp-caption aligncenter\"><img loading=\"lazy\" decoding=\"async\" class=\"wp-image-6628 size-full\" src=\"https:\/\/nhatnam.org\/wp-content\/uploads\/2025\/04\/ban_trang_diem_nhua7.jpg\" alt=\"B\u00e0n Trang \u0110i\u1ec3m Nh\u1ef1a\" width=\"1280\" height=\"960\" \/><figcaption id=\"caption-attachment-6628\" class=\"wp-caption-text\">M\u1eabu b\u00e0n nh\u1ef1a trang \u0111i\u1ec3m thi\u1ebft k\u1ebf \u0111\u01a1n gi\u1ea3n, ti\u1ebft ki\u1ec7m di\u1ec7n t\u00edch<\/figcaption><\/figure>\n<figure id=\"attachment_6627\" aria-describedby=\"caption-attachment-6627\" style=\"width: 1280px\" class=\"wp-caption aligncenter\"><img loading=\"lazy\" decoding=\"async\" class=\"wp-image-6627 size-full\" src=\"https:\/\/nhatnam.org\/wp-content\/uploads\/2025\/04\/ban_trang_diem_nhua6.jpg\" alt=\"B\u00e0n Trang \u0110i\u1ec3m Nh\u1ef1a\" width=\"1280\" height=\"960\" \/><figcaption id=\"caption-attachment-6627\" class=\"wp-caption-text\">M\u1eabu b\u00e0n trang \u0111i\u1ec3m \u0111\u1eb9p b\u1eb1ng nh\u1ef1a thi\u1ebft k\u1ebf g\u01b0\u01a1ng treo t\u01b0\u1eddng<\/figcaption><\/figure>\n<h2 style=\"text-align: justify;\"><b>6. B\u00e1o gi\u00e1 b\u00e0n trang \u0111i\u1ec3m nh\u1ef1a<\/b><\/h2>\n<p style=\"text-align: justify;\"><span style=\"font-weight: 400;\">Gi\u00e1 c\u1ee7a b\u00e0n trang \u0111i\u1ec3m nh\u1ef1a th\u01b0\u1eddng dao \u0111\u1ed9ng t\u00f9y thu\u1ed9c v\u00e0o ch\u1ea5t li\u1ec7u, k\u00edch th\u01b0\u1edbc, v\u00e0 thi\u1ebft k\u1ebf c\u1ee7a s\u1ea3n ph\u1ea9m. C\u00e1c m\u1eabu b\u00e0n trang \u0111i\u1ec3m nh\u1ef1a cao c\u1ea5p, nh\u1eadp kh\u1ea9u th\u01b0\u1eddng c\u00f3 gi\u00e1 cao h\u01a1n, nh\u01b0ng \u0111\u1ed5i l\u1ea1i b\u1ea1n s\u1ebd nh\u1eadn \u0111\u01b0\u1ee3c m\u1ed9t s\u1ea3n ph\u1ea9m c\u00f3 \u0111\u1ed9 b\u1ec1n v\u01b0\u1ee3t tr\u1ed9i v\u00e0 t\u00ednh th\u1ea9m m\u1ef9 cao.<\/span><\/p>\n<p style=\"text-align: justify;\"><span style=\"font-weight: 400;\">M\u1ee9c gi\u00e1 c\u00f3 th\u1ec3 thay \u0111\u1ed5i theo ch\u01b0\u01a1ng tr\u00ecnh khuy\u1ebfn m\u00e3i v\u00e0 th\u1eddi \u0111i\u1ec3m mua h\u00e0ng, v\u00ec v\u1eady, \u0111\u1ec3 \u0111\u1ea3m b\u1ea3o s\u1edf h\u1eefu s\u1ea3n ph\u1ea9m ch\u1ea5t l\u01b0\u1ee3ng v\u1edbi gi\u00e1 t\u1ed1t nh\u1ea5t, h\u00e3y \u0111\u1ebfn v\u1edbi Nh\u1ea5t Nam \u2013 \u0111\u1ecba ch\u1ec9 uy t\u00edn chuy\u00ean cung c\u1ea5p b\u00e0n trang \u0111i\u1ec3m nh\u1ef1a \u0111\u1eb9p, b\u1ec1n, gi\u00e1 h\u1ee3p l\u00fd.\u00a0<\/span><\/p>\n<p style=\"text-align: justify;\"><span style=\"font-weight: 400;\">Li\u00ean h\u1ec7 ngay v\u1edbi Nh\u1ea5t Nam \u0111\u1ec3 \u0111\u01b0\u1ee3c t\u01b0 v\u1ea5n chi ti\u1ebft v\u00e0 nh\u1eadn b\u00e1o gi\u00e1 \u01b0u \u0111\u00e3i!<\/span><\/p>\n<h2 style=\"text-align: justify;\"><b>7. \u0110\u1ecba ch\u1ec9 mua b\u00e0n trang \u0111i\u1ec3m nh\u1ef1a uy t\u00edn &#8211; Nh\u1ea5t Nam<\/b><\/h2>\n<p style=\"text-align: justify;\"><span style=\"font-weight: 400;\">B\u1ea1n \u0111ang t\u00ecm ki\u1ebfm b\u00e0n trang \u0111i\u1ec3m nh\u1ef1a ch\u1ea5t l\u01b0\u1ee3ng, b\u1ec1n \u0111\u1eb9p v\u1edbi thi\u1ebft k\u1ebf hi\u1ec7n \u0111\u1ea1i? Nh\u1ea5t Nam ch\u00ednh l\u00e0 \u0111i\u1ec3m \u0111\u1ebfn l\u00fd t\u01b0\u1edfng d\u00e0nh cho b\u1ea1n!<\/span><\/p>\n<p style=\"text-align: justify;\"><span style=\"font-weight: 400;\">L\u00e0 \u0111\u01a1n v\u1ecb chuy\u00ean cung c\u1ea5p n\u1ed9i th\u1ea5t cao c\u1ea5p, Nh\u1ea5t Nam mang \u0111\u1ebfn nh\u1eefng m\u1eabu b\u00e0n trang \u0111i\u1ec3m nh\u1ef1a v\u1edbi \u0111a d\u1ea1ng ki\u1ec3u d\u00e1ng, m\u00e0u s\u1eafc v\u00e0 thi\u1ebft k\u1ebf tinh t\u1ebf, ph\u00f9 h\u1ee3p v\u1edbi m\u1ecdi phong c\u00e1ch ph\u00f2ng ng\u1ee7. S\u1ea3n ph\u1ea9m kh\u00f4ng ch\u1ec9 c\u00f3 \u0111\u1ed9 b\u1ec1n cao, d\u1ec5 d\u00e0ng v\u1ec7 sinh m\u00e0 c\u00f2n gi\u00fap kh\u00f4ng gian th\u00eam sang tr\u1ecdng v\u00e0 g\u1ecdn g\u00e0ng.<\/span><\/p>\n<p style=\"text-align: justify;\"><span style=\"font-weight: 400;\">Kh\u00f4ng ch\u1ec9 d\u1eebng l\u1ea1i \u1edf ch\u1ea5t l\u01b0\u1ee3ng s\u1ea3n ph\u1ea9m, Nh\u1ea5t Nam c\u00f2n cam k\u1ebft mang \u0111\u1ebfn d\u1ecbch v\u1ee5 kh\u00e1ch h\u00e0ng t\u1eadn t\u00e2m, h\u1ed7 tr\u1ee3 t\u01b0 v\u1ea5n nhi\u1ec7t t\u00ecnh, gi\u00fap b\u1ea1n l\u1ef1a ch\u1ecdn \u0111\u01b0\u1ee3c m\u1eabu b\u00e0n trang \u0111i\u1ec3m \u01b0ng \u00fd nh\u1ea5t.<\/span><\/p>\n<p style=\"text-align: justify;\"><span style=\"font-weight: 400;\">\ud83d\udc49 <\/span><b>Li\u00ean h\u1ec7 ngay v\u1edbi <a href=\"https:\/\/www.facebook.com\/ctynhatnam2011\" target=\"_blank\" rel=\"noopener\">Nh\u1ea5t Nam<\/a><\/b><span style=\"font-weight: 400;\"> \u0111\u1ec3 kh\u00e1m ph\u00e1 nh\u1eefng m\u1eabu b\u00e0n trang \u0111i\u1ec3m nh\u1ef1a \u0111\u1eb9p, ti\u1ec7n d\u1ee5ng v\u00e0 s\u1edf h\u1eefu v\u1edbi m\u1ee9c gi\u00e1 t\u1ed1t nh\u1ea5t!<\/span><\/p>\n","protected":false},"excerpt":{"rendered":"<p style=\"text-align: justify;\"><span style=\"font-weight: 400;\">V\u1edbi thi\u1ebft k\u1ebf tinh t\u1ebf, m\u00e0u s\u1eafc trang nh\u00e3 v\u00e0 ch\u1ea5t li\u1ec7u nh\u1ef1a cao c\u1ea5p, b\u00e0n trang \u0111i\u1ec3m nh\u1ef1a kh\u00f4ng ch\u1ec9 gi\u00fap b\u1ea1n t\u1ed1i \u01b0u di\u1ec7n t\u00edch m\u00e0 c\u00f2n mang l\u1ea1i v\u1ebb \u0111\u1eb9p hi\u1ec7n \u0111\u1ea1i cho kh\u00f4ng gian ph\u00f2ng. Ng\u0103n k\u00e9o r\u1ed9ng r\u00e3i, g\u01b0\u01a1ng g\u1eadp ti\u1ec7n l\u1ee3i v\u00e0 b\u1ec1 m\u1eb7t d\u1ec5 lau ch\u00f9i, t\u1ea5t c\u1ea3 t\u1ea1o n\u00ean m\u1ed9t g\u00f3c l\u00e0m \u0111\u1eb9p l\u00fd t\u01b0\u1edfng, nh\u1eb9 nh\u00e0ng m\u00e0 v\u1eabn \u0111\u1ea7y phong c\u00e1ch.<\/span><span style=\"font-weight: 400;\"><br \/>\n<\/span><span style=\"font-weight: 400;\">Ph\u00f9 h\u1ee3p cho c\u1ea3 ph\u00f2ng ng\u1ee7 nh\u1ecf, c\u0103n h\u1ed9 mini hay ph\u00f2ng c\u1ee7a n\u00e0ng tu\u1ed5i teen y\u00eau th\u00edch s\u1ef1 g\u1ecdn g\u00e0ng v\u00e0 xinh x\u1eafn.<\/span><\/p>\n","protected":false},"featured_media":1873,"comment_status":"open","ping_status":"closed","template":"","meta":{"_acf_changed":false,"_gspb_post_css":""},"book-author":[],"product_brand":[],"product_cat":[129,104],"product_tag":[],"class_list":{"0":"post-1874","1":"product","2":"type-product","3":"status-publish","4":"has-post-thumbnail","6":"product_cat-ban-trang-diem","7":"product_cat-noi-that-phong-ngu","9":"first","10":"instock","11":"shipping-taxable","12":"product-type-simple"},"acf":[],"_links":{"self":[{"href":"https:\/\/nhatnam.libion.me\/index.php\/wp-json\/wp\/v2\/product\/1874","targetHints":{"allow":["GET"]}}],"collection":[{"href":"https:\/\/nhatnam.libion.me\/index.php\/wp-json\/wp\/v2\/product"}],"about":[{"href":"https:\/\/nhatnam.libion.me\/index.php\/wp-json\/wp\/v2\/types\/product"}],"replies":[{"embeddable":true,"href":"https:\/\/nhatnam.libion.me\/index.php\/wp-json\/wp\/v2\/comments?post=1874"}],"wp:featuredmedia":[{"embeddable":true,"href":"https:\/\/nhatnam.libion.me\/index.php\/wp-json\/wp\/v2\/media\/1873"}],"wp:attachment":[{"href":"https:\/\/nhatnam.libion.me\/index.php\/wp-json\/wp\/v2\/media?parent=1874"}],"wp:term":[{"taxonomy":"book-author","embeddable":true,"href":"https:\/\/nhatnam.libion.me\/index.php\/wp-json\/wp\/v2\/book-author?post=1874"},{"taxonomy":"product_brand","embeddable":true,"href":"https:\/\/nhatnam.libion.me\/index.php\/wp-json\/wp\/v2\/product_brand?post=1874"},{"taxonomy":"product_cat","embeddable":true,"href":"https:\/\/nhatnam.libion.me\/index.php\/wp-json\/wp\/v2\/product_cat?post=1874"},{"taxonomy":"product_tag","embeddable":true,"href":"https:\/\/nhatnam.libion.me\/index.php\/wp-json\/wp\/v2\/product_tag?post=1874"}],"curies":[{"name":"wp","href":"https:\/\/api.w.org\/{rel}","templated":true}]}}