{"id":1850,"date":"2026-04-07T10:28:44","date_gmt":"2026-04-07T10:28:44","guid":{"rendered":"https:\/\/nhatnam.libion.me\/index.php\/product\/giuong-go-mdf-1m8\/"},"modified":"2026-04-07T10:28:53","modified_gmt":"2026-04-07T10:28:53","slug":"giuong-go-mdf-1m8","status":"publish","type":"product","link":"https:\/\/nhatnam.libion.me\/index.php\/product\/giuong-go-mdf-1m8\/","title":{"rendered":"Gi\u01b0\u1eddng G\u1ed7 MDF 1M8"},"content":{"rendered":"<p style=\"text-align: justify;\"><span style=\"font-weight: 400;\">Gi\u01b0\u1eddng g\u1ed7 MDF 1m8 kh\u00f4ng ch\u1ec9 l\u00e0 n\u01a1i \u0111\u1ec3 ngh\u1ec9 ng\u01a1i, m\u00e0 c\u00f2n l\u00e0 y\u1ebfu t\u1ed1 quan tr\u1ecdng g\u00f3p ph\u1ea7n t\u1ea1o n\u00ean v\u1ebb \u0111\u1eb9p v\u00e0 kh\u00f4ng gian th\u01b0 gi\u00e3n cho ph\u00f2ng ng\u1ee7 c\u1ee7a b\u1ea1n. V\u1edbi s\u1ef1 ph\u00e1t tri\u1ec3n c\u1ee7a ng\u00e0nh n\u1ed9i th\u1ea5t hi\u1ec7n nay, gi\u01b0\u1eddng g\u1ed7 MDF 1m8 \u0111ang tr\u1edf th\u00e0nh s\u1ef1 l\u1ef1a ch\u1ecdn ph\u1ed5 bi\u1ebfn c\u1ee7a nhi\u1ec1u gia \u0111\u00ecnh. S\u1ef1 k\u1ebft h\u1ee3p gi\u1eefa thi\u1ebft k\u1ebf tinh t\u1ebf, \u0111\u1ed9 b\u1ec1n v\u01b0\u1ee3t tr\u1ed9i v\u00e0 gi\u00e1 th\u00e0nh h\u1ee3p l\u00fd \u0111\u00e3 khi\u1ebfn gi\u01b0\u1eddng g\u1ed7 MDF 1m8 tr\u1edf th\u00e0nh s\u1ea3n ph\u1ea9m y\u00eau th\u00edch c\u1ee7a nhi\u1ec1u kh\u00e1ch h\u00e0ng. H\u00e3y c\u00f9ng kh\u00e1m ph\u00e1 nh\u1eefng l\u00fd do v\u00ec sao s\u1ea3n ph\u1ea9m n\u00e0y l\u1ea1i nh\u1eadn \u0111\u01b0\u1ee3c s\u1ef1 \u01b0a chu\u1ed9ng r\u1ed9ng r\u00e3i.<\/span><\/p>\n<h2 style=\"text-align: justify;\"><b>1. Gi\u1edbi thi\u1ec7u v\u1ec1 gi\u01b0\u1eddng g\u1ed7 MDF 1m8<\/b><\/h2>\n<p><img loading=\"lazy\" decoding=\"async\" class=\"aligncenter wp-image-6593 size-full\" src=\"https:\/\/nhatnam.org\/wp-content\/uploads\/2025\/04\/giuong_go_mdf_1m8-7.jpg\" alt=\"Gi\u01b0\u1eddng G\u1ed7 MDF 1M8\" width=\"1280\" height=\"960\" \/><\/p>\n<p style=\"text-align: justify;\"><span style=\"font-weight: 400;\">Gi\u01b0\u1eddng g\u1ed7 MDF 1m8 l\u00e0 m\u1ed9t s\u1ea3n ph\u1ea9m n\u1ed9i th\u1ea5t \u0111\u01b0\u1ee3c ch\u1ebf t\u1ea1o t\u1eeb g\u1ed7 c\u00f4ng nghi\u1ec7p MDF (Medium Density Fiberboard), v\u1edbi k\u00edch th\u01b0\u1edbc chu\u1ea9n 1m8 x 2m. K\u00edch th\u01b0\u1edbc n\u00e0y l\u00fd t\u01b0\u1edfng cho c\u00e1c c\u1eb7p \u0111\u00f4i ho\u1eb7c gia \u0111\u00ecnh c\u00f3 kh\u00f4ng gian ph\u00f2ng ng\u1ee7 trung b\u00ecnh ho\u1eb7c r\u1ed9ng. V\u1edbi chi\u1ec1u r\u1ed9ng 1m8, chi\u1ebfc gi\u01b0\u1eddng mang l\u1ea1i kh\u00f4ng gian tho\u1ea3i m\u00e1i cho hai ng\u01b0\u1eddi ng\u1ee7 m\u00e0 kh\u00f4ng chi\u1ebfm qu\u00e1 nhi\u1ec1u di\u1ec7n t\u00edch.<\/span><\/p>\n<p style=\"text-align: justify;\"><span style=\"font-weight: 400;\">G\u1ed7 MDF l\u00e0 ch\u1ea5t li\u1ec7u \u0111\u01b0\u1ee3c ch\u1ebf t\u00e1c t\u1eeb c\u00e1c s\u1ee3i g\u1ed7 nh\u1ecf k\u1ebft h\u1ee3p v\u1edbi keo, t\u1ea1o n\u00ean m\u1ed9t t\u1ea5m g\u1ed7 c\u00f3 \u0111\u1ed9 \u0111\u1ed3ng \u0111\u1ec1u, ph\u1eb3ng m\u1ecbn v\u00e0 b\u1ec1n b\u1ec9. \u0110\u1eb7c bi\u1ec7t, gi\u01b0\u1eddng g\u1ed7 MDF \u0111\u01b0\u1ee3c ph\u1ee7 l\u1edbp Melamine kh\u00f4ng ch\u1ec9 gi\u00fap b\u1ea3o v\u1ec7 b\u1ec1 m\u1eb7t m\u00e0 c\u00f2n mang l\u1ea1i v\u1ebb ngo\u00e0i s\u00e1ng b\u00f3ng, d\u1ec5 d\u00e0ng v\u1ec7 sinh v\u00e0 ch\u1ed1ng l\u1ea1i nh\u1eefng t\u00e1c \u0111\u1ed9ng c\u1ee7a m\u00f4i tr\u01b0\u1eddng xung quanh. Nh\u1edd \u0111\u00f3, s\u1ea3n ph\u1ea9m n\u00e0y v\u1eeba \u0111\u1eb9p m\u1eaft, v\u1eeba d\u1ec5 b\u1ea3o qu\u1ea3n.<\/span><\/p>\n<h2 style=\"text-align: justify;\"><b>2. C\u00f4ng d\u1ee5ng tuy\u1ec7t v\u1eddi c\u1ee7a gi\u01b0\u1eddng g\u1ed7 MDF 1m8<\/b><\/h2>\n<p><img loading=\"lazy\" decoding=\"async\" class=\"aligncenter wp-image-6589 size-full\" src=\"https:\/\/nhatnam.org\/wp-content\/uploads\/2025\/04\/giuong_go_mdf_1m8-3.jpg\" alt=\"\" width=\"1280\" height=\"960\" \/><\/p>\n<p style=\"text-align: justify;\"><b>Ngh\u1ec9 ng\u01a1i tho\u1ea3i m\u00e1i cho hai ng\u01b0\u1eddi<\/b><\/p>\n<p style=\"text-align: justify;\"><span style=\"font-weight: 400;\">V\u1edbi k\u00edch th\u01b0\u1edbc r\u1ed9ng r\u00e3i 1m8 x 2m, gi\u01b0\u1eddng g\u1ed7 MDF 1m8 mang l\u1ea1i kh\u00f4ng gian tho\u1ea3i m\u00e1i cho hai ng\u01b0\u1eddi s\u1eed d\u1ee5ng. K\u00edch th\u01b0\u1edbc l\u00fd t\u01b0\u1edfng n\u00e0y gi\u00fap b\u1ea1n c\u00f3 gi\u1ea5c ng\u1ee7 ngon v\u00e0 ph\u1ee5c h\u1ed3i n\u0103ng l\u01b0\u1ee3ng sau m\u1ed9t ng\u00e0y l\u00e0m vi\u1ec7c m\u1ec7t m\u1ecfi.<\/span><\/p>\n<p style=\"text-align: justify;\"><b>T\u1ed1i \u01b0u h\u00f3a kh\u00f4ng gian ph\u00f2ng ng\u1ee7<\/b><\/p>\n<p style=\"text-align: justify;\"><span style=\"font-weight: 400;\">Gi\u01b0\u1eddng g\u1ed7 MDF 1m8 th\u01b0\u1eddng c\u00f3 thi\u1ebft k\u1ebf g\u1ecdn g\u00e0ng, kh\u00f4ng chi\u1ebfm qu\u00e1 nhi\u1ec1u di\u1ec7n t\u00edch trong ph\u00f2ng. Nhi\u1ec1u m\u1eabu gi\u01b0\u1eddng c\u00f2n t\u00edch h\u1ee3p th\u00eam c\u00e1c ng\u0103n k\u00e9o d\u01b0\u1edbi gi\u01b0\u1eddng, gi\u00fap t\u1ed1i \u01b0u h\u00f3a kh\u00f4ng gian l\u01b0u tr\u1eef, mang l\u1ea1i s\u1ef1 ti\u1ec7n l\u1ee3i cho ng\u01b0\u1eddi s\u1eed d\u1ee5ng.<\/span><\/p>\n<p style=\"text-align: justify;\"><b>Ph\u00f9 h\u1ee3p v\u1edbi m\u1ecdi phong c\u00e1ch n\u1ed9i th\u1ea5t<\/b><\/p>\n<p style=\"text-align: justify;\"><span style=\"font-weight: 400;\">Gi\u01b0\u1eddng g\u1ed7 MDF 1m8 l\u00e0 s\u1ef1 l\u1ef1a ch\u1ecdn l\u00fd t\u01b0\u1edfng cho m\u1ecdi phong c\u00e1ch trang tr\u00ed n\u1ed9i th\u1ea5t, t\u1eeb hi\u1ec7n \u0111\u1ea1i \u0111\u1ebfn c\u1ed5 \u0111i\u1ec3n, t\u1eeb t\u1ed1i gi\u1ea3n \u0111\u1ebfn sang tr\u1ecdng. M\u00e0u s\u1eafc v\u00e0 thi\u1ebft k\u1ebf tinh t\u1ebf gi\u00fap gi\u01b0\u1eddng tr\u1edf th\u00e0nh \u0111i\u1ec3m nh\u1ea5n ho\u00e0n h\u1ea3o cho kh\u00f4ng gian ph\u00f2ng ng\u1ee7 c\u1ee7a b\u1ea1n.<\/span><\/p>\n<p style=\"padding-left: 40px;\">&gt;&gt;<span style=\"color: #ff9900;\"><span style=\"color: #333399;\"> <em>Xem th\u00eam m\u1eabu<\/em><\/span>\u00a0<\/span><a href=\"https:\/\/nhatnam.org\/san-pham\/giuong-go-mdf-phu-melamine-2\/\" target=\"_blank\" rel=\"noopener\">Gi\u01b0\u1eddng G\u1ed7 MDF Ph\u1ee7 Melamine\u00a0\u00a0<\/a><\/p>\n<h2 style=\"text-align: justify;\"><b>3. K\u00edch th\u01b0\u1edbc v\u00e0 ki\u1ec3u d\u00e1ng gi\u01b0\u1eddng g\u1ed7 MDF 1m8<\/b><\/h2>\n<p><img loading=\"lazy\" decoding=\"async\" class=\"aligncenter wp-image-6588 size-full\" src=\"https:\/\/nhatnam.org\/wp-content\/uploads\/2025\/04\/giuong_go_mdf_1m8-2.jpg\" alt=\"Gi\u01b0\u1eddng G\u1ed7 MDF 1M8\" width=\"1280\" height=\"960\" \/><\/p>\n<p style=\"text-align: justify;\"><span style=\"font-weight: 400;\">Gi\u01b0\u1eddng g\u1ed7 MDF v\u1edbi k\u00edch th\u01b0\u1edbc 1m8 x 2m l\u00e0 s\u1ef1 l\u1ef1a ch\u1ecdn l\u00fd t\u01b0\u1edfng cho nh\u1eefng ph\u00f2ng ng\u1ee7 c\u00f3 di\u1ec7n t\u00edch t\u1eeb trung b\u00ecnh \u0111\u1ebfn r\u1ed9ng. \u0110\u00e2y l\u00e0 k\u00edch th\u01b0\u1edbc l\u00fd t\u01b0\u1edfng gi\u00fap kh\u00f4ng gian ph\u00f2ng ng\u1ee7 c\u1ee7a b\u1ea1n tr\u1edf n\u00ean tho\u00e1ng \u0111\u00e3ng v\u00e0 r\u1ed9ng r\u00e3i, \u0111\u1ed3ng th\u1eddi \u0111\u1ea3m b\u1ea3o s\u1ef1 tho\u1ea3i m\u00e1i cho ng\u01b0\u1eddi s\u1eed d\u1ee5ng. V\u1edbi chi\u1ec1u r\u1ed9ng l\u00fd t\u01b0\u1edfng 1m8, chi\u1ebfc gi\u01b0\u1eddng \u0111\u1ee7 r\u1ed9ng \u0111\u1ec3 hai ng\u01b0\u1eddi c\u00f3 th\u1ec3 tho\u1ea3i m\u00e1i n\u1eb1m m\u00e0 kh\u00f4ng c\u1ea3m th\u1ea5y ch\u1eadt ch\u1ed9i.<\/span><\/p>\n<p style=\"text-align: justify;\"><span style=\"font-weight: 400;\">N\u1ebfu ph\u00f2ng ng\u1ee7 c\u1ee7a b\u1ea1n c\u00f3 di\u1ec7n t\u00edch nh\u1ecf h\u01a1n, b\u1ea1n v\u1eabn c\u00f3 th\u1ec3 l\u1ef1a ch\u1ecdn gi\u01b0\u1eddng c\u00f3 k\u00edch th\u01b0\u1edbc nh\u1ecf h\u01a1n nh\u01b0 gi\u01b0\u1eddng 1m6 x 2m, gi\u00fap ti\u1ebft ki\u1ec7m di\u1ec7n t\u00edch m\u00e0 v\u1eabn \u0111\u1ea3m b\u1ea3o s\u1ef1 tho\u1ea3i m\u00e1i khi s\u1eed d\u1ee5ng. Tuy nhi\u00ean, n\u1ebfu b\u1ea1n y\u00eau th\u00edch kh\u00f4ng gian ng\u1ee7 r\u1ed9ng r\u00e3i, tho\u1ea3i m\u00e1i, gi\u01b0\u1eddng 1m8 x 2m ch\u1eafc ch\u1eafn s\u1ebd l\u00e0 s\u1ef1 l\u1ef1a ch\u1ecdn tuy\u1ec7t v\u1eddi.<\/span><\/p>\n<p style=\"text-align: justify;\"><span style=\"font-weight: 400;\">Ngo\u00e0i ra, gi\u01b0\u1eddng g\u1ed7 MDF 1m8 c\u00f3 th\u1ec3 \u0111\u01b0\u1ee3c thi\u1ebft k\u1ebf theo nhi\u1ec1u phong c\u00e1ch kh\u00e1c nhau, t\u1eeb hi\u1ec7n \u0111\u1ea1i, t\u1ed1i gi\u1ea3n \u0111\u1ebfn c\u1ed5 \u0111i\u1ec3n. \u0110i\u1ec1u n\u00e0y gi\u00fap s\u1ea3n ph\u1ea9m d\u1ec5 d\u00e0ng h\u00f2a h\u1ee3p v\u1edbi b\u1ea5t k\u1ef3 phong c\u00e1ch trang tr\u00ed n\u1ed9i th\u1ea5t n\u00e0o, t\u1ea1o \u0111i\u1ec3m nh\u1ea5n cho kh\u00f4ng gian s\u1ed1ng c\u1ee7a b\u1ea1n.<\/span><\/p>\n<h2 style=\"text-align: justify;\"><b>4. \u01afu \u0111i\u1ec3m v\u01b0\u1ee3t tr\u1ed9i c\u1ee7a gi\u01b0\u1eddng g\u1ed7 MDF 1m8<\/b><\/h2>\n<p><img loading=\"lazy\" decoding=\"async\" class=\"aligncenter wp-image-6591 size-full\" src=\"https:\/\/nhatnam.org\/wp-content\/uploads\/2025\/04\/giuong_go_mdf_1m8-5.jpg\" alt=\"Gi\u01b0\u1eddng G\u1ed7 MDF 1M8\" width=\"1280\" height=\"960\" \/><\/p>\n<p style=\"text-align: justify;\"><b>Ch\u1ea5t li\u1ec7u g\u1ed7 MDF: S\u1ef1 l\u1ef1a ch\u1ecdn tinh t\u1ebf v\u00e0 b\u1ec1n b\u1ec9<\/b><\/p>\n<p style=\"text-align: justify;\"><span style=\"font-weight: 400;\">G\u1ed7 MDF, v\u1edbi \u0111\u1eb7c t\u00ednh b\u1ec1n ch\u1eafc v\u00e0 m\u1ecbn m\u00e0ng, l\u00e0 ch\u1ea5t li\u1ec7u ph\u1ed5 bi\u1ebfn trong s\u1ea3n xu\u1ea5t n\u1ed9i th\u1ea5t hi\u1ec7n \u0111\u1ea1i. C\u00e1c t\u1ea5m MDF \u0111\u01b0\u1ee3c t\u1ea1o th\u00e0nh t\u1eeb vi\u1ec7c n\u00e9n ch\u1eb7t c\u00e1c s\u1ee3i g\u1ed7 nh\u1ecf k\u1ebft h\u1ee3p v\u1edbi keo t\u1ea1o th\u00e0nh, gi\u00fap t\u1ea1o ra s\u1ea3n ph\u1ea9m c\u00f3 b\u1ec1 m\u1eb7t nh\u1eb5n m\u1ecbn v\u00e0 \u0111\u1ed3ng \u0111\u1ec1u. Ch\u00ednh nh\u1eefng \u0111\u1eb7c \u0111i\u1ec3m n\u00e0y gi\u00fap gi\u01b0\u1eddng g\u1ed7 MDF c\u00f3 tu\u1ed5i th\u1ecd cao, \u00edt b\u1ecb bi\u1ebfn d\u1ea1ng v\u00e0 ch\u1ecbu \u0111\u01b0\u1ee3c c\u00e1c t\u00e1c \u0111\u1ed9ng t\u1eeb m\u00f4i tr\u01b0\u1eddng nh\u01b0 \u0111\u1ed9 \u1ea9m hay m\u1ed1i m\u1ecdt.<\/span><\/p>\n<p style=\"text-align: justify;\"><b>\u0110\u1ed9 b\u1ec1n cao v\u00e0 \u1ed5n \u0111\u1ecbnh<\/b><\/p>\n<p style=\"text-align: justify;\"><span style=\"font-weight: 400;\">M\u1ed9t trong nh\u1eefng \u0111i\u1ec3m m\u1ea1nh c\u1ee7a gi\u01b0\u1eddng g\u1ed7 MDF 1m8 ch\u00ednh l\u00e0 \u0111\u1ed9 b\u1ec1n v\u1eefng. Gi\u01b0\u1eddng g\u1ed7 MDF c\u00f3 kh\u1ea3 n\u0103ng ch\u1ed1ng cong v\u00eanh, m\u1ed1i m\u1ecdt v\u00e0 gi\u1eef \u0111\u01b0\u1ee3c h\u00ecnh d\u00e1ng ban \u0111\u1ea7u trong su\u1ed1t th\u1eddi gian s\u1eed d\u1ee5ng. Ngo\u00e0i ra, v\u1edbi l\u1edbp ph\u1ee7 Melamine, s\u1ea3n ph\u1ea9m c\u00f2n c\u00f3 th\u1ec3 ch\u1ecbu \u0111\u01b0\u1ee3c s\u1ef1 thay \u0111\u1ed5i c\u1ee7a nhi\u1ec7t \u0111\u1ed9 v\u00e0 \u0111\u1ed9 \u1ea9m, gi\u00fap k\u00e9o d\u00e0i tu\u1ed5i th\u1ecd c\u1ee7a gi\u01b0\u1eddng.<\/span><\/p>\n<p style=\"text-align: justify;\"><b>D\u1ec5 d\u00e0ng v\u1ec7 sinh v\u00e0 b\u1ea3o d\u01b0\u1ee1ng<\/b><\/p>\n<p style=\"text-align: justify;\"><span style=\"font-weight: 400;\">M\u1ed9t trong nh\u1eefng l\u00fd do khi\u1ebfn gi\u01b0\u1eddng g\u1ed7 MDF 1m8 tr\u1edf n\u00ean ph\u1ed5 bi\u1ebfn l\u00e0 kh\u1ea3 n\u0103ng d\u1ec5 d\u00e0ng v\u1ec7 sinh v\u00e0 b\u1ea3o d\u01b0\u1ee1ng. B\u1ec1 m\u1eb7t Melamine m\u1ecbn m\u00e0ng gi\u00fap b\u1ea1n d\u1ec5 d\u00e0ng lau ch\u00f9i v\u00e0 v\u1ec7 sinh m\u00e0 kh\u00f4ng c\u1ea7n ph\u1ea3i t\u1ed1n qu\u00e1 nhi\u1ec1u c\u00f4ng s\u1ee9c. \u0110i\u1ec1u n\u00e0y \u0111\u1eb7c bi\u1ec7t ti\u1ec7n l\u1ee3i cho nh\u1eefng gia \u0111\u00ecnh c\u00f3 tr\u1ebb nh\u1ecf ho\u1eb7c ng\u01b0\u1eddi b\u1eadn r\u1ed9n, khi m\u00e0 vi\u1ec7c duy tr\u00ec v\u1ec7 sinh n\u1ed9i th\u1ea5t l\u00e0 \u0111i\u1ec1u c\u1ea7n thi\u1ebft.<\/span><\/p>\n<p style=\"text-align: justify;\"><b>Ti\u1ebft ki\u1ec7m chi ph\u00ed<\/b><\/p>\n<p style=\"text-align: justify;\"><span style=\"font-weight: 400;\">So v\u1edbi gi\u01b0\u1eddng g\u1ed7 t\u1ef1 nhi\u00ean, gi\u01b0\u1eddng g\u1ed7 MDF 1m8 c\u00f3 m\u1ee9c gi\u00e1 ph\u1ea3i ch\u0103ng h\u01a1n nh\u01b0ng v\u1eabn \u0111\u1ea3m b\u1ea3o ch\u1ea5t l\u01b0\u1ee3ng v\u00e0 t\u00ednh th\u1ea9m m\u1ef9. Vi\u1ec7c s\u1eed d\u1ee5ng g\u1ed7 c\u00f4ng nghi\u1ec7p gi\u00fap ti\u1ebft ki\u1ec7m chi ph\u00ed s\u1ea3n xu\u1ea5t m\u00e0 v\u1eabn \u0111\u1ea3m b\u1ea3o s\u1ef1 b\u1ec1n b\u1ec9, mang l\u1ea1i cho b\u1ea1n s\u1ef1 l\u1ef1a ch\u1ecdn tuy\u1ec7t v\u1eddi khi c\u1ea7n m\u1ed9t s\u1ea3n ph\u1ea9m n\u1ed9i th\u1ea5t ch\u1ea5t l\u01b0\u1ee3ng m\u00e0 kh\u00f4ng ph\u1ea3i chi ti\u00eau qu\u00e1 nhi\u1ec1u.<\/span><\/p>\n<p style=\"text-align: justify;\"><b>\u0110\u1ea3m b\u1ea3o an to\u00e0n cho s\u1ee9c kh\u1ecfe<\/b><\/p>\n<p style=\"text-align: justify;\"><span style=\"font-weight: 400;\">Gi\u01b0\u1eddng g\u1ed7 MDF 1m8 kh\u00f4ng ch\u1ee9a c\u00e1c h\u00f3a ch\u1ea5t \u0111\u1ed9c h\u1ea1i, \u0111\u1ea3m b\u1ea3o an to\u00e0n tuy\u1ec7t \u0111\u1ed1i cho s\u1ee9c kh\u1ecfe ng\u01b0\u1eddi s\u1eed d\u1ee5ng, \u0111\u1eb7c bi\u1ec7t l\u00e0 \u0111\u1ed1i v\u1edbi c\u00e1c gia \u0111\u00ecnh c\u00f3 tr\u1ebb nh\u1ecf. V\u1edbi ti\u00eau chu\u1ea9n s\u1ea3n xu\u1ea5t nghi\u00eam ng\u1eb7t, gi\u01b0\u1eddng g\u1ed7 MDF ho\u00e0n to\u00e0n ph\u00f9 h\u1ee3p v\u1edbi nh\u1eefng y\u00eau c\u1ea7u kh\u1eaft khe v\u1ec1 \u0111\u1ed9 an to\u00e0n cho s\u1ee9c kh\u1ecfe c\u1ee7a ng\u01b0\u1eddi s\u1eed d\u1ee5ng.<\/span><\/p>\n<h2 style=\"text-align: justify;\"><b>5. Phong c\u00e1ch v\u00e0 m\u00e0u s\u1eafc \u0111a d\u1ea1ng ph\u00f9 h\u1ee3p v\u1edbi m\u1ecdi kh\u00f4ng gian<\/b><\/h2>\n<p><img loading=\"lazy\" decoding=\"async\" class=\"aligncenter wp-image-6590 size-full\" src=\"https:\/\/nhatnam.org\/wp-content\/uploads\/2025\/04\/giuong_go_mdf_1m8-4.jpg\" alt=\"Gi\u01b0\u1eddng G\u1ed7 MDF 1M8\" width=\"1280\" height=\"960\" \/><\/p>\n<p style=\"text-align: justify;\"><b>M\u00e0u s\u1eafc \u0111a d\u1ea1ng<\/b><\/p>\n<p style=\"text-align: justify;\"><span style=\"font-weight: 400;\">Gi\u01b0\u1eddng g\u1ed7 MDF 1m8 c\u00f3 th\u1ec3 \u0111\u01b0\u1ee3c ph\u1ee7 nhi\u1ec1u l\u1edbp m\u00e0u s\u1eafc kh\u00e1c nhau, t\u1eeb c\u00e1c t\u00f4ng m\u00e0u trung t\u00ednh nh\u01b0 tr\u1eafng, x\u00e1m, \u0111en cho \u0111\u1ebfn c\u00e1c m\u00e0u s\u1eafc \u1ea5m \u00e1p nh\u01b0 n\u00e2u g\u1ed7, v\u00e0ng nh\u1ea1t. \u0110i\u1ec1u n\u00e0y gi\u00fap b\u1ea1n d\u1ec5 d\u00e0ng k\u1ebft h\u1ee3p gi\u01b0\u1eddng v\u1edbi c\u00e1c y\u1ebfu t\u1ed1 trang tr\u00ed kh\u00e1c trong ph\u00f2ng ng\u1ee7, t\u1ea1o n\u00ean kh\u00f4ng gian h\u00e0i h\u00f2a v\u00e0 \u0111\u1eb9p m\u1eaft.<\/span><\/p>\n<p style=\"text-align: justify;\"><b>Phong c\u00e1ch thi\u1ebft k\u1ebf \u0111a d\u1ea1ng<\/b><\/p>\n<p style=\"text-align: justify;\"><span style=\"font-weight: 400;\">Kh\u00f4ng ch\u1ec9 l\u00e0 l\u1ef1a ch\u1ecdn v\u1ec1 m\u00e0u s\u1eafc, gi\u01b0\u1eddng g\u1ed7 MDF c\u00f2n c\u00f3 s\u1ef1 \u0111a d\u1ea1ng v\u1ec1 ki\u1ec3u d\u00e1ng v\u00e0 thi\u1ebft k\u1ebf. B\u1ea1n c\u00f3 th\u1ec3 ch\u1ecdn nh\u1eefng m\u1eabu gi\u01b0\u1eddng theo phong c\u00e1ch hi\u1ec7n \u0111\u1ea1i, t\u1ed1i gi\u1ea3n ho\u1eb7c c\u1ed5 \u0111i\u1ec3n, ph\u00f9 h\u1ee3p v\u1edbi t\u1eebng s\u1edf th\u00edch v\u00e0 nhu c\u1ea7u c\u1ee7a gia \u0111\u00ecnh. \u0110\u1eb7c bi\u1ec7t, c\u00e1c m\u1eabu gi\u01b0\u1eddng c\u00f3 th\u1ec3 \u0111\u01b0\u1ee3c thi\u1ebft k\u1ebf v\u1edbi c\u00e1c t\u00ednh n\u0103ng b\u1ed5 sung nh\u01b0 ng\u0103n k\u00e9o l\u01b0u tr\u1eef, gi\u00fap t\u1ed1i \u01b0u h\u00f3a kh\u00f4ng gian v\u00e0 ti\u1ec7n \u00edch trong ph\u00f2ng ng\u1ee7.<\/span><span style=\"font-weight: 400;\">.<\/span><\/p>\n<h2 style=\"text-align: justify;\"><b>6. Gi\u00e1 gi\u01b0\u1eddng g\u1ed7 MDF 1m8<\/b><\/h2>\n<p style=\"text-align: justify;\"><span style=\"font-weight: 400;\">V\u1edbi m\u1ee9c gi\u00e1 h\u1ee3p l\u00fd h\u01a1n so v\u1edbi gi\u01b0\u1eddng g\u1ed7 t\u1ef1 nhi\u00ean, gi\u01b0\u1eddng g\u1ed7 MDF 1m8 l\u00e0 s\u1ef1 l\u1ef1a ch\u1ecdn ti\u1ebft ki\u1ec7m m\u00e0 v\u1eabn \u0111\u1ea3m b\u1ea3o t\u00ednh th\u1ea9m m\u1ef9 v\u00e0 \u0111\u1ed9 b\u1ec1n l\u00e2u d\u00e0i. \u0110\u1ec3 ch\u1ecdn \u0111\u01b0\u1ee3c s\u1ea3n ph\u1ea9m \u01b0ng \u00fd, b\u1ea1n c\u1ea7n xem x\u00e9t ch\u1ea5t li\u1ec7u l\u00f5i g\u1ed7, \u0111\u1ed9 d\u00e0y v\u00e1n MDF, l\u1edbp ph\u1ee7 Melamine v\u00e0 ki\u1ec3u d\u00e1ng thi\u1ebft k\u1ebf \u0111\u1ec3 \u0111\u1ea3m b\u1ea3o ph\u00f9 h\u1ee3p v\u1edbi nhu c\u1ea7u v\u00e0 phong c\u00e1ch c\u1ee7a m\u00ecnh.<\/span><\/p>\n<h2 style=\"text-align: justify;\"><b>7. V\u00ec sao n\u00ean ch\u1ecdn gi\u01b0\u1eddng g\u1ed7 MDF 1m8 t\u1ea1i Nh\u1ea5t Nam?<\/b><\/h2>\n<p><img loading=\"lazy\" decoding=\"async\" class=\"aligncenter wp-image-6587 size-full\" src=\"https:\/\/nhatnam.org\/wp-content\/uploads\/2025\/04\/giuong_go_mdf_1m8-1.jpg\" alt=\"Gi\u01b0\u1eddng G\u1ed7 MDF 1M8\" width=\"1280\" height=\"960\" \/><\/p>\n<p style=\"text-align: justify;\"><b>Ch\u1ea5t l\u01b0\u1ee3ng v\u00e0 \u0111\u1ed9 b\u1ec1n cao<\/b><\/p>\n<p style=\"text-align: justify;\"><span style=\"font-weight: 400;\">Nh\u1ea5t Nam cung c\u1ea5p gi\u01b0\u1eddng g\u1ed7 MDF 1m8 \u0111\u01b0\u1ee3c s\u1ea3n xu\u1ea5t t\u1eeb ch\u1ea5t li\u1ec7u g\u1ed7 MDF cao c\u1ea5p, \u0111\u1ea3m b\u1ea3o \u0111\u1ed9 b\u1ec1n l\u00e2u d\u00e0i, ch\u1ed1ng cong v\u00eanh v\u00e0 m\u1ed1i m\u1ecdt. Gi\u01b0\u1eddng t\u1ea1i Nh\u1ea5t Nam kh\u00f4ng ch\u1ec9 \u0111\u1eb9p m\u00e0 c\u00f2n \u0111\u1ea3m b\u1ea3o ch\u1ea5t l\u01b0\u1ee3ng s\u1eed d\u1ee5ng l\u00e2u d\u00e0i.<\/span><\/p>\n<p style=\"text-align: justify;\"><b>Thi\u1ebft k\u1ebf hi\u1ec7n \u0111\u1ea1i v\u00e0 \u0111a d\u1ea1ng<\/b><\/p>\n<p style=\"text-align: justify;\"><span style=\"font-weight: 400;\">Nh\u1ea5t Nam cung c\u1ea5p gi\u01b0\u1eddng g\u1ed7 MDF 1m8 v\u1edbi thi\u1ebft k\u1ebf hi\u1ec7n \u0111\u1ea1i, tinh t\u1ebf v\u00e0 ph\u00f9 h\u1ee3p v\u1edbi m\u1ecdi phong c\u00e1ch n\u1ed9i th\u1ea5t. C\u00e1c s\u1ea3n ph\u1ea9m t\u1ea1i Nh\u1ea5t Nam kh\u00f4ng ch\u1ec9 \u0111\u00e1p \u1ee9ng nhu c\u1ea7u s\u1eed d\u1ee5ng l\u00e2u d\u00e0i m\u00e0 c\u00f2n gi\u1eef \u0111\u01b0\u1ee3c v\u1ebb \u0111\u1eb9p sang tr\u1ecdng.<\/span><\/p>\n<p style=\"text-align: justify;\"><b>Ch\u00ednh s\u00e1ch gi\u00e1 c\u1ea1nh tranh v\u00e0 b\u1ea3o h\u00e0nh d\u00e0i h\u1ea1n<\/b><\/p>\n<p style=\"text-align: justify;\"><span style=\"font-weight: 400;\">Gi\u01b0\u1eddng g\u1ed7 MDF 1m8 t\u1ea1i Nh\u1ea5t Nam c\u00f3 m\u1ee9c gi\u00e1 h\u1ee3p l\u00fd, c\u1ea1nh tranh tr\u00ean th\u1ecb tr\u01b0\u1eddng, \u0111\u1ed3ng th\u1eddi \u0111i k\u00e8m v\u1edbi ch\u1ebf \u0111\u1ed9 b\u1ea3o h\u00e0nh d\u00e0i h\u1ea1n, gi\u00fap b\u1ea1n y\u00ean t\u00e2m v\u1ec1 ch\u1ea5t l\u01b0\u1ee3ng s\u1ea3n ph\u1ea9m.<\/span><\/p>\n<p style=\"text-align: justify;\"><b>D\u1ecbch v\u1ee5 t\u01b0 v\u1ea5n v\u00e0 thi\u1ebft k\u1ebf ri\u00eang<\/b><\/p>\n<p style=\"text-align: justify;\"><span style=\"font-weight: 400;\">Nh\u1ea5t Nam cung c\u1ea5p d\u1ecbch v\u1ee5 t\u01b0 v\u1ea5n mi\u1ec5n ph\u00ed v\u00e0 h\u1ed7 tr\u1ee3 thi\u1ebft k\u1ebf s\u1ea3n ph\u1ea9m theo y\u00eau c\u1ea7u. \u0110\u1ed9i ng\u0169 chuy\u00ean gia s\u1ebd gi\u00fap b\u1ea1n l\u1ef1a ch\u1ecdn m\u1eabu gi\u01b0\u1eddng ph\u00f9 h\u1ee3p nh\u1ea5t v\u1edbi kh\u00f4ng gian v\u00e0 s\u1edf th\u00edch c\u1ee7a b\u1ea1n.<\/span><\/p>\n<p style=\"text-align: justify;\"><b>Giao h\u00e0ng nhanh ch\u00f3ng v\u00e0 l\u1eafp \u0111\u1eb7t t\u1eadn n\u01a1i<\/b><\/p>\n<p style=\"text-align: justify;\"><span style=\"font-weight: 400;\">Nh\u1ea5t Nam cam k\u1ebft giao h\u00e0ng nhanh ch\u00f3ng v\u00e0 mi\u1ec5n ph\u00ed, \u0111\u1ed3ng th\u1eddi cung c\u1ea5p d\u1ecbch v\u1ee5 l\u1eafp \u0111\u1eb7t t\u1eadn n\u01a1i, gi\u00fap b\u1ea1n ti\u1ebft ki\u1ec7m th\u1eddi gian v\u00e0 c\u00f4ng s\u1ee9c.<\/span><\/p>\n<p style=\"text-align: justify;\"><span style=\"font-weight: 400;\">Gi\u01b0\u1eddng g\u1ed7 MDF 1m8 l\u00e0 s\u1ef1 k\u1ebft h\u1ee3p ho\u00e0n h\u1ea3o gi\u1eefa thi\u1ebft k\u1ebf tinh t\u1ebf, \u0111\u1ed9 b\u1ec1n cao v\u00e0 gi\u00e1 th\u00e0nh h\u1ee3p l\u00fd. N\u1ebfu b\u1ea1n \u0111ang t\u00ecm ki\u1ebfm m\u1ed9t chi\u1ebfc gi\u01b0\u1eddng v\u1eeba \u0111\u00e1p \u1ee9ng nhu c\u1ea7u ngh\u1ec9 ng\u01a1i, v\u1eeba gi\u00fap n\u00e2ng cao th\u1ea9m m\u1ef9 cho ph\u00f2ng ng\u1ee7, gi\u01b0\u1eddng g\u1ed7 MDF 1m8 ch\u00ednh l\u00e0 s\u1ef1 l\u1ef1a ch\u1ecdn l\u00fd t\u01b0\u1edfng. H\u00e3y \u0111\u1ebfn Nh\u1ea5t Nam \u0111\u1ec3 kh\u00e1m ph\u00e1 th\u00eam nhi\u1ec1u m\u1eabu gi\u01b0\u1eddng \u0111\u1eb9p, ch\u1ea5t l\u01b0\u1ee3ng, v\u00e0 nh\u1eadn \u0111\u01b0\u1ee3c s\u1ef1 t\u01b0 v\u1ea5n t\u1eadn t\u00ecnh t\u1eeb \u0111\u1ed9i ng\u0169 chuy\u00ean gia.<\/span><\/p>\n","protected":false},"excerpt":{"rendered":"<p style=\"text-align: justify;\"><span style=\"font-weight: 400;\">Gi\u01b0\u1eddng g\u1ed7 MDF 1m8 kh\u00f4ng ch\u1ec9 l\u00e0 n\u01a1i \u0111\u1ec3 ngh\u1ec9 ng\u01a1i, m\u00e0 c\u00f2n l\u00e0 y\u1ebfu t\u1ed1 quan tr\u1ecdng g\u00f3p ph\u1ea7n t\u1ea1o n\u00ean v\u1ebb \u0111\u1eb9p v\u00e0 kh\u00f4ng gian th\u01b0 gi\u00e3n cho ph\u00f2ng ng\u1ee7 c\u1ee7a b\u1ea1n. V\u1edbi s\u1ef1 ph\u00e1t tri\u1ec3n c\u1ee7a ng\u00e0nh n\u1ed9i th\u1ea5t hi\u1ec7n nay, gi\u01b0\u1eddng g\u1ed7 MDF 1m8 \u0111ang tr\u1edf th\u00e0nh s\u1ef1 l\u1ef1a ch\u1ecdn ph\u1ed5 bi\u1ebfn c\u1ee7a nhi\u1ec1u gia \u0111\u00ecnh. S\u1ef1 k\u1ebft h\u1ee3p gi\u1eefa thi\u1ebft k\u1ebf tinh t\u1ebf, \u0111\u1ed9 b\u1ec1n v\u01b0\u1ee3t tr\u1ed9i v\u00e0 gi\u00e1 th\u00e0nh h\u1ee3p l\u00fd \u0111\u00e3 khi\u1ebfn gi\u01b0\u1eddng g\u1ed7 MDF 1m8 tr\u1edf th\u00e0nh s\u1ea3n ph\u1ea9m y\u00eau th\u00edch c\u1ee7a nhi\u1ec1u kh\u00e1ch h\u00e0ng. H\u00e3y c\u00f9ng kh\u00e1m ph\u00e1 nh\u1eefng l\u00fd do v\u00ec sao s\u1ea3n ph\u1ea9m n\u00e0y l\u1ea1i nh\u1eadn \u0111\u01b0\u1ee3c s\u1ef1 \u01b0a chu\u1ed9ng r\u1ed9ng r\u00e3i.<\/span><\/p>\n","protected":false},"featured_media":1849,"comment_status":"open","ping_status":"closed","template":"","meta":{"_acf_changed":false,"_gspb_post_css":""},"book-author":[],"product_brand":[],"product_cat":[127,104],"product_tag":[],"class_list":{"0":"post-1850","1":"product","2":"type-product","3":"status-publish","4":"has-post-thumbnail","6":"product_cat-giuong-ngu-go-mdf","7":"product_cat-noi-that-phong-ngu","9":"first","10":"instock","11":"shipping-taxable","12":"product-type-simple"},"acf":[],"_links":{"self":[{"href":"https:\/\/nhatnam.libion.me\/index.php\/wp-json\/wp\/v2\/product\/1850","targetHints":{"allow":["GET"]}}],"collection":[{"href":"https:\/\/nhatnam.libion.me\/index.php\/wp-json\/wp\/v2\/product"}],"about":[{"href":"https:\/\/nhatnam.libion.me\/index.php\/wp-json\/wp\/v2\/types\/product"}],"replies":[{"embeddable":true,"href":"https:\/\/nhatnam.libion.me\/index.php\/wp-json\/wp\/v2\/comments?post=1850"}],"wp:featuredmedia":[{"embeddable":true,"href":"https:\/\/nhatnam.libion.me\/index.php\/wp-json\/wp\/v2\/media\/1849"}],"wp:attachment":[{"href":"https:\/\/nhatnam.libion.me\/index.php\/wp-json\/wp\/v2\/media?parent=1850"}],"wp:term":[{"taxonomy":"book-author","embeddable":true,"href":"https:\/\/nhatnam.libion.me\/index.php\/wp-json\/wp\/v2\/book-author?post=1850"},{"taxonomy":"product_brand","embeddable":true,"href":"https:\/\/nhatnam.libion.me\/index.php\/wp-json\/wp\/v2\/product_brand?post=1850"},{"taxonomy":"product_cat","embeddable":true,"href":"https:\/\/nhatnam.libion.me\/index.php\/wp-json\/wp\/v2\/product_cat?post=1850"},{"taxonomy":"product_tag","embeddable":true,"href":"https:\/\/nhatnam.libion.me\/index.php\/wp-json\/wp\/v2\/product_tag?post=1850"}],"curies":[{"name":"wp","href":"https:\/\/api.w.org\/{rel}","templated":true}]}}