{"id":1833,"date":"2026-04-07T10:28:14","date_gmt":"2026-04-07T10:28:14","guid":{"rendered":"https:\/\/nhatnam.libion.me\/index.php\/product\/dao-bep-di-dong\/"},"modified":"2026-04-07T10:28:28","modified_gmt":"2026-04-07T10:28:28","slug":"dao-bep-di-dong","status":"publish","type":"product","link":"https:\/\/nhatnam.libion.me\/index.php\/product\/dao-bep-di-dong\/","title":{"rendered":"\u0110\u1ea3o B\u1ebfp Di \u0110\u1ed9ng"},"content":{"rendered":"<p style=\"text-align: justify;\"><span style=\"font-weight: 400;\">Trong kh\u00f4ng gian b\u1ebfp hi\u1ec7n \u0111\u1ea1i, \u0111\u1ea3o b\u1ebfp di \u0111\u1ed9ng ng\u00e0y c\u00e0ng tr\u1edf th\u00e0nh m\u1ed9t l\u1ef1a ch\u1ecdn ph\u1ed5 bi\u1ebfn nh\u1edd t\u00ednh linh ho\u1ea1t v\u00e0 kh\u1ea3 n\u0103ng t\u1ed1i \u01b0u h\u00f3a kh\u00f4ng gian. V\u1edbi thi\u1ebft k\u1ebf c\u00f3 th\u1ec3 di chuy\u1ec3n d\u1ec5 d\u00e0ng, \u0111\u1ea3o b\u1ebfp di \u0111\u1ed9ng kh\u00f4ng ch\u1ec9 gi\u00fap b\u1ebfp th\u00eam ti\u1ec7n nghi m\u00e0 c\u00f2n mang \u0111\u1ebfn s\u1ef1 sang tr\u1ecdng v\u00e0 hi\u1ec7n \u0111\u1ea1i cho ng\u00f4i nh\u00e0. H\u00e3y c\u00f9ng kh\u00e1m ph\u00e1 chi ti\u1ebft v\u1ec1 lo\u1ea1i \u0111\u1ea3o b\u1ebfp n\u00e0y, t\u1eeb \u01b0u \u0111i\u1ec3m, c\u1ea5u t\u1ea1o \u0111\u1ebfn c\u00e1c m\u1eabu \u0111\u1ea3o b\u1ebfp di \u0111\u1ed9ng ph\u1ed5 bi\u1ebfn tr\u00ean th\u1ecb tr\u01b0\u1eddng hi\u1ec7n nay.<\/span><\/p>\n<h2 style=\"text-align: justify;\"><b>1. Gi\u1edbi thi\u1ec7u v\u1ec1 \u0111\u1ea3o b\u1ebfp di \u0111\u1ed9ng\u00a0<\/b><\/h2>\n<figure id=\"attachment_6523\" aria-describedby=\"caption-attachment-6523\" style=\"width: 1280px\" class=\"wp-caption aligncenter\"><img loading=\"lazy\" decoding=\"async\" class=\"wp-image-6523 size-full\" src=\"https:\/\/nhatnam.org\/wp-content\/uploads\/2025\/04\/Dao_bep_di_dong12.jpg\" alt=\"\u0110\u1ea3o B\u1ebfp Di \u0110\u1ed9ng\" width=\"1280\" height=\"960\" \/><figcaption id=\"caption-attachment-6523\" class=\"wp-caption-text\">M\u1eabu \u0111\u1ea3o b\u1ebfp \u0111\u1eb9p k\u1ebft h\u1ee3p qu\u1ea7y bar<\/figcaption><\/figure>\n<p style=\"text-align: justify;\"><b>\u0110\u1ea3o b\u1ebfp di \u0111\u1ed9ng<\/b><span style=\"font-weight: 400;\"> l\u00e0 m\u1ed9t s\u1ea3n ph\u1ea9m n\u1ed9i th\u1ea5t thi\u1ebft k\u1ebf \u0111\u1eb7c bi\u1ec7t gi\u00fap t\u1ed1i \u01b0u h\u00f3a kh\u00f4ng gian b\u1ebfp. N\u00f3 c\u00f3 th\u1ec3 di chuy\u1ec3n d\u1ec5 d\u00e0ng, th\u01b0\u1eddng \u0111\u01b0\u1ee3c trang b\u1ecb b\u00e1nh xe ho\u1eb7c thi\u1ebft k\u1ebf nh\u1eb9 nh\u00e0ng, cho ph\u00e9p ng\u01b0\u1eddi d\u00f9ng thay \u0111\u1ed5i v\u1ecb tr\u00ed c\u1ee7a \u0111\u1ea3o b\u1ebfp t\u00f9y theo nhu c\u1ea7u s\u1eed d\u1ee5ng. \u0110\u00e2y l\u00e0 m\u1ed9t gi\u1ea3i ph\u00e1p l\u00fd t\u01b0\u1edfng cho c\u00e1c c\u0103n b\u1ebfp c\u00f3 di\u1ec7n t\u00edch h\u1ea1n ch\u1ebf ho\u1eb7c nh\u1eefng ai y\u00eau th\u00edch s\u1ef1 linh ho\u1ea1t trong thi\u1ebft k\u1ebf.<\/span><\/p>\n<p style=\"text-align: justify;\"><span style=\"font-weight: 400;\">Ngo\u00e0i vi\u1ec7c t\u1ea1o ra kh\u00f4ng gian l\u00e0m vi\u1ec7c th\u00eam ti\u1ec7n \u00edch, \u0111\u1ea3o b\u1ebfp di \u0111\u1ed9ng c\u00f2n l\u00e0 m\u00f3n \u0111\u1ed3 n\u1ed9i th\u1ea5t \u0111\u1ed9c \u0111\u00e1o, g\u00f3p ph\u1ea7n l\u00e0m t\u0103ng t\u00ednh th\u1ea9m m\u1ef9 cho kh\u00f4ng gian b\u1ebfp.<\/span><\/p>\n<h2 style=\"text-align: justify;\"><b>2. \u01afu \u0111i\u1ec3m c\u1ee7a \u0111\u1ea3o b\u1ebfp di \u0111\u1ed9ng<\/b><\/h2>\n<figure id=\"attachment_6525\" aria-describedby=\"caption-attachment-6525\" style=\"width: 1280px\" class=\"wp-caption aligncenter\"><img loading=\"lazy\" decoding=\"async\" class=\"wp-image-6525 size-full\" src=\"https:\/\/nhatnam.org\/wp-content\/uploads\/2025\/04\/Dao_bep_di_dong14.jpg\" alt=\"\u0110\u1ea3o B\u1ebfp Di \u0110\u1ed9ng\" width=\"1280\" height=\"960\" \/><figcaption id=\"caption-attachment-6525\" class=\"wp-caption-text\">M\u1eabu b\u00e0n \u0111\u1ea3o b\u1ebfp th\u00f4ng minh<span style=\"font-size: 16px;\">\u00a0<\/span><\/figcaption><\/figure>\n<p style=\"text-align: justify;\"><b>T\u00ednh linh ho\u1ea1t<\/b><\/p>\n<p style=\"text-align: justify;\"><span style=\"font-weight: 400;\">\u0110\u1ea3o b\u1ebfp di \u0111\u1ed9ng gi\u00fap kh\u00f4ng gian b\u1ebfp tr\u1edf n\u00ean linh ho\u1ea1t h\u01a1n bao gi\u1edd h\u1ebft. B\u1ea1n c\u00f3 th\u1ec3 d\u1ec5 d\u00e0ng di chuy\u1ec3n n\u00f3 \u0111\u1ebfn b\u1ea5t k\u1ef3 v\u1ecb tr\u00ed n\u00e0o trong b\u1ebfp, t\u00f9y thu\u1ed9c v\u00e0o nhu c\u1ea7u s\u1eed d\u1ee5ng. V\u00ed d\u1ee5, b\u1ea1n c\u00f3 th\u1ec3 di chuy\u1ec3n \u0111\u1ea3o b\u1ebfp v\u1ec1 g\u1ea7n khu v\u1ef1c n\u1ea5u n\u01b0\u1edbng khi c\u1ea7n chu\u1ea9n b\u1ecb th\u1ef1c ph\u1ea9m, ho\u1eb7c \u0111\u01b0a n\u00f3 sang m\u1ed9t g\u00f3c kh\u00e1c khi kh\u00f4ng s\u1eed d\u1ee5ng \u0111\u1ec3 ti\u1ebft ki\u1ec7m kh\u00f4ng gian.<\/span><\/p>\n<p style=\"text-align: justify;\"><b>Ti\u1ebft ki\u1ec7m kh\u00f4ng gian<\/b><\/p>\n<p style=\"text-align: justify;\"><span style=\"font-weight: 400;\">V\u1edbi thi\u1ebft k\u1ebf c\u00f3 th\u1ec3 di chuy\u1ec3n, \u0111\u1ea3o b\u1ebfp di \u0111\u1ed9ng r\u1ea5t ph\u00f9 h\u1ee3p v\u1edbi c\u00e1c c\u0103n b\u1ebfp c\u00f3 di\u1ec7n t\u00edch h\u1ea1n ch\u1ebf. B\u1ea1n c\u00f3 th\u1ec3 s\u1eed d\u1ee5ng \u0111\u1ea3o b\u1ebfp khi c\u1ea7n v\u00e0 c\u1ea5t g\u1ecdn v\u00e0o m\u1ed9t g\u00f3c khi kh\u00f4ng s\u1eed d\u1ee5ng, gi\u00fap kh\u00f4ng gian b\u1ebfp lu\u00f4n r\u1ed9ng r\u00e3i v\u00e0 g\u1ecdn g\u00e0ng.<\/span><\/p>\n<p style=\"text-align: justify;\"><b>\u0110a ch\u1ee9c n\u0103ng<\/b><\/p>\n<p style=\"text-align: justify;\"><span style=\"font-weight: 400;\">Kh\u00f4ng ch\u1ec9 l\u00e0 n\u01a1i \u0111\u1ec3 chu\u1ea9n b\u1ecb th\u1ef1c ph\u1ea9m, \u0111\u1ea3o b\u1ebfp di \u0111\u1ed9ng c\u00f3 th\u1ec3 \u0111\u01b0\u1ee3c s\u1eed d\u1ee5ng nh\u01b0 m\u1ed9t qu\u1ea7y bar nh\u1ecf, b\u00e0n \u0103n ph\u1ee5, ho\u1eb7c m\u1ed9t khu v\u1ef1c \u0111\u1ec3 l\u01b0u tr\u1eef c\u00e1c d\u1ee5ng c\u1ee5 nh\u00e0 b\u1ebfp. M\u1ed9t s\u1ed1 m\u1eabu \u0111\u1ea3o b\u1ebfp di \u0111\u1ed9ng c\u00f2n \u0111\u01b0\u1ee3c thi\u1ebft k\u1ebf th\u00eam ng\u0103n k\u00e9o, k\u1ec7 ho\u1eb7c th\u1eadm ch\u00ed c\u00f3 th\u1ec3 bi\u1ebfn th\u00e0nh m\u1ed9t b\u00e0n \u0103n nh\u1ecf cho gia \u0111\u00ecnh.<\/span><\/p>\n<p style=\"text-align: justify;\"><b>D\u1ec5 d\u00e0ng v\u1ec7 sinh<\/b><\/p>\n<p style=\"text-align: justify;\"><span style=\"font-weight: 400;\">V\u1edbi thi\u1ebft k\u1ebf \u0111\u01a1n gi\u1ea3n v\u00e0 d\u1ec5 d\u00e0ng di chuy\u1ec3n, vi\u1ec7c v\u1ec7 sinh \u0111\u1ea3o b\u1ebfp di \u0111\u1ed9ng tr\u1edf n\u00ean c\u1ef1c k\u1ef3 thu\u1eadn ti\u1ec7n. B\u1ea1n c\u00f3 th\u1ec3 lau ch\u00f9i b\u1ec1 m\u1eb7t v\u00e0 l\u00e0m s\u1ea1ch c\u00e1c ng\u00f3c ng\u00e1ch m\u1ed9t c\u00e1ch d\u1ec5 d\u00e0ng, \u0111\u1ea3m b\u1ea3o kh\u00f4ng gian b\u1ebfp lu\u00f4n s\u1ea1ch s\u1ebd.<\/span><\/p>\n<h2 style=\"text-align: justify;\"><b>3. C\u1ea5u t\u1ea1o c\u1ee7a \u0111\u1ea3o b\u1ebfp di \u0111\u1ed9ng<\/b><\/h2>\n<figure id=\"attachment_6524\" aria-describedby=\"caption-attachment-6524\" style=\"width: 1280px\" class=\"wp-caption aligncenter\"><img loading=\"lazy\" decoding=\"async\" class=\"wp-image-6524 size-full\" src=\"https:\/\/nhatnam.org\/wp-content\/uploads\/2025\/04\/Dao_bep_di_dong13.jpg\" alt=\"\u0110\u1ea3o B\u1ebfp Di \u0110\u1ed9ng\" width=\"1280\" height=\"960\" \/><figcaption id=\"caption-attachment-6524\" class=\"wp-caption-text\">M\u1eabu \u0111\u1ea3o b\u1ebfp \u0111\u1eb9p k\u1ebft h\u1ee3p \u0111\u00e8n LED<\/figcaption><\/figure>\n<p style=\"text-align: justify;\"><span style=\"font-weight: 400;\">\u0110\u1ea3o b\u1ebfp di \u0111\u1ed9ng th\u01b0\u1eddng c\u00f3 c\u1ea5u t\u1ea1o \u0111\u01a1n gi\u1ea3n nh\u01b0ng r\u1ea5t hi\u1ec7u qu\u1ea3, v\u1edbi c\u00e1c b\u1ed9 ph\u1eadn ch\u00ednh sau:<\/span><\/p>\n<ul style=\"text-align: justify;\">\n<li style=\"font-weight: 400;\" aria-level=\"1\"><b>Khung v\u00e0 n\u1ec1n:<\/b><span style=\"font-weight: 400;\"> Khung c\u1ee7a \u0111\u1ea3o b\u1ebfp di \u0111\u1ed9ng th\u01b0\u1eddng \u0111\u01b0\u1ee3c l\u00e0m t\u1eeb c\u00e1c v\u1eadt li\u1ec7u nh\u01b0 inox, g\u1ed7 c\u00f4ng nghi\u1ec7p ho\u1eb7c kim lo\u1ea1i s\u01a1n t\u0129nh \u0111i\u1ec7n \u0111\u1ec3 \u0111\u1ea3m b\u1ea3o \u0111\u1ed9 b\u1ec1n v\u00e0 kh\u1ea3 n\u0103ng ch\u1ecbu l\u1ef1c t\u1ed1t. N\u1ec1n c\u1ee7a \u0111\u1ea3o c\u00f3 th\u1ec3 l\u00e0 m\u1eb7t \u0111\u00e1, g\u1ed7, ho\u1eb7c th\u00e9p kh\u00f4ng g\u1ec9 t\u00f9y theo nhu c\u1ea7u v\u00e0 thi\u1ebft k\u1ebf.<\/span><\/li>\n<li style=\"font-weight: 400;\" aria-level=\"1\"><b>B\u00e1nh xe ho\u1eb7c ch\u00e2n \u0111\u1ebf:<\/b><span style=\"font-weight: 400;\"> B\u00e1nh xe l\u00e0 y\u1ebfu t\u1ed1 quan tr\u1ecdng gi\u00fap \u0111\u1ea3o b\u1ebfp di \u0111\u1ed9ng. B\u00e1nh xe th\u01b0\u1eddng \u0111\u01b0\u1ee3c l\u00e0m t\u1eeb ch\u1ea5t li\u1ec7u cao su ho\u1eb7c nh\u1ef1a ch\u1ecbu l\u1ef1c \u0111\u1ec3 d\u1ec5 d\u00e0ng di chuy\u1ec3n m\u00e0 kh\u00f4ng l\u00e0m h\u1ecfng m\u1eb7t s\u00e0n b\u1ebfp. M\u1ed9t s\u1ed1 m\u1eabu c\u00f2n trang b\u1ecb h\u1ec7 th\u1ed1ng kh\u00f3a b\u00e1nh xe, gi\u00fap c\u1ed1 \u0111\u1ecbnh \u0111\u1ea3o b\u1ebfp khi c\u1ea7n thi\u1ebft.<\/span><\/li>\n<li style=\"font-weight: 400;\" aria-level=\"1\"><b>B\u1ec1 m\u1eb7t l\u00e0m vi\u1ec7c:<\/b><span style=\"font-weight: 400;\"> B\u1ec1 m\u1eb7t \u0111\u1ea3o b\u1ebfp th\u01b0\u1eddng \u0111\u01b0\u1ee3c thi c\u00f4ng t\u1eeb nhi\u1ec1u v\u1eadt li\u1ec7u kh\u00e1c nhau nh\u01b0 g\u1ed7 t\u1ef1 nhi\u00ean, \u0111\u00e1 granite, \u0111\u00e1 marble ho\u1eb7c inox. Vi\u1ec7c l\u1ef1a ch\u1ecdn ch\u1ea5t li\u1ec7u ph\u1ee5 thu\u1ed9c v\u00e0o phong c\u00e1ch thi\u1ebft k\u1ebf c\u0169ng nh\u01b0 m\u1ee5c \u0111\u00edch s\u1eed d\u1ee5ng c\u1ee7a t\u1eebng gia \u0111\u00ecnh.<\/span><\/li>\n<li style=\"font-weight: 400;\" aria-level=\"1\"><b>Ng\u0103n k\u00e9o v\u00e0 k\u1ec7 l\u01b0u tr\u1eef:<\/b><span style=\"font-weight: 400;\"> M\u1ed9t s\u1ed1 \u0111\u1ea3o b\u1ebfp di \u0111\u1ed9ng c\u00f2n \u0111\u01b0\u1ee3c trang b\u1ecb c\u00e1c ng\u0103n k\u00e9o, t\u1ee7 ho\u1eb7c k\u1ec7 \u0111\u1ec3 l\u01b0u tr\u1eef \u0111\u1ed3 \u0111\u1ea1c, d\u1ee5ng c\u1ee5 b\u1ebfp, gi\u00fap t\u1ed1i \u01b0u h\u00f3a kh\u00f4ng gian l\u01b0u tr\u1eef cho c\u0103n b\u1ebfp.<\/span><\/li>\n<\/ul>\n<h2 style=\"text-align: justify;\"><b>4. C\u00e1c lo\u1ea1i \u0111\u1ea3o b\u1ebfp di \u0111\u1ed9ng ph\u1ed5 bi\u1ebfn<\/b><\/h2>\n<figure id=\"attachment_6522\" aria-describedby=\"caption-attachment-6522\" style=\"width: 1280px\" class=\"wp-caption aligncenter\"><img loading=\"lazy\" decoding=\"async\" class=\"wp-image-6522 size-full\" src=\"https:\/\/nhatnam.org\/wp-content\/uploads\/2025\/04\/Dao_bep_di_dong11.jpg\" alt=\"\u0110\u1ea3o B\u1ebfp Di \u0110\u1ed9ng\" width=\"1280\" height=\"960\" \/><figcaption id=\"caption-attachment-6522\" class=\"wp-caption-text\">M\u1eabu b\u00e0n \u0111\u1ea3o b\u1ebfp hi\u1ec7n \u0111\u1ea1i<\/figcaption><\/figure>\n<p style=\"text-align: justify;\"><span style=\"font-weight: 400;\">\u0110\u1ea3o b\u1ebfp di \u0111\u1ed9ng c\u00f3 nhi\u1ec1u ki\u1ec3u d\u00e1ng v\u00e0 ch\u1ee9c n\u0103ng kh\u00e1c nhau. D\u01b0\u1edbi \u0111\u00e2y l\u00e0 m\u1ed9t s\u1ed1 m\u1eabu \u0111\u1ea3o b\u1ebfp di \u0111\u1ed9ng ph\u1ed5 bi\u1ebfn:<\/span><\/p>\n<h4 style=\"text-align: justify;\"><b>\u0110\u1ea3o b\u1ebfp c\u00f3 b\u00e1nh xe<\/b><\/h4>\n<p style=\"text-align: justify;\"><span style=\"font-weight: 400;\">\u0110\u00e2y l\u00e0 m\u1eabu \u0111\u1ea3o b\u1ebfp di \u0111\u1ed9ng c\u01a1 b\u1ea3n, \u0111\u01b0\u1ee3c trang b\u1ecb b\u00e1nh xe \u0111\u1ec3 d\u1ec5 d\u00e0ng di chuy\u1ec3n. C\u00e1c m\u1eabu \u0111\u1ea3o b\u1ebfp n\u00e0y th\u01b0\u1eddng c\u00f3 k\u00edch th\u01b0\u1edbc nh\u1ecf g\u1ecdn, ph\u00f9 h\u1ee3p v\u1edbi nh\u1eefng c\u0103n b\u1ebfp c\u00f3 di\u1ec7n t\u00edch h\u1ea1n ch\u1ebf. B\u00e1nh xe c\u00f3 th\u1ec3 c\u00f3 kh\u00f3a \u0111\u1ec3 c\u1ed1 \u0111\u1ecbnh \u0111\u1ea3o khi c\u1ea7n.<\/span><\/p>\n<h4 style=\"text-align: justify;\"><b>\u0110\u1ea3o b\u1ebfp d\u1ea1ng t\u1ee7 k\u00e9o<\/b><\/h4>\n<p style=\"text-align: justify;\"><span style=\"font-weight: 400;\">\u0110\u1ea3o b\u1ebfp t\u1ee7 k\u00e9o th\u01b0\u1eddng c\u00f3 thi\u1ebft k\u1ebf nh\u01b0 m\u1ed9t chi\u1ebfc t\u1ee7 nh\u1ecf v\u1edbi c\u00e1c ng\u0103n k\u00e9o ho\u1eb7c c\u1eeda m\u1edf. Thi\u1ebft k\u1ebf n\u00e0y kh\u00f4ng ch\u1ec9 gi\u00fap l\u01b0u tr\u1eef \u0111\u1ed3 \u0111\u1ea1c m\u1ed9t c\u00e1ch ng\u0103n n\u1eafp m\u00e0 c\u00f2n c\u00f3 th\u1ec3 di chuy\u1ec3n d\u1ec5 d\u00e0ng nh\u1edd v\u00e0o h\u1ec7 th\u1ed1ng b\u00e1nh xe ho\u1eb7c ch\u00e2n \u0111\u1ebf.<\/span><\/p>\n<h4 style=\"text-align: justify;\"><b>\u0110\u1ea3o b\u1ebfp d\u1ea1ng b\u00e0n g\u1ea5p<\/b><\/h4>\n<p style=\"text-align: justify;\"><span style=\"font-weight: 400;\">\u0110\u1ea3o b\u1ebfp n\u00e0y c\u00f3 th\u1ec3 g\u1ea5p l\u1ea1i ho\u1eb7c m\u1edf r\u1ed9ng t\u00f9y theo nhu c\u1ea7u s\u1eed d\u1ee5ng. Thi\u1ebft k\u1ebf n\u00e0y r\u1ea5t ph\u00f9 h\u1ee3p v\u1edbi kh\u00f4ng gian b\u1ebfp nh\u1ecf, v\u00ec b\u1ea1n c\u00f3 th\u1ec3 g\u1ea5p g\u1ecdn l\u1ea1i khi kh\u00f4ng s\u1eed d\u1ee5ng \u0111\u1ec3 ti\u1ebft ki\u1ec7m di\u1ec7n t\u00edch.<\/span><\/p>\n<h4 style=\"text-align: justify;\"><b>\u0110\u1ea3o b\u1ebfp t\u00edch h\u1ee3p qu\u1ea7y bar<\/b><\/h4>\n<p style=\"text-align: justify;\"><span style=\"font-weight: 400;\">M\u1ed9t s\u1ed1 m\u1eabu \u0111\u1ea3o b\u1ebfp di \u0111\u1ed9ng \u0111\u01b0\u1ee3c thi\u1ebft k\u1ebf k\u1ebft h\u1ee3p v\u1edbi qu\u1ea7y bar nh\u1ecf. \u0110\u00e2y l\u00e0 l\u1ef1a ch\u1ecdn l\u00fd t\u01b0\u1edfng cho nh\u1eefng gia \u0111\u00ecnh c\u00f3 kh\u00f4ng gian b\u1ebfp r\u1ed9ng, v\u1eeba c\u00f3 th\u1ec3 l\u00e0m khu v\u1ef1c ch\u1ebf bi\u1ebfn, v\u1eeba l\u00e0 n\u01a1i t\u1ee5 t\u1eadp b\u1ea1n b\u00e8, gia \u0111\u00ecnh.<\/span><\/p>\n<h2 style=\"text-align: justify;\"><b>5. L\u01b0u \u00fd khi l\u1ef1a ch\u1ecdn \u0111\u1ea3o b\u1ebfp di \u0111\u1ed9ng<\/b><\/h2>\n<figure id=\"attachment_6521\" aria-describedby=\"caption-attachment-6521\" style=\"width: 1280px\" class=\"wp-caption aligncenter\"><img loading=\"lazy\" decoding=\"async\" class=\"wp-image-6521 size-full\" src=\"https:\/\/nhatnam.org\/wp-content\/uploads\/2025\/04\/Dao_bep_di_dong10.jpg\" alt=\"\u0110\u1ea3o B\u1ebfp Di \u0110\u1ed9ng\" width=\"1280\" height=\"960\" \/><figcaption id=\"caption-attachment-6521\" class=\"wp-caption-text\">M\u1eabu b\u00e0n \u0111\u1ea3o b\u1ebfp k\u1ebft h\u1ee3p b\u00e0n \u0103n<\/figcaption><\/figure>\n<p style=\"text-align: justify;\"><span style=\"font-weight: 400;\">Khi l\u1ef1a ch\u1ecdn \u0111\u1ea3o b\u1ebfp di \u0111\u1ed9ng, b\u1ea1n c\u1ea7n l\u01b0u \u00fd c\u00e1c y\u1ebfu t\u1ed1 sau:<\/span><\/p>\n<ul style=\"text-align: justify;\">\n<li style=\"font-weight: 400;\" aria-level=\"1\"><b>K\u00edch th\u01b0\u1edbc v\u00e0 t\u1ec9 l\u1ec7:<\/b><span style=\"font-weight: 400;\"> \u0110\u1ea3m b\u1ea3o \u0111\u1ea3o b\u1ebfp c\u00f3 k\u00edch th\u01b0\u1edbc ph\u00f9 h\u1ee3p v\u1edbi kh\u00f4ng gian b\u1ebfp c\u1ee7a b\u1ea1n. N\u1ebfu b\u1ebfp nh\u1ecf, n\u00ean ch\u1ecdn nh\u1eefng m\u1eabu \u0111\u1ea3o b\u1ebfp c\u00f3 thi\u1ebft k\u1ebf nh\u1ecf g\u1ecdn v\u00e0 c\u00f3 th\u1ec3 di chuy\u1ec3n d\u1ec5 d\u00e0ng.<\/span><\/li>\n<li style=\"font-weight: 400;\" aria-level=\"1\"><b>Ch\u1ea5t li\u1ec7u:<\/b><span style=\"font-weight: 400;\"> L\u1ef1a ch\u1ecdn ch\u1ea5t li\u1ec7u ph\u00f9 h\u1ee3p v\u1edbi phong c\u00e1ch c\u1ee7a b\u1ebfp v\u00e0 d\u1ec5 d\u00e0ng v\u1ec7 sinh. G\u1ed7 t\u1ef1 nhi\u00ean ho\u1eb7c inox l\u00e0 l\u1ef1a ch\u1ecdn ph\u1ed5 bi\u1ebfn v\u00ec t\u00ednh b\u1ec1n v\u1eefng v\u00e0 d\u1ec5 b\u1ea3o d\u01b0\u1ee1ng.<\/span><\/li>\n<li style=\"font-weight: 400;\" aria-level=\"1\"><b>Thi\u1ebft k\u1ebf v\u00e0 phong c\u00e1ch:<\/b><span style=\"font-weight: 400;\"> \u0110\u1ea3m b\u1ea3o thi\u1ebft k\u1ebf \u0111\u1ea3o b\u1ebfp ph\u00f9 h\u1ee3p v\u1edbi t\u1ed5ng th\u1ec3 kh\u00f4ng gian b\u1ebfp c\u1ee7a b\u1ea1n. Nh\u1eefng m\u1eabu \u0111\u1ea3o b\u1ebfp hi\u1ec7n \u0111\u1ea1i v\u1edbi c\u00e1c chi ti\u1ebft \u0111\u01a1n gi\u1ea3n s\u1ebd ph\u00f9 h\u1ee3p v\u1edbi kh\u00f4ng gian b\u1ebfp t\u1ed1i gi\u1ea3n, trong khi c\u00e1c m\u1eabu \u0111\u1ea3o b\u1ebfp c\u1ed5 \u0111i\u1ec3n s\u1ebd ph\u00f9 h\u1ee3p v\u1edbi nh\u1eefng c\u0103n b\u1ebfp mang phong c\u00e1ch truy\u1ec1n th\u1ed1ng.<\/span><\/li>\n<li style=\"font-weight: 400;\" aria-level=\"1\"><b>T\u00ednh n\u0103ng th\u00eam:<\/b><span style=\"font-weight: 400;\"> M\u1ed9t s\u1ed1 m\u1eabu \u0111\u1ea3o b\u1ebfp c\u00f2n c\u00f3 t\u00ednh n\u0103ng b\u1ed5 sung nh\u01b0 ng\u0103n k\u00e9o l\u01b0u tr\u1eef, gi\u00e1 \u0111\u1ee1 \u0111\u1ed3, ho\u1eb7c qu\u1ea7y bar. T\u00f9y v\u00e0o nhu c\u1ea7u c\u1ee7a gia \u0111\u00ecnh m\u00e0 b\u1ea1n c\u00f3 th\u1ec3 ch\u1ecdn c\u00e1c t\u00ednh n\u0103ng n\u00e0y \u0111\u1ec3 t\u0103ng t\u00ednh ti\u1ec7n d\u1ee5ng.<\/span><\/li>\n<\/ul>\n<h2 style=\"text-align: justify;\"><b>6. B\u1ea3ng gi\u00e1 m\u1eabu \u0111\u1ea3o b\u1ebfp di \u0111\u1ed9ng<\/b><\/h2>\n<p style=\"text-align: justify;\"><span style=\"font-weight: 400;\">Gi\u00e1 th\u00e0nh c\u1ee7a <\/span>\u0111\u1ea3o b\u1ebfp di \u0111\u1ed9ng<span style=\"font-weight: 400;\"> ph\u1ee5 thu\u1ed9c v\u00e0o ch\u1ea5t li\u1ec7u, k\u00edch th\u01b0\u1edbc v\u00e0 c\u00e1c t\u00ednh n\u0103ng \u0111i k\u00e8m. Trong khi c\u00e1c m\u1eabu c\u01a1 b\u1ea3n c\u00f3 m\u1ee9c gi\u00e1 ph\u1ea3i ch\u0103ng, nh\u1eefng thi\u1ebft k\u1ebf cao c\u1ea5p v\u1edbi ch\u1ea5t li\u1ec7u nh\u1eadp kh\u1ea9u ho\u1eb7c t\u00edch h\u1ee3p qu\u1ea7y bar s\u1ebd c\u00f3 chi ph\u00ed cao h\u01a1n.\u00a0<\/span><\/p>\n<p style=\"text-align: justify;\"><span style=\"font-weight: 400;\">\u0110\u1ec3 nh\u1eadn <\/span><b>b\u00e1o gi\u00e1 chi ti\u1ebft<\/b><span style=\"font-weight: 400;\"> v\u00e0 t\u01b0 v\u1ea5n m\u1eabu \u0111\u1ea3o b\u1ebfp ph\u00f9 h\u1ee3p, h\u00e3y li\u00ean h\u1ec7 ngay HOTLINE <\/span><b>\u00a00987 076 927<\/b> <b>Nh\u1ea5t Nam<\/b><span style=\"font-weight: 400;\"> \u2013 \u0111\u01a1n v\u1ecb uy t\u00edn trong thi\u1ebft k\u1ebf v\u00e0 cung c\u1ea5p \u0111\u1ea3o b\u1ebfp ch\u1ea5t l\u01b0\u1ee3ng cao.\u00a0<\/span><\/p>\n<h2 style=\"text-align: justify;\"><b>7. M\u1ed9t s\u1ed1 m\u1eabu \u0111\u1ea3o b\u1ebfp \u0111\u1eb9p<\/b><\/h2>\n<figure id=\"attachment_6520\" aria-describedby=\"caption-attachment-6520\" style=\"width: 1280px\" class=\"wp-caption aligncenter\"><img loading=\"lazy\" decoding=\"async\" class=\"wp-image-6520 size-full\" src=\"https:\/\/nhatnam.org\/wp-content\/uploads\/2025\/04\/Dao_bep_di_dong09.jpg\" alt=\"\u0110\u1ea3o b\u1ebfp di \u0111\u1ed9ng\" width=\"1280\" height=\"960\" \/><figcaption id=\"caption-attachment-6520\" class=\"wp-caption-text\">\u0110\u1ea3o b\u1ebfp ki\u1ec3u d\u00e1ng hi\u1ec7n \u0111\u1ea1i tich h\u1ee3p b\u00e0n \u0103n<\/figcaption><\/figure>\n<figure id=\"attachment_6519\" aria-describedby=\"caption-attachment-6519\" style=\"width: 1280px\" class=\"wp-caption aligncenter\"><img loading=\"lazy\" decoding=\"async\" class=\"wp-image-6519 size-full\" src=\"https:\/\/nhatnam.org\/wp-content\/uploads\/2025\/04\/Dao_bep_di_dong08.jpg\" alt=\"\u0110\u1ea3o b\u1ebfp di \u0111\u1ed9ng \" width=\"1280\" height=\"960\" \/><figcaption id=\"caption-attachment-6519\" class=\"wp-caption-text\">\u0110\u1ea3o b\u1ebfp di \u0111\u1ed9ng \u0111a n\u0103ng ki\u1ec3u Nh\u1eadt<\/figcaption><\/figure>\n<figure id=\"attachment_6518\" aria-describedby=\"caption-attachment-6518\" style=\"width: 1280px\" class=\"wp-caption aligncenter\"><img loading=\"lazy\" decoding=\"async\" class=\"wp-image-6518 size-full\" src=\"https:\/\/nhatnam.org\/wp-content\/uploads\/2025\/04\/Dao_bep_di_dong07.jpg\" alt=\" \u0110\u1ea3o b\u1ebfp di \u0111\u1ed9ng\" width=\"1280\" height=\"960\" \/><figcaption id=\"caption-attachment-6518\" class=\"wp-caption-text\">Thi\u1ebft k\u1ebf \u0111\u1ea3o b\u1ebfp k\u1ebft h\u1ee3p b\u1ebfp n\u1ea5u<\/figcaption><\/figure>\n<figure id=\"attachment_6517\" aria-describedby=\"caption-attachment-6517\" style=\"width: 1280px\" class=\"wp-caption aligncenter\"><img loading=\"lazy\" decoding=\"async\" class=\"wp-image-6517 size-full\" src=\"https:\/\/nhatnam.org\/wp-content\/uploads\/2025\/04\/Dao_bep_di_dong06.jpg\" alt=\"\" width=\"1280\" height=\"960\" \/><figcaption id=\"caption-attachment-6517\" class=\"wp-caption-text\">\u0110\u1ea3o b\u1ebfp m\u1eb7t b\u00e0n b\u1eb1ng g\u1ed7 c\u00f4ng nghi\u1ec7p ph\u1ee7 melamine v\u00e2n g\u1ed7 sang tr\u1ecdng.<\/figcaption><\/figure>\n<p style=\"text-align: justify;\"><span style=\"font-weight: 400;\">\u0110\u1ea3o b\u1ebfp di \u0111\u1ed9ng l\u00e0 m\u1ed9t gi\u1ea3i ph\u00e1p tuy\u1ec7t v\u1eddi cho nh\u1eefng ai mu\u1ed1n t\u1ed1i \u01b0u h\u00f3a kh\u00f4ng gian b\u1ebfp v\u00e0 n\u00e2ng cao t\u00ednh linh ho\u1ea1t trong vi\u1ec7c s\u1eed d\u1ee5ng. V\u1edbi thi\u1ebft k\u1ebf d\u1ec5 d\u00e0ng di chuy\u1ec3n, t\u00ednh \u0111a ch\u1ee9c n\u0103ng v\u00e0 kh\u1ea3 n\u0103ng ti\u1ebft ki\u1ec7m kh\u00f4ng gian, \u0111\u1ea3o b\u1ebfp di \u0111\u1ed9ng ng\u00e0y c\u00e0ng \u0111\u01b0\u1ee3c y\u00eau th\u00edch trong c\u00e1c kh\u00f4ng gian b\u1ebfp hi\u1ec7n \u0111\u1ea1i. Tuy nhi\u00ean, khi l\u1ef1a ch\u1ecdn v\u00e0 thi\u1ebft k\u1ebf \u0111\u1ea3o b\u1ebfp di \u0111\u1ed9ng, b\u1ea1n c\u1ea7n ch\u00fa \u00fd \u0111\u1ebfn k\u00edch th\u01b0\u1edbc, ch\u1ea5t li\u1ec7u, v\u00e0 c\u00e1c t\u00ednh n\u0103ng b\u1ed5 sung \u0111\u1ec3 ph\u00f9 h\u1ee3p v\u1edbi nhu c\u1ea7u v\u00e0 phong c\u00e1ch c\u1ee7a gia \u0111\u00ecnh.<\/span><\/p>\n<p style=\"text-align: justify;\"><span style=\"font-weight: 400;\">N\u1ebfu b\u1ea1n \u0111ang t\u00ecm ki\u1ebfm m\u1ed9t \u0111\u1ea3o b\u1ebfp di \u0111\u1ed9ng ho\u00e0n h\u1ea3o cho kh\u00f4ng gian b\u1ebfp c\u1ee7a m\u00ecnh, h\u00e3y c\u00e2n nh\u1eafc c\u00e1c y\u1ebfu t\u1ed1 tr\u00ean v\u00e0 l\u1ef1a ch\u1ecdn s\u1ea3n ph\u1ea9m ph\u00f9 h\u1ee3p nh\u1ea5t!<\/span><\/p>\n","protected":false},"excerpt":{"rendered":"<p style=\"text-align: justify;\"><span style=\"font-weight: 400;\">Trong kh\u00f4ng gian b\u1ebfp hi\u1ec7n \u0111\u1ea1i, \u0111\u1ea3o b\u1ebfp di \u0111\u1ed9ng ng\u00e0y c\u00e0ng tr\u1edf th\u00e0nh m\u1ed9t l\u1ef1a ch\u1ecdn ph\u1ed5 bi\u1ebfn nh\u1edd t\u00ednh linh ho\u1ea1t v\u00e0 kh\u1ea3 n\u0103ng t\u1ed1i \u01b0u h\u00f3a kh\u00f4ng gian. V\u1edbi thi\u1ebft k\u1ebf c\u00f3 th\u1ec3 di chuy\u1ec3n d\u1ec5 d\u00e0ng, \u0111\u1ea3o b\u1ebfp di \u0111\u1ed9ng kh\u00f4ng ch\u1ec9 gi\u00fap b\u1ebfp th\u00eam ti\u1ec7n nghi m\u00e0 c\u00f2n mang \u0111\u1ebfn s\u1ef1 sang tr\u1ecdng v\u00e0 hi\u1ec7n \u0111\u1ea1i cho ng\u00f4i nh\u00e0. H\u00e3y c\u00f9ng kh\u00e1m ph\u00e1 chi ti\u1ebft v\u1ec1 lo\u1ea1i \u0111\u1ea3o b\u1ebfp n\u00e0y, t\u1eeb \u01b0u \u0111i\u1ec3m, c\u1ea5u t\u1ea1o \u0111\u1ebfn c\u00e1c m\u1eabu \u0111\u1ea3o b\u1ebfp di \u0111\u1ed9ng ph\u1ed5 bi\u1ebfn tr\u00ean th\u1ecb tr\u01b0\u1eddng hi\u1ec7n nay.<\/span><\/p>\n","protected":false},"featured_media":1832,"comment_status":"open","ping_status":"closed","template":"","meta":{"_acf_changed":false,"_gspb_post_css":""},"book-author":[],"product_brand":[],"product_cat":[123,124,128],"product_tag":[],"class_list":{"0":"post-1833","1":"product","2":"type-product","3":"status-publish","4":"has-post-thumbnail","6":"product_cat-ban-an-dao-bep","7":"product_cat-dao-bep-inox","8":"product_cat-dao-bep-nhom","10":"first","11":"instock","12":"shipping-taxable","13":"product-type-simple"},"acf":[],"_links":{"self":[{"href":"https:\/\/nhatnam.libion.me\/index.php\/wp-json\/wp\/v2\/product\/1833","targetHints":{"allow":["GET"]}}],"collection":[{"href":"https:\/\/nhatnam.libion.me\/index.php\/wp-json\/wp\/v2\/product"}],"about":[{"href":"https:\/\/nhatnam.libion.me\/index.php\/wp-json\/wp\/v2\/types\/product"}],"replies":[{"embeddable":true,"href":"https:\/\/nhatnam.libion.me\/index.php\/wp-json\/wp\/v2\/comments?post=1833"}],"wp:featuredmedia":[{"embeddable":true,"href":"https:\/\/nhatnam.libion.me\/index.php\/wp-json\/wp\/v2\/media\/1832"}],"wp:attachment":[{"href":"https:\/\/nhatnam.libion.me\/index.php\/wp-json\/wp\/v2\/media?parent=1833"}],"wp:term":[{"taxonomy":"book-author","embeddable":true,"href":"https:\/\/nhatnam.libion.me\/index.php\/wp-json\/wp\/v2\/book-author?post=1833"},{"taxonomy":"product_brand","embeddable":true,"href":"https:\/\/nhatnam.libion.me\/index.php\/wp-json\/wp\/v2\/product_brand?post=1833"},{"taxonomy":"product_cat","embeddable":true,"href":"https:\/\/nhatnam.libion.me\/index.php\/wp-json\/wp\/v2\/product_cat?post=1833"},{"taxonomy":"product_tag","embeddable":true,"href":"https:\/\/nhatnam.libion.me\/index.php\/wp-json\/wp\/v2\/product_tag?post=1833"}],"curies":[{"name":"wp","href":"https:\/\/api.w.org\/{rel}","templated":true}]}}