{"id":1826,"date":"2026-04-07T10:27:55","date_gmt":"2026-04-07T10:27:55","guid":{"rendered":"https:\/\/nhatnam.libion.me\/index.php\/product\/dao-bep-inox-ket-hop-mat-da\/"},"modified":"2026-04-07T10:28:11","modified_gmt":"2026-04-07T10:28:11","slug":"dao-bep-inox-ket-hop-mat-da","status":"publish","type":"product","link":"https:\/\/nhatnam.libion.me\/index.php\/product\/dao-bep-inox-ket-hop-mat-da\/","title":{"rendered":"\u0110\u1ea3o B\u1ebfp Inox K\u1ebft H\u1ee3p M\u1eb7t \u0110\u00e1"},"content":{"rendered":"<p style=\"text-align: justify;\"><span style=\"font-weight: 400;\">Kh\u00f4ng gian b\u1ebfp hi\u1ec7n \u0111\u1ea1i kh\u00f4ng ch\u1ec9 \u0111\u01a1n thu\u1ea7n l\u00e0 n\u01a1i \u0111\u1ec3 ch\u1ebf bi\u1ebfn m\u00f3n \u0103n m\u00e0 c\u00f2n l\u00e0 m\u1ed9t ph\u1ea7n quan tr\u1ecdng trong t\u1ed5ng th\u1ec3 n\u1ed9i th\u1ea5t c\u1ee7a ng\u00f4i nh\u00e0. \u0110\u1eb7c bi\u1ec7t, \u0111\u1ea3o b\u1ebfp Inox k\u1ebft h\u1ee3p m\u1eb7t \u0111\u00e1 \u0111\u00e3 tr\u1edf th\u00e0nh m\u1ed9t l\u1ef1a ch\u1ecdn ph\u1ed5 bi\u1ebfn trong c\u00e1c c\u0103n b\u1ebfp cao c\u1ea5p hi\u1ec7n nay. Vi\u1ec7c k\u1ebft h\u1ee3p gi\u1eefa inox v\u00e0 m\u1eb7t \u0111\u00e1 kh\u00f4ng ch\u1ec9 n\u00e2ng cao t\u00ednh th\u1ea9m m\u1ef9 cho kh\u00f4ng gian m\u00e0 c\u00f2n mang \u0111\u1ebfn nh\u1eefng l\u1ee3i \u00edch v\u01b0\u1ee3t tr\u1ed9i v\u1ec1 \u0111\u1ed9 b\u1ec1n, t\u00ednh n\u0103ng s\u1eed d\u1ee5ng, v\u00e0 d\u1ec5 d\u00e0ng v\u1ec7 sinh. B\u00e0i vi\u1ebft n\u00e0y s\u1ebd gi\u00fap b\u1ea1n hi\u1ec3u r\u00f5 h\u01a1n v\u1ec1 \u01b0u \u0111i\u1ec3m, c\u00e1c lo\u1ea1i m\u1eb7t \u0111\u00e1 ph\u1ed5 bi\u1ebfn, c\u0169ng nh\u01b0 nh\u1eefng l\u01b0u \u00fd quan tr\u1ecdng khi thi\u1ebft k\u1ebf \u0111\u1ea3o b\u1ebfp inox k\u1ebft h\u1ee3p m\u1eb7t \u0111\u00e1.<\/span><\/p>\n<h2 style=\"text-align: justify;\"><b>1. Gi\u1edbi thi\u1ec7u v\u1ec1 \u0111\u1ea3o b\u1ebfp Inox k\u1ebft h\u1ee3p m\u1eb7t \u0111\u00e1<br \/>\n<\/b><\/h2>\n<figure id=\"attachment_6502\" aria-describedby=\"caption-attachment-6502\" style=\"width: 1280px\" class=\"wp-caption aligncenter\"><img loading=\"lazy\" decoding=\"async\" class=\"wp-image-6502 size-full\" src=\"https:\/\/nhatnam.org\/wp-content\/uploads\/2025\/04\/Dao-bep-inox-_mat-da-4.jpg\" alt=\"\u0110\u1ea3o B\u1ebfp Inox K\u1ebft H\u1ee3p M\u1eb7t \u0110\u00e1\" width=\"1280\" height=\"960\" \/><figcaption id=\"caption-attachment-6502\" class=\"wp-caption-text\">M\u1eabu \u0111\u1ea3o b\u1ebfp Inox k\u1ebft h\u1ee3p m\u1eb7t \u0111\u00e1 \u0111\u1eb9p<\/figcaption><\/figure>\n<p style=\"text-align: justify;\"><span style=\"font-weight: 400;\">\u0110\u1ea3o b\u1ebfp l\u00e0 m\u1ed9t y\u1ebfu t\u1ed1 quan tr\u1ecdng trong thi\u1ebft k\u1ebf b\u1ebfp hi\u1ec7n \u0111\u1ea1i, mang \u0111\u1ebfn kh\u00f4ng gian m\u1edf v\u00e0 s\u1ef1 ti\u1ec7n nghi cho ng\u01b0\u1eddi s\u1eed d\u1ee5ng. Khi k\u1ebft h\u1ee3p inox v\u00e0 m\u1eb7t \u0111\u00e1, \u0111\u1ea3o b\u1ebfp kh\u00f4ng ch\u1ec9 tr\u1edf th\u00e0nh m\u1ed9t c\u00f4ng c\u1ee5 h\u1eefu \u00edch trong vi\u1ec7c ch\u1ebf bi\u1ebfn m\u00f3n \u0103n m\u00e0 c\u00f2n g\u00f3p ph\u1ea7n l\u00e0m n\u1ed5i b\u1eadt kh\u00f4ng gian b\u1ebfp v\u1edbi v\u1ebb \u0111\u1eb9p sang tr\u1ecdng v\u00e0 hi\u1ec7n \u0111\u1ea1i.<\/span><\/p>\n<p style=\"text-align: justify;\"><span style=\"font-weight: 400;\">Inox l\u00e0 v\u1eadt li\u1ec7u c\u00f3 kh\u1ea3 n\u0103ng ch\u1ed1ng g\u1ec9 s\u00e9t, \u0111\u1ed9 b\u1ec1n cao v\u00e0 d\u1ec5 d\u00e0ng v\u1ec7 sinh, trong khi \u0111\u00f3, m\u1eb7t \u0111\u00e1 l\u1ea1i mang \u0111\u1ebfn s\u1ef1 sang tr\u1ecdng v\u00e0 \u0111\u1ed9c \u0111\u00e1o. Khi k\u1ebft h\u1ee3p hai y\u1ebfu t\u1ed1 n\u00e0y, b\u1ea1n s\u1ebd c\u00f3 m\u1ed9t chi\u1ebfc \u0111\u1ea3o b\u1ebfp kh\u00f4ng ch\u1ec9 b\u1ec1n b\u1ec9 m\u00e0 c\u00f2n r\u1ea5t d\u1ec5 ch\u0103m s\u00f3c, \u0111\u1ed3ng th\u1eddi g\u00f3p ph\u1ea7n t\u00f4n vinh v\u1ebb \u0111\u1eb9p t\u1ed5ng th\u1ec3 c\u1ee7a c\u0103n b\u1ebfp.<\/span><\/p>\n<h2 style=\"text-align: justify;\"><b>2. \u01afu \u0111i\u1ec3m c\u1ee7a \u0111\u1ea3o b\u1ebfp Inox k\u1ebft h\u1ee3p m\u1eb7t \u0111\u00e1<\/b><\/h2>\n<figure id=\"attachment_6504\" aria-describedby=\"caption-attachment-6504\" style=\"width: 1280px\" class=\"wp-caption aligncenter\"><img loading=\"lazy\" decoding=\"async\" class=\"wp-image-6504 size-full\" src=\"https:\/\/nhatnam.org\/wp-content\/uploads\/2025\/04\/Dao-bep-inox-_mat-da-6.jpg\" alt=\"\u0110\u1ea3o B\u1ebfp Inox K\u1ebft H\u1ee3p M\u1eb7t \u0110\u00e1\" width=\"1280\" height=\"960\" \/><figcaption id=\"caption-attachment-6504\" class=\"wp-caption-text\">M\u1eabu b\u00e0n \u0111\u1ea3o b\u1ebfp Inox m\u1eb7t \u0111\u00e1 \u0111\u1eb9p<span style=\"font-size: 16px;\">\u00a0<\/span><\/figcaption><\/figure>\n<h4 style=\"text-align: justify;\"><b>\u0110\u1ed9 b\u1ec1n v\u00e0 kh\u1ea3 n\u0103ng ch\u1ed1ng ch\u1ecbu<\/b><\/h4>\n<p style=\"text-align: justify;\"><span style=\"font-weight: 400;\">M\u1ed9t trong nh\u1eefng l\u00fd do ch\u00ednh khi\u1ebfn \u0111\u1ea3o b\u1ebfp Inox k\u1ebft h\u1ee3p m\u1eb7t \u0111\u00e1 \u0111\u01b0\u1ee3c \u01b0a chu\u1ed9ng l\u00e0 \u0111\u1ed9 b\u1ec1n v\u01b0\u1ee3t tr\u1ed9i c\u1ee7a hai v\u1eadt li\u1ec7u n\u00e0y. Inox, v\u1edbi t\u00ednh n\u0103ng ch\u1ed1ng g\u1ec9 s\u00e9t v\u00e0 ch\u1ecbu nhi\u1ec7t t\u1ed1t, \u0111\u1ea3m b\u1ea3o r\u1eb1ng \u0111\u1ea3o b\u1ebfp c\u1ee7a b\u1ea1n s\u1ebd kh\u00f4ng b\u1ecb \u1ea3nh h\u01b0\u1edfng b\u1edfi nhi\u1ec7t \u0111\u1ed9 cao, \u0111\u1ed9 \u1ea9m hay c\u00e1c y\u1ebfu t\u1ed1 t\u1eeb m\u00f4i tr\u01b0\u1eddng b\u1ebfp. M\u1eb7t \u0111\u00e1, \u0111\u1eb7c bi\u1ec7t l\u00e0 c\u00e1c lo\u1ea1i \u0111\u00e1 t\u1ef1 nhi\u00ean nh\u01b0 granite hay marble, c\u00f3 kh\u1ea3 n\u0103ng ch\u1ed1ng tr\u1ea7y x\u01b0\u1edbc v\u00e0 \u0111\u1ed9 b\u1ec1n cao, gi\u00fap b\u1ea3o v\u1ec7 b\u1ec1 m\u1eb7t \u0111\u1ea3o b\u1ebfp kh\u1ecfi nh\u1eefng t\u00e1c \u0111\u1ed9ng m\u1ea1nh.<\/span><\/p>\n<p style=\"text-align: justify;\"><span style=\"font-weight: 400;\">V\u1edbi s\u1ef1 k\u1ebft h\u1ee3p n\u00e0y, b\u1ea1n kh\u00f4ng c\u1ea7n ph\u1ea3i lo l\u1eafng v\u1ec1 vi\u1ec7c thay th\u1ebf hay s\u1eeda ch\u1eefa \u0111\u1ea3o b\u1ebfp trong m\u1ed9t th\u1eddi gian d\u00e0i, v\u00ec ch\u1ea5t li\u1ec7u inox v\u00e0 \u0111\u00e1 \u0111\u1ec1u c\u00f3 tu\u1ed5i th\u1ecd cao, mang l\u1ea1i gi\u00e1 tr\u1ecb s\u1eed d\u1ee5ng l\u00e2u d\u00e0i.<\/span><\/p>\n<h4 style=\"text-align: justify;\"><b>D\u1ec5 d\u00e0ng v\u1ec7 sinh<\/b><\/h4>\n<p style=\"text-align: justify;\"><span style=\"font-weight: 400;\">B\u1ebfp l\u00e0 n\u01a1i th\u01b0\u1eddng xuy\u00ean ti\u1ebfp x\u00fac v\u1edbi d\u1ea7u m\u1ee1, th\u1ee9c \u0103n, v\u00e0 c\u00e1c ch\u1ea5t b\u1ea9n kh\u00e1c, v\u00ec v\u1eady vi\u1ec7c v\u1ec7 sinh l\u00e0 m\u1ed9t y\u1ebfu t\u1ed1 quan tr\u1ecdng c\u1ea7n \u0111\u01b0\u1ee3c ch\u00fa \u00fd. \u0110\u1ea3o b\u1ebfp Inox k\u1ebft h\u1ee3p m\u1eb7t \u0111\u00e1 mang \u0111\u1ebfn s\u1ef1 ti\u1ec7n l\u1ee3i t\u1ed1i \u0111a trong vi\u1ec7c v\u1ec7 sinh. B\u1ec1 m\u1eb7t inox m\u1ecbn m\u00e0ng, kh\u00f4ng b\u00e1m d\u00ednh d\u1ea7u m\u1ee1 v\u00e0 d\u1ec5 d\u00e0ng lau ch\u00f9i ch\u1ec9 v\u1edbi m\u1ed9t kh\u0103n \u1ea9m. M\u1eb7t \u0111\u00e1, \u0111\u1eb7c bi\u1ec7t l\u00e0 \u0111\u00e1 granite hay quartz, c\u0169ng c\u00f3 kh\u1ea3 n\u0103ng ch\u1ed1ng th\u1ea5m t\u1ed1t, gi\u00fap b\u1ea1n d\u1ec5 d\u00e0ng v\u1ec7 sinh m\u00e0 kh\u00f4ng lo b\u1ecb \u1ed1 m\u00e0u hay b\u00e1m b\u1ea9n.<\/span><\/p>\n<h4 style=\"text-align: justify;\"><b>T\u00ednh th\u1ea9m m\u1ef9 cao<\/b><\/h4>\n<p style=\"text-align: justify;\"><span style=\"font-weight: 400;\">Kh\u00f4ng th\u1ec3 ph\u1ee7 nh\u1eadn r\u1eb1ng s\u1ef1 k\u1ebft h\u1ee3p gi\u1eefa inox s\u00e1ng b\u00f3ng v\u00e0 m\u1eb7t \u0111\u00e1 t\u1ef1 nhi\u00ean t\u1ea1o n\u00ean m\u1ed9t v\u1ebb \u0111\u1eb9p sang tr\u1ecdng, hi\u1ec7n \u0111\u1ea1i v\u00e0 cu\u1ed1n h\u00fat. \u0110\u1ea3o b\u1ebfp Inox k\u1ebft h\u1ee3p m\u1eb7t \u0111\u00e1 c\u00f3 th\u1ec3 t\u1ea1o n\u00ean \u0111i\u1ec3m nh\u1ea5n n\u1ed5i b\u1eadt trong kh\u00f4ng gian b\u1ebfp, l\u00e0m cho c\u0103n b\u1ebfp tr\u1edf n\u00ean thanh l\u1ecbch v\u00e0 tinh t\u1ebf h\u01a1n. T\u00f9y v\u00e0o s\u1edf th\u00edch v\u00e0 phong c\u00e1ch c\u1ee7a gia ch\u1ee7, b\u1ea1n c\u00f3 th\u1ec3 l\u1ef1a ch\u1ecdn m\u00e0u s\u1eafc v\u00e0 v\u00e2n \u0111\u00e1 ph\u00f9 h\u1ee3p \u0111\u1ec3 t\u1ea1o s\u1ef1 h\u00f2a h\u1ee3p v\u1edbi t\u1ed5ng th\u1ec3 thi\u1ebft k\u1ebf n\u1ed9i th\u1ea5t c\u1ee7a c\u0103n b\u1ebfp.<\/span><\/p>\n<p style=\"text-align: justify;\"><span style=\"font-weight: 400;\">Ngo\u00e0i ra, s\u1ef1 \u0111a d\u1ea1ng v\u1ec1 ki\u1ec3u d\u00e1ng v\u00e0 m\u00e0u s\u1eafc c\u1ee7a inox v\u00e0 \u0111\u00e1 c\u0169ng cho ph\u00e9p b\u1ea1n linh ho\u1ea1t trong vi\u1ec7c l\u1ef1a ch\u1ecdn s\u1ea3n ph\u1ea9m ph\u00f9 h\u1ee3p v\u1edbi kh\u00f4ng gian b\u1ebfp c\u1ee7a m\u00ecnh.<\/span><\/p>\n<h2 style=\"text-align: justify;\"><b>3. C\u00e1c lo\u1ea1i m\u1eb7t \u0111\u00e1 ph\u1ed5 bi\u1ebfn cho \u0111\u1ea3o b\u1ebfp Inox<\/b><\/h2>\n<figure id=\"attachment_6499\" aria-describedby=\"caption-attachment-6499\" style=\"width: 1280px\" class=\"wp-caption aligncenter\"><img loading=\"lazy\" decoding=\"async\" class=\"wp-image-6499 size-full\" src=\"https:\/\/nhatnam.org\/wp-content\/uploads\/2025\/04\/Dao-bep-inox-_mat-da-1.jpg\" alt=\"\u0110\u1ea3o B\u1ebfp Inox K\u1ebft H\u1ee3p M\u1eb7t \u0110\u00e1\" width=\"1280\" height=\"960\" \/><figcaption id=\"caption-attachment-6499\" class=\"wp-caption-text\">Thi\u1ebft k\u1ebf b\u00e0n \u0111\u1ea3o b\u1ebfp m\u1eb7t \u0111\u00e1 granite<\/figcaption><\/figure>\n<p style=\"text-align: justify;\"><span style=\"font-weight: 400;\">M\u1eb7t \u0111\u00e1 l\u00e0 m\u1ed9t ph\u1ea7n kh\u00f4ng th\u1ec3 thi\u1ebfu trong thi\u1ebft k\u1ebf \u0111\u1ea3o b\u1ebfp Inox, v\u00e0 m\u1ed7i lo\u1ea1i \u0111\u00e1 c\u00f3 nh\u1eefng \u01b0u \u0111i\u1ec3m ri\u00eang. D\u01b0\u1edbi \u0111\u00e2y l\u00e0 c\u00e1c lo\u1ea1i \u0111\u00e1 ph\u1ed5 bi\u1ebfn th\u01b0\u1eddng \u0111\u01b0\u1ee3c s\u1eed d\u1ee5ng cho \u0111\u1ea3o b\u1ebfp Inox:<\/span><\/p>\n<h4 style=\"text-align: justify;\"><b>M\u1eb7t \u0111\u00e1 granite<\/b><\/h4>\n<p style=\"text-align: justify;\"><span style=\"font-weight: 400;\">\u0110\u00e1 granite, hay c\u00f2n g\u1ecdi l\u00e0 \u0111\u00e1 hoa c\u01b0\u01a1ng, l\u00e0 lo\u1ea1i \u0111\u00e1 t\u1ef1 nhi\u00ean \u0111\u01b0\u1ee3c \u01b0a chu\u1ed9ng trong thi\u1ebft k\u1ebf n\u1ed9i th\u1ea5t nh\u1edd v\u00e0o t\u00ednh b\u1ec1n v\u1eefng v\u00e0 v\u1ebb \u0111\u1eb9p t\u1ef1 nhi\u00ean. M\u1eb7t \u0111\u00e1 granite c\u00f3 \u0111\u1ed9 c\u1ee9ng r\u1ea5t cao, ch\u1ed1ng x\u01b0\u1edbc v\u00e0 ch\u1ecbu \u0111\u01b0\u1ee3c nhi\u1ec7t \u0111\u1ed9 cao. Ngo\u00e0i ra, \u0111\u00e1 granite c\u00f2n c\u00f3 kh\u1ea3 n\u0103ng ch\u1ed1ng th\u1ea5m n\u01b0\u1edbc, gi\u00fap b\u1ec1 m\u1eb7t lu\u00f4n s\u1ea1ch s\u1ebd v\u00e0 kh\u00f4ng b\u1ecb \u1ed1 v\u00e0ng.<\/span><\/p>\n<p style=\"text-align: justify;\"><span style=\"font-weight: 400;\">V\u1edbi m\u00e0u s\u1eafc \u0111a d\u1ea1ng t\u1eeb \u0111en, tr\u1eafng, x\u00e1m \u0111\u1ebfn c\u00e1c t\u00f4ng m\u00e0u \u1ea5m, granite d\u1ec5 d\u00e0ng ph\u1ed1i h\u1ee3p v\u1edbi inox v\u00e0 mang \u0111\u1ebfn m\u1ed9t t\u1ed5ng th\u1ec3 h\u00e0i h\u00f2a v\u00e0 sang tr\u1ecdng.<\/span><\/p>\n<h4 style=\"text-align: justify;\"><b>M\u1eb7t \u0111\u00e1 marble<\/b><\/h4>\n<p style=\"text-align: justify;\"><span style=\"font-weight: 400;\">Marble (\u0111\u00e1 c\u1ea9m th\u1ea1ch) l\u00e0 lo\u1ea1i \u0111\u00e1 t\u1ef1 nhi\u00ean n\u1ed5i b\u1eadt v\u1edbi v\u00e2n \u0111\u00e1 \u0111\u1eb9p m\u1eaft v\u00e0 v\u1ebb \u0111\u1eb9p qu\u00fd ph\u00e1i. Tuy nhi\u00ean, so v\u1edbi granite, marble d\u1ec5 b\u1ecb tr\u1ea7y x\u01b0\u1edbc h\u01a1n v\u00e0 c\u00f3 th\u1ec3 b\u1ecb \u1ea3nh h\u01b0\u1edfng b\u1edfi m\u1ed9t s\u1ed1 ch\u1ea5t \u0103n m\u00f2n nh\u01b0 axit. M\u1eb7c d\u00f9 v\u1eady, \u0111\u00e1 marble v\u1eabn \u0111\u01b0\u1ee3c nhi\u1ec1u gia ch\u1ee7 y\u00eau th\u00edch nh\u1edd v\u00e0o v\u1ebb \u0111\u1eb9p tinh t\u1ebf v\u00e0 kh\u1ea3 n\u0103ng t\u1ea1o \u0111i\u1ec3m nh\u1ea5n cho kh\u00f4ng gian b\u1ebfp.<\/span><\/p>\n<h4 style=\"text-align: justify;\"><b>M\u1eb7t \u0111\u00e1 nh\u00e2n t\u1ea1o (Quartz)<\/b><\/h4>\n<p style=\"text-align: justify;\"><span style=\"font-weight: 400;\">\u0110\u00e1 nh\u00e2n t\u1ea1o, \u0111\u1eb7c bi\u1ec7t l\u00e0 \u0111\u00e1 quartz, l\u00e0 m\u1ed9t l\u1ef1a ch\u1ecdn tuy\u1ec7t v\u1eddi cho \u0111\u1ea3o b\u1ebfp khi b\u1ea1n mu\u1ed1n c\u00f3 m\u1ed9t b\u1ec1 m\u1eb7t \u0111\u1eb9p m\u1eaft v\u00e0 b\u1ec1n v\u1eefng. Quartz \u0111\u01b0\u1ee3c t\u1ea1o ra t\u1eeb h\u1ed7n h\u1ee3p \u0111\u00e1 t\u1ef1 nhi\u00ean v\u00e0 nh\u1ef1a, mang l\u1ea1i kh\u1ea3 n\u0103ng ch\u1ed1ng b\u00e1m b\u1ea9n v\u00e0 ch\u1ed1ng th\u1ea5m tuy\u1ec7t v\u1eddi. \u0110\u1eb7c bi\u1ec7t, \u0111\u00e1 quartz c\u00f3 m\u00e0u s\u1eafc v\u00e0 v\u00e2n \u0111\u00e1 \u0111a d\u1ea1ng, d\u1ec5 d\u00e0ng ph\u1ed1i h\u1ee3p v\u1edbi c\u00e1c lo\u1ea1i inox kh\u00e1c nhau.<\/span><\/p>\n<h2 style=\"text-align: justify;\"><b>4. L\u01b0u \u00fd khi thi\u1ebft k\u1ebf \u0111\u1ea3o b\u1ebfp Inox k\u1ebft h\u1ee3p m\u1eb7t \u0111\u00e1<\/b><\/h2>\n<figure id=\"attachment_6503\" aria-describedby=\"caption-attachment-6503\" style=\"width: 1280px\" class=\"wp-caption aligncenter\"><img loading=\"lazy\" decoding=\"async\" class=\"wp-image-6503 size-full\" src=\"https:\/\/nhatnam.org\/wp-content\/uploads\/2025\/04\/Dao-bep-inox-_mat-da-5.jpg\" alt=\"\u0110\u1ea3o B\u1ebfp Inox K\u1ebft H\u1ee3p M\u1eb7t \u0110\u00e1\" width=\"1280\" height=\"960\" \/><figcaption id=\"caption-attachment-6503\" class=\"wp-caption-text\">M\u1eabu \u0111\u1ea3o b\u1ebfp Inox k\u1ebft h\u1ee3p m\u1eb7t \u0111\u00e1 hi\u1ec7n \u0111\u1ea1i<\/figcaption><\/figure>\n<h4 style=\"text-align: justify;\"><b>K\u00edch th\u01b0\u1edbc v\u00e0 b\u1ed1 tr\u00ed<\/b><\/h4>\n<p style=\"text-align: justify;\"><span style=\"font-weight: 400;\">Tr\u01b0\u1edbc khi quy\u1ebft \u0111\u1ecbnh thi\u1ebft k\u1ebf \u0111\u1ea3o b\u1ebfp Inox k\u1ebft h\u1ee3p m\u1eb7t \u0111\u00e1, b\u1ea1n c\u1ea7n t\u00ednh to\u00e1n k\u1ef9 l\u01b0\u1ee1ng k\u00edch th\u01b0\u1edbc c\u1ee7a \u0111\u1ea3o b\u1ebfp sao cho ph\u00f9 h\u1ee3p v\u1edbi kh\u00f4ng gian b\u1ebfp. \u0110\u1ea3o b\u1ebfp c\u1ea7n \u0111\u01b0\u1ee3c thi\u1ebft k\u1ebf sao cho thu\u1eadn ti\u1ec7n cho c\u00f4ng vi\u1ec7c n\u1ea5u n\u01b0\u1edbng, \u0111\u1ed3ng th\u1eddi kh\u00f4ng chi\u1ebfm qu\u00e1 nhi\u1ec1u di\u1ec7n t\u00edch, t\u1ea1o c\u1ea3m gi\u00e1c tho\u00e1ng \u0111\u00e3ng cho kh\u00f4ng gian.<\/span><\/p>\n<p style=\"text-align: justify;\"><span style=\"font-weight: 400;\">B\u00ean c\u1ea1nh \u0111\u00f3, b\u1ea1n c\u0169ng c\u1ea7n c\u00e2n nh\u1eafc v\u1ec1 v\u1ecb tr\u00ed c\u1ee7a \u0111\u1ea3o b\u1ebfp sao cho thu\u1eadn ti\u1ec7n trong vi\u1ec7c di chuy\u1ec3n v\u00e0 s\u1eed d\u1ee5ng. \u0110\u1ea3o b\u1ebfp kh\u00f4ng n\u00ean c\u1ea3n tr\u1edf l\u1ed1i \u0111i ho\u1eb7c l\u00e0m m\u1ea5t \u0111i s\u1ef1 ti\u1ec7n l\u1ee3i c\u1ee7a kh\u00f4ng gian b\u1ebfp.<\/span><\/p>\n<h4 style=\"text-align: justify;\"><b>Ph\u1ed1i h\u1ee3p m\u00e0u s\u1eafc<\/b><\/h4>\n<p style=\"text-align: justify;\"><span style=\"font-weight: 400;\">M\u00e0u s\u1eafc c\u1ee7a inox v\u00e0 m\u1eb7t \u0111\u00e1 c\u1ea7n \u0111\u01b0\u1ee3c l\u1ef1a ch\u1ecdn sao cho h\u00e0i h\u00f2a v\u1edbi t\u1ed5ng th\u1ec3 kh\u00f4ng gian b\u1ebfp. N\u1ebfu b\u1ebfp c\u1ee7a b\u1ea1n c\u00f3 t\u00f4ng m\u00e0u trung t\u00ednh, inox s\u00e1ng b\u00f3ng k\u1ebft h\u1ee3p v\u1edbi \u0111\u00e1 granite m\u00e0u \u0111en ho\u1eb7c x\u00e1m s\u1ebd t\u1ea1o n\u00ean m\u1ed9t v\u1ebb \u0111\u1eb9p sang tr\u1ecdng, hi\u1ec7n \u0111\u1ea1i. Ng\u01b0\u1ee3c l\u1ea1i, n\u1ebfu kh\u00f4ng gian b\u1ebfp c\u1ee7a b\u1ea1n c\u00f3 m\u00e0u s\u1eafc \u1ea5m, \u0111\u00e1 marble v\u1edbi c\u00e1c v\u00e2n tr\u1eafng ho\u1eb7c v\u00e0ng c\u00f3 th\u1ec3 l\u00e0 l\u1ef1a ch\u1ecdn ph\u00f9 h\u1ee3p.<\/span><\/p>\n<h4 style=\"text-align: justify;\"><b>Ch\u1ecdn \u0111\u01a1n v\u1ecb thi c\u00f4ng uy t\u00edn<\/b><\/h4>\n<p style=\"text-align: justify;\"><span style=\"font-weight: 400;\">\u0110\u1ec3 \u0111\u1ea3m b\u1ea3o ch\u1ea5t l\u01b0\u1ee3ng v\u00e0 \u0111\u1ed9 b\u1ec1n c\u1ee7a \u0111\u1ea3o b\u1ebfp Inox k\u1ebft h\u1ee3p m\u1eb7t \u0111\u00e1, vi\u1ec7c ch\u1ecdn l\u1ef1a \u0111\u01a1n v\u1ecb thi c\u00f4ng uy t\u00edn l\u00e0 r\u1ea5t quan tr\u1ecdng. B\u1ea1n n\u00ean l\u1ef1a ch\u1ecdn nh\u1eefng \u0111\u01a1n v\u1ecb c\u00f3 kinh nghi\u1ec7m trong vi\u1ec7c thi c\u00f4ng n\u1ed9i th\u1ea5t, \u0111\u1eb7c bi\u1ec7t l\u00e0 c\u00e1c lo\u1ea1i \u0111\u1ea3o b\u1ebfp, \u0111\u1ec3 \u0111\u1ea3m b\u1ea3o s\u1ea3n ph\u1ea9m ho\u00e0n thi\u1ec7n \u0111\u00fang ti\u00eau chu\u1ea9n v\u00e0 \u0111\u1ea1t ch\u1ea5t l\u01b0\u1ee3ng t\u1ed1i \u01b0u.<\/span><\/p>\n<h2 style=\"text-align: justify;\"><b>5. Nh\u1ea5t Nam \u2013 \u0110\u01a1n v\u1ecb chuy\u00ean thi\u1ebft k\u1ebf v\u00e0 thi c\u00f4ng \u0111\u1ea3o b\u1ebfp Inox k\u1ebft h\u1ee3p m\u1eb7t \u0111\u00e1 uy t\u00edn<\/b><\/h2>\n<figure id=\"attachment_5838\" aria-describedby=\"caption-attachment-5838\" style=\"width: 1280px\" class=\"wp-caption aligncenter\"><img loading=\"lazy\" decoding=\"async\" class=\"wp-image-5838 size-full\" src=\"https:\/\/nhatnam.org\/wp-content\/uploads\/2025\/03\/C.-Nhung-sxld-5.jpg\" alt=\"\u0110\u1ea3o B\u1ebfp Inox K\u1ebft H\u1ee3p M\u1eb7t \u0110\u00e1\" width=\"1280\" height=\"964\" \/><figcaption id=\"caption-attachment-5838\" class=\"wp-caption-text\">Nh\u1ea5t Nam &#8211; \u0110\u1ecba ch\u1ec9 thi\u1ebft k\u1ebf b\u00e0n \u0111\u1ea3o b\u1ebfp m\u1eb7t \u0111\u00e1 uy t\u00edn th\u1ecb tr\u01b0\u1eddng<\/figcaption><\/figure>\n<p style=\"text-align: justify;\"><span style=\"font-weight: 400;\">N\u1ebfu b\u1ea1n \u0111ang t\u00ecm ki\u1ebfm m\u1ed9t \u0111\u01a1n v\u1ecb chuy\u00ean thi\u1ebft k\u1ebf v\u00e0 thi c\u00f4ng \u0111\u1ea3o b\u1ebfp Inox k\u1ebft h\u1ee3p m\u1eb7t \u0111\u00e1 uy t\u00edn, <\/span><b>Nh\u1ea5t Nam<\/b><span style=\"font-weight: 400;\"> ch\u00ednh l\u00e0 l\u1ef1a ch\u1ecdn \u0111\u00e1ng tin c\u1eady. V\u1edbi nhi\u1ec1u n\u0103m kinh nghi\u1ec7m trong ng\u00e0nh thi\u1ebft k\u1ebf n\u1ed9i th\u1ea5t v\u00e0 thi c\u00f4ng b\u1ebfp, Nh\u1ea5t Nam \u0111\u00e3 th\u1ef1c hi\u1ec7n h\u00e0ng ngh\u00ecn c\u00f4ng tr\u00ecnh l\u1edbn nh\u1ecf, mang \u0111\u1ebfn kh\u00f4ng gian b\u1ebfp hi\u1ec7n \u0111\u1ea1i v\u00e0 sang tr\u1ecdng cho nhi\u1ec1u gia \u0111\u00ecnh.<\/span><\/p>\n<h4 style=\"text-align: justify;\"><b>T\u1ea1i sao n\u00ean ch\u1ecdn Nh\u1ea5t Nam?<\/b><\/h4>\n<ul>\n<li><b>\u0110\u1ed9i ng\u0169 k\u1ef9 thu\u1eadt c\u00f3 tay ngh\u1ec1:<\/b><span style=\"font-weight: 400;\"> Nh\u1ea5t Nam s\u1edf h\u1eefu \u0111\u1ed9i ng\u0169 ki\u1ebfn tr\u00fac s\u01b0 v\u00e0 th\u1ee3 thi c\u00f4ng c\u00f3 tay ngh\u1ec1 cao, am hi\u1ec3u v\u1ec1 c\u00e1c v\u1eadt li\u1ec7u inox v\u00e0 \u0111\u00e1, gi\u00fap thi\u1ebft k\u1ebf \u0111\u1ea3o b\u1ebfp v\u1edbi s\u1ef1 tinh t\u1ebf v\u00e0 \u0111\u1ed9 b\u1ec1n v\u01b0\u1ee3t tr\u1ed9i.<\/span><\/li>\n<li><b>Thi\u1ebft k\u1ebf t\u00f9y ch\u1ec9nh theo nhu c\u1ea7u:<\/b><span style=\"font-weight: 400;\"> Nh\u1ea5t Nam cung c\u1ea5p d\u1ecbch v\u1ee5 thi\u1ebft k\u1ebf \u0111\u1ea3o b\u1ebfp theo y\u00eau c\u1ea7u, gi\u00fap b\u1ea1n c\u00f3 \u0111\u01b0\u1ee3c m\u1ed9t kh\u00f4ng gian b\u1ebfp v\u1eeba ph\u00f9 h\u1ee3p v\u1edbi s\u1edf th\u00edch, v\u1eeba t\u1ed1i \u01b0u v\u1ec1 c\u00f4ng n\u0103ng s\u1eed d\u1ee5ng. D\u00f9 l\u00e0 phong c\u00e1ch hi\u1ec7n \u0111\u1ea1i, c\u1ed5 \u0111i\u1ec3n hay t\u1ed1i gi\u1ea3n, \u0111\u1ed9i ng\u0169 c\u1ee7a Nh\u1ea5t Nam s\u1ebd mang \u0111\u1ebfn gi\u1ea3i ph\u00e1p thi\u1ebft k\u1ebf ho\u00e0n h\u1ea3o.<\/span><\/li>\n<li><b>Ch\u1ea5t li\u1ec7u cao c\u1ea5p:<\/b><span style=\"font-weight: 400;\"> \u0110\u01a1n v\u1ecb s\u1eed d\u1ee5ng inox ch\u1ea5t l\u01b0\u1ee3ng cao, k\u1ebft h\u1ee3p v\u1edbi c\u00e1c lo\u1ea1i \u0111\u00e1 t\u1ef1 nhi\u00ean v\u00e0 \u0111\u00e1 nh\u00e2n t\u1ea1o nh\u1eadp kh\u1ea9u \u0111\u1ec3 \u0111\u1ea3m b\u1ea3o ch\u1ea5t l\u01b0\u1ee3ng b\u1ec1n v\u1eefng theo th\u1eddi gian, d\u1ec5 d\u00e0ng v\u1ec7 sinh v\u00e0 duy tr\u00ec v\u1ebb \u0111\u1eb9p l\u00e2u d\u00e0i.<\/span><\/li>\n<li><b>D\u1ecbch v\u1ee5 h\u1eadu m\u00e3i:<\/b><span style=\"font-weight: 400;\"> Nh\u1ea5t Nam cam k\u1ebft mang \u0111\u1ebfn d\u1ecbch v\u1ee5 h\u1eadu m\u00e3i t\u1ed1t nh\u1ea5t, \u0111\u1ea3m b\u1ea3o b\u1ea3o tr\u00ec, s\u1eeda ch\u1eefa n\u1ebfu c\u1ea7n thi\u1ebft v\u00e0 lu\u00f4n h\u1ed7 tr\u1ee3 kh\u00e1ch h\u00e0ng trong su\u1ed1t qu\u00e1 tr\u00ecnh s\u1eed d\u1ee5ng.<\/span><\/li>\n<li><b>Gi\u00e1 c\u1ea3 h\u1ee3p l\u00fd:<\/b><span style=\"font-weight: 400;\"> M\u1eb7c d\u00f9 cung c\u1ea5p c\u00e1c s\u1ea3n ph\u1ea9m v\u00e0 d\u1ecbch v\u1ee5 cao c\u1ea5p, Nh\u1ea5t Nam lu\u00f4n cam k\u1ebft mang \u0111\u1ebfn m\u1ee9c gi\u00e1 c\u1ea1nh tranh v\u00e0 h\u1ee3p l\u00fd, gi\u00fap b\u1ea1n ti\u1ebft ki\u1ec7m chi ph\u00ed m\u00e0 v\u1eabn s\u1edf h\u1eefu s\u1ea3n ph\u1ea9m ch\u1ea5t l\u01b0\u1ee3ng.<\/span><span style=\"font-weight: 400;\"><br \/>\n<\/span><\/li>\n<\/ul>\n<h4 style=\"text-align: justify;\"><b>Li\u00ean h\u1ec7 Nh\u1ea5t Nam \u0111\u1ec3 s\u1edf h\u1eefu \u0111\u1ea3o b\u1ebfp Inox k\u1ebft h\u1ee3p m\u1eb7t \u0111\u00e1 ho\u00e0n h\u1ea3o<\/b><\/h4>\n<p style=\"text-align: justify;\"><span style=\"font-weight: 400;\">V\u1edbi nh\u1eefng \u01b0u \u0111i\u1ec3m v\u01b0\u1ee3t tr\u1ed9i v\u00e0 uy t\u00edn l\u00e2u n\u0103m trong ng\u00e0nh, <\/span><b>Nh\u1ea5t Nam<\/b><span style=\"font-weight: 400;\"> l\u00e0 \u0111\u01a1n v\u1ecb m\u00e0 b\u1ea1n kh\u00f4ng th\u1ec3 b\u1ecf qua khi mu\u1ed1n s\u1edf h\u1eefu m\u1ed9t m\u1eabu \u0111\u1ea3o b\u1ebfp Inox k\u1ebft h\u1ee3p m\u1eb7t \u0111\u00e1 \u0111\u1eb3ng c\u1ea5p cho kh\u00f4ng gian b\u1ebfp c\u1ee7a m\u00ecnh. Li\u00ean h\u1ec7 v\u1edbi Nh\u1ea5t Nam ngay h\u00f4m nay \u0111\u1ec3 \u0111\u01b0\u1ee3c t\u01b0 v\u1ea5n thi\u1ebft k\u1ebf v\u00e0 thi c\u00f4ng \u0111\u1ea3o b\u1ebfp v\u1edbi ch\u1ea5t l\u01b0\u1ee3ng tuy\u1ec7t v\u1eddi nh\u1ea5t!<\/span><\/p>\n","protected":false},"excerpt":{"rendered":"<p style=\"text-align: justify;\"><span style=\"font-weight: 400;\">Kh\u00f4ng gian b\u1ebfp hi\u1ec7n \u0111\u1ea1i kh\u00f4ng ch\u1ec9 \u0111\u01a1n thu\u1ea7n l\u00e0 n\u01a1i \u0111\u1ec3 ch\u1ebf bi\u1ebfn m\u00f3n \u0103n m\u00e0 c\u00f2n l\u00e0 m\u1ed9t ph\u1ea7n quan tr\u1ecdng trong t\u1ed5ng th\u1ec3 n\u1ed9i th\u1ea5t c\u1ee7a ng\u00f4i nh\u00e0. \u0110\u1eb7c bi\u1ec7t, \u0111\u1ea3o b\u1ebfp Inox k\u1ebft h\u1ee3p m\u1eb7t \u0111\u00e1 \u0111\u00e3 tr\u1edf th\u00e0nh m\u1ed9t l\u1ef1a ch\u1ecdn ph\u1ed5 bi\u1ebfn trong c\u00e1c c\u0103n b\u1ebfp cao c\u1ea5p hi\u1ec7n nay. Vi\u1ec7c k\u1ebft h\u1ee3p gi\u1eefa inox v\u00e0 m\u1eb7t \u0111\u00e1 kh\u00f4ng ch\u1ec9 n\u00e2ng cao t\u00ednh th\u1ea9m m\u1ef9 cho kh\u00f4ng gian m\u00e0 c\u00f2n mang \u0111\u1ebfn nh\u1eefng l\u1ee3i \u00edch v\u01b0\u1ee3t tr\u1ed9i v\u1ec1 \u0111\u1ed9 b\u1ec1n, t\u00ednh n\u0103ng s\u1eed d\u1ee5ng, v\u00e0 d\u1ec5 d\u00e0ng v\u1ec7 sinh<\/span><\/p>\n","protected":false},"featured_media":1825,"comment_status":"open","ping_status":"closed","template":"","meta":{"_acf_changed":false,"_gspb_post_css":""},"book-author":[],"product_brand":[],"product_cat":[123,124],"product_tag":[],"class_list":{"0":"post-1826","1":"product","2":"type-product","3":"status-publish","4":"has-post-thumbnail","6":"product_cat-ban-an-dao-bep","7":"product_cat-dao-bep-inox","9":"first","10":"instock","11":"shipping-taxable","12":"product-type-simple"},"acf":[],"_links":{"self":[{"href":"https:\/\/nhatnam.libion.me\/index.php\/wp-json\/wp\/v2\/product\/1826","targetHints":{"allow":["GET"]}}],"collection":[{"href":"https:\/\/nhatnam.libion.me\/index.php\/wp-json\/wp\/v2\/product"}],"about":[{"href":"https:\/\/nhatnam.libion.me\/index.php\/wp-json\/wp\/v2\/types\/product"}],"replies":[{"embeddable":true,"href":"https:\/\/nhatnam.libion.me\/index.php\/wp-json\/wp\/v2\/comments?post=1826"}],"wp:featuredmedia":[{"embeddable":true,"href":"https:\/\/nhatnam.libion.me\/index.php\/wp-json\/wp\/v2\/media\/1825"}],"wp:attachment":[{"href":"https:\/\/nhatnam.libion.me\/index.php\/wp-json\/wp\/v2\/media?parent=1826"}],"wp:term":[{"taxonomy":"book-author","embeddable":true,"href":"https:\/\/nhatnam.libion.me\/index.php\/wp-json\/wp\/v2\/book-author?post=1826"},{"taxonomy":"product_brand","embeddable":true,"href":"https:\/\/nhatnam.libion.me\/index.php\/wp-json\/wp\/v2\/product_brand?post=1826"},{"taxonomy":"product_cat","embeddable":true,"href":"https:\/\/nhatnam.libion.me\/index.php\/wp-json\/wp\/v2\/product_cat?post=1826"},{"taxonomy":"product_tag","embeddable":true,"href":"https:\/\/nhatnam.libion.me\/index.php\/wp-json\/wp\/v2\/product_tag?post=1826"}],"curies":[{"name":"wp","href":"https:\/\/api.w.org\/{rel}","templated":true}]}}