{"id":1816,"date":"2026-04-07T10:27:01","date_gmt":"2026-04-07T10:27:01","guid":{"rendered":"https:\/\/nhatnam.libion.me\/index.php\/product\/ban-dao-bep-roi-inox-304\/"},"modified":"2026-04-07T10:27:51","modified_gmt":"2026-04-07T10:27:51","slug":"ban-dao-bep-roi-inox-304","status":"publish","type":"product","link":"https:\/\/nhatnam.libion.me\/index.php\/product\/ban-dao-bep-roi-inox-304\/","title":{"rendered":"B\u00e0n \u0110\u1ea3o B\u1ebfp R\u1eddi Inox 304\u00a0"},"content":{"rendered":"<p style=\"text-align: justify;\"><span style=\"font-weight: 400;\"><a href=\"https:\/\/nhatnam.org\/san-pham\/ban-dao-bep-roi-inox-304\/\" target=\"_blank\" rel=\"noopener\">B\u00e0n \u0111\u1ea3o b\u1ebfp r\u1eddi Inox 304<\/a> l\u00e0 m\u1ed9t trong nh\u1eefng l\u1ef1a ch\u1ecdn t\u1ed1i \u01b0u cho kh\u00f4ng gian b\u1ebfp hi\u1ec7n \u0111\u1ea1i. V\u1edbi t\u00ednh linh ho\u1ea1t, \u0111\u1ed9 b\u1ec1n cao v\u00e0 kh\u1ea3 n\u0103ng ch\u1ed1ng \u0103n m\u00f2n tuy\u1ec7t \u0111\u1ed1i, lo\u1ea1i b\u00e0n \u0111\u1ea3o n\u00e0y gi\u00fap ng\u01b0\u1eddi d\u00f9ng t\u1eadn d\u1ee5ng t\u1ed1i \u0111a kh\u00f4ng gian b\u1ebfp m\u00e0 v\u1eabn \u0111\u1ea3m b\u1ea3o s\u1ef1 sang tr\u1ecdng v\u00e0 ti\u1ec7n nghi. Kh\u00f4ng ch\u1ec9 v\u1eady, b\u00e0n \u0111\u1ea3o b\u1ebfp Inox 304 c\u00f2n d\u1ec5 d\u00e0ng k\u1ebft h\u1ee3p v\u1edbi c\u00e1c phong c\u00e1ch thi\u1ebft k\u1ebf kh\u00e1c nhau, t\u1eeb hi\u1ec7n \u0111\u1ea1i, t\u1ed1i gi\u1ea3n \u0111\u1ebfn sang tr\u1ecdng v\u00e0 c\u1ed5 \u0111i\u1ec3n. N\u1ebfu b\u1ea1n \u0111ang t\u00ecm ki\u1ebfm m\u1ed9t b\u00e0n \u0111\u1ea3o b\u1ebfp r\u1eddi c\u00f3 th\u1ec3 di chuy\u1ec3n linh ho\u1ea1t, k\u1ebft h\u1ee3p v\u1edbi b\u00e0n \u0103n ho\u1eb7c qu\u1ea7y bar, th\u00ec \u0111\u00e2y ch\u00ednh l\u00e0 gi\u1ea3i ph\u00e1p ho\u00e0n h\u1ea3o d\u00e0nh cho b\u1ea1n!<\/span><\/p>\n<h2 style=\"text-align: justify;\"><b>1. Gi\u1edbi thi\u1ec7u v\u1ec1 b\u00e0n \u0111\u1ea3o b\u1ebfp r\u1eddi Inox 304<\/b><\/h2>\n<figure id=\"attachment_6498\" aria-describedby=\"caption-attachment-6498\" style=\"width: 1280px\" class=\"wp-caption aligncenter\"><img loading=\"lazy\" decoding=\"async\" class=\"wp-image-6498 size-full\" src=\"https:\/\/nhatnam.org\/wp-content\/uploads\/2025\/04\/Dao_bep_inox17.jpg\" alt=\"B\u00e0n \u0110\u1ea3o B\u1ebfp R\u1eddi Inox 304\u00a0\" width=\"1280\" height=\"960\" \/><figcaption id=\"caption-attachment-6498\" class=\"wp-caption-text\">M\u1eabu b\u00e0n \u0111\u1ea3o b\u1ebfp Inox r\u1eddi<\/figcaption><\/figure>\n<p style=\"text-align: justify;\">B\u00e0n \u0111\u1ea3o b\u1ebfp r\u1eddi Inox 304 \u0111ang tr\u1edf th\u00e0nh xu h\u01b0\u1edbng thi\u1ebft k\u1ebf ph\u1ed5 bi\u1ebfn nh\u1edd s\u1ef1 linh ho\u1ea1t, ti\u1ec7n nghi v\u00e0 t\u00ednh th\u1ea9m m\u1ef9 cao. \u0110\u01b0\u1ee3c l\u00e0m t\u1eeb ch\u1ea5t li\u1ec7u Inox 304 cao c\u1ea5p, lo\u1ea1i b\u00e0n \u0111\u1ea3o n\u00e0y c\u00f3 \u0111\u1ed9 <span style=\"font-weight: 400;\">b\u1ec1n v\u01b0\u1ee3t tr\u1ed9i, kh\u1ea3 n\u0103ng ch\u1ed1ng g\u1ec9 s\u00e9t, ch\u1ecbu nhi\u1ec7t t\u1ed1t v\u00e0 d\u1ec5 d\u00e0ng v\u1ec7 sinh, \u0111\u1ea3m b\u1ea3o tu\u1ed5i th\u1ecd l\u00e2u d\u00e0i.<\/span><\/p>\n<h3 style=\"text-align: justify;\"><b>B\u00e0n \u0111\u1ea3o b\u1ebfp r\u1eddi l\u00e0 g\u00ec?<\/b><\/h3>\n<p style=\"text-align: justify;\"><span style=\"font-weight: 400;\">B\u00e0n \u0111\u1ea3o b\u1ebfp r\u1eddi l\u00e0 m\u1ed9t thi\u1ebft k\u1ebf ho\u00e0n to\u00e0n t\u00e1ch bi\u1ec7t v\u1edbi h\u1ec7 t\u1ee7 b\u1ebfp ch\u00ednh, c\u00f3 th\u1ec3 di chuy\u1ec3n linh ho\u1ea1t theo nhu c\u1ea7u s\u1eed d\u1ee5ng. Kh\u00f4ng gi\u1ed1ng nh\u01b0 b\u00e0n \u0111\u1ea3o c\u1ed1 \u0111\u1ecbnh \u0111\u01b0\u1ee3c l\u1eafp \u0111\u1eb7t c\u1ed1 \u0111\u1ecbnh v\u00e0o s\u00e0n ho\u1eb7c t\u1ee7 b\u1ebfp, b\u00e0n \u0111\u1ea3o r\u1eddi gi\u00fap t\u1ed1i \u01b0u kh\u00f4ng gian v\u00e0 t\u0103ng t\u00ednh ti\u1ec7n d\u1ee5ng cho khu v\u1ef1c b\u1ebfp.<\/span><\/p>\n<h3 style=\"text-align: justify;\"><b>\u01afu \u0111i\u1ec3m c\u1ee7a b\u00e0n \u0111\u1ea3o b\u1ebfp r\u1eddi Inox 304<\/b><\/h3>\n<ul style=\"text-align: justify;\">\n<li style=\"font-weight: 400;\" aria-level=\"1\"><b>Linh ho\u1ea1t trong b\u1ed1 tr\u00ed<\/b><span style=\"font-weight: 400;\"> \u2013 Kh\u00f4ng b\u1ecb g\u1eafn ch\u1eb7t v\u00e0o s\u00e0n, d\u1ec5 d\u00e0ng di chuy\u1ec3n ho\u1eb7c s\u1eafp x\u1ebfp l\u1ea1i \u0111\u1ec3 ph\u00f9 h\u1ee3p v\u1edbi kh\u00f4ng gian b\u1ebfp.<\/span><\/li>\n<li style=\"font-weight: 400;\" aria-level=\"1\"><b>T\u1ed1i \u01b0u c\u00f4ng n\u0103ng s\u1eed d\u1ee5ng<\/b><span style=\"font-weight: 400;\"> \u2013 C\u00f3 th\u1ec3 k\u1ebft h\u1ee3p l\u00e0m <\/span><b>khu v\u1ef1c s\u01a1 ch\u1ebf, b\u00e0n \u0103n, qu\u1ea7y bar<\/b><span style=\"font-weight: 400;\"> ho\u1eb7c th\u1eadm ch\u00ed t\u00edch h\u1ee3p b\u1ebfp n\u1ea5u, \u0111\u00e1p \u1ee9ng nhi\u1ec1u nhu c\u1ea7u kh\u00e1c nhau.<\/span><\/li>\n<li style=\"font-weight: 400;\" aria-level=\"1\"><b>Ph\u00f9 h\u1ee3p v\u1edbi m\u1ecdi kh\u00f4ng gian<\/b><span style=\"font-weight: 400;\"> \u2013 D\u00f9 l\u00e0 b\u1ebfp nh\u1ecf hay l\u1edbn, b\u00e0n \u0111\u1ea3o r\u1eddi v\u1eabn gi\u00fap t\u1ed1i \u0111a h\u00f3a di\u1ec7n t\u00edch v\u00e0 t\u1ea1o s\u1ef1 ti\u1ec7n l\u1ee3i.<\/span><\/li>\n<li style=\"font-weight: 400;\" aria-level=\"1\"><b>\u0110\u1ed9 b\u1ec1n cao, d\u1ec5 v\u1ec7 sinh<\/b><span style=\"font-weight: 400;\"> \u2013 Inox 304 c\u00f3 kh\u1ea3 n\u0103ng ch\u1ed1ng oxy h\u00f3a, ch\u1ecbu l\u1ef1c, ch\u1ecbu nhi\u1ec7t t\u1ed1t, kh\u00f4ng b\u00e1m b\u1ea9n, gi\u00fap vi\u1ec7c v\u1ec7 sinh tr\u1edf n\u00ean \u0111\u01a1n gi\u1ea3n h\u01a1n.<\/span><\/li>\n<li style=\"font-weight: 400;\" aria-level=\"1\"><b>D\u1ec5 d\u00e0ng thay \u0111\u1ed5i ho\u1eb7c n\u00e2ng c\u1ea5p<\/b><span style=\"font-weight: 400;\"> \u2013 Khi c\u1ea7n \u0111\u1ed5i m\u1edbi phong c\u00e1ch b\u1ebfp, b\u00e0n \u0111\u1ea3o r\u1eddi c\u00f3 th\u1ec3 \u0111\u01b0\u1ee3c di d\u1eddi ho\u1eb7c thay th\u1ebf m\u00e0 kh\u00f4ng \u1ea3nh h\u01b0\u1edfng \u0111\u1ebfn thi\u1ebft k\u1ebf t\u1ed5ng th\u1ec3.<\/span><\/li>\n<\/ul>\n<p style=\"text-align: justify;\"><span style=\"font-weight: 400;\">S\u1ef1 k\u1ebft h\u1ee3p gi\u1eefa t\u00ednh th\u1ea9m m\u1ef9 hi\u1ec7n \u0111\u1ea1i v\u00e0 c\u00f4ng n\u0103ng linh ho\u1ea1t gi\u00fap b\u00e0n \u0111\u1ea3o b\u1ebfp r\u1eddi Inox 304 tr\u1edf th\u00e0nh l\u1ef1a ch\u1ecdn ho\u00e0n h\u1ea3o cho nh\u1eefng kh\u00f4ng gian b\u1ebfp hi\u1ec7n \u0111\u1ea1i<\/span><\/p>\n<h2 style=\"text-align: justify;\"><b>2. C\u00f4ng d\u1ee5ng c\u1ee7a b\u00e0n \u0111\u1ea3o b\u1ebfp r\u1eddi Inox 304<\/b><\/h2>\n<figure id=\"attachment_6491\" aria-describedby=\"caption-attachment-6491\" style=\"width: 1280px\" class=\"wp-caption aligncenter\"><img loading=\"lazy\" decoding=\"async\" class=\"wp-image-6491 size-full\" src=\"https:\/\/nhatnam.org\/wp-content\/uploads\/2025\/04\/Dao_bep_inox06.jpg\" alt=\"B\u00e0n \u0110\u1ea3o B\u1ebfp R\u1eddi Inox 304\u00a0\" width=\"1280\" height=\"960\" \/><figcaption id=\"caption-attachment-6491\" class=\"wp-caption-text\">M\u1eabu \u0111\u1ea3o b\u1ebfp Inox k\u1ebft h\u1ee3p b\u1ebfp n\u1ea5u<\/figcaption><\/figure>\n<p style=\"text-align: justify;\"><span style=\"font-weight: 400;\">B\u00e0n \u0111\u1ea3o b\u1ebfp r\u1eddi kh\u00f4ng ch\u1ec9 mang l\u1ea1i s\u1ef1 linh ho\u1ea1t trong b\u1ed1 tr\u00ed m\u00e0 c\u00f2n c\u00f3 nhi\u1ec1u c\u00f4ng d\u1ee5ng n\u1ed5i b\u1eadt. Tr\u01b0\u1edbc h\u1ebft, b\u00e0n \u0111\u1ea3o gi\u00fap m\u1edf r\u1ed9ng kh\u00f4ng gian b\u1ebfp, t\u0103ng di\u1ec7n t\u00edch l\u00e0m vi\u1ec7c, \u0111\u1eb7c bi\u1ec7t ph\u00f9 h\u1ee3p v\u1edbi nh\u1eefng c\u0103n b\u1ebfp nh\u1ecf. \u0110\u00e2y c\u00f2n l\u00e0 khu v\u1ef1c s\u01a1 ch\u1ebf v\u00e0 chu\u1ea9n b\u1ecb th\u1ef1c ph\u1ea9m l\u00fd t\u01b0\u1edfng nh\u1edd b\u1ec1 m\u1eb7t Inox 304 kh\u00f4ng b\u00e1m d\u1ea7u m\u1ee1, d\u1ec5 lau ch\u00f9i.<\/span><\/p>\n<p style=\"text-align: justify;\"><span style=\"font-weight: 400;\">Ngo\u00e0i ra, b\u1ed1 tr\u00ed \u0111\u1ea3o b\u1ebfp linh ho\u1ea1t gi\u00fap b\u1ea1n d\u1ec5 d\u00e0ng thay \u0111\u1ed5i v\u1ecb tr\u00ed theo nhu c\u1ea7u s\u1eed d\u1ee5ng, t\u1ea1o s\u1ef1 ti\u1ec7n l\u1ee3i t\u1ed1i \u0111a. B\u00e0n \u0111\u1ea3o Inox 304 c\u0169ng c\u00f3 th\u1ec3 k\u1ebft h\u1ee3p v\u1edbi b\u00e0n \u0103n, t\u1ea1o ra m\u1ed9t kh\u00f4ng gian \u0111a n\u0103ng. \u0110\u1eb7c bi\u1ec7t, \u0111\u1ea3o b\u1ebfp k\u1ebft h\u1ee3p qu\u1ea7y bar mang l\u1ea1i v\u1ebb \u0111\u1eb9p hi\u1ec7n \u0111\u1ea1i v\u00e0 gi\u00fap t\u1eadn d\u1ee5ng kh\u00f4ng gian b\u1ebfp hi\u1ec7u qu\u1ea3 h\u01a1n.<\/span><\/p>\n<h2 style=\"text-align: justify;\"><b>3. C\u1ea5u t\u1ea1o c\u1ee7a b\u00e0n \u0111\u1ea3o b\u1ebfp r\u1eddi Inox 304<\/b><\/h2>\n<figure id=\"attachment_6495\" aria-describedby=\"caption-attachment-6495\" style=\"width: 1280px\" class=\"wp-caption aligncenter\"><img loading=\"lazy\" decoding=\"async\" class=\"wp-image-6495 size-full\" src=\"https:\/\/nhatnam.org\/wp-content\/uploads\/2025\/04\/Dao_bep_inox11.jpg\" alt=\"B\u00e0n \u0110\u1ea3o B\u1ebfp R\u1eddi Inox 304\u00a0\" width=\"1280\" height=\"960\" \/><figcaption id=\"caption-attachment-6495\" class=\"wp-caption-text\">M\u1eabu \u0111\u1ea3o b\u1ebfp r\u1eddi Inox 304 k\u1ebft h\u1ee3p b\u1ed3n r\u1eeda<\/figcaption><\/figure>\n<p style=\"text-align: justify;\"><span style=\"font-weight: 400;\">B\u00e0n \u0111\u1ea3o b\u1ebfp Inox 304 \u0111\u01b0\u1ee3c thi\u1ebft k\u1ebf v\u1edbi khung Inox 304 cao c\u1ea5p, c\u00f3 kh\u1ea3 n\u0103ng ch\u1ed1ng \u0103n m\u00f2n, kh\u00f4ng g\u1ec9 s\u00e9t v\u00e0 b\u1ec1n b\u1ec9 theo th\u1eddi gian. M\u1eb7t b\u00e0n c\u00f3 th\u1ec3 l\u00e0 Inox 304 nguy\u00ean kh\u1ed1i ho\u1eb7c k\u1ebft h\u1ee3p v\u1edbi \u0111\u00e1 granite, \u0111\u00e1 marble \u0111\u1ec3 t\u0103ng t\u00ednh th\u1ea9m m\u1ef9 v\u00e0 d\u1ec5 v\u1ec7 sinh.<\/span><\/p>\n<p style=\"text-align: justify;\"><span style=\"font-weight: 400;\">Ngo\u00e0i ra, h\u1ec7 th\u1ed1ng ng\u0103n ch\u1ee9a \u0111\u1ed3 gi\u00fap l\u01b0u tr\u1eef d\u1ee5ng c\u1ee5 b\u1ebfp g\u1ecdn g\u00e0ng, ti\u1ebft ki\u1ec7m kh\u00f4ng gian. M\u1ed9t s\u1ed1 m\u1eabu b\u00e0n \u0111\u1ea3o b\u1ebfp r\u1eddi c\u00f2n \u0111\u01b0\u1ee3c trang b\u1ecb ch\u00e2n b\u00e0n ch\u1eafc ch\u1eafn ho\u1eb7c b\u00e1nh xe di \u0111\u1ed9ng, gi\u00fap di chuy\u1ec3n d\u1ec5 d\u00e0ng trong kh\u00f4ng gian b\u1ebfp.<\/span><\/p>\n<h2 style=\"text-align: justify;\"><b>4. C\u00e1c lo\u1ea1i b\u00e0n \u0111\u1ea3o b\u1ebfp r\u1eddi Inox 304 ph\u1ed5 bi\u1ebfn<\/b><\/h2>\n<figure id=\"attachment_6496\" aria-describedby=\"caption-attachment-6496\" style=\"width: 1280px\" class=\"wp-caption aligncenter\"><img loading=\"lazy\" decoding=\"async\" class=\"wp-image-6496 size-full\" src=\"https:\/\/nhatnam.org\/wp-content\/uploads\/2025\/04\/Dao_bep_inox13.jpg\" alt=\"B\u00e0n \u0110\u1ea3o B\u1ebfp R\u1eddi Inox 304\u00a0\" width=\"1280\" height=\"960\" \/><figcaption id=\"caption-attachment-6496\" class=\"wp-caption-text\">M\u1eabu \u0111\u1ea3o b\u1ebfp Inox r\u1eddi 304 k\u1ebft h\u1ee3p t\u1ee7 ch\u1ee9a \u0111\u1ed3<\/figcaption><\/figure>\n<h3 style=\"text-align: justify;\"><b>4.1. B\u00e0n \u0111\u1ea3o b\u1ebfp Inox 304 m\u1eb7t \u0111\u00e1<\/b><\/h3>\n<p style=\"text-align: justify;\"><span style=\"font-weight: 400;\">B\u00e0n \u0111\u1ea3o b\u1ebfp Inox 304 m\u1eb7t \u0111\u00e1 l\u00e0 s\u1ef1 k\u1ebft h\u1ee3p gi\u1eefa Inox 304 b\u1ec1n b\u1ec9 v\u00e0 \u0111\u00e1 t\u1ef1 nhi\u00ean sang tr\u1ecdng nh\u01b0 granite ho\u1eb7c marble. Lo\u1ea1i b\u00e0n \u0111\u1ea3o n\u00e0y kh\u00f4ng ch\u1ec9 c\u00f3 kh\u1ea3 n\u0103ng ch\u1ecbu nhi\u1ec7t, ch\u1ecbu l\u1ef1c cao m\u00e0 c\u00f2n t\u1ea1o \u0111i\u1ec3m nh\u1ea5n tinh t\u1ebf cho kh\u00f4ng gian b\u1ebfp.<\/span><\/p>\n<h3 style=\"text-align: justify;\"><b>4.2. B\u00e0n \u0111\u1ea3o b\u1ebfp r\u1eddi Inox 304 k\u1ebft h\u1ee3p b\u00e0n \u0103n<\/b><\/h3>\n<p style=\"text-align: justify;\"><span style=\"font-weight: 400;\">Thi\u1ebft k\u1ebf n\u00e0y gi\u00fap t\u1ed1i \u01b0u kh\u00f4ng gian, \u0111\u1eb7c bi\u1ec7t ph\u00f9 h\u1ee3p v\u1edbi c\u0103n h\u1ed9 chung c\u01b0 ho\u1eb7c nh\u00e0 b\u1ebfp nh\u1ecf. B\u00e0n \u0103n k\u1ebft h\u1ee3p \u0111\u1ea3o b\u1ebfp gi\u00fap ti\u1ebft ki\u1ec7m di\u1ec7n t\u00edch m\u00e0 v\u1eabn \u0111\u1ea3m b\u1ea3o s\u1ef1 ti\u1ec7n nghi, t\u1ea1o kh\u00f4ng gian \u1ea5m c\u00fang cho gia \u0111\u00ecnh.<\/span><\/p>\n<h3 style=\"text-align: justify;\"><b>4.3. \u0110\u1ea3o b\u1ebfp Inox 304 c\u00f3 b\u00e1nh xe di \u0111\u1ed9ng<\/b><\/h3>\n<p style=\"text-align: justify;\"><span style=\"font-weight: 400;\">B\u00e0n \u0111\u1ea3o c\u00f3 b\u00e1nh xe gi\u00fap d\u1ec5 d\u00e0ng di chuy\u1ec3n, ph\u00f9 h\u1ee3p v\u1edbi b\u1ebfp nh\u00e0 h\u00e0ng ho\u1eb7c c\u0103n h\u1ed9 nh\u1ecf. Thi\u1ebft k\u1ebf n\u00e0y mang \u0111\u1ebfn s\u1ef1 linh ho\u1ea1t, c\u00f3 th\u1ec3 s\u1eed d\u1ee5ng l\u00e0m qu\u1ea7y bar, b\u00e0n \u0103n ho\u1eb7c khu v\u1ef1c l\u01b0u tr\u1eef di \u0111\u1ed9ng.<\/span><\/p>\n<h3 style=\"text-align: justify;\"><b>4.4. B\u00e0n \u0111\u1ea3o b\u1ebfp Inox 304 k\u1ebft h\u1ee3p b\u1ebfp n\u1ea5u<\/b><\/h3>\n<p style=\"text-align: justify;\"><span style=\"font-weight: 400;\">\u0110\u1ed1i v\u1edbi nh\u1eefng gia \u0111\u00ecnh c\u00f3 kh\u00f4ng gian b\u1ebfp h\u1ea1n ch\u1ebf, b\u00e0n \u0111\u1ea3o b\u1ebfp k\u1ebft h\u1ee3p b\u1ebfp n\u1ea5u l\u00e0 l\u1ef1a ch\u1ecdn ho\u00e0n h\u1ea3o. Thi\u1ebft k\u1ebf n\u00e0y gi\u00fap t\u00edch h\u1ee3p b\u1ebfp t\u1eeb ho\u1eb7c b\u1ebfp gas, ti\u1ebft ki\u1ec7m di\u1ec7n t\u00edch m\u00e0 v\u1eabn \u0111\u1ea3m b\u1ea3o t\u00ednh ti\u1ec7n nghi.<\/span><\/p>\n<h2 style=\"text-align: justify;\"><b>5. K\u00edch th\u01b0\u1edbc ti\u00eau chu\u1ea9n c\u1ee7a b\u00e0n \u0111\u1ea3o b\u1ebfp r\u1eddi Inox 304<\/b><\/h2>\n<figure id=\"attachment_6492\" aria-describedby=\"caption-attachment-6492\" style=\"width: 1280px\" class=\"wp-caption aligncenter\"><img loading=\"lazy\" decoding=\"async\" class=\"wp-image-6492 size-full\" src=\"https:\/\/nhatnam.org\/wp-content\/uploads\/2025\/04\/Dao_bep_inox07.jpg\" alt=\"B\u00e0n \u0110\u1ea3o B\u1ebfp R\u1eddi Inox 304\u00a0\" width=\"1280\" height=\"960\" \/><figcaption id=\"caption-attachment-6492\" class=\"wp-caption-text\">M\u1eabu b\u00e0n \u0111\u1ea3o b\u1ebfp Inox 304 \u0111\u1eb9p, thi\u1ebft k\u1ebf hi\u1ec7n \u0111\u1ea1i<\/figcaption><\/figure>\n<p style=\"text-align: justify;\"><span style=\"font-weight: 400;\">Khi ch\u1ecdn mua b\u00e0n \u0111\u1ea3o b\u1ebfp r\u1eddi Inox 304, b\u1ea1n c\u1ea7n l\u01b0u \u00fd \u0111\u1ebfn <\/span>k\u00edch th\u01b0\u1edbc ti\u00eau chu\u1ea9n<span style=\"font-weight: 400;\"> \u0111\u1ec3 \u0111\u1ea3m b\u1ea3o s\u1ef1 ph\u00f9 h\u1ee3p v\u1edbi kh\u00f4ng gian b\u1ebfp. Th\u00f4ng th\u01b0\u1eddng:<\/span><\/p>\n<ul style=\"text-align: justify;\">\n<li style=\"font-weight: 400;\" aria-level=\"1\"><b>Chi\u1ec1u d\u00e0i<\/b><span style=\"font-weight: 400;\">: 1.2m \u2013 2.4m (t\u00f9y v\u00e0o di\u1ec7n t\u00edch b\u1ebfp).<\/span><\/li>\n<li style=\"font-weight: 400;\" aria-level=\"1\"><b>Chi\u1ec1u r\u1ed9ng<\/b><span style=\"font-weight: 400;\">: 60cm \u2013 90cm.<\/span><\/li>\n<li style=\"font-weight: 400;\" aria-level=\"1\"><b>Chi\u1ec1u cao ti\u00eau chu\u1ea9n<\/b><span style=\"font-weight: 400;\">: 85cm \u2013 90cm.<\/span><\/li>\n<li style=\"font-weight: 400;\" aria-level=\"1\"><b>Kho\u1ea3ng c\u00e1ch gi\u1eefa b\u1ebfp v\u00e0 b\u00e0n \u0111\u1ea3o<\/b><span style=\"font-weight: 400;\">: T\u1ed1i thi\u1ec3u 90cm \u0111\u1ec3 \u0111\u1ea3m b\u1ea3o vi\u1ec7c di chuy\u1ec3n thu\u1eadn ti\u1ec7n.<\/span><\/li>\n<\/ul>\n<h2 style=\"text-align: justify;\"><b>6. B\u00e1o gi\u00e1 b\u00e0n \u0111\u1ea3o b\u1ebfp r\u1eddi Inox 304<\/b><\/h2>\n<figure id=\"attachment_5399\" aria-describedby=\"caption-attachment-5399\" style=\"width: 1280px\" class=\"wp-caption aligncenter\"><img loading=\"lazy\" decoding=\"async\" class=\"wp-image-5399 size-full\" src=\"https:\/\/nhatnam.org\/wp-content\/uploads\/2025\/03\/inox_cao_cap08.jpg\" alt=\"B\u00e0n \u0110\u1ea3o B\u1ebfp R\u1eddi Inox 304\u00a0\" width=\"1280\" height=\"960\" \/><figcaption id=\"caption-attachment-5399\" class=\"wp-caption-text\">Thi\u1ebft k\u1ebf \u0111\u1ea3o b\u1ebfp Inox cho kh\u00f4ng gian b\u1ebfp r\u1ed9ng<\/figcaption><\/figure>\n<p style=\"text-align: justify;\"><span style=\"font-weight: 400;\">Gi\u00e1 b\u00e0n \u0111\u1ea3o b\u1ebfp r\u1eddi Inox 304 c\u00f3 th\u1ec3 thay \u0111\u1ed5i t\u00f9y theo k\u00edch th\u01b0\u1edbc, ch\u1ea5t li\u1ec7u m\u1eb7t b\u00e0n, thi\u1ebft k\u1ebf t\u1ed5ng th\u1ec3 v\u00e0 c\u00e1c ph\u1ee5 ki\u1ec7n \u0111i k\u00e8m. Nh\u1eefng m\u1eabu t\u00edch h\u1ee3p th\u00eam b\u1ebfp n\u1ea5u, b\u00e1nh xe linh ho\u1ea1t ho\u1eb7c ng\u0103n ch\u1ee9a \u0111\u1ed3 th\u01b0\u1eddng c\u00f3 gi\u00e1 cao h\u01a1n so v\u1edbi c\u00e1c m\u1eabu \u0111\u01a1n gi\u1ea3n.<\/span><\/p>\n<p style=\"text-align: justify;\"><span style=\"font-weight: 400;\">N\u1ebfu b\u1ea1n \u0111ang t\u00ecm ki\u1ebfm m\u1ed9t chi\u1ebfc b\u00e0n \u0111\u1ea3o Inox 304 v\u1eeba \u0111\u1eb9p m\u1eaft, b\u1ec1n ch\u1eafc l\u1ea1i ph\u00f9 h\u1ee3p v\u1edbi kh\u00f4ng gian b\u1ebfp, \u0111\u1eebng ng\u1ea7n ng\u1ea1i <\/span><b>li\u00ean h\u1ec7 Nh\u1ea5t Nam qua hotline 0987 076 927<\/b><span style=\"font-weight: 400;\"> \u0111\u1ec3 \u0111\u01b0\u1ee3c t\u01b0 v\u1ea5n chi ti\u1ebft. B\u1ea1n c\u0169ng c\u00f3 th\u1ec3 gh\u00e9 showroom t\u1ea1i <\/span><b>S\u1ed1 19 KDC CityLand Park Hill, \u0110\u01b0\u1eddng s\u1ed1 1, P.10, Q.G\u00f2 V\u1ea5p<\/b><span style=\"font-weight: 400;\"> \u0111\u1ec3 tr\u1ef1c ti\u1ebfp tr\u1ea3i nghi\u1ec7m v\u00e0 l\u1ef1a ch\u1ecdn m\u1eabu ph\u00f9 h\u1ee3p nh\u1ea5t.<\/span><\/p>\n<p style=\"text-align: justify;\">V\u1edbi kinh nghi\u1ec7m nhi\u1ec1u n\u0103m trong ngh\u1ec1 v\u00e0 h\u1ec7 th\u1ed1ng x\u01b0\u1edfng s\u1ea3n xu\u1ea5t hi\u1ec7n \u0111\u1ea1i, Nh\u1ea5t Nam cam k\u1ebft mang \u0111\u1ebfn s\u1ea3n ph\u1ea9m ch\u1ea5t l\u01b0\u1ee3ng cao, gi\u00e1 c\u1ea3 h\u1ee3p l\u00fd c\u00f9ng d\u1ecbch v\u1ee5 h\u1ed7 tr\u1ee3 t\u1eadn t\u00e2m t\u1eeb kh\u00e2u t\u01b0 v\u1ea5n \u0111\u1ebfn h\u1eadu m\u00e3i.<\/p>\n<h2 style=\"text-align: justify;\"><b>7. M\u1ed9t s\u1ed1 m\u1eabu t\u1ee7 b\u1ebfp c\u00f3 b\u00e0n \u0111\u1ea3o \u0111\u1eb9p<\/b><\/h2>\n<p style=\"text-align: justify;\"><span style=\"font-weight: 400;\">T\u1ee7 b\u1ebfp c\u00f3 \u0111\u1ea3o ng\u00e0y c\u00e0ng \u0111\u01b0\u1ee3c \u01b0a chu\u1ed9ng nh\u1edd s\u1ef1 ti\u1ec7n nghi, th\u1ea9m m\u1ef9 v\u00e0 kh\u1ea3 n\u0103ng t\u1ed1i \u01b0u kh\u00f4ng gian b\u1ebfp. D\u01b0\u1edbi \u0111\u00e2y l\u00e0 m\u1ed9t s\u1ed1 m\u1eabu thi\u1ebft k\u1ebf t\u1ee7 b\u1ebfp c\u00f3 \u0111\u1ea3o \u0111\u1eb9p, ph\u00f9 h\u1ee3p v\u1edbi nhi\u1ec1u phong c\u00e1ch kh\u00e1c nhau:<\/span><\/p>\n<figure id=\"attachment_4784\" aria-describedby=\"caption-attachment-4784\" style=\"width: 1280px\" class=\"wp-caption aligncenter\"><img loading=\"lazy\" decoding=\"async\" class=\"wp-image-4784 size-full\" src=\"https:\/\/nhatnam.org\/wp-content\/uploads\/2025\/02\/25-2.jpg\" alt=\"B\u00e0n \u0110\u1ea3o B\u1ebfp R\u1eddi Inox 304\u00a0\" width=\"1280\" height=\"960\" \/><figcaption id=\"caption-attachment-4784\" class=\"wp-caption-text\">M\u1eabu t\u1ee7 b\u1ebfp Inox c\u00f3 b\u00e0n \u0111\u1ea3o \u0111\u1eb9p<\/figcaption><\/figure>\n<figure id=\"attachment_4708\" aria-describedby=\"caption-attachment-4708\" style=\"width: 1280px\" class=\"wp-caption aligncenter\"><img loading=\"lazy\" decoding=\"async\" class=\"wp-image-4708 size-full\" src=\"https:\/\/nhatnam.org\/wp-content\/uploads\/2025\/02\/13-1-1.jpg\" alt=\"T\u1ee7 b\u1ebfp inox cao c\u1ea5p\" width=\"1280\" height=\"960\" \/><figcaption id=\"caption-attachment-4708\" class=\"wp-caption-text\">M\u1eabu t\u1ee7 b\u1ebfp inox cao c\u1ea5p c\u00f3 b\u00e0n \u0111\u1ea3o<\/figcaption><\/figure>\n<figure id=\"attachment_4319\" aria-describedby=\"caption-attachment-4319\" style=\"width: 1280px\" class=\"wp-caption aligncenter\"><img loading=\"lazy\" decoding=\"async\" class=\"wp-image-4319 size-full\" src=\"https:\/\/nhatnam.org\/wp-content\/uploads\/2025\/02\/tubepinox-9.jpg\" alt=\"B\u00e0n \u0110\u1ea3o B\u1ebfp R\u1eddi Inox 304\u00a0\" width=\"1280\" height=\"720\" \/><figcaption id=\"caption-attachment-4319\" class=\"wp-caption-text\">Nh\u1ea5t Nam &#8211; \u0110\u1ecba ch\u1ec9 chuy\u00ean thi\u1ebft k\u1ebf, thi c\u00f4ng m\u1eabu \u0111\u1ea3o b\u1ebfp Inox \u0111\u1eb9p, hi\u1ec7n \u0111\u1ea1i<\/figcaption><\/figure>\n<p style=\"text-align: justify;\"><span style=\"font-weight: 400;\">B\u00e0n \u0111\u1ea3o b\u1ebfp r\u1eddi Inox 304 l\u00e0 l\u1ef1a ch\u1ecdn ho\u00e0n h\u1ea3o cho nh\u1eefng ai mu\u1ed1n c\u00f3 m\u1ed9t kh\u00f4ng gian b\u1ebfp hi\u1ec7n \u0111\u1ea1i, ti\u1ec7n nghi v\u00e0 sang tr\u1ecdng. V\u1edbi t\u00ednh linh ho\u1ea1t, \u0111\u1ed9 b\u1ec1n cao v\u00e0 nhi\u1ec1u c\u00f4ng n\u0103ng, \u0111\u00e2y l\u00e0 s\u1ea3n ph\u1ea9m ph\u00f9 h\u1ee3p cho nh\u00e0 chung c\u01b0, nh\u00e0 ph\u1ed1, bi\u1ec7t th\u1ef1 hay c\u1ea3 nh\u00e0 h\u00e0ng, qu\u00e1n \u0103n. N\u1ebfu b\u1ea1n \u0111ang t\u00ecm ki\u1ebfm m\u1ed9t b\u00e0n \u0111\u1ea3o b\u1ebfp nh\u1ecf, b\u00e0n \u0111\u1ea3o b\u1ebfp m\u1eb7t \u0111\u00e1, \u0111\u1ea3o b\u1ebfp k\u1ebft h\u1ee3p b\u00e0n \u0103n ho\u1eb7c b\u00e0n \u0111\u1ea3o b\u1ebfp th\u00f4ng minh, h\u00e3y li\u00ean h\u1ec7 ngay<a href=\"https:\/\/www.facebook.com\/ctynhatnam2011\" target=\"_blank\" rel=\"noopener\"> Nh\u1ea5t Nam<\/a> \u0111\u1ec3 \u0111\u01b0\u1ee3c t\u01b0 v\u1ea5n v\u00e0 b\u00e1o gi\u00e1 chi ti\u1ebft!\u00a0<\/span><\/p>\n","protected":false},"excerpt":{"rendered":"<p style=\"text-align: justify;\"><span style=\"font-weight: 400;\">B\u00e0n \u0111\u1ea3o b\u1ebfp r\u1eddi Inox 304 l\u00e0 m\u1ed9t trong nh\u1eefng l\u1ef1a ch\u1ecdn t\u1ed1i \u01b0u cho kh\u00f4ng gian b\u1ebfp hi\u1ec7n \u0111\u1ea1i. V\u1edbi t\u00ednh linh ho\u1ea1t, \u0111\u1ed9 b\u1ec1n cao v\u00e0 kh\u1ea3 n\u0103ng ch\u1ed1ng \u0103n m\u00f2n tuy\u1ec7t \u0111\u1ed1i, lo\u1ea1i b\u00e0n \u0111\u1ea3o n\u00e0y gi\u00fap ng\u01b0\u1eddi d\u00f9ng t\u1eadn d\u1ee5ng t\u1ed1i \u0111a kh\u00f4ng gian b\u1ebfp m\u00e0 v\u1eabn \u0111\u1ea3m b\u1ea3o s\u1ef1 sang tr\u1ecdng v\u00e0 ti\u1ec7n nghi. Kh\u00f4ng ch\u1ec9 v\u1eady, b\u00e0n \u0111\u1ea3o b\u1ebfp Inox 304 c\u00f2n d\u1ec5 d\u00e0ng k\u1ebft h\u1ee3p v\u1edbi c\u00e1c phong c\u00e1ch thi\u1ebft k\u1ebf kh\u00e1c nhau, t\u1eeb hi\u1ec7n \u0111\u1ea1i, t\u1ed1i gi\u1ea3n \u0111\u1ebfn sang tr\u1ecdng v\u00e0 c\u1ed5 \u0111i\u1ec3n.<\/span><\/p>\n","protected":false},"featured_media":1468,"comment_status":"open","ping_status":"closed","template":"","meta":{"_acf_changed":false,"_gspb_post_css":""},"book-author":[],"product_brand":[],"product_cat":[123,124],"product_tag":[],"class_list":{"0":"post-1816","1":"product","2":"type-product","3":"status-publish","4":"has-post-thumbnail","6":"product_cat-ban-an-dao-bep","7":"product_cat-dao-bep-inox","9":"first","10":"instock","11":"shipping-taxable","12":"product-type-simple"},"acf":[],"_links":{"self":[{"href":"https:\/\/nhatnam.libion.me\/index.php\/wp-json\/wp\/v2\/product\/1816","targetHints":{"allow":["GET"]}}],"collection":[{"href":"https:\/\/nhatnam.libion.me\/index.php\/wp-json\/wp\/v2\/product"}],"about":[{"href":"https:\/\/nhatnam.libion.me\/index.php\/wp-json\/wp\/v2\/types\/product"}],"replies":[{"embeddable":true,"href":"https:\/\/nhatnam.libion.me\/index.php\/wp-json\/wp\/v2\/comments?post=1816"}],"wp:featuredmedia":[{"embeddable":true,"href":"https:\/\/nhatnam.libion.me\/index.php\/wp-json\/wp\/v2\/media\/1468"}],"wp:attachment":[{"href":"https:\/\/nhatnam.libion.me\/index.php\/wp-json\/wp\/v2\/media?parent=1816"}],"wp:term":[{"taxonomy":"book-author","embeddable":true,"href":"https:\/\/nhatnam.libion.me\/index.php\/wp-json\/wp\/v2\/book-author?post=1816"},{"taxonomy":"product_brand","embeddable":true,"href":"https:\/\/nhatnam.libion.me\/index.php\/wp-json\/wp\/v2\/product_brand?post=1816"},{"taxonomy":"product_cat","embeddable":true,"href":"https:\/\/nhatnam.libion.me\/index.php\/wp-json\/wp\/v2\/product_cat?post=1816"},{"taxonomy":"product_tag","embeddable":true,"href":"https:\/\/nhatnam.libion.me\/index.php\/wp-json\/wp\/v2\/product_tag?post=1816"}],"curies":[{"name":"wp","href":"https:\/\/api.w.org\/{rel}","templated":true}]}}