{"id":1796,"date":"2026-04-07T10:25:59","date_gmt":"2026-04-07T10:25:59","guid":{"rendered":"https:\/\/nhatnam.libion.me\/index.php\/product\/ban-dao-bep-nhom-hop-kim-cao-cap\/"},"modified":"2026-04-07T10:26:30","modified_gmt":"2026-04-07T10:26:30","slug":"ban-dao-bep-nhom-hop-kim-cao-cap","status":"publish","type":"product","link":"https:\/\/nhatnam.libion.me\/index.php\/product\/ban-dao-bep-nhom-hop-kim-cao-cap\/","title":{"rendered":"B\u00e0n \u0110\u1ea3o B\u1ebfp Nh\u00f4m H\u1ee3p Kim Cao C\u1ea5p"},"content":{"rendered":"<p style=\"text-align: justify;\"><span style=\"font-weight: 400;\">B\u00e0n \u0111\u1ea3o b\u1ebfp nh\u00f4m h\u1ee3p kim cao c\u1ea5p kh\u00f4ng ch\u1ec9 mang \u0111\u1ebfn s\u1ef1 ti\u1ec7n nghi m\u00e0 c\u00f2n t\u1ea1o \u0111i\u1ec3m nh\u1ea5n sang tr\u1ecdng cho kh\u00f4ng gian b\u1ebfp hi\u1ec7n \u0111\u1ea1i. V\u1edbi thi\u1ebft k\u1ebf tinh t\u1ebf, ch\u1ea5t li\u1ec7u b\u1ec1n b\u1ec9 v\u00e0 kh\u1ea3 n\u0103ng ch\u1ed1ng th\u1ea5m, ch\u1ed1ng oxy h\u00f3a v\u01b0\u1ee3t tr\u1ed9i, b\u00e0n \u0111\u1ea3o b\u1ebfp nh\u00f4m h\u1ee3p kim l\u00e0 l\u1ef1a ch\u1ecdn l\u00fd t\u01b0\u1edfng cho nh\u1eefng ai y\u00eau th\u00edch s\u1ef1 b\u1ec1n \u0111\u1eb9p v\u00e0 ti\u1ec7n d\u1ee5ng. H\u00e3y c\u00f9ng kh\u00e1m ph\u00e1 nh\u1eefng m\u1eabu b\u00e0n \u0111\u1ea3o b\u1ebfp \u0111\u1eb3ng c\u1ea5p, gi\u00fap n\u00e2ng t\u1ea7m kh\u00f4ng gian s\u1ed1ng c\u1ee7a b\u1ea1n!<\/span><\/p>\n<h2 style=\"text-align: justify;\"><b>1. C\u00f4ng d\u1ee5ng c\u1ee7a b\u00e0n \u0111\u1ea3o h\u1ee3p kim nh\u00f4m\u00a0<\/b><\/h2>\n<p><img loading=\"lazy\" decoding=\"async\" class=\"aligncenter wp-image-6489 size-full\" src=\"https:\/\/nhatnam.org\/wp-content\/uploads\/2025\/04\/Dao_bep_nhom03-1.jpg\" alt=\"B\u00e0n \u0110\u1ea3o B\u1ebfp Nh\u00f4m H\u1ee3p Kim Cao C\u1ea5p\" width=\"1280\" height=\"960\" \/><\/p>\n<p style=\"text-align: justify;\"><span style=\"font-weight: 400;\">B\u00e0n \u0111\u1ea3o b\u1ebfp h\u1ee3p kim nh\u00f4m kh\u00f4ng ch\u1ec9 c\u00f3 vai tr\u00f2 trong vi\u1ec7c n\u00e2ng cao t\u00ednh th\u1ea9m m\u1ef9 m\u00e0 c\u00f2n mang l\u1ea1i nh\u1eefng ti\u1ec7n \u00edch c\u1ef1c k\u1ef3 h\u1eefu \u00edch:<\/span><\/p>\n<ul style=\"text-align: justify;\">\n<li style=\"font-weight: 400;\" aria-level=\"1\"><b>T\u0103ng kh\u00f4ng gian l\u01b0u tr\u1eef<\/b><span style=\"font-weight: 400;\">: V\u1edbi thi\u1ebft k\u1ebf t\u00edch h\u1ee3p t\u1ee7 b\u1ebfp ho\u1eb7c qu\u1ea7y \u0111\u1ea3o b\u1ebfp, b\u1ea1n c\u00f3 th\u1ec3 d\u1ec5 d\u00e0ng l\u01b0u tr\u1eef c\u00e1c d\u1ee5ng c\u1ee5 n\u1ea5u \u0103n nh\u01b0 xoong n\u1ed3i, ch\u00e9n b\u00e1t, gia v\u1ecb v\u00e0 c\u00e1c v\u1eadt d\u1ee5ng kh\u00e1c.<\/span><\/li>\n<li style=\"font-weight: 400;\" aria-level=\"1\"><b>M\u1edf r\u1ed9ng khu v\u1ef1c ch\u1ebf bi\u1ebfn<\/b><span style=\"font-weight: 400;\">: B\u00e0n \u0111\u1ea3o b\u1ebfp l\u00e0 n\u01a1i l\u00fd t\u01b0\u1edfng \u0111\u1ec3 b\u1ea1n chu\u1ea9n b\u1ecb nguy\u00ean li\u1ec7u, l\u00e0m b\u00e1nh ho\u1eb7c ch\u1ebf bi\u1ebfn c\u00e1c m\u00f3n \u0103n ngay t\u1ea1i ch\u1ed7 m\u00e0 kh\u00f4ng c\u1ea7n di chuy\u1ec3n qu\u00e1 nhi\u1ec1u.<\/span><\/li>\n<li style=\"font-weight: 400;\" aria-level=\"1\"><b>T\u1ea1o \u0111i\u1ec3m nh\u1ea5n th\u1ea9m m\u1ef9<\/b><span style=\"font-weight: 400;\">: V\u1edbi nh\u1eefng m\u1eabu thi\u1ebft k\u1ebf \u0111\u1eb9p m\u1eaft, b\u00e0n \u0111\u1ea3o b\u1ebfp s\u1ebd gi\u00fap kh\u00f4ng gian b\u1ebfp tr\u1edf n\u00ean sang tr\u1ecdng v\u00e0 hi\u1ec7n \u0111\u1ea1i h\u01a1n bao gi\u1edd h\u1ebft.<\/span><\/li>\n<li style=\"font-weight: 400;\" aria-level=\"1\"><b>K\u1ebft h\u1ee3p b\u00e0n \u0103n v\u00e0 qu\u1ea7y bar<\/b><span style=\"font-weight: 400;\">: M\u1ed9t kh\u00f4ng gian b\u1ebfp nh\u1ecf s\u1ebd tr\u1edf n\u00ean ti\u1ec7n l\u1ee3i v\u00e0 \u0111a n\u0103ng h\u01a1n khi b\u1ea1n s\u1eed d\u1ee5ng b\u00e0n \u0111\u1ea3o k\u1ebft h\u1ee3p b\u00e0n \u0103n ho\u1eb7c qu\u1ea7y bar, gi\u00fap ti\u1ebft ki\u1ec7m di\u1ec7n t\u00edch m\u00e0 v\u1eabn \u0111\u1ea3m b\u1ea3o c\u00f4ng n\u0103ng.<\/span><\/li>\n<li style=\"font-weight: 400;\" aria-level=\"1\"><b>B\u1ed1 tr\u00ed gh\u1ebf \u0111\u1ea3o b\u1ebfp \u0111\u1eb9p<\/b><span style=\"font-weight: 400;\">: Bi\u1ebfn b\u00e0n \u0111\u1ea3o th\u00e0nh kh\u00f4ng gian th\u01b0 gi\u00e3n ho\u1eb7c n\u01a1i ti\u1ebfp kh\u00e1ch tuy\u1ec7t v\u1eddi, t\u1ea1o s\u1ef1 tho\u1ea3i m\u00e1i v\u00e0 ti\u1ec7n nghi cho gia \u0111\u00ecnh v\u00e0 b\u1ea1n b\u00e8.<\/span><\/li>\n<\/ul>\n<h2 style=\"text-align: justify;\"><b>2. C\u00e1c lo\u1ea1i b\u00e0n \u0111\u1ea3o b\u1ebfp nh\u00f4m h\u1ee3p kim ph\u1ed5 bi\u1ebfn<\/b><\/h2>\n<p><img loading=\"lazy\" decoding=\"async\" class=\"aligncenter wp-image-6488 size-full\" src=\"https:\/\/nhatnam.org\/wp-content\/uploads\/2025\/04\/Dao_bep_nhom_hop_kim07.jpg\" alt=\"B\u00e0n \u0110\u1ea3o B\u1ebfp Nh\u00f4m H\u1ee3p Kim Cao C\u1ea5p\" width=\"1280\" height=\"960\" \/><\/p>\n<p style=\"text-align: justify;\"><span style=\"font-weight: 400;\">B\u00e0n \u0111\u1ea3o b\u1ebfp hi\u1ec7n nay c\u00f3 r\u1ea5t nhi\u1ec1u ki\u1ec3u d\u00e1ng v\u00e0 thi\u1ebft k\u1ebf \u0111\u1ec3 ph\u00f9 h\u1ee3p v\u1edbi t\u1eebng kh\u00f4ng gian b\u1ebfp, gi\u00fap t\u1ed1i \u01b0u h\u00f3a di\u1ec7n t\u00edch v\u00e0 n\u00e2ng cao t\u00ednh th\u1ea9m m\u1ef9 cho c\u0103n b\u1ebfp c\u1ee7a b\u1ea1n. D\u01b0\u1edbi \u0111\u00e2y l\u00e0 m\u1ed9t s\u1ed1 lo\u1ea1i b\u00e0n \u0111\u1ea3o b\u1ebfp ph\u1ed5 bi\u1ebfn m\u00e0 b\u1ea1n c\u00f3 th\u1ec3 l\u1ef1a ch\u1ecdn:<\/span><\/p>\n<p style=\"text-align: justify;\"><b>2.1. B\u00e0n \u0111\u1ea3o b\u1ebfp r\u1eddi<\/b><\/p>\n<p style=\"text-align: justify;\"><span style=\"font-weight: 400;\">B\u00e0n \u0111\u1ea3o b\u1ebfp r\u1eddi l\u00e0 l\u1ef1a ch\u1ecdn linh ho\u1ea1t v\u00e0 ti\u1ec7n d\u1ee5ng cho nh\u1eefng kh\u00f4ng gian b\u1ebfp kh\u00f4ng c\u1ed1 \u0111\u1ecbnh. V\u1edbi thi\u1ebft k\u1ebf c\u00f3 th\u1ec3 di chuy\u1ec3n v\u00e0 thay \u0111\u1ed5i v\u1ecb tr\u00ed d\u1ec5 d\u00e0ng, lo\u1ea1i b\u00e0n \u0111\u1ea3o n\u00e0y ph\u00f9 h\u1ee3p v\u1edbi nh\u1eefng c\u0103n b\u1ebfp c\u00f3 di\u1ec7n t\u00edch h\u1ea1n ch\u1ebf ho\u1eb7c gia \u0111\u00ecnh c\u1ea7n thay \u0111\u1ed5i b\u1ed1 c\u1ee5c kh\u00f4ng gian b\u1ebfp theo nhu c\u1ea7u. B\u00e0n \u0111\u1ea3o b\u1ebfp r\u1eddi gi\u00fap t\u1ea1o ra s\u1ef1 linh ho\u1ea1t t\u1ed1i \u0111a trong vi\u1ec7c s\u1eed d\u1ee5ng kh\u00f4ng gian.<\/span><\/p>\n<p style=\"text-align: justify;\"><b>\u01afu \u0111i\u1ec3m<\/b><span style=\"font-weight: 400;\">:<\/span><\/p>\n<ul style=\"text-align: justify;\">\n<li style=\"font-weight: 400;\" aria-level=\"1\"><span style=\"font-weight: 400;\">Di chuy\u1ec3n d\u1ec5 d\u00e0ng, thay \u0111\u1ed5i v\u1ecb tr\u00ed theo nhu c\u1ea7u.<\/span><\/li>\n<li style=\"font-weight: 400;\" aria-level=\"1\"><span style=\"font-weight: 400;\">Ph\u00f9 h\u1ee3p v\u1edbi kh\u00f4ng gian b\u1ebfp nh\u1ecf ho\u1eb7c b\u1ebfp c\u1ea7n s\u1ef1 linh \u0111\u1ed9ng.<\/span><\/li>\n<li style=\"font-weight: 400;\" aria-level=\"1\"><span style=\"font-weight: 400;\">Ti\u1ebft ki\u1ec7m di\u1ec7n t\u00edch cho nh\u1eefng c\u0103n b\u1ebfp c\u00f3 kh\u00f4ng gian h\u1ea1n ch\u1ebf.<\/span><\/li>\n<\/ul>\n<p style=\"text-align: justify;\"><b>2.2. B\u00e0n \u0111\u1ea3o b\u1ebfp k\u1ebft h\u1ee3p b\u00e0n \u0103n<\/b><\/p>\n<p style=\"text-align: justify;\"><span style=\"font-weight: 400;\">V\u1edbi kh\u00f4ng gian b\u1ebfp c\u00f3 di\u1ec7n t\u00edch h\u1ea1n ch\u1ebf nh\u01b0ng v\u1eabn mu\u1ed1n c\u00f3 khu v\u1ef1c n\u1ea5u n\u01b0\u1edbng v\u00e0 \u0103n u\u1ed1ng ti\u1ec7n l\u1ee3i, b\u00e0n \u0111\u1ea3o b\u1ebfp k\u1ebft h\u1ee3p b\u00e0n \u0103n l\u00e0 l\u1ef1a ch\u1ecdn l\u00fd t\u01b0\u1edfng. \u0110\u00e2y l\u00e0 m\u1ed9t thi\u1ebft k\u1ebf th\u00f4ng minh gi\u00fap ti\u1ebft ki\u1ec7m di\u1ec7n t\u00edch m\u00e0 v\u1eabn \u0111\u1ea3m b\u1ea3o t\u00ednh th\u1ea9m m\u1ef9 v\u00e0 c\u00f4ng n\u0103ng s\u1eed d\u1ee5ng.<\/span><\/p>\n<p style=\"text-align: justify;\"><b>\u01afu \u0111i\u1ec3m<\/b><span style=\"font-weight: 400;\">:<\/span><\/p>\n<ul style=\"text-align: justify;\">\n<li style=\"font-weight: 400;\" aria-level=\"1\"><span style=\"font-weight: 400;\">T\u1ed1i \u01b0u h\u00f3a kh\u00f4ng gian b\u1ebfp, gi\u00fap k\u1ebft h\u1ee3p c\u1ea3 khu v\u1ef1c n\u1ea5u n\u01b0\u1edbng v\u00e0 \u0103n u\u1ed1ng.<\/span><\/li>\n<li style=\"font-weight: 400;\" aria-level=\"1\"><span style=\"font-weight: 400;\">Ph\u00f9 h\u1ee3p v\u1edbi c\u00e1c c\u0103n b\u1ebfp nh\u1ecf, gi\u00fap kh\u00f4ng gian tr\u1edf n\u00ean ti\u1ec7n l\u1ee3i v\u00e0 g\u1ecdn g\u00e0ng h\u01a1n.<\/span><\/li>\n<li style=\"font-weight: 400;\" aria-level=\"1\"><span style=\"font-weight: 400;\">Thi\u1ebft k\u1ebf \u0111\u1eb9p m\u1eaft, mang l\u1ea1i v\u1ebb hi\u1ec7n \u0111\u1ea1i cho kh\u00f4ng gian b\u1ebfp.<\/span><\/li>\n<\/ul>\n<p style=\"text-align: justify;\"><b>2.3. B\u00e0n \u0111\u1ea3o b\u1ebfp m\u1eb7t \u0111\u00e1<\/b><\/p>\n<p style=\"text-align: justify;\"><span style=\"font-weight: 400;\">N\u1ebfu b\u1ea1n y\u00eau th\u00edch s\u1ef1 sang tr\u1ecdng v\u00e0 \u0111\u1ed9 b\u1ec1n cao, b\u00e0n \u0111\u1ea3o b\u1ebfp m\u1eb7t \u0111\u00e1 s\u1ebd l\u00e0 l\u1ef1a ch\u1ecdn kh\u00f4ng th\u1ec3 b\u1ecf qua. M\u1eb7t \u0111\u00e1 kh\u00f4ng ch\u1ec9 mang \u0111\u1ebfn v\u1ebb \u0111\u1eb9p th\u1ea9m m\u1ef9 cao m\u00e0 c\u00f2n c\u00f3 kh\u1ea3 n\u0103ng ch\u1ed1ng tr\u1ea7y x\u01b0\u1edbc, ch\u1ecbu nhi\u1ec7t t\u1ed1t, d\u1ec5 d\u00e0ng v\u1ec7 sinh v\u00e0 l\u00e0m s\u1ea1ch.<\/span><\/p>\n<p style=\"text-align: justify;\"><b>\u01afu \u0111i\u1ec3m<\/b><span style=\"font-weight: 400;\">:<\/span><\/p>\n<ul style=\"text-align: justify;\">\n<li style=\"font-weight: 400;\" aria-level=\"1\"><span style=\"font-weight: 400;\">M\u1eb7t \u0111\u00e1 ch\u1ecbu nhi\u1ec7t t\u1ed1t, ch\u1ed1ng tr\u1ea7y x\u01b0\u1edbc v\u00e0 d\u1ec5 d\u00e0ng v\u1ec7 sinh.<\/span><\/li>\n<li style=\"font-weight: 400;\" aria-level=\"1\"><span style=\"font-weight: 400;\">Ki\u1ebfn t\u1ea1o c\u0103n b\u1ebfp tinh t\u1ebf, ti\u1ec7n nghi theo phong c\u00e1ch th\u1eddi th\u01b0\u1ee3ng.<\/span><\/li>\n<li style=\"font-weight: 400;\" aria-level=\"1\"><span style=\"font-weight: 400;\">\u0110\u1ed9 b\u1ec1n cao, s\u1eed d\u1ee5ng l\u00e2u d\u00e0i m\u00e0 kh\u00f4ng b\u1ecb \u1ea3nh h\u01b0\u1edfng b\u1edfi c\u00e1c y\u1ebfu t\u1ed1 b\u00ean ngo\u00e0i.<\/span><\/li>\n<\/ul>\n<p style=\"text-align: justify;\"><b>2.4. B\u00e0n \u0111\u1ea3o b\u1ebfp k\u1ebft h\u1ee3p qu\u1ea7y bar<\/b><\/p>\n<p style=\"text-align: justify;\"><span style=\"font-weight: 400;\">B\u00e0n \u0111\u1ea3o b\u1ebfp k\u1ebft h\u1ee3p qu\u1ea7y bar kh\u00f4ng ch\u1ec9 mang l\u1ea1i kh\u00f4ng gian n\u1ea5u n\u01b0\u1edbng ti\u1ec7n l\u1ee3i m\u00e0 c\u00f2n t\u1ea1o th\u00eam khu v\u1ef1c th\u01b0 gi\u00e3n, ti\u1ebfp kh\u00e1ch trong b\u1ebfp. \u0110\u00e2y l\u00e0 l\u1ef1a ch\u1ecdn ho\u00e0n h\u1ea3o cho nh\u1eefng gia \u0111\u00ecnh y\u00eau th\u00edch s\u1ef1 hi\u1ec7n \u0111\u1ea1i v\u00e0 ti\u1ec7n nghi, \u0111\u1eb7c bi\u1ec7t l\u00e0 khi mu\u1ed1n t\u1ea1o ra m\u1ed9t kh\u00f4ng gian \u0103n u\u1ed1ng, tr\u00f2 chuy\u1ec7n tho\u1ea3i m\u00e1i trong c\u0103n b\u1ebfp.<\/span><\/p>\n<p style=\"text-align: justify;\"><b>\u01afu \u0111i\u1ec3m<\/b><span style=\"font-weight: 400;\">:<\/span><\/p>\n<ul style=\"text-align: justify;\">\n<li style=\"font-weight: 400;\" aria-level=\"1\"><span style=\"font-weight: 400;\">Bi\u1ebfn kh\u00f4ng gian b\u1ebfp tr\u1edf n\u00ean sang tr\u1ecdng v\u00e0 mang \u0111\u1eadm d\u1ea5u \u1ea5n hi\u1ec7n \u0111\u1ea1i.<\/span><\/li>\n<li style=\"font-weight: 400;\" aria-level=\"1\"><span style=\"font-weight: 400;\">Ph\u00f9 h\u1ee3p cho c\u00e1c b\u1eefa \u0103n nh\u1eb9, ti\u1ec7c t\u00f9ng ho\u1eb7c th\u01b0 gi\u00e3n c\u00f9ng gia \u0111\u00ecnh.<\/span><\/li>\n<li style=\"font-weight: 400;\" aria-level=\"1\"><span style=\"font-weight: 400;\">T\u1ed1i \u01b0u h\u00f3a di\u1ec7n t\u00edch, v\u1eeba c\u00f3 khu v\u1ef1c n\u1ea5u n\u01b0\u1edbng, v\u1eeba c\u00f3 khu v\u1ef1c ti\u1ebfp kh\u00e1ch.<\/span><\/li>\n<\/ul>\n<p style=\"text-align: justify;\"><b>2.5. B\u00e0n \u0111\u1ea3o b\u1ebfp nh\u1ecf g\u1ecdn<\/b><\/p>\n<p style=\"text-align: justify;\"><span style=\"font-weight: 400;\">N\u1ebfu b\u1ea1n \u0111ang s\u1ed1ng trong m\u1ed9t c\u0103n h\u1ed9 chung c\u01b0 hay kh\u00f4ng gian b\u1ebfp h\u1ea1n ch\u1ebf, b\u00e0n \u0111\u1ea3o b\u1ebfp nh\u1ecf g\u1ecdn l\u00e0 l\u1ef1a ch\u1ecdn l\u00fd t\u01b0\u1edfng. M\u1eb7c d\u00f9 k\u00edch th\u01b0\u1edbc nh\u1ecf, b\u00e0n \u0111\u1ea3o n\u00e0y v\u1eabn c\u00f3 th\u1ec3 t\u00edch h\u1ee3p th\u00eam ng\u0103n ch\u1ee9a \u0111\u1ed3 \u0111\u1ec3 gi\u00fap b\u1ea1n t\u1ed1i \u01b0u h\u00f3a di\u1ec7n t\u00edch b\u1ebfp m\u1ed9t c\u00e1ch th\u00f4ng minh v\u00e0 ti\u1ec7n l\u1ee3i.<\/span><\/p>\n<p style=\"text-align: justify;\"><b>\u01afu \u0111i\u1ec3m<\/b><span style=\"font-weight: 400;\">:<\/span><\/p>\n<ul style=\"text-align: justify;\">\n<li style=\"font-weight: 400;\" aria-level=\"1\"><span style=\"font-weight: 400;\">K\u00edch th\u01b0\u1edbc nh\u1ecf g\u1ecdn, ph\u00f9 h\u1ee3p v\u1edbi kh\u00f4ng gian b\u1ebfp h\u1ea1n ch\u1ebf.<\/span><\/li>\n<li style=\"font-weight: 400;\" aria-level=\"1\"><span style=\"font-weight: 400;\">T\u00edch h\u1ee3p ng\u0103n ch\u1ee9a \u0111\u1ed3 gi\u00fap t\u1ed1i \u01b0u di\u1ec7n t\u00edch, ti\u1ebft ki\u1ec7m kh\u00f4ng gian l\u01b0u tr\u1eef.<\/span><\/li>\n<li style=\"font-weight: 400;\" aria-level=\"1\"><span style=\"font-weight: 400;\">Mang \u0111\u1ebfn kh\u00f4ng gian g\u1ecdn g\u00e0ng, d\u1ec5 d\u00e0ng s\u1eed d\u1ee5ng m\u00e0 kh\u00f4ng chi\u1ebfm qu\u00e1 nhi\u1ec1u di\u1ec7n t\u00edch.<\/span><\/li>\n<\/ul>\n<p style=\"text-align: justify;\"><span style=\"font-weight: 400;\">Nh\u1eefng m\u1eabu b\u00e0n \u0111\u1ea3o b\u1ebfp n\u00e0y kh\u00f4ng ch\u1ec9 \u0111a d\u1ea1ng v\u1ec1 thi\u1ebft k\u1ebf m\u00e0 c\u00f2n t\u1ed1i \u01b0u h\u00f3a c\u00f4ng n\u0103ng, gi\u00fap b\u1ea1n bi\u1ebfn kh\u00f4ng gian b\u1ebfp c\u1ee7a m\u00ecnh tr\u1edf n\u00ean ti\u1ec7n nghi, hi\u1ec7n \u0111\u1ea1i v\u00e0 th\u1ea9m m\u1ef9 h\u01a1n. D\u00f9 b\u1ea1n c\u00f3 kh\u00f4ng gian r\u1ed9ng r\u00e3i hay h\u1ea1n ch\u1ebf, \u0111\u1ec1u c\u00f3 th\u1ec3 l\u1ef1a ch\u1ecdn cho m\u00ecnh m\u1ed9t m\u1eabu b\u00e0n \u0111\u1ea3o ph\u00f9 h\u1ee3p, \u0111\u00e1p \u1ee9ng nhu c\u1ea7u s\u1eed d\u1ee5ng v\u00e0 s\u1edf th\u00edch ri\u00eang bi\u1ec7t.<\/span><\/p>\n<h2 style=\"text-align: justify;\"><b>3. K\u00edch th\u01b0\u1edbc ti\u00eau chu\u1ea9n c\u1ee7a b\u00e0n \u0111\u1ea3o b\u1ebfp nh\u00f4m h\u1ee3p kim<\/b><\/h2>\n<p><img loading=\"lazy\" decoding=\"async\" class=\"aligncenter wp-image-6487 size-full\" src=\"https:\/\/nhatnam.org\/wp-content\/uploads\/2025\/04\/Dao_bep_nhom_hop_kim06.jpg\" alt=\"B\u00e0n \u0110\u1ea3o B\u1ebfp Nh\u00f4m H\u1ee3p Kim Cao C\u1ea5p\" width=\"1280\" height=\"960\" \/><\/p>\n<p style=\"text-align: justify;\"><span style=\"font-weight: 400;\">Khi thi\u1ebft k\u1ebf \u0111\u1ea3o b\u1ebfp, <\/span>k\u00edch th\u01b0\u1edbc b\u00e0n \u0111\u1ea3o b\u1ebfp ti\u00eau chu\u1ea9n<span style=\"font-weight: 400;\"> r\u1ea5t quan tr\u1ecdng \u0111\u1ec3 \u0111\u1ea3m b\u1ea3o c\u00f4ng n\u0103ng v\u00e0 s\u1ef1 ti\u1ec7n nghi.<\/span><\/p>\n<ul style=\"text-align: justify;\">\n<li style=\"font-weight: 400;\" aria-level=\"1\"><b>K\u00edch th\u01b0\u1edbc b\u00e0n \u0111\u1ea3o ti\u00eau chu\u1ea9n<\/b><span style=\"font-weight: 400;\">: R\u1ed9ng t\u1eeb 60 \u2013 90cm, d\u00e0i t\u1eeb 1.2m \u2013 2.4m.<\/span><\/li>\n<li style=\"font-weight: 400;\" aria-level=\"1\"><b>Chi\u1ec1u cao b\u00e0n \u0111\u1ea3o b\u1ebfp<\/b><span style=\"font-weight: 400;\">: Th\u00f4ng th\u01b0\u1eddng t\u1eeb 85 \u2013 90cm.<\/span><\/li>\n<li style=\"font-weight: 400;\" aria-level=\"1\"><b>Kho\u1ea3ng c\u00e1ch gi\u1eefa b\u1ebfp v\u00e0 b\u00e0n \u0111\u1ea3o<\/b><span style=\"font-weight: 400;\">: T\u1ed1i thi\u1ec3u 90cm \u0111\u1ec3 di chuy\u1ec3n tho\u1ea3i m\u00e1i.<\/span><\/li>\n<li style=\"font-weight: 400;\" aria-level=\"1\"><b>K\u00edch th\u01b0\u1edbc \u0111\u1ea3o b\u1ebfp k\u1ebft h\u1ee3p b\u00e0n \u0103n<\/b><span style=\"font-weight: 400;\">: Cao 75cm \u2013 85cm, ph\u00f9 h\u1ee3p \u0111\u1ec3 s\u1eed d\u1ee5ng gh\u1ebf \u0111\u1ea3o b\u1ebfp.<\/span><\/li>\n<\/ul>\n<h2 style=\"text-align: justify;\"><b>4. B\u00e1o gi\u00e1 b\u00e0n \u0111\u1ea3o b\u1ebfp nh\u00f4m h\u1ee3p kim<\/b><\/h2>\n<p style=\"text-align: justify;\"><span style=\"font-weight: 400;\">\u0110\u1ea3o b\u1ebfp ng\u00e0y c\u00e0ng tr\u1edf th\u00e0nh xu h\u01b0\u1edbng \u0111\u01b0\u1ee3c \u01b0a chu\u1ed9ng trong thi\u1ebft k\u1ebf n\u1ed9i th\u1ea5t nh\u1edd t\u00ednh th\u1ea9m m\u1ef9 cao v\u00e0 c\u00f4ng n\u0103ng \u0111a d\u1ea1ng. Gi\u00e1 b\u00e0n \u0111\u1ea3o b\u1ebfp ph\u1ee5 thu\u1ed9c v\u00e0o ch\u1ea5t li\u1ec7u, k\u00edch th\u01b0\u1edbc v\u00e0 ki\u1ec3u d\u00e1ng, dao \u0111\u1ed9ng t\u1eeb nh\u1eefng m\u1eabu \u0111\u01a1n gi\u1ea3n \u0111\u1ebfn c\u00e1c thi\u1ebft k\u1ebf cao c\u1ea5p.<\/span><\/p>\n<p style=\"text-align: justify;\">Nh\u1ea5t Nam chuy\u00ean cung c\u1ea5p m\u1eabu \u0111\u1ea3o b\u1ebfp ch\u1ea5t l\u01b0\u1ee3ng v\u1edbi \u0111a d\u1ea1ng m\u1eabu m\u00e3 t\u1eeb nh\u00f4m k\u00ednh, nh\u00f4m h\u1ee3p kim \u0111\u1ebfn g\u1ed7 c\u00f4ng nghi\u1ec7p, \u0111\u1ea3m b\u1ea3o \u0111\u1ed9 b\u1ec1n v\u00e0 phong c\u00e1ch hi\u1ec7n \u0111\u1ea1i. \u0110\u1ec3 nh\u1eadn b\u00e1o gi\u00e1 chi ti\u1ebft v\u00e0 t\u01b0 v\u1ea5n thi\u1ebft k\u1ebf ph\u00f9 h\u1ee3p, h\u00e3y li\u00ean h\u1ec7 Nh\u1ea5t Nam ngay h\u00f4m nay!<\/p>\n<h2 style=\"text-align: justify;\"><b>5. M\u1ed9t s\u1ed1 m\u1eabu b\u00e0n \u0111\u1ea3o b\u1ebfp \u0111\u1eb9p v\u00e0 hi\u1ec7n \u0111\u1ea1i<\/b><\/h2>\n<p style=\"text-align: justify;\"><img loading=\"lazy\" decoding=\"async\" class=\"aligncenter wp-image-6486 size-full\" src=\"https:\/\/nhatnam.org\/wp-content\/uploads\/2025\/04\/Dao_bep_nhom_hop_kim03.jpg\" alt=\"B\u00e0n \u0110\u1ea3o B\u1ebfp Nh\u00f4m H\u1ee3p Kim Cao C\u1ea5p\" width=\"1280\" height=\"960\" \/><\/p>\n<p style=\"text-align: justify;\">\u00a0<img loading=\"lazy\" decoding=\"async\" class=\"aligncenter wp-image-6484 size-full\" src=\"https:\/\/nhatnam.org\/wp-content\/uploads\/2025\/04\/Dao_bep_nhom_hop_kim01.jpg\" alt=\"B\u00e0n \u0110\u1ea3o B\u1ebfp Nh\u00f4m H\u1ee3p Kim Cao C\u1ea5p\" width=\"1280\" height=\"960\" \/><\/p>\n<p style=\"text-align: justify;\"><img loading=\"lazy\" decoding=\"async\" class=\"aligncenter wp-image-6485 size-full\" src=\"https:\/\/nhatnam.org\/wp-content\/uploads\/2025\/04\/Dao_bep_nhom_hop_kim02.jpg\" alt=\"B\u00e0n \u0110\u1ea3o B\u1ebfp Nh\u00f4m H\u1ee3p Kim Cao C\u1ea5p\" width=\"1280\" height=\"960\" \/><\/p>\n<h2 style=\"text-align: justify;\"><b>6. Nh\u1ea5t Nam &#8211; \u0110\u1ecba ch\u1ec9 uy t\u00edn chuy\u00ean thi\u1ebft k\u1ebf, thi c\u00f4ng m\u1eabu \u0111\u1ea3o b\u1ebfp nh\u00f4m h\u1ee3p kim \u0111\u1eb9p<\/b><\/h2>\n<p style=\"text-align: justify;\"><span style=\"font-weight: 400;\">B\u00e0n \u0111\u1ea3o b\u1ebfp kh\u00f4ng ch\u1ec9 l\u00e0 \u0111i\u1ec3m nh\u1ea5n th\u1ea9m m\u1ef9 m\u00e0 c\u00f2n mang \u0111\u1ebfn s\u1ef1 ti\u1ec7n nghi v\u01b0\u1ee3t tr\u1ed9i, gi\u00fap t\u1ed1i \u01b0u kh\u00f4ng gian v\u00e0 t\u0103ng t\u00ednh linh ho\u1ea1t khi s\u1eed d\u1ee5ng. V\u1edbi kinh nghi\u1ec7m chuy\u00ean s\u00e2u trong l\u0129nh v\u1ef1c n\u1ed9i th\u1ea5t, <\/span>Nh\u1ea5t Nam<span style=\"font-weight: 400;\"> cam k\u1ebft mang \u0111\u1ebfn gi\u1ea3i ph\u00e1p <\/span>thi c\u00f4ng v\u00e0 l\u1eafp \u0111\u1eb7t b\u00e0n \u0111\u1ea3o b\u1ebfp<span style=\"font-weight: 400;\"> ch\u1ea5t l\u01b0\u1ee3ng, \u0111\u1ea3m b\u1ea3o s\u1ef1 h\u00e0i l\u00f2ng tuy\u1ec7t \u0111\u1ed1i.<\/span><\/p>\n<ul style=\"text-align: justify;\">\n<li style=\"font-weight: 400;\" aria-level=\"1\"><b>V\u1eadt li\u1ec7u cao c\u1ea5p, ch\u00ednh h\u00e3ng<\/b><span style=\"font-weight: 400;\"> \u2013 S\u1eed d\u1ee5ng nh\u00f4m h\u1ee3p kim, nh\u00f4m k\u00ednh ch\u1ea5t l\u01b0\u1ee3ng cao, b\u1ec1n \u0111\u1eb9p, ch\u1ed1ng \u1ea9m, ch\u1ed1ng oxy h\u00f3a, \u0111\u1ea3m b\u1ea3o an to\u00e0n v\u00e0 \u0111\u1ed9 b\u1ec1n d\u00e0i l\u00e2u.<\/span><\/li>\n<li style=\"font-weight: 400;\" aria-level=\"1\"><b>B\u1ea3o h\u00e0nh r\u00f5 r\u00e0ng, h\u1ed7 tr\u1ee3 nhanh ch\u00f3ng<\/b><span style=\"font-weight: 400;\"> \u2013 Ch\u00ednh s\u00e1ch b\u1ea3o h\u00e0nh minh b\u1ea1ch, x\u1eed l\u00fd s\u1ef1 c\u1ed1 nhanh g\u1ecdn, mang l\u1ea1i s\u1ef1 an t\u00e2m khi s\u1eed d\u1ee5ng.<\/span><\/li>\n<li style=\"font-weight: 400;\" aria-level=\"1\"><b>Thi\u1ebft k\u1ebf linh ho\u1ea1t, t\u1ed1i \u01b0u kh\u00f4ng gian<\/b><span style=\"font-weight: 400;\"> \u2013 \u0110a d\u1ea1ng phong c\u00e1ch t\u1eeb hi\u1ec7n \u0111\u1ea1i \u0111\u1ebfn t\u1ed1i gi\u1ea3n, ph\u00f9 h\u1ee3p v\u1edbi t\u1eebng kh\u00f4ng gian b\u1ebfp v\u00e0 nhu c\u1ea7u c\u1ee7a kh\u00e1ch h\u00e0ng.<\/span><\/li>\n<li style=\"font-weight: 400;\" aria-level=\"1\"><b>Thi c\u00f4ng chuy\u00ean nghi\u1ec7p, \u0111\u00fang ti\u1ebfn \u0111\u1ed9<\/b><span style=\"font-weight: 400;\"> \u2013 \u0110\u1ed9i ng\u0169 k\u1ef9 thu\u1eadt vi\u00ean tay ngh\u1ec1 cao, l\u00e0m vi\u1ec7c b\u00e0i b\u1ea3n, ho\u00e0n th\u00e0nh \u0111\u00fang th\u1eddi gian cam k\u1ebft.<\/span><\/li>\n<li style=\"font-weight: 400;\" aria-level=\"1\"><b>T\u01b0 v\u1ea5n t\u1eadn t\u00ecnh, \u0111\u1ed3ng h\u00e0nh l\u00e2u d\u00e0i<\/b><span style=\"font-weight: 400;\"> \u2013 H\u1ed7 tr\u1ee3 kh\u00e1ch h\u00e0ng t\u1eeb kh\u00e2u thi\u1ebft k\u1ebf, l\u1ef1a ch\u1ecdn ch\u1ea5t li\u1ec7u \u0111\u1ebfn l\u1eafp \u0111\u1eb7t ho\u00e0n thi\u1ec7n, \u0111\u1ea3m b\u1ea3o mang l\u1ea1i gi\u1ea3i ph\u00e1p t\u1ed1i \u01b0u nh\u1ea5t.<\/span><\/li>\n<\/ul>\n<p style=\"text-align: justify;\"><span style=\"font-weight: 400;\">Li\u00ean h\u1ec7 ngay v\u1edbi <\/span><a href=\"https:\/\/www.facebook.com\/ctynhatnam2011\" target=\"_blank\" rel=\"noopener\"><b>Nh\u1ea5t Nam<\/b><\/a><span style=\"font-weight: 400;\"> \u0111\u1ec3 nh\u1eadn t\u01b0 v\u1ea5n chi ti\u1ebft v\u00e0 s\u1edf h\u1eefu \u0111\u1ea3o b\u1ebfp ho\u00e0n h\u1ea3o cho kh\u00f4ng gian b\u1ebfp c\u1ee7a b\u1ea1n!<\/span><\/p>\n","protected":false},"excerpt":{"rendered":"<p>B\u00e0n \u0111\u1ea3o b\u1ebfp nh\u00f4m h\u1ee3p kim cao c\u1ea5p kh\u00f4ng ch\u1ec9 mang \u0111\u1ebfn s\u1ef1 ti\u1ec7n nghi m\u00e0 c\u00f2n t\u1ea1o \u0111i\u1ec3m nh\u1ea5n sang tr\u1ecdng cho kh\u00f4ng gian b\u1ebfp hi\u1ec7n \u0111\u1ea1i. V\u1edbi thi\u1ebft k\u1ebf tinh t\u1ebf, ch\u1ea5t li\u1ec7u b\u1ec1n b\u1ec9 v\u00e0 kh\u1ea3 n\u0103ng ch\u1ed1ng th\u1ea5m, ch\u1ed1ng oxy h\u00f3a v\u01b0\u1ee3t tr\u1ed9i, b\u00e0n \u0111\u1ea3o b\u1ebfp nh\u00f4m h\u1ee3p kim l\u00e0 l\u1ef1a [&hellip;]<\/p>\n","protected":false},"featured_media":1795,"comment_status":"open","ping_status":"closed","template":"","meta":{"_acf_changed":false,"_gspb_post_css":""},"book-author":[],"product_brand":[],"product_cat":[123,128],"product_tag":[],"class_list":{"0":"post-1796","1":"product","2":"type-product","3":"status-publish","4":"has-post-thumbnail","6":"product_cat-ban-an-dao-bep","7":"product_cat-dao-bep-nhom","9":"first","10":"instock","11":"shipping-taxable","12":"product-type-simple"},"acf":[],"_links":{"self":[{"href":"https:\/\/nhatnam.libion.me\/index.php\/wp-json\/wp\/v2\/product\/1796","targetHints":{"allow":["GET"]}}],"collection":[{"href":"https:\/\/nhatnam.libion.me\/index.php\/wp-json\/wp\/v2\/product"}],"about":[{"href":"https:\/\/nhatnam.libion.me\/index.php\/wp-json\/wp\/v2\/types\/product"}],"replies":[{"embeddable":true,"href":"https:\/\/nhatnam.libion.me\/index.php\/wp-json\/wp\/v2\/comments?post=1796"}],"wp:featuredmedia":[{"embeddable":true,"href":"https:\/\/nhatnam.libion.me\/index.php\/wp-json\/wp\/v2\/media\/1795"}],"wp:attachment":[{"href":"https:\/\/nhatnam.libion.me\/index.php\/wp-json\/wp\/v2\/media?parent=1796"}],"wp:term":[{"taxonomy":"book-author","embeddable":true,"href":"https:\/\/nhatnam.libion.me\/index.php\/wp-json\/wp\/v2\/book-author?post=1796"},{"taxonomy":"product_brand","embeddable":true,"href":"https:\/\/nhatnam.libion.me\/index.php\/wp-json\/wp\/v2\/product_brand?post=1796"},{"taxonomy":"product_cat","embeddable":true,"href":"https:\/\/nhatnam.libion.me\/index.php\/wp-json\/wp\/v2\/product_cat?post=1796"},{"taxonomy":"product_tag","embeddable":true,"href":"https:\/\/nhatnam.libion.me\/index.php\/wp-json\/wp\/v2\/product_tag?post=1796"}],"curies":[{"name":"wp","href":"https:\/\/api.w.org\/{rel}","templated":true}]}}