{"id":1782,"date":"2026-04-07T10:24:54","date_gmt":"2026-04-07T10:24:54","guid":{"rendered":"https:\/\/nhatnam.libion.me\/index.php\/product\/giuong-go-mdf-loi-xanh-an-cuong\/"},"modified":"2026-04-07T10:24:54","modified_gmt":"2026-04-07T10:24:54","slug":"giuong-go-mdf-loi-xanh-an-cuong","status":"publish","type":"product","link":"https:\/\/nhatnam.libion.me\/index.php\/product\/giuong-go-mdf-loi-xanh-an-cuong\/","title":{"rendered":"Gi\u01b0\u1eddng G\u1ed7 MDF L\u00f5i Xanh An C\u01b0\u1eddng"},"content":{"rendered":"<p style=\"text-align: justify;\"><span style=\"font-weight: 400;\">Gi\u01b0\u1eddng g\u1ed7 MDF l\u00f5i xanh An C\u01b0\u1eddng l\u00e0 l\u1ef1a ch\u1ecdn ho\u00e0n h\u1ea3o cho nh\u1eefng ai y\u00eau th\u00edch n\u1ed9i th\u1ea5t b\u1ec1n \u0111\u1eb9p, hi\u1ec7n \u0111\u1ea1i. V\u1edbi kh\u1ea3 n\u0103ng ch\u1ed1ng \u1ea9m t\u1ed1t, b\u1ec1 m\u1eb7t nh\u1eb5n m\u1ecbn v\u00e0 \u0111\u1ed9 b\u1ec1n cao, s\u1ea3n ph\u1ea9m kh\u00f4ng ch\u1ec9 mang \u0111\u1ebfn s\u1ef1 tho\u1ea3i m\u00e1i khi s\u1eed d\u1ee5ng m\u00e0 c\u00f2n gi\u00fap kh\u00f4ng gian tr\u1edf n\u00ean sang tr\u1ecdng h\u01a1n. N\u1ebfu b\u1ea1n \u0111ang t\u00ecm ki\u1ebfm m\u1ed9t m\u1eabu gi\u01b0\u1eddng ng\u1ee7 v\u1eeba th\u1ea9m m\u1ef9 v\u1eeba ch\u1ea5t l\u01b0\u1ee3ng, \u0111\u00e2y ch\u1eafc ch\u1eafn l\u00e0 g\u1ee3i \u00fd kh\u00f4ng th\u1ec3 b\u1ecf qua!<\/span><\/p>\n<p style=\"text-align: justify;\"><span style=\"font-weight: 400;\">C\u00f9ng Nh\u1ea5t Nam t\u00ecm hi\u1ec3u chi ti\u1ebft v\u1ec1 s\u1ea3n ph\u1ea9m n\u00e0y trong b\u00e0i vi\u1ebft d\u01b0\u1edbi \u0111\u00e2y.<\/span><\/p>\n<h2 style=\"text-align: justify;\"><b>1. Gi\u01b0\u1eddng g\u1ed7 MDF l\u00f5i xanh l\u00e0 g\u00ec?<\/b><\/h2>\n<figure id=\"attachment_6447\" aria-describedby=\"caption-attachment-6447\" style=\"width: 1280px\" class=\"wp-caption aligncenter\"><img loading=\"lazy\" decoding=\"async\" class=\"wp-image-6447 size-full\" src=\"https:\/\/nhatnam.org\/wp-content\/uploads\/2025\/04\/giuong_go_mdf_loi_xanh-6.jpg\" alt=\"Gi\u01b0\u1eddng G\u1ed7 MDF L\u00f5i Xanh An C\u01b0\u1eddng\" width=\"1280\" height=\"960\" \/><figcaption id=\"caption-attachment-6447\" class=\"wp-caption-text\">Ch\u1ea5t li\u1ec7u g\u1ed7 MDF l\u00f5i xanh An C\u01b0\u1eddng<span style=\"font-size: 16px;\">\u00a0\u00a0<\/span><span style=\"font-size: 16px;\">\u00a0<\/span><\/figcaption><\/figure>\n<p style=\"text-align: justify;\"><span style=\"font-weight: 400;\">MDF l\u00f5i xanh l\u00e0 lo\u1ea1i v\u00e1n ch\u1ed1ng \u1ea9m, \u0111\u01b0\u1ee3c s\u1ea3n xu\u1ea5t t\u1eeb s\u1ee3i g\u1ed7 \u00e9p v\u1edbi m\u1eadt \u0111\u1ed9 n\u00e9n cao, s\u1eed d\u1ee5ng keo MUF k\u1ebft d\u00ednh v\u00e0 b\u1ed5 sung c\u00e1c h\u1ee3p ch\u1ea5t \u0111\u1eb7c bi\u1ec7t nh\u1eb1m n\u00e2ng cao kh\u1ea3 n\u0103ng ch\u1ed1ng \u1ea9m so v\u1edbi MDF th\u00f4ng th\u01b0\u1eddng. \u0110\u1eb7c tr\u01b0ng c\u1ee7a lo\u1ea1i g\u1ed7 n\u00e0y l\u00e0 ph\u1ea7n l\u00f5i c\u00f3 m\u00e0u xanh, xu\u1ea5t ph\u00e1t t\u1eeb c\u00e1c ch\u1ea5t ph\u1ee5 gia ch\u1ed1ng \u1ea9m, nh\u01b0ng kh\u00f4ng \u1ea3nh h\u01b0\u1edfng \u0111\u1ebfn ch\u1ea5t l\u01b0\u1ee3ng hay \u0111\u1ed9 b\u1ec1n c\u1ee7a s\u1ea3n ph\u1ea9m.<\/span><\/p>\n<p style=\"text-align: justify;\"><span style=\"font-weight: 400;\">Gi\u01b0\u1eddng g\u1ed7 MDF l\u00f5i xanh l\u00e0 s\u1ea3n ph\u1ea9m n\u1ed9i th\u1ea5t \u0111\u01b0\u1ee3c l\u00e0m t\u1eeb g\u1ed7 MDF (Medium Density Fiberboard) cao c\u1ea5p, v\u1edbi l\u00f5i xanh ch\u1ed1ng \u1ea9m, gi\u00fap t\u0103ng \u0111\u1ed9 b\u1ec1n v\u00e0 kh\u1ea3 n\u0103ng kh\u00e1ng \u1ea9m m\u1ed1c. G\u1ed7 MDF l\u00e0 m\u1ed9t lo\u1ea1i g\u1ed7 c\u00f4ng nghi\u1ec7p \u0111\u01b0\u1ee3c s\u1ea3n xu\u1ea5t t\u1eeb s\u1ee3i g\u1ed7 t\u1ef1 nhi\u00ean, \u00e9p ch\u1eb7t v\u1edbi keo d\u01b0\u1edbi nhi\u1ec7t \u0111\u1ed9 v\u00e0 \u00e1p su\u1ea5t cao, t\u1ea1o n\u00ean b\u1ec1 m\u1eb7t ph\u1eb3ng m\u1ecbn v\u00e0 ch\u1eafc ch\u1eafn.<\/span><\/p>\n<p style=\"text-align: justify;\"><span style=\"font-weight: 400;\">\u0110i\u1ec3m kh\u00e1c bi\u1ec7t l\u1edbn nh\u1ea5t c\u1ee7a gi\u01b0\u1eddng MDF l\u00f5i xanh An C\u01b0\u1eddng l\u00e0 kh\u1ea3 n\u0103ng ch\u1ed1ng \u1ea9m c\u1ef1c k\u1ef3 t\u1ed1t nh\u1edd c\u00f4ng ngh\u1ec7 l\u00f5i xanh \u0111\u1eb7c bi\u1ec7t. Nh\u1edd \u0111\u00f3, s\u1ea3n ph\u1ea9m c\u00f3 th\u1ec3 ch\u1ecbu \u0111\u01b0\u1ee3c \u0111i\u1ec1u ki\u1ec7n m\u00f4i tr\u01b0\u1eddng c\u00f3 \u0111\u1ed9 \u1ea9m cao, h\u1ea1n ch\u1ebf cong v\u00eanh, n\u1ee9t n\u1ebb so v\u1edbi g\u1ed7 t\u1ef1 nhi\u00ean. \u0110\u1eb7c t\u00ednh n\u00e0y khi\u1ebfn gi\u01b0\u1eddng MDF l\u00f5i xanh tr\u1edf th\u00e0nh l\u1ef1a ch\u1ecdn ph\u1ed5 bi\u1ebfn trong c\u00e1c kh\u00f4ng gian s\u1ed1ng, \u0111\u1eb7c bi\u1ec7t l\u00e0 ph\u00f2ng ng\u1ee7.<\/span><\/p>\n<p style=\"text-align: justify;\"><span style=\"font-weight: 400;\">B\u00ean c\u1ea1nh \u0111\u00f3, s\u1ef1 k\u1ebft h\u1ee3p gi\u1eefa g\u1ed7 MDF v\u00e0 l\u00f5i xanh mang \u0111\u1ebfn thi\u1ebft k\u1ebf \u0111\u1ed9c \u0111\u00e1o, hi\u1ec7n \u0111\u1ea1i, ph\u00f9 h\u1ee3p v\u1edbi nhi\u1ec1u phong c\u00e1ch n\u1ed9i th\u1ea5t kh\u00e1c nhau.<\/span><\/p>\n<h2 style=\"text-align: justify;\"><b>2. \u0110\u1eb7c \u0111i\u1ec3m c\u1ee7a gi\u01b0\u1eddng g\u1ed7 MDF l\u00f5i xanh<\/b><\/h2>\n<figure id=\"attachment_6448\" aria-describedby=\"caption-attachment-6448\" style=\"width: 1280px\" class=\"wp-caption aligncenter\"><img loading=\"lazy\" decoding=\"async\" class=\"wp-image-6448 size-full\" src=\"https:\/\/nhatnam.org\/wp-content\/uploads\/2025\/04\/giuong_go_mdf_loi_xanh-7.jpg\" alt=\"Gi\u01b0\u1eddng G\u1ed7 MDF L\u00f5i Xanh An C\u01b0\u1eddng\" width=\"1280\" height=\"960\" \/><figcaption id=\"caption-attachment-6448\" class=\"wp-caption-text\">K\u1ebft c\u1ea5u lo\u1ea1i v\u00e1n ch\u1ed1ng \u1ea9m An C\u01b0\u1eddng<\/figcaption><\/figure>\n<p style=\"text-align: justify;\"><b>Kh\u1ea3 n\u0103ng ch\u1ed1ng \u1ea9m v\u01b0\u1ee3t tr\u1ed9i<\/b><\/p>\n<p style=\"text-align: justify;\"><span style=\"font-weight: 400;\">Gi\u01b0\u1eddng g\u1ed7 MDF l\u00f5i xanh \u0111\u01b0\u1ee3c s\u1ea3n xu\u1ea5t t\u1eeb v\u00e1n MDF c\u00f3 kh\u1ea3 n\u0103ng ch\u1ed1ng \u1ea9m cao, nh\u1edd v\u00e0o c\u00f4ng ngh\u1ec7 \u00e9p s\u1ee3i g\u1ed7 k\u1ebft h\u1ee3p v\u1edbi keo ch\u1ed1ng \u1ea9m \u0111\u1eb7c bi\u1ec7t. B\u00ean trong l\u00f5i v\u00e1n c\u00f3 ch\u1ee9a c\u00e1c ch\u1ea5t ph\u1ee5 gia gi\u00fap t\u0103ng kh\u1ea3 n\u0103ng kh\u00e1ng n\u01b0\u1edbc, h\u1ea1n ch\u1ebf t\u00ecnh tr\u1ea1ng ph\u1ed3ng r\u1ed9p, cong v\u00eanh khi ti\u1ebfp x\u00fac v\u1edbi m\u00f4i tr\u01b0\u1eddng c\u00f3 \u0111\u1ed9 \u1ea9m cao. Nh\u1edd v\u1eady, lo\u1ea1i gi\u01b0\u1eddng n\u00e0y \u0111\u1eb7c bi\u1ec7t ph\u00f9 h\u1ee3p v\u1edbi \u0111i\u1ec1u ki\u1ec7n kh\u00ed h\u1eadu n\u00f3ng \u1ea9m nh\u01b0 Vi\u1ec7t Nam, \u0111\u1ea3m b\u1ea3o \u0111\u1ed9 b\u1ec1n l\u00e2u d\u00e0i h\u01a1n so v\u1edbi MDF th\u00f4ng th\u01b0\u1eddng.<\/span><\/p>\n<p style=\"text-align: justify;\"><b>\u0110\u1ed9 d\u00e0y \u0111a d\u1ea1ng c\u1ee7a v\u00e1n MDF<\/b><\/p>\n<p style=\"text-align: justify;\"><span style=\"font-weight: 400;\">Gi\u01b0\u1eddng MDF l\u00f5i xanh c\u00f3 nhi\u1ec1u \u0111\u1ed9 d\u00e0y kh\u00e1c nhau \u0111\u1ec3 \u0111\u00e1p \u1ee9ng nhu c\u1ea7u s\u1eed d\u1ee5ng linh ho\u1ea1t. M\u1ed9t s\u1ed1 k\u00edch th\u01b0\u1edbc ph\u1ed5 bi\u1ebfn c\u1ee7a v\u00e1n g\u1ed7 bao g\u1ed3m <\/span><span style=\"font-weight: 400;\">2,3mm, 2,5mm, 3mm, 4mm, 4,5mm, 4,75mm, 5,5mm, 6mm, 8mm, 9mm, <\/span><span style=\"font-weight: 400;\">12mm, 15mm, 16mm, 17mm, 18mm, 19mm v\u00e0 25mm. \u0110\u1ed9 d\u00e0y v\u00e1n c\u00e0ng l\u1edbn th\u00ec kh\u1ea3 n\u0103ng ch\u1ecbu l\u1ef1c c\u00e0ng cao, \u0111\u1ea3m b\u1ea3o \u0111\u1ed9 ch\u1eafc ch\u1eafn cho gi\u01b0\u1eddng ng\u1ee7. \u0110\u1ed1i v\u1edbi gi\u01b0\u1eddng ng\u1ee7, MDF d\u00e0y t\u1eeb 17mm \u2013 25mm th\u01b0\u1eddng \u0111\u01b0\u1ee3c s\u1eed d\u1ee5ng \u0111\u1ec3 \u0111\u1ea3m b\u1ea3o \u0111\u1ed9 b\u1ec1n v\u00e0 tu\u1ed5i th\u1ecd l\u00e2u d\u00e0i.<\/span><\/p>\n<p style=\"text-align: justify;\"><b>S\u1ee3i g\u1ed7 m\u1ecbn v\u00e0 k\u1ebft c\u1ea5u \u0111\u1ed3ng nh\u1ea5t<\/b><\/p>\n<p style=\"text-align: justify;\"><span style=\"font-weight: 400;\">G\u1ed7 MDF l\u00f5i xanh \u0111\u01b0\u1ee3c l\u00e0m t\u1eeb s\u1ee3i g\u1ed7 m\u1ecbn, \u00e9p ch\u1eb7t d\u01b0\u1edbi nhi\u1ec7t \u0111\u1ed9 v\u00e0 \u00e1p su\u1ea5t cao, t\u1ea1o th\u00e0nh m\u1ed9t kh\u1ed1i \u0111\u1ed3ng nh\u1ea5t. \u0110i\u1ec1u n\u00e0y gi\u00fap b\u1ec1 m\u1eb7t gi\u01b0\u1eddng c\u00f3 \u0111\u1ed9 m\u1ecbn cao, d\u1ec5 d\u00e0ng ho\u00e0n thi\u1ec7n v\u1edbi c\u00e1c l\u1edbp ph\u1ee7 nh\u01b0 Melamine, Acrylic ho\u1eb7c Veneer, t\u0103ng t\u00ednh th\u1ea9m m\u1ef9 v\u00e0 b\u1ea3o v\u1ec7 g\u1ed7 kh\u1ecfi tr\u1ea7y x\u01b0\u1edbc. B\u00ean c\u1ea1nh \u0111\u00f3, m\u1eadt \u0111\u1ed9 s\u1ee3i g\u1ed7 c\u1ee7a MDF l\u00f5i xanh th\u01b0\u1eddng dao \u0111\u1ed9ng t\u1eeb 670 \u2013 810 kg\/m\u00b3,\u00a0 gi\u00fap s\u1ea3n ph\u1ea9m c\u00f3 \u0111\u1ed9 b\u1ec1n cao, k\u1ebft c\u1ea5u ch\u1eafc ch\u1eafn v\u00e0 kh\u1ea3 n\u0103ng ch\u1ecbu l\u1ef1c t\u1ed1t h\u01a1n so v\u1edbi c\u00e1c lo\u1ea1i g\u1ed7 c\u00f4ng nghi\u1ec7p th\u00f4ng th\u01b0\u1eddng<\/span><\/p>\n<p style=\"text-align: justify;\"><span style=\"font-weight: 400;\">Nh\u1edd nh\u1eefng \u0111\u1eb7c \u0111i\u1ec3m n\u00e0y, gi\u01b0\u1eddng g\u1ed7 MDF l\u00f5i xanh l\u00e0 l\u1ef1a ch\u1ecdn l\u00fd t\u01b0\u1edfng cho kh\u00f4ng gian n\u1ed9i th\u1ea5t hi\u1ec7n \u0111\u1ea1i, \u0111\u1ea3m b\u1ea3o \u0111\u1ed9 b\u1ec1n, th\u1ea9m m\u1ef9 v\u00e0 kh\u1ea3 n\u0103ng ch\u1ed1ng \u1ea9m v\u01b0\u1ee3t tr\u1ed9i.<\/span><\/p>\n<h2 style=\"text-align: justify;\"><b>3. \u01afu \u0111i\u1ec3m c\u1ee7a gi\u01b0\u1eddng g\u1ed7 MDF l\u00f5i xanh<\/b><\/h2>\n<figure id=\"attachment_6442\" aria-describedby=\"caption-attachment-6442\" style=\"width: 1280px\" class=\"wp-caption aligncenter\"><img loading=\"lazy\" decoding=\"async\" class=\"wp-image-6442 size-full\" src=\"https:\/\/nhatnam.org\/wp-content\/uploads\/2025\/04\/giuong_go_mdf_loi_xanh-1.jpg\" alt=\"Gi\u01b0\u1eddng G\u1ed7 MDF L\u00f5i Xanh An C\u01b0\u1eddng\" width=\"1280\" height=\"960\" \/><figcaption id=\"caption-attachment-6442\" class=\"wp-caption-text\">M\u1eabu gi\u01b0\u1eddng g\u1ed7 MDF l\u00f5i xanh An C\u01b0\u1eddng k\u1ebft h\u1ee3p t\u1ee7 \u0111\u1ea7u gi\u01b0\u1eddng<\/figcaption><\/figure>\n<ul style=\"text-align: justify;\">\n<li style=\"font-weight: 400;\" aria-level=\"1\"><b>Kh\u1ea3 n\u0103ng ch\u1ed1ng \u1ea9m m\u1ed1c v\u00e0 m\u1ed1i m\u1ecdt t\u1ed1t<\/b><span style=\"font-weight: 400;\">: G\u1ed7 MDF l\u00f5i xanh \u0111\u1eb7c bi\u1ec7t ph\u00f9 h\u1ee3p v\u1edbi nh\u1eefng kh\u00f4ng gian c\u00f3 \u0111\u1ed9 \u1ea9m cao, gi\u00fap gi\u01b0\u1eddng kh\u00f4ng b\u1ecb \u1ea3nh h\u01b0\u1edfng b\u1edfi m\u00f4i tr\u01b0\u1eddng, b\u1ea3o v\u1ec7 gi\u01b0\u1eddng kh\u1ecfi m\u1ed1i m\u1ecdt v\u00e0 n\u1ea5m m\u1ed1c.<\/span><\/li>\n<li style=\"font-weight: 400;\" aria-level=\"1\"><b>\u0110\u1ed9 b\u1ec1n cao<\/b><span style=\"font-weight: 400;\">: Gi\u01b0\u1eddng g\u1ed7 MDF l\u00f5i xanh c\u00f3 kh\u1ea3 n\u0103ng ch\u1ecbu l\u1ef1c t\u1ed1t v\u00e0 duy tr\u00ec \u0111\u1ed9 b\u1ec1n cao trong su\u1ed1t th\u1eddi gian s\u1eed d\u1ee5ng.<\/span><\/li>\n<li style=\"font-weight: 400;\" aria-level=\"1\"><b>Ti\u1ebft ki\u1ec7m chi ph\u00ed<\/b><span style=\"font-weight: 400;\">: Gi\u01b0\u1eddng g\u1ed7 MDF l\u00f5i xanh c\u00f3 gi\u00e1 th\u00e0nh ph\u1ea3i ch\u0103ng h\u01a1n so v\u1edbi gi\u01b0\u1eddng g\u1ed7 t\u1ef1 nhi\u00ean, nh\u01b0ng v\u1eabn \u0111\u1ea3m b\u1ea3o ch\u1ea5t l\u01b0\u1ee3ng v\u01b0\u1ee3t tr\u1ed9i.<\/span><\/li>\n<li style=\"font-weight: 400;\" aria-level=\"1\"><b>Thi\u1ebft k\u1ebf \u0111a d\u1ea1ng<\/b><span style=\"font-weight: 400;\">: V\u1edbi c\u00f4ng ngh\u1ec7 ch\u1ebf t\u00e1c hi\u1ec7n \u0111\u1ea1i, gi\u01b0\u1eddng g\u1ed7 MDF l\u00f5i xanh c\u00f3 thi\u1ebft k\u1ebf phong ph\u00fa, t\u1eeb ki\u1ec3u d\u00e1ng \u0111\u01a1n gi\u1ea3n \u0111\u1ebfn c\u00e1c thi\u1ebft k\u1ebf c\u1ea7u k\u1ef3, tinh t\u1ebf.<\/span><\/li>\n<li style=\"font-weight: 400;\" aria-level=\"1\"><b>D\u1ec5 d\u00e0ng v\u1ec7 sinh<\/b><span style=\"font-weight: 400;\">: B\u1ec1 m\u1eb7t c\u1ee7a gi\u01b0\u1eddng ng\u1ee7 g\u1ed7 MDF l\u00f5i xanh r\u1ea5t m\u1ecbn v\u00e0 d\u1ec5 d\u00e0ng v\u1ec7 sinh, gi\u00fap b\u1ea1n ti\u1ebft ki\u1ec7m th\u1eddi gian v\u00e0 c\u00f4ng s\u1ee9c b\u1ea3o d\u01b0\u1ee1ng.<\/span><\/li>\n<\/ul>\n<p style=\"text-align: justify;\"><span style=\"font-weight: 400;\">V\u1edbi nh\u1eefng \u01b0u \u0111i\u1ec3m v\u1ec1 \u0111\u1ed9 b\u1ec1n, th\u1ea9m m\u1ef9 v\u00e0 gi\u00e1 th\u00e0nh h\u1ee3p l\u00fd, gi\u01b0\u1eddng g\u1ed7 MDF l\u00f5i xanh l\u00e0 l\u1ef1a ch\u1ecdn ho\u00e0n h\u1ea3o cho kh\u00f4ng gian n\u1ed9i th\u1ea5t hi\u1ec7n \u0111\u1ea1i.<\/span><\/p>\n<h2 style=\"text-align: justify;\"><b>4. C\u00e1c k\u00edch th\u01b0\u1edbc gi\u01b0\u1eddng g\u1ed7 MDF l\u00f5i xanh th\u00f4ng d\u1ee5ng<\/b><\/h2>\n<figure id=\"attachment_6443\" aria-describedby=\"caption-attachment-6443\" style=\"width: 1280px\" class=\"wp-caption aligncenter\"><img loading=\"lazy\" decoding=\"async\" class=\"wp-image-6443 size-full\" src=\"https:\/\/nhatnam.org\/wp-content\/uploads\/2025\/04\/giuong_go_mdf_loi_xanh-2.jpg\" alt=\"Gi\u01b0\u1eddng G\u1ed7 MDF L\u00f5i Xanh An C\u01b0\u1eddng\" width=\"1280\" height=\"960\" \/><figcaption id=\"caption-attachment-6443\" class=\"wp-caption-text\">Gi\u01b0\u1eddng MDF An C\u01b0\u1eddng c\u00f3 nhi\u1ec1u k\u00edch th\u01b0\u1edbc ph\u00f9 h\u1ee3p v\u1edbi m\u1ecdi nhu c\u1ea7u kh\u00e1ch h\u00e0ng<\/figcaption><\/figure>\n<p style=\"text-align: justify;\"><span style=\"font-weight: 400;\">Gi\u01b0\u1eddng g\u1ed7 MDF l\u00f5i xanh hi\u1ec7n nay c\u00f3 nhi\u1ec1u k\u00edch th\u01b0\u1edbc kh\u00e1c nhau, ph\u00f9 h\u1ee3p v\u1edbi m\u1ecdi nhu c\u1ea7u v\u00e0 di\u1ec7n t\u00edch ph\u00f2ng ng\u1ee7:<\/span><\/p>\n<p style=\"text-align: justify;\"><b>Gi\u01b0\u1eddng \u0111\u01a1n<\/b><span style=\"font-weight: 400;\">: 1m x 2m, ph\u00f9 h\u1ee3p v\u1edbi kh\u00f4ng gian ph\u00f2ng ng\u1ee7 nh\u1ecf ho\u1eb7c ph\u00f2ng cho tr\u1ebb em.<\/span><\/p>\n<p style=\"text-align: justify;\"><b>Gi\u01b0\u1eddng \u0111\u00f4i<\/b><span style=\"font-weight: 400;\">: 1.6m x 2m, l\u00e0 l\u1ef1a ch\u1ecdn ph\u1ed5 bi\u1ebfn cho c\u00e1c ph\u00f2ng ng\u1ee7 c\u00e1 nh\u00e2n.<\/span><\/p>\n<p style=\"text-align: justify;\"><b>Gi\u01b0\u1eddng king size<\/b><span style=\"font-weight: 400;\">: 1.8m x 2m, th\u00edch h\u1ee3p v\u1edbi c\u00e1c gia \u0111\u00ecnh c\u00f3 kh\u00f4ng gian r\u1ed9ng r\u00e3i ho\u1eb7c nh\u1eefng ai y\u00eau c\u1ea7u s\u1ef1 tho\u1ea3i m\u00e1i khi ng\u1ee7.<\/span><\/p>\n<h2 style=\"text-align: justify;\"><b>5. B\u00e1o gi\u00e1 gi\u01b0\u1eddng g\u1ed7 MDF l\u00f5i xanh An C\u01b0\u1eddng<\/b><\/h2>\n<figure id=\"attachment_6445\" aria-describedby=\"caption-attachment-6445\" style=\"width: 1280px\" class=\"wp-caption aligncenter\"><img loading=\"lazy\" decoding=\"async\" class=\"wp-image-6445 size-full\" src=\"https:\/\/nhatnam.org\/wp-content\/uploads\/2025\/04\/giuong_go_mdf_loi_xanh-4.jpg\" alt=\"\" width=\"1280\" height=\"960\" \/><figcaption id=\"caption-attachment-6445\" class=\"wp-caption-text\">M\u1eabu gi\u01b0\u1eddng g\u1ed7 MDF l\u00f5i xanh ph\u1ee7 laminate<\/figcaption><\/figure>\n<p style=\"text-align: justify;\"><span style=\"font-weight: 400;\">Gi\u01b0\u1eddng g\u1ed7 MDF l\u00f5i xanh ch\u1ed1ng \u1ea9m hi\u1ec7n nay c\u00f3 nhi\u1ec1u m\u1eabu m\u00e3 v\u00e0 k\u00edch th\u01b0\u1edbc kh\u00e1c nhau, v\u00ec v\u1eady gi\u00e1 c\u1ee7a s\u1ea3n ph\u1ea9m c\u0169ng s\u1ebd c\u00f3 s\u1ef1 ch\u00eanh l\u1ec7ch t\u00f9y theo c\u00e1c y\u1ebfu t\u1ed1 nh\u01b0 k\u00edch th\u01b0\u1edbc, thi\u1ebft k\u1ebf v\u00e0 t\u00ednh n\u0103ng b\u1ed5 sung.\u00a0<\/span><\/p>\n<p style=\"text-align: justify;\">\u0110\u1ec3 nh\u1eadn b\u00e1o gi\u00e1 gi\u01b0\u1eddng ng\u1ee7 g\u1ed7 c\u00f4ng nghi\u1ec7p An C\u01b0\u1eddng ch\u00ednh x\u00e1c nh\u1ea5t v\u00e0 \u0111\u01b0\u1ee3c t\u01b0 v\u1ea5n m\u1eabu m\u00e3 ph\u00f9 h\u1ee3p, Qu\u00fd Kh\u00e1ch vui l\u00f2ng li\u00ean h\u1ec7 tr\u1ef1c ti\u1ebfp v\u1edbi Nh\u1ea5t Nam \u0111\u1ec3 \u0111\u01b0\u1ee3c h\u1ed7 tr\u1ee3 t\u1eadn t\u00ecnh!<\/p>\n<h2 style=\"text-align: justify;\"><b>6. C\u00e1ch ch\u1ecdn gi\u01b0\u1eddng g\u1ed7 MDF l\u00f5i xanh ph\u00f9 h\u1ee3p v\u1edbi nhu c\u1ea7u<\/b><\/h2>\n<figure id=\"attachment_6446\" aria-describedby=\"caption-attachment-6446\" style=\"width: 1280px\" class=\"wp-caption aligncenter\"><img loading=\"lazy\" decoding=\"async\" class=\"wp-image-6446 size-full\" src=\"https:\/\/nhatnam.org\/wp-content\/uploads\/2025\/04\/giuong_go_mdf_loi_xanh-5.jpg\" alt=\"Gi\u01b0\u1eddng G\u1ed7 MDF L\u00f5i Xanh An C\u01b0\u1eddng\" width=\"1280\" height=\"960\" \/><figcaption id=\"caption-attachment-6446\" class=\"wp-caption-text\">M\u1eabu gi\u01b0\u1eddng \u0111\u00f4i g\u1ed7 c\u00f4ng nghi\u1ec7p MDF<\/figcaption><\/figure>\n<p style=\"text-align: justify;\"><b>L\u1ef1a ch\u1ecdn k\u00edch th\u01b0\u1edbc gi\u01b0\u1eddng<\/b><\/p>\n<p style=\"text-align: justify;\"><span style=\"font-weight: 400;\">Tr\u01b0\u1edbc khi quy\u1ebft \u0111\u1ecbnh mua gi\u01b0\u1eddng g\u1ed7 MDF l\u00f5i xanh, b\u1ea1n c\u1ea7n \u0111o \u0111\u1ea1c di\u1ec7n t\u00edch ph\u00f2ng ng\u1ee7 \u0111\u1ec3 ch\u1ecdn gi\u01b0\u1eddng c\u00f3 k\u00edch th\u01b0\u1edbc ph\u00f9 h\u1ee3p. Gi\u01b0\u1eddng qu\u00e1 l\u1edbn s\u1ebd khi\u1ebfn kh\u00f4ng gian tr\u1edf n\u00ean ch\u1eadt ch\u1ed9i, trong khi gi\u01b0\u1eddng qu\u00e1 nh\u1ecf l\u1ea1i kh\u00f4ng \u0111\u1ee7 tho\u1ea3i m\u00e1i.<\/span><\/p>\n<p style=\"text-align: justify;\"><b>L\u1ef1a ch\u1ecdn thi\u1ebft k\u1ebf ph\u00f9 h\u1ee3p v\u1edbi kh\u00f4ng gian n\u1ed9i th\u1ea5t<\/b><\/p>\n<p style=\"text-align: justify;\"><span style=\"font-weight: 400;\">Gi\u01b0\u1eddng g\u1ed7 MDF l\u00f5i xanh \u0111\u01b0\u1ee3c s\u1ea3n xu\u1ea5t v\u1edbi nhi\u1ec1u ki\u1ec3u d\u00e1ng \u0111a d\u1ea1ng, t\u1eeb phong c\u00e1ch t\u1ed1i gi\u1ea3n, hi\u1ec7n \u0111\u1ea1i \u0111\u1ebfn nh\u1eefng thi\u1ebft k\u1ebf tinh t\u1ebf, sang tr\u1ecdng. Vi\u1ec7c ch\u1ecdn m\u1eabu gi\u01b0\u1eddng ph\u00f9 h\u1ee3p s\u1ebd gi\u00fap kh\u00f4ng gian ph\u00f2ng ng\u1ee7 tr\u1edf n\u00ean c\u00e2n \u0111\u1ed1i v\u00e0 h\u00e0i h\u00f2a h\u01a1n.<\/span><\/p>\n<p style=\"text-align: justify;\"><b>Ch\u1ecdn gi\u01b0\u1eddng c\u00f3 t\u00ednh n\u0103ng l\u01b0u tr\u1eef<\/b><\/p>\n<p style=\"text-align: justify;\"><span style=\"font-weight: 400;\">N\u1ebfu ph\u00f2ng ng\u1ee7 c\u1ee7a b\u1ea1n c\u00f3 di\u1ec7n t\u00edch h\u1ea1n ch\u1ebf, b\u1ea1n c\u00f3 th\u1ec3 l\u1ef1a ch\u1ecdn c\u00e1c m\u1eabu gi\u01b0\u1eddng ng\u1ee7 g\u1ed7 c\u00f4ng nghi\u1ec7p c\u00f3 ng\u0103n k\u00e9o ho\u1eb7c t\u1ee7 l\u01b0u tr\u1eef \u0111\u1ec3 gi\u00fap ti\u1ebft ki\u1ec7m kh\u00f4ng gian v\u00e0 mang l\u1ea1i s\u1ef1 g\u1ecdn g\u00e0ng cho ph\u00f2ng ng\u1ee7.<\/span><\/p>\n<h2 style=\"text-align: justify;\"><b>7. Nh\u1ea5t Nam \u2013 \u0110\u1ecba ch\u1ec9 cung c\u1ea5p gi\u01b0\u1eddng ng\u1ee7 g\u1ed7 MDF l\u00f5i xanh ch\u1ea5t l\u01b0\u1ee3ng, uy t\u00edn<\/b><\/h2>\n<p><img loading=\"lazy\" decoding=\"async\" class=\"aligncenter wp-image-6449 size-full\" src=\"https:\/\/nhatnam.org\/wp-content\/uploads\/2025\/04\/giuong_go_mdf_loi_xanh-8.jpg\" alt=\"\" width=\"1280\" height=\"960\" \/><\/p>\n<p style=\"text-align: justify;\"><span style=\"font-weight: 400;\">Nh\u1ea5t Nam l\u00e0 m\u1ed9t trong nh\u1eefng \u0111\u01a1n v\u1ecb cung c\u1ea5p gi\u01b0\u1eddng ng\u1ee7 g\u1ed7 MDF l\u00f5i xanh uy t\u00edn v\u00e0 ch\u1ea5t l\u01b0\u1ee3ng t\u1ea1i Vi\u1ec7t Nam. V\u1edbi cam k\u1ebft v\u1ec1 ch\u1ea5t l\u01b0\u1ee3ng s\u1ea3n ph\u1ea9m v\u00e0 d\u1ecbch v\u1ee5, Nh\u1ea5t Nam \u0111\u00e3 v\u00e0 \u0111ang tr\u1edf th\u00e0nh s\u1ef1 l\u1ef1a ch\u1ecdn tin c\u1eady c\u1ee7a nhi\u1ec1u kh\u00e1ch h\u00e0ng.<\/span><\/p>\n<h3 style=\"text-align: justify;\"><em><b>L\u00fd do n\u00ean ch\u1ecdn Nh\u1ea5t Nam<\/b><\/em><\/h3>\n<p style=\"text-align: justify;\"><b>Ch\u1ea5t l\u01b0\u1ee3ng s\u1ea3n ph\u1ea9m<\/b><span style=\"font-weight: 400;\">: C\u00e1c m\u1eabu <\/span>gi\u01b0\u1eddng ng\u1ee7 g\u1ed7 MDF l\u00f5i xanh<span style=\"font-weight: 400;\"> t\u1ea1i Nh\u1ea5t Nam \u0111\u1ec1u \u0111\u01b0\u1ee3c l\u00e0m t\u1eeb g\u1ed7 MDF cao c\u1ea5p, l\u00f5i xanh ch\u1ed1ng \u1ea9m, \u0111\u1ea3m b\u1ea3o \u0111\u1ed9 b\u1ec1n l\u00e2u d\u00e0i v\u00e0 t\u00ednh th\u1ea9m m\u1ef9 cao.<\/span><span style=\"font-weight: 400;\"><br \/>\n<\/span><\/p>\n<p style=\"text-align: justify;\"><b>Gi\u00e1 c\u1ea3 c\u1ea1nh tranh<\/b><span style=\"font-weight: 400;\">: Nh\u1ea5t Nam cung c\u1ea5p gi\u01b0\u1eddng <\/span>g\u1ed7 MDF l\u00f5i xanh<span style=\"font-weight: 400;\"> v\u1edbi m\u1ee9c gi\u00e1 h\u1ee3p l\u00fd, mang \u0111\u1ebfn s\u1ef1 ti\u1ebft ki\u1ec7m cho kh\u00e1ch h\u00e0ng nh\u01b0ng v\u1eabn \u0111\u1ea3m b\u1ea3o ch\u1ea5t l\u01b0\u1ee3ng.<\/span><\/p>\n<p style=\"text-align: justify;\"><b>D\u1ecbch v\u1ee5 t\u01b0 v\u1ea5n chuy\u00ean nghi\u1ec7p<\/b><span style=\"font-weight: 400;\">: \u0110\u1ed9i ng\u0169 nh\u00e2n vi\u00ean t\u1ea1i Nh\u1ea5t Nam lu\u00f4n s\u1eb5n s\u00e0ng t\u01b0 v\u1ea5n v\u00e0 h\u1ed7 tr\u1ee3 kh\u00e1ch h\u00e0ng trong vi\u1ec7c ch\u1ecdn l\u1ef1a <\/span>gi\u01b0\u1eddng g\u1ed7 MDF l\u00f5i xanh<span style=\"font-weight: 400;\"> ph\u00f9 h\u1ee3p v\u1edbi nhu c\u1ea7u v\u00e0 kh\u00f4ng gian ph\u00f2ng ng\u1ee7.<\/span><\/p>\n<p style=\"text-align: justify;\"><b>Giao h\u00e0ng v\u00e0 l\u1eafp \u0111\u1eb7t mi\u1ec5n ph\u00ed<\/b><span style=\"font-weight: 400;\">: Nh\u1ea5t Nam h\u1ed7 tr\u1ee3 giao h\u00e0ng v\u00e0 l\u1eafp \u0111\u1eb7t mi\u1ec5n ph\u00ed, gi\u00fap kh\u00e1ch h\u00e0ng ti\u1ebft ki\u1ec7m th\u1eddi gian v\u00e0 chi ph\u00ed.<\/span><\/p>\n<p style=\"text-align: justify;\"><span style=\"font-weight: 400;\">Gi\u01b0\u1eddng ng\u1ee7 MDF l\u00f5i xanh l\u00e0 l\u1ef1a ch\u1ecdn l\u00fd t\u01b0\u1edfng cho nh\u1eefng ai mu\u1ed1n s\u1edf h\u1eefu m\u1ed9t s\u1ea3n ph\u1ea9m n\u1ed9i th\u1ea5t b\u1ec1n \u0111\u1eb9p v\u1edbi chi ph\u00ed h\u1ee3p l\u00fd. Nh\u1edd ch\u1ea5t li\u1ec7u MDF ch\u1ea5t l\u01b0\u1ee3ng cao c\u00f9ng kh\u1ea3 n\u0103ng ch\u1ed1ng \u1ea9m, ch\u1ed1ng m\u1ed1i m\u1ecdt hi\u1ec7u qu\u1ea3, lo\u1ea1i gi\u01b0\u1eddng n\u00e0y kh\u00f4ng ch\u1ec9 \u0111\u1ea3m b\u1ea3o \u0111\u1ed9 b\u1ec1n m\u00e0 c\u00f2n mang \u0111\u1ebfn s\u1ef1 ti\u1ec7n nghi v\u00e0 tho\u1ea3i m\u00e1i cho kh\u00f4ng gian ph\u00f2ng ng\u1ee7.<\/span><span style=\"font-weight: 400;\">.<\/span><span style=\"font-weight: 400;\"> H\u00e3y \u0111\u1ebfn <a href=\"https:\/\/www.facebook.com\/ctynhatnam2011\" target=\"_blank\" rel=\"noopener\">Nh\u1ea5t Nam<\/a> \u0111\u1ec3 ch\u1ecdn mua gi\u01b0\u1eddng ng\u1ee7 g\u1ed7 MDF l\u00f5i xanh ch\u1ea5t l\u01b0\u1ee3ng, gi\u00e1 t\u1ed1t v\u00e0 d\u1ecbch v\u1ee5 uy t\u00edn.<\/span><\/p>\n","protected":false},"excerpt":{"rendered":"<p style=\"text-align: justify;\"><span style=\"font-weight: 400;\">Gi\u01b0\u1eddng g\u1ed7 MDF l\u00f5i xanh An C\u01b0\u1eddng l\u00e0 l\u1ef1a ch\u1ecdn ho\u00e0n h\u1ea3o cho nh\u1eefng ai y\u00eau th\u00edch n\u1ed9i th\u1ea5t b\u1ec1n \u0111\u1eb9p, hi\u1ec7n \u0111\u1ea1i. V\u1edbi kh\u1ea3 n\u0103ng ch\u1ed1ng \u1ea9m t\u1ed1t, b\u1ec1 m\u1eb7t nh\u1eb5n m\u1ecbn v\u00e0 \u0111\u1ed9 b\u1ec1n cao, s\u1ea3n ph\u1ea9m kh\u00f4ng ch\u1ec9 mang \u0111\u1ebfn s\u1ef1 tho\u1ea3i m\u00e1i khi s\u1eed d\u1ee5ng m\u00e0 c\u00f2n gi\u00fap kh\u00f4ng gian tr\u1edf n\u00ean sang tr\u1ecdng h\u01a1n. N\u1ebfu b\u1ea1n \u0111ang t\u00ecm ki\u1ebfm m\u1ed9t m\u1eabu gi\u01b0\u1eddng ng\u1ee7 v\u1eeba th\u1ea9m m\u1ef9 v\u1eeba ch\u1ea5t l\u01b0\u1ee3ng, \u0111\u00e2y ch\u1eafc ch\u1eafn l\u00e0 g\u1ee3i \u00fd kh\u00f4ng th\u1ec3 b\u1ecf qua!<\/span><\/p>\n","protected":false},"featured_media":1781,"comment_status":"open","ping_status":"closed","template":"","meta":{"_acf_changed":false,"_gspb_post_css":""},"book-author":[],"product_brand":[],"product_cat":[127,104],"product_tag":[],"class_list":{"0":"post-1782","1":"product","2":"type-product","3":"status-publish","4":"has-post-thumbnail","6":"product_cat-giuong-ngu-go-mdf","7":"product_cat-noi-that-phong-ngu","9":"first","10":"instock","11":"shipping-taxable","12":"product-type-simple"},"acf":[],"_links":{"self":[{"href":"https:\/\/nhatnam.libion.me\/index.php\/wp-json\/wp\/v2\/product\/1782","targetHints":{"allow":["GET"]}}],"collection":[{"href":"https:\/\/nhatnam.libion.me\/index.php\/wp-json\/wp\/v2\/product"}],"about":[{"href":"https:\/\/nhatnam.libion.me\/index.php\/wp-json\/wp\/v2\/types\/product"}],"replies":[{"embeddable":true,"href":"https:\/\/nhatnam.libion.me\/index.php\/wp-json\/wp\/v2\/comments?post=1782"}],"wp:featuredmedia":[{"embeddable":true,"href":"https:\/\/nhatnam.libion.me\/index.php\/wp-json\/wp\/v2\/media\/1781"}],"wp:attachment":[{"href":"https:\/\/nhatnam.libion.me\/index.php\/wp-json\/wp\/v2\/media?parent=1782"}],"wp:term":[{"taxonomy":"book-author","embeddable":true,"href":"https:\/\/nhatnam.libion.me\/index.php\/wp-json\/wp\/v2\/book-author?post=1782"},{"taxonomy":"product_brand","embeddable":true,"href":"https:\/\/nhatnam.libion.me\/index.php\/wp-json\/wp\/v2\/product_brand?post=1782"},{"taxonomy":"product_cat","embeddable":true,"href":"https:\/\/nhatnam.libion.me\/index.php\/wp-json\/wp\/v2\/product_cat?post=1782"},{"taxonomy":"product_tag","embeddable":true,"href":"https:\/\/nhatnam.libion.me\/index.php\/wp-json\/wp\/v2\/product_tag?post=1782"}],"curies":[{"name":"wp","href":"https:\/\/api.w.org\/{rel}","templated":true}]}}