{"id":1766,"date":"2026-04-07T10:24:15","date_gmt":"2026-04-07T10:24:15","guid":{"rendered":"https:\/\/nhatnam.libion.me\/index.php\/product\/giuong-ngu-mdf-ket-hop-tu-quan-ao\/"},"modified":"2026-04-07T10:24:23","modified_gmt":"2026-04-07T10:24:23","slug":"giuong-ngu-mdf-ket-hop-tu-quan-ao","status":"publish","type":"product","link":"https:\/\/nhatnam.libion.me\/index.php\/product\/giuong-ngu-mdf-ket-hop-tu-quan-ao\/","title":{"rendered":"Gi\u01b0\u1eddng Ng\u1ee7 MDF K\u1ebft H\u1ee3p T\u1ee7 Qu\u1ea7n \u00c1o\u00a0"},"content":{"rendered":"<p style=\"text-align: justify;\">B\u1ea1n \u0111ang t\u00ecm ki\u1ebfm gi\u1ea3i ph\u00e1p n\u1ed9i th\u1ea5t th\u00f4ng minh, ti\u1ebft ki\u1ec7m di\u1ec7n t\u00edch m\u00e0 v\u1eabn \u0111\u1ea3m b\u1ea3o t\u00ednh th\u1ea9m m\u1ef9 cho ph\u00f2ng ng\u1ee7? Gi\u01b0\u1eddng ng\u1ee7 MDF k\u1ebft h\u1ee3p t\u1ee7 qu\u1ea7n \u00e1o ch\u00ednh l\u00e0 l\u1ef1a ch\u1ecdn l\u00fd t\u01b0\u1edfng d\u00e0nh cho kh\u00f4ng gian hi\u1ec7n \u0111\u1ea1i. V\u1edbi thi\u1ebft k\u1ebf \u0111a n\u0103ng, ch\u1ea5t li\u1ec7u b\u1ec1n \u0111\u1eb9p v\u00e0 ki\u1ec3u d\u00e1ng th\u1eddi th\u01b0\u1ee3ng, c\u00e1c m\u1eabu gi\u01b0\u1eddng t\u1ee7 li\u1ec1n kh\u1ed1i t\u1ea1i Nh\u1ea5t Nam s\u1ebd gi\u00fap b\u1ea1n t\u1ed1i \u01b0u kh\u00f4ng gian s\u1ed1ng, mang l\u1ea1i s\u1ef1 g\u1ecdn g\u00e0ng v\u00e0 ti\u1ec7n nghi v\u01b0\u1ee3t tr\u1ed9i.<\/p>\n<h2 style=\"text-align: justify;\"><b>1. Gi\u1edbi thi\u1ec7u v\u1ec1 gi\u01b0\u1eddng ng\u1ee7 MDF v\u00e0 \u01b0u \u0111i\u1ec3m c\u1ee7a n\u00f3 trong n\u1ed9i th\u1ea5t\u00a0<\/b><\/h2>\n<figure id=\"attachment_6606\" aria-describedby=\"caption-attachment-6606\" style=\"width: 1280px\" class=\"wp-caption aligncenter\"><img loading=\"lazy\" decoding=\"async\" class=\"wp-image-6606 size-full\" src=\"https:\/\/nhatnam.org\/wp-content\/uploads\/2025\/04\/giuong_ngu_ket_hop_tu_quan_ao-5.jpg\" alt=\"Gi\u01b0\u1eddng Ng\u1ee7 MDF K\u1ebft H\u1ee3p T\u1ee7 Qu\u1ea7n \u00c1o\u00a0\" width=\"1280\" height=\"960\" \/><figcaption id=\"caption-attachment-6606\" class=\"wp-caption-text\">M\u1eabu gi\u01b0\u1eddng ng\u1ee7 k\u1ebft h\u1ee3p t\u1ee7 qu\u1ea7n \u00e1o \u0111\u1eb9p<\/figcaption><\/figure>\n<p><span style=\"font-weight: 400;\">G<\/span><b>i\u01b0\u1eddng ng\u1ee7 l\u00e0m t\u1eeb g\u1ed7 MDF<\/b><span style=\"font-weight: 400;\"> \u0111ang ng\u00e0y c\u00e0ng \u0111\u01b0\u1ee3c \u01b0a chu\u1ed9ng nh\u1edd s\u1ef1 k\u1ebft h\u1ee3p h\u00e0i h\u00f2a gi\u1eefa t\u00ednh th\u1ea9m m\u1ef9, \u0111\u1ed9 b\u1ec1n v\u00e0 gi\u00e1 th\u00e0nh h\u1ee3p l\u00fd.\u00a0<\/span><\/p>\n<p style=\"text-align: justify;\"><span style=\"font-weight: 400;\">G\u1ed7 MDF \u2013 vi\u1ebft t\u1eaft c\u1ee7a Medium Density Fiberboard \u2013 l\u00e0 lo\u1ea1i g\u1ed7 c\u00f4ng nghi\u1ec7p \u0111\u01b0\u1ee3c s\u1ea3n xu\u1ea5t t\u1eeb s\u1ee3i g\u1ed7 t\u1ef1 nhi\u00ean k\u1ebft h\u1ee3p v\u1edbi keo chuy\u00ean d\u1ee5ng v\u00e0 \u00e9p n\u00e9n \u1edf \u00e1p su\u1ea5t cao, t\u1ea1o n\u00ean b\u1ec1 m\u1eb7t ph\u1eb3ng m\u1ecbn, d\u1ec5 thi c\u00f4ng v\u00e0 linh ho\u1ea1t trong thi\u1ebft k\u1ebf.<\/span><\/p>\n<p style=\"text-align: justify;\"><span style=\"font-weight: 400;\">\u0110i\u1ec3m n\u1ed5i b\u1eadt c\u1ee7a gi\u01b0\u1eddng MDF l\u00e0 kh\u1ea3 n\u0103ng <\/span>ch\u1ed1ng cong v\u00eanh, m\u1ed1i m\u1ecdt<span style=\"font-weight: 400;\">, \u0111\u1eb7c bi\u1ec7t khi s\u1eed d\u1ee5ng lo\u1ea1i MDF l\u00f5i xanh ch\u1ed1ng \u1ea9m, r\u1ea5t ph\u00f9 h\u1ee3p v\u1edbi kh\u00ed h\u1eadu n\u00f3ng \u1ea9m t\u1ea1i Vi\u1ec7t Nam. V\u1edbi b\u1ec1 m\u1eb7t ph\u1ee7 melamine ho\u1eb7c laminate hi\u1ec7n \u0111\u1ea1i, gi\u01b0\u1eddng MDF kh\u00f4ng ch\u1ec9 b\u1ec1n b\u1ec9 m\u00e0 c\u00f2n \u0111a d\u1ea1ng v\u1ec1 m\u00e0u s\u1eafc v\u00e0 v\u00e2n g\u1ed7, d\u1ec5 d\u00e0ng h\u00f2a h\u1ee3p v\u1edbi nhi\u1ec1u phong c\u00e1ch n\u1ed9i th\u1ea5t kh\u00e1c nhau \u2013 t\u1eeb t\u1ed1i gi\u1ea3n, hi\u1ec7n \u0111\u1ea1i \u0111\u1ebfn sang tr\u1ecdng.<\/span><\/p>\n<p style=\"text-align: justify;\"><span style=\"font-weight: 400;\">Ngo\u00e0i ra, gi\u01b0\u1eddng MDF c\u00f2n ghi \u0111i\u1ec3m nh\u1edd tr\u1ecdng l\u01b0\u1ee3ng nh\u1eb9 h\u01a1n so v\u1edbi g\u1ed7 t\u1ef1 nhi\u00ean, gi\u00fap d\u1ec5 d\u00e0ng di chuy\u1ec3n v\u00e0 l\u1eafp \u0111\u1eb7t. \u0110\u00e2y th\u1ef1c s\u1ef1 l\u00e0 l\u1ef1a ch\u1ecdn l\u00fd t\u01b0\u1edfng cho nh\u1eefng ai \u0111ang t\u00ecm ki\u1ebfm m\u1ed9t chi\u1ebfc gi\u01b0\u1eddng \u0111\u1eb9p, ch\u1eafc ch\u1eafn, ti\u1ec7n d\u1ee5ng m\u00e0 v\u1eabn ti\u1ebft ki\u1ec7m chi ph\u00ed.<\/span><\/p>\n<p style=\"text-align: justify;\"><span style=\"font-weight: 400;\"> v\u1eefng.<\/span><\/p>\n<h2 style=\"text-align: justify;\"><b>2. L\u1ee3i \u00edch c\u1ee7a gi\u01b0\u1eddng ng\u1ee7 MDF k\u1ebft h\u1ee3p t\u1ee7 qu\u1ea7n \u00e1o<\/b><\/h2>\n<figure id=\"attachment_6605\" aria-describedby=\"caption-attachment-6605\" style=\"width: 1280px\" class=\"wp-caption aligncenter\"><img loading=\"lazy\" decoding=\"async\" class=\"wp-image-6605 size-full\" src=\"https:\/\/nhatnam.org\/wp-content\/uploads\/2025\/04\/giuong_ngu_ket_hop_tu_quan_ao-4.jpg\" alt=\"Gi\u01b0\u1eddng Ng\u1ee7 MDF K\u1ebft H\u1ee3p T\u1ee7 Qu\u1ea7n \u00c1o\u00a0\" width=\"1280\" height=\"960\" \/><figcaption id=\"caption-attachment-6605\" class=\"wp-caption-text\">M\u1eabu gi\u01b0\u1eddng ng\u1ee7 t\u00edch h\u1ee3p t\u1ee7 qu\u1ea7n \u00e1o hi\u1ec7n \u0111\u1ea1i<\/figcaption><\/figure>\n<p style=\"text-align: justify;\"><span style=\"font-weight: 400;\">Vi\u1ec7c k\u1ebft h\u1ee3p gi\u01b0\u1eddng ng\u1ee7 v\u00e0 t\u1ee7 qu\u1ea7n \u00e1o trong c\u00f9ng m\u1ed9t s\u1ea3n ph\u1ea9m l\u00e0 gi\u1ea3i ph\u00e1p l\u00fd t\u01b0\u1edfng cho nh\u1eefng kh\u00f4ng gian ph\u00f2ng ng\u1ee7 c\u00f3 di\u1ec7n t\u00edch nh\u1ecf. D\u01b0\u1edbi \u0111\u00e2y l\u00e0 nh\u1eefng l\u1ee3i \u00edch khi l\u1ef1a ch\u1ecdn gi\u01b0\u1eddng ng\u1ee7 MDF k\u1ebft h\u1ee3p t\u1ee7 qu\u1ea7n \u00e1o:<\/span><\/p>\n<p style=\"text-align: justify;\"><b>Ti\u1ebft ki\u1ec7m kh\u00f4ng gian<\/b><\/p>\n<p style=\"text-align: justify;\"><span style=\"font-weight: 400;\">V\u1edbi thi\u1ebft k\u1ebf t\u00edch h\u1ee3p, gi\u01b0\u1eddng ng\u1ee7 MDF k\u1ebft h\u1ee3p t\u1ee7 qu\u1ea7n \u00e1o gi\u00fap b\u1ea1n ti\u1ebft ki\u1ec7m t\u1ed1i \u0111a di\u1ec7n t\u00edch trong ph\u00f2ng ng\u1ee7. \u0110\u00e2y l\u00e0 gi\u1ea3i ph\u00e1p ho\u00e0n h\u1ea3o cho c\u00e1c ph\u00f2ng ng\u1ee7 nh\u1ecf h\u1eb9p, n\u01a1i b\u1ea1n c\u1ea7n t\u1eadn d\u1ee5ng kh\u00f4ng gian m\u1ed9t c\u00e1ch th\u00f4ng minh m\u00e0 v\u1eabn \u0111\u1ea3m b\u1ea3o t\u00ednh ti\u1ec7n nghi.<\/span><\/p>\n<p style=\"text-align: justify;\"><b>T\u1ea1o s\u1ef1 \u0111\u1ed3ng b\u1ed9 v\u00e0 h\u00e0i h\u00f2a<\/b><\/p>\n<p style=\"text-align: justify;\"><span style=\"font-weight: 400;\">Khi gi\u01b0\u1eddng ng\u1ee7 v\u00e0 t\u1ee7 qu\u1ea7n \u00e1o \u0111\u01b0\u1ee3c thi\u1ebft k\u1ebf \u0111\u1ed3ng b\u1ed9 v\u1ec1 m\u00e0u s\u1eafc v\u00e0 phong c\u00e1ch, ch\u00fang s\u1ebd t\u1ea1o n\u00ean m\u1ed9t t\u1ed5ng th\u1ec3 h\u00e0i h\u00f2a, \u0111\u1eb9p m\u1eaft v\u00e0 thanh tho\u00e1t cho ph\u00f2ng ng\u1ee7 c\u1ee7a b\u1ea1n. \u0110i\u1ec1u n\u00e0y kh\u00f4ng ch\u1ec9 gi\u00fap kh\u00f4ng gian th\u00eam tinh t\u1ebf m\u00e0 c\u00f2n t\u1ea1o c\u1ea3m gi\u00e1c tho\u1ea3i m\u00e1i v\u00e0 d\u1ec5 ch\u1ecbu m\u1ed7i khi b\u1ea1n b\u01b0\u1edbc v\u00e0o ph\u00f2ng.<\/span><\/p>\n<p style=\"text-align: justify;\"><b>T\u0103ng c\u01b0\u1eddng ch\u1ee9c n\u0103ng s\u1eed d\u1ee5ng<\/b><\/p>\n<p style=\"text-align: justify;\"><span style=\"font-weight: 400;\">Gi\u01b0\u1eddng ng\u1ee7 MDF k\u1ebft h\u1ee3p t\u1ee7 qu\u1ea7n \u00e1o kh\u00f4ng ch\u1ec9 gi\u00fap b\u1ea1n c\u00f3 m\u1ed9t kh\u00f4ng gian ngh\u1ec9 ng\u01a1i tho\u1ea3i m\u00e1i m\u00e0 c\u00f2n gi\u1ea3i quy\u1ebft v\u1ea5n \u0111\u1ec1 l\u01b0u tr\u1eef \u0111\u1ed3 \u0111\u1ea1c. T\u1ee7 qu\u1ea7n \u00e1o v\u1edbi nhi\u1ec1u ng\u0103n k\u00e9o v\u00e0 k\u1ec7 ch\u1ee9a \u0111\u1ed3 s\u1ebd gi\u00fap b\u1ea1n s\u1eafp x\u1ebfp v\u00e0 b\u1ea3o qu\u1ea3n qu\u1ea7n \u00e1o m\u1ed9t c\u00e1ch g\u1ecdn g\u00e0ng, gi\u00fap ph\u00f2ng ng\u1ee7 lu\u00f4n ng\u0103n n\u1eafp.<\/span><\/p>\n<h2 style=\"text-align: justify;\"><b>3. C\u00e1c m\u1eabu thi\u1ebft k\u1ebf gi\u01b0\u1eddng ng\u1ee7 MDF k\u1ebft h\u1ee3p t\u1ee7 qu\u1ea7n \u00e1o<\/b><\/h2>\n<p style=\"text-align: justify;\"><span style=\"font-weight: 400;\">Gi\u01b0\u1eddng ng\u1ee7 MDF k\u1ebft h\u1ee3p t\u1ee7 qu\u1ea7n \u00e1o hi\u1ec7n nay c\u00f3 nhi\u1ec1u m\u1eabu m\u00e3 v\u00e0 thi\u1ebft k\u1ebf phong ph\u00fa, ph\u00f9 h\u1ee3p v\u1edbi nhi\u1ec1u kh\u00f4ng gian ph\u00f2ng ng\u1ee7 kh\u00e1c nhau. D\u01b0\u1edbi \u0111\u00e2y l\u00e0 m\u1ed9t s\u1ed1 m\u1eabu thi\u1ebft k\u1ebf ti\u00eau bi\u1ec3u:<\/span><\/p>\n<h3 style=\"text-align: justify;\"><b>Gi\u01b0\u1eddng ng\u1ee7 MDF thi\u1ebft k\u1ebf th\u00f4ng minh<\/b><\/h3>\n<figure id=\"attachment_6604\" aria-describedby=\"caption-attachment-6604\" style=\"width: 1280px\" class=\"wp-caption aligncenter\"><img loading=\"lazy\" decoding=\"async\" class=\"wp-image-6604 size-full\" src=\"https:\/\/nhatnam.org\/wp-content\/uploads\/2025\/04\/giuong_ngu_ket_hop_tu_quan_ao-3.jpg\" alt=\"Gi\u01b0\u1eddng Ng\u1ee7 MDF K\u1ebft H\u1ee3p T\u1ee7 Qu\u1ea7n \u00c1o\u00a0\" width=\"1280\" height=\"960\" \/><figcaption id=\"caption-attachment-6604\" class=\"wp-caption-text\">M\u1eabu gi\u01b0\u1eddng ng\u1ee7 t\u00edch h\u1ee3p t\u1ee7 qu\u1ea7n \u00e1o thi\u1ebft k\u1ebf hi\u1ec7n \u0111\u1ea1i, sang tr\u1ecdng<\/figcaption><\/figure>\n<p style=\"text-align: justify;\"><span style=\"font-weight: 400;\">M\u1eabu gi\u01b0\u1eddng n\u00e0y t\u00edch h\u1ee3p nhi\u1ec1u ch\u1ee9c n\u0103ng nh\u01b0 t\u1ee7 qu\u1ea7n \u00e1o, b\u00e0n h\u1ecdc ho\u1eb7c k\u1ec7 trang \u0111i\u1ec3m. Thi\u1ebft k\u1ebf n\u00e0y r\u1ea5t ph\u00f9 h\u1ee3p v\u1edbi nh\u1eefng c\u0103n ph\u00f2ng ng\u1ee7 c\u00f3 di\u1ec7n t\u00edch nh\u1ecf h\u1eb9p, gi\u00fap t\u1ed1i \u01b0u h\u00f3a kh\u00f4ng gian m\u00e0 v\u1eabn \u0111\u1ea3m b\u1ea3o \u0111\u1ea7y \u0111\u1ee7 ti\u1ec7n nghi.<\/span><\/p>\n<h3 style=\"text-align: justify;\"><b>Gi\u01b0\u1eddng ng\u1ee7 MDF c\u00f3 h\u1ed9c t\u1ee7<\/b><\/h3>\n<figure id=\"attachment_6614\" aria-describedby=\"caption-attachment-6614\" style=\"width: 1280px\" class=\"wp-caption aligncenter\"><img loading=\"lazy\" decoding=\"async\" class=\"wp-image-6614 size-full\" src=\"https:\/\/nhatnam.org\/wp-content\/uploads\/2025\/04\/Giuong_go_mdf_thong_minh-3.jpg\" alt=\"Gi\u01b0\u1eddng Ng\u1ee7 MDF K\u1ebft H\u1ee3p T\u1ee7 Qu\u1ea7n \u00c1o\u00a0\" width=\"1280\" height=\"960\" \/><figcaption id=\"caption-attachment-6614\" class=\"wp-caption-text\">M\u1eabu gi\u01b0\u1eddng ng\u1ee7 th\u00f4ng minh k\u1ebft h\u1ee3p t\u1ee7<\/figcaption><\/figure>\n<p style=\"text-align: justify;\"><span style=\"font-weight: 400;\">Gi\u01b0\u1eddng ng\u1ee7 MDF c\u00f3 h\u1ed9c t\u1ee7 k\u00e9o ra v\u00e0o gi\u00fap b\u1ea1n l\u01b0u tr\u1eef \u0111\u1ed3 \u0111\u1ea1c nh\u01b0 ch\u0103n, g\u1ed1i ho\u1eb7c c\u00e1c v\u1eadt d\u1ee5ng kh\u00e1c m\u00e0 kh\u00f4ng c\u1ea7n th\u00eam m\u1ed9t chi\u1ebfc t\u1ee7 ri\u00eang bi\u1ec7t. \u0110i\u1ec1u n\u00e0y kh\u00f4ng ch\u1ec9 gi\u00fap ti\u1ebft ki\u1ec7m kh\u00f4ng gian m\u00e0 c\u00f2n t\u1ea1o s\u1ef1 g\u1ecdn g\u00e0ng v\u00e0 ng\u0103n n\u1eafp cho ph\u00f2ng ng\u1ee7.<\/span><\/p>\n<h3 style=\"text-align: justify;\"><b>Gi\u01b0\u1eddng ng\u1ee7 MDF v\u00e0 t\u1ee7 qu\u1ea7n \u00e1o \u0111\u1ed3ng b\u1ed9<\/b><\/h3>\n<figure id=\"attachment_6602\" aria-describedby=\"caption-attachment-6602\" style=\"width: 1280px\" class=\"wp-caption aligncenter\"><img loading=\"lazy\" decoding=\"async\" class=\"wp-image-6602 size-full\" src=\"https:\/\/nhatnam.org\/wp-content\/uploads\/2025\/04\/giuong_ngu_ket_hop_tu_quan_ao-1.jpg\" alt=\"Gi\u01b0\u1eddng Ng\u1ee7 MDF K\u1ebft H\u1ee3p T\u1ee7 Qu\u1ea7n \u00c1o\u00a0\" width=\"1280\" height=\"960\" \/><figcaption id=\"caption-attachment-6602\" class=\"wp-caption-text\">Gi\u01b0\u1eddng ng\u1ee7 MDF li\u1ec1n t\u1ee7 thi\u1ebft k\u1ebf \u00e2m t\u01b0\u1eddng hi\u1ec7n \u0111\u1ea1i, t\u1ed1i \u01b0u kh\u00f4ng gian v\u00e0 ti\u1ec7n nghi cho ph\u00f2ng ng\u1ee7 nh\u1ecf.<\/figcaption><\/figure>\n<p style=\"text-align: justify;\"><span style=\"font-weight: 400;\">S\u1ea3n ph\u1ea9m gi\u01b0\u1eddng v\u00e0 t\u1ee7 qu\u1ea7n \u00e1o MDF \u0111\u1ed3ng b\u1ed9 v\u1ec1 thi\u1ebft k\u1ebf v\u00e0 m\u00e0u s\u1eafc s\u1ebd gi\u00fap kh\u00f4ng gian ph\u00f2ng ng\u1ee7 c\u1ee7a b\u1ea1n tr\u1edf n\u00ean tinh t\u1ebf v\u00e0 \u0111\u1ea7y \u0111\u1ee7 t\u00ednh th\u1ea9m m\u1ef9. S\u1ef1 k\u1ebft h\u1ee3p n\u00e0y kh\u00f4ng ch\u1ec9 gi\u00fap ph\u00f2ng ng\u1ee7 \u0111\u1eb9p h\u01a1n m\u00e0 c\u00f2n t\u1ea1o n\u00ean c\u1ea3m gi\u00e1c th\u01b0 gi\u00e3n, d\u1ec5 ch\u1ecbu.<\/span><\/p>\n<h2 style=\"text-align: justify;\"><b>4. L\u01b0u \u00fd khi l\u1ef1a ch\u1ecdn gi\u01b0\u1eddng MDF k\u1ebft h\u1ee3p t\u1ee7 qu\u1ea7n \u00e1o\u00a0<\/b><\/h2>\n<p style=\"text-align: justify;\"><span style=\"font-weight: 400;\">Khi ch\u1ecdn mua gi\u01b0\u1eddng ng\u1ee7 v\u00e0 t\u1ee7 qu\u1ea7n \u00e1o MDF, b\u1ea1n c\u1ea7n l\u01b0u \u00fd m\u1ed9t s\u1ed1 y\u1ebfu t\u1ed1 sau \u0111\u1ec3 \u0111\u1ea3m b\u1ea3o s\u1ea3n ph\u1ea9m ph\u00f9 h\u1ee3p v\u1edbi kh\u00f4ng gian v\u00e0 nhu c\u1ea7u s\u1eed d\u1ee5ng c\u1ee7a m\u00ecnh:<\/span><\/p>\n<p style=\"text-align: justify;\"><b>K\u00edch th\u01b0\u1edbc v\u00e0 t\u1ec9 l\u1ec7<\/b><\/p>\n<p style=\"text-align: justify;\"><span style=\"font-weight: 400;\">K\u00edch th\u01b0\u1edbc gi\u01b0\u1eddng ng\u1ee7 v\u00e0 t\u1ee7 qu\u1ea7n \u00e1o c\u1ea7n ph\u00f9 h\u1ee3p v\u1edbi di\u1ec7n t\u00edch ph\u00f2ng ng\u1ee7. M\u1ed9t chi\u1ebfc gi\u01b0\u1eddng qu\u00e1 l\u1edbn s\u1ebd khi\u1ebfn kh\u00f4ng gian tr\u1edf n\u00ean ch\u1eadt ch\u1ed9i, trong khi t\u1ee7 qu\u1ea7n \u00e1o qu\u00e1 nh\u1ecf s\u1ebd kh\u00f4ng \u0111\u00e1p \u1ee9ng \u0111\u1ee7 nhu c\u1ea7u l\u01b0u tr\u1eef. H\u00e3y l\u1ef1a ch\u1ecdn k\u00edch th\u01b0\u1edbc ph\u00f9 h\u1ee3p \u0111\u1ec3 \u0111\u1ea3m b\u1ea3o s\u1ef1 tho\u1ea3i m\u00e1i trong s\u1eed d\u1ee5ng.<\/span><\/p>\n<p style=\"text-align: justify;\"><b>Phong c\u00e1ch thi\u1ebft k\u1ebf<\/b><\/p>\n<p style=\"text-align: justify;\"><span style=\"font-weight: 400;\">L\u1ef1a ch\u1ecdn phong c\u00e1ch thi\u1ebft k\u1ebf gi\u01b0\u1eddng v\u00e0 t\u1ee7 qu\u1ea7n \u00e1o sao cho ph\u00f9 h\u1ee3p v\u1edbi phong c\u00e1ch chung c\u1ee7a ph\u00f2ng ng\u1ee7. N\u1ebfu ph\u00f2ng ng\u1ee7 c\u1ee7a b\u1ea1n c\u00f3 phong c\u00e1ch hi\u1ec7n \u0111\u1ea1i, h\u00e3y ch\u1ecdn gi\u01b0\u1eddng v\u00e0 t\u1ee7 c\u00f3 ki\u1ec3u d\u00e1ng \u0111\u01a1n gi\u1ea3n, t\u1ed1i gi\u1ea3n. N\u1ebfu b\u1ea1n y\u00eau th\u00edch phong c\u00e1ch c\u1ed5 \u0111i\u1ec3n, nh\u1eefng m\u1eabu gi\u01b0\u1eddng v\u1edbi \u0111\u01b0\u1eddng n\u00e9t tinh x\u1ea3o s\u1ebd l\u00e0 s\u1ef1 l\u1ef1a ch\u1ecdn ho\u00e0n h\u1ea3o.<\/span><\/p>\n<p style=\"text-align: justify;\"><b>Ch\u1ea5t l\u01b0\u1ee3ng v\u00e0 \u0111\u1ed9 b\u1ec1n<\/b><\/p>\n<p style=\"text-align: justify;\"><span style=\"font-weight: 400;\">\u0110\u1ea3m b\u1ea3o r\u1eb1ng s\u1ea3n ph\u1ea9m gi\u01b0\u1eddng v\u00e0 t\u1ee7 qu\u1ea7n \u00e1o MDF c\u00f3 ch\u1ea5t l\u01b0\u1ee3ng t\u1ed1t, b\u1ec1 m\u1eb7t m\u1ecbn m\u00e0ng v\u00e0 \u0111\u01b0\u1ee3c x\u1eed l\u00fd k\u1ef9 l\u01b0\u1ee1ng \u0111\u1ec3 tr\u00e1nh cong v\u00eanh hay h\u01b0 h\u1ecfng trong qu\u00e1 tr\u00ecnh s\u1eed d\u1ee5ng. L\u1ef1a ch\u1ecdn nh\u1eefng s\u1ea3n ph\u1ea9m t\u1eeb th\u01b0\u01a1ng hi\u1ec7u uy t\u00edn nh\u01b0 Nh\u1ea5t Nam \u0111\u1ec3 \u0111\u1ea3m b\u1ea3o ch\u1ea5t l\u01b0\u1ee3ng l\u00e2u d\u00e0i.<\/span><\/p>\n<h2 style=\"text-align: justify;\"><b>5. Xu h\u01b0\u1edbng thi\u1ebft k\u1ebf gi\u01b0\u1eddng ng\u1ee7 k\u1ebft h\u1ee3p t\u1ee7 qu\u1ea7n \u00e1o MDF n\u0103m 2025<\/b><\/h2>\n<p style=\"text-align: justify;\"><b>M\u00e0u s\u1eafc v\u00e0 v\u00e2n g\u1ed7 ph\u1ed5 bi\u1ebfn<\/b><\/p>\n<p style=\"text-align: justify;\"><span style=\"font-weight: 400;\">N\u0103m 2025, m\u00e0u s\u1eafc nh\u1eb9 nh\u00e0ng, t\u1ef1 nhi\u00ean nh\u01b0 g\u1ed7 s\u1ed3i, g\u1ed7 \u00f3c ch\u00f3, hay m\u00e0u tr\u1eafng, be, x\u00e1m v\u1eabn s\u1ebd chi\u1ebfm \u01b0u th\u1ebf trong thi\u1ebft k\u1ebf gi\u01b0\u1eddng ng\u1ee7 MDF k\u1ebft h\u1ee3p t\u1ee7 qu\u1ea7n \u00e1o. Nh\u1eefng m\u00e0u s\u1eafc n\u00e0y gi\u00fap t\u1ea1o kh\u00f4ng gian tho\u1ea3i m\u00e1i, d\u1ec5 ch\u1ecbu v\u00e0 d\u1ec5 d\u00e0ng k\u1ebft h\u1ee3p v\u1edbi c\u00e1c \u0111\u1ed3 n\u1ed9i th\u1ea5t kh\u00e1c trong ph\u00f2ng.<\/span><\/p>\n<p style=\"text-align: justify;\"><b>Ph\u1ee5 ki\u1ec7n v\u00e0 chi ti\u1ebft trang tr\u00ed<\/b><\/p>\n<p style=\"text-align: justify;\"><span style=\"font-weight: 400;\">C\u00e1c chi ti\u1ebft nh\u01b0 tay c\u1ea7m, kh\u00f3a k\u00e9o hay c\u00e1c ph\u1ee5 ki\u1ec7n trang tr\u00ed s\u1ebd \u0111\u01b0\u1ee3c thi\u1ebft k\u1ebf tinh t\u1ebf, gi\u00fap t\u0103ng t\u00ednh th\u1ea9m m\u1ef9 cho s\u1ea3n ph\u1ea9m. \u0110\u1eb7c bi\u1ec7t, nh\u1eefng m\u1eabu gi\u01b0\u1eddng ng\u1ee7 MDF k\u1ebft h\u1ee3p t\u1ee7 qu\u1ea7n \u00e1o c\u00f3 c\u00e1c ng\u0103n k\u00e9o ho\u1eb7c k\u1ec7 l\u01b0u tr\u1eef th\u00eam s\u1ebd ng\u00e0y c\u00e0ng \u0111\u01b0\u1ee3c \u01b0a chu\u1ed9ng.<\/span><\/p>\n<h2 style=\"text-align: justify;\"><b>6. B\u00e1o gi\u00e1 gi\u01b0\u1eddng ng\u1ee7 MDF k\u1ebft h\u1ee3p t\u1ee7 qu\u1ea7n \u00e1o Nh\u1ea5t Nam<\/b><\/h2>\n<p style=\"text-align: justify;\"><span style=\"font-weight: 400;\">Gi\u00e1 gi\u01b0\u1eddng ng\u1ee7 MDF k\u1ebft h\u1ee3p t\u1ee7 qu\u1ea7n \u00e1o c\u1ee7a Nh\u1ea5t Nam t\u00f9y thu\u1ed9c v\u00e0o thi\u1ebft k\u1ebf, k\u00edch th\u01b0\u1edbc v\u00e0 c\u00e1c t\u00ednh n\u0103ng \u0111i k\u00e8m. \u0110\u1ec3 bi\u1ebft th\u00eam chi ti\u1ebft v\u1ec1 s\u1ea3n ph\u1ea9m, qu\u00fd kh\u00e1ch li\u00ean h\u1ec7 hotline Nh\u1ea5t Nam ho\u1eb7c \u0111\u1ebfn c\u1eeda h\u00e0ng showroom \u0111\u1ec3 \u0111\u01b0\u1ee3c t\u01b0 v\u1ea5n c\u1ee5 th\u1ec3 v\u00e0 b\u00e1o gi\u00e1 chi ti\u1ebft.\u00a0<\/span><\/p>\n<h2 style=\"text-align: justify;\"><b>7. \u0110\u1ecba ch\u1ec9 mua gi\u01b0\u1eddng ng\u1ee7 v\u00e0 t\u1ee7 qu\u1ea7n \u00e1o MDF uy t\u00edn<\/b><\/h2>\n<p style=\"text-align: justify;\"><span style=\"font-weight: 400;\">B\u1ea1n \u0111ang mu\u1ed1n n\u00e2ng c\u1ea5p kh\u00f4ng gian ph\u00f2ng ng\u1ee7 v\u1edbi nh\u1eefng m\u00f3n n\u1ed9i th\u1ea5t hi\u1ec7n \u0111\u1ea1i, tinh g\u1ecdn v\u00e0 b\u1ec1n \u0111\u1eb9p? H\u00e3y \u0111\u1ebfn v\u1edbi<\/span><b> Nh\u1ea5t Nam<\/b><span style=\"font-weight: 400;\"> \u2013 \u0111\u1ecba ch\u1ec9 \u0111\u00e1ng tin c\u1eady chuy\u00ean cung c\u1ea5p gi\u01b0\u1eddng ng\u1ee7 MDF ch\u1ea5t l\u01b0\u1ee3ng cao, \u0111\u01b0\u1ee3c nhi\u1ec1u kh\u00e1ch h\u00e0ng tin ch\u1ecdn..<\/span><\/p>\n<p style=\"text-align: justify;\"><span style=\"font-weight: 400;\">V\u1edbi l\u1ee3i th\u1ebf s\u1edf h\u1eefu x\u01b0\u1edfng s\u1ea3n xu\u1ea5t tr\u1ef1c ti\u1ebfp v\u00e0 \u0111\u1ed9i ng\u0169 thi\u1ebft k\u1ebf gi\u00e0u kinh nghi\u1ec7m, Nh\u1ea5t Nam mang \u0111\u1ebfn c\u00e1c m\u1eabu gi\u01b0\u1eddng ng\u1ee7 k\u1ebft h\u1ee3p qu\u1ea7n \u00e1o c\u00f3 thi\u1ebft k\u1ebf th\u00f4ng minh, d\u1ec5 ph\u1ed1i h\u1ee3p v\u1edbi nhi\u1ec1u phong c\u00e1ch n\u1ed9i th\u1ea5t. Ch\u1ea5t li\u1ec7u MDF l\u00f5i xanh ch\u1ed1ng \u1ea9m \u0111\u01b0\u1ee3c l\u1ef1a ch\u1ecdn k\u1ef9 c\u00e0ng, gi\u00fap s\u1ea3n ph\u1ea9m b\u1ec1n \u0111\u1eb9p theo th\u1eddi gian v\u00e0 ph\u00f9 h\u1ee3p v\u1edbi kh\u00ed h\u1eadu Vi\u1ec7t Nam.<\/span><\/p>\n<p style=\"text-align: justify;\"><b>T\u1ea1i sao n\u00ean ch\u1ecdn Nh\u1ea5t Nam?<\/b><\/p>\n<ul style=\"text-align: justify;\">\n<li style=\"font-weight: 400;\" aria-level=\"1\"><span style=\"font-weight: 400;\">Thi\u1ebft k\u1ebf hi\u1ec7n \u0111\u1ea1i, chu\u1ea9n k\u00edch th\u01b0\u1edbc v\u00e0 c\u00f4ng n\u0103ng<\/span><span style=\"font-weight: 400;\"><br \/>\n<\/span><\/li>\n<li style=\"font-weight: 400;\" aria-level=\"1\"><span style=\"font-weight: 400;\">S\u1ea3n xu\u1ea5t theo y\u00eau c\u1ea7u ri\u00eang c\u1ee7a t\u1eebng kh\u00e1ch h\u00e0ng<\/span><span style=\"font-weight: 400;\"><br \/>\n<\/span><\/li>\n<li style=\"font-weight: 400;\" aria-level=\"1\"><span style=\"font-weight: 400;\">\u0110\u1ed9i ng\u0169 t\u01b0 v\u1ea5n h\u1ed7 tr\u1ee3 nhi\u1ec7t t\u00ecnh, chuy\u00ean m\u00f4n cao<\/span><span style=\"font-weight: 400;\"><br \/>\n<\/span><\/li>\n<li style=\"font-weight: 400;\" aria-level=\"1\"><span style=\"font-weight: 400;\">Giao h\u00e0ng \u2013 l\u1eafp \u0111\u1eb7t t\u1eadn n\u01a1i, nhanh ch\u00f3ng \u2013 \u0111\u00fang h\u1eb9n<\/span><span style=\"font-weight: 400;\"><br \/>\n<\/span><\/li>\n<li style=\"font-weight: 400;\" aria-level=\"1\"><span style=\"font-weight: 400;\">Ch\u00ednh s\u00e1ch b\u1ea3o h\u00e0nh r\u00f5 r\u00e0ng, uy t\u00edn l\u00e2u d\u00e0i<\/span><span style=\"font-weight: 400;\"><br \/>\n<\/span><\/li>\n<\/ul>\n<p style=\"text-align: justify;\"><span style=\"font-weight: 400;\">N\u1ebfu b\u1ea1n \u0111ang c\u1ea7n m\u1ed9t kh\u00f4ng gian s\u1ed1ng ti\u1ec7n nghi v\u00e0 th\u1ea9m m\u1ef9 h\u01a1n, h\u00e3y \u0111\u1ec3<\/span><b> Nh\u1ea5t Nam<\/b><span style=\"font-weight: 400;\"> \u0111\u1ed3ng h\u00e0nh c\u00f9ng b\u1ea1n. <\/span><span style=\"font-weight: 400;\">Li\u00ean h\u1ec7 ngay \u0111\u1ec3 \u0111\u01b0\u1ee3c t\u01b0 v\u1ea5n thi\u1ebft k\u1ebf theo y\u00eau c\u1ea7u v\u00e0 nh\u1eadn b\u00e1o gi\u00e1 m\u1edbi nh\u1ea5t!<\/span><\/p>\n","protected":false},"excerpt":{"rendered":"<p style=\"text-align: justify;\">B\u1ea1n \u0111ang t\u00ecm ki\u1ebfm gi\u1ea3i ph\u00e1p n\u1ed9i th\u1ea5t th\u00f4ng minh, ti\u1ebft ki\u1ec7m di\u1ec7n t\u00edch m\u00e0 v\u1eabn \u0111\u1ea3m b\u1ea3o t\u00ednh th\u1ea9m m\u1ef9 cho ph\u00f2ng ng\u1ee7? Gi\u01b0\u1eddng ng\u1ee7 MDF k\u1ebft h\u1ee3p t\u1ee7 qu\u1ea7n \u00e1o ch\u00ednh l\u00e0 l\u1ef1a ch\u1ecdn l\u00fd t\u01b0\u1edfng d\u00e0nh cho kh\u00f4ng gian hi\u1ec7n \u0111\u1ea1i. V\u1edbi thi\u1ebft k\u1ebf \u0111a n\u0103ng, ch\u1ea5t li\u1ec7u b\u1ec1n \u0111\u1eb9p v\u00e0 ki\u1ec3u d\u00e1ng th\u1eddi th\u01b0\u1ee3ng, c\u00e1c m\u1eabu gi\u01b0\u1eddng t\u1ee7 li\u1ec1n kh\u1ed1i t\u1ea1i Nh\u1ea5t Nam s\u1ebd gi\u00fap b\u1ea1n t\u1ed1i \u01b0u kh\u00f4ng gian s\u1ed1ng, mang l\u1ea1i s\u1ef1 g\u1ecdn g\u00e0ng v\u00e0 ti\u1ec7n nghi v\u01b0\u1ee3t tr\u1ed9i.<\/p>\n","protected":false},"featured_media":1765,"comment_status":"open","ping_status":"closed","template":"","meta":{"_acf_changed":false,"_gspb_post_css":""},"book-author":[],"product_brand":[],"product_cat":[127,104],"product_tag":[],"class_list":{"0":"post-1766","1":"product","2":"type-product","3":"status-publish","4":"has-post-thumbnail","6":"product_cat-giuong-ngu-go-mdf","7":"product_cat-noi-that-phong-ngu","9":"first","10":"instock","11":"shipping-taxable","12":"product-type-simple"},"acf":[],"_links":{"self":[{"href":"https:\/\/nhatnam.libion.me\/index.php\/wp-json\/wp\/v2\/product\/1766","targetHints":{"allow":["GET"]}}],"collection":[{"href":"https:\/\/nhatnam.libion.me\/index.php\/wp-json\/wp\/v2\/product"}],"about":[{"href":"https:\/\/nhatnam.libion.me\/index.php\/wp-json\/wp\/v2\/types\/product"}],"replies":[{"embeddable":true,"href":"https:\/\/nhatnam.libion.me\/index.php\/wp-json\/wp\/v2\/comments?post=1766"}],"wp:featuredmedia":[{"embeddable":true,"href":"https:\/\/nhatnam.libion.me\/index.php\/wp-json\/wp\/v2\/media\/1765"}],"wp:attachment":[{"href":"https:\/\/nhatnam.libion.me\/index.php\/wp-json\/wp\/v2\/media?parent=1766"}],"wp:term":[{"taxonomy":"book-author","embeddable":true,"href":"https:\/\/nhatnam.libion.me\/index.php\/wp-json\/wp\/v2\/book-author?post=1766"},{"taxonomy":"product_brand","embeddable":true,"href":"https:\/\/nhatnam.libion.me\/index.php\/wp-json\/wp\/v2\/product_brand?post=1766"},{"taxonomy":"product_cat","embeddable":true,"href":"https:\/\/nhatnam.libion.me\/index.php\/wp-json\/wp\/v2\/product_cat?post=1766"},{"taxonomy":"product_tag","embeddable":true,"href":"https:\/\/nhatnam.libion.me\/index.php\/wp-json\/wp\/v2\/product_tag?post=1766"}],"curies":[{"name":"wp","href":"https:\/\/api.w.org\/{rel}","templated":true}]}}