{"id":1746,"date":"2026-04-07T10:23:31","date_gmt":"2026-04-07T10:23:31","guid":{"rendered":"https:\/\/nhatnam.libion.me\/index.php\/product\/tu-bep-nhom-grando\/"},"modified":"2026-04-07T10:23:31","modified_gmt":"2026-04-07T10:23:31","slug":"tu-bep-nhom-grando","status":"publish","type":"product","link":"https:\/\/nhatnam.libion.me\/index.php\/product\/tu-bep-nhom-grando\/","title":{"rendered":"T\u1ee7 B\u1ebfp Nh\u00f4m Grando"},"content":{"rendered":"<p style=\"text-align: justify;\"><span style=\"font-weight: 400;\">Kh\u00f4ng gian b\u1ebfp kh\u00f4ng ch\u1ec9 l\u00e0 n\u01a1i \u0111\u1ec3 ch\u1ebf bi\u1ebfn m\u00f3n \u0103n m\u00e0 c\u00f2n l\u00e0 n\u01a1i th\u1ec3 hi\u1ec7n phong c\u00e1ch s\u1ed1ng c\u1ee7a m\u1ed7i gia \u0111\u00ecnh. T\u1ee7 b\u1ebfp nh\u00f4m, \u0111\u1eb7c bi\u1ec7t l\u00e0 <\/span>t\u1ee7 b\u1ebfp nh\u00f4m Grando<span style=\"font-weight: 400;\">, \u0111ang tr\u1edf th\u00e0nh m\u1ed9t l\u1ef1a ch\u1ecdn ph\u1ed5 bi\u1ebfn nh\u1edd v\u00e0o t\u00ednh th\u1ea9m m\u1ef9, \u0111\u1ed9 b\u1ec1n v\u00e0 kh\u1ea3 n\u0103ng ch\u1ed1ng ch\u1ecbu m\u00f4i tr\u01b0\u1eddng \u1ea9m \u01b0\u1edbt \u0111\u1eb7c tr\u01b0ng trong b\u1ebfp.\u00a0<\/span><\/p>\n<p style=\"text-align: justify;\"><span style=\"font-weight: 400;\">C\u00f9ng Nh\u1ea5t Nam t\u00ecm hi\u1ec3u chi ti\u1ebft s\u1ea3n ph\u1ea9m qua b\u00e0i vi\u1ebft d\u01b0\u1edbi \u0111\u00e2y nh\u00e9!<\/span><\/p>\n<h2 style=\"text-align: justify;\"><b>1. T\u1ee7 b\u1ebfp nh\u00f4m Grando l\u00e0 g\u00ec?<\/b><\/h2>\n<figure id=\"attachment_4625\" aria-describedby=\"caption-attachment-4625\" style=\"width: 1280px\" class=\"wp-caption aligncenter\"><img loading=\"lazy\" decoding=\"async\" class=\"wp-image-4625 size-full\" src=\"https:\/\/nhatnam.org\/wp-content\/uploads\/2025\/02\/Nhom_van_go06.jpg\" alt=\"T\u1ee7 B\u1ebfp Nh\u00f4m Grando\" width=\"1280\" height=\"960\" \/><figcaption id=\"caption-attachment-4625\" class=\"wp-caption-text\">M\u1eabu t\u1ee7 b\u1ebfp nh\u00f4m \u0111\u1eb9p<\/figcaption><\/figure>\n<p style=\"text-align: justify;\"><span style=\"font-weight: 400;\">T\u1ee7 b\u1ebfp nh\u00f4m Grando l\u00e0 d\u00f2ng t\u1ee7 b\u1ebfp cao c\u1ea5p \u0111\u01b0\u1ee3c l\u00e0m t\u1eeb h\u1ec7 nh\u00f4m h\u1ee3p kim c\u1ee7a th\u01b0\u01a1ng hi\u1ec7u Grando \u2013 m\u1ed9t trong nh\u1eefng nh\u00e0 s\u1ea3n xu\u1ea5t nh\u00f4m thanh \u0111\u1ecbnh h\u00ecnh uy t\u00edn t\u1ea1i Vi\u1ec7t Nam. T\u1ee7 b\u1ebfp n\u00e0y s\u1eed d\u1ee5ng khung nh\u00f4m b\u1ec1n ch\u1eafc, k\u1ebft h\u1ee3p v\u1edbi c\u00e1c v\u1eadt li\u1ec7u nh\u01b0 k\u00ednh, t\u1ea5m nh\u1ef1a composite, ho\u1eb7c t\u1ea5m h\u1ee3p kim nh\u00f4m \u0111\u1ec3 ho\u00e0n thi\u1ec7n b\u1ec1 m\u1eb7t.<\/span><\/p>\n<p style=\"text-align: justify;\"><span style=\"font-weight: 400;\">Nh\u1edd \u1ee9ng d\u1ee5ng c\u00f4ng ngh\u1ec7 s\u01a1n t\u0129nh \u0111i\u1ec7n hi\u1ec7n \u0111\u1ea1i, t\u1ee7 b\u1ebfp nh\u00f4m Grando c\u00f3 kh\u1ea3 n\u0103ng ch\u1ed1ng \u1ea9m, ch\u1ed1ng m\u1ed1i m\u1ecdt, kh\u00f4ng cong v\u00eanh v\u00e0 d\u1ec5 d\u00e0ng v\u1ec7 sinh, gi\u00fap s\u1ea3n ph\u1ea9m b\u1ec1n \u0111\u1eb9p theo th\u1eddi gian. V\u1edbi thi\u1ebft k\u1ebf tinh t\u1ebf, ki\u1ec3u d\u00e1ng \u0111a d\u1ea1ng, t\u1ee7 b\u1ebfp Grando mang l\u1ea1i v\u1ebb sang tr\u1ecdng, hi\u1ec7n \u0111\u1ea1i v\u00e0 l\u00e0 l\u1ef1a ch\u1ecdn l\u00fd t\u01b0\u1edfng cho nhi\u1ec1u kh\u00f4ng gian b\u1ebfp.<\/span><\/p>\n<p style=\"text-align: justify;\"><span style=\"font-weight: 400;\">\u0110\u1eb7c bi\u1ec7t, d\u00f2ng Grando Eco n\u1ed5i b\u1eadt v\u1edbi b\u1ec1 m\u1eb7t v\u00e2n g\u1ed7 ch\u00e2n th\u1ef1c, m\u00f4 ph\u1ecfng 95 \u2013 98% v\u1ebb \u0111\u1eb9p c\u1ee7a g\u1ed7 t\u1ef1 nhi\u00ean, k\u1ebft h\u1ee3p th\u1ea9m m\u1ef9 cao v\u00e0 \u0111\u1ed9 b\u1ec1n v\u01b0\u1ee3t tr\u1ed9i.<\/span><\/p>\n<h3 style=\"text-align: justify;\"><b>C\u1ea5u t\u1ea1o t\u1ee7 b\u1ebfp nh\u00f4m v\u00e2n g\u1ed7 Grando<\/b><\/h3>\n<p style=\"text-align: justify;\"><b>Khung nh\u00f4m Grando \u2013 K\u1ebft c\u1ea5u b\u1ec1n v\u1eefng, ch\u1ed1ng cong v\u00eanh<\/b><\/p>\n<figure id=\"attachment_4401\" aria-describedby=\"caption-attachment-4401\" style=\"width: 1280px\" class=\"wp-caption aligncenter\"><img loading=\"lazy\" decoding=\"async\" class=\"wp-image-4401 size-full\" src=\"https:\/\/nhatnam.org\/wp-content\/uploads\/2025\/02\/nhom_van_go_NHAT_NAM02.jpg\" alt=\"T\u1ee7 B\u1ebfp Nh\u00f4m Grando\" width=\"1280\" height=\"960\" \/><figcaption id=\"caption-attachment-4401\" class=\"wp-caption-text\">Khung, th\u00f9ng t\u1ee7 \u0111\u01b0\u1ee3c l\u00e0m t\u1eeb nh\u00f4m h\u1ee3p kim cao c\u1ea5p<\/figcaption><\/figure>\n<p style=\"text-align: justify;\"><span style=\"font-weight: 400;\">S\u1eed d\u1ee5ng h\u1ee3p kim nh\u00f4m cao c\u1ea5p v\u1edbi \u0111\u1ed9 d\u00e0y t\u1eeb 1.2mm \u2013 1.4mm, \u0111\u1ea3m b\u1ea3o kh\u1ea3 n\u0103ng ch\u1ecbu l\u1ef1c t\u1ed1t, kh\u00f4ng cong v\u00eanh, m\u1ed1i m\u1ecdt.<\/span><\/p>\n<p style=\"text-align: justify;\"><span style=\"font-weight: 400;\">B\u1ec1 m\u1eb7t \u0111\u01b0\u1ee3c ph\u1ee7 s\u01a1n t\u0129nh \u0111i\u1ec7n c\u00f4ng ngh\u1ec7 hi\u1ec7n \u0111\u1ea1i, t\u1ea1o hi\u1ec7u \u1ee9ng v\u00e2n g\u1ed7 t\u1ef1 nhi\u00ean, gi\u00fap t\u0103ng t\u00ednh th\u1ea9m m\u1ef9 v\u00e0 duy tr\u00ec m\u00e0u s\u1eafc b\u1ec1n \u0111\u1eb9p theo th\u1eddi gian.<\/span><\/p>\n<p style=\"text-align: justify;\"><b>C\u00e1nh t\u1ee7 b\u1ebfp nh\u00f4m<\/b><\/p>\n<figure id=\"attachment_4407\" aria-describedby=\"caption-attachment-4407\" style=\"width: 1280px\" class=\"wp-caption aligncenter\"><img loading=\"lazy\" decoding=\"async\" class=\"wp-image-4407 size-full\" src=\"https:\/\/nhatnam.org\/wp-content\/uploads\/2025\/02\/nhom_van_go_NHAT_NAM08.jpg\" alt=\"t\u1ee7 b\u1ebfp nh\u00f4m grando\" width=\"1280\" height=\"960\" \/><figcaption id=\"caption-attachment-4407\" class=\"wp-caption-text\">C\u00e1nh t\u1ee7 \u0111\u01b0\u1ee3c l\u00e0m t\u1eeb ch\u1ea5t li\u1ec7u nh\u00f4m nguy\u00ean kh\u1ed1i<\/figcaption><\/figure>\n<p style=\"text-align: justify;\"><span style=\"font-weight: 400;\">Ch\u1ea5t li\u1ec7u nh\u00f4m nguy\u00ean kh\u1ed1i d\u00e0y 30mm, \u0111\u1ea3m b\u1ea3o \u0111\u1ed9 c\u1ee9ng c\u00e1p, ch\u1ecbu l\u1ef1c t\u1ed1t.<\/span><\/p>\n<p style=\"text-align: justify;\"><span style=\"font-weight: 400;\">L\u1edbp ph\u1ee7 v\u00e2n g\u1ed7 \u0111\u01b0\u1ee3c x\u1eed l\u00fd t\u1ec9 m\u1ec9, mang \u0111\u1ebfn v\u1ebb \u0111\u1eb9p ch\u00e2n th\u1ef1c nh\u01b0 g\u1ed7 t\u1ef1 nhi\u00ean, \u0111\u1ed3ng th\u1eddi ch\u1ed1ng b\u00e1m b\u1ee5i v\u00e0 ch\u1ed1ng th\u1ea5m n\u01b0\u1edbc hi\u1ec7u qu\u1ea3.<\/span><\/p>\n<p style=\"text-align: justify;\"><span style=\"font-weight: 400;\">B\u1ec1 m\u1eb7t s\u01a1n t\u0129nh \u0111i\u1ec7n ch\u1ed1ng tr\u1ea7y x\u01b0\u1edbc, d\u1ec5 lau ch\u00f9i, gi\u00fap duy tr\u00ec \u0111\u1ed9 m\u1edbi theo th\u1eddi gian.<\/span><\/p>\n<p style=\"text-align: justify;\"><b>H\u1ec7 th\u1ed1ng ph\u1ee5 ki\u1ec7n \u2013 \u0110\u1ea3m b\u1ea3o s\u1ef1 ti\u1ec7n nghi, v\u1eadn h\u00e0nh \u00eam \u00e1i<\/b><\/p>\n<p style=\"text-align: justify;\"><span style=\"font-weight: 400;\">B\u1ea3n l\u1ec1, tay n\u1eafm, ray tr\u01b0\u1ee3t v\u00e0 c\u00e1c chi ti\u1ebft li\u00ean k\u1ebft \u0111\u01b0\u1ee3c ch\u1ecdn l\u1ef1a t\u1eeb c\u00e1c th\u01b0\u01a1ng hi\u1ec7u cao c\u1ea5p nh\u01b0 Eurogold, Hafele, gi\u00fap t\u1ee7 b\u1ebfp ho\u1ea1t \u0111\u1ed9ng tr\u01a1n tru, b\u1ec1n b\u1ec9. H\u1ec7 th\u1ed1ng ray k\u00e9o ch\u1ecbu l\u1ef1c cao, \u0111\u00f3ng m\u1edf nh\u1eb9 nh\u00e0ng, \u0111\u1ea3m b\u1ea3o tu\u1ed5i th\u1ecd s\u1eed d\u1ee5ng l\u00e2u d\u00e0i.<\/span><\/p>\n<h2 style=\"text-align: justify;\"><b>2. Nh\u1eefng \u0111\u1eb7c \u0111i\u1ec3m n\u1ed5i b\u1eadt c\u1ee7a t\u1ee7 b\u1ebfp nh\u00f4m Grando<\/b><\/h2>\n<figure id=\"attachment_4620\" aria-describedby=\"caption-attachment-4620\" style=\"width: 1280px\" class=\"wp-caption aligncenter\"><img loading=\"lazy\" decoding=\"async\" class=\"wp-image-4620 size-full\" src=\"https:\/\/nhatnam.org\/wp-content\/uploads\/2025\/02\/Nhom_van_go01.jpg\" alt=\"T\u1ee7 B\u1ebfp Nh\u00f4m Grando\" width=\"1280\" height=\"960\" \/><figcaption id=\"caption-attachment-4620\" class=\"wp-caption-text\">M\u1eabu t\u1ee7 b\u1ebfp nh\u00f4m Grando ch\u1eef L \u0111\u1eb9p<\/figcaption><\/figure>\n<p style=\"text-align: justify;\"><b>Ch\u1ea5t li\u1ec7u nh\u00f4m h\u1ee3p kim cao c\u1ea5p<\/b><\/p>\n<p style=\"text-align: justify;\"><span style=\"font-weight: 400;\">T\u1ee7 b\u1ebfp nh\u00f4m Grando \u0111\u01b0\u1ee3c s\u1ea3n xu\u1ea5t t\u1eeb nh\u00f4m h\u1ee3p kim cao c\u1ea5p, mang l\u1ea1i \u0111\u1ed9 b\u1ec1n v\u01b0\u1ee3t tr\u1ed9i so v\u1edbi c\u00e1c v\u1eadt li\u1ec7u truy\u1ec1n th\u1ed1ng nh\u01b0 g\u1ed7. Nh\u00f4m h\u1ee3p kim c\u00f3 kh\u1ea3 n\u0103ng ch\u1ecbu l\u1ef1c t\u1ed1t, kh\u00f4ng b\u1ecb cong v\u00eanh hay m\u1ed1i m\u1ecdt, gi\u00fap s\u1ea3n ph\u1ea9m duy tr\u00ec t\u00ednh th\u1ea9m m\u1ef9 v\u00e0 \u0111\u1ed9 b\u1ec1n l\u00e2u d\u00e0i.<\/span><\/p>\n<p style=\"text-align: justify;\"><b>S\u01a1n t\u0129nh \u0111i\u1ec7n b\u1ec1n m\u00e0u, ch\u1ed1ng oxy h\u00f3a<\/b><\/p>\n<p style=\"text-align: justify;\"><span style=\"font-weight: 400;\">T\u1ee7 b\u1ebfp nh\u00f4m Grando \u0111\u01b0\u1ee3c ph\u1ee7 l\u1edbp s\u01a1n t\u0129nh \u0111i\u1ec7n, gi\u00fap t\u1ea1o l\u1edbp b\u1ea3o v\u1ec7 v\u1eefng ch\u1eafc, b\u1ec1n b\u1ec9 v\u1edbi th\u1eddi gian. S\u01a1n t\u0129nh \u0111i\u1ec7n kh\u00f4ng ch\u1ec9 gi\u00fap t\u1ee7 b\u1ebfp kh\u00f4ng b\u1ecb phai m\u00e0u, bong tr\u00f3c m\u00e0 c\u00f2n t\u0103ng kh\u1ea3 n\u0103ng ch\u1ed1ng oxy h\u00f3a, ch\u1ecbu \u0111\u01b0\u1ee3c s\u1ef1 thay \u0111\u1ed5i c\u1ee7a nhi\u1ec7t \u0111\u1ed9 v\u00e0 \u0111\u1ed9 \u1ea9m trong m\u00f4i tr\u01b0\u1eddng b\u1ebfp.<\/span><\/p>\n<p style=\"text-align: justify;\"><b>Kh\u1ea3 n\u0103ng ch\u1ecbu nhi\u1ec7t t\u1ed1t<\/b><\/p>\n<p style=\"text-align: justify;\"><span style=\"font-weight: 400;\">M\u1ed9t trong nh\u1eefng l\u00fd do khi\u1ebfn <\/span><b>t\u1ee7 b\u1ebfp nh\u00f4m Grando<\/b><span style=\"font-weight: 400;\"> \u0111\u01b0\u1ee3c \u01b0a chu\u1ed9ng l\u00e0 kh\u1ea3 n\u0103ng ch\u1ecbu nhi\u1ec7t tuy\u1ec7t v\u1eddi c\u1ee7a nh\u00f4m h\u1ee3p kim. Kh\u00e1c v\u1edbi g\u1ed7 ho\u1eb7c c\u00e1c ch\u1ea5t li\u1ec7u kh\u00e1c, nh\u00f4m c\u00f3 kh\u1ea3 n\u0103ng ch\u1ecbu \u0111\u01b0\u1ee3c nhi\u1ec7t \u0111\u1ed9 cao m\u00e0 kh\u00f4ng b\u1ecb bi\u1ebfn d\u1ea1ng, cong v\u00eanh, r\u1ea5t ph\u00f9 h\u1ee3p cho kh\u00f4ng gian b\u1ebfp th\u01b0\u1eddng xuy\u00ean ph\u1ea3i ti\u1ebfp x\u00fac v\u1edbi nhi\u1ec7t v\u00e0 h\u01a1i n\u01b0\u1edbc.<\/span><\/p>\n<p style=\"text-align: justify;\"><b>Kh\u1ea3 n\u0103ng ch\u1ed1ng m\u1ed1i m\u1ecdt v\u00e0 cong v\u00eanh<\/b><\/p>\n<p style=\"text-align: justify;\"><span style=\"font-weight: 400;\">M\u1ed1i m\u1ecdt l\u00e0 v\u1ea5n \u0111\u1ec1 th\u01b0\u1eddng g\u1eb7p v\u1edbi t\u1ee7 b\u1ebfp b\u1eb1ng g\u1ed7, \u0111\u1eb7c bi\u1ec7t l\u00e0 trong m\u00f4i tr\u01b0\u1eddng b\u1ebfp \u1ea9m \u01b0\u1edbt. Tuy nhi\u00ean, t\u1ee7 b\u1ebfp nh\u00f4m Grando l\u1ea1i ho\u00e0n to\u00e0n kh\u00f4ng b\u1ecb \u1ea3nh h\u01b0\u1edfng b\u1edfi m\u1ed1i m\u1ecdt hay cong v\u00eanh, gi\u00fap t\u0103ng tu\u1ed5i th\u1ecd s\u1ea3n ph\u1ea9m v\u00e0 gi\u1ea3m chi ph\u00ed b\u1ea3o tr\u00ec.<\/span><\/p>\n<p style=\"text-align: justify;\"><b>D\u1ec5 d\u00e0ng v\u1ec7 sinh v\u00e0 b\u1ea3o d\u01b0\u1ee1ng<\/b><\/p>\n<p style=\"text-align: justify;\"><span style=\"font-weight: 400;\">B\u1ec1 m\u1eb7t nh\u00f4m m\u1ecbn m\u00e0ng v\u00e0 kh\u00f4ng b\u00e1m b\u1ee5i b\u1ea9n, gi\u00fap vi\u1ec7c lau ch\u00f9i, v\u1ec7 sinh t\u1ee7 b\u1ebfp tr\u1edf n\u00ean d\u1ec5 d\u00e0ng h\u01a1n bao gi\u1edd h\u1ebft. B\u1ea1n ch\u1ec9 c\u1ea7n d\u00f9ng kh\u0103n m\u1ec1m v\u00e0 dung d\u1ecbch t\u1ea9y r\u1eeda nh\u1eb9 nh\u00e0ng \u0111\u1ec3 gi\u1eef cho t\u1ee7 b\u1ebfp lu\u00f4n s\u1ea1ch s\u1ebd, m\u1edbi m\u1ebb m\u00e0 kh\u00f4ng ph\u1ea3i t\u1ed1n nhi\u1ec1u c\u00f4ng s\u1ee9c.<\/span><\/p>\n<p style=\"text-align: justify;\"><b>Thi\u1ebft k\u1ebf hi\u1ec7n \u0111\u1ea1i, sang tr\u1ecdng<\/b><\/p>\n<p style=\"text-align: justify;\"><span style=\"font-weight: 400;\">T\u1ee7 b\u1ebfp nh\u00f4m Grando mang l\u1ea1i m\u1ed9t v\u1ebb \u0111\u1eb9p hi\u1ec7n \u0111\u1ea1i, sang tr\u1ecdng v\u00e0 tinh t\u1ebf cho kh\u00f4ng gian b\u1ebfp c\u1ee7a b\u1ea1n. V\u1edbi c\u00e1c m\u00e0u s\u1eafc \u0111a d\u1ea1ng nh\u01b0 tr\u1eafng, x\u00e1m, n\u00e2u, v\u00e2n g\u1ed7 hay m\u00e0u kim lo\u1ea1i, b\u1ea1n c\u00f3 th\u1ec3 d\u1ec5 d\u00e0ng ch\u1ecdn l\u1ef1a m\u1ed9t ki\u1ec3u d\u00e1ng ph\u00f9 h\u1ee3p v\u1edbi phong c\u00e1ch n\u1ed9i th\u1ea5t b\u1ebfp c\u1ee7a gia \u0111\u00ecnh. T\u1ee7 b\u1ebfp nh\u00f4m Grando c\u00f3 th\u1ec3 \u0111\u01b0\u1ee3c thi\u1ebft k\u1ebf v\u1edbi c\u00e1c ki\u1ec3u d\u00e1ng kh\u00e1c nhau nh\u01b0 <a href=\"https:\/\/nhatnam.org\/san-pham\/tu-bep-chu-l\/\" target=\"_blank\" rel=\"noopener\">t\u1ee7 b\u1ebfp ch\u1eef L<\/a>, ch\u1eef U, ho\u1eb7c th\u1eadm ch\u00ed l\u00e0 t\u1ee7 b\u1ebfp \u0111\u1ea3o \u0111\u1ec3 t\u1ed1i \u01b0u h\u00f3a kh\u00f4ng gian s\u1eed d\u1ee5ng v\u00e0 ti\u1ec7n l\u1ee3i khi n\u1ea5u n\u01b0\u1edbng.<\/span><\/p>\n<h2 style=\"text-align: justify;\"><b>3. T\u1ee7 b\u1ebfp nh\u00f4m Grando ph\u00f9 h\u1ee3p v\u1edbi nhi\u1ec1u kh\u00f4ng gian b\u1ebfp<\/b><\/h2>\n<figure id=\"attachment_4400\" aria-describedby=\"caption-attachment-4400\" style=\"width: 1280px\" class=\"wp-caption aligncenter\"><img loading=\"lazy\" decoding=\"async\" class=\"wp-image-4400 size-full\" src=\"https:\/\/nhatnam.org\/wp-content\/uploads\/2025\/02\/nhom_van_go_NHAT_NAM01.jpg\" alt=\"T\u1ee7 B\u1ebfp Nh\u00f4m Grando\" width=\"1280\" height=\"960\" \/><figcaption id=\"caption-attachment-4400\" class=\"wp-caption-text\">T\u1ee7 b\u1ebfp nh\u00f4m Grando \u0111\u01b0\u1ee3c s\u1eb3n xu\u1ea5t tr\u00ean quy tr\u00ecnh c\u00f4ng ngh\u1ec7 hi\u1ec7n \u0111\u1ea1i t\u1ea1i nh\u00e0 x\u01b0\u1edfng Nh\u1ea5t Nam<\/figcaption><\/figure>\n<p style=\"text-align: justify;\"><span style=\"font-weight: 400;\">T\u1ee7 b\u1ebfp nh\u00f4m Grando kh\u00f4ng ch\u1ec9 ph\u00f9 h\u1ee3p v\u1edbi c\u00e1c c\u0103n h\u1ed9 hi\u1ec7n \u0111\u1ea1i m\u00e0 c\u00f2n l\u00e0 l\u1ef1a ch\u1ecdn l\u00fd t\u01b0\u1edfng cho c\u00e1c c\u0103n bi\u1ec7t th\u1ef1, nh\u00e0 ph\u1ed1 ho\u1eb7c nh\u1eefng kh\u00f4ng gian b\u1ebfp c\u00f3 di\u1ec7n t\u00edch nh\u1ecf. V\u00ec v\u1eady, d\u00f9 b\u1ebfp c\u1ee7a b\u1ea1n r\u1ed9ng hay nh\u1ecf, t\u1ee7 b\u1ebfp nh\u00f4m Grando v\u1eabn s\u1ebd mang l\u1ea1i v\u1ebb \u0111\u1eb9p hi\u1ec7n \u0111\u1ea1i, ti\u1ec7n nghi v\u00e0 t\u1ed1i \u01b0u h\u00f3a c\u00f4ng n\u0103ng s\u1eed d\u1ee5ng.<\/span><\/p>\n<p style=\"text-align: justify;\"><b>T\u1ee7 b\u1ebfp nh\u00f4m Grando cho kh\u00f4ng gian b\u1ebfp nh\u1ecf<\/b><\/p>\n<p style=\"text-align: justify;\"><span style=\"font-weight: 400;\">V\u1edbi c\u00e1c c\u0103n b\u1ebfp c\u00f3 di\u1ec7n t\u00edch khi\u00eam t\u1ed1n, vi\u1ec7c l\u1ef1a ch\u1ecdn t\u1ee7 b\u1ebfp ph\u00f9 h\u1ee3p l\u00e0 r\u1ea5t quan tr\u1ecdng. T\u1ee7 b\u1ebfp nh\u00f4m Grando v\u1edbi thi\u1ebft k\u1ebf thanh m\u1ea3nh, nh\u1eb9 nh\u00e0ng nh\u01b0ng v\u1eabn \u0111\u1ea3m b\u1ea3o \u0111\u1ed9 b\u1ec1n ch\u1eafc ch\u1eafn s\u1ebd gi\u00fap kh\u00f4ng gian b\u1ebfp nh\u1ecf g\u1ecdn nh\u01b0ng v\u1eabn \u0111\u1ea7y \u0111\u1ee7 ch\u1ee9c n\u0103ng. C\u00e1c m\u1eabu t\u1ee7 b\u1ebfp nh\u00f4m c\u00f3 th\u1ec3 thi\u1ebft k\u1ebf v\u1edbi c\u00e1c k\u1ec7 m\u1edf, gi\u00fap t\u1eadn d\u1ee5ng kh\u00f4ng gian l\u01b0u tr\u1eef hi\u1ec7u qu\u1ea3.<\/span><\/p>\n<p style=\"text-align: justify;\"><b>T\u1ee7 b\u1ebfp nh\u00f4m Grando cho kh\u00f4ng gian b\u1ebfp l\u1edbn<\/b><\/p>\n<p style=\"text-align: justify;\"><span style=\"font-weight: 400;\">\u0110\u1ed1i v\u1edbi nh\u1eefng kh\u00f4ng gian b\u1ebfp l\u1edbn, t\u1ee7 b\u1ebfp nh\u00f4m Grando c\u00f3 th\u1ec3 d\u1ec5 d\u00e0ng thi\u1ebft k\u1ebf v\u1edbi c\u00e1c d\u1ea1ng h\u00ecnh kh\u1ed1i, t\u1ea1o s\u1ef1 \u0111\u1ed3ng nh\u1ea5t, h\u00e0i h\u00f2a cho kh\u00f4ng gian b\u1ebfp. B\u00ean c\u1ea1nh \u0111\u00f3, t\u1ee7 b\u1ebfp nh\u00f4m c\u00f2n gi\u00fap kh\u00f4ng gian tr\u1edf n\u00ean s\u00e1ng s\u1ee7a, r\u1ed9ng r\u00e3i v\u00e0 sang tr\u1ecdng h\u01a1n.<\/span><\/p>\n<h2 style=\"text-align: justify;\"><b>4. L\u00fd do t\u1ee7 b\u1ebfp nh\u00f4m Grando l\u00e0 l\u1ef1a ch\u1ecdn t\u1ed1i \u01b0u<\/b><\/h2>\n<p style=\"text-align: justify;\"><b>\u0110\u1ed9 b\u1ec1n cao, ti\u1ebft ki\u1ec7m chi ph\u00ed<\/b><\/p>\n<p style=\"text-align: justify;\"><span style=\"font-weight: 400;\">Nh\u1edd v\u00e0o v\u1eadt li\u1ec7u nh\u00f4m h\u1ee3p kim v\u00e0 c\u00f4ng ngh\u1ec7 s\u01a1n t\u0129nh \u0111i\u1ec7n, t\u1ee7 b\u1ebfp nh\u00f4m Grando c\u00f3 th\u1ec3 s\u1eed d\u1ee5ng l\u00e2u d\u00e0i m\u00e0 kh\u00f4ng b\u1ecb \u1ea3nh h\u01b0\u1edfng b\u1edfi m\u00f4i tr\u01b0\u1eddng b\u1ebfp \u1ea9m \u01b0\u1edbt. B\u1ea1n kh\u00f4ng c\u1ea7n ph\u1ea3i lo l\u1eafng v\u1ec1 v\u1ea5n \u0111\u1ec1 m\u1ed1i m\u1ecdt hay cong v\u00eanh nh\u01b0 t\u1ee7 b\u1ebfp g\u1ed7. \u0110i\u1ec1u n\u00e0y gi\u00fap b\u1ea1n ti\u1ebft ki\u1ec7m chi ph\u00ed b\u1ea3o tr\u00ec v\u00e0 thay th\u1ebf.<\/span><\/p>\n<p style=\"text-align: justify;\"><b>T\u00ednh th\u1ea9m m\u1ef9 cao<\/b><\/p>\n<p style=\"text-align: justify;\"><span style=\"font-weight: 400;\">T\u1ee7 b\u1ebfp nh\u00f4m Grando mang \u0111\u1ebfn m\u1ed9t phong c\u00e1ch thi\u1ebft k\u1ebf hi\u1ec7n \u0111\u1ea1i, \u0111\u01a1n gi\u1ea3n nh\u01b0ng kh\u00f4ng k\u00e9m ph\u1ea7n sang tr\u1ecdng. Nh\u1eefng \u0111\u01b0\u1eddng n\u00e9t tinh t\u1ebf, m\u00e0u s\u1eafc \u0111a d\u1ea1ng c\u1ee7a t\u1ee7 b\u1ebfp nh\u00f4m Grando s\u1ebd l\u00e0m t\u00f4n l\u00ean v\u1ebb \u0111\u1eb9p c\u1ee7a kh\u00f4ng gian b\u1ebfp, khi\u1ebfn cho kh\u00f4ng gian n\u1ea5u n\u01b0\u1edbng tr\u1edf n\u00ean h\u1ea5p d\u1eabn v\u00e0 cu\u1ed1n h\u00fat h\u01a1n.<\/span><\/p>\n<p style=\"text-align: justify;\"><b>D\u1ec5 d\u00e0ng l\u1eafp \u0111\u1eb7t v\u00e0 th\u00e1o l\u1eafp<\/b><\/p>\n<p style=\"text-align: justify;\"><span style=\"font-weight: 400;\">T\u1ee7 b\u1ebfp nh\u00f4m Grando d\u1ec5 d\u00e0ng l\u1eafp \u0111\u1eb7t v\u00e0 th\u00e1o d\u1ee1, gi\u00fap qu\u00e1 tr\u00ecnh thi c\u00f4ng nhanh ch\u00f3ng v\u00e0 thu\u1eadn ti\u1ec7n. B\u1ea1n kh\u00f4ng c\u1ea7n ph\u1ea3i lo l\u1eafng v\u1ec1 vi\u1ec7c m\u1ea5t th\u1eddi gian \u0111\u1ec3 l\u1eafp \u0111\u1eb7t hay s\u1eeda ch\u1eefa khi c\u00f3 s\u1ef1 c\u1ed1.<\/span><\/p>\n<p style=\"text-align: justify;\"><b>Th\u00e2n thi\u1ec7n v\u1edbi m\u00f4i tr\u01b0\u1eddng<\/b><\/p>\n<p style=\"text-align: justify;\"><span style=\"font-weight: 400;\">V\u1edbi nguy\u00ean li\u1ec7u nh\u00f4m h\u1ee3p kim v\u00e0 s\u01a1n t\u0129nh \u0111i\u1ec7n, t\u1ee7 b\u1ebfp nh\u00f4m Grando ho\u00e0n to\u00e0n th\u00e2n thi\u1ec7n v\u1edbi m\u00f4i tr\u01b0\u1eddng. Nh\u00f4m l\u00e0 v\u1eadt li\u1ec7u c\u00f3 th\u1ec3 t\u00e1i ch\u1ebf, gi\u00fap b\u1ea3o v\u1ec7 m\u00f4i tr\u01b0\u1eddng v\u00e0 gi\u1ea3m thi\u1ec3u r\u00e1c th\u1ea3i nh\u1ef1a trong ng\u00e0nh n\u1ed9i th\u1ea5t.<\/span><\/p>\n<h2 style=\"text-align: justify;\"><b>5. C\u00e1c m\u1eabu t\u1ee7 b\u1ebfp nh\u00f4m Grando \u0111\u1eb9p<\/b><\/h2>\n<figure id=\"attachment_2621\" aria-describedby=\"caption-attachment-2621\" style=\"width: 1280px\" class=\"wp-caption aligncenter\"><img loading=\"lazy\" decoding=\"async\" class=\"wp-image-2621\" src=\"https:\/\/nhatnam.org\/wp-content\/uploads\/2024\/12\/image6-1-300x225.jpg\" alt=\"M\u1eabu T\u1ee7 B\u1ebfp Nh\u00f4m T\u1ea5m Sang Tr\u1ecdng Hi\u1ec7n \u0110\u1ea1i 2024\" width=\"1280\" height=\"960\" \/><figcaption id=\"caption-attachment-2621\" class=\"wp-caption-text\">M\u1eabu t\u1ee7 b\u1ebfp nh\u00f4m \u0111\u1eb9p, hi\u1ec7n \u0111\u1ea1i<\/figcaption><\/figure>\n<figure id=\"attachment_4624\" aria-describedby=\"caption-attachment-4624\" style=\"width: 1280px\" class=\"wp-caption aligncenter\"><img loading=\"lazy\" decoding=\"async\" class=\"wp-image-4624 size-full\" src=\"https:\/\/nhatnam.org\/wp-content\/uploads\/2025\/02\/Nhom_van_go05.jpg\" alt=\"T\u1ee7 B\u1ebfp Nh\u00f4m Grando\" width=\"1280\" height=\"960\" \/><figcaption id=\"caption-attachment-4624\" class=\"wp-caption-text\">M\u00e3u t\u1ee7 b\u1ebfp nh\u00f4m Grando c\u00f3 b\u00e0n \u0111\u1ea3o<\/figcaption><\/figure>\n<figure id=\"attachment_2627\" aria-describedby=\"caption-attachment-2627\" style=\"width: 1280px\" class=\"wp-caption aligncenter\"><img loading=\"lazy\" decoding=\"async\" class=\"wp-image-2627\" src=\"https:\/\/nhatnam.org\/wp-content\/uploads\/2024\/12\/image3-2-300x185.jpg\" alt=\"T\u1ee7 B\u1ebfp Nh\u00f4m Grando\" width=\"1280\" height=\"787\" \/><figcaption id=\"caption-attachment-2627\" class=\"wp-caption-text\">M\u1eabu t\u1ee7 b\u1ebfp nh\u00f4m k\u00ednh Grando<\/figcaption><\/figure>\n<figure id=\"attachment_2622\" aria-describedby=\"caption-attachment-2622\" style=\"width: 1280px\" class=\"wp-caption aligncenter\"><img loading=\"lazy\" decoding=\"async\" class=\"wp-image-2622\" src=\"https:\/\/nhatnam.org\/wp-content\/uploads\/2024\/12\/image7-1-300x192.jpg\" alt=\"T\u1ee7 B\u1ebfp Nh\u00f4m Grando\" width=\"1280\" height=\"820\" \/><figcaption id=\"caption-attachment-2622\" class=\"wp-caption-text\">M\u1eabu t\u1ee7 b\u1ebfp nh\u00f4m Grando \u0111\u1eb9p, thi\u1ebft k\u1ebf hi\u1ec7n \u0111\u1ea1i<\/figcaption><\/figure>\n<h2 style=\"text-align: justify;\"><b>6. Nh\u1ea5t Nam &#8211; \u0110\u1ecba ch\u1ec9 chuy\u00ean thi\u1ebft k\u1ebf thi c\u00f4ng t\u1ee7 b\u1ebfp uy t\u00edn<\/b><\/h2>\n<p style=\"text-align: justify;\"><span style=\"font-weight: 400;\">N\u1ebfu b\u1ea1n \u0111ang t\u00ecm ki\u1ebfm m\u1ed9t \u0111\u01a1n v\u1ecb thi\u1ebft k\u1ebf v\u00e0 thi c\u00f4ng t\u1ee7 b\u1ebfp \u0111\u00e1ng tin c\u1eady, <\/span><a href=\"https:\/\/www.facebook.com\/ctynhatnam2011\" target=\"_blank\" rel=\"noopener\"><b>Nh\u1ea5t Nam<\/b><\/a><span style=\"font-weight: 400;\"> l\u00e0 l\u1ef1a ch\u1ecdn m\u00e0 b\u1ea1n c\u00f3 th\u1ec3 an t\u00e2m g\u1eedi g\u1eafm. V\u1edbi kinh nghi\u1ec7m nhi\u1ec1u n\u0103m trong l\u0129nh v\u1ef1c n\u1ed9i th\u1ea5t, Nh\u1ea5t Nam mang \u0111\u1ebfn nh\u1eefng m\u1eabu t\u1ee7 b\u1ebfp kh\u00f4ng ch\u1ec9 \u0111\u1eb9p m\u1eaft m\u00e0 c\u00f2n ti\u1ec7n d\u1ee5ng, ph\u00f9 h\u1ee3p v\u1edbi t\u1eebng kh\u00f4ng gian s\u1ed1ng.<\/span><\/p>\n<p style=\"text-align: justify;\"><span style=\"font-weight: 400;\">M\u1ed7i thi\u1ebft k\u1ebf \u0111\u1ec1u \u0111\u01b0\u1ee3c ch\u0103m ch\u00fat t\u1ec9 m\u1ec9 t\u1eeb kh\u00e2u \u00fd t\u01b0\u1edfng \u0111\u1ebfn thi c\u00f4ng, \u0111\u1ea3m b\u1ea3o s\u1ef1 h\u00e0i h\u00f2a gi\u1eefa th\u1ea9m m\u1ef9 v\u00e0 c\u00f4ng n\u0103ng. Ch\u1ea5t li\u1ec7u s\u1eed d\u1ee5ng lu\u00f4n \u0111\u01b0\u1ee3c ch\u1ecdn l\u1ecdc k\u1ef9 l\u01b0\u1ee1ng, b\u1ec1n \u0111\u1eb9p theo th\u1eddi gian. \u0110\u1eb7c bi\u1ec7t, \u0111\u1ed9i ng\u0169 thi c\u00f4ng chuy\u00ean nghi\u1ec7p c\u1ee7a Nh\u1ea5t Nam lu\u00f4n ch\u00fa tr\u1ecdng t\u1eebng chi ti\u1ebft, mang \u0111\u1ebfn kh\u00f4ng gian b\u1ebfp \u1ea5m c\u00fang v\u00e0 ti\u1ec7n nghi cho m\u1ed7i gia \u0111\u00ecnh.<\/span><\/p>\n<p style=\"text-align: justify;\"><span style=\"font-weight: 400;\">V\u1edbi ph\u01b0\u01a1ng ch\u00e2m <\/span><b>\u201cCh\u1ea5t l\u01b0\u1ee3ng t\u1ea1o n\u00ean uy t\u00edn\u201d<\/b><span style=\"font-weight: 400;\">, Nh\u1ea5t Nam kh\u00f4ng ng\u1eebng c\u1ea3i thi\u1ec7n d\u1ecbch v\u1ee5 v\u00e0 s\u1ea3n ph\u1ea9m \u0111\u1ec3 \u0111\u00e1p \u1ee9ng t\u1ed1t nh\u1ea5t nhu c\u1ea7u c\u1ee7a kh\u00e1ch h\u00e0ng. N\u1ebfu b\u1ea1n mong mu\u1ed1n s\u1edf h\u1eefu m\u1ed9t c\u0103n b\u1ebfp hi\u1ec7n \u0111\u1ea1i, ti\u1ec7n l\u1ee3i v\u00e0 tinh t\u1ebf, Nh\u1ea5t Nam s\u1ebd \u0111\u1ed3ng h\u00e0nh c\u00f9ng b\u1ea1n \u0111\u1ec3 bi\u1ebfn nh\u1eefng \u00fd t\u01b0\u1edfng th\u00e0nh hi\u1ec7n th\u1ef1c.<\/span><\/p>\n","protected":false},"excerpt":{"rendered":"<p style=\"text-align: justify;\"><span style=\"font-weight: 400;\">Kh\u00f4ng gian b\u1ebfp kh\u00f4ng ch\u1ec9 l\u00e0 n\u01a1i \u0111\u1ec3 ch\u1ebf bi\u1ebfn m\u00f3n \u0103n m\u00e0 c\u00f2n l\u00e0 n\u01a1i th\u1ec3 hi\u1ec7n phong c\u00e1ch s\u1ed1ng c\u1ee7a m\u1ed7i gia \u0111\u00ecnh. T\u1ee7 b\u1ebfp nh\u00f4m, \u0111\u1eb7c bi\u1ec7t l\u00e0 <\/span>t\u1ee7 b\u1ebfp nh\u00f4m Grando<span style=\"font-weight: 400;\">, \u0111ang tr\u1edf th\u00e0nh m\u1ed9t l\u1ef1a ch\u1ecdn ph\u1ed5 bi\u1ebfn nh\u1edd v\u00e0o t\u00ednh th\u1ea9m m\u1ef9, \u0111\u1ed9 b\u1ec1n v\u00e0 kh\u1ea3 n\u0103ng ch\u1ed1ng ch\u1ecbu m\u00f4i tr\u01b0\u1eddng \u1ea9m \u01b0\u1edbt \u0111\u1eb7c tr\u01b0ng trong b\u1ebfp.\u00a0<\/span><\/p>\n","protected":false},"featured_media":1745,"comment_status":"open","ping_status":"closed","template":"","meta":{"_acf_changed":false,"_gspb_post_css":""},"book-author":[],"product_brand":[],"product_cat":[113,115,116],"product_tag":[],"class_list":{"0":"post-1746","1":"product","2":"type-product","3":"status-publish","4":"has-post-thumbnail","6":"product_cat-tu-bep-nhom","7":"product_cat-tu-bep-nhom-hop-kim","8":"product_cat-tu-bep-nhom-kinh","10":"first","11":"instock","12":"shipping-taxable","13":"product-type-simple"},"acf":[],"_links":{"self":[{"href":"https:\/\/nhatnam.libion.me\/index.php\/wp-json\/wp\/v2\/product\/1746","targetHints":{"allow":["GET"]}}],"collection":[{"href":"https:\/\/nhatnam.libion.me\/index.php\/wp-json\/wp\/v2\/product"}],"about":[{"href":"https:\/\/nhatnam.libion.me\/index.php\/wp-json\/wp\/v2\/types\/product"}],"replies":[{"embeddable":true,"href":"https:\/\/nhatnam.libion.me\/index.php\/wp-json\/wp\/v2\/comments?post=1746"}],"wp:featuredmedia":[{"embeddable":true,"href":"https:\/\/nhatnam.libion.me\/index.php\/wp-json\/wp\/v2\/media\/1745"}],"wp:attachment":[{"href":"https:\/\/nhatnam.libion.me\/index.php\/wp-json\/wp\/v2\/media?parent=1746"}],"wp:term":[{"taxonomy":"book-author","embeddable":true,"href":"https:\/\/nhatnam.libion.me\/index.php\/wp-json\/wp\/v2\/book-author?post=1746"},{"taxonomy":"product_brand","embeddable":true,"href":"https:\/\/nhatnam.libion.me\/index.php\/wp-json\/wp\/v2\/product_brand?post=1746"},{"taxonomy":"product_cat","embeddable":true,"href":"https:\/\/nhatnam.libion.me\/index.php\/wp-json\/wp\/v2\/product_cat?post=1746"},{"taxonomy":"product_tag","embeddable":true,"href":"https:\/\/nhatnam.libion.me\/index.php\/wp-json\/wp\/v2\/product_tag?post=1746"}],"curies":[{"name":"wp","href":"https:\/\/api.w.org\/{rel}","templated":true}]}}