{"id":1734,"date":"2026-04-07T10:23:01","date_gmt":"2026-04-07T10:23:01","guid":{"rendered":"https:\/\/nhatnam.libion.me\/index.php\/product\/tu-bep-hop-kim-nguyen-tam\/"},"modified":"2026-04-07T10:23:01","modified_gmt":"2026-04-07T10:23:01","slug":"tu-bep-hop-kim-nguyen-tam","status":"publish","type":"product","link":"https:\/\/nhatnam.libion.me\/index.php\/product\/tu-bep-hop-kim-nguyen-tam\/","title":{"rendered":"T\u1ee7 B\u1ebfp H\u1ee3p Kim Nguy\u00ean T\u1ea5m"},"content":{"rendered":"<p style=\"text-align: justify;\"><span style=\"font-weight: 400;\">T\u1ee7 b\u1ebfp h\u1ee3p kim nguy\u00ean t\u1ea5m l\u00e0 m\u1ed9t trong nh\u1eefng s\u1ea3n ph\u1ea9m t\u1ee7 b\u1ebfp cao c\u1ea5p n\u1ed5i b\u1eadt trong thi\u1ebft k\u1ebf n\u1ed9i th\u1ea5t hi\u1ec7n \u0111\u1ea1i, mang l\u1ea1i kh\u00f4ng gian b\u1ebfp sang tr\u1ecdng, ti\u1ec7n nghi v\u00e0 b\u1ec1n b\u1ec9. \u0110\u01b0\u1ee3c l\u00e0m t\u1eeb v\u1eadt li\u1ec7u nh\u00f4m cao c\u1ea5p, t\u1ee7 b\u1ebfp n\u00e0y kh\u00f4ng ch\u1ec9 ch\u1ed1ng th\u1ea5m n\u01b0\u1edbc, m\u1ed1i m\u1ecdt m\u00e0 c\u00f2n \u0111\u1ea3m b\u1ea3o t\u00ednh th\u1ea9m m\u1ef9 cao, ph\u00f9 h\u1ee3p v\u1edbi m\u1ecdi kh\u00f4ng gian b\u1ebfp.<\/span><\/p>\n<h2 style=\"text-align: justify;\"><b>1. T\u1ee7 b\u1ebfp h\u1ee3p kim nguy\u00ean t\u1ea5m l\u00e0 g\u00ec?<br \/>\n<\/b><\/h2>\n<figure id=\"attachment_4843\" aria-describedby=\"caption-attachment-4843\" style=\"width: 1280px\" class=\"wp-caption aligncenter\"><img loading=\"lazy\" decoding=\"async\" class=\"wp-image-4843 size-full\" src=\"https:\/\/nhatnam.org\/wp-content\/uploads\/2025\/02\/30-9.jpg\" alt=\"T\u1ee7 B\u1ebfp H\u1ee3p Kim Nguy\u00ean T\u1ea5m\" width=\"1280\" height=\"960\" \/><figcaption id=\"caption-attachment-4843\" class=\"wp-caption-text\">M\u1eabu t\u1ee7 b\u1ebfp h\u1ee3p kim nh\u00f4m nguy\u00ean t\u1ea5m \u0111\u1eb9p<\/figcaption><\/figure>\n<p style=\"text-align: justify;\"><span style=\"font-weight: 400;\">T\u1ee7 b\u1ebfp h\u1ee3p kim nguy\u00ean t\u1ea5m l\u00e0 d\u00f2ng t\u1ee7 b\u1ebfp cao c\u1ea5p, \u0111\u01b0\u1ee3c l\u00e0m ho\u00e0n to\u00e0n t\u1eeb c\u00e1c t\u1ea5m nh\u00f4m h\u1ee3p kim nguy\u00ean kh\u1ed1i v\u1edbi \u0111\u1ed9 d\u00e0y l\u00ean \u0111\u1ebfn 1mm. Nh\u1edd c\u1ea5u t\u1ea1o n\u00e0y, t\u1ee7 b\u1ebfp kh\u00f4ng ch\u1ec9 b\u1ec1n ch\u1eafc, ch\u1ed1ng cong v\u00eanh, kh\u00f4ng m\u1ed1i m\u1ecdt m\u00e0 c\u00f2n mang \u0111\u1ebfn t\u00ednh th\u1ea9m m\u1ef9 v\u01b0\u1ee3t tr\u1ed9i cho kh\u00f4ng gian b\u1ebfp.<\/span><\/p>\n<p style=\"text-align: justify;\"><span style=\"font-weight: 400;\">M\u1ed9t trong nh\u1eefng \u0111\u1eb7c \u0111i\u1ec3m n\u1ed5i b\u1eadt c\u1ee7a t\u1ee7 b\u1ebfp h\u1ee3p kim nguy\u00ean t\u1ea5m l\u00e0 kh\u1ea3 n\u0103ng ch\u1ed1ng n\u01b0\u1edbc tuy\u1ec7t \u0111\u1ed1i, kh\u00f4ng b\u1ecb \u1ea3nh h\u01b0\u1edfng b\u1edfi m\u00f4i tr\u01b0\u1eddng \u1ea9m \u01b0\u1edbt trong b\u1ebfp. Ch\u1ea5t li\u1ec7u nh\u00f4m h\u1ee3p kim tr\u00e1ng men k\u1ebft h\u1ee3p v\u1edbi s\u1ee3i th\u1ee7y tinh, gi\u00fap t\u0103ng \u0111\u1ed9 c\u1ee9ng, ch\u1ed1ng \u0103n m\u00f2n v\u00e0 d\u1ec5 d\u00e0ng v\u1ec7 sinh. Nh\u1edd \u0111\u00f3, lo\u1ea1i t\u1ee7 b\u1ebfp n\u00e0y c\u00f3 tu\u1ed5i th\u1ecd l\u00e2u d\u00e0i, kh\u00f4ng b\u1ecb h\u01b0 h\u1ecfng theo th\u1eddi gian nh\u01b0 t\u1ee7 g\u1ed7 truy\u1ec1n th\u1ed1ng.<\/span><\/p>\n<p style=\"text-align: justify;\"><span style=\"font-weight: 400;\">Ph\u1ea7n c\u00e1nh t\u1ee7 c\u00f3 th\u1ec3 \u0111\u01b0\u1ee3c l\u00e0m t\u1eeb nhi\u1ec1u ch\u1ea5t li\u1ec7u kh\u00e1c nhau nh\u01b0 k\u00ednh c\u01b0\u1eddng l\u1ef1c, nh\u1ef1a Acrylic, nh\u00f4m k\u00ednh, g\u1ed7 c\u00f4ng nghi\u1ec7p ho\u1eb7c g\u1ed7 t\u1ef1 nhi\u00ean, t\u00f9y theo nhu c\u1ea7u v\u00e0 phong c\u00e1ch c\u1ee7a gia ch\u1ee7. \u0110i\u1ec1u n\u00e0y gi\u00fap \u0111a d\u1ea1ng h\u00f3a thi\u1ebft k\u1ebf, mang \u0111\u1ebfn nhi\u1ec1u l\u1ef1a ch\u1ecdn ph\u00f9 h\u1ee3p v\u1edbi c\u00e1c kh\u00f4ng gian b\u1ebfp t\u1eeb hi\u1ec7n \u0111\u1ea1i \u0111\u1ebfn sang tr\u1ecdng.<\/span><\/p>\n<p style=\"text-align: justify;\"><span style=\"font-weight: 400;\">So v\u1edbi c\u00e1c lo\u1ea1i t\u1ee7 b\u1ebfp truy\u1ec1n th\u1ed1ng, t\u1ee7 b\u1ebfp h\u1ee3p kim nguy\u00ean t\u1ea5m kh\u00f4ng b\u1ecb cong v\u00eanh, kh\u00f4ng m\u1ed1i m\u1ecdt v\u00e0 kh\u00f4ng bi\u1ebfn d\u1ea1ng theo th\u1eddi gian. V\u1edbi thi\u1ebft k\u1ebf \u0111\u01a1n gi\u1ea3n nh\u01b0ng c\u1ef1c k\u1ef3 ch\u1eafc ch\u1eafn v\u00e0 b\u1ec1n b\u1ec9, t\u1ee7 b\u1ebfp h\u1ee3p kim nguy\u00ean t\u1ea5m \u0111ang tr\u1edf th\u00e0nh xu h\u01b0\u1edbng \u0111\u01b0\u1ee3c nhi\u1ec1u gia \u0111\u00ecnh \u01b0a chu\u1ed9ng. \u0110\u00e2y l\u00e0 l\u1ef1a ch\u1ecdn ho\u00e0n h\u1ea3o cho nh\u1eefng ai mong mu\u1ed1n s\u1edf h\u1eefu m\u1ed9t kh\u00f4ng gian b\u1ebfp hi\u1ec7n \u0111\u1ea1i, \u0111\u1eb9p m\u1eaft, d\u1ec5 d\u00e0ng v\u1ec7 sinh v\u00e0 b\u1ea3o tr\u00ec<\/span><\/p>\n<h2 style=\"text-align: justify;\"><b>2. C\u1ea5u t\u1ea1o c\u1ee7a t\u1ee7 b\u1ebfp h\u1ee3p kim nguy\u00ean t\u1ea5m<\/b><\/h2>\n<p style=\"text-align: justify;\">C\u1ea5u t\u1ea1o t\u1ee7 b\u1ebfp h\u1ee3p kim nguy\u00ean t\u1ea5m<span style=\"font-weight: 400;\"> r\u1ea5t \u0111\u1eb7c bi\u1ec7t v\u00e0 c\u00f3 s\u1ef1 kh\u00e1c bi\u1ec7t r\u00f5 r\u1ec7t so v\u1edbi c\u00e1c lo\u1ea1i t\u1ee7 b\u1ebfp kh\u00e1c. D\u01b0\u1edbi \u0111\u00e2y l\u00e0 c\u00e1c th\u00e0nh ph\u1ea7n ch\u00ednh trong c\u1ea5u t\u1ea1o c\u1ee7a m\u1ed9t t\u1ee7 b\u1ebfp h\u1ee3p kim nguy\u00ean t\u1ea5m:<\/span><\/p>\n<ul style=\"text-align: justify;\">\n<li style=\"font-weight: 400;\" aria-level=\"1\"><b>Khung t\u1ee7<\/b><span style=\"font-weight: 400;\">: T\u1ee7 b\u1ebfp nh\u00f4m h\u1ee3p kim nguy\u00ean t\u1ea5m c\u00f3 khung \u0111\u01b0\u1ee3c l\u00e0m ho\u00e0n to\u00e0n t\u1eeb nh\u00f4m h\u1ee3p kim, c\u00f3 \u0111\u1ed9 d\u00e0y v\u00e0 b\u1ec1n b\u1ec9. Khung t\u1ee7 n\u00e0y c\u00f3 kh\u1ea3 n\u0103ng ch\u1ecbu l\u1ef1c t\u1ed1t v\u00e0 kh\u00f4ng b\u1ecb \u0103n m\u00f2n trong m\u00f4i tr\u01b0\u1eddng b\u1ebfp \u1ea9m \u01b0\u1edbt.<\/span><\/li>\n<li style=\"font-weight: 400;\" aria-level=\"1\"><b>C\u00e1nh t\u1ee7<\/b><span style=\"font-weight: 400;\">: C\u00e1nh t\u1ee7 c\u00f3 th\u1ec3 \u0111\u01b0\u1ee3c l\u00e0m t\u1eeb nhi\u1ec1u ch\u1ea5t li\u1ec7u kh\u00e1c nhau. T\u1ea1i Nh\u1ea5t Nam cung c\u1ea5p c\u00e1c lo\u1ea1i l\u00e0 c\u00e1nh k\u00ednh khung nh\u00f4m ho\u1eb7c c\u00e1nh nh\u00f4m h\u1ee3p kim, c\u00e1nh Acrylic, laminate\u2026T\u1ea5t c\u1ea3 \u0111\u1ec1u \u0111\u01b0\u1ee3c s\u1ea3n xu\u1ea5t t\u1eeb nguy\u00ean li\u1ec7u cao c\u1ea5p v\u1edbi gi\u00e1 th\u00e0nh h\u1ee3p l\u00fd ph\u00f9 h\u1ee3p v\u1edbi m\u1ecdi ph\u00e2n kh\u00fac kh\u00e1ch h\u00e0ng.<\/span><\/li>\n<li style=\"font-weight: 400;\" aria-level=\"1\"><b>M\u1eb7t b\u1ebfp<\/b><span style=\"font-weight: 400;\">: M\u1eb7t b\u1ebfp c\u00f3 th\u1ec3 l\u00e0 <\/span><b>\u0111\u00e1 granite<\/b><span style=\"font-weight: 400;\">, <\/span><b>\u0111\u00e1 Marble<\/b><span style=\"font-weight: 400;\">, ho\u1eb7c <\/span><b>\u0111\u00e1 nh\u00e2n t\u1ea1o<\/b><span style=\"font-weight: 400;\">. \u0110\u00e2y l\u00e0 nh\u1eefng lo\u1ea1i v\u1eadt li\u1ec7u c\u00f3 kh\u1ea3 n\u0103ng ch\u1ed1ng th\u1ea5m, ch\u1ecbu nhi\u1ec7t cao v\u00e0 d\u1ec5 d\u00e0ng v\u1ec7 sinh.<\/span><\/li>\n<li style=\"font-weight: 400;\" aria-level=\"1\"><b>Ph\u1ee5 ki\u1ec7n<\/b><span style=\"font-weight: 400;\">: T\u1ee7 b\u1ebfp nh\u00f4m h\u1ee3p kim nguy\u00ean t\u1ea5m \u0111i k\u00e8m v\u1edbi c\u00e1c ph\u1ee5 ki\u1ec7n nh\u01b0 gi\u00e1 treo, k\u1ec7 \u0111\u0129a, k\u1ec7 dao th\u1edbt, th\u00f9ng g\u1ea1o, th\u00f9ng r\u00e1c,\u2026 Nh\u1eefng ph\u1ee5 ki\u1ec7n n\u00e0y gi\u00fap t\u1ed1i \u01b0u h\u00f3a kh\u00f4ng gian l\u01b0u tr\u1eef v\u00e0 mang l\u1ea1i s\u1ef1 ti\u1ec7n l\u1ee3i trong qu\u00e1 tr\u00ecnh n\u1ea5u n\u01b0\u1edbng.<\/span><\/li>\n<\/ul>\n<h2 style=\"text-align: justify;\"><b>3. \u01afu \u0111i\u1ec3m n\u1ed5i b\u1eadt c\u1ee7a t\u1ee7 b\u1ebfp h\u1ee3p kim nguy\u00ean t\u1ea5m<\/b><\/h2>\n<p style=\"text-align: justify;\"><span style=\"font-weight: 400;\">T\u1ee7 b\u1ebfp nh\u00f4m h\u1ee3p kim nguy\u00ean t\u1ea5m c\u00f3 nhi\u1ec1u \u01b0u \u0111i\u1ec3m n\u1ed5i b\u1eadt, gi\u00fap tr\u1edf th\u00e0nh s\u1ef1 l\u1ef1a ch\u1ecdn l\u00fd t\u01b0\u1edfng cho m\u1ecdi gia \u0111\u00ecnh:<\/span><\/p>\n<h3 style=\"text-align: justify;\"><b>Ch\u1ed1ng n\u01b0\u1edbc tuy\u1ec7t \u0111\u1ed1i \u2013 Kh\u00f4ng lo \u1ea9m m\u1ed1c<\/b><\/h3>\n<p style=\"text-align: justify;\"><span style=\"font-weight: 400;\">T\u1ee7 b\u1ebfp nh\u00f4m h\u1ee3p kim c\u00f3 kh\u1ea3 n\u0103ng ch\u1ed1ng n\u01b0\u1edbc 100%, \u0111i\u1ec1u m\u00e0 t\u1ee7 b\u1ebfp g\u1ed7 t\u1ef1 nhi\u00ean hay g\u1ed7 c\u00f4ng nghi\u1ec7p kh\u00f3 c\u00f3 th\u1ec3 l\u00e0m \u0111\u01b0\u1ee3c. Ch\u1ea5t li\u1ec7u nh\u00f4m h\u1ee3p kim &amp; t\u1ea5m Aluminium kh\u00f4ng b\u1ecb th\u1ea5m n\u01b0\u1edbc, kh\u00f4ng ph\u1ed3ng r\u1ed9p hay m\u1ee5c n\u00e1t, \u0111\u1ea3m b\u1ea3o \u0111\u1ed9 b\u1ec1n ngay c\u1ea3 trong m\u00f4i tr\u01b0\u1eddng \u1ea9m \u01b0\u1edbt c\u1ee7a nh\u00e0 b\u1ebfp.<\/span><\/p>\n<h3 style=\"text-align: justify;\"><b>Kh\u00f4ng m\u1ed1i m\u1ecdt \u2013 \u0110\u1ed9 b\u1ec1n l\u00ean \u0111\u1ebfn 20 n\u0103m<\/b><\/h3>\n<p style=\"text-align: justify;\"><span style=\"font-weight: 400;\">N\u1ebfu nh\u01b0 g\u1ed7 d\u1ec5 b\u1ecb <\/span><b>m\u1ed1i m\u1ecdt, m\u1ee5c n\u00e1t<\/b><span style=\"font-weight: 400;\"> th\u00ec nh\u00f4m h\u1ee3p kim ho\u00e0n to\u00e0n <\/span><b>mi\u1ec5n nhi\u1ec5m v\u1edbi m\u1ed1i m\u1ecdt<\/b><span style=\"font-weight: 400;\">. V\u1edbi tu\u1ed5i th\u1ecd trung b\u00ecnh l\u00ean \u0111\u1ebfn <\/span><b>20 n\u0103m<\/b><span style=\"font-weight: 400;\">, t\u1ee7 b\u1ebfp h\u1ee3p kim g\u1ea7n nh\u01b0 kh\u00f4ng c\u1ea7n b\u1ea3o tr\u00ec nhi\u1ec1u nh\u01b0 c\u00e1c lo\u1ea1i t\u1ee7 kh\u00e1c.<\/span><\/p>\n<h3 style=\"text-align: justify;\"><b>Nh\u1eb9 nh\u01b0ng si\u00eau c\u1ee9ng \u2013 Ch\u1ecbu l\u1ef1c cao<\/b><\/h3>\n<p style=\"text-align: justify;\"><span style=\"font-weight: 400;\">D\u00f9 c\u00f3 tr\u1ecdng l\u01b0\u1ee3ng nh\u1eb9 h\u01a1n g\u1ed7, nh\u01b0ng khung nh\u00f4m h\u1ee3p kim l\u1ea1i c\u1ef1c k\u1ef3 ch\u1eafc ch\u1eafn, c\u00f3 th\u1ec3 ch\u1ecbu \u0111\u01b0\u1ee3c tr\u1ecdng l\u01b0\u1ee3ng l\u1edbn m\u00e0 kh\u00f4ng b\u1ecb cong v\u00eanh hay n\u1ee9t g\u00e3y. \u0110i\u1ec1u n\u00e0y gi\u00fap t\u1ee7 b\u1ebfp b\u1ec1n h\u01a1n theo th\u1eddi gian, kh\u00f4ng b\u1ecb x\u1ec7 c\u00e1nh t\u1ee7 hay h\u01b0 h\u1ecfng khi s\u1eed d\u1ee5ng l\u00e2u d\u00e0i.<\/span><\/p>\n<h3 style=\"text-align: justify;\"><b>Kh\u00f4ng b\u1ecb r\u1ec9 s\u00e9t, kh\u00f4ng b\u1ecb oxy h\u00f3a<\/b><\/h3>\n<p style=\"text-align: justify;\"><span style=\"font-weight: 400;\">T\u1ee7 b\u1ebfp nh\u00f4m h\u1ee3p kim kh\u00f4ng b\u1ecb r\u1ec9 s\u00e9t nh\u01b0 s\u1eaft hay th\u00e9p th\u00f4ng th\u01b0\u1eddng. Nh\u1edd l\u1edbp s\u01a1n t\u0129nh \u0111i\u1ec7n ho\u1eb7c anod h\u00f3a, nh\u00f4m c\u00f3 kh\u1ea3 n\u0103ng ch\u1ed1ng \u0103n m\u00f2n v\u00e0 gi\u1eef \u0111\u01b0\u1ee3c v\u1ebb \u0111\u1eb9p nh\u01b0 m\u1edbi trong nhi\u1ec1u n\u0103m. \u0110\u00e2y l\u00e0 m\u1ed9t \u01b0u \u0111i\u1ec3m v\u01b0\u1ee3t tr\u1ed9i m\u00e0 c\u00e1c lo\u1ea1i t\u1ee7 b\u1ebfp kh\u00e1c kh\u00f4ng c\u00f3.<\/span><\/p>\n<h3 style=\"text-align: justify;\"><b>D\u1ec5 lau ch\u00f9i, kh\u00f4ng b\u00e1m b\u1ea9n, ch\u1ed1ng d\u1ea7u m\u1ee1<\/b><\/h3>\n<p style=\"text-align: justify;\"><span style=\"font-weight: 400;\">B\u1ec1 m\u1eb7t nh\u00f4m v\u00e0 k\u00ednh r\u1ea5t nh\u1eb5n m\u1ecbn, kh\u00f4ng b\u00e1m b\u1ee5i, kh\u00f4ng th\u1ea5m d\u1ea7u m\u1ee1, gi\u00fap vi\u1ec7c v\u1ec7 sinh t\u1ee7 b\u1ebfp c\u1ef1c k\u1ef3 \u0111\u01a1n gi\u1ea3n. Ch\u1ec9 c\u1ea7n lau nh\u1eb9 b\u1eb1ng kh\u0103n \u1ea9m l\u00e0 t\u1ee7 l\u1ea1i s\u1ea1ch b\u00f3ng nh\u01b0 m\u1edbi, ti\u1ebft ki\u1ec7m th\u1eddi gian d\u1ecdn d\u1eb9p.<\/span><\/p>\n<h3 style=\"text-align: justify;\"><b>M\u1eabu m\u00e3 \u0111a d\u1ea1ng \u2013 Thi\u1ebft k\u1ebf sang tr\u1ecdng<\/b><\/h3>\n<p style=\"text-align: justify;\"><span style=\"font-weight: 400;\">T\u1ee7 b\u1ebfp nh\u00f4m h\u1ee3p kim kh\u00f4ng ch\u1ec9 b\u1ec1n m\u00e0 c\u00f2n c\u00f3 nhi\u1ec1u m\u1eabu m\u00e3 \u0111\u1eb9p m\u1eaft. V\u1edbi c\u00e1nh t\u1ee7 k\u00ednh c\u01b0\u1eddng l\u1ef1c, nh\u00f4m v\u00e2n g\u1ed7, ho\u1eb7c nh\u00f4m ph\u1ee7 Melamine, ng\u01b0\u1eddi d\u00f9ng c\u00f3 th\u1ec3 l\u1ef1a ch\u1ecdn phong c\u00e1ch t\u1eeb hi\u1ec7n \u0111\u1ea1i, t\u1ed1i gi\u1ea3n \u0111\u1ebfn sang tr\u1ecdng, \u0111\u1eb3ng c\u1ea5p.<\/span><\/p>\n<h3 style=\"text-align: justify;\"><b>An to\u00e0n cho s\u1ee9c kh\u1ecfe \u2013 Kh\u00f4ng ch\u1ee9a h\u00f3a ch\u1ea5t \u0111\u1ed9c h\u1ea1i<\/b><\/h3>\n<p style=\"text-align: justify;\"><span style=\"font-weight: 400;\">Kh\u00f4ng gi\u1ed1ng nh\u01b0 g\u1ed7 c\u00f4ng nghi\u1ec7p c\u00f3 th\u1ec3 ch\u1ee9a <\/span><b>formaldehyde \u0111\u1ed9c h\u1ea1i<\/b><span style=\"font-weight: 400;\">, t\u1ee7 b\u1ebfp h\u1ee3p kim <\/span><b>an to\u00e0n tuy\u1ec7t \u0111\u1ed1i<\/b><span style=\"font-weight: 400;\"> cho s\u1ee9c kh\u1ecfe gia \u0111\u00ecnh. Nh\u00f4m l\u00e0 v\u1eadt li\u1ec7u th\u00e2n thi\u1ec7n, c\u00f3 th\u1ec3 t\u00e1i ch\u1ebf, gi\u00fap b\u1ea3o v\u1ec7 m\u00f4i tr\u01b0\u1eddng.<\/span><\/p>\n<h3 style=\"text-align: justify;\"><b>Thi c\u00f4ng nhanh ch\u00f3ng \u2013 L\u1eafp \u0111\u1eb7t d\u1ec5 d\u00e0ng<\/b><\/h3>\n<p style=\"text-align: justify;\"><span style=\"font-weight: 400;\">Nh\u1edd thi\u1ebft k\u1ebf <\/span><b>module (d\u1ec5 th\u00e1o l\u1eafp)<\/b><span style=\"font-weight: 400;\">, t\u1ee7 b\u1ebfp h\u1ee3p kim c\u00f3 th\u1ec3 <\/span><b>l\u1eafp \u0111\u1eb7t nhanh h\u01a1n nhi\u1ec1u so v\u1edbi t\u1ee7 g\u1ed7<\/b><span style=\"font-weight: 400;\">, gi\u00fap ti\u1ebft ki\u1ec7m th\u1eddi gian thi c\u00f4ng. N\u1ebfu c\u1ea7n thay th\u1ebf c\u00e1nh t\u1ee7 ho\u1eb7c ph\u1ee5 ki\u1ec7n, b\u1ea1n c\u0169ng c\u00f3 th\u1ec3 thay ri\u00eang t\u1eebng b\u1ed9 ph\u1eadn m\u00e0 kh\u00f4ng ph\u1ea3i th\u00e1o d\u1ee1 to\u00e0n b\u1ed9 h\u1ec7 t\u1ee7.<\/span><\/p>\n<h3 style=\"text-align: justify;\"><b>Gi\u00e1 th\u00e0nh h\u1ee3p l\u00fd \u2013 Ti\u1ebft ki\u1ec7m chi ph\u00ed<\/b><\/h3>\n<p style=\"text-align: justify;\"><span style=\"font-weight: 400;\">So v\u1edbi t\u1ee7 b\u1ebfp g\u1ed7 t\u1ef1 nhi\u00ean, t\u1ee7 b\u1ebfp h\u1ee3p kim c\u00f3 gi\u00e1 th\u00e0nh r\u1ebb h\u01a1n r\u1ea5t nhi\u1ec1u nh\u01b0ng v\u1eabn \u0111\u1ea3m b\u1ea3o ch\u1ea5t l\u01b0\u1ee3ng cao v\u00e0 tu\u1ed5i th\u1ecd l\u00e2u d\u00e0i. Chi ph\u00ed b\u1ea3o tr\u00ec th\u1ea5p, kh\u00f4ng lo h\u01b0 h\u1ecfng sau v\u00e0i n\u0103m s\u1eed d\u1ee5ng.<\/span><\/p>\n<p style=\"text-align: justify;\"><span style=\"font-weight: 400;\">M\u1eb7c d\u00f9 c\u00f3 nh\u1eefng \u01b0u \u0111i\u1ec3m t\u1ee7 b\u1ebfp h\u1ee3p kim nguy\u00ean t\u1ea5m c\u00f2n t\u1ed3n t\u1ea1i nh\u01b0\u1ee3c \u0111i\u1ec3m nh\u01b0: Gi\u00e1 th\u00e0nh cao h\u01a1n so v\u1edbi c\u00e1c lo\u1ea1i t\u1ee7 b\u1ebfp g\u1ed7 truy\u1ec1n th\u1ed1ng, nh\u01b0ng v\u1edbi nh\u1eefng \u01b0u \u0111i\u1ec3m v\u1ec1 \u0111\u1ed9 b\u1ec1n v\u00e0 t\u00ednh n\u0103ng v\u01b0\u1ee3t tr\u1ed9i, t\u1ee7 b\u1ebfp h\u1ee3p kim v\u1eabn l\u00e0 l\u1ef1a ch\u1ecdn ti\u1ebft ki\u1ec7m v\u1ec1 l\u00e2u d\u00e0i.<\/span><\/p>\n<h2 style=\"text-align: justify;\"><b>4. B\u00e1o gi\u00e1 t\u1ee7 b\u1ebfp h\u1ee3p kim nguy\u00ean t\u1ea5m<\/b><\/h2>\n<p style=\"text-align: justify;\"><span style=\"font-weight: 400;\">Gi\u00e1 t\u1ee7 b\u1ebfp h\u1ee3p kim nguy\u00ean t\u1ea5m ph\u1ee5 thu\u1ed9c v\u00e0o ch\u1ea5t li\u1ec7u, k\u00edch th\u01b0\u1edbc, ki\u1ec3u d\u00e1ng thi\u1ebft k\u1ebf v\u00e0 ph\u1ee5 ki\u1ec7n \u0111i k\u00e8m. So v\u1edbi c\u00e1c lo\u1ea1i t\u1ee7 b\u1ebfp truy\u1ec1n th\u1ed1ng, t\u1ee7 b\u1ebfp h\u1ee3p kim c\u00f3 \u0111\u1ed9 b\u1ec1n cao, ch\u1ed1ng n\u01b0\u1edbc tuy\u1ec7t \u0111\u1ed1i, kh\u00f4ng m\u1ed1i m\u1ecdt v\u00e0 d\u1ec5 d\u00e0ng v\u1ec7 sinh, gi\u00fap gia ch\u1ee7 ti\u1ebft ki\u1ec7m chi ph\u00ed b\u1ea3o tr\u00ec trong d\u00e0i h\u1ea1n.<\/span><\/p>\n<p style=\"text-align: justify;\"><span style=\"font-weight: 400;\">T\u1ea1i <\/span><b>Nh\u1ea5t Nam<\/b><span style=\"font-weight: 400;\">, ch\u00fang t\u00f4i cam k\u1ebft mang \u0111\u1ebfn s\u1ea3n ph\u1ea9m ch\u1ea5t l\u01b0\u1ee3ng cao, thi c\u00f4ng chuy\u00ean nghi\u1ec7p v\u1edbi gi\u00e1 c\u1ea3 c\u1ea1nh tranh v\u00e0 minh b\u1ea1ch. T\u1ee7 b\u1ebfp \u0111\u01b0\u1ee3c thi\u1ebft k\u1ebf theo y\u00eau c\u1ea7u ri\u00eang c\u1ee7a t\u1eebng kh\u00e1ch h\u00e0ng, \u0111\u1ea3m b\u1ea3o ph\u00f9 h\u1ee3p v\u1edbi kh\u00f4ng gian, phong c\u00e1ch v\u00e0 ng\u00e2n s\u00e1ch c\u1ee7a m\u1ed7i gia \u0111\u00ecnh.<\/span><\/p>\n<p style=\"text-align: justify;\"><b>Li\u00ean h\u1ec7 ngay v\u1edbi Nh\u1ea5t Nam<\/b><span style=\"font-weight: 400;\"> \u0111\u1ec3 \u0111\u01b0\u1ee3c t\u01b0 v\u1ea5n chi ti\u1ebft v\u00e0 nh\u1eadn b\u00e1o gi\u00e1 ch\u00ednh x\u00e1c nh\u1ea5t! \u0110\u1ed9i ng\u0169 chuy\u00ean gia c\u1ee7a ch\u00fang t\u00f4i lu\u00f4n s\u1eb5n s\u00e0ng h\u1ed7 tr\u1ee3, gi\u00fap b\u1ea1n l\u1ef1a ch\u1ecdn gi\u1ea3i ph\u00e1p t\u1ee7 b\u1ebfp h\u1ee3p kim t\u1ed1i \u01b0u nh\u1ea5t cho kh\u00f4ng gian b\u1ebfp c\u1ee7a m\u00ecnh.<\/span><\/p>\n<h2 style=\"text-align: justify;\"><b>5. M\u1ed9t s\u1ed1 m\u1eabu t\u1ee7 b\u1ebfp h\u1ee3p kim nh\u00f4m nguy\u00ean t\u1ea5m \u0111\u1eb9p, hi\u1ec7n \u0111\u1ea1i<\/b><\/h2>\n<p style=\"text-align: justify;\"><span style=\"font-weight: 400;\">h\u00ecnh<\/span><\/p>\n<h2 style=\"text-align: justify;\"><b>6. Quy\u1ec1n l\u1ee3i khi kh\u00e1ch h\u00e0ng l\u1ef1a ch\u1ecdn Nh\u1ea5t Nam<\/b><\/h2>\n<p style=\"text-align: justify;\"><span style=\"font-weight: 400;\">Khi l\u1ef1a ch\u1ecdn <\/span><b>t\u1ee7 b\u1ebfp h\u1ee3p kim nguy\u00ean t\u1ea5m<\/b><span style=\"font-weight: 400;\"> t\u1eeb Nh\u1ea5t Nam, kh\u00e1ch h\u00e0ng s\u1ebd nh\u1eadn \u0111\u01b0\u1ee3c nh\u1eefng l\u1ee3i \u00edch tuy\u1ec7t v\u1eddi nh\u01b0:<\/span><\/p>\n<ul style=\"text-align: justify;\">\n<li style=\"font-weight: 400;\" aria-level=\"1\"><b>S\u1ea3n ph\u1ea9m ch\u1ea5t l\u01b0\u1ee3ng cao<\/b><span style=\"font-weight: 400;\">: Ch\u00fang t\u00f4i cam k\u1ebft cung c\u1ea5p t\u1ee7 b\u1ebfp h\u1ee3p kim nguy\u00ean t\u1ea5m t\u1eeb nh\u1eefng nguy\u00ean li\u1ec7u t\u1ed1t nh\u1ea5t, \u0111\u1ea3m b\u1ea3o ch\u1ea5t l\u01b0\u1ee3ng v\u01b0\u1ee3t tr\u1ed9i.<\/span><\/li>\n<li style=\"font-weight: 400;\" aria-level=\"1\"><b>Thi\u1ebft k\u1ebf \u0111a d\u1ea1ng<\/b><span style=\"font-weight: 400;\">: V\u1edbi nhi\u1ec1u m\u1eabu m\u00e3, m\u00e0u s\u1eafc v\u00e0 ki\u1ec3u d\u00e1ng, b\u1ea1n c\u00f3 th\u1ec3 l\u1ef1a ch\u1ecdn s\u1ea3n ph\u1ea9m ph\u00f9 h\u1ee3p v\u1edbi phong c\u00e1ch v\u00e0 kh\u00f4ng gian b\u1ebfp c\u1ee7a gia \u0111\u00ecnh.<\/span><\/li>\n<li style=\"font-weight: 400;\" aria-level=\"1\"><b>D\u1ecbch v\u1ee5 l\u1eafp \u0111\u1eb7t chuy\u00ean nghi\u1ec7p<\/b><span style=\"font-weight: 400;\">: \u0110\u1ed9i ng\u0169 thi c\u00f4ng c\u1ee7a ch\u00fang t\u00f4i s\u1ebd l\u1eafp \u0111\u1eb7t t\u1ee7 b\u1ebfp nhanh ch\u00f3ng v\u00e0 ch\u00ednh x\u00e1c, \u0111\u1ea3m b\u1ea3o t\u00ednh th\u1ea9m m\u1ef9 v\u00e0 c\u00f4ng n\u0103ng s\u1eed d\u1ee5ng.<\/span><\/li>\n<li style=\"font-weight: 400;\" aria-level=\"1\"><b>B\u1ea3o h\u00e0nh d\u00e0i h\u1ea1n<\/b><span style=\"font-weight: 400;\">: Ch\u00fang t\u00f4i cung c\u1ea5p ch\u1ebf \u0111\u1ed9 b\u1ea3o h\u00e0nh l\u00e2u d\u00e0i, gi\u00fap kh\u00e1ch h\u00e0ng y\u00ean t\u00e2m s\u1eed d\u1ee5ng s\u1ea3n ph\u1ea9m trong nhi\u1ec1u n\u0103m.<\/span><\/li>\n<\/ul>\n<p style=\"text-align: justify;\"><span style=\"font-weight: 400;\">T\u1ee7 b\u1ebfp nh\u00f4m h\u1ee3p kim nguy\u00ean t\u1ea5m l\u00e0 gi\u1ea3i ph\u00e1p t\u1ed1i \u01b0u cho kh\u00f4ng gian b\u1ebfp hi\u1ec7n \u0111\u1ea1i, kh\u00f4ng ch\u1ec9 nh\u1edd v\u00e0o \u0111\u1ed9 b\u1ec1n cao m\u00e0 c\u00f2n b\u1edfi t\u00ednh th\u1ea9m m\u1ef9 v\u00e0 kh\u1ea3 n\u0103ng d\u1ec5 d\u00e0ng b\u1ea3o tr\u00ec. V\u1edbi nh\u1eefng \u01b0u \u0111i\u1ec3m v\u01b0\u1ee3t tr\u1ed9i nh\u01b0 ch\u1ed1ng \u1ea9m, ch\u1ed1ng m\u1ed1i m\u1ecdt v\u00e0 d\u1ec5 d\u00e0ng v\u1ec7 sinh, t\u1ee7 b\u1ebfp h\u1ee3p kim nguy\u00ean t\u1ea5m l\u00e0 l\u1ef1a ch\u1ecdn l\u00fd t\u01b0\u1edfng cho nh\u1eefng ai t\u00ecm ki\u1ebfm m\u1ed9t kh\u00f4ng gian b\u1ebfp ti\u1ec7n nghi v\u00e0 b\u1ec1n v\u1eefng. H\u00e3y li\u00ean h\u1ec7 v\u1edbi <\/span><b>hotline Nh\u1ea5t Nam <\/b><span style=\"font-weight: 400;\">\u0111\u1ec3 s\u1edf h\u1eefu ngay nh\u1eefng s\u1ea3n ph\u1ea9m t\u1ee7 b\u1ebfp ch\u1ea5t l\u01b0\u1ee3ng, \u0111\u00e1p \u1ee9ng m\u1ecdi y\u00eau c\u1ea7u c\u1ee7a b\u1ea1n<\/span><\/p>\n<p style=\"text-align: justify;\">\n","protected":false},"excerpt":{"rendered":"<p>T\u1ee7 b\u1ebfp h\u1ee3p kim nguy\u00ean t\u1ea5m l\u00e0 m\u1ed9t trong nh\u1eefng s\u1ea3n ph\u1ea9m t\u1ee7 b\u1ebfp cao c\u1ea5p n\u1ed5i b\u1eadt trong thi\u1ebft k\u1ebf n\u1ed9i th\u1ea5t hi\u1ec7n \u0111\u1ea1i, mang l\u1ea1i kh\u00f4ng gian b\u1ebfp sang tr\u1ecdng, ti\u1ec7n nghi v\u00e0 b\u1ec1n b\u1ec9. \u0110\u01b0\u1ee3c l\u00e0m t\u1eeb v\u1eadt li\u1ec7u nh\u00f4m cao c\u1ea5p, t\u1ee7 b\u1ebfp n\u00e0y kh\u00f4ng ch\u1ec9 ch\u1ed1ng th\u1ea5m n\u01b0\u1edbc, m\u1ed1i m\u1ecdt [&hellip;]<\/p>\n","protected":false},"featured_media":0,"comment_status":"open","ping_status":"closed","template":"","meta":{"_acf_changed":false,"_gspb_post_css":""},"book-author":[],"product_brand":[],"product_cat":[113,117,118,115,116],"product_tag":[],"class_list":{"0":"post-1734","1":"product","2":"type-product","3":"status-publish","5":"product_cat-tu-bep-nhom","6":"product_cat-tu-bep-nhom-canh-kinh","7":"product_cat-tu-bep-nhom-cao-cap","8":"product_cat-tu-bep-nhom-hop-kim","9":"product_cat-tu-bep-nhom-kinh","11":"first","12":"instock","13":"shipping-taxable","14":"product-type-simple"},"acf":[],"_links":{"self":[{"href":"https:\/\/nhatnam.libion.me\/index.php\/wp-json\/wp\/v2\/product\/1734","targetHints":{"allow":["GET"]}}],"collection":[{"href":"https:\/\/nhatnam.libion.me\/index.php\/wp-json\/wp\/v2\/product"}],"about":[{"href":"https:\/\/nhatnam.libion.me\/index.php\/wp-json\/wp\/v2\/types\/product"}],"replies":[{"embeddable":true,"href":"https:\/\/nhatnam.libion.me\/index.php\/wp-json\/wp\/v2\/comments?post=1734"}],"wp:attachment":[{"href":"https:\/\/nhatnam.libion.me\/index.php\/wp-json\/wp\/v2\/media?parent=1734"}],"wp:term":[{"taxonomy":"book-author","embeddable":true,"href":"https:\/\/nhatnam.libion.me\/index.php\/wp-json\/wp\/v2\/book-author?post=1734"},{"taxonomy":"product_brand","embeddable":true,"href":"https:\/\/nhatnam.libion.me\/index.php\/wp-json\/wp\/v2\/product_brand?post=1734"},{"taxonomy":"product_cat","embeddable":true,"href":"https:\/\/nhatnam.libion.me\/index.php\/wp-json\/wp\/v2\/product_cat?post=1734"},{"taxonomy":"product_tag","embeddable":true,"href":"https:\/\/nhatnam.libion.me\/index.php\/wp-json\/wp\/v2\/product_tag?post=1734"}],"curies":[{"name":"wp","href":"https:\/\/api.w.org\/{rel}","templated":true}]}}