{"id":1728,"date":"2026-04-07T10:22:51","date_gmt":"2026-04-07T10:22:51","guid":{"rendered":"https:\/\/nhatnam.libion.me\/index.php\/product\/tu-bep-nhom-canh-melamine\/"},"modified":"2026-04-07T10:23:00","modified_gmt":"2026-04-07T10:23:00","slug":"tu-bep-nhom-canh-melamine","status":"publish","type":"product","link":"https:\/\/nhatnam.libion.me\/product\/tu-bep-nhom-canh-melamine\/","title":{"rendered":"T\u1ee7 B\u1ebfp Nh\u00f4m C\u00e1nh Melamine"},"content":{"rendered":"<p style=\"text-align: justify;\"><span style=\"font-weight: 400;\">T\u1ee7 b\u1ebfp nh\u00f4m c\u00e1nh Melamine l\u00e0 s\u1ef1 k\u1ebft h\u1ee3p tuy\u1ec7t v\u1eddi gi\u1eefa khung nh\u00f4m ch\u1eafc ch\u1eafn v\u00e0 c\u00e1nh Melamine b\u1ec1n \u0111\u1eb9p, t\u1ea1o ra s\u1ea3n ph\u1ea9m t\u1ee7 b\u1ebfp sang tr\u1ecdng, ti\u1ec7n d\u1ee5ng v\u00e0 c\u00f3 gi\u00e1 th\u00e0nh h\u1ee3p l\u00fd. V\u1edbi nh\u1eefng \u0111\u1eb7c \u0111i\u1ec3m n\u1ed5i b\u1eadt, t\u1ee7 b\u1ebfp nh\u00f4m c\u00e1nh Melamine l\u00e0 l\u1ef1a ch\u1ecdn l\u00fd t\u01b0\u1edfng cho kh\u00f4ng gian b\u1ebfp c\u1ee7a nhi\u1ec1u gia \u0111\u00ecnh hi\u1ec7n \u0111\u1ea1i.\u00a0<\/span><\/p>\n<p style=\"text-align: justify;\"><span style=\"font-weight: 400;\">C\u00f9ng Nh\u1ea5t Nam t\u00ecm hi\u1ec3u chi ti\u1ebft v\u1ec1 t\u1ee7 b\u1ebfp nh\u00f4m c\u00e1nh Melamine qua b\u00e0i vi\u1ebft d\u01b0\u1edbi \u0111\u00e2y nh\u00e9!<\/span><\/p>\n<h2 style=\"text-align: justify;\"><b>1. T\u1ee7 b\u1ebfp nh\u00f4m c\u00e1nh Melamine l\u00e0 g\u00ec?<\/b><\/h2>\n<figure id=\"attachment_5006\" aria-describedby=\"caption-attachment-5006\" style=\"width: 1280px\" class=\"wp-caption aligncenter\"><img loading=\"lazy\" decoding=\"async\" class=\"wp-image-5006 size-full\" src=\"https:\/\/nhatnam.org\/wp-content\/uploads\/2025\/03\/Tu_bep_Nhat_Nam72.jpg\" alt=\"T\u1ee7 B\u1ebfp Nh\u00f4m C\u00e1nh Melamine\" width=\"1280\" height=\"960\" \/><figcaption id=\"caption-attachment-5006\" class=\"wp-caption-text\">M\u1eabu t\u1ee7 b\u1ebfp nh\u00f4m c\u00e1nh Melamine \u0111\u1eb9p<\/figcaption><\/figure>\n<p style=\"text-align: justify;\"><span style=\"font-weight: 400;\">T\u1ee7 b\u1ebfp nh\u00f4m c\u00e1nh Melamine l\u00e0 lo\u1ea1i t\u1ee7 b\u1ebfp \u0111\u01b0\u1ee3c thi\u1ebft k\u1ebf v\u1edbi khung nh\u00f4m ch\u1eafc ch\u1eafn v\u00e0 c\u00e1nh t\u1ee7 l\u00e0m t\u1eeb v\u1eadt li\u1ec7u Melamine. <\/span>C\u00e1nh t\u1ee7 Melamine<span style=\"font-weight: 400;\"> l\u00e0 lo\u1ea1i c\u00e1nh t\u1ee7 \u0111\u01b0\u1ee3c l\u00e0m t\u1eeb c\u1ed1t g\u1ed7 c\u00f4ng nghi\u1ec7p (MDF, MFC, HDF\u2026) v\u00e0 ph\u1ee7 m\u1ed9t l\u1edbp nh\u1ef1a Melamine b\u00ean ngo\u00e0i \u0111\u1ec3 b\u1ea3o v\u1ec7 b\u1ec1 m\u1eb7t, t\u0103ng \u0111\u1ed9 b\u1ec1n v\u00e0 t\u00ednh th\u1ea9m m\u1ef9. . S\u1ef1 k\u1ebft h\u1ee3p n\u00e0y mang \u0111\u1ebfn m\u1ed9t s\u1ea3n ph\u1ea9m kh\u00f4ng ch\u1ec9 b\u1ec1n, \u0111\u1eb9p m\u00e0 c\u00f2n c\u00f3 chi ph\u00ed h\u1ee3p l\u00fd cho gia \u0111\u00ecnh.<\/span><\/p>\n<h2 style=\"text-align: justify;\"><b>2. C\u1ea5u t\u1ea1o c\u1ee7a t\u1ee7 b\u1ebfp nh\u00f4m c\u00e1nh Melamine<\/b><\/h2>\n<figure id=\"attachment_4472\" aria-describedby=\"caption-attachment-4472\" style=\"width: 1280px\" class=\"wp-caption aligncenter\"><img loading=\"lazy\" decoding=\"async\" class=\"wp-image-4472 size-full\" src=\"https:\/\/nhatnam.org\/wp-content\/uploads\/2025\/02\/nhom_hop_kim_NHAT_NAM13.jpg\" alt=\"T\u1ee7 B\u1ebfp Nh\u00f4m C\u00e1nh Melamine\" width=\"1280\" height=\"960\" \/><figcaption id=\"caption-attachment-4472\" class=\"wp-caption-text\">Khung t\u1ee7 \u0111\u01b0\u1ee3c l\u00e0m t\u1eeb nh\u00f4m h\u1ee3p kim cao c\u1ea5p<\/figcaption><\/figure>\n<p style=\"text-align: justify;\"><b>2.1 Khung t\u1ee7 b\u1ebfp nh\u00f4m<\/b><\/p>\n<p style=\"text-align: justify;\"><span style=\"font-weight: 400;\">Khung t\u1ee7 nh\u00f4m \u0111\u01b0\u1ee3c l\u00e0m t\u1eeb nh\u00f4m h\u1ee3p kim, c\u00f3 kh\u1ea3 n\u0103ng ch\u1ed1ng l\u1ea1i t\u00e1c \u0111\u1ed9ng c\u1ee7a m\u00f4i tr\u01b0\u1eddng \u1ea9m \u01b0\u1edbt trong b\u1ebfp m\u00e0 kh\u00f4ng b\u1ecb \u0103n m\u00f2n hay r\u1ec9 s\u00e9t theo th\u1eddi gian. V\u1edbi tr\u1ecdng l\u01b0\u1ee3ng nh\u1eb9 nh\u01b0ng \u0111\u1ed9 b\u1ec1n cao, nh\u00f4m gi\u00fap t\u1ee7 b\u1ebfp c\u00f3 k\u1ebft c\u1ea5u ch\u1eafc ch\u1eafn, kh\u00f4ng b\u1ecb cong v\u00eanh hay bi\u1ebfn d\u1ea1ng d\u01b0\u1edbi t\u00e1c \u0111\u1ed9ng c\u1ee7a nhi\u1ec7t \u0111\u1ed9.<\/span><\/p>\n<p style=\"text-align: justify;\"><b>2.2 C\u00e1nh t\u1ee7 Melamine l\u00e0m t\u1eeb ch\u1ea5t li\u1ec7u g\u00ec?<\/b><\/p>\n<p style=\"text-align: justify;\"><span style=\"font-weight: 400;\">C\u00e1nh t\u1ee7 c\u1ee7a t\u1ee7 b\u1ebfp nh\u00f4m c\u00e1nh Melamine \u0111\u01b0\u1ee3c l\u00e0m t\u1eeb ch\u1ea5t li\u1ec7u <\/span>Melamine<span style=\"font-weight: 400;\">, m\u1ed9t lo\u1ea1i v\u1eadt li\u1ec7u t\u1ed5ng h\u1ee3p c\u00f3 l\u1edbp gi\u1ea5y trang tr\u00ed v\u00e0 l\u1edbp nh\u1ef1a Melamine ph\u1ee7 l\u00ean b\u1ec1 m\u1eb7t. Ch\u1ea5t li\u1ec7u n\u00e0y \u0111\u01b0\u1ee3c \u00e9p n\u00f3ng, t\u1ea1o ra m\u1ed9t b\u1ec1 m\u1eb7t ch\u1eafc ch\u1eafn v\u00e0 b\u1ec1n b\u1ec9, ch\u1ed1ng th\u1ea5m n\u01b0\u1edbc, ch\u1ed1ng tr\u1ea7y x\u01b0\u1edbc, d\u1ec5 d\u00e0ng v\u1ec7 sinh. Melamine c\u00f3 t\u00ednh n\u0103ng ch\u1ed1ng b\u00e1m b\u1ea9n v\u00e0 c\u00f3 nhi\u1ec1u m\u00e0u s\u1eafc, hoa v\u0103n \u0111a d\u1ea1ng, gi\u00fap d\u1ec5 d\u00e0ng l\u1ef1a ch\u1ecdn thi\u1ebft k\u1ebf ph\u00f9 h\u1ee3p v\u1edbi phong c\u00e1ch kh\u00f4ng gian b\u1ebfp c\u1ee7a b\u1ea1n.<\/span><\/p>\n<p style=\"text-align: justify;\"><b>2.3 M\u1eb7t b\u1ebfp v\u00e0 b\u1ec1 m\u1eb7t t\u1ee7<\/b><\/p>\n<p style=\"text-align: justify;\"><span style=\"font-weight: 400;\">B\u1ec1 m\u1eb7t c\u1ee7a t\u1ee7 b\u1ebfp nh\u00f4m c\u00e1nh Melamine \u0111\u01b0\u1ee3c gia c\u00f4ng nh\u1eb5n m\u1ecbn, kh\u00f4ng c\u00f3 c\u00e1c v\u1ebft l\u1ed3i l\u00f5m, gi\u00fap t\u0103ng t\u00ednh th\u1ea9m m\u1ef9 cho s\u1ea3n ph\u1ea9m. M\u1eb7t t\u1ee7 c\u00f3 th\u1ec3 \u0111\u01b0\u1ee3c trang b\u1ecb th\u00eam l\u1edbp ph\u1ee7 ch\u1ed1ng x\u01b0\u1edbc v\u00e0 ch\u1ed1ng b\u00e1m b\u1ea9n, gi\u00fap d\u1ec5 d\u00e0ng lau ch\u00f9i sau m\u1ed7i l\u1ea7n n\u1ea5u n\u01b0\u1edbng.<\/span><\/p>\n<p style=\"text-align: justify;\"><b>2.4 C\u00e1c ph\u1ee5 ki\u1ec7n k\u00e8m theo<\/b><\/p>\n<p style=\"text-align: justify;\"><span style=\"font-weight: 400;\">T\u1ee7 b\u1ebfp nh\u00f4m c\u00e1nh Melamine \u0111i k\u00e8m v\u1edbi c\u00e1c ph\u1ee5 ki\u1ec7n nh\u01b0 b\u1ea3n l\u1ec1, tay n\u1eafm, ray tr\u01b0\u1ee3t cho ng\u0103n k\u00e9o v\u00e0 c\u00e1c k\u1ec7 ch\u1ee9a, gi\u00e1 treo ti\u1ec7n d\u1ee5ng. C\u00e1c ph\u1ee5 ki\u1ec7n n\u00e0y gi\u00fap t\u1ee7 ho\u1ea1t \u0111\u1ed9ng tr\u01a1n tru v\u00e0 n\u00e2ng cao t\u00ednh ti\u1ec7n \u00edch cho ng\u01b0\u1eddi s\u1eed d\u1ee5ng.<\/span><\/p>\n<h2 style=\"text-align: justify;\"><b>3. \u01afu \u0111i\u1ec3m c\u1ee7a t\u1ee7 b\u1ebfp nh\u00f4m c\u00e1nh Melamine<\/b><\/h2>\n<figure id=\"attachment_4999\" aria-describedby=\"caption-attachment-4999\" style=\"width: 1280px\" class=\"wp-caption aligncenter\"><img loading=\"lazy\" decoding=\"async\" class=\"wp-image-4999 size-full\" src=\"https:\/\/nhatnam.org\/wp-content\/uploads\/2025\/03\/Tu_bep_Nhat_Nam65.jpg\" alt=\"T\u1ee7 B\u1ebfp Nh\u00f4m C\u00e1nh Melamine\" width=\"1280\" height=\"720\" \/><figcaption id=\"caption-attachment-4999\" class=\"wp-caption-text\">T\u1ee7 b\u1ebfp nh\u00f4m c\u00e1nh melamine v\u1edbi \u0111\u1ed9 b\u1ec1n cao, kh\u00f4ng th\u1ea5m n\u01b0\u1edbc<\/figcaption><\/figure>\n<p style=\"text-align: justify;\"><span style=\"font-weight: 400;\">T\u1ee7 b\u1ebfp nh\u00f4m c\u00e1nh Melamine \u0111ang tr\u1edf th\u00e0nh m\u1ed9t trong nh\u1eefng l\u1ef1a ch\u1ecdn <\/span>n\u1ed5i b\u1eadt v\u00e0 ph\u1ed5 bi\u1ebfn<span style=\"font-weight: 400;\"> nh\u1edd v\u00e0o nh\u1eefng \u01b0u \u0111i\u1ec3m v\u01b0\u1ee3t tr\u1ed9i v\u1ec1 \u0111\u1ed9 b\u1ec1n, t\u00ednh th\u1ea9m m\u1ef9 v\u00e0 kh\u1ea3 n\u0103ng ch\u1ed1ng ch\u1ecbu m\u00f4i tr\u01b0\u1eddng.<\/span><\/p>\n<p style=\"text-align: justify;\"><b> \u0110\u1ed9 b\u1ec1n cao, ch\u1ed1ng \u1ea9m, ch\u1ed1ng m\u1ed1i m\u1ecdt<\/b><b><br \/>\n<\/b><span style=\"font-weight: 400;\"> T\u1ee7 b\u1ebfp nh\u00f4m c\u00e1nh Melamine c\u00f3 khung l\u00e0m t\u1eeb nh\u00f4m h\u1ee3p kim cao c\u1ea5p, gi\u00fap s\u1ea3n ph\u1ea9m kh\u00f4ng b\u1ecb \u1ea3nh h\u01b0\u1edfng b\u1edfi m\u1ed1i m\u1ecdt, cong v\u00eanh hay n\u1ee9t g\u00e3y nh\u01b0 g\u1ed7 t\u1ef1 nhi\u00ean hay g\u1ed7 c\u00f4ng nghi\u1ec7p. Nh\u00f4m c\u0169ng c\u00f3 kh\u1ea3 n\u0103ng ch\u1ed1ng \u0103n m\u00f2n v\u00e0 oxy h\u00f3a, gi\u00fap t\u1ee7 b\u1ebfp lu\u00f4n gi\u1eef \u0111\u01b0\u1ee3c \u0111\u1ed9 b\u1ec1n l\u00e2u d\u00e0i ngay c\u1ea3 trong m\u00f4i tr\u01b0\u1eddng \u1ea9m th\u1ea5p nh\u01b0 khu v\u1ef1c b\u1ebfp.<\/span><\/p>\n<p style=\"text-align: justify;\"><b> Thi\u1ebft k\u1ebf hi\u1ec7n \u0111\u1ea1i, m\u1eabu m\u00e3 \u0111a d\u1ea1ng<\/b><b><br \/>\n<\/b><span style=\"font-weight: 400;\"> V\u1edbi l\u1edbp ph\u1ee7 Melamine, t\u1ee7 b\u1ebfp nh\u00f4m kh\u00f4ng ch\u1ec9 c\u00f3 \u0111\u1ed9 b\u1ec1n cao m\u00e0 c\u00f2n s\u1edf h\u1eefu nhi\u1ec1u ki\u1ec3u d\u00e1ng, m\u00e0u s\u1eafc v\u00e0 h\u1ecda ti\u1ebft v\u00e2n g\u1ed7 \u0111\u1eb9p m\u1eaft. Ng\u01b0\u1eddi d\u00f9ng c\u00f3 th\u1ec3 ch\u1ecdn t\u00f4ng m\u00e0u s\u00e1ng \u0111\u1ec3 t\u1ea1o c\u1ea3m gi\u00e1c r\u1ed9ng r\u00e3i ho\u1eb7c ch\u1ecdn v\u00e2n g\u1ed7 t\u1ef1 nhi\u00ean \u0111\u1ec3 t\u0103ng th\u00eam s\u1ef1 \u1ea5m c\u00fang cho c\u0103n b\u1ebfp. Nh\u1edd v\u1eady, t\u1ee7 b\u1ebfp nh\u00f4m c\u00e1nh Melamine c\u00f3 th\u1ec3 ph\u00f9 h\u1ee3p v\u1edbi nhi\u1ec1u phong c\u00e1ch n\u1ed9i th\u1ea5t, t\u1eeb t\u1ed1i gi\u1ea3n, hi\u1ec7n \u0111\u1ea1i \u0111\u1ebfn sang tr\u1ecdng.<\/span><\/p>\n<p style=\"text-align: justify;\"><b> Kh\u1ea3 n\u0103ng ch\u1ecbu l\u1ef1c t\u1ed1t, kh\u00f4ng b\u1ecb cong v\u00eanh<\/b><b><br \/>\n<\/b><span style=\"font-weight: 400;\"> T\u1ee7 b\u1ebfp nh\u00f4m c\u00e1nh Melamine c\u00f3 khung nh\u00f4m ch\u1eafc ch\u1eafn, gi\u00fap t\u1ee7 c\u00f3 th\u1ec3 ch\u1ecbu \u0111\u01b0\u1ee3c t\u1ea3i tr\u1ecdng l\u1edbn m\u00e0 kh\u00f4ng b\u1ecb bi\u1ebfn d\u1ea1ng. B\u1ec1 m\u1eb7t Melamine c\u00f3 kh\u1ea3 n\u0103ng ch\u1ed1ng tr\u1ea7y x\u01b0\u1edbc t\u1ed1t, gi\u00fap s\u1ea3n ph\u1ea9m lu\u00f4n gi\u1eef \u0111\u01b0\u1ee3c \u0111\u1ed9 m\u1edbi sau th\u1eddi gian d\u00e0i s\u1eed d\u1ee5ng. Ngo\u00e0i ra, do kh\u00f4ng ch\u1ecbu \u1ea3nh h\u01b0\u1edfng b\u1edfi th\u1eddi ti\u1ebft hay nhi\u1ec7t \u0111\u1ed9, t\u1ee7 c\u0169ng kh\u00f4ng b\u1ecb co ng\u00f3t hay gi\u00e3n n\u1edf nh\u01b0 g\u1ed7 truy\u1ec1n th\u1ed1ng<\/span><\/p>\n<p style=\"text-align: justify;\"><b> Ch\u1ed1ng n\u01b0\u1edbc tuy\u1ec7t \u0111\u1ed1i, d\u1ec5 v\u1ec7 sinh<\/b><b><br \/>\n<\/b><span style=\"font-weight: 400;\"> M\u1ed9t trong nh\u1eefng \u01b0u \u0111i\u1ec3m n\u1ed5i b\u1eadt nh\u1ea5t c\u1ee7a t\u1ee7 b\u1ebfp nh\u00f4m c\u00e1nh Melamine ch\u00ednh l\u00e0 kh\u1ea3 n\u0103ng ch\u1ed1ng n\u01b0\u1edbc 100%. \u0110i\u1ec1u n\u00e0y gi\u00fap n\u00f3 tr\u1edf th\u00e0nh l\u1ef1a ch\u1ecdn ho\u00e0n h\u1ea3o cho kh\u00f4ng gian b\u1ebfp \u2013 n\u01a1i th\u01b0\u1eddng xuy\u00ean ti\u1ebfp x\u00fac v\u1edbi n\u01b0\u1edbc v\u00e0 \u0111\u1ed9 \u1ea9m cao. B\u1ec1 m\u1eb7t Melamine nh\u1eb5n m\u1ecbn, gi\u00fap ch\u1ed1ng b\u00e1m b\u1ee5i, d\u1ea7u m\u1ee1 v\u00e0 d\u1ec5 lau ch\u00f9i.\u00a0<\/span><\/p>\n<p style=\"text-align: justify;\"><b> Ti\u1ebft ki\u1ec7m ng\u00e2n s\u00e1ch<\/b><b><br \/>\n<\/b><span style=\"font-weight: 400;\"> So v\u1edbi t\u1ee7 b\u1ebfp g\u1ed7 truy\u1ec1n th\u1ed1ng, t\u1ee7 b\u1ebfp nh\u00f4m c\u00e1nh Melamine c\u00f3 m\u1ee9c gi\u00e1 r\u1ebb h\u01a1n nh\u01b0ng v\u1eabn \u0111\u1ea3m b\u1ea3o \u0111\u1ed9 b\u1ec1n cao. \u0110\u00e2y l\u00e0 m\u1ed9t gi\u1ea3i ph\u00e1p kinh t\u1ebf cho nh\u1eefng ai mu\u1ed1n c\u00f3 m\u1ed9t c\u0103n b\u1ebfp \u0111\u1eb9p v\u00e0 hi\u1ec7n \u0111\u1ea1i m\u00e0 kh\u00f4ng c\u1ea7n ph\u1ea3i \u0111\u1ea7u t\u01b0 qu\u00e1 nhi\u1ec1u chi ph\u00ed. Ngo\u00e0i ra, nh\u1edd v\u00e0o tr\u1ecdng l\u01b0\u1ee3ng nh\u1eb9 h\u01a1n g\u1ed7, vi\u1ec7c v\u1eadn chuy\u1ec3n v\u00e0 l\u1eafp \u0111\u1eb7t t\u1ee7 b\u1ebfp nh\u00f4m c\u00e1nh Melamine c\u0169ng tr\u1edf n\u00ean d\u1ec5 d\u00e0ng v\u00e0 nhanh ch\u00f3ng h\u01a1n.<\/span><\/p>\n<p style=\"text-align: justify;\"><b> Th\u00e2n thi\u1ec7n v\u1edbi m\u00f4i tr\u01b0\u1eddng, an to\u00e0n cho s\u1ee9c kh\u1ecfe<\/b><b><br \/>\n<\/b><span style=\"font-weight: 400;\"> Ch\u1ea5t li\u1ec7u Melamine s\u1eed d\u1ee5ng trong t\u1ee7 b\u1ebfp kh\u00f4ng ch\u1ee9a c\u00e1c h\u00f3a ch\u1ea5t \u0111\u1ed9c h\u1ea1i nh\u01b0 formaldehyde, gi\u00fap \u0111\u1ea3m b\u1ea3o an to\u00e0n cho s\u1ee9c kh\u1ecfe c\u1ee7a ng\u01b0\u1eddi s\u1eed d\u1ee5ng. B\u00ean c\u1ea1nh \u0111\u00f3, nh\u00f4m l\u00e0 v\u1eadt li\u1ec7u c\u00f3 th\u1ec3 t\u00e1i ch\u1ebf, gi\u00fap gi\u1ea3m thi\u1ec3u t\u00e1c \u0111\u1ed9ng \u0111\u1ebfn m\u00f4i tr\u01b0\u1eddng, ph\u00f9 h\u1ee3p v\u1edbi xu h\u01b0\u1edbng s\u1ed1ng xanh v\u00e0 b\u1ec1n v\u1eefng.<\/span><\/p>\n<p style=\"text-align: justify;\"><b> L\u1eafp \u0111\u1eb7t nhanh ch\u00f3ng, thi c\u00f4ng d\u1ec5 d\u00e0ng<\/b><b><br \/>\n<\/b><span style=\"font-weight: 400;\"> Nh\u1edd v\u00e0o h\u1ec7 th\u1ed1ng l\u1eafp gh\u00e9p modul, t\u1ee7 b\u1ebfp nh\u00f4m c\u00e1nh Melamine c\u00f3 th\u1ec3 thi c\u00f4ng nhanh g\u1ecdn, gi\u00fap ti\u1ebft ki\u1ec7m th\u1eddi gian v\u00e0 chi ph\u00ed l\u1eafp \u0111\u1eb7t. N\u1ebfu c\u1ea7n thay th\u1ebf c\u00e1nh t\u1ee7 ho\u1eb7c ph\u1ee5 ki\u1ec7n, b\u1ea1n c\u00f3 th\u1ec3 thay th\u1ebf t\u1eebng ph\u1ea7n m\u00e0 kh\u00f4ng c\u1ea7n th\u00e1o d\u1ee1 to\u00e0n b\u1ed9 h\u1ec7 t\u1ee7. \u0110i\u1ec1u n\u00e0y gi\u00fap vi\u1ec7c b\u1ea3o tr\u00ec d\u1ec5 d\u00e0ng h\u01a1n r\u1ea5t nhi\u1ec1u so v\u1edbi t\u1ee7 b\u1ebfp g\u1ed7.<\/span><\/p>\n<h2 style=\"text-align: justify;\"><b>4. B\u00e1o gi\u00e1 t\u1ee7 b\u1ebfp nh\u00f4m c\u00e1nh Melamine<br \/>\n<\/b><\/h2>\n<figure id=\"attachment_4553\" aria-describedby=\"caption-attachment-4553\" style=\"width: 1280px\" class=\"wp-caption aligncenter\"><img loading=\"lazy\" decoding=\"async\" class=\"wp-image-4553 size-full\" src=\"https:\/\/nhatnam.org\/wp-content\/uploads\/2025\/02\/inox_NHAT_NAM60.jpg\" alt=\"t\u1ee7 b\u1ebfp nh\u00f4m c\u00e1nh melamine\" width=\"1280\" height=\"960\" \/><figcaption id=\"caption-attachment-4553\" class=\"wp-caption-text\">H\u1ec7 th\u1ed1ng nh\u00e0 x\u01b0\u1edfng Nh\u1ea5t Nam chuy\u00ean thi\u1ebft k\u1ebf, s\u1ea3n xu\u1ea5t t\u1ee7 b\u1ebfp<\/figcaption><\/figure>\n<p style=\"text-align: justify;\"><span style=\"font-weight: 400;\">T\u1ee7 b\u1ebfp nh\u00f4m c\u00e1nh Melamine c\u00f3 m\u1ee9c gi\u00e1 t\u00f9y thu\u1ed9c v\u00e0o ch\u1ea5t li\u1ec7u nh\u00f4m, m\u00e0u s\u1eafc Melamine v\u00e0 thi\u1ebft k\u1ebf c\u1ee7a t\u1ee7. C\u00e1c y\u1ebfu t\u1ed1 nh\u01b0 ph\u1ee5 ki\u1ec7n \u0111i k\u00e8m, \u0111\u1ed9 ph\u1ee9c t\u1ea1p c\u1ee7a l\u1eafp \u0111\u1eb7t c\u0169ng s\u1ebd \u1ea3nh h\u01b0\u1edfng \u0111\u1ebfn gi\u00e1 th\u00e0nh. Tuy nhi\u00ean, v\u1edbi \u0111\u1ed9 b\u1ec1n v\u00e0 t\u00ednh n\u0103ng n\u1ed5i b\u1eadt, t\u1ee7 b\u1ebfp nh\u00f4m c\u00e1nh Melamine l\u00e0 m\u1ed9t l\u1ef1a ch\u1ecdn t\u1ed1i \u01b0u cho nh\u1eefng ai mu\u1ed1n ti\u1ebft ki\u1ec7m chi ph\u00ed nh\u01b0ng v\u1eabn \u0111\u1ea3m b\u1ea3o ch\u1ea5t l\u01b0\u1ee3ng.<\/span><span style=\"font-weight: 400;\"><br \/>\n<\/span><span style=\"font-weight: 400;\">Q\u00fay Kh\u00e1ch vui l\u00f2ng li\u00ean h\u1ec7 <a href=\"https:\/\/www.facebook.com\/ctynhatnam2011\" target=\"_blank\" rel=\"noopener\"><strong>Nh\u1ea5t Nam<\/strong><\/a> \u0111\u1ec3 \u0111\u01b0\u1ee3c h\u1ed7 tr\u1ee3 t\u01b0 v\u1ea5n v\u00e0 nh\u1eadn b\u00e1o gi\u00e1 \u01b0u \u0111\u00e3i.<\/span><\/p>\n<h2 style=\"text-align: justify;\"><b>5. M\u1ed9t s\u1ed1 m\u1eabu t\u1ee7 b\u1ebfp nh\u00f4m c\u00e1nh Melamine \u0111\u1eb9p, hi\u1ec7n \u0111\u1ea1i<\/b><\/h2>\n<figure id=\"attachment_5379\" aria-describedby=\"caption-attachment-5379\" style=\"width: 1280px\" class=\"wp-caption aligncenter\"><img loading=\"lazy\" decoding=\"async\" class=\"wp-image-5379\" src=\"https:\/\/nhatnam.org\/wp-content\/uploads\/2025\/03\/inox_canh_laminlate-3_resize-300x300.jpg\" alt=\"T\u1ee7 B\u1ebfp Nh\u00f4m c\u00e1nh melamine\" width=\"1280\" height=\"1280\" \/><figcaption id=\"caption-attachment-5379\" class=\"wp-caption-text\">M\u1eabu t\u1ee7 b\u1ebfp h\u1ee3p kim c\u00e1nh melamine ch\u1eef I<\/figcaption><\/figure>\n<figure id=\"attachment_5018\" aria-describedby=\"caption-attachment-5018\" style=\"width: 1280px\" class=\"wp-caption aligncenter\"><img loading=\"lazy\" decoding=\"async\" class=\"wp-image-5018 size-full\" src=\"https:\/\/nhatnam.org\/wp-content\/uploads\/2025\/03\/Tu_bep_Nhat_Nam84.jpg\" alt=\"T\u1ee7 B\u1ebfp Nh\u00f4m\" width=\"1280\" height=\"960\" \/><figcaption id=\"caption-attachment-5018\" class=\"wp-caption-text\">M\u1eabu t\u1ee7 b\u1ebfp nh\u00f4m tay n\u1eafm CNC tr\u00e0n vi\u1ec1n<\/figcaption><\/figure>\n<figure id=\"attachment_5385\" aria-describedby=\"caption-attachment-5385\" style=\"width: 1280px\" class=\"wp-caption aligncenter\"><img loading=\"lazy\" decoding=\"async\" class=\"wp-image-5385\" src=\"https:\/\/nhatnam.org\/wp-content\/uploads\/2025\/03\/inox_canh_laminlate-9_resize-300x300.jpg\" alt=\"T\u1ee7 B\u1ebfp Nh\u00f4m c\u00e1nh melamine\" width=\"1280\" height=\"1280\" \/><figcaption id=\"caption-attachment-5385\" class=\"wp-caption-text\">M\u1eabu t\u1ee7 b\u1ebfp nh\u00f4m c\u00e1nh melamine tay n\u1eafm \u00e2m<\/figcaption><\/figure>\n<figure id=\"attachment_3501\" aria-describedby=\"caption-attachment-3501\" style=\"width: 1280px\" class=\"wp-caption aligncenter\"><img loading=\"lazy\" decoding=\"async\" class=\"wp-image-3501 size-full\" src=\"https:\/\/nhatnam.org\/wp-content\/uploads\/2024\/12\/8-1.jpg\" alt=\"T\u1ee7 B\u1ebfp Nh\u00f4m c\u00e1nh melamine\" width=\"1280\" height=\"960\" \/><figcaption id=\"caption-attachment-3501\" class=\"wp-caption-text\">M\u1eabu t\u1ee7 b\u1ebfp ch\u1eef U \u0111\u1eb9p<\/figcaption><\/figure>\n<p style=\"padding-left: 40px;\">&gt;&gt; Xem th\u00eam\u00a0<span style=\"color: #ff0000;\"><a style=\"color: #ff0000;\" href=\"https:\/\/nhatnam.org\/san-pham\/tu-bep-nhom-hop-kim-la-ghep\/\" target=\"_blank\" rel=\"noopener\">T\u1ee7 B\u1ebfp Nh\u00f4m H\u1ee3p Kim L\u00e1 Gh\u00e9p<\/a><\/span><\/p>\n<h2 style=\"text-align: justify;\"><b>6. L\u1ee3i \u00edch khi kh\u00e1ch h\u00e0ng l\u1ef1a ch\u1ecdn t\u1ee7 b\u1ebfp nh\u00f4m c\u00e1nh Melamine t\u1eeb Nh\u1ea5t Nam<\/b><\/h2>\n<p style=\"text-align: justify;\"><span style=\"font-weight: 400;\">Khi ch\u1ecdn mua t\u1ee7 b\u1ebfp nh\u00f4m c\u00e1nh Melamine t\u1eeb <\/span><b>Nh\u1ea5t Nam<\/b><span style=\"font-weight: 400;\">, kh\u00e1ch h\u00e0ng s\u1ebd nh\u1eadn \u0111\u01b0\u1ee3c nh\u1eefng l\u1ee3i \u00edch v\u01b0\u1ee3t tr\u1ed9i sau:<\/span><\/p>\n<ul style=\"text-align: justify;\">\n<li style=\"font-weight: 400;\" aria-level=\"1\"><span style=\"font-weight: 400;\">Ch\u1ea5t l\u01b0\u1ee3ng s\u1ea3n ph\u1ea9m \u0111\u1ea3m b\u1ea3o: Nh\u1ea5t Nam cam k\u1ebft cung c\u1ea5p t\u1ee7 b\u1ebfp nh\u00f4m c\u00e1nh Melamine ch\u1ea5t l\u01b0\u1ee3ng cao, \u0111\u01b0\u1ee3c s\u1ea3n xu\u1ea5t t\u1eeb nguy\u00ean li\u1ec7u ch\u00ednh h\u00e3ng, \u0111\u1ea3m b\u1ea3o t\u00ednh b\u1ec1n v\u1eefng v\u00e0 \u0111\u1ed9 an to\u00e0n trong s\u1eed d\u1ee5ng.<\/span><\/li>\n<li style=\"font-weight: 400;\" aria-level=\"1\"><span style=\"font-weight: 400;\">Thi\u1ebft k\u1ebf \u0111\u1eb9p m\u1eaft v\u00e0 tinh t\u1ebf: V\u1edbi \u0111\u1ed9i ng\u0169 thi\u1ebft k\u1ebf chuy\u00ean nghi\u1ec7p, Nh\u1ea5t Nam mang \u0111\u1ebfn nh\u1eefng m\u1eabu t\u1ee7 b\u1ebfp nh\u00f4m c\u00e1nh Melamine \u0111\u1eb9p m\u1eaft, ph\u00f9 h\u1ee3p v\u1edbi m\u1ecdi kh\u00f4ng gian b\u1ebfp. B\u1ea1n c\u00f3 th\u1ec3 l\u1ef1a ch\u1ecdn m\u00e0u s\u1eafc, ki\u1ec3u d\u00e1ng t\u1ee7 theo phong c\u00e1ch v\u00e0 nhu c\u1ea7u c\u1ee7a gia \u0111\u00ecnh m\u00ecnh.<\/span><\/li>\n<li style=\"font-weight: 400;\" aria-level=\"1\"><span style=\"font-weight: 400;\">D\u1ecbch v\u1ee5 t\u01b0 v\u1ea5n chuy\u00ean nghi\u1ec7p: Nh\u1ea5t Nam cung c\u1ea5p d\u1ecbch v\u1ee5 t\u01b0 v\u1ea5n mi\u1ec5n ph\u00ed, gi\u00fap kh\u00e1ch h\u00e0ng ch\u1ecdn l\u1ef1a nh\u1eefng s\u1ea3n ph\u1ea9m t\u1ee7 b\u1ebfp ph\u00f9 h\u1ee3p nh\u1ea5t v\u1edbi kh\u00f4ng gian v\u00e0 y\u00eau c\u1ea7u s\u1eed d\u1ee5ng. Ch\u00fang t\u00f4i s\u1ebd \u0111\u1ed3ng h\u00e0nh c\u00f9ng b\u1ea1n trong su\u1ed1t qu\u00e1 tr\u00ecnh t\u1eeb khi l\u1ef1a ch\u1ecdn s\u1ea3n ph\u1ea9m \u0111\u1ebfn khi l\u1eafp \u0111\u1eb7t ho\u00e0n thi\u1ec7n.<\/span><\/li>\n<li style=\"font-weight: 400;\" aria-level=\"1\"><span style=\"font-weight: 400;\">L\u1eafp \u0111\u1eb7t chuy\u00ean nghi\u1ec7p: \u0110\u1ed9i ng\u0169 l\u1eafp \u0111\u1eb7t c\u1ee7a Nh\u1ea5t Nam lu\u00f4n \u0111\u1ea3m b\u1ea3o thi c\u00f4ng nhanh ch\u00f3ng, ch\u00ednh x\u00e1c v\u00e0 \u0111\u00fang k\u1ef9 thu\u1eadt, gi\u00fap s\u1ea3n ph\u1ea9m \u0111\u1ea1t ch\u1ea5t l\u01b0\u1ee3ng t\u1ed1i \u01b0u. Kh\u00e1ch h\u00e0ng ho\u00e0n to\u00e0n y\u00ean t\u00e2m v\u1ec1 ti\u1ebfn \u0111\u1ed9 v\u00e0 ch\u1ea5t l\u01b0\u1ee3ng c\u00f4ng tr\u00ecnh.<\/span><\/li>\n<li style=\"font-weight: 400;\" aria-level=\"1\"><span style=\"font-weight: 400;\">Ch\u1ebf \u0111\u1ed9 b\u1ea3o h\u00e0nh d\u00e0i h\u1ea1n: Nh\u1ea5t Nam cung c\u1ea5p ch\u1ebf \u0111\u1ed9 b\u1ea3o h\u00e0nh d\u00e0i h\u1ea1n cho t\u1ee7 b\u1ebfp nh\u00f4m c\u00e1nh Melamine, gi\u00fap b\u1ea1n an t\u00e2m s\u1eed d\u1ee5ng trong su\u1ed1t th\u1eddi gian d\u00e0i m\u00e0 kh\u00f4ng ph\u1ea3i lo l\u1eafng v\u1ec1 ch\u1ea5t l\u01b0\u1ee3ng s\u1ea3n ph\u1ea9m.<\/span><\/li>\n<\/ul>\n<p style=\"text-align: justify;\"><span style=\"font-weight: 400;\">T\u1ee7 b\u1ebfp nh\u00f4m c\u00e1nh Melamine l\u00e0 l\u1ef1a ch\u1ecdn tuy\u1ec7t v\u1eddi cho kh\u00f4ng gian b\u1ebfp hi\u1ec7n \u0111\u1ea1i nh\u1edd v\u00e0o s\u1ef1 k\u1ebft h\u1ee3p gi\u1eefa t\u00ednh th\u1ea9m m\u1ef9, \u0111\u1ed9 b\u1ec1n cao v\u00e0 gi\u00e1 th\u00e0nh h\u1ee3p l\u00fd. N\u1ebfu b\u1ea1n \u0111ang t\u00ecm ki\u1ebfm m\u1ed9t gi\u1ea3i ph\u00e1p t\u1ed1i \u01b0u cho kh\u00f4ng gian b\u1ebfp c\u1ee7a m\u00ecnh, t\u1ee7 b\u1ebfp nh\u00f4m c\u00e1nh Melamine ch\u1eafc ch\u1eafn s\u1ebd l\u00e0 s\u1ef1 l\u1ef1a ch\u1ecdn ho\u00e0n h\u1ea3o. H\u00e3y \u0111\u1ebfn Nh\u1ea5t Nam \u0111\u1ec3 tr\u1ea3i nghi\u1ec7m nh\u1eefng s\u1ea3n ph\u1ea9m ch\u1ea5t l\u01b0\u1ee3ng v\u00e0 d\u1ecbch v\u1ee5 chuy\u00ean nghi\u1ec7p!<\/span><\/p>\n","protected":false},"excerpt":{"rendered":"<p style=\"text-align: justify;\"><span style=\"font-weight: 400;\">T\u1ee7 b\u1ebfp nh\u00f4m c\u00e1nh Melamine l\u00e0 s\u1ef1 k\u1ebft h\u1ee3p tuy\u1ec7t v\u1eddi gi\u1eefa khung nh\u00f4m ch\u1eafc ch\u1eafn v\u00e0 c\u00e1nh Melamine b\u1ec1n \u0111\u1eb9p, t\u1ea1o ra s\u1ea3n ph\u1ea9m t\u1ee7 b\u1ebfp sang tr\u1ecdng, ti\u1ec7n d\u1ee5ng v\u00e0 c\u00f3 gi\u00e1 th\u00e0nh h\u1ee3p l\u00fd. V\u1edbi nh\u1eefng \u0111\u1eb7c \u0111i\u1ec3m n\u1ed5i b\u1eadt, t\u1ee7 b\u1ebfp nh\u00f4m c\u00e1nh Melamine l\u00e0 l\u1ef1a ch\u1ecdn l\u00fd t\u01b0\u1edfng cho kh\u00f4ng gian b\u1ebfp c\u1ee7a nhi\u1ec1u gia \u0111\u00ecnh hi\u1ec7n \u0111\u1ea1i.\u00a0<\/span><\/p>\n<p>&nbsp;<\/p>\n","protected":false},"featured_media":1727,"comment_status":"open","ping_status":"closed","template":"","meta":{"_acf_changed":false,"_gspb_post_css":""},"book-author":[],"product_brand":[],"product_cat":[113,115],"product_tag":[],"class_list":{"0":"post-1728","1":"product","2":"type-product","3":"status-publish","4":"has-post-thumbnail","6":"product_cat-tu-bep-nhom","7":"product_cat-tu-bep-nhom-hop-kim","9":"first","10":"instock","11":"shipping-taxable","12":"product-type-simple"},"acf":[],"_links":{"self":[{"href":"https:\/\/nhatnam.libion.me\/wp-json\/wp\/v2\/product\/1728","targetHints":{"allow":["GET"]}}],"collection":[{"href":"https:\/\/nhatnam.libion.me\/wp-json\/wp\/v2\/product"}],"about":[{"href":"https:\/\/nhatnam.libion.me\/wp-json\/wp\/v2\/types\/product"}],"replies":[{"embeddable":true,"href":"https:\/\/nhatnam.libion.me\/wp-json\/wp\/v2\/comments?post=1728"}],"wp:featuredmedia":[{"embeddable":true,"href":"https:\/\/nhatnam.libion.me\/wp-json\/wp\/v2\/media\/1727"}],"wp:attachment":[{"href":"https:\/\/nhatnam.libion.me\/wp-json\/wp\/v2\/media?parent=1728"}],"wp:term":[{"taxonomy":"book-author","embeddable":true,"href":"https:\/\/nhatnam.libion.me\/wp-json\/wp\/v2\/book-author?post=1728"},{"taxonomy":"product_brand","embeddable":true,"href":"https:\/\/nhatnam.libion.me\/wp-json\/wp\/v2\/product_brand?post=1728"},{"taxonomy":"product_cat","embeddable":true,"href":"https:\/\/nhatnam.libion.me\/wp-json\/wp\/v2\/product_cat?post=1728"},{"taxonomy":"product_tag","embeddable":true,"href":"https:\/\/nhatnam.libion.me\/wp-json\/wp\/v2\/product_tag?post=1728"}],"curies":[{"name":"wp","href":"https:\/\/api.w.org\/{rel}","templated":true}]}}