{"id":1663,"date":"2026-04-07T10:20:45","date_gmt":"2026-04-07T10:20:45","guid":{"rendered":"https:\/\/nhatnam.libion.me\/index.php\/product\/tu-quan-ao-go-ep-phu-acrylic\/"},"modified":"2026-04-07T10:20:45","modified_gmt":"2026-04-07T10:20:45","slug":"tu-quan-ao-go-ep-phu-acrylic","status":"publish","type":"product","link":"https:\/\/nhatnam.libion.me\/index.php\/product\/tu-quan-ao-go-ep-phu-acrylic\/","title":{"rendered":"\u00a0T\u1ee7 Qu\u1ea7n \u00c1o G\u1ed7 \u00c9p Ph\u1ee7 Acrylic"},"content":{"rendered":"<p style=\"text-align: justify;\"><span style=\"font-weight: 400;\">B\u1ea1n \u0111ang t\u00ecm ki\u1ebfm m\u1ed9t chi\u1ebfc t\u1ee7 qu\u1ea7n \u00e1o g\u1ed7 \u00e9p v\u1eeba \u0111\u1eb9p m\u1eaft, v\u1eeba b\u1ec1n b\u1ec9 cho kh\u00f4ng gian s\u1ed1ng c\u1ee7a m\u00ecnh? T\u1ee7 qu\u1ea7n \u00e1o g\u1ed7 \u00e9p ph\u1ee7 Acrylic ch\u00ednh l\u00e0 l\u1ef1a ch\u1ecdn l\u00fd t\u01b0\u1edfng. V\u1edbi l\u1edbp ph\u1ee7 b\u00f3ng g\u01b0\u01a1ng sang tr\u1ecdng, kh\u1ea3 n\u0103ng ch\u1ed1ng \u1ea9m m\u1ed1c tuy\u1ec7t v\u1eddi v\u00e0 \u0111a d\u1ea1ng ki\u1ec3u d\u00e1ng, t\u1ee7 qu\u1ea7n \u00e1o g\u1ed7 \u00e9p s\u1ebd mang \u0111\u1ebfn cho ph\u00f2ng ng\u1ee7 c\u1ee7a b\u1ea1n kh\u00f4ng ch\u1ec9 s\u1ef1 g\u1ecdn g\u00e0ng m\u00e0 c\u00f2n l\u00e0 \u0111i\u1ec3m nh\u1ea5n th\u1ea9m m\u1ef9. T\u1ee7 g\u1ed7 \u00e9p c\u00f4ng nghi\u1ec7p ng\u00e0y c\u00e0ng \u0111\u01b0\u1ee3c \u01b0a chu\u1ed9ng nh\u1edd v\u00e0o \u0111\u1ed9 b\u1ec1n v\u00e0 t\u00ednh n\u0103ng v\u01b0\u1ee3t tr\u1ed9i.\u00a0<\/span><\/p>\n<p style=\"text-align: justify;\"><span style=\"font-weight: 400;\">C\u00f9ng Nh\u1ea5t Nam t\u00ecm hi\u1ec3u chi ti\u1ebft qua b\u00e0i vi\u1ebft d\u01b0\u1edbi \u0111\u00e2y nh\u00e9!<\/span><\/p>\n<h2 style=\"text-align: justify;\"><b>1. Gi\u1edbi thi\u1ec7u chung v\u1ec1 t\u1ee7 qu\u1ea7n \u00e1o g\u1ed7 \u00e9p ph\u1ee7 Acrylic<\/b><\/h2>\n<figure id=\"attachment_5751\" aria-describedby=\"caption-attachment-5751\" style=\"width: 736px\" class=\"wp-caption aligncenter\"><img loading=\"lazy\" decoding=\"async\" class=\"wp-image-5751 size-full\" src=\"https:\/\/nhatnam.org\/wp-content\/uploads\/2025\/03\/tu_quan_go_ep_phu_Acrylicf_nhat_nam13.jpg\" alt=\"\u00a0T\u1ee7 Qu\u1ea7n \u00c1o G\u1ed7 \u00c9p Ph\u1ee7 Acrylic\" width=\"736\" height=\"736\" \/><figcaption id=\"caption-attachment-5751\" class=\"wp-caption-text\">M\u1eabu t\u1ee7 qu\u1ea7n \u00e1o g\u1ed7 \u00e9p ph\u1ee7 Acrylic \u0111\u1eb9p<\/figcaption><\/figure>\n<p style=\"text-align: justify;\"><span style=\"font-weight: 400;\">T\u1ee7 qu\u1ea7n \u00e1o kh\u00f4ng ch\u1ec9 gi\u00fap b\u1ea1n t\u1ed5 ch\u1ee9c qu\u1ea7n \u00e1o m\u1ed9t c\u00e1ch g\u1ecdn g\u00e0ng m\u00e0 c\u00f2n g\u00f3p ph\u1ea7n n\u00e2ng cao th\u1ea9m m\u1ef9 cho kh\u00f4ng gian s\u1ed1ng. Trong s\u1ed1 nh\u1eefng lo\u1ea1i t\u1ee7 qu\u1ea7n \u00e1o hi\u1ec7n nay, <\/span>t\u1ee7 qu\u1ea7n \u00e1o g\u1ed7 \u00e9p ph\u1ee7 Acrylic<span style=\"font-weight: 400;\"> l\u00e0 m\u1ed9t l\u1ef1a ch\u1ecdn \u0111\u01b0\u1ee3c \u01b0a chu\u1ed9ng nh\u1edd v\u00e0o t\u00ednh th\u1ea9m m\u1ef9 cao, \u0111\u1ed9 b\u1ec1n v\u01b0\u1ee3t tr\u1ed9i v\u00e0 kh\u1ea3 n\u0103ng ch\u1ed1ng \u1ea9m m\u1ed1c c\u1ef1c k\u1ef3 hi\u1ec7u qu\u1ea3. Ch\u1ea5t li\u1ec7u t\u1ee7 g\u1ed7 \u00e9p c\u00f4ng nghi\u1ec7p An C\u01b0\u1eddng k\u1ebft h\u1ee3p v\u1edbi l\u1edbp ph\u1ee7 Acrylic kh\u00f4ng ch\u1ec9 mang l\u1ea1i s\u1ef1 sang tr\u1ecdng m\u00e0 c\u00f2n d\u1ec5 d\u00e0ng v\u1ec7 sinh, b\u1ea3o d\u01b0\u1ee1ng.<\/span><\/p>\n<p style=\"text-align: justify;\"><span style=\"font-weight: 400;\">T\u1ee7 qu\u1ea7n \u00e1o g\u1ed7 \u00e9p Acrylic hay c\u00f2n \u0111\u01b0\u1ee3c g\u1ecdi l\u00e0 t\u1ee7 g\u1ed7 \u00e9p c\u00f4ng nghi\u1ec7p \u0111\u01b0\u1ee3c s\u1ea3n xu\u1ea5t t\u1eeb c\u00e1c lo\u1ea1i g\u1ed7 c\u00f4ng nghi\u1ec7p nh\u01b0 MFC, MDF, HDF, th\u01b0\u1eddng \u0111\u01b0\u1ee3c k\u1ebft h\u1ee3p v\u1edbi c\u00e1c b\u1ec1 m\u1eb7t ph\u1ee7 nh\u01b0 Laminate, Melamine, ho\u1eb7c Acrylic. Trong \u0111\u00f3, Acrylic l\u00e0 v\u1eadt li\u1ec7u b\u1ec1 m\u1eb7t \u0111\u01b0\u1ee3c \u01b0a chu\u1ed9ng nh\u1ea5t hi\u1ec7n nay nh\u1edd v\u00e0o kh\u1ea3 n\u0103ng t\u1ea1o ra b\u1ec1 m\u1eb7t b\u00f3ng g\u01b0\u01a1ng sang tr\u1ecdng, d\u1ec5 d\u00e0ng v\u1ec7 sinh v\u00e0 c\u00f3 \u0111\u1ed9 b\u1ec1n cao. T\u1ee7 qu\u1ea7n \u00e1o g\u1ed7 \u00e9p ph\u1ee7 Acrylic mang \u0111\u1ebfn kh\u00f4ng gian s\u1ed1ng hi\u1ec7n \u0111\u1ea1i, tinh t\u1ebf v\u00e0 \u0111\u1ea7y phong c\u00e1ch.<\/span><\/p>\n<h2 style=\"text-align: justify;\"><b>2. \u01afu \u0111i\u1ec3m n\u1ed5i b\u1eadt c\u1ee7a t\u1ee7 qu\u1ea7n \u00e1o g\u1ed7 \u00e9p ph\u1ee7 Acrylic<\/b><\/h2>\n<figure id=\"attachment_5750\" aria-describedby=\"caption-attachment-5750\" style=\"width: 736px\" class=\"wp-caption aligncenter\"><img loading=\"lazy\" decoding=\"async\" class=\"wp-image-5750\" src=\"https:\/\/nhatnam.org\/wp-content\/uploads\/2025\/03\/tu_quan_go_ep_phu_Acrylicf_nhat_nam12-225x300.jpg\" alt=\"\u00a0 \u00a0 \u00a0T\u1ee7 Qu\u1ea7n \u00c1o G\u1ed7 \u00c9p Ph\u1ee7 Acrylic\" width=\"736\" height=\"981\" \/><figcaption id=\"caption-attachment-5750\" class=\"wp-caption-text\">M\u1eabu t\u1ee7 qu\u1ea7n \u00e1o v\u00e1n \u00e9p ph\u1ee7 Acrylic b\u00f3ng g\u01b0\u01a1ng \u0111\u1eb9p<\/figcaption><\/figure>\n<p style=\"text-align: justify;\"><b>\u0110\u1ed9 b\u1ec1n cao\u00a0<\/b><\/p>\n<p style=\"text-align: justify;\"><span style=\"font-weight: 400;\">Nh\u1edd c\u1ea5u tr\u00fac g\u1ed7 \u00e9p c\u00f4ng nghi\u1ec7p ch\u1ed1ng \u1ea9m k\u1ebft h\u1ee3p v\u1edbi l\u1edbp ph\u1ee7 Acrylic, <\/span>t\u1ee7 qu\u1ea7n \u00e1o g\u1ed7 \u00e9p<span style=\"font-weight: 400;\"> ph\u1ee7 Acrylic c\u00f3 kh\u1ea3 n\u0103ng ch\u1ed1ng l\u1ea1i \u0111\u1ed9 \u1ea9m v\u00e0 s\u1ef1 t\u1ea5n c\u00f4ng c\u1ee7a m\u1ed1i m\u1ecdt, gi\u00fap b\u1ea3o v\u1ec7 qu\u1ea7n \u00e1o c\u1ee7a b\u1ea1n kh\u1ecfi nh\u1eefng t\u00e1c \u0111\u1ed9ng x\u1ea5u c\u1ee7a m\u00f4i tr\u01b0\u1eddng. \u0110i\u1ec1u n\u00e0y \u0111\u1eb7c bi\u1ec7t quan tr\u1ecdng trong nh\u1eefng khu v\u1ef1c c\u00f3 \u0111\u1ed9 \u1ea9m cao, nh\u01b0 \u1edf c\u00e1c th\u00e0nh ph\u1ed1 ven bi\u1ec3n ho\u1eb7c kh\u00ed h\u1eadu nhi\u1ec7t \u0111\u1edbi.<\/span><\/p>\n<p style=\"text-align: justify;\"><b>T\u00ednh th\u1ea9m m\u1ef9\u00a0<\/b><\/p>\n<p style=\"text-align: justify;\"><span style=\"font-weight: 400;\">B\u1ec1 m\u1eb7t Acrylic b\u00f3ng g\u01b0\u01a1ng mang l\u1ea1i v\u1ebb \u0111\u1eb9p hi\u1ec7n \u0111\u1ea1i, s\u00e1ng b\u00f3ng cho c\u0103n ph\u00f2ng. <\/span>T\u1ee7 qu\u1ea7n \u00e1o g\u1ed7 \u00e9p ph\u1ee7 Acrylic<span style=\"font-weight: 400;\"> c\u00f3 th\u1ec3 \u0111\u01b0\u1ee3c thi\u1ebft k\u1ebf v\u1edbi nhi\u1ec1u m\u00e0u s\u1eafc kh\u00e1c nhau, t\u1eeb c\u00e1c m\u00e0u s\u1eafc nh\u1eb9 nh\u00e0ng nh\u01b0 tr\u1eafng, kem \u0111\u1ebfn c\u00e1c gam m\u00e0u n\u1ed5i b\u1eadt gi\u00fap t\u1ea1o \u0111i\u1ec3m nh\u1ea5n cho kh\u00f4ng gian s\u1ed1ng c\u1ee7a b\u1ea1n.<\/span><\/p>\n<p style=\"text-align: justify;\"><b>D\u1ec5 d\u00e0ng v\u1ec7 sinh v\u00e0 b\u1ea3o d\u01b0\u1ee1ng<\/b><\/p>\n<p style=\"text-align: justify;\"><span style=\"font-weight: 400;\">M\u1ed9t trong nh\u1eefng l\u00fd do khi\u1ebfn <\/span>t\u1ee7 qu\u1ea7n \u00e1o g\u1ed7 \u00e9p<span style=\"font-weight: 400;\"> ph\u1ee7 Acrylic tr\u1edf th\u00e0nh l\u1ef1a ch\u1ecdn \u01b0a th\u00edch c\u1ee7a nhi\u1ec1u gia \u0111\u00ecnh l\u00e0 s\u1ef1 d\u1ec5 d\u00e0ng trong vi\u1ec7c v\u1ec7 sinh. B\u1ec1 m\u1eb7t Acrylic c\u00f3 kh\u1ea3 n\u0103ng ch\u1ed1ng b\u00e1m b\u1ea9n v\u00e0 d\u1ec5 d\u00e0ng lau ch\u00f9i b\u1eb1ng kh\u0103n m\u1ec1m. \u0110i\u1ec1u n\u00e0y gi\u00fap b\u1ea1n ti\u1ebft ki\u1ec7m th\u1eddi gian v\u00e0 c\u00f4ng s\u1ee9c trong vi\u1ec7c b\u1ea3o tr\u00ec t\u1ee7 qu\u1ea7n \u00e1o.<\/span><\/p>\n<p style=\"text-align: justify;\"><b>T\u00ednh linh ho\u1ea1t trong thi\u1ebft k\u1ebf<\/b><\/p>\n<p style=\"text-align: justify;\"><span style=\"font-weight: 400;\">T\u1ee7 qu\u1ea7n \u00e1o g\u1ed7 \u00e9p ph\u1ee7 Acrylic r\u1ea5t linh ho\u1ea1t v\u1ec1 thi\u1ebft k\u1ebf, c\u00f3 th\u1ec3 \u0111\u00e1p \u1ee9ng nhu c\u1ea7u s\u1eed d\u1ee5ng \u0111a d\u1ea1ng t\u1eeb ph\u00f2ng ng\u1ee7 nh\u1ecf \u0111\u1ebfn ph\u00f2ng ng\u1ee7 l\u1edbn. B\u1ea1n c\u00f3 th\u1ec3 ch\u1ecdn t\u1ee7 v\u1edbi c\u1eeda tr\u01b0\u1ee3t, c\u1eeda m\u1edf ho\u1eb7c c\u00e1c m\u1eabu t\u1ee7 \u0111a n\u0103ng \u0111\u1ec3 t\u1ed1i \u01b0u kh\u00f4ng gian.<\/span><\/p>\n<p style=\"text-align: justify;\"><b>B\u1ea3o v\u1ec7 m\u00f4i tr\u01b0\u1eddng<\/b><\/p>\n<p style=\"text-align: justify;\">G\u1ed7 \u00e9p c\u00f4ng nghi\u1ec7p<span style=\"font-weight: 400;\"> l\u00e0 nguy\u00ean li\u1ec7u \u0111\u01b0\u1ee3c s\u1eed d\u1ee5ng r\u1ed9ng r\u00e3i trong s\u1ea3n xu\u1ea5t n\u1ed9i th\u1ea5t hi\u1ec7n \u0111\u1ea1i. Vi\u1ec7c s\u1eed d\u1ee5ng g\u1ed7 \u00e9p kh\u00f4ng ch\u1ec9 gi\u00fap b\u1ea3o v\u1ec7 t\u00e0i nguy\u00ean thi\u00ean nhi\u00ean m\u00e0 c\u00f2n g\u00f3p ph\u1ea7n v\u00e0o vi\u1ec7c gi\u1ea3m thi\u1ec3u t\u00e1c \u0111\u1ed9ng ti\u00eau c\u1ef1c \u0111\u1ebfn m\u00f4i tr\u01b0\u1eddng.<\/span><\/p>\n<h2 style=\"text-align: justify;\"><b>3. C\u00e1c lo\u1ea1i t\u1ee7 qu\u1ea7n \u00e1o g\u1ed7 \u00e9p ph\u1ee7 Acrylic<\/b><\/h2>\n<p style=\"text-align: justify;\">T\u1ee7 qu\u1ea7n \u00e1o g\u1ed7 \u00e9p c\u00f4ng nghi\u1ec7p<span style=\"font-weight: 400;\"> ph\u1ee7 Acrylic c\u00f3 th\u1ec3 \u0111\u01b0\u1ee3c thi\u1ebft k\u1ebf v\u1edbi nhi\u1ec1u ki\u1ec3u d\u00e1ng v\u00e0 ch\u1ee9c n\u0103ng kh\u00e1c nhau. D\u01b0\u1edbi \u0111\u00e2y l\u00e0 m\u1ed9t s\u1ed1 lo\u1ea1i t\u1ee7 qu\u1ea7n \u00e1o g\u1ed7 \u00e9p ph\u1ed5 bi\u1ebfn m\u00e0 b\u1ea1n c\u00f3 th\u1ec3 tham kh\u1ea3o:<\/span><\/p>\n<p style=\"text-align: justify;\"><b>T\u1ee7 qu\u1ea7n \u00e1o c\u1eeda tr\u01b0\u1ee3t<\/b><\/p>\n<figure id=\"attachment_5749\" aria-describedby=\"caption-attachment-5749\" style=\"width: 735px\" class=\"wp-caption aligncenter\"><img loading=\"lazy\" decoding=\"async\" class=\"wp-image-5749 size-full\" src=\"https:\/\/nhatnam.org\/wp-content\/uploads\/2025\/03\/tu_quan_go_ep_phu_Acrylicf_nhat_nam11.jpg\" alt=\" t\u1ee7 qu\u1ea7n \u00e1o g\u1ed7 \u00e9p ph\u1ee7 Acrylic \u0111\u1eb9p\" width=\"735\" height=\"708\" \/><figcaption id=\"caption-attachment-5749\" class=\"wp-caption-text\">M\u1eabu t\u1ee7 g\u1ed7 \u00e9p c\u1eeda tr\u01b0\u1ee3t \u0111\u1eb9p, hi\u1ec7n \u0111\u1ea1i<\/figcaption><\/figure>\n<p style=\"text-align: justify;\">T\u1ee7 c\u1eeda tr\u01b0\u1ee3t l\u00e0 l\u1ef1a ch\u1ecdn ph\u1ed5 bi\u1ebfn cho nh\u1eefng ph\u00f2ng ng\u1ee7 c\u00f3 di\u1ec7n t\u00edch h\u1ea1n ch\u1ebf. V\u1edbi thi\u1ebft k\u1ebf c\u1eeda tr\u01b0\u1ee3t, lo\u1ea1i t\u1ee7 n\u00e0y kh\u00f4ng chi\u1ebfm nhi\u1ec1u di\u1ec7n t\u00edch khi m\u1edf c\u1eeda, gi\u00fap t\u1ed1i \u01b0u h\u00f3a kh\u00f4ng gian. T\u1ee7 qu\u1ea7n \u00e1o g\u1ed7 \u00e9p ph\u1ee7 Acrylic c\u1eeda tr\u01b0\u1ee3t mang l\u1ea1i v\u1ebb \u0111\u1eb9p hi\u1ec7n \u0111\u1ea1i v\u00e0 ti\u1ec7n nghi cho ph\u00f2ng ng\u1ee7.<\/p>\n<p style=\"text-align: justify;\"><b>T\u1ee7 qu\u1ea7n \u00e1o v\u00e1n \u00e9p c\u1eeda m\u1edf<\/b><\/p>\n<figure id=\"attachment_5741\" aria-describedby=\"caption-attachment-5741\" style=\"width: 736px\" class=\"wp-caption aligncenter\"><img loading=\"lazy\" decoding=\"async\" class=\"wp-image-5741 size-full\" src=\"https:\/\/nhatnam.org\/wp-content\/uploads\/2025\/03\/tu_quan_go_ep_phu_Acrylicf_nhat_nam03.jpg\" alt=\"T\u1ee7 qu\u1ea7n \u00e1o g\u1ed7 \u00e9p ph\u1ee7 acrylic\" width=\"736\" height=\"554\" \/><figcaption id=\"caption-attachment-5741\" class=\"wp-caption-text\">M\u1eabu t\u1ee7 g\u1ed7 \u00e9p 5 c\u00e1nh<\/figcaption><\/figure>\n<p style=\"text-align: justify;\"><span style=\"font-weight: 400;\">N\u1ebfu b\u1ea1n y\u00eau th\u00edch thi\u1ebft k\u1ebf truy\u1ec1n th\u1ed1ng v\u00e0 kh\u00f4ng gian r\u1ed9ng r\u00e3i, <\/span>t\u1ee7 qu\u1ea7n \u00e1o c\u1eeda m\u1edf<span style=\"font-weight: 400;\"> s\u1ebd l\u00e0 l\u1ef1a ch\u1ecdn l\u00fd t\u01b0\u1edfng. V\u1edbi nhi\u1ec1u ng\u0103n k\u00e9o v\u00e0 k\u1ec7 b\u00ean trong, t\u1ee7 gi\u00fap b\u1ea1n d\u1ec5 d\u00e0ng s\u1eafp x\u1ebfp qu\u1ea7n \u00e1o v\u00e0 c\u00e1c v\u1eadt d\u1ee5ng kh\u00e1c m\u1ed9t c\u00e1ch khoa h\u1ecdc.<\/span><\/p>\n<p style=\"text-align: justify;\"><b>T\u1ee7 qu\u1ea7n \u00e1o \u0111a n\u0103ng<\/b><\/p>\n<figure id=\"attachment_5748\" aria-describedby=\"caption-attachment-5748\" style=\"width: 736px\" class=\"wp-caption aligncenter\"><img loading=\"lazy\" decoding=\"async\" class=\"wp-image-5748\" src=\"https:\/\/nhatnam.org\/wp-content\/uploads\/2025\/03\/tu_quan_go_ep_phu_Acrylicf_nhat_nam10-225x300.jpg\" alt=\"t\u1ee7 qu\u1ea7n \u00e1o g\u1ed7 \u00e9p ph\u1ee7 acrylic\" width=\"736\" height=\"981\" \/><figcaption id=\"caption-attachment-5748\" class=\"wp-caption-text\">M\u1eabu t\u1ee7 g\u1ed7 \u00e9p 4 c\u00e1nh k\u1ebft h\u1ee3p k\u1ec7 trang tr\u00ed<\/figcaption><\/figure>\n<p style=\"text-align: justify;\"><span style=\"font-weight: 400;\">T\u1ee7 qu\u1ea7n \u00e1o \u0111a n\u0103ng l\u00e0 s\u1ef1 k\u1ebft h\u1ee3p gi\u1eefa t\u00ednh n\u0103ng l\u01b0u tr\u1eef qu\u1ea7n \u00e1o v\u00e0 c\u00e1c ti\u1ec7n \u00edch kh\u00e1c nh\u01b0 ng\u0103n k\u00e9o, k\u1ec7 \u0111\u1ec3 gi\u00e0y d\u00e9p ho\u1eb7c b\u00e0n trang \u0111i\u1ec3m. Lo\u1ea1i t\u1ee7 n\u00e0y r\u1ea5t th\u00edch h\u1ee3p cho nh\u1eefng kh\u00f4ng gian nh\u1ecf, gi\u00fap b\u1ea1n t\u1eadn d\u1ee5ng t\u1ed1i \u0111a di\u1ec7n t\u00edch ph\u00f2ng ng\u1ee7.<\/span><\/p>\n<p style=\"text-align: justify;\"><b>T\u1ee7 qu\u1ea7n \u00e1o \u00e2m t\u01b0\u1eddng<\/b><\/p>\n<figure id=\"attachment_5747\" aria-describedby=\"caption-attachment-5747\" style=\"width: 736px\" class=\"wp-caption aligncenter\"><img loading=\"lazy\" decoding=\"async\" class=\"wp-image-5747 size-full\" src=\"https:\/\/nhatnam.org\/wp-content\/uploads\/2025\/03\/tu_quan_go_ep_phu_Acrylicf_nhat_nam09.jpg\" alt=\"t\u1ee7 qu\u1ea7n \u00e1o g\u1ed7 \u00e9p ph\u1ee7 acrylic\" width=\"736\" height=\"922\" \/><figcaption id=\"caption-attachment-5747\" class=\"wp-caption-text\">T\u1ee7 g\u1ed7 \u00e9p c\u00f4ng nghi\u1ec7p \u00e2m t\u01b0\u1eddng<\/figcaption><\/figure>\n<p style=\"text-align: justify;\"><span style=\"font-weight: 400;\">T\u1ee7 qu\u1ea7n \u00e1o \u00e2m t\u01b0\u1eddng l\u00e0 m\u1ed9t gi\u1ea3i ph\u00e1p tuy\u1ec7t v\u1eddi cho kh\u00f4ng gian ph\u00f2ng ng\u1ee7 h\u1ea1n ch\u1ebf di\u1ec7n t\u00edch. T\u1ee7 \u00e2m t\u01b0\u1eddng gi\u00fap b\u1ea1n t\u1eadn d\u1ee5ng t\u1ed1i \u0111a kh\u00f4ng gian m\u00e0 kh\u00f4ng l\u00e0m gi\u1ea3m \u0111i s\u1ef1 sang tr\u1ecdng v\u00e0 ti\u1ec7n nghi c\u1ee7a c\u0103n ph\u00f2ng..<\/span><\/p>\n<h2 style=\"text-align: justify;\"><b>4. Quy tr\u00ecnh s\u1ea3n xu\u1ea5t t\u1ee7 qu\u1ea7n \u00e1o g\u1ed7 \u00e9p ph\u1ee7 Acrylic<\/b><\/h2>\n<p style=\"text-align: justify;\"><b>L\u1ef1a ch\u1ecdn nguy\u00ean li\u1ec7u v\u00e0 ch\u1ebf bi\u1ebfn g\u1ed7 \u00e9p<\/b><\/p>\n<p style=\"text-align: justify;\"><span style=\"font-weight: 400;\">Qu\u00e1 tr\u00ecnh s\u1ea3n xu\u1ea5t t\u1ee7 qu\u1ea7n \u00e1o b\u1eaft \u0111\u1ea7u t\u1eeb vi\u1ec7c l\u1ef1a ch\u1ecdn g\u1ed7 c\u00f4ng nghi\u1ec7p ch\u1ea5t l\u01b0\u1ee3ng cao nh\u01b0 MFC, MDF, HDF. C\u00e1c lo\u1ea1i g\u1ed7 n\u00e0y s\u1ebd \u0111\u01b0\u1ee3c c\u1eaft, gia c\u00f4ng v\u00e0 x\u1eed l\u00fd \u0111\u1ec3 \u0111\u1ea3m b\u1ea3o \u0111\u1ed9 b\u1ec1n v\u00e0 \u0111\u1ed9 \u1ed5n \u0111\u1ecbnh trong su\u1ed1t qu\u00e1 tr\u00ecnh s\u1eed d\u1ee5ng. Lo\u1ea1i g\u1ed7 c\u00f4ng nghi\u1ec7p m\u00e0 nh\u1ea5t nam s\u1eed d\u1ee5ng \u0111\u00f3 l\u00e0 g\u1ed7 c\u00f4ng nghi\u1ec7p An C\u01b0\u1eddng.<\/span><\/p>\n<p style=\"text-align: justify;\"><b>Quy tr\u00ecnh ph\u1ee7 Acrylic l\u00ean b\u1ec1 m\u1eb7t g\u1ed7<\/b><\/p>\n<p style=\"text-align: justify;\"><span style=\"font-weight: 400;\">L\u1edbp ph\u1ee7 Acrylic s\u1ebd \u0111\u01b0\u1ee3c \u00e1p d\u1ee5ng l\u00ean b\u1ec1 m\u1eb7t g\u1ed7 th\u00f4ng qua qu\u00e1 tr\u00ecnh \u00e9p nhi\u1ec7t ho\u1eb7c d\u00e1n laminate. L\u1edbp ph\u1ee7 Acrylic kh\u00f4ng ch\u1ec9 mang l\u1ea1i v\u1ebb \u0111\u1eb9p b\u00f3ng b\u1ea9y m\u00e0 c\u00f2n gi\u00fap b\u1ea3o v\u1ec7 t\u1ee7 kh\u1ecfi c\u00e1c y\u1ebfu t\u1ed1 t\u00e1c \u0111\u1ed9ng t\u1eeb m\u00f4i tr\u01b0\u1eddng nh\u01b0 \u1ea9m \u01b0\u1edbt, b\u1ee5i b\u1ea9n.<\/span><\/p>\n<p style=\"text-align: justify;\"><b>L\u1eafp r\u00e1p v\u00e0 ho\u00e0n thi\u1ec7n s\u1ea3n ph\u1ea9m<\/b><\/p>\n<p style=\"text-align: justify;\"><span style=\"font-weight: 400;\">Cu\u1ed1i c\u00f9ng, c\u00e1c b\u1ed9 ph\u1eadn c\u1ee7a t\u1ee7 s\u1ebd \u0111\u01b0\u1ee3c l\u1eafp r\u00e1p l\u1ea1i v\u1edbi nhau. M\u1ed7i s\u1ea3n ph\u1ea9m s\u1ebd \u0111\u01b0\u1ee3c ki\u1ec3m tra ch\u1ea5t l\u01b0\u1ee3ng k\u1ef9 l\u01b0\u1ee1ng tr\u01b0\u1edbc khi giao \u0111\u1ebfn tay kh\u00e1ch h\u00e0ng.<\/span><\/p>\n<h2 style=\"text-align: justify;\"><b>5. B\u00e1o gi\u00e1 t\u1ee7 qu\u1ea7n \u00e1o g\u1ed7 \u00e9p ph\u1ee7 Acrylic<\/b><\/h2>\n<p style=\"text-align: justify;\"><span style=\"font-weight: 400;\">M\u1ee9c gi\u00e1 c\u1ee7a <\/span>t\u1ee7 qu\u1ea7n \u00e1o g\u1ed7 \u00e9p ph\u1ee7 Acrylic c\u00f3 th\u1ec3 dao \u0111\u1ed9ng t\u00f9y theo k\u00edch th\u01b0\u1edbc, thi\u1ebft k\u1ebf v\u00e0 ch\u1ea5t li\u1ec7u. Tuy nhi\u00ean, b\u1ea1n c\u00f3 th\u1ec3 tham kh\u1ea3o m\u1ee9c gi\u00e1 chung cho c\u00e1c s\u1ea3n ph\u1ea9m t\u1ee7 qu\u1ea7n \u00e1o g\u1ed7 \u00e9p<span style=\"font-weight: 400;\"> ph\u1ee7 Acrylic qua link:\u00a0<\/span><\/p>\n<p style=\"text-align: justify;\"><span style=\"font-weight: 400;\">\u0110\u1ec3 nh\u1eadn b\u00e1o gi\u00e1 chi ti\u1ebft v\u00e0 t\u01b0 v\u1ea5n v\u1ec1 c\u00e1c m\u1eabu t\u1ee7 qu\u1ea7n \u00e1o ph\u00f9 h\u1ee3p v\u1edbi nhu c\u1ea7u v\u00e0 kh\u00f4ng gian c\u1ee7a b\u1ea1n, h\u00e3y li\u00ean h\u1ec7 tr\u1ef1c ti\u1ebfp v\u1edbi <\/span><b>Nh\u1ea5t Nam<\/b><span style=\"font-weight: 400;\">.<\/span><\/p>\n<h2 style=\"text-align: justify;\"><b>6. M\u1ed9t s\u1ed1 m\u1eabu t\u1ee7 qu\u1ea7n \u00e1o g\u1ed7 \u00e9p ph\u1ee7 Acrylic \u0111\u1eb9p, hi\u1ec7n \u0111\u1ea1i<\/b><\/h2>\n<figure id=\"attachment_5740\" aria-describedby=\"caption-attachment-5740\" style=\"width: 735px\" class=\"wp-caption aligncenter\"><img loading=\"lazy\" decoding=\"async\" class=\"wp-image-5740 size-full\" src=\"https:\/\/nhatnam.org\/wp-content\/uploads\/2025\/03\/tu_quan_go_ep_phu_Acrylicf_nhat_nam02.jpg\" alt=\"t\u1ee7 qu\u1ea7n \u00e1o g\u1ed7 \u00e9p ph\u1ee7 Acrylic\" width=\"735\" height=\"565\" \/><figcaption id=\"caption-attachment-5740\" class=\"wp-caption-text\">Thi\u1ebft k\u1ebf t\u1ee7 qu\u1ea7n \u00e1o g\u1ed7 \u00e9p ph\u1ee7 Acrylic m\u00e0u tr\u1eafng tinh t\u1ebf<\/figcaption><\/figure>\n<figure id=\"attachment_5745\" aria-describedby=\"caption-attachment-5745\" style=\"width: 736px\" class=\"wp-caption aligncenter\"><img loading=\"lazy\" decoding=\"async\" class=\"wp-image-5745\" src=\"https:\/\/nhatnam.org\/wp-content\/uploads\/2025\/03\/tu_quan_go_ep_phu_Acrylicf_nhat_nam07-300x289.jpg\" alt=\"t\u1ee7 qu\u1ea7n \u00e1o g\u1ed7 \u00e9p ph\u1ee7 Acrylic\" width=\"736\" height=\"710\" \/><figcaption id=\"caption-attachment-5745\" class=\"wp-caption-text\">T\u1ee7 qu\u1ea7n \u00e1o Acrylic c\u1eeda l\u00f9a sang tr\u1ecdng<\/figcaption><\/figure>\n<figure id=\"attachment_5744\" aria-describedby=\"caption-attachment-5744\" style=\"width: 736px\" class=\"wp-caption aligncenter\"><img loading=\"lazy\" decoding=\"async\" class=\"wp-image-5744\" src=\"https:\/\/nhatnam.org\/wp-content\/uploads\/2025\/03\/tu_quan_go_ep_phu_Acrylicf_nhat_nam06-225x300.jpg\" alt=\"t\u1ee7 qu\u1ea7n \u00e1o g\u1ed7 \u00e9p ph\u1ee7 Acrylic\" width=\"736\" height=\"981\" \/><figcaption id=\"caption-attachment-5744\" class=\"wp-caption-text\">T\u1ee7 qu\u1ea7n \u00e1o Acrylic thi\u1ebft k\u1ebf \u00e2m t\u01b0\u1eddng ti\u1ebft ki\u1ec7m kh\u00f4ng gian<\/figcaption><\/figure>\n<figure id=\"attachment_5743\" aria-describedby=\"caption-attachment-5743\" style=\"width: 736px\" class=\"wp-caption aligncenter\"><img loading=\"lazy\" decoding=\"async\" class=\"wp-image-5743 size-full\" src=\"https:\/\/nhatnam.org\/wp-content\/uploads\/2025\/03\/tu_quan_go_ep_phu_Acrylicf_nhat_nam05.jpg\" alt=\"t\u1ee7 qu\u1ea7n \u00e1o g\u1ed7 \u00e9p ph\u1ee7 Acrylic\" width=\"736\" height=\"981\" \/><figcaption id=\"caption-attachment-5743\" class=\"wp-caption-text\">T\u1ee7 qu\u1ea7n \u00e1o g\u1ed7 \u00e9p Acrylic k\u1ebft h\u1ee3p k\u1ec7 m\u1edf ti\u1ec7n \u00edch<\/figcaption><\/figure>\n<h2>\u00a0\u00a0<b>7. Nh\u1ea5t Nam &#8211; \u0110\u01a1n v\u1ecb chuy\u00ean s\u1ea3n xu\u1ea5t v\u00e0 ph\u00e2n ph\u1ed1i t\u1ee7 g\u1ed7 c\u00f4ng nghi\u1ec7p uy t\u00edn th\u1ecb tr\u01b0\u1eddng<\/b><\/h2>\n<p style=\"text-align: justify;\"><span style=\"font-weight: 400;\">Nh\u1ea5t Nam l\u00e0 \u0111\u01a1n v\u1ecb cung c\u1ea5p <\/span>t\u1ee7 qu\u1ea7n \u00e1o g\u1ed7 \u00e9p ph\u1ee7 Acrylic<span style=\"font-weight: 400;\"> uy t\u00edn, ch\u1ea5t l\u01b0\u1ee3ng. V\u1edbi thi\u1ebft k\u1ebf \u0111a d\u1ea1ng, \u0111\u1eb9p m\u1eaft v\u00e0 ch\u1ea5t l\u01b0\u1ee3ng v\u01b0\u1ee3t tr\u1ed9i, ch\u00fang t\u00f4i cam k\u1ebft mang \u0111\u1ebfn cho b\u1ea1n s\u1ea3n ph\u1ea9m ho\u00e0n h\u1ea3o nh\u1ea5t, \u0111\u00e1p \u1ee9ng m\u1ecdi y\u00eau c\u1ea7u kh\u1eaft khe c\u1ee7a kh\u00e1ch h\u00e0ng.<\/span><\/p>\n<p style=\"text-align: justify;\"><span style=\"font-weight: 400;\">L\u1ee3i \u00edch khi kh\u00e1ch h\u00e0ng l\u1ef1a ch\u1ecdn Nh\u1ea5t Nam:<\/span><\/p>\n<ul style=\"text-align: justify;\">\n<li style=\"font-weight: 400;\" aria-level=\"1\"><b>Ch\u1ea5t l\u01b0\u1ee3ng s\u1ea3n ph\u1ea9m \u0111\u1ea3m b\u1ea3o<\/b><span style=\"font-weight: 400;\">: M\u1ed7i s\u1ea3n ph\u1ea9m t\u1ee7 qu\u1ea7n \u00e1o g\u1ed7 \u00e9p ph\u1ee7 Acrylic c\u1ee7a Nh\u1ea5t Nam \u0111\u1ec1u \u0111\u01b0\u1ee3c ki\u1ec3m tra k\u1ef9 l\u01b0\u1ee1ng v\u1ec1 ch\u1ea5t l\u01b0\u1ee3ng v\u00e0 \u0111\u1ed9 b\u1ec1n.<\/span><\/li>\n<li style=\"font-weight: 400;\" aria-level=\"1\"><b>Thi\u1ebft k\u1ebf \u0111\u1eb9p m\u1eaft<\/b><span style=\"font-weight: 400;\">: C\u00e1c m\u1eabu t\u1ee7 \u0111\u01b0\u1ee3c thi\u1ebft k\u1ebf tinh t\u1ebf, \u0111\u00e1p \u1ee9ng nhu c\u1ea7u th\u1ea9m m\u1ef9 cao v\u00e0 t\u1ed1i \u01b0u c\u00f4ng n\u0103ng s\u1eed d\u1ee5ng.<\/span><\/li>\n<li style=\"font-weight: 400;\" aria-level=\"1\"><b>D\u1ecbch v\u1ee5 kh\u00e1ch h\u00e0ng t\u1eadn t\u00e2m<\/b><span style=\"font-weight: 400;\">: Nh\u1ea5t Nam cung c\u1ea5p d\u1ecbch v\u1ee5 t\u01b0 v\u1ea5n mi\u1ec5n ph\u00ed v\u00e0 l\u1eafp \u0111\u1eb7t t\u1eadn n\u01a1i, gi\u00fap b\u1ea1n ho\u00e0n thi\u1ec7n kh\u00f4ng gian s\u1ed1ng c\u1ee7a m\u00ecnh m\u1ed9t c\u00e1ch d\u1ec5 d\u00e0ng.<\/span><\/li>\n<\/ul>\n<p style=\"text-align: justify;\"><span style=\"font-weight: 400;\">H\u00e3y li\u00ean h\u1ec7 ngay v\u1edbi <\/span><b>Nh\u1ea5t Nam<\/b><span style=\"font-weight: 400;\"> \u0111\u1ec3 \u0111\u01b0\u1ee3c t\u01b0 v\u1ea5n chi ti\u1ebft v\u1ec1 c\u00e1c m\u1eabu t\u1ee7 qu\u1ea7n \u00e1o v\u00e1n \u00e9p v\u00e0 nh\u1eadn b\u00e1o gi\u00e1 t\u1ed1t nh\u1ea5t.<\/span><\/p>\n","protected":false},"excerpt":{"rendered":"<p style=\"text-align: justify;\"><span style=\"font-weight: 400;\">B\u1ea1n \u0111ang t\u00ecm ki\u1ebfm m\u1ed9t chi\u1ebfc t\u1ee7 qu\u1ea7n \u00e1o g\u1ed7 \u00e9p v\u1eeba \u0111\u1eb9p m\u1eaft, v\u1eeba b\u1ec1n b\u1ec9 cho kh\u00f4ng gian s\u1ed1ng c\u1ee7a m\u00ecnh? T\u1ee7 qu\u1ea7n \u00e1o g\u1ed7 \u00e9p ph\u1ee7 Acrylic ch\u00ednh l\u00e0 l\u1ef1a ch\u1ecdn l\u00fd t\u01b0\u1edfng. V\u1edbi l\u1edbp ph\u1ee7 b\u00f3ng g\u01b0\u01a1ng sang tr\u1ecdng, kh\u1ea3 n\u0103ng ch\u1ed1ng \u1ea9m m\u1ed1c tuy\u1ec7t v\u1eddi v\u00e0 \u0111a d\u1ea1ng ki\u1ec3u d\u00e1ng, t\u1ee7 qu\u1ea7n \u00e1o g\u1ed7 \u00e9p s\u1ebd mang \u0111\u1ebfn cho ph\u00f2ng ng\u1ee7 c\u1ee7a b\u1ea1n kh\u00f4ng ch\u1ec9 s\u1ef1 g\u1ecdn g\u00e0ng m\u00e0 c\u00f2n l\u00e0 \u0111i\u1ec3m nh\u1ea5n th\u1ea9m m\u1ef9. T\u1ee7 g\u1ed7 \u00e9p c\u00f4ng nghi\u1ec7p ng\u00e0y c\u00e0ng \u0111\u01b0\u1ee3c \u01b0a chu\u1ed9ng nh\u1edd v\u00e0o \u0111\u1ed9 b\u1ec1n v\u00e0 t\u00ednh n\u0103ng v\u01b0\u1ee3t tr\u1ed9i.\u00a0<\/span><\/p>\n","protected":false},"featured_media":1662,"comment_status":"open","ping_status":"closed","template":"","meta":{"_acf_changed":false,"_gspb_post_css":""},"book-author":[],"product_brand":[],"product_cat":[104,126,107],"product_tag":[],"class_list":{"0":"post-1663","1":"product","2":"type-product","3":"status-publish","4":"has-post-thumbnail","6":"product_cat-noi-that-phong-ngu","7":"product_cat-tu-ao-go-an-cuong","8":"product_cat-tu-quan-ao-go-mdf","10":"first","11":"instock","12":"shipping-taxable","13":"product-type-simple"},"acf":[],"_links":{"self":[{"href":"https:\/\/nhatnam.libion.me\/index.php\/wp-json\/wp\/v2\/product\/1663","targetHints":{"allow":["GET"]}}],"collection":[{"href":"https:\/\/nhatnam.libion.me\/index.php\/wp-json\/wp\/v2\/product"}],"about":[{"href":"https:\/\/nhatnam.libion.me\/index.php\/wp-json\/wp\/v2\/types\/product"}],"replies":[{"embeddable":true,"href":"https:\/\/nhatnam.libion.me\/index.php\/wp-json\/wp\/v2\/comments?post=1663"}],"wp:featuredmedia":[{"embeddable":true,"href":"https:\/\/nhatnam.libion.me\/index.php\/wp-json\/wp\/v2\/media\/1662"}],"wp:attachment":[{"href":"https:\/\/nhatnam.libion.me\/index.php\/wp-json\/wp\/v2\/media?parent=1663"}],"wp:term":[{"taxonomy":"book-author","embeddable":true,"href":"https:\/\/nhatnam.libion.me\/index.php\/wp-json\/wp\/v2\/book-author?post=1663"},{"taxonomy":"product_brand","embeddable":true,"href":"https:\/\/nhatnam.libion.me\/index.php\/wp-json\/wp\/v2\/product_brand?post=1663"},{"taxonomy":"product_cat","embeddable":true,"href":"https:\/\/nhatnam.libion.me\/index.php\/wp-json\/wp\/v2\/product_cat?post=1663"},{"taxonomy":"product_tag","embeddable":true,"href":"https:\/\/nhatnam.libion.me\/index.php\/wp-json\/wp\/v2\/product_tag?post=1663"}],"curies":[{"name":"wp","href":"https:\/\/api.w.org\/{rel}","templated":true}]}}