{"id":1622,"date":"2026-04-07T10:19:23","date_gmt":"2026-04-07T10:19:23","guid":{"rendered":"https:\/\/nhatnam.libion.me\/index.php\/product\/tu-quan-ao-inox-canh-kinh\/"},"modified":"2026-04-07T10:19:23","modified_gmt":"2026-04-07T10:19:23","slug":"tu-quan-ao-inox-canh-kinh","status":"publish","type":"product","link":"https:\/\/nhatnam.libion.me\/index.php\/product\/tu-quan-ao-inox-canh-kinh\/","title":{"rendered":"\u00a0T\u1ee7 Qu\u1ea7n \u00c1o Inox C\u00e1nh K\u00ednh"},"content":{"rendered":"<p style=\"text-align: justify;\">T\u1ee7 qu\u1ea7n \u00e1o Inox c\u00e1nh k\u00ednh l\u00e0 s\u1ea3n ph\u1ea9m n\u1ed9i th\u1ea5t cao c\u1ea5p \u0111ang tr\u1edf th\u00e0nh l\u1ef1a ch\u1ecdn ph\u1ed5 bi\u1ebfn trong thi\u1ebft k\u1ebf n\u1ed9i th\u1ea5t hi\u1ec7n \u0111\u1ea1i nh\u1edd v\u00e0o s\u1ef1 b\u1ec1n b\u1ec9, t\u00ednh th\u1ea9m m\u1ef9 v\u00e0 kh\u1ea3 n\u0103ng ch\u1ed1ng \u0103n m\u00f2n v\u01b0\u1ee3t tr\u1ed9i. V\u1edbi thi\u1ebft k\u1ebf \u0111\u01a1n gi\u1ea3n nh\u01b0ng tinh t\u1ebf, t\u1ee7 qu\u1ea7n \u00e1o Inox kh\u00f4ng ch\u1ec9 mang \u0111\u1ebfn kh\u00f4ng gian l\u01b0u tr\u1eef hi\u1ec7u qu\u1ea3 m\u00e0 c\u00f2n g\u00f3p ph\u1ea7n n\u00e2ng t\u1ea7m v\u1ebb \u0111\u1eb9p cho c\u0103n ph\u00f2ng c\u1ee7a b\u1ea1n.<\/p>\n<p style=\"text-align: justify;\">Trong b\u00e0i vi\u1ebft n\u00e0y, ch\u00fang ta s\u1ebd c\u00f9ng t\u00ecm hi\u1ec3u v\u1ec1 c\u00e1c lo\u1ea1i t\u1ee7 qu\u1ea7n \u00e1o Inox, \u0111\u1eb7c bi\u1ec7t l\u00e0 t\u1ee7 qu\u1ea7n \u00e1o Inox c\u00e1nh k\u00ednh, c\u00e1c \u01b0u \u0111i\u1ec3m n\u1ed5i b\u1eadt, c\u00e1ch ch\u1ecdn mua t\u1ee7 qu\u1ea7n \u00e1o Inox ph\u00f9 h\u1ee3p v\u00e0 \u0111\u1ecba ch\u1ec9 uy t\u00edn \u0111\u1ec3 b\u1ea1n c\u00f3 th\u1ec3 l\u1ef1a ch\u1ecdn \u0111\u01b0\u1ee3c s\u1ea3n ph\u1ea9m ch\u1ea5t l\u01b0\u1ee3ng.<\/p>\n<h2 style=\"text-align: justify;\"><b>1. Gi\u1edbi thi\u1ec7u v\u1ec1 t\u1ee7 qu\u1ea7n \u00e1o Inox c\u00e1nh k\u00ednh<br \/>\n<\/b><\/h2>\n<figure id=\"attachment_5664\" aria-describedby=\"caption-attachment-5664\" style=\"width: 736px\" class=\"wp-caption aligncenter\"><img loading=\"lazy\" decoding=\"async\" class=\"wp-image-5664 size-full\" src=\"https:\/\/nhatnam.org\/wp-content\/uploads\/2025\/03\/tu_quan_ao_inox-_canh_kinh_Nhat_Nam09.jpg\" alt=\" \u00a0T\u1ee7 Qu\u1ea7n \u00c1o Inox C\u00e1nh K\u00ednh\" width=\"736\" height=\"981\" \/><figcaption id=\"caption-attachment-5664\" class=\"wp-caption-text\">M\u1eabu t\u1ee7 qu\u1ea7n \u00e1o Inox c\u00e1nh k\u00ednh g\u00f3c ch\u1eef L<\/figcaption><\/figure>\n<p style=\"text-align: justify;\">T\u1ee7 qu\u1ea7n \u00e1o Inox c\u00e1nh k\u00ednh l\u00e0 d\u00f2ng s\u1ea3n ph\u1ea9m n\u1ed9i th\u1ea5t cao c\u1ea5p k\u1ebft h\u1ee3p gi\u1eefa ch\u1ea5t li\u1ec7u Inox 304 b\u1ec1n b\u1ec9 v\u00e0 c\u00e1nh k\u00ednh c\u01b0\u1eddng l\u1ef1c, t\u1ea1o n\u00ean m\u1ed9t s\u1ea3n ph\u1ea9m n\u1ed9i th\u1ea5t b\u1ec1n b\u1ec9, sang tr\u1ecdng v\u00e0 hi\u1ec7n \u0111\u1ea1i. \u0110\u00e2y l\u00e0 s\u1ef1 l\u1ef1a ch\u1ecdn thay th\u1ebf ho\u00e0n h\u1ea3o cho t\u1ee7 g\u1ed7 truy\u1ec1n th\u1ed1ng nh\u1edd v\u00e0o \u0111\u1ed9 b\u1ec1n cao, ch\u1ed1ng \u1ea9m m\u1ed1c, ch\u1ed1ng m\u1ed1i m\u1ecdt v\u00e0 ch\u1ecbu l\u1ef1c t\u1ed1t.. C\u00e1c t\u1ee7 qu\u1ea7n \u00e1o Inox th\u01b0\u1eddng \u0111\u01b0\u1ee3c s\u1eed d\u1ee5ng trong c\u00e1c gia \u0111\u00ecnh hi\u1ec7n \u0111\u1ea1i, v\u0103n ph\u00f2ng, kh\u00e1ch s\u1ea1n hay c\u00e1c khu v\u1ef1c y\u00eau c\u1ea7u ti\u00eau chu\u1ea9n v\u1ec7 sinh cao nh\u01b0 b\u1ec7nh vi\u1ec7n, ph\u00f2ng th\u00ed nghi\u1ec7m., v\u1edbi thi\u1ebft k\u1ebf g\u1ecdn nh\u1eb9 nh\u01b0ng v\u1eabn \u0111\u00e1p \u1ee9ng \u0111\u1ea7y \u0111\u1ee7 nhu c\u1ea7u l\u01b0u tr\u1eef.<\/p>\n<p style=\"text-align: justify;\">T\u1ee7 qu\u1ea7n \u00e1o Inox c\u00e1nh k\u00ednh<span style=\"font-weight: 400;\"> c\u00f3 nhi\u1ec1u \u01b0u \u0111i\u1ec3m v\u01b0\u1ee3t tr\u1ed9i so v\u1edbi c\u00e1c lo\u1ea1i t\u1ee7 g\u1ed7 hay t\u1ee7 nh\u1ef1a truy\u1ec1n th\u1ed1ng. V\u1edbi m\u1eabu t\u1ee7 \u0111\u01b0\u1ee3c l\u00e0m t\u1eeb c\u00e1nh k\u00ednh c\u01b0\u1eddng l\u1ef1c trong su\u1ed1t gi\u00fap ng\u01b0\u1eddi d\u00f9ng d\u1ec5 d\u00e0ng nh\u00ecn th\u1ea5y v\u00e0 ch\u1ecdn l\u1ef1a qu\u1ea7n \u00e1o m\u00e0 kh\u00f4ng c\u1ea7n m\u1edf c\u1eeda t\u1ee7. H\u01a1n th\u1ebf n\u1eefa, ch\u1ea5t li\u1ec7u Inox v\u00e0 k\u00ednh gi\u00fap vi\u1ec7c v\u1ec7 sinh tr\u1edf n\u00ean \u0111\u01a1n gi\u1ea3n, gi\u1eef cho t\u1ee7 lu\u00f4n s\u1ea1ch s\u1ebd v\u00e0 s\u00e1ng b\u00f3ng theo th\u1eddi gian.<\/span><\/p>\n<h2 style=\"text-align: justify;\"><b>2. \u01afu \u0111i\u1ec3m c\u1ee7a t\u1ee7 qu\u1ea7n \u00e1o Inox c\u00e1nh k\u00ednh<\/b><\/h2>\n<figure id=\"attachment_5663\" aria-describedby=\"caption-attachment-5663\" style=\"width: 736px\" class=\"wp-caption aligncenter\"><img loading=\"lazy\" decoding=\"async\" class=\"wp-image-5663\" src=\"https:\/\/nhatnam.org\/wp-content\/uploads\/2025\/03\/tu_quan_ao_inox-_canh_kinh_Nhat_Nam08-242x300.jpg\" alt=\"\u00a0T\u1ee7 Qu\u1ea7n \u00c1o Inox C\u00e1nh K\u00ednh\" width=\"736\" height=\"912\" \/><figcaption id=\"caption-attachment-5663\" class=\"wp-caption-text\">M\u1eabu t\u1ee7 Inox \u0111\u1ef1ng qu\u1ea7n \u00e1o thi\u1ebft k\u1ebf t\u1ed1i gi\u1ea3n, sang tr\u1ecdng<\/figcaption><\/figure>\n<p style=\"text-align: justify;\"><strong>\u0110\u1ed9 b\u1ec1n\u00a0<\/strong><\/p>\n<p style=\"text-align: justify;\"><span style=\"font-weight: 400;\">T\u1ee7 qu\u1ea7n \u00e1o Inox c\u00e1nh k\u00ednh \u0111\u01b0\u1ee3c l\u00e0m t\u1eeb Inox 304 cao c\u1ea5p, c\u00f3 kh\u1ea3 n\u0103ng ch\u1ed1ng g\u1ec9 s\u00e9t, kh\u00f4ng b\u1ecb m\u1ed1i m\u1ecdt hay cong v\u00eanh nh\u01b0 t\u1ee7 g\u1ed7. Nh\u1edd \u0111\u00f3, s\u1ea3n ph\u1ea9m c\u00f3 tu\u1ed5i th\u1ecd cao, s\u1eed d\u1ee5ng b\u1ec1n b\u1ec9 trong nhi\u1ec1u n\u0103m m\u00e0 kh\u00f4ng b\u1ecb xu\u1ed1ng c\u1ea5p.<\/span><\/p>\n<p style=\"text-align: justify;\"><strong>Ch\u1ed1ng \u1ea9m m\u1ed1c, kh\u00e1ng n\u01b0\u1edbc tuy\u1ec7t \u0111\u1ed1i<\/strong><\/p>\n<p style=\"text-align: justify;\"><span style=\"font-weight: 400;\">Ch\u1ea5t li\u1ec7u Inox c\u00f3 kh\u1ea3 n\u0103ng ch\u1ed1ng th\u1ea5m n\u01b0\u1edbc l\u00ean \u0111\u1ebfn 99% gi\u00fap b\u1ea3o v\u1ec7 qu\u1ea7n \u00e1o kh\u1ecfi t\u00ecnh tr\u1ea1ng \u1ea9m m\u1ed1c hay h\u01b0 h\u1ea1i do m\u00f4i tr\u01b0\u1eddng c\u00f3 \u0111\u1ed9 \u1ea9m cao. \u0110i\u1ec1u n\u00e0y khi\u1ebfn t\u1ee7 Inox c\u00e1nh k\u00ednh tr\u1edf th\u00e0nh l\u1ef1a ch\u1ecdn l\u00fd t\u01b0\u1edfng cho c\u00e1c khu v\u1ef1c th\u01b0\u1eddng xuy\u00ean ti\u1ebfp x\u00fac v\u1edbi h\u01a1i \u1ea9m nh\u01b0 chung c\u01b0, nh\u00e0 ph\u1ed1 hay khu v\u1ef1c ven bi\u1ec3n.<\/span><\/p>\n<p style=\"text-align: justify;\"><strong>C\u00e1nh k\u00ednh hi\u1ec7n \u0111\u1ea1i, sang tr\u1ecdng<\/strong><\/p>\n<p style=\"text-align: justify;\"><span style=\"font-weight: 400;\">T\u1ee7 qu\u1ea7n \u00e1o c\u00e1nh k\u00ednh kh\u00f4ng ch\u1ec9 gi\u00fap kh\u00f4ng gian th\u00eam ph\u1ea7n sang tr\u1ecdng m\u00e0 c\u00f2n mang l\u1ea1i s\u1ef1 ti\u1ec7n l\u1ee3i. C\u00e1nh k\u00ednh trong su\u1ed1t gi\u00fap ng\u01b0\u1eddi d\u00f9ng d\u1ec5 d\u00e0ng quan s\u00e1t v\u00e0 l\u1ef1a ch\u1ecdn qu\u1ea7n \u00e1o b\u00ean trong m\u00e0 kh\u00f4ng c\u1ea7n m\u1edf c\u1eeda t\u1ee7, t\u1ea1o s\u1ef1 ti\u1ec7n nghi v\u00e0 hi\u1ec7n \u0111\u1ea1i cho kh\u00f4ng gian s\u1ed1ng.<\/span><\/p>\n<p style=\"text-align: justify;\"><strong>D\u1ec5 d\u00e0ng v\u1ec7 sinh, b\u1ea3o tr\u00ec<\/strong><\/p>\n<p style=\"text-align: justify;\"><span style=\"font-weight: 400;\">B\u1ec1 m\u1eb7t Inox \u00edt b\u00e1m b\u1ee5i, kh\u00f4ng b\u00e1m d\u1ea5u v\u00e2n tay v\u00e0 d\u1ec5 lau ch\u00f9i. C\u00e1nh k\u00ednh c\u01b0\u1eddng l\u1ef1c c\u0169ng gi\u00fap vi\u1ec7c v\u1ec7 sinh tr\u1edf n\u00ean \u0111\u01a1n gi\u1ea3n h\u01a1n, ti\u1ebft ki\u1ec7m th\u1eddi gian b\u1ea3o d\u01b0\u1ee1ng.<\/span><\/p>\n<p style=\"text-align: justify;\"><strong>Kh\u1ea3 n\u0103ng ch\u1ecbu l\u1ef1c, ch\u1ecbu nhi\u1ec7t t\u1ed1t<\/strong><\/p>\n<p style=\"text-align: justify;\"><span style=\"font-weight: 400;\">T\u1ee7 Inox c\u00e1nh k\u00ednh c\u00f3 kh\u1ea3 n\u0103ng ch\u1ecbu l\u1ef1c cao, kh\u00f4ng b\u1ecb m\u00f3p m\u00e9o hay bi\u1ebfn d\u1ea1ng khi s\u1eed d\u1ee5ng trong th\u1eddi gian d\u00e0i. Ngo\u00e0i ra, Inox 304 c\u00f2n c\u00f3 kh\u1ea3 n\u0103ng ch\u1ecbu nhi\u1ec7t l\u00ean \u0111\u1ebfn 870\u00b0C, gi\u00fap t\u1ee7 kh\u00f4ng b\u1ecb \u1ea3nh h\u01b0\u1edfng khi \u0111\u1eb7t g\u1ea7n c\u00e1c thi\u1ebft b\u1ecb t\u1ecfa nhi\u1ec7t nh\u01b0 m\u00e1y s\u1ea5y, b\u00e0n \u1ee7i.<\/span><\/p>\n<p style=\"text-align: justify;\"><strong>Thi\u1ebft k\u1ebf \u0111a d\u1ea1ng, ph\u00f9 h\u1ee3p nhi\u1ec1u phong c\u00e1ch<\/strong><\/p>\n<p style=\"text-align: justify;\"><span style=\"font-weight: 400;\">T\u1ee7 qu\u1ea7n \u00e1o Inox c\u00e1nh k\u00ednh c\u00f3 nhi\u1ec1u m\u1eabu m\u00e3, ki\u1ec3u d\u00e1ng nh\u01b0 t\u1ee7 c\u00e1nh l\u00f9a, c\u00e1nh m\u1edf, c\u00e1nh k\u00ednh b\u1ecdc khung nh\u00f4m ho\u1eb7c khung Inox. Nh\u1edd \u0111\u00f3, kh\u00e1ch h\u00e0ng c\u00f3 th\u1ec3 l\u1ef1a ch\u1ecdn m\u1eabu ph\u00f9 h\u1ee3p v\u1edbi phong c\u00e1ch n\u1ed9i th\u1ea5t c\u1ee7a m\u00ecnh, t\u1eeb hi\u1ec7n \u0111\u1ea1i \u0111\u1ebfn t\u1ed1i gi\u1ea3n hay cao c\u1ea5p.<\/span><\/p>\n<p style=\"text-align: justify;\"><strong>An to\u00e0n s\u1ee9c kh\u1ecfe<\/strong><\/p>\n<p style=\"text-align: justify;\"><span style=\"font-weight: 400;\">Inox l\u00e0 ch\u1ea5t li\u1ec7u an to\u00e0n, kh\u00f4ng ch\u1ee9a h\u00f3a ch\u1ea5t \u0111\u1ed9c h\u1ea1i, kh\u00f4ng sinh ra kh\u00ed formaldehyde nh\u01b0 m\u1ed9t s\u1ed1 lo\u1ea1i g\u1ed7 c\u00f4ng nghi\u1ec7p. \u0110i\u1ec1u n\u00e0y gi\u00fap b\u1ea3o v\u1ec7 s\u1ee9c kh\u1ecfe ng\u01b0\u1eddi d\u00f9ng, \u0111\u1eb7c bi\u1ec7t l\u00e0 gia \u0111\u00ecnh c\u00f3 tr\u1ebb nh\u1ecf ho\u1eb7c ng\u01b0\u1eddi nh\u1ea1y c\u1ea3m v\u1edbi h\u00f3a ch\u1ea5t.<\/span><\/p>\n<p style=\"text-align: justify;\"><strong>Gi\u00e1 tr\u1ecb s\u1eed d\u1ee5ng l\u00e2u d\u00e0i, ti\u1ebft ki\u1ec7m chi ph\u00ed<\/strong><\/p>\n<p style=\"text-align: justify;\"><span style=\"font-weight: 400;\">M\u1eb7c d\u00f9 chi ph\u00ed \u0111\u1ea7u t\u01b0 ban \u0111\u1ea7u c\u00f3 th\u1ec3 cao h\u01a1n m\u1ed9t s\u1ed1 lo\u1ea1i t\u1ee7 kh\u00e1c, nh\u01b0ng nh\u1edd \u0111\u1ed9 b\u1ec1n v\u01b0\u1ee3t tr\u1ed9i v\u00e0 \u00edt h\u01b0 h\u1ecfng, t\u1ee7 qu\u1ea7n \u00e1o Inox c\u00e1nh k\u00ednh gi\u00fap ti\u1ebft ki\u1ec7m chi ph\u00ed s\u1eeda ch\u1eefa v\u00e0 thay th\u1ebf trong th\u1eddi gian d\u00e0i. \u0110\u00e2y l\u00e0 l\u1ef1a ch\u1ecdn kinh t\u1ebf, t\u1ed1i \u01b0u cho nh\u1eefng ai mu\u1ed1n \u0111\u1ea7u t\u01b0 n\u1ed9i th\u1ea5t b\u1ec1n v\u1eefng.<\/span><\/p>\n<p style=\"text-align: justify;\"><span style=\"font-weight: 400;\">V\u1edbi nh\u1eefng \u01b0u \u0111i\u1ec3m v\u01b0\u1ee3t tr\u1ed9i tr\u00ean, t\u1ee7 qu\u1ea7n \u00e1o Inox c\u00e1nh k\u00ednh kh\u00f4ng ch\u1ec9 mang l\u1ea1i s\u1ef1 ti\u1ec7n nghi m\u00e0 c\u00f2n n\u00e2ng t\u1ea7m kh\u00f4ng gian s\u1ed1ng, ph\u00f9 h\u1ee3p v\u1edbi xu h\u01b0\u1edbng n\u1ed9i th\u1ea5t hi\u1ec7n \u0111\u1ea1i.<\/span><\/p>\n<h2 style=\"text-align: justify;\"><b>3 L\u01b0u \u00fd khi ch\u1ecdn mua t\u1ee7 qu\u1ea7n \u00e1o Inox c\u00e1nh k\u00ednh<\/b><\/h2>\n<figure id=\"attachment_5662\" aria-describedby=\"caption-attachment-5662\" style=\"width: 736px\" class=\"wp-caption aligncenter\"><img loading=\"lazy\" decoding=\"async\" class=\"wp-image-5662 size-full\" src=\"https:\/\/nhatnam.org\/wp-content\/uploads\/2025\/03\/tu_quan_ao_inox-_canh_kinh_Nhat_Nam07.jpg\" alt=\"\u00a0T\u1ee7 Qu\u1ea7n \u00c1o Inox C\u00e1nh K\u00ednh\" width=\"736\" height=\"736\" \/><figcaption id=\"caption-attachment-5662\" class=\"wp-caption-text\">M\u1eabu t\u1ee7 qu\u1ea7n \u00e1o khung Inox k\u1ebft h\u1ee3p \u0111\u00e8n LED<\/figcaption><\/figure>\n<p style=\"text-align: justify;\"><b>K\u00edch th\u01b0\u1edbc v\u00e0 kh\u00f4ng gian l\u1eafp \u0111\u1eb7t:<\/b><span style=\"font-weight: 400;\"> Tr\u01b0\u1edbc khi quy\u1ebft \u0111\u1ecbnh ch\u1ecdn mua <\/span>t\u1ee7 qu\u1ea7n \u00e1o Inox<span style=\"font-weight: 400;\">, b\u1ea1n c\u1ea7n x\u00e1c \u0111\u1ecbnh k\u00edch th\u01b0\u1edbc t\u1ee7 sao cho ph\u00f9 h\u1ee3p v\u1edbi kh\u00f4ng gian ph\u00f2ng ng\u1ee7 ho\u1eb7c ph\u00f2ng thay \u0111\u1ed3 c\u1ee7a m\u00ecnh. H\u00e3y \u0111o \u0111\u1ea1c c\u1ea9n th\u1eadn chi\u1ec1u cao, chi\u1ec1u r\u1ed9ng v\u00e0 chi\u1ec1u s\u00e2u c\u1ee7a khu v\u1ef1c b\u1ea1n mu\u1ed1n \u0111\u1eb7t t\u1ee7 \u0111\u1ec3 \u0111\u1ea3m b\u1ea3o kh\u00f4ng gian kh\u00f4ng b\u1ecb ch\u1eadt ch\u1ed9i.<\/span><\/p>\n<p style=\"text-align: justify;\"><b>Ch\u1ea5t l\u01b0\u1ee3ng Inox v\u00e0 c\u00e1nh k\u00ednh<\/b>: C\u00e1c t\u1ee7 Inox qu\u1ea7n \u00e1o<span style=\"font-weight: 400;\"> ch\u1ea5t l\u01b0\u1ee3ng th\u01b0\u1eddng s\u1eed d\u1ee5ng Inox 304, m\u1ed9t lo\u1ea1i Inox kh\u00f4ng b\u1ecb g\u1ec9 s\u00e9t v\u00e0 c\u00f3 kh\u1ea3 n\u0103ng ch\u1ed1ng \u0103n m\u00f2n cao. B\u1ea1n c\u0169ng c\u1ea7n ch\u00fa \u00fd \u0111\u1ebfn \u0111\u1ed9 d\u00e0y c\u1ee7a c\u00e1nh k\u00ednh, ch\u1ecdn lo\u1ea1i k\u00ednh c\u01b0\u1eddng l\u1ef1c \u0111\u1ec3 \u0111\u1ea3m b\u1ea3o an to\u00e0n trong su\u1ed1t qu\u00e1 tr\u00ecnh s\u1eed d\u1ee5ng.<\/span><\/p>\n<p style=\"text-align: justify;\"><b>Phong c\u00e1ch thi\u1ebft k\u1ebf:<\/b><span style=\"font-weight: 400;\"> T\u1ee7 Inox c\u00f3 nhi\u1ec1u phong c\u00e1ch kh\u00e1c nhau, t\u1eeb thi\u1ebft k\u1ebf \u0111\u01a1n gi\u1ea3n, thanh l\u1ecbch \u0111\u1ebfn nh\u1eefng m\u1eabu t\u1ee7 sang tr\u1ecdng, n\u1ed5i b\u1eadt. B\u1ea1n c\u00f3 th\u1ec3 ch\u1ecdn t\u1ee7 Inox c\u00e1nh k\u00ednh \u0111\u1ec3 t\u1ea1o \u0111i\u1ec3m nh\u1ea5n cho kh\u00f4ng gian, ho\u1eb7c l\u1ef1a ch\u1ecdn nh\u1eefng m\u1eabu t\u1ee7 c\u00f3 thi\u1ebft k\u1ebf tinh t\u1ebf \u0111\u1ec3 ph\u00f9 h\u1ee3p v\u1edbi kh\u00f4ng gian s\u1ed1ng hi\u1ec7n \u0111\u1ea1i.<\/span><\/p>\n<p style=\"text-align: justify;\"><b>N\u00ean l\u1ef1a ch\u1ecdn \u0111\u01a1n v\u1ecb thi c\u00f4ng uy t\u00edn c\u00f3 x\u01b0\u1edfng s\u1ea3n xu\u1ea5t ri\u00eang<\/b><span style=\"font-weight: 400;\">: Vi\u1ec7c h\u1ee3p t\u00e1c v\u1edbi nh\u00e0 cung c\u1ea5p c\u00f3 n\u0103ng l\u1ef1c s\u1ea3n xu\u1ea5t \u0111\u1ed9c l\u1eadp s\u1ebd gi\u00fap \u0111\u1ea3m b\u1ea3o ch\u1ea5t l\u01b0\u1ee3ng s\u1ea3n ph\u1ea9m v\u00e0 nh\u1eadn \u0111\u01b0\u1ee3c d\u1ecbch v\u1ee5 h\u1eadu m\u00e3i chu \u0111\u00e1o. \u0110i\u1ec1u n\u00e0y gi\u00fap b\u1ea1n an t\u00e2m h\u01a1n trong qu\u00e1 tr\u00ecnh s\u1eed d\u1ee5ng t\u1ee7 qu\u1ea7n \u00e1o Inox, \u0111\u1ed3ng th\u1eddi d\u1ec5 d\u00e0ng b\u1ea3o tr\u00ec, s\u1eeda ch\u1eefa khi c\u1ea7n thi\u1ebft.<\/span><\/p>\n<p style=\"text-align: justify;\"><b>Xem x\u00e9t m\u1ee9c gi\u00e1 t\u1ee7 Inox \u0111\u1ef1ng qu\u1ea7n \u00e1o ph\u00f9 h\u1ee3p<\/b><span style=\"font-weight: 400;\">: so v\u1edbi m\u1ed9t s\u1ed1 lo\u1ea1i t\u1ee7 c\u00f3 ch\u1ee9c n\u0103ng t\u01b0\u01a1ng \u0111\u01b0\u01a1ng, t\u1ee7 Inox treo qu\u1ea7n \u00e1o th\u01b0\u1eddng c\u00f3 gi\u00e1 th\u00e0nh cao h\u01a1n. V\u00ec v\u1eady, b\u1ea1n n\u00ean tham kh\u1ea3o v\u00e0 so s\u00e1nh gi\u00e1 gi\u1eefa c\u00e1c \u0111\u01a1n v\u1ecb cung c\u1ea5p \u0111\u1ec3 c\u00f3 l\u1ef1a ch\u1ecdn t\u1ed1i \u01b0u. Ngo\u00e0i ra, c\u00f3 th\u1ec3 c\u00e2n nh\u1eafc c\u00e1c d\u00f2ng t\u1ee7 c\u00f3 \u0111\u1eb7c t\u00ednh t\u01b0\u01a1ng t\u1ef1 nh\u01b0ng chi ph\u00ed h\u1ee3p l\u00fd h\u01a1n nh\u01b0 t\u1ee7 c\u00e1nh k\u00ednh, t\u1ee7 h\u1ee3p kim\u2026<\/span><\/p>\n<h2 style=\"text-align: justify;\"><b>4. Top m\u1eabu t\u1ee7 qu\u1ea7n \u00e1o Inox c\u00e1nh k\u00ednh \u0111\u1eb9p v\u00e0 ch\u1ea5t l\u01b0\u1ee3ng<\/b><\/h2>\n<figure id=\"attachment_5661\" aria-describedby=\"caption-attachment-5661\" style=\"width: 736px\" class=\"wp-caption aligncenter\"><img loading=\"lazy\" decoding=\"async\" class=\"wp-image-5661 size-full\" src=\"https:\/\/nhatnam.org\/wp-content\/uploads\/2025\/03\/tu_quan_ao_inox-_canh_kinh_Nhat_Nam06.jpg\" alt=\"\u00a0T\u1ee7 Qu\u1ea7n \u00c1o Inox C\u00e1nh K\u00ednh\" width=\"736\" height=\"628\" \/><figcaption id=\"caption-attachment-5661\" class=\"wp-caption-text\">T\u1ee7 qu\u1ea7n \u00e1o inox c\u00e1nh k\u00ednh thi\u1ebft k\u1ebf sang tr\u1ecdng b\u1ec1n b\u1ec9 theo th\u1eddi gian<\/figcaption><\/figure>\n<figure id=\"attachment_5659\" aria-describedby=\"caption-attachment-5659\" style=\"width: 736px\" class=\"wp-caption aligncenter\"><img loading=\"lazy\" decoding=\"async\" class=\"wp-image-5659 size-full\" src=\"https:\/\/nhatnam.org\/wp-content\/uploads\/2025\/03\/tu_quan_ao_inox-_canh_kinh_Nhat_Nam04.jpg\" alt=\"\u00a0T\u1ee7 Qu\u1ea7n \u00c1o Inox C\u00e1nh K\u00ednh\" width=\"736\" height=\"726\" \/><figcaption id=\"caption-attachment-5659\" class=\"wp-caption-text\">T\u1ee7 inox \u0111\u1ef1ng qu\u1ea7n \u00e1o c\u00e1nh k\u00ednh ki\u1ec3u d\u00e1ng hi\u1ec7n \u0111\u1ea1i<\/figcaption><\/figure>\n<figure id=\"attachment_5658\" aria-describedby=\"caption-attachment-5658\" style=\"width: 736px\" class=\"wp-caption aligncenter\"><img loading=\"lazy\" decoding=\"async\" class=\"wp-image-5658 size-full\" src=\"https:\/\/nhatnam.org\/wp-content\/uploads\/2025\/03\/tu_quan_ao_inox-_canh_kinh_Nhat_Nam03.jpg\" alt=\"\u00a0T\u1ee7 Qu\u1ea7n \u00c1o Inox C\u00e1nh K\u00ednh\" width=\"736\" height=\"920\" \/><figcaption id=\"caption-attachment-5658\" class=\"wp-caption-text\">M\u1eabu t\u1ee7 qu\u1ea7n \u00e1o Inox ch\u1eef U \u0111\u1eb9p, hi\u1ec7n \u0111\u1ea1i<\/figcaption><\/figure>\n<figure id=\"attachment_5657\" aria-describedby=\"caption-attachment-5657\" style=\"width: 736px\" class=\"wp-caption aligncenter\"><img loading=\"lazy\" decoding=\"async\" class=\"wp-image-5657 size-full\" src=\"https:\/\/nhatnam.org\/wp-content\/uploads\/2025\/03\/tu_quan_ao_inox-_canh_kinh_Nhat_Nam02.jpg\" alt=\"\u00a0T\u1ee7 Qu\u1ea7n \u00c1o Inox C\u00e1nh K\u00ednh\" width=\"736\" height=\"880\" \/><figcaption id=\"caption-attachment-5657\" class=\"wp-caption-text\">T\u1ee7 treo qu\u1ea7n \u00e1o b\u1eb1ng inox c\u00e1nh k\u00ednh ti\u1ebft ki\u1ec7m di\u1ec7n t\u00edch<\/figcaption><\/figure>\n<figure id=\"attachment_5656\" aria-describedby=\"caption-attachment-5656\" style=\"width: 736px\" class=\"wp-caption aligncenter\"><img loading=\"lazy\" decoding=\"async\" class=\"wp-image-5656 size-full\" src=\"https:\/\/nhatnam.org\/wp-content\/uploads\/2025\/03\/tu_quan_ao_inox-_canh_kinh_Nhat_Nam01.jpg\" alt=\"\u00a0T\u1ee7 Qu\u1ea7n \u00c1o Inox C\u00e1nh K\u00ednh\" width=\"736\" height=\"879\" \/><figcaption id=\"caption-attachment-5656\" class=\"wp-caption-text\">T\u1ee7 qu\u1ea7n \u00e1o inox gi\u00e1 r\u1ebb thi\u1ebft k\u1ebf c\u00e1nh k\u00ednh hi\u1ec7n \u0111\u1ea1i ph\u00f9 h\u1ee3p m\u1ecdi kh\u00f4ng gian<\/figcaption><\/figure>\n<h2 style=\"text-align: justify;\"><b>5. Gi\u00e1 t\u1ee7 Inox \u0111\u1ef1ng qu\u1ea7n \u00e1o\u00a0<\/b><\/h2>\n<p style=\"text-align: justify;\"><span style=\"font-weight: 400;\">Gi\u00e1 t\u1ee7 Inox \u0111\u1ef1ng qu\u1ea7n \u00e1o Inox c\u00f3 s\u1ef1 ch\u00eanh l\u1ec7ch t\u00f9y thu\u1ed9c v\u00e0o k\u00edch th\u01b0\u1edbc, ki\u1ec3u d\u00e1ng, ch\u1ea5t li\u1ec7u khung v\u00e0 lo\u1ea1i c\u00e1nh t\u1ee7. C\u00e1c m\u1eabu t\u1ee7 s\u1eed d\u1ee5ng Inox 304 cao c\u1ea5p th\u01b0\u1eddng c\u00f3 m\u1ee9c gi\u00e1 cao h\u01a1n nh\u01b0ng \u0111\u1ea3m b\u1ea3o \u0111\u1ed9 b\u1ec1n v\u01b0\u1ee3t tr\u1ed9i, kh\u1ea3 n\u0103ng ch\u1ed1ng g\u1ec9 s\u00e9t v\u00e0 ch\u1ecbu l\u1ef1c t\u1ed1t.\u00a0<\/span><\/p>\n<p style=\"text-align: justify;\"><span style=\"font-weight: 400;\">Ngo\u00e0i ra, c\u00e1c thi\u1ebft k\u1ebf c\u00e1nh k\u00ednh b\u1ecdc khung Inox ho\u1eb7c nh\u00f4m c\u0169ng \u1ea3nh h\u01b0\u1edfng \u0111\u1ebfn m\u1ee9c gi\u00e1, t\u00f9y theo \u0111\u1ed9 d\u00e0y k\u00ednh v\u00e0 ki\u1ec3u ho\u00e0n thi\u1ec7n. \u0110\u1ec3 nh\u1eadn \u0111\u01b0\u1ee3c b\u00e1o gi\u00e1 chi ti\u1ebft v\u00e0 h\u1ed7 tr\u1ee3 t\u01b0 v\u1ea5n mi\u1ec5n ph\u00ed Qu\u00fd Kh\u00e1ch vui l\u00f2ng li\u00ean h\u1ec7 ngay hotline v\u1edbi Nh\u1ea5t Nam\u00a0<\/span><\/p>\n<h2 style=\"text-align: justify;\"><b>6. Nh\u1ea5t Nam &#8211; \u0110\u1ecba ch\u1ec9 mua t\u1ee7 qu\u1ea7n \u00e1o Inox ch\u1ea5t l\u01b0\u1ee3ng<\/b><\/h2>\n<p style=\"text-align: justify;\"><span style=\"font-weight: 400;\">N\u1ebfu Qu\u00fd Kh\u00e1ch \u0111ang t\u00ecm ki\u1ebfm t\u1ee7 qu\u1ea7n \u00e1o Inox gi\u00e1 r\u1ebb, ho\u1eb7c c\u00e1c m\u1eabu t\u1ee7 Inox ch\u1ea5t l\u01b0\u1ee3ng cao, Nh\u1ea5t Nam l\u00e0 \u0111\u1ecba ch\u1ec9 l\u00fd t\u01b0\u1edfng. V\u1edbi nhi\u1ec1u n\u0103m kinh nghi\u1ec7m trong ng\u00e0nh n\u1ed9i th\u1ea5t,chuy\u00ean thi\u1ebft k\u1ebf v\u00e0 s\u1ea3n xu\u1ea5t c\u00e1c m\u1eabu t\u1ee7 Inox qu\u1ea7n \u00e1o b\u1ec1n \u0111\u1eb9p, thi\u1ebft k\u1ebf \u0111a d\u1ea1ng ph\u00f9 h\u1ee3p v\u1edbi nhi\u1ec1u kh\u00f4ng gian t\u1eeb gia \u0111\u00ecnh, v\u0103n ph\u00f2ng \u0111\u1ebfn c\u00e1c khu v\u1ef1c y\u00eau c\u1ea7u ti\u00eau chu\u1ea9n v\u1ec7 sinh cao. Nh\u1ea5t Nam cam k\u1ebft mang \u0111\u1ebfn s\u1ea3n ph\u1ea9m c\u00f3 \u0111\u1ed9 b\u1ec1n t\u1ed1i \u01b0u, m\u1eabu m\u00e3 \u0111a d\u1ea1ng v\u00e0 ch\u00ednh s\u00e1ch b\u1ea3o h\u00e0nh r\u00f5 r\u00e0ng, gi\u00fap kh\u00e1ch h\u00e0ng y\u00ean t\u00e2m khi s\u1eed d\u1ee5ng.<\/span><\/p>\n<p style=\"text-align: justify;\"><span style=\"font-weight: 400;\">T\u1ea1i Nh\u1ea5t Nam, c\u00e1c s\u1ea3n ph\u1ea9m nh\u01b0 t\u1ee7 qu\u1ea7n \u00e1o Inox 304, t\u1ee7 Inox \u0111\u1ef1ng qu\u1ea7n \u00e1o, t\u1ee7 qu\u1ea7n \u00e1o Inox k\u00ednh, \u0111\u1ec1u \u0111\u01b0\u1ee3c s\u1ea3n xu\u1ea5t t\u1eeb nh\u1eefng ch\u1ea5t li\u1ec7u cao c\u1ea5p, mang l\u1ea1i \u0111\u1ed9 b\u1ec1n v\u01b0\u1ee3t tr\u1ed9i v\u00e0 s\u1ef1 h\u00e0i l\u00f2ng tuy\u1ec7t \u0111\u1ed1i cho kh\u00e1ch h\u00e0ng.<\/span><\/p>\n<p style=\"text-align: justify;\"><span style=\"font-weight: 400;\">Li\u00ean h\u1ec7 ngay v\u1edbi Nh\u1ea5t Nam \u0111\u1ec3 \u0111\u01b0\u1ee3c t\u01b0 v\u1ea5n chi ti\u1ebft v\u00e0 s\u1edf h\u1eefu nh\u1eefng m\u1eabu t\u1ee7 qu\u1ea7n \u00e1o Inox ch\u1ea5t l\u01b0\u1ee3ng cao v\u1edbi thi\u1ebft k\u1ebf hi\u1ec7n \u0111\u1ea1i, b\u1ec1n \u0111\u1eb9p. Ch\u00fang t\u00f4i cam k\u1ebft mang \u0111\u1ebfn s\u1ea3n ph\u1ea9m ph\u00f9 h\u1ee3p v\u1edbi m\u1ecdi kh\u00f4ng gian, \u0111\u1ea3m b\u1ea3o \u0111\u1ed9 b\u1ec1n v\u00e0 th\u1ea9m m\u1ef9 v\u01b0\u1ee3t tr\u1ed9i!<\/span><\/p>\n","protected":false},"excerpt":{"rendered":"<p style=\"text-align: justify;\">T\u1ee7 qu\u1ea7n \u00e1o Inox c\u00e1nh k\u00ednh \u0111ang tr\u1edf th\u00e0nh l\u1ef1a ch\u1ecdn ph\u1ed5 bi\u1ebfn trong thi\u1ebft k\u1ebf n\u1ed9i th\u1ea5t hi\u1ec7n \u0111\u1ea1i nh\u1edd v\u00e0o s\u1ef1 b\u1ec1n b\u1ec9, t\u00ednh th\u1ea9m m\u1ef9 v\u00e0 kh\u1ea3 n\u0103ng ch\u1ed1ng \u0103n m\u00f2n v\u01b0\u1ee3t tr\u1ed9i. V\u1edbi thi\u1ebft k\u1ebf \u0111\u01a1n gi\u1ea3n nh\u01b0ng tinh t\u1ebf, t\u1ee7 qu\u1ea7n \u00e1o Inox kh\u00f4ng ch\u1ec9 mang \u0111\u1ebfn kh\u00f4ng gian l\u01b0u tr\u1eef hi\u1ec7u qu\u1ea3 m\u00e0 c\u00f2n g\u00f3p ph\u1ea7n n\u00e2ng t\u1ea7m v\u1ebb \u0111\u1eb9p cho c\u0103n ph\u00f2ng c\u1ee7a b\u1ea1n.<\/p>\n","protected":false},"featured_media":1621,"comment_status":"open","ping_status":"closed","template":"","meta":{"_acf_changed":false,"_gspb_post_css":""},"book-author":[],"product_brand":[],"product_cat":[104,105,106],"product_tag":[],"class_list":{"0":"post-1622","1":"product","2":"type-product","3":"status-publish","4":"has-post-thumbnail","6":"product_cat-noi-that-phong-ngu","7":"product_cat-tu-ao-canh-kinh-cua-lua","8":"product_cat-tu-ao-canh-kinh-cua-mo","10":"first","11":"instock","12":"shipping-taxable","13":"product-type-simple"},"acf":[],"_links":{"self":[{"href":"https:\/\/nhatnam.libion.me\/index.php\/wp-json\/wp\/v2\/product\/1622","targetHints":{"allow":["GET"]}}],"collection":[{"href":"https:\/\/nhatnam.libion.me\/index.php\/wp-json\/wp\/v2\/product"}],"about":[{"href":"https:\/\/nhatnam.libion.me\/index.php\/wp-json\/wp\/v2\/types\/product"}],"replies":[{"embeddable":true,"href":"https:\/\/nhatnam.libion.me\/index.php\/wp-json\/wp\/v2\/comments?post=1622"}],"wp:featuredmedia":[{"embeddable":true,"href":"https:\/\/nhatnam.libion.me\/index.php\/wp-json\/wp\/v2\/media\/1621"}],"wp:attachment":[{"href":"https:\/\/nhatnam.libion.me\/index.php\/wp-json\/wp\/v2\/media?parent=1622"}],"wp:term":[{"taxonomy":"book-author","embeddable":true,"href":"https:\/\/nhatnam.libion.me\/index.php\/wp-json\/wp\/v2\/book-author?post=1622"},{"taxonomy":"product_brand","embeddable":true,"href":"https:\/\/nhatnam.libion.me\/index.php\/wp-json\/wp\/v2\/product_brand?post=1622"},{"taxonomy":"product_cat","embeddable":true,"href":"https:\/\/nhatnam.libion.me\/index.php\/wp-json\/wp\/v2\/product_cat?post=1622"},{"taxonomy":"product_tag","embeddable":true,"href":"https:\/\/nhatnam.libion.me\/index.php\/wp-json\/wp\/v2\/product_tag?post=1622"}],"curies":[{"name":"wp","href":"https:\/\/api.w.org\/{rel}","templated":true}]}}