{"id":1597,"date":"2026-04-07T10:18:30","date_gmt":"2026-04-07T10:18:30","guid":{"rendered":"https:\/\/nhatnam.libion.me\/index.php\/product\/tu-quan-ao-nhom-cua-lua\/"},"modified":"2026-04-07T10:18:34","modified_gmt":"2026-04-07T10:18:34","slug":"tu-quan-ao-nhom-cua-lua","status":"publish","type":"product","link":"https:\/\/nhatnam.libion.me\/product\/tu-quan-ao-nhom-cua-lua\/","title":{"rendered":"T\u1ee7 Qu\u1ea7n \u00c1o Nh\u00f4m C\u1eeda L\u00f9a"},"content":{"rendered":"<p style=\"text-align: justify;\"><span style=\"font-weight: 400;\">T\u1ee7 qu\u1ea7n \u00e1o nh\u00f4m c\u1eeda l\u00f9a l\u00e0 l\u1ef1a ch\u1ecdn l\u00fd t\u01b0\u1edfng trong thi\u1ebft k\u1ebf n\u1ed9i th\u1ea5t hi\u1ec7n \u0111\u1ea1i. V\u1edbi kh\u1ea3 n\u0103ng ti\u1ebft ki\u1ec7m kh\u00f4ng gian v\u00e0 t\u00ednh th\u1ea9m m\u1ef9 cao, lo\u1ea1i t\u1ee7 n\u00e0y gi\u00fap ph\u00f2ng ng\u1ee7 tr\u1edf n\u00ean g\u1ecdn g\u00e0ng, sang tr\u1ecdng v\u00e0 ti\u1ec7n nghi. C\u00f9ng kh\u00e1m ph\u00e1 l\u00fd do t\u1ea1i sao t\u1ee7 qu\u1ea7n \u00e1o nh\u00f4m c\u1eeda l\u00f9a \u0111ang l\u00e0 xu h\u01b0\u1edbng \u0111\u01b0\u1ee3c nhi\u1ec1u gia \u0111\u00ecnh \u01b0a chu\u1ed9ng!<\/span><\/p>\n<h2 style=\"text-align: justify;\"><strong>1. T\u1ee7 qu\u1ea7n \u00e1o nh\u00f4m c\u1eeda l\u00f9a l\u00e0 g\u00ec?<br \/>\n<\/strong><\/h2>\n<figure id=\"attachment_5637\" aria-describedby=\"caption-attachment-5637\" style=\"width: 736px\" class=\"wp-caption aligncenter\"><img loading=\"lazy\" decoding=\"async\" class=\"wp-image-5637 size-full\" src=\"https:\/\/nhatnam.org\/wp-content\/uploads\/2025\/03\/tu_quan_ao_nhom_canh_lua_Nhat_Nam04.jpg\" alt=\"T\u1ee7 Qu\u1ea7n \u00c1o Nh\u00f4m C\u1eeda L\u00f9a\" width=\"736\" height=\"736\" \/><figcaption id=\"caption-attachment-5637\" class=\"wp-caption-text\">M\u1eabu t\u1ee7 nh\u00f4m k\u00ednh 3 bu\u1ed3ng \u0111\u1eb9p<\/figcaption><\/figure>\n<p style=\"text-align: justify;\">T\u1ee7 qu\u1ea7n \u00e1o nh\u00f4m c\u1eeda l\u00f9a<span style=\"font-weight: 400;\"> l\u00e0 m\u1ed9t lo\u1ea1i t\u1ee7 qu\u1ea7n \u00e1o \u0111\u01b0\u1ee3c thi\u1ebft k\u1ebf v\u1edbi c\u00e1nh c\u1eeda tr\u01b0\u1ee3t sang hai b\u00ean thay v\u00ec m\u1edf ra ph\u00eda tr\u01b0\u1edbc k\u1ebft h\u1ee3p v\u1edbi khung t\u1ee7 \u0111\u01b0\u1ee3c l\u00e0m t\u1eeb ch\u1ea5t li\u1ec7u nh\u00f4m cao c\u1ea5p. Lo\u1ea1i t\u1ee7 n\u00e0y c\u00f3 \u0111\u1eb7c \u0111i\u1ec3m n\u1ed5i b\u1eadt l\u00e0 kh\u1ea3 n\u0103ng ti\u1ebft ki\u1ec7m kh\u00f4ng gian, r\u1ea5t ph\u00f9 h\u1ee3p v\u1edbi c\u00e1c c\u0103n ph\u00f2ng c\u00f3 di\u1ec7n t\u00edch h\u1ea1n ch\u1ebf ho\u1eb7c kh\u00f4ng gian nh\u1ecf h\u1eb9p. C\u00e1nh c\u1eeda l\u00f9a kh\u00f4ng c\u1ea7n di\u1ec7n t\u00edch m\u1edf r\u1ed9ng, gi\u00fap ti\u1ebft ki\u1ec7m t\u1ed1i \u0111a kh\u00f4ng gian, \u0111\u1eb7c bi\u1ec7t l\u00e0 khi m\u1edf c\u1eeda t\u1ee7.<\/span><\/p>\n<p style=\"text-align: justify;\"><span style=\"font-weight: 400;\">Khung t\u1ee7 th\u01b0\u1eddng \u0111\u01b0\u1ee3c l\u00e0m t\u1eeb nh\u00f4m h\u1ee3p kim, c\u00f3 kh\u1ea3 n\u0103ng ch\u1ed1ng \u0103n m\u00f2n, b\u1ec1n b\u1ec9 v\u00e0 d\u1ec5 d\u00e0ng v\u1ec7 sinh. Ngo\u00e0i ra, c\u00e1c c\u00e1nh c\u1eeda c\u1ee7a t\u1ee7 c\u00f3 th\u1ec3 \u0111\u01b0\u1ee3c l\u00e0m t\u1eeb k\u00ednh c\u01b0\u1eddng l\u1ef1c ho\u1eb7c nh\u00f4m s\u01a1n t\u0129nh \u0111i\u1ec7n, t\u00f9y thu\u1ed9c v\u00e0o y\u00eau c\u1ea7u v\u00e0 s\u1edf th\u00edch c\u1ee7a ng\u01b0\u1eddi s\u1eed d\u1ee5ng.<\/span><\/p>\n<h2 style=\"text-align: justify;\"><strong>2. T\u1ea1i sao n\u00ean ch\u1ecdn t\u1ee7 qu\u1ea7n \u00e1o nh\u00f4m c\u1eeda l\u00f9a?<br \/>\n<\/strong><\/h2>\n<figure id=\"attachment_5636\" aria-describedby=\"caption-attachment-5636\" style=\"width: 736px\" class=\"wp-caption aligncenter\"><img loading=\"lazy\" decoding=\"async\" class=\"wp-image-5636\" src=\"https:\/\/nhatnam.org\/wp-content\/uploads\/2025\/03\/tu_quan_ao_nhom_canh_lua_Nhat_Nam03-300x300.jpg\" alt=\"T\u1ee7 Qu\u1ea7n \u00c1o Nh\u00f4m C\u1eeda L\u00f9a\" width=\"736\" height=\"736\" \/><figcaption id=\"caption-attachment-5636\" class=\"wp-caption-text\">M\u1eabu t\u1ee7 nh\u00f4m 2 bu\u1ed3ng \u0111\u1eb9p<\/figcaption><\/figure>\n<p style=\"text-align: justify;\"><span style=\"font-weight: 400;\">T\u1ee7 qu\u1ea7n \u00e1o nh\u00f4m c\u1eeda l\u00f9a ng\u00e0y c\u00e0ng \u0111\u01b0\u1ee3c \u01b0a chu\u1ed9ng v\u00ec nh\u1eefng l\u00fd do sau:<\/span><\/p>\n<ul style=\"text-align: justify;\">\n<li style=\"font-weight: 400;\" aria-level=\"1\"><b>Ti\u1ebft ki\u1ec7m kh\u00f4ng gian<\/b><span style=\"font-weight: 400;\">: C\u00e1nh c\u1eeda l\u00f9a gi\u00fap ti\u1ebft ki\u1ec7m di\u1ec7n t\u00edch kh\u00f4ng gian m\u1edf, r\u1ea5t th\u00edch h\u1ee3p cho c\u00e1c ph\u00f2ng ng\u1ee7 nh\u1ecf ho\u1eb7c nh\u1eefng c\u0103n h\u1ed9 c\u00f3 di\u1ec7n t\u00edch h\u1ea1n ch\u1ebf.<\/span><\/li>\n<li style=\"font-weight: 400;\" aria-level=\"1\"><b>Thi\u1ebft k\u1ebf hi\u1ec7n \u0111\u1ea1i v\u00e0 sang tr\u1ecdng<\/b><span style=\"font-weight: 400;\">: T\u1ee7 qu\u1ea7n \u00e1o nh\u00f4m c\u1eeda l\u00f9a mang l\u1ea1i v\u1ebb \u0111\u1eb9p tinh t\u1ebf, hi\u1ec7n \u0111\u1ea1i v\u00e0 ph\u00f9 h\u1ee3p v\u1edbi nhi\u1ec1u phong c\u00e1ch n\u1ed9i th\u1ea5t kh\u00e1c nhau, t\u1eeb c\u1ed5 \u0111i\u1ec3n \u0111\u1ebfn hi\u1ec7n \u0111\u1ea1i.<\/span><\/li>\n<li style=\"font-weight: 400;\" aria-level=\"1\"><b>\u0110\u1ed9 b\u1ec1n cao<\/b><span style=\"font-weight: 400;\">: Nh\u00f4m h\u1ee3p kim kh\u00f4ng g\u1ec9 s\u00e9t, kh\u00f4ng b\u1ecb m\u1ed1i m\u1ecdt v\u00e0 c\u00f3 tu\u1ed5i th\u1ecd d\u00e0i. B\u00ean c\u1ea1nh \u0111\u00f3, k\u00ednh c\u01b0\u1eddng l\u1ef1c \u0111\u01b0\u1ee3c s\u1eed d\u1ee5ng cho c\u00e1nh c\u1eeda mang l\u1ea1i s\u1ef1 b\u1ec1n b\u1ec9, ch\u1ecbu l\u1ef1c t\u1ed1t v\u00e0 d\u1ec5 d\u00e0ng v\u1ec7 sinh.<\/span><\/li>\n<li style=\"font-weight: 400;\" aria-level=\"1\"><b>D\u1ec5 d\u00e0ng s\u1eed d\u1ee5ng<\/b><span style=\"font-weight: 400;\">: C\u00e1nh c\u1eeda l\u00f9a tr\u01b0\u1ee3t d\u1ec5 d\u00e0ng m\u1edf \u0111\u00f3ng m\u00e0 kh\u00f4ng chi\u1ebfm kh\u00f4ng gian xung quanh, r\u1ea5t thu\u1eadn ti\u1ec7n trong vi\u1ec7c s\u1eed d\u1ee5ng h\u00e0ng ng\u00e0y.<\/span><\/li>\n<li style=\"font-weight: 400;\" aria-level=\"1\"><b>Kh\u1ea3 n\u0103ng l\u01b0u tr\u1eef t\u1ed1i \u01b0u<\/b><span style=\"font-weight: 400;\">: T\u1ee7 nh\u00f4m c\u1eeda l\u00f9a th\u01b0\u1eddng \u0111\u01b0\u1ee3c thi\u1ebft k\u1ebf v\u1edbi c\u00e1c ng\u0103n k\u00e9o, k\u1ec7 v\u00e0 nhi\u1ec1u bu\u1ed3ng ch\u1ee9a, gi\u00fap b\u1ea1n d\u1ec5 d\u00e0ng ph\u00e2n lo\u1ea1i v\u00e0 b\u1ea3o qu\u1ea3n qu\u1ea7n \u00e1o.<\/span><\/li>\n<li style=\"font-weight: 400;\" aria-level=\"1\"><b>Gi\u00e1 th\u00e0nh h\u1ee3p l\u00fd<\/b><span style=\"font-weight: 400;\">: V\u1edbi ch\u1ea5t li\u1ec7u khung nh\u00f4m n\u00ean gi\u00e1 th\u00e0nh c\u1ee7a lo\u1ea1i t\u1ee7 n\u00e0y kh\u00e1 h\u1ee3p l\u00fd ph\u00f9 h\u1ee3p v\u1edbi t\u1ea5t c\u1ea3 c\u00e1c ph\u00e2n kh\u00fac Kh\u00e1ch h\u00e0ng.<\/span><\/li>\n<\/ul>\n<p style=\"text-align: justify;\"><span style=\"font-weight: 400;\">Ngo\u00e0i nh\u1eefng \u01b0u \u0111i\u1ec3m t\u1ee7 qu\u1ea7n \u00e1o nh\u00f4m c\u00e1nh l\u00f9a c\u00f3 m\u1ed9t h\u1ea1n ch\u1ebf \u0111\u00f3 l\u00e0 kh\u00f4ng th\u1ec3 m\u1edf t\u1ea5t c\u1ea3 c\u00e1c c\u00e1nh c\u1eeda t\u1ee7 c\u00f9ng 1 l\u00fac.<\/span><\/p>\n<h2 style=\"text-align: justify;\"><strong>3. C\u1ea5u t\u1ea1o t\u1ee7 qu\u1ea7n \u00e1o nh\u00f4m c\u1eeda l\u00f9a<\/strong><\/h2>\n<figure id=\"attachment_5634\" aria-describedby=\"caption-attachment-5634\" style=\"width: 736px\" class=\"wp-caption aligncenter\"><img loading=\"lazy\" decoding=\"async\" class=\"wp-image-5634 size-full\" src=\"https:\/\/nhatnam.org\/wp-content\/uploads\/2025\/03\/tu_quan_ao_nhom_canh_lua_Nhat_Nam01.jpg\" alt=\"T\u1ee7 Qu\u1ea7n \u00c1o Nh\u00f4m C\u1eeda L\u00f9a\" width=\"736\" height=\"730\" \/><figcaption id=\"caption-attachment-5634\" class=\"wp-caption-text\">T\u1ee7 qu\u1ea7n \u00e1o c\u00f3 g\u01b0\u01a1ng<\/figcaption><\/figure>\n<p style=\"text-align: justify;\"><span style=\"font-weight: 400;\">T\u1ee7 qu\u1ea7n \u00e1o nh\u00f4m c\u1eeda l\u00f9a c\u00f3 c\u1ea5u t\u1ea1o \u0111\u01a1n gi\u1ea3n nh\u01b0ng r\u1ea5t ch\u1eafc ch\u1eafn v\u00e0 tinh t\u1ebf. C\u00e1c b\u1ed9 ph\u1eadn ch\u00ednh c\u1ee7a t\u1ee7 bao g\u1ed3m:<\/span><\/p>\n<ul style=\"text-align: justify;\">\n<li style=\"font-weight: 400;\" aria-level=\"1\"><b>Khung t\u1ee7<\/b><span style=\"font-weight: 400;\">: Khung t\u1ee7 \u0111\u01b0\u1ee3c l\u00e0m t\u1eeb nh\u00f4m h\u1ee3p kim cao c\u1ea5p, c\u00f3 kh\u1ea3 n\u0103ng ch\u1ecbu l\u1ef1c t\u1ed1t v\u00e0 ch\u1ed1ng \u0103n m\u00f2n. Khung nh\u00f4m gi\u00fap t\u1ee7 v\u1eefng ch\u1eafc v\u00e0 b\u1ec1n b\u1ec9 theo th\u1eddi gian.<\/span><\/li>\n<li style=\"font-weight: 400;\" aria-level=\"1\"><b>C\u00e1nh c\u1eeda l\u00f9a<\/b><span style=\"font-weight: 400;\">: C\u00e1nh c\u1eeda l\u00f9a c\u1ee7a t\u1ee7 c\u00f3 th\u1ec3 \u0111\u01b0\u1ee3c l\u00e0m t\u1eeb k\u00ednh c\u01b0\u1eddng l\u1ef1c ho\u1eb7c nh\u00f4m s\u01a1n t\u0129nh \u0111i\u1ec7n. K\u00ednh c\u01b0\u1eddng l\u1ef1c c\u1ee7a t\u1ee7 qu\u1ea7n \u00e1o nh\u00f4m c\u00e1nh k\u00ednh c\u1eeda l\u00f9a kh\u00f4ng ch\u1ec9 mang l\u1ea1i v\u1ebb \u0111\u1eb9p trong su\u1ed1t, gi\u00fap kh\u00f4ng gian tr\u1edf n\u00ean r\u1ed9ng r\u00e3i m\u00e0 c\u00f2n c\u00f3 \u0111\u1ed9 b\u1ec1n v\u01b0\u1ee3t tr\u1ed9i, ch\u1ecbu l\u1ef1c t\u1ed1t v\u00e0 d\u1ec5 v\u1ec7 sinh.<\/span><\/li>\n<li style=\"font-weight: 400;\" aria-level=\"1\"><b>Ph\u1ee5 ki\u1ec7n \u0111i k\u00e8m<\/b><span style=\"font-weight: 400;\">: T\u1ee7 qu\u1ea7n \u00e1o nh\u00f4m c\u1eeda l\u00f9a \u0111\u01b0\u1ee3c trang b\u1ecb c\u00e1c ph\u1ee5 ki\u1ec7n nh\u01b0 b\u1ea3n l\u1ec1 gi\u1ea3m ch\u1ea5n, tay n\u1eafm, kh\u00f3a c\u1eeda, v\u00e0 h\u1ec7 th\u1ed1ng ray tr\u01b0\u1ee3t, gi\u00fap t\u1ee7 v\u1eadn h\u00e0nh m\u01b0\u1ee3t m\u00e0 v\u00e0 t\u0103ng tu\u1ed5i th\u1ecd cho s\u1ea3n ph\u1ea9m.<\/span><\/li>\n<\/ul>\n<h2 style=\"text-align: justify;\"><strong>4. Ph\u00e2n lo\u1ea1i t\u1ee7 qu\u1ea7n \u00e1o nh\u00f4m c\u1eeda l\u00f9a<\/strong><\/h2>\n<p style=\"text-align: justify;\"><b>T\u1ee7 qu\u1ea7n \u00e1o nh\u00f4m c\u1eeda l\u00f9a<\/b><span style=\"font-weight: 400;\"> c\u00f3 nhi\u1ec1u lo\u1ea1i v\u00e0 thi\u1ebft k\u1ebf kh\u00e1c nhau \u0111\u1ec3 ph\u00f9 h\u1ee3p v\u1edbi t\u1eebng kh\u00f4ng gian v\u00e0 nhu c\u1ea7u s\u1eed d\u1ee5ng<\/span><\/p>\n<p style=\"text-align: justify;\"><b>T\u1ee7 qu\u1ea7n \u00e1o nh\u00f4m 2 c\u00e1nh c\u1eeda l\u00f9a<\/b><\/p>\n<p style=\"text-align: justify;\"><span style=\"font-weight: 400;\"><a href=\"https:\/\/nhatnam.org\/san-pham\/tu-ao-canh-kinh-lua-2-canh\/\" target=\"_blank\" rel=\"noopener\">T\u1ee7 qu\u1ea7n \u00e1o c\u1eeda l\u00f9a 2 c\u00e1nh l<\/a>\u00e0 ki\u1ec3u thi\u1ebft k\u1ebf \u0111\u01a1n gi\u1ea3n v\u00e0 ti\u1ebft ki\u1ec7m kh\u00f4ng gian nh\u1ea5t. \u0110\u00e2y l\u00e0 l\u1ef1a ch\u1ecdn l\u00fd t\u01b0\u1edfng cho nh\u1eefng ph\u00f2ng ng\u1ee7 c\u00f3 di\u1ec7n t\u00edch v\u1eeba ph\u1ea3i. C\u00e1nh c\u1eeda \u0111\u01b0\u1ee3c l\u00f9a qua l\u1ea1i tr\u00ean h\u1ec7 th\u1ed1ng ray, gi\u00fap b\u1ea1n d\u1ec5 d\u00e0ng m\u1edf v\u00e0 \u0111\u00f3ng t\u1ee7 m\u00e0 kh\u00f4ng lo v\u01b0\u1edbng v\u00edu.<\/span><\/p>\n<p style=\"text-align: justify;\"><b>T\u1ee7 qu\u1ea7n \u00e1o nh\u00f4m 3 c\u00e1nh c\u1eeda l\u00f9a<\/b><\/p>\n<p style=\"text-align: justify;\"><span style=\"font-weight: 400;\">V\u1edbi t\u1ee7 qu\u1ea7n \u00e1o c\u1eeda l\u00f9a 3 c\u00e1nh, b\u1ea1n c\u00f3 th\u00eam kh\u00f4ng gian l\u01b0u tr\u1eef v\u00e0 t\u1ed5 ch\u1ee9c \u0111\u1ed3 \u0111\u1ea1c trong t\u1ee7. \u0110\u00e2y l\u00e0 l\u1ef1a ch\u1ecdn ho\u00e0n h\u1ea3o cho nh\u1eefng gia \u0111\u00ecnh c\u00f3 nhu c\u1ea7u l\u01b0u tr\u1eef nhi\u1ec1u qu\u1ea7n \u00e1o, ph\u1ee5 ki\u1ec7n, ho\u1eb7c mu\u1ed1n s\u1eed d\u1ee5ng t\u1ee7 qu\u1ea7n \u00e1o cho kh\u00f4ng gian ph\u00f2ng ng\u1ee7 r\u1ed9ng r\u00e3i h\u01a1n.<\/span><\/p>\n<p style=\"text-align: justify;\"><b>T\u1ee7 qu\u1ea7n \u00e1o nh\u00f4m 4 c\u00e1nh c\u1eeda l\u00f9a tr\u1edf l\u00ean<\/b><\/p>\n<p style=\"text-align: justify;\"><span style=\"font-weight: 400;\">T\u1ee7 c\u1eeda l\u00f9a 4 c\u00e1nh l\u00e0 thi\u1ebft k\u1ebf cao c\u1ea5p v\u00e0 sang tr\u1ecdng, th\u00edch h\u1ee3p cho nh\u1eefng kh\u00f4ng gian ph\u00f2ng ng\u1ee7 r\u1ed9ng r\u00e3i v\u00e0 nh\u1eefng gia \u0111\u00ecnh c\u1ea7n m\u1ed9t l\u01b0\u1ee3ng l\u1edbn kh\u00f4ng gian l\u01b0u tr\u1eef nh\u01b0 ph\u00f2ng thay \u0111\u1ed3. Ki\u1ec3u t\u1ee7 n\u00e0y kh\u00f4ng ch\u1ec9 c\u00f3 th\u1ec3 ch\u1ee9a nhi\u1ec1u \u0111\u1ed3 \u0111\u1ea1c m\u00e0 c\u00f2n l\u00e0 m\u00f3n \u0111\u1ed3 n\u1ed9i th\u1ea5t t\u1ea1o \u0111i\u1ec3m nh\u1ea5n cho kh\u00f4ng gian n\u1ed9i th\u1ea5t hi\u1ec7n \u0111\u1ea1i<\/span><span style=\"font-weight: 400;\"><br \/>\n<\/span><b>T\u1ee7 c\u1eeda l\u00f9a k\u1ebft h\u1ee3p g\u01b0\u01a1ng<\/b><\/p>\n<p style=\"text-align: justify;\"><span style=\"font-weight: 400;\">M\u1ed9t trong nh\u1eefng xu h\u01b0\u1edbng hi\u1ec7n \u0111\u1ea1i hi\u1ec7n nay l\u00e0 thi\u1ebft k\u1ebf t\u1ee7 qu\u1ea7n \u00e1o c\u1eeda l\u00f9a k\u1ebft h\u1ee3p v\u1edbi g\u01b0\u01a1ng. G\u01b0\u01a1ng kh\u00f4ng ch\u1ec9 c\u00f3 t\u00e1c d\u1ee5ng gi\u00fap b\u1ea1n d\u1ec5 d\u00e0ng ki\u1ec3m tra trang ph\u1ee5c m\u00e0 c\u00f2n gi\u00fap kh\u00f4ng gian ph\u00f2ng ng\u1ee7 th\u00eam r\u1ed9ng r\u00e3i v\u00e0 s\u00e1ng s\u1ee7a.<\/span><\/p>\n<h2 style=\"text-align: justify;\"><strong>5. K\u00edch th\u01b0\u1edbc t\u1ee7 qu\u1ea7n \u00e1o nh\u00f4m c\u1eeda l\u00f9a<\/strong><\/h2>\n<figure id=\"attachment_5635\" aria-describedby=\"caption-attachment-5635\" style=\"width: 736px\" class=\"wp-caption aligncenter\"><img loading=\"lazy\" decoding=\"async\" class=\"wp-image-5635 size-full\" src=\"https:\/\/nhatnam.org\/wp-content\/uploads\/2025\/03\/tu_quan_ao_nhom_canh_lua_Nhat_Nam02.jpg\" alt=\"T\u1ee7 Qu\u1ea7n \u00c1o Nh\u00f4m C\u1eeda L\u00f9a\" width=\"736\" height=\"736\" \/><figcaption id=\"caption-attachment-5635\" class=\"wp-caption-text\">M\u1eabu t\u1ee7 qu\u1ea7n \u00e1o nh\u00f4m gi\u1ea3 g\u1ed7 c\u1eeda l\u00f9a \u0111\u1eb9p<\/figcaption><\/figure>\n<p style=\"text-align: justify;\"><span style=\"font-weight: 400;\">K\u00edch th\u01b0\u1edbc c\u1ee7a t\u1ee7 qu\u1ea7n \u00e1o nh\u00f4m c\u1eeda l\u00f9a c\u00f3 th\u1ec3 \u0111\u01b0\u1ee3c t\u00f9y ch\u1ec9nh t\u00f9y v\u00e0o kh\u00f4ng gian v\u00e0 y\u00eau c\u1ea7u c\u1ee7a ng\u01b0\u1eddi s\u1eed d\u1ee5ng. Tuy nhi\u00ean, c\u00e1c k\u00edch th\u01b0\u1edbc ph\u1ed5 bi\u1ebfn c\u1ee7a t\u1ee7 qu\u1ea7n \u00e1o nh\u00f4m c\u1eeda l\u00f9a bao g\u1ed3m:<\/span><\/p>\n<ul style=\"text-align: justify;\">\n<li style=\"font-weight: 400;\" aria-level=\"1\"><b>Chi\u1ec1u cao<\/b><span style=\"font-weight: 400;\">: T\u1ee7 th\u01b0\u1eddng c\u00f3 chi\u1ec1u cao t\u1eeb 1.8m \u0111\u1ebfn 2.5m, t\u00f9y thu\u1ed9c v\u00e0o kh\u00f4ng gian v\u00e0 nhu c\u1ea7u s\u1eed d\u1ee5ng.<\/span><\/li>\n<li style=\"font-weight: 400;\" aria-level=\"1\"><b>Chi\u1ec1u r\u1ed9ng<\/b><span style=\"font-weight: 400;\">: Chi\u1ec1u r\u1ed9ng c\u1ee7a t\u1ee7 c\u00f3 th\u1ec3 dao \u0111\u1ed9ng t\u1eeb 1m \u0111\u1ebfn 3m ho\u1eb7c r\u1ed9ng h\u01a1n \u0111\u1ed1i v\u1edbi c\u00e1c t\u1ee7 nhi\u1ec1u c\u00e1nh.<\/span><\/li>\n<li style=\"font-weight: 400;\" aria-level=\"1\"><b>Chi\u1ec1u s\u00e2u<\/b><span style=\"font-weight: 400;\">: Th\u01b0\u1eddng kho\u1ea3ng 0.5m \u0111\u1ebfn 0.6m \u0111\u1ec3 \u0111\u1ea3m b\u1ea3o kh\u00f4ng gian l\u01b0u tr\u1eef \u0111\u1ee7 r\u1ed9ng nh\u01b0ng v\u1eabn ti\u1ebft ki\u1ec7m di\u1ec7n t\u00edch ph\u00f2ng.<\/span><\/li>\n<\/ul>\n<p style=\"text-align: justify;\"><span style=\"font-weight: 400;\">Ngo\u00e0i c\u00e1c k\u00edch th\u01b0\u1edbc chu\u1ea9n, t\u1ee7 c\u00f3 th\u1ec3 \u0111\u01b0\u1ee3c thi\u1ebft k\u1ebf v\u00e0 s\u1ea3n xu\u1ea5t theo y\u00eau c\u1ea7u \u0111\u1eb7c bi\u1ec7t c\u1ee7a kh\u00e1ch h\u00e0ng, gi\u00fap t\u1ed1i \u01b0u h\u00f3a kh\u00f4ng gian s\u1eed d\u1ee5ng.<\/span><\/p>\n<h2 style=\"text-align: justify;\"><strong>6. B\u00e1o gi\u00e1 t\u1ee7 qu\u1ea7n \u00e1o nh\u00f4m c\u1eeda l\u00f9a<\/strong><\/h2>\n<p style=\"text-align: justify;\"><span style=\"font-weight: 400;\">Gi\u00e1 t\u1ee7 qu\u1ea7n \u00e1o nh\u00f4m c\u1eeda k\u00e9o ngang b\u1eb1ng nh\u00f4m c\u00f3 th\u1ec3 dao \u0111\u1ed9ng t\u00f9y theo ch\u1ea5t li\u1ec7u, k\u00edch th\u01b0\u1edbc, thi\u1ebft k\u1ebf v\u00e0 c\u00e1c t\u00ednh n\u0103ng \u0111i k\u00e8m. C\u00e1c y\u1ebfu t\u1ed1 \u1ea3nh h\u01b0\u1edfng \u0111\u1ebfn gi\u00e1 c\u1ee7a t\u1ee7 bao g\u1ed3m:<\/span><\/p>\n<ul style=\"text-align: justify;\">\n<li style=\"font-weight: 400;\" aria-level=\"1\"><b>Ch\u1ea5t li\u1ec7u k\u00ednh ho\u1eb7c nh\u00f4m<\/b><span style=\"font-weight: 400;\">: T\u1ee7 c\u00f3 c\u00e1nh k\u00ednh c\u01b0\u1eddng l\u1ef1c th\u01b0\u1eddng c\u00f3 gi\u00e1 cao h\u01a1n so v\u1edbi t\u1ee7 ch\u1ec9 s\u1eed d\u1ee5ng nh\u00f4m.<\/span><\/li>\n<li style=\"font-weight: 400;\" aria-level=\"1\"><b>K\u00edch th\u01b0\u1edbc v\u00e0 s\u1ed1 c\u00e1nh c\u1eeda<\/b><span style=\"font-weight: 400;\">: T\u1ee7 c\u00e0ng l\u1edbn v\u00e0 c\u00f3 nhi\u1ec1u c\u00e1nh c\u1eeda s\u1ebd c\u00f3 gi\u00e1 cao h\u01a1n.<\/span><\/li>\n<li style=\"font-weight: 400;\" aria-level=\"1\"><b>Ph\u1ee5 ki\u1ec7n \u0111i k\u00e8m<\/b><span style=\"font-weight: 400;\">: C\u00e1c ph\u1ee5 ki\u1ec7n nh\u01b0 tay n\u1eafm, kh\u00f3a c\u1eeda, b\u1ea3n l\u1ec1 gi\u1ea3m ch\u1ea5n c\u0169ng \u1ea3nh h\u01b0\u1edfng \u0111\u1ebfn gi\u00e1 c\u1ee7a t\u1ee7.<\/span><\/li>\n<\/ul>\n<p style=\"text-align: justify;\"><span style=\"font-weight: 400;\">\u0110\u1ec3 c\u00f3 b\u00e1o gi\u00e1 ch\u00ednh x\u00e1c, Q\u00fay Kh\u00e1ch h\u00e0ng vui l\u00f2ng li\u00ean h\u1ec7 tr\u1ef1c ti\u1ebfp v\u1edbi hotline Nh\u1ea5t Nam ho\u1eb7c tham quan Showroom nh\u1eadn t\u01b0 v\u1ea5n v\u00e0 b\u00e1o gi\u00e1 c\u1ee5 th\u1ec3.<\/span><\/p>\n<h2 style=\"text-align: justify;\"><strong>7. M\u1ed9t s\u1ed1 m\u1eabu t\u1ee7 qu\u1ea7n \u00e1o nh\u00f4m c\u1eeda l\u00f9a \u0111\u1eb9p, hi\u1ec7n \u0111\u1ea1i<\/strong><\/h2>\n<figure id=\"attachment_5588\" aria-describedby=\"caption-attachment-5588\" style=\"width: 736px\" class=\"wp-caption aligncenter\"><img loading=\"lazy\" decoding=\"async\" class=\"wp-image-5588 size-full\" src=\"https:\/\/nhatnam.org\/wp-content\/uploads\/2025\/03\/tu_quan_ao_canh_kinh_cua_lua_2_canh_Nhat_Nam09.jpg\" alt=\"\" width=\"736\" height=\"736\" \/><figcaption id=\"caption-attachment-5588\" class=\"wp-caption-text\">T\u1ee7 nh\u00f4m \u0111\u1ef1ng qu\u1ea7n \u00e1o 2 c\u00e1nh \u0111\u1eb9p<\/figcaption><\/figure>\n<figure id=\"attachment_5602\" aria-describedby=\"caption-attachment-5602\" style=\"width: 735px\" class=\"wp-caption aligncenter\"><img loading=\"lazy\" decoding=\"async\" class=\"wp-image-5602 size-full\" src=\"https:\/\/nhatnam.org\/wp-content\/uploads\/2025\/03\/tu_quan_ao_canh_kinh_cua_lua_4_canh_Nhat_Nam11.jpg\" alt=\"\" width=\"735\" height=\"698\" \/><figcaption id=\"caption-attachment-5602\" class=\"wp-caption-text\">M\u1eabu t\u1ee7 qu\u1ea7n \u00e1o nh\u00f4m k\u00ednh c\u1eeda l\u00f9a \u0111\u1eb9p, hi\u1ec7n \u0111\u1ea1i<\/figcaption><\/figure>\n<figure id=\"attachment_5598\" aria-describedby=\"caption-attachment-5598\" style=\"width: 736px\" class=\"wp-caption aligncenter\"><img loading=\"lazy\" decoding=\"async\" class=\"wp-image-5598 size-full\" src=\"https:\/\/nhatnam.org\/wp-content\/uploads\/2025\/03\/tu_quan_ao_canh_kinh_cua_lua_4_canh_Nhat_Nam07.jpg\" alt=\"\" width=\"736\" height=\"981\" \/><figcaption id=\"caption-attachment-5598\" class=\"wp-caption-text\">M\u1eabu t\u1ee7 qu\u1ea7n \u00e1o nh\u00f4m k\u00ednh hi\u1ec7n \u0111\u1ea1i \u0111\u1eb9p<\/figcaption><\/figure>\n<figure id=\"attachment_5597\" aria-describedby=\"caption-attachment-5597\" style=\"width: 736px\" class=\"wp-caption aligncenter\"><img loading=\"lazy\" decoding=\"async\" class=\"wp-image-5597 size-full\" src=\"https:\/\/nhatnam.org\/wp-content\/uploads\/2025\/03\/tu_quan_ao_canh_kinh_cua_lua_4_canh_Nhat_Nam06.jpg\" alt=\"\" width=\"736\" height=\"981\" \/><figcaption id=\"caption-attachment-5597\" class=\"wp-caption-text\">M\u1eabu t\u1ee7 qu\u1ea7n \u00e1o nh\u00f4m k\u00ednh 4 bu\u1ed3ng c\u1eeda l\u00f9a \u0111\u1eb9p<\/figcaption><\/figure>\n<figure id=\"attachment_5595\" aria-describedby=\"caption-attachment-5595\" style=\"width: 736px\" class=\"wp-caption aligncenter\"><img loading=\"lazy\" decoding=\"async\" class=\"wp-image-5595 size-full\" src=\"https:\/\/nhatnam.org\/wp-content\/uploads\/2025\/03\/tu_quan_ao_canh_kinh_cua_lua_4_canh_Nhat_Nam04.jpg\" alt=\"\" width=\"736\" height=\"1104\" \/><figcaption id=\"caption-attachment-5595\" class=\"wp-caption-text\">M\u1eabu t\u1ee7 nh\u00f4m qu\u1ea7n \u00e1o \u0111\u1eb9p, sang tr\u1ecdng<\/figcaption><\/figure>\n<h2 style=\"text-align: justify;\"><strong>8. \u0110\u1ecba ch\u1ec9 mua t\u1ee7 qu\u1ea7n \u00e1o nh\u00f4m c\u1eeda l\u00f9a uy t\u00edn<\/strong><\/h2>\n<p style=\"text-align: justify;\"><span style=\"font-weight: 400;\">V\u1edbi nhi\u1ec1u n\u0103m kinh nghi\u1ec7m trong l\u0129nh v\u1ef1c n\u1ed9i th\u1ea5t, Nh\u1ea5t Nam t\u1ef1 h\u00e0o l\u00e0 \u0111\u01a1n v\u1ecb uy t\u00edn chuy\u00ean t\u01b0 v\u1ea5n, thi\u1ebft k\u1ebf v\u00e0 thi c\u00f4ng c\u00e1c s\u1ea3n ph\u1ea9m n\u1ed9i th\u1ea5t cao c\u1ea5p. L\u00e0 nh\u00e0 s\u1ea3n xu\u1ea5t tr\u1ef1c ti\u1ebfp v\u00e0 ph\u00e2n ph\u1ed1i c\u00e1c s\u1ea3n ph\u1ea9m n\u1ed9i th\u1ea5t t\u1ea1i khu v\u1ef1c TP.HCM v\u00e0 Mi\u1ec1n Nam m\u00e0 kh\u00f4ng qua trung gian, <\/span><b>Nh\u1ea5t Nam<\/b><span style=\"font-weight: 400;\"> cam k\u1ebft mang \u0111\u1ebfn cho kh\u00e1ch h\u00e0ng c\u00e1c s\u1ea3n ph\u1ea9m <\/span><b>t\u1ee7 qu\u1ea7n \u00e1o nh\u00f4m c\u1eeda l\u00f9a<\/b><span style=\"font-weight: 400;\"> v\u1edbi gi\u00e1 c\u1ea3 h\u1ee3p l\u00fd v\u00e0 ch\u1ea5t l\u01b0\u1ee3ng v\u01b0\u1ee3t tr\u1ed9i.<\/span><\/p>\n<p style=\"text-align: justify;\"><span style=\"font-weight: 400;\">Ch\u00fang t\u00f4i cung c\u1ea5p \u0111a d\u1ea1ng m\u1eabu m\u00e3 t\u1ee7 nh\u00f4m c\u1eeda l\u00f9a t\u1eeb hi\u1ec7n \u0111\u1ea1i \u0111\u1ebfn c\u1ed5 \u0111i\u1ec3n, v\u1edbi c\u00e1c ki\u1ec3u d\u00e1ng v\u00e0 tone m\u00e0u phong ph\u00fa, ph\u00f9 h\u1ee3p v\u1edbi m\u1ecdi phong c\u00e1ch thi\u1ebft k\u1ebf kh\u00f4ng gian s\u1ed1ng.\u00a0<\/span><\/p>\n<p style=\"text-align: justify;\"><span style=\"font-weight: 400;\">Ngo\u00e0i ra, Nh\u1ea5t Nam c\u00f2n cung c\u1ea5p d\u1ecbch v\u1ee5 thi\u1ebft k\u1ebf theo y\u00eau c\u1ea7u, v\u1edbi s\u1ef1 h\u1ed7 tr\u1ee3 t\u1eadn t\u00ecnh t\u1eeb \u0111\u1ed9i ng\u0169 chuy\u00ean gia gi\u00e0u kinh nghi\u1ec7m. Ch\u00fang t\u00f4i \u0111\u1ea3m b\u1ea3o mang \u0111\u1ebfn b\u1ea3n v\u1ebd chi ti\u1ebft, gi\u00fap kh\u00e1ch h\u00e0ng d\u1ec5 d\u00e0ng h\u00ecnh dung v\u1ec1 s\u1ea3n ph\u1ea9m tr\u01b0\u1edbc khi thi c\u00f4ng, t\u1ea1o n\u00ean kh\u00f4ng gian ho\u00e0n h\u1ea3o theo mong mu\u1ed1n.<\/span><\/p>\n<p style=\"text-align: justify;\"><span style=\"font-weight: 400;\">Vi\u1ec7c l\u1ef1a ch\u1ecdn <\/span>t\u1ee7 qu\u1ea7n \u00e1o nh\u00f4m c\u1eeda l\u00f9a<span style=\"font-weight: 400;\"> kh\u00f4ng ch\u1ec9 gi\u00fap t\u1ed1i \u01b0u kh\u00f4ng gian l\u01b0u tr\u1eef m\u00e0 c\u00f2n t\u1ea1o n\u00ean s\u1ef1 h\u00e0i h\u00f2a v\u00e0 tho\u1ea3i m\u00e1i cho c\u0103n ph\u00f2ng. N\u1ebfu b\u1ea1n ch\u01b0a t\u00ecm \u0111\u01b0\u1ee3c m\u1eabu t\u1ee7 qu\u1ea7n \u00e1o nh\u00f4m c\u1eeda l\u00f9a \u01b0ng \u00fd ho\u1eb7c c\u1ea7n s\u1ef1 h\u1ed7 tr\u1ee3 t\u01b0 v\u1ea5n, \u0111\u1eebng ng\u1ea7n ng\u1ea1i li\u00ean h\u1ec7 ngay v\u1edbi <\/span><b>Nh\u1ea5t Nam<\/b><span style=\"font-weight: 400;\"> qua hotline<\/span> <b>0987 076 927<\/b><span style=\"font-weight: 400;\"> \u0111\u1ec3 \u0111\u01b0\u1ee3c t\u01b0 v\u1ea5n chi ti\u1ebft v\u00e0 nh\u1eadn c\u00e1c gi\u1ea3i ph\u00e1p n\u1ed9i th\u1ea5t t\u1ed1i \u01b0u nh\u1ea5t cho kh\u00f4ng gian s\u1ed1ng c\u1ee7a b\u1ea1n!<\/span><\/p>\n","protected":false},"excerpt":{"rendered":"<p style=\"text-align: justify;\"><span style=\"font-weight: 400;\">T\u1ee7 qu\u1ea7n \u00e1o nh\u00f4m c\u1eeda l\u00f9a l\u00e0 l\u1ef1a ch\u1ecdn l\u00fd t\u01b0\u1edfng trong thi\u1ebft k\u1ebf n\u1ed9i th\u1ea5t hi\u1ec7n \u0111\u1ea1i. V\u1edbi kh\u1ea3 n\u0103ng ti\u1ebft ki\u1ec7m kh\u00f4ng gian v\u00e0 t\u00ednh th\u1ea9m m\u1ef9 cao, lo\u1ea1i t\u1ee7 n\u00e0y gi\u00fap ph\u00f2ng ng\u1ee7 tr\u1edf n\u00ean g\u1ecdn g\u00e0ng, sang tr\u1ecdng v\u00e0 ti\u1ec7n nghi. C\u00f9ng kh\u00e1m ph\u00e1 l\u00fd do t\u1ea1i sao t\u1ee7 qu\u1ea7n \u00e1o nh\u00f4m c\u1eeda l\u00f9a \u0111ang l\u00e0 xu h\u01b0\u1edbng \u0111\u01b0\u1ee3c nhi\u1ec1u gia \u0111\u00ecnh \u01b0a chu\u1ed9ng!<\/span><\/p>\n","protected":false},"featured_media":1596,"comment_status":"open","ping_status":"closed","template":"","meta":{"_acf_changed":false,"_gspb_post_css":""},"book-author":[],"product_brand":[],"product_cat":[104,105,108],"product_tag":[],"class_list":{"0":"post-1597","1":"product","2":"type-product","3":"status-publish","4":"has-post-thumbnail","6":"product_cat-noi-that-phong-ngu","7":"product_cat-tu-ao-canh-kinh-cua-lua","8":"product_cat-tu-quan-ao-nhom-hop-kim","10":"first","11":"instock","12":"shipping-taxable","13":"product-type-simple"},"acf":[],"_links":{"self":[{"href":"https:\/\/nhatnam.libion.me\/wp-json\/wp\/v2\/product\/1597","targetHints":{"allow":["GET"]}}],"collection":[{"href":"https:\/\/nhatnam.libion.me\/wp-json\/wp\/v2\/product"}],"about":[{"href":"https:\/\/nhatnam.libion.me\/wp-json\/wp\/v2\/types\/product"}],"replies":[{"embeddable":true,"href":"https:\/\/nhatnam.libion.me\/wp-json\/wp\/v2\/comments?post=1597"}],"wp:featuredmedia":[{"embeddable":true,"href":"https:\/\/nhatnam.libion.me\/wp-json\/wp\/v2\/media\/1596"}],"wp:attachment":[{"href":"https:\/\/nhatnam.libion.me\/wp-json\/wp\/v2\/media?parent=1597"}],"wp:term":[{"taxonomy":"book-author","embeddable":true,"href":"https:\/\/nhatnam.libion.me\/wp-json\/wp\/v2\/book-author?post=1597"},{"taxonomy":"product_brand","embeddable":true,"href":"https:\/\/nhatnam.libion.me\/wp-json\/wp\/v2\/product_brand?post=1597"},{"taxonomy":"product_cat","embeddable":true,"href":"https:\/\/nhatnam.libion.me\/wp-json\/wp\/v2\/product_cat?post=1597"},{"taxonomy":"product_tag","embeddable":true,"href":"https:\/\/nhatnam.libion.me\/wp-json\/wp\/v2\/product_tag?post=1597"}],"curies":[{"name":"wp","href":"https:\/\/api.w.org\/{rel}","templated":true}]}}