{"id":1587,"date":"2026-04-07T10:18:08","date_gmt":"2026-04-07T10:18:08","guid":{"rendered":"https:\/\/nhatnam.libion.me\/index.php\/product\/tu-quan-ao-nhom-canh-mo\/"},"modified":"2026-04-07T10:18:08","modified_gmt":"2026-04-07T10:18:08","slug":"tu-quan-ao-nhom-canh-mo","status":"publish","type":"product","link":"https:\/\/nhatnam.libion.me\/product\/tu-quan-ao-nhom-canh-mo\/","title":{"rendered":"T\u1ee7 Qu\u1ea7n \u00c1o Nh\u00f4m C\u00e1nh M\u1edf"},"content":{"rendered":"<p style=\"text-align: justify;\"><span style=\"font-weight: 400;\">M\u1eabu t\u1ee7 qu\u1ea7n \u00e1o nh\u00f4m c\u00e1nh m\u1edf l\u00e0 l\u1ef1a ch\u1ecdn l\u00fd t\u01b0\u1edfng cho nh\u1eefng ai y\u00eau th\u00edch s\u1ef1 ti\u1ec7n l\u1ee3i v\u00e0 b\u1ec1n b\u1ec9 trong thi\u1ebft k\u1ebf n\u1ed9i th\u1ea5t. V\u1edbi ch\u1ea5t li\u1ec7u nh\u00f4m cao c\u1ea5p, s\u1ea3n ph\u1ea9m kh\u00f4ng ch\u1ec9 ch\u1ed1ng m\u1ed1i m\u1ecdt, cong v\u00eanh m\u00e0 c\u00f2n c\u00f3 kh\u1ea3 n\u0103ng ch\u1ecbu l\u1ef1c t\u1ed1t, \u0111\u1ea3m b\u1ea3o \u0111\u1ed9 b\u1ec1n l\u00e2u d\u00e0i. Thi\u1ebft k\u1ebf c\u00e1nh m\u1edf gi\u00fap d\u1ec5 d\u00e0ng s\u1eed d\u1ee5ng, ph\u00f9 h\u1ee3p v\u1edbi nhi\u1ec1u kh\u00f4ng gian kh\u00e1c nhau, t\u1eeb ph\u00f2ng ng\u1ee7 gia \u0111\u00ecnh \u0111\u1ebfn kh\u00e1ch s\u1ea1n, homestay.\u00a0<\/span><\/p>\n<p style=\"text-align: justify;\"><span style=\"font-weight: 400;\">H\u00e3y c\u00f9ng Nh\u1ea5t Nam kh\u00e1m ph\u00e1 nh\u1eefng l\u1ee3i \u00edch, t\u00ednh n\u0103ng v\u00e0 \u01b0u \u0111i\u1ec3m v\u01b0\u1ee3t tr\u1ed9i c\u1ee7a d\u00f2ng s\u1ea3n ph\u1ea9m n\u00e0y trong b\u00e0i vi\u1ebft d\u01b0\u1edbi \u0111\u00e2y.<\/span><\/p>\n<h2 style=\"text-align: justify;\"><b>1. T\u1ee7 qu\u1ea7n \u00e1o nh\u00f4m c\u00e1nh m\u1edf l\u00e0 g\u00ec?<br \/>\n<\/b><\/h2>\n<figure id=\"attachment_5632\" aria-describedby=\"caption-attachment-5632\" style=\"width: 736px\" class=\"wp-caption aligncenter\"><img loading=\"lazy\" decoding=\"async\" class=\"wp-image-5632 size-full\" src=\"https:\/\/nhatnam.org\/wp-content\/uploads\/2025\/03\/tu_quan_ao_nhom_canh_mo_Nhat_Nam09.jpg\" alt=\"T\u1ee7 Qu\u1ea7n \u00c1o Nh\u00f4m C\u00e1nh M\u1edf\" width=\"736\" height=\"736\" \/><figcaption id=\"caption-attachment-5632\" class=\"wp-caption-text\">T\u1ee7 qu\u1ea7n \u00e1o nh\u00f4m c\u00e1nh m\u1edf thi\u1ebft k\u1ebf hi\u1ec7n \u0111\u1ea1i, t\u1ed1i \u01b0u c\u00f4ng n\u0103ng<\/figcaption><\/figure>\n<p style=\"text-align: justify;\"><span style=\"font-weight: 400;\">T\u1ee7 qu\u1ea7n \u00e1o khung nh\u00f4m c\u00e1nh m\u1edf l\u00e0 lo\u1ea1i t\u1ee7 \u0111\u01b0\u1ee3c l\u00e0m t\u1eeb khung nh\u00f4m v\u1edbi thi\u1ebft k\u1ebf c\u00e1nh m\u1edf gi\u00fap ng\u01b0\u1eddi s\u1eed d\u1ee5ng d\u1ec5 d\u00e0ng truy c\u1eadp v\u00e0o c\u00e1c ng\u0103n ch\u1ee9a \u0111\u1ed3 m\u00e0 kh\u00f4ng g\u1eb7p ph\u1ea3i b\u1ea5t k\u1ef3 s\u1ef1 c\u1ea3n tr\u1edf n\u00e0o. B\u00ean c\u1ea1nh \u0111\u00f3, lo\u1ea1i t\u1ee7 n\u00e0y c\u00f2n c\u00f3 \u01b0u \u0111i\u1ec3m v\u01b0\u1ee3t tr\u1ed9i v\u1ec1 \u0111\u1ed9 b\u1ec1n, kh\u1ea3 n\u0103ng ch\u1ed1ng g\u1ec9 s\u00e9t v\u00e0 t\u00ednh th\u1ea9m m\u1ef9 cao, ph\u00f9 h\u1ee3p v\u1edbi m\u1ecdi kh\u00f4ng gian n\u1ed9i th\u1ea5t.<\/span><\/p>\n<p style=\"text-align: justify;\"><span style=\"font-weight: 400;\">V\u1edbi ch\u1ea5t li\u1ec7u nh\u00f4m \u0111\u1eb7c bi\u1ec7t, m\u1eabu t\u1ee7 qu\u1ea7n \u00e1o nh\u00f4m k\u00ednh c\u00e1nh m\u1edf kh\u00f4ng ch\u1ec9 gi\u00fap ti\u1ebft ki\u1ec7m kh\u00f4ng gian m\u00e0 c\u00f2n gi\u1eef cho qu\u1ea7n \u00e1o lu\u00f4n s\u1ea1ch s\u1ebd, kh\u00f4 r\u00e1o nh\u1edd kh\u1ea3 n\u0103ng ch\u1ed1ng \u1ea9m m\u1ed1c v\u01b0\u1ee3t tr\u1ed9i. C\u00f9ng v\u1edbi \u0111\u00f3, s\u1ef1 linh ho\u1ea1t trong thi\u1ebft k\u1ebf v\u00e0 s\u1ef1 \u0111a d\u1ea1ng v\u1ec1 k\u00edch th\u01b0\u1edbc gi\u00fap b\u1ea1n d\u1ec5 d\u00e0ng ch\u1ecdn \u0111\u01b0\u1ee3c chi\u1ebfc t\u1ee7 ph\u00f9 h\u1ee3p nh\u1ea5t v\u1edbi kh\u00f4ng gian s\u1ed1ng c\u1ee7a m\u00ecnh.<\/span><\/p>\n<h2 style=\"text-align: justify;\"><b>2. C\u1ea5u t\u1ea1o v\u00e0 ch\u1ea5t li\u1ec7u c\u1ee7a t\u1ee7 qu\u1ea7n \u00e1o nh\u00f4m c\u00e1nh m\u1edf<br \/>\n<\/b><\/h2>\n<figure id=\"attachment_5629\" aria-describedby=\"caption-attachment-5629\" style=\"width: 736px\" class=\"wp-caption aligncenter\"><img loading=\"lazy\" decoding=\"async\" class=\"wp-image-5629 size-full\" src=\"https:\/\/nhatnam.org\/wp-content\/uploads\/2025\/03\/tu_quan_ao_nhom_canh_mo_Nhat_Nam06.jpg\" alt=\"T\u1ee7 Qu\u1ea7n \u00c1o Nh\u00f4m C\u00e1nh M\u1edf\" width=\"736\" height=\"736\" \/><figcaption id=\"caption-attachment-5629\" class=\"wp-caption-text\">Thi\u1ebft k\u1ebf t\u1ee7 nh\u00f4m c\u00e1nh m\u1edf s\u1ef1 k\u1ebft h\u1ee3p gi\u1eefa t\u00ednh n\u0103ng v\u00e0 th\u1ea9m m\u1ef9<\/figcaption><\/figure>\n<p style=\"text-align: justify;\"><b>Ch\u1ea5t li\u1ec7u nh\u00f4m<\/b><span style=\"font-weight: 400;\">: Nh\u00f4m l\u00e0 m\u1ed9t trong nh\u1eefng v\u1eadt li\u1ec7u nh\u1eb9 nh\u01b0ng l\u1ea1i r\u1ea5t b\u1ec1n, ch\u1ed1ng \u0103n m\u00f2n v\u00e0 g\u1ec9 s\u00e9t. T\u1ee7 qu\u1ea7n \u00e1o nh\u00f4m c\u00e1nh m\u1edf s\u1eed d\u1ee5ng nh\u00f4m s\u01a1n t\u0129nh \u0111i\u1ec7n, gi\u00fap b\u1ec1 m\u1eb7t t\u1ee7 s\u00e1ng b\u00f3ng, kh\u00f4ng b\u00e1m b\u1ea9n, d\u1ec5 d\u00e0ng v\u1ec7 sinh v\u00e0 b\u1ec1n v\u1eefng theo th\u1eddi gian. Lo\u1ea1i nh\u00f4m n\u00e0y c\u00f2n c\u00f3 kh\u1ea3 n\u0103ng ch\u1ecbu \u0111\u01b0\u1ee3c nhi\u1ec7t \u0111\u1ed9 cao v\u00e0 kh\u00f4ng b\u1ecb bi\u1ebfn d\u1ea1ng theo th\u1eddi gian.<\/span><\/p>\n<p style=\"text-align: justify;\"><b>Khung nh\u00f4m<\/b><span style=\"font-weight: 400;\">: T\u1ee7 qu\u1ea7n \u00e1o khung nh\u00f4m c\u00e1nh m\u1edf \u0111\u01b0\u1ee3c c\u1ea5u t\u1ea1o t\u1eeb c\u00e1c thanh nh\u00f4m \u0111\u1ecbnh h\u00ecnh, t\u1ea1o n\u00ean m\u1ed9t khung ch\u1eafc ch\u1eafn, v\u1eefng ch\u00e3i. Khung nh\u00f4m n\u00e0y gi\u00fap t\u1ee7 qu\u1ea7n \u00e1o gi\u1eef \u0111\u01b0\u1ee3c h\u00ecnh d\u00e1ng nguy\u00ean v\u1eb9n, kh\u00f4ng b\u1ecb cong v\u00eanh hay bi\u1ebfn d\u1ea1ng do t\u00e1c \u0111\u1ed9ng t\u1eeb b\u00ean ngo\u00e0i.<\/span><\/p>\n<p style=\"text-align: justify;\"><b>C\u00e1nh m\u1edf<\/b><span style=\"font-weight: 400;\">: C\u00e1nh c\u1ee7a t\u1ee7 c\u00f3 th\u1ec3 \u0111\u01b0\u1ee3c l\u00e0m t\u1eeb nhi\u1ec1u ch\u1ea5t li\u1ec7u kh\u00e1c nhau nh\u01b0 k\u00ednh c\u01b0\u1eddng l\u1ef1c, g\u1ed7 c\u00f4ng nghi\u1ec7p, ho\u1eb7c nh\u00f4m nguy\u00ean kh\u1ed1i. C\u00e1nh m\u1edf gi\u00fap ng\u01b0\u1eddi d\u00f9ng d\u1ec5 d\u00e0ng l\u1ea5y \u0111\u1ed3 m\u00e0 kh\u00f4ng g\u1eb7p kh\u00f3 kh\u0103n, \u0111\u1eb7c bi\u1ec7t khi so v\u1edbi c\u00e1c lo\u1ea1i t\u1ee7 c\u00f3 c\u00e1nh tr\u01b0\u1ee3t hay c\u00e1c t\u1ee7 \u00e2m t\u01b0\u1eddng.<\/span><\/p>\n<p style=\"text-align: justify;\"><b>H\u1ec7 th\u1ed1ng b\u1ea3n l\u1ec1<\/b><span style=\"font-weight: 400;\">: B\u1ea3n l\u1ec1 c\u1ee7a t\u1ee7 qu\u1ea7n \u00e1o nh\u00f4m c\u00e1nh m\u1edf th\u01b0\u1eddng \u0111\u01b0\u1ee3c l\u00e0m t\u1eeb inox ho\u1eb7c th\u00e9p kh\u00f4ng g\u1ec9, \u0111\u1ea3m b\u1ea3o \u0111\u1ed9 b\u1ec1n v\u00e0 kh\u1ea3 n\u0103ng ch\u1ecbu l\u1ef1c t\u1ed1t. H\u1ec7 th\u1ed1ng b\u1ea3n l\u1ec1 n\u00e0y gi\u00fap c\u00e1nh t\u1ee7 m\u1edf ra d\u1ec5 d\u00e0ng m\u00e0 kh\u00f4ng g\u00e2y ti\u1ebfng \u0111\u1ed9ng hay s\u1ef1 c\u1ed1 h\u1ecfng h\u00f3c.<\/span><\/p>\n<h2 style=\"text-align: justify;\"><b>3. \u01afu \u0111i\u1ec3m c\u1ee7a t\u1ee7 qu\u1ea7n \u00e1o nh\u00f4m c\u00e1nh m\u1edf<br \/>\n<\/b><\/h2>\n<p style=\"text-align: justify;\"><b>\u0110\u1ed9 b\u1ec1n cao<\/b><span style=\"font-weight: 400;\">: M\u1eabu t\u1ee7 qu\u1ea7n \u00e1o nh\u00f4m c\u00e1nh m\u1edf\u00a0 c\u00f3 \u0111\u1ed9 b\u1ec1n r\u1ea5t cao so v\u1edbi c\u00e1c lo\u1ea1i t\u1ee7 g\u1ed7 hay t\u1ee7 s\u1eaft th\u00f4ng th\u01b0\u1eddng. Nh\u1edd v\u00e0o ch\u1ea5t li\u1ec7u nh\u00f4m s\u01a1n t\u0129nh \u0111i\u1ec7n, t\u1ee7 c\u00f3 kh\u1ea3 n\u0103ng ch\u1ed1ng l\u1ea1i s\u1ef1 oxi h\u00f3a, g\u1ec9 s\u00e9t v\u00e0 t\u00e1c \u0111\u1ed9ng c\u1ee7a m\u00f4i tr\u01b0\u1eddng, \u0111\u1eb7c bi\u1ec7t l\u00e0 trong nh\u1eefng kh\u00f4ng gian c\u00f3 \u0111\u1ed9 \u1ea9m cao.<\/span><\/p>\n<p style=\"text-align: justify;\"><b>Thi\u1ebft k\u1ebf hi\u1ec7n \u0111\u1ea1i<\/b><span style=\"font-weight: 400;\">: T\u1ee7 qu\u1ea7n \u00e1o nh\u00f4m c\u00e1nh m\u1edf v\u1edbi thi\u1ebft k\u1ebf c\u00e1nh m\u1edf th\u00f4ng minh gi\u00fap t\u1ed1i \u01b0u h\u00f3a kh\u00f4ng gian s\u1ed1ng. V\u1edbi s\u1ef1 \u0111a d\u1ea1ng v\u1ec1 m\u1eabu m\u00e3 v\u00e0 m\u00e0u s\u1eafc, t\u1ee7 nh\u00f4m d\u1ec5 d\u00e0ng k\u1ebft h\u1ee3p v\u1edbi c\u00e1c phong c\u00e1ch trang tr\u00ed n\u1ed9i th\u1ea5t t\u1eeb c\u1ed5 \u0111i\u1ec3n \u0111\u1ebfn hi\u1ec7n \u0111\u1ea1i.<\/span><\/p>\n<p style=\"text-align: justify;\"><b>D\u1ec5 d\u00e0ng b\u1ea3o tr\u00ec v\u00e0 v\u1ec7 sinh<\/b><span style=\"font-weight: 400;\">: Kh\u00e1c v\u1edbi c\u00e1c lo\u1ea1i t\u1ee7 g\u1ed7 d\u1ec5 b\u1ecb m\u1ed1i m\u1ecdt hay phai m\u00e0u theo th\u1eddi gian, t\u1ee7 qu\u1ea7n \u00e1o nh\u00f4m c\u00e1nh m\u1edf r\u1ea5t d\u1ec5 d\u00e0ng v\u1ec7 sinh.\u00a0<\/span><\/p>\n<p style=\"text-align: justify;\"><b>Ch\u1ed1ng \u1ea9m m\u1ed1c v\u00e0 m\u1ed1i m\u1ecdt<\/b><span style=\"font-weight: 400;\">: M\u1ed9t trong nh\u1eefng nh\u01b0\u1ee3c \u0111i\u1ec3m c\u1ee7a t\u1ee7 g\u1ed7 l\u00e0 kh\u1ea3 n\u0103ng b\u1ecb m\u1ed1i m\u1ecdt t\u1ea5n c\u00f4ng ho\u1eb7c b\u1ecb m\u1ed1c n\u1ebfu m\u00f4i tr\u01b0\u1eddng \u1ea9m \u01b0\u1edbt. T\u1ee7 nh\u00f4m c\u00e1nh m\u1edf ho\u00e0n to\u00e0n kh\u1eafc ph\u1ee5c \u0111\u01b0\u1ee3c v\u1ea5n \u0111\u1ec1 n\u00e0y nh\u1edd v\u00e0o \u0111\u1eb7c t\u00ednh ch\u1ed1ng \u1ea9m v\u00e0 m\u1ed1i m\u1ecdt t\u1ef1 nhi\u00ean c\u1ee7a nh\u00f4m.<\/span><\/p>\n<p style=\"text-align: justify;\"><b>T\u00ednh n\u0103ng ch\u1ed1ng g\u1ec9 s\u00e9t<\/b><span style=\"font-weight: 400;\">: Nh\u00f4m l\u00e0 ch\u1ea5t li\u1ec7u kh\u00f4ng b\u1ecb g\u1ec9 s\u00e9t, do \u0111\u00f3, t\u1ee7 nh\u00f4m c\u00e1nh m\u1edf lu\u00f4n duy tr\u00ec \u0111\u01b0\u1ee3c v\u1ebb \u0111\u1eb9p v\u00e0 \u0111\u1ed9 b\u1ec1n l\u00e2u d\u00e0i, k\u1ec3 c\u1ea3 khi s\u1eed d\u1ee5ng trong nh\u1eefng m\u00f4i tr\u01b0\u1eddng \u1ea9m \u01b0\u1edbt ho\u1eb7c c\u00f3 kh\u00ed h\u1eadu kh\u1eafc nghi\u1ec7t.<\/span><\/p>\n<h2 style=\"text-align: justify;\"><b>4. \u1ee8ng d\u1ee5ng t\u1ee7 qu\u1ea7n \u00e1o nh\u00f4m c\u00e1nh m\u1edf<br \/>\n<\/b><\/h2>\n<figure id=\"attachment_5630\" aria-describedby=\"caption-attachment-5630\" style=\"width: 736px\" class=\"wp-caption aligncenter\"><img loading=\"lazy\" decoding=\"async\" class=\"wp-image-5630 size-full\" src=\"https:\/\/nhatnam.org\/wp-content\/uploads\/2025\/03\/tu_quan_ao_nhom_canh_mo_Nhat_Nam07.jpg\" alt=\"T\u1ee7 qu\u1ea7n \u00e1o nh\u00f4m c\u00e1nh m\u1edf\" width=\"736\" height=\"736\" \/><figcaption id=\"caption-attachment-5630\" class=\"wp-caption-text\">T\u1ee7 qu\u1ea7n \u00e1p c\u00e1nh m\u1edf gi\u1ea3i ph\u00e1p l\u01b0u tr\u1eef ti\u1ec7n l\u1ee3i d\u1ec5 v\u1ec7 sinh<\/figcaption><\/figure>\n<p style=\"text-align: justify;\"><b>T\u1ee7 qu\u1ea7n \u00e1o nh\u00f4m c\u00e1nh m\u1edf cho gia \u0111\u00ecnh<\/b><span style=\"font-weight: 400;\">: T\u1ee7 qu\u1ea7n \u00e1o c\u00e1nh m\u1edf l\u00e0 l\u1ef1a ch\u1ecdn l\u00fd t\u01b0\u1edfng cho c\u00e1c gia \u0111\u00ecnh hi\u1ec7n \u0111\u1ea1i. V\u1edbi k\u00edch th\u01b0\u1edbc \u0111a d\u1ea1ng, t\u1ee7 c\u00f3 th\u1ec3 \u0111\u00e1p \u1ee9ng nhu c\u1ea7u c\u1ee7a m\u1ecdi gia \u0111\u00ecnh, t\u1eeb gia \u0111\u00ecnh \u00edt ng\u01b0\u1eddi \u0111\u1ebfn gia \u0111\u00ecnh \u0111\u00f4ng th\u00e0nh vi\u00ean. T\u1ee7 nh\u00f4m gi\u00fap t\u1ed5 ch\u1ee9c kh\u00f4ng gian g\u1ecdn g\u00e0ng, ng\u0103n n\u1eafp v\u00e0 d\u1ec5 d\u00e0ng ph\u00e2n lo\u1ea1i qu\u1ea7n \u00e1o, \u0111\u1ed3 d\u00f9ng.<\/span><\/p>\n<p style=\"text-align: justify;\"><b>T\u1ee7 qu\u1ea7n \u00e1o c\u00e1nh m\u1edf khung nh\u00f4m trong ph\u00f2ng ng\u1ee7<\/b><span style=\"font-weight: 400;\">: Trong ph\u00f2ng ng\u1ee7, t\u1ee7 qu\u1ea7n \u00e1o nh\u00f4m c\u00e1nh m\u1edf kh\u00f4ng ch\u1ec9 gi\u00fap l\u01b0u tr\u1eef qu\u1ea7n \u00e1o m\u00e0 c\u00f2n \u0111\u00f3ng vai tr\u00f2 trang tr\u00ed cho kh\u00f4ng gian. V\u1edbi thi\u1ebft k\u1ebf sang tr\u1ecdng v\u00e0 thanh tho\u00e1t, t\u1ee7 nh\u00f4m t\u1ea1o n\u00ean \u0111i\u1ec3m nh\u1ea5n n\u1ed5i b\u1eadt, g\u00f3p ph\u1ea7n n\u00e2ng t\u1ea7m v\u1ebb \u0111\u1eb9p ph\u00f2ng ng\u1ee7.<\/span><\/p>\n<p style=\"text-align: justify;\"><b>T\u1ee7 qu\u1ea7n \u00e1o nh\u00f4m c\u00e1nh m\u1edf cho kh\u00e1ch s\u1ea1n v\u00e0 homestay<\/b><span style=\"font-weight: 400;\">: Kh\u00f4ng ch\u1ec9 d\u00f9ng trong gia \u0111\u00ecnh, t\u1ee7 qu\u1ea7n \u00e1o nh\u00f4m c\u00e1nh m\u1edf c\u00f2n \u0111\u01b0\u1ee3c \u1ee9ng d\u1ee5ng r\u1ed9ng r\u00e3i trong c\u00e1c kh\u00f4ng gian l\u01b0u tr\u00fa nh\u01b0 kh\u00e1ch s\u1ea1n, homestay hay nh\u00e0 ngh\u1ec9. T\u1ee7 gi\u00fap t\u1ed1i \u01b0u h\u00f3a kh\u00f4ng gian ph\u00f2ng, t\u1ea1o s\u1ef1 tho\u1ea3i m\u00e1i v\u00e0 ti\u1ec7n nghi cho kh\u00e1ch h\u00e0ng.<\/span><\/p>\n<h2 style=\"text-align: justify;\"><b>5. C\u00e1ch l\u1ef1a ch\u1ecdn t\u1ee7 qu\u1ea7n \u00e1o nh\u00f4m c\u00e1nh m\u1edf ph\u00f9 h\u1ee3p<\/b><\/h2>\n<p style=\"text-align: justify;\"><b>Ch\u1ecdn k\u00edch th\u01b0\u1edbc ph\u00f9 h\u1ee3p<\/b><span style=\"font-weight: 400;\">: Tr\u01b0\u1edbc khi mua t\u1ee7, b\u1ea1n c\u1ea7n \u0111o \u0111\u1ea1c di\u1ec7n t\u00edch kh\u00f4ng gian trong ph\u00f2ng \u0111\u1ec3 \u0111\u1ea3m b\u1ea3o r\u1eb1ng t\u1ee7 qu\u1ea7n \u00e1o nh\u00f4m c\u00e1nh m\u1edf s\u1ebd v\u1eeba v\u1eb7n v\u1edbi kh\u00f4ng gian, tr\u00e1nh l\u00e0m c\u0103n ph\u00f2ng tr\u1edf n\u00ean ch\u1eadt ch\u1ed9i<\/span><\/p>\n<p style=\"text-align: justify;\"><b>Ch\u1ecdn ch\u1ea5t li\u1ec7u c\u00e1nh t\u1ee7<\/b><span style=\"font-weight: 400;\">: B\u1ea1n c\u00f3 th\u1ec3 l\u1ef1a ch\u1ecdn c\u00e1nh t\u1ee7 l\u00e0m t\u1eeb nh\u00f4m nguy\u00ean kh\u1ed1i, k\u00ednh c\u01b0\u1eddng l\u1ef1c hay g\u1ed7 c\u00f4ng nghi\u1ec7p t\u00f9y theo s\u1edf th\u00edch v\u00e0 phong c\u00e1ch n\u1ed9i th\u1ea5t c\u1ee7a m\u00ecnh. C\u00e1nh k\u00ednh c\u01b0\u1eddng l\u1ef1c t\u1ea1o c\u1ea3m gi\u00e1c sang tr\u1ecdng, trong khi c\u00e1nh g\u1ed7 mang l\u1ea1i v\u1ebb \u1ea5m c\u00fang v\u00e0 t\u1ef1 nhi\u00ean.<\/span><\/p>\n<p style=\"text-align: justify;\"><b>Ch\u1ecdn thi\u1ebft k\u1ebf v\u00e0 m\u00e0u s\u1eafc<\/b><span style=\"font-weight: 400;\">: C\u00e1c m\u1eabu t\u1ee7 qu\u1ea7n \u00e1o nh\u00f4m c\u00e1nh m\u1edf hi\u1ec7n nay c\u00f3 r\u1ea5t nhi\u1ec1u m\u00e0u s\u1eafc v\u00e0 ki\u1ec3u d\u00e1ng kh\u00e1c nhau. H\u00e3y ch\u1ecdn m\u00e0u s\u1eafc ph\u00f9 h\u1ee3p v\u1edbi n\u1ed9i th\u1ea5t v\u00e0 phong c\u00e1ch trang tr\u00ed ph\u00f2ng ng\u1ee7 \u0111\u1ec3 t\u1ea1o s\u1ef1 h\u00e0i h\u00f2a, \u0111\u1ed3ng b\u1ed9.<\/span><\/p>\n<h2 style=\"text-align: justify;\"><b>6. M\u1ed9t s\u1ed1 m\u1eabu t\u1ee7 qu\u1ea7n \u00e1o c\u00e1nh m\u1edf khung nh\u00f4m \u0111\u1eb9p<\/b><\/h2>\n<figure id=\"attachment_5631\" aria-describedby=\"caption-attachment-5631\" style=\"width: 736px\" class=\"wp-caption aligncenter\"><img loading=\"lazy\" decoding=\"async\" class=\"wp-image-5631 size-full\" src=\"https:\/\/nhatnam.org\/wp-content\/uploads\/2025\/03\/tu_quan_ao_nhom_canh_mo_Nhat_Nam08.jpg\" alt=\"T\u1ee7 Qu\u1ea7n \u00c1o Nh\u00f4m C\u00e1nh M\u1edf\" width=\"736\" height=\"736\" \/><figcaption id=\"caption-attachment-5631\" class=\"wp-caption-text\">M\u1eabu t\u1ee7 qu\u1ea7n \u00e1o nh\u00f4m c\u00e1nh m\u1edf \u0111\u01a1n gi\u1ea3n m\u00e0 tinh t\u1ebf ph\u00f9 h\u1ee3p m\u1ecdi phong c\u00e1ch<\/figcaption><\/figure>\n<figure id=\"attachment_5627\" aria-describedby=\"caption-attachment-5627\" style=\"width: 736px\" class=\"wp-caption aligncenter\"><img loading=\"lazy\" decoding=\"async\" class=\"wp-image-5627 size-full\" src=\"https:\/\/nhatnam.org\/wp-content\/uploads\/2025\/03\/tu_quan_ao_nhom_canh_mo_Nhat_Nam04.jpg\" alt=\"M\u1eabu t\u1ee7 qu\u1ea7n \u00e1o nh\u00f4m c\u00e1nh m\u1edf \u0111\u01a1n gi\u1ea3n m\u00e0 tinh t\u1ebf ph\u00f9 h\u1ee3p m\u1ecdi phong c\u00e1ch\" width=\"736\" height=\"736\" \/><figcaption id=\"caption-attachment-5627\" class=\"wp-caption-text\">T\u1ee7 qu\u1ea7n \u00e1o nh\u00f4m c\u00e1nh m\u1edf b\u1ec1 m\u1eb7t nh\u00f4m cao c\u1ea5p ch\u1ed1ng oxy h\u00f3a<\/figcaption><\/figure>\n<figure id=\"attachment_5626\" aria-describedby=\"caption-attachment-5626\" style=\"width: 736px\" class=\"wp-caption aligncenter\"><img loading=\"lazy\" decoding=\"async\" class=\"wp-image-5626 size-full\" src=\"https:\/\/nhatnam.org\/wp-content\/uploads\/2025\/03\/tu_quan_ao_nhom_canh_mo_Nhat_Nam03.jpg\" alt=\"T\u1ee7 qu\u1ea7n \u00e1o nh\u00f4m c\u00e1nh m\u1edf b\u1ec1 m\u1eb7t nh\u00f4m cao c\u1ea5p ch\u1ed1ng oxy h\u00f3a\" width=\"736\" height=\"736\" \/><figcaption id=\"caption-attachment-5626\" class=\"wp-caption-text\">M\u1eabu t\u1ee7 qu\u1ea7n \u00e1o c\u00e1nh m\u1edf k\u00ednh m\u00e0u tr\u00e0<\/figcaption><\/figure>\n<figure id=\"attachment_5625\" aria-describedby=\"caption-attachment-5625\" style=\"width: 736px\" class=\"wp-caption aligncenter\"><img loading=\"lazy\" decoding=\"async\" class=\"wp-image-5625 size-full\" src=\"https:\/\/nhatnam.org\/wp-content\/uploads\/2025\/03\/tu_quan_ao_nhom_canh_mo_Nhat_Nam02.jpg\" alt=\"T\u1ee7 qu\u1ea7n \u00e1o nh\u00f4m c\u00e1nh m\u1edf\" width=\"736\" height=\"736\" \/><figcaption id=\"caption-attachment-5625\" class=\"wp-caption-text\">M\u1eabu t\u1ee7 qu\u1ea7n \u00e1o nh\u00f4m \u0111\u1eb9p<\/figcaption><\/figure>\n<figure id=\"attachment_5624\" aria-describedby=\"caption-attachment-5624\" style=\"width: 736px\" class=\"wp-caption aligncenter\"><img loading=\"lazy\" decoding=\"async\" class=\"wp-image-5624 size-full\" src=\"https:\/\/nhatnam.org\/wp-content\/uploads\/2025\/03\/tu_quan_ao_nhom_canh_mo_Nhat_Nam01.jpg\" alt=\"T\u1ee7 qu\u1ea7n \u00e1o nh\u00f4m c\u00e1nh m\u1edf \" width=\"736\" height=\"736\" \/><figcaption id=\"caption-attachment-5624\" class=\"wp-caption-text\">Thi\u1ebft k\u1ebf t\u1ee7 nh\u00f4m c\u00e1nh m\u1edf t\u1ed1i \u01b0u kh\u00f4ng gian<\/figcaption><\/figure>\n<p style=\"text-align: justify;\"><span style=\"font-weight: 400;\">T\u1ee7 qu\u1ea7n \u00e1o nh\u00f4m c\u00e1nh m\u1edf kh\u00f4ng ch\u1ec9 gi\u00fap t\u1ed1i \u01b0u kh\u00f4ng gian l\u01b0u tr\u1eef m\u00e0 c\u00f2n mang \u0111\u1ebfn v\u1ebb \u0111\u1eb9p hi\u1ec7n \u0111\u1ea1i, sang tr\u1ecdng cho ph\u00f2ng ng\u1ee7. V\u1edbi \u0111\u1ed9 b\u1ec1n cao, kh\u1ea3 n\u0103ng ch\u1ed1ng \u1ea9m m\u1ed1c v\u00e0 d\u1ec5 d\u00e0ng v\u1ec7 sinh, \u0111\u00e2y l\u00e0 l\u1ef1a ch\u1ecdn l\u00fd t\u01b0\u1edfng cho m\u1ecdi gia \u0111\u00ecnh.<\/span><\/p>\n<p style=\"text-align: justify;\"><span style=\"font-weight: 400;\">\u0110\u1ebfn ngay <\/span><b>showroom Nh\u1ea5t Nam<\/b><span style=\"font-weight: 400;\"> \u0111\u1ec3 tr\u1ea3i nghi\u1ec7m tr\u1ef1c ti\u1ebfp c\u00e1c m\u1eabu t\u1ee7 qu\u1ea7n \u00e1o nh\u00f4m c\u00e1nh m\u1edf cao c\u1ea5p. Ch\u00fang t\u00f4i s\u1eb5n s\u00e0ng t\u01b0 v\u1ea5n v\u00e0 gi\u00fap b\u1ea1n ch\u1ecdn \u0111\u01b0\u1ee3c s\u1ea3n ph\u1ea9m \u01b0ng \u00fd nh\u1ea5t, ph\u00f9 h\u1ee3p v\u1edbi kh\u00f4ng gian s\u1ed1ng c\u1ee7a b\u1ea1n!<\/span><\/p>\n","protected":false},"excerpt":{"rendered":"<p style=\"text-align: justify;\"><span style=\"font-weight: 400;\">M\u1eabu t\u1ee7 qu\u1ea7n \u00e1o nh\u00f4m c\u00e1nh m\u1edf l\u00e0 l\u1ef1a ch\u1ecdn l\u00fd t\u01b0\u1edfng cho nh\u1eefng ai y\u00eau th\u00edch s\u1ef1 ti\u1ec7n l\u1ee3i v\u00e0 b\u1ec1n b\u1ec9 trong thi\u1ebft k\u1ebf n\u1ed9i th\u1ea5t. V\u1edbi ch\u1ea5t li\u1ec7u nh\u00f4m cao c\u1ea5p, s\u1ea3n ph\u1ea9m kh\u00f4ng ch\u1ec9 ch\u1ed1ng m\u1ed1i m\u1ecdt, cong v\u00eanh m\u00e0 c\u00f2n c\u00f3 kh\u1ea3 n\u0103ng ch\u1ecbu l\u1ef1c t\u1ed1t, \u0111\u1ea3m b\u1ea3o \u0111\u1ed9 b\u1ec1n l\u00e2u d\u00e0i. Thi\u1ebft k\u1ebf c\u00e1nh m\u1edf gi\u00fap d\u1ec5 d\u00e0ng s\u1eed d\u1ee5ng, ph\u00f9 h\u1ee3p v\u1edbi nhi\u1ec1u kh\u00f4ng gian kh\u00e1c nhau, t\u1eeb ph\u00f2ng ng\u1ee7 gia \u0111\u00ecnh \u0111\u1ebfn kh\u00e1ch s\u1ea1n, homestay.\u00a0<\/span><\/p>\n<p style=\"text-align: justify;\"><span style=\"font-weight: 400;\">H\u00e3y c\u00f9ng Nh\u1ea5t Nam kh\u00e1m ph\u00e1 nh\u1eefng l\u1ee3i \u00edch, t\u00ednh n\u0103ng v\u00e0 \u01b0u \u0111i\u1ec3m v\u01b0\u1ee3t tr\u1ed9i c\u1ee7a d\u00f2ng s\u1ea3n ph\u1ea9m n\u00e0y trong b\u00e0i vi\u1ebft d\u01b0\u1edbi \u0111\u00e2y.<\/span><\/p>\n","protected":false},"featured_media":1586,"comment_status":"open","ping_status":"closed","template":"","meta":{"_acf_changed":false,"_gspb_post_css":""},"book-author":[],"product_brand":[],"product_cat":[104,106,108],"product_tag":[],"class_list":{"0":"post-1587","1":"product","2":"type-product","3":"status-publish","4":"has-post-thumbnail","6":"product_cat-noi-that-phong-ngu","7":"product_cat-tu-ao-canh-kinh-cua-mo","8":"product_cat-tu-quan-ao-nhom-hop-kim","10":"first","11":"instock","12":"shipping-taxable","13":"product-type-simple"},"acf":[],"_links":{"self":[{"href":"https:\/\/nhatnam.libion.me\/wp-json\/wp\/v2\/product\/1587","targetHints":{"allow":["GET"]}}],"collection":[{"href":"https:\/\/nhatnam.libion.me\/wp-json\/wp\/v2\/product"}],"about":[{"href":"https:\/\/nhatnam.libion.me\/wp-json\/wp\/v2\/types\/product"}],"replies":[{"embeddable":true,"href":"https:\/\/nhatnam.libion.me\/wp-json\/wp\/v2\/comments?post=1587"}],"wp:featuredmedia":[{"embeddable":true,"href":"https:\/\/nhatnam.libion.me\/wp-json\/wp\/v2\/media\/1586"}],"wp:attachment":[{"href":"https:\/\/nhatnam.libion.me\/wp-json\/wp\/v2\/media?parent=1587"}],"wp:term":[{"taxonomy":"book-author","embeddable":true,"href":"https:\/\/nhatnam.libion.me\/wp-json\/wp\/v2\/book-author?post=1587"},{"taxonomy":"product_brand","embeddable":true,"href":"https:\/\/nhatnam.libion.me\/wp-json\/wp\/v2\/product_brand?post=1587"},{"taxonomy":"product_cat","embeddable":true,"href":"https:\/\/nhatnam.libion.me\/wp-json\/wp\/v2\/product_cat?post=1587"},{"taxonomy":"product_tag","embeddable":true,"href":"https:\/\/nhatnam.libion.me\/wp-json\/wp\/v2\/product_tag?post=1587"}],"curies":[{"name":"wp","href":"https:\/\/api.w.org\/{rel}","templated":true}]}}