{"id":1565,"date":"2026-04-07T10:16:51","date_gmt":"2026-04-07T10:16:51","guid":{"rendered":"https:\/\/nhatnam.libion.me\/index.php\/product\/tu-quan-ao-canh-kinh-mau-tra\/"},"modified":"2026-04-07T10:16:51","modified_gmt":"2026-04-07T10:16:51","slug":"tu-quan-ao-canh-kinh-mau-tra","status":"publish","type":"product","link":"https:\/\/nhatnam.libion.me\/product\/tu-quan-ao-canh-kinh-mau-tra\/","title":{"rendered":"T\u1ee7 Qu\u1ea7n \u00c1o C\u00e1nh K\u00ednh M\u00e0u Tr\u00e0"},"content":{"rendered":"<p style=\"text-align: justify;\"><span style=\"font-weight: 400;\">Trong kh\u00f4ng gian s\u1ed1ng hi\u1ec7n \u0111\u1ea1i, s\u1ef1 k\u1ebft h\u1ee3p gi\u1eefa ti\u1ec7n nghi v\u00e0 th\u1ea9m m\u1ef9 l\u00e0 y\u1ebfu t\u1ed1 quan tr\u1ecdng gi\u00fap t\u1ea1o n\u00ean m\u1ed9t ng\u00f4i nh\u00e0 \u0111\u1eb9p v\u00e0 sang tr\u1ecdng. T\u1ee7 qu\u1ea7n \u00e1o c\u00e1nh k\u00ednh m\u00e0u tr\u00e0 \u0111ang tr\u1edf th\u00e0nh m\u1ed9t trong nh\u1eefng s\u1ea3n ph\u1ea9m n\u1ed9i th\u1ea5t \u0111\u01b0\u1ee3c y\u00eau th\u00edch nh\u1edd v\u00e0o thi\u1ebft k\u1ebf tinh t\u1ebf, m\u00e0u s\u1eafc sang tr\u1ecdng v\u00e0 c\u00f4ng n\u0103ng s\u1eed d\u1ee5ng v\u01b0\u1ee3t tr\u1ed9i. B\u00e0i vi\u1ebft n\u00e0y s\u1ebd gi\u00fap b\u1ea1n kh\u00e1m ph\u00e1 t\u1ea5t c\u1ea3 nh\u1eefng g\u00ec b\u1ea1n c\u1ea7n bi\u1ebft v\u1ec1 t\u1ee7 qu\u1ea7n \u00e1o c\u00e1nh k\u00ednh m\u00e0u tr\u00e0, t\u1eeb \u01b0u \u0111i\u1ec3m, gi\u00e1 th\u00e0nh cho \u0111\u1ebfn nh\u1eefng m\u1eabu thi\u1ebft k\u1ebf \u0111\u1eb9p m\u1eaft.<\/span><\/p>\n<h2 style=\"text-align: justify;\"><b>1. T\u1ee7 qu\u1ea7n \u00e1o c\u00e1nh k\u00ednh m\u00e0u tr\u00e0 l\u00e0 g\u00ec?<br \/>\n<\/b><\/h2>\n<figure id=\"attachment_5613\" aria-describedby=\"caption-attachment-5613\" style=\"width: 1280px\" class=\"wp-caption aligncenter\"><img loading=\"lazy\" decoding=\"async\" class=\"wp-image-5613 size-full\" src=\"https:\/\/nhatnam.org\/wp-content\/uploads\/2025\/03\/tu_quan_ao_canh_kinh_mau_tra_Nhat_Nam11.jpg\" alt=\"T\u1ee7 Qu\u1ea7n \u00c1o C\u00e1nh K\u00ednh M\u00e0u Tr\u00e0\" width=\"1280\" height=\"960\" \/><figcaption id=\"caption-attachment-5613\" class=\"wp-caption-text\">M\u1eabu t\u1ee7 qu\u1ea7n \u00e1o c\u00e1nh k\u00ednh m\u00e0u tr\u00e0 \u0111\u1eb9p, thi\u1ebft k\u1ebf hi\u1ec7n \u0111\u1ea1i<\/figcaption><\/figure>\n<p style=\"text-align: justify;\"><span style=\"font-weight: 400;\">T\u1ee7 qu\u1ea7n \u00e1o c\u00e1nh k\u00ednh m\u00e0u tr\u00e0 l\u00e0 l\u1ef1a ch\u1ecdn l\u00fd t\u01b0\u1edfng cho kh\u00f4ng gian s\u1ed1ng hi\u1ec7n \u0111\u1ea1i, mang \u0111\u1ebfn v\u1ebb \u0111\u1eb9p thanh l\u1ecbch v\u00e0 tinh t\u1ebf. S\u1ea3n ph\u1ea9m \u0111\u01b0\u1ee3c k\u1ebft h\u1ee3p gi\u1eefa k\u00ednh c\u01b0\u1eddng l\u1ef1c m\u00e0u tr\u00e0 b\u1ec1n b\u1ec9 v\u1edbi khung t\u1ee7 l\u00e0m t\u1eeb ch\u1ea5t li\u1ec7u g\u1ed7 MDF, nh\u00f4m\u2026.., t\u1ea1o n\u00ean s\u1ef1 h\u00e0i h\u00f2a trong thi\u1ebft k\u1ebf.<\/span><\/p>\n<p style=\"text-align: justify;\"><span style=\"font-weight: 400;\">K\u00ednh m\u00e0u tr\u00e0 c\u00f3 t\u00f4ng n\u00e2u nh\u1eb9 gi\u1ed1ng m\u00e0u n\u01b0\u1edbc tr\u00e0, \u0111\u01b0\u1ee3c t\u1ea1o ra b\u1eb1ng c\u00e1ch pha kim lo\u1ea1i nh\u01b0 niken, s\u1eaft ho\u1eb7c coban v\u00e0o ph\u00f4i k\u00ednh trong qu\u00e1 tr\u00ecnh nung ho\u1eb7c ph\u1ee7 s\u01a1n nhi\u1ec7t l\u00ean b\u1ec1 m\u1eb7t k\u00ednh c\u01b0\u1eddng l\u1ef1c. Nh\u1edd \u0111\u00f3, k\u00ednh kh\u00f4ng ch\u1ec9 b\u1ec1n m\u00e0u, s\u00e1ng b\u00f3ng m\u00e0 c\u00f2n c\u00f3 kh\u1ea3 n\u0103ng ch\u1ecbu l\u1ef1c t\u1ed1t, h\u1ea1n ch\u1ebf h\u1ea5p th\u1ee5 nhi\u1ec7t v\u00e0 ch\u1ed1ng ch\u00f3i hi\u1ec7u qu\u1ea3.<\/span><\/p>\n<p style=\"text-align: justify;\"><span style=\"font-weight: 400;\">Trong thi\u1ebft k\u1ebf n\u1ed9i th\u1ea5t, t\u1ee7 qu\u1ea7n \u00e1o c\u00e1nh k\u00ednh m\u00e0u tr\u00e0 mang l\u1ea1i c\u1ea3m gi\u00e1c \u1ea5m \u00e1p, g\u1ea7n g\u0169i v\u1edbi thi\u00ean nhi\u00ean. Theo phong th\u1ee7y, gam m\u00e0u n\u00e0y thu\u1ed9c h\u00e0nh Th\u1ed5 v\u00e0 M\u1ed9c, gi\u00fap c\u00e2n b\u1eb1ng n\u0103ng l\u01b0\u1ee3ng, t\u1ea1o s\u1ef1 h\u00e0i h\u00f2a cho kh\u00f4ng gian s\u1ed1ng. \u0110\u1eb7c bi\u1ec7t, k\u00ednh m\u00e0u tr\u00e0 kh\u00f4ng b\u1ecb phai hay \u1ed1 m\u00e0u theo th\u1eddi gian, d\u1ec5 d\u00e0ng v\u1ec7 sinh v\u00e0 duy tr\u00ec v\u1ebb \u0111\u1eb9p b\u1ec1n l\u00e2u.<\/span><\/p>\n<p style=\"text-align: justify;\"><span style=\"font-weight: 400;\">Tuy nhi\u00ean, do \u0111\u1eb7c t\u00ednh c\u1ed1 \u0111\u1ecbnh c\u1ee7a k\u00ednh, vi\u1ec7c l\u1ef1a ch\u1ecdn thi\u1ebft k\u1ebf t\u1ee7 qu\u1ea7n \u00e1o\u00a0 c\u00e1nh k\u00ednh m\u00e0u tr\u00e0 c\u1ea7n \u0111\u01b0\u1ee3c c\u00e2n nh\u1eafc k\u1ef9 l\u01b0\u1ee1ng tr\u01b0\u1edbc khi s\u1ea3n xu\u1ea5t, v\u00ec t\u1ee7 qu\u1ea7n \u00e1o c\u00e1nh k\u00ednh m\u00e0u tr\u00e0 kh\u00f4ng th\u1ec3 ch\u1ec9nh s\u1eeda sau khi ho\u00e0n thi\u1ec7n. \u0110\u00e2y l\u00e0 l\u1ef1a ch\u1ecdn l\u00fd t\u01b0\u1edfng cho nh\u1eefng ai y\u00eau th\u00edch phong c\u00e1ch sang tr\u1ecdng, hi\u1ec7n \u0111\u1ea1i v\u00e0 mong mu\u1ed1n m\u1ed9t kh\u00f4ng gian s\u1ed1ng tinh t\u1ebf, \u0111\u1eb3ng c\u1ea5p.<\/span><\/p>\n<h2 style=\"text-align: justify;\"><b>2. \u01afu \u0111i\u1ec3m c\u1ee7a t\u1ee7 qu\u1ea7n \u00e1o c\u00e1nh k\u00ednh m\u00e0u tr\u00e0<br \/>\n<\/b><\/h2>\n<figure id=\"attachment_5612\" aria-describedby=\"caption-attachment-5612\" style=\"width: 1280px\" class=\"wp-caption aligncenter\"><img loading=\"lazy\" decoding=\"async\" class=\"wp-image-5612 size-full\" src=\"https:\/\/nhatnam.org\/wp-content\/uploads\/2025\/03\/tu_quan_ao_canh_kinh_mau_tra_Nhat_Nam10.jpg\" alt=\"T\u1ee7 Qu\u1ea7n \u00c1o C\u00e1nh K\u00ednh M\u00e0u Tr\u00e0\" width=\"1280\" height=\"960\" \/><figcaption id=\"caption-attachment-5612\" class=\"wp-caption-text\">C\u00e1nh k\u00ednh t\u1ee7 \u00e1o hi\u1ec7n \u0111\u1ea1i, d\u1ec5 d\u00e0ng quan s\u00e1t<\/figcaption><\/figure>\n<p style=\"text-align: justify;\"><span style=\"font-weight: 400;\">T\u1ee7 qu\u1ea7n \u00e1o c\u00e1nh k\u00ednh m\u00e0u tr\u00e0 kh\u00f4ng ch\u1ec9 l\u00e0 m\u1ed9t m\u00f3n \u0111\u1ed3 n\u1ed9i th\u1ea5t m\u00e0 c\u00f2n l\u00e0 m\u1ed9t ph\u1ea7n quan tr\u1ecdng trong vi\u1ec7c n\u00e2ng t\u1ea7m kh\u00f4ng gian s\u1ed1ng. D\u01b0\u1edbi \u0111\u00e2y l\u00e0 nh\u1eefng \u01b0u \u0111i\u1ec3m n\u1ed5i b\u1eadt:<\/span><\/p>\n<p style=\"text-align: justify;\"><b>Thi\u1ebft k\u1ebf sang tr\u1ecdng, tinh t\u1ebf<\/b><\/p>\n<p style=\"text-align: justify;\"><span style=\"font-weight: 400;\">T\u1ee7 qu\u1ea7n \u00e1o c\u00e1nh k\u00ednh m\u00e0u tr\u00e0 mang \u0111\u1ebfn v\u1ebb \u0111\u1eb9p hi\u1ec7n \u0111\u1ea1i v\u00e0 thanh l\u1ecbch, t\u1ea1o \u0111i\u1ec3m nh\u1ea5n th\u1ea9m m\u1ef9 cho kh\u00f4ng gian n\u1ed9i th\u1ea5t. Gam m\u00e0u tr\u00e0 \u1ea5m \u00e1p gi\u00fap c\u0103n ph\u00f2ng tr\u1edf n\u00ean g\u1ea7n g\u0169i, h\u00e0i h\u00f2a, \u0111\u1ed3ng th\u1eddi d\u1ec5 d\u00e0ng k\u1ebft h\u1ee3p v\u1edbi nhi\u1ec1u phong c\u00e1ch thi\u1ebft k\u1ebf kh\u00e1c nhau.<\/span><\/p>\n<p style=\"text-align: justify;\"><b>Kh\u00f4ng gian l\u01b0u tr\u1eef r\u1ed9ng r\u00e3i, s\u1eafp x\u1ebfp khoa h\u1ecdc<\/b><\/p>\n<p style=\"text-align: justify;\"><span style=\"font-weight: 400;\">T\u1ee7 \u00e1o c\u00e1nh k\u00ednh \u0111\u01b0\u1ee3c thi\u1ebft k\u1ebf v\u1edbi nhi\u1ec1u ng\u0103n ch\u1ee9a th\u00f4ng minh, bao g\u1ed3m k\u1ec7 \u0111\u1ef1ng \u0111\u1ed3, thanh treo qu\u1ea7n \u00e1o v\u00e0 h\u1ed9c k\u00e9o ti\u1ec7n l\u1ee3i. Nh\u1edd \u0111\u00f3, ng\u01b0\u1eddi d\u00f9ng c\u00f3 th\u1ec3 s\u1eafp x\u1ebfp trang ph\u1ee5c v\u00e0 ph\u1ee5 ki\u1ec7n m\u1ed9t c\u00e1ch g\u1ecdn g\u00e0ng, t\u1ed1i \u01b0u h\u00f3a di\u1ec7n t\u00edch l\u01b0u tr\u1eef.<\/span><\/p>\n<p style=\"text-align: justify;\"><b>C\u00e1nh k\u00ednh hi\u1ec7n \u0111\u1ea1i, d\u1ec5 d\u00e0ng quan s\u00e1t<\/b><\/p>\n<p style=\"text-align: justify;\"><span style=\"font-weight: 400;\">C\u00e1nh t\u1ee7 l\u00e0m t\u1eeb k\u00ednh c\u01b0\u1eddng l\u1ef1c m\u00e0u tr\u00e0 c\u00f3 \u0111\u1ed9 trong nh\u1ea5t \u0111\u1ecbnh, gi\u00fap ng\u01b0\u1eddi d\u00f9ng d\u1ec5 d\u00e0ng nh\u00ecn th\u1ea5y v\u00e0 l\u1ea5y \u0111\u1ed3 m\u00e0 kh\u00f4ng c\u1ea7n m\u1edf t\u1ee7. \u0110i\u1ec1u n\u00e0y kh\u00f4ng ch\u1ec9 gi\u00fap ti\u1ebft ki\u1ec7m th\u1eddi gian m\u00e0 c\u00f2n t\u1ea1o c\u1ea3m gi\u00e1c kh\u00f4ng gian tho\u00e1ng \u0111\u00e3ng, hi\u1ec7n \u0111\u1ea1i.<\/span><\/p>\n<p style=\"text-align: justify;\"><b>B\u1ec1n b\u1ec9, ch\u1eafc ch\u1eafn theo th\u1eddi gian<\/b><\/p>\n<p style=\"text-align: justify;\"><span style=\"font-weight: 400;\">K\u00ednh c\u01b0\u1eddng l\u1ef1c m\u00e0u tr\u00e0 c\u00f3 kh\u1ea3 n\u0103ng ch\u1ecbu l\u1ef1c t\u1ed1t, ch\u1ed1ng tr\u1ea7y x\u01b0\u1edbc v\u00e0 kh\u00f4ng b\u1ecb bi\u1ebfn d\u1ea1ng khi s\u1eed d\u1ee5ng l\u00e2u d\u00e0i. K\u1ebft h\u1ee3p v\u1edbi khung nh\u00f4m ho\u1eb7c g\u1ed7 c\u00f4ng nghi\u1ec7p cao c\u1ea5p, t\u1ee7 \u0111\u1ea3m b\u1ea3o \u0111\u1ed9 b\u1ec1n cao, gi\u00fap duy tr\u00ec t\u00ednh th\u1ea9m m\u1ef9 v\u00e0 ch\u1ea5t l\u01b0\u1ee3ng qua nhi\u1ec1u n\u0103m.<\/span><\/p>\n<p style=\"text-align: justify;\"><b>D\u1ec5 d\u00e0ng v\u1ec7 sinh, b\u1ea3o d\u01b0\u1ee1ng<\/b><\/p>\n<p style=\"text-align: justify;\"><span style=\"font-weight: 400;\">B\u1ec1 m\u1eb7t k\u00ednh tr\u01a1n b\u00f3ng gi\u00fap vi\u1ec7c lau ch\u00f9i tr\u1edf n\u00ean \u0111\u01a1n gi\u1ea3n, ch\u1ec9 c\u1ea7n kh\u0103n m\u1ec1m v\u00e0 dung d\u1ecbch chuy\u00ean d\u1ee5ng l\u00e0 c\u00f3 th\u1ec3 gi\u1eef t\u1ee7 lu\u00f4n s\u1ea1ch \u0111\u1eb9p. Ngo\u00e0i ra, k\u00ednh m\u00e0u tr\u00e0 c\u00f3 kh\u1ea3 n\u0103ng h\u1ea1n ch\u1ebf b\u00e1m b\u1ee5i v\u00e0 d\u1ea5u v\u00e2n tay, gi\u00fap duy tr\u00ec s\u1ef1 s\u00e1ng b\u00f3ng theo th\u1eddi gian.<\/span><\/p>\n<p style=\"text-align: justify;\"><b>Gi\u1ea3i ph\u00e1p ti\u1ebft ki\u1ec7m di\u1ec7n t\u00edch t\u1ed1i \u01b0u<\/b><\/p>\n<p style=\"text-align: justify;\"><span style=\"font-weight: 400;\">Nhi\u1ec1u m\u1eabu t\u1ee7 qu\u1ea7n \u00e1o k\u00ednh m\u00e0u tr\u00e0 \u0111\u01b0\u1ee3c thi\u1ebft k\u1ebf d\u1ea1ng c\u1eeda l\u00f9a, gi\u00fap ti\u1ebft ki\u1ec7m kh\u00f4ng gian s\u1eed d\u1ee5ng, \u0111\u1eb7c bi\u1ec7t ph\u00f9 h\u1ee3p v\u1edbi ph\u00f2ng ng\u1ee7 nh\u1ecf ho\u1eb7c c\u0103n h\u1ed9 chung c\u01b0. Ng\u01b0\u1eddi d\u00f9ng kh\u00f4ng c\u1ea7n lo l\u1eafng v\u1ec1 vi\u1ec7c m\u1edf c\u00e1nh t\u1ee7 chi\u1ebfm di\u1ec7n t\u00edch nh\u01b0 c\u00e1c m\u1eabu truy\u1ec1n th\u1ed1ng.<\/span><\/p>\n<p style=\"text-align: justify;\"><b>B\u1ea3o v\u1ec7 qu\u1ea7n \u00e1o t\u1ed1t h\u01a1n<\/b><\/p>\n<p style=\"text-align: justify;\"><span style=\"font-weight: 400;\">K\u00ednh m\u00e0u tr\u00e0 c\u00f3 kh\u1ea3 n\u0103ng gi\u1ea3m c\u01b0\u1eddng \u0111\u1ed9 \u00e1nh s\u00e1ng chi\u1ebfu v\u00e0o b\u00ean trong t\u1ee7, h\u1ea1n ch\u1ebf t\u00e1c \u0111\u1ed9ng c\u1ee7a tia UV \u0111\u1ed1i v\u1edbi qu\u1ea7n \u00e1o v\u00e0 ph\u1ee5 ki\u1ec7n. \u0110i\u1ec1u n\u00e0y gi\u00fap b\u1ea3o v\u1ec7 trang ph\u1ee5c kh\u1ecfi t\u00ecnh tr\u1ea1ng phai m\u00e0u hay h\u01b0 h\u1ecfng do ti\u1ebfp x\u00fac tr\u1ef1c ti\u1ebfp v\u1edbi \u00e1nh s\u00e1ng m\u1ea1nh.<\/span><\/p>\n<p style=\"text-align: justify;\"><b>Linh ho\u1ea1t trong thi\u1ebft k\u1ebf, d\u1ec5 d\u00e0ng t\u00f9y ch\u1ec9nh<\/b><\/p>\n<p style=\"text-align: justify;\"><span style=\"font-weight: 400;\">T\u1ee7 qu\u1ea7n \u00e1o c\u00e1nh k\u00ednh m\u00e0u tr\u00e0 c\u00f3 th\u1ec3 \u0111\u01b0\u1ee3c thi\u1ebft k\u1ebf theo k\u00edch th\u01b0\u1edbc v\u00e0 ki\u1ec3u d\u00e1ng mong mu\u1ed1n, ph\u00f9 h\u1ee3p v\u1edbi t\u1eebng kh\u00f4ng gian s\u1ed1ng. Ng\u01b0\u1eddi d\u00f9ng c\u00f3 th\u1ec3 l\u1ef1a ch\u1ecdn ch\u1ea5t li\u1ec7u khung g\u1ed7 ho\u1eb7c nh\u00f4m, k\u1ebft h\u1ee3p v\u1edbi c\u00e1c ph\u1ee5 ki\u1ec7n \u0111i k\u00e8m \u0111\u1ec3 t\u1ed1i \u01b0u c\u00f4ng n\u0103ng s\u1eed d\u1ee5ng.<\/span><\/p>\n<p style=\"text-align: justify;\"><span style=\"font-weight: 400;\">T\u1ee7 qu\u1ea7n \u00e1o c\u00e1nh k\u00ednh m\u00e0u tr\u00e0 kh\u00f4ng ch\u1ec9 mang l\u1ea1i v\u1ebb \u0111\u1eb9p hi\u1ec7n \u0111\u1ea1i m\u00e0 c\u00f2n \u0111\u00e1p \u1ee9ng \u0111\u1ea7y \u0111\u1ee7 nhu c\u1ea7u l\u01b0u tr\u1eef, gi\u00fap kh\u00f4ng gian s\u1ed1ng tr\u1edf n\u00ean ng\u0103n n\u1eafp v\u00e0 ti\u1ec7n nghi h\u01a1n.<\/span><\/p>\n<h2 style=\"text-align: justify;\"><b>3. B\u00e1o gi\u00e1 t\u1ee7 qu\u1ea7n \u00e1o c\u00e1nh k\u00ednh m\u00e0u tr\u00e0<br \/>\n<\/b><\/h2>\n<figure id=\"attachment_5611\" aria-describedby=\"caption-attachment-5611\" style=\"width: 1280px\" class=\"wp-caption aligncenter\"><img loading=\"lazy\" decoding=\"async\" class=\"wp-image-5611 size-full\" src=\"https:\/\/nhatnam.org\/wp-content\/uploads\/2025\/03\/tu_quan_ao_canh_kinh_mau_tra_Nhat_Nam09.jpg\" alt=\"T\u1ee7 Qu\u1ea7n \u00c1o C\u00e1nh K\u00ednh M\u00e0u Tr\u00e0\" width=\"1280\" height=\"960\" \/><figcaption id=\"caption-attachment-5611\" class=\"wp-caption-text\">Nh\u1ea5t Nam &#8211; \u0110\u1ecba ch\u1ec9 uy t\u00edn nh\u1eadn thi\u1ebft k\u1ebf, thi c\u00f4ng n\u1ed9i th\u1ea5t ph\u00f2ng ng\u1ee7 uy t\u00edn<\/figcaption><\/figure>\n<p style=\"text-align: justify;\"><span style=\"font-weight: 400;\">Gi\u00e1 c\u1ee7a t\u1ee7 qu\u1ea7n \u00e1o c\u00e1nh k\u00ednh m\u00e0u tr\u00e0 c\u00f3 s\u1ef1 bi\u1ebfn \u0111\u1ed9ng t\u00f9y thu\u1ed9c v\u00e0o k\u00edch th\u01b0\u1edbc, ch\u1ea5t li\u1ec7u khung t\u1ee7, thi\u1ebft k\u1ebf v\u00e0 c\u00e1c t\u00ednh n\u0103ng \u0111i k\u00e8m.<\/span><\/p>\n<p style=\"text-align: justify;\"><span style=\"font-weight: 400;\">\u0110\u1ec3 bi\u1ebft ch\u00ednh x\u00e1c gi\u00e1 c\u1ea3 v\u00e0 nh\u1eadn c\u00e1c ch\u01b0\u01a1ng tr\u00ecnh khuy\u1ebfn m\u00e3i h\u1ea5p d\u1eabn, h\u00e3y li\u00ean h\u1ec7 v\u1edbi <\/span><b>Nh\u1ea5t Nam<\/b><span style=\"font-weight: 400;\"> \u2013 n\u01a1i cung c\u1ea5p c\u00e1c m\u1eabu t\u1ee7 qu\u1ea7n \u00e1o c\u00e1nh k\u00ednh m\u00e0u tr\u00e0 ch\u1ea5t l\u01b0\u1ee3ng, ph\u00f9 h\u1ee3p v\u1edbi nhu c\u1ea7u c\u1ee7a m\u1ecdi gia \u0111\u00ecnh.<\/span><\/p>\n<h2 style=\"text-align: justify;\"><b>4. M\u1ed9t s\u1ed1 m\u1eabu t\u1ee7 qu\u1ea7n \u00e1o c\u00e1nh k\u00ednh m\u00e0u tr\u00e0 \u0111\u1eb9p<\/b><\/h2>\n<p style=\"text-align: justify;\"><span style=\"font-weight: 400;\">T\u1ee7 qu\u1ea7n \u00e1o c\u00e1nh k\u00ednh m\u00e0u tr\u00e0 hi\u1ec7n nay c\u00f3 r\u1ea5t nhi\u1ec1u ki\u1ec3u d\u00e1ng v\u00e0 thi\u1ebft k\u1ebf \u0111\u1ec3 b\u1ea1n l\u1ef1a ch\u1ecdn, \u0111\u00e1p \u1ee9ng m\u1ecdi y\u00eau c\u1ea7u v\u1ec1 phong c\u00e1ch v\u00e0 di\u1ec7n t\u00edch. D\u01b0\u1edbi \u0111\u00e2y l\u00e0 m\u1ed9t s\u1ed1 m\u1eabu t\u1ee7 \u00e1o \u0111\u1eb9p v\u00e0 sang tr\u1ecdng b\u1ea1n c\u00f3 th\u1ec3 tham kh\u1ea3o:<\/span><\/p>\n<figure id=\"attachment_5610\" aria-describedby=\"caption-attachment-5610\" style=\"width: 1280px\" class=\"wp-caption aligncenter\"><img loading=\"lazy\" decoding=\"async\" class=\"wp-image-5610 size-full\" src=\"https:\/\/nhatnam.org\/wp-content\/uploads\/2025\/03\/tu_quan_ao_canh_kinh_mau_tra_Nhat_Nam08.jpg\" alt=\"T\u1ee7 Qu\u1ea7n \u00c1o C\u00e1nh K\u00ednh M\u00e0u Tr\u00e0\" width=\"1280\" height=\"960\" \/><figcaption id=\"caption-attachment-5610\" class=\"wp-caption-text\">Thi\u1ebft k\u1ebf t\u1ee7 qu\u1ea7n \u00e1o c\u00e1nh k\u00ednh m\u00e0u tr\u00e0 \u00e2m t\u01b0\u1eddng<\/figcaption><\/figure>\n<figure id=\"attachment_5609\" aria-describedby=\"caption-attachment-5609\" style=\"width: 1280px\" class=\"wp-caption aligncenter\"><img loading=\"lazy\" decoding=\"async\" class=\"wp-image-5609 size-full\" src=\"https:\/\/nhatnam.org\/wp-content\/uploads\/2025\/03\/tu_quan_ao_canh_kinh_mau_tra_Nhat_Nam07.jpg\" alt=\"T\u1ee7 Qu\u1ea7n \u00c1o C\u00e1nh K\u00ednh M\u00e0u Tr\u00e0\" width=\"1280\" height=\"960\" \/><figcaption id=\"caption-attachment-5609\" class=\"wp-caption-text\">T\u1ee7 qu\u1ea7n \u00e1o c\u00e1nh k\u00ednh m\u00e0u tr\u00e0 \u0111a bu\u1ed3ng \u0111\u1eb9p<\/figcaption><\/figure>\n<figure id=\"attachment_5608\" aria-describedby=\"caption-attachment-5608\" style=\"width: 1280px\" class=\"wp-caption aligncenter\"><img loading=\"lazy\" decoding=\"async\" class=\"wp-image-5608 size-full\" src=\"https:\/\/nhatnam.org\/wp-content\/uploads\/2025\/03\/tu_quan_ao_canh_kinh_mau_tra_Nhat_Nam06.jpg\" alt=\"T\u1ee7 Qu\u1ea7n \u00c1o C\u00e1nh K\u00ednh M\u00e0u Tr\u00e0\" width=\"1280\" height=\"960\" \/><figcaption id=\"caption-attachment-5608\" class=\"wp-caption-text\">M\u1eabu t\u1ee7 qu\u1ea7n \u00e1o c\u00e1nh k\u00ednh m\u00e0u tr\u00e0 k\u1ebft h\u1ee3p k\u1ec7 trang tr\u00ed<\/figcaption><\/figure>\n<figure id=\"attachment_5607\" aria-describedby=\"caption-attachment-5607\" style=\"width: 1280px\" class=\"wp-caption aligncenter\"><img loading=\"lazy\" decoding=\"async\" class=\"wp-image-5607 size-full\" src=\"https:\/\/nhatnam.org\/wp-content\/uploads\/2025\/03\/tu_quan_ao_canh_kinh_mau_tra_Nhat_Nam05.jpg\" alt=\"T\u1ee7 Qu\u1ea7n \u00c1o C\u00e1nh K\u00ednh M\u00e0u Tr\u00e0\" width=\"1280\" height=\"960\" \/><figcaption id=\"caption-attachment-5607\" class=\"wp-caption-text\">Nh\u1ea5t Nam &#8211; chuy\u00ean thi\u1ebft k\u1ebf thi c\u00f4ng m\u1eabu t\u1ee7 qu\u1ea7n \u00e1o c\u00e1nh k\u00ednh m\u00e0u tr\u00e0 ch\u1ea5t l\u01b0\u1ee3ng, uy t\u00edn<\/figcaption><\/figure>\n<figure id=\"attachment_5604\" aria-describedby=\"caption-attachment-5604\" style=\"width: 1280px\" class=\"wp-caption aligncenter\"><img loading=\"lazy\" decoding=\"async\" class=\"wp-image-5604 size-full\" src=\"https:\/\/nhatnam.org\/wp-content\/uploads\/2025\/03\/tu_quan_ao_canh_kinh_mau_tra_Nhat_Nam02.jpg\" alt=\"T\u1ee7 Qu\u1ea7n \u00c1o C\u00e1nh K\u00ednh M\u00e0u Tr\u00e0\" width=\"1280\" height=\"960\" \/><figcaption id=\"caption-attachment-5604\" class=\"wp-caption-text\">Thi\u1ebft k\u1ebf t\u1ee7 qu\u1ea7n \u00e1o c\u00e1nh k\u00ednh m\u00e0u tr\u00e0 k\u1ecbch tr\u1ea7n t\u1eadn d\u1ee5ng t\u1ed1i \u0111a di\u1ec7n t\u00edch<\/figcaption><\/figure>\n<figure id=\"attachment_5603\" aria-describedby=\"caption-attachment-5603\" style=\"width: 1280px\" class=\"wp-caption aligncenter\"><img loading=\"lazy\" decoding=\"async\" class=\"wp-image-5603 size-full\" src=\"https:\/\/nhatnam.org\/wp-content\/uploads\/2025\/03\/tu_quan_ao_canh_kinh_mau_tra_Nhat_Nam01.jpg\" alt=\"T\u1ee7 Qu\u1ea7n \u00c1o C\u00e1nh K\u00ednh M\u00e0u Tr\u00e0\" width=\"1280\" height=\"960\" \/><figcaption id=\"caption-attachment-5603\" class=\"wp-caption-text\">M\u1eabu t\u1ee7 qu\u1ea7n \u00e1o c\u00e1nh k\u00ednh m\u00e0u tr\u00e0 g\u00f3c ch\u1eef L<\/figcaption><\/figure>\n<h2 style=\"text-align: justify;\">5. Nh\u1ea5t Nam &#8211; \u0110\u01a1n v\u1ecb chuy\u00ean thi\u1ebft k\u1ebf, thi c\u00f4ng t\u1ee7 qu\u1ea7n \u00e1o c\u00e1nh k\u00ednh m\u00e0u tr\u00e0 uy t\u00edn<\/h2>\n<p style=\"text-align: justify;\"><span style=\"font-weight: 400;\">V\u1edbi h\u01a1n 10 n\u0103m kinh nghi\u1ec7m trong ng\u00e0nh thi\u1ebft k\u1ebf v\u00e0 thi c\u00f4ng n\u1ed9i th\u1ea5t, <\/span><b>Nh\u1ea5t Nam<\/b><span style=\"font-weight: 400;\"> cam k\u1ebft cung c\u1ea5p nh\u1eefng m\u1eabu t\u1ee7 qu\u1ea7n \u00e1o c\u00e1nh k\u00ednh m\u00e0u tr\u00e0 ch\u1ea5t l\u01b0\u1ee3ng nh\u1ea5t, t\u1eeb nh\u1eefng thi\u1ebft k\u1ebf tinh t\u1ebf \u0111\u1ebfn c\u00e1c gi\u1ea3i ph\u00e1p t\u1ed1i \u01b0u cho kh\u00f4ng gian s\u1ed1ng c\u1ee7a b\u1ea1n. Ch\u00fang t\u00f4i lu\u00f4n l\u1eafng nghe v\u00e0 hi\u1ec3u r\u00f5 nhu c\u1ea7u c\u1ee7a kh\u00e1ch h\u00e0ng, t\u1eeb \u0111\u00f3 mang \u0111\u1ebfn c\u00e1c s\u1ea3n ph\u1ea9m kh\u00f4ng ch\u1ec9 \u0111\u1eb9p m\u1eaft m\u00e0 c\u00f2n b\u1ec1n b\u1ec9 v\u00e0 ti\u1ec7n d\u1ee5ng.<\/span><\/p>\n<p style=\"text-align: justify;\"><b>Nh\u1ea5t Nam<\/b><span style=\"font-weight: 400;\"> chuy\u00ean cung c\u1ea5p c\u00e1c m\u1eabu t\u1ee7 qu\u1ea7n \u00e1o c\u00e1nh k\u00ednh m\u00e0u tr\u00e0 v\u1edbi gi\u00e1 c\u1ea3 h\u1ee3p l\u00fd v\u00e0 d\u1ecbch v\u1ee5 ch\u0103m s\u00f3c kh\u00e1ch h\u00e0ng t\u1eadn t\u00e2m.\u00a0 Q\u00fay Kh\u00e1ch H\u00e0ng s\u1ebd \u0111\u01b0\u1ee3c \u0111\u1ed9i ng\u0169 chuy\u00ean vi\u00ean t\u01b0 v\u1ea5n gi\u00fap l\u1ef1a ch\u1ecdn s\u1ea3n ph\u1ea9m ph\u00f9 h\u1ee3p nh\u1ea5t v\u1edbi kh\u00f4ng gian v\u00e0 phong c\u00e1ch s\u1ed1ng c\u1ee7a m\u00ecnh.<\/span><span style=\"font-weight: 400;\"><br \/>\n<\/span><\/p>\n<p style=\"text-align: justify;\"><span style=\"font-weight: 400;\">T\u1ee7 qu\u1ea7n \u00e1o c\u00e1nh k\u00ednh m\u00e0u tr\u00e0 l\u00e0 s\u1ef1 l\u1ef1a ch\u1ecdn ho\u00e0n h\u1ea3o cho nh\u1eefng ai y\u00eau th\u00edch s\u1ef1 sang tr\u1ecdng, tinh t\u1ebf v\u00e0 ti\u1ec7n \u00edch. V\u1edbi thi\u1ebft k\u1ebf hi\u1ec7n \u0111\u1ea1i, ch\u1ea5t li\u1ec7u b\u1ec1n b\u1ec9, v\u00e0 t\u00ednh n\u0103ng ti\u1ec7n d\u1ee5ng, s\u1ea3n ph\u1ea9m n\u00e0y s\u1ebd kh\u00f4ng ch\u1ec9 gi\u00fap b\u1ea1n t\u1ed5 ch\u1ee9c kh\u00f4ng gian ph\u00f2ng ng\u1ee7 g\u1ecdn g\u00e0ng m\u00e0 c\u00f2n mang l\u1ea1i m\u1ed9t \u0111i\u1ec3m nh\u1ea5n n\u1ed5i b\u1eadt cho c\u0103n ph\u00f2ng c\u1ee7a b\u1ea1n.<\/span><\/p>\n<p style=\"text-align: justify;\"><span style=\"font-weight: 400;\">H\u00e3y \u0111\u1ebfn v\u1edbi <\/span><b>Nh\u1ea5t Nam<\/b><span style=\"font-weight: 400;\"> \u0111\u1ec3 kh\u00e1m ph\u00e1 c\u00e1c m\u1eabu t\u1ee7 qu\u1ea7n \u00e1o c\u00e1nh k\u00ednh m\u00e0u tr\u00e0 ch\u1ea5t l\u01b0\u1ee3ng, \u0111\u1eb9p m\u1eaft v\u00e0 \u0111\u00e1p \u1ee9ng t\u1ed1i \u0111a nhu c\u1ea7u s\u1eed d\u1ee5ng c\u1ee7a b\u1ea1n. Ch\u00fang t\u00f4i cam k\u1ebft mang \u0111\u1ebfn cho b\u1ea1n nh\u1eefng s\u1ea3n ph\u1ea9m n\u1ed9i th\u1ea5t ho\u00e0n h\u1ea3o, gi\u00fap kh\u00f4ng gian s\u1ed1ng c\u1ee7a b\u1ea1n tr\u1edf n\u00ean \u0111\u1eb3ng c\u1ea5p h\u01a1n bao gi\u1edd h\u1ebft.<\/span><\/p>\n<p style=\"text-align: justify;\">\n","protected":false},"excerpt":{"rendered":"<p style=\"text-align: justify;\"><span style=\"font-weight: 400;\">Trong kh\u00f4ng gian s\u1ed1ng hi\u1ec7n \u0111\u1ea1i, s\u1ef1 k\u1ebft h\u1ee3p gi\u1eefa ti\u1ec7n nghi v\u00e0 th\u1ea9m m\u1ef9 l\u00e0 y\u1ebfu t\u1ed1 quan tr\u1ecdng gi\u00fap t\u1ea1o n\u00ean m\u1ed9t ng\u00f4i nh\u00e0 \u0111\u1eb9p v\u00e0 sang tr\u1ecdng. T\u1ee7 qu\u1ea7n \u00e1o c\u00e1nh k\u00ednh m\u00e0u tr\u00e0 \u0111ang tr\u1edf th\u00e0nh m\u1ed9t trong nh\u1eefng s\u1ea3n ph\u1ea9m n\u1ed9i th\u1ea5t \u0111\u01b0\u1ee3c y\u00eau th\u00edch nh\u1edd v\u00e0o thi\u1ebft k\u1ebf tinh t\u1ebf, m\u00e0u s\u1eafc sang tr\u1ecdng v\u00e0 c\u00f4ng n\u0103ng s\u1eed d\u1ee5ng v\u01b0\u1ee3t tr\u1ed9i. B\u00e0i vi\u1ebft n\u00e0y s\u1ebd gi\u00fap b\u1ea1n kh\u00e1m ph\u00e1 t\u1ea5t c\u1ea3 nh\u1eefng g\u00ec b\u1ea1n c\u1ea7n bi\u1ebft v\u1ec1 t\u1ee7 qu\u1ea7n \u00e1o c\u00e1nh k\u00ednh m\u00e0u tr\u00e0, t\u1eeb \u01b0u \u0111i\u1ec3m, gi\u00e1 th\u00e0nh cho \u0111\u1ebfn nh\u1eefng m\u1eabu thi\u1ebft k\u1ebf \u0111\u1eb9p m\u1eaft.<\/span><\/p>\n","protected":false},"featured_media":1564,"comment_status":"open","ping_status":"closed","template":"","meta":{"_acf_changed":false,"_gspb_post_css":""},"book-author":[],"product_brand":[],"product_cat":[104,105,106,107,108],"product_tag":[],"class_list":{"0":"post-1565","1":"product","2":"type-product","3":"status-publish","4":"has-post-thumbnail","6":"product_cat-noi-that-phong-ngu","7":"product_cat-tu-ao-canh-kinh-cua-lua","8":"product_cat-tu-ao-canh-kinh-cua-mo","9":"product_cat-tu-quan-ao-go-mdf","10":"product_cat-tu-quan-ao-nhom-hop-kim","12":"first","13":"instock","14":"shipping-taxable","15":"product-type-simple"},"acf":[],"_links":{"self":[{"href":"https:\/\/nhatnam.libion.me\/wp-json\/wp\/v2\/product\/1565","targetHints":{"allow":["GET"]}}],"collection":[{"href":"https:\/\/nhatnam.libion.me\/wp-json\/wp\/v2\/product"}],"about":[{"href":"https:\/\/nhatnam.libion.me\/wp-json\/wp\/v2\/types\/product"}],"replies":[{"embeddable":true,"href":"https:\/\/nhatnam.libion.me\/wp-json\/wp\/v2\/comments?post=1565"}],"wp:featuredmedia":[{"embeddable":true,"href":"https:\/\/nhatnam.libion.me\/wp-json\/wp\/v2\/media\/1564"}],"wp:attachment":[{"href":"https:\/\/nhatnam.libion.me\/wp-json\/wp\/v2\/media?parent=1565"}],"wp:term":[{"taxonomy":"book-author","embeddable":true,"href":"https:\/\/nhatnam.libion.me\/wp-json\/wp\/v2\/book-author?post=1565"},{"taxonomy":"product_brand","embeddable":true,"href":"https:\/\/nhatnam.libion.me\/wp-json\/wp\/v2\/product_brand?post=1565"},{"taxonomy":"product_cat","embeddable":true,"href":"https:\/\/nhatnam.libion.me\/wp-json\/wp\/v2\/product_cat?post=1565"},{"taxonomy":"product_tag","embeddable":true,"href":"https:\/\/nhatnam.libion.me\/wp-json\/wp\/v2\/product_tag?post=1565"}],"curies":[{"name":"wp","href":"https:\/\/api.w.org\/{rel}","templated":true}]}}