{"id":1489,"date":"2026-04-07T10:13:01","date_gmt":"2026-04-07T10:13:01","guid":{"rendered":"https:\/\/nhatnam.libion.me\/index.php\/product\/tu-bep-chu-l\/"},"modified":"2026-04-07T10:13:01","modified_gmt":"2026-04-07T10:13:01","slug":"tu-bep-chu-l","status":"publish","type":"product","link":"https:\/\/nhatnam.libion.me\/index.php\/product\/tu-bep-chu-l\/","title":{"rendered":"T\u1ee7 B\u1ebfp Ch\u1eef L"},"content":{"rendered":"<p style=\"text-align: justify;\"><span style=\"font-weight: 400;\">Trong s\u1ed1 c\u00e1c ki\u1ec3u d\u00e1ng t\u1ee7 b\u1ebfp ph\u1ed5 bi\u1ebfn hi\u1ec7n nay, <\/span>t\u1ee7 b\u1ebfp ch\u1eef L<span style=\"font-weight: 400;\"> \u0111\u01b0\u1ee3c \u0111\u00e1nh gi\u00e1 l\u00e0 m\u1ed9t trong nh\u1eefng thi\u1ebft k\u1ebf th\u00f4ng minh, gi\u00fap t\u1ed1i \u01b0u di\u1ec7n t\u00edch, ph\u00f9 h\u1ee3p v\u1edbi nhi\u1ec1u kh\u00f4ng gian n\u1ed9i th\u1ea5t kh\u00e1c nhau. V\u1edbi thi\u1ebft k\u1ebf linh ho\u1ea1t, ki\u1ec3u t\u1ee7 n\u00e0y kh\u00f4ng ch\u1ec9 mang l\u1ea1i s\u1ef1 ti\u1ec7n nghi m\u00e0 c\u00f2n gi\u00fap c\u0103n b\u1ebfp tr\u1edf n\u00ean g\u1ecdn g\u00e0ng v\u00e0 sang tr\u1ecdng h\u01a1n.\u00a0<\/span><\/p>\n<p style=\"text-align: justify;\"><span style=\"font-weight: 400;\">N\u1ebfu b\u1ea1n \u0111ang t\u00ecm ki\u1ebfm m\u1ed9t m\u1eabu t\u1ee7 b\u1ebfp v\u1eeba \u0111\u1eb9p, v\u1eeba t\u1ed1i \u01b0u c\u00f4ng n\u0103ng, h\u00e3y c\u00f9ng kh\u00e1m ph\u00e1 chi ti\u1ebft v\u1ec1 <\/span>t\u1ee7 b\u1ebfp ch\u1eef L<span style=\"font-weight: 400;\"> qua b\u00e0i vi\u1ebft d\u01b0\u1edbi \u0111\u00e2y.<\/span><\/p>\n<h2 style=\"text-align: justify;\"><b>1. Gi\u1edbi thi\u1ec7u chung v\u1ec1 t\u1ee7 b\u1ebfp ch\u1eef L<br \/>\n<img loading=\"lazy\" decoding=\"async\" class=\"aligncenter wp-image-5086 size-full\" src=\"https:\/\/nhatnam.org\/wp-content\/uploads\/2025\/03\/inox_module13.jpg\" alt=\"\nT\u1ee7 B\u1ebfp Ch\u1eef L\n\" width=\"1280\" height=\"960\" \/><br \/>\n<\/b><\/h2>\n<p style=\"text-align: justify;\"><span style=\"font-weight: 400;\">T\u1ee7 b\u1ebfp ch\u1eef L l\u00e0 ki\u1ec3u t\u1ee7 \u0111\u01b0\u1ee3c thi\u1ebft k\u1ebf v\u1edbi hai c\u1ea1nh vu\u00f4ng g\u00f3c t\u1ea1o th\u00e0nh h\u00ecnh ch\u1eef L, th\u01b0\u1eddng \u0111\u01b0\u1ee3c l\u1eafp \u0111\u1eb7t s\u00e1t t\u01b0\u1eddng \u0111\u1ec3 t\u1ed1i \u01b0u di\u1ec7n t\u00edch b\u1ebfp. Ki\u1ec3u d\u00e1ng n\u00e0y ph\u00f9 h\u1ee3p v\u1edbi nhi\u1ec1u kh\u00f4ng gian t\u1eeb c\u0103n h\u1ed9 chung c\u01b0, nh\u00e0 ph\u1ed1 \u0111\u1ebfn bi\u1ec7t th\u1ef1 r\u1ed9ng r\u00e3i. V\u1edbi thi\u1ebft k\u1ebf linh ho\u1ea1t, <\/span>t\u1ee7 b\u1ebfp ch\u1eef L<span style=\"font-weight: 400;\"> gi\u00fap t\u1ea1o ra khu v\u1ef1c n\u1ea5u n\u01b0\u1edbng khoa h\u1ecdc, thu\u1eadn ti\u1ec7n cho vi\u1ec7c di chuy\u1ec3n gi\u1eefa c\u00e1c khu v\u1ef1c b\u1ebfp n\u1ea5u, b\u1ed3n r\u1eeda v\u00e0 t\u1ee7 l\u1ea1nh \u2013 th\u01b0\u1eddng \u0111\u01b0\u1ee3c g\u1ecdi l\u00e0 <\/span><b>&#8220;tam gi\u00e1c v\u00e0ng trong b\u1ebfp&#8221;<\/b><span style=\"font-weight: 400;\">.<\/span><\/p>\n<p style=\"text-align: justify;\"><span style=\"font-weight: 400;\">Kh\u00f4ng ch\u1ec9 t\u1ed1i \u01b0u kh\u00f4ng gian, ki\u1ec3u d\u00e1ng ch\u1eef L c\u00f2n gi\u00fap t\u1ea1o c\u1ea3m gi\u00e1c m\u1edf r\u1ed9ng, gi\u00fap c\u0103n b\u1ebfp tr\u1edf n\u00ean tho\u00e1ng \u0111\u00e3ng h\u01a1n. Nh\u1edd \u0111\u00f3, \u0111\u00e2y l\u00e0 s\u1ef1 l\u1ef1a ch\u1ecdn l\u00fd t\u01b0\u1edfng cho nh\u1eefng c\u0103n h\u1ed9 c\u00f3 di\u1ec7n t\u00edch nh\u1ecf ho\u1eb7c nh\u1eefng gia \u0111\u00ecnh mu\u1ed1n c\u00f3 m\u1ed9t c\u0103n b\u1ebfp ti\u1ec7n nghi, hi\u1ec7n \u0111\u1ea1i m\u00e0 v\u1eabn \u0111\u1ea3m b\u1ea3o s\u1ef1 g\u1ecdn g\u00e0ng.<\/span><\/p>\n<h2 style=\"text-align: justify;\"><b>2. \u01afu \u0111i\u1ec3m c\u1ee7a t\u1ee7 b\u1ebfp ch\u1eef L<\/b><\/h2>\n<p><img loading=\"lazy\" decoding=\"async\" class=\"aligncenter wp-image-5070 size-full\" src=\"https:\/\/nhatnam.org\/wp-content\/uploads\/2025\/03\/Inox_canh_kinh_son_mau09.jpg\" alt=\"\nT\u1ee7 B\u1ebfp Ch\u1eef L\n\" width=\"1280\" height=\"960\" \/><\/p>\n<p style=\"text-align: justify;\"><b>Ti\u1ebft ki\u1ec7m kh\u00f4ng gian, t\u1ed1i \u01b0u di\u1ec7n t\u00edch<\/b><\/p>\n<p style=\"text-align: justify;\"><span style=\"font-weight: 400;\">Thi\u1ebft k\u1ebf s\u00e1t t\u01b0\u1eddng gi\u00fap t\u1eadn d\u1ee5ng g\u00f3c ch\u1ebft trong nh\u00e0 b\u1ebfp, m\u1edf r\u1ed9ng di\u1ec7n t\u00edch di chuy\u1ec3n v\u00e0 s\u1eafp x\u1ebfp \u0111\u1ed3 \u0111\u1ea1c. V\u1edbi nh\u1eefng c\u0103n h\u1ed9 nh\u1ecf, t\u1ee7 b\u1ebfp ch\u1eef L l\u00e0 gi\u1ea3i ph\u00e1p l\u00fd t\u01b0\u1edfng gi\u00fap b\u1ea1n c\u00f3 th\u00eam kh\u00f4ng gian sinh ho\u1ea1t.<\/span><\/p>\n<p style=\"text-align: justify;\"><b>D\u1ec5 d\u00e0ng b\u1ed1 tr\u00ed khu v\u1ef1c n\u1ea5u n\u01b0\u1edbng khoa h\u1ecdc<\/b><\/p>\n<p style=\"text-align: justify;\"><span style=\"font-weight: 400;\">V\u1edbi ki\u1ec3u d\u00e1ng ch\u1eef L, b\u1ea1n c\u00f3 th\u1ec3 s\u1eafp x\u1ebfp khu v\u1ef1c b\u1ebfp n\u1ea5u, b\u1ed3n r\u1eeda v\u00e0 t\u1ee7 l\u1ea1nh theo \u0111\u00fang nguy\u00ean t\u1eafc tam gi\u00e1c b\u1ebfp, gi\u00fap vi\u1ec7c di chuy\u1ec3n v\u00e0 n\u1ea5u n\u01b0\u1edbng tr\u1edf n\u00ean thu\u1eadn ti\u1ec7n h\u01a1n. \u0110i\u1ec1u n\u00e0y kh\u00f4ng ch\u1ec9 gi\u00fap ti\u1ebft ki\u1ec7m th\u1eddi gian m\u00e0 c\u00f2n \u0111\u1ea3m b\u1ea3o s\u1ef1 an to\u00e0n khi s\u1eed d\u1ee5ng b\u1ebfp.<\/span><\/p>\n<p style=\"text-align: justify;\"><b>\u0110a d\u1ea1ng phong c\u00e1ch thi\u1ebft k\u1ebf<\/b><\/p>\n<p style=\"text-align: justify;\"><span style=\"font-weight: 400;\">T\u1ee7 b\u1ebfp ch\u1eef L c\u00f3 th\u1ec3 \u0111\u01b0\u1ee3c thi\u1ebft k\u1ebf theo nhi\u1ec1u phong c\u00e1ch kh\u00e1c nhau, t\u1eeb hi\u1ec7n \u0111\u1ea1i, t\u1ed1i gi\u1ea3n \u0111\u1ebfn c\u1ed5 \u0111i\u1ec3n, sang tr\u1ecdng. D\u00f9 b\u1ea1n th\u00edch v\u1ebb \u0111\u1eb9p m\u1ed9c m\u1ea1c c\u1ee7a g\u1ed7 t\u1ef1 nhi\u00ean hay s\u1ef1 hi\u1ec7n \u0111\u1ea1i c\u1ee7a acrylic b\u00f3ng g\u01b0\u01a1ng, ki\u1ec3u t\u1ee7 n\u00e0y \u0111\u1ec1u c\u00f3 th\u1ec3 \u0111\u00e1p \u1ee9ng \u0111\u01b0\u1ee3c.<\/span><span style=\"font-weight: 400;\"><br \/>\n<\/span><b>T\u1ea1o kh\u00f4ng gian b\u1ebfp m\u1edf, gi\u00fap d\u1ec5 di chuy\u1ec3n linh ho\u1ea1t<\/b><\/p>\n<p style=\"text-align: justify;\"><span style=\"font-weight: 400;\">Nh\u1edd thi\u1ebft k\u1ebf g\u00f3c c\u1ea1nh, t\u1ee7 b\u1ebfp ch\u1eef L kh\u00f4ng ch\u1ec9 gi\u00fap t\u1ed1i \u01b0u di\u1ec7n t\u00edch m\u00e0 c\u00f2n t\u1ea1o ra m\u1ed9t kh\u00f4ng gian b\u1ebfp m\u1edf, mang l\u1ea1i s\u1ef1 th\u00f4ng tho\u00e1ng, tho\u1ea3i m\u00e1i cho ng\u01b0\u1eddi s\u1eed d\u1ee5ng. B\u1ea1n c\u00f3 th\u1ec3 k\u1ebft h\u1ee3p th\u00eam b\u00e0n \u0103n ho\u1eb7c \u0111\u1ea3o b\u1ebfp \u0111\u1ec3 t\u1ea1o ra m\u1ed9t kh\u00f4ng gian chung r\u1ed9ng r\u00e3i v\u00e0 ti\u1ec7n nghi.<\/span><\/p>\n<p style=\"text-align: justify;\"><b>\u0110a d\u1ea1ng ch\u1ea5t li\u1ec7u, phong c\u00e1ch thi\u1ebft k\u1ebf<\/b><\/p>\n<p style=\"text-align: justify;\"><span style=\"font-weight: 400;\">T\u1ee7 b\u1ebfp ch\u1eef L c\u00f3 th\u1ec3 \u0111\u01b0\u1ee3c thi\u1ebft k\u1ebf t\u1eeb nhi\u1ec1u ch\u1ea5t li\u1ec7u v\u00e0 theo nhi\u1ec1u phong c\u00e1ch kh\u00e1c nhau, t\u1eeb phong c\u00e1ch c\u1ed5 \u0111i\u1ec3n \u0111\u1ebfn hi\u1ec7n \u0111\u1ea1i, t\u1ed1i gi\u1ea3n hay sang tr\u1ecdng. V\u1edbi s\u1ef1 linh ho\u1ea1t n\u00e0y, t\u1ee7 b\u1ebfp ch\u1eef L c\u00f3 th\u1ec3 d\u1ec5 d\u00e0ng ph\u00f9 h\u1ee3p v\u1edbi nhi\u1ec1u kh\u00f4ng gian b\u1ebfp kh\u00e1c nhau, t\u1eeb c\u0103n h\u1ed9 chung c\u01b0 cho \u0111\u1ebfn nh\u00e0 ph\u1ed1, bi\u1ec7t th\u1ef1.<\/span><\/p>\n<h2 style=\"text-align: justify;\"><b>3. C\u00e1c lo\u1ea1i t\u1ee7 b\u1ebfp ch\u1eef L ph\u1ed5 bi\u1ebfn hi\u1ec7n nay<br \/>\n<img loading=\"lazy\" decoding=\"async\" class=\"aligncenter wp-image-4800 size-full\" src=\"https:\/\/nhatnam.org\/wp-content\/uploads\/2025\/02\/26-11.jpg\" alt=\"\nT\u1ee7 B\u1ebfp Ch\u1eef L\n\" width=\"1280\" height=\"960\" \/><br \/>\n<\/b><\/h2>\n<p style=\"text-align: justify;\"><span style=\"font-weight: 400;\">B\u1ebfp ch\u1eef L c\u00f3 nhi\u1ec1u lo\u1ea1i kh\u00e1c nhau, t\u00f9y thu\u1ed9c v\u00e0o ch\u1ea5t li\u1ec7u v\u00e0 phong c\u00e1ch thi\u1ebft k\u1ebf. D\u01b0\u1edbi \u0111\u00e2y l\u00e0 m\u1ed9t s\u1ed1 lo\u1ea1i t\u1ee7 b\u1ebfp ch\u1eef L ph\u1ed5 bi\u1ebfn:<\/span><\/p>\n<p style=\"text-align: justify;\"><strong>T\u1ee7 b\u1ebfp h\u1ee3p kim nh\u00f4m ch\u1eef L\u00a0<\/strong><\/p>\n<p style=\"text-align: justify;\"><span style=\"font-weight: 400;\">T\u1ee7 b\u1ebfp h\u1ee3p kim nh\u00f4m ch\u1eef L \u0111ang tr\u1edf th\u00e0nh xu h\u01b0\u1edbng nh\u1edd v\u00e0o thi\u1ebft k\u1ebf th\u00f4ng minh, t\u1ed1i \u01b0u kh\u00f4ng gian v\u00e0 \u0111\u1ed9 b\u1ec1n v\u01b0\u1ee3t tr\u1ed9i. V\u1edbi ch\u1ea5t li\u1ec7u h\u1ee3p kim nh\u00f4m cao c\u1ea5p, lo\u1ea1i t\u1ee7 n\u00e0y kh\u00f4ng ch\u1ec9 ch\u1ed1ng \u1ea9m, ch\u1ed1ng m\u1ed1i m\u1ecdt m\u00e0 c\u00f2n ch\u1ecbu l\u1ef1c t\u1ed1t, \u0111\u1ea3m b\u1ea3o s\u1eed d\u1ee5ng l\u00e2u d\u00e0i m\u00e0 kh\u00f4ng b\u1ecb cong v\u00eanh hay xu\u1ed1ng c\u1ea5p.<\/span><\/p>\n<p style=\"text-align: justify;\"><strong>T\u1ee7 b\u1ebfp ch\u1eef l g\u1ed7 c\u00f4ng nghi\u1ec7p<\/strong><\/p>\n<p style=\"text-align: justify;\"><span style=\"font-weight: 400;\">V\u1edbi gi\u00e1 th\u00e0nh h\u1ee3p l\u00fd v\u00e0 \u0111a d\u1ea1ng m\u00e0u s\u1eafc, t\u1ee7 b\u1ebfp l\u00e0m t\u1eeb g\u1ed7 c\u00f4ng nghi\u1ec7p l\u00e0 l\u1ef1a ch\u1ecdn ph\u1ed5 bi\u1ebfn cho c\u00e1c c\u0103n h\u1ed9 hi\u1ec7n \u0111\u1ea1i. Ch\u1ea5t li\u1ec7u g\u1ed7 c\u00f4ng nghi\u1ec7p d\u1ec5 d\u00e0ng thi\u1ebft k\u1ebf v\u00e0 c\u00f3 kh\u1ea3 n\u0103ng ch\u1ed1ng m\u1ed1i m\u1ecdt, ch\u1ed1ng \u1ea9m m\u1ed1c, \u0111\u1ea3m b\u1ea3o \u0111\u1ed9 b\u1ec1n l\u00e2u d\u00e0i.<\/span><\/p>\n<p style=\"text-align: justify;\"><strong>T\u1ee7 b\u1ebfp b\u1eb1ng Inox ch\u1eef L<\/strong><\/p>\n<p style=\"text-align: justify;\"><span style=\"font-weight: 400;\">T\u1ee7 b\u1ebfp b\u1eb1ng Inox ch\u1eef L c\u00f3 \u01b0u \u0111i\u1ec3m v\u01b0\u1ee3t tr\u1ed9i l\u00e0 kh\u1ea3 n\u0103ng ch\u1ed1ng n\u01b0\u1edbc v\u00e0 ch\u1ed1ng m\u1ed1i m\u1ecdt. Inox c\u0169ng l\u00e0 m\u1ed9t ch\u1ea5t li\u1ec7u d\u1ec5 d\u00e0ng v\u1ec7 sinh, b\u1ec1n b\u1ec9 theo th\u1eddi gian, r\u1ea5t ph\u00f9 h\u1ee3p v\u1edbi nh\u1eefng gia \u0111\u00ecnh y\u00eau th\u00edch s\u1ef1 hi\u1ec7n \u0111\u1ea1i v\u00e0 ti\u1ec7n l\u1ee3i.<\/span><\/p>\n<p style=\"text-align: justify;\"><strong>T\u1ee7 b\u1ebfp nh\u00f4m k\u00ednh ch\u1eef L<\/strong><\/p>\n<p style=\"text-align: justify;\"><span style=\"font-weight: 400;\">T\u1ee7 b\u1ebfp nh\u00f4m k\u00ednh ch\u1eef L l\u00e0 m\u1ed9t gi\u1ea3i ph\u00e1p ti\u1ebft ki\u1ec7m chi ph\u00ed nh\u01b0ng v\u1eabn \u0111\u1ea3m b\u1ea3o t\u00ednh b\u1ec1n v\u1eefng. Nh\u00f4m k\u00ednh c\u00f3 kh\u1ea3 n\u0103ng ch\u1ed1ng \u1ea9m m\u1ed1c, d\u1ec5 d\u00e0ng v\u1ec7 sinh, th\u00edch h\u1ee3p cho nh\u1eefng kh\u00f4ng gian b\u1ebfp c\u00f3 \u0111\u1ed9 \u1ea9m cao.<\/span><\/p>\n<h2 style=\"text-align: justify;\"><b>4. K\u00edch th\u01b0\u1edbc t\u1ee7 b\u1ebfp ch\u1eef L ti\u00eau chu\u1ea9n<\/b><\/h2>\n<p style=\"text-align: justify;\"><span style=\"font-weight: 400;\">K\u00edch th\u01b0\u1edbc t\u1ee7 b\u1ebfp ch\u1eef L c\u1ea7n \u0111\u01b0\u1ee3c thi\u1ebft k\u1ebf h\u1ee3p l\u00fd \u0111\u1ec3 \u0111\u1ea3m b\u1ea3o s\u1ef1 thu\u1eadn ti\u1ec7n khi s\u1eed d\u1ee5ng v\u00e0 ph\u00f9 h\u1ee3p v\u1edbi kh\u00f4ng gian b\u1ebfp. Th\u00f4ng th\u01b0\u1eddng, t\u1ee7 b\u1ebfp ch\u1eef L c\u00f3 c\u00e1c th\u00f4ng s\u1ed1 ti\u00eau chu\u1ea9n nh\u01b0 sau:<\/span><\/p>\n<ul style=\"text-align: justify;\">\n<li style=\"font-weight: 400;\" aria-level=\"1\"><b>Chi\u1ec1u cao t\u1ed5ng th\u1ec3:<\/b><span style=\"font-weight: 400;\"> Kho\u1ea3ng <\/span><b>2.2 \u2013 2.4m<\/b><span style=\"font-weight: 400;\">, ph\u00f9 h\u1ee3p v\u1edbi chi\u1ec1u cao trung b\u00ecnh c\u1ee7a ng\u01b0\u1eddi Vi\u1ec7t.<\/span><\/li>\n<li style=\"font-weight: 400;\" aria-level=\"1\"><b>T\u1ee7 b\u1ebfp d\u01b0\u1edbi:<\/b><span style=\"font-weight: 400;\"> Cao <\/span><b>81 \u2013 86cm<\/b><span style=\"font-weight: 400;\">, s\u00e2u <\/span><b>55 \u2013 60cm<\/b><span style=\"font-weight: 400;\">, gi\u00fap thao t\u00e1c tho\u1ea3i m\u00e1i khi n\u1ea5u n\u01b0\u1edbng.<\/span><\/li>\n<li style=\"font-weight: 400;\" aria-level=\"1\"><b>T\u1ee7 b\u1ebfp tr\u00ean:<\/b><span style=\"font-weight: 400;\"> Cao <\/span><b>70 \u2013 80cm<\/b><span style=\"font-weight: 400;\">, s\u00e2u <\/span><b>30 \u2013 35cm<\/b><span style=\"font-weight: 400;\">, l\u1eafp c\u00e1ch m\u1eb7t b\u1ebfp kho\u1ea3ng <\/span><b>60 \u2013 75cm<\/b><span style=\"font-weight: 400;\"> \u0111\u1ec3 tr\u00e1nh b\u1ecb \u00e1m kh\u00f3i v\u00e0 d\u1ea7u m\u1ee1.<\/span><\/li>\n<li style=\"font-weight: 400;\" aria-level=\"1\"><b>Chi\u1ec1u d\u00e0i c\u1ea1nh ch\u1eef L:<\/b><span style=\"font-weight: 400;\"> T\u00f9y thu\u1ed9c v\u00e0o di\u1ec7n t\u00edch b\u1ebfp, th\u01b0\u1eddng dao \u0111\u1ed9ng t\u1eeb <\/span><b>2 \u2013 3.5m<\/b><span style=\"font-weight: 400;\"> m\u1ed7i c\u1ea1nh.<\/span><\/li>\n<\/ul>\n<p style=\"text-align: justify;\"><span style=\"font-weight: 400;\">Ngo\u00e0i k\u00edch th\u01b0\u1edbc ti\u00eau chu\u1ea9n, t\u1ee7 b\u1ebfp ch\u1eef L c\u00f3 th\u1ec3 \u0111i\u1ec1u ch\u1ec9nh linh ho\u1ea1t theo nhu c\u1ea7u s\u1eed d\u1ee5ng v\u00e0 di\u1ec7n t\u00edch th\u1ef1c t\u1ebf c\u1ee7a t\u1eebng gia \u0111\u00ecnh. M\u1ed9t thi\u1ebft k\u1ebf ph\u00f9 h\u1ee3p kh\u00f4ng ch\u1ec9 gi\u00fap t\u1ed1i \u01b0u kh\u00f4ng gian m\u00e0 c\u00f2n t\u1ea1o s\u1ef1 thu\u1eadn ti\u1ec7n khi n\u1ea5u n\u01b0\u1edbng v\u00e0 s\u1eafp x\u1ebfp \u0111\u1ed3 d\u00f9ng b\u1ebfp.<\/span><\/p>\n<h2 style=\"text-align: justify;\"><b>5. Kinh nghi\u1ec7m thi\u1ebft k\u1ebf t\u1ee7 b\u1ebfp ch\u1eef L<\/b><\/h2>\n<figure id=\"attachment_5077\" aria-describedby=\"caption-attachment-5077\" style=\"width: 1280px\" class=\"wp-caption aligncenter\"><img loading=\"lazy\" decoding=\"async\" class=\"wp-image-5077 size-full\" src=\"https:\/\/nhatnam.org\/wp-content\/uploads\/2025\/03\/inox_module04.jpg\" alt=\"T\u1ee7 B\u1ebfp Ch\u1eef L\n\" width=\"1280\" height=\"960\" \/><figcaption id=\"caption-attachment-5077\" class=\"wp-caption-text\">Nh\u1ea5t Nam _ \u0110\u1ecba ch\u1ec9 uy t\u00edn chuy\u00ean thi\u1ebft k\u1ebf thi c\u00f4ng n\u1ed9i th\u1ea5t ph\u00f2ng b\u1ebfp uy t\u00edn<\/figcaption><\/figure>\n<ul style=\"text-align: justify;\">\n<li style=\"font-weight: 400;\" aria-level=\"1\"><span style=\"font-weight: 400;\">Khi thi\u1ebft k\u1ebf t\u1ee7 b\u1ebfp g\u00f3c ch\u1eef L, vi\u1ec7c t\u1ed1i \u01b0u kh\u00f4ng gian l\u00e0 y\u1ebfu t\u1ed1 quan tr\u1ecdng h\u00e0ng \u0111\u1ea7u. \u0110\u1ec3 t\u1eadn d\u1ee5ng g\u00f3c ch\u1ebft hi\u1ec7u qu\u1ea3, b\u1ea1n c\u00f3 th\u1ec3 s\u1eed d\u1ee5ng k\u1ec7 xoay ho\u1eb7c ng\u0103n k\u00e9o g\u00f3c, gi\u00fap vi\u1ec7c l\u01b0u tr\u1eef tr\u1edf n\u00ean d\u1ec5 d\u00e0ng v\u00e0 ti\u1ec7n l\u1ee3i h\u01a1n.<\/span><\/li>\n<li style=\"font-weight: 400;\" aria-level=\"1\"><span style=\"font-weight: 400;\">B\u00ean c\u1ea1nh \u0111\u00f3, b\u1ed1 tr\u00ed tam gi\u00e1c c\u00f4ng n\u0103ng h\u1ee3p l\u00fd gi\u1eefa b\u1ebfp n\u1ea5u, ch\u1eadu r\u1eeda v\u00e0 t\u1ee7 l\u1ea1nh s\u1ebd gi\u00fap di chuy\u1ec3n thu\u1eadn ti\u1ec7n khi n\u1ea5u n\u01b0\u1edbng, h\u1ea1n ch\u1ebf l\u00e3ng ph\u00ed th\u1eddi gian v\u00e0 c\u00f4ng s\u1ee9c.<\/span><\/li>\n<li style=\"font-weight: 400;\" aria-level=\"1\"><span style=\"font-weight: 400;\">Ch\u1ea5t li\u1ec7u t\u1ee7 b\u1ebfp c\u0169ng l\u00e0 y\u1ebfu t\u1ed1 c\u1ea7n c\u00e2n nh\u1eafc. G\u1ed7 c\u00f4ng nghi\u1ec7p mang \u0111\u1ebfn v\u1ebb \u0111\u1eb9p hi\u1ec7n \u0111\u1ea1i, trong khi nh\u00f4m k\u00ednh ho\u1eb7c inox l\u1ea1i n\u1ed5i b\u1eadt v\u1edbi \u0111\u1ed9 b\u1ec1n cao, ch\u1ed1ng \u1ea9m t\u1ed1t. T\u00f9y theo phong c\u00e1ch n\u1ed9i th\u1ea5t v\u00e0 ng\u00e2n s\u00e1ch, b\u1ea1n c\u00f3 th\u1ec3 l\u1ef1a ch\u1ecdn ch\u1ea5t li\u1ec7u ph\u00f9 h\u1ee3p \u0111\u1ec3 \u0111\u1ea3m b\u1ea3o t\u00ednh th\u1ea9m m\u1ef9 v\u00e0 \u0111\u1ed9 b\u1ec1n l\u00e2u d\u00e0i.\u00a0<\/span><\/li>\n<li style=\"font-weight: 400;\" aria-level=\"1\"><span style=\"font-weight: 400;\">Ngo\u00e0i ra, vi\u1ec7c ph\u00e2n chia khu v\u1ef1c h\u1ee3p l\u00fd s\u1ebd gi\u00fap kh\u00f4ng gian b\u1ebfp lu\u00f4n g\u1ecdn g\u00e0ng.<\/span> <span style=\"font-weight: 400;\">\u0110\u1ea3m b\u1ea3o kho\u1ea3ng c\u00e1ch h\u1ee3p l\u00fd gi\u1eefa b\u1ebfp n\u1ea5u, b\u1ed3n r\u1eeda v\u00e0 t\u1ee7 l\u1ea1nh \u0111\u1ec3 c\u00f4ng vi\u1ec7c n\u1ea5u n\u01b0\u1edbng tr\u1edf n\u00ean thu\u1eadn ti\u1ec7n. T\u1ee7 b\u1ebfp c\u1ea7n \u0111\u01b0\u1ee3c thi\u1ebft k\u1ebf v\u1edbi chi\u1ec1u cao ph\u00f9 h\u1ee3p v\u1edbi ng\u01b0\u1eddi s\u1eed d\u1ee5ng, \u0111\u1ea3m b\u1ea3o s\u1ef1 tho\u1ea3i m\u00e1i khi thao t\u00e1c.<\/span><\/li>\n<\/ul>\n<h2 style=\"text-align: justify;\"><b>6. B\u00e1o gi\u00e1 t\u1ee7 b\u1ebfp ch\u1eef L<br \/>\n<\/b><\/h2>\n<p style=\"text-align: justify;\"><span style=\"font-weight: 400;\">Gi\u00e1 t\u1ee7 b\u1ebfp ch\u1eef L ph\u1ee5 thu\u1ed9c v\u00e0o nhi\u1ec1u y\u1ebfu t\u1ed1 nh\u01b0 ch\u1ea5t li\u1ec7u, k\u00edch th\u01b0\u1edbc v\u00e0 ki\u1ec3u d\u00e1ng thi\u1ebft k\u1ebf. Th\u00f4ng th\u01b0\u1eddng, m\u1ee9c gi\u00e1 c\u00f3 th\u1ec3 dao \u0111\u1ed9ng t\u1eeb trung b\u00ecnh \u0111\u1ebfn cao c\u1ea5p, t\u00f9y theo nhu c\u1ea7u v\u00e0 ng\u00e2n s\u00e1ch c\u1ee7a t\u1eebng gia \u0111\u00ecnh. C\u00e1c ch\u1ea5t li\u1ec7u nh\u01b0 g\u1ed7 c\u00f4ng nghi\u1ec7p, nh\u00f4m k\u00ednh, inox hay g\u1ed7 t\u1ef1 nhi\u00ean s\u1ebd c\u00f3 m\u1ee9c gi\u00e1 kh\u00e1c nhau, \u0111\u1ed3ng th\u1eddi c\u00e1c chi ti\u1ebft thi\u1ebft k\u1ebf nh\u01b0 ph\u1ee5 ki\u1ec7n, h\u1ec7 th\u1ed1ng ng\u0103n k\u00e9o c\u0169ng \u1ea3nh h\u01b0\u1edfng \u0111\u1ebfn chi ph\u00ed t\u1ed5ng th\u1ec3.<\/span><\/p>\n<p style=\"text-align: justify;\"><span style=\"font-weight: 400;\">\u0110\u1ec3 bi\u1ebft th\u00eam th\u00f4ng tin chi ti\u1ebft v\u00e0 nh\u1eadn t\u01b0 v\u1ea5n thi\u1ebft k\u1ebf t\u1ee7 b\u1ebfp ph\u00f9 h\u1ee3p v\u1edbi kh\u00f4ng gian c\u1ee7a b\u1ea1n, h\u00e3y li\u00ean h\u1ec7 v\u1edbi <\/span><b>Nh\u1ea5t Nam<\/b><span style=\"font-weight: 400;\">. Ch\u00fang t\u00f4i cam k\u1ebft mang \u0111\u1ebfn gi\u1ea3i ph\u00e1p t\u1ed1i \u01b0u v\u1edbi ch\u1ea5t l\u01b0\u1ee3ng \u0111\u1ea3m b\u1ea3o, \u0111\u00e1p \u1ee9ng m\u1ecdi nhu c\u1ea7u th\u1ea9m m\u1ef9 v\u00e0 c\u00f4ng n\u0103ng s\u1eed d\u1ee5ng.<\/span><\/p>\n<h2 style=\"text-align: justify;\"><b>8. M\u1eabu t\u1ee7 b\u1ebfp h\u00ecnh ch\u1eef L hi\u1ec7n \u0111\u1ea1i, \u0111\u1eb9p<\/b><\/h2>\n<p style=\"text-align: justify;\"><span style=\"font-weight: 400;\">D\u01b0\u1edbi \u0111\u00e2y l\u00e0 m\u1ed9t s\u1ed1 m\u1eabu t\u1ee7 b\u1ebfp ch\u1eef L hi\u1ec7n \u0111\u1ea1i v\u00e0 \u0111\u1eb9p, hi\u1ec7n \u0111\u1ea1i:<\/span><\/p>\n<h3 style=\"text-align: justify;\"><img loading=\"lazy\" decoding=\"async\" class=\"aligncenter wp-image-4690 size-full\" src=\"https:\/\/nhatnam.org\/wp-content\/uploads\/2025\/02\/12-1.jpg\" alt=\"\nT\u1ee7 B\u1ebfp Ch\u1eef L\n\" width=\"1280\" height=\"960\" \/><\/h3>\n<h3 style=\"text-align: justify;\"><img loading=\"lazy\" decoding=\"async\" class=\"aligncenter wp-image-4688 size-full\" src=\"https:\/\/nhatnam.org\/wp-content\/uploads\/2025\/02\/11-7.jpg\" alt=\"\nT\u1ee7 B\u1ebfp Ch\u1eef L\n\" width=\"1280\" height=\"960\" \/><\/h3>\n<h3 style=\"text-align: justify;\"><img loading=\"lazy\" decoding=\"async\" class=\"aligncenter wp-image-4642\" src=\"https:\/\/nhatnam.org\/wp-content\/uploads\/2025\/02\/Nhom_hop_kim07-300x225.jpg\" alt=\"\nT\u1ee7 B\u1ebfp Ch\u1eef L\n\" width=\"1280\" height=\"959\" \/><\/h3>\n<h3 style=\"text-align: justify;\"><img loading=\"lazy\" decoding=\"async\" class=\"aligncenter wp-image-4312 size-full\" src=\"https:\/\/nhatnam.org\/wp-content\/uploads\/2025\/02\/tubepinox-2.jpg\" alt=\"\nT\u1ee7 B\u1ebfp Ch\u1eef L\n\" width=\"1280\" height=\"720\" \/><\/h3>\n<h3 style=\"text-align: justify;\"><img loading=\"lazy\" decoding=\"async\" class=\"aligncenter wp-image-3376 size-full\" src=\"https:\/\/nhatnam.org\/wp-content\/uploads\/2024\/12\/tu-bep-inox-Nhat-Nam-70.jpg\" alt=\"\nT\u1ee7 B\u1ebfp Ch\u1eef L\n\" width=\"1280\" height=\"846\" \/><\/h3>\n<h3 style=\"text-align: justify;\"><img loading=\"lazy\" decoding=\"async\" class=\"aligncenter wp-image-3359 size-full\" src=\"https:\/\/nhatnam.org\/wp-content\/uploads\/2024\/12\/tu-bep-inox-Nhat-Nam-53.jpg\" alt=\"\nT\u1ee7 B\u1ebfp Ch\u1eef L\n\" width=\"1280\" height=\"870\" \/><\/h3>\n<p>&gt;&gt;&gt;&gt;&gt;&gt;Xem th\u00eam M\u1eabu <a href=\"https:\/\/nhatnam.org\/san-pham\/tu-bep-hinh-chu-u\/\" target=\"_blank\" rel=\"noopener\">T\u1ee7 B\u1ebfp H\u00ecnh Ch\u1eef U<\/a><\/p>\n<p style=\"text-align: justify;\"><span style=\"font-weight: 400;\">T\u1ee7 b\u1ebfp ch\u1eef L kh\u00f4ng ch\u1ec9 gi\u00fap t\u1ed1i \u01b0u di\u1ec7n t\u00edch, t\u1ea1o kh\u00f4ng gian m\u1edf v\u00e0 linh ho\u1ea1t trong di chuy\u1ec3n m\u00e0 c\u00f2n mang l\u1ea1i v\u1ebb \u0111\u1eb9p hi\u1ec7n \u0111\u1ea1i, ti\u1ec7n nghi cho kh\u00f4ng gian b\u1ebfp. V\u1edbi nh\u1eefng \u01b0u \u0111i\u1ec3m v\u01b0\u1ee3t tr\u1ed9i v\u00e0 \u0111a d\u1ea1ng l\u1ef1a ch\u1ecdn v\u1ec1 ch\u1ea5t li\u1ec7u, ki\u1ec3u d\u00e1ng, t\u1ee7 b\u1ebfp ch\u1eef L ch\u1eafc ch\u1eafn l\u00e0 m\u1ed9t gi\u1ea3i ph\u00e1p ho\u00e0n h\u1ea3o cho m\u1ecdi gia \u0111\u00ecnh. H\u00e3y l\u1ef1a ch\u1ecdn t\u1ee7 b\u1ebfp ch\u1eef L ph\u00f9 h\u1ee3p \u0111\u1ec3 kh\u00f4ng gian b\u1ebfp c\u1ee7a b\u1ea1n tr\u1edf n\u00ean ti\u1ec7n l\u1ee3i v\u00e0 sang tr\u1ecdng h\u01a1n.<\/span><\/p>\n","protected":false},"excerpt":{"rendered":"<p style=\"text-align: justify;\"><span style=\"font-weight: 400;\">Trong s\u1ed1 c\u00e1c ki\u1ec3u d\u00e1ng t\u1ee7 b\u1ebfp ph\u1ed5 bi\u1ebfn hi\u1ec7n nay, <\/span>t\u1ee7 b\u1ebfp ch\u1eef L<span style=\"font-weight: 400;\"> \u0111\u01b0\u1ee3c \u0111\u00e1nh gi\u00e1 l\u00e0 m\u1ed9t trong nh\u1eefng thi\u1ebft k\u1ebf th\u00f4ng minh, gi\u00fap t\u1ed1i \u01b0u di\u1ec7n t\u00edch, ph\u00f9 h\u1ee3p v\u1edbi nhi\u1ec1u kh\u00f4ng gian n\u1ed9i th\u1ea5t kh\u00e1c nhau. V\u1edbi thi\u1ebft k\u1ebf linh ho\u1ea1t, ki\u1ec3u t\u1ee7 n\u00e0y kh\u00f4ng ch\u1ec9 mang l\u1ea1i s\u1ef1 ti\u1ec7n nghi m\u00e0 c\u00f2n gi\u00fap c\u0103n b\u1ebfp tr\u1edf n\u00ean g\u1ecdn g\u00e0ng v\u00e0 sang tr\u1ecdng h\u01a1n.\u00a0<\/span><\/p>\n","protected":false},"featured_media":1449,"comment_status":"open","ping_status":"closed","template":"","meta":{"_acf_changed":false,"_gspb_post_css":""},"book-author":[],"product_brand":[],"product_cat":[109,113],"product_tag":[],"class_list":{"0":"post-1489","1":"product","2":"type-product","3":"status-publish","4":"has-post-thumbnail","6":"product_cat-tu-bep-inox","7":"product_cat-tu-bep-nhom","9":"first","10":"instock","11":"shipping-taxable","12":"product-type-simple"},"acf":[],"_links":{"self":[{"href":"https:\/\/nhatnam.libion.me\/index.php\/wp-json\/wp\/v2\/product\/1489","targetHints":{"allow":["GET"]}}],"collection":[{"href":"https:\/\/nhatnam.libion.me\/index.php\/wp-json\/wp\/v2\/product"}],"about":[{"href":"https:\/\/nhatnam.libion.me\/index.php\/wp-json\/wp\/v2\/types\/product"}],"replies":[{"embeddable":true,"href":"https:\/\/nhatnam.libion.me\/index.php\/wp-json\/wp\/v2\/comments?post=1489"}],"wp:featuredmedia":[{"embeddable":true,"href":"https:\/\/nhatnam.libion.me\/index.php\/wp-json\/wp\/v2\/media\/1449"}],"wp:attachment":[{"href":"https:\/\/nhatnam.libion.me\/index.php\/wp-json\/wp\/v2\/media?parent=1489"}],"wp:term":[{"taxonomy":"book-author","embeddable":true,"href":"https:\/\/nhatnam.libion.me\/index.php\/wp-json\/wp\/v2\/book-author?post=1489"},{"taxonomy":"product_brand","embeddable":true,"href":"https:\/\/nhatnam.libion.me\/index.php\/wp-json\/wp\/v2\/product_brand?post=1489"},{"taxonomy":"product_cat","embeddable":true,"href":"https:\/\/nhatnam.libion.me\/index.php\/wp-json\/wp\/v2\/product_cat?post=1489"},{"taxonomy":"product_tag","embeddable":true,"href":"https:\/\/nhatnam.libion.me\/index.php\/wp-json\/wp\/v2\/product_tag?post=1489"}],"curies":[{"name":"wp","href":"https:\/\/api.w.org\/{rel}","templated":true}]}}